{"id":13250,"date":"2023-07-13T16:29:01","date_gmt":"2023-07-13T16:29:01","guid":{"rendered":"https:\/\/egytourpackages.com\/product\/2-zile-in-luxor-din-makadi-bay\/"},"modified":"2026-01-28T03:00:53","modified_gmt":"2026-01-28T03:00:53","slug":"2-zile-in-luxor-din-makadi-bay","status":"publish","type":"product","link":"https:\/\/egytourpackages.com\/ro\/tours\/2-zile-in-luxor-din-makadi-bay\/","title":{"rendered":"2 Zile \u00een Luxor din Makadi Bay"},"content":{"rendered":"<p><span style=\"color: #ff6600;\"><strong>2 Zile \u00een Luxor din Makadi Bay | Cele mai bune excursii din Hurghada<\/strong><\/span><\/p>\n<p>\u00cencepe cel mai bun <strong>tur de 2 zile \u00een Luxor din Makadi Bay<\/strong>, poarta ta principal\u0103 c\u0103tre minunile inegalabile ale <strong>Egiptului Antic<\/strong>.<\/p>\n<p>Aceast\u0103 <strong>excursie de o noapte \u00een Luxor<\/strong>, creat\u0103 cu aten\u021bie, ofer\u0103 o c\u0103l\u0103torie captivant\u0103 \u00een inima <strong>V\u0103ii Nilului<\/strong>, prezent\u00e2nd cele mai emblematice <strong>situri istorice<\/strong> \u0219i <strong>atrac\u021bii turistice de top<\/strong> din apropierea complexului t\u0103u de la <strong>Marea Ro\u0219ie<\/strong>.<\/p>\n<p>Fiind una dintre cele mai apreciate <strong>excursii din Hurghada<\/strong> c\u0103tre Luxor, turul nostru asigur\u0103 o experien\u021b\u0103 fluid\u0103 \u0219i \u00eembog\u0103\u021bitoare.<\/p>\n<p>Vei p\u0103trunde ad\u00e2nc \u00een <strong>istoria Egiptului Antic<\/strong> \u0219i \u00een <strong>religia egiptean\u0103 antic\u0103<\/strong> al\u0103turi de un <strong>ghid egiptolog profesionist<\/strong>, care \u00ee\u021bi va oferi informa\u021bii pre\u021bioase despre <strong>mormintele faraonilor<\/strong> \u0219i marile <strong>complexe de temple<\/strong>.<\/p>\n<p>Bucur\u0103-te de confort suprem cu flota noastr\u0103 de <strong>vehicule noi cu aer condi\u021bionat<\/strong> \u0219i servicii excep\u021bionale de <strong>tur privat<\/strong>.<\/p>\n<p>Aceasta este mai mult dec\u00e2t o simpl\u0103 <strong>excursie de o zi \u00een Egipt<\/strong>; este o imersiune cultural\u0103 profund\u0103 \u00een leag\u0103nul civiliza\u021biei.<\/p>\n<p><strong>Contacteaz\u0103-ne<\/strong> ast\u0103zi pentru a rezerva acest <strong>tur de 2 zile \u00een Luxor din Makadi Bay<\/strong> \u0219i pentru a debloca secretele unei civiliza\u021bii atemporale.<\/p>\n<h3><span style=\"color: #ff6600;\">Detalii Tur<\/span><\/h3>\n<ul>\n<li>Durat\u0103: 2 Zile \/ 1 Noapte<\/li>\n<li>Loca\u021bie Tur: Luxor<\/li>\n<li>Disponibilitate: \u00cen fiecare zi<\/li>\n<li>Preluare &amp; Retur: Hotelul t\u0103u din Makadi Bay<\/li>\n<li>Tip Tur: Privat<\/li>\n<li>Potrivit pentru: Cupluri, Familii<\/li>\n<li>Scaun cu rotile: Accesibil<\/li>\n<\/ul>\n<h3><span style=\"color: #ff6600;\">Inclus<\/span><\/h3>\n<ul>\n<li>Transfer dus-\u00eentors de la hotel cu vehicul cu aer condi\u021bionat<\/li>\n<li>1 noapte cazare la un hotel de 4 stele (mic dejun inclus)<\/li>\n<li>Ghid privat egiptolog<\/li>\n<li>Taxe de intrare pentru toate obiectivele men\u021bionate<\/li>\n<li>Pr\u00e2nz pe Malul de Vest<\/li>\n<li>Pr\u00e2nz pe Malul de Est<\/li>\n<\/ul>\n<h3><span style=\"color: #ff6600;\">Exclus<\/span><\/h3>\n<ul>\n<li>B\u0103uturi \u00een timpul pr\u00e2nzului<\/li>\n<li>Morm\u00e2ntul KV9 (Ramesses V \u0219i VI)<\/li>\n<li>Morm\u00e2ntul KV17 (Seti I)<\/li>\n<li>Morm\u00e2ntul KV62 (Tutankhamun)<\/li>\n<li>Zbor cu balonul cu aer cald (Hot Air Balloon)<\/li>\n<li>Bac\u0219i\u0219uri<\/li>\n<\/ul>\n<h3><span style=\"color: #ff6600;\">Ce s\u0103 iei cu tine<\/span><\/h3>\n<ul>\n<li>P\u0103l\u0103rie, ochelari de soare \u0219i crem\u0103 de protec\u021bie solar\u0103<\/li>\n<li>\u00cenc\u0103l\u021b\u0103minte \u0219i haine confortabile<\/li>\n<\/ul>\n<h2><span style=\"color: #ff6600;\">Itinerar<\/span><\/h2>\n<h3><span style=\"color: #ff6600;\">Ziua 1: Makadi Bay \u2013 Luxor (Minunile Malului de Est)<\/span><\/h3>\n<p>Aventura ta \u00eencepe devreme, \u00eent\u00e2lnindu-te cu <strong>ghidul egiptolog<\/strong> la recep\u021bia hotelului. Distan\u021ba dintre Makadi Bay \u0219i Luxor este de aproximativ 250 km (circa 4 ore de condus). La sosirea \u00een Luxor, cel mai mare muzeu \u00een aer liber din lume, vizit\u0103m <strong>atrac\u021biile turistice din Luxor<\/strong> situate pe <strong>Malul de Est al Nilului<\/strong>.<\/p>\n<h3><span style=\"color: #ff6600;\">Complexul Templului Karnak <\/span><\/h3>\n<p><strong>Templul Karnak<\/strong> este cel mai mare sit religios antic din lume. Vei p\u0103\u0219i pe Aleea Sfinxului, vei vedea Pilonul lui Nectanebo \u0219i te vei minuna \u00een <strong>Marea Hal\u0103 Hipostil\u0103<\/strong> cu cele 134 de coloane de gresie. Nu rata <strong>Obeliscul lui Hatshepsut<\/strong>, Lacul Sacru \u0219i <strong>Capela Ro\u0219ie<\/strong>.<\/p>\n<h3><span style=\"color: #ff6600;\">Pr\u00e2nz <\/span><\/h3>\n<p>Bucur\u0103-te de un pr\u00e2nz local cu op\u021biuni precum <strong>Shish Tawook<\/strong>, mix grill, salate \u0219i p\u00e2ine egiptean\u0103 cald\u0103.<\/p>\n<h3><span style=\"color: #ff6600;\">Templul Luxor <\/span><\/h3>\n<p>Vizit\u0103m apoi spectaculosul <strong>Templul Luxor<\/strong> construit de <strong>Amenhotep III \u0219i Ramesses II<\/strong>. Aici avea loc festivalul anual Opet \u0219i erau \u00eencorona\u021bi regii. Admir\u0103 statuile colosale, <strong>Moscheea Abu el-Haggag<\/strong> \u0219i basoreliefurile cu B\u0103t\u0103lia de la Kadesh. Ulterior, ghidul te va ajuta cu <strong>cazarea la hotel<\/strong> pentru noapte.<\/p>\n<ul>\n<li><strong>Mese:<\/strong> Mic dejun, Pr\u00e2nz.<\/li>\n<\/ul>\n<h3><span style=\"color: #ff6600;\">Ziua 2: Malul de Vest \u2013 Morminte, Temple \u0219i Retur<\/span><\/h3>\n<p>Dup\u0103 micul dejun la hotel, travers\u0103m pe <strong>Malul de Vest al Luxorului<\/strong>, supranumit \u201eOra\u0219ul Mor\u021bilor\u201d.<\/p>\n<h3><span style=\"color: #ff6600;\">Valea Regilor <\/span><\/h3>\n<p>Prima oprire este legendara <strong>Valea Regilor<\/strong>, locul de veci al faraonilor din <strong>Regatul Nou<\/strong>. Biletul standard \u00ee\u021bi permite s\u0103 vizitezi <strong>trei morminte<\/strong> spectaculoase (precum Ramesses IV, III sau IX). Op\u021bional, po\u021bi vizita <strong>morm\u00e2ntul lui Tutankhamun (KV 62)<\/strong> pentru a-i vedea mumia \u0219i sarcofagul.<\/p>\n<h3><span style=\"color: #ff6600;\">Templul Funerar al lui Hatshepsut <\/span><\/h3>\n<p>Urmeaz\u0103 impresionantul templu de la <strong>Deir el-Bahari<\/strong>, sculptat direct \u00een st\u00e2nc\u0103 \u0219i dedicat uneia dintre cele mai puternice femei faraon. Admir\u0103 reliefurile cu expedi\u021bia \u00een Punt \u0219i capelele zeilor Hathor \u0219i Anubis.<\/p>\n<h3><span style=\"color: #ff6600;\">Colo\u0219ii lui Memnon <\/span><\/h3>\n<p>\u00cencheiem explorarea cu <strong>Colo\u0219ii lui Memnon<\/strong>, dou\u0103 statui masive de piatr\u0103 ale faraonului <strong>Amenhotep III<\/strong>, care p\u0103zeau odinioar\u0103 intrarea \u00een templul s\u0103u funerar.<\/p>\n<p>Dup\u0103 un pr\u00e2nz delicios, pornim spre hotelul t\u0103u din <strong>Makadi Bay<\/strong>.<\/p>\n<ul>\n<li><strong>Mese:<\/strong> Mic dejun, Pr\u00e2nz.<\/li>\n<\/ul>\n<h3><span style=\"color: #ff6600;\">Pre\u021b Tur Privat 2 Zile Luxor din Makadi Bay<\/span><\/h3>\n<ul>\n<li>Pre\u021b Adult: 250 \u20ac<\/li>\n<li>Copii 0-5 ani: Gratuit<\/li>\n<li>Copii 5-11 ani: 50% din pre\u021bul de adult<\/li>\n<\/ul>\n<h3><span style=\"color: #ff6600;\">Rezerv\u0103ri<\/span><\/h3>\n<p>Rezerv\u0103-\u021bi excursia din Makadi Bay prin WhatsApp sau E-mail:<\/p>\n<ul>\n<li>WhatsApp: +201000852186<\/li>\n<li>Email: info@egytourpackages.com<\/li>\n<\/ul>\n<h3><span style=\"color: #ff6600;\">Rezerv\u0103 Acum \u0219i Pl\u0103te\u0219te la Fa\u021ba Locului<\/span><\/h3>\n<p>Po\u021bi pl\u0103ti \u00een lire egiptene, $, \u20ac sau \u00a3.<\/p>\n<h3><span style=\"color: #ff6600;\">Politic\u0103 de Anulare:<\/span><\/h3>\n<ul>\n<li>Anulare gratuit\u0103 cu p\u00e2n\u0103 la 24 de ore \u00eenainte.<\/li>\n<li>Anularea \u00een diminea\u021ba plec\u0103rii se taxeaz\u0103 cu 50%.<\/li>\n<\/ul>\n","protected":false},"excerpt":{"rendered":"<p data-path-to-node=\"1\"><b data-path-to-node=\"1\" data-index-in-node=\"0\">2 Zile \u00een Luxor din Makadi Bay<\/b>. Viziteaz\u0103 Valea Regilor, Karnak \u0219i Templul Luxor cu ghid egiptolog privat. Cazare \u0219i pr\u00e2nz incluse. Rezerv\u0103 acum online!<\/p>\n","protected":false},"featured_media":13251,"comment_status":"open","ping_status":"closed","template":"","meta":[],"product_brand":[],"product_cat":[3120],"product_tag":[3203,3343],"class_list":{"0":"post-13250","1":"product","2":"type-product","3":"status-publish","4":"has-post-thumbnail","6":"product_cat-tururi","7":"product_tag-excursii-de-o-zi-in-egipt","8":"product_tag-excursii-in-makadi-bay","9":"tour_category-excursii-de-o-zi-in-egipt-ro","10":"tour_category-excursii-la-luxor-din-hurghada","11":"tour_category-excursii-makadi-bay-ro","13":"first","14":"instock","15":"sale","16":"shipping-taxable","17":"purchasable","18":"product-type-tour","19":"has-default-attributes"},"yoast_head":"<!-- This site is optimized with the Yoast SEO Premium plugin v27.4 (Yoast SEO v27.4) - https:\/\/yoast.com\/product\/yoast-seo-premium-wordpress\/ -->\n<title>2 Zile \u00een Luxor din Makadi Bay : Egy tour packages<\/title>\n<meta name=\"description\" content=\"2 Zile \u00een Luxor din Makadi Bay. Viziteaz\u0103 Valea Regilor, Karnak \u0219i Templul Luxor cu ghid egiptolog privat. Cazare \u0219i pr\u00e2nz incluse. Rezerv\u0103 acum online!\" \/>\n<meta name=\"robots\" content=\"index, follow, max-snippet:-1, max-image-preview:large, max-video-preview:-1\" \/>\n<link rel=\"canonical\" href=\"https:\/\/egytourpackages.com\/ro\/tours\/2-zile-in-luxor-din-makadi-bay\/\" \/>\n<meta property=\"og:locale\" content=\"ro_RO\" \/>\n<meta property=\"og:type\" content=\"article\" \/>\n<meta property=\"og:title\" content=\"2 Zile \u00een Luxor din Makadi Bay\" \/>\n<meta property=\"og:description\" content=\"2 Zile \u00een Luxor din Makadi Bay. Viziteaz\u0103 Valea Regilor, Karnak \u0219i Templul Luxor cu ghid egiptolog privat. Cazare \u0219i pr\u00e2nz incluse. Rezerv\u0103 acum online!\" \/>\n<meta property=\"og:url\" content=\"https:\/\/egytourpackages.com\/ro\/tours\/2-zile-in-luxor-din-makadi-bay\/\" \/>\n<meta property=\"og:site_name\" content=\"Egypt Tour Packages\" \/>\n<meta property=\"article:publisher\" content=\"https:\/\/www.facebook.com\/egytourpackages\" \/>\n<meta property=\"article:modified_time\" content=\"2026-01-28T03:00:53+00:00\" \/>\n<meta property=\"og:image\" content=\"https:\/\/egytourpackages.com\/wp-content\/uploads\/2023\/07\/Hatshepsut-temple-1024x768.jpg\" \/>\n<meta name=\"twitter:card\" content=\"summary_large_image\" \/>\n<meta name=\"twitter:title\" content=\"2 Zile \u00een Luxor din Makadi Bay\" \/>\n<meta name=\"twitter:description\" content=\"2 Zile \u00een Luxor din Makadi Bay. Viziteaz\u0103 Valea Regilor, Karnak \u0219i Templul Luxor cu ghid egiptolog privat. Cazare \u0219i pr\u00e2nz incluse. Rezerv\u0103 acum online!\" \/>\n<meta name=\"twitter:image\" content=\"https:\/\/egytourpackages.com\/wp-content\/uploads\/2023\/07\/Hatshepsut-temple-1024x768.jpg\" \/>\n<meta name=\"twitter:label1\" content=\"Pre\u021b\" \/>\n\t<meta name=\"twitter:data1\" content=\"&euro;200\" \/>\n\t<meta name=\"twitter:label2\" content=\"Disponibilitate\" \/>\n\t<meta name=\"twitter:data2\" content=\"\u00cen stoc\" \/>\n<script type=\"application\/ld+json\" class=\"yoast-schema-graph\">{\"@context\":\"https:\\\/\\\/schema.org\",\"@graph\":[{\"@type\":\"WebPage\",\"@id\":\"https:\\\/\\\/egytourpackages.com\\\/ro\\\/tours\\\/2-zile-in-luxor-din-makadi-bay\\\/\",\"url\":\"https:\\\/\\\/egytourpackages.com\\\/ro\\\/tours\\\/2-zile-in-luxor-din-makadi-bay\\\/\",\"name\":\"2 Zile \u00een Luxor din Makadi Bay : Egy tour packages\",\"isPartOf\":{\"@id\":\"https:\\\/\\\/egytourpackages.com\\\/ro\\\/#website\"},\"primaryImageOfPage\":{\"@id\":\"https:\\\/\\\/egytourpackages.com\\\/ro\\\/tours\\\/2-zile-in-luxor-din-makadi-bay\\\/#primaryimage\"},\"image\":{\"@id\":\"https:\\\/\\\/egytourpackages.com\\\/ro\\\/tours\\\/2-zile-in-luxor-din-makadi-bay\\\/#primaryimage\"},\"thumbnailUrl\":\"https:\\\/\\\/egytourpackages.com\\\/wp-content\\\/uploads\\\/2023\\\/07\\\/Hatshepsut-temple.jpg\",\"datePublished\":\"2023-07-13T16:29:01+00:00\",\"dateModified\":\"2026-01-28T03:00:53+00:00\",\"description\":\"2 Zile \u00een Luxor din Makadi Bay. Viziteaz\u0103 Valea Regilor, Karnak \u0219i Templul Luxor cu ghid egiptolog privat. Cazare \u0219i pr\u00e2nz incluse. Rezerv\u0103 acum online!\",\"breadcrumb\":{\"@id\":\"https:\\\/\\\/egytourpackages.com\\\/ro\\\/tours\\\/2-zile-in-luxor-din-makadi-bay\\\/#breadcrumb\"},\"inLanguage\":\"ro-RO\",\"potentialAction\":[{\"@type\":\"ReadAction\",\"target\":[\"https:\\\/\\\/egytourpackages.com\\\/ro\\\/tours\\\/2-zile-in-luxor-din-makadi-bay\\\/\"]}]},{\"@type\":\"ImageObject\",\"inLanguage\":\"ro-RO\",\"@id\":\"https:\\\/\\\/egytourpackages.com\\\/ro\\\/tours\\\/2-zile-in-luxor-din-makadi-bay\\\/#primaryimage\",\"url\":\"https:\\\/\\\/egytourpackages.com\\\/wp-content\\\/uploads\\\/2023\\\/07\\\/Hatshepsut-temple.jpg\",\"contentUrl\":\"https:\\\/\\\/egytourpackages.com\\\/wp-content\\\/uploads\\\/2023\\\/07\\\/Hatshepsut-temple.jpg\",\"width\":2000,\"height\":1500,\"caption\":\"2 Zile \u00een Luxor din Makadi Bay\"},{\"@type\":\"BreadcrumbList\",\"@id\":\"https:\\\/\\\/egytourpackages.com\\\/ro\\\/tours\\\/2-zile-in-luxor-din-makadi-bay\\\/#breadcrumb\",\"itemListElement\":[{\"@type\":\"ListItem\",\"position\":1,\"name\":\"Home\",\"item\":\"https:\\\/\\\/egytourpackages.com\\\/ro\\\/\"},{\"@type\":\"ListItem\",\"position\":2,\"name\":\"Shop\",\"item\":\"https:\\\/\\\/egytourpackages.com\\\/shop\\\/\"},{\"@type\":\"ListItem\",\"position\":3,\"name\":\"2 Zile \u00een Luxor din Makadi Bay\"}]},{\"@type\":\"WebSite\",\"@id\":\"https:\\\/\\\/egytourpackages.com\\\/ro\\\/#website\",\"url\":\"https:\\\/\\\/egytourpackages.com\\\/ro\\\/\",\"name\":\"Egy tour packages\",\"description\":\"\",\"publisher\":{\"@id\":\"https:\\\/\\\/egytourpackages.com\\\/ro\\\/#organization\"},\"potentialAction\":[{\"@type\":\"SearchAction\",\"target\":{\"@type\":\"EntryPoint\",\"urlTemplate\":\"https:\\\/\\\/egytourpackages.com\\\/ro\\\/?s={search_term_string}\"},\"query-input\":{\"@type\":\"PropertyValueSpecification\",\"valueRequired\":true,\"valueName\":\"search_term_string\"}}],\"inLanguage\":\"ro-RO\"},{\"@type\":[\"Organization\",\"Place\",\"TravelAgency\"],\"@id\":\"https:\\\/\\\/egytourpackages.com\\\/ro\\\/#organization\",\"name\":\"egypt tour packages\",\"alternateName\":\"egypt tour packages\",\"url\":\"https:\\\/\\\/egytourpackages.com\\\/ro\\\/\",\"logo\":{\"@id\":\"https:\\\/\\\/egytourpackages.com\\\/ro\\\/tours\\\/2-zile-in-luxor-din-makadi-bay\\\/#local-main-organization-logo\"},\"image\":{\"@id\":\"https:\\\/\\\/egytourpackages.com\\\/ro\\\/tours\\\/2-zile-in-luxor-din-makadi-bay\\\/#local-main-organization-logo\"},\"sameAs\":[\"https:\\\/\\\/www.facebook.com\\\/egytourpackages\"],\"legalName\":\"Egy tour packages\",\"address\":{\"@id\":\"https:\\\/\\\/egytourpackages.com\\\/ro\\\/tours\\\/2-zile-in-luxor-din-makadi-bay\\\/#local-main-place-address\"},\"telephone\":[\"00201000852186\",\"00201028685533\"],\"contactPoint\":{\"@type\":\"ContactPoint\",\"telephone\":\"00201000852186\"},\"openingHoursSpecification\":[{\"@type\":\"OpeningHoursSpecification\",\"dayOfWeek\":[\"Monday\",\"Tuesday\",\"Wednesday\",\"Thursday\",\"Friday\",\"Saturday\",\"Sunday\"],\"opens\":\"00:00\",\"closes\":\"23:59\"}],\"email\":\"info@egytourpackages.com\",\"areaServed\":\"Cairo, Hurghada, Luxor, Sharm El Sheikh, Marsa Alam, Aswan\",\"priceRange\":\"$\",\"currenciesAccepted\":\"euro\",\"paymentAccepted\":\"Payment links online\"},{\"@type\":\"PostalAddress\",\"@id\":\"https:\\\/\\\/egytourpackages.com\\\/ro\\\/tours\\\/2-zile-in-luxor-din-makadi-bay\\\/#local-main-place-address\",\"streetAddress\":\"Mubarak 8, Al Kawthar District, Hurghada\",\"addressLocality\":\"Hurghada\",\"postalCode\":\"84511\",\"addressRegion\":\"Red Sea\",\"addressCountry\":\"EG\"},{\"@type\":\"ImageObject\",\"inLanguage\":\"ro-RO\",\"@id\":\"https:\\\/\\\/egytourpackages.com\\\/ro\\\/tours\\\/2-zile-in-luxor-din-makadi-bay\\\/#local-main-organization-logo\",\"url\":\"https:\\\/\\\/egytourpackages.com\\\/wp-content\\\/uploads\\\/2025\\\/12\\\/Turquoise-Dahabiya-Nile-Cruise-1.jpeg\",\"contentUrl\":\"https:\\\/\\\/egytourpackages.com\\\/wp-content\\\/uploads\\\/2025\\\/12\\\/Turquoise-Dahabiya-Nile-Cruise-1.jpeg\",\"width\":1040,\"height\":694,\"caption\":\"egypt tour packages\"}]}<\/script>\n<meta property=\"product:brand\" content=\"Excursii de o zi \u00een Egipt\" \/>\n<meta property=\"product:price:amount\" content=\"200\" \/>\n<meta property=\"product:price:currency\" content=\"EUR\" \/>\n<meta property=\"og:availability\" content=\"instock\" \/>\n<meta property=\"product:availability\" content=\"instock\" \/>\n<meta property=\"product:retailer_item_id\" content=\"MBE02\" \/>\n<meta property=\"product:condition\" content=\"new\" \/>\n<meta name=\"geo.placename\" content=\"Hurghada\" \/>\n<meta name=\"geo.region\" content=\"Egipt\" \/>\n<!-- \/ Yoast SEO Premium plugin. -->","yoast_head_json":{"title":"2 Zile \u00een Luxor din Makadi Bay : Egy tour packages","description":"2 Zile \u00een Luxor din Makadi Bay. Viziteaz\u0103 Valea Regilor, Karnak \u0219i Templul Luxor cu ghid egiptolog privat. Cazare \u0219i pr\u00e2nz incluse. Rezerv\u0103 acum online!","robots":{"index":"index","follow":"follow","max-snippet":"max-snippet:-1","max-image-preview":"max-image-preview:large","max-video-preview":"max-video-preview:-1"},"canonical":"https:\/\/egytourpackages.com\/ro\/tours\/2-zile-in-luxor-din-makadi-bay\/","og_locale":"ro_RO","og_type":"article","og_title":"2 Zile \u00een Luxor din Makadi Bay","og_description":"2 Zile \u00een Luxor din Makadi Bay. Viziteaz\u0103 Valea Regilor, Karnak \u0219i Templul Luxor cu ghid egiptolog privat. Cazare \u0219i pr\u00e2nz incluse. Rezerv\u0103 acum online!","og_url":"https:\/\/egytourpackages.com\/ro\/tours\/2-zile-in-luxor-din-makadi-bay\/","og_site_name":"Egypt Tour Packages","article_publisher":"https:\/\/www.facebook.com\/egytourpackages","article_modified_time":"2026-01-28T03:00:53+00:00","og_image":[{"url":"https:\/\/egytourpackages.com\/wp-content\/uploads\/2023\/07\/Hatshepsut-temple-1024x768.jpg","type":"","width":"","height":""}],"twitter_card":"summary_large_image","twitter_title":"2 Zile \u00een Luxor din Makadi Bay","twitter_description":"2 Zile \u00een Luxor din Makadi Bay. Viziteaz\u0103 Valea Regilor, Karnak \u0219i Templul Luxor cu ghid egiptolog privat. Cazare \u0219i pr\u00e2nz incluse. Rezerv\u0103 acum online!","twitter_image":"https:\/\/egytourpackages.com\/wp-content\/uploads\/2023\/07\/Hatshepsut-temple-1024x768.jpg","twitter_misc":{"Pre\u021b":"&euro;200","Disponibilitate":"\u00cen stoc"},"schema":{"@context":"https:\/\/schema.org","@graph":[{"@type":"WebPage","@id":"https:\/\/egytourpackages.com\/ro\/tours\/2-zile-in-luxor-din-makadi-bay\/","url":"https:\/\/egytourpackages.com\/ro\/tours\/2-zile-in-luxor-din-makadi-bay\/","name":"2 Zile \u00een Luxor din Makadi Bay : Egy tour packages","isPartOf":{"@id":"https:\/\/egytourpackages.com\/ro\/#website"},"primaryImageOfPage":{"@id":"https:\/\/egytourpackages.com\/ro\/tours\/2-zile-in-luxor-din-makadi-bay\/#primaryimage"},"image":{"@id":"https:\/\/egytourpackages.com\/ro\/tours\/2-zile-in-luxor-din-makadi-bay\/#primaryimage"},"thumbnailUrl":"https:\/\/egytourpackages.com\/wp-content\/uploads\/2023\/07\/Hatshepsut-temple.jpg","datePublished":"2023-07-13T16:29:01+00:00","dateModified":"2026-01-28T03:00:53+00:00","description":"2 Zile \u00een Luxor din Makadi Bay. Viziteaz\u0103 Valea Regilor, Karnak \u0219i Templul Luxor cu ghid egiptolog privat. Cazare \u0219i pr\u00e2nz incluse. Rezerv\u0103 acum online!","breadcrumb":{"@id":"https:\/\/egytourpackages.com\/ro\/tours\/2-zile-in-luxor-din-makadi-bay\/#breadcrumb"},"inLanguage":"ro-RO","potentialAction":[{"@type":"ReadAction","target":["https:\/\/egytourpackages.com\/ro\/tours\/2-zile-in-luxor-din-makadi-bay\/"]}]},{"@type":"ImageObject","inLanguage":"ro-RO","@id":"https:\/\/egytourpackages.com\/ro\/tours\/2-zile-in-luxor-din-makadi-bay\/#primaryimage","url":"https:\/\/egytourpackages.com\/wp-content\/uploads\/2023\/07\/Hatshepsut-temple.jpg","contentUrl":"https:\/\/egytourpackages.com\/wp-content\/uploads\/2023\/07\/Hatshepsut-temple.jpg","width":2000,"height":1500,"caption":"2 Zile \u00een Luxor din Makadi Bay"},{"@type":"BreadcrumbList","@id":"https:\/\/egytourpackages.com\/ro\/tours\/2-zile-in-luxor-din-makadi-bay\/#breadcrumb","itemListElement":[{"@type":"ListItem","position":1,"name":"Home","item":"https:\/\/egytourpackages.com\/ro\/"},{"@type":"ListItem","position":2,"name":"Shop","item":"https:\/\/egytourpackages.com\/shop\/"},{"@type":"ListItem","position":3,"name":"2 Zile \u00een Luxor din Makadi Bay"}]},{"@type":"WebSite","@id":"https:\/\/egytourpackages.com\/ro\/#website","url":"https:\/\/egytourpackages.com\/ro\/","name":"Egy tour packages","description":"","publisher":{"@id":"https:\/\/egytourpackages.com\/ro\/#organization"},"potentialAction":[{"@type":"SearchAction","target":{"@type":"EntryPoint","urlTemplate":"https:\/\/egytourpackages.com\/ro\/?s={search_term_string}"},"query-input":{"@type":"PropertyValueSpecification","valueRequired":true,"valueName":"search_term_string"}}],"inLanguage":"ro-RO"},{"@type":["Organization","Place","TravelAgency"],"@id":"https:\/\/egytourpackages.com\/ro\/#organization","name":"egypt tour packages","alternateName":"egypt tour packages","url":"https:\/\/egytourpackages.com\/ro\/","logo":{"@id":"https:\/\/egytourpackages.com\/ro\/tours\/2-zile-in-luxor-din-makadi-bay\/#local-main-organization-logo"},"image":{"@id":"https:\/\/egytourpackages.com\/ro\/tours\/2-zile-in-luxor-din-makadi-bay\/#local-main-organization-logo"},"sameAs":["https:\/\/www.facebook.com\/egytourpackages"],"legalName":"Egy tour packages","address":{"@id":"https:\/\/egytourpackages.com\/ro\/tours\/2-zile-in-luxor-din-makadi-bay\/#local-main-place-address"},"telephone":["00201000852186","00201028685533"],"contactPoint":{"@type":"ContactPoint","telephone":"00201000852186"},"openingHoursSpecification":[{"@type":"OpeningHoursSpecification","dayOfWeek":["Monday","Tuesday","Wednesday","Thursday","Friday","Saturday","Sunday"],"opens":"00:00","closes":"23:59"}],"email":"info@egytourpackages.com","areaServed":"Cairo, Hurghada, Luxor, Sharm El Sheikh, Marsa Alam, Aswan","priceRange":"$","currenciesAccepted":"euro","paymentAccepted":"Payment links online"},{"@type":"PostalAddress","@id":"https:\/\/egytourpackages.com\/ro\/tours\/2-zile-in-luxor-din-makadi-bay\/#local-main-place-address","streetAddress":"Mubarak 8, Al Kawthar District, Hurghada","addressLocality":"Hurghada","postalCode":"84511","addressRegion":"Red Sea","addressCountry":"EG"},{"@type":"ImageObject","inLanguage":"ro-RO","@id":"https:\/\/egytourpackages.com\/ro\/tours\/2-zile-in-luxor-din-makadi-bay\/#local-main-organization-logo","url":"https:\/\/egytourpackages.com\/wp-content\/uploads\/2025\/12\/Turquoise-Dahabiya-Nile-Cruise-1.jpeg","contentUrl":"https:\/\/egytourpackages.com\/wp-content\/uploads\/2025\/12\/Turquoise-Dahabiya-Nile-Cruise-1.jpeg","width":1040,"height":694,"caption":"egypt tour packages"}]},"product_brand":"Excursii de o zi \u00een Egipt","product_price_amount":"200","product_price_currency":"EUR","og_availability":"instock","product_availability":"instock","product_retailer_item_id":"MBE02","product_condition":"new","geo.placename":"Hurghada","geo.region":"Egipt"},"_links":{"self":[{"href":"https:\/\/egytourpackages.com\/ro\/wp-json\/wp\/v2\/product\/13250","targetHints":{"allow":["GET"]}}],"collection":[{"href":"https:\/\/egytourpackages.com\/ro\/wp-json\/wp\/v2\/product"}],"about":[{"href":"https:\/\/egytourpackages.com\/ro\/wp-json\/wp\/v2\/types\/product"}],"replies":[{"embeddable":true,"href":"https:\/\/egytourpackages.com\/ro\/wp-json\/wp\/v2\/comments?post=13250"}],"wp:featuredmedia":[{"embeddable":true,"href":"https:\/\/egytourpackages.com\/ro\/wp-json\/wp\/v2\/media\/13251"}],"wp:attachment":[{"href":"https:\/\/egytourpackages.com\/ro\/wp-json\/wp\/v2\/media?parent=13250"}],"wp:term":[{"taxonomy":"product_brand","embeddable":true,"href":"https:\/\/egytourpackages.com\/ro\/wp-json\/wp\/v2\/product_brand?post=13250"},{"taxonomy":"product_cat","embeddable":true,"href":"https:\/\/egytourpackages.com\/ro\/wp-json\/wp\/v2\/product_cat?post=13250"},{"taxonomy":"product_tag","embeddable":true,"href":"https:\/\/egytourpackages.com\/ro\/wp-json\/wp\/v2\/product_tag?post=13250"}],"curies":[{"name":"wp","href":"https:\/\/api.w.org\/{rel}","templated":true}]}}