{"id":13282,"date":"2023-07-25T02:43:22","date_gmt":"2023-07-25T02:43:22","guid":{"rendered":"https:\/\/egytourpackages.com\/product\/excursie-dendera-si-abydos-din-el-gouna\/"},"modified":"2026-01-28T03:02:49","modified_gmt":"2026-01-28T03:02:49","slug":"excursie-dendera-si-abydos-din-el-gouna","status":"publish","type":"product","link":"https:\/\/egytourpackages.com\/ro\/tours\/excursie-dendera-si-abydos-din-el-gouna\/","title":{"rendered":"Excursie Dendera \u0219i Abydos din El Gouna"},"content":{"rendered":"<p><span style=\"color: #ff6600;\"><strong>Excursie Dendera \u0219i Abydos din El Gouna | Cele Mai Bune Excursii El Gouna<\/strong><\/span><\/p>\n<p>Rezerv\u0103 o <strong>excursie de lux privat\u0103 la Dendera \u0219i Abydos din El Gouna<\/strong> cu vehicul privat, ghid dedicat \u0219i cele mai bune servicii prin <strong>Egypt tours<\/strong>. Aceste <strong>excursii El Gouna<\/strong> c\u0103tre Dendera \u0219i Abydos promit o explorare de neuitat a patrimoniului cultural al Egiptului.<\/p>\n<p>Bucur\u0103-te de ma\u0219ina ta privat\u0103, de un ghid profesionist \u0219i de servicii premium pentru a explora misterele din Dendera, la <strong>Templul zei\u021bei Hathor<\/strong>. Admir\u0103 faimosul <strong>Zodiac din Dendera<\/strong>, fazele lunii, <strong>Becul de la Dendera<\/strong>, criptele \u0219i Mammisi.<\/p>\n<p>Dup\u0103 aceea, vei vizita marele <strong>Templu al lui Seti I<\/strong> de la Abydos, plin de reprezent\u0103ri ale mitologiei egiptene, <strong>Lista Regilor din Abydos<\/strong> \u0219i sanctuarele sfinte. Aceste <strong>tururi de o zi \u00een Egipt<\/strong> la Dendera \u0219i Abydos sunt \u0219ansa ta de a p\u0103trunde ad\u00e2nc \u00een misterele acestor situri antice.<\/p>\n<h3><span style=\"color: #ff6600;\">Detalii Tur<\/span><\/h3>\n<ul>\n<li>Durat\u0103: 1 Zi<\/li>\n<li>Loca\u021bie Tur: Dendera \/ Abydos<\/li>\n<li>Disponibilitate: \u00cen fiecare zi<\/li>\n<li>Preluare &amp; Retur: Hoteluri din El Gouna<\/li>\n<li>Tip Tur: Privat<\/li>\n<li>Limb\u0103: Englez\u0103<\/li>\n<li>Scaun cu rotile: Accesibil<\/li>\n<\/ul>\n<h3><span style=\"color: #ff6600;\">Inclus<\/span><\/h3>\n<ul>\n<li>Transfer dus-\u00eentors cu un vehicul privat nou<\/li>\n<li>Ghid expert egiptolog<\/li>\n<li>Taxe de intrare pentru toate obiectivele turistice<\/li>\n<li>Pr\u00e2nz la un restaurant local<\/li>\n<li>Ap\u0103 pe parcursul zilei<\/li>\n<\/ul>\n<h3><span style=\"color: #ff6600;\">Exclus<\/span><\/h3>\n<ul>\n<li>B\u0103uturi \u00een timpul pr\u00e2nzului<\/li>\n<li>Bac\u0219i\u0219uri<\/li>\n<\/ul>\n<h3><span style=\"color: #ff6600;\">Ce s\u0103 iei cu tine<\/span><\/h3>\n<ul>\n<li>P\u0103l\u0103rie, ochelari de soare \u0219i crem\u0103 de protec\u021bie solar\u0103<\/li>\n<li>\u00cenc\u0103l\u021b\u0103minte \u0219i haine confortabile<\/li>\n<\/ul>\n<h2><span style=\"color: #ff6600;\">Itinerariu<\/span><\/h2>\n<p>Te vei \u00eent\u00e2lni cu ghidul t\u0103u \u00een holul hotelului din El Gouna, dup\u0103 ce vei ridica pachetele cu mic dejun de la recep\u021bie. Apoi, vei \u00eencepe <strong>excursia El Gouna<\/strong> c\u0103tre Templul Dendera \u0219i Templul Abydos, cu o scurt\u0103 pauz\u0103 pe drum pentru micul dejun \u0219i toalet\u0103.<\/p>\n<p>Vei \u00eencepe aceste <strong>tururi de o zi din El Gouna<\/strong> cu Templul Hathor de pe malul vestic al Nilului.<\/p>\n<h3><span style=\"color: #ff6600;\">Templul Dendera | Templul zei\u021bei Hathor<\/span><\/h3>\n<p>Odat\u0103 ajuns la <strong>Templul Dendera<\/strong>, vei p\u0103\u0219i \u00een lumea mistic\u0103 a unuia dintre cele mai bine conservate temple din Egipt. \u00cen realitate, Templul Dendera este considerat <strong>templul chakrei inimii<\/strong> \u0219i este singurul unde po\u021bi cobor\u00ee sub templu \u00een anumite cripte.<\/p>\n<p>\u00cencepe cu poarta lui Traian \u00eenainte de a vizita Mammisi-ul roman, cel faraonic al lui Nectanebo \u0219i biserica copt\u0103 dintre ele. Dac\u0103 \u00eencepi turul templului din exterior, vei vedea multe cl\u0103diri interesante, cum ar fi <strong>sanatoriul<\/strong>, unde erau g\u0103zdui\u021bi bolnavii pentru vindecare.<\/p>\n<p>Apoi, vei trece pe l\u00e2ng\u0103 vechiul <strong>Nilometru<\/strong> \u0219i <strong>lacul sacru<\/strong>, unde preo\u021bii se purificau \u00een acele timpuri. Dup\u0103 aceea, vei vizita capela magic\u0103 a lui <strong>Isis<\/strong> \u0219i vei sim\u021bi energia locului.<\/p>\n<p>\u00cen fa\u021ba acelei capele se afl\u0103 singura scen\u0103 cu <strong>Cleopatra a VII-a Philopator<\/strong> \u0219i fiul ei, <strong>Ptolemeu al XV-lea Caesarion<\/strong>. Continu\u0103 traseul \u00een jurul templului pentru a vedea scenele uimitoare cu toate vechile <strong>coroane ale Egiptului<\/strong>.<\/p>\n<p>Acum este timpul s\u0103 intri \u00een templu, \u00eencep\u00e2nd cu <strong>sala hipostil\u0103<\/strong> cu tavanul s\u0103u celest vibrant, reprezent\u00e2nd semnele zodiacale, cele 15 <strong>faze ale lunii<\/strong>, orele de zi \u0219i de noapte.<\/p>\n<p>Mai mult, vei vedea <strong>Criptele<\/strong> \u0219i faimosul <strong>Bec de la Dendera<\/strong> \u00eenainte de a urca sc\u0103rile spre acoperi\u0219ul templului, unde vei vedea basorelieful zei\u021bei <strong>Nut<\/strong> (cerul) \u0219i Capela lui Osiris.<\/p>\n<p>Dup\u0103 ce faci fotografii, te vei \u00eendrepta \u00eempreun\u0103 cu ghidul c\u0103tre templul din Abydos.<\/p>\n<h3><span style=\"color: #ff6600;\">Pr\u00e2nz<\/span><\/h3>\n<p>Te vei bucura de un pr\u00e2nz la o cas\u0103 local\u0103, cu m\u00e2ncare tradi\u021bional\u0103 f\u0103cut\u0103 \u00een cas\u0103.<\/p>\n<h3><span style=\"color: #ff6600;\">Templul Abydos | Ora\u0219ul de pelerinaj<\/span><\/h3>\n<p><strong>Templul Abydos<\/strong> din Sohag este unul dintre cele mai colorate temple din tot Egiptul, \u00eenceput de <strong>Seti I<\/strong> \u0219i finalizat de <strong>Ramses al II-lea<\/strong> \u0219i <strong>Merenptah<\/strong>. Templul con\u021bine scene care \u00eenc\u0103 \u00eei induc \u00een eroare pe mul\u021bi, cum ar fi celebrul <strong>elicopter de la Abydos<\/strong>, submarinul \u0219i avionul (hieroglife controversate).<\/p>\n<p>De asemenea, templul are 7 sanctuare unice pentru <strong>Horus, Isis, Osiris, Amon Ra, Ra-Horakhty, Ptah \u0219i Seti I<\/strong> ca zei. \u00cen fapt, aici se afl\u0103 <strong>Lista Regilor din Abydos<\/strong>, o surs\u0103 istoric\u0103 extraordinar\u0103 care men\u021bioneaz\u0103 regii egipteni de la Menes p\u00e2n\u0103 la Seti I.<\/p>\n<p>Odat\u0103 ie\u0219it din templu, vei vedea <strong>Osireionul<\/strong>, unul dintre cele mai mitice locuri din Egipt. Ulterior, vei \u00eencepe drumul de \u00eentoarcere c\u0103tre hotelul t\u0103u din El Gouna.<\/p>\n<h3><span style=\"color: #ff6600;\">Pre\u021b Excursie Dendera \u0219i Abydos din El Gouna<\/span><\/h3>\n<ul>\n<li>Pre\u021b Adult = 180 \u20ac<\/li>\n<li>Infan\u021bi (0-5 ani) = Gratuit<\/li>\n<li>Copii (5-11 ani) = 50% din pre\u021bul pentru adult<\/li>\n<\/ul>\n<h3><span style=\"color: #ff6600;\">Rezerv\u0103ri<\/span><\/h3>\n<p>Po\u021bi rezerva aceste excursii El Gouna prin WhatsApp sau ne po\u021bi trimite un e-mail, iar confirmarea o vei primi pe loc. V\u0103 rug\u0103m s\u0103 ne trimite\u021bi numele hotelului, num\u0103rul camerei \u0219i copii dup\u0103 pa\u0219apoarte.<\/p>\n<p>WhatsApp: +201000852186 E-mail: info@egytourpackages.com<\/p>\n<h3><span style=\"color: #ff6600;\">Rezerv\u0103 Acum \u0219i Pl\u0103te\u0219te la Fa\u021ba Locului<\/span><\/h3>\n<p>Rezerv\u0103 turul preferat \u0219i pl\u0103te\u0219te \u00een ziua excursiei.<\/p>\n<p>Plat\u0103 Po\u021bi pl\u0103ti \u00een lire egiptene, dolari americani, euro sau lire sterline.<\/p>\n<h3><span style=\"color: #ff6600;\">Politica de Anulare<\/span><\/h3>\n<ul>\n<li>Anularea este gratuit\u0103 cu p\u00e2n\u0103 la 24 de ore \u00eenainte.<\/li>\n<li>Anularea \u00een diminea\u021ba plec\u0103rii se taxeaz\u0103 cu 50% din pre\u021b.<\/li>\n<\/ul>\n","protected":false},"excerpt":{"rendered":"<p>Rezerv\u0103 o <b data-path-to-node=\"0\" data-index-in-node=\"10\">Excursie Dendera \u0219i Abydos din El Gouna<\/b> privat\u0103. Descoper\u0103 Templul Hathor, celebrul Zodiac \u0219i misterele de la Abydos cu un ghid expert egiptolog!<\/p>\n","protected":false},"featured_media":13283,"comment_status":"open","ping_status":"closed","template":"","meta":[],"product_brand":[],"product_cat":[3120],"product_tag":[3267,3228],"class_list":{"0":"post-13282","1":"product","2":"type-product","3":"status-publish","4":"has-post-thumbnail","6":"product_cat-tururi","7":"product_tag-templul-abydos","8":"product_tag-templul-dendera","9":"tour_category-excursii-de-o-zi-in-egipt-ro","10":"tour_category-excursii-el-gouna-ro","11":"tour_category-excursii-la-luxor-din-hurghada","13":"first","14":"instock","15":"sale","16":"shipping-taxable","17":"purchasable","18":"product-type-tour","19":"has-default-attributes"},"yoast_head":"<!-- This site is optimized with the Yoast SEO Premium plugin v27.4 (Yoast SEO v27.4) - https:\/\/yoast.com\/product\/yoast-seo-premium-wordpress\/ -->\n<title>Excursie Dendera \u0219i Abydos din El Gouna<\/title>\n<meta name=\"description\" content=\"Rezerv\u0103 o Excursie Dendera \u0219i Abydos din El Gouna privat\u0103. Descoper\u0103 Templul Hathor, celebrul Zodiac \u0219i misterele de la Abydos cu un ghid expert egiptolog!\" \/>\n<meta name=\"robots\" content=\"index, follow, max-snippet:-1, max-image-preview:large, max-video-preview:-1\" \/>\n<link rel=\"canonical\" href=\"https:\/\/egytourpackages.com\/ro\/tours\/excursie-dendera-si-abydos-din-el-gouna\/\" \/>\n<meta property=\"og:locale\" content=\"ro_RO\" \/>\n<meta property=\"og:type\" content=\"article\" \/>\n<meta property=\"og:title\" content=\"Excursie Dendera \u0219i Abydos din El Gouna\" \/>\n<meta property=\"og:description\" content=\"Rezerv\u0103 o Excursie Dendera \u0219i Abydos din El Gouna privat\u0103. Descoper\u0103 Templul Hathor, celebrul Zodiac \u0219i misterele de la Abydos cu un ghid expert egiptolog!\" \/>\n<meta property=\"og:url\" content=\"https:\/\/egytourpackages.com\/ro\/tours\/excursie-dendera-si-abydos-din-el-gouna\/\" \/>\n<meta property=\"og:site_name\" content=\"Egypt Tour Packages\" \/>\n<meta property=\"article:publisher\" content=\"https:\/\/www.facebook.com\/egytourpackages\" \/>\n<meta property=\"article:modified_time\" content=\"2026-01-28T03:02:49+00:00\" \/>\n<meta property=\"og:image\" content=\"https:\/\/egytourpackages.com\/wp-content\/uploads\/2023\/07\/Dendera-temple-1.jpg\" \/>\n\t<meta property=\"og:image:width\" content=\"2000\" \/>\n\t<meta property=\"og:image:height\" content=\"1333\" \/>\n\t<meta property=\"og:image:type\" content=\"image\/jpeg\" \/>\n<meta name=\"twitter:card\" content=\"summary_large_image\" \/>\n<meta name=\"twitter:title\" content=\"Excursie Dendera \u0219i Abydos din El Gouna\" \/>\n<meta name=\"twitter:description\" content=\"Rezerv\u0103 o Excursie Dendera \u0219i Abydos din El Gouna privat\u0103. Descoper\u0103 Templul Hathor, celebrul Zodiac \u0219i misterele de la Abydos cu un ghid expert egiptolog!\" \/>\n<meta name=\"twitter:label1\" content=\"Pre\u021b\" \/>\n\t<meta name=\"twitter:data1\" content=\"&euro;150\" \/>\n\t<meta name=\"twitter:label2\" content=\"Disponibilitate\" \/>\n\t<meta name=\"twitter:data2\" content=\"\u00cen stoc\" \/>\n<script type=\"application\/ld+json\" class=\"yoast-schema-graph\">{\"@context\":\"https:\\\/\\\/schema.org\",\"@graph\":[{\"@type\":\"WebPage\",\"@id\":\"https:\\\/\\\/egytourpackages.com\\\/ro\\\/tours\\\/excursie-dendera-si-abydos-din-el-gouna\\\/\",\"url\":\"https:\\\/\\\/egytourpackages.com\\\/ro\\\/tours\\\/excursie-dendera-si-abydos-din-el-gouna\\\/\",\"name\":\"Excursie Dendera \u0219i Abydos din El Gouna\",\"isPartOf\":{\"@id\":\"https:\\\/\\\/egytourpackages.com\\\/ro\\\/#website\"},\"primaryImageOfPage\":{\"@id\":\"https:\\\/\\\/egytourpackages.com\\\/ro\\\/tours\\\/excursie-dendera-si-abydos-din-el-gouna\\\/#primaryimage\"},\"image\":{\"@id\":\"https:\\\/\\\/egytourpackages.com\\\/ro\\\/tours\\\/excursie-dendera-si-abydos-din-el-gouna\\\/#primaryimage\"},\"thumbnailUrl\":\"https:\\\/\\\/egytourpackages.com\\\/wp-content\\\/uploads\\\/2023\\\/07\\\/Dendera-temple-1.jpg\",\"datePublished\":\"2023-07-25T02:43:22+00:00\",\"dateModified\":\"2026-01-28T03:02:49+00:00\",\"description\":\"Rezerv\u0103 o Excursie Dendera \u0219i Abydos din El Gouna privat\u0103. Descoper\u0103 Templul Hathor, celebrul Zodiac \u0219i misterele de la Abydos cu un ghid expert egiptolog!\",\"breadcrumb\":{\"@id\":\"https:\\\/\\\/egytourpackages.com\\\/ro\\\/tours\\\/excursie-dendera-si-abydos-din-el-gouna\\\/#breadcrumb\"},\"inLanguage\":\"ro-RO\",\"potentialAction\":[{\"@type\":\"ReadAction\",\"target\":[\"https:\\\/\\\/egytourpackages.com\\\/ro\\\/tours\\\/excursie-dendera-si-abydos-din-el-gouna\\\/\"]}]},{\"@type\":\"ImageObject\",\"inLanguage\":\"ro-RO\",\"@id\":\"https:\\\/\\\/egytourpackages.com\\\/ro\\\/tours\\\/excursie-dendera-si-abydos-din-el-gouna\\\/#primaryimage\",\"url\":\"https:\\\/\\\/egytourpackages.com\\\/wp-content\\\/uploads\\\/2023\\\/07\\\/Dendera-temple-1.jpg\",\"contentUrl\":\"https:\\\/\\\/egytourpackages.com\\\/wp-content\\\/uploads\\\/2023\\\/07\\\/Dendera-temple-1.jpg\",\"width\":2000,\"height\":1333,\"caption\":\"Excursie Dendera \u0219i Abydos din El Gouna\"},{\"@type\":\"BreadcrumbList\",\"@id\":\"https:\\\/\\\/egytourpackages.com\\\/ro\\\/tours\\\/excursie-dendera-si-abydos-din-el-gouna\\\/#breadcrumb\",\"itemListElement\":[{\"@type\":\"ListItem\",\"position\":1,\"name\":\"Home\",\"item\":\"https:\\\/\\\/egytourpackages.com\\\/ro\\\/\"},{\"@type\":\"ListItem\",\"position\":2,\"name\":\"Shop\",\"item\":\"https:\\\/\\\/egytourpackages.com\\\/shop\\\/\"},{\"@type\":\"ListItem\",\"position\":3,\"name\":\"Excursie Dendera \u0219i Abydos din El Gouna\"}]},{\"@type\":\"WebSite\",\"@id\":\"https:\\\/\\\/egytourpackages.com\\\/ro\\\/#website\",\"url\":\"https:\\\/\\\/egytourpackages.com\\\/ro\\\/\",\"name\":\"Egy tour packages\",\"description\":\"\",\"publisher\":{\"@id\":\"https:\\\/\\\/egytourpackages.com\\\/ro\\\/#organization\"},\"potentialAction\":[{\"@type\":\"SearchAction\",\"target\":{\"@type\":\"EntryPoint\",\"urlTemplate\":\"https:\\\/\\\/egytourpackages.com\\\/ro\\\/?s={search_term_string}\"},\"query-input\":{\"@type\":\"PropertyValueSpecification\",\"valueRequired\":true,\"valueName\":\"search_term_string\"}}],\"inLanguage\":\"ro-RO\"},{\"@type\":[\"Organization\",\"Place\",\"TravelAgency\"],\"@id\":\"https:\\\/\\\/egytourpackages.com\\\/ro\\\/#organization\",\"name\":\"egypt tour packages\",\"alternateName\":\"egypt tour packages\",\"url\":\"https:\\\/\\\/egytourpackages.com\\\/ro\\\/\",\"logo\":{\"@id\":\"https:\\\/\\\/egytourpackages.com\\\/ro\\\/tours\\\/excursie-dendera-si-abydos-din-el-gouna\\\/#local-main-organization-logo\"},\"image\":{\"@id\":\"https:\\\/\\\/egytourpackages.com\\\/ro\\\/tours\\\/excursie-dendera-si-abydos-din-el-gouna\\\/#local-main-organization-logo\"},\"sameAs\":[\"https:\\\/\\\/www.facebook.com\\\/egytourpackages\"],\"legalName\":\"Egy tour packages\",\"address\":{\"@id\":\"https:\\\/\\\/egytourpackages.com\\\/ro\\\/tours\\\/excursie-dendera-si-abydos-din-el-gouna\\\/#local-main-place-address\"},\"telephone\":[\"00201000852186\",\"00201028685533\"],\"contactPoint\":{\"@type\":\"ContactPoint\",\"telephone\":\"00201000852186\"},\"openingHoursSpecification\":[{\"@type\":\"OpeningHoursSpecification\",\"dayOfWeek\":[\"Monday\",\"Tuesday\",\"Wednesday\",\"Thursday\",\"Friday\",\"Saturday\",\"Sunday\"],\"opens\":\"00:00\",\"closes\":\"23:59\"}],\"email\":\"info@egytourpackages.com\",\"areaServed\":\"Cairo, Hurghada, Luxor, Sharm El Sheikh, Marsa Alam, Aswan\",\"priceRange\":\"$\",\"currenciesAccepted\":\"euro\",\"paymentAccepted\":\"Payment links online\"},{\"@type\":\"PostalAddress\",\"@id\":\"https:\\\/\\\/egytourpackages.com\\\/ro\\\/tours\\\/excursie-dendera-si-abydos-din-el-gouna\\\/#local-main-place-address\",\"streetAddress\":\"Mubarak 8, Al Kawthar District, Hurghada\",\"addressLocality\":\"Hurghada\",\"postalCode\":\"84511\",\"addressRegion\":\"Red Sea\",\"addressCountry\":\"EG\"},{\"@type\":\"ImageObject\",\"inLanguage\":\"ro-RO\",\"@id\":\"https:\\\/\\\/egytourpackages.com\\\/ro\\\/tours\\\/excursie-dendera-si-abydos-din-el-gouna\\\/#local-main-organization-logo\",\"url\":\"https:\\\/\\\/egytourpackages.com\\\/wp-content\\\/uploads\\\/2025\\\/12\\\/Turquoise-Dahabiya-Nile-Cruise-1.jpeg\",\"contentUrl\":\"https:\\\/\\\/egytourpackages.com\\\/wp-content\\\/uploads\\\/2025\\\/12\\\/Turquoise-Dahabiya-Nile-Cruise-1.jpeg\",\"width\":1040,\"height\":694,\"caption\":\"egypt tour packages\"}]}<\/script>\n<meta property=\"product:brand\" content=\"Excursii de o zi \u00een Egipt\" \/>\n<meta property=\"product:price:amount\" content=\"150\" \/>\n<meta property=\"product:price:currency\" content=\"EUR\" \/>\n<meta property=\"og:availability\" content=\"instock\" \/>\n<meta property=\"product:availability\" content=\"instock\" \/>\n<meta property=\"product:retailer_item_id\" content=\"GDT03\" \/>\n<meta property=\"product:condition\" content=\"new\" \/>\n<meta name=\"geo.placename\" content=\"Hurghada\" \/>\n<meta name=\"geo.region\" content=\"Egipt\" \/>\n<!-- \/ Yoast SEO Premium plugin. -->","yoast_head_json":{"title":"Excursie Dendera \u0219i Abydos din El Gouna","description":"Rezerv\u0103 o Excursie Dendera \u0219i Abydos din El Gouna privat\u0103. Descoper\u0103 Templul Hathor, celebrul Zodiac \u0219i misterele de la Abydos cu un ghid expert egiptolog!","robots":{"index":"index","follow":"follow","max-snippet":"max-snippet:-1","max-image-preview":"max-image-preview:large","max-video-preview":"max-video-preview:-1"},"canonical":"https:\/\/egytourpackages.com\/ro\/tours\/excursie-dendera-si-abydos-din-el-gouna\/","og_locale":"ro_RO","og_type":"article","og_title":"Excursie Dendera \u0219i Abydos din El Gouna","og_description":"Rezerv\u0103 o Excursie Dendera \u0219i Abydos din El Gouna privat\u0103. Descoper\u0103 Templul Hathor, celebrul Zodiac \u0219i misterele de la Abydos cu un ghid expert egiptolog!","og_url":"https:\/\/egytourpackages.com\/ro\/tours\/excursie-dendera-si-abydos-din-el-gouna\/","og_site_name":"Egypt Tour Packages","article_publisher":"https:\/\/www.facebook.com\/egytourpackages","article_modified_time":"2026-01-28T03:02:49+00:00","og_image":[{"width":2000,"height":1333,"url":"https:\/\/egytourpackages.com\/wp-content\/uploads\/2023\/07\/Dendera-temple-1.jpg","type":"image\/jpeg"}],"twitter_card":"summary_large_image","twitter_title":"Excursie Dendera \u0219i Abydos din El Gouna","twitter_description":"Rezerv\u0103 o Excursie Dendera \u0219i Abydos din El Gouna privat\u0103. Descoper\u0103 Templul Hathor, celebrul Zodiac \u0219i misterele de la Abydos cu un ghid expert egiptolog!","twitter_misc":{"Pre\u021b":"&euro;150","Disponibilitate":"\u00cen stoc"},"schema":{"@context":"https:\/\/schema.org","@graph":[{"@type":"WebPage","@id":"https:\/\/egytourpackages.com\/ro\/tours\/excursie-dendera-si-abydos-din-el-gouna\/","url":"https:\/\/egytourpackages.com\/ro\/tours\/excursie-dendera-si-abydos-din-el-gouna\/","name":"Excursie Dendera \u0219i Abydos din El Gouna","isPartOf":{"@id":"https:\/\/egytourpackages.com\/ro\/#website"},"primaryImageOfPage":{"@id":"https:\/\/egytourpackages.com\/ro\/tours\/excursie-dendera-si-abydos-din-el-gouna\/#primaryimage"},"image":{"@id":"https:\/\/egytourpackages.com\/ro\/tours\/excursie-dendera-si-abydos-din-el-gouna\/#primaryimage"},"thumbnailUrl":"https:\/\/egytourpackages.com\/wp-content\/uploads\/2023\/07\/Dendera-temple-1.jpg","datePublished":"2023-07-25T02:43:22+00:00","dateModified":"2026-01-28T03:02:49+00:00","description":"Rezerv\u0103 o Excursie Dendera \u0219i Abydos din El Gouna privat\u0103. Descoper\u0103 Templul Hathor, celebrul Zodiac \u0219i misterele de la Abydos cu un ghid expert egiptolog!","breadcrumb":{"@id":"https:\/\/egytourpackages.com\/ro\/tours\/excursie-dendera-si-abydos-din-el-gouna\/#breadcrumb"},"inLanguage":"ro-RO","potentialAction":[{"@type":"ReadAction","target":["https:\/\/egytourpackages.com\/ro\/tours\/excursie-dendera-si-abydos-din-el-gouna\/"]}]},{"@type":"ImageObject","inLanguage":"ro-RO","@id":"https:\/\/egytourpackages.com\/ro\/tours\/excursie-dendera-si-abydos-din-el-gouna\/#primaryimage","url":"https:\/\/egytourpackages.com\/wp-content\/uploads\/2023\/07\/Dendera-temple-1.jpg","contentUrl":"https:\/\/egytourpackages.com\/wp-content\/uploads\/2023\/07\/Dendera-temple-1.jpg","width":2000,"height":1333,"caption":"Excursie Dendera \u0219i Abydos din El Gouna"},{"@type":"BreadcrumbList","@id":"https:\/\/egytourpackages.com\/ro\/tours\/excursie-dendera-si-abydos-din-el-gouna\/#breadcrumb","itemListElement":[{"@type":"ListItem","position":1,"name":"Home","item":"https:\/\/egytourpackages.com\/ro\/"},{"@type":"ListItem","position":2,"name":"Shop","item":"https:\/\/egytourpackages.com\/shop\/"},{"@type":"ListItem","position":3,"name":"Excursie Dendera \u0219i Abydos din El Gouna"}]},{"@type":"WebSite","@id":"https:\/\/egytourpackages.com\/ro\/#website","url":"https:\/\/egytourpackages.com\/ro\/","name":"Egy tour packages","description":"","publisher":{"@id":"https:\/\/egytourpackages.com\/ro\/#organization"},"potentialAction":[{"@type":"SearchAction","target":{"@type":"EntryPoint","urlTemplate":"https:\/\/egytourpackages.com\/ro\/?s={search_term_string}"},"query-input":{"@type":"PropertyValueSpecification","valueRequired":true,"valueName":"search_term_string"}}],"inLanguage":"ro-RO"},{"@type":["Organization","Place","TravelAgency"],"@id":"https:\/\/egytourpackages.com\/ro\/#organization","name":"egypt tour packages","alternateName":"egypt tour packages","url":"https:\/\/egytourpackages.com\/ro\/","logo":{"@id":"https:\/\/egytourpackages.com\/ro\/tours\/excursie-dendera-si-abydos-din-el-gouna\/#local-main-organization-logo"},"image":{"@id":"https:\/\/egytourpackages.com\/ro\/tours\/excursie-dendera-si-abydos-din-el-gouna\/#local-main-organization-logo"},"sameAs":["https:\/\/www.facebook.com\/egytourpackages"],"legalName":"Egy tour packages","address":{"@id":"https:\/\/egytourpackages.com\/ro\/tours\/excursie-dendera-si-abydos-din-el-gouna\/#local-main-place-address"},"telephone":["00201000852186","00201028685533"],"contactPoint":{"@type":"ContactPoint","telephone":"00201000852186"},"openingHoursSpecification":[{"@type":"OpeningHoursSpecification","dayOfWeek":["Monday","Tuesday","Wednesday","Thursday","Friday","Saturday","Sunday"],"opens":"00:00","closes":"23:59"}],"email":"info@egytourpackages.com","areaServed":"Cairo, Hurghada, Luxor, Sharm El Sheikh, Marsa Alam, Aswan","priceRange":"$","currenciesAccepted":"euro","paymentAccepted":"Payment links online"},{"@type":"PostalAddress","@id":"https:\/\/egytourpackages.com\/ro\/tours\/excursie-dendera-si-abydos-din-el-gouna\/#local-main-place-address","streetAddress":"Mubarak 8, Al Kawthar District, Hurghada","addressLocality":"Hurghada","postalCode":"84511","addressRegion":"Red Sea","addressCountry":"EG"},{"@type":"ImageObject","inLanguage":"ro-RO","@id":"https:\/\/egytourpackages.com\/ro\/tours\/excursie-dendera-si-abydos-din-el-gouna\/#local-main-organization-logo","url":"https:\/\/egytourpackages.com\/wp-content\/uploads\/2025\/12\/Turquoise-Dahabiya-Nile-Cruise-1.jpeg","contentUrl":"https:\/\/egytourpackages.com\/wp-content\/uploads\/2025\/12\/Turquoise-Dahabiya-Nile-Cruise-1.jpeg","width":1040,"height":694,"caption":"egypt tour packages"}]},"product_brand":"Excursii de o zi \u00een Egipt","product_price_amount":"150","product_price_currency":"EUR","og_availability":"instock","product_availability":"instock","product_retailer_item_id":"GDT03","product_condition":"new","geo.placename":"Hurghada","geo.region":"Egipt"},"_links":{"self":[{"href":"https:\/\/egytourpackages.com\/ro\/wp-json\/wp\/v2\/product\/13282","targetHints":{"allow":["GET"]}}],"collection":[{"href":"https:\/\/egytourpackages.com\/ro\/wp-json\/wp\/v2\/product"}],"about":[{"href":"https:\/\/egytourpackages.com\/ro\/wp-json\/wp\/v2\/types\/product"}],"replies":[{"embeddable":true,"href":"https:\/\/egytourpackages.com\/ro\/wp-json\/wp\/v2\/comments?post=13282"}],"wp:featuredmedia":[{"embeddable":true,"href":"https:\/\/egytourpackages.com\/ro\/wp-json\/wp\/v2\/media\/13283"}],"wp:attachment":[{"href":"https:\/\/egytourpackages.com\/ro\/wp-json\/wp\/v2\/media?parent=13282"}],"wp:term":[{"taxonomy":"product_brand","embeddable":true,"href":"https:\/\/egytourpackages.com\/ro\/wp-json\/wp\/v2\/product_brand?post=13282"},{"taxonomy":"product_cat","embeddable":true,"href":"https:\/\/egytourpackages.com\/ro\/wp-json\/wp\/v2\/product_cat?post=13282"},{"taxonomy":"product_tag","embeddable":true,"href":"https:\/\/egytourpackages.com\/ro\/wp-json\/wp\/v2\/product_tag?post=13282"}],"curies":[{"name":"wp","href":"https:\/\/api.w.org\/{rel}","templated":true}]}}