{"id":13297,"date":"2023-07-27T00:03:11","date_gmt":"2023-07-27T00:03:11","guid":{"rendered":"https:\/\/egytourpackages.com\/product\/excursie-privata-la-cairo-din-sahl-hasheesh\/"},"modified":"2026-01-28T21:27:57","modified_gmt":"2026-01-28T21:27:57","slug":"excursie-privata-la-cairo-din-sahl-hasheesh","status":"publish","type":"product","link":"https:\/\/egytourpackages.com\/ro\/tours\/excursie-privata-la-cairo-din-sahl-hasheesh\/","title":{"rendered":"Excursie Privat\u0103 la Cairo din Sahl Hasheesh"},"content":{"rendered":"<p><span style=\"color: #ff6600;\"><strong>Excursie Privat\u0103 la Cairo din Sahl Hasheesh<\/strong><\/span><\/p>\n<p>\u00cembarc\u0103-te \u00eentr-o <strong>excursie privat\u0103 de o zi la Cairo din Sahl Hasheesh<\/strong> de neuitat, considerat\u0103 pe scar\u0103 larg\u0103 una dintre cele mai <strong>bune excursii din Sahl Hasheesh<\/strong>. Aceste <strong>excursii de o zi \u00een Egipt<\/strong> exclusive ofer\u0103 o modalitate luxoas\u0103 de a explora cele mai importante atrac\u021bii din Cairo.<\/p>\n<p>De fapt, c\u0103l\u0103toria se concentreaz\u0103 pe cele mai emblematice <strong>atrac\u021bii din Cairo<\/strong>, \u00eencep\u00e2nd cu impresionantul <strong>Complex al Piramidelor din Giza<\/strong>. Admir\u0103 <strong>Marea Piramid\u0103 a lui Keops (Khufu)<\/strong>, <strong>Piramida lui Kefren<\/strong> \u0219i <strong>Piramida lui Mykerinos<\/strong>, adev\u0103rate <strong>minuni antice<\/strong>. Stai \u00een fa\u021ba enigmaticului <strong>Mare Sfinx<\/strong>, gardianul platoului.<\/p>\n<p>Dup\u0103 vizita monumental\u0103, bucur\u0103-te de un <strong>pr\u00e2nz<\/strong> delicios la un restaurant local. Ulterior, continu\u0103 c\u0103l\u0103toria \u00een istorie la <strong>Marele Muzeu Egiptean (GEM)<\/strong>, acum cel mai mare <strong>muzeu arheologic din lume<\/strong>.<\/p>\n<p>Aici vei fi captivat de inegalabilele <strong>comori ale lui Tutankhamon<\/strong>, inclusiv celebra sa <strong>masc\u0103 de aur a regelui Tut<\/strong>, expuse \u00een \u00eentregime. Aceast\u0103 <strong>excursie privat\u0103<\/strong> asigur\u0103 o explorare confortabil\u0103, informativ\u0103 \u0219i cuprinz\u0103toare a celor mai semnificative repere istorice \u0219i culturale din Cairo.<\/p>\n<h3><span style=\"color: #ff6600;\">Detalii<\/span><\/h3>\n<ul>\n<li>Durat\u0103: 18 ore<\/li>\n<li>Loca\u021bie: Giza \u0219i Cairo<\/li>\n<li>Disponibilitate: \u00cen fiecare zi<\/li>\n<li>Preluare &amp; Retur: Hoteluri din Sahl Hasheesh<\/li>\n<li>Tip Excursie: Privat\u0103<\/li>\n<li>Accesibilitate: Scaun cu rotile disponibil<\/li>\n<\/ul>\n<h3><span style=\"color: #ff6600;\">Reperele Excursiei<\/span><\/h3>\n<ul>\n<li>Piramidele din Giza<\/li>\n<li>Marele Sfinx<\/li>\n<li>Templul din Vale<\/li>\n<li>Mormintele constructorilor de piramide<\/li>\n<li>Marele Muzeu Egiptean (GEM)<\/li>\n<\/ul>\n<h3><span style=\"color: #ff6600;\">Servicii Incluse<\/span><\/h3>\n<ul>\n<li>Transfer dus-\u00eentors cu vehicul nou, dotat cu aer condi\u021bionat<\/li>\n<li>Bilete de intrare pentru toate obiectivele vizitate<\/li>\n<li>Ghid egiptolog profesionist<\/li>\n<li>Pr\u00e2nz inclus<\/li>\n<\/ul>\n<h3><span style=\"color: #ff6600;\">Servicii Excluse<\/span><\/h3>\n<ul>\n<li>B\u0103uturile \u00een timpul pr\u00e2nzului<\/li>\n<li>Taxa de intrare \u00een Piramida lui Keops \u0219i Piramida lui Kefren<\/li>\n<li>Bac\u0219i\u0219uri<\/li>\n<\/ul>\n<h3><span style=\"color: #ff6600;\">Ce s\u0103 iei cu tine<\/span><\/h3>\n<ul>\n<li>Pantofi \u0219i haine confortabile (\u00een special vara)<\/li>\n<li>Haine groase pentru iarn\u0103<\/li>\n<li>Ochelari de soare, p\u0103l\u0103rie sau e\u0219arf\u0103<\/li>\n<li>Crem\u0103 de protec\u021bie solar\u0103 (vara)<\/li>\n<\/ul>\n<h2><span style=\"color: #ff6600;\">Itinerariu<\/span><\/h2>\n<h3><span style=\"color: #ff6600;\">Preluarea de la hotel<\/span><\/h3>\n<p><strong>Ora 02:00 am<\/strong> Ghidul t\u0103u te va prelua de la recep\u021bia hotelului t\u0103u.<\/p>\n<h3><span style=\"color: #ff6600;\">Pauz\u0103 de cafea<\/span><\/h3>\n<p><strong>Ora 06:00 am<\/strong> Bucur\u0103-te de o scurt\u0103 pauz\u0103 \u00een lounge-ul Zaafarana pentru a lua micul dejun \u0219i a folosi toaleta (aproximativ 20 L.E. de persoan\u0103).<\/p>\n<h3><span style=\"color: #ff6600;\">Complexul Piramidelor din Giza<\/span><\/h3>\n<p><strong>Ora 09:00 am<\/strong>, vei \u00eencepe excursia la Cairo pe malul de vest al Nilului, vizit\u00e2nd platoul Giza. Piramidele sunt singura <strong>Minune a Lumii Antice<\/strong> r\u0103mas\u0103 \u00een picioare, iar acest sit inclus \u00een <strong>Patrimoniul Mondial UNESCO<\/strong> ofer\u0103 o \u0219ans\u0103 de neuitat de a explora mistere \u0219i <strong>repere emblematice<\/strong>.<\/p>\n<p>Explorarea \u00eencepe cu <strong>Marea Piramid\u0103 a lui Keops (Khufu)<\/strong>, cea mai mare \u0219i mai veche dintre cele trei. \u00cen apropiere, vei \u00eent\u00e2lni <strong>Piramida lui Kefren (Khafre)<\/strong>, distinctiv\u0103 prin pietrele de placare care \u00eenc\u0103 se mai p\u0103streaz\u0103 la v\u00e2rf.<\/p>\n<p>Apoi, <strong>Piramida lui Mykerinos<\/strong>, mai mic\u0103 dar semnificativ\u0103, completeaz\u0103 panorama dramatic\u0103 a platoului.<\/p>\n<p>P\u0103trunde mai ad\u00e2nc \u00een necropola regal\u0103 vizit\u00e2nd <strong>Piramidele Reginelor<\/strong>, \u00een special situl asociat cu <strong>Piramida lui Hetepheres<\/strong>, mama lui Khufu, ale c\u0103rei obiecte funerare intacte au oferit informa\u021bii pre\u021bioase despre practicile din Regatul Vechi.<\/p>\n<p>Vezi faimoasele <strong>Gropi pentru b\u0103rci<\/strong>, unde a fost descoperit\u0103 <strong>Barca lui Keops (Barca Solar\u0103)<\/strong>, o nav\u0103 ceremonial\u0103 conservat\u0103 remarcabil, menit\u0103 s\u0103 transporte faraonul \u00een via\u021ba de apoi (acum g\u0103zduit\u0103 \u00een Marele Muzeu Egiptean).<\/p>\n<p>Ob\u021bine o perspectiv\u0103 unic\u0103 asupra construc\u021biei monumentale explor\u00e2nd <strong>Mormintele constructorilor de piramide<\/strong>, oferind o privire asupra vie\u021bii artizanilor iscusi\u021bi care au ridicat aceste minuni.<\/p>\n<p>\u00cen continuare, viziteaz\u0103 <strong>Templul din Vale<\/strong>, cunoscut \u0219i sub numele de <strong>Templul de Mumificare<\/strong>, o parte crucial\u0103 a complexului funerar unde corpul faraonului era preg\u0103tit pentru eternitate.<\/p>\n<p>\u00cen final, stai \u00een fa\u021ba enigmaticului <strong>Mare Sfinx<\/strong>, colosala statuie jum\u0103tate leu, jum\u0103tate om care p\u0103ze\u0219te platoul. \u00centre labele sale se afl\u0103 <strong>Stela Visului a lui Thutmose IV<\/strong>, o inscrip\u021bie semnificativ\u0103 ce relateaz\u0103 visul divin al faraonului care a dus la restaurarea Sfinxului.<\/p>\n<h3><span style=\"color: #ff6600;\">Masa de pr\u00e2nz<\/span><\/h3>\n<p><strong>Ora 12:00 pm<\/strong> Bucur\u0103-te de pr\u00e2nz la un restaurant local, cu op\u021biuni disponibile \u0219i pentru vegetarieni.<\/p>\n<h3><span style=\"color: #ff6600;\">Marele Muzeu Egiptean (GEM)<\/span><\/h3>\n<p><strong>Ora 13:00 pm<\/strong> <strong>Marele Muzeu Egiptean (GEM)<\/strong> este <strong>cel mai mare muzeu arheologic din lume<\/strong> \u0219i o <strong>atrac\u021bie obligatorie<\/strong> l\u00e2ng\u0103 Piramidele din Giza.<\/p>\n<p>La sosire, vei fi \u00eent\u00e2mpinat de impresionantul <strong>Obelisc Suspendat<\/strong>, o dovad\u0103 a ingineriei moderne care integreaz\u0103 superb artefactele antice. Odat\u0103 intrat, vei fi primit de monumentalul <strong>Colos al lui Ramses cel Mare<\/strong>.<\/p>\n<p>Dincolo de regele de aur, descoper\u0103 alte exponate extraordinare, inclusiv <strong>comorile regelui de argint Psusennes I<\/strong> din Dinastia a 21-a. Admir\u0103 <strong>Sfinxul lui Hetepheres<\/strong> \u0219i las\u0103-te fascinat de <strong>machetele din lemn<\/strong>, scene miniaturale ce descriu via\u021ba de zi cu zi.<\/p>\n<p>De asemenea, muzeul g\u0103zduie\u0219te artefacte valoroase precum <strong>scrisorile de la Amarna<\/strong>, coresponden\u021b\u0103 diplomatic\u0103 antic\u0103, \u0219i diverse <strong>papirusuri<\/strong> care ofer\u0103 detalii despre via\u021ba administrativ\u0103 \u0219i religioas\u0103.<\/p>\n<p>O pies\u0103 deosebit de important\u0103 este <strong>Capela Hathor<\/strong> din templul lui Mentuhotep II de la Deir El Bahari, Luxor. GEM ofer\u0103 o c\u0103l\u0103torie captivant\u0103 prin milenii de civiliza\u021bie, fiind un punct culminant al oric\u0103rei vizite \u00een Egipt.<\/p>\n<p>Punctul culminant absolut este reprezentat de <strong>comorile complete ale lui Tutankhamon<\/strong> din morm\u00e2ntul s\u0103u din Valea Regilor. Vei vedea <strong>masca de aur a lui Tut<\/strong>, <strong>sarcofagul s\u0103u de aur<\/strong>, vasele canopice \u0219i opulentul <strong>tron al lui Tutankhamon<\/strong>.<\/p>\n<h3><span style=\"color: #ff6600;\">De la Cairo la Sahl Hasheesh<\/span><\/h3>\n<p><strong>Ora 15:00 pm<\/strong> la finalul excursiei tale private, vei porni \u00eenapoi spre Hurghada\/Sahl Hasheesh, cu o scurt\u0103 pauz\u0103 pe drum pentru cafea.<\/p>\n<h3><span style=\"color: #ff6600;\">Pre\u021b Excursie Privat\u0103 la Cairo din Sahl Hasheesh<\/span><\/h3>\n<ul>\n<li>Pre\u021b Adult: 170 \u20ac<\/li>\n<li>Infant (0-5 ani): Gratuit<\/li>\n<li>Copii (5-11 ani): 50% din pre\u021bul de adult<\/li>\n<\/ul>\n<h3><span style=\"color: #ff6600;\">Rezerv\u0103ri<\/span><\/h3>\n<p>Po\u021bi rezerva excursia prin WhatsApp sau prin e-mail \u0219i vei primi confirmarea pe loc. V\u0103 rug\u0103m s\u0103 ne trimite\u021bi numele hotelului, num\u0103rul camerei \u0219i copii dup\u0103 pa\u0219apoarte.<\/p>\n<ul>\n<li>WhatsApp: +201000852186<\/li>\n<li>Email: info@egytourpackages.com<\/li>\n<\/ul>\n<h3><span style=\"color: #ff6600;\">Rezerv\u0103 Acum \u0219i Pl\u0103te\u0219te la Fa\u021ba Locului<\/span><\/h3>\n<p>Rezerv\u0103 excursiile tale de o zi din Sahl Hasheesh preferate \u0219i pl\u0103te\u0219te \u00een ziua c\u0103l\u0103toriei.<\/p>\n<h3><span style=\"color: #ff6600;\">Plat\u0103<\/span><\/h3>\n<p>Po\u021bi pl\u0103ti \u00een lire egiptene, dolari americani, euro sau lire sterline.<\/p>\n<h3><span style=\"color: #ff6600;\">Politica de Anulare<\/span><\/h3>\n<ul>\n<li>Anularea este gratuit\u0103 cu p\u00e2n\u0103 la 24 de ore \u00eenainte.<\/li>\n<li>Anularea \u00een diminea\u021ba plec\u0103rii se taxeaz\u0103 cu 50% din pre\u021b.<\/li>\n<\/ul>\n","protected":false},"excerpt":{"rendered":"<p>Excursie Privat\u0103 la Cairo din Sahl Hasheesh. Viziteaz\u0103 Piramidele din Giza, Sfinxul \u0219i Marele Muzeu Egiptean. Ghid expert \u0219i pre\u021b imbatabil. Rezerv\u0103<\/p>\n","protected":false},"featured_media":13298,"comment_status":"open","ping_status":"closed","template":"","meta":[],"product_brand":[],"product_cat":[3120],"product_tag":[3203,3257,3194,3192],"class_list":{"0":"post-13297","1":"product","2":"type-product","3":"status-publish","4":"has-post-thumbnail","6":"product_cat-tururi","7":"product_tag-excursii-de-o-zi-in-egipt","8":"product_tag-excursii-in-sahl-hasheesh","9":"product_tag-piramidele-din-giza","10":"product_tag-tururi-in-egipt","11":"tour_category-excursii-de-o-zi-in-egipt-ro","12":"tour_category-excursii-sahl-hasheesh-ro","13":"tour_category-tururi-la-cairo-din-hurghada","15":"first","16":"instock","17":"sale","18":"shipping-taxable","19":"purchasable","20":"product-type-tour","21":"has-default-attributes"},"yoast_head":"<!-- This site is optimized with the Yoast SEO Premium plugin v27.4 (Yoast SEO v27.4) - https:\/\/yoast.com\/product\/yoast-seo-premium-wordpress\/ -->\n<title>Excursie Privat\u0103 la Cairo din Sahl Hasheesh<\/title>\n<meta name=\"description\" content=\"Excursie Privat\u0103 la Cairo din Sahl Hasheesh. Viziteaz\u0103 Piramidele din Giza, Sfinxul \u0219i Marele Muzeu Egiptean. Ghid expert \u0219i pre\u021b imbatabil. Rezerv\u0103\" \/>\n<meta name=\"robots\" content=\"index, follow, max-snippet:-1, max-image-preview:large, max-video-preview:-1\" \/>\n<link rel=\"canonical\" href=\"https:\/\/egytourpackages.com\/ro\/tours\/excursie-privata-la-cairo-din-sahl-hasheesh\/\" \/>\n<meta property=\"og:locale\" content=\"ro_RO\" \/>\n<meta property=\"og:type\" content=\"article\" \/>\n<meta property=\"og:title\" content=\"Excursie Privat\u0103 la Cairo din Sahl Hasheesh\" \/>\n<meta property=\"og:description\" content=\"Excursie Privat\u0103 la Cairo din Sahl Hasheesh. Viziteaz\u0103 Piramidele din Giza, Sfinxul \u0219i Marele Muzeu Egiptean. Ghid expert \u0219i pre\u021b imbatabil. Rezerv\u0103\" \/>\n<meta property=\"og:url\" content=\"https:\/\/egytourpackages.com\/ro\/tours\/excursie-privata-la-cairo-din-sahl-hasheesh\/\" \/>\n<meta property=\"og:site_name\" content=\"Egypt Tour Packages\" \/>\n<meta property=\"article:publisher\" content=\"https:\/\/www.facebook.com\/egytourpackages\" \/>\n<meta property=\"article:modified_time\" content=\"2026-01-28T21:27:57+00:00\" \/>\n<meta property=\"og:image\" content=\"https:\/\/egytourpackages.com\/wp-content\/uploads\/2023\/08\/Giza-Pyramids-1024x768.jpg\" \/>\n<meta name=\"twitter:card\" content=\"summary_large_image\" \/>\n<meta name=\"twitter:title\" content=\"Excursie Privat\u0103 la Cairo din Sahl Hasheesh\" \/>\n<meta name=\"twitter:description\" content=\"Excursie Privat\u0103 la Cairo din Sahl Hasheesh. Viziteaz\u0103 Piramidele din Giza, Sfinxul \u0219i Marele Muzeu Egiptean. Ghid expert \u0219i pre\u021b imbatabil. Rezerv\u0103\" \/>\n<meta name=\"twitter:label1\" content=\"Pre\u021b\" \/>\n\t<meta name=\"twitter:data1\" content=\"&euro;150\" \/>\n\t<meta name=\"twitter:label2\" content=\"Disponibilitate\" \/>\n\t<meta name=\"twitter:data2\" content=\"\u00cen stoc\" \/>\n<script type=\"application\/ld+json\" class=\"yoast-schema-graph\">{\"@context\":\"https:\\\/\\\/schema.org\",\"@graph\":[{\"@type\":\"WebPage\",\"@id\":\"https:\\\/\\\/egytourpackages.com\\\/ro\\\/tours\\\/excursie-privata-la-cairo-din-sahl-hasheesh\\\/\",\"url\":\"https:\\\/\\\/egytourpackages.com\\\/ro\\\/tours\\\/excursie-privata-la-cairo-din-sahl-hasheesh\\\/\",\"name\":\"Excursie Privat\u0103 la Cairo din Sahl Hasheesh\",\"isPartOf\":{\"@id\":\"https:\\\/\\\/egytourpackages.com\\\/ro\\\/#website\"},\"primaryImageOfPage\":{\"@id\":\"https:\\\/\\\/egytourpackages.com\\\/ro\\\/tours\\\/excursie-privata-la-cairo-din-sahl-hasheesh\\\/#primaryimage\"},\"image\":{\"@id\":\"https:\\\/\\\/egytourpackages.com\\\/ro\\\/tours\\\/excursie-privata-la-cairo-din-sahl-hasheesh\\\/#primaryimage\"},\"thumbnailUrl\":\"https:\\\/\\\/egytourpackages.com\\\/wp-content\\\/uploads\\\/2023\\\/07\\\/Giza-Pyramids-1.jpg\",\"datePublished\":\"2023-07-27T00:03:11+00:00\",\"dateModified\":\"2026-01-28T21:27:57+00:00\",\"description\":\"Excursie Privat\u0103 la Cairo din Sahl Hasheesh. Viziteaz\u0103 Piramidele din Giza, Sfinxul \u0219i Marele Muzeu Egiptean. Ghid expert \u0219i pre\u021b imbatabil. Rezerv\u0103\",\"breadcrumb\":{\"@id\":\"https:\\\/\\\/egytourpackages.com\\\/ro\\\/tours\\\/excursie-privata-la-cairo-din-sahl-hasheesh\\\/#breadcrumb\"},\"inLanguage\":\"ro-RO\",\"potentialAction\":[{\"@type\":\"ReadAction\",\"target\":[\"https:\\\/\\\/egytourpackages.com\\\/ro\\\/tours\\\/excursie-privata-la-cairo-din-sahl-hasheesh\\\/\"]}]},{\"@type\":\"ImageObject\",\"inLanguage\":\"ro-RO\",\"@id\":\"https:\\\/\\\/egytourpackages.com\\\/ro\\\/tours\\\/excursie-privata-la-cairo-din-sahl-hasheesh\\\/#primaryimage\",\"url\":\"https:\\\/\\\/egytourpackages.com\\\/wp-content\\\/uploads\\\/2023\\\/07\\\/Giza-Pyramids-1.jpg\",\"contentUrl\":\"https:\\\/\\\/egytourpackages.com\\\/wp-content\\\/uploads\\\/2023\\\/07\\\/Giza-Pyramids-1.jpg\",\"width\":2000,\"height\":1500,\"caption\":\"Excursie Privat\u0103 la Cairo din Sahl Hasheesh\"},{\"@type\":\"BreadcrumbList\",\"@id\":\"https:\\\/\\\/egytourpackages.com\\\/ro\\\/tours\\\/excursie-privata-la-cairo-din-sahl-hasheesh\\\/#breadcrumb\",\"itemListElement\":[{\"@type\":\"ListItem\",\"position\":1,\"name\":\"Home\",\"item\":\"https:\\\/\\\/egytourpackages.com\\\/ro\\\/\"},{\"@type\":\"ListItem\",\"position\":2,\"name\":\"Shop\",\"item\":\"https:\\\/\\\/egytourpackages.com\\\/shop\\\/\"},{\"@type\":\"ListItem\",\"position\":3,\"name\":\"Excursie Privat\u0103 la Cairo din Sahl Hasheesh\"}]},{\"@type\":\"WebSite\",\"@id\":\"https:\\\/\\\/egytourpackages.com\\\/ro\\\/#website\",\"url\":\"https:\\\/\\\/egytourpackages.com\\\/ro\\\/\",\"name\":\"Egy tour packages\",\"description\":\"\",\"publisher\":{\"@id\":\"https:\\\/\\\/egytourpackages.com\\\/ro\\\/#organization\"},\"potentialAction\":[{\"@type\":\"SearchAction\",\"target\":{\"@type\":\"EntryPoint\",\"urlTemplate\":\"https:\\\/\\\/egytourpackages.com\\\/ro\\\/?s={search_term_string}\"},\"query-input\":{\"@type\":\"PropertyValueSpecification\",\"valueRequired\":true,\"valueName\":\"search_term_string\"}}],\"inLanguage\":\"ro-RO\"},{\"@type\":[\"Organization\",\"Place\",\"TravelAgency\"],\"@id\":\"https:\\\/\\\/egytourpackages.com\\\/ro\\\/#organization\",\"name\":\"egypt tour packages\",\"alternateName\":\"egypt tour packages\",\"url\":\"https:\\\/\\\/egytourpackages.com\\\/ro\\\/\",\"logo\":{\"@id\":\"https:\\\/\\\/egytourpackages.com\\\/ro\\\/tours\\\/excursie-privata-la-cairo-din-sahl-hasheesh\\\/#local-main-organization-logo\"},\"image\":{\"@id\":\"https:\\\/\\\/egytourpackages.com\\\/ro\\\/tours\\\/excursie-privata-la-cairo-din-sahl-hasheesh\\\/#local-main-organization-logo\"},\"sameAs\":[\"https:\\\/\\\/www.facebook.com\\\/egytourpackages\"],\"legalName\":\"Egy tour packages\",\"address\":{\"@id\":\"https:\\\/\\\/egytourpackages.com\\\/ro\\\/tours\\\/excursie-privata-la-cairo-din-sahl-hasheesh\\\/#local-main-place-address\"},\"telephone\":[\"00201000852186\",\"00201028685533\"],\"contactPoint\":{\"@type\":\"ContactPoint\",\"telephone\":\"00201000852186\"},\"openingHoursSpecification\":[{\"@type\":\"OpeningHoursSpecification\",\"dayOfWeek\":[\"Monday\",\"Tuesday\",\"Wednesday\",\"Thursday\",\"Friday\",\"Saturday\",\"Sunday\"],\"opens\":\"00:00\",\"closes\":\"23:59\"}],\"email\":\"info@egytourpackages.com\",\"areaServed\":\"Cairo, Hurghada, Luxor, Sharm El Sheikh, Marsa Alam, Aswan\",\"priceRange\":\"$\",\"currenciesAccepted\":\"euro\",\"paymentAccepted\":\"Payment links online\"},{\"@type\":\"PostalAddress\",\"@id\":\"https:\\\/\\\/egytourpackages.com\\\/ro\\\/tours\\\/excursie-privata-la-cairo-din-sahl-hasheesh\\\/#local-main-place-address\",\"streetAddress\":\"Mubarak 8, Al Kawthar District, Hurghada\",\"addressLocality\":\"Hurghada\",\"postalCode\":\"84511\",\"addressRegion\":\"Red Sea\",\"addressCountry\":\"EG\"},{\"@type\":\"ImageObject\",\"inLanguage\":\"ro-RO\",\"@id\":\"https:\\\/\\\/egytourpackages.com\\\/ro\\\/tours\\\/excursie-privata-la-cairo-din-sahl-hasheesh\\\/#local-main-organization-logo\",\"url\":\"https:\\\/\\\/egytourpackages.com\\\/wp-content\\\/uploads\\\/2025\\\/12\\\/Turquoise-Dahabiya-Nile-Cruise-1.jpeg\",\"contentUrl\":\"https:\\\/\\\/egytourpackages.com\\\/wp-content\\\/uploads\\\/2025\\\/12\\\/Turquoise-Dahabiya-Nile-Cruise-1.jpeg\",\"width\":1040,\"height\":694,\"caption\":\"egypt tour packages\"}]}<\/script>\n<meta property=\"product:brand\" content=\"Excursii de o zi \u00een Egipt\" \/>\n<meta property=\"product:price:amount\" content=\"150\" \/>\n<meta property=\"product:price:currency\" content=\"EUR\" \/>\n<meta property=\"og:availability\" content=\"instock\" \/>\n<meta property=\"product:availability\" content=\"instock\" \/>\n<meta property=\"product:retailer_item_id\" content=\"SHDT01\" \/>\n<meta property=\"product:condition\" content=\"new\" \/>\n<meta name=\"geo.placename\" content=\"Hurghada\" \/>\n<meta name=\"geo.region\" content=\"Egipt\" \/>\n<!-- \/ Yoast SEO Premium plugin. -->","yoast_head_json":{"title":"Excursie Privat\u0103 la Cairo din Sahl Hasheesh","description":"Excursie Privat\u0103 la Cairo din Sahl Hasheesh. Viziteaz\u0103 Piramidele din Giza, Sfinxul \u0219i Marele Muzeu Egiptean. Ghid expert \u0219i pre\u021b imbatabil. Rezerv\u0103","robots":{"index":"index","follow":"follow","max-snippet":"max-snippet:-1","max-image-preview":"max-image-preview:large","max-video-preview":"max-video-preview:-1"},"canonical":"https:\/\/egytourpackages.com\/ro\/tours\/excursie-privata-la-cairo-din-sahl-hasheesh\/","og_locale":"ro_RO","og_type":"article","og_title":"Excursie Privat\u0103 la Cairo din Sahl Hasheesh","og_description":"Excursie Privat\u0103 la Cairo din Sahl Hasheesh. Viziteaz\u0103 Piramidele din Giza, Sfinxul \u0219i Marele Muzeu Egiptean. Ghid expert \u0219i pre\u021b imbatabil. Rezerv\u0103","og_url":"https:\/\/egytourpackages.com\/ro\/tours\/excursie-privata-la-cairo-din-sahl-hasheesh\/","og_site_name":"Egypt Tour Packages","article_publisher":"https:\/\/www.facebook.com\/egytourpackages","article_modified_time":"2026-01-28T21:27:57+00:00","og_image":[{"url":"https:\/\/egytourpackages.com\/wp-content\/uploads\/2023\/08\/Giza-Pyramids-1024x768.jpg","type":"","width":"","height":""}],"twitter_card":"summary_large_image","twitter_title":"Excursie Privat\u0103 la Cairo din Sahl Hasheesh","twitter_description":"Excursie Privat\u0103 la Cairo din Sahl Hasheesh. Viziteaz\u0103 Piramidele din Giza, Sfinxul \u0219i Marele Muzeu Egiptean. Ghid expert \u0219i pre\u021b imbatabil. Rezerv\u0103","twitter_misc":{"Pre\u021b":"&euro;150","Disponibilitate":"\u00cen stoc"},"schema":{"@context":"https:\/\/schema.org","@graph":[{"@type":"WebPage","@id":"https:\/\/egytourpackages.com\/ro\/tours\/excursie-privata-la-cairo-din-sahl-hasheesh\/","url":"https:\/\/egytourpackages.com\/ro\/tours\/excursie-privata-la-cairo-din-sahl-hasheesh\/","name":"Excursie Privat\u0103 la Cairo din Sahl Hasheesh","isPartOf":{"@id":"https:\/\/egytourpackages.com\/ro\/#website"},"primaryImageOfPage":{"@id":"https:\/\/egytourpackages.com\/ro\/tours\/excursie-privata-la-cairo-din-sahl-hasheesh\/#primaryimage"},"image":{"@id":"https:\/\/egytourpackages.com\/ro\/tours\/excursie-privata-la-cairo-din-sahl-hasheesh\/#primaryimage"},"thumbnailUrl":"https:\/\/egytourpackages.com\/wp-content\/uploads\/2023\/07\/Giza-Pyramids-1.jpg","datePublished":"2023-07-27T00:03:11+00:00","dateModified":"2026-01-28T21:27:57+00:00","description":"Excursie Privat\u0103 la Cairo din Sahl Hasheesh. Viziteaz\u0103 Piramidele din Giza, Sfinxul \u0219i Marele Muzeu Egiptean. Ghid expert \u0219i pre\u021b imbatabil. Rezerv\u0103","breadcrumb":{"@id":"https:\/\/egytourpackages.com\/ro\/tours\/excursie-privata-la-cairo-din-sahl-hasheesh\/#breadcrumb"},"inLanguage":"ro-RO","potentialAction":[{"@type":"ReadAction","target":["https:\/\/egytourpackages.com\/ro\/tours\/excursie-privata-la-cairo-din-sahl-hasheesh\/"]}]},{"@type":"ImageObject","inLanguage":"ro-RO","@id":"https:\/\/egytourpackages.com\/ro\/tours\/excursie-privata-la-cairo-din-sahl-hasheesh\/#primaryimage","url":"https:\/\/egytourpackages.com\/wp-content\/uploads\/2023\/07\/Giza-Pyramids-1.jpg","contentUrl":"https:\/\/egytourpackages.com\/wp-content\/uploads\/2023\/07\/Giza-Pyramids-1.jpg","width":2000,"height":1500,"caption":"Excursie Privat\u0103 la Cairo din Sahl Hasheesh"},{"@type":"BreadcrumbList","@id":"https:\/\/egytourpackages.com\/ro\/tours\/excursie-privata-la-cairo-din-sahl-hasheesh\/#breadcrumb","itemListElement":[{"@type":"ListItem","position":1,"name":"Home","item":"https:\/\/egytourpackages.com\/ro\/"},{"@type":"ListItem","position":2,"name":"Shop","item":"https:\/\/egytourpackages.com\/shop\/"},{"@type":"ListItem","position":3,"name":"Excursie Privat\u0103 la Cairo din Sahl Hasheesh"}]},{"@type":"WebSite","@id":"https:\/\/egytourpackages.com\/ro\/#website","url":"https:\/\/egytourpackages.com\/ro\/","name":"Egy tour packages","description":"","publisher":{"@id":"https:\/\/egytourpackages.com\/ro\/#organization"},"potentialAction":[{"@type":"SearchAction","target":{"@type":"EntryPoint","urlTemplate":"https:\/\/egytourpackages.com\/ro\/?s={search_term_string}"},"query-input":{"@type":"PropertyValueSpecification","valueRequired":true,"valueName":"search_term_string"}}],"inLanguage":"ro-RO"},{"@type":["Organization","Place","TravelAgency"],"@id":"https:\/\/egytourpackages.com\/ro\/#organization","name":"egypt tour packages","alternateName":"egypt tour packages","url":"https:\/\/egytourpackages.com\/ro\/","logo":{"@id":"https:\/\/egytourpackages.com\/ro\/tours\/excursie-privata-la-cairo-din-sahl-hasheesh\/#local-main-organization-logo"},"image":{"@id":"https:\/\/egytourpackages.com\/ro\/tours\/excursie-privata-la-cairo-din-sahl-hasheesh\/#local-main-organization-logo"},"sameAs":["https:\/\/www.facebook.com\/egytourpackages"],"legalName":"Egy tour packages","address":{"@id":"https:\/\/egytourpackages.com\/ro\/tours\/excursie-privata-la-cairo-din-sahl-hasheesh\/#local-main-place-address"},"telephone":["00201000852186","00201028685533"],"contactPoint":{"@type":"ContactPoint","telephone":"00201000852186"},"openingHoursSpecification":[{"@type":"OpeningHoursSpecification","dayOfWeek":["Monday","Tuesday","Wednesday","Thursday","Friday","Saturday","Sunday"],"opens":"00:00","closes":"23:59"}],"email":"info@egytourpackages.com","areaServed":"Cairo, Hurghada, Luxor, Sharm El Sheikh, Marsa Alam, Aswan","priceRange":"$","currenciesAccepted":"euro","paymentAccepted":"Payment links online"},{"@type":"PostalAddress","@id":"https:\/\/egytourpackages.com\/ro\/tours\/excursie-privata-la-cairo-din-sahl-hasheesh\/#local-main-place-address","streetAddress":"Mubarak 8, Al Kawthar District, Hurghada","addressLocality":"Hurghada","postalCode":"84511","addressRegion":"Red Sea","addressCountry":"EG"},{"@type":"ImageObject","inLanguage":"ro-RO","@id":"https:\/\/egytourpackages.com\/ro\/tours\/excursie-privata-la-cairo-din-sahl-hasheesh\/#local-main-organization-logo","url":"https:\/\/egytourpackages.com\/wp-content\/uploads\/2025\/12\/Turquoise-Dahabiya-Nile-Cruise-1.jpeg","contentUrl":"https:\/\/egytourpackages.com\/wp-content\/uploads\/2025\/12\/Turquoise-Dahabiya-Nile-Cruise-1.jpeg","width":1040,"height":694,"caption":"egypt tour packages"}]},"product_brand":"Excursii de o zi \u00een Egipt","product_price_amount":"150","product_price_currency":"EUR","og_availability":"instock","product_availability":"instock","product_retailer_item_id":"SHDT01","product_condition":"new","geo.placename":"Hurghada","geo.region":"Egipt"},"_links":{"self":[{"href":"https:\/\/egytourpackages.com\/ro\/wp-json\/wp\/v2\/product\/13297","targetHints":{"allow":["GET"]}}],"collection":[{"href":"https:\/\/egytourpackages.com\/ro\/wp-json\/wp\/v2\/product"}],"about":[{"href":"https:\/\/egytourpackages.com\/ro\/wp-json\/wp\/v2\/types\/product"}],"replies":[{"embeddable":true,"href":"https:\/\/egytourpackages.com\/ro\/wp-json\/wp\/v2\/comments?post=13297"}],"wp:featuredmedia":[{"embeddable":true,"href":"https:\/\/egytourpackages.com\/ro\/wp-json\/wp\/v2\/media\/13298"}],"wp:attachment":[{"href":"https:\/\/egytourpackages.com\/ro\/wp-json\/wp\/v2\/media?parent=13297"}],"wp:term":[{"taxonomy":"product_brand","embeddable":true,"href":"https:\/\/egytourpackages.com\/ro\/wp-json\/wp\/v2\/product_brand?post=13297"},{"taxonomy":"product_cat","embeddable":true,"href":"https:\/\/egytourpackages.com\/ro\/wp-json\/wp\/v2\/product_cat?post=13297"},{"taxonomy":"product_tag","embeddable":true,"href":"https:\/\/egytourpackages.com\/ro\/wp-json\/wp\/v2\/product_tag?post=13297"}],"curies":[{"name":"wp","href":"https:\/\/api.w.org\/{rel}","templated":true}]}}