{"id":13307,"date":"2023-08-12T02:59:49","date_gmt":"2023-08-12T02:59:49","guid":{"rendered":"https:\/\/egytourpackages.com\/product\/excursie-privata-de-o-zi-la-cairo-din-portul-el-sokhna\/"},"modified":"2026-01-18T20:03:03","modified_gmt":"2026-01-18T20:03:03","slug":"excursie-privata-de-o-zi-la-cairo-din-portul-el-sokhna","status":"publish","type":"product","link":"https:\/\/egytourpackages.com\/ro\/tours\/excursie-privata-de-o-zi-la-cairo-din-portul-el-sokhna\/","title":{"rendered":"Excursie Privat\u0103 de o zi la Cairo din Portul El Sokhna"},"content":{"rendered":"<p><span style=\"color: #ff6600;\"><strong>Excursie Privat\u0103 de o zi la Cairo din Portul El Sokhna<\/strong><\/span><\/p>\n<p><span style=\"color: #ff6600;\"><strong>Prezentare General\u0103<\/strong><\/span><\/p>\n<p>\u00cencepe o <strong>excursie privat\u0103 de o zi la Cairo<\/strong> de neuitat, direct din <strong>Portul El Sokhna<\/strong>. Aceast\u0103 <strong>excursie la \u021b\u0103rm<\/strong> exclusiv\u0103 este creat\u0103 special pentru c\u0103l\u0103torii care doresc s\u0103 exploreze cele mai emblematice minuni ale Egiptului \u00eentr-o singur\u0103 zi.<\/p>\n<p>\u00cen calitate de furnizor de top pentru <strong>tururi \u00een Egipt<\/strong> \u0219i <strong>excursii de o zi la Cairo<\/strong>, garant\u0103m o experien\u021b\u0103 profesional\u0103, confortabil\u0103 \u0219i profund \u00eembog\u0103\u021bitoare.<\/p>\n<p>C\u0103l\u0103toria ta \u00een <strong>istoria Egiptului Antic<\/strong> \u00eencepe cu o vizit\u0103 la faimoasele <strong>Piramide din Giza<\/strong>, o dovad\u0103 a geniului arhitectural al <strong>faraonilor<\/strong>. Admir\u0103 <strong>Marea Piramid\u0103 din Giza<\/strong>, una dintre cele \u0219apte minuni ale lumii antice, \u0219i surprinde fotografii uluitoare.<\/p>\n<p><strong>Ghidul t\u0103u expert egiptolog<\/strong> \u00ee\u021bi va dezv\u0103lui secretele din spatele acestor structuri monumentale \u0219i istoria fascinant\u0103 a faraonilor care le-au comandat.<\/p>\n<p>\u00cen continuare, te vei afla fa\u021b\u0103 \u00een fa\u021b\u0103 cu enigmaticul <strong>Mare Sfinx<\/strong>, legendarul gardian al <strong>Platoului Giza<\/strong>. Admir\u0103 aceast\u0103 statuie colosal\u0103 din calcar \u0219i afl\u0103 despre semnifica\u021bia sa mitic\u0103 \u00een cultura egiptean\u0103 antic\u0103.<\/p>\n<p>Punctul culminant al acestei <strong>excursii la Cairo<\/strong> este vizitarea noului <strong>Mare Muzeu Egiptean (GEM)<\/strong>, cel mai mare muzeu arheologic din lume.<\/p>\n<p>Aici, vei fi captivat de o colec\u021bie spectaculoas\u0103 de <strong>artefacte egiptene antice<\/strong>, inclusiv faimoasele <strong>comori ale lui Tutankhamon<\/strong>. Descoper\u0103 masca de aur, sarcofagul regal \u0219i nenum\u0103rate alte obiecte nepre\u021buite din morm\u00e2ntul t\u00e2n\u0103rului rege, o priveli\u0219te f\u0103r\u0103 egal care a fost odinioar\u0103 m\u00e2ndria Luxorului.<\/p>\n<h3><span style=\"color: #ff6600;\">Excursie la \u021a\u0103rm din Portul El Sokhna<\/span><\/h3>\n<p><strong>Turul nostru privat la Cairo din Portul El Sokhna<\/strong> este conceput pentru confort \u0219i comoditate maxim\u0103. C\u0103l\u0103tore\u0219te \u00eentr-un vehicul privat, dotat cu aer condi\u021bionat, cu un \u0219ofer profesionist, asigur\u00e2nd o c\u0103l\u0103torie relaxant\u0103.<\/p>\n<p><strong>Ghidul nostru egiptolog<\/strong> talentat va readuce istoria la via\u021b\u0103 cu pove\u0219ti captivante, f\u0103c\u00e2nd din aceast\u0103 <strong>excursie la \u021b\u0103rm<\/strong> una cu adev\u0103rat memorabil\u0103.<\/p>\n<p>Rezerv\u0103 ast\u0103zi <strong>excursia privat\u0103 de o zi la Cairo din Portul El Sokhna<\/strong> \u0219i las\u0103-ne pe noi s\u0103 organiz\u0103m aventura perfect\u0103 pentru tine. Contacteaz\u0103-ne acum pentru a personaliza <strong>turul t\u0103u \u00een Egipt<\/strong> \u0219i pentru a crea amintiri de o via\u021b\u0103.<\/p>\n<h3><span style=\"color: #ff6600;\">Detalii Excursie<\/span><\/h3>\n<ul>\n<li>Durat\u0103: 10 ore<\/li>\n<li>Loca\u021bie: Giza &amp; Cairo<\/li>\n<li>Disponibilitate: La cerere<\/li>\n<li>Preluare &amp; Retur: Portul El Sokhna<\/li>\n<li>Tip Excursie: Privat\u0103<\/li>\n<li>Potrivit pentru: Cupluri, Familii, Persoane \u00een v\u00e2rst\u0103<\/li>\n<li>Accesibilitate: Scaun cu rotile disponibil<\/li>\n<\/ul>\n<h3><span style=\"color: #ff6600;\">Reperele Excursiei (Cairo &amp; Giza)<\/span><\/h3>\n<ul>\n<li>Piramidele din Giza<\/li>\n<li>Marele Sfinx<\/li>\n<li>Templul din Vale<\/li>\n<li>Mormintele constructorilor de piramide<\/li>\n<li>Marele Muzeu Egiptean (GEM)<\/li>\n<\/ul>\n<h3><span style=\"color: #ff6600;\">Servicii Incluse<\/span><\/h3>\n<ul>\n<li>Transfer dus-\u00eentors cu vehicul dotat cu aer condi\u021bionat<\/li>\n<li>Bilete de intrare pentru toate obiectivele din programul Cairo<\/li>\n<li>Ghid egiptolog profesionist<\/li>\n<li>Pr\u00e2nz inclus<\/li>\n<\/ul>\n<h3><span style=\"color: #ff6600;\">Servicii Excluse<\/span><\/h3>\n<ul>\n<li>B\u0103uturile \u00een timpul pr\u00e2nzului<\/li>\n<li>Taxa de intrare \u00een Marea Piramid\u0103 \u0219i Piramida lui Kefren<\/li>\n<li>Bac\u0219i\u0219uri<\/li>\n<\/ul>\n<h3><span style=\"color: #ff6600;\">Ce s\u0103 iei cu tine<\/span><\/h3>\n<ul>\n<li>Pantofi \u0219i haine confortabile (mai ales vara)<\/li>\n<li>Haine groase pentru iarn\u0103<\/li>\n<li>Ochelari de soare, p\u0103l\u0103rie sau e\u0219arf\u0103<\/li>\n<li>Crem\u0103 de protec\u021bie solar\u0103 vara<\/li>\n<\/ul>\n<h2><span style=\"color: #ff6600;\">Itinerariu<\/span><\/h2>\n<p>\u00cencepe <strong>excursia privat\u0103 la Cairo<\/strong> direct din <strong>Portul El Sokhna<\/strong>, dup\u0103 un mic dejun delicios la bordul navei. Ghidul t\u0103u privat te va \u00eent\u00e2mpina pentru a \u00eencepe c\u0103l\u0103toria exclusiv\u0103 c\u0103tre cele mai faimoase minuni ale Egiptului Antic.<\/p>\n<p>Aceast\u0103 <strong>excursie la \u021b\u0103rm<\/strong> este conceput\u0103 pentru a-\u021bi maximiza timpul, permi\u021b\u00e2ndu-\u021bi s\u0103 explorezi cele mai importante <strong>atrac\u021bii turistice din Egipt<\/strong> \u00een confort \u0219i stil. Prima oprire este legendarul <strong>Complex al Piramidelor din Giza<\/strong>, un sit al Patrimoniului Mondial UNESCO \u0219i o dovad\u0103 f\u0103r\u0103 egal a ingineriei antice.<\/p>\n<p>Vei avea ocazia s\u0103 te apropii de cele trei piramide principale: <strong>Piramida lui Keops (Khufu)<\/strong>, cea mai mare \u0219i mai faimoas\u0103; <strong>Piramida lui Kefren (Khafre)<\/strong>, care pare mai \u00eenalt\u0103 datorit\u0103 unghiului mai abrupt; \u0219i <strong>Piramida lui Mykerinos<\/strong>, cea mai mic\u0103, dar la fel de magnific\u0103.<\/p>\n<p>De asemenea, <strong>ghidul t\u0103u expert egiptolog<\/strong> te va duce s\u0103 vezi <strong>Piramidele Reginelor<\/strong> \u0219i fascinantele <strong>Morminte ale constructorilor de piramide<\/strong>, oferind detalii unice despre via\u021ba oamenilor care au construit aceste structuri monumentale.<\/p>\n<p>Punctul culminant al vizitei la complex este \u00eent\u00e2lnirea direct\u0103 cu enigmaticul <strong>Mare Sfinx<\/strong>, colosalul gardian al <strong>Platoului Giza<\/strong>. Afl\u0103 despre istoria \u0219i semnifica\u021bia sa mitic\u0103 \u00een timp ce faci fotografii incredibile.<\/p>\n<h3><span style=\"color: #ff6600;\">Marele Muzeu Egiptean (GEM) <\/span><\/h3>\n<p>Dup\u0103 un pr\u00e2nz delicios la un restaurant local, turul va continua c\u0103tre magnificul <strong>Marele Muzeu Egiptean (GEM)<\/strong>. GEM este unul dintre cele mai mari muzee arheologice din lume \u0219i noua cas\u0103 pentru o colec\u021bie inegalabil\u0103 de artefacte antice.<\/p>\n<p>Vei fi captivat de spectaculoasele <strong>comori ale lui Tutankhamon<\/strong>, descoperite \u00een morm\u00e2ntul s\u0103u din <strong>Valea Regilor din Luxor<\/strong>. Admir\u0103 masca de aur, sarcofagul regal \u0219i alte obiecte nepre\u021buite, expuse \u00eempreun\u0103 pentru prima dat\u0103.<\/p>\n<p>Aceast\u0103 por\u021biune a turului ofer\u0103 o scufundare profund\u0103 \u00een istoria bogat\u0103 \u0219i arta Egiptului Antic, asigur\u00e2nd o experien\u021b\u0103 memorabil\u0103 \u00eenainte de \u00eentoarcerea \u00een <strong>Portul El Sokhna<\/strong>.<\/p>\n<h3><span style=\"color: #ff6600;\">Pre\u021b Excursie Privat\u0103 de o zi la Cairo din Portul El Sokhna<\/span><\/h3>\n<ul>\n<li>Pre\u021b Adult: 170 \u20ac<\/li>\n<li>Copii 0-5 ani: Gratuit<\/li>\n<li>Copii 5-11 ani: 50% din pre\u021bul pentru adul\u021bi<\/li>\n<\/ul>\n<h3><span style=\"color: #ff6600;\">Rezerv\u0103ri<\/span><\/h3>\n<p>Po\u021bi rezerva excursia prin WhatsApp sau ne po\u021bi trimite un e-mail, iar confirmarea o vei primi pe loc.<\/p>\n<p>V\u0103 rug\u0103m s\u0103 ne trimite\u021bi numele navei\/hotelului \u0219i copii dup\u0103 pa\u0219apoarte.<\/p>\n<ul>\n<li>WhatsApp: +201000852186<\/li>\n<li>Email: info@egytourpackages.com<\/li>\n<\/ul>\n<h3><span style=\"color: #ff6600;\">Rezerv\u0103 Acum \u0219i Pl\u0103te\u0219te la Fa\u021ba Locului <\/span><\/h3>\n<p>Rezerv\u0103 turul preferat \u0219i pl\u0103te\u0219te \u00een ziua c\u0103l\u0103toriei.<\/p>\n<h3><span style=\"color: #ff6600;\">Plat\u0103<\/span><\/h3>\n<p>Po\u021bi pl\u0103ti \u00een lire egiptene, dolari americani, euro sau lire sterline.<\/p>\n<h3><span style=\"color: #ff6600;\">Politica de Anulare<\/span><\/h3>\n<p>Anularea este gratuit\u0103 cu p\u00e2n\u0103 la 24 de ore \u00een avans.<\/p>\n","protected":false},"excerpt":{"rendered":"<p>Excursie Privat\u0103 de o zi la Cairo din Portul El Sokhna. Viziteaz\u0103 Piramidele din Giza, Sfinxul \u0219i Marele Muzeu Egiptean. Ghid expert \u0219i pre\u021b ieftin.<\/p>\n","protected":false},"featured_media":13309,"comment_status":"open","ping_status":"closed","template":"","meta":[],"product_brand":[],"product_cat":[3120],"product_tag":[3801,3194],"class_list":{"0":"post-13307","1":"product","2":"type-product","3":"status-publish","4":"has-post-thumbnail","6":"product_cat-tururi","7":"product_tag-excursii-la-tarm","8":"product_tag-piramidele-din-giza","9":"tour_category-city-break-cairo-ro","10":"tour_category-pachete-tururi-egipt-ro","12":"first","13":"instock","14":"sale","15":"shipping-taxable","16":"purchasable","17":"product-type-tour","18":"has-default-attributes"},"yoast_head":"<!-- This site is optimized with the Yoast SEO Premium plugin v27.4 (Yoast SEO v27.4) - https:\/\/yoast.com\/product\/yoast-seo-premium-wordpress\/ -->\n<title>Excursie Privat\u0103 de o zi la Cairo din Portul El Sokhna<\/title>\n<meta name=\"description\" content=\"Excursie Privat\u0103 de o zi la Cairo din Portul El Sokhna. Viziteaz\u0103 Piramidele din Giza, Sfinxul \u0219i Marele Muzeu Egiptean. Ghid expert \u0219i pre\u021b ieftin.\" \/>\n<meta name=\"robots\" content=\"index, follow, max-snippet:-1, max-image-preview:large, max-video-preview:-1\" \/>\n<link rel=\"canonical\" href=\"https:\/\/egytourpackages.com\/ro\/tours\/excursie-privata-de-o-zi-la-cairo-din-portul-el-sokhna\/\" \/>\n<meta property=\"og:locale\" content=\"ro_RO\" \/>\n<meta property=\"og:type\" content=\"article\" \/>\n<meta property=\"og:title\" content=\"Excursie Privat\u0103 de o zi la Cairo din Portul El Sokhna\" \/>\n<meta property=\"og:description\" content=\"Excursie Privat\u0103 de o zi la Cairo din Portul El Sokhna. Viziteaz\u0103 Piramidele din Giza, Sfinxul \u0219i Marele Muzeu Egiptean. Ghid expert \u0219i pre\u021b ieftin.\" \/>\n<meta property=\"og:url\" content=\"https:\/\/egytourpackages.com\/ro\/tours\/excursie-privata-de-o-zi-la-cairo-din-portul-el-sokhna\/\" \/>\n<meta property=\"og:site_name\" content=\"Egypt Tour Packages\" \/>\n<meta property=\"article:publisher\" content=\"https:\/\/www.facebook.com\/egytourpackages\" \/>\n<meta property=\"article:modified_time\" content=\"2026-01-18T20:03:03+00:00\" \/>\n<meta property=\"og:image\" content=\"https:\/\/egytourpackages.com\/wp-content\/uploads\/2023\/08\/Khafre-Pyramid-at-Giza-Plateau-1-1024x682.jpg\" \/>\n<meta name=\"twitter:card\" content=\"summary_large_image\" \/>\n<meta name=\"twitter:title\" content=\"Excursie Privat\u0103 de o zi la Cairo din Portul El Sokhna\" \/>\n<meta name=\"twitter:description\" content=\"Excursie Privat\u0103 de o zi la Cairo din Portul El Sokhna. Viziteaz\u0103 Piramidele din Giza, Sfinxul \u0219i Marele Muzeu Egiptean. Ghid expert \u0219i pre\u021b ieftin.\" \/>\n<meta name=\"twitter:image\" content=\"https:\/\/egytourpackages.com\/wp-content\/uploads\/2023\/08\/Khafre-Pyramid-at-Giza-Plateau-1-1024x682.jpg\" \/>\n<meta name=\"twitter:label1\" content=\"Pre\u021b\" \/>\n\t<meta name=\"twitter:data1\" content=\"&euro;170\" \/>\n\t<meta name=\"twitter:label2\" content=\"Disponibilitate\" \/>\n\t<meta name=\"twitter:data2\" content=\"\u00cen stoc\" \/>\n<script type=\"application\/ld+json\" class=\"yoast-schema-graph\">{\"@context\":\"https:\\\/\\\/schema.org\",\"@graph\":[{\"@type\":\"WebPage\",\"@id\":\"https:\\\/\\\/egytourpackages.com\\\/ro\\\/tours\\\/excursie-privata-de-o-zi-la-cairo-din-portul-el-sokhna\\\/\",\"url\":\"https:\\\/\\\/egytourpackages.com\\\/ro\\\/tours\\\/excursie-privata-de-o-zi-la-cairo-din-portul-el-sokhna\\\/\",\"name\":\"Excursie Privat\u0103 de o zi la Cairo din Portul El Sokhna\",\"isPartOf\":{\"@id\":\"https:\\\/\\\/egytourpackages.com\\\/ro\\\/#website\"},\"primaryImageOfPage\":{\"@id\":\"https:\\\/\\\/egytourpackages.com\\\/ro\\\/tours\\\/excursie-privata-de-o-zi-la-cairo-din-portul-el-sokhna\\\/#primaryimage\"},\"image\":{\"@id\":\"https:\\\/\\\/egytourpackages.com\\\/ro\\\/tours\\\/excursie-privata-de-o-zi-la-cairo-din-portul-el-sokhna\\\/#primaryimage\"},\"thumbnailUrl\":\"https:\\\/\\\/egytourpackages.com\\\/wp-content\\\/uploads\\\/2023\\\/08\\\/Khafre-Pyramid-at-Giza-Plateau-1.jpg\",\"datePublished\":\"2023-08-12T02:59:49+00:00\",\"dateModified\":\"2026-01-18T20:03:03+00:00\",\"description\":\"Excursie Privat\u0103 de o zi la Cairo din Portul El Sokhna. Viziteaz\u0103 Piramidele din Giza, Sfinxul \u0219i Marele Muzeu Egiptean. Ghid expert \u0219i pre\u021b ieftin.\",\"breadcrumb\":{\"@id\":\"https:\\\/\\\/egytourpackages.com\\\/ro\\\/tours\\\/excursie-privata-de-o-zi-la-cairo-din-portul-el-sokhna\\\/#breadcrumb\"},\"inLanguage\":\"ro-RO\",\"potentialAction\":[{\"@type\":\"ReadAction\",\"target\":[\"https:\\\/\\\/egytourpackages.com\\\/ro\\\/tours\\\/excursie-privata-de-o-zi-la-cairo-din-portul-el-sokhna\\\/\"]}]},{\"@type\":\"ImageObject\",\"inLanguage\":\"ro-RO\",\"@id\":\"https:\\\/\\\/egytourpackages.com\\\/ro\\\/tours\\\/excursie-privata-de-o-zi-la-cairo-din-portul-el-sokhna\\\/#primaryimage\",\"url\":\"https:\\\/\\\/egytourpackages.com\\\/wp-content\\\/uploads\\\/2023\\\/08\\\/Khafre-Pyramid-at-Giza-Plateau-1.jpg\",\"contentUrl\":\"https:\\\/\\\/egytourpackages.com\\\/wp-content\\\/uploads\\\/2023\\\/08\\\/Khafre-Pyramid-at-Giza-Plateau-1.jpg\",\"width\":2000,\"height\":1333,\"caption\":\"Excursie Privat\u0103 de o zi la Cairo din Portul El Sokhna\"},{\"@type\":\"BreadcrumbList\",\"@id\":\"https:\\\/\\\/egytourpackages.com\\\/ro\\\/tours\\\/excursie-privata-de-o-zi-la-cairo-din-portul-el-sokhna\\\/#breadcrumb\",\"itemListElement\":[{\"@type\":\"ListItem\",\"position\":1,\"name\":\"Home\",\"item\":\"https:\\\/\\\/egytourpackages.com\\\/ro\\\/\"},{\"@type\":\"ListItem\",\"position\":2,\"name\":\"Shop\",\"item\":\"https:\\\/\\\/egytourpackages.com\\\/shop\\\/\"},{\"@type\":\"ListItem\",\"position\":3,\"name\":\"Excursie Privat\u0103 de o zi la Cairo din Portul El Sokhna\"}]},{\"@type\":\"WebSite\",\"@id\":\"https:\\\/\\\/egytourpackages.com\\\/ro\\\/#website\",\"url\":\"https:\\\/\\\/egytourpackages.com\\\/ro\\\/\",\"name\":\"Egy tour packages\",\"description\":\"\",\"publisher\":{\"@id\":\"https:\\\/\\\/egytourpackages.com\\\/ro\\\/#organization\"},\"potentialAction\":[{\"@type\":\"SearchAction\",\"target\":{\"@type\":\"EntryPoint\",\"urlTemplate\":\"https:\\\/\\\/egytourpackages.com\\\/ro\\\/?s={search_term_string}\"},\"query-input\":{\"@type\":\"PropertyValueSpecification\",\"valueRequired\":true,\"valueName\":\"search_term_string\"}}],\"inLanguage\":\"ro-RO\"},{\"@type\":[\"Organization\",\"Place\",\"TravelAgency\"],\"@id\":\"https:\\\/\\\/egytourpackages.com\\\/ro\\\/#organization\",\"name\":\"egypt tour packages\",\"alternateName\":\"egypt tour packages\",\"url\":\"https:\\\/\\\/egytourpackages.com\\\/ro\\\/\",\"logo\":{\"@id\":\"https:\\\/\\\/egytourpackages.com\\\/ro\\\/tours\\\/excursie-privata-de-o-zi-la-cairo-din-portul-el-sokhna\\\/#local-main-organization-logo\"},\"image\":{\"@id\":\"https:\\\/\\\/egytourpackages.com\\\/ro\\\/tours\\\/excursie-privata-de-o-zi-la-cairo-din-portul-el-sokhna\\\/#local-main-organization-logo\"},\"sameAs\":[\"https:\\\/\\\/www.facebook.com\\\/egytourpackages\"],\"legalName\":\"Egy tour packages\",\"address\":{\"@id\":\"https:\\\/\\\/egytourpackages.com\\\/ro\\\/tours\\\/excursie-privata-de-o-zi-la-cairo-din-portul-el-sokhna\\\/#local-main-place-address\"},\"telephone\":[\"00201000852186\",\"00201028685533\"],\"contactPoint\":{\"@type\":\"ContactPoint\",\"telephone\":\"00201000852186\"},\"openingHoursSpecification\":[{\"@type\":\"OpeningHoursSpecification\",\"dayOfWeek\":[\"Monday\",\"Tuesday\",\"Wednesday\",\"Thursday\",\"Friday\",\"Saturday\",\"Sunday\"],\"opens\":\"00:00\",\"closes\":\"23:59\"}],\"email\":\"info@egytourpackages.com\",\"areaServed\":\"Cairo, Hurghada, Luxor, Sharm El Sheikh, Marsa Alam, Aswan\",\"priceRange\":\"$\",\"currenciesAccepted\":\"euro\",\"paymentAccepted\":\"Payment links online\"},{\"@type\":\"PostalAddress\",\"@id\":\"https:\\\/\\\/egytourpackages.com\\\/ro\\\/tours\\\/excursie-privata-de-o-zi-la-cairo-din-portul-el-sokhna\\\/#local-main-place-address\",\"streetAddress\":\"Mubarak 8, Al Kawthar District, Hurghada\",\"addressLocality\":\"Hurghada\",\"postalCode\":\"84511\",\"addressRegion\":\"Red Sea\",\"addressCountry\":\"EG\"},{\"@type\":\"ImageObject\",\"inLanguage\":\"ro-RO\",\"@id\":\"https:\\\/\\\/egytourpackages.com\\\/ro\\\/tours\\\/excursie-privata-de-o-zi-la-cairo-din-portul-el-sokhna\\\/#local-main-organization-logo\",\"url\":\"https:\\\/\\\/egytourpackages.com\\\/wp-content\\\/uploads\\\/2025\\\/12\\\/Turquoise-Dahabiya-Nile-Cruise-1.jpeg\",\"contentUrl\":\"https:\\\/\\\/egytourpackages.com\\\/wp-content\\\/uploads\\\/2025\\\/12\\\/Turquoise-Dahabiya-Nile-Cruise-1.jpeg\",\"width\":1040,\"height\":694,\"caption\":\"egypt tour packages\"}]}<\/script>\n<meta property=\"product:brand\" content=\"City break Cairo\" \/>\n<meta property=\"product:price:amount\" content=\"170\" \/>\n<meta property=\"product:price:currency\" content=\"EUR\" \/>\n<meta property=\"og:availability\" content=\"instock\" \/>\n<meta property=\"product:availability\" content=\"instock\" \/>\n<meta property=\"product:retailer_item_id\" content=\"CSB07\" \/>\n<meta property=\"product:condition\" content=\"new\" \/>\n<meta name=\"geo.placename\" content=\"Hurghada\" \/>\n<meta name=\"geo.region\" content=\"Egipt\" \/>\n<!-- \/ Yoast SEO Premium plugin. -->","yoast_head_json":{"title":"Excursie Privat\u0103 de o zi la Cairo din Portul El Sokhna","description":"Excursie Privat\u0103 de o zi la Cairo din Portul El Sokhna. Viziteaz\u0103 Piramidele din Giza, Sfinxul \u0219i Marele Muzeu Egiptean. Ghid expert \u0219i pre\u021b ieftin.","robots":{"index":"index","follow":"follow","max-snippet":"max-snippet:-1","max-image-preview":"max-image-preview:large","max-video-preview":"max-video-preview:-1"},"canonical":"https:\/\/egytourpackages.com\/ro\/tours\/excursie-privata-de-o-zi-la-cairo-din-portul-el-sokhna\/","og_locale":"ro_RO","og_type":"article","og_title":"Excursie Privat\u0103 de o zi la Cairo din Portul El Sokhna","og_description":"Excursie Privat\u0103 de o zi la Cairo din Portul El Sokhna. Viziteaz\u0103 Piramidele din Giza, Sfinxul \u0219i Marele Muzeu Egiptean. Ghid expert \u0219i pre\u021b ieftin.","og_url":"https:\/\/egytourpackages.com\/ro\/tours\/excursie-privata-de-o-zi-la-cairo-din-portul-el-sokhna\/","og_site_name":"Egypt Tour Packages","article_publisher":"https:\/\/www.facebook.com\/egytourpackages","article_modified_time":"2026-01-18T20:03:03+00:00","og_image":[{"url":"https:\/\/egytourpackages.com\/wp-content\/uploads\/2023\/08\/Khafre-Pyramid-at-Giza-Plateau-1-1024x682.jpg","type":"","width":"","height":""}],"twitter_card":"summary_large_image","twitter_title":"Excursie Privat\u0103 de o zi la Cairo din Portul El Sokhna","twitter_description":"Excursie Privat\u0103 de o zi la Cairo din Portul El Sokhna. Viziteaz\u0103 Piramidele din Giza, Sfinxul \u0219i Marele Muzeu Egiptean. Ghid expert \u0219i pre\u021b ieftin.","twitter_image":"https:\/\/egytourpackages.com\/wp-content\/uploads\/2023\/08\/Khafre-Pyramid-at-Giza-Plateau-1-1024x682.jpg","twitter_misc":{"Pre\u021b":"&euro;170","Disponibilitate":"\u00cen stoc"},"schema":{"@context":"https:\/\/schema.org","@graph":[{"@type":"WebPage","@id":"https:\/\/egytourpackages.com\/ro\/tours\/excursie-privata-de-o-zi-la-cairo-din-portul-el-sokhna\/","url":"https:\/\/egytourpackages.com\/ro\/tours\/excursie-privata-de-o-zi-la-cairo-din-portul-el-sokhna\/","name":"Excursie Privat\u0103 de o zi la Cairo din Portul El Sokhna","isPartOf":{"@id":"https:\/\/egytourpackages.com\/ro\/#website"},"primaryImageOfPage":{"@id":"https:\/\/egytourpackages.com\/ro\/tours\/excursie-privata-de-o-zi-la-cairo-din-portul-el-sokhna\/#primaryimage"},"image":{"@id":"https:\/\/egytourpackages.com\/ro\/tours\/excursie-privata-de-o-zi-la-cairo-din-portul-el-sokhna\/#primaryimage"},"thumbnailUrl":"https:\/\/egytourpackages.com\/wp-content\/uploads\/2023\/08\/Khafre-Pyramid-at-Giza-Plateau-1.jpg","datePublished":"2023-08-12T02:59:49+00:00","dateModified":"2026-01-18T20:03:03+00:00","description":"Excursie Privat\u0103 de o zi la Cairo din Portul El Sokhna. Viziteaz\u0103 Piramidele din Giza, Sfinxul \u0219i Marele Muzeu Egiptean. Ghid expert \u0219i pre\u021b ieftin.","breadcrumb":{"@id":"https:\/\/egytourpackages.com\/ro\/tours\/excursie-privata-de-o-zi-la-cairo-din-portul-el-sokhna\/#breadcrumb"},"inLanguage":"ro-RO","potentialAction":[{"@type":"ReadAction","target":["https:\/\/egytourpackages.com\/ro\/tours\/excursie-privata-de-o-zi-la-cairo-din-portul-el-sokhna\/"]}]},{"@type":"ImageObject","inLanguage":"ro-RO","@id":"https:\/\/egytourpackages.com\/ro\/tours\/excursie-privata-de-o-zi-la-cairo-din-portul-el-sokhna\/#primaryimage","url":"https:\/\/egytourpackages.com\/wp-content\/uploads\/2023\/08\/Khafre-Pyramid-at-Giza-Plateau-1.jpg","contentUrl":"https:\/\/egytourpackages.com\/wp-content\/uploads\/2023\/08\/Khafre-Pyramid-at-Giza-Plateau-1.jpg","width":2000,"height":1333,"caption":"Excursie Privat\u0103 de o zi la Cairo din Portul El Sokhna"},{"@type":"BreadcrumbList","@id":"https:\/\/egytourpackages.com\/ro\/tours\/excursie-privata-de-o-zi-la-cairo-din-portul-el-sokhna\/#breadcrumb","itemListElement":[{"@type":"ListItem","position":1,"name":"Home","item":"https:\/\/egytourpackages.com\/ro\/"},{"@type":"ListItem","position":2,"name":"Shop","item":"https:\/\/egytourpackages.com\/shop\/"},{"@type":"ListItem","position":3,"name":"Excursie Privat\u0103 de o zi la Cairo din Portul El Sokhna"}]},{"@type":"WebSite","@id":"https:\/\/egytourpackages.com\/ro\/#website","url":"https:\/\/egytourpackages.com\/ro\/","name":"Egy tour packages","description":"","publisher":{"@id":"https:\/\/egytourpackages.com\/ro\/#organization"},"potentialAction":[{"@type":"SearchAction","target":{"@type":"EntryPoint","urlTemplate":"https:\/\/egytourpackages.com\/ro\/?s={search_term_string}"},"query-input":{"@type":"PropertyValueSpecification","valueRequired":true,"valueName":"search_term_string"}}],"inLanguage":"ro-RO"},{"@type":["Organization","Place","TravelAgency"],"@id":"https:\/\/egytourpackages.com\/ro\/#organization","name":"egypt tour packages","alternateName":"egypt tour packages","url":"https:\/\/egytourpackages.com\/ro\/","logo":{"@id":"https:\/\/egytourpackages.com\/ro\/tours\/excursie-privata-de-o-zi-la-cairo-din-portul-el-sokhna\/#local-main-organization-logo"},"image":{"@id":"https:\/\/egytourpackages.com\/ro\/tours\/excursie-privata-de-o-zi-la-cairo-din-portul-el-sokhna\/#local-main-organization-logo"},"sameAs":["https:\/\/www.facebook.com\/egytourpackages"],"legalName":"Egy tour packages","address":{"@id":"https:\/\/egytourpackages.com\/ro\/tours\/excursie-privata-de-o-zi-la-cairo-din-portul-el-sokhna\/#local-main-place-address"},"telephone":["00201000852186","00201028685533"],"contactPoint":{"@type":"ContactPoint","telephone":"00201000852186"},"openingHoursSpecification":[{"@type":"OpeningHoursSpecification","dayOfWeek":["Monday","Tuesday","Wednesday","Thursday","Friday","Saturday","Sunday"],"opens":"00:00","closes":"23:59"}],"email":"info@egytourpackages.com","areaServed":"Cairo, Hurghada, Luxor, Sharm El Sheikh, Marsa Alam, Aswan","priceRange":"$","currenciesAccepted":"euro","paymentAccepted":"Payment links online"},{"@type":"PostalAddress","@id":"https:\/\/egytourpackages.com\/ro\/tours\/excursie-privata-de-o-zi-la-cairo-din-portul-el-sokhna\/#local-main-place-address","streetAddress":"Mubarak 8, Al Kawthar District, Hurghada","addressLocality":"Hurghada","postalCode":"84511","addressRegion":"Red Sea","addressCountry":"EG"},{"@type":"ImageObject","inLanguage":"ro-RO","@id":"https:\/\/egytourpackages.com\/ro\/tours\/excursie-privata-de-o-zi-la-cairo-din-portul-el-sokhna\/#local-main-organization-logo","url":"https:\/\/egytourpackages.com\/wp-content\/uploads\/2025\/12\/Turquoise-Dahabiya-Nile-Cruise-1.jpeg","contentUrl":"https:\/\/egytourpackages.com\/wp-content\/uploads\/2025\/12\/Turquoise-Dahabiya-Nile-Cruise-1.jpeg","width":1040,"height":694,"caption":"egypt tour packages"}]},"product_brand":"City break Cairo","product_price_amount":"170","product_price_currency":"EUR","og_availability":"instock","product_availability":"instock","product_retailer_item_id":"CSB07","product_condition":"new","geo.placename":"Hurghada","geo.region":"Egipt"},"_links":{"self":[{"href":"https:\/\/egytourpackages.com\/ro\/wp-json\/wp\/v2\/product\/13307","targetHints":{"allow":["GET"]}}],"collection":[{"href":"https:\/\/egytourpackages.com\/ro\/wp-json\/wp\/v2\/product"}],"about":[{"href":"https:\/\/egytourpackages.com\/ro\/wp-json\/wp\/v2\/types\/product"}],"replies":[{"embeddable":true,"href":"https:\/\/egytourpackages.com\/ro\/wp-json\/wp\/v2\/comments?post=13307"}],"wp:featuredmedia":[{"embeddable":true,"href":"https:\/\/egytourpackages.com\/ro\/wp-json\/wp\/v2\/media\/13309"}],"wp:attachment":[{"href":"https:\/\/egytourpackages.com\/ro\/wp-json\/wp\/v2\/media?parent=13307"}],"wp:term":[{"taxonomy":"product_brand","embeddable":true,"href":"https:\/\/egytourpackages.com\/ro\/wp-json\/wp\/v2\/product_brand?post=13307"},{"taxonomy":"product_cat","embeddable":true,"href":"https:\/\/egytourpackages.com\/ro\/wp-json\/wp\/v2\/product_cat?post=13307"},{"taxonomy":"product_tag","embeddable":true,"href":"https:\/\/egytourpackages.com\/ro\/wp-json\/wp\/v2\/product_tag?post=13307"}],"curies":[{"name":"wp","href":"https:\/\/api.w.org\/{rel}","templated":true}]}}