{"id":13318,"date":"2023-08-12T17:40:48","date_gmt":"2023-08-12T17:40:48","guid":{"rendered":"https:\/\/egytourpackages.com\/product\/croaziera-pe-nil-4-nopti-luxor-aswan\/"},"modified":"2026-01-18T18:59:14","modified_gmt":"2026-01-18T18:59:14","slug":"croaziera-pe-nil-4-nopti-luxor-aswan","status":"publish","type":"product","link":"https:\/\/egytourpackages.com\/ro\/tours\/croaziera-pe-nil-4-nopti-luxor-aswan\/","title":{"rendered":"Croazier\u0103 pe Nil 4 Nop\u021bi Luxor &#8211; Aswan"},"content":{"rendered":"<p><span style=\"color: #ff6600;\"><strong>Croazier\u0103 pe Nil 4 Nop\u021bi Luxor &#8211; Aswan<\/strong><\/span><\/p>\n<p>Rezerv\u0103 o captivant\u0103 <strong>Croazier\u0103 pe Nil de 4 nop\u021bi Luxor Aswan<\/strong>, o c\u0103l\u0103torie care te poart\u0103 prin 7.000 de ani de istorie, de la mo\u0219tenirea monumental\u0103 a Tebei antice p\u00e2n\u0103 la frumuse\u021bea seren\u0103 din Aswan. Acest <strong>pachet de vacan\u021b\u0103 \u00een Egipt<\/strong> ofer\u0103 modalitatea suprem\u0103 de a experimenta inima civiliza\u021biei egiptene antice, \u00eembin\u00e2nd luxul \u0219i aventura pentru un sejur de neuitat.<\/p>\n<p>Aventura ta \u00eencepe \u00een Luxor, unde vei explora cele mai importante <strong>atrac\u021bii turistice<\/strong>, inclusiv maiestuoasele temple <strong>Karnak<\/strong> \u0219i <strong>Luxor<\/strong>. Pe malul de vest, descoper\u0103 faimoasa <strong>Valea Regilor<\/strong>, unde po\u021bi explora mormintele <strong>faraonilor egipteni<\/strong>, inclusiv legendarul morm\u00e2nt al lui <strong>Tutankhamon<\/strong>.<\/p>\n<p>Admir\u0103 geniul arhitectural al <strong>Templului Mortuar al lui Hatshepsut<\/strong> \u0219i impun\u0103torii <strong>Colo\u0219i ai lui Memnon<\/strong>. O vizit\u0103 la <strong>Mormintele Nobililor<\/strong> \u00ee\u021bi va oferi o privire rar\u0103 asupra vie\u021bii elitei Egiptului Antic.<\/p>\n<p>Pe m\u0103sur\u0103 ce navighezi spre sud, vei descoperi perfect conservatul <strong>Templu al lui Horus din Edfu<\/strong>, cel mai mare \u0219i mai complet templu din perioada greco-roman\u0103. Viziteaz\u0103 unicul \u201etemplu dublu\u201d de la <strong>Kom Ombo<\/strong>, dedicat at\u00e2t zeului crocodil <strong>Sobek<\/strong>, c\u00e2t \u0219i zeului \u0219oim <strong>Horus<\/strong>. Aceast\u0103 c\u0103l\u0103torie ofer\u0103 perspective profunde asupra <strong>istoriei Egiptului Antic<\/strong>, a mitologiei \u0219i a vie\u021bii de zi cu zi a faraonilor.<\/p>\n<p>Croaziera culmineaz\u0103 \u00een Aswan, unde po\u021bi explora minunea inginereasc\u0103 <strong>Marele Baraj din Aswan<\/strong> \u0219i vizita uluitorul <strong>Templu Philae<\/strong>, un sanctuar dedicat <strong>zei\u021bei Isis<\/strong>, mutat pe <strong>Insula Agilkia<\/strong>. Descoper\u0103 secretele carierelor antice la <strong>Obeliscul Neterminat<\/strong>, un monument \u00eenc\u0103 ata\u0219at de st\u00e2nc\u0103. Op\u021bional, po\u021bi porni \u00eentr-o c\u0103l\u0103torie c\u0103tre uimitorul <strong>Templu Abu Simbel<\/strong>, sit UNESCO renumit pentru statuile sale masive sculptate \u00een st\u00e2nc\u0103.<\/p>\n<h3><span style=\"color: #ff6600;\">Detalii Excursie<\/span><\/h3>\n<ul>\n<li>Durat\u0103: 5 Zile \/ 4 Nop\u021bi<\/li>\n<li>Loca\u021bie: Egiptul de Sus<\/li>\n<li>Disponibilitate: La cerere<\/li>\n<li>Preluare &amp; Retur: Luxor \/ Aswan<\/li>\n<li>Tip Excursie: Privat\u0103<\/li>\n<li>Potrivit pentru: Cupluri, Familii, Persoane \u00een v\u00e2rst\u0103<\/li>\n<li>Accesibilitate: Scaun cu rotile disponibil<\/li>\n<\/ul>\n<h3><span style=\"color: #ff6600;\">Reperele Croazierei<\/span><\/h3>\n<ul>\n<li>Templul Luxor<\/li>\n<li>Templul Karnak<\/li>\n<li>Templul Edfu<\/li>\n<li>Templul Kom Ombo<\/li>\n<li>Templul Abu Simbel<\/li>\n<li>Marele Baraj din Aswan<\/li>\n<li>Templul Philae | Templul lui Isis<\/li>\n<li>Obeliscul Neterminat<\/li>\n<\/ul>\n<h3><span style=\"color: #ff6600;\">Servicii Incluse<\/span><\/h3>\n<ul>\n<li>Toate transferurile men\u021bionate cu vehicul dotat cu aer condi\u021bionat<\/li>\n<li>Taxe de intrare pentru toate obiectivele men\u021bionate<\/li>\n<li>Ghid egiptolog specialist \u00een arheologie<\/li>\n<li>04 nop\u021bi cazare pe o croazier\u0103 de lux de 5***** stele, pensiune complet\u0103<\/li>\n<li>Asisten\u021b\u0103 la sosire \u0219i plecare<\/li>\n<li>Manipularea bagajelor<\/li>\n<\/ul>\n<h3><span style=\"color: #ff6600;\">Servicii Excluse<\/span><\/h3>\n<ul>\n<li>Orice cheltuieli personale<\/li>\n<li>Bac\u0219i\u0219uri<\/li>\n<li>Zboruri interna\u021bionale<\/li>\n<li>Viza de intrare<\/li>\n<\/ul>\n<h2><span style=\"color: #ff6600;\">Itinerariu<\/span><\/h2>\n<h3><span style=\"color: #ff6600;\">Ziua 1: Sosire \u00een Luxor \u0219i Marile Temple de pe Malul de Est<\/span><\/h3>\n<p>Bun venit \u00een Luxor, magnifica cetate antic\u0103 Teba! Aventura ta \u00eencepe cu un check-in relaxat pe nava de croazier\u0103 de lux. Dup\u0103 instalarea \u00een cabin\u0103, un pr\u00e2nz delicios te a\u0219teapt\u0103 la bord.<\/p>\n<p>Dup\u0103-amiaza, ghidul t\u0103u te va conduce \u00een explorarea malului de est al Luxorului. Prima oprire va fi <strong>Complexul Templier Karnak<\/strong>, cea mai mare cl\u0103dire religioas\u0103 construit\u0103 vreodat\u0103. Exploreaz\u0103 Aleea Sfinxilor \u0219i uluitoarea <strong>Sal\u0103 Hipostil\u0103<\/strong>, unde o p\u0103dure de 134 de coloane colosale se ridic\u0103 spre cer. Admir\u0103 <strong>obeliscurile reginei Hatshepsut<\/strong> \u0219i <strong>Lacul Sacru<\/strong>.<\/p>\n<p>La apus, vei vizita splendidul <strong>Templu Luxor<\/strong>, dedicat lui Amun Ka-Mut-Ef. Plimb\u0103-te prin cur\u021bile deschise \u0219i admir\u0103 statuile lui Ramses II \u0219i sculpturile perfect conservate ale <strong>Festivalului Opet<\/strong>. Cina \u0219i noaptea la bord \u00een Luxor.<\/p>\n<p><strong>Mese:<\/strong> Pr\u00e2nz, Cin\u0103<\/p>\n<h3><span style=\"color: #ff6600;\">Ziua 2: Necropola Regal\u0103 din Luxor \u0219i Naviga\u021bie spre Edfu<\/span><\/h3>\n<p>Dup\u0103 micul dejun, vei vizita legendarul <strong>Mal de Vest din Luxor<\/strong>. Turul include <strong>Valea Regilor<\/strong>, unde vei explora mormintele faraonilor din Regatul Nou. Pere\u021bii sunt acoperi\u021bi cu texte funerare elaborate din <strong>Cartea Mor\u021bilor<\/strong> \u0219i <strong>Cartea Amduat<\/strong>, menite s\u0103 ghideze faraonul \u00een lumea de dincolo. \u00cen unele morminte, vei vedea scene cu ritualul <strong>Deschiderii Gurii<\/strong>.<\/p>\n<p>Apoi, vei admira designul uluitor al <strong>Templului Mortuar al lui Hatshepsut<\/strong> de la <strong>Deir el-Bahari<\/strong>. Pe pere\u021bi sunt reliefuri care \u00eenf\u0103\u021bi\u0219eaz\u0103 <strong>na\u0219terea divin\u0103<\/strong> a reginei \u0219i scene din celebra <strong>Expedi\u021bie \u00een Punt<\/strong>. Viziteaz\u0103 Capela lui Anubis \u0219i Capela zei\u021bei Hathor. Ultima oprire vor fi <strong>Colo\u0219ii lui Memnon<\/strong>, cele dou\u0103 statui masive ale faraonului <strong>Amenhotep III<\/strong>. Re\u00eentoarcere la bord pentru pr\u00e2nz \u0219i navigare spre Edfu, trec\u00e2nd prin <strong>Ecluza Esna<\/strong>.<\/p>\n<p><strong>Mese:<\/strong> Mic dejun, Pr\u00e2nz, Cin\u0103<\/p>\n<h3><span style=\"color: #ff6600;\">Ziua 3: Templele lui Horus \u0219i Sobek \u0219i Naviga\u021bie spre Aswan<\/span><\/h3>\n<p>Diminea\u021ba devreme, vei merge la <strong>Templul lui Horus din Edfu<\/strong> cu o <strong>tr\u0103sur\u0103 tras\u0103 de cai<\/strong>. Acest templu ptolemeic ofer\u0103 o privire inegalabil\u0103 asupra mitologiei egiptene. Revenire la bord pentru micul dejun \u0219i navigare spre Kom Ombo.<\/p>\n<p><strong>Templul Kom Ombo<\/strong> este un &#8222;templu dublu&#8221; fascinant, dedicat at\u00e2t lui Sobek, c\u00e2t \u0219i lui Horus cel B\u0103tr\u00e2n. Dup\u0103 vizit\u0103, te vei \u00eentoarce pe nav\u0103 pentru cin\u0103, \u00een timp ce vasul navigheaz\u0103 spre Aswan.<\/p>\n<p><strong>Mese:<\/strong> Mic dejun, Pr\u00e2nz, Cin\u0103<\/p>\n<h3><span style=\"color: #ff6600;\">Ziua 4: Templele Colosale de la Abu Simbel \u0219i Atrac\u021biile din Aswan<\/span><\/h3>\n<p>Ziua \u00eencepe cu o aventur\u0103 dis-de-diminea\u021b\u0103 c\u0103tre uimitoarele temple <strong>Abu Simbel<\/strong> (aproximativ 3,5 ore de mers prin de\u0219ert). Viziteaz\u0103 <strong>Marele Templu al lui Ramses II<\/strong>, cu cele patru statui colosale de peste 20 de metri \u00een\u0103l\u021bime. Adiacent, exploreaz\u0103 micul <strong>Templu al lui Nefertari<\/strong>, un tribut adus so\u021biei iubite a lui Ramses \u0219i zei\u021bei Hathor.<\/p>\n<p>Dup\u0103 \u00eentoarcerea \u00een Aswan \u0219i pr\u00e2nzul pe nav\u0103, vei vizita <strong>Marele Baraj din Aswan<\/strong>, o minune modern\u0103 a ingineriei. Urmeaz\u0103 o scurt\u0103 plimbare cu barca spre Insula Agilkia pentru a vizita <strong>Templul Philae<\/strong>, dedicat <strong>zei\u021bei Isis<\/strong>. Turul se \u00eencheie la <strong>Obeliscul Neterminat<\/strong>, unde vei \u00eenv\u0103\u021ba despre tehnicile ingenioase ale lucr\u0103torilor \u00een piatr\u0103.<\/p>\n<p><strong>Mese:<\/strong> Mic dejun, Pr\u00e2nz, Cin\u0103<\/p>\n<h3><span style=\"color: #ff6600;\">Ziua 5: Plecare din Aswan<\/span><\/h3>\n<p>Dup\u0103 ultimul mic dejun la bord, vei efectua procesul de check-out. Ghidul t\u0103u te va asista cu transferul privat c\u0103tre loca\u021bia dorit\u0103 pentru plecare. <strong>Mese:<\/strong> Mic dejun<\/p>\n<h3><span style=\"color: #ff6600;\">Pre\u021b Croazier\u0103 pe Nil 4 Nop\u021bi Luxor Aswan<\/span><\/h3>\n<ul>\n<li>Pre\u021b Adult: 950 Euro<\/li>\n<li>Copii 0-5 ani: Gratuit<\/li>\n<li>Copii 5-11 ani: 50% din pre\u021bul pentru adul\u021bi<\/li>\n<\/ul>\n<h3><span style=\"color: #ff6600;\">Rezerv\u0103ri<\/span><\/h3>\n<p>Po\u021bi rezerva prin WhatsApp sau e-mail, cu confirmare pe loc.<\/p>\n<p>V\u0103 rug\u0103m s\u0103 ne trimite\u021bi numele hotelului (dac\u0103 exist\u0103 \u00eenainte de croazier\u0103), num\u0103rul camerei \u0219i copii dup\u0103 pa\u0219apoarte.<\/p>\n<ul>\n<li>WhatsApp: +201000852186<\/li>\n<li>Email: info@egytourpackages.com<\/li>\n<\/ul>\n<h3><span style=\"color: #ff6600;\">Rezerv\u0103 Acum \u0219i Pl\u0103te\u0219te la Fa\u021ba Locului<\/span><\/h3>\n<p>Rezerv\u0103 croaziera preferat\u0103 c\u00e2t mai devreme posibil pentru a garanta disponibilitatea.<\/p>\n<h3><span style=\"color: #ff6600;\">Politica de Anulare<\/span><\/h3>\n<ul>\n<li>Anularea este gratuit\u0103 cu p\u00e2n\u0103 la dou\u0103 s\u0103pt\u0103m\u00e2ni \u00een avans.<\/li>\n<li>Anularea \u00een diminea\u021ba plec\u0103rii se taxeaz\u0103 cu 100% din pre\u021b.<\/li>\n<\/ul>\n","protected":false},"excerpt":{"rendered":"<p>Croazier\u0103 pe Nil 4 Nop\u021bi Luxor &#8211; Aswan. Viziteaz\u0103 Valea Regilor, Abu Simbel \u0219i Templul Karnak cu ghid expert. Pensiune complet\u0103 \u0219i lux inclus. Rezerv\u0103 acum!<\/p>\n","protected":false},"featured_media":13319,"comment_status":"open","ping_status":"closed","template":"","meta":[],"product_brand":[],"product_cat":[3120],"product_tag":[3204,3123,3196,3122],"class_list":{"0":"post-13318","1":"product","2":"type-product","3":"status-publish","4":"has-post-thumbnail","6":"product_cat-tururi","7":"product_tag-pachete-de-vacanta-in-egipt","8":"product_tag-pachete-turistice-egipt","9":"product_tag-turul-templului-abu-simbel","10":"product_tag-tururi-croaziere-pe-nil-in-egipt","11":"tour_category-croaziere-pe-nil-in-egipt-ro","12":"tour_category-croaziere-pe-nil-in-luxor-si-aswan","13":"tour_category-pachete-tururi-egipt-ro","15":"first","16":"instock","17":"sale","18":"shipping-taxable","19":"purchasable","20":"product-type-tour","21":"has-default-attributes"},"yoast_head":"<!-- This site is optimized with the Yoast SEO Premium plugin v27.4 (Yoast SEO v27.4) - https:\/\/yoast.com\/product\/yoast-seo-premium-wordpress\/ -->\n<title>Croazier\u0103 pe Nil 4 Nop\u021bi Luxor - Aswan<\/title>\n<meta name=\"description\" content=\"Croazier\u0103 pe Nil 4 Nop\u021bi Luxor - Aswan. Viziteaz\u0103 Valea Regilor, Abu Simbel \u0219i Templul Karnak cu ghid expert. Pensiune complet\u0103 \u0219i lux inclus. Rezerv\u0103 acum!\" \/>\n<meta name=\"robots\" content=\"index, follow, max-snippet:-1, max-image-preview:large, max-video-preview:-1\" \/>\n<link rel=\"canonical\" href=\"https:\/\/egytourpackages.com\/ro\/tours\/croaziera-pe-nil-4-nopti-luxor-aswan\/\" \/>\n<meta property=\"og:locale\" content=\"ro_RO\" \/>\n<meta property=\"og:type\" content=\"article\" \/>\n<meta property=\"og:title\" content=\"Croazier\u0103 pe Nil 4 Nop\u021bi Luxor - Aswan\" \/>\n<meta property=\"og:description\" content=\"Croazier\u0103 pe Nil 4 Nop\u021bi Luxor - Aswan. Viziteaz\u0103 Valea Regilor, Abu Simbel \u0219i Templul Karnak cu ghid expert. Pensiune complet\u0103 \u0219i lux inclus. Rezerv\u0103 acum!\" \/>\n<meta property=\"og:url\" content=\"https:\/\/egytourpackages.com\/ro\/tours\/croaziera-pe-nil-4-nopti-luxor-aswan\/\" \/>\n<meta property=\"og:site_name\" content=\"Egypt Tour Packages\" \/>\n<meta property=\"article:publisher\" content=\"https:\/\/www.facebook.com\/egytourpackages\" \/>\n<meta property=\"article:modified_time\" content=\"2026-01-18T18:59:14+00:00\" \/>\n<meta property=\"og:image\" content=\"https:\/\/egytourpackages.com\/wp-content\/uploads\/2023\/08\/Nile-Cruise-Luxor-Aswan-1024x682.jpg\" \/>\n<meta name=\"twitter:card\" content=\"summary_large_image\" \/>\n<meta name=\"twitter:title\" content=\"Croazier\u0103 pe Nil 4 Nop\u021bi Luxor - Aswan\" \/>\n<meta name=\"twitter:description\" content=\"Croazier\u0103 pe Nil 4 Nop\u021bi Luxor - Aswan. Viziteaz\u0103 Valea Regilor, Abu Simbel \u0219i Templul Karnak cu ghid expert. Pensiune complet\u0103 \u0219i lux inclus. Rezerv\u0103 acum!\" \/>\n<meta name=\"twitter:image\" content=\"https:\/\/egytourpackages.com\/wp-content\/uploads\/2023\/08\/Nile-Cruise-Luxor-Aswan-1024x682.jpg\" \/>\n<meta name=\"twitter:label1\" content=\"Pre\u021b\" \/>\n\t<meta name=\"twitter:data1\" content=\"&euro;950\" \/>\n\t<meta name=\"twitter:label2\" content=\"Disponibilitate\" \/>\n\t<meta name=\"twitter:data2\" content=\"\u00cen stoc\" \/>\n<script type=\"application\/ld+json\" class=\"yoast-schema-graph\">{\"@context\":\"https:\\\/\\\/schema.org\",\"@graph\":[{\"@type\":\"WebPage\",\"@id\":\"https:\\\/\\\/egytourpackages.com\\\/ro\\\/tours\\\/croaziera-pe-nil-4-nopti-luxor-aswan\\\/\",\"url\":\"https:\\\/\\\/egytourpackages.com\\\/ro\\\/tours\\\/croaziera-pe-nil-4-nopti-luxor-aswan\\\/\",\"name\":\"Croazier\u0103 pe Nil 4 Nop\u021bi Luxor - Aswan\",\"isPartOf\":{\"@id\":\"https:\\\/\\\/egytourpackages.com\\\/ro\\\/#website\"},\"primaryImageOfPage\":{\"@id\":\"https:\\\/\\\/egytourpackages.com\\\/ro\\\/tours\\\/croaziera-pe-nil-4-nopti-luxor-aswan\\\/#primaryimage\"},\"image\":{\"@id\":\"https:\\\/\\\/egytourpackages.com\\\/ro\\\/tours\\\/croaziera-pe-nil-4-nopti-luxor-aswan\\\/#primaryimage\"},\"thumbnailUrl\":\"https:\\\/\\\/egytourpackages.com\\\/wp-content\\\/uploads\\\/2023\\\/08\\\/Nile-Cruise-Luxor-Aswan.jpg\",\"datePublished\":\"2023-08-12T17:40:48+00:00\",\"dateModified\":\"2026-01-18T18:59:14+00:00\",\"description\":\"Croazier\u0103 pe Nil 4 Nop\u021bi Luxor - Aswan. Viziteaz\u0103 Valea Regilor, Abu Simbel \u0219i Templul Karnak cu ghid expert. Pensiune complet\u0103 \u0219i lux inclus. Rezerv\u0103 acum!\",\"breadcrumb\":{\"@id\":\"https:\\\/\\\/egytourpackages.com\\\/ro\\\/tours\\\/croaziera-pe-nil-4-nopti-luxor-aswan\\\/#breadcrumb\"},\"inLanguage\":\"ro-RO\",\"potentialAction\":[{\"@type\":\"ReadAction\",\"target\":[\"https:\\\/\\\/egytourpackages.com\\\/ro\\\/tours\\\/croaziera-pe-nil-4-nopti-luxor-aswan\\\/\"]}]},{\"@type\":\"ImageObject\",\"inLanguage\":\"ro-RO\",\"@id\":\"https:\\\/\\\/egytourpackages.com\\\/ro\\\/tours\\\/croaziera-pe-nil-4-nopti-luxor-aswan\\\/#primaryimage\",\"url\":\"https:\\\/\\\/egytourpackages.com\\\/wp-content\\\/uploads\\\/2023\\\/08\\\/Nile-Cruise-Luxor-Aswan.jpg\",\"contentUrl\":\"https:\\\/\\\/egytourpackages.com\\\/wp-content\\\/uploads\\\/2023\\\/08\\\/Nile-Cruise-Luxor-Aswan.jpg\",\"width\":2000,\"height\":1333,\"caption\":\"Croazier\u0103 pe Nil Luxor Aswan\"},{\"@type\":\"BreadcrumbList\",\"@id\":\"https:\\\/\\\/egytourpackages.com\\\/ro\\\/tours\\\/croaziera-pe-nil-4-nopti-luxor-aswan\\\/#breadcrumb\",\"itemListElement\":[{\"@type\":\"ListItem\",\"position\":1,\"name\":\"Home\",\"item\":\"https:\\\/\\\/egytourpackages.com\\\/ro\\\/\"},{\"@type\":\"ListItem\",\"position\":2,\"name\":\"Shop\",\"item\":\"https:\\\/\\\/egytourpackages.com\\\/shop\\\/\"},{\"@type\":\"ListItem\",\"position\":3,\"name\":\"Croazier\u0103 pe Nil 4 Nop\u021bi Luxor &#8211; Aswan\"}]},{\"@type\":\"WebSite\",\"@id\":\"https:\\\/\\\/egytourpackages.com\\\/ro\\\/#website\",\"url\":\"https:\\\/\\\/egytourpackages.com\\\/ro\\\/\",\"name\":\"Egy tour packages\",\"description\":\"\",\"publisher\":{\"@id\":\"https:\\\/\\\/egytourpackages.com\\\/ro\\\/#organization\"},\"potentialAction\":[{\"@type\":\"SearchAction\",\"target\":{\"@type\":\"EntryPoint\",\"urlTemplate\":\"https:\\\/\\\/egytourpackages.com\\\/ro\\\/?s={search_term_string}\"},\"query-input\":{\"@type\":\"PropertyValueSpecification\",\"valueRequired\":true,\"valueName\":\"search_term_string\"}}],\"inLanguage\":\"ro-RO\"},{\"@type\":[\"Organization\",\"Place\",\"TravelAgency\"],\"@id\":\"https:\\\/\\\/egytourpackages.com\\\/ro\\\/#organization\",\"name\":\"egypt tour packages\",\"alternateName\":\"egypt tour packages\",\"url\":\"https:\\\/\\\/egytourpackages.com\\\/ro\\\/\",\"logo\":{\"@id\":\"https:\\\/\\\/egytourpackages.com\\\/ro\\\/tours\\\/croaziera-pe-nil-4-nopti-luxor-aswan\\\/#local-main-organization-logo\"},\"image\":{\"@id\":\"https:\\\/\\\/egytourpackages.com\\\/ro\\\/tours\\\/croaziera-pe-nil-4-nopti-luxor-aswan\\\/#local-main-organization-logo\"},\"sameAs\":[\"https:\\\/\\\/www.facebook.com\\\/egytourpackages\"],\"legalName\":\"Egy tour packages\",\"address\":{\"@id\":\"https:\\\/\\\/egytourpackages.com\\\/ro\\\/tours\\\/croaziera-pe-nil-4-nopti-luxor-aswan\\\/#local-main-place-address\"},\"telephone\":[\"00201000852186\",\"00201028685533\"],\"contactPoint\":{\"@type\":\"ContactPoint\",\"telephone\":\"00201000852186\"},\"openingHoursSpecification\":[{\"@type\":\"OpeningHoursSpecification\",\"dayOfWeek\":[\"Monday\",\"Tuesday\",\"Wednesday\",\"Thursday\",\"Friday\",\"Saturday\",\"Sunday\"],\"opens\":\"00:00\",\"closes\":\"23:59\"}],\"email\":\"info@egytourpackages.com\",\"areaServed\":\"Cairo, Hurghada, Luxor, Sharm El Sheikh, Marsa Alam, Aswan\",\"priceRange\":\"$\",\"currenciesAccepted\":\"euro\",\"paymentAccepted\":\"Payment links online\"},{\"@type\":\"PostalAddress\",\"@id\":\"https:\\\/\\\/egytourpackages.com\\\/ro\\\/tours\\\/croaziera-pe-nil-4-nopti-luxor-aswan\\\/#local-main-place-address\",\"streetAddress\":\"Mubarak 8, Al Kawthar District, Hurghada\",\"addressLocality\":\"Hurghada\",\"postalCode\":\"84511\",\"addressRegion\":\"Red Sea\",\"addressCountry\":\"EG\"},{\"@type\":\"ImageObject\",\"inLanguage\":\"ro-RO\",\"@id\":\"https:\\\/\\\/egytourpackages.com\\\/ro\\\/tours\\\/croaziera-pe-nil-4-nopti-luxor-aswan\\\/#local-main-organization-logo\",\"url\":\"https:\\\/\\\/egytourpackages.com\\\/wp-content\\\/uploads\\\/2025\\\/12\\\/Turquoise-Dahabiya-Nile-Cruise-1.jpeg\",\"contentUrl\":\"https:\\\/\\\/egytourpackages.com\\\/wp-content\\\/uploads\\\/2025\\\/12\\\/Turquoise-Dahabiya-Nile-Cruise-1.jpeg\",\"width\":1040,\"height\":694,\"caption\":\"egypt tour packages\"}]}<\/script>\n<meta property=\"product:brand\" content=\"Croaziere pe Nil \u00een Egipt\" \/>\n<meta property=\"product:price:amount\" content=\"950\" \/>\n<meta property=\"product:price:currency\" content=\"EUR\" \/>\n<meta property=\"og:availability\" content=\"instock\" \/>\n<meta property=\"product:availability\" content=\"instock\" \/>\n<meta property=\"product:retailer_item_id\" content=\"ENCT21\" \/>\n<meta property=\"product:condition\" content=\"new\" \/>\n<meta name=\"geo.placename\" content=\"Hurghada\" \/>\n<meta name=\"geo.region\" content=\"Egipt\" \/>\n<!-- \/ Yoast SEO Premium plugin. -->","yoast_head_json":{"title":"Croazier\u0103 pe Nil 4 Nop\u021bi Luxor - Aswan","description":"Croazier\u0103 pe Nil 4 Nop\u021bi Luxor - Aswan. Viziteaz\u0103 Valea Regilor, Abu Simbel \u0219i Templul Karnak cu ghid expert. Pensiune complet\u0103 \u0219i lux inclus. Rezerv\u0103 acum!","robots":{"index":"index","follow":"follow","max-snippet":"max-snippet:-1","max-image-preview":"max-image-preview:large","max-video-preview":"max-video-preview:-1"},"canonical":"https:\/\/egytourpackages.com\/ro\/tours\/croaziera-pe-nil-4-nopti-luxor-aswan\/","og_locale":"ro_RO","og_type":"article","og_title":"Croazier\u0103 pe Nil 4 Nop\u021bi Luxor - Aswan","og_description":"Croazier\u0103 pe Nil 4 Nop\u021bi Luxor - Aswan. Viziteaz\u0103 Valea Regilor, Abu Simbel \u0219i Templul Karnak cu ghid expert. Pensiune complet\u0103 \u0219i lux inclus. Rezerv\u0103 acum!","og_url":"https:\/\/egytourpackages.com\/ro\/tours\/croaziera-pe-nil-4-nopti-luxor-aswan\/","og_site_name":"Egypt Tour Packages","article_publisher":"https:\/\/www.facebook.com\/egytourpackages","article_modified_time":"2026-01-18T18:59:14+00:00","og_image":[{"url":"https:\/\/egytourpackages.com\/wp-content\/uploads\/2023\/08\/Nile-Cruise-Luxor-Aswan-1024x682.jpg","type":"","width":"","height":""}],"twitter_card":"summary_large_image","twitter_title":"Croazier\u0103 pe Nil 4 Nop\u021bi Luxor - Aswan","twitter_description":"Croazier\u0103 pe Nil 4 Nop\u021bi Luxor - Aswan. Viziteaz\u0103 Valea Regilor, Abu Simbel \u0219i Templul Karnak cu ghid expert. Pensiune complet\u0103 \u0219i lux inclus. Rezerv\u0103 acum!","twitter_image":"https:\/\/egytourpackages.com\/wp-content\/uploads\/2023\/08\/Nile-Cruise-Luxor-Aswan-1024x682.jpg","twitter_misc":{"Pre\u021b":"&euro;950","Disponibilitate":"\u00cen stoc"},"schema":{"@context":"https:\/\/schema.org","@graph":[{"@type":"WebPage","@id":"https:\/\/egytourpackages.com\/ro\/tours\/croaziera-pe-nil-4-nopti-luxor-aswan\/","url":"https:\/\/egytourpackages.com\/ro\/tours\/croaziera-pe-nil-4-nopti-luxor-aswan\/","name":"Croazier\u0103 pe Nil 4 Nop\u021bi Luxor - Aswan","isPartOf":{"@id":"https:\/\/egytourpackages.com\/ro\/#website"},"primaryImageOfPage":{"@id":"https:\/\/egytourpackages.com\/ro\/tours\/croaziera-pe-nil-4-nopti-luxor-aswan\/#primaryimage"},"image":{"@id":"https:\/\/egytourpackages.com\/ro\/tours\/croaziera-pe-nil-4-nopti-luxor-aswan\/#primaryimage"},"thumbnailUrl":"https:\/\/egytourpackages.com\/wp-content\/uploads\/2023\/08\/Nile-Cruise-Luxor-Aswan.jpg","datePublished":"2023-08-12T17:40:48+00:00","dateModified":"2026-01-18T18:59:14+00:00","description":"Croazier\u0103 pe Nil 4 Nop\u021bi Luxor - Aswan. Viziteaz\u0103 Valea Regilor, Abu Simbel \u0219i Templul Karnak cu ghid expert. Pensiune complet\u0103 \u0219i lux inclus. Rezerv\u0103 acum!","breadcrumb":{"@id":"https:\/\/egytourpackages.com\/ro\/tours\/croaziera-pe-nil-4-nopti-luxor-aswan\/#breadcrumb"},"inLanguage":"ro-RO","potentialAction":[{"@type":"ReadAction","target":["https:\/\/egytourpackages.com\/ro\/tours\/croaziera-pe-nil-4-nopti-luxor-aswan\/"]}]},{"@type":"ImageObject","inLanguage":"ro-RO","@id":"https:\/\/egytourpackages.com\/ro\/tours\/croaziera-pe-nil-4-nopti-luxor-aswan\/#primaryimage","url":"https:\/\/egytourpackages.com\/wp-content\/uploads\/2023\/08\/Nile-Cruise-Luxor-Aswan.jpg","contentUrl":"https:\/\/egytourpackages.com\/wp-content\/uploads\/2023\/08\/Nile-Cruise-Luxor-Aswan.jpg","width":2000,"height":1333,"caption":"Croazier\u0103 pe Nil Luxor Aswan"},{"@type":"BreadcrumbList","@id":"https:\/\/egytourpackages.com\/ro\/tours\/croaziera-pe-nil-4-nopti-luxor-aswan\/#breadcrumb","itemListElement":[{"@type":"ListItem","position":1,"name":"Home","item":"https:\/\/egytourpackages.com\/ro\/"},{"@type":"ListItem","position":2,"name":"Shop","item":"https:\/\/egytourpackages.com\/shop\/"},{"@type":"ListItem","position":3,"name":"Croazier\u0103 pe Nil 4 Nop\u021bi Luxor &#8211; Aswan"}]},{"@type":"WebSite","@id":"https:\/\/egytourpackages.com\/ro\/#website","url":"https:\/\/egytourpackages.com\/ro\/","name":"Egy tour packages","description":"","publisher":{"@id":"https:\/\/egytourpackages.com\/ro\/#organization"},"potentialAction":[{"@type":"SearchAction","target":{"@type":"EntryPoint","urlTemplate":"https:\/\/egytourpackages.com\/ro\/?s={search_term_string}"},"query-input":{"@type":"PropertyValueSpecification","valueRequired":true,"valueName":"search_term_string"}}],"inLanguage":"ro-RO"},{"@type":["Organization","Place","TravelAgency"],"@id":"https:\/\/egytourpackages.com\/ro\/#organization","name":"egypt tour packages","alternateName":"egypt tour packages","url":"https:\/\/egytourpackages.com\/ro\/","logo":{"@id":"https:\/\/egytourpackages.com\/ro\/tours\/croaziera-pe-nil-4-nopti-luxor-aswan\/#local-main-organization-logo"},"image":{"@id":"https:\/\/egytourpackages.com\/ro\/tours\/croaziera-pe-nil-4-nopti-luxor-aswan\/#local-main-organization-logo"},"sameAs":["https:\/\/www.facebook.com\/egytourpackages"],"legalName":"Egy tour packages","address":{"@id":"https:\/\/egytourpackages.com\/ro\/tours\/croaziera-pe-nil-4-nopti-luxor-aswan\/#local-main-place-address"},"telephone":["00201000852186","00201028685533"],"contactPoint":{"@type":"ContactPoint","telephone":"00201000852186"},"openingHoursSpecification":[{"@type":"OpeningHoursSpecification","dayOfWeek":["Monday","Tuesday","Wednesday","Thursday","Friday","Saturday","Sunday"],"opens":"00:00","closes":"23:59"}],"email":"info@egytourpackages.com","areaServed":"Cairo, Hurghada, Luxor, Sharm El Sheikh, Marsa Alam, Aswan","priceRange":"$","currenciesAccepted":"euro","paymentAccepted":"Payment links online"},{"@type":"PostalAddress","@id":"https:\/\/egytourpackages.com\/ro\/tours\/croaziera-pe-nil-4-nopti-luxor-aswan\/#local-main-place-address","streetAddress":"Mubarak 8, Al Kawthar District, Hurghada","addressLocality":"Hurghada","postalCode":"84511","addressRegion":"Red Sea","addressCountry":"EG"},{"@type":"ImageObject","inLanguage":"ro-RO","@id":"https:\/\/egytourpackages.com\/ro\/tours\/croaziera-pe-nil-4-nopti-luxor-aswan\/#local-main-organization-logo","url":"https:\/\/egytourpackages.com\/wp-content\/uploads\/2025\/12\/Turquoise-Dahabiya-Nile-Cruise-1.jpeg","contentUrl":"https:\/\/egytourpackages.com\/wp-content\/uploads\/2025\/12\/Turquoise-Dahabiya-Nile-Cruise-1.jpeg","width":1040,"height":694,"caption":"egypt tour packages"}]},"product_brand":"Croaziere pe Nil \u00een Egipt","product_price_amount":"950","product_price_currency":"EUR","og_availability":"instock","product_availability":"instock","product_retailer_item_id":"ENCT21","product_condition":"new","geo.placename":"Hurghada","geo.region":"Egipt"},"_links":{"self":[{"href":"https:\/\/egytourpackages.com\/ro\/wp-json\/wp\/v2\/product\/13318","targetHints":{"allow":["GET"]}}],"collection":[{"href":"https:\/\/egytourpackages.com\/ro\/wp-json\/wp\/v2\/product"}],"about":[{"href":"https:\/\/egytourpackages.com\/ro\/wp-json\/wp\/v2\/types\/product"}],"replies":[{"embeddable":true,"href":"https:\/\/egytourpackages.com\/ro\/wp-json\/wp\/v2\/comments?post=13318"}],"wp:featuredmedia":[{"embeddable":true,"href":"https:\/\/egytourpackages.com\/ro\/wp-json\/wp\/v2\/media\/13319"}],"wp:attachment":[{"href":"https:\/\/egytourpackages.com\/ro\/wp-json\/wp\/v2\/media?parent=13318"}],"wp:term":[{"taxonomy":"product_brand","embeddable":true,"href":"https:\/\/egytourpackages.com\/ro\/wp-json\/wp\/v2\/product_brand?post=13318"},{"taxonomy":"product_cat","embeddable":true,"href":"https:\/\/egytourpackages.com\/ro\/wp-json\/wp\/v2\/product_cat?post=13318"},{"taxonomy":"product_tag","embeddable":true,"href":"https:\/\/egytourpackages.com\/ro\/wp-json\/wp\/v2\/product_tag?post=13318"}],"curies":[{"name":"wp","href":"https:\/\/api.w.org\/{rel}","templated":true}]}}