{"id":13351,"date":"2023-07-12T00:56:52","date_gmt":"2023-07-12T00:56:52","guid":{"rendered":"https:\/\/egytourpackages.com\/product\/excursie-privata-la-luxor-din-marsa-alam\/"},"modified":"2026-01-19T13:37:08","modified_gmt":"2026-01-19T13:37:08","slug":"excursie-privata-la-luxor-din-marsa-alam","status":"publish","type":"product","link":"https:\/\/egytourpackages.com\/ro\/tours\/excursie-privata-la-luxor-din-marsa-alam\/","title":{"rendered":"Excursie Privat\u0103 la Luxor din Marsa Alam"},"content":{"rendered":"<p><span style=\"color: #ff6600;\"><strong>Excursie Privat\u0103 la Luxor din Marsa Alam | Cel Mai Bun Pre\u021b Garantat<\/strong><\/span><\/p>\n<p>Rezerv\u0103 o <strong>excursie privat\u0103 la Luxor din Marsa Alam<\/strong> \u0219i exploreaz\u0103 unele dintre cele mai bune <strong>atrac\u021bii turistice din Egipt<\/strong> cu ajutorul <strong>Egypt day tours<\/strong>.<\/p>\n<p><strong>Egy Tour Packages<\/strong> ofer\u0103 tururi din Marsa Alam pentru a explora <strong>atrac\u021biile din Luxor<\/strong> de pe malul de est \u0219i cel de vest al Nilului.<\/p>\n<p>De fapt, turul t\u0103u pe malul de est al Luxorului include <strong>Templul lui Amon<\/strong> sau complexul <strong>Templul Karnak<\/strong>, care cuprinde <strong>Templul Mut<\/strong>, <strong>Capela Ro\u0219ie<\/strong>, <strong>Capela Alb\u0103<\/strong>, <strong>Templul Ptah<\/strong> \u0219i Sala de Festival a lui Thutmose III.<\/p>\n<p>De asemenea, po\u021bi admira <strong>Marea Sal\u0103 Hipostil\u0103<\/strong>, <strong>Gr\u0103dina Botanic\u0103<\/strong>, <strong>Obeliscul lui Hatshepsut<\/strong>, <strong>Lacul Sacru<\/strong>, <strong>Scarabeul<\/strong> \u0219i Cache-ul din Luxor. \u00cen plus, reliefurile uluitoare de pe pere\u021bi vorbesc despre ritualurile zilnice din templu, agricultur\u0103 \u00een Egiptul antic, religie \u0219i credin\u021bele funerare.<\/p>\n<p>Mai mult, aceste <strong>excursii \u00een Luxor<\/strong> includ <strong>Valea Regilor<\/strong> \u0219i morm\u00e2ntul lui Tutankhamon. De asemenea, vei vizita <strong>Templul Funerari al lui Hatshepsut<\/strong> de la <strong>Deir el-Bahari<\/strong> \u0219i faimo\u0219ii <strong>Colo\u0219ii lui Memnon<\/strong> ai lui Amenhotep III.<\/p>\n<p>\u00centr-adev\u0103r, Luxorul este extrem de bogat \u00een istorie \u0219i atrac\u021bii, \u00een special pe malul de vest, unde se afl\u0103 <strong>Ramesseum<\/strong>, <strong>Mormintele Nobililor<\/strong>, <strong>Templul Habu<\/strong> \u0219i <strong>Valea Reginelor<\/strong>.<\/p>\n<p>Excursia ta privat\u0103 la Luxor din Marsa Alam va fi condus\u0103 de un ghid expert preg\u0103tit s\u0103 r\u0103spund\u0103 la toate \u00eentreb\u0103rile tale despre <strong>civiliza\u021bia egiptean\u0103 antic\u0103<\/strong> \u0219i <strong>istoria Egiptului Antic<\/strong>.<\/p>\n<p>Totodat\u0103, vei afla despre lucr\u0103torii de la <strong>Deir El Medina<\/strong>, cei care au construit mormintele din Valea Regilor, \u0219i despre via\u021ba lor cotidian\u0103. Ghidul \u00ee\u021bi va explica, de asemenea, detalii despre <strong>zeii egipteni<\/strong>, <strong>mitologia egiptean\u0103<\/strong> \u0219i legendele locale.<\/p>\n<h3><span style=\"color: #ff6600;\">Detalii Tur<\/span><\/h3>\n<ul>\n<li>Durat\u0103: 17 ore<\/li>\n<li>Loca\u021bie tur: Luxor<\/li>\n<li>Disponibilitate: \u00cen fiecare zi<\/li>\n<li>Preluare \u0219i Predare: De la hotelul t\u0103u din Marsa Alam<\/li>\n<li>Tip tur: Privat<\/li>\n<li>Scaun cu rotile: Accesibil<\/li>\n<\/ul>\n<h3><span style=\"color: #ff6600;\">Incluziuni<\/span><\/h3>\n<ul>\n<li>Transfer dus-\u00eentors cu vehicul privat nou<\/li>\n<li>Ghid expert arheolog<\/li>\n<li>Taxe de intrare pentru toate vizitele men\u021bionate<\/li>\n<li>Pr\u00e2nz la un restaurant local<\/li>\n<\/ul>\n<h3><span style=\"color: #ff6600;\">Excluderi<\/span><\/h3>\n<ul>\n<li>B\u0103uturi \u00een timpul pr\u00e2nzului<\/li>\n<li>Morm\u00e2ntul KV9 (Ramses V \u0219i VI), KV17 (Seti I) sau KV62 (Tutankhamon)<\/li>\n<li>Bac\u0219i\u0219uri<\/li>\n<\/ul>\n<h3><span style=\"color: #ff6600;\">Ce s\u0103 ave\u021bi la voi<\/span><\/h3>\n<ul>\n<li>P\u0103l\u0103rie, ochelari de soare \u0219i crem\u0103 solar\u0103<\/li>\n<li>\u00cenc\u0103l\u021b\u0103minte \u0219i haine confortabile<\/li>\n<\/ul>\n<h2><span style=\"color: #ff6600;\">Itinerariu<\/span><\/h2>\n<h3><span style=\"color: #ff6600;\">04:00 AM: Preluarea de la hotel <\/span><\/h3>\n<p>Preluare de la hotelul t\u0103u din Marsa Alam pentru a \u00eencepe c\u0103l\u0103toria.<\/p>\n<h3><span style=\"color: #ff6600;\">06:00 AM: Punctul de control Safaga <\/span><\/h3>\n<p>Ora de plecare de la punctul de control Safaga c\u0103tre Luxor, \u00eempreun\u0103 cu restul convoaielor turistice.<\/p>\n<h3><span style=\"color: #ff6600;\">07:00 AM: Scurt\u0103 pauz\u0103 <\/span><\/h3>\n<p>O pauz\u0103 de 20 de minute pentru cafea la un popas primitor. Po\u021bi folosi toaleta (aprox. 10 L.E.), po\u021bi lua micul dejun \u0219i te po\u021bi bucura de o b\u0103utur\u0103 \u00eenainte de a continua drumul spre Luxor.<\/p>\n<h3><span style=\"color: #ff6600;\">09:30 AM: Complexul de Temple Karnak <\/span><\/h3>\n<p>Complexul Karnak, situat pe malul de est, se \u00eentinde pe o istorie de peste 2.000 de ani. Vei explora <strong>lacuri sacre<\/strong>, obeliscuri uria\u0219e \u0219i temple mai mici dedicate zeilor Amun, Mut \u0219i <strong>Khonsu<\/strong>.<\/p>\n<p>De asemenea, admir\u0103 colosala Sal\u0103 Hipostil\u0103 cu cele 134 de coloane masive, <strong>Capela Alb\u0103<\/strong>, <strong>Gr\u0103dina Botanic\u0103<\/strong> \u0219i faimosul <strong>Scarabeu<\/strong>.<\/p>\n<h3><span style=\"color: #ff6600;\">11:30 AM: Pr\u00e2nz <\/span><\/h3>\n<p>Bucur\u0103-te de un pr\u00e2nz proasp\u0103t g\u0103tit la un restaurant local, cu op\u021biuni disponibile \u0219i pentru vegetarieni.<\/p>\n<h3><span style=\"color: #ff6600;\">12:15 PM: Scurt\u0103 croazier\u0103 pe Nil <\/span><\/h3>\n<p>Bucur\u0103-te de o <strong>plimbare de 30 de minute cu barca pe Nil \u00een Luxor<\/strong>. Vei vedea via\u021ba local\u0103 de pe maluri \u0219i vei surprinde fotografii uimitoare ale reperelor iconice dintr-o perspectiv\u0103 unic\u0103. Este modul ideal de a aprecia frumuse\u021bea natural\u0103 care a sus\u021binut civiliza\u021bia egiptean\u0103 timp de milenii.<\/p>\n<h3><span style=\"color: #ff6600;\">12:50 PM: Colo\u0219ii lui Memnon <\/span><\/h3>\n<p><strong>Colo\u0219ii lui Memnon<\/strong> sunt dou\u0103 statui monumentale din piatr\u0103 ale <strong>faraonului Amenhotep III<\/strong>. Cu o \u00een\u0103l\u021bime de peste 18 metri, aceste <strong>monumente egiptene antice<\/strong> p\u0103zeau odinioar\u0103 intrarea \u00een templul s\u0103u mortuar.<\/p>\n<p>Sunt renumite pentru dimensiunea lor impun\u0103toare \u0219i pentru legenda \u201estatuii care c\u00e2nt\u0103\u201d.<\/p>\n<h3><span style=\"color: #ff6600;\">13:15 PM: Valea Regilor <\/span><\/h3>\n<p>Acest <strong>sit arheologic<\/strong> legendar este punctul central al oric\u0103rei <strong>excursii de o zi la Luxor<\/strong>, datorit\u0103 mormintelor subterane bogat decorate.<\/p>\n<p>Necropola regal\u0103 este locul unde faraonii Regatului Nou, precum <strong>Ramses<\/strong>, <strong>Amenhotep<\/strong> \u0219i <strong>Tutankhamon<\/strong>, au fost \u00eenmorm\u00e2nta\u021bi. Cu biletul de intrare po\u021bi vizita 3 morminte (de exemplu, Ramses IV, Ramses III, Ramses IX sau Merenptah) \u0219i po\u021bi face fotografii gratuit \u00een interior.<\/p>\n<h3><span style=\"color: #ff6600;\">14:45 PM: Templul lui Hatshepsut <\/span><\/h3>\n<p><strong>Templul Funerari al Reginei Hatshepsut<\/strong>, situat la Deir el-Bahari, este sculptat direct \u00een st\u00e2nc\u0103. Acest <strong>templu antic<\/strong> este un simbol puternic al <strong>conducerii feminine<\/strong> \u00een Regatul Nou.<\/p>\n<p>Atrac\u021biile principale includ reliefurile ce descriu na\u0219terea divin\u0103 a reginei \u0219i faimoasa expedi\u021bie \u00een \u021bara mitic\u0103 <strong>Punt<\/strong>.<\/p>\n<p>La finalul zilei, vei fi transferat \u00eenapoi la hotelul t\u0103u.<\/p>\n<h3><span style=\"color: #ff6600;\">Pre\u021b Excursie Privat\u0103 la Luxor din Marsa Alam<\/span><\/h3>\n<ul>\n<li>Pre\u021b Adult = 150 \u20ac<\/li>\n<li>Copii 0-5 ani = Gratuit<\/li>\n<li>Copii 5-11 ani = 50% din pre\u021bul pentru adult<\/li>\n<\/ul>\n<h3><span style=\"color: #ff6600;\">Rezervare<\/span><\/h3>\n<p>Po\u021bi rezerva turul prin WhatsApp sau e-mail \u0219i vei primi confirmarea pe loc. V\u0103 rug\u0103m s\u0103 ne trimite\u021bi numele hotelului, num\u0103rul camerei \u0219i copiile pa\u0219apoartelor.<\/p>\n<ul>\n<li>WhatsApp: +201000852186<\/li>\n<li>Email: info@egytourpackages.com<\/li>\n<\/ul>\n<h3><span style=\"color: #ff6600;\">Rezerv\u0103 Acum \u0219i Pl\u0103te\u0219te la Fa\u021ba Locului<\/span><\/h3>\n<p>Rezerv\u0103 turul preferat \u0219i pl\u0103te\u0219te \u00een ziua excursiei.<\/p>\n<h3><span style=\"color: #ff6600;\">Plat\u0103<\/span><\/h3>\n<p>Po\u021bi pl\u0103ti \u00een lire egiptene (EGP), $, \u20ac sau \u00a3.<\/p>\n<h3><span style=\"color: #ff6600;\">Politica de Anulare<\/span><\/h3>\n<ul>\n<li>Anularea este gratuit\u0103 cu p\u00e2n\u0103 la 24 de ore \u00eenainte.<\/li>\n<li>Anularea \u00een diminea\u021ba plec\u0103rii se penalizeaz\u0103 cu 50% din pre\u021b.<\/li>\n<\/ul>\n","protected":false},"excerpt":{"rendered":"<p>Rezerv\u0103 o <b data-path-to-node=\"1\" data-index-in-node=\"10\">Excursie Privat\u0103 la Luxor din Marsa Alam<\/b>. Viziteaz\u0103 Valea Regilor \u0219i Karnak cu un ghid expert. Cel mai bun pre\u021b, pr\u00e2nz inclus \u0219i confort garantat!<\/p>\n","protected":false},"featured_media":13353,"comment_status":"open","ping_status":"closed","template":"","meta":[],"product_brand":[],"product_cat":[3120],"product_tag":[3821,3229],"class_list":{"0":"post-13351","1":"product","2":"type-product","3":"status-publish","4":"has-post-thumbnail","6":"product_cat-tururi","7":"product_tag-excursie-de-o-zi-la-luxor","8":"product_tag-tururi-marsa-alam","9":"tour_category-excursii-de-o-zi-in-egipt-ro","10":"tour_category-excursii-marsa-alam-ro","12":"first","13":"instock","14":"sale","15":"shipping-taxable","16":"purchasable","17":"product-type-tour","18":"has-default-attributes"},"yoast_head":"<!-- This site is optimized with the Yoast SEO Premium plugin v27.4 (Yoast SEO v27.4) - https:\/\/yoast.com\/product\/yoast-seo-premium-wordpress\/ -->\n<title>Excursie Privat\u0103 la Luxor din Marsa Alam<\/title>\n<meta name=\"description\" content=\"Rezerv\u0103 o Excursie Privat\u0103 la Luxor din Marsa Alam. Viziteaz\u0103 Valea Regilor \u0219i Karnak cu un ghid expert. Cel mai bun pre\u021b, pr\u00e2nz inclus \u0219i confort garantat!\" \/>\n<meta name=\"robots\" content=\"index, follow, max-snippet:-1, max-image-preview:large, max-video-preview:-1\" \/>\n<link rel=\"canonical\" href=\"https:\/\/egytourpackages.com\/ro\/tours\/excursie-privata-la-luxor-din-marsa-alam\/\" \/>\n<meta property=\"og:locale\" content=\"ro_RO\" \/>\n<meta property=\"og:type\" content=\"article\" \/>\n<meta property=\"og:title\" content=\"Excursie Privat\u0103 la Luxor din Marsa Alam\" \/>\n<meta property=\"og:description\" content=\"Rezerv\u0103 o Excursie Privat\u0103 la Luxor din Marsa Alam. Viziteaz\u0103 Valea Regilor \u0219i Karnak cu un ghid expert. Cel mai bun pre\u021b, pr\u00e2nz inclus \u0219i confort garantat!\" \/>\n<meta property=\"og:url\" content=\"https:\/\/egytourpackages.com\/ro\/tours\/excursie-privata-la-luxor-din-marsa-alam\/\" \/>\n<meta property=\"og:site_name\" content=\"Egypt Tour Packages\" \/>\n<meta property=\"article:publisher\" content=\"https:\/\/www.facebook.com\/egytourpackages\" \/>\n<meta property=\"article:modified_time\" content=\"2026-01-19T13:37:08+00:00\" \/>\n<meta property=\"og:image\" content=\"https:\/\/egytourpackages.com\/wp-content\/uploads\/2023\/07\/Valley-of-the-Kings-Luxor-west-bank-1024x682.jpg\" \/>\n<meta name=\"twitter:card\" content=\"summary_large_image\" \/>\n<meta name=\"twitter:title\" content=\"Excursie Privat\u0103 la Luxor din Marsa Alam\" \/>\n<meta name=\"twitter:description\" content=\"Rezerv\u0103 o Excursie Privat\u0103 la Luxor din Marsa Alam. Viziteaz\u0103 Valea Regilor \u0219i Karnak cu un ghid expert. Cel mai bun pre\u021b, pr\u00e2nz inclus \u0219i confort garantat!\" \/>\n<meta name=\"twitter:image\" content=\"https:\/\/egytourpackages.com\/wp-content\/uploads\/2023\/07\/Valley-of-the-Kings-Luxor-west-bank-1024x682.jpg\" \/>\n<meta name=\"twitter:label1\" content=\"Pre\u021b\" \/>\n\t<meta name=\"twitter:data1\" content=\"&euro;150\" \/>\n\t<meta name=\"twitter:label2\" content=\"Disponibilitate\" \/>\n\t<meta name=\"twitter:data2\" content=\"\u00cen stoc\" \/>\n<script type=\"application\/ld+json\" class=\"yoast-schema-graph\">{\"@context\":\"https:\\\/\\\/schema.org\",\"@graph\":[{\"@type\":\"WebPage\",\"@id\":\"https:\\\/\\\/egytourpackages.com\\\/ro\\\/tours\\\/excursie-privata-la-luxor-din-marsa-alam\\\/\",\"url\":\"https:\\\/\\\/egytourpackages.com\\\/ro\\\/tours\\\/excursie-privata-la-luxor-din-marsa-alam\\\/\",\"name\":\"Excursie Privat\u0103 la Luxor din Marsa Alam\",\"isPartOf\":{\"@id\":\"https:\\\/\\\/egytourpackages.com\\\/ro\\\/#website\"},\"primaryImageOfPage\":{\"@id\":\"https:\\\/\\\/egytourpackages.com\\\/ro\\\/tours\\\/excursie-privata-la-luxor-din-marsa-alam\\\/#primaryimage\"},\"image\":{\"@id\":\"https:\\\/\\\/egytourpackages.com\\\/ro\\\/tours\\\/excursie-privata-la-luxor-din-marsa-alam\\\/#primaryimage\"},\"thumbnailUrl\":\"https:\\\/\\\/egytourpackages.com\\\/wp-content\\\/uploads\\\/2023\\\/07\\\/Valley-of-the-Kings-Luxor-west-bank.jpg\",\"datePublished\":\"2023-07-12T00:56:52+00:00\",\"dateModified\":\"2026-01-19T13:37:08+00:00\",\"description\":\"Rezerv\u0103 o Excursie Privat\u0103 la Luxor din Marsa Alam. Viziteaz\u0103 Valea Regilor \u0219i Karnak cu un ghid expert. Cel mai bun pre\u021b, pr\u00e2nz inclus \u0219i confort garantat!\",\"breadcrumb\":{\"@id\":\"https:\\\/\\\/egytourpackages.com\\\/ro\\\/tours\\\/excursie-privata-la-luxor-din-marsa-alam\\\/#breadcrumb\"},\"inLanguage\":\"ro-RO\",\"potentialAction\":[{\"@type\":\"ReadAction\",\"target\":[\"https:\\\/\\\/egytourpackages.com\\\/ro\\\/tours\\\/excursie-privata-la-luxor-din-marsa-alam\\\/\"]}]},{\"@type\":\"ImageObject\",\"inLanguage\":\"ro-RO\",\"@id\":\"https:\\\/\\\/egytourpackages.com\\\/ro\\\/tours\\\/excursie-privata-la-luxor-din-marsa-alam\\\/#primaryimage\",\"url\":\"https:\\\/\\\/egytourpackages.com\\\/wp-content\\\/uploads\\\/2023\\\/07\\\/Valley-of-the-Kings-Luxor-west-bank.jpg\",\"contentUrl\":\"https:\\\/\\\/egytourpackages.com\\\/wp-content\\\/uploads\\\/2023\\\/07\\\/Valley-of-the-Kings-Luxor-west-bank.jpg\",\"width\":2000,\"height\":1333,\"caption\":\"Valea Regilor, malul vestic al Luxorului\"},{\"@type\":\"BreadcrumbList\",\"@id\":\"https:\\\/\\\/egytourpackages.com\\\/ro\\\/tours\\\/excursie-privata-la-luxor-din-marsa-alam\\\/#breadcrumb\",\"itemListElement\":[{\"@type\":\"ListItem\",\"position\":1,\"name\":\"Home\",\"item\":\"https:\\\/\\\/egytourpackages.com\\\/ro\\\/\"},{\"@type\":\"ListItem\",\"position\":2,\"name\":\"Shop\",\"item\":\"https:\\\/\\\/egytourpackages.com\\\/shop\\\/\"},{\"@type\":\"ListItem\",\"position\":3,\"name\":\"Excursie Privat\u0103 la Luxor din Marsa Alam\"}]},{\"@type\":\"WebSite\",\"@id\":\"https:\\\/\\\/egytourpackages.com\\\/ro\\\/#website\",\"url\":\"https:\\\/\\\/egytourpackages.com\\\/ro\\\/\",\"name\":\"Egy tour packages\",\"description\":\"\",\"publisher\":{\"@id\":\"https:\\\/\\\/egytourpackages.com\\\/ro\\\/#organization\"},\"potentialAction\":[{\"@type\":\"SearchAction\",\"target\":{\"@type\":\"EntryPoint\",\"urlTemplate\":\"https:\\\/\\\/egytourpackages.com\\\/ro\\\/?s={search_term_string}\"},\"query-input\":{\"@type\":\"PropertyValueSpecification\",\"valueRequired\":true,\"valueName\":\"search_term_string\"}}],\"inLanguage\":\"ro-RO\"},{\"@type\":[\"Organization\",\"Place\",\"TravelAgency\"],\"@id\":\"https:\\\/\\\/egytourpackages.com\\\/ro\\\/#organization\",\"name\":\"egypt tour packages\",\"alternateName\":\"egypt tour packages\",\"url\":\"https:\\\/\\\/egytourpackages.com\\\/ro\\\/\",\"logo\":{\"@id\":\"https:\\\/\\\/egytourpackages.com\\\/ro\\\/tours\\\/excursie-privata-la-luxor-din-marsa-alam\\\/#local-main-organization-logo\"},\"image\":{\"@id\":\"https:\\\/\\\/egytourpackages.com\\\/ro\\\/tours\\\/excursie-privata-la-luxor-din-marsa-alam\\\/#local-main-organization-logo\"},\"sameAs\":[\"https:\\\/\\\/www.facebook.com\\\/egytourpackages\"],\"legalName\":\"Egy tour packages\",\"address\":{\"@id\":\"https:\\\/\\\/egytourpackages.com\\\/ro\\\/tours\\\/excursie-privata-la-luxor-din-marsa-alam\\\/#local-main-place-address\"},\"telephone\":[\"00201000852186\",\"00201028685533\"],\"contactPoint\":{\"@type\":\"ContactPoint\",\"telephone\":\"00201000852186\"},\"openingHoursSpecification\":[{\"@type\":\"OpeningHoursSpecification\",\"dayOfWeek\":[\"Monday\",\"Tuesday\",\"Wednesday\",\"Thursday\",\"Friday\",\"Saturday\",\"Sunday\"],\"opens\":\"00:00\",\"closes\":\"23:59\"}],\"email\":\"info@egytourpackages.com\",\"areaServed\":\"Cairo, Hurghada, Luxor, Sharm El Sheikh, Marsa Alam, Aswan\",\"priceRange\":\"$\",\"currenciesAccepted\":\"euro\",\"paymentAccepted\":\"Payment links online\"},{\"@type\":\"PostalAddress\",\"@id\":\"https:\\\/\\\/egytourpackages.com\\\/ro\\\/tours\\\/excursie-privata-la-luxor-din-marsa-alam\\\/#local-main-place-address\",\"streetAddress\":\"Mubarak 8, Al Kawthar District, Hurghada\",\"addressLocality\":\"Hurghada\",\"postalCode\":\"84511\",\"addressRegion\":\"Red Sea\",\"addressCountry\":\"EG\"},{\"@type\":\"ImageObject\",\"inLanguage\":\"ro-RO\",\"@id\":\"https:\\\/\\\/egytourpackages.com\\\/ro\\\/tours\\\/excursie-privata-la-luxor-din-marsa-alam\\\/#local-main-organization-logo\",\"url\":\"https:\\\/\\\/egytourpackages.com\\\/wp-content\\\/uploads\\\/2025\\\/12\\\/Turquoise-Dahabiya-Nile-Cruise-1.jpeg\",\"contentUrl\":\"https:\\\/\\\/egytourpackages.com\\\/wp-content\\\/uploads\\\/2025\\\/12\\\/Turquoise-Dahabiya-Nile-Cruise-1.jpeg\",\"width\":1040,\"height\":694,\"caption\":\"egypt tour packages\"}]}<\/script>\n<meta property=\"product:brand\" content=\"Excursii de o zi \u00een Egipt\" \/>\n<meta property=\"product:price:amount\" content=\"150\" \/>\n<meta property=\"product:price:currency\" content=\"EUR\" \/>\n<meta property=\"og:availability\" content=\"instock\" \/>\n<meta property=\"product:availability\" content=\"instock\" \/>\n<meta property=\"product:retailer_item_id\" content=\"MAT15\" \/>\n<meta property=\"product:condition\" content=\"new\" \/>\n<meta name=\"geo.placename\" content=\"Hurghada\" \/>\n<meta name=\"geo.region\" content=\"Egipt\" \/>\n<!-- \/ Yoast SEO Premium plugin. -->","yoast_head_json":{"title":"Excursie Privat\u0103 la Luxor din Marsa Alam","description":"Rezerv\u0103 o Excursie Privat\u0103 la Luxor din Marsa Alam. Viziteaz\u0103 Valea Regilor \u0219i Karnak cu un ghid expert. Cel mai bun pre\u021b, pr\u00e2nz inclus \u0219i confort garantat!","robots":{"index":"index","follow":"follow","max-snippet":"max-snippet:-1","max-image-preview":"max-image-preview:large","max-video-preview":"max-video-preview:-1"},"canonical":"https:\/\/egytourpackages.com\/ro\/tours\/excursie-privata-la-luxor-din-marsa-alam\/","og_locale":"ro_RO","og_type":"article","og_title":"Excursie Privat\u0103 la Luxor din Marsa Alam","og_description":"Rezerv\u0103 o Excursie Privat\u0103 la Luxor din Marsa Alam. Viziteaz\u0103 Valea Regilor \u0219i Karnak cu un ghid expert. Cel mai bun pre\u021b, pr\u00e2nz inclus \u0219i confort garantat!","og_url":"https:\/\/egytourpackages.com\/ro\/tours\/excursie-privata-la-luxor-din-marsa-alam\/","og_site_name":"Egypt Tour Packages","article_publisher":"https:\/\/www.facebook.com\/egytourpackages","article_modified_time":"2026-01-19T13:37:08+00:00","og_image":[{"url":"https:\/\/egytourpackages.com\/wp-content\/uploads\/2023\/07\/Valley-of-the-Kings-Luxor-west-bank-1024x682.jpg","type":"","width":"","height":""}],"twitter_card":"summary_large_image","twitter_title":"Excursie Privat\u0103 la Luxor din Marsa Alam","twitter_description":"Rezerv\u0103 o Excursie Privat\u0103 la Luxor din Marsa Alam. Viziteaz\u0103 Valea Regilor \u0219i Karnak cu un ghid expert. Cel mai bun pre\u021b, pr\u00e2nz inclus \u0219i confort garantat!","twitter_image":"https:\/\/egytourpackages.com\/wp-content\/uploads\/2023\/07\/Valley-of-the-Kings-Luxor-west-bank-1024x682.jpg","twitter_misc":{"Pre\u021b":"&euro;150","Disponibilitate":"\u00cen stoc"},"schema":{"@context":"https:\/\/schema.org","@graph":[{"@type":"WebPage","@id":"https:\/\/egytourpackages.com\/ro\/tours\/excursie-privata-la-luxor-din-marsa-alam\/","url":"https:\/\/egytourpackages.com\/ro\/tours\/excursie-privata-la-luxor-din-marsa-alam\/","name":"Excursie Privat\u0103 la Luxor din Marsa Alam","isPartOf":{"@id":"https:\/\/egytourpackages.com\/ro\/#website"},"primaryImageOfPage":{"@id":"https:\/\/egytourpackages.com\/ro\/tours\/excursie-privata-la-luxor-din-marsa-alam\/#primaryimage"},"image":{"@id":"https:\/\/egytourpackages.com\/ro\/tours\/excursie-privata-la-luxor-din-marsa-alam\/#primaryimage"},"thumbnailUrl":"https:\/\/egytourpackages.com\/wp-content\/uploads\/2023\/07\/Valley-of-the-Kings-Luxor-west-bank.jpg","datePublished":"2023-07-12T00:56:52+00:00","dateModified":"2026-01-19T13:37:08+00:00","description":"Rezerv\u0103 o Excursie Privat\u0103 la Luxor din Marsa Alam. Viziteaz\u0103 Valea Regilor \u0219i Karnak cu un ghid expert. Cel mai bun pre\u021b, pr\u00e2nz inclus \u0219i confort garantat!","breadcrumb":{"@id":"https:\/\/egytourpackages.com\/ro\/tours\/excursie-privata-la-luxor-din-marsa-alam\/#breadcrumb"},"inLanguage":"ro-RO","potentialAction":[{"@type":"ReadAction","target":["https:\/\/egytourpackages.com\/ro\/tours\/excursie-privata-la-luxor-din-marsa-alam\/"]}]},{"@type":"ImageObject","inLanguage":"ro-RO","@id":"https:\/\/egytourpackages.com\/ro\/tours\/excursie-privata-la-luxor-din-marsa-alam\/#primaryimage","url":"https:\/\/egytourpackages.com\/wp-content\/uploads\/2023\/07\/Valley-of-the-Kings-Luxor-west-bank.jpg","contentUrl":"https:\/\/egytourpackages.com\/wp-content\/uploads\/2023\/07\/Valley-of-the-Kings-Luxor-west-bank.jpg","width":2000,"height":1333,"caption":"Valea Regilor, malul vestic al Luxorului"},{"@type":"BreadcrumbList","@id":"https:\/\/egytourpackages.com\/ro\/tours\/excursie-privata-la-luxor-din-marsa-alam\/#breadcrumb","itemListElement":[{"@type":"ListItem","position":1,"name":"Home","item":"https:\/\/egytourpackages.com\/ro\/"},{"@type":"ListItem","position":2,"name":"Shop","item":"https:\/\/egytourpackages.com\/shop\/"},{"@type":"ListItem","position":3,"name":"Excursie Privat\u0103 la Luxor din Marsa Alam"}]},{"@type":"WebSite","@id":"https:\/\/egytourpackages.com\/ro\/#website","url":"https:\/\/egytourpackages.com\/ro\/","name":"Egy tour packages","description":"","publisher":{"@id":"https:\/\/egytourpackages.com\/ro\/#organization"},"potentialAction":[{"@type":"SearchAction","target":{"@type":"EntryPoint","urlTemplate":"https:\/\/egytourpackages.com\/ro\/?s={search_term_string}"},"query-input":{"@type":"PropertyValueSpecification","valueRequired":true,"valueName":"search_term_string"}}],"inLanguage":"ro-RO"},{"@type":["Organization","Place","TravelAgency"],"@id":"https:\/\/egytourpackages.com\/ro\/#organization","name":"egypt tour packages","alternateName":"egypt tour packages","url":"https:\/\/egytourpackages.com\/ro\/","logo":{"@id":"https:\/\/egytourpackages.com\/ro\/tours\/excursie-privata-la-luxor-din-marsa-alam\/#local-main-organization-logo"},"image":{"@id":"https:\/\/egytourpackages.com\/ro\/tours\/excursie-privata-la-luxor-din-marsa-alam\/#local-main-organization-logo"},"sameAs":["https:\/\/www.facebook.com\/egytourpackages"],"legalName":"Egy tour packages","address":{"@id":"https:\/\/egytourpackages.com\/ro\/tours\/excursie-privata-la-luxor-din-marsa-alam\/#local-main-place-address"},"telephone":["00201000852186","00201028685533"],"contactPoint":{"@type":"ContactPoint","telephone":"00201000852186"},"openingHoursSpecification":[{"@type":"OpeningHoursSpecification","dayOfWeek":["Monday","Tuesday","Wednesday","Thursday","Friday","Saturday","Sunday"],"opens":"00:00","closes":"23:59"}],"email":"info@egytourpackages.com","areaServed":"Cairo, Hurghada, Luxor, Sharm El Sheikh, Marsa Alam, Aswan","priceRange":"$","currenciesAccepted":"euro","paymentAccepted":"Payment links online"},{"@type":"PostalAddress","@id":"https:\/\/egytourpackages.com\/ro\/tours\/excursie-privata-la-luxor-din-marsa-alam\/#local-main-place-address","streetAddress":"Mubarak 8, Al Kawthar District, Hurghada","addressLocality":"Hurghada","postalCode":"84511","addressRegion":"Red Sea","addressCountry":"EG"},{"@type":"ImageObject","inLanguage":"ro-RO","@id":"https:\/\/egytourpackages.com\/ro\/tours\/excursie-privata-la-luxor-din-marsa-alam\/#local-main-organization-logo","url":"https:\/\/egytourpackages.com\/wp-content\/uploads\/2025\/12\/Turquoise-Dahabiya-Nile-Cruise-1.jpeg","contentUrl":"https:\/\/egytourpackages.com\/wp-content\/uploads\/2025\/12\/Turquoise-Dahabiya-Nile-Cruise-1.jpeg","width":1040,"height":694,"caption":"egypt tour packages"}]},"product_brand":"Excursii de o zi \u00een Egipt","product_price_amount":"150","product_price_currency":"EUR","og_availability":"instock","product_availability":"instock","product_retailer_item_id":"MAT15","product_condition":"new","geo.placename":"Hurghada","geo.region":"Egipt"},"_links":{"self":[{"href":"https:\/\/egytourpackages.com\/ro\/wp-json\/wp\/v2\/product\/13351","targetHints":{"allow":["GET"]}}],"collection":[{"href":"https:\/\/egytourpackages.com\/ro\/wp-json\/wp\/v2\/product"}],"about":[{"href":"https:\/\/egytourpackages.com\/ro\/wp-json\/wp\/v2\/types\/product"}],"replies":[{"embeddable":true,"href":"https:\/\/egytourpackages.com\/ro\/wp-json\/wp\/v2\/comments?post=13351"}],"wp:featuredmedia":[{"embeddable":true,"href":"https:\/\/egytourpackages.com\/ro\/wp-json\/wp\/v2\/media\/13353"}],"wp:attachment":[{"href":"https:\/\/egytourpackages.com\/ro\/wp-json\/wp\/v2\/media?parent=13351"}],"wp:term":[{"taxonomy":"product_brand","embeddable":true,"href":"https:\/\/egytourpackages.com\/ro\/wp-json\/wp\/v2\/product_brand?post=13351"},{"taxonomy":"product_cat","embeddable":true,"href":"https:\/\/egytourpackages.com\/ro\/wp-json\/wp\/v2\/product_cat?post=13351"},{"taxonomy":"product_tag","embeddable":true,"href":"https:\/\/egytourpackages.com\/ro\/wp-json\/wp\/v2\/product_tag?post=13351"}],"curies":[{"name":"wp","href":"https:\/\/api.w.org\/{rel}","templated":true}]}}