{"id":13357,"date":"2023-05-17T07:49:35","date_gmt":"2023-05-17T07:49:35","guid":{"rendered":"https:\/\/egytourpackages.com\/product\/excursie-privata-de-o-zi-la-cairo-din-soma-bay\/"},"modified":"2026-01-28T02:50:07","modified_gmt":"2026-01-28T02:50:07","slug":"excursie-privata-de-o-zi-la-cairo-din-soma-bay","status":"publish","type":"product","link":"https:\/\/egytourpackages.com\/ro\/tours\/excursie-privata-de-o-zi-la-cairo-din-soma-bay\/","title":{"rendered":"Excursie Privat\u0103 de o Zi la Cairo din Soma Bay"},"content":{"rendered":"<p><span style=\"color: #ff6600;\"><strong>Excursie Privat\u0103 de o Zi la Cairo din Soma Bay<\/strong><\/span><\/p>\n<p>O <strong>excursie privat\u0103 de o zi la Cairo din Soma Bay<\/strong> este modalitatea perfect\u0103 de a explora minunile antice \u00een cadrul ofertelor noastre de <strong>Egypt tours<\/strong>. Vizit\u00e2nd Cairo, pute\u021bi \u00eempu\u0219ca mai mul\u021bi iepuri dintr-o lovitur\u0103, deoarece acest ora\u0219 g\u0103zduie\u0219te unele dintre cele mai faimoase minuni antice ale lumii.<\/p>\n<p>Dac\u0103 dori\u021bi s\u0103 descoperi\u021bi <strong>istoria Egiptului Antic<\/strong> din perioada <strong>Dinastiei a Patra<\/strong> a <strong>Regatului Vechi<\/strong>, atunci acest tur este creat special pentru dumneavoastr\u0103.<\/p>\n<p>Al\u0103tura\u021bi-v\u0103 ghidului dumneavoastr\u0103 privat \u0219i afla\u021bi mai multe despre construc\u021bia piramidelor, despre <strong>civiliza\u021bia egiptean\u0103 antic\u0103<\/strong> \u0219i despre faraonii egipteni care au ridicat aceste monumente eterne.<\/p>\n<p>\u00cen plus, aceste <strong>excursii din Soma Bay<\/strong> ofer\u0103 vizite la <strong>Piramida lui Khafre<\/strong> \u0219i <strong>Piramida lui Menkaure<\/strong>. De asemenea, ve\u021bi vedea <strong>Piramidele Satelit<\/strong>, sau piramidele subsidiare, situate l\u00e2ng\u0103 marile piramide.<\/p>\n<p>Asta nu este tot; \u00een timp ce v\u0103 afla\u021bi pe <strong>platoul Giza<\/strong>, pute\u021bi vizita c\u00e2teva dintre <strong>mormintele constructorilor de piramide<\/strong>, unde ve\u021bi admira reliefurile <strong>hieroglifice<\/strong> de pe pere\u021bii acestora.<\/p>\n<p>Mai mult, aceste <strong>excursii de o zi \u00een Egipt<\/strong> includ vizitarea <strong>Marelui Muzeu Egiptean (GEM)<\/strong>, unde pute\u021bi admira pentru prima dat\u0103 \u00een istorie, \u00eentr-un singur loc, cele 5.300 de piese din tezaurul g\u0103sit \u00een <strong>morm\u00e2ntul lui Tutankhamon<\/strong>.<\/p>\n<p>Muzeul este poarta dumneavoastr\u0103 c\u0103tre cunoa\u0219terea procesului de <strong>mummificare \u00een Egiptul antic<\/strong>, vizionarea sarcofagelor, statuilor, bijuteriilor \u0219i multor altor artefacte.<\/p>\n<h3><span style=\"color: #ff6600;\">Detalii Tur<\/span><\/h3>\n<ul>\n<li>Durat\u0103: 19 Ore<\/li>\n<li>Loca\u021bie tur: Cairo<\/li>\n<li>Disponibilitate: Zilnic, la cerere<\/li>\n<li>Preluare \u0219i Predare: Hoteluri din Soma Bay<\/li>\n<li>Tip tur: Privat<\/li>\n<li>Scaun cu rotile: Accesibil<\/li>\n<\/ul>\n<h3><span style=\"color: #ff6600;\">Puncte de Atrac\u021bie (Highlights)<\/span><\/h3>\n<ul>\n<li>Marele Muzeu Egiptean (GEM)<\/li>\n<li>Piramidele din Giza<\/li>\n<li>Marea Sfinx<\/li>\n<li>Templul de Mummificare<\/li>\n<li>Pr\u00e2nz<\/li>\n<\/ul>\n<h3><span style=\"color: #ff6600;\">Incluziuni<\/span><\/h3>\n<ul>\n<li>Transfer privat cu un vehicul nou<\/li>\n<li>Taxe de intrare pentru toate obiectivele din program<\/li>\n<li>Pr\u00e2nz de calitate la un restaurant local<\/li>\n<li>Ghid arheolog expert \u0219i bine informat<\/li>\n<li>Ap\u0103 pe parcursul zilei<\/li>\n<\/ul>\n<h3><span style=\"color: #ff6600;\">Excluderi<\/span><\/h3>\n<ul>\n<li>Taxa de intrare \u00een Piramida lui Keops<\/li>\n<li>Taxa de intrare \u00een Piramida lui Khafre<\/li>\n<li>B\u0103uturile \u00een timpul pr\u00e2nzului<\/li>\n<li>Bac\u0219i\u0219 pentru ghid \u0219i \u0219ofer<\/li>\n<\/ul>\n<h3><span style=\"color: #ff6600;\">Ce s\u0103 ave\u021bi la pachet<\/span><\/h3>\n<p>\u00cenc\u0103l\u021b\u0103minte \u0219i haine confortabile \/ P\u0103l\u0103rie \/ Ochelari de soare \/ Crem\u0103 solar\u0103 \/ Jachet\u0103 groas\u0103 (iarna)<\/p>\n<h2><span style=\"color: #ff6600;\">Itinerariu Detaliat: Excursie Privat\u0103 Cairo din Soma Bay<\/span><\/h2>\n<h3><span style=\"color: #ff6600;\">02:00 AM: Preluarea de la hotel din Soma Bay <\/span><\/h3>\n<p>Aventura \u00eencepe cu un transfer privat confortabil, cu aer condi\u021bionat, direct de la hotelul dumneavoastr\u0103 din Soma Bay. V\u0103 rug\u0103m s\u0103 v\u0103 asigura\u021bi c\u0103 a\u021bi ridicat cutiile cu mic dejun de la recep\u021bie, solicitate cu o zi \u00eenainte.<\/p>\n<p>Acest start matinal v\u0103 garanteaz\u0103 timpul necesar pentru a v\u0103 bucura de toate punctele de interes ale acestui <strong>tur privat \u00een Cairo<\/strong>.<\/p>\n<h3><span style=\"color: #ff6600;\">03:00 AM: Trecerea punctului de control <\/span><\/h3>\n<p>Dup\u0103 trecerea punctului de control din zona El Gouna, c\u0103l\u0103toria spre Cairo \u00eencepe oficial. V\u0103 pute\u021bi relaxa sau dormi p\u00e2n\u0103 la pauza de cafea.<\/p>\n<h3><span style=\"color: #ff6600;\">06:00 AM: Pauz\u0103 de relaxare la Zaafarana Rest House <\/span><\/h3>\n<p>Dup\u0103 trei ore de condus, ve\u021bi avea o pauz\u0103 de cafea la <strong>Zaafarana Rest House<\/strong>. Aceasta este ocazia perfect\u0103 pentru a folosi toaletele (tax\u0103 mic\u0103 de 20 EGP), pentru a savura o cafea \u0219i micul dejun la pachet.<\/p>\n<h3><span style=\"color: #ff6600;\">09:00 AM: Explorarea Marelui Muzeu Egiptean (GEM) <\/span><\/h3>\n<p>Turul dumneavoastr\u0103 \u00een Cairo \u00eencepe oficial cu vizitarea magnificului <strong>Marele Muzeu Egiptean (GEM)<\/strong>, cunoscut \u0219i sub numele de <strong>Muzeul Giza<\/strong>.<\/p>\n<p>Fiind cel mai mare muzeu arheologic din lume, GEM este o minune modern\u0103 care g\u0103zduie\u0219te \u00eentreaga colec\u021bie a comorilor <strong>Regelui Tutankhamon<\/strong>.<\/p>\n<h3><span style=\"color: #ff6600;\">La ce s\u0103 v\u0103 a\u0219tepta\u021bi la GEM:<\/span><\/h3>\n<ul>\n<li><strong>Obeliscul Suspendat:<\/strong> Primul de acest fel din lume, unde pute\u021bi vedea cartu\u0219ele lui <strong>Ramses II<\/strong> st\u00e2nd chiar sub monument.<\/li>\n<li><strong>Marea Scar\u0103:<\/strong> Peste 60 de piese organizate tematic despre putere \u0219i divinitate, oferind o vedere panoramic\u0103 spre Piramidele din Giza.<\/li>\n<li><strong>Colec\u021bia Regelui Tutankhamon:<\/strong> Peste 5.000 de obiecte, inclusiv masca de aur, sarcofagul \u0219i tronul, expuse \u00eempreun\u0103 pentru prima dat\u0103.<\/li>\n<li><strong>Galeria B\u0103rcii Solare:<\/strong> Nava lui Keops, descoperit\u0103 \u00een 1954, mutat\u0103 \u00een noua sa cas\u0103 tehnologizat\u0103 la GEM \u00een 2021.<\/li>\n<\/ul>\n<h3><span style=\"color: #ff6600;\">11:00 AM: Pr\u00e2nz Local Delicios <\/span><\/h3>\n<p>Bucura\u021bi-v\u0103 de un pr\u00e2nz savuros la un restaurant local din apropierea Piramidelor din Giza.<\/p>\n<h3><span style=\"color: #ff6600;\">12:00 PM: Descoperirea Piramidelor din Giza \u0219i a Marii Sfinx <\/span><\/h3>\n<p>Punctul culminant al oric\u0103rui <strong>tur \u00een Egipt<\/strong> este complexul <strong>Piramidele din Giza<\/strong>, una dintre cele \u0218apte Minuni ale Lumii Antice \u0219i sit <strong>UNESCO<\/strong>.<\/p>\n<ul>\n<li><strong>Marea Piramid\u0103 a lui Keops (Khufu):<\/strong> Cea mai mare \u0219i mai veche dintre piramide.<\/li>\n<li><strong>Piramida lui Khafre (Chefren):<\/strong> A doua ca m\u0103rime, recunoscut\u0103 dup\u0103 resturile de calcar din v\u00e2rf.<\/li>\n<li><strong>Piramida lui Menkaure (Mykerinus):<\/strong> Cea mai mic\u0103 dintre cele trei, placat\u0103 par\u021bial cu granit ro\u0219u.<\/li>\n<li><strong>Templul din Vale (Templul de Mummificare):<\/strong> Locul unde aveau loc ritualurile de purificare.<\/li>\n<li><strong>Marea Sfinx:<\/strong> Creatura mitologic\u0103 sculptat\u0103 dintr-o singur\u0103 bucat\u0103 masiv\u0103 de calcar.<\/li>\n<\/ul>\n<h3><span style=\"color: #ff6600;\">Activit\u0103\u021bi Op\u021bionale (contra cost): <\/span><\/h3>\n<p>Ghidul v\u0103 poate ajuta dac\u0103 dori\u021bi o <strong>plimbare cu c\u0103mila<\/strong> prin de\u0219ert sau dac\u0103 dori\u021bi s\u0103 explora\u021bi interiorul uneia dintre piramide.<\/p>\n<h3><span style=\"color: #ff6600;\">Pre\u021b Excursie Privat\u0103 Cairo din Soma Bay<\/span><\/h3>\n<ul>\n<li>Pre\u021b Total: 170 \u20ac de persoan\u0103<\/li>\n<li>Copii: Contacta\u021bi-ne pentru oferte speciale de familie.<\/li>\n<\/ul>\n<h3><span style=\"color: #ff6600;\">Rezervare<\/span><\/h3>\n<p>Rezerva\u021bi turul prin WhatsApp sau e-mail \u0219i primi\u021bi confirmarea pe loc.<\/p>\n<p>V\u0103 rug\u0103m s\u0103 ne trimite\u021bi numele hotelului, num\u0103rul camerei \u0219i copiile pa\u0219apoartelor.<\/p>\n<ul>\n<li>WhatsApp: +201000852186<\/li>\n<li>Email: info@egytourpackages.com<\/li>\n<\/ul>\n<h3><span style=\"color: #ff6600;\">Rezerv\u0103 Acum \u0219i Pl\u0103te\u0219te la Fa\u021ba Locului<\/span><\/h3>\n<p>Rezerva\u021bi turul preferat \u0219i pl\u0103ti\u021bi \u00een ziua excursiei. Modalit\u0103\u021bi de plat\u0103: Lire egiptene (EGP), $, \u20ac sau \u00a3.<\/p>\n<h3><span style=\"color: #ff6600;\">Politica de Anulare<\/span><\/h3>\n<ul>\n<li>Anularea este gratuit\u0103 cu p\u00e2n\u0103 la 24 de ore \u00eenainte.<\/li>\n<li>Anularea \u00een diminea\u021ba plec\u0103rii se penalizeaz\u0103 cu 50% din pre\u021b.<\/li>\n<\/ul>\n","protected":false},"excerpt":{"rendered":"<p>Rezerv\u0103 o Excursie Privat\u0103 de o Zi la Cairo din Soma Bay. Viziteaz\u0103 Piramidele din Giza \u0219i Marele Muzeu cu ghid expert. Cel mai bun pre\u021b \u0219i confirmare!<\/p>\n","protected":false},"featured_media":13358,"comment_status":"open","ping_status":"closed","template":"","meta":[],"product_brand":[],"product_cat":[3120],"product_tag":[3230,3194],"class_list":{"0":"post-13357","1":"product","2":"type-product","3":"status-publish","4":"has-post-thumbnail","6":"product_cat-tururi","7":"product_tag-excursii-soma-bay","8":"product_tag-piramidele-din-giza","9":"tour_category-excursii-de-o-zi-in-egipt-ro","10":"tour_category-excursii-soma-bay-ro","11":"tour_category-tururi-la-cairo-din-hurghada","13":"first","14":"instock","15":"sale","16":"shipping-taxable","17":"purchasable","18":"product-type-tour","19":"has-default-attributes"},"yoast_head":"<!-- This site is optimized with the Yoast SEO Premium plugin v27.4 (Yoast SEO v27.4) - https:\/\/yoast.com\/product\/yoast-seo-premium-wordpress\/ -->\n<title>Excursie Privat\u0103 de o Zi la Cairo din Soma Bay<\/title>\n<meta name=\"description\" content=\"Rezerv\u0103 o Excursie Privat\u0103 de o Zi la Cairo din Soma Bay. Viziteaz\u0103 Piramidele din Giza \u0219i Marele Muzeu cu ghid expert. Cel mai bun pre\u021b \u0219i confirmare!\" \/>\n<meta name=\"robots\" content=\"index, follow, max-snippet:-1, max-image-preview:large, max-video-preview:-1\" \/>\n<link rel=\"canonical\" href=\"https:\/\/egytourpackages.com\/ro\/tours\/excursie-privata-de-o-zi-la-cairo-din-soma-bay\/\" \/>\n<meta property=\"og:locale\" content=\"ro_RO\" \/>\n<meta property=\"og:type\" content=\"article\" \/>\n<meta property=\"og:title\" content=\"Excursie Privat\u0103 de o Zi la Cairo din Soma Bay\" \/>\n<meta property=\"og:description\" content=\"Rezerv\u0103 o Excursie Privat\u0103 de o Zi la Cairo din Soma Bay. Viziteaz\u0103 Piramidele din Giza \u0219i Marele Muzeu cu ghid expert. Cel mai bun pre\u021b \u0219i confirmare!\" \/>\n<meta property=\"og:url\" content=\"https:\/\/egytourpackages.com\/ro\/tours\/excursie-privata-de-o-zi-la-cairo-din-soma-bay\/\" \/>\n<meta property=\"og:site_name\" content=\"Egypt Tour Packages\" \/>\n<meta property=\"article:publisher\" content=\"https:\/\/www.facebook.com\/egytourpackages\" \/>\n<meta property=\"article:modified_time\" content=\"2026-01-28T02:50:07+00:00\" \/>\n<meta property=\"og:image\" content=\"https:\/\/egytourpackages.com\/wp-content\/uploads\/2023\/05\/Giza-Pyramids.jpg\" \/>\n<meta name=\"twitter:card\" content=\"summary_large_image\" \/>\n<meta name=\"twitter:title\" content=\"Excursie Privat\u0103 de o Zi la Cairo din Soma Bay\" \/>\n<meta name=\"twitter:label1\" content=\"Pre\u021b\" \/>\n\t<meta name=\"twitter:data1\" content=\"&euro;160\" \/>\n\t<meta name=\"twitter:label2\" content=\"Disponibilitate\" \/>\n\t<meta name=\"twitter:data2\" content=\"\u00cen stoc\" \/>\n<script type=\"application\/ld+json\" class=\"yoast-schema-graph\">{\"@context\":\"https:\\\/\\\/schema.org\",\"@graph\":[{\"@type\":\"WebPage\",\"@id\":\"https:\\\/\\\/egytourpackages.com\\\/ro\\\/tours\\\/excursie-privata-de-o-zi-la-cairo-din-soma-bay\\\/\",\"url\":\"https:\\\/\\\/egytourpackages.com\\\/ro\\\/tours\\\/excursie-privata-de-o-zi-la-cairo-din-soma-bay\\\/\",\"name\":\"Excursie Privat\u0103 de o Zi la Cairo din Soma Bay\",\"isPartOf\":{\"@id\":\"https:\\\/\\\/egytourpackages.com\\\/ro\\\/#website\"},\"primaryImageOfPage\":{\"@id\":\"https:\\\/\\\/egytourpackages.com\\\/ro\\\/tours\\\/excursie-privata-de-o-zi-la-cairo-din-soma-bay\\\/#primaryimage\"},\"image\":{\"@id\":\"https:\\\/\\\/egytourpackages.com\\\/ro\\\/tours\\\/excursie-privata-de-o-zi-la-cairo-din-soma-bay\\\/#primaryimage\"},\"thumbnailUrl\":\"https:\\\/\\\/egytourpackages.com\\\/wp-content\\\/uploads\\\/2023\\\/05\\\/Giza-Pyramids.jpg\",\"datePublished\":\"2023-05-17T07:49:35+00:00\",\"dateModified\":\"2026-01-28T02:50:07+00:00\",\"description\":\"Rezerv\u0103 o Excursie Privat\u0103 de o Zi la Cairo din Soma Bay. Viziteaz\u0103 Piramidele din Giza \u0219i Marele Muzeu cu ghid expert. Cel mai bun pre\u021b \u0219i confirmare!\",\"breadcrumb\":{\"@id\":\"https:\\\/\\\/egytourpackages.com\\\/ro\\\/tours\\\/excursie-privata-de-o-zi-la-cairo-din-soma-bay\\\/#breadcrumb\"},\"inLanguage\":\"ro-RO\",\"potentialAction\":[{\"@type\":\"ReadAction\",\"target\":[\"https:\\\/\\\/egytourpackages.com\\\/ro\\\/tours\\\/excursie-privata-de-o-zi-la-cairo-din-soma-bay\\\/\"]}]},{\"@type\":\"ImageObject\",\"inLanguage\":\"ro-RO\",\"@id\":\"https:\\\/\\\/egytourpackages.com\\\/ro\\\/tours\\\/excursie-privata-de-o-zi-la-cairo-din-soma-bay\\\/#primaryimage\",\"url\":\"https:\\\/\\\/egytourpackages.com\\\/wp-content\\\/uploads\\\/2023\\\/05\\\/Giza-Pyramids.jpg\",\"contentUrl\":\"https:\\\/\\\/egytourpackages.com\\\/wp-content\\\/uploads\\\/2023\\\/05\\\/Giza-Pyramids.jpg\",\"width\":1000,\"height\":667,\"caption\":\"Piramidele din Giza\"},{\"@type\":\"BreadcrumbList\",\"@id\":\"https:\\\/\\\/egytourpackages.com\\\/ro\\\/tours\\\/excursie-privata-de-o-zi-la-cairo-din-soma-bay\\\/#breadcrumb\",\"itemListElement\":[{\"@type\":\"ListItem\",\"position\":1,\"name\":\"Home\",\"item\":\"https:\\\/\\\/egytourpackages.com\\\/ro\\\/\"},{\"@type\":\"ListItem\",\"position\":2,\"name\":\"Shop\",\"item\":\"https:\\\/\\\/egytourpackages.com\\\/shop\\\/\"},{\"@type\":\"ListItem\",\"position\":3,\"name\":\"Excursie Privat\u0103 de o Zi la Cairo din Soma Bay\"}]},{\"@type\":\"WebSite\",\"@id\":\"https:\\\/\\\/egytourpackages.com\\\/ro\\\/#website\",\"url\":\"https:\\\/\\\/egytourpackages.com\\\/ro\\\/\",\"name\":\"Egy tour packages\",\"description\":\"\",\"publisher\":{\"@id\":\"https:\\\/\\\/egytourpackages.com\\\/ro\\\/#organization\"},\"potentialAction\":[{\"@type\":\"SearchAction\",\"target\":{\"@type\":\"EntryPoint\",\"urlTemplate\":\"https:\\\/\\\/egytourpackages.com\\\/ro\\\/?s={search_term_string}\"},\"query-input\":{\"@type\":\"PropertyValueSpecification\",\"valueRequired\":true,\"valueName\":\"search_term_string\"}}],\"inLanguage\":\"ro-RO\"},{\"@type\":[\"Organization\",\"Place\",\"TravelAgency\"],\"@id\":\"https:\\\/\\\/egytourpackages.com\\\/ro\\\/#organization\",\"name\":\"egypt tour packages\",\"alternateName\":\"egypt tour packages\",\"url\":\"https:\\\/\\\/egytourpackages.com\\\/ro\\\/\",\"logo\":{\"@id\":\"https:\\\/\\\/egytourpackages.com\\\/ro\\\/tours\\\/excursie-privata-de-o-zi-la-cairo-din-soma-bay\\\/#local-main-organization-logo\"},\"image\":{\"@id\":\"https:\\\/\\\/egytourpackages.com\\\/ro\\\/tours\\\/excursie-privata-de-o-zi-la-cairo-din-soma-bay\\\/#local-main-organization-logo\"},\"sameAs\":[\"https:\\\/\\\/www.facebook.com\\\/egytourpackages\"],\"legalName\":\"Egy tour packages\",\"address\":{\"@id\":\"https:\\\/\\\/egytourpackages.com\\\/ro\\\/tours\\\/excursie-privata-de-o-zi-la-cairo-din-soma-bay\\\/#local-main-place-address\"},\"telephone\":[\"00201000852186\",\"00201028685533\"],\"contactPoint\":{\"@type\":\"ContactPoint\",\"telephone\":\"00201000852186\"},\"openingHoursSpecification\":[{\"@type\":\"OpeningHoursSpecification\",\"dayOfWeek\":[\"Monday\",\"Tuesday\",\"Wednesday\",\"Thursday\",\"Friday\",\"Saturday\",\"Sunday\"],\"opens\":\"00:00\",\"closes\":\"23:59\"}],\"email\":\"info@egytourpackages.com\",\"areaServed\":\"Cairo, Hurghada, Luxor, Sharm El Sheikh, Marsa Alam, Aswan\",\"priceRange\":\"$\",\"currenciesAccepted\":\"euro\",\"paymentAccepted\":\"Payment links online\"},{\"@type\":\"PostalAddress\",\"@id\":\"https:\\\/\\\/egytourpackages.com\\\/ro\\\/tours\\\/excursie-privata-de-o-zi-la-cairo-din-soma-bay\\\/#local-main-place-address\",\"streetAddress\":\"Mubarak 8, Al Kawthar District, Hurghada\",\"addressLocality\":\"Hurghada\",\"postalCode\":\"84511\",\"addressRegion\":\"Red Sea\",\"addressCountry\":\"EG\"},{\"@type\":\"ImageObject\",\"inLanguage\":\"ro-RO\",\"@id\":\"https:\\\/\\\/egytourpackages.com\\\/ro\\\/tours\\\/excursie-privata-de-o-zi-la-cairo-din-soma-bay\\\/#local-main-organization-logo\",\"url\":\"https:\\\/\\\/egytourpackages.com\\\/wp-content\\\/uploads\\\/2025\\\/12\\\/Turquoise-Dahabiya-Nile-Cruise-1.jpeg\",\"contentUrl\":\"https:\\\/\\\/egytourpackages.com\\\/wp-content\\\/uploads\\\/2025\\\/12\\\/Turquoise-Dahabiya-Nile-Cruise-1.jpeg\",\"width\":1040,\"height\":694,\"caption\":\"egypt tour packages\"}]}<\/script>\n<meta property=\"product:brand\" content=\"Excursii de o zi \u00een Egipt\" \/>\n<meta property=\"product:price:amount\" content=\"160\" \/>\n<meta property=\"product:price:currency\" content=\"EUR\" \/>\n<meta property=\"og:availability\" content=\"instock\" \/>\n<meta property=\"product:availability\" content=\"instock\" \/>\n<meta property=\"product:retailer_item_id\" content=\"SBE08\" \/>\n<meta property=\"product:condition\" content=\"new\" \/>\n<meta name=\"geo.placename\" content=\"Hurghada\" \/>\n<meta name=\"geo.region\" content=\"Egipt\" \/>\n<!-- \/ Yoast SEO Premium plugin. -->","yoast_head_json":{"title":"Excursie Privat\u0103 de o Zi la Cairo din Soma Bay","description":"Rezerv\u0103 o Excursie Privat\u0103 de o Zi la Cairo din Soma Bay. Viziteaz\u0103 Piramidele din Giza \u0219i Marele Muzeu cu ghid expert. Cel mai bun pre\u021b \u0219i confirmare!","robots":{"index":"index","follow":"follow","max-snippet":"max-snippet:-1","max-image-preview":"max-image-preview:large","max-video-preview":"max-video-preview:-1"},"canonical":"https:\/\/egytourpackages.com\/ro\/tours\/excursie-privata-de-o-zi-la-cairo-din-soma-bay\/","og_locale":"ro_RO","og_type":"article","og_title":"Excursie Privat\u0103 de o Zi la Cairo din Soma Bay","og_description":"Rezerv\u0103 o Excursie Privat\u0103 de o Zi la Cairo din Soma Bay. Viziteaz\u0103 Piramidele din Giza \u0219i Marele Muzeu cu ghid expert. Cel mai bun pre\u021b \u0219i confirmare!","og_url":"https:\/\/egytourpackages.com\/ro\/tours\/excursie-privata-de-o-zi-la-cairo-din-soma-bay\/","og_site_name":"Egypt Tour Packages","article_publisher":"https:\/\/www.facebook.com\/egytourpackages","article_modified_time":"2026-01-28T02:50:07+00:00","og_image":[{"url":"https:\/\/egytourpackages.com\/wp-content\/uploads\/2023\/05\/Giza-Pyramids.jpg","type":"","width":"","height":""}],"twitter_card":"summary_large_image","twitter_title":"Excursie Privat\u0103 de o Zi la Cairo din Soma Bay","twitter_misc":{"Pre\u021b":"&euro;160","Disponibilitate":"\u00cen stoc"},"schema":{"@context":"https:\/\/schema.org","@graph":[{"@type":"WebPage","@id":"https:\/\/egytourpackages.com\/ro\/tours\/excursie-privata-de-o-zi-la-cairo-din-soma-bay\/","url":"https:\/\/egytourpackages.com\/ro\/tours\/excursie-privata-de-o-zi-la-cairo-din-soma-bay\/","name":"Excursie Privat\u0103 de o Zi la Cairo din Soma Bay","isPartOf":{"@id":"https:\/\/egytourpackages.com\/ro\/#website"},"primaryImageOfPage":{"@id":"https:\/\/egytourpackages.com\/ro\/tours\/excursie-privata-de-o-zi-la-cairo-din-soma-bay\/#primaryimage"},"image":{"@id":"https:\/\/egytourpackages.com\/ro\/tours\/excursie-privata-de-o-zi-la-cairo-din-soma-bay\/#primaryimage"},"thumbnailUrl":"https:\/\/egytourpackages.com\/wp-content\/uploads\/2023\/05\/Giza-Pyramids.jpg","datePublished":"2023-05-17T07:49:35+00:00","dateModified":"2026-01-28T02:50:07+00:00","description":"Rezerv\u0103 o Excursie Privat\u0103 de o Zi la Cairo din Soma Bay. Viziteaz\u0103 Piramidele din Giza \u0219i Marele Muzeu cu ghid expert. Cel mai bun pre\u021b \u0219i confirmare!","breadcrumb":{"@id":"https:\/\/egytourpackages.com\/ro\/tours\/excursie-privata-de-o-zi-la-cairo-din-soma-bay\/#breadcrumb"},"inLanguage":"ro-RO","potentialAction":[{"@type":"ReadAction","target":["https:\/\/egytourpackages.com\/ro\/tours\/excursie-privata-de-o-zi-la-cairo-din-soma-bay\/"]}]},{"@type":"ImageObject","inLanguage":"ro-RO","@id":"https:\/\/egytourpackages.com\/ro\/tours\/excursie-privata-de-o-zi-la-cairo-din-soma-bay\/#primaryimage","url":"https:\/\/egytourpackages.com\/wp-content\/uploads\/2023\/05\/Giza-Pyramids.jpg","contentUrl":"https:\/\/egytourpackages.com\/wp-content\/uploads\/2023\/05\/Giza-Pyramids.jpg","width":1000,"height":667,"caption":"Piramidele din Giza"},{"@type":"BreadcrumbList","@id":"https:\/\/egytourpackages.com\/ro\/tours\/excursie-privata-de-o-zi-la-cairo-din-soma-bay\/#breadcrumb","itemListElement":[{"@type":"ListItem","position":1,"name":"Home","item":"https:\/\/egytourpackages.com\/ro\/"},{"@type":"ListItem","position":2,"name":"Shop","item":"https:\/\/egytourpackages.com\/shop\/"},{"@type":"ListItem","position":3,"name":"Excursie Privat\u0103 de o Zi la Cairo din Soma Bay"}]},{"@type":"WebSite","@id":"https:\/\/egytourpackages.com\/ro\/#website","url":"https:\/\/egytourpackages.com\/ro\/","name":"Egy tour packages","description":"","publisher":{"@id":"https:\/\/egytourpackages.com\/ro\/#organization"},"potentialAction":[{"@type":"SearchAction","target":{"@type":"EntryPoint","urlTemplate":"https:\/\/egytourpackages.com\/ro\/?s={search_term_string}"},"query-input":{"@type":"PropertyValueSpecification","valueRequired":true,"valueName":"search_term_string"}}],"inLanguage":"ro-RO"},{"@type":["Organization","Place","TravelAgency"],"@id":"https:\/\/egytourpackages.com\/ro\/#organization","name":"egypt tour packages","alternateName":"egypt tour packages","url":"https:\/\/egytourpackages.com\/ro\/","logo":{"@id":"https:\/\/egytourpackages.com\/ro\/tours\/excursie-privata-de-o-zi-la-cairo-din-soma-bay\/#local-main-organization-logo"},"image":{"@id":"https:\/\/egytourpackages.com\/ro\/tours\/excursie-privata-de-o-zi-la-cairo-din-soma-bay\/#local-main-organization-logo"},"sameAs":["https:\/\/www.facebook.com\/egytourpackages"],"legalName":"Egy tour packages","address":{"@id":"https:\/\/egytourpackages.com\/ro\/tours\/excursie-privata-de-o-zi-la-cairo-din-soma-bay\/#local-main-place-address"},"telephone":["00201000852186","00201028685533"],"contactPoint":{"@type":"ContactPoint","telephone":"00201000852186"},"openingHoursSpecification":[{"@type":"OpeningHoursSpecification","dayOfWeek":["Monday","Tuesday","Wednesday","Thursday","Friday","Saturday","Sunday"],"opens":"00:00","closes":"23:59"}],"email":"info@egytourpackages.com","areaServed":"Cairo, Hurghada, Luxor, Sharm El Sheikh, Marsa Alam, Aswan","priceRange":"$","currenciesAccepted":"euro","paymentAccepted":"Payment links online"},{"@type":"PostalAddress","@id":"https:\/\/egytourpackages.com\/ro\/tours\/excursie-privata-de-o-zi-la-cairo-din-soma-bay\/#local-main-place-address","streetAddress":"Mubarak 8, Al Kawthar District, Hurghada","addressLocality":"Hurghada","postalCode":"84511","addressRegion":"Red Sea","addressCountry":"EG"},{"@type":"ImageObject","inLanguage":"ro-RO","@id":"https:\/\/egytourpackages.com\/ro\/tours\/excursie-privata-de-o-zi-la-cairo-din-soma-bay\/#local-main-organization-logo","url":"https:\/\/egytourpackages.com\/wp-content\/uploads\/2025\/12\/Turquoise-Dahabiya-Nile-Cruise-1.jpeg","contentUrl":"https:\/\/egytourpackages.com\/wp-content\/uploads\/2025\/12\/Turquoise-Dahabiya-Nile-Cruise-1.jpeg","width":1040,"height":694,"caption":"egypt tour packages"}]},"product_brand":"Excursii de o zi \u00een Egipt","product_price_amount":"160","product_price_currency":"EUR","og_availability":"instock","product_availability":"instock","product_retailer_item_id":"SBE08","product_condition":"new","geo.placename":"Hurghada","geo.region":"Egipt"},"_links":{"self":[{"href":"https:\/\/egytourpackages.com\/ro\/wp-json\/wp\/v2\/product\/13357","targetHints":{"allow":["GET"]}}],"collection":[{"href":"https:\/\/egytourpackages.com\/ro\/wp-json\/wp\/v2\/product"}],"about":[{"href":"https:\/\/egytourpackages.com\/ro\/wp-json\/wp\/v2\/types\/product"}],"replies":[{"embeddable":true,"href":"https:\/\/egytourpackages.com\/ro\/wp-json\/wp\/v2\/comments?post=13357"}],"wp:featuredmedia":[{"embeddable":true,"href":"https:\/\/egytourpackages.com\/ro\/wp-json\/wp\/v2\/media\/13358"}],"wp:attachment":[{"href":"https:\/\/egytourpackages.com\/ro\/wp-json\/wp\/v2\/media?parent=13357"}],"wp:term":[{"taxonomy":"product_brand","embeddable":true,"href":"https:\/\/egytourpackages.com\/ro\/wp-json\/wp\/v2\/product_brand?post=13357"},{"taxonomy":"product_cat","embeddable":true,"href":"https:\/\/egytourpackages.com\/ro\/wp-json\/wp\/v2\/product_cat?post=13357"},{"taxonomy":"product_tag","embeddable":true,"href":"https:\/\/egytourpackages.com\/ro\/wp-json\/wp\/v2\/product_tag?post=13357"}],"curies":[{"name":"wp","href":"https:\/\/api.w.org\/{rel}","templated":true}]}}