{"id":13362,"date":"2023-05-15T23:03:14","date_gmt":"2023-05-15T23:03:14","guid":{"rendered":"https:\/\/egytourpackages.com\/product\/tur-privat-2-zile-luxor-si-abu-simbel-din-hurghada\/"},"modified":"2026-01-28T02:56:00","modified_gmt":"2026-01-28T02:56:00","slug":"tur-privat-2-zile-luxor-si-abu-simbel-din-hurghada","status":"publish","type":"product","link":"https:\/\/egytourpackages.com\/ro\/tours\/tur-privat-2-zile-luxor-si-abu-simbel-din-hurghada\/","title":{"rendered":"Tur Privat 2 Zile Luxor \u0219i Abu Simbel din Hurghada"},"content":{"rendered":"<p><span style=\"color: #ff6600;\"><strong>Tur Privat 2 Zile Luxor \u0219i Abu Simbel din Hurghada<\/strong><\/span><\/p>\n<p>Un <strong>tur privat de 2 zile la Luxor \u0219i Abu Simbel din Hurghada<\/strong> este unul dintre <strong>cele mai bune lucruri de f\u0103cut \u00een Hurghada<\/strong> pentru a explora minunile antice din Luxor \u0219i Abu Simbel.<\/p>\n<p>Luxor \u0219i Aswan sunt dou\u0103 dintre cele mai populare <strong>atrac\u021bii turistice din Egipt<\/strong>. Luxor g\u0103zduie\u0219te situri celebre precum <strong>Valea Reginelor<\/strong>, <strong>Templul Luxor<\/strong>, <strong>Valea Nobililor<\/strong>, <strong>Ramesseum<\/strong> \u0219i <strong>morm\u00e2ntul lui Tutankhamon<\/strong>.<\/p>\n<p>Aswan este renumit pentru <strong>Templul Philae<\/strong> de pe <strong>Insula Agilkia<\/strong>, <strong>Marele Baraj<\/strong> \u0219i <strong>Obeliscul Neterminat<\/strong>.<\/p>\n<p>\u00cen plus, Abu Simbel se afl\u0103 \u00een sudul Egiptului, aproape de grani\u021ba cu Sudanul. Abu Simbel g\u0103zduie\u0219te uria\u0219ele temple sculptate \u00een st\u00e2nc\u0103 de l\u00e2ng\u0103 Lacul Nasser.<\/p>\n<p>Aceste dou\u0103 <strong>excursii de o zi \u00een Egipt<\/strong> sunt modalitatea perfect\u0103 de a \u00eenv\u0103\u021ba mai multe despre <strong>istoria Egiptului Antic<\/strong>, <strong>religia egiptean\u0103 antic\u0103<\/strong> \u0219i despre faimo\u0219ii <strong>faraoni \u0219i regine ale Egiptului<\/strong>. Totodat\u0103, pute\u021bi face fotografii superbe al\u0103turi de cei dragi pentru a p\u0103stra o amintire pe via\u021b\u0103.<\/p>\n<h3><span style=\"color: #ff6600;\">Detalii<\/span><\/h3>\n<ul>\n<li>Durat\u0103: 2 Zile<\/li>\n<li>Loca\u021bie tur: Luxor \u2013 Aswan<\/li>\n<li>Disponibilitate: Zilnic, la cerere<\/li>\n<li>Preluare \u0219i Predare: Hotel \u00een Hurghada<\/li>\n<li>Tip tur: Privat<\/li>\n<li>Limb\u0103: Englez\u0103<\/li>\n<\/ul>\n<h3><span style=\"color: #ff6600;\">Puncte de Atrac\u021bie (Highlights)<\/span><\/h3>\n<p><strong><span style=\"color: #993300;\">Luxor:<\/span><\/strong><\/p>\n<ul>\n<li>Valea Regilor<\/li>\n<li>Templul Funerari al lui Hatshepsut<\/li>\n<li>Colo\u0219ii lui Memnon<\/li>\n<li>Templul Karnak<\/li>\n<\/ul>\n<p><strong><span style=\"color: #993300;\">Aswan:<\/span><\/strong><\/p>\n<ul>\n<li>Abu Simbel din Aswan<\/li>\n<\/ul>\n<h3><span style=\"color: #ff6600;\">Incluziuni<\/span><\/h3>\n<ul>\n<li>Toate transferurile cu vehicul modern dotat cu aer condi\u021bionat<\/li>\n<li>Bilet de tren de la Luxor la Aswan<\/li>\n<li>Bilete de tren de la Aswan la Qena<\/li>\n<li>Ghid expert vorbitor de limba englez\u0103<\/li>\n<li>Taxe de intrare pentru toate obiectivele men\u021bionate \u00een program<\/li>\n<li>Pr\u00e2nz \u00een Luxor<\/li>\n<li>Pr\u00e2nz \u00een Aswan<\/li>\n<\/ul>\n<h3><span style=\"color: #ff6600;\">Excluderi<\/span><\/h3>\n<ul>\n<li>Bac\u0219i\u0219 pentru ghid \u0219i \u0219ofer<\/li>\n<li>Satul Nubian<\/li>\n<li>Plimbare cu feluca<\/li>\n<li>B\u0103uturi \u00een timpul pr\u00e2nzului<\/li>\n<\/ul>\n<h3><span style=\"color: #ff6600;\">Ce s\u0103 ave\u021bi la pachet<\/span><\/h3>\n<p>Ochelari de soare \/ P\u0103l\u0103rie \/ \u00cenc\u0103l\u021b\u0103minte confortabil\u0103 \/ Jachet\u0103 groas\u0103 (iarna) \/ Crem\u0103 solar\u0103<\/p>\n<h2><span style=\"color: #ff6600;\">Itinerariu<\/span><\/h2>\n<h3><span style=\"color: #ff6600;\">Ziua 1: Din Hurghada la Luxor<\/span><\/h3>\n<p><strong>05:00 am:<\/strong> V\u0103 vom prelua de la recep\u021bia hotelului pentru a \u00eencepe drumul spre Luxor. <strong>06:00 am:<\/strong> Scurt\u0103 pauz\u0103 la punctul de control pentru verificarea permisului de c\u0103l\u0103torie.<\/p>\n<p><strong>07:00 am:<\/strong> Pauz\u0103 de 20 de minute la un popas pl\u0103cut \u00een mijlocul de\u0219ertului pentru toalet\u0103, cafea \u0219i mic dejun, av\u00e2nd ocazia de a vedea comunit\u0103\u021bile de <strong>beduini<\/strong> din zon\u0103.<\/p>\n<p><strong>10:00 am:<\/strong> \u00cencepe\u021bi prima vizit\u0103 cu ghidul arheolog la <strong>Valea Regilor<\/strong>, unde pute\u021bi vizita 3 morminte incluse \u00een biletul de intrare. Ghidul v\u0103 va recomanda cele mai frumoase morminte, \u00eens\u0103 exist\u0103 alte 3 morminte disponibile contra cost:<\/p>\n<ul>\n<li><strong>KV9<\/strong> \u2013 Morm\u00e2ntul lui <strong>Ramses V \u0219i Ramses VI<\/strong><\/li>\n<li><strong>KV17<\/strong> \u2013 <strong>Seti I<\/strong><\/li>\n<li><strong>KV62<\/strong> \u2013 <strong>Tutankhamon<\/strong><\/li>\n<\/ul>\n<p>La finalul vizitei, pute\u021bi face fotografii gratuite \u00een interiorul mormintelor, surprinz\u00e2nd scene din <strong>Cartea Mor\u021bilor<\/strong> sau <strong>Judecata de Apoi<\/strong>.<\/p>\n<h3><span style=\"color: #ff6600;\">12:00 pm: Templul Funerari al lui Hatshepsut <\/span><\/h3>\n<p>Templul lui Hatshepsut este unic \u00een Egipt, apar\u021bin\u00e2nd celebrei <strong>femei faraon Hatshepsut<\/strong>, care a condus Egiptul timp de 23 de ani. Talentatul s\u0103u inginer, <strong>Senmut<\/strong>, a proiectat un templu uimitor decorat cu reliefuri unice, cum ar fi expedi\u021bia \u00een <strong>Punt<\/strong> sau povestea <strong>Na\u0219terii Divine<\/strong>.<\/p>\n<h3><span style=\"color: #ff6600;\">13:00 pm: Colo\u0219ii lui Memnon <\/span><\/h3>\n<p>Oprire de 15 minute la statuile gigantice ale lui <strong>Amenhotep III<\/strong>, care decorau odinioar\u0103 intrarea \u00een templul s\u0103u de pe malul de vest.<\/p>\n<h3><span style=\"color: #ff6600;\">13:15 pm: Pr\u00e2nz <\/span><\/h3>\n<p>Pr\u00e2nz la un restaurant local cu op\u021biuni vegetariene sau vegane.<\/p>\n<h3><span style=\"color: #ff6600;\">14:00 pm: Scurt\u0103 plimbare cu barca cu motor <\/span><\/h3>\n<p>Traversarea Nilului de pe malul de vest pe cel de est.<\/p>\n<h3><span style=\"color: #ff6600;\">14:30 pm: Templul Karnak <\/span><\/h3>\n<p>\u00cencheia\u021bi ziua la <strong>Complexul Karnak<\/strong>, cel mai mare templu din lume. Admira\u021bi pilonii uria\u0219i \u0219i coloanele masive din <strong>Sala Hipostil\u0103<\/strong>. Afla\u021bi despre faraoni precum <strong>Ramses, Seti sau Thutmosis<\/strong> \u0219i \u00eenconjura\u021bi <strong>Scarabeul<\/strong> pentru noroc l\u00e2ng\u0103 <strong>Lacul Sacru<\/strong>.<\/p>\n<h3><span style=\"color: #ff6600;\">16:30 pm: Timp liber \u0219i Gara Luxor <\/span><\/h3>\n<p>Timp liber pentru cump\u0103r\u0103turi \u00eenainte de a merge la gar\u0103 pentru trenul VIP c\u0103tre Aswan.<\/p>\n<h3><span style=\"color: #ff6600;\">18:55 pm: Tren VIP Luxor &#8211; Aswan <\/span><\/h3>\n<p>C\u0103l\u0103toria dureaz\u0103 aproximativ 3 ore. La sosirea \u00een Aswan, transfer la hotel pentru cazare.<\/p>\n<h3><span style=\"color: #ff6600;\">Ziua 2: Aswan, Abu Simbel \u2013 Hurghada<\/span><\/h3>\n<h3><span style=\"color: #ff6600;\">04:15 am: Abu Simbel din Aswan <\/span><\/h3>\n<p>Plecare devreme spre Abu Simbel (aprox. 4 ore). La sosire, ve\u021bi avea dou\u0103 ore pentru a admira marele templu al lui <strong>Ramses II<\/strong> \u0219i cel mic al reginei <strong>Nefertari<\/strong>. Marele templu a fost dedicat zeilor <strong>Amun, Ptah \u0219i Ra Horakhty<\/strong>. Revenire \u00een Aswan pentru pr\u00e2nz.<\/p>\n<h3><span style=\"color: #ff6600;\">13:30 pm: Pr\u00e2nz <\/span><\/h3>\n<p>Bucura\u021bi-v\u0103 de un pr\u00e2nz u\u0219or \u00een Aswan \u00eenainte de a lua trenul spre Qena.<\/p>\n<h3><span style=\"color: #ff6600;\">15:00 pm: Tren VIP Aswan \u2013 Qena <\/span><\/h3>\n<p>O c\u0103l\u0103torie de 4 ore prin peisajele Egiptului.<\/p>\n<h3><span style=\"color: #ff6600;\">19:30 pm: Qena \u2013 Hurghada <\/span><\/h3>\n<p>Turul se \u00eencheie cu transferul de la gara din Qena \u00eenapoi la hotelul dumneavoastr\u0103 din Hurghada.<\/p>\n<h3><span style=\"color: #ff6600;\">Pre\u021b Tur Privat 2 Zile Luxor \u0219i Abu Simbel din Hurghada<\/span><\/h3>\n<ul>\n<li>Pre\u021b Adult = 320 \u20ac<\/li>\n<li>Copii 0-5 ani = Gratuit<\/li>\n<li>Copii 5-11 ani = 50% din pre\u021bul pentru adult<\/li>\n<\/ul>\n<h3><span style=\"color: #ff6600;\">Rezervare<\/span><\/h3>\n<p>Rezerva\u021bi prin WhatsApp sau e-mail \u0219i primi\u021bi confirmarea pe loc.<\/p>\n<p>V\u0103 rug\u0103m s\u0103 ne trimite\u021bi numele hotelului, num\u0103rul camerei \u0219i copiile pa\u0219apoartelor.<\/p>\n<ul>\n<li>WhatsApp: +201000852186<\/li>\n<li>Email: info@egytourpackages.com<\/li>\n<\/ul>\n<h3><span style=\"color: #ff6600;\">Rezerv\u0103 Acum \u0219i Pl\u0103te\u0219te la Fa\u021ba Locului<\/span><\/h3>\n<p>Rezerva\u021bi turul preferat \u0219i achita\u021bi \u00een ziua c\u0103l\u0103toriei.<\/p>\n<h3><span style=\"color: #ff6600;\">Plat\u0103<\/span><\/h3>\n<p>Se poate pl\u0103ti \u00een lire egiptene, $, \u20ac sau \u00a3.<\/p>\n<h3><span style=\"color: #ff6600;\">Politica de Anulare<\/span><\/h3>\n<ul>\n<li>Anularea este gratuit\u0103 cu p\u00e2n\u0103 la 24 de ore \u00eenainte.<\/li>\n<li>Anularea \u00een diminea\u021ba excursiei se penalizeaz\u0103 cu 50% din pre\u021b.<\/li>\n<\/ul>\n","protected":false},"excerpt":{"rendered":"<p>Alege un Tur Privat 2 Zile Luxor \u0219i Abu Simbel din Hurghada. Descoper\u0103 templele faraonilor cu ghid expert, transport VIP \u0219i hotel inclus. Rezerv\u0103 online!<\/p>\n","protected":false},"featured_media":13365,"comment_status":"open","ping_status":"closed","template":"","meta":[],"product_brand":[],"product_cat":[3120],"product_tag":[3203,3201,3312,3192],"class_list":{"0":"post-13362","1":"product","2":"type-product","3":"status-publish","4":"has-post-thumbnail","6":"product_cat-tururi","7":"product_tag-excursii-de-o-zi-in-egipt","8":"product_tag-excursii-in-hurghada","9":"product_tag-pachete-de-vacanta-in-hurghada","10":"product_tag-tururi-in-egipt","11":"tour_category-excursii-de-o-zi-in-egipt-ro","12":"tour_category-excursii-hurghada-ro","13":"tour_category-excursii-la-luxor-din-hurghada","15":"first","16":"instock","17":"sale","18":"shipping-taxable","19":"purchasable","20":"product-type-tour"},"yoast_head":"<!-- This site is optimized with the Yoast SEO Premium plugin v27.4 (Yoast SEO v27.4) - https:\/\/yoast.com\/product\/yoast-seo-premium-wordpress\/ -->\n<title>Tur Privat 2 Zile Luxor \u0219i Abu Simbel din Hurghada<\/title>\n<meta name=\"description\" content=\"Alege un Tur Privat 2 Zile Luxor \u0219i Abu Simbel din Hurghada. Descoper\u0103 templele faraonilor cu ghid expert, transport VIP \u0219i hotel inclus. Rezerv\u0103 online!\" \/>\n<meta name=\"robots\" content=\"index, follow, max-snippet:-1, max-image-preview:large, max-video-preview:-1\" \/>\n<link rel=\"canonical\" href=\"https:\/\/egytourpackages.com\/ro\/tours\/tur-privat-2-zile-luxor-si-abu-simbel-din-hurghada\/\" \/>\n<meta property=\"og:locale\" content=\"ro_RO\" \/>\n<meta property=\"og:type\" content=\"article\" \/>\n<meta property=\"og:title\" content=\"Tur Privat 2 Zile Luxor \u0219i Abu Simbel din Hurghada\" \/>\n<meta property=\"og:description\" content=\"Alege un Tur Privat 2 Zile Luxor \u0219i Abu Simbel din Hurghada. Descoper\u0103 templele faraonilor cu ghid expert, transport VIP \u0219i hotel inclus. Rezerv\u0103 online!\" \/>\n<meta property=\"og:url\" content=\"https:\/\/egytourpackages.com\/ro\/tours\/tur-privat-2-zile-luxor-si-abu-simbel-din-hurghada\/\" \/>\n<meta property=\"og:site_name\" content=\"Egypt Tour Packages\" \/>\n<meta property=\"article:publisher\" content=\"https:\/\/www.facebook.com\/egytourpackages\" \/>\n<meta property=\"article:modified_time\" content=\"2026-01-28T02:56:00+00:00\" \/>\n<meta property=\"og:image\" content=\"https:\/\/egytourpackages.com\/wp-content\/uploads\/2023\/05\/Abu-Simbel-temple-1-1024x682.jpg\" \/>\n<meta name=\"twitter:card\" content=\"summary_large_image\" \/>\n<meta name=\"twitter:title\" content=\"Tur Privat 2 Zile Luxor \u0219i Abu Simbel din Hurghada\" \/>\n<meta name=\"twitter:description\" content=\"Alege un Tur Privat 2 Zile Luxor \u0219i Abu Simbel din Hurghada. Descoper\u0103 templele faraonilor cu ghid expert, transport VIP \u0219i hotel inclus. Rezerv\u0103 online!\" \/>\n<meta name=\"twitter:image\" content=\"https:\/\/egytourpackages.com\/wp-content\/uploads\/2023\/05\/Hatshepsut-temple-1024x682.jpg\" \/>\n<meta name=\"twitter:label1\" content=\"Pre\u021b\" \/>\n\t<meta name=\"twitter:data1\" content=\"&euro;320\" \/>\n\t<meta name=\"twitter:label2\" content=\"Disponibilitate\" \/>\n\t<meta name=\"twitter:data2\" content=\"\u00cen stoc\" \/>\n<script type=\"application\/ld+json\" class=\"yoast-schema-graph\">{\"@context\":\"https:\\\/\\\/schema.org\",\"@graph\":[{\"@type\":\"WebPage\",\"@id\":\"https:\\\/\\\/egytourpackages.com\\\/ro\\\/tours\\\/tur-privat-2-zile-luxor-si-abu-simbel-din-hurghada\\\/\",\"url\":\"https:\\\/\\\/egytourpackages.com\\\/ro\\\/tours\\\/tur-privat-2-zile-luxor-si-abu-simbel-din-hurghada\\\/\",\"name\":\"Tur Privat 2 Zile Luxor \u0219i Abu Simbel din Hurghada\",\"isPartOf\":{\"@id\":\"https:\\\/\\\/egytourpackages.com\\\/ro\\\/#website\"},\"primaryImageOfPage\":{\"@id\":\"https:\\\/\\\/egytourpackages.com\\\/ro\\\/tours\\\/tur-privat-2-zile-luxor-si-abu-simbel-din-hurghada\\\/#primaryimage\"},\"image\":{\"@id\":\"https:\\\/\\\/egytourpackages.com\\\/ro\\\/tours\\\/tur-privat-2-zile-luxor-si-abu-simbel-din-hurghada\\\/#primaryimage\"},\"thumbnailUrl\":\"https:\\\/\\\/egytourpackages.com\\\/wp-content\\\/uploads\\\/2023\\\/05\\\/Abu-Simbel-temple-1.jpg\",\"datePublished\":\"2023-05-15T23:03:14+00:00\",\"dateModified\":\"2026-01-28T02:56:00+00:00\",\"description\":\"Alege un Tur Privat 2 Zile Luxor \u0219i Abu Simbel din Hurghada. Descoper\u0103 templele faraonilor cu ghid expert, transport VIP \u0219i hotel inclus. Rezerv\u0103 online!\",\"breadcrumb\":{\"@id\":\"https:\\\/\\\/egytourpackages.com\\\/ro\\\/tours\\\/tur-privat-2-zile-luxor-si-abu-simbel-din-hurghada\\\/#breadcrumb\"},\"inLanguage\":\"ro-RO\",\"potentialAction\":[{\"@type\":\"ReadAction\",\"target\":[\"https:\\\/\\\/egytourpackages.com\\\/ro\\\/tours\\\/tur-privat-2-zile-luxor-si-abu-simbel-din-hurghada\\\/\"]}]},{\"@type\":\"ImageObject\",\"inLanguage\":\"ro-RO\",\"@id\":\"https:\\\/\\\/egytourpackages.com\\\/ro\\\/tours\\\/tur-privat-2-zile-luxor-si-abu-simbel-din-hurghada\\\/#primaryimage\",\"url\":\"https:\\\/\\\/egytourpackages.com\\\/wp-content\\\/uploads\\\/2023\\\/05\\\/Abu-Simbel-temple-1.jpg\",\"contentUrl\":\"https:\\\/\\\/egytourpackages.com\\\/wp-content\\\/uploads\\\/2023\\\/05\\\/Abu-Simbel-temple-1.jpg\",\"width\":2000,\"height\":1333,\"caption\":\"Tur Privat 2 Zile Luxor \u0219i Abu Simbel din Hurghada\"},{\"@type\":\"BreadcrumbList\",\"@id\":\"https:\\\/\\\/egytourpackages.com\\\/ro\\\/tours\\\/tur-privat-2-zile-luxor-si-abu-simbel-din-hurghada\\\/#breadcrumb\",\"itemListElement\":[{\"@type\":\"ListItem\",\"position\":1,\"name\":\"Home\",\"item\":\"https:\\\/\\\/egytourpackages.com\\\/ro\\\/\"},{\"@type\":\"ListItem\",\"position\":2,\"name\":\"Shop\",\"item\":\"https:\\\/\\\/egytourpackages.com\\\/shop\\\/\"},{\"@type\":\"ListItem\",\"position\":3,\"name\":\"Tur Privat 2 Zile Luxor \u0219i Abu Simbel din Hurghada\"}]},{\"@type\":\"WebSite\",\"@id\":\"https:\\\/\\\/egytourpackages.com\\\/ro\\\/#website\",\"url\":\"https:\\\/\\\/egytourpackages.com\\\/ro\\\/\",\"name\":\"Egy tour packages\",\"description\":\"\",\"publisher\":{\"@id\":\"https:\\\/\\\/egytourpackages.com\\\/ro\\\/#organization\"},\"potentialAction\":[{\"@type\":\"SearchAction\",\"target\":{\"@type\":\"EntryPoint\",\"urlTemplate\":\"https:\\\/\\\/egytourpackages.com\\\/ro\\\/?s={search_term_string}\"},\"query-input\":{\"@type\":\"PropertyValueSpecification\",\"valueRequired\":true,\"valueName\":\"search_term_string\"}}],\"inLanguage\":\"ro-RO\"},{\"@type\":[\"Organization\",\"Place\",\"TravelAgency\"],\"@id\":\"https:\\\/\\\/egytourpackages.com\\\/ro\\\/#organization\",\"name\":\"egypt tour packages\",\"alternateName\":\"egypt tour packages\",\"url\":\"https:\\\/\\\/egytourpackages.com\\\/ro\\\/\",\"logo\":{\"@id\":\"https:\\\/\\\/egytourpackages.com\\\/ro\\\/tours\\\/tur-privat-2-zile-luxor-si-abu-simbel-din-hurghada\\\/#local-main-organization-logo\"},\"image\":{\"@id\":\"https:\\\/\\\/egytourpackages.com\\\/ro\\\/tours\\\/tur-privat-2-zile-luxor-si-abu-simbel-din-hurghada\\\/#local-main-organization-logo\"},\"sameAs\":[\"https:\\\/\\\/www.facebook.com\\\/egytourpackages\"],\"legalName\":\"Egy tour packages\",\"address\":{\"@id\":\"https:\\\/\\\/egytourpackages.com\\\/ro\\\/tours\\\/tur-privat-2-zile-luxor-si-abu-simbel-din-hurghada\\\/#local-main-place-address\"},\"telephone\":[\"00201000852186\",\"00201028685533\"],\"contactPoint\":{\"@type\":\"ContactPoint\",\"telephone\":\"00201000852186\"},\"openingHoursSpecification\":[{\"@type\":\"OpeningHoursSpecification\",\"dayOfWeek\":[\"Monday\",\"Tuesday\",\"Wednesday\",\"Thursday\",\"Friday\",\"Saturday\",\"Sunday\"],\"opens\":\"00:00\",\"closes\":\"23:59\"}],\"email\":\"info@egytourpackages.com\",\"areaServed\":\"Cairo, Hurghada, Luxor, Sharm El Sheikh, Marsa Alam, Aswan\",\"priceRange\":\"$\",\"currenciesAccepted\":\"euro\",\"paymentAccepted\":\"Payment links online\"},{\"@type\":\"PostalAddress\",\"@id\":\"https:\\\/\\\/egytourpackages.com\\\/ro\\\/tours\\\/tur-privat-2-zile-luxor-si-abu-simbel-din-hurghada\\\/#local-main-place-address\",\"streetAddress\":\"Mubarak 8, Al Kawthar District, Hurghada\",\"addressLocality\":\"Hurghada\",\"postalCode\":\"84511\",\"addressRegion\":\"Red Sea\",\"addressCountry\":\"EG\"},{\"@type\":\"ImageObject\",\"inLanguage\":\"ro-RO\",\"@id\":\"https:\\\/\\\/egytourpackages.com\\\/ro\\\/tours\\\/tur-privat-2-zile-luxor-si-abu-simbel-din-hurghada\\\/#local-main-organization-logo\",\"url\":\"https:\\\/\\\/egytourpackages.com\\\/wp-content\\\/uploads\\\/2025\\\/12\\\/Turquoise-Dahabiya-Nile-Cruise-1.jpeg\",\"contentUrl\":\"https:\\\/\\\/egytourpackages.com\\\/wp-content\\\/uploads\\\/2025\\\/12\\\/Turquoise-Dahabiya-Nile-Cruise-1.jpeg\",\"width\":1040,\"height\":694,\"caption\":\"egypt tour packages\"}]}<\/script>\n<meta property=\"product:brand\" content=\"Excursii de o zi \u00een Egipt\" \/>\n<meta property=\"product:price:amount\" content=\"320\" \/>\n<meta property=\"product:price:currency\" content=\"EUR\" \/>\n<meta property=\"og:availability\" content=\"instock\" \/>\n<meta property=\"product:availability\" content=\"instock\" \/>\n<meta property=\"product:retailer_item_id\" content=\"HDT02\" \/>\n<meta property=\"product:condition\" content=\"new\" \/>\n<meta name=\"geo.placename\" content=\"Hurghada\" \/>\n<meta name=\"geo.region\" content=\"Egipt\" \/>\n<!-- \/ Yoast SEO Premium plugin. -->","yoast_head_json":{"title":"Tur Privat 2 Zile Luxor \u0219i Abu Simbel din Hurghada","description":"Alege un Tur Privat 2 Zile Luxor \u0219i Abu Simbel din Hurghada. Descoper\u0103 templele faraonilor cu ghid expert, transport VIP \u0219i hotel inclus. Rezerv\u0103 online!","robots":{"index":"index","follow":"follow","max-snippet":"max-snippet:-1","max-image-preview":"max-image-preview:large","max-video-preview":"max-video-preview:-1"},"canonical":"https:\/\/egytourpackages.com\/ro\/tours\/tur-privat-2-zile-luxor-si-abu-simbel-din-hurghada\/","og_locale":"ro_RO","og_type":"article","og_title":"Tur Privat 2 Zile Luxor \u0219i Abu Simbel din Hurghada","og_description":"Alege un Tur Privat 2 Zile Luxor \u0219i Abu Simbel din Hurghada. Descoper\u0103 templele faraonilor cu ghid expert, transport VIP \u0219i hotel inclus. Rezerv\u0103 online!","og_url":"https:\/\/egytourpackages.com\/ro\/tours\/tur-privat-2-zile-luxor-si-abu-simbel-din-hurghada\/","og_site_name":"Egypt Tour Packages","article_publisher":"https:\/\/www.facebook.com\/egytourpackages","article_modified_time":"2026-01-28T02:56:00+00:00","og_image":[{"url":"https:\/\/egytourpackages.com\/wp-content\/uploads\/2023\/05\/Abu-Simbel-temple-1-1024x682.jpg","type":"","width":"","height":""}],"twitter_card":"summary_large_image","twitter_title":"Tur Privat 2 Zile Luxor \u0219i Abu Simbel din Hurghada","twitter_description":"Alege un Tur Privat 2 Zile Luxor \u0219i Abu Simbel din Hurghada. Descoper\u0103 templele faraonilor cu ghid expert, transport VIP \u0219i hotel inclus. Rezerv\u0103 online!","twitter_image":"https:\/\/egytourpackages.com\/wp-content\/uploads\/2023\/05\/Hatshepsut-temple-1024x682.jpg","twitter_misc":{"Pre\u021b":"&euro;320","Disponibilitate":"\u00cen stoc"},"schema":{"@context":"https:\/\/schema.org","@graph":[{"@type":"WebPage","@id":"https:\/\/egytourpackages.com\/ro\/tours\/tur-privat-2-zile-luxor-si-abu-simbel-din-hurghada\/","url":"https:\/\/egytourpackages.com\/ro\/tours\/tur-privat-2-zile-luxor-si-abu-simbel-din-hurghada\/","name":"Tur Privat 2 Zile Luxor \u0219i Abu Simbel din Hurghada","isPartOf":{"@id":"https:\/\/egytourpackages.com\/ro\/#website"},"primaryImageOfPage":{"@id":"https:\/\/egytourpackages.com\/ro\/tours\/tur-privat-2-zile-luxor-si-abu-simbel-din-hurghada\/#primaryimage"},"image":{"@id":"https:\/\/egytourpackages.com\/ro\/tours\/tur-privat-2-zile-luxor-si-abu-simbel-din-hurghada\/#primaryimage"},"thumbnailUrl":"https:\/\/egytourpackages.com\/wp-content\/uploads\/2023\/05\/Abu-Simbel-temple-1.jpg","datePublished":"2023-05-15T23:03:14+00:00","dateModified":"2026-01-28T02:56:00+00:00","description":"Alege un Tur Privat 2 Zile Luxor \u0219i Abu Simbel din Hurghada. Descoper\u0103 templele faraonilor cu ghid expert, transport VIP \u0219i hotel inclus. Rezerv\u0103 online!","breadcrumb":{"@id":"https:\/\/egytourpackages.com\/ro\/tours\/tur-privat-2-zile-luxor-si-abu-simbel-din-hurghada\/#breadcrumb"},"inLanguage":"ro-RO","potentialAction":[{"@type":"ReadAction","target":["https:\/\/egytourpackages.com\/ro\/tours\/tur-privat-2-zile-luxor-si-abu-simbel-din-hurghada\/"]}]},{"@type":"ImageObject","inLanguage":"ro-RO","@id":"https:\/\/egytourpackages.com\/ro\/tours\/tur-privat-2-zile-luxor-si-abu-simbel-din-hurghada\/#primaryimage","url":"https:\/\/egytourpackages.com\/wp-content\/uploads\/2023\/05\/Abu-Simbel-temple-1.jpg","contentUrl":"https:\/\/egytourpackages.com\/wp-content\/uploads\/2023\/05\/Abu-Simbel-temple-1.jpg","width":2000,"height":1333,"caption":"Tur Privat 2 Zile Luxor \u0219i Abu Simbel din Hurghada"},{"@type":"BreadcrumbList","@id":"https:\/\/egytourpackages.com\/ro\/tours\/tur-privat-2-zile-luxor-si-abu-simbel-din-hurghada\/#breadcrumb","itemListElement":[{"@type":"ListItem","position":1,"name":"Home","item":"https:\/\/egytourpackages.com\/ro\/"},{"@type":"ListItem","position":2,"name":"Shop","item":"https:\/\/egytourpackages.com\/shop\/"},{"@type":"ListItem","position":3,"name":"Tur Privat 2 Zile Luxor \u0219i Abu Simbel din Hurghada"}]},{"@type":"WebSite","@id":"https:\/\/egytourpackages.com\/ro\/#website","url":"https:\/\/egytourpackages.com\/ro\/","name":"Egy tour packages","description":"","publisher":{"@id":"https:\/\/egytourpackages.com\/ro\/#organization"},"potentialAction":[{"@type":"SearchAction","target":{"@type":"EntryPoint","urlTemplate":"https:\/\/egytourpackages.com\/ro\/?s={search_term_string}"},"query-input":{"@type":"PropertyValueSpecification","valueRequired":true,"valueName":"search_term_string"}}],"inLanguage":"ro-RO"},{"@type":["Organization","Place","TravelAgency"],"@id":"https:\/\/egytourpackages.com\/ro\/#organization","name":"egypt tour packages","alternateName":"egypt tour packages","url":"https:\/\/egytourpackages.com\/ro\/","logo":{"@id":"https:\/\/egytourpackages.com\/ro\/tours\/tur-privat-2-zile-luxor-si-abu-simbel-din-hurghada\/#local-main-organization-logo"},"image":{"@id":"https:\/\/egytourpackages.com\/ro\/tours\/tur-privat-2-zile-luxor-si-abu-simbel-din-hurghada\/#local-main-organization-logo"},"sameAs":["https:\/\/www.facebook.com\/egytourpackages"],"legalName":"Egy tour packages","address":{"@id":"https:\/\/egytourpackages.com\/ro\/tours\/tur-privat-2-zile-luxor-si-abu-simbel-din-hurghada\/#local-main-place-address"},"telephone":["00201000852186","00201028685533"],"contactPoint":{"@type":"ContactPoint","telephone":"00201000852186"},"openingHoursSpecification":[{"@type":"OpeningHoursSpecification","dayOfWeek":["Monday","Tuesday","Wednesday","Thursday","Friday","Saturday","Sunday"],"opens":"00:00","closes":"23:59"}],"email":"info@egytourpackages.com","areaServed":"Cairo, Hurghada, Luxor, Sharm El Sheikh, Marsa Alam, Aswan","priceRange":"$","currenciesAccepted":"euro","paymentAccepted":"Payment links online"},{"@type":"PostalAddress","@id":"https:\/\/egytourpackages.com\/ro\/tours\/tur-privat-2-zile-luxor-si-abu-simbel-din-hurghada\/#local-main-place-address","streetAddress":"Mubarak 8, Al Kawthar District, Hurghada","addressLocality":"Hurghada","postalCode":"84511","addressRegion":"Red Sea","addressCountry":"EG"},{"@type":"ImageObject","inLanguage":"ro-RO","@id":"https:\/\/egytourpackages.com\/ro\/tours\/tur-privat-2-zile-luxor-si-abu-simbel-din-hurghada\/#local-main-organization-logo","url":"https:\/\/egytourpackages.com\/wp-content\/uploads\/2025\/12\/Turquoise-Dahabiya-Nile-Cruise-1.jpeg","contentUrl":"https:\/\/egytourpackages.com\/wp-content\/uploads\/2025\/12\/Turquoise-Dahabiya-Nile-Cruise-1.jpeg","width":1040,"height":694,"caption":"egypt tour packages"}]},"product_brand":"Excursii de o zi \u00een Egipt","product_price_amount":"320","product_price_currency":"EUR","og_availability":"instock","product_availability":"instock","product_retailer_item_id":"HDT02","product_condition":"new","geo.placename":"Hurghada","geo.region":"Egipt"},"_links":{"self":[{"href":"https:\/\/egytourpackages.com\/ro\/wp-json\/wp\/v2\/product\/13362","targetHints":{"allow":["GET"]}}],"collection":[{"href":"https:\/\/egytourpackages.com\/ro\/wp-json\/wp\/v2\/product"}],"about":[{"href":"https:\/\/egytourpackages.com\/ro\/wp-json\/wp\/v2\/types\/product"}],"replies":[{"embeddable":true,"href":"https:\/\/egytourpackages.com\/ro\/wp-json\/wp\/v2\/comments?post=13362"}],"wp:featuredmedia":[{"embeddable":true,"href":"https:\/\/egytourpackages.com\/ro\/wp-json\/wp\/v2\/media\/13365"}],"wp:attachment":[{"href":"https:\/\/egytourpackages.com\/ro\/wp-json\/wp\/v2\/media?parent=13362"}],"wp:term":[{"taxonomy":"product_brand","embeddable":true,"href":"https:\/\/egytourpackages.com\/ro\/wp-json\/wp\/v2\/product_brand?post=13362"},{"taxonomy":"product_cat","embeddable":true,"href":"https:\/\/egytourpackages.com\/ro\/wp-json\/wp\/v2\/product_cat?post=13362"},{"taxonomy":"product_tag","embeddable":true,"href":"https:\/\/egytourpackages.com\/ro\/wp-json\/wp\/v2\/product_tag?post=13362"}],"curies":[{"name":"wp","href":"https:\/\/api.w.org\/{rel}","templated":true}]}}