{"id":13377,"date":"2023-05-17T15:10:10","date_gmt":"2023-05-17T15:10:10","guid":{"rendered":"https:\/\/egytourpackages.com\/product\/taxi-hurghada-transferuri\/"},"modified":"2026-01-19T14:14:42","modified_gmt":"2026-01-19T14:14:42","slug":"taxi-hurghada-transferuri","status":"publish","type":"product","link":"https:\/\/egytourpackages.com\/ro\/tours\/taxi-hurghada-transferuri\/","title":{"rendered":"Taxi Hurghada Transferuri"},"content":{"rendered":"<p><span style=\"color: #ff6600;\"><strong>Taxi Hurghada Transferuri | Transfer Aeroport Hurghada\u00a0<\/strong><\/span><\/p>\n<p>Rezerv\u0103-\u021bi serviciul de <strong>taxi Hurghada transferuri<\/strong> de la <strong>Aeroportul Hurghada<\/strong> c\u0103tre resorturile din Hurghada \u0219i bucur\u0103-te de o sosire bine organizat\u0103. Descoper\u0103 cea mai convenabil\u0103 \u0219i direct\u0103 cale de a ajunge la hotelurile din Hurghada cu ajutorul <strong>Egypt tours<\/strong>.<\/p>\n<p>Indiferent dac\u0103 c\u0103l\u0103tore\u0219ti singur sau cu familia, lini\u0219tea sufleteasc\u0103 \u0219i calitatea serviciilor sunt garantate. Dispunem de <strong>ma\u0219ini de lux<\/strong>, dotate cu aer condi\u021bionat, scaune rabatabile, elegante, pentru nefum\u0103tori \u0219i curate, preg\u0103tite s\u0103 \u00ee\u021bi dep\u0103\u0219easc\u0103 a\u0219tept\u0103rile.<\/p>\n<p>Po\u021bi rezerva transferul c\u0103tre resorturile din Hurghada prin WhatsApp, e-mail sau apel telefonic \u0219i nu mai trebuie s\u0103 \u00ee\u021bi faci griji pentru transport.<\/p>\n<p>C\u00e2nd rezervi un <strong>transfer de la aeroport<\/strong>, furnizeaz\u0103 pur \u0219i simplu num\u0103rul zborului, ora sosirii \u0219i unitatea de cazare pentru a primi confirmarea. Pentru fiecare transfer cu limuzin\u0103 sau minivan, oferim cele mai mici tarife \u0219i cea mai rapid\u0103 \u0219i fiabil\u0103 modalitate de a c\u0103l\u0103tori.<\/p>\n<p>Dup\u0103 aterizare, \u0219oferul nostru te va a\u0219tepta la ie\u0219irea din holul de sosiri cu numele t\u0103u pe o pancart\u0103. Mai mult, acesta te va a\u0219tepta chiar dac\u0103 avionul t\u0103u are \u00eent\u00e2rziere. Te rug\u0103m s\u0103 re\u021bii c\u0103 pre\u021bul nostru pentru <strong>transfer aeroport Hurghada<\/strong> c\u0103tre resorturile din ora\u0219 este per vehicul \u0219i nu exist\u0103 surprize ascunse.<\/p>\n<p>Actualiz\u0103m constant pre\u021burile pentru <strong>transferuri taxi Hurghada<\/strong> pentru a ne asigura c\u0103 clien\u021bii no\u0219tri beneficiaz\u0103 de cele mai bune tarife. C\u0103l\u0103tore\u0219te \u00eentre aeroportul Hurghada \u0219i hotelurile din ora\u0219 cu stil \u0219i \u00eencepe-\u021bi vacan\u021ba f\u0103r\u0103 stres. \u00cen plus, limuzina este alegerea ideal\u0103 pentru grupuri mici de p\u00e2n\u0103 la 3 persoane.<\/p>\n<p>Oferim un serviciu privat de transfer \u00eentre Aeroportul Hurghada \u0219i toate zonele din ora\u0219 \u0219i \u00eemprejurimi. De exemplu, oferim transport c\u0103tre <strong>El Gouna, Makadi Bay, Sahl Hasheesh, Soma Bay, Safaga, El Quseir \u0219i Marsa Alam<\/strong> pentru clien\u021bii care caut\u0103 confort, siguran\u021b\u0103, vitez\u0103 \u0219i eficien\u021b\u0103.<\/p>\n<h3><span style=\"color: #ff6600;\">Pre\u021b Taxi Hurghada Transferuri<\/span><\/h3>\n<ul>\n<li>Per Vehicul: 15 \u20ac<\/li>\n<\/ul>\n<h3><span style=\"color: #ff6600;\">Rezervare<\/span><\/h3>\n<p>Po\u021bi rezerva serviciul de Taxi Hurghada transferuri prin WhatsApp sau ne po\u021bi trimite un e-mail, iar confirmarea o vei primi pe loc.<\/p>\n<ul>\n<li>Num\u0103r WhatsApp: +201000852186<\/li>\n<li>Email: info@egytourpackages.com<\/li>\n<\/ul>\n<h3><span style=\"color: #ff6600;\">Rezerv\u0103 Acum \u0219i Pl\u0103te\u0219te la Fa\u021ba Locului<\/span><\/h3>\n<p>Rezerv\u0103 transferul preferat \u0219i pl\u0103te\u0219te \u00een ziua c\u0103l\u0103toriei.<\/p>\n<h3><span style=\"color: #ff6600;\">Plat\u0103<\/span><\/h3>\n<p>Po\u021bi pl\u0103ti \u00een lire egiptene (EGP), $, \u20ac sau \u00a3.<\/p>\n<h3><span style=\"color: #ff6600;\">Politica de Anulare<\/span><\/h3>\n<ul>\n<li>Anularea este gratuit\u0103 cu p\u00e2n\u0103 la 24 de ore \u00eenainte.<\/li>\n<li>Anularea f\u0103cut\u0103 \u00een diminea\u021ba zilei respective se penalizeaz\u0103 cu 50% din pre\u021b.<\/li>\n<\/ul>\n","protected":false},"excerpt":{"rendered":"<p>Rezerv\u0103 <b data-path-to-node=\"1\" data-index-in-node=\"8\">Taxi Hurghada Transferuri<\/b> de la aeroport c\u0103tre hotel la pre\u021buri mici. Ma\u0219ini de lux, \u0219oferi priva\u021bi \u0219i confirmare pe loc. Siguran\u021b\u0103 \u0219i confort VIP!<\/p>\n","protected":false},"featured_media":13378,"comment_status":"open","ping_status":"closed","template":"","meta":[],"product_brand":[],"product_cat":[3134],"product_tag":[3808,3714],"class_list":{"0":"post-13377","1":"product","2":"type-product","3":"status-publish","4":"has-post-thumbnail","6":"product_cat-necategorizat-ro","7":"product_tag-taxi-hurghada","8":"product_tag-transferuri-de-la-aeroport","9":"tour_category-transfer-aeroport-ro","11":"first","12":"instock","13":"sale","14":"shipping-taxable","15":"purchasable","16":"product-type-tour","17":"has-default-attributes"},"yoast_head":"<!-- This site is optimized with the Yoast SEO Premium plugin v27.4 (Yoast SEO v27.4) - https:\/\/yoast.com\/product\/yoast-seo-premium-wordpress\/ -->\n<title>Taxi Hurghada Transferuri : Transfer Aeroport Hurghada\u00a0<\/title>\n<meta name=\"description\" content=\"Rezerv\u0103 Taxi Hurghada Transferuri de la aeroport c\u0103tre hotel la pre\u021buri mici. Ma\u0219ini de lux, \u0219oferi priva\u021bi \u0219i confirmare pe loc. Siguran\u021b\u0103 \u0219i confort VIP!\" \/>\n<meta name=\"robots\" content=\"index, follow, max-snippet:-1, max-image-preview:large, max-video-preview:-1\" \/>\n<link rel=\"canonical\" href=\"https:\/\/egytourpackages.com\/ro\/tours\/taxi-hurghada-transferuri\/\" \/>\n<meta property=\"og:locale\" content=\"ro_RO\" \/>\n<meta property=\"og:type\" content=\"article\" \/>\n<meta property=\"og:title\" content=\"Taxi Hurghada Transferuri\" \/>\n<meta property=\"og:description\" content=\"Rezerv\u0103 Taxi Hurghada Transferuri de la aeroport c\u0103tre hotel la pre\u021buri mici. Ma\u0219ini de lux, \u0219oferi priva\u021bi \u0219i confirmare pe loc. Siguran\u021b\u0103 \u0219i confort VIP!\" \/>\n<meta property=\"og:url\" content=\"https:\/\/egytourpackages.com\/ro\/tours\/taxi-hurghada-transferuri\/\" \/>\n<meta property=\"og:site_name\" content=\"Egypt Tour Packages\" \/>\n<meta property=\"article:publisher\" content=\"https:\/\/www.facebook.com\/egytourpackages\" \/>\n<meta property=\"article:modified_time\" content=\"2026-01-19T14:14:42+00:00\" \/>\n<meta property=\"og:image\" content=\"https:\/\/egytourpackages.com\/wp-content\/uploads\/2023\/05\/Taxi-Hurghada-transfers.jpg\" \/>\n\t<meta property=\"og:image:width\" content=\"1200\" \/>\n\t<meta property=\"og:image:height\" content=\"900\" \/>\n\t<meta property=\"og:image:type\" content=\"image\/jpeg\" \/>\n<meta name=\"twitter:card\" content=\"summary_large_image\" \/>\n<meta name=\"twitter:label1\" content=\"Pre\u021b\" \/>\n\t<meta name=\"twitter:data1\" content=\"&euro;15\" \/>\n\t<meta name=\"twitter:label2\" content=\"Disponibilitate\" \/>\n\t<meta name=\"twitter:data2\" content=\"\u00cen stoc\" \/>\n<script type=\"application\/ld+json\" class=\"yoast-schema-graph\">{\"@context\":\"https:\\\/\\\/schema.org\",\"@graph\":[{\"@type\":\"WebPage\",\"@id\":\"https:\\\/\\\/egytourpackages.com\\\/ro\\\/tours\\\/taxi-hurghada-transferuri\\\/\",\"url\":\"https:\\\/\\\/egytourpackages.com\\\/ro\\\/tours\\\/taxi-hurghada-transferuri\\\/\",\"name\":\"Taxi Hurghada Transferuri : Transfer Aeroport Hurghada\u00a0\",\"isPartOf\":{\"@id\":\"https:\\\/\\\/egytourpackages.com\\\/ro\\\/#website\"},\"primaryImageOfPage\":{\"@id\":\"https:\\\/\\\/egytourpackages.com\\\/ro\\\/tours\\\/taxi-hurghada-transferuri\\\/#primaryimage\"},\"image\":{\"@id\":\"https:\\\/\\\/egytourpackages.com\\\/ro\\\/tours\\\/taxi-hurghada-transferuri\\\/#primaryimage\"},\"thumbnailUrl\":\"https:\\\/\\\/egytourpackages.com\\\/wp-content\\\/uploads\\\/2023\\\/05\\\/Taxi-Hurghada-transfers.jpg\",\"datePublished\":\"2023-05-17T15:10:10+00:00\",\"dateModified\":\"2026-01-19T14:14:42+00:00\",\"description\":\"Rezerv\u0103 Taxi Hurghada Transferuri de la aeroport c\u0103tre hotel la pre\u021buri mici. Ma\u0219ini de lux, \u0219oferi priva\u021bi \u0219i confirmare pe loc. Siguran\u021b\u0103 \u0219i confort VIP!\",\"breadcrumb\":{\"@id\":\"https:\\\/\\\/egytourpackages.com\\\/ro\\\/tours\\\/taxi-hurghada-transferuri\\\/#breadcrumb\"},\"inLanguage\":\"ro-RO\",\"potentialAction\":[{\"@type\":\"ReadAction\",\"target\":[\"https:\\\/\\\/egytourpackages.com\\\/ro\\\/tours\\\/taxi-hurghada-transferuri\\\/\"]}]},{\"@type\":\"ImageObject\",\"inLanguage\":\"ro-RO\",\"@id\":\"https:\\\/\\\/egytourpackages.com\\\/ro\\\/tours\\\/taxi-hurghada-transferuri\\\/#primaryimage\",\"url\":\"https:\\\/\\\/egytourpackages.com\\\/wp-content\\\/uploads\\\/2023\\\/05\\\/Taxi-Hurghada-transfers.jpg\",\"contentUrl\":\"https:\\\/\\\/egytourpackages.com\\\/wp-content\\\/uploads\\\/2023\\\/05\\\/Taxi-Hurghada-transfers.jpg\",\"width\":1200,\"height\":900,\"caption\":\"Taxi Hurghada Transferuri\"},{\"@type\":\"BreadcrumbList\",\"@id\":\"https:\\\/\\\/egytourpackages.com\\\/ro\\\/tours\\\/taxi-hurghada-transferuri\\\/#breadcrumb\",\"itemListElement\":[{\"@type\":\"ListItem\",\"position\":1,\"name\":\"Home\",\"item\":\"https:\\\/\\\/egytourpackages.com\\\/ro\\\/\"},{\"@type\":\"ListItem\",\"position\":2,\"name\":\"Shop\",\"item\":\"https:\\\/\\\/egytourpackages.com\\\/shop\\\/\"},{\"@type\":\"ListItem\",\"position\":3,\"name\":\"Taxi Hurghada Transferuri\"}]},{\"@type\":\"WebSite\",\"@id\":\"https:\\\/\\\/egytourpackages.com\\\/ro\\\/#website\",\"url\":\"https:\\\/\\\/egytourpackages.com\\\/ro\\\/\",\"name\":\"Egy tour packages\",\"description\":\"\",\"publisher\":{\"@id\":\"https:\\\/\\\/egytourpackages.com\\\/ro\\\/#organization\"},\"potentialAction\":[{\"@type\":\"SearchAction\",\"target\":{\"@type\":\"EntryPoint\",\"urlTemplate\":\"https:\\\/\\\/egytourpackages.com\\\/ro\\\/?s={search_term_string}\"},\"query-input\":{\"@type\":\"PropertyValueSpecification\",\"valueRequired\":true,\"valueName\":\"search_term_string\"}}],\"inLanguage\":\"ro-RO\"},{\"@type\":[\"Organization\",\"Place\",\"TravelAgency\"],\"@id\":\"https:\\\/\\\/egytourpackages.com\\\/ro\\\/#organization\",\"name\":\"egypt tour packages\",\"alternateName\":\"egypt tour packages\",\"url\":\"https:\\\/\\\/egytourpackages.com\\\/ro\\\/\",\"logo\":{\"@id\":\"https:\\\/\\\/egytourpackages.com\\\/ro\\\/tours\\\/taxi-hurghada-transferuri\\\/#local-main-organization-logo\"},\"image\":{\"@id\":\"https:\\\/\\\/egytourpackages.com\\\/ro\\\/tours\\\/taxi-hurghada-transferuri\\\/#local-main-organization-logo\"},\"sameAs\":[\"https:\\\/\\\/www.facebook.com\\\/egytourpackages\"],\"legalName\":\"Egy tour packages\",\"address\":{\"@id\":\"https:\\\/\\\/egytourpackages.com\\\/ro\\\/tours\\\/taxi-hurghada-transferuri\\\/#local-main-place-address\"},\"telephone\":[\"00201000852186\",\"00201028685533\"],\"contactPoint\":{\"@type\":\"ContactPoint\",\"telephone\":\"00201000852186\"},\"openingHoursSpecification\":[{\"@type\":\"OpeningHoursSpecification\",\"dayOfWeek\":[\"Monday\",\"Tuesday\",\"Wednesday\",\"Thursday\",\"Friday\",\"Saturday\",\"Sunday\"],\"opens\":\"00:00\",\"closes\":\"23:59\"}],\"email\":\"info@egytourpackages.com\",\"areaServed\":\"Cairo, Hurghada, Luxor, Sharm El Sheikh, Marsa Alam, Aswan\",\"priceRange\":\"$\",\"currenciesAccepted\":\"euro\",\"paymentAccepted\":\"Payment links online\"},{\"@type\":\"PostalAddress\",\"@id\":\"https:\\\/\\\/egytourpackages.com\\\/ro\\\/tours\\\/taxi-hurghada-transferuri\\\/#local-main-place-address\",\"streetAddress\":\"Mubarak 8, Al Kawthar District, Hurghada\",\"addressLocality\":\"Hurghada\",\"postalCode\":\"84511\",\"addressRegion\":\"Red Sea\",\"addressCountry\":\"EG\"},{\"@type\":\"ImageObject\",\"inLanguage\":\"ro-RO\",\"@id\":\"https:\\\/\\\/egytourpackages.com\\\/ro\\\/tours\\\/taxi-hurghada-transferuri\\\/#local-main-organization-logo\",\"url\":\"https:\\\/\\\/egytourpackages.com\\\/wp-content\\\/uploads\\\/2025\\\/12\\\/Turquoise-Dahabiya-Nile-Cruise-1.jpeg\",\"contentUrl\":\"https:\\\/\\\/egytourpackages.com\\\/wp-content\\\/uploads\\\/2025\\\/12\\\/Turquoise-Dahabiya-Nile-Cruise-1.jpeg\",\"width\":1040,\"height\":694,\"caption\":\"egypt tour packages\"}]}<\/script>\n<meta property=\"product:brand\" content=\"Transfer aeroport\" \/>\n<meta property=\"product:price:amount\" content=\"15\" \/>\n<meta property=\"product:price:currency\" content=\"EUR\" \/>\n<meta property=\"og:availability\" content=\"instock\" \/>\n<meta property=\"product:availability\" content=\"instock\" \/>\n<meta property=\"product:retailer_item_id\" content=\"AT01\" \/>\n<meta property=\"product:condition\" content=\"new\" \/>\n<meta name=\"geo.placename\" content=\"Hurghada\" \/>\n<meta name=\"geo.region\" content=\"Egipt\" \/>\n<!-- \/ Yoast SEO Premium plugin. -->","yoast_head_json":{"title":"Taxi Hurghada Transferuri : Transfer Aeroport Hurghada\u00a0","description":"Rezerv\u0103 Taxi Hurghada Transferuri de la aeroport c\u0103tre hotel la pre\u021buri mici. Ma\u0219ini de lux, \u0219oferi priva\u021bi \u0219i confirmare pe loc. Siguran\u021b\u0103 \u0219i confort VIP!","robots":{"index":"index","follow":"follow","max-snippet":"max-snippet:-1","max-image-preview":"max-image-preview:large","max-video-preview":"max-video-preview:-1"},"canonical":"https:\/\/egytourpackages.com\/ro\/tours\/taxi-hurghada-transferuri\/","og_locale":"ro_RO","og_type":"article","og_title":"Taxi Hurghada Transferuri","og_description":"Rezerv\u0103 Taxi Hurghada Transferuri de la aeroport c\u0103tre hotel la pre\u021buri mici. Ma\u0219ini de lux, \u0219oferi priva\u021bi \u0219i confirmare pe loc. Siguran\u021b\u0103 \u0219i confort VIP!","og_url":"https:\/\/egytourpackages.com\/ro\/tours\/taxi-hurghada-transferuri\/","og_site_name":"Egypt Tour Packages","article_publisher":"https:\/\/www.facebook.com\/egytourpackages","article_modified_time":"2026-01-19T14:14:42+00:00","og_image":[{"width":1200,"height":900,"url":"https:\/\/egytourpackages.com\/wp-content\/uploads\/2023\/05\/Taxi-Hurghada-transfers.jpg","type":"image\/jpeg"}],"twitter_card":"summary_large_image","twitter_misc":{"Pre\u021b":"&euro;15","Disponibilitate":"\u00cen stoc"},"schema":{"@context":"https:\/\/schema.org","@graph":[{"@type":"WebPage","@id":"https:\/\/egytourpackages.com\/ro\/tours\/taxi-hurghada-transferuri\/","url":"https:\/\/egytourpackages.com\/ro\/tours\/taxi-hurghada-transferuri\/","name":"Taxi Hurghada Transferuri : Transfer Aeroport Hurghada\u00a0","isPartOf":{"@id":"https:\/\/egytourpackages.com\/ro\/#website"},"primaryImageOfPage":{"@id":"https:\/\/egytourpackages.com\/ro\/tours\/taxi-hurghada-transferuri\/#primaryimage"},"image":{"@id":"https:\/\/egytourpackages.com\/ro\/tours\/taxi-hurghada-transferuri\/#primaryimage"},"thumbnailUrl":"https:\/\/egytourpackages.com\/wp-content\/uploads\/2023\/05\/Taxi-Hurghada-transfers.jpg","datePublished":"2023-05-17T15:10:10+00:00","dateModified":"2026-01-19T14:14:42+00:00","description":"Rezerv\u0103 Taxi Hurghada Transferuri de la aeroport c\u0103tre hotel la pre\u021buri mici. Ma\u0219ini de lux, \u0219oferi priva\u021bi \u0219i confirmare pe loc. Siguran\u021b\u0103 \u0219i confort VIP!","breadcrumb":{"@id":"https:\/\/egytourpackages.com\/ro\/tours\/taxi-hurghada-transferuri\/#breadcrumb"},"inLanguage":"ro-RO","potentialAction":[{"@type":"ReadAction","target":["https:\/\/egytourpackages.com\/ro\/tours\/taxi-hurghada-transferuri\/"]}]},{"@type":"ImageObject","inLanguage":"ro-RO","@id":"https:\/\/egytourpackages.com\/ro\/tours\/taxi-hurghada-transferuri\/#primaryimage","url":"https:\/\/egytourpackages.com\/wp-content\/uploads\/2023\/05\/Taxi-Hurghada-transfers.jpg","contentUrl":"https:\/\/egytourpackages.com\/wp-content\/uploads\/2023\/05\/Taxi-Hurghada-transfers.jpg","width":1200,"height":900,"caption":"Taxi Hurghada Transferuri"},{"@type":"BreadcrumbList","@id":"https:\/\/egytourpackages.com\/ro\/tours\/taxi-hurghada-transferuri\/#breadcrumb","itemListElement":[{"@type":"ListItem","position":1,"name":"Home","item":"https:\/\/egytourpackages.com\/ro\/"},{"@type":"ListItem","position":2,"name":"Shop","item":"https:\/\/egytourpackages.com\/shop\/"},{"@type":"ListItem","position":3,"name":"Taxi Hurghada Transferuri"}]},{"@type":"WebSite","@id":"https:\/\/egytourpackages.com\/ro\/#website","url":"https:\/\/egytourpackages.com\/ro\/","name":"Egy tour packages","description":"","publisher":{"@id":"https:\/\/egytourpackages.com\/ro\/#organization"},"potentialAction":[{"@type":"SearchAction","target":{"@type":"EntryPoint","urlTemplate":"https:\/\/egytourpackages.com\/ro\/?s={search_term_string}"},"query-input":{"@type":"PropertyValueSpecification","valueRequired":true,"valueName":"search_term_string"}}],"inLanguage":"ro-RO"},{"@type":["Organization","Place","TravelAgency"],"@id":"https:\/\/egytourpackages.com\/ro\/#organization","name":"egypt tour packages","alternateName":"egypt tour packages","url":"https:\/\/egytourpackages.com\/ro\/","logo":{"@id":"https:\/\/egytourpackages.com\/ro\/tours\/taxi-hurghada-transferuri\/#local-main-organization-logo"},"image":{"@id":"https:\/\/egytourpackages.com\/ro\/tours\/taxi-hurghada-transferuri\/#local-main-organization-logo"},"sameAs":["https:\/\/www.facebook.com\/egytourpackages"],"legalName":"Egy tour packages","address":{"@id":"https:\/\/egytourpackages.com\/ro\/tours\/taxi-hurghada-transferuri\/#local-main-place-address"},"telephone":["00201000852186","00201028685533"],"contactPoint":{"@type":"ContactPoint","telephone":"00201000852186"},"openingHoursSpecification":[{"@type":"OpeningHoursSpecification","dayOfWeek":["Monday","Tuesday","Wednesday","Thursday","Friday","Saturday","Sunday"],"opens":"00:00","closes":"23:59"}],"email":"info@egytourpackages.com","areaServed":"Cairo, Hurghada, Luxor, Sharm El Sheikh, Marsa Alam, Aswan","priceRange":"$","currenciesAccepted":"euro","paymentAccepted":"Payment links online"},{"@type":"PostalAddress","@id":"https:\/\/egytourpackages.com\/ro\/tours\/taxi-hurghada-transferuri\/#local-main-place-address","streetAddress":"Mubarak 8, Al Kawthar District, Hurghada","addressLocality":"Hurghada","postalCode":"84511","addressRegion":"Red Sea","addressCountry":"EG"},{"@type":"ImageObject","inLanguage":"ro-RO","@id":"https:\/\/egytourpackages.com\/ro\/tours\/taxi-hurghada-transferuri\/#local-main-organization-logo","url":"https:\/\/egytourpackages.com\/wp-content\/uploads\/2025\/12\/Turquoise-Dahabiya-Nile-Cruise-1.jpeg","contentUrl":"https:\/\/egytourpackages.com\/wp-content\/uploads\/2025\/12\/Turquoise-Dahabiya-Nile-Cruise-1.jpeg","width":1040,"height":694,"caption":"egypt tour packages"}]},"product_brand":"Transfer aeroport","product_price_amount":"15","product_price_currency":"EUR","og_availability":"instock","product_availability":"instock","product_retailer_item_id":"AT01","product_condition":"new","geo.placename":"Hurghada","geo.region":"Egipt"},"_links":{"self":[{"href":"https:\/\/egytourpackages.com\/ro\/wp-json\/wp\/v2\/product\/13377","targetHints":{"allow":["GET"]}}],"collection":[{"href":"https:\/\/egytourpackages.com\/ro\/wp-json\/wp\/v2\/product"}],"about":[{"href":"https:\/\/egytourpackages.com\/ro\/wp-json\/wp\/v2\/types\/product"}],"replies":[{"embeddable":true,"href":"https:\/\/egytourpackages.com\/ro\/wp-json\/wp\/v2\/comments?post=13377"}],"wp:featuredmedia":[{"embeddable":true,"href":"https:\/\/egytourpackages.com\/ro\/wp-json\/wp\/v2\/media\/13378"}],"wp:attachment":[{"href":"https:\/\/egytourpackages.com\/ro\/wp-json\/wp\/v2\/media?parent=13377"}],"wp:term":[{"taxonomy":"product_brand","embeddable":true,"href":"https:\/\/egytourpackages.com\/ro\/wp-json\/wp\/v2\/product_brand?post=13377"},{"taxonomy":"product_cat","embeddable":true,"href":"https:\/\/egytourpackages.com\/ro\/wp-json\/wp\/v2\/product_cat?post=13377"},{"taxonomy":"product_tag","embeddable":true,"href":"https:\/\/egytourpackages.com\/ro\/wp-json\/wp\/v2\/product_tag?post=13377"}],"curies":[{"name":"wp","href":"https:\/\/api.w.org\/{rel}","templated":true}]}}