{"id":13383,"date":"2023-05-17T19:50:21","date_gmt":"2023-05-17T19:50:21","guid":{"rendered":"https:\/\/egytourpackages.com\/product\/excursie-luxor-din-portul-safaga\/"},"modified":"2026-01-28T02:51:58","modified_gmt":"2026-01-28T02:51:58","slug":"excursie-luxor-din-portul-safaga","status":"publish","type":"product","link":"https:\/\/egytourpackages.com\/ro\/tours\/excursie-luxor-din-portul-safaga\/","title":{"rendered":"Excursie Luxor din Portul Safaga"},"content":{"rendered":"<p><span style=\"color: #ff6600;\"><strong>Excursie Luxor din Portul Safaga<\/strong><\/span><\/p>\n<p>O <strong>excursie Luxor din Portul Safaga<\/strong> este prima alegere pentru pasagerii de croazier\u0103 care acosteaz\u0103 \u00een <strong>Safaga<\/strong> prin <strong>Egypt tours<\/strong>.<\/p>\n<p>\u00cen timpul acestor <strong>excursii de o zi \u00een Egipt<\/strong> c\u0103tre Luxor, ve\u021bi explora situri iconice precum <strong>Valea Regilor<\/strong>, av\u00e2nd \u0219ansa de a intra \u00een celebrul <strong>morm\u00e2nt al lui Tutankhamon<\/strong>.<\/p>\n<p>Pe l\u00e2ng\u0103 acesta, ve\u021bi vizita <strong>Templul Funerari al lui Hatshepsut<\/strong>, construit de inginerul s\u0103u <strong>Vizir Senmut<\/strong>. Mai mult, ve\u021bi vedea <strong>Templul Mentohotep<\/strong> \u0219i <strong>Templul lui Thutmosis III<\/strong> de la Deir El Bahri, dedicate <strong>Zeului Amun<\/strong>.<\/p>\n<p>De asemenea, ve\u021bi vizita faimoasele statui ale lui <strong>Amenhotep III<\/strong>, cunoscute sub numele de <strong>Colo\u0219ii lui Memnon<\/strong>.<\/p>\n<p>Asta nu este tot; v\u0103 ve\u021bi bucura de un pr\u00e2nz proasp\u0103t g\u0103tit \u00eentr-un restaurant pl\u0103cut printre palmieri, iar apoi ve\u021bi experimenta o scurt\u0103 plimbare cu barca cu motor pentru a traversa <strong>Nilul<\/strong>. \u00cen cele din urm\u0103, v\u0103 ve\u021bi \u00eencheia turul la complexul <strong>Karnak<\/strong>.<\/p>\n<p>Ghidul dumneavoastr\u0103 expert arheolog v\u0103 va introduce \u00een <strong>istoria Egiptului Antic<\/strong> \u0219i \u00een <strong>religia egiptean\u0103 antic\u0103<\/strong> pentru a face c\u0103l\u0103toria educativ\u0103 \u0219i memorabil\u0103.<\/p>\n<p>\u00cen timpul acestei <strong>excursii la \u021b\u0103rm<\/strong>, ve\u021bi \u00eenv\u0103\u021ba mai multe despre faimo\u0219ii <strong>Faraoni Egipteni<\/strong> din perioada <strong>Regatului Nou<\/strong>, precum <strong>Ramses cel Mare, Hatshepsut, Merenptah \u0219i Amenhotep<\/strong>.<\/p>\n<p>\u00centre timp, pute\u021bi face fotografii pe tot parcursul zilei oriunde merge\u021bi, \u00een special la reliefurile <strong>hieroglifice<\/strong> de pe pere\u021bii <strong>mormintelor faraonice<\/strong> din Valea Regilor.<\/p>\n<h3><span style=\"color: #ff6600;\">Detalii Tur<\/span><\/h3>\n<ul>\n<li>Durat\u0103: 1 zi<\/li>\n<li>Loca\u021bie tur: Luxor<\/li>\n<li>Disponibilitate tur: La cerere<\/li>\n<li>Preluare \u0219i Predare: Portul Safaga<\/li>\n<li>Tip tur: Privat<\/li>\n<\/ul>\n<h3><span style=\"color: #ff6600;\">Puncte de Atrac\u021bie (Highlights)<\/span><\/h3>\n<ul>\n<li>Valea Regilor<\/li>\n<li>Templul Funerari al lui Hatshepsut<\/li>\n<li>Colo\u0219ii lui Memnon<\/li>\n<li>Templul Karnak<\/li>\n<li>Scurt\u0103 plimbare cu barca cu motor<\/li>\n<li>Pr\u00e2nz<\/li>\n<\/ul>\n<h3><span style=\"color: #ff6600;\">Itinerariu C\u0103l\u0103torie<\/span><\/h3>\n<p>Ora de preluare de la ie\u0219irea din Portul Safaga depinde de ora sosirii, pentru a \u00eencepe <strong>excursia Luxor din Portul Safaga<\/strong>. Distan\u021ba dintre Safaga \u0219i Luxor este de aproximativ 220 km \u0219i dureaz\u0103 aproximativ 3 ore de condus.<\/p>\n<p>La sosire, ve\u021bi \u00eencepe turul de o zi \u00eentreag\u0103 cu ghidul dumneavoastr\u0103 expert c\u0103tre atrac\u021biile din Luxor, cum ar fi:<\/p>\n<h3><span style=\"color: #ff6600;\">Colo\u0219ii lui Memnon<\/span><\/h3>\n<p>Cea mai scurt\u0103 \u0219i u\u0219oar\u0103 oprire din excursia de o zi la Luxor. Dou\u0103 statui masive flancau intrarea \u00een templul mortuar al lui Amenhotep III. Din p\u0103cate, templul a disp\u0103rut total, cu excep\u021bia statuilor <strong>Colo\u0219ii lui Memnon<\/strong>, a unor stele, busturi \u0219i a c\u00e2torva coloane.<\/p>\n<h3><span style=\"color: #ff6600;\">Templul lui Hatshepsut<\/span><\/h3>\n<p>Femeia faraon <strong>Hatshepsut<\/strong> a ales situl <strong>Deir El Bahri<\/strong> pentru templul s\u0103u \u0219i le-a permis nobililor s\u0103 \u00ee\u0219i sape mormintele \u00een jurul templului ei. \u00cenc\u0103 pute\u021bi vedea statuile sale de tip <strong>sfinx<\/strong>, <strong>capela Hathor<\/strong>, <strong>capela Anubis<\/strong> \u0219i Sf\u00e2nta Sfintelor a templului.<\/p>\n<h3><span style=\"color: #ff6600;\">Valea Regilor<\/span><\/h3>\n<p>Turul dumneavoastr\u0103 \u00een Valea Regilor va fi special, deoarece este locul unde faraonii egipteni din <strong>dinastia a 18-a, dinastia a 19-a \u0219i dinastia a 20-a<\/strong> \u0219i-au s\u0103pat locurile de odihn\u0103 ve\u0219nic\u0103 \u00een interiorul muntelui.<\/p>\n<p>Afla\u021bi despre ritualurile funerare \u0219i c\u0103r\u021bile religioase care decoreaz\u0103 pere\u021bii, cum ar fi <strong>Cartea Mor\u021bilor<\/strong>, <strong>Cartea Zilei \u0219i a Nop\u021bii<\/strong> \u0219i <strong>Judecata de Apoi<\/strong>. \u00cen cazul \u00een care dori\u021bi s\u0103 vizita\u021bi <strong>morm\u00e2ntul lui Tutankhamon<\/strong>, morm\u00e2ntul lui <strong>Seti I<\/strong> sau morm\u00e2ntul lui <strong>Ramses V<\/strong>, pute\u021bi face acest lucru contra cost.<\/p>\n<h3><span style=\"color: #ff6600;\">Pr\u00e2nz<\/span><\/h3>\n<p>Bucura\u021bi-v\u0103 de un pr\u00e2nz proasp\u0103t g\u0103tit (tagin) \u00eentr-un restaurant pl\u0103cut situat direct \u00een spatele Colo\u0219ilor lui Memnon, printre palmieri.<\/p>\n<h3><span style=\"color: #ff6600;\">Scurt\u0103 plimbare cu barca cu motor<\/span><\/h3>\n<p>V\u0103 ve\u021bi bucura de o scurt\u0103 croazier\u0103 pe Nil de aproximativ 30 de minute pentru a vedea Luxorul de pe ap\u0103. <strong>Templul Luxor<\/strong> \u0219i <strong>Winter Palace<\/strong> se num\u0103r\u0103 printre punctele de atrac\u021bie pe care le vom vedea de pe r\u00e2u.<\/p>\n<h3><span style=\"color: #ff6600;\">Templul Karnak<\/span><\/h3>\n<p>\u00cencheia\u021bi ziua al\u0103turi de ghidul dumneavoastr\u0103 la cel mai mare templu din lume, <strong>Complexul Karnak<\/strong>. Admira\u021bi pilonii uria\u0219i, sanctuarele, Sala Hipostil\u0103 \u0219i <strong>Lacul Sacru<\/strong>. Nu uita\u021bi s\u0103 \u00eenconjura\u021bi <strong>Scarabeul<\/strong> de 7 ori pentru a v\u0103 pune dorin\u021be \u0219i ad\u0103uga\u021bi <strong>Capela Ro\u0219ie<\/strong> \u0219i <strong>Capela Alb\u0103<\/strong> pe lista dumneavoastr\u0103 \u00een Templul Karnak.<\/p>\n<h3><span style=\"color: #ff6600;\">Incluziuni<\/span><\/h3>\n<ul>\n<li>Transfer dus-\u00eentors cu vehicul modern, nou, dotat cu aer condi\u021bionat<\/li>\n<li>Taxe de intrare pentru toate obiectivele men\u021bionate \u00een program<\/li>\n<li>Pr\u00e2nz la un restaurant local<\/li>\n<li>Ghid expert<\/li>\n<li>Ap\u0103 \u00een timpul turului<\/li>\n<\/ul>\n<h3><span style=\"color: #ff6600;\">Excluderi<\/span><\/h3>\n<ul>\n<li>B\u0103uturile \u00een timpul pr\u00e2nzului<\/li>\n<li>Mormintele suplimentare din Valea Regilor<\/li>\n<li>Bac\u0219i\u0219 pentru ghid \u0219i \u0219ofer<\/li>\n<\/ul>\n<h3><span style=\"color: #ff6600;\">Ce s\u0103 ave\u021bi la pachet<\/span><\/h3>\n<ul>\n<li>\u00cenc\u0103l\u021b\u0103minte confortabil\u0103 (majoritatea locurilor au drumuri cu nisip sau piatr\u0103)<\/li>\n<li>Ochelari de soare<\/li>\n<li>Crem\u0103 de protec\u021bie solar\u0103<\/li>\n<li>P\u0103l\u0103rie<\/li>\n<\/ul>\n<h3><span style=\"color: #ff6600;\">Pre\u021b Excursie Luxor din Portul Safaga<\/span><\/h3>\n<ul>\n<li>Pre\u021b Adult = 150 \u20ac<\/li>\n<li>Copii 0-5 ani = gratuit<\/li>\n<li>Copii 5-11 ani = 50% din pre\u021bul pentru adul\u021bi<\/li>\n<\/ul>\n<h3><span style=\"color: #ff6600;\">Rezervare \u0219i Plat\u0103<\/span><\/h3>\n<p>Pute\u021bi rezerva turul prin WhatsApp, e-mail sau apel telefonic:<\/p>\n<ul>\n<li>WhatsApp: +201000852186<\/li>\n<li>Email: info@egytourpackages.com<\/li>\n<\/ul>\n<h3><span style=\"color: #ff6600;\">Politica de Anulare<\/span><\/h3>\n<p>Pute\u021bi anula oric\u00e2nd cu p\u00e2n\u0103 la 24 de ore \u00eenainte de c\u0103l\u0103torie.<\/p>\n<h3><span style=\"color: #ff6600;\">Not\u0103 IMPORTANT\u0102:<\/span><\/h3>\n<p>V\u0103 rug\u0103m s\u0103 re\u021bine\u021bi c\u0103 trebuie s\u0103 facem aranjamentele de c\u0103l\u0103torie cu o zi \u00eenainte, conform legii egiptene, a\u0219a c\u0103 v\u0103 rug\u0103m s\u0103 ne trimite\u021bi copiile pa\u0219apoartelor, num\u0103rul camerei \u0219i numele navei de croazier\u0103 cu cel pu\u021bin dou\u0103 zile \u00eenainte.<\/p>\n","protected":false},"excerpt":{"rendered":"<p>Rezerv\u0103 o <b data-path-to-node=\"1\" data-index-in-node=\"10\">Excursie Luxor din Portul Safaga<\/b>. Viziteaz\u0103 Valea Regilor \u0219i Karnak cu ghid expert. Transfer privat, pr\u00e2nz inclus \u0219i cel mai bun pre\u021b garantat!<\/p>\n","protected":false},"featured_media":13384,"comment_status":"open","ping_status":"closed","template":"","meta":[],"product_brand":[],"product_cat":[3120],"product_tag":[3195,3192],"class_list":{"0":"post-13383","1":"product","2":"type-product","3":"status-publish","4":"has-post-thumbnail","6":"product_cat-tururi","7":"product_tag-templul-karnak","8":"product_tag-tururi-in-egipt","9":"tour_category-excursii-de-o-zi-in-egipt-ro","10":"tour_category-excursii-la-luxor-din-hurghada","11":"tour_category-excursii-soma-bay-ro","13":"first","14":"instock","15":"sale","16":"shipping-taxable","17":"purchasable","18":"product-type-tour","19":"has-default-attributes"},"yoast_head":"<!-- This site is optimized with the Yoast SEO Premium plugin v27.4 (Yoast SEO v27.4) - https:\/\/yoast.com\/product\/yoast-seo-premium-wordpress\/ -->\n<title>Excursie Luxor din Portul Safaga<\/title>\n<meta name=\"description\" content=\"Rezerv\u0103 o Excursie Luxor din Portul Safaga. Viziteaz\u0103 Valea Regilor \u0219i Karnak cu ghid expert. Transfer privat, pr\u00e2nz inclus \u0219i cel mai bun pre\u021b garantat!\" \/>\n<meta name=\"robots\" content=\"index, follow, max-snippet:-1, max-image-preview:large, max-video-preview:-1\" \/>\n<link rel=\"canonical\" href=\"https:\/\/egytourpackages.com\/ro\/tours\/excursie-luxor-din-portul-safaga\/\" \/>\n<meta property=\"og:locale\" content=\"ro_RO\" \/>\n<meta property=\"og:type\" content=\"article\" \/>\n<meta property=\"og:title\" content=\"Excursie Luxor din Portul Safaga\" \/>\n<meta property=\"og:description\" content=\"Rezerv\u0103 o Excursie Luxor din Portul Safaga. Viziteaz\u0103 Valea Regilor \u0219i Karnak cu ghid expert. Transfer privat, pr\u00e2nz inclus \u0219i cel mai bun pre\u021b garantat!\" \/>\n<meta property=\"og:url\" content=\"https:\/\/egytourpackages.com\/ro\/tours\/excursie-luxor-din-portul-safaga\/\" \/>\n<meta property=\"og:site_name\" content=\"Egypt Tour Packages\" \/>\n<meta property=\"article:publisher\" content=\"https:\/\/www.facebook.com\/egytourpackages\" \/>\n<meta property=\"article:modified_time\" content=\"2026-01-28T02:51:58+00:00\" \/>\n<meta property=\"og:image\" content=\"https:\/\/egytourpackages.com\/wp-content\/uploads\/2023\/05\/Hypostyle-Hall-Karnak-1024x682.jpg\" \/>\n<meta name=\"twitter:card\" content=\"summary_large_image\" \/>\n<meta name=\"twitter:title\" content=\"Excursie Luxor din Portul Safaga\" \/>\n<meta name=\"twitter:label1\" content=\"Pre\u021b\" \/>\n\t<meta name=\"twitter:data1\" content=\"&euro;150\" \/>\n\t<meta name=\"twitter:label2\" content=\"Disponibilitate\" \/>\n\t<meta name=\"twitter:data2\" content=\"\u00cen stoc\" \/>\n<script type=\"application\/ld+json\" class=\"yoast-schema-graph\">{\"@context\":\"https:\\\/\\\/schema.org\",\"@graph\":[{\"@type\":\"WebPage\",\"@id\":\"https:\\\/\\\/egytourpackages.com\\\/ro\\\/tours\\\/excursie-luxor-din-portul-safaga\\\/\",\"url\":\"https:\\\/\\\/egytourpackages.com\\\/ro\\\/tours\\\/excursie-luxor-din-portul-safaga\\\/\",\"name\":\"Excursie Luxor din Portul Safaga\",\"isPartOf\":{\"@id\":\"https:\\\/\\\/egytourpackages.com\\\/ro\\\/#website\"},\"primaryImageOfPage\":{\"@id\":\"https:\\\/\\\/egytourpackages.com\\\/ro\\\/tours\\\/excursie-luxor-din-portul-safaga\\\/#primaryimage\"},\"image\":{\"@id\":\"https:\\\/\\\/egytourpackages.com\\\/ro\\\/tours\\\/excursie-luxor-din-portul-safaga\\\/#primaryimage\"},\"thumbnailUrl\":\"https:\\\/\\\/egytourpackages.com\\\/wp-content\\\/uploads\\\/2023\\\/05\\\/Hypostyle-Hall-Karnak.jpg\",\"datePublished\":\"2023-05-17T19:50:21+00:00\",\"dateModified\":\"2026-01-28T02:51:58+00:00\",\"description\":\"Rezerv\u0103 o Excursie Luxor din Portul Safaga. Viziteaz\u0103 Valea Regilor \u0219i Karnak cu ghid expert. Transfer privat, pr\u00e2nz inclus \u0219i cel mai bun pre\u021b garantat!\",\"breadcrumb\":{\"@id\":\"https:\\\/\\\/egytourpackages.com\\\/ro\\\/tours\\\/excursie-luxor-din-portul-safaga\\\/#breadcrumb\"},\"inLanguage\":\"ro-RO\",\"potentialAction\":[{\"@type\":\"ReadAction\",\"target\":[\"https:\\\/\\\/egytourpackages.com\\\/ro\\\/tours\\\/excursie-luxor-din-portul-safaga\\\/\"]}]},{\"@type\":\"ImageObject\",\"inLanguage\":\"ro-RO\",\"@id\":\"https:\\\/\\\/egytourpackages.com\\\/ro\\\/tours\\\/excursie-luxor-din-portul-safaga\\\/#primaryimage\",\"url\":\"https:\\\/\\\/egytourpackages.com\\\/wp-content\\\/uploads\\\/2023\\\/05\\\/Hypostyle-Hall-Karnak.jpg\",\"contentUrl\":\"https:\\\/\\\/egytourpackages.com\\\/wp-content\\\/uploads\\\/2023\\\/05\\\/Hypostyle-Hall-Karnak.jpg\",\"width\":1600,\"height\":1066,\"caption\":\"Sala Hipostil\u0103 Karnak\"},{\"@type\":\"BreadcrumbList\",\"@id\":\"https:\\\/\\\/egytourpackages.com\\\/ro\\\/tours\\\/excursie-luxor-din-portul-safaga\\\/#breadcrumb\",\"itemListElement\":[{\"@type\":\"ListItem\",\"position\":1,\"name\":\"Home\",\"item\":\"https:\\\/\\\/egytourpackages.com\\\/ro\\\/\"},{\"@type\":\"ListItem\",\"position\":2,\"name\":\"Shop\",\"item\":\"https:\\\/\\\/egytourpackages.com\\\/shop\\\/\"},{\"@type\":\"ListItem\",\"position\":3,\"name\":\"Excursie Luxor din Portul Safaga\"}]},{\"@type\":\"WebSite\",\"@id\":\"https:\\\/\\\/egytourpackages.com\\\/ro\\\/#website\",\"url\":\"https:\\\/\\\/egytourpackages.com\\\/ro\\\/\",\"name\":\"Egy tour packages\",\"description\":\"\",\"publisher\":{\"@id\":\"https:\\\/\\\/egytourpackages.com\\\/ro\\\/#organization\"},\"potentialAction\":[{\"@type\":\"SearchAction\",\"target\":{\"@type\":\"EntryPoint\",\"urlTemplate\":\"https:\\\/\\\/egytourpackages.com\\\/ro\\\/?s={search_term_string}\"},\"query-input\":{\"@type\":\"PropertyValueSpecification\",\"valueRequired\":true,\"valueName\":\"search_term_string\"}}],\"inLanguage\":\"ro-RO\"},{\"@type\":[\"Organization\",\"Place\",\"TravelAgency\"],\"@id\":\"https:\\\/\\\/egytourpackages.com\\\/ro\\\/#organization\",\"name\":\"egypt tour packages\",\"alternateName\":\"egypt tour packages\",\"url\":\"https:\\\/\\\/egytourpackages.com\\\/ro\\\/\",\"logo\":{\"@id\":\"https:\\\/\\\/egytourpackages.com\\\/ro\\\/tours\\\/excursie-luxor-din-portul-safaga\\\/#local-main-organization-logo\"},\"image\":{\"@id\":\"https:\\\/\\\/egytourpackages.com\\\/ro\\\/tours\\\/excursie-luxor-din-portul-safaga\\\/#local-main-organization-logo\"},\"sameAs\":[\"https:\\\/\\\/www.facebook.com\\\/egytourpackages\"],\"legalName\":\"Egy tour packages\",\"address\":{\"@id\":\"https:\\\/\\\/egytourpackages.com\\\/ro\\\/tours\\\/excursie-luxor-din-portul-safaga\\\/#local-main-place-address\"},\"telephone\":[\"00201000852186\",\"00201028685533\"],\"contactPoint\":{\"@type\":\"ContactPoint\",\"telephone\":\"00201000852186\"},\"openingHoursSpecification\":[{\"@type\":\"OpeningHoursSpecification\",\"dayOfWeek\":[\"Monday\",\"Tuesday\",\"Wednesday\",\"Thursday\",\"Friday\",\"Saturday\",\"Sunday\"],\"opens\":\"00:00\",\"closes\":\"23:59\"}],\"email\":\"info@egytourpackages.com\",\"areaServed\":\"Cairo, Hurghada, Luxor, Sharm El Sheikh, Marsa Alam, Aswan\",\"priceRange\":\"$\",\"currenciesAccepted\":\"euro\",\"paymentAccepted\":\"Payment links online\"},{\"@type\":\"PostalAddress\",\"@id\":\"https:\\\/\\\/egytourpackages.com\\\/ro\\\/tours\\\/excursie-luxor-din-portul-safaga\\\/#local-main-place-address\",\"streetAddress\":\"Mubarak 8, Al Kawthar District, Hurghada\",\"addressLocality\":\"Hurghada\",\"postalCode\":\"84511\",\"addressRegion\":\"Red Sea\",\"addressCountry\":\"EG\"},{\"@type\":\"ImageObject\",\"inLanguage\":\"ro-RO\",\"@id\":\"https:\\\/\\\/egytourpackages.com\\\/ro\\\/tours\\\/excursie-luxor-din-portul-safaga\\\/#local-main-organization-logo\",\"url\":\"https:\\\/\\\/egytourpackages.com\\\/wp-content\\\/uploads\\\/2025\\\/12\\\/Turquoise-Dahabiya-Nile-Cruise-1.jpeg\",\"contentUrl\":\"https:\\\/\\\/egytourpackages.com\\\/wp-content\\\/uploads\\\/2025\\\/12\\\/Turquoise-Dahabiya-Nile-Cruise-1.jpeg\",\"width\":1040,\"height\":694,\"caption\":\"egypt tour packages\"}]}<\/script>\n<meta property=\"product:brand\" content=\"Excursii de o zi \u00een Egipt\" \/>\n<meta property=\"product:price:amount\" content=\"150\" \/>\n<meta property=\"product:price:currency\" content=\"EUR\" \/>\n<meta property=\"og:availability\" content=\"instock\" \/>\n<meta property=\"product:availability\" content=\"instock\" \/>\n<meta property=\"product:retailer_item_id\" content=\"SBE06\" \/>\n<meta property=\"product:condition\" content=\"new\" \/>\n<meta name=\"geo.placename\" content=\"Hurghada\" \/>\n<meta name=\"geo.region\" content=\"Egipt\" \/>\n<!-- \/ Yoast SEO Premium plugin. -->","yoast_head_json":{"title":"Excursie Luxor din Portul Safaga","description":"Rezerv\u0103 o Excursie Luxor din Portul Safaga. Viziteaz\u0103 Valea Regilor \u0219i Karnak cu ghid expert. Transfer privat, pr\u00e2nz inclus \u0219i cel mai bun pre\u021b garantat!","robots":{"index":"index","follow":"follow","max-snippet":"max-snippet:-1","max-image-preview":"max-image-preview:large","max-video-preview":"max-video-preview:-1"},"canonical":"https:\/\/egytourpackages.com\/ro\/tours\/excursie-luxor-din-portul-safaga\/","og_locale":"ro_RO","og_type":"article","og_title":"Excursie Luxor din Portul Safaga","og_description":"Rezerv\u0103 o Excursie Luxor din Portul Safaga. Viziteaz\u0103 Valea Regilor \u0219i Karnak cu ghid expert. Transfer privat, pr\u00e2nz inclus \u0219i cel mai bun pre\u021b garantat!","og_url":"https:\/\/egytourpackages.com\/ro\/tours\/excursie-luxor-din-portul-safaga\/","og_site_name":"Egypt Tour Packages","article_publisher":"https:\/\/www.facebook.com\/egytourpackages","article_modified_time":"2026-01-28T02:51:58+00:00","og_image":[{"url":"https:\/\/egytourpackages.com\/wp-content\/uploads\/2023\/05\/Hypostyle-Hall-Karnak-1024x682.jpg","type":"","width":"","height":""}],"twitter_card":"summary_large_image","twitter_title":"Excursie Luxor din Portul Safaga","twitter_misc":{"Pre\u021b":"&euro;150","Disponibilitate":"\u00cen stoc"},"schema":{"@context":"https:\/\/schema.org","@graph":[{"@type":"WebPage","@id":"https:\/\/egytourpackages.com\/ro\/tours\/excursie-luxor-din-portul-safaga\/","url":"https:\/\/egytourpackages.com\/ro\/tours\/excursie-luxor-din-portul-safaga\/","name":"Excursie Luxor din Portul Safaga","isPartOf":{"@id":"https:\/\/egytourpackages.com\/ro\/#website"},"primaryImageOfPage":{"@id":"https:\/\/egytourpackages.com\/ro\/tours\/excursie-luxor-din-portul-safaga\/#primaryimage"},"image":{"@id":"https:\/\/egytourpackages.com\/ro\/tours\/excursie-luxor-din-portul-safaga\/#primaryimage"},"thumbnailUrl":"https:\/\/egytourpackages.com\/wp-content\/uploads\/2023\/05\/Hypostyle-Hall-Karnak.jpg","datePublished":"2023-05-17T19:50:21+00:00","dateModified":"2026-01-28T02:51:58+00:00","description":"Rezerv\u0103 o Excursie Luxor din Portul Safaga. Viziteaz\u0103 Valea Regilor \u0219i Karnak cu ghid expert. Transfer privat, pr\u00e2nz inclus \u0219i cel mai bun pre\u021b garantat!","breadcrumb":{"@id":"https:\/\/egytourpackages.com\/ro\/tours\/excursie-luxor-din-portul-safaga\/#breadcrumb"},"inLanguage":"ro-RO","potentialAction":[{"@type":"ReadAction","target":["https:\/\/egytourpackages.com\/ro\/tours\/excursie-luxor-din-portul-safaga\/"]}]},{"@type":"ImageObject","inLanguage":"ro-RO","@id":"https:\/\/egytourpackages.com\/ro\/tours\/excursie-luxor-din-portul-safaga\/#primaryimage","url":"https:\/\/egytourpackages.com\/wp-content\/uploads\/2023\/05\/Hypostyle-Hall-Karnak.jpg","contentUrl":"https:\/\/egytourpackages.com\/wp-content\/uploads\/2023\/05\/Hypostyle-Hall-Karnak.jpg","width":1600,"height":1066,"caption":"Sala Hipostil\u0103 Karnak"},{"@type":"BreadcrumbList","@id":"https:\/\/egytourpackages.com\/ro\/tours\/excursie-luxor-din-portul-safaga\/#breadcrumb","itemListElement":[{"@type":"ListItem","position":1,"name":"Home","item":"https:\/\/egytourpackages.com\/ro\/"},{"@type":"ListItem","position":2,"name":"Shop","item":"https:\/\/egytourpackages.com\/shop\/"},{"@type":"ListItem","position":3,"name":"Excursie Luxor din Portul Safaga"}]},{"@type":"WebSite","@id":"https:\/\/egytourpackages.com\/ro\/#website","url":"https:\/\/egytourpackages.com\/ro\/","name":"Egy tour packages","description":"","publisher":{"@id":"https:\/\/egytourpackages.com\/ro\/#organization"},"potentialAction":[{"@type":"SearchAction","target":{"@type":"EntryPoint","urlTemplate":"https:\/\/egytourpackages.com\/ro\/?s={search_term_string}"},"query-input":{"@type":"PropertyValueSpecification","valueRequired":true,"valueName":"search_term_string"}}],"inLanguage":"ro-RO"},{"@type":["Organization","Place","TravelAgency"],"@id":"https:\/\/egytourpackages.com\/ro\/#organization","name":"egypt tour packages","alternateName":"egypt tour packages","url":"https:\/\/egytourpackages.com\/ro\/","logo":{"@id":"https:\/\/egytourpackages.com\/ro\/tours\/excursie-luxor-din-portul-safaga\/#local-main-organization-logo"},"image":{"@id":"https:\/\/egytourpackages.com\/ro\/tours\/excursie-luxor-din-portul-safaga\/#local-main-organization-logo"},"sameAs":["https:\/\/www.facebook.com\/egytourpackages"],"legalName":"Egy tour packages","address":{"@id":"https:\/\/egytourpackages.com\/ro\/tours\/excursie-luxor-din-portul-safaga\/#local-main-place-address"},"telephone":["00201000852186","00201028685533"],"contactPoint":{"@type":"ContactPoint","telephone":"00201000852186"},"openingHoursSpecification":[{"@type":"OpeningHoursSpecification","dayOfWeek":["Monday","Tuesday","Wednesday","Thursday","Friday","Saturday","Sunday"],"opens":"00:00","closes":"23:59"}],"email":"info@egytourpackages.com","areaServed":"Cairo, Hurghada, Luxor, Sharm El Sheikh, Marsa Alam, Aswan","priceRange":"$","currenciesAccepted":"euro","paymentAccepted":"Payment links online"},{"@type":"PostalAddress","@id":"https:\/\/egytourpackages.com\/ro\/tours\/excursie-luxor-din-portul-safaga\/#local-main-place-address","streetAddress":"Mubarak 8, Al Kawthar District, Hurghada","addressLocality":"Hurghada","postalCode":"84511","addressRegion":"Red Sea","addressCountry":"EG"},{"@type":"ImageObject","inLanguage":"ro-RO","@id":"https:\/\/egytourpackages.com\/ro\/tours\/excursie-luxor-din-portul-safaga\/#local-main-organization-logo","url":"https:\/\/egytourpackages.com\/wp-content\/uploads\/2025\/12\/Turquoise-Dahabiya-Nile-Cruise-1.jpeg","contentUrl":"https:\/\/egytourpackages.com\/wp-content\/uploads\/2025\/12\/Turquoise-Dahabiya-Nile-Cruise-1.jpeg","width":1040,"height":694,"caption":"egypt tour packages"}]},"product_brand":"Excursii de o zi \u00een Egipt","product_price_amount":"150","product_price_currency":"EUR","og_availability":"instock","product_availability":"instock","product_retailer_item_id":"SBE06","product_condition":"new","geo.placename":"Hurghada","geo.region":"Egipt"},"_links":{"self":[{"href":"https:\/\/egytourpackages.com\/ro\/wp-json\/wp\/v2\/product\/13383","targetHints":{"allow":["GET"]}}],"collection":[{"href":"https:\/\/egytourpackages.com\/ro\/wp-json\/wp\/v2\/product"}],"about":[{"href":"https:\/\/egytourpackages.com\/ro\/wp-json\/wp\/v2\/types\/product"}],"replies":[{"embeddable":true,"href":"https:\/\/egytourpackages.com\/ro\/wp-json\/wp\/v2\/comments?post=13383"}],"wp:featuredmedia":[{"embeddable":true,"href":"https:\/\/egytourpackages.com\/ro\/wp-json\/wp\/v2\/media\/13384"}],"wp:attachment":[{"href":"https:\/\/egytourpackages.com\/ro\/wp-json\/wp\/v2\/media?parent=13383"}],"wp:term":[{"taxonomy":"product_brand","embeddable":true,"href":"https:\/\/egytourpackages.com\/ro\/wp-json\/wp\/v2\/product_brand?post=13383"},{"taxonomy":"product_cat","embeddable":true,"href":"https:\/\/egytourpackages.com\/ro\/wp-json\/wp\/v2\/product_cat?post=13383"},{"taxonomy":"product_tag","embeddable":true,"href":"https:\/\/egytourpackages.com\/ro\/wp-json\/wp\/v2\/product_tag?post=13383"}],"curies":[{"name":"wp","href":"https:\/\/api.w.org\/{rel}","templated":true}]}}