{"id":13393,"date":"2023-01-27T01:37:43","date_gmt":"2023-01-27T01:37:43","guid":{"rendered":"https:\/\/egytourpackages.com\/product\/parasailing-hurghada\/"},"modified":"2026-01-28T02:52:41","modified_gmt":"2026-01-28T02:52:41","slug":"parasailing-hurghada","status":"publish","type":"product","link":"https:\/\/egytourpackages.com\/ro\/tours\/parasailing-hurghada\/","title":{"rendered":"Parasailing Hurghada"},"content":{"rendered":"<p><span style=\"color: #ff6600;\"><strong>Parasailing Hurghada | Aventur\u0103 la Marea Ro\u0219ie | Cele mai bune lucruri de f\u0103cut \u00een Hurghada<\/strong><\/span><\/p>\n<p><strong>Parasailing Hurghada<\/strong> ofer\u0103 o aventur\u0103 f\u0103r\u0103 egal, \u00eembin\u00e2nd euforia zborului cu frumuse\u021bea uluitoare a <strong>M\u0103rii Ro\u0219ii<\/strong>. Este mai mult dec\u00e2t o simpl\u0103 plimbare; este o oportunitate unic\u0103 de a vedea coasta uimitoare a Hurghadei \u0219i apele vibrante dintr-o perspectiv\u0103 spectaculoas\u0103.<\/p>\n<p>Considerat unul dintre cele mai bune <strong>excursii de o zi \u00een Egipt<\/strong>, <strong>parasailing \u00een Hurghada<\/strong> este perfect pentru oricine caut\u0103 o experien\u021b\u0103 memorabil\u0103 \u0219i captivant\u0103. Indiferent dac\u0103 e\u0219ti un entuziast al adrenalinei sau pur \u0219i simplu vrei s\u0103 surprinzi fotografii panoramice incredibile, aceast\u0103 activitate este alegerea ideal\u0103.<\/p>\n<p>De obicei, decolarea \u0219i aterizarea au loc direct de pe platforma b\u0103rcii, ceea ce face ca experien\u021ba s\u0103 fie lin\u0103 \u0219i accesibil\u0103 pentru majoritatea oamenilor, chiar \u0219i pentru cei f\u0103r\u0103 experien\u021b\u0103 prealabil\u0103.<\/p>\n<p>De la \u00een\u0103l\u021bime, vei avea o <strong>vedere panoramic\u0103<\/strong> spectaculoas\u0103 asupra recifurilor de corali, a coastei animate \u0219i a peisajului de\u0219ertic \u00eendep\u0103rtat.<\/p>\n<p>Cau\u021bi <strong>cele mai bune lucruri de f\u0103cut \u00een Hurghada<\/strong>? <strong>Contacteaz\u0103-ne<\/strong> la <strong>Egy tour packages<\/strong> pentru a descoperi o gam\u0103 larg\u0103 de excursii de neuitat care \u00ee\u021bi vor face vacan\u021ba cu adev\u0103rat special\u0103.<\/p>\n<p>Majoritatea excursiilor de parasailing \u00een Hurghada dureaz\u0103 aproximativ <strong>10-15 minute \u00een aer<\/strong>, \u00eentreaga activitate, inclusiv transferul cu barca \u0219i instructajul de siguran\u021b\u0103, dur\u00e2nd aproximativ o or\u0103.<\/p>\n<h3><span style=\"color: #ff6600;\">Detalii<\/span><\/h3>\n<ul>\n<li>Durat\u0103: 2 Ore<\/li>\n<li>Preluare \u0219i Predare: Hoteluri \u00een Hurghada, Makadi Bay, Soma Bay, Sahl Hasheesh, El Gouna, Safaga<\/li>\n<li>Tip Tur: Cele mai bune activit\u0103\u021bi \u00een Hurghada<\/li>\n<li>Disponibilitate: Zilnic, la cerere<\/li>\n<li>Loca\u021bie Tur: Hurghada<\/li>\n<li>Cerin\u021be fizice: Parasailing-ul necesit\u0103 un anumit nivel de condi\u021bie fizic\u0103<\/li>\n<li>Scaun cu rotile: Nu este permis<\/li>\n<\/ul>\n<h2><span style=\"color: #ff6600;\">Itinerariu<\/span><\/h2>\n<p>Parasailing-ul \u00een Hurghada este un mod captivant de a explora frumoasa Mare Ro\u0219ie de la \u00een\u0103l\u021bime. Fie c\u0103 e\u0219ti un c\u0103ut\u0103tor de senza\u021bii tari experimentat sau un aventurier la prima m\u0103rire, parasailing-ul este o experien\u021b\u0103 pe care nu o vei uita niciodat\u0103.<\/p>\n<p>Este o modalitate excelent\u0103 de a experimenta fiorul zborului \u00een timp ce admiri priveli\u0219tile uimitoare ale peisajului \u00eenconjur\u0103tor.<\/p>\n<p>C\u00e2nd rezervi excursia de <strong>parasailing \u00een Hurghada<\/strong> cu <strong>Egy Tour Packages<\/strong>, aventura ta \u00eencepe cu un <strong>transfer privat<\/strong> confortabil direct de la hotelul t\u0103u p\u00e2n\u0103 la Marina Hurghada.<\/p>\n<p>Odat\u0103 ajuns acolo, te vei \u00eembarca pe o barc\u0103 cu motor puternic\u0103, care te va transporta rapid la locul ideal de lansare, de obicei la doar 10 minute de \u021b\u0103rm.<\/p>\n<p>\u00cenainte de a te ridica \u00een aer, echipajul nostru expert \u00ee\u021bi va oferi un <strong>instructaj de siguran\u021b\u0103<\/strong> complet, asigur\u00e2ndu-se c\u0103 te sim\u021bi \u00een deplin\u0103 siguran\u021b\u0103 \u0219i gata pentru zbor.<\/p>\n<p>Apoi, simte senza\u021bia incredibil\u0103 de a fi ridicat u\u0219or \u00een aer, tractat lin de barc\u0103 \u00een timp ce e\u0219ti fixat \u00een siguran\u021b\u0103 de para\u0219ut\u0103.<\/p>\n<p>Zborul propriu-zis va dura aproximativ <strong>10-15 minute<\/strong>, ating\u00e2nd o \u00een\u0103l\u021bime incitant\u0103 de aproximativ <strong>150 de metri (500 picioare)<\/strong>, \u00een timp ce barca navigheaz\u0103 cu viteze de 32-40 km\/h.<\/p>\n<p>Pe tot parcursul c\u0103l\u0103toriei aeriene, echipajul profesionist al b\u0103rcii va men\u021bine controlul deplin, prioritiz\u00e2nd siguran\u021ba ta \u0219i permi\u021b\u00e2ndu-\u021bi pur \u0219i simplu s\u0103 te relaxezi \u0219i s\u0103 te bucuri de priveli\u0219tile incredibile.<\/p>\n<h3><span style=\"color: #ff6600;\">Perfect pentru Toat\u0103 Lumea<\/span><\/h3>\n<p><strong>Parasailing \u00een Hurghada<\/strong> este conceput pentru to\u021bi, de la <strong>\u00eencep\u0103tori la aventurieri experimenta\u021bi<\/strong>, fiind perfect pentru persoane individuale, <strong>cupluri<\/strong>, prieteni sau chiar \u00een luna de miere.<\/p>\n<p>Este cu adev\u0103rat una dintre <strong>cele mai bune activit\u0103\u021bi \u00een Hurghada<\/strong> pentru oricine dore\u0219te s\u0103 adauge un strop de adrenalin\u0103 \u0219i o perspectiv\u0103 spectaculoas\u0103 vacan\u021bei la Marea Ro\u0219ie.<\/p>\n<h3><span style=\"color: #ff6600;\">Incluziuni<\/span><\/h3>\n<ul>\n<li>Preluare \u0219i predare de la hotelul t\u0103u<\/li>\n<li>Minutele de Parasailing \u00een aer<\/li>\n<li>Tur cu barca cu motor<\/li>\n<li>Toate taxele \u0219i impozitele<\/li>\n<\/ul>\n<h3><span style=\"color: #ff6600;\">Excluderi<\/span><\/h3>\n<ul>\n<li>Bac\u0219i\u0219uri<\/li>\n<li>Fotografii sau videoclipuri realizate de cameraman<\/li>\n<\/ul>\n<h3><span style=\"color: #ff6600;\">M\u0103suri de siguran\u021b\u0103 pentru excursia de Parasailing Hurghada<\/span><\/h3>\n<ul>\n<li>Asigur\u0103-te c\u0103 ascul\u021bi instructajul de siguran\u021b\u0103 \u00eenainte de zbor, poart\u0103 vesta de salvare \u0219i verific\u0103 echipamentul.<\/li>\n<li>Respect\u0103 instruc\u021biunile echipajului b\u0103rcii \u00een orice moment.<\/li>\n<li>Poart\u0103 haine confortabile \u0219i \u00eenc\u0103l\u021b\u0103minte care se poate uda; nu uita camera foto pentru a surprinde priveli\u0219tile superbe.<\/li>\n<li>Dac\u0103 nu te sim\u021bi confortabil singur, po\u021bi opta oric\u00e2nd pentru un zbor solo sau cu un partener.<\/li>\n<\/ul>\n<h3><span style=\"color: #ff6600;\">Hoteluri \u00een afara Hurghadei pentru Parasailing<\/span><\/h3>\n<ul>\n<li>Rezervarea unui tur de parasailing la pre\u021b mic, activitate cu para\u0219uta din <strong>El Gouna<\/strong>, cu o tax\u0103 suplimentar\u0103 de 15$ de persoan\u0103.<\/li>\n<li>Din <strong>Sahl Hasheesh<\/strong> cu o tax\u0103 suplimentar\u0103 de 15$ de persoan\u0103.<\/li>\n<li>Hoteluri din <strong>Makadi Bay<\/strong> cu o tax\u0103 suplimentar\u0103 de 15$ de persoan\u0103.<\/li>\n<li>Hoteluri \u00een <strong>Soma Bay<\/strong> cu o tax\u0103 suplimentar\u0103 de 15$ de persoan\u0103.<\/li>\n<li>Rezervarea unei excursii de parasailing la pre\u021b redus sau activit\u0103\u021bi cu para\u0219uta din <strong>Safaga<\/strong> cu o tax\u0103 suplimentar\u0103 de 15$ de persoan\u0103.<\/li>\n<\/ul>\n<h3><span style=\"color: #ff6600;\">Ce trebuie s\u0103 \u0219tii \u00eenainte de Parasailing Hurghada?<\/span><\/h3>\n<ul>\n<li>Parasailing dublu: greutate maxim\u0103 150 kg pentru cupluri.<\/li>\n<li>V\u00e2rsta minim\u0103 pentru un zbor singur este de 16 ani.<\/li>\n<li>Copiii sub 16 ani trebuie s\u0103 fie \u00eenso\u021bi\u021bi de un adult.<\/li>\n<li>Cel mai bun moment pentru parasailing \u00een Hurghada este dup\u0103 r\u0103s\u0103rit \u0219i \u00eenainte de apus, pentru a putea observa Moscheea El Mina, Pia\u021ba de Pe\u0219te, New Marina \u0219i Mun\u021bii M\u0103rii Ro\u0219ii.<\/li>\n<li>Evit\u0103 tururile de parasailing \u00een caz de ploaie, vreme rea sau furtuni.<\/li>\n<li>O excursie de parasailing nu necesit\u0103 experien\u021b\u0103, spre deosebire de parapant\u0103, care necesit\u0103 experien\u021b\u0103 anterioar\u0103.<\/li>\n<li>Acord\u0103 aten\u021bie vestimenta\u021biei \u00een func\u021bie de sezon.<\/li>\n<\/ul>\n<p>Tehnica de parasailing \u00eencepe prin fixarea ta de para\u0219ut\u0103, care este conectat\u0103 la o barc\u0103. Apoi, barca prinde vitez\u0103 \u0219i vei fi tras \u00een spate. Para\u0219uta se ridic\u0103 la 50 de metri \u00een\u0103l\u021bime, men\u021bin\u00e2nd o altitudine constant\u0103 p\u00e2n\u0103 c\u00e2nd barca \u00eencetine\u0219te, moment \u00een care vei ateriza \u00eenapoi pe barc\u0103.<\/p>\n<h3><span style=\"color: #ff6600;\">La ce s\u0103 te a\u0219tep\u021bi c\u00e2nd zbori la \u00een\u0103l\u021bime?<\/span><\/h3>\n<p>Ob\u021bine o vedere de ansamblu asupra plajelor uimitoare \u0219i apelor cristaline ale Hurghadei, al\u0103turi de principalele atrac\u021bii turistice, cum ar fi:<\/p>\n<ul>\n<li>Marina Hurghada<\/li>\n<li>Moscheea El Mina<\/li>\n<li>Insula Giftun<\/li>\n<li>Pia\u021ba Saqqala<\/li>\n<li>Pia\u021ba de Pe\u0219te<\/li>\n<li>Sharm el-Sheikh (vizibil pe partea cealalt\u0103 a M\u0103rii Ro\u0219ii \u00een zilele senine)<\/li>\n<li>Insula Orange Bay<\/li>\n<\/ul>\n<h3><span style=\"color: #ff6600;\">Pre\u021b Parasailing Hurghada<\/span><\/h3>\n<ul>\n<li>Pre\u021b Adult (single) = 30 \u20ac<\/li>\n<li>Copii 0-5 ani = Gratuit<\/li>\n<li>Copii 5-11 ani = 50% din pre\u021bul pentru adult<\/li>\n<\/ul>\n<h3><span style=\"color: #ff6600;\">Rezervare<\/span><\/h3>\n<p>Po\u021bi rezerva turul prin WhatsApp sau trimite-ne un e-mail \u0219i vei primi confirmarea pe loc.<\/p>\n<p>V\u0103 rug\u0103m s\u0103 ne trimite\u021bi numele hotelului, num\u0103rul camerei \u0219i copiile pa\u0219apoartelor.<\/p>\n<ul>\n<li>WhatsApp: +201000852186<\/li>\n<li>Email: info@egytourpackages.com<\/li>\n<\/ul>\n<h3><span style=\"color: #ff6600;\">Rezerv\u0103 Acum<\/span><\/h3>\n<p>Rezerv\u0103 activitatea preferat\u0103 de Parasailing Hurghada \u0219i prime\u0219te confirmarea imediat.<\/p>\n<h3><span style=\"color: #ff6600;\">Plat\u0103<\/span><\/h3>\n<p>Po\u021bi pl\u0103ti \u00een lire egiptene, $, \u20ac sau \u00a3.<\/p>\n<h3><span style=\"color: #ff6600;\">Politica de Anulare<\/span><\/h3>\n<p>Anularea este gratuit\u0103 cu p\u00e2n\u0103 la 2 zile \u00eenainte de activitate.<\/p>\n","protected":false},"excerpt":{"rendered":"<p>Rezerv\u0103 <b data-path-to-node=\"1\" data-index-in-node=\"8\">Parasailing Hurghada<\/b> pentru o aventur\u0103 de neuitat deasupra M\u0103rii Ro\u0219ii. Zbor de 15 minute, vedere panoramic\u0103 \u0219i transfer inclus. Cel mai bun pre\u021b!<\/p>\n","protected":false},"featured_media":13394,"comment_status":"open","ping_status":"closed","template":"","meta":[],"product_brand":[],"product_cat":[3120],"product_tag":[3311,3203,3201],"class_list":{"0":"post-13393","1":"product","2":"type-product","3":"status-publish","4":"has-post-thumbnail","6":"product_cat-tururi","7":"product_tag-activitati-in-hurghada","8":"product_tag-excursii-de-o-zi-in-egipt","9":"product_tag-excursii-in-hurghada","10":"tour_category-cele-mai-bune-lucruri-de-facut-in-hurghada-cu-copiii","11":"tour_category-excursii-de-o-zi-in-egipt-ro","12":"tour_category-excursii-hurghada-ro","14":"first","15":"instock","16":"sale","17":"shipping-taxable","18":"purchasable","19":"product-type-tour","20":"has-default-attributes"},"yoast_head":"<!-- This site is optimized with the Yoast SEO Premium plugin v27.4 (Yoast SEO v27.4) - https:\/\/yoast.com\/product\/yoast-seo-premium-wordpress\/ -->\n<title>Parasailing Hurghada | Aventur\u0103 la Marea Ro\u0219ie<\/title>\n<meta name=\"description\" content=\"Rezerv\u0103 Parasailing Hurghada pentru o aventur\u0103 de neuitat deasupra M\u0103rii Ro\u0219ii. Zbor de 15 minute, vedere panoramic\u0103 \u0219i transfer inclus. Cel mai bun pre\u021b!\" \/>\n<meta name=\"robots\" content=\"index, follow, max-snippet:-1, max-image-preview:large, max-video-preview:-1\" \/>\n<link rel=\"canonical\" href=\"https:\/\/egytourpackages.com\/ro\/tours\/parasailing-hurghada\/\" \/>\n<meta property=\"og:locale\" content=\"ro_RO\" \/>\n<meta property=\"og:type\" content=\"article\" \/>\n<meta property=\"og:title\" content=\"Parasailing Hurghada\" \/>\n<meta property=\"og:description\" content=\"Rezerv\u0103 Parasailing Hurghada pentru o aventur\u0103 de neuitat deasupra M\u0103rii Ro\u0219ii. Zbor de 15 minute, vedere panoramic\u0103 \u0219i transfer inclus. Cel mai bun pre\u021b!\" \/>\n<meta property=\"og:url\" content=\"https:\/\/egytourpackages.com\/ro\/tours\/parasailing-hurghada\/\" \/>\n<meta property=\"og:site_name\" content=\"Egypt Tour Packages\" \/>\n<meta property=\"article:publisher\" content=\"https:\/\/www.facebook.com\/egytourpackages\" \/>\n<meta property=\"article:modified_time\" content=\"2026-01-28T02:52:41+00:00\" \/>\n<meta property=\"og:image\" content=\"https:\/\/egytourpackages.com\/wp-content\/uploads\/2023\/01\/parasailing-Hurghada.jpg\" \/>\n<meta name=\"twitter:card\" content=\"summary_large_image\" \/>\n<meta name=\"twitter:title\" content=\"Parasailing Hurghada\" \/>\n<meta name=\"twitter:description\" content=\"Rezerv\u0103 Parasailing Hurghada pentru o aventur\u0103 de neuitat deasupra M\u0103rii Ro\u0219ii. Zbor de 15 minute, vedere panoramic\u0103 \u0219i transfer inclus. Cel mai bun pre\u021b!\" \/>\n<meta name=\"twitter:image\" content=\"https:\/\/egytourpackages.com\/wp-content\/uploads\/2023\/01\/parasailing-Hurghada.jpg\" \/>\n<meta name=\"twitter:label1\" content=\"Pre\u021b\" \/>\n\t<meta name=\"twitter:data1\" content=\"&euro;30\" \/>\n\t<meta name=\"twitter:label2\" content=\"Disponibilitate\" \/>\n\t<meta name=\"twitter:data2\" content=\"\u00cen stoc\" \/>\n<script type=\"application\/ld+json\" class=\"yoast-schema-graph\">{\"@context\":\"https:\\\/\\\/schema.org\",\"@graph\":[{\"@type\":\"WebPage\",\"@id\":\"https:\\\/\\\/egytourpackages.com\\\/ro\\\/tours\\\/parasailing-hurghada\\\/\",\"url\":\"https:\\\/\\\/egytourpackages.com\\\/ro\\\/tours\\\/parasailing-hurghada\\\/\",\"name\":\"Parasailing Hurghada | Aventur\u0103 la Marea Ro\u0219ie\",\"isPartOf\":{\"@id\":\"https:\\\/\\\/egytourpackages.com\\\/ro\\\/#website\"},\"primaryImageOfPage\":{\"@id\":\"https:\\\/\\\/egytourpackages.com\\\/ro\\\/tours\\\/parasailing-hurghada\\\/#primaryimage\"},\"image\":{\"@id\":\"https:\\\/\\\/egytourpackages.com\\\/ro\\\/tours\\\/parasailing-hurghada\\\/#primaryimage\"},\"thumbnailUrl\":\"https:\\\/\\\/egytourpackages.com\\\/wp-content\\\/uploads\\\/2023\\\/01\\\/parasailing-Hurghada.jpg\",\"datePublished\":\"2023-01-27T01:37:43+00:00\",\"dateModified\":\"2026-01-28T02:52:41+00:00\",\"description\":\"Rezerv\u0103 Parasailing Hurghada pentru o aventur\u0103 de neuitat deasupra M\u0103rii Ro\u0219ii. Zbor de 15 minute, vedere panoramic\u0103 \u0219i transfer inclus. Cel mai bun pre\u021b!\",\"breadcrumb\":{\"@id\":\"https:\\\/\\\/egytourpackages.com\\\/ro\\\/tours\\\/parasailing-hurghada\\\/#breadcrumb\"},\"inLanguage\":\"ro-RO\",\"potentialAction\":[{\"@type\":\"ReadAction\",\"target\":[\"https:\\\/\\\/egytourpackages.com\\\/ro\\\/tours\\\/parasailing-hurghada\\\/\"]}]},{\"@type\":\"ImageObject\",\"inLanguage\":\"ro-RO\",\"@id\":\"https:\\\/\\\/egytourpackages.com\\\/ro\\\/tours\\\/parasailing-hurghada\\\/#primaryimage\",\"url\":\"https:\\\/\\\/egytourpackages.com\\\/wp-content\\\/uploads\\\/2023\\\/01\\\/parasailing-Hurghada.jpg\",\"contentUrl\":\"https:\\\/\\\/egytourpackages.com\\\/wp-content\\\/uploads\\\/2023\\\/01\\\/parasailing-Hurghada.jpg\",\"width\":990,\"height\":742,\"caption\":\"Parasailing Hurghada\"},{\"@type\":\"BreadcrumbList\",\"@id\":\"https:\\\/\\\/egytourpackages.com\\\/ro\\\/tours\\\/parasailing-hurghada\\\/#breadcrumb\",\"itemListElement\":[{\"@type\":\"ListItem\",\"position\":1,\"name\":\"Home\",\"item\":\"https:\\\/\\\/egytourpackages.com\\\/ro\\\/\"},{\"@type\":\"ListItem\",\"position\":2,\"name\":\"Shop\",\"item\":\"https:\\\/\\\/egytourpackages.com\\\/shop\\\/\"},{\"@type\":\"ListItem\",\"position\":3,\"name\":\"Parasailing Hurghada\"}]},{\"@type\":\"WebSite\",\"@id\":\"https:\\\/\\\/egytourpackages.com\\\/ro\\\/#website\",\"url\":\"https:\\\/\\\/egytourpackages.com\\\/ro\\\/\",\"name\":\"Egy tour packages\",\"description\":\"\",\"publisher\":{\"@id\":\"https:\\\/\\\/egytourpackages.com\\\/ro\\\/#organization\"},\"potentialAction\":[{\"@type\":\"SearchAction\",\"target\":{\"@type\":\"EntryPoint\",\"urlTemplate\":\"https:\\\/\\\/egytourpackages.com\\\/ro\\\/?s={search_term_string}\"},\"query-input\":{\"@type\":\"PropertyValueSpecification\",\"valueRequired\":true,\"valueName\":\"search_term_string\"}}],\"inLanguage\":\"ro-RO\"},{\"@type\":[\"Organization\",\"Place\",\"TravelAgency\"],\"@id\":\"https:\\\/\\\/egytourpackages.com\\\/ro\\\/#organization\",\"name\":\"egypt tour packages\",\"alternateName\":\"egypt tour packages\",\"url\":\"https:\\\/\\\/egytourpackages.com\\\/ro\\\/\",\"logo\":{\"@id\":\"https:\\\/\\\/egytourpackages.com\\\/ro\\\/tours\\\/parasailing-hurghada\\\/#local-main-organization-logo\"},\"image\":{\"@id\":\"https:\\\/\\\/egytourpackages.com\\\/ro\\\/tours\\\/parasailing-hurghada\\\/#local-main-organization-logo\"},\"sameAs\":[\"https:\\\/\\\/www.facebook.com\\\/egytourpackages\"],\"legalName\":\"Egy tour packages\",\"address\":{\"@id\":\"https:\\\/\\\/egytourpackages.com\\\/ro\\\/tours\\\/parasailing-hurghada\\\/#local-main-place-address\"},\"telephone\":[\"00201000852186\",\"00201028685533\"],\"contactPoint\":{\"@type\":\"ContactPoint\",\"telephone\":\"00201000852186\"},\"openingHoursSpecification\":[{\"@type\":\"OpeningHoursSpecification\",\"dayOfWeek\":[\"Monday\",\"Tuesday\",\"Wednesday\",\"Thursday\",\"Friday\",\"Saturday\",\"Sunday\"],\"opens\":\"00:00\",\"closes\":\"23:59\"}],\"email\":\"info@egytourpackages.com\",\"areaServed\":\"Cairo, Hurghada, Luxor, Sharm El Sheikh, Marsa Alam, Aswan\",\"priceRange\":\"$\",\"currenciesAccepted\":\"euro\",\"paymentAccepted\":\"Payment links online\"},{\"@type\":\"PostalAddress\",\"@id\":\"https:\\\/\\\/egytourpackages.com\\\/ro\\\/tours\\\/parasailing-hurghada\\\/#local-main-place-address\",\"streetAddress\":\"Mubarak 8, Al Kawthar District, Hurghada\",\"addressLocality\":\"Hurghada\",\"postalCode\":\"84511\",\"addressRegion\":\"Red Sea\",\"addressCountry\":\"EG\"},{\"@type\":\"ImageObject\",\"inLanguage\":\"ro-RO\",\"@id\":\"https:\\\/\\\/egytourpackages.com\\\/ro\\\/tours\\\/parasailing-hurghada\\\/#local-main-organization-logo\",\"url\":\"https:\\\/\\\/egytourpackages.com\\\/wp-content\\\/uploads\\\/2025\\\/12\\\/Turquoise-Dahabiya-Nile-Cruise-1.jpeg\",\"contentUrl\":\"https:\\\/\\\/egytourpackages.com\\\/wp-content\\\/uploads\\\/2025\\\/12\\\/Turquoise-Dahabiya-Nile-Cruise-1.jpeg\",\"width\":1040,\"height\":694,\"caption\":\"egypt tour packages\"}]}<\/script>\n<meta property=\"product:brand\" content=\"Cele mai bune lucruri de f\u0103cut \u00een Hurghada cu copiii\" \/>\n<meta property=\"product:price:amount\" content=\"30\" \/>\n<meta property=\"product:price:currency\" content=\"EUR\" \/>\n<meta property=\"og:availability\" content=\"instock\" \/>\n<meta property=\"product:availability\" content=\"instock\" \/>\n<meta property=\"product:retailer_item_id\" content=\"HDT01\" \/>\n<meta property=\"product:condition\" content=\"new\" \/>\n<meta name=\"geo.placename\" content=\"Hurghada\" \/>\n<meta name=\"geo.region\" content=\"Egipt\" \/>\n<!-- \/ Yoast SEO Premium plugin. -->","yoast_head_json":{"title":"Parasailing Hurghada | Aventur\u0103 la Marea Ro\u0219ie","description":"Rezerv\u0103 Parasailing Hurghada pentru o aventur\u0103 de neuitat deasupra M\u0103rii Ro\u0219ii. Zbor de 15 minute, vedere panoramic\u0103 \u0219i transfer inclus. Cel mai bun pre\u021b!","robots":{"index":"index","follow":"follow","max-snippet":"max-snippet:-1","max-image-preview":"max-image-preview:large","max-video-preview":"max-video-preview:-1"},"canonical":"https:\/\/egytourpackages.com\/ro\/tours\/parasailing-hurghada\/","og_locale":"ro_RO","og_type":"article","og_title":"Parasailing Hurghada","og_description":"Rezerv\u0103 Parasailing Hurghada pentru o aventur\u0103 de neuitat deasupra M\u0103rii Ro\u0219ii. Zbor de 15 minute, vedere panoramic\u0103 \u0219i transfer inclus. Cel mai bun pre\u021b!","og_url":"https:\/\/egytourpackages.com\/ro\/tours\/parasailing-hurghada\/","og_site_name":"Egypt Tour Packages","article_publisher":"https:\/\/www.facebook.com\/egytourpackages","article_modified_time":"2026-01-28T02:52:41+00:00","og_image":[{"url":"https:\/\/egytourpackages.com\/wp-content\/uploads\/2023\/01\/parasailing-Hurghada.jpg","type":"","width":"","height":""}],"twitter_card":"summary_large_image","twitter_title":"Parasailing Hurghada","twitter_description":"Rezerv\u0103 Parasailing Hurghada pentru o aventur\u0103 de neuitat deasupra M\u0103rii Ro\u0219ii. Zbor de 15 minute, vedere panoramic\u0103 \u0219i transfer inclus. Cel mai bun pre\u021b!","twitter_image":"https:\/\/egytourpackages.com\/wp-content\/uploads\/2023\/01\/parasailing-Hurghada.jpg","twitter_misc":{"Pre\u021b":"&euro;30","Disponibilitate":"\u00cen stoc"},"schema":{"@context":"https:\/\/schema.org","@graph":[{"@type":"WebPage","@id":"https:\/\/egytourpackages.com\/ro\/tours\/parasailing-hurghada\/","url":"https:\/\/egytourpackages.com\/ro\/tours\/parasailing-hurghada\/","name":"Parasailing Hurghada | Aventur\u0103 la Marea Ro\u0219ie","isPartOf":{"@id":"https:\/\/egytourpackages.com\/ro\/#website"},"primaryImageOfPage":{"@id":"https:\/\/egytourpackages.com\/ro\/tours\/parasailing-hurghada\/#primaryimage"},"image":{"@id":"https:\/\/egytourpackages.com\/ro\/tours\/parasailing-hurghada\/#primaryimage"},"thumbnailUrl":"https:\/\/egytourpackages.com\/wp-content\/uploads\/2023\/01\/parasailing-Hurghada.jpg","datePublished":"2023-01-27T01:37:43+00:00","dateModified":"2026-01-28T02:52:41+00:00","description":"Rezerv\u0103 Parasailing Hurghada pentru o aventur\u0103 de neuitat deasupra M\u0103rii Ro\u0219ii. Zbor de 15 minute, vedere panoramic\u0103 \u0219i transfer inclus. Cel mai bun pre\u021b!","breadcrumb":{"@id":"https:\/\/egytourpackages.com\/ro\/tours\/parasailing-hurghada\/#breadcrumb"},"inLanguage":"ro-RO","potentialAction":[{"@type":"ReadAction","target":["https:\/\/egytourpackages.com\/ro\/tours\/parasailing-hurghada\/"]}]},{"@type":"ImageObject","inLanguage":"ro-RO","@id":"https:\/\/egytourpackages.com\/ro\/tours\/parasailing-hurghada\/#primaryimage","url":"https:\/\/egytourpackages.com\/wp-content\/uploads\/2023\/01\/parasailing-Hurghada.jpg","contentUrl":"https:\/\/egytourpackages.com\/wp-content\/uploads\/2023\/01\/parasailing-Hurghada.jpg","width":990,"height":742,"caption":"Parasailing Hurghada"},{"@type":"BreadcrumbList","@id":"https:\/\/egytourpackages.com\/ro\/tours\/parasailing-hurghada\/#breadcrumb","itemListElement":[{"@type":"ListItem","position":1,"name":"Home","item":"https:\/\/egytourpackages.com\/ro\/"},{"@type":"ListItem","position":2,"name":"Shop","item":"https:\/\/egytourpackages.com\/shop\/"},{"@type":"ListItem","position":3,"name":"Parasailing Hurghada"}]},{"@type":"WebSite","@id":"https:\/\/egytourpackages.com\/ro\/#website","url":"https:\/\/egytourpackages.com\/ro\/","name":"Egy tour packages","description":"","publisher":{"@id":"https:\/\/egytourpackages.com\/ro\/#organization"},"potentialAction":[{"@type":"SearchAction","target":{"@type":"EntryPoint","urlTemplate":"https:\/\/egytourpackages.com\/ro\/?s={search_term_string}"},"query-input":{"@type":"PropertyValueSpecification","valueRequired":true,"valueName":"search_term_string"}}],"inLanguage":"ro-RO"},{"@type":["Organization","Place","TravelAgency"],"@id":"https:\/\/egytourpackages.com\/ro\/#organization","name":"egypt tour packages","alternateName":"egypt tour packages","url":"https:\/\/egytourpackages.com\/ro\/","logo":{"@id":"https:\/\/egytourpackages.com\/ro\/tours\/parasailing-hurghada\/#local-main-organization-logo"},"image":{"@id":"https:\/\/egytourpackages.com\/ro\/tours\/parasailing-hurghada\/#local-main-organization-logo"},"sameAs":["https:\/\/www.facebook.com\/egytourpackages"],"legalName":"Egy tour packages","address":{"@id":"https:\/\/egytourpackages.com\/ro\/tours\/parasailing-hurghada\/#local-main-place-address"},"telephone":["00201000852186","00201028685533"],"contactPoint":{"@type":"ContactPoint","telephone":"00201000852186"},"openingHoursSpecification":[{"@type":"OpeningHoursSpecification","dayOfWeek":["Monday","Tuesday","Wednesday","Thursday","Friday","Saturday","Sunday"],"opens":"00:00","closes":"23:59"}],"email":"info@egytourpackages.com","areaServed":"Cairo, Hurghada, Luxor, Sharm El Sheikh, Marsa Alam, Aswan","priceRange":"$","currenciesAccepted":"euro","paymentAccepted":"Payment links online"},{"@type":"PostalAddress","@id":"https:\/\/egytourpackages.com\/ro\/tours\/parasailing-hurghada\/#local-main-place-address","streetAddress":"Mubarak 8, Al Kawthar District, Hurghada","addressLocality":"Hurghada","postalCode":"84511","addressRegion":"Red Sea","addressCountry":"EG"},{"@type":"ImageObject","inLanguage":"ro-RO","@id":"https:\/\/egytourpackages.com\/ro\/tours\/parasailing-hurghada\/#local-main-organization-logo","url":"https:\/\/egytourpackages.com\/wp-content\/uploads\/2025\/12\/Turquoise-Dahabiya-Nile-Cruise-1.jpeg","contentUrl":"https:\/\/egytourpackages.com\/wp-content\/uploads\/2025\/12\/Turquoise-Dahabiya-Nile-Cruise-1.jpeg","width":1040,"height":694,"caption":"egypt tour packages"}]},"product_brand":"Cele mai bune lucruri de f\u0103cut \u00een Hurghada cu copiii","product_price_amount":"30","product_price_currency":"EUR","og_availability":"instock","product_availability":"instock","product_retailer_item_id":"HDT01","product_condition":"new","geo.placename":"Hurghada","geo.region":"Egipt"},"_links":{"self":[{"href":"https:\/\/egytourpackages.com\/ro\/wp-json\/wp\/v2\/product\/13393","targetHints":{"allow":["GET"]}}],"collection":[{"href":"https:\/\/egytourpackages.com\/ro\/wp-json\/wp\/v2\/product"}],"about":[{"href":"https:\/\/egytourpackages.com\/ro\/wp-json\/wp\/v2\/types\/product"}],"replies":[{"embeddable":true,"href":"https:\/\/egytourpackages.com\/ro\/wp-json\/wp\/v2\/comments?post=13393"}],"wp:featuredmedia":[{"embeddable":true,"href":"https:\/\/egytourpackages.com\/ro\/wp-json\/wp\/v2\/media\/13394"}],"wp:attachment":[{"href":"https:\/\/egytourpackages.com\/ro\/wp-json\/wp\/v2\/media?parent=13393"}],"wp:term":[{"taxonomy":"product_brand","embeddable":true,"href":"https:\/\/egytourpackages.com\/ro\/wp-json\/wp\/v2\/product_brand?post=13393"},{"taxonomy":"product_cat","embeddable":true,"href":"https:\/\/egytourpackages.com\/ro\/wp-json\/wp\/v2\/product_cat?post=13393"},{"taxonomy":"product_tag","embeddable":true,"href":"https:\/\/egytourpackages.com\/ro\/wp-json\/wp\/v2\/product_tag?post=13393"}],"curies":[{"name":"wp","href":"https:\/\/api.w.org\/{rel}","templated":true}]}}