{"id":13667,"date":"2026-01-20T13:31:24","date_gmt":"2026-01-20T13:31:24","guid":{"rendered":"https:\/\/egytourpackages.com\/product\/croaziera-pe-nil-royal-elite-de-3-nopti-de-la-aswan-la-luxor\/"},"modified":"2026-01-21T18:41:06","modified_gmt":"2026-01-21T18:41:06","slug":"croaziera-pe-nil-royal-elite-de-3-nopti-de-la-aswan-la-luxor","status":"publish","type":"product","link":"https:\/\/egytourpackages.com\/ro\/tours\/croaziera-pe-nil-royal-elite-de-3-nopti-de-la-aswan-la-luxor\/","title":{"rendered":"Croazier\u0103 pe Nil Royal Elite de 3 nop\u021bi de la Aswan la Luxor"},"content":{"rendered":"<p><span style=\"color: #ff6600;\"><strong>Croazier\u0103 pe Nil Royal Elite de 3 nop\u021bi de la Aswan la Luxor<\/strong><\/span><\/p>\n<p>A te \u00eembarca \u00eentr-o <strong>croazier\u0103 pe Nil Royal Elite de 3 nop\u021bi de la Aswan la Luxor<\/strong> este mai mult dec\u00e2t o simpl\u0103 vacan\u021b\u0103; este o c\u0103l\u0103torie senin\u0103 \u00een inima unei civiliza\u021bii antice. Aceast\u0103 <strong>croazier\u0103 de lux pe Nil<\/strong> ofer\u0103 un sanctuar sofisticat unde soarele auriu al de\u0219ertului se \u00eent\u00e2lne\u0219te cu apele r\u0103coroase \u0219i d\u0103t\u0103toare de via\u021b\u0103 ale Nilului.<\/p>\n<p>Din momentul \u00een care p\u0103\u0219i\u021bi pe punte, sunte\u021bi \u00eent\u00e2mpina\u021bi cu ospitalitatea legendar\u0103 care face ca o <strong>croazier\u0103 \u00een Egipt pe Nil<\/strong> s\u0103 fie at\u00e2t de special\u0103.<\/p>\n<p>Nava devine hotelul dumneavoastr\u0103 plutitor elegant, oferind priveli\u0219ti panoramice ale malurilor m\u0103rginite de palmieri \u0219i ale satelor atemporale, \u00een timp ce naviga\u021bi printre cele mai emblematice repere ale istoriei.<\/p>\n<h3><span style=\"color: #ff6600;\">Detalii Tour<\/span><\/h3>\n<ul>\n<li>Durat\u0103: 4 Zile \/ 3 Nop\u021bi<\/li>\n<li>Loca\u021bie Tour: Aswan \/ Kom Ombo, Edfu \/ Luxor<\/li>\n<li>Disponibilitate: La cerere<\/li>\n<li>Preluare &amp; Drop Off: Aswan \/ Luxor<\/li>\n<li>Tip Tour: Privat<\/li>\n<li>Potrivit pentru: Cupluri, familii, persoane peste 70 de ani<\/li>\n<li>Scaun cu rotile: Accesibil<\/li>\n<\/ul>\n<h3><span style=\"color: #ff6600;\">Atrac\u021bii Principale (Highlights)<\/span><\/h3>\n<ul>\n<li>Templul Abu Simbel<\/li>\n<li>Marele Baraj de la Aswan<\/li>\n<li>Templul Isis de pe Insula Philae<\/li>\n<li>Obeliscul Neterminat al lui Hatshepsut<\/li>\n<li>Templul Kom Ombo<\/li>\n<li>Templul lui Horus din Edfu<\/li>\n<li>Templul Luxor<\/li>\n<li>Templul Karnak<\/li>\n<li>Valea Regilor<\/li>\n<li>Templul lui Hatshepsut<\/li>\n<li>Colo\u0219ii lui Memnon<\/li>\n<\/ul>\n<h3><span style=\"color: #ff6600;\">Incluziuni<\/span><\/h3>\n<ul>\n<li>Toate transferurile men\u021bionate mai sus cu vehicul dotat cu aer condi\u021bionat.<\/li>\n<li>Taxele de intrare pentru toate obiectivele turistice men\u021bionate.<\/li>\n<li>Ghid arheolog vorbitor de limba francez\u0103.<\/li>\n<li>03 nop\u021bi pe o croazier\u0103 de lux de 5 stele pe Nil, \u00een regim de pensiune complet\u0103.<\/li>\n<li>Asisten\u021b\u0103 la sosire \u0219i plecare.<\/li>\n<li>Manipularea bagajelor.<\/li>\n<\/ul>\n<h3><span style=\"color: #ff6600;\">Excluderi<\/span><\/h3>\n<ul>\n<li>Bac\u0219i\u0219ul pentru croazier\u0103 \u0219i ghid.<\/li>\n<li>Cheltuieli personale.<\/li>\n<li>Orice nu este men\u021bionat mai sus.<\/li>\n<\/ul>\n<h2><span style=\"color: #ff6600;\">Itinerariu<\/span><\/h2>\n<h3><span style=\"color: #ff6600;\">Ziua 1: Explorarea frumuse\u021bii ora\u0219ului Aswan<\/span><\/h3>\n<p>Aventura dumneavoastr\u0103 \u00eencepe \u00een Aswan, un ora\u0219 cunoscut pentru atmosfera sa lini\u0219tit\u0103 \u0219i farmecul nubian. Dup\u0103 o primire c\u0103lduroas\u0103 \u0219i check-in la <strong>Royal Elite<\/strong>, ve\u021bi vizita <strong>Marele Baraj<\/strong>, o minune a ingineriei moderne care a modelat peisajul egiptean.<\/p>\n<p>\u00cen continuare, o scurt\u0103 plimbare cu barca v\u0103 va duce la \u00eenc\u00e2nt\u0103torul <strong>Templu Philae<\/strong>, situat superb pe o insul\u0103.<\/p>\n<p>Dedicat zei\u021bei Isis, acest templu ofer\u0103 o introducere lini\u0219tit\u0103 \u00een miturile <strong>Egiptului Antic<\/strong>. V\u0103 ve\u021bi \u00eentoarce pe nav\u0103 pentru o cin\u0103 gourmet, \u00een timp ce stelele \u00eencep s\u0103 umple cerul de\u0219ertului.<\/p>\n<p><strong>Mese:<\/strong> pr\u00e2nz, cin\u0103<\/p>\n<h3><span style=\"color: #ff6600;\">Ziua 2: Abu Simbel \u0219i naviga\u021bie la apus<\/span><\/h3>\n<p>Cea de-a doua zi ofer\u0103 o excursie op\u021bional\u0103, dis-de-diminea\u021b\u0103, la uluitoarele temple de la <strong>Abu Simbel<\/strong>, sculptate direct \u00een munte de Ramses al II-lea. Este o experien\u021b\u0103 de neratat care surprinde cu adev\u0103rat amploarea ambi\u021biei faraonice.<\/p>\n<p>\u00cen jurul orei 14:00, nava \u00eencepe s\u0103 navigheze de la Aswan spre Kom Ombo. La sosire, ve\u021bi vizita <strong>Templul Kom Ombo<\/strong> \u00eempreun\u0103 cu ghidul dumneavoastr\u0103, unic pentru dubla sa dedicare zeilor Sobek \u0219i Horus, urmat\u0103 de o vizit\u0103 la <strong>Muzeul Crocodililor<\/strong> din apropiere.<\/p>\n<p>Ulterior, reveni\u021bi pe nav\u0103 pentru cin\u0103, \u00een timp ce naviga\u021bi spre Edfu pentru \u00eennoptare.<\/p>\n<p><strong>Mese:<\/strong> mic dejun, pr\u00e2nz, cin\u0103<\/p>\n<h3><span style=\"color: #ff6600;\">Ziua 3: Mitul lui Horus \u0219i ecluza Esna<\/span><\/h3>\n<p>Ziua 3 \u00eencepe cu micul dejun la bord \u00eenainte de a pleca spre <strong>Templul lui Horus<\/strong> cu tr\u0103sura tras\u0103 de cai. Ve\u021bi avea ocazia s\u0103 v\u0103 minuna\u021bi de <strong>cel mai bine conservat templu din Egipt<\/strong> \u0219i s\u0103 \u00eenv\u0103\u021ba\u021bi despre legendarul <strong>Mit al lui Horus \u0219i Seth<\/strong> \u00eenainte de a v\u0103 \u00eentoarce pe vas.<\/p>\n<p>Restul zilei este dedicat relax\u0103rii, \u00een timp ce naviga\u021bi toat\u0103 ziua spre Luxor prin <strong>Ecluza Esna<\/strong>. V\u0103 pute\u021bi bucura de pr\u00e2nz \u00een timp ce admira\u021bi priveli\u0219tile r\u00e2ului, ajung\u00e2nd \u00een istoricul ora\u0219 <strong>Luxor la apus<\/strong> pentru ultima sear\u0103 pe ap\u0103.<\/p>\n<p><strong>Mese:<\/strong> mic dejun, pr\u00e2nz, cin\u0103<\/p>\n<h3><span style=\"color: #ff6600;\">Ziua 4: Minunile din Luxor<\/span><\/h3>\n<p>Ultima diminea\u021b\u0103 pe <strong>Royal Elite<\/strong> \u00eencepe cu un <strong>mic dejun t\u00e2rziu<\/strong> \u0219i relaxat la bord, permi\u021b\u00e2ndu-v\u0103 s\u0103 savura\u021bi priveli\u0219tile r\u00e2ului pentru ultima oar\u0103.<\/p>\n<p>Dup\u0103 micul dejun \u0219i finalizarea procedurilor de check-out, v\u0103 ve\u021bi lua r\u0103mas bun de la nav\u0103 \u0219i ve\u021bi \u00eencepe explorarea celor mai faimoase <strong>atrac\u021bii din Luxor<\/strong>.<\/p>\n<h3><span style=\"color: #ff6600;\">Malul de Vest al Luxorului <\/span><\/h3>\n<p>Turul \u00eencepe pe Malul de Vest, unde ve\u021bi cobor\u00ee \u00een lumea ascuns\u0103 din <strong>Valea Regilor<\/strong>. Acest loc antic de \u00eenmorm\u00e2ntare ad\u0103poste\u0219te mormintele decorate complex ale celor mai mari faraoni ai Egiptului.<\/p>\n<p>C\u0103l\u0103toria prin istorie continu\u0103 la <strong>Templul lui Hatshepsut<\/strong>, un templu mortuar uluitor sculptat direct \u00een st\u00e2ncile de calcar, urmat de o oprire la impun\u0103torii <strong>Colo\u0219i ai lui Memnon<\/strong>.<\/p>\n<p>Dup\u0103 o diminea\u021b\u0103 activ\u0103 de descoperiri, ve\u021bi traversa r\u00e2ul pentru un pr\u00e2nz tradi\u021bional pe <strong>Malul de Est<\/strong>.<\/p>\n<p>Dup\u0103-amiaza este dedicat\u0103 <strong>Complexului Templului Karnak<\/strong>, o p\u0103dure cople\u0219itoare de piloni, obeliscuri \u0219i statui a c\u0103rei construc\u021bie a durat peste 1.500 de ani. Mersul prin Marea Sal\u0103 Hipostil\u0103 este punctul culminant al oric\u0103rei <strong>croaziere pe Nil \u00een Egipt<\/strong>.<\/p>\n<p>Pentru a \u00eencheia croaziera de la <strong>Aswan la Luxor<\/strong>, v\u0103 vom asigura un transfer f\u0103r\u0103 probleme la hotel, la aeroport sau \u00een orice alt\u0103 loca\u021bie preferat\u0103 din <strong>Luxor<\/strong>. Este capitolul final perfect pentru o c\u0103l\u0103torie de neuitat prin inima <strong>Egiptului Antic<\/strong>.<\/p>\n<p><strong>Mese:<\/strong> mic dejun, pr\u00e2nz<\/p>\n<h3><span style=\"color: #ff6600;\">Pre\u021b Croazier\u0103 pe Nil Royal Elite de 3 nop\u021bi de la Aswan la Luxor<\/span><\/h3>\n<ul>\n<li>Pre\u021b Adult = 900 \u20ac<\/li>\n<li>Copii 0-5 ani = Gratuit<\/li>\n<li>Copii 5-11 ani = 50% din pre\u021bul de adult<\/li>\n<\/ul>\n<h3><span style=\"color: #ff6600;\">Rezervare<\/span><\/h3>\n<p>Pute\u021bi rezerva turul prin WhatsApp sau ne pute\u021bi trimite un e-mail, iar confirmarea o ve\u021bi primi pe loc.<\/p>\n<p>V\u0103 rug\u0103m s\u0103 ne trimite\u021bi numele hotelului, num\u0103rul camerei \u0219i copii dup\u0103 pa\u0219apoarte.<\/p>\n<p>WhatsApp: +20 1000852186<\/p>\n<p>E-mail: info@egytourpackages.com<\/p>\n<h3><span style=\"color: #ff6600;\">Rezerv\u0103 acum \u0219i pl\u0103te\u0219te la fa\u021ba locului<\/span><\/h3>\n<p>Rezerv\u0103 turul preferat \u0219i pl\u0103te\u0219te \u00een ziua excursiei.<\/p>\n<h3><span style=\"color: #ff6600;\">Plat\u0103<\/span><\/h3>\n<p>Pute\u021bi pl\u0103ti \u00een lire egiptene, $, \u20ac sau \u00a3.<\/p>\n<h3><span style=\"color: #ff6600;\">Politica de Anulare<\/span><\/h3>\n<ul>\n<li>Anularea este gratuit\u0103 cu p\u00e2n\u0103 la dou\u0103 s\u0103pt\u0103m\u00e2ni \u00eenainte.<\/li>\n<li>Anularea \u00een diminea\u021ba plec\u0103rii se taxeaz\u0103 cu 100% din pre\u021b.<\/li>\n<\/ul>\n","protected":false},"excerpt":{"rendered":"<p>Alege o Croazier\u0103 pe Nil Royal Elite de 3 nop\u021bi de la Aswan la Luxor. Lux 5, ghid expert \u0219i temple fascinante. Rezerv\u0103 azi \u0219i pl\u0103te\u0219te la fa\u021ba locului!<\/p>\n","protected":false},"featured_media":13515,"comment_status":"closed","ping_status":"closed","template":"","meta":[],"product_brand":[],"product_cat":[3120],"product_tag":[3902,3899,3900,3904,3974,3901,3903],"class_list":{"0":"post-13667","1":"product","2":"type-product","3":"status-publish","4":"has-post-thumbnail","6":"product_cat-tururi","7":"product_tag-rezervarea-celor-mai-bune-preturi-pentru-croaziere-de-lux-amwaj-pe-nil-in-egipt-pentru-o-vacanta-pe-nil","8":"product_tag-rezervarea-celor-mai-bune-preturi-pentru-croaziere-de-lux-coral-2-pe-nil-in-egipt-pentru-o-vacanta-pe-nil","9":"product_tag-rezervarea-celor-mai-bune-preturi-pentru-croaziere-de-lux-semiramis-pe-nil-in-egipt-pentru-o-vacanta-pe-nil","10":"product_tag-rezervarea-celor-mai-bune-preturi-pentru-croazierele-de-lux-historia-pe-nil-in-egipt-pentru-o-vacanta-pe-nil","11":"product_tag-rezervarea-celor-mai-bune-preturi-pentru-o-croaziera-de-lux-royal-elite-nile-cruise-in-egipt-pentru-o-vacanta-pe-nil","12":"product_tag-rezervarea-celor-mai-bune-preturi-pentru-o-croaziera-de-lux-royal-signature-nile-cruise-in-egipt-pentru-o-vacanta-pe-nil","13":"product_tag-rezervarea-celor-mai-bune-preturi-pentru-o-croaziera-de-lux-royal-viking-pe-nil-in-egipt-pentru-o-vacanta-pe-nil","14":"tour_category-croaziere-pe-nil-in-egipt-ro","15":"tour_category-croaziere-pe-nil-in-luxor-si-aswan","17":"first","18":"instock","19":"sale","20":"shipping-taxable","21":"purchasable","22":"product-type-tour","23":"has-default-attributes"},"yoast_head":"<!-- This site is optimized with the Yoast SEO Premium plugin v27.4 (Yoast SEO v27.4) - https:\/\/yoast.com\/product\/yoast-seo-premium-wordpress\/ -->\n<title>Croazier\u0103 pe Nil Royal Elite de 3 nop\u021bi de la Aswan la Luxor<\/title>\n<meta name=\"description\" content=\"Rezerv\u0103 o Croazier\u0103 pe Nil Royal Elite de 3 nop\u021bi de la Aswan la Luxor. Bucur\u0103-te de lux, temple egiptene \u0219i peisaje de vis. Cel mai bun pre\u021b garantat!\" \/>\n<meta name=\"robots\" content=\"index, follow, max-snippet:-1, max-image-preview:large, max-video-preview:-1\" \/>\n<link rel=\"canonical\" href=\"https:\/\/egytourpackages.com\/ro\/tours\/croaziera-pe-nil-royal-elite-de-3-nopti-de-la-aswan-la-luxor\/\" \/>\n<meta property=\"og:locale\" content=\"ro_RO\" \/>\n<meta property=\"og:type\" content=\"article\" \/>\n<meta property=\"og:title\" content=\"Croazier\u0103 pe Nil Royal Elite de 3 nop\u021bi de la Aswan la Luxor\" \/>\n<meta property=\"og:description\" content=\"Rezerv\u0103 o Croazier\u0103 pe Nil Royal Elite de 3 nop\u021bi de la Aswan la Luxor. Bucur\u0103-te de lux, temple egiptene \u0219i peisaje de vis. Cel mai bun pre\u021b garantat!\" \/>\n<meta property=\"og:url\" content=\"https:\/\/egytourpackages.com\/ro\/tours\/croaziera-pe-nil-royal-elite-de-3-nopti-de-la-aswan-la-luxor\/\" \/>\n<meta property=\"og:site_name\" content=\"Egypt Tour Packages\" \/>\n<meta property=\"article:publisher\" content=\"https:\/\/www.facebook.com\/egytourpackages\" \/>\n<meta property=\"article:modified_time\" content=\"2026-01-21T18:41:06+00:00\" \/>\n<meta property=\"og:image\" content=\"https:\/\/egytourpackages.com\/wp-content\/uploads\/2026\/01\/Royal-Elite-Nile-Cruise.jpg\" \/>\n\t<meta property=\"og:image:width\" content=\"1590\" \/>\n\t<meta property=\"og:image:height\" content=\"1060\" \/>\n\t<meta property=\"og:image:type\" content=\"image\/jpeg\" \/>\n<meta name=\"twitter:card\" content=\"summary_large_image\" \/>\n<meta name=\"twitter:label1\" content=\"Pre\u021b\" \/>\n\t<meta name=\"twitter:data1\" content=\"&euro;900\" \/>\n\t<meta name=\"twitter:label2\" content=\"Disponibilitate\" \/>\n\t<meta name=\"twitter:data2\" content=\"\u00cen stoc\" \/>\n<script type=\"application\/ld+json\" class=\"yoast-schema-graph\">{\"@context\":\"https:\\\/\\\/schema.org\",\"@graph\":[{\"@type\":\"WebPage\",\"@id\":\"https:\\\/\\\/egytourpackages.com\\\/ro\\\/tours\\\/croaziera-pe-nil-royal-elite-de-3-nopti-de-la-aswan-la-luxor\\\/\",\"url\":\"https:\\\/\\\/egytourpackages.com\\\/ro\\\/tours\\\/croaziera-pe-nil-royal-elite-de-3-nopti-de-la-aswan-la-luxor\\\/\",\"name\":\"Croazier\u0103 pe Nil Royal Elite de 3 nop\u021bi de la Aswan la Luxor\",\"isPartOf\":{\"@id\":\"https:\\\/\\\/egytourpackages.com\\\/ro\\\/#website\"},\"primaryImageOfPage\":{\"@id\":\"https:\\\/\\\/egytourpackages.com\\\/ro\\\/tours\\\/croaziera-pe-nil-royal-elite-de-3-nopti-de-la-aswan-la-luxor\\\/#primaryimage\"},\"image\":{\"@id\":\"https:\\\/\\\/egytourpackages.com\\\/ro\\\/tours\\\/croaziera-pe-nil-royal-elite-de-3-nopti-de-la-aswan-la-luxor\\\/#primaryimage\"},\"thumbnailUrl\":\"https:\\\/\\\/egytourpackages.com\\\/wp-content\\\/uploads\\\/2026\\\/01\\\/Royal-Elite-Nile-Cruise.jpg\",\"datePublished\":\"2026-01-20T13:31:24+00:00\",\"dateModified\":\"2026-01-21T18:41:06+00:00\",\"description\":\"Rezerv\u0103 o Croazier\u0103 pe Nil Royal Elite de 3 nop\u021bi de la Aswan la Luxor. Bucur\u0103-te de lux, temple egiptene \u0219i peisaje de vis. Cel mai bun pre\u021b garantat!\",\"breadcrumb\":{\"@id\":\"https:\\\/\\\/egytourpackages.com\\\/ro\\\/tours\\\/croaziera-pe-nil-royal-elite-de-3-nopti-de-la-aswan-la-luxor\\\/#breadcrumb\"},\"inLanguage\":\"ro-RO\",\"potentialAction\":[{\"@type\":\"ReadAction\",\"target\":[\"https:\\\/\\\/egytourpackages.com\\\/ro\\\/tours\\\/croaziera-pe-nil-royal-elite-de-3-nopti-de-la-aswan-la-luxor\\\/\"]}]},{\"@type\":\"ImageObject\",\"inLanguage\":\"ro-RO\",\"@id\":\"https:\\\/\\\/egytourpackages.com\\\/ro\\\/tours\\\/croaziera-pe-nil-royal-elite-de-3-nopti-de-la-aswan-la-luxor\\\/#primaryimage\",\"url\":\"https:\\\/\\\/egytourpackages.com\\\/wp-content\\\/uploads\\\/2026\\\/01\\\/Royal-Elite-Nile-Cruise.jpg\",\"contentUrl\":\"https:\\\/\\\/egytourpackages.com\\\/wp-content\\\/uploads\\\/2026\\\/01\\\/Royal-Elite-Nile-Cruise.jpg\",\"width\":1590,\"height\":1060,\"caption\":\"Croazier\u0103 pe Nil Royal Elite de 3 nop\u021bi de la Aswan la Luxor\"},{\"@type\":\"BreadcrumbList\",\"@id\":\"https:\\\/\\\/egytourpackages.com\\\/ro\\\/tours\\\/croaziera-pe-nil-royal-elite-de-3-nopti-de-la-aswan-la-luxor\\\/#breadcrumb\",\"itemListElement\":[{\"@type\":\"ListItem\",\"position\":1,\"name\":\"Home\",\"item\":\"https:\\\/\\\/egytourpackages.com\\\/ro\\\/\"},{\"@type\":\"ListItem\",\"position\":2,\"name\":\"Shop\",\"item\":\"https:\\\/\\\/egytourpackages.com\\\/shop\\\/\"},{\"@type\":\"ListItem\",\"position\":3,\"name\":\"Croazier\u0103 pe Nil Royal Elite de 3 nop\u021bi de la Aswan la Luxor\"}]},{\"@type\":\"WebSite\",\"@id\":\"https:\\\/\\\/egytourpackages.com\\\/ro\\\/#website\",\"url\":\"https:\\\/\\\/egytourpackages.com\\\/ro\\\/\",\"name\":\"Egy tour packages\",\"description\":\"\",\"publisher\":{\"@id\":\"https:\\\/\\\/egytourpackages.com\\\/ro\\\/#organization\"},\"potentialAction\":[{\"@type\":\"SearchAction\",\"target\":{\"@type\":\"EntryPoint\",\"urlTemplate\":\"https:\\\/\\\/egytourpackages.com\\\/ro\\\/?s={search_term_string}\"},\"query-input\":{\"@type\":\"PropertyValueSpecification\",\"valueRequired\":true,\"valueName\":\"search_term_string\"}}],\"inLanguage\":\"ro-RO\"},{\"@type\":[\"Organization\",\"Place\",\"TravelAgency\"],\"@id\":\"https:\\\/\\\/egytourpackages.com\\\/ro\\\/#organization\",\"name\":\"egypt tour packages\",\"alternateName\":\"egypt tour packages\",\"url\":\"https:\\\/\\\/egytourpackages.com\\\/ro\\\/\",\"logo\":{\"@id\":\"https:\\\/\\\/egytourpackages.com\\\/ro\\\/tours\\\/croaziera-pe-nil-royal-elite-de-3-nopti-de-la-aswan-la-luxor\\\/#local-main-organization-logo\"},\"image\":{\"@id\":\"https:\\\/\\\/egytourpackages.com\\\/ro\\\/tours\\\/croaziera-pe-nil-royal-elite-de-3-nopti-de-la-aswan-la-luxor\\\/#local-main-organization-logo\"},\"sameAs\":[\"https:\\\/\\\/www.facebook.com\\\/egytourpackages\"],\"legalName\":\"Egy tour packages\",\"address\":{\"@id\":\"https:\\\/\\\/egytourpackages.com\\\/ro\\\/tours\\\/croaziera-pe-nil-royal-elite-de-3-nopti-de-la-aswan-la-luxor\\\/#local-main-place-address\"},\"telephone\":[\"00201000852186\",\"00201028685533\"],\"contactPoint\":{\"@type\":\"ContactPoint\",\"telephone\":\"00201000852186\"},\"openingHoursSpecification\":[{\"@type\":\"OpeningHoursSpecification\",\"dayOfWeek\":[\"Monday\",\"Tuesday\",\"Wednesday\",\"Thursday\",\"Friday\",\"Saturday\",\"Sunday\"],\"opens\":\"00:00\",\"closes\":\"23:59\"}],\"email\":\"info@egytourpackages.com\",\"areaServed\":\"Cairo, Hurghada, Luxor, Sharm El Sheikh, Marsa Alam, Aswan\",\"priceRange\":\"$\",\"currenciesAccepted\":\"euro\",\"paymentAccepted\":\"Payment links online\"},{\"@type\":\"PostalAddress\",\"@id\":\"https:\\\/\\\/egytourpackages.com\\\/ro\\\/tours\\\/croaziera-pe-nil-royal-elite-de-3-nopti-de-la-aswan-la-luxor\\\/#local-main-place-address\",\"streetAddress\":\"Mubarak 8, Al Kawthar District, Hurghada\",\"addressLocality\":\"Hurghada\",\"postalCode\":\"84511\",\"addressRegion\":\"Red Sea\",\"addressCountry\":\"EG\"},{\"@type\":\"ImageObject\",\"inLanguage\":\"ro-RO\",\"@id\":\"https:\\\/\\\/egytourpackages.com\\\/ro\\\/tours\\\/croaziera-pe-nil-royal-elite-de-3-nopti-de-la-aswan-la-luxor\\\/#local-main-organization-logo\",\"url\":\"https:\\\/\\\/egytourpackages.com\\\/wp-content\\\/uploads\\\/2025\\\/12\\\/Turquoise-Dahabiya-Nile-Cruise-1.jpeg\",\"contentUrl\":\"https:\\\/\\\/egytourpackages.com\\\/wp-content\\\/uploads\\\/2025\\\/12\\\/Turquoise-Dahabiya-Nile-Cruise-1.jpeg\",\"width\":1040,\"height\":694,\"caption\":\"egypt tour packages\"}]}<\/script>\n<meta property=\"product:brand\" content=\"Croaziere pe Nil \u00een Egipt\" \/>\n<meta property=\"product:price:amount\" content=\"900\" \/>\n<meta property=\"product:price:currency\" content=\"EUR\" \/>\n<meta property=\"og:availability\" content=\"instock\" \/>\n<meta property=\"product:availability\" content=\"instock\" \/>\n<meta property=\"product:retailer_item_id\" content=\"LASNC 02\" \/>\n<meta property=\"product:condition\" content=\"new\" \/>\n<meta name=\"geo.placename\" content=\"Hurghada\" \/>\n<meta name=\"geo.region\" content=\"Egipt\" \/>\n<!-- \/ Yoast SEO Premium plugin. -->","yoast_head_json":{"title":"Croazier\u0103 pe Nil Royal Elite de 3 nop\u021bi de la Aswan la Luxor","description":"Rezerv\u0103 o Croazier\u0103 pe Nil Royal Elite de 3 nop\u021bi de la Aswan la Luxor. Bucur\u0103-te de lux, temple egiptene \u0219i peisaje de vis. Cel mai bun pre\u021b garantat!","robots":{"index":"index","follow":"follow","max-snippet":"max-snippet:-1","max-image-preview":"max-image-preview:large","max-video-preview":"max-video-preview:-1"},"canonical":"https:\/\/egytourpackages.com\/ro\/tours\/croaziera-pe-nil-royal-elite-de-3-nopti-de-la-aswan-la-luxor\/","og_locale":"ro_RO","og_type":"article","og_title":"Croazier\u0103 pe Nil Royal Elite de 3 nop\u021bi de la Aswan la Luxor","og_description":"Rezerv\u0103 o Croazier\u0103 pe Nil Royal Elite de 3 nop\u021bi de la Aswan la Luxor. Bucur\u0103-te de lux, temple egiptene \u0219i peisaje de vis. Cel mai bun pre\u021b garantat!","og_url":"https:\/\/egytourpackages.com\/ro\/tours\/croaziera-pe-nil-royal-elite-de-3-nopti-de-la-aswan-la-luxor\/","og_site_name":"Egypt Tour Packages","article_publisher":"https:\/\/www.facebook.com\/egytourpackages","article_modified_time":"2026-01-21T18:41:06+00:00","og_image":[{"width":1590,"height":1060,"url":"https:\/\/egytourpackages.com\/wp-content\/uploads\/2026\/01\/Royal-Elite-Nile-Cruise.jpg","type":"image\/jpeg"}],"twitter_card":"summary_large_image","twitter_misc":{"Pre\u021b":"&euro;900","Disponibilitate":"\u00cen stoc"},"schema":{"@context":"https:\/\/schema.org","@graph":[{"@type":"WebPage","@id":"https:\/\/egytourpackages.com\/ro\/tours\/croaziera-pe-nil-royal-elite-de-3-nopti-de-la-aswan-la-luxor\/","url":"https:\/\/egytourpackages.com\/ro\/tours\/croaziera-pe-nil-royal-elite-de-3-nopti-de-la-aswan-la-luxor\/","name":"Croazier\u0103 pe Nil Royal Elite de 3 nop\u021bi de la Aswan la Luxor","isPartOf":{"@id":"https:\/\/egytourpackages.com\/ro\/#website"},"primaryImageOfPage":{"@id":"https:\/\/egytourpackages.com\/ro\/tours\/croaziera-pe-nil-royal-elite-de-3-nopti-de-la-aswan-la-luxor\/#primaryimage"},"image":{"@id":"https:\/\/egytourpackages.com\/ro\/tours\/croaziera-pe-nil-royal-elite-de-3-nopti-de-la-aswan-la-luxor\/#primaryimage"},"thumbnailUrl":"https:\/\/egytourpackages.com\/wp-content\/uploads\/2026\/01\/Royal-Elite-Nile-Cruise.jpg","datePublished":"2026-01-20T13:31:24+00:00","dateModified":"2026-01-21T18:41:06+00:00","description":"Rezerv\u0103 o Croazier\u0103 pe Nil Royal Elite de 3 nop\u021bi de la Aswan la Luxor. Bucur\u0103-te de lux, temple egiptene \u0219i peisaje de vis. Cel mai bun pre\u021b garantat!","breadcrumb":{"@id":"https:\/\/egytourpackages.com\/ro\/tours\/croaziera-pe-nil-royal-elite-de-3-nopti-de-la-aswan-la-luxor\/#breadcrumb"},"inLanguage":"ro-RO","potentialAction":[{"@type":"ReadAction","target":["https:\/\/egytourpackages.com\/ro\/tours\/croaziera-pe-nil-royal-elite-de-3-nopti-de-la-aswan-la-luxor\/"]}]},{"@type":"ImageObject","inLanguage":"ro-RO","@id":"https:\/\/egytourpackages.com\/ro\/tours\/croaziera-pe-nil-royal-elite-de-3-nopti-de-la-aswan-la-luxor\/#primaryimage","url":"https:\/\/egytourpackages.com\/wp-content\/uploads\/2026\/01\/Royal-Elite-Nile-Cruise.jpg","contentUrl":"https:\/\/egytourpackages.com\/wp-content\/uploads\/2026\/01\/Royal-Elite-Nile-Cruise.jpg","width":1590,"height":1060,"caption":"Croazier\u0103 pe Nil Royal Elite de 3 nop\u021bi de la Aswan la Luxor"},{"@type":"BreadcrumbList","@id":"https:\/\/egytourpackages.com\/ro\/tours\/croaziera-pe-nil-royal-elite-de-3-nopti-de-la-aswan-la-luxor\/#breadcrumb","itemListElement":[{"@type":"ListItem","position":1,"name":"Home","item":"https:\/\/egytourpackages.com\/ro\/"},{"@type":"ListItem","position":2,"name":"Shop","item":"https:\/\/egytourpackages.com\/shop\/"},{"@type":"ListItem","position":3,"name":"Croazier\u0103 pe Nil Royal Elite de 3 nop\u021bi de la Aswan la Luxor"}]},{"@type":"WebSite","@id":"https:\/\/egytourpackages.com\/ro\/#website","url":"https:\/\/egytourpackages.com\/ro\/","name":"Egy tour packages","description":"","publisher":{"@id":"https:\/\/egytourpackages.com\/ro\/#organization"},"potentialAction":[{"@type":"SearchAction","target":{"@type":"EntryPoint","urlTemplate":"https:\/\/egytourpackages.com\/ro\/?s={search_term_string}"},"query-input":{"@type":"PropertyValueSpecification","valueRequired":true,"valueName":"search_term_string"}}],"inLanguage":"ro-RO"},{"@type":["Organization","Place","TravelAgency"],"@id":"https:\/\/egytourpackages.com\/ro\/#organization","name":"egypt tour packages","alternateName":"egypt tour packages","url":"https:\/\/egytourpackages.com\/ro\/","logo":{"@id":"https:\/\/egytourpackages.com\/ro\/tours\/croaziera-pe-nil-royal-elite-de-3-nopti-de-la-aswan-la-luxor\/#local-main-organization-logo"},"image":{"@id":"https:\/\/egytourpackages.com\/ro\/tours\/croaziera-pe-nil-royal-elite-de-3-nopti-de-la-aswan-la-luxor\/#local-main-organization-logo"},"sameAs":["https:\/\/www.facebook.com\/egytourpackages"],"legalName":"Egy tour packages","address":{"@id":"https:\/\/egytourpackages.com\/ro\/tours\/croaziera-pe-nil-royal-elite-de-3-nopti-de-la-aswan-la-luxor\/#local-main-place-address"},"telephone":["00201000852186","00201028685533"],"contactPoint":{"@type":"ContactPoint","telephone":"00201000852186"},"openingHoursSpecification":[{"@type":"OpeningHoursSpecification","dayOfWeek":["Monday","Tuesday","Wednesday","Thursday","Friday","Saturday","Sunday"],"opens":"00:00","closes":"23:59"}],"email":"info@egytourpackages.com","areaServed":"Cairo, Hurghada, Luxor, Sharm El Sheikh, Marsa Alam, Aswan","priceRange":"$","currenciesAccepted":"euro","paymentAccepted":"Payment links online"},{"@type":"PostalAddress","@id":"https:\/\/egytourpackages.com\/ro\/tours\/croaziera-pe-nil-royal-elite-de-3-nopti-de-la-aswan-la-luxor\/#local-main-place-address","streetAddress":"Mubarak 8, Al Kawthar District, Hurghada","addressLocality":"Hurghada","postalCode":"84511","addressRegion":"Red Sea","addressCountry":"EG"},{"@type":"ImageObject","inLanguage":"ro-RO","@id":"https:\/\/egytourpackages.com\/ro\/tours\/croaziera-pe-nil-royal-elite-de-3-nopti-de-la-aswan-la-luxor\/#local-main-organization-logo","url":"https:\/\/egytourpackages.com\/wp-content\/uploads\/2025\/12\/Turquoise-Dahabiya-Nile-Cruise-1.jpeg","contentUrl":"https:\/\/egytourpackages.com\/wp-content\/uploads\/2025\/12\/Turquoise-Dahabiya-Nile-Cruise-1.jpeg","width":1040,"height":694,"caption":"egypt tour packages"}]},"product_brand":"Croaziere pe Nil \u00een Egipt","product_price_amount":"900","product_price_currency":"EUR","og_availability":"instock","product_availability":"instock","product_retailer_item_id":"LASNC 02","product_condition":"new","geo.placename":"Hurghada","geo.region":"Egipt"},"_links":{"self":[{"href":"https:\/\/egytourpackages.com\/ro\/wp-json\/wp\/v2\/product\/13667","targetHints":{"allow":["GET"]}}],"collection":[{"href":"https:\/\/egytourpackages.com\/ro\/wp-json\/wp\/v2\/product"}],"about":[{"href":"https:\/\/egytourpackages.com\/ro\/wp-json\/wp\/v2\/types\/product"}],"replies":[{"embeddable":true,"href":"https:\/\/egytourpackages.com\/ro\/wp-json\/wp\/v2\/comments?post=13667"}],"wp:featuredmedia":[{"embeddable":true,"href":"https:\/\/egytourpackages.com\/ro\/wp-json\/wp\/v2\/media\/13515"}],"wp:attachment":[{"href":"https:\/\/egytourpackages.com\/ro\/wp-json\/wp\/v2\/media?parent=13667"}],"wp:term":[{"taxonomy":"product_brand","embeddable":true,"href":"https:\/\/egytourpackages.com\/ro\/wp-json\/wp\/v2\/product_brand?post=13667"},{"taxonomy":"product_cat","embeddable":true,"href":"https:\/\/egytourpackages.com\/ro\/wp-json\/wp\/v2\/product_cat?post=13667"},{"taxonomy":"product_tag","embeddable":true,"href":"https:\/\/egytourpackages.com\/ro\/wp-json\/wp\/v2\/product_tag?post=13667"}],"curies":[{"name":"wp","href":"https:\/\/api.w.org\/{rel}","templated":true}]}}