{"id":14068,"date":"2025-12-01T09:30:28","date_gmt":"2025-12-01T09:30:28","guid":{"rendered":"https:\/\/egytourpackages.com\/product\/safari-de-dimineata-din-marsa-alam\/"},"modified":"2026-01-27T22:27:47","modified_gmt":"2026-01-27T22:27:47","slug":"safari-de-dimineata-din-marsa-alam","status":"publish","type":"product","link":"https:\/\/egytourpackages.com\/ro\/tours\/safari-de-dimineata-din-marsa-alam\/","title":{"rendered":"Safari de diminea\u021b\u0103 din Marsa Alam"},"content":{"rendered":"<p><span style=\"color: #ff6600;\"><strong>Safari de diminea\u021b\u0103 din Marsa Alam: Aventur\u0103 \u0219i Tradi\u021bie \u00een De\u0219ert<\/strong><\/span><\/p>\n<p>Experimenta\u021bi ce este mai bun \u00een de\u0219ert cu turul nostru <strong>Safari de diminea\u021b\u0103: Aventur\u0103 \u0219i Tradi\u021bie<\/strong>. Creat special pentru cei care t\u00e2njesc dup\u0103 adrenalin\u0103, dar caut\u0103 \u0219i o perspectiv\u0103 cultural\u0103 autentic\u0103, aceast\u0103 experien\u021b\u0103 de neuitat \u00eencepe prompt la ora <strong>8:30 AM<\/strong> la sta\u021bia noastr\u0103 de safari dedicat\u0103.<\/p>\n<p>Adrenalina \u00eencepe imediat cu o <strong>plimbare de o or\u0103 cu ATV-ul<\/strong>, plin\u0103 de energie. Preia controlul total asupra quad-ului t\u0103u \u0219i navigheaz\u0103 printre dunele deschise \u0219i fascinante, croindu-\u021bi propriul drum prin nisip.<\/p>\n<p>Dup\u0103 acest \u00eenceput captivant, facem o pauz\u0103 binemeritat\u0103 pentru a ne r\u0103cori cu un <strong>ceai tradi\u021bional, cafea arab\u0103<\/strong> \u0219i ap\u0103 rece. Zgomotul motoarelor nu s-a terminat \u00eenc\u0103! V\u0103 ve\u021bi bucura de o alt\u0103 doz\u0103 de entuziasm cu o plimbare rapid\u0103 de <strong>15 minute cu ma\u0219ina buggy<\/strong>.<\/p>\n<p>A doua jum\u0103tate a dimine\u021bii se concentreaz\u0103 pe mo\u0219tenirea bogat\u0103 a locuitorilor de\u0219ertului. Ghidul dumneavoastr\u0103 expert va sus\u021bine o sesiune captivant\u0103, \u00eemp\u0103rt\u0103\u0219ind detalii despre <strong>istoria \u0219i tradi\u021biile beduine<\/strong>.<\/p>\n<p>Aceast\u0103 experien\u021b\u0103 unic\u0103 include vizitarea celebrei <strong>farmacii beduine<\/strong>, unde ve\u021bi \u00eenv\u0103\u021ba despre remediile lor naturale fascinante \u0219i despre <strong>plantele medicinale<\/strong> folosite de genera\u021bii \u00eentregi.<\/p>\n<p>\u00cencheiem c\u0103l\u0103toria cu un <strong>mic dejun u\u0219or<\/strong> \u0219i relaxant, care include arome locale precum <strong>gem, miere, br\u00e2nz\u0103, salate \u0219i fasole<\/strong>. Acest tur este amestecul perfect \u00eentre distrac\u021bia la cote maxime \u0219i imersiunea cultural\u0103 autentic\u0103, totul \u00eentr-o diminea\u021b\u0103 memorabil\u0103.<\/p>\n<h3><span style=\"color: #ff6600;\">Detalii<\/span><\/h3>\n<ul>\n<li>Durat\u0103: 5 ore<\/li>\n<li>Loca\u021bie: De\u0219ertul de Est, Marsa Alam<\/li>\n<li>Disponibilitate: La cerere<\/li>\n<li>Preluare \u0219i Predare: Hotelurile din Marsa Alam<\/li>\n<li>Tip Tur: De grup \/ Privat<\/li>\n<li>Limb\u0103: Rom\u00e2n\u0103<\/li>\n<\/ul>\n<h3><span style=\"color: #ff6600;\">Puncte forte (Highlights)<\/span><\/h3>\n<ul>\n<li>O or\u0103 de plimbare cu ATV-ul<\/li>\n<li>Plimbare cu ma\u0219ina buggy<\/li>\n<li>Ceai \u0219i cafea arab\u0103<\/li>\n<li>Explorarea stilului de via\u021b\u0103 beduin<\/li>\n<li>Mic dejun \u00een de\u0219ert<\/li>\n<\/ul>\n<h3><span style=\"color: #ff6600;\">Incluziuni<\/span><\/h3>\n<ul>\n<li>Preluare \u0219i predare de la hotelurile din Marsa Alam<\/li>\n<li>Ghid profesionist de de\u0219ert vorbitor de limba englez\u0103<\/li>\n<li>Test drive \u00eenainte de \u00eenceperea turului<\/li>\n<li>ATV, ma\u0219in\u0103 Buggy, mic dejun<\/li>\n<li>Toate taxele \u0219i comisioanele de serviciu sunt incluse \u00een pre\u021b<\/li>\n<\/ul>\n<h3><span style=\"color: #ff6600;\">Excluderi<\/span><\/h3>\n<ul>\n<li>DVD \u0219i fotografii realizate de cameraman<\/li>\n<li>Bac\u0219i\u0219uri<\/li>\n<li>Orice nu este men\u021bionat \u00een program<\/li>\n<\/ul>\n<h3><span style=\"color: #ff6600;\">Ce s\u0103 lua\u021bi cu dumneavoastr\u0103<\/span><\/h3>\n<ul>\n<li>Copie dup\u0103 pa\u0219aport<\/li>\n<li>P\u0103l\u0103rie, ochelari de soare \u0219i crem\u0103 de protec\u021bie solar\u0103<\/li>\n<li>Pantofi \u0219i haine confortabile<\/li>\n<\/ul>\n<h3><span style=\"color: #ff6600;\">V\u0103 rug\u0103m s\u0103 re\u021bine\u021bi<\/span><\/h3>\n<ul>\n<li>Toate excursiile noastre sunt complet asigurate<\/li>\n<li>Se recomand\u0103 purtarea c\u0103\u0219tilor de protec\u021bie<\/li>\n<li>E\u0219arfe (5 euro)<\/li>\n<li>Ochelari de protec\u021bie de \u00eenchiriat (2 euro de persoan\u0103)<\/li>\n<\/ul>\n<h2><span style=\"color: #ff6600;\">Itinerariu<\/span><\/h2>\n<h3><span style=\"color: #ff6600;\">Safari de diminea\u021b\u0103 \u00een de\u0219ert: Experimenta\u021bi aventura \u0219i tradi\u021bia<\/span><\/h3>\n<p>Uita\u021bi de agita\u021bia obi\u0219nuit\u0103\u2014aceasta este \u0219ansa dumneavoastr\u0103 de a v\u0103 conecta cu adev\u0103rat cu de\u0219ertul. Safari-ul nostru de diminea\u021b\u0103 are un ritm perfect, \u00eembin\u00e2nd ac\u021biunea plin\u0103 de adrenalin\u0103 cu momente culturale autentice, totul \u00eenainte de a se instala ar\u0219i\u021ba zilei.<\/p>\n<h3><span style=\"color: #ff6600;\">Aventura \u00eencepe: Adrenalin\u0103 pe ATV <\/span><\/h3>\n<p>\u00cencepem la ora <strong>8:30 AM<\/strong> fix la sta\u021bia noastr\u0103 de safari. Preg\u0103ti\u021bi-v\u0103 s\u0103 porni\u021bi motoarele! Aventura \u00eencepe cu o plimbare captivant\u0103 de <strong>o or\u0103 cu ATV-ul (quad bike)<\/strong>. Sim\u021bi\u021bi libertatea \u00een timp ce trece\u021bi peste dune, l\u0103s\u00e2ndu-v\u0103 propriile urme \u00een nisipul auriu.<\/p>\n<h3><span style=\"color: #ff6600;\">O pauz\u0103 revigorant\u0103 \u0219i distrac\u021bie cu Buggy <\/span><\/h3>\n<p>Dup\u0103 plimbarea plin\u0103 de adrenalin\u0103, este timpul s\u0103 v\u0103 relaxa\u021bi \u0219i s\u0103 v\u0103 r\u0103cori\u021bi ca un localnic. V\u0103 vom oferi <strong>ceai tradi\u021bional, cafea arab\u0103<\/strong> aromat\u0103 \u0219i ap\u0103 rece. Aceast\u0103 scurt\u0103 pauz\u0103 v\u0103 va reda energia pentru urm\u0103toarea por\u021bie de entuziasm: o plimbare rapid\u0103 de <strong>15 minute cu buggy pe dune<\/strong>. \u021aine\u021bi-v\u0103 bine \u0219i bucura\u021bi-v\u0103 de vitez\u0103!<\/p>\n<h3><span style=\"color: #ff6600;\">Cultura Beduin\u0103: Pove\u0219ti, istorie \u0219i s\u0103n\u0103tate <\/span><\/h3>\n<p>Acum, \u00eencetini\u021bi ritmul \u0219i intra\u021bi \u00een inima mo\u0219tenirii de\u0219ertului. Ghidul nostru bine informat v\u0103 va \u00eemp\u0103rt\u0103\u0219i <strong>istoria \u0219i tradi\u021biile beduine<\/strong> fascinante\u2014pove\u0219ti transmise din genera\u021bie \u00een genera\u021bie.<\/p>\n<p>Ve\u021bi \u00eencheia aceast\u0103 experien\u021b\u0103 cultural\u0103 cu o vizit\u0103 la <strong>farmacia beduin\u0103<\/strong>, unde ve\u021bi \u00eenv\u0103\u021ba despre <strong>plantele medicinale<\/strong> esen\u021biale \u0219i remediile naturale folosite de secole. Este o privire cu adev\u0103rat interesant\u0103 asupra s\u0103n\u0103t\u0103\u021bii \u00een de\u0219ert.<\/p>\n<h3><span style=\"color: #ff6600;\">Re\u00eenc\u0103rcarea bateriilor: Un mic dejun beduin u\u0219or <\/span><\/h3>\n<p>Diminea\u021ba dumneavoastr\u0103 de aventur\u0103 se \u00eencheie cu un <strong>mic dejun u\u0219or<\/strong> \u0219i delicios. Servim o selec\u021bie clasic\u0103, inclusiv <strong>gem proasp\u0103t, miere \u0219i br\u00e2nz\u0103<\/strong>, al\u0103turi de garnituri savuroase precum <strong>salate \u0219i fasole<\/strong>. Este modul perfect de a finaliza turul autentic \u00een de\u0219ert, sim\u021bindu-v\u0103 energizat \u0219i inspirat.<\/p>\n<h3><span style=\"color: #ff6600;\">Pre\u021b Safari de diminea\u021b\u0103 din Marsa Alam<\/span><\/h3>\n<ul>\n<li>Pre\u021b Adult = 30 \u20ac<\/li>\n<li>Infan\u021bi (0-5 ani) = Gratuit<\/li>\n<li>Copii (5-11 ani) = 50% din pre\u021bul pentru adul\u021bi<\/li>\n<\/ul>\n<h3><span style=\"color: #ff6600;\">Rezervare<\/span><\/h3>\n<p>Pute\u021bi rezerva turul prin WhatsApp sau ne pute\u021bi trimite un e-mail \u0219i ve\u021bi primi confirmarea pe loc. V\u0103 rug\u0103m s\u0103 ne trimite\u021bi numele hotelului, num\u0103rul camerei \u0219i copii dup\u0103 pa\u0219apoarte.<\/p>\n<p>WhatsApp: +201000852186<\/p>\n<p>E-mail: info@egytourpackages.com<\/p>\n<h3><span style=\"color: #ff6600;\">Rezerv\u0103 acum \u0219i pl\u0103te\u0219te la fa\u021ba locului<\/span><\/h3>\n<p>Rezerv\u0103 turul preferat \u0219i pl\u0103te\u0219te \u00een ziua excursiei.<\/p>\n<h3><span style=\"color: #ff6600;\">Plat\u0103<\/span><\/h3>\n<p>Pute\u021bi pl\u0103ti \u00een lire egiptene, $, \u20ac\u200e sau \u00a3.<\/p>\n<h3><span style=\"color: #ff6600;\">Politic\u0103 de anulare<\/span><\/h3>\n<ul>\n<li>Anularea este gratuit\u0103 cu p\u00e2n\u0103 la 24 de ore \u00een avans.<\/li>\n<li>Anularea efectuat\u0103 \u00een diminea\u021ba excursiei se penalizeaz\u0103 cu 50% din pre\u021b.<\/li>\n<\/ul>\n","protected":false},"excerpt":{"rendered":"<p>Alege un Safari de diminea\u021b\u0103 din Marsa Alam! Exploreaz\u0103 de\u0219ertul cu un ATV, viziteaz\u0103 un sat beduin \u0219i bucur\u0103-te de peisaje unice. Rezerv\u0103 acum aventura!<\/p>\n","protected":false},"featured_media":9499,"comment_status":"closed","ping_status":"closed","template":"","meta":[],"product_brand":[],"product_cat":[3120],"product_tag":[3203,3229],"class_list":{"0":"post-14068","1":"product","2":"type-product","3":"status-publish","4":"has-post-thumbnail","6":"product_cat-tururi","7":"product_tag-excursii-de-o-zi-in-egipt","8":"product_tag-tururi-marsa-alam","9":"tour_category-excursii-de-o-zi-in-egipt-ro","10":"tour_category-excursii-marsa-alam-ro","12":"first","13":"instock","14":"sale","15":"shipping-taxable","16":"purchasable","17":"product-type-tour","18":"has-default-attributes"},"yoast_head":"<!-- This site is optimized with the Yoast SEO Premium plugin v27.2 (Yoast SEO v27.2) - https:\/\/yoast.com\/product\/yoast-seo-premium-wordpress\/ -->\n<title>Safari de diminea\u021b\u0103 din Marsa Alam<\/title>\n<meta name=\"description\" content=\"Alege un Safari de diminea\u021b\u0103 din Marsa Alam! Exploreaz\u0103 de\u0219ertul cu un ATV, viziteaz\u0103 un sat beduin \u0219i bucur\u0103-te de peisaje unice. Rezerv\u0103 acum aventura!\" \/>\n<meta name=\"robots\" content=\"index, follow, max-snippet:-1, max-image-preview:large, max-video-preview:-1\" \/>\n<link rel=\"canonical\" href=\"https:\/\/egytourpackages.com\/ro\/tours\/safari-de-dimineata-din-marsa-alam\/\" \/>\n<meta property=\"og:locale\" content=\"ro_RO\" \/>\n<meta property=\"og:type\" content=\"article\" \/>\n<meta property=\"og:title\" content=\"Safari de diminea\u021b\u0103 din Marsa Alam\" \/>\n<meta property=\"og:description\" content=\"Alege un Safari de diminea\u021b\u0103 din Marsa Alam! Exploreaz\u0103 de\u0219ertul cu un ATV, viziteaz\u0103 un sat beduin \u0219i bucur\u0103-te de peisaje unice. Rezerv\u0103 acum aventura!\" \/>\n<meta property=\"og:url\" content=\"https:\/\/egytourpackages.com\/ro\/tours\/safari-de-dimineata-din-marsa-alam\/\" \/>\n<meta property=\"og:site_name\" content=\"Egypt Tour Packages\" \/>\n<meta property=\"article:publisher\" content=\"https:\/\/www.facebook.com\/egytourpackages\" \/>\n<meta property=\"article:modified_time\" content=\"2026-01-27T22:27:47+00:00\" \/>\n<meta property=\"og:image\" content=\"https:\/\/egytourpackages.com\/wp-content\/uploads\/2025\/12\/Morning-Safari-from-Marsa-Alam.jpeg\" \/>\n\t<meta property=\"og:image:width\" content=\"1200\" \/>\n\t<meta property=\"og:image:height\" content=\"802\" \/>\n\t<meta property=\"og:image:type\" content=\"image\/jpeg\" \/>\n<meta name=\"twitter:card\" content=\"summary_large_image\" \/>\n<meta name=\"twitter:title\" content=\"Safari de diminea\u021b\u0103 din Marsa Alam\" \/>\n<meta name=\"twitter:label1\" content=\"Pre\u021b\" \/>\n\t<meta name=\"twitter:data1\" content=\"&euro;30\" \/>\n\t<meta name=\"twitter:label2\" content=\"Disponibilitate\" \/>\n\t<meta name=\"twitter:data2\" content=\"\u00cen stoc\" \/>\n<script type=\"application\/ld+json\" class=\"yoast-schema-graph\">{\"@context\":\"https:\/\/schema.org\",\"@graph\":[{\"@type\":\"WebPage\",\"@id\":\"https:\/\/egytourpackages.com\/ro\/tours\/safari-de-dimineata-din-marsa-alam\/\",\"url\":\"https:\/\/egytourpackages.com\/ro\/tours\/safari-de-dimineata-din-marsa-alam\/\",\"name\":\"Safari de diminea\u021b\u0103 din Marsa Alam\",\"isPartOf\":{\"@id\":\"https:\/\/egytourpackages.com\/ro\/#website\"},\"primaryImageOfPage\":{\"@id\":\"https:\/\/egytourpackages.com\/ro\/tours\/safari-de-dimineata-din-marsa-alam\/#primaryimage\"},\"image\":{\"@id\":\"https:\/\/egytourpackages.com\/ro\/tours\/safari-de-dimineata-din-marsa-alam\/#primaryimage\"},\"thumbnailUrl\":\"https:\/\/egytourpackages.com\/wp-content\/uploads\/2025\/12\/Morning-Safari-from-Marsa-Alam.jpeg\",\"datePublished\":\"2025-12-01T09:30:28+00:00\",\"dateModified\":\"2026-01-27T22:27:47+00:00\",\"description\":\"Alege un Safari de diminea\u021b\u0103 din Marsa Alam! Exploreaz\u0103 de\u0219ertul cu un ATV, viziteaz\u0103 un sat beduin \u0219i bucur\u0103-te de peisaje unice. Rezerv\u0103 acum aventura!\",\"breadcrumb\":{\"@id\":\"https:\/\/egytourpackages.com\/ro\/tours\/safari-de-dimineata-din-marsa-alam\/#breadcrumb\"},\"inLanguage\":\"ro-RO\",\"potentialAction\":[{\"@type\":\"ReadAction\",\"target\":[\"https:\/\/egytourpackages.com\/ro\/tours\/safari-de-dimineata-din-marsa-alam\/\"]}]},{\"@type\":\"ImageObject\",\"inLanguage\":\"ro-RO\",\"@id\":\"https:\/\/egytourpackages.com\/ro\/tours\/safari-de-dimineata-din-marsa-alam\/#primaryimage\",\"url\":\"https:\/\/egytourpackages.com\/wp-content\/uploads\/2025\/12\/Morning-Safari-from-Marsa-Alam.jpeg\",\"contentUrl\":\"https:\/\/egytourpackages.com\/wp-content\/uploads\/2025\/12\/Morning-Safari-from-Marsa-Alam.jpeg\",\"width\":1200,\"height\":802,\"caption\":\"Safari de diminea\u021b\u0103 din Marsa Alam\"},{\"@type\":\"BreadcrumbList\",\"@id\":\"https:\/\/egytourpackages.com\/ro\/tours\/safari-de-dimineata-din-marsa-alam\/#breadcrumb\",\"itemListElement\":[{\"@type\":\"ListItem\",\"position\":1,\"name\":\"Home\",\"item\":\"https:\/\/egytourpackages.com\/ro\/\"},{\"@type\":\"ListItem\",\"position\":2,\"name\":\"Shop\",\"item\":\"https:\/\/egytourpackages.com\/shop\/\"},{\"@type\":\"ListItem\",\"position\":3,\"name\":\"Safari de diminea\u021b\u0103 din Marsa Alam\"}]},{\"@type\":\"WebSite\",\"@id\":\"https:\/\/egytourpackages.com\/ro\/#website\",\"url\":\"https:\/\/egytourpackages.com\/ro\/\",\"name\":\"Egy tour packages\",\"description\":\"\",\"publisher\":{\"@id\":\"https:\/\/egytourpackages.com\/ro\/#organization\"},\"potentialAction\":[{\"@type\":\"SearchAction\",\"target\":{\"@type\":\"EntryPoint\",\"urlTemplate\":\"https:\/\/egytourpackages.com\/ro\/?s={search_term_string}\"},\"query-input\":{\"@type\":\"PropertyValueSpecification\",\"valueRequired\":true,\"valueName\":\"search_term_string\"}}],\"inLanguage\":\"ro-RO\"},{\"@type\":[\"Organization\",\"Place\",\"TravelAgency\"],\"@id\":\"https:\/\/egytourpackages.com\/ro\/#organization\",\"name\":\"egypt tour packages\",\"alternateName\":\"egypt tour packages\",\"url\":\"https:\/\/egytourpackages.com\/ro\/\",\"logo\":{\"@id\":\"https:\/\/egytourpackages.com\/ro\/tours\/safari-de-dimineata-din-marsa-alam\/#local-main-organization-logo\"},\"image\":{\"@id\":\"https:\/\/egytourpackages.com\/ro\/tours\/safari-de-dimineata-din-marsa-alam\/#local-main-organization-logo\"},\"sameAs\":[\"https:\/\/www.facebook.com\/egytourpackages\"],\"legalName\":\"Egy tour packages\",\"address\":{\"@id\":\"https:\/\/egytourpackages.com\/ro\/tours\/safari-de-dimineata-din-marsa-alam\/#local-main-place-address\"},\"telephone\":[\"00201000852186\",\"00201028685533\"],\"contactPoint\":{\"@type\":\"ContactPoint\",\"telephone\":\"00201000852186\"},\"openingHoursSpecification\":[{\"@type\":\"OpeningHoursSpecification\",\"dayOfWeek\":[\"Monday\",\"Tuesday\",\"Wednesday\",\"Thursday\",\"Friday\",\"Saturday\",\"Sunday\"],\"opens\":\"00:00\",\"closes\":\"23:59\"}],\"email\":\"info@egytourpackages.com\",\"areaServed\":\"Cairo, Hurghada, Luxor, Sharm El Sheikh, Marsa Alam, Aswan\",\"priceRange\":\"$\",\"currenciesAccepted\":\"euro\",\"paymentAccepted\":\"Payment links online\"},{\"@type\":\"PostalAddress\",\"@id\":\"https:\/\/egytourpackages.com\/ro\/tours\/safari-de-dimineata-din-marsa-alam\/#local-main-place-address\",\"streetAddress\":\"Mubarak 8, Al Kawthar District, Hurghada\",\"addressLocality\":\"Hurghada\",\"postalCode\":\"84511\",\"addressRegion\":\"Red Sea\",\"addressCountry\":\"EG\"},{\"@type\":\"ImageObject\",\"inLanguage\":\"ro-RO\",\"@id\":\"https:\/\/egytourpackages.com\/ro\/tours\/safari-de-dimineata-din-marsa-alam\/#local-main-organization-logo\",\"url\":\"https:\/\/egytourpackages.com\/wp-content\/uploads\/2025\/12\/Turquoise-Dahabiya-Nile-Cruise-1.jpeg\",\"contentUrl\":\"https:\/\/egytourpackages.com\/wp-content\/uploads\/2025\/12\/Turquoise-Dahabiya-Nile-Cruise-1.jpeg\",\"width\":1040,\"height\":694,\"caption\":\"egypt tour packages\"}]}<\/script>\n<meta property=\"product:brand\" content=\"Excursii de o zi \u00een Egipt\" \/>\n<meta property=\"product:price:amount\" content=\"30\" \/>\n<meta property=\"product:price:currency\" content=\"EUR\" \/>\n<meta property=\"og:availability\" content=\"instock\" \/>\n<meta property=\"product:availability\" content=\"instock\" \/>\n<meta property=\"product:retailer_item_id\" content=\"MAT19\" \/>\n<meta property=\"product:condition\" content=\"new\" \/>\n<meta name=\"geo.placename\" content=\"Hurghada\" \/>\n<meta name=\"geo.region\" content=\"Egipt\" \/>\n<!-- \/ Yoast SEO Premium plugin. -->","yoast_head_json":{"title":"Safari de diminea\u021b\u0103 din Marsa Alam","description":"Alege un Safari de diminea\u021b\u0103 din Marsa Alam! Exploreaz\u0103 de\u0219ertul cu un ATV, viziteaz\u0103 un sat beduin \u0219i bucur\u0103-te de peisaje unice. Rezerv\u0103 acum aventura!","robots":{"index":"index","follow":"follow","max-snippet":"max-snippet:-1","max-image-preview":"max-image-preview:large","max-video-preview":"max-video-preview:-1"},"canonical":"https:\/\/egytourpackages.com\/ro\/tours\/safari-de-dimineata-din-marsa-alam\/","og_locale":"ro_RO","og_type":"article","og_title":"Safari de diminea\u021b\u0103 din Marsa Alam","og_description":"Alege un Safari de diminea\u021b\u0103 din Marsa Alam! Exploreaz\u0103 de\u0219ertul cu un ATV, viziteaz\u0103 un sat beduin \u0219i bucur\u0103-te de peisaje unice. Rezerv\u0103 acum aventura!","og_url":"https:\/\/egytourpackages.com\/ro\/tours\/safari-de-dimineata-din-marsa-alam\/","og_site_name":"Egypt Tour Packages","article_publisher":"https:\/\/www.facebook.com\/egytourpackages","article_modified_time":"2026-01-27T22:27:47+00:00","og_image":[{"width":1200,"height":802,"url":"https:\/\/egytourpackages.com\/wp-content\/uploads\/2025\/12\/Morning-Safari-from-Marsa-Alam.jpeg","type":"image\/jpeg"}],"twitter_card":"summary_large_image","twitter_title":"Safari de diminea\u021b\u0103 din Marsa Alam","twitter_misc":{"Pre\u021b":"&euro;30","Disponibilitate":"\u00cen stoc"},"schema":{"@context":"https:\/\/schema.org","@graph":[{"@type":"WebPage","@id":"https:\/\/egytourpackages.com\/ro\/tours\/safari-de-dimineata-din-marsa-alam\/","url":"https:\/\/egytourpackages.com\/ro\/tours\/safari-de-dimineata-din-marsa-alam\/","name":"Safari de diminea\u021b\u0103 din Marsa Alam","isPartOf":{"@id":"https:\/\/egytourpackages.com\/ro\/#website"},"primaryImageOfPage":{"@id":"https:\/\/egytourpackages.com\/ro\/tours\/safari-de-dimineata-din-marsa-alam\/#primaryimage"},"image":{"@id":"https:\/\/egytourpackages.com\/ro\/tours\/safari-de-dimineata-din-marsa-alam\/#primaryimage"},"thumbnailUrl":"https:\/\/egytourpackages.com\/wp-content\/uploads\/2025\/12\/Morning-Safari-from-Marsa-Alam.jpeg","datePublished":"2025-12-01T09:30:28+00:00","dateModified":"2026-01-27T22:27:47+00:00","description":"Alege un Safari de diminea\u021b\u0103 din Marsa Alam! Exploreaz\u0103 de\u0219ertul cu un ATV, viziteaz\u0103 un sat beduin \u0219i bucur\u0103-te de peisaje unice. Rezerv\u0103 acum aventura!","breadcrumb":{"@id":"https:\/\/egytourpackages.com\/ro\/tours\/safari-de-dimineata-din-marsa-alam\/#breadcrumb"},"inLanguage":"ro-RO","potentialAction":[{"@type":"ReadAction","target":["https:\/\/egytourpackages.com\/ro\/tours\/safari-de-dimineata-din-marsa-alam\/"]}]},{"@type":"ImageObject","inLanguage":"ro-RO","@id":"https:\/\/egytourpackages.com\/ro\/tours\/safari-de-dimineata-din-marsa-alam\/#primaryimage","url":"https:\/\/egytourpackages.com\/wp-content\/uploads\/2025\/12\/Morning-Safari-from-Marsa-Alam.jpeg","contentUrl":"https:\/\/egytourpackages.com\/wp-content\/uploads\/2025\/12\/Morning-Safari-from-Marsa-Alam.jpeg","width":1200,"height":802,"caption":"Safari de diminea\u021b\u0103 din Marsa Alam"},{"@type":"BreadcrumbList","@id":"https:\/\/egytourpackages.com\/ro\/tours\/safari-de-dimineata-din-marsa-alam\/#breadcrumb","itemListElement":[{"@type":"ListItem","position":1,"name":"Home","item":"https:\/\/egytourpackages.com\/ro\/"},{"@type":"ListItem","position":2,"name":"Shop","item":"https:\/\/egytourpackages.com\/shop\/"},{"@type":"ListItem","position":3,"name":"Safari de diminea\u021b\u0103 din Marsa Alam"}]},{"@type":"WebSite","@id":"https:\/\/egytourpackages.com\/ro\/#website","url":"https:\/\/egytourpackages.com\/ro\/","name":"Egy tour packages","description":"","publisher":{"@id":"https:\/\/egytourpackages.com\/ro\/#organization"},"potentialAction":[{"@type":"SearchAction","target":{"@type":"EntryPoint","urlTemplate":"https:\/\/egytourpackages.com\/ro\/?s={search_term_string}"},"query-input":{"@type":"PropertyValueSpecification","valueRequired":true,"valueName":"search_term_string"}}],"inLanguage":"ro-RO"},{"@type":["Organization","Place","TravelAgency"],"@id":"https:\/\/egytourpackages.com\/ro\/#organization","name":"egypt tour packages","alternateName":"egypt tour packages","url":"https:\/\/egytourpackages.com\/ro\/","logo":{"@id":"https:\/\/egytourpackages.com\/ro\/tours\/safari-de-dimineata-din-marsa-alam\/#local-main-organization-logo"},"image":{"@id":"https:\/\/egytourpackages.com\/ro\/tours\/safari-de-dimineata-din-marsa-alam\/#local-main-organization-logo"},"sameAs":["https:\/\/www.facebook.com\/egytourpackages"],"legalName":"Egy tour packages","address":{"@id":"https:\/\/egytourpackages.com\/ro\/tours\/safari-de-dimineata-din-marsa-alam\/#local-main-place-address"},"telephone":["00201000852186","00201028685533"],"contactPoint":{"@type":"ContactPoint","telephone":"00201000852186"},"openingHoursSpecification":[{"@type":"OpeningHoursSpecification","dayOfWeek":["Monday","Tuesday","Wednesday","Thursday","Friday","Saturday","Sunday"],"opens":"00:00","closes":"23:59"}],"email":"info@egytourpackages.com","areaServed":"Cairo, Hurghada, Luxor, Sharm El Sheikh, Marsa Alam, Aswan","priceRange":"$","currenciesAccepted":"euro","paymentAccepted":"Payment links online"},{"@type":"PostalAddress","@id":"https:\/\/egytourpackages.com\/ro\/tours\/safari-de-dimineata-din-marsa-alam\/#local-main-place-address","streetAddress":"Mubarak 8, Al Kawthar District, Hurghada","addressLocality":"Hurghada","postalCode":"84511","addressRegion":"Red Sea","addressCountry":"EG"},{"@type":"ImageObject","inLanguage":"ro-RO","@id":"https:\/\/egytourpackages.com\/ro\/tours\/safari-de-dimineata-din-marsa-alam\/#local-main-organization-logo","url":"https:\/\/egytourpackages.com\/wp-content\/uploads\/2025\/12\/Turquoise-Dahabiya-Nile-Cruise-1.jpeg","contentUrl":"https:\/\/egytourpackages.com\/wp-content\/uploads\/2025\/12\/Turquoise-Dahabiya-Nile-Cruise-1.jpeg","width":1040,"height":694,"caption":"egypt tour packages"}]},"product_brand":"Excursii de o zi \u00een Egipt","product_price_amount":"30","product_price_currency":"EUR","og_availability":"instock","product_availability":"instock","product_retailer_item_id":"MAT19","product_condition":"new","geo.placename":"Hurghada","geo.region":"Egipt"},"_links":{"self":[{"href":"https:\/\/egytourpackages.com\/ro\/wp-json\/wp\/v2\/product\/14068","targetHints":{"allow":["GET"]}}],"collection":[{"href":"https:\/\/egytourpackages.com\/ro\/wp-json\/wp\/v2\/product"}],"about":[{"href":"https:\/\/egytourpackages.com\/ro\/wp-json\/wp\/v2\/types\/product"}],"replies":[{"embeddable":true,"href":"https:\/\/egytourpackages.com\/ro\/wp-json\/wp\/v2\/comments?post=14068"}],"wp:featuredmedia":[{"embeddable":true,"href":"https:\/\/egytourpackages.com\/ro\/wp-json\/wp\/v2\/media\/9499"}],"wp:attachment":[{"href":"https:\/\/egytourpackages.com\/ro\/wp-json\/wp\/v2\/media?parent=14068"}],"wp:term":[{"taxonomy":"product_brand","embeddable":true,"href":"https:\/\/egytourpackages.com\/ro\/wp-json\/wp\/v2\/product_brand?post=14068"},{"taxonomy":"product_cat","embeddable":true,"href":"https:\/\/egytourpackages.com\/ro\/wp-json\/wp\/v2\/product_cat?post=14068"},{"taxonomy":"product_tag","embeddable":true,"href":"https:\/\/egytourpackages.com\/ro\/wp-json\/wp\/v2\/product_tag?post=14068"}],"curies":[{"name":"wp","href":"https:\/\/api.w.org\/{rel}","templated":true}]}}