{"id":14550,"date":"2025-12-15T01:09:45","date_gmt":"2025-12-15T01:09:45","guid":{"rendered":"https:\/\/egytourpackages.com\/product\/tur-privat-la-marele-muzeu-egiptean-din-hurghada\/"},"modified":"2026-02-03T18:28:57","modified_gmt":"2026-02-03T18:28:57","slug":"tur-privat-la-marele-muzeu-egiptean-din-hurghada","status":"publish","type":"product","link":"https:\/\/egytourpackages.com\/ro\/tours\/tur-privat-la-marele-muzeu-egiptean-din-hurghada\/","title":{"rendered":"Tur Privat la Marele Muzeu Egiptean din Hurghada"},"content":{"rendered":"<p><strong><span style=\"color: #ff6600;\">Tur Privat la Marele Muzeu Egiptean din Hurghada<\/span>: Tezaurul lui Tutankhamon \u0219i Minuni Eterne<\/strong><\/p>\n<p><span style=\"color: #800080;\"><em><strong>Prezentarea Turului<\/strong><\/em><\/span><\/p>\n<p>Aceasta este experien\u021ba suprem\u0103 pentru o <strong>excursie de o zi la Cairo<\/strong>, conect\u00e2nd perfect vacan\u021ba ta la Marea Ro\u0219ie cu minunea arheologic\u0103 de talie mondial\u0103 care este <strong>Marele Muzeu Egiptean (GEM)<\/strong>, \u00eempreun\u0103 cu o vizit\u0103 obligatorie la cel mai faimos sit antic al Egiptului.<\/p>\n<p>Uit\u0103 de stresul planific\u0103rii \u2014 noi ne ocup\u0103m de c\u0103l\u0103toria lung\u0103 cu transport confortabil, dotat cu aer condi\u021bionat, \u0219i \u00ee\u021bi punem la dispozi\u021bie un <strong>ghid egiptolog expert<\/strong> \u0219i pasionat.<\/p>\n<p>Vei explora noul \u0219i impresionantul GEM, casa colec\u021biei complete \u0219i f\u0103r\u0103 precedent a <strong>tezaurului de aur al lui Tutankhamon<\/strong>. Mai mult, vei sta plin de uimire \u00een fa\u021ba maiestuoaselor <strong>Piramide din Giza<\/strong> \u0219i a legendarei <strong>Sfinx<\/strong>.<\/p>\n<p>Acest tur este o imersiune de o zi \u00eentreag\u0103 \u00een 7.000 de ani de istorie, conceput pentru c\u0103l\u0103torii care caut\u0103 at\u00e2t confort, c\u00e2t \u0219i o descoperire profund\u0103, de neuitat. Este o experien\u021b\u0103 cu adev\u0103rat esen\u021bial\u0103 pentru pasiona\u021bii de istorie \u0219i pentru cei care viziteaz\u0103 Egiptul pentru prima dat\u0103.<\/p>\n<h3><span style=\"color: #ff6600;\">Detalii Tur<\/span><\/h3>\n<ul>\n<li>Durat\u0103: 17 Ore<\/li>\n<li>Loca\u021bie: Cairo<\/li>\n<li>Disponibilitate: Zilnic, la cerere<\/li>\n<li>Preluare \u0219i predare: Hoteluri din Hurghada<\/li>\n<li>Tip tur: Privat<\/li>\n<li>Limb\u0103: Rom\u00e2n\u0103<\/li>\n<li>Accesibilitate: Accesibil pentru scaun cu rotil<\/li>\n<\/ul>\n<h3><span style=\"color: #ff6600;\">Puncte de Atrac\u021bie<\/span><\/h3>\n<ul>\n<li>Marele Muzeu Egiptean (GEM)<\/li>\n<li>Piramidele din Giza<\/li>\n<li>Marea Sfinx<\/li>\n<li>Templul de Mumificare<\/li>\n<li>Pr\u00e2nz<\/li>\n<\/ul>\n<h3><span style=\"color: #ff6600;\">Servicii Incluse<\/span><\/h3>\n<ul>\n<li>Transfer cu vehicul de genera\u021bie nou\u0103.<\/li>\n<li>Taxe de intrare pentru toate obiectivele din program.<\/li>\n<li>Pr\u00e2nz de calitate la un restaurant local.<\/li>\n<li>Ghid arheolog vorbitor de limba rom\u00e2n\u0103.<\/li>\n<li>Ap\u0103 pe parcursul zilei.<\/li>\n<\/ul>\n<h3><span style=\"color: #ff6600;\">Excluderi<\/span><\/h3>\n<ul>\n<li>Taxa de intrare \u00een interiorul Piramidei lui Keops.<\/li>\n<li>Taxa de intrare \u00een interiorul Piramidei lui Menkaure.<\/li>\n<li>B\u0103uturile \u00een timpul pr\u00e2nzului.<\/li>\n<li>Bac\u0219i\u0219urile pentru ghid \u0219i \u0219ofer.<\/li>\n<\/ul>\n<h3><span style=\"color: #ff6600;\">Ce s\u0103 aduci cu tine?<\/span><\/h3>\n<ul>\n<li>\u00cenc\u0103l\u021b\u0103minte \u0219i haine confortabile.<\/li>\n<li>P\u0103l\u0103rie.<\/li>\n<li>Ochelari de soare.<\/li>\n<li>Crem\u0103 de protec\u021bie solar\u0103.<\/li>\n<li>Jachet\u0103 groas\u0103 pe timpul iernii.<\/li>\n<\/ul>\n<h2><span style=\"color: #993366;\"><em>Itinerariu<\/em><\/span><\/h2>\n<h3><span style=\"color: #ff6600;\">Transfer de la Hurghada la Cairo<\/span><\/h3>\n<p>Ziua \u00eencepe cu o preluare dis-de-diminea\u021b\u0103 de la hotelul t\u0103u din Hurghada. Relaxeaz\u0103-te \u00een vehiculul confortabil cu aer condi\u021bionat \u00een timpul transferului c\u0103tre Giza. O oprire de odihn\u0103 este inclus\u0103 la jum\u0103tatea drumului. La sosirea \u00een Giza, te vei \u00eent\u00e2lni cu <strong>ghidul t\u0103u egiptolog expert<\/strong>, gata s\u0103 \u00eenceap\u0103 c\u0103l\u0103toria istoric\u0103.<\/p>\n<h3><span style=\"color: #ff6600;\">Marele Muzeu Egiptean (GEM)<\/span><\/h3>\n<p>Experimenteaz\u0103 magnificul <strong>Marele Muzeu Egiptean (GEM)<\/strong>. Punctele de atrac\u021bie includ Obeliscul Suspendat, statuia colosal\u0103 a lui <strong>Ramses al II-lea<\/strong> \u0219i Marea Scar\u0103 Ascendent\u0103.<\/p>\n<p>Focusul principal este colec\u021bia spectaculoas\u0103 \u0219i complet\u0103 a <strong>tezaurului de aur al regelui Tutankhamon<\/strong> \u2014 masca sa iconic\u0103, carele de lupt\u0103 \u0219i bijuteriile \u2014 expuse \u00eempreun\u0103 pentru prima dat\u0103 \u00een noua lor cas\u0103.<\/p>\n<h3><span style=\"color: #ff6600;\">Pr\u00e2nz<\/span><\/h3>\n<p>Dup\u0103 o diminea\u021b\u0103 de explorare profund\u0103 a muzeului, te vei bucura de un <strong>pr\u00e2nz egiptean autentic<\/strong>, delicios \u0219i s\u0103\u021bios. Masa este servit\u0103 la un restaurant local de calitate din zona Giza, oferind oportunitatea perfect\u0103 de relaxare \u0219i re\u00eenc\u0103rcare.<\/p>\n<h3><span style=\"color: #ff6600;\">Piramidele din Giza \u0219i Sfinxul<\/span><\/h3>\n<p>Dup\u0103-amiaza este dedicat\u0103 minunilor antice ale <strong>Complexului Piramidelor din Giza<\/strong>. Admir\u0103 maiestuoasele <strong>Mari Piramide<\/strong> ale lui Keops, Kephren \u0219i Menkaure. Stai \u00een fa\u021ba legendarei <strong>Mari Sfinx<\/strong>, gardianul colosal al platoului.<\/p>\n<p>Ghidul t\u0103u \u00ee\u021bi va explica expert istoria, semnifica\u021bia \u0219i secretele de construc\u021bie ale acestor monumente atemporale.<\/p>\n<h3><span style=\"color: #ff6600;\">\u00centoarcerea la Hurghada<\/span><\/h3>\n<p>La sf\u00e2r\u0219itul dup\u0103-amiezii, vei \u00eencepe c\u0103l\u0103toria confortabil\u0103 de \u00eentoarcere c\u0103tre coasta M\u0103rii Ro\u0219ii. Dup\u0103 o zi lung\u0103 \u0219i plin\u0103, cufundat\u0103 \u00een milenii de istorie, vei \u00eencheia experien\u021ba ta esen\u021bial\u0103 \u00een Cairo cu <strong>drop-off la hotel<\/strong> \u00een Hurghada, seara t\u00e2rziu.<\/p>\n<h3><span style=\"color: #ff6600;\">Pre\u021b Tur Marele Muzeu Egiptean din Hurghada<\/span><\/h3>\n<ul>\n<li>Pre\u021b Adult = 150 \u20ac<\/li>\n<li>Copii 0-5 ani = Gratuit<\/li>\n<li>Copii 5-11 ani = 50% din pre\u021bul pentru adul\u021bi<\/li>\n<\/ul>\n<h3><span style=\"color: #ff6600;\">Rezervare<\/span><\/h3>\n<p>Po\u021bi rezerva excursia ta din Hurghada prin WhatsApp sau e-mail \u0219i vei primi confirmarea pe loc. Te rug\u0103m s\u0103 ne trimi\u021bi numele hotelului, num\u0103rul camerei \u0219i copii dup\u0103 pa\u0219apoarte.<\/p>\n<ul>\n<li>WhatsApp: +201000852186<\/li>\n<li>E-mail: info@egytourpackages.com<\/li>\n<\/ul>\n<h3><span style=\"color: #ff6600;\">Rezerv\u0103 Acum \u0219i Pl\u0103te\u0219te la Fa\u021ba Locului.<\/span><\/h3>\n<p>Rezerv\u0103 turul preferat \u0219i pl\u0103te\u0219te \u00een ziua c\u0103l\u0103toriei.<\/p>\n<h3><span style=\"color: #ff6600;\">Plat\u0103: <\/span><\/h3>\n<p>Po\u021bi pl\u0103ti \u00een lire egiptene, $, \u20ac sau \u00a3.<\/p>\n<h3><span style=\"color: #ff6600;\">Politic\u0103 de Anulare:<\/span><\/h3>\n<p>Anularea este gratuit\u0103 cu p\u00e2n\u0103 la 24 de ore \u00eenainte.<\/p>\n","protected":false},"excerpt":{"rendered":"<p>Alege acest Tur Privat la Marele Muzeu Egiptean din Hurghada. Descoper\u0103 comorile lui Tutankhamon, Piramidele din Giza \u0219i Sfinxul cu ghid expert.Rezerv\u0103 acum<\/p>\n","protected":false},"featured_media":10139,"comment_status":"closed","ping_status":"closed","template":"","meta":[],"product_brand":[],"product_cat":[3120],"product_tag":[3203,3201,3703],"class_list":{"0":"post-14550","1":"product","2":"type-product","3":"status-publish","4":"has-post-thumbnail","6":"product_cat-tururi","7":"product_tag-excursii-de-o-zi-in-egipt","8":"product_tag-excursii-in-hurghada","9":"product_tag-rezerva-online-gem-marele-muzeu-egiptean-din-hurghada","10":"tour_category-excursii-de-o-zi-in-egipt-ro","11":"tour_category-excursii-hurghada-ro","13":"first","14":"instock","15":"sale","16":"shipping-taxable","17":"purchasable","18":"product-type-tour","19":"has-default-attributes"},"yoast_head":"<!-- This site is optimized with the Yoast SEO Premium plugin v27.4 (Yoast SEO v27.4) - https:\/\/yoast.com\/product\/yoast-seo-premium-wordpress\/ -->\n<title>Tur Privat la Marele Muzeu Egiptean din Hurghada<\/title>\n<meta name=\"description\" content=\"Alege acest Tur Privat la Marele Muzeu Egiptean din Hurghada. Descoper\u0103 comorile lui Tutankhamon, Piramidele din Giza \u0219i Sfinxul cu ghid expert.Rezerv\u0103 acum\" \/>\n<meta name=\"robots\" content=\"index, follow, max-snippet:-1, max-image-preview:large, max-video-preview:-1\" \/>\n<link rel=\"canonical\" href=\"https:\/\/egytourpackages.com\/ro\/tours\/tur-privat-la-marele-muzeu-egiptean-din-hurghada\/\" \/>\n<meta property=\"og:locale\" content=\"ro_RO\" \/>\n<meta property=\"og:type\" content=\"article\" \/>\n<meta property=\"og:title\" content=\"Tur Privat la Marele Muzeu Egiptean din Hurghada\" \/>\n<meta property=\"og:description\" content=\"Alege acest Tur Privat la Marele Muzeu Egiptean din Hurghada. Descoper\u0103 comorile lui Tutankhamon, Piramidele din Giza \u0219i Sfinxul cu ghid expert.Rezerv\u0103 acum\" \/>\n<meta property=\"og:url\" content=\"https:\/\/egytourpackages.com\/ro\/tours\/tur-privat-la-marele-muzeu-egiptean-din-hurghada\/\" \/>\n<meta property=\"og:site_name\" content=\"Egypt Tour Packages\" \/>\n<meta property=\"article:publisher\" content=\"https:\/\/www.facebook.com\/egytourpackages\" \/>\n<meta property=\"article:modified_time\" content=\"2026-02-03T18:28:57+00:00\" \/>\n<meta property=\"og:image\" content=\"https:\/\/egytourpackages.com\/wp-content\/uploads\/2025\/12\/Grand-Egyptian-Museum-Tour-from-Hurghada.jpg\" \/>\n\t<meta property=\"og:image:width\" content=\"1200\" \/>\n\t<meta property=\"og:image:height\" content=\"900\" \/>\n\t<meta property=\"og:image:type\" content=\"image\/jpeg\" \/>\n<meta name=\"twitter:card\" content=\"summary_large_image\" \/>\n<meta name=\"twitter:label1\" content=\"Pre\u021b\" \/>\n\t<meta name=\"twitter:data1\" content=\"&euro;0\" \/>\n\t<meta name=\"twitter:label2\" content=\"Disponibilitate\" \/>\n\t<meta name=\"twitter:data2\" content=\"\u00cen stoc\" \/>\n<script type=\"application\/ld+json\" class=\"yoast-schema-graph\">{\"@context\":\"https:\\\/\\\/schema.org\",\"@graph\":[{\"@type\":\"WebPage\",\"@id\":\"https:\\\/\\\/egytourpackages.com\\\/ro\\\/tours\\\/tur-privat-la-marele-muzeu-egiptean-din-hurghada\\\/\",\"url\":\"https:\\\/\\\/egytourpackages.com\\\/ro\\\/tours\\\/tur-privat-la-marele-muzeu-egiptean-din-hurghada\\\/\",\"name\":\"Tur Privat la Marele Muzeu Egiptean din Hurghada\",\"isPartOf\":{\"@id\":\"https:\\\/\\\/egytourpackages.com\\\/ro\\\/#website\"},\"primaryImageOfPage\":{\"@id\":\"https:\\\/\\\/egytourpackages.com\\\/ro\\\/tours\\\/tur-privat-la-marele-muzeu-egiptean-din-hurghada\\\/#primaryimage\"},\"image\":{\"@id\":\"https:\\\/\\\/egytourpackages.com\\\/ro\\\/tours\\\/tur-privat-la-marele-muzeu-egiptean-din-hurghada\\\/#primaryimage\"},\"thumbnailUrl\":\"https:\\\/\\\/egytourpackages.com\\\/wp-content\\\/uploads\\\/2025\\\/12\\\/Grand-Egyptian-Museum-Tour-from-Hurghada.jpg\",\"datePublished\":\"2025-12-15T01:09:45+00:00\",\"dateModified\":\"2026-02-03T18:28:57+00:00\",\"description\":\"Alege acest Tur Privat la Marele Muzeu Egiptean din Hurghada. Descoper\u0103 comorile lui Tutankhamon, Piramidele din Giza \u0219i Sfinxul cu ghid expert.Rezerv\u0103 acum\",\"breadcrumb\":{\"@id\":\"https:\\\/\\\/egytourpackages.com\\\/ro\\\/tours\\\/tur-privat-la-marele-muzeu-egiptean-din-hurghada\\\/#breadcrumb\"},\"inLanguage\":\"ro-RO\",\"potentialAction\":[{\"@type\":\"ReadAction\",\"target\":[\"https:\\\/\\\/egytourpackages.com\\\/ro\\\/tours\\\/tur-privat-la-marele-muzeu-egiptean-din-hurghada\\\/\"]}]},{\"@type\":\"ImageObject\",\"inLanguage\":\"ro-RO\",\"@id\":\"https:\\\/\\\/egytourpackages.com\\\/ro\\\/tours\\\/tur-privat-la-marele-muzeu-egiptean-din-hurghada\\\/#primaryimage\",\"url\":\"https:\\\/\\\/egytourpackages.com\\\/wp-content\\\/uploads\\\/2025\\\/12\\\/Grand-Egyptian-Museum-Tour-from-Hurghada.jpg\",\"contentUrl\":\"https:\\\/\\\/egytourpackages.com\\\/wp-content\\\/uploads\\\/2025\\\/12\\\/Grand-Egyptian-Museum-Tour-from-Hurghada.jpg\",\"width\":1200,\"height\":900,\"caption\":\"Tur Privat la Marele Muzeu Egiptean din Hurghada\"},{\"@type\":\"BreadcrumbList\",\"@id\":\"https:\\\/\\\/egytourpackages.com\\\/ro\\\/tours\\\/tur-privat-la-marele-muzeu-egiptean-din-hurghada\\\/#breadcrumb\",\"itemListElement\":[{\"@type\":\"ListItem\",\"position\":1,\"name\":\"Home\",\"item\":\"https:\\\/\\\/egytourpackages.com\\\/ro\\\/\"},{\"@type\":\"ListItem\",\"position\":2,\"name\":\"Shop\",\"item\":\"https:\\\/\\\/egytourpackages.com\\\/shop\\\/\"},{\"@type\":\"ListItem\",\"position\":3,\"name\":\"Tur Privat la Marele Muzeu Egiptean din Hurghada\"}]},{\"@type\":\"WebSite\",\"@id\":\"https:\\\/\\\/egytourpackages.com\\\/ro\\\/#website\",\"url\":\"https:\\\/\\\/egytourpackages.com\\\/ro\\\/\",\"name\":\"Egy tour packages\",\"description\":\"\",\"publisher\":{\"@id\":\"https:\\\/\\\/egytourpackages.com\\\/ro\\\/#organization\"},\"potentialAction\":[{\"@type\":\"SearchAction\",\"target\":{\"@type\":\"EntryPoint\",\"urlTemplate\":\"https:\\\/\\\/egytourpackages.com\\\/ro\\\/?s={search_term_string}\"},\"query-input\":{\"@type\":\"PropertyValueSpecification\",\"valueRequired\":true,\"valueName\":\"search_term_string\"}}],\"inLanguage\":\"ro-RO\"},{\"@type\":[\"Organization\",\"Place\",\"TravelAgency\"],\"@id\":\"https:\\\/\\\/egytourpackages.com\\\/ro\\\/#organization\",\"name\":\"egypt tour packages\",\"alternateName\":\"egypt tour packages\",\"url\":\"https:\\\/\\\/egytourpackages.com\\\/ro\\\/\",\"logo\":{\"@id\":\"https:\\\/\\\/egytourpackages.com\\\/ro\\\/tours\\\/tur-privat-la-marele-muzeu-egiptean-din-hurghada\\\/#local-main-organization-logo\"},\"image\":{\"@id\":\"https:\\\/\\\/egytourpackages.com\\\/ro\\\/tours\\\/tur-privat-la-marele-muzeu-egiptean-din-hurghada\\\/#local-main-organization-logo\"},\"sameAs\":[\"https:\\\/\\\/www.facebook.com\\\/egytourpackages\"],\"legalName\":\"Egy tour packages\",\"address\":{\"@id\":\"https:\\\/\\\/egytourpackages.com\\\/ro\\\/tours\\\/tur-privat-la-marele-muzeu-egiptean-din-hurghada\\\/#local-main-place-address\"},\"telephone\":[\"00201000852186\",\"00201028685533\"],\"contactPoint\":{\"@type\":\"ContactPoint\",\"telephone\":\"00201000852186\"},\"openingHoursSpecification\":[{\"@type\":\"OpeningHoursSpecification\",\"dayOfWeek\":[\"Monday\",\"Tuesday\",\"Wednesday\",\"Thursday\",\"Friday\",\"Saturday\",\"Sunday\"],\"opens\":\"00:00\",\"closes\":\"23:59\"}],\"email\":\"info@egytourpackages.com\",\"areaServed\":\"Cairo, Hurghada, Luxor, Sharm El Sheikh, Marsa Alam, Aswan\",\"priceRange\":\"$\",\"currenciesAccepted\":\"euro\",\"paymentAccepted\":\"Payment links online\"},{\"@type\":\"PostalAddress\",\"@id\":\"https:\\\/\\\/egytourpackages.com\\\/ro\\\/tours\\\/tur-privat-la-marele-muzeu-egiptean-din-hurghada\\\/#local-main-place-address\",\"streetAddress\":\"Mubarak 8, Al Kawthar District, Hurghada\",\"addressLocality\":\"Hurghada\",\"postalCode\":\"84511\",\"addressRegion\":\"Red Sea\",\"addressCountry\":\"EG\"},{\"@type\":\"ImageObject\",\"inLanguage\":\"ro-RO\",\"@id\":\"https:\\\/\\\/egytourpackages.com\\\/ro\\\/tours\\\/tur-privat-la-marele-muzeu-egiptean-din-hurghada\\\/#local-main-organization-logo\",\"url\":\"https:\\\/\\\/egytourpackages.com\\\/wp-content\\\/uploads\\\/2025\\\/12\\\/Turquoise-Dahabiya-Nile-Cruise-1.jpeg\",\"contentUrl\":\"https:\\\/\\\/egytourpackages.com\\\/wp-content\\\/uploads\\\/2025\\\/12\\\/Turquoise-Dahabiya-Nile-Cruise-1.jpeg\",\"width\":1040,\"height\":694,\"caption\":\"egypt tour packages\"}]}<\/script>\n<meta property=\"product:brand\" content=\"Excursii de o zi \u00een Egipt\" \/>\n<meta property=\"product:price:amount\" content=\"0\" \/>\n<meta property=\"product:price:currency\" content=\"EUR\" \/>\n<meta property=\"og:availability\" content=\"instock\" \/>\n<meta property=\"product:availability\" content=\"instock\" \/>\n<meta property=\"product:retailer_item_id\" content=\"HDT25\" \/>\n<meta property=\"product:condition\" content=\"new\" \/>\n<meta name=\"geo.placename\" content=\"Hurghada\" \/>\n<meta name=\"geo.region\" content=\"Egipt\" \/>\n<!-- \/ Yoast SEO Premium plugin. -->","yoast_head_json":{"title":"Tur Privat la Marele Muzeu Egiptean din Hurghada","description":"Alege acest Tur Privat la Marele Muzeu Egiptean din Hurghada. Descoper\u0103 comorile lui Tutankhamon, Piramidele din Giza \u0219i Sfinxul cu ghid expert.Rezerv\u0103 acum","robots":{"index":"index","follow":"follow","max-snippet":"max-snippet:-1","max-image-preview":"max-image-preview:large","max-video-preview":"max-video-preview:-1"},"canonical":"https:\/\/egytourpackages.com\/ro\/tours\/tur-privat-la-marele-muzeu-egiptean-din-hurghada\/","og_locale":"ro_RO","og_type":"article","og_title":"Tur Privat la Marele Muzeu Egiptean din Hurghada","og_description":"Alege acest Tur Privat la Marele Muzeu Egiptean din Hurghada. Descoper\u0103 comorile lui Tutankhamon, Piramidele din Giza \u0219i Sfinxul cu ghid expert.Rezerv\u0103 acum","og_url":"https:\/\/egytourpackages.com\/ro\/tours\/tur-privat-la-marele-muzeu-egiptean-din-hurghada\/","og_site_name":"Egypt Tour Packages","article_publisher":"https:\/\/www.facebook.com\/egytourpackages","article_modified_time":"2026-02-03T18:28:57+00:00","og_image":[{"width":1200,"height":900,"url":"https:\/\/egytourpackages.com\/wp-content\/uploads\/2025\/12\/Grand-Egyptian-Museum-Tour-from-Hurghada.jpg","type":"image\/jpeg"}],"twitter_card":"summary_large_image","twitter_misc":{"Pre\u021b":"&euro;0","Disponibilitate":"\u00cen stoc"},"schema":{"@context":"https:\/\/schema.org","@graph":[{"@type":"WebPage","@id":"https:\/\/egytourpackages.com\/ro\/tours\/tur-privat-la-marele-muzeu-egiptean-din-hurghada\/","url":"https:\/\/egytourpackages.com\/ro\/tours\/tur-privat-la-marele-muzeu-egiptean-din-hurghada\/","name":"Tur Privat la Marele Muzeu Egiptean din Hurghada","isPartOf":{"@id":"https:\/\/egytourpackages.com\/ro\/#website"},"primaryImageOfPage":{"@id":"https:\/\/egytourpackages.com\/ro\/tours\/tur-privat-la-marele-muzeu-egiptean-din-hurghada\/#primaryimage"},"image":{"@id":"https:\/\/egytourpackages.com\/ro\/tours\/tur-privat-la-marele-muzeu-egiptean-din-hurghada\/#primaryimage"},"thumbnailUrl":"https:\/\/egytourpackages.com\/wp-content\/uploads\/2025\/12\/Grand-Egyptian-Museum-Tour-from-Hurghada.jpg","datePublished":"2025-12-15T01:09:45+00:00","dateModified":"2026-02-03T18:28:57+00:00","description":"Alege acest Tur Privat la Marele Muzeu Egiptean din Hurghada. Descoper\u0103 comorile lui Tutankhamon, Piramidele din Giza \u0219i Sfinxul cu ghid expert.Rezerv\u0103 acum","breadcrumb":{"@id":"https:\/\/egytourpackages.com\/ro\/tours\/tur-privat-la-marele-muzeu-egiptean-din-hurghada\/#breadcrumb"},"inLanguage":"ro-RO","potentialAction":[{"@type":"ReadAction","target":["https:\/\/egytourpackages.com\/ro\/tours\/tur-privat-la-marele-muzeu-egiptean-din-hurghada\/"]}]},{"@type":"ImageObject","inLanguage":"ro-RO","@id":"https:\/\/egytourpackages.com\/ro\/tours\/tur-privat-la-marele-muzeu-egiptean-din-hurghada\/#primaryimage","url":"https:\/\/egytourpackages.com\/wp-content\/uploads\/2025\/12\/Grand-Egyptian-Museum-Tour-from-Hurghada.jpg","contentUrl":"https:\/\/egytourpackages.com\/wp-content\/uploads\/2025\/12\/Grand-Egyptian-Museum-Tour-from-Hurghada.jpg","width":1200,"height":900,"caption":"Tur Privat la Marele Muzeu Egiptean din Hurghada"},{"@type":"BreadcrumbList","@id":"https:\/\/egytourpackages.com\/ro\/tours\/tur-privat-la-marele-muzeu-egiptean-din-hurghada\/#breadcrumb","itemListElement":[{"@type":"ListItem","position":1,"name":"Home","item":"https:\/\/egytourpackages.com\/ro\/"},{"@type":"ListItem","position":2,"name":"Shop","item":"https:\/\/egytourpackages.com\/shop\/"},{"@type":"ListItem","position":3,"name":"Tur Privat la Marele Muzeu Egiptean din Hurghada"}]},{"@type":"WebSite","@id":"https:\/\/egytourpackages.com\/ro\/#website","url":"https:\/\/egytourpackages.com\/ro\/","name":"Egy tour packages","description":"","publisher":{"@id":"https:\/\/egytourpackages.com\/ro\/#organization"},"potentialAction":[{"@type":"SearchAction","target":{"@type":"EntryPoint","urlTemplate":"https:\/\/egytourpackages.com\/ro\/?s={search_term_string}"},"query-input":{"@type":"PropertyValueSpecification","valueRequired":true,"valueName":"search_term_string"}}],"inLanguage":"ro-RO"},{"@type":["Organization","Place","TravelAgency"],"@id":"https:\/\/egytourpackages.com\/ro\/#organization","name":"egypt tour packages","alternateName":"egypt tour packages","url":"https:\/\/egytourpackages.com\/ro\/","logo":{"@id":"https:\/\/egytourpackages.com\/ro\/tours\/tur-privat-la-marele-muzeu-egiptean-din-hurghada\/#local-main-organization-logo"},"image":{"@id":"https:\/\/egytourpackages.com\/ro\/tours\/tur-privat-la-marele-muzeu-egiptean-din-hurghada\/#local-main-organization-logo"},"sameAs":["https:\/\/www.facebook.com\/egytourpackages"],"legalName":"Egy tour packages","address":{"@id":"https:\/\/egytourpackages.com\/ro\/tours\/tur-privat-la-marele-muzeu-egiptean-din-hurghada\/#local-main-place-address"},"telephone":["00201000852186","00201028685533"],"contactPoint":{"@type":"ContactPoint","telephone":"00201000852186"},"openingHoursSpecification":[{"@type":"OpeningHoursSpecification","dayOfWeek":["Monday","Tuesday","Wednesday","Thursday","Friday","Saturday","Sunday"],"opens":"00:00","closes":"23:59"}],"email":"info@egytourpackages.com","areaServed":"Cairo, Hurghada, Luxor, Sharm El Sheikh, Marsa Alam, Aswan","priceRange":"$","currenciesAccepted":"euro","paymentAccepted":"Payment links online"},{"@type":"PostalAddress","@id":"https:\/\/egytourpackages.com\/ro\/tours\/tur-privat-la-marele-muzeu-egiptean-din-hurghada\/#local-main-place-address","streetAddress":"Mubarak 8, Al Kawthar District, Hurghada","addressLocality":"Hurghada","postalCode":"84511","addressRegion":"Red Sea","addressCountry":"EG"},{"@type":"ImageObject","inLanguage":"ro-RO","@id":"https:\/\/egytourpackages.com\/ro\/tours\/tur-privat-la-marele-muzeu-egiptean-din-hurghada\/#local-main-organization-logo","url":"https:\/\/egytourpackages.com\/wp-content\/uploads\/2025\/12\/Turquoise-Dahabiya-Nile-Cruise-1.jpeg","contentUrl":"https:\/\/egytourpackages.com\/wp-content\/uploads\/2025\/12\/Turquoise-Dahabiya-Nile-Cruise-1.jpeg","width":1040,"height":694,"caption":"egypt tour packages"}]},"product_brand":"Excursii de o zi \u00een Egipt","product_price_currency":"EUR","og_availability":"instock","product_availability":"instock","product_retailer_item_id":"HDT25","product_condition":"new","geo.placename":"Hurghada","geo.region":"Egipt"},"_links":{"self":[{"href":"https:\/\/egytourpackages.com\/ro\/wp-json\/wp\/v2\/product\/14550","targetHints":{"allow":["GET"]}}],"collection":[{"href":"https:\/\/egytourpackages.com\/ro\/wp-json\/wp\/v2\/product"}],"about":[{"href":"https:\/\/egytourpackages.com\/ro\/wp-json\/wp\/v2\/types\/product"}],"replies":[{"embeddable":true,"href":"https:\/\/egytourpackages.com\/ro\/wp-json\/wp\/v2\/comments?post=14550"}],"wp:featuredmedia":[{"embeddable":true,"href":"https:\/\/egytourpackages.com\/ro\/wp-json\/wp\/v2\/media\/10139"}],"wp:attachment":[{"href":"https:\/\/egytourpackages.com\/ro\/wp-json\/wp\/v2\/media?parent=14550"}],"wp:term":[{"taxonomy":"product_brand","embeddable":true,"href":"https:\/\/egytourpackages.com\/ro\/wp-json\/wp\/v2\/product_brand?post=14550"},{"taxonomy":"product_cat","embeddable":true,"href":"https:\/\/egytourpackages.com\/ro\/wp-json\/wp\/v2\/product_cat?post=14550"},{"taxonomy":"product_tag","embeddable":true,"href":"https:\/\/egytourpackages.com\/ro\/wp-json\/wp\/v2\/product_tag?post=14550"}],"curies":[{"name":"wp","href":"https:\/\/api.w.org\/{rel}","templated":true}]}}