{"id":14756,"date":"2025-11-04T14:04:09","date_gmt":"2025-11-04T14:04:09","guid":{"rendered":"https:\/\/egytourpackages.com\/product\/excursie-de-2-zile-la-oasis-siwa-din-cairo\/"},"modified":"2026-02-10T01:39:58","modified_gmt":"2026-02-10T01:39:58","slug":"excursie-de-2-zile-la-oasis-siwa-din-cairo","status":"publish","type":"product","link":"https:\/\/egytourpackages.com\/ro\/tours\/excursie-de-2-zile-la-oasis-siwa-din-cairo\/","title":{"rendered":"Excursie de 2 zile la Oasis Siwa din Cairo"},"content":{"rendered":"<p><span style=\"color: #ff6600;\"><strong>Excursie de 2 zile la Oasis Siwa din Cairo: Ultima aventur\u0103 \u00een de\u0219ert<\/strong><\/span><\/p>\n<p>\u00cencepe\u021bi cea mai tare <strong>excursie de 2 zile la Oasis Siwa din Cairo<\/strong>, o aventur\u0103 transformatoare de 2 zile \u00een <strong>De\u0219ertul de Vest al Egiptului<\/strong>. Aceast\u0103 c\u0103l\u0103torie rapid\u0103 \u0219i de impact este conceput\u0103 pentru a v\u0103 scufunda \u00een frumuse\u021bea izolat\u0103 \u0219i istoria profund\u0103 a <strong>Oazei Siwa<\/strong>, numit\u0103 adesea bijuteria Saharei.<\/p>\n<p>Expedi\u021bia \u00eencepe cu un transfer confortabil peste noapte, asigur\u00e2ndu-v\u0103 c\u0103 ajunge\u021bi revigora\u021bi \u0219i gata de explorare. Prima oprire este legendarul <strong>Templu al Oracolului lui Amun<\/strong>, un sit de o importan\u021b\u0103 istoric\u0103 imens\u0103, unde Alexandru cel Mare a c\u0103utat odat\u0103 confirmarea divin\u0103.<\/p>\n<p>\u00cen continuare, experimenta\u021bi apele suprarealiste \u0219i terapeutice ale <strong>Lacurilor S\u0103rate din Siwa prin plutire<\/strong>, urmate de o baie revigorant\u0103 la celebra surs\u0103 <strong>Baia Cleopatrei<\/strong>.<\/p>\n<p>Dup\u0103-amiaza escaladeaz\u0103 \u00eentr-un safari palpitant \u00een <strong>Marea de Nisip (Great Sand Sea)<\/strong>, cu activit\u0103\u021bi antrenante de <strong>sandboarding<\/strong> pe dune uria\u0219e \u0219i explorare profund\u0103 a de\u0219ertului, \u00eenainte de a v\u0103 relaxa la izvorul natural <strong>Bir Waheed Hot and Cold Spring<\/strong>.<\/p>\n<p>Seara este petrecut\u0103 \u00eentr-un lux autentic la renumitul <strong>Ghaliet Eco-lodge Siwa<\/strong>. Ziua a doua \u00eencheie aventura \u00een de\u0219ert prin explorarea ruinelor iconice din c\u0103r\u0103mid\u0103 de lut ale <strong>Fort\u0103re\u021bei Shali<\/strong>, urmat\u0103 de un drum pitoresc pe coast\u0103 \u00eenapoi prin <strong>Marsa Matrouh<\/strong>.<\/p>\n<p>Acest itinerar este perfect pentru c\u0103l\u0103torii care caut\u0103 o imersiune cultural\u0103 f\u0103r\u0103 egal \u0219i senza\u021bii tari \u00een de\u0219ert.<\/p>\n<h3><span style=\"color: #ff6600;\">Detalii<\/span><\/h3>\n<ul>\n<li>Durat\u0103: Excursie de 2 zile \/ 1 noapte din Cairo<\/li>\n<li>Tip Tour: Privat<\/li>\n<li>Disponibilitate: \u00cen fiecare zi<\/li>\n<li>M\u0103rime Grup: de la 1 la 8 persoane<\/li>\n<li>Limbi: Rom\u00e2n\u0103<\/li>\n<li>Programare: Rezervare Online<\/li>\n<li>Preluare \u0219i Transfer: Hoteluri din Cairo<\/li>\n<\/ul>\n<h3><span style=\"color: #ff6600;\">Puncte Forte<\/span><\/h3>\n<ul>\n<li>Lacul S\u0103rat<\/li>\n<li>Baia Cleopatrei<\/li>\n<li>Muntele Mor\u021bilor<\/li>\n<li>Muntele Dakror<\/li>\n<li>Templul Oracolului<\/li>\n<li>Marea de Nisip (Great Sand Sea)<\/li>\n<li>Izvorul termal Bir Wahed<\/li>\n<li>Fort\u0103rea\u021ba Shali<\/li>\n<\/ul>\n<h3><span style=\"color: #ff6600;\">Servicii Incluse<\/span><\/h3>\n<ul>\n<li>Transfer dus-\u00eentors cu ma\u0219ini moderne cu aer condi\u021bionat de la Cairo la Siwa \u0219i \u00eenapoi.<\/li>\n<li>Un ghid expert vorbitor de limba rom\u00e2n\u0103.<\/li>\n<li>Cazare de 1 noapte la hotel \u00een regim de demipensiune.<\/li>\n<li>Pr\u00e2nz la un restaurant local.<\/li>\n<li>Ap\u0103 \u0219i gust\u0103ri.<\/li>\n<li>Taxe de intrare pentru toate siturile din program.<\/li>\n<li>Taxe \u0219i servicii.<\/li>\n<\/ul>\n<h3><span style=\"color: #ff6600;\">Servicii Excluse<\/span><\/h3>\n<ul>\n<li>Cheltuieli personale.<\/li>\n<li>B\u0103uturi alcoolice.<\/li>\n<li>Bac\u0219i\u0219uri.<\/li>\n<\/ul>\n<h3><span style=\"color: #ff6600;\">Ce s\u0103 aduce\u021bi cu voi?<\/span><\/h3>\n<ul>\n<li>Pa\u0219apoarte.<\/li>\n<li>P\u0103l\u0103rie, e\u0219arf\u0103.<\/li>\n<li>Ochelari de soare \u0219i crem\u0103 de protec\u021bie solar\u0103.<\/li>\n<li>Costume de baie.<\/li>\n<li>Haine groase \u00een timpul iernii.<\/li>\n<\/ul>\n<h2><span style=\"color: #993366;\"><em>Itinerariu<\/em><\/span><\/h2>\n<h3><span style=\"color: #ff6600;\">Ziua 1: De la Cairo la Oaza Siwa \u2014 Descoperirea de\u0219ertului<\/span><\/h3>\n<p>Excursia noastr\u0103 intensiv\u0103 de dou\u0103 zile la <strong>Oasis Siwa din Cairo<\/strong> \u00eencepe cu o plecare devreme de la hotelul dumneavoastr\u0103 din Cairo, \u00een jurul orei 01:00 diminea\u021ba (hotelul v\u0103 va oferi pachete cu mic dejun pentru drum).<\/p>\n<p>La sosire, imersiunea istoric\u0103 \u00eencepe imediat vizit\u00e2nd vechiul <strong>Templul Oracolului<\/strong> (Amun Temple), iar apoi trecem la experien\u021ba senza\u021biei unice de plutire terapeutic\u0103 la fascinantele <strong>Lacuri S\u0103rate din Siwa<\/strong>.<\/p>\n<p>Dup\u0103 aceasta, ne vom relaxa \u0219i vom \u00eenota \u00een apele legendare de la <strong>Baia Cleopatrei<\/strong>, \u00eenainte de a merge la un local pentru pr\u00e2nz. Dup\u0103 pr\u00e2nz, dup\u0103-amiaza escaladeaz\u0103 \u00eentr-un safari palpitant \u00een <strong>Marea de Nisip (Great Sand Sea)<\/strong>, unde ve\u021bi descoperi de\u0219ertul vast \u0219i v\u0103 ve\u021bi bucura de <strong>sandboarding<\/strong> pe dunele \u00eenalte.<\/p>\n<p>Ulterior, vizit\u0103m izvorul natural <strong>Bir Waheed Hot and Cold Spring<\/strong> pentru relaxare profund\u0103 \u0219i vom savura un ceai autentic <strong>beduin<\/strong> \u00een timp ce soarele apune peste Sahara; \u00een final, vom cina \u00eenainte de cazarea pentru noapte la renumitul <strong>Ghaliet Eco-lodge<\/strong>, Siwa.<\/p>\n<p><strong>Mese:<\/strong> Mic dejun, Pr\u00e2nz, Cin\u0103<\/p>\n<h3><span style=\"color: #ff6600;\">Ziua 2: Istoria din Siwa \u0219i \u00eentoarcerea la Cairo<\/span><\/h3>\n<p>\u00cencepe\u021bi ziua cu un mic dejun copios la eco-lodge, urmat de o explorare a ruinelor istorice ale <strong>Fort\u0103re\u021bei Shali<\/strong>, care domin\u0103 oaza.<\/p>\n<p>Dup\u0103 ce ne \u00eenc\u0103rc\u0103m cu istoria ora\u0219ului din c\u0103r\u0103mid\u0103 de lut, \u00eencepem imediat drumul lung \u0219i pitoresc \u00eenapoi spre Cairo. C\u0103l\u0103toria de \u00eentoarcere ne poart\u0103 prin frumoasa rut\u0103 de coast\u0103 <strong>Marsa Matrouh<\/strong>, cu o oprire important\u0103 pentru pr\u00e2nz planificat\u0103 pe parcurs.<\/p>\n<p>\u00cen final, excursia noastr\u0103 la <strong>Oaza Siwa din Cairo<\/strong> se \u00eencheie odat\u0103 cu sosirea \u00eenapoi la hotelul dumneavoastr\u0103 din Cairo, finaliz\u00e2nd aceast\u0103 memorabil\u0103 <strong>aventur\u0103 \u00een De\u0219ertul de Vest al Egiptului<\/strong>.<\/p>\n<p><strong>Mese:<\/strong> Mic dejun, Pr\u00e2nz<\/p>\n<h3><span style=\"color: #ff6600;\">Pre\u021b Excursie 2 Zile Oaza Siwa din Cairo<\/span><\/h3>\n<ul>\n<li>Pre\u021b Adult = 400 \u20ac<\/li>\n<li>Copii 0-5 ani = gratuit<\/li>\n<li>Copii 5-11 ani = 50% din pre\u021bul pentru adul\u021bi<\/li>\n<\/ul>\n<h3><span style=\"color: #ff6600;\">Rezervare<\/span><\/h3>\n<p>Pute\u021bi rezerva turul prin WhatsApp sau ne pute\u021bi trimite un e-mail \u0219i ve\u021bi primi confirmarea pe loc.<\/p>\n<p>V\u0103 rug\u0103m s\u0103 ne trimite\u021bi numele hotelului, num\u0103rul camerei \u0219i copii dup\u0103 pa\u0219aport.<\/p>\n<p>WhatsApp: +201000852186<\/p>\n<p>info@egytourpackages.com<\/p>\n<h3><span style=\"color: #ff6600;\">Rezerv\u0103 acum \u0219i pl\u0103te\u0219te la fa\u021ba locului<\/span><\/h3>\n<p>Rezerv\u0103 turul preferat \u0219i pl\u0103te\u0219te \u00een ziua c\u0103l\u0103toriei.<\/p>\n<h3><span style=\"color: #ff6600;\">Plat\u0103<\/span><\/h3>\n<p>Pute\u021bi pl\u0103ti \u00een lire egiptene, $, \u20ac sau \u00a3.<\/p>\n<h3><span style=\"color: #ff6600;\">Politica de Anulare<\/span><\/h3>\n<ul>\n<li>Anularea este gratuit\u0103 cu p\u00e2n\u0103 la 24 de ore \u00eenainte.<\/li>\n<li>Anularea \u00een diminea\u021ba plec\u0103rii se taxeaz\u0103 cu 50% din pre\u021b.<\/li>\n<\/ul>\n","protected":false},"excerpt":{"rendered":"<p>Excursie de 2 zile la Oasis Siwa din Cairo: Descoper\u0103 Templul lui Amun, Baia Cleopatrei \u0219i peisaje de vis \u00een de\u0219ert. Rezerv\u0103 o aventur\u0103 memorabil\u0103 \u00een Egipt!<\/p>\n","protected":false},"featured_media":9063,"comment_status":"closed","ping_status":"closed","template":"","meta":[],"product_brand":[],"product_cat":[3120],"product_tag":[3203,3253,3795],"class_list":{"0":"post-14756","1":"product","2":"type-product","3":"status-publish","4":"has-post-thumbnail","6":"product_cat-tururi","7":"product_tag-excursii-de-o-zi-in-egipt","8":"product_tag-excursii-de-o-zi-la-cairo","9":"product_tag-oaza-siwa","10":"tour_category-excursii-cairo-ro","11":"tour_category-excursii-de-o-zi-in-egipt-ro","12":"tour_category-excursii-la-oaza-siwa-din-cairo","14":"first","15":"instock","16":"sale","17":"shipping-taxable","18":"purchasable","19":"product-type-tour","20":"has-default-attributes"},"yoast_head":"<!-- This site is optimized with the Yoast SEO Premium plugin v27.4 (Yoast SEO v27.4) - https:\/\/yoast.com\/product\/yoast-seo-premium-wordpress\/ -->\n<title>Excursie de 2 zile la Oasis Siwa din Cairo<\/title>\n<meta name=\"description\" content=\"Excursie de 2 zile la Oasis Siwa din Cairo: Descoper\u0103 Templul lui Amun, Baia Cleopatrei \u0219i peisaje de vis \u00een de\u0219ert. Rezerv\u0103 o aventur\u0103 memorabil\u0103 \u00een Egipt!\" \/>\n<meta name=\"robots\" content=\"index, follow, max-snippet:-1, max-image-preview:large, max-video-preview:-1\" \/>\n<link rel=\"canonical\" href=\"https:\/\/egytourpackages.com\/ro\/tours\/excursie-de-2-zile-la-oasis-siwa-din-cairo\/\" \/>\n<meta property=\"og:locale\" content=\"ro_RO\" \/>\n<meta property=\"og:type\" content=\"article\" \/>\n<meta property=\"og:title\" content=\"Excursie de 2 zile la Oasis Siwa din Cairo\" \/>\n<meta property=\"og:description\" content=\"Excursie de 2 zile la Oasis Siwa din Cairo: Descoper\u0103 Templul lui Amun, Baia Cleopatrei \u0219i peisaje de vis \u00een de\u0219ert. Rezerv\u0103 o aventur\u0103 memorabil\u0103 \u00een Egipt!\" \/>\n<meta property=\"og:url\" content=\"https:\/\/egytourpackages.com\/ro\/tours\/excursie-de-2-zile-la-oasis-siwa-din-cairo\/\" \/>\n<meta property=\"og:site_name\" content=\"Egypt Tour Packages\" \/>\n<meta property=\"article:publisher\" content=\"https:\/\/www.facebook.com\/egytourpackages\" \/>\n<meta property=\"article:modified_time\" content=\"2026-02-10T01:39:58+00:00\" \/>\n<meta property=\"og:image\" content=\"https:\/\/egytourpackages.com\/wp-content\/uploads\/2025\/11\/CleopatraSpring.jpg\" \/>\n\t<meta property=\"og:image:width\" content=\"1500\" \/>\n\t<meta property=\"og:image:height\" content=\"1125\" \/>\n\t<meta property=\"og:image:type\" content=\"image\/jpeg\" \/>\n<meta name=\"twitter:card\" content=\"summary_large_image\" \/>\n<meta name=\"twitter:title\" content=\"Excursie de 2 zile la Oasis Siwa din Cairo\" \/>\n<meta name=\"twitter:label1\" content=\"Pre\u021b\" \/>\n\t<meta name=\"twitter:data1\" content=\"&euro;400\" \/>\n\t<meta name=\"twitter:label2\" content=\"Disponibilitate\" \/>\n\t<meta name=\"twitter:data2\" content=\"\u00cen stoc\" \/>\n<script type=\"application\/ld+json\" class=\"yoast-schema-graph\">{\"@context\":\"https:\\\/\\\/schema.org\",\"@graph\":[{\"@type\":\"WebPage\",\"@id\":\"https:\\\/\\\/egytourpackages.com\\\/ro\\\/tours\\\/excursie-de-2-zile-la-oasis-siwa-din-cairo\\\/\",\"url\":\"https:\\\/\\\/egytourpackages.com\\\/ro\\\/tours\\\/excursie-de-2-zile-la-oasis-siwa-din-cairo\\\/\",\"name\":\"Excursie de 2 zile la Oasis Siwa din Cairo\",\"isPartOf\":{\"@id\":\"https:\\\/\\\/egytourpackages.com\\\/ro\\\/#website\"},\"primaryImageOfPage\":{\"@id\":\"https:\\\/\\\/egytourpackages.com\\\/ro\\\/tours\\\/excursie-de-2-zile-la-oasis-siwa-din-cairo\\\/#primaryimage\"},\"image\":{\"@id\":\"https:\\\/\\\/egytourpackages.com\\\/ro\\\/tours\\\/excursie-de-2-zile-la-oasis-siwa-din-cairo\\\/#primaryimage\"},\"thumbnailUrl\":\"https:\\\/\\\/egytourpackages.com\\\/wp-content\\\/uploads\\\/2025\\\/11\\\/CleopatraSpring.jpg\",\"datePublished\":\"2025-11-04T14:04:09+00:00\",\"dateModified\":\"2026-02-10T01:39:58+00:00\",\"description\":\"Excursie de 2 zile la Oasis Siwa din Cairo: Descoper\u0103 Templul lui Amun, Baia Cleopatrei \u0219i peisaje de vis \u00een de\u0219ert. Rezerv\u0103 o aventur\u0103 memorabil\u0103 \u00een Egipt!\",\"breadcrumb\":{\"@id\":\"https:\\\/\\\/egytourpackages.com\\\/ro\\\/tours\\\/excursie-de-2-zile-la-oasis-siwa-din-cairo\\\/#breadcrumb\"},\"inLanguage\":\"ro-RO\",\"potentialAction\":[{\"@type\":\"ReadAction\",\"target\":[\"https:\\\/\\\/egytourpackages.com\\\/ro\\\/tours\\\/excursie-de-2-zile-la-oasis-siwa-din-cairo\\\/\"]}]},{\"@type\":\"ImageObject\",\"inLanguage\":\"ro-RO\",\"@id\":\"https:\\\/\\\/egytourpackages.com\\\/ro\\\/tours\\\/excursie-de-2-zile-la-oasis-siwa-din-cairo\\\/#primaryimage\",\"url\":\"https:\\\/\\\/egytourpackages.com\\\/wp-content\\\/uploads\\\/2025\\\/11\\\/CleopatraSpring.jpg\",\"contentUrl\":\"https:\\\/\\\/egytourpackages.com\\\/wp-content\\\/uploads\\\/2025\\\/11\\\/CleopatraSpring.jpg\",\"width\":1500,\"height\":1125,\"caption\":\"Excursie de 2 zile la Oasis Siwa din Cairo\"},{\"@type\":\"BreadcrumbList\",\"@id\":\"https:\\\/\\\/egytourpackages.com\\\/ro\\\/tours\\\/excursie-de-2-zile-la-oasis-siwa-din-cairo\\\/#breadcrumb\",\"itemListElement\":[{\"@type\":\"ListItem\",\"position\":1,\"name\":\"Home\",\"item\":\"https:\\\/\\\/egytourpackages.com\\\/ro\\\/\"},{\"@type\":\"ListItem\",\"position\":2,\"name\":\"Shop\",\"item\":\"https:\\\/\\\/egytourpackages.com\\\/shop\\\/\"},{\"@type\":\"ListItem\",\"position\":3,\"name\":\"Excursie de 2 zile la Oasis Siwa din Cairo\"}]},{\"@type\":\"WebSite\",\"@id\":\"https:\\\/\\\/egytourpackages.com\\\/ro\\\/#website\",\"url\":\"https:\\\/\\\/egytourpackages.com\\\/ro\\\/\",\"name\":\"Egy tour packages\",\"description\":\"\",\"publisher\":{\"@id\":\"https:\\\/\\\/egytourpackages.com\\\/ro\\\/#organization\"},\"potentialAction\":[{\"@type\":\"SearchAction\",\"target\":{\"@type\":\"EntryPoint\",\"urlTemplate\":\"https:\\\/\\\/egytourpackages.com\\\/ro\\\/?s={search_term_string}\"},\"query-input\":{\"@type\":\"PropertyValueSpecification\",\"valueRequired\":true,\"valueName\":\"search_term_string\"}}],\"inLanguage\":\"ro-RO\"},{\"@type\":[\"Organization\",\"Place\",\"TravelAgency\"],\"@id\":\"https:\\\/\\\/egytourpackages.com\\\/ro\\\/#organization\",\"name\":\"egypt tour packages\",\"alternateName\":\"egypt tour packages\",\"url\":\"https:\\\/\\\/egytourpackages.com\\\/ro\\\/\",\"logo\":{\"@id\":\"https:\\\/\\\/egytourpackages.com\\\/ro\\\/tours\\\/excursie-de-2-zile-la-oasis-siwa-din-cairo\\\/#local-main-organization-logo\"},\"image\":{\"@id\":\"https:\\\/\\\/egytourpackages.com\\\/ro\\\/tours\\\/excursie-de-2-zile-la-oasis-siwa-din-cairo\\\/#local-main-organization-logo\"},\"sameAs\":[\"https:\\\/\\\/www.facebook.com\\\/egytourpackages\"],\"legalName\":\"Egy tour packages\",\"address\":{\"@id\":\"https:\\\/\\\/egytourpackages.com\\\/ro\\\/tours\\\/excursie-de-2-zile-la-oasis-siwa-din-cairo\\\/#local-main-place-address\"},\"telephone\":[\"00201000852186\",\"00201028685533\"],\"contactPoint\":{\"@type\":\"ContactPoint\",\"telephone\":\"00201000852186\"},\"openingHoursSpecification\":[{\"@type\":\"OpeningHoursSpecification\",\"dayOfWeek\":[\"Monday\",\"Tuesday\",\"Wednesday\",\"Thursday\",\"Friday\",\"Saturday\",\"Sunday\"],\"opens\":\"00:00\",\"closes\":\"23:59\"}],\"email\":\"info@egytourpackages.com\",\"areaServed\":\"Cairo, Hurghada, Luxor, Sharm El Sheikh, Marsa Alam, Aswan\",\"priceRange\":\"$\",\"currenciesAccepted\":\"euro\",\"paymentAccepted\":\"Payment links online\"},{\"@type\":\"PostalAddress\",\"@id\":\"https:\\\/\\\/egytourpackages.com\\\/ro\\\/tours\\\/excursie-de-2-zile-la-oasis-siwa-din-cairo\\\/#local-main-place-address\",\"streetAddress\":\"Mubarak 8, Al Kawthar District, Hurghada\",\"addressLocality\":\"Hurghada\",\"postalCode\":\"84511\",\"addressRegion\":\"Red Sea\",\"addressCountry\":\"EG\"},{\"@type\":\"ImageObject\",\"inLanguage\":\"ro-RO\",\"@id\":\"https:\\\/\\\/egytourpackages.com\\\/ro\\\/tours\\\/excursie-de-2-zile-la-oasis-siwa-din-cairo\\\/#local-main-organization-logo\",\"url\":\"https:\\\/\\\/egytourpackages.com\\\/wp-content\\\/uploads\\\/2025\\\/12\\\/Turquoise-Dahabiya-Nile-Cruise-1.jpeg\",\"contentUrl\":\"https:\\\/\\\/egytourpackages.com\\\/wp-content\\\/uploads\\\/2025\\\/12\\\/Turquoise-Dahabiya-Nile-Cruise-1.jpeg\",\"width\":1040,\"height\":694,\"caption\":\"egypt tour packages\"}]}<\/script>\n<meta property=\"product:brand\" content=\"Excursii Cairo\" \/>\n<meta property=\"product:price:amount\" content=\"400\" \/>\n<meta property=\"product:price:currency\" content=\"EUR\" \/>\n<meta property=\"og:availability\" content=\"instock\" \/>\n<meta property=\"product:availability\" content=\"instock\" \/>\n<meta property=\"product:retailer_item_id\" content=\"CDT09\" \/>\n<meta property=\"product:condition\" content=\"new\" \/>\n<meta name=\"geo.placename\" content=\"Hurghada\" \/>\n<meta name=\"geo.region\" content=\"Egipt\" \/>\n<!-- \/ Yoast SEO Premium plugin. -->","yoast_head_json":{"title":"Excursie de 2 zile la Oasis Siwa din Cairo","description":"Excursie de 2 zile la Oasis Siwa din Cairo: Descoper\u0103 Templul lui Amun, Baia Cleopatrei \u0219i peisaje de vis \u00een de\u0219ert. Rezerv\u0103 o aventur\u0103 memorabil\u0103 \u00een Egipt!","robots":{"index":"index","follow":"follow","max-snippet":"max-snippet:-1","max-image-preview":"max-image-preview:large","max-video-preview":"max-video-preview:-1"},"canonical":"https:\/\/egytourpackages.com\/ro\/tours\/excursie-de-2-zile-la-oasis-siwa-din-cairo\/","og_locale":"ro_RO","og_type":"article","og_title":"Excursie de 2 zile la Oasis Siwa din Cairo","og_description":"Excursie de 2 zile la Oasis Siwa din Cairo: Descoper\u0103 Templul lui Amun, Baia Cleopatrei \u0219i peisaje de vis \u00een de\u0219ert. Rezerv\u0103 o aventur\u0103 memorabil\u0103 \u00een Egipt!","og_url":"https:\/\/egytourpackages.com\/ro\/tours\/excursie-de-2-zile-la-oasis-siwa-din-cairo\/","og_site_name":"Egypt Tour Packages","article_publisher":"https:\/\/www.facebook.com\/egytourpackages","article_modified_time":"2026-02-10T01:39:58+00:00","og_image":[{"width":1500,"height":1125,"url":"https:\/\/egytourpackages.com\/wp-content\/uploads\/2025\/11\/CleopatraSpring.jpg","type":"image\/jpeg"}],"twitter_card":"summary_large_image","twitter_title":"Excursie de 2 zile la Oasis Siwa din Cairo","twitter_misc":{"Pre\u021b":"&euro;400","Disponibilitate":"\u00cen stoc"},"schema":{"@context":"https:\/\/schema.org","@graph":[{"@type":"WebPage","@id":"https:\/\/egytourpackages.com\/ro\/tours\/excursie-de-2-zile-la-oasis-siwa-din-cairo\/","url":"https:\/\/egytourpackages.com\/ro\/tours\/excursie-de-2-zile-la-oasis-siwa-din-cairo\/","name":"Excursie de 2 zile la Oasis Siwa din Cairo","isPartOf":{"@id":"https:\/\/egytourpackages.com\/ro\/#website"},"primaryImageOfPage":{"@id":"https:\/\/egytourpackages.com\/ro\/tours\/excursie-de-2-zile-la-oasis-siwa-din-cairo\/#primaryimage"},"image":{"@id":"https:\/\/egytourpackages.com\/ro\/tours\/excursie-de-2-zile-la-oasis-siwa-din-cairo\/#primaryimage"},"thumbnailUrl":"https:\/\/egytourpackages.com\/wp-content\/uploads\/2025\/11\/CleopatraSpring.jpg","datePublished":"2025-11-04T14:04:09+00:00","dateModified":"2026-02-10T01:39:58+00:00","description":"Excursie de 2 zile la Oasis Siwa din Cairo: Descoper\u0103 Templul lui Amun, Baia Cleopatrei \u0219i peisaje de vis \u00een de\u0219ert. Rezerv\u0103 o aventur\u0103 memorabil\u0103 \u00een Egipt!","breadcrumb":{"@id":"https:\/\/egytourpackages.com\/ro\/tours\/excursie-de-2-zile-la-oasis-siwa-din-cairo\/#breadcrumb"},"inLanguage":"ro-RO","potentialAction":[{"@type":"ReadAction","target":["https:\/\/egytourpackages.com\/ro\/tours\/excursie-de-2-zile-la-oasis-siwa-din-cairo\/"]}]},{"@type":"ImageObject","inLanguage":"ro-RO","@id":"https:\/\/egytourpackages.com\/ro\/tours\/excursie-de-2-zile-la-oasis-siwa-din-cairo\/#primaryimage","url":"https:\/\/egytourpackages.com\/wp-content\/uploads\/2025\/11\/CleopatraSpring.jpg","contentUrl":"https:\/\/egytourpackages.com\/wp-content\/uploads\/2025\/11\/CleopatraSpring.jpg","width":1500,"height":1125,"caption":"Excursie de 2 zile la Oasis Siwa din Cairo"},{"@type":"BreadcrumbList","@id":"https:\/\/egytourpackages.com\/ro\/tours\/excursie-de-2-zile-la-oasis-siwa-din-cairo\/#breadcrumb","itemListElement":[{"@type":"ListItem","position":1,"name":"Home","item":"https:\/\/egytourpackages.com\/ro\/"},{"@type":"ListItem","position":2,"name":"Shop","item":"https:\/\/egytourpackages.com\/shop\/"},{"@type":"ListItem","position":3,"name":"Excursie de 2 zile la Oasis Siwa din Cairo"}]},{"@type":"WebSite","@id":"https:\/\/egytourpackages.com\/ro\/#website","url":"https:\/\/egytourpackages.com\/ro\/","name":"Egy tour packages","description":"","publisher":{"@id":"https:\/\/egytourpackages.com\/ro\/#organization"},"potentialAction":[{"@type":"SearchAction","target":{"@type":"EntryPoint","urlTemplate":"https:\/\/egytourpackages.com\/ro\/?s={search_term_string}"},"query-input":{"@type":"PropertyValueSpecification","valueRequired":true,"valueName":"search_term_string"}}],"inLanguage":"ro-RO"},{"@type":["Organization","Place","TravelAgency"],"@id":"https:\/\/egytourpackages.com\/ro\/#organization","name":"egypt tour packages","alternateName":"egypt tour packages","url":"https:\/\/egytourpackages.com\/ro\/","logo":{"@id":"https:\/\/egytourpackages.com\/ro\/tours\/excursie-de-2-zile-la-oasis-siwa-din-cairo\/#local-main-organization-logo"},"image":{"@id":"https:\/\/egytourpackages.com\/ro\/tours\/excursie-de-2-zile-la-oasis-siwa-din-cairo\/#local-main-organization-logo"},"sameAs":["https:\/\/www.facebook.com\/egytourpackages"],"legalName":"Egy tour packages","address":{"@id":"https:\/\/egytourpackages.com\/ro\/tours\/excursie-de-2-zile-la-oasis-siwa-din-cairo\/#local-main-place-address"},"telephone":["00201000852186","00201028685533"],"contactPoint":{"@type":"ContactPoint","telephone":"00201000852186"},"openingHoursSpecification":[{"@type":"OpeningHoursSpecification","dayOfWeek":["Monday","Tuesday","Wednesday","Thursday","Friday","Saturday","Sunday"],"opens":"00:00","closes":"23:59"}],"email":"info@egytourpackages.com","areaServed":"Cairo, Hurghada, Luxor, Sharm El Sheikh, Marsa Alam, Aswan","priceRange":"$","currenciesAccepted":"euro","paymentAccepted":"Payment links online"},{"@type":"PostalAddress","@id":"https:\/\/egytourpackages.com\/ro\/tours\/excursie-de-2-zile-la-oasis-siwa-din-cairo\/#local-main-place-address","streetAddress":"Mubarak 8, Al Kawthar District, Hurghada","addressLocality":"Hurghada","postalCode":"84511","addressRegion":"Red Sea","addressCountry":"EG"},{"@type":"ImageObject","inLanguage":"ro-RO","@id":"https:\/\/egytourpackages.com\/ro\/tours\/excursie-de-2-zile-la-oasis-siwa-din-cairo\/#local-main-organization-logo","url":"https:\/\/egytourpackages.com\/wp-content\/uploads\/2025\/12\/Turquoise-Dahabiya-Nile-Cruise-1.jpeg","contentUrl":"https:\/\/egytourpackages.com\/wp-content\/uploads\/2025\/12\/Turquoise-Dahabiya-Nile-Cruise-1.jpeg","width":1040,"height":694,"caption":"egypt tour packages"}]},"product_brand":"Excursii Cairo","product_price_amount":"400","product_price_currency":"EUR","og_availability":"instock","product_availability":"instock","product_retailer_item_id":"CDT09","product_condition":"new","geo.placename":"Hurghada","geo.region":"Egipt"},"_links":{"self":[{"href":"https:\/\/egytourpackages.com\/ro\/wp-json\/wp\/v2\/product\/14756","targetHints":{"allow":["GET"]}}],"collection":[{"href":"https:\/\/egytourpackages.com\/ro\/wp-json\/wp\/v2\/product"}],"about":[{"href":"https:\/\/egytourpackages.com\/ro\/wp-json\/wp\/v2\/types\/product"}],"replies":[{"embeddable":true,"href":"https:\/\/egytourpackages.com\/ro\/wp-json\/wp\/v2\/comments?post=14756"}],"wp:featuredmedia":[{"embeddable":true,"href":"https:\/\/egytourpackages.com\/ro\/wp-json\/wp\/v2\/media\/9063"}],"wp:attachment":[{"href":"https:\/\/egytourpackages.com\/ro\/wp-json\/wp\/v2\/media?parent=14756"}],"wp:term":[{"taxonomy":"product_brand","embeddable":true,"href":"https:\/\/egytourpackages.com\/ro\/wp-json\/wp\/v2\/product_brand?post=14756"},{"taxonomy":"product_cat","embeddable":true,"href":"https:\/\/egytourpackages.com\/ro\/wp-json\/wp\/v2\/product_cat?post=14756"},{"taxonomy":"product_tag","embeddable":true,"href":"https:\/\/egytourpackages.com\/ro\/wp-json\/wp\/v2\/product_tag?post=14756"}],"curies":[{"name":"wp","href":"https:\/\/api.w.org\/{rel}","templated":true}]}}