{"id":15168,"date":"2025-11-03T19:18:16","date_gmt":"2025-11-03T19:18:16","guid":{"rendered":"https:\/\/egytourpackages.com\/product\/spectacol-cu-delfini-in-makadi-bay\/"},"modified":"2026-02-17T15:33:03","modified_gmt":"2026-02-17T15:33:03","slug":"spectacol-cu-delfini-in-makadi-bay","status":"publish","type":"product","link":"https:\/\/egytourpackages.com\/ro\/tours\/spectacol-cu-delfini-in-makadi-bay\/","title":{"rendered":"Spectacol cu Delfini \u00een Makadi Bay"},"content":{"rendered":"<p><span style=\"color: #ff6600;\"><strong>Spectacol cu Delfini \u00een Makadi Bay | Cele mai Bune Excursii de Familie \u00een Makadi Bay<\/strong><\/span><\/p>\n<p>Rezerva\u021bi-v\u0103 biletele pentru spectaculosul <strong>Dolphin Show Makadi<\/strong>, un eveniment care nu trebuie ratat \u0219i una dintre <strong>cele mai bune excursii de familie<\/strong> \u00een Makadi Bay.<\/p>\n<p>Aceast\u0103 captivant\u0103 <strong>Excursie \u00een Makadi Bay<\/strong> ofer\u0103 o experien\u021b\u0103 palpitant\u0103 \u0219i emo\u021bionant\u0103, perfect\u0103 pentru a crea <strong>amintiri de familie<\/strong> pre\u021bioase \u0219i pentru a v\u0103 bucura de o <strong>scurt\u0103 pauz\u0103<\/strong> de neuitat \u00een timpul <strong>vacan\u021bei dumneavoastr\u0103 \u00een Egipt<\/strong>.<\/p>\n<p>Fi\u021bi martori la inteligen\u021ba \u0219i agilitatea incredibil\u0103 a <strong>delfinilor<\/strong> \u0219i a <strong>leilor de mare<\/strong>, \u00een timp ce ace\u0219tia realizeaz\u0103 trucuri uimitoare, acroba\u021bii \u0219i momente interactive concepute s\u0103 \u00eei \u00eenc\u00e2nte pe copii \u0219i pe adul\u021bi deopotriv\u0103.<\/p>\n<p><strong>Spectacolul nostru cu delfini<\/strong> are loc \u00eentr-un complex acvatic modern \u0219i sigur, asigur\u00e2nd o vedere confortabil\u0103 \u0219i de aproape a acestor magnifice <strong>mamifere marine<\/strong>.<\/p>\n<p>Acest tur ofer\u0103 <strong>distrac\u021bie \u00een familie<\/strong> garantat\u0103 \u0219i o valoare de divertisment ridicat\u0103, f\u0103c\u00e2ndu-l un candidat de top printre <strong>atrac\u021biile din Makadi Bay<\/strong>.<\/p>\n<p>\u00cembun\u0103t\u0103\u021bi\u021bi-v\u0103 experien\u021ba cu o sesiune op\u021bional\u0103 de <strong>\u00cenot cu Delfinii<\/strong> dup\u0103 spectacol, oferind o oportunitate unic\u0103 pentru <strong>terapie acvatic\u0103<\/strong> \u0219i o interac\u021biune autentic\u0103 cu aceste animale bl\u00e2nde.<\/p>\n<p>Experimenta\u021bi magia celor mai iubite creaturi ale M\u0103rii Ro\u0219ii f\u0103r\u0103 m\u0103car s\u0103 v\u0103 uda\u021bi (dec\u00e2t dac\u0103 alege\u021bi op\u021biunea de \u00eenot)!<\/p>\n<h3><span style=\"color: #ff6600;\">Detalii Tur<\/span><\/h3>\n<ul>\n<li>Durat\u0103: Aproximativ 3 ore (Durata spectacolului: 45\u201360 minute)<\/li>\n<li>Loca\u021bie: Dolphin World (L\u00e2ng\u0103 Makadi Bay \/ Hurghada)<\/li>\n<li>Disponibilitate: Zilnic (Verifica\u021bi programul pentru orele de spectacol)<\/li>\n<li>Preluare \u0219i Retur: Hotelul dumneavoastr\u0103 din Makadi Bay<\/li>\n<li>Tip: \u00cen grup<\/li>\n<\/ul>\n<h3><span style=\"color: #ff6600;\">Momente de Rezonan\u021b\u0103 ale Turului<\/span><\/h3>\n<ul>\n<li>Spectacol spectaculos de 45 de minute cu delfini \u0219i lei de mare.<\/li>\n<li>Urm\u0103ri\u021bi acroba\u021bii \u0219i trucuri inteligente.<\/li>\n<li>Distrac\u021bie ideal\u0103 pentru familie \u0219i activitate pentru copii.<\/li>\n<li>Op\u021biune de \u00eenot cu delfinii sau sesiune foto cu delfinii.<\/li>\n<li>Transferuri u\u0219oare \u0219i confortabile din Makadi Bay.<\/li>\n<\/ul>\n<h3><span style=\"color: #ff6600;\">Incluziuni<\/span><\/h3>\n<ul>\n<li>Transfer dus-\u00eentors de la hotelul dumneavoastr\u0103 din Makadi Bay cu un vehicul modern dotat cu aer condi\u021bionat.<\/li>\n<li>Bilet de intrare la arena unde are loc Spectacolul cu Delfini.<\/li>\n<li>Asisten\u021b\u0103 din partea unui reprezentant (vorbitor de limba englez\u0103\/spaniol\u0103).<\/li>\n<\/ul>\n<h3><span style=\"color: #ff6600;\">Excluderi<\/span><\/h3>\n<ul>\n<li>Taxele pentru \u00eenotul cu delfinii sau sesiunea foto (extra op\u021bional).<\/li>\n<li>Bac\u0219i\u0219uri (recomandate pentru \u0219ofer \u0219i antrenori).<\/li>\n<li>Alimente sau b\u0103uturi \u00een interiorul arenei.<\/li>\n<\/ul>\n<h3><span style=\"color: #ff6600;\">Ce s\u0103 lua\u021bi cu dumneavoastr\u0103<\/span><\/h3>\n<ul>\n<li>Aparat foto sau telefon (pentru a surprinde spectacolul).<\/li>\n<li>Costum de baie \u0219i prosop (Doar dac\u0103 rezerva\u021bi op\u021biunea de \u00cenot cu Delfinii).<\/li>\n<li>P\u0103l\u0103rie sau ochelari de soare (pentru exteriorul arenei).<\/li>\n<li>Ni\u0219te bani ghea\u021b\u0103 pentru fotografii op\u021bionale, gust\u0103ri \u0219i cheltuieli personale.<\/li>\n<\/ul>\n<h2><span style=\"color: #993366;\"><em>Itinerariu<\/em><\/span><\/h2>\n<p><strong><span style=\"color: #800080;\"><em>Preluarea \u00eenainte de spectacol:<\/em><\/span><\/strong><\/p>\n<p>Vehiculul dumneavoastr\u0103 cu aer condi\u021bionat v\u0103 va prelua de la hotelul din Makadi Bay (ora este ajustat\u0103 \u00een func\u021bie de programul zilnic al spectacolului).<\/p>\n<p><span style=\"color: #800080;\"><em><strong>Sosirea la Dolphin World:<\/strong><\/em><\/span><\/p>\n<p>Ajunge\u021bi la complexul acvatic modern. Reprezentantul dumneavoastr\u0103 v\u0103 va ajuta cu biletele \u0219i intrarea \u00een arena unde are loc <strong>Spectacolul cu Delfini<\/strong>.<\/p>\n<p><span style=\"color: #800080;\"><em><strong>Spectacolul cu Delfini:<\/strong><\/em><\/span><\/p>\n<p>Lua\u021bi-v\u0103 locul \u0219i bucura\u021bi-v\u0103 de spectacolul spectaculos de <strong>45\u201360 de minute<\/strong>, cu delfini \u0219i lei de mare care execut\u0103 rutine coregrafiate, trucuri cu mingea \u0219i s\u0103rituri \u00eenalte.<\/p>\n<p><span style=\"color: #800080;\"><em><strong>Activit\u0103\u021bi op\u021bionale (cost suplimentar):<\/strong><\/em><\/span><\/p>\n<p>Oaspe\u021bii care au rezervat \u00een prealabil sesiunea de <strong>\u00cenot cu Delfinii<\/strong> vor merge la zona piscinei pentru interac\u021biunea personalizat\u0103 \u00een ap\u0103 (de obicei 10\u201315 minute). Ceilal\u021bi pot opta pentru o sesiune foto rapid\u0103 cu delfinii de pe marginea piscinei.<\/p>\n<p><span style=\"color: #800080;\"><em><strong>\u00centoarcerea \u00een Makadi Bay:<\/strong><\/em><\/span><\/p>\n<p>Grupul se reune\u0219te dup\u0103 spectacol \u0219i activit\u0103\u021bile op\u021bionale, iar vehiculul cu aer condi\u021bionat ofer\u0103 un transfer confortabil \u00eenapoi la hotelul dumneavoastr\u0103 din Makadi Bay.<\/p>\n<h3><span style=\"color: #ff6600;\">Pre\u021b Tur Spectacol cu Delfini Makadi<\/span><\/h3>\n<p>Pre\u021b Adult = 15 \u20ac<\/p>\n<p>Copii 5\u201311 ani = 50 la sut\u0103 din pre\u021bul pentru adul\u021bi<\/p>\n<p>Sugari 0\u20135 ani = Gratuit<\/p>\n<h3><span style=\"color: #ff6600;\">Rezervare<\/span><\/h3>\n<p>Pute\u021bi rezerva turul dumneavoastr\u0103 prin WhatsApp sau ne pute\u021bi trimite un e-mail, iar confirmarea o ve\u021bi primi pe loc.<\/p>\n<p>V\u0103 rug\u0103m s\u0103 ne trimite\u021bi numele hotelului \u0219i num\u0103rul camerei.<\/p>\n<p>WhatsApp: +201000852186<\/p>\n<p>E-mail: info@egytourpackages.com<\/p>\n<h3><span style=\"color: #ff6600;\">Rezerva\u021bi acum \u0219i pl\u0103ti\u021bi la fa\u021ba locului<\/span><\/h3>\n<p>Rezerva\u021bi turul preferat \u0219i pl\u0103ti\u021bi \u00een ziua c\u0103l\u0103toriei.<\/p>\n<h3><span style=\"color: #ff6600;\">Plat\u0103<\/span><\/h3>\n<p>Pute\u021bi pl\u0103ti \u00een lire egiptene, dolari americani, euro sau lire sterline.<\/p>\n<h2><span style=\"color: #800080;\"><em>\u00centreb\u0103ri Frecvente \u0219i Note<\/em><\/span><\/h2>\n<h3><span style=\"color: #ff6600;\">Este \u00eenotul cu delfinii inclus \u00een pre\u021bul de baz\u0103?<\/span><\/h3>\n<p>Nu, sesiunea de \u00eenot cu delfinii \u0219i sesiunea foto cu delfinii sunt extra op\u021bionale \u0219i necesit\u0103 o tax\u0103 separat\u0103, care trebuie rezervat\u0103 \u0219i pl\u0103tit\u0103 \u00een plus fa\u021b\u0103 de biletul principal de intrare la spectacol.<\/p>\n<h3><span style=\"color: #ff6600;\">C\u00e2t de aproape ajungem de delfini \u00een timpul spectacolului?<\/span><\/h3>\n<p>Locurile din aren\u0103 sunt concepute pentru a oferi vederi excelente, iar delfinii \u00eenoat\u0103 adesea aproape de primele r\u00e2nduri. Oaspe\u021bii cu locuri \u00een prime r\u00e2nduri pot fi ocazional stropi\u021bi!<\/p>\n<h3><span style=\"color: #ff6600;\">Este complexul parcului acvatic deschis \u00een timpul spectacolului?<\/span><\/h3>\n<p>Spectacolul are loc \u00eentr-o aren\u0103 dedicat\u0103, interioar\u0103\/exterioar\u0103. Accesul la alte atrac\u021bii sau facilit\u0103\u021bi ale parcului acvatic poate necesita un bilet separat care nu este inclus \u00een pachetul Spectacolului cu Delfini.<\/p>\n<h3><span style=\"color: #ff6600;\">Este permis\u0103 fotografierea \u00een timpul spectacolului?<\/span><\/h3>\n<p>Da, fotografierea f\u0103r\u0103 bli\u021b este \u00een general permis\u0103 \u00een timpul Spectacolului cu Delfini. Cu toate acestea, sesiunile foto profesionale cu delfinii (dup\u0103 spectacol) sunt disponibile pentru o tax\u0103 suplimentar\u0103.<\/p>\n<h3><span style=\"color: #ff6600;\">Este aceasta o activitate potrivit\u0103 pentru copiii mici?<\/span><\/h3>\n<p>Da, spectacolul vizual \u0219i muzica captivant\u0103 fac din Spectacolul cu Delfini o activitate foarte antrenant\u0103 \u0219i adecvat\u0103 pentru copiii mici \u0219i sugari.<\/p>\n","protected":false},"excerpt":{"rendered":"<p>Rezerva\u021bi un <b data-path-to-node=\"0\" data-index-in-node=\"13\">Spectacol cu Delfini \u00een Makadi Bay<\/b>. O excursie de familie ideal\u0103 cu acroba\u021bii, lei de mare \u0219i \u00eenot op\u021bional. Cel mai bun pre\u021b garantat aici!<\/p>\n","protected":false},"featured_media":9017,"comment_status":"closed","ping_status":"closed","template":"","meta":[],"product_brand":[],"product_cat":[3120],"product_tag":[3203,3201],"class_list":{"0":"post-15168","1":"product","2":"type-product","3":"status-publish","4":"has-post-thumbnail","6":"product_cat-tururi","7":"product_tag-excursii-de-o-zi-in-egipt","8":"product_tag-excursii-in-hurghada","9":"tour_category-cele-mai-bune-lucruri-de-facut-in-hurghada-cu-copiii","10":"tour_category-excursii-de-o-zi-in-egipt-ro","11":"tour_category-excursii-hurghada-ro","13":"first","14":"instock","15":"sale","16":"shipping-taxable","17":"purchasable","18":"product-type-tour","19":"has-default-attributes"},"yoast_head":"<!-- This site is optimized with the Yoast SEO Premium plugin v27.2 (Yoast SEO v27.2) - https:\/\/yoast.com\/product\/yoast-seo-premium-wordpress\/ -->\n<title>Spectacol cu Delfini \u00een Makadi Bay<\/title>\n<meta name=\"description\" content=\"Rezerva\u021bi un Spectacol cu Delfini \u00een Makadi Bay. O excursie de familie ideal\u0103 cu acroba\u021bii, lei de mare \u0219i \u00eenot op\u021bional. Cel mai bun pre\u021b garantat aici!\" \/>\n<meta name=\"robots\" content=\"index, follow, max-snippet:-1, max-image-preview:large, max-video-preview:-1\" \/>\n<link rel=\"canonical\" href=\"https:\/\/egytourpackages.com\/ro\/tours\/spectacol-cu-delfini-in-makadi-bay\/\" \/>\n<meta property=\"og:locale\" content=\"ro_RO\" \/>\n<meta property=\"og:type\" content=\"article\" \/>\n<meta property=\"og:title\" content=\"Spectacol cu Delfini \u00een Makadi Bay\" \/>\n<meta property=\"og:description\" content=\"Rezerva\u021bi un Spectacol cu Delfini \u00een Makadi Bay. O excursie de familie ideal\u0103 cu acroba\u021bii, lei de mare \u0219i \u00eenot op\u021bional. Cel mai bun pre\u021b garantat aici!\" \/>\n<meta property=\"og:url\" content=\"https:\/\/egytourpackages.com\/ro\/tours\/spectacol-cu-delfini-in-makadi-bay\/\" \/>\n<meta property=\"og:site_name\" content=\"Egypt Tour Packages\" \/>\n<meta property=\"article:publisher\" content=\"https:\/\/www.facebook.com\/egytourpackages\" \/>\n<meta property=\"article:modified_time\" content=\"2026-02-17T15:33:03+00:00\" \/>\n<meta property=\"og:image\" content=\"https:\/\/egytourpackages.com\/wp-content\/uploads\/2025\/11\/Makadi-Dolphin-Show-Tour-1024x768.jpeg\" \/>\n<meta name=\"twitter:card\" content=\"summary_large_image\" \/>\n<meta name=\"twitter:title\" content=\"Spectacol cu Delfini \u00een Makadi Bay\" \/>\n<meta name=\"twitter:label1\" content=\"Pre\u021b\" \/>\n\t<meta name=\"twitter:data1\" content=\"&euro;15\" \/>\n\t<meta name=\"twitter:label2\" content=\"Disponibilitate\" \/>\n\t<meta name=\"twitter:data2\" content=\"\u00cen stoc\" \/>\n<script type=\"application\/ld+json\" class=\"yoast-schema-graph\">{\"@context\":\"https:\/\/schema.org\",\"@graph\":[{\"@type\":\"WebPage\",\"@id\":\"https:\/\/egytourpackages.com\/ro\/tours\/spectacol-cu-delfini-in-makadi-bay\/\",\"url\":\"https:\/\/egytourpackages.com\/ro\/tours\/spectacol-cu-delfini-in-makadi-bay\/\",\"name\":\"Spectacol cu Delfini \u00een Makadi Bay\",\"isPartOf\":{\"@id\":\"https:\/\/egytourpackages.com\/ro\/#website\"},\"primaryImageOfPage\":{\"@id\":\"https:\/\/egytourpackages.com\/ro\/tours\/spectacol-cu-delfini-in-makadi-bay\/#primaryimage\"},\"image\":{\"@id\":\"https:\/\/egytourpackages.com\/ro\/tours\/spectacol-cu-delfini-in-makadi-bay\/#primaryimage\"},\"thumbnailUrl\":\"https:\/\/egytourpackages.com\/wp-content\/uploads\/2025\/11\/Makadi-Dolphin-Show-Tour.jpeg\",\"datePublished\":\"2025-11-03T19:18:16+00:00\",\"dateModified\":\"2026-02-17T15:33:03+00:00\",\"description\":\"Rezerva\u021bi un Spectacol cu Delfini \u00een Makadi Bay. O excursie de familie ideal\u0103 cu acroba\u021bii, lei de mare \u0219i \u00eenot op\u021bional. Cel mai bun pre\u021b garantat aici!\",\"breadcrumb\":{\"@id\":\"https:\/\/egytourpackages.com\/ro\/tours\/spectacol-cu-delfini-in-makadi-bay\/#breadcrumb\"},\"inLanguage\":\"ro-RO\",\"potentialAction\":[{\"@type\":\"ReadAction\",\"target\":[\"https:\/\/egytourpackages.com\/ro\/tours\/spectacol-cu-delfini-in-makadi-bay\/\"]}]},{\"@type\":\"ImageObject\",\"inLanguage\":\"ro-RO\",\"@id\":\"https:\/\/egytourpackages.com\/ro\/tours\/spectacol-cu-delfini-in-makadi-bay\/#primaryimage\",\"url\":\"https:\/\/egytourpackages.com\/wp-content\/uploads\/2025\/11\/Makadi-Dolphin-Show-Tour.jpeg\",\"contentUrl\":\"https:\/\/egytourpackages.com\/wp-content\/uploads\/2025\/11\/Makadi-Dolphin-Show-Tour.jpeg\",\"width\":1150,\"height\":862,\"caption\":\"Spectacol cu Delfini \u00een Makadi Bay\"},{\"@type\":\"BreadcrumbList\",\"@id\":\"https:\/\/egytourpackages.com\/ro\/tours\/spectacol-cu-delfini-in-makadi-bay\/#breadcrumb\",\"itemListElement\":[{\"@type\":\"ListItem\",\"position\":1,\"name\":\"Home\",\"item\":\"https:\/\/egytourpackages.com\/ro\/\"},{\"@type\":\"ListItem\",\"position\":2,\"name\":\"Shop\",\"item\":\"https:\/\/egytourpackages.com\/shop\/\"},{\"@type\":\"ListItem\",\"position\":3,\"name\":\"Spectacol cu Delfini \u00een Makadi Bay\"}]},{\"@type\":\"WebSite\",\"@id\":\"https:\/\/egytourpackages.com\/ro\/#website\",\"url\":\"https:\/\/egytourpackages.com\/ro\/\",\"name\":\"Egy tour packages\",\"description\":\"\",\"publisher\":{\"@id\":\"https:\/\/egytourpackages.com\/ro\/#organization\"},\"potentialAction\":[{\"@type\":\"SearchAction\",\"target\":{\"@type\":\"EntryPoint\",\"urlTemplate\":\"https:\/\/egytourpackages.com\/ro\/?s={search_term_string}\"},\"query-input\":{\"@type\":\"PropertyValueSpecification\",\"valueRequired\":true,\"valueName\":\"search_term_string\"}}],\"inLanguage\":\"ro-RO\"},{\"@type\":[\"Organization\",\"Place\",\"TravelAgency\"],\"@id\":\"https:\/\/egytourpackages.com\/ro\/#organization\",\"name\":\"egypt tour packages\",\"alternateName\":\"egypt tour packages\",\"url\":\"https:\/\/egytourpackages.com\/ro\/\",\"logo\":{\"@id\":\"https:\/\/egytourpackages.com\/ro\/tours\/spectacol-cu-delfini-in-makadi-bay\/#local-main-organization-logo\"},\"image\":{\"@id\":\"https:\/\/egytourpackages.com\/ro\/tours\/spectacol-cu-delfini-in-makadi-bay\/#local-main-organization-logo\"},\"sameAs\":[\"https:\/\/www.facebook.com\/egytourpackages\"],\"legalName\":\"Egy tour packages\",\"address\":{\"@id\":\"https:\/\/egytourpackages.com\/ro\/tours\/spectacol-cu-delfini-in-makadi-bay\/#local-main-place-address\"},\"telephone\":[\"00201000852186\",\"00201028685533\"],\"contactPoint\":{\"@type\":\"ContactPoint\",\"telephone\":\"00201000852186\"},\"openingHoursSpecification\":[{\"@type\":\"OpeningHoursSpecification\",\"dayOfWeek\":[\"Monday\",\"Tuesday\",\"Wednesday\",\"Thursday\",\"Friday\",\"Saturday\",\"Sunday\"],\"opens\":\"00:00\",\"closes\":\"23:59\"}],\"email\":\"info@egytourpackages.com\",\"areaServed\":\"Cairo, Hurghada, Luxor, Sharm El Sheikh, Marsa Alam, Aswan\",\"priceRange\":\"$\",\"currenciesAccepted\":\"euro\",\"paymentAccepted\":\"Payment links online\"},{\"@type\":\"PostalAddress\",\"@id\":\"https:\/\/egytourpackages.com\/ro\/tours\/spectacol-cu-delfini-in-makadi-bay\/#local-main-place-address\",\"streetAddress\":\"Mubarak 8, Al Kawthar District, Hurghada\",\"addressLocality\":\"Hurghada\",\"postalCode\":\"84511\",\"addressRegion\":\"Red Sea\",\"addressCountry\":\"EG\"},{\"@type\":\"ImageObject\",\"inLanguage\":\"ro-RO\",\"@id\":\"https:\/\/egytourpackages.com\/ro\/tours\/spectacol-cu-delfini-in-makadi-bay\/#local-main-organization-logo\",\"url\":\"https:\/\/egytourpackages.com\/wp-content\/uploads\/2025\/12\/Turquoise-Dahabiya-Nile-Cruise-1.jpeg\",\"contentUrl\":\"https:\/\/egytourpackages.com\/wp-content\/uploads\/2025\/12\/Turquoise-Dahabiya-Nile-Cruise-1.jpeg\",\"width\":1040,\"height\":694,\"caption\":\"egypt tour packages\"}]}<\/script>\n<meta property=\"product:brand\" content=\"Cele mai bune lucruri de f\u0103cut \u00een Hurghada cu copiii\" \/>\n<meta property=\"product:price:amount\" content=\"15\" \/>\n<meta property=\"product:price:currency\" content=\"EUR\" \/>\n<meta property=\"og:availability\" content=\"instock\" \/>\n<meta property=\"product:availability\" content=\"instock\" \/>\n<meta property=\"product:retailer_item_id\" content=\"HDT30\" \/>\n<meta property=\"product:condition\" content=\"new\" \/>\n<meta name=\"geo.placename\" content=\"Hurghada\" \/>\n<meta name=\"geo.region\" content=\"Egipt\" \/>\n<!-- \/ Yoast SEO Premium plugin. -->","yoast_head_json":{"title":"Spectacol cu Delfini \u00een Makadi Bay","description":"Rezerva\u021bi un Spectacol cu Delfini \u00een Makadi Bay. O excursie de familie ideal\u0103 cu acroba\u021bii, lei de mare \u0219i \u00eenot op\u021bional. Cel mai bun pre\u021b garantat aici!","robots":{"index":"index","follow":"follow","max-snippet":"max-snippet:-1","max-image-preview":"max-image-preview:large","max-video-preview":"max-video-preview:-1"},"canonical":"https:\/\/egytourpackages.com\/ro\/tours\/spectacol-cu-delfini-in-makadi-bay\/","og_locale":"ro_RO","og_type":"article","og_title":"Spectacol cu Delfini \u00een Makadi Bay","og_description":"Rezerva\u021bi un Spectacol cu Delfini \u00een Makadi Bay. O excursie de familie ideal\u0103 cu acroba\u021bii, lei de mare \u0219i \u00eenot op\u021bional. Cel mai bun pre\u021b garantat aici!","og_url":"https:\/\/egytourpackages.com\/ro\/tours\/spectacol-cu-delfini-in-makadi-bay\/","og_site_name":"Egypt Tour Packages","article_publisher":"https:\/\/www.facebook.com\/egytourpackages","article_modified_time":"2026-02-17T15:33:03+00:00","og_image":[{"url":"https:\/\/egytourpackages.com\/wp-content\/uploads\/2025\/11\/Makadi-Dolphin-Show-Tour-1024x768.jpeg","type":"","width":"","height":""}],"twitter_card":"summary_large_image","twitter_title":"Spectacol cu Delfini \u00een Makadi Bay","twitter_misc":{"Pre\u021b":"&euro;15","Disponibilitate":"\u00cen stoc"},"schema":{"@context":"https:\/\/schema.org","@graph":[{"@type":"WebPage","@id":"https:\/\/egytourpackages.com\/ro\/tours\/spectacol-cu-delfini-in-makadi-bay\/","url":"https:\/\/egytourpackages.com\/ro\/tours\/spectacol-cu-delfini-in-makadi-bay\/","name":"Spectacol cu Delfini \u00een Makadi Bay","isPartOf":{"@id":"https:\/\/egytourpackages.com\/ro\/#website"},"primaryImageOfPage":{"@id":"https:\/\/egytourpackages.com\/ro\/tours\/spectacol-cu-delfini-in-makadi-bay\/#primaryimage"},"image":{"@id":"https:\/\/egytourpackages.com\/ro\/tours\/spectacol-cu-delfini-in-makadi-bay\/#primaryimage"},"thumbnailUrl":"https:\/\/egytourpackages.com\/wp-content\/uploads\/2025\/11\/Makadi-Dolphin-Show-Tour.jpeg","datePublished":"2025-11-03T19:18:16+00:00","dateModified":"2026-02-17T15:33:03+00:00","description":"Rezerva\u021bi un Spectacol cu Delfini \u00een Makadi Bay. O excursie de familie ideal\u0103 cu acroba\u021bii, lei de mare \u0219i \u00eenot op\u021bional. Cel mai bun pre\u021b garantat aici!","breadcrumb":{"@id":"https:\/\/egytourpackages.com\/ro\/tours\/spectacol-cu-delfini-in-makadi-bay\/#breadcrumb"},"inLanguage":"ro-RO","potentialAction":[{"@type":"ReadAction","target":["https:\/\/egytourpackages.com\/ro\/tours\/spectacol-cu-delfini-in-makadi-bay\/"]}]},{"@type":"ImageObject","inLanguage":"ro-RO","@id":"https:\/\/egytourpackages.com\/ro\/tours\/spectacol-cu-delfini-in-makadi-bay\/#primaryimage","url":"https:\/\/egytourpackages.com\/wp-content\/uploads\/2025\/11\/Makadi-Dolphin-Show-Tour.jpeg","contentUrl":"https:\/\/egytourpackages.com\/wp-content\/uploads\/2025\/11\/Makadi-Dolphin-Show-Tour.jpeg","width":1150,"height":862,"caption":"Spectacol cu Delfini \u00een Makadi Bay"},{"@type":"BreadcrumbList","@id":"https:\/\/egytourpackages.com\/ro\/tours\/spectacol-cu-delfini-in-makadi-bay\/#breadcrumb","itemListElement":[{"@type":"ListItem","position":1,"name":"Home","item":"https:\/\/egytourpackages.com\/ro\/"},{"@type":"ListItem","position":2,"name":"Shop","item":"https:\/\/egytourpackages.com\/shop\/"},{"@type":"ListItem","position":3,"name":"Spectacol cu Delfini \u00een Makadi Bay"}]},{"@type":"WebSite","@id":"https:\/\/egytourpackages.com\/ro\/#website","url":"https:\/\/egytourpackages.com\/ro\/","name":"Egy tour packages","description":"","publisher":{"@id":"https:\/\/egytourpackages.com\/ro\/#organization"},"potentialAction":[{"@type":"SearchAction","target":{"@type":"EntryPoint","urlTemplate":"https:\/\/egytourpackages.com\/ro\/?s={search_term_string}"},"query-input":{"@type":"PropertyValueSpecification","valueRequired":true,"valueName":"search_term_string"}}],"inLanguage":"ro-RO"},{"@type":["Organization","Place","TravelAgency"],"@id":"https:\/\/egytourpackages.com\/ro\/#organization","name":"egypt tour packages","alternateName":"egypt tour packages","url":"https:\/\/egytourpackages.com\/ro\/","logo":{"@id":"https:\/\/egytourpackages.com\/ro\/tours\/spectacol-cu-delfini-in-makadi-bay\/#local-main-organization-logo"},"image":{"@id":"https:\/\/egytourpackages.com\/ro\/tours\/spectacol-cu-delfini-in-makadi-bay\/#local-main-organization-logo"},"sameAs":["https:\/\/www.facebook.com\/egytourpackages"],"legalName":"Egy tour packages","address":{"@id":"https:\/\/egytourpackages.com\/ro\/tours\/spectacol-cu-delfini-in-makadi-bay\/#local-main-place-address"},"telephone":["00201000852186","00201028685533"],"contactPoint":{"@type":"ContactPoint","telephone":"00201000852186"},"openingHoursSpecification":[{"@type":"OpeningHoursSpecification","dayOfWeek":["Monday","Tuesday","Wednesday","Thursday","Friday","Saturday","Sunday"],"opens":"00:00","closes":"23:59"}],"email":"info@egytourpackages.com","areaServed":"Cairo, Hurghada, Luxor, Sharm El Sheikh, Marsa Alam, Aswan","priceRange":"$","currenciesAccepted":"euro","paymentAccepted":"Payment links online"},{"@type":"PostalAddress","@id":"https:\/\/egytourpackages.com\/ro\/tours\/spectacol-cu-delfini-in-makadi-bay\/#local-main-place-address","streetAddress":"Mubarak 8, Al Kawthar District, Hurghada","addressLocality":"Hurghada","postalCode":"84511","addressRegion":"Red Sea","addressCountry":"EG"},{"@type":"ImageObject","inLanguage":"ro-RO","@id":"https:\/\/egytourpackages.com\/ro\/tours\/spectacol-cu-delfini-in-makadi-bay\/#local-main-organization-logo","url":"https:\/\/egytourpackages.com\/wp-content\/uploads\/2025\/12\/Turquoise-Dahabiya-Nile-Cruise-1.jpeg","contentUrl":"https:\/\/egytourpackages.com\/wp-content\/uploads\/2025\/12\/Turquoise-Dahabiya-Nile-Cruise-1.jpeg","width":1040,"height":694,"caption":"egypt tour packages"}]},"product_brand":"Cele mai bune lucruri de f\u0103cut \u00een Hurghada cu copiii","product_price_amount":"15","product_price_currency":"EUR","og_availability":"instock","product_availability":"instock","product_retailer_item_id":"HDT30","product_condition":"new","geo.placename":"Hurghada","geo.region":"Egipt"},"_links":{"self":[{"href":"https:\/\/egytourpackages.com\/ro\/wp-json\/wp\/v2\/product\/15168","targetHints":{"allow":["GET"]}}],"collection":[{"href":"https:\/\/egytourpackages.com\/ro\/wp-json\/wp\/v2\/product"}],"about":[{"href":"https:\/\/egytourpackages.com\/ro\/wp-json\/wp\/v2\/types\/product"}],"replies":[{"embeddable":true,"href":"https:\/\/egytourpackages.com\/ro\/wp-json\/wp\/v2\/comments?post=15168"}],"wp:featuredmedia":[{"embeddable":true,"href":"https:\/\/egytourpackages.com\/ro\/wp-json\/wp\/v2\/media\/9017"}],"wp:attachment":[{"href":"https:\/\/egytourpackages.com\/ro\/wp-json\/wp\/v2\/media?parent=15168"}],"wp:term":[{"taxonomy":"product_brand","embeddable":true,"href":"https:\/\/egytourpackages.com\/ro\/wp-json\/wp\/v2\/product_brand?post=15168"},{"taxonomy":"product_cat","embeddable":true,"href":"https:\/\/egytourpackages.com\/ro\/wp-json\/wp\/v2\/product_cat?post=15168"},{"taxonomy":"product_tag","embeddable":true,"href":"https:\/\/egytourpackages.com\/ro\/wp-json\/wp\/v2\/product_tag?post=15168"}],"curies":[{"name":"wp","href":"https:\/\/api.w.org\/{rel}","templated":true}]}}