{"id":15287,"date":"2026-02-12T11:32:31","date_gmt":"2026-02-12T11:32:31","guid":{"rendered":"https:\/\/egytourpackages.com\/product\/transferuri-private-de-la-aeroportul-hurghada-la-soma-bay\/"},"modified":"2026-02-20T22:06:51","modified_gmt":"2026-02-20T22:06:51","slug":"transferuri-private-de-la-aeroportul-hurghada-la-soma-bay","status":"publish","type":"product","link":"https:\/\/egytourpackages.com\/ro\/tours\/transferuri-private-de-la-aeroportul-hurghada-la-soma-bay\/","title":{"rendered":"Transferuri Private de la Aeroportul Hurghada la Soma Bay"},"content":{"rendered":"<p><span style=\"color: #ff6600;\"><strong>Transferuri Private de la Aeroportul Hurghada la Soma Bay: C\u0103l\u0103tore\u0219te F\u0103r\u0103 Stres<\/strong><\/span><\/p>\n<p>Experimenteaz\u0103 confortul suprem cu un <strong>transfer privat de la Aeroportul Hurghada la Soma Bay<\/strong>. Evit\u0103 cozile lungi la taxi \u0219i autobuzele de transfer aglomerate rezerv\u00e2nd o <strong>c\u0103l\u0103torie f\u0103r\u0103 stres<\/strong> direct c\u0103tre resortul t\u0103u.<\/p>\n<p>Indiferent dac\u0103 e\u0219ti cazat la Cascades, Kempinski sau Sheraton, <strong>transferurile noastre de lux de la aeroport<\/strong> \u00ee\u021bi asigur\u0103 un \u00eenceput de vacan\u021b\u0103 cu stil.<\/p>\n<h3><span style=\"color: #ff6600;\">Serviciu de Preluare de la Aeroport Fiabil 24\/7<\/span><\/h3>\n<p><strong>Transferul nostru de la Hurghada la Soma Bay<\/strong> este disponibil 24 de ore pe zi, 7 zile pe s\u0103pt\u0103m\u00e2n\u0103. Monitoriz\u0103m starea zborului t\u0103u \u00een timp real, a\u0219a c\u0103, chiar dac\u0103 zborul t\u0103u are \u00eent\u00e2rziere, <strong>\u0219oferul t\u0103u privat<\/strong> va fi acolo.<\/p>\n<p>La aterizare, \u0219oferul te va a\u0219tepta \u00een fa\u021ba s\u0103lii de sosiri \u021bin\u00e2nd un <strong>panou cu numele t\u0103u<\/strong>.<\/p>\n<h3><span style=\"color: #ff6600;\">De ce s\u0103 alegi Egy Tour Packages pentru transferul t\u0103u la Soma Bay?<\/span><\/h3>\n<p>Ne m\u00e2ndrim cu furnizarea unui serviciu de transport premium adaptat nevoilor tale. Flota noastr\u0103 este format\u0103 din ma\u0219ini moderne, pentru nefum\u0103tori, dotate cu cele mai noi facilit\u0103\u021bi pentru a asigura o c\u0103l\u0103torie pl\u0103cut\u0103.<\/p>\n<ul>\n<li><span style=\"color: #993366;\"><em><strong>Flot\u0103 de Lux:<\/strong><\/em><\/span> Bucur\u0103-te de vehicule cu aer condi\u021bionat \u0219i scaune spa\u021bioase, rabatabile.<\/li>\n<li><span style=\"color: #993366;\"><em><strong>\u0218oferi Profesioni\u0219ti:<\/strong><\/em><\/span> Echipa noastr\u0103 este format\u0103 din \u0219oferi politico\u0219i, multilingvi, care prioritizeaz\u0103 siguran\u021ba ta.<\/li>\n<li><span style=\"color: #993366;\"><em><strong>Rezervare Last-Minute:<\/strong><\/em><\/span> Po\u021bi rezerva ma\u0219ina privat\u0103 c\u0103tre Soma Bay cu p\u00e2n\u0103 la o or\u0103 \u00eenainte de sosire.<\/li>\n<li><span style=\"color: #993366;\"><em><strong>Serviciu Door-to-Door:<\/strong><\/em><\/span> Ne ocup\u0103m de bagajele tale \u0219i te ducem direct la recep\u021bia hotelului t\u0103u.<\/li>\n<\/ul>\n<h3><span style=\"color: #ff6600;\">Plat\u0103 U\u0219oar\u0103 pentru Taxiurile din Hurghada<\/span><\/h3>\n<p>Rezervarea este simpl\u0103, iar pre\u021burile noastre sunt transparente. Po\u021bi alege s\u0103 pl\u0103te\u0219ti \u0219oferul \u00een timpul c\u0103l\u0103toriei sau la sosirea \u00een resortul t\u0103u din Soma Bay \u2013 f\u0103r\u0103 taxe ascunse, f\u0103r\u0103 stres \u2013 doar un taxi de \u00eencredere de la Aeroportul Hurghada.<\/p>\n<p>Cau\u021bi mai mult? Exploreaz\u0103 sec\u021biunea noastr\u0103 de transferuri de la aeroport pentru transferuri private c\u0103tre ora\u0219ul Hurghada, tururi locale de cump\u0103r\u0103turi sau transport c\u0103tre alte destina\u021bii de la Marea Ro\u0219ie.<\/p>\n<h3><span style=\"color: #ff6600;\">Inclus \u00een acest Transfer<\/span><\/h3>\n<ul>\n<li>Transfer privat de la Aeroportul Hurghada la Soma Bay.<\/li>\n<li>Acces Wi-Fi gratuit pe tot parcursul c\u0103l\u0103toriei.<\/li>\n<li>B\u0103utur\u0103 de bun venit gratuit\u0103 pentru fiecare pasager.<\/li>\n<li>\u0218oferi profesioni\u0219ti \u0219i prieteno\u0219i.<\/li>\n<li>Toate taxele \u0219i comisioanele de serviciu.<\/li>\n<\/ul>\n<h3><span style=\"color: #ff6600;\">Exclus din Transferurile c\u0103tre Soma Bay<\/span><\/h3>\n<ul>\n<li>Viza de intrare \u00een Egipt (necesar\u0103 la sosire).<\/li>\n<li>Tips pentru \u0219ofer (op\u021bional).<\/li>\n<\/ul>\n<h3><span style=\"color: #ff6600;\">V\u0103 rug\u0103m s\u0103 re\u021bine\u021bi<\/span><\/h3>\n<p>V\u0103 rug\u0103m s\u0103 re\u021bine\u021bi c\u0103 pre\u021bul nostru pentru transferurile de la aeroportul Hurghada c\u0103tre resorturile din Soma Bay este per vehicul \u0219i nu exist\u0103 surprize ascunse. Pentru mai multe informa\u021bii despre transferurile cu taxiul de la aeroportul Hurghada, v\u0103 rug\u0103m s\u0103 consulta\u021bi sec\u021biunea noastr\u0103 de transferuri de la aeroport.<\/p>\n<h3><span style=\"color: #ff6600;\">Pre\u021b Transfer Privat de la Aeroportul Hurghada la Hotelurile din Soma Bay<\/span><\/h3>\n<p>Pre\u021burile noastre sunt concepute pentru a oferi cea mai bun\u0103 valoare pentru <strong>transferul t\u0103u privat de la Aeroportul Hurghada<\/strong>. Indiferent dac\u0103 c\u0103l\u0103tore\u0219ti singur sau cu un grup, oferim tarife competitive pentru un <strong>serviciu de lux door-to-door<\/strong>.<\/p>\n<p><strong><span style=\"color: #993366;\"><em>Mai jos sunt tarifele pe persoan\u0103 \u00een func\u021bie de m\u0103rimea grupului t\u0103u:<\/em><\/span><\/strong><\/p>\n<table>\n<thead>\n<tr>\n<td><strong>Num\u0103r de Pasageri<\/strong><\/td>\n<td><strong>Pre\u021b per Persoan\u0103<\/strong><\/td>\n<td><strong>Pre\u021b Total Transfer<\/strong><\/td>\n<\/tr>\n<\/thead>\n<tbody>\n<tr>\n<td><strong>1 Persoan\u0103<\/strong><\/td>\n<td><strong>\u20ac30<\/strong><\/td>\n<td><strong>\u20ac30<\/strong><\/td>\n<\/tr>\n<tr>\n<td><strong>2 Persoane<\/strong><\/td>\n<td><strong>\u20ac15<\/strong><\/td>\n<td><strong>\u20ac30<\/strong><\/td>\n<\/tr>\n<tr>\n<td><strong>3+ Persoane<\/strong><\/td>\n<td><strong>\u20ac10<\/strong><\/td>\n<td><strong>\u20ac30<\/strong><\/td>\n<\/tr>\n<\/tbody>\n<\/table>\n<h3><span style=\"color: #ff6600;\">Rezervare<\/span><\/h3>\n<p>Po\u021bi rezerva turul prin WhatsApp sau ne po\u021bi trimite un e-mail \u0219i vei primi confirmarea pe loc.<\/p>\n<p><strong>WhatsApp:<\/strong> +201000852186<\/p>\n<p><strong>Email:<\/strong> info@egytourpackages.com<\/p>\n<h3><span style=\"color: #ff6600;\">Rezerv\u0103 Acum \u0219i Pl\u0103te\u0219te la Destina\u021bie<\/span><\/h3>\n<p>Rezerv\u0103 transferul preferat \u0219i pl\u0103te\u0219te direct la fa\u021ba locului.<\/p>\n<h3><span style=\"color: #ff6600;\">Plat\u0103<\/span><\/h3>\n<p>Po\u021bi pl\u0103ti \u00een lire egiptene, $, \u20ac, \u00a3 sau $.<\/p>\n<h3><span style=\"color: #ff6600;\">Politica de Anulare<\/span><\/h3>\n<p>Anularea este gratuit\u0103.<\/p>\n","protected":false},"excerpt":{"rendered":"<p>Rezerv\u0103 <b data-path-to-node=\"0\" data-index-in-node=\"8\">Transferuri Private de la Aeroportul Hurghada la Soma Bay<\/b>. Bucur\u0103-te de confort, siguran\u021b\u0103 \u0219i transport direct la hotelul t\u0103u. Rezerv\u0103 acum online!<\/p>\n","protected":false},"featured_media":14835,"comment_status":"closed","ping_status":"closed","template":"","meta":[],"product_brand":[],"product_cat":[3120],"product_tag":[4213,4214,4217,4216,4215,3808,3351],"class_list":{"0":"post-15287","1":"product","2":"type-product","3":"status-publish","4":"has-post-thumbnail","6":"product_cat-tururi","7":"product_tag-excursii-din-soma-bay","8":"product_tag-rezerva-transferul-privat-de-la-aeroportul-hurghada-la-hotelul-kempinski","9":"product_tag-rezerva-transferul-privat-de-la-aeroportul-hurghada-la-jaz-soma-bay","10":"product_tag-rezerva-transferul-privat-de-la-aeroportul-hurghada-la-kaktus-soma-bay","11":"product_tag-rezerva-transferul-privat-de-la-aeroportul-hurghada-la-sheraton-soma-bay","12":"product_tag-taxi-hurghada","13":"product_tag-transfer-de-la-aeroport","14":"tour_category-excursii-de-o-zi-in-egipt-ro","15":"tour_category-excursii-soma-bay-ro","16":"tour_category-transfer-aeroport-ro","18":"first","19":"instock","20":"sale","21":"shipping-taxable","22":"purchasable","23":"product-type-tour","24":"has-default-attributes"},"yoast_head":"<!-- This site is optimized with the Yoast SEO Premium plugin v27.2 (Yoast SEO v27.2) - https:\/\/yoast.com\/product\/yoast-seo-premium-wordpress\/ -->\n<title>Transferuri Private de la Aeroportul Hurghada la Soma Bay<\/title>\n<meta name=\"description\" content=\"Rezerv\u0103 Transferuri Private de la Aeroportul Hurghada la Soma Bay. Bucur\u0103-te de confort, siguran\u021b\u0103 \u0219i transport direct la hotelul t\u0103u. Rezerv\u0103 acum online!\" \/>\n<meta name=\"robots\" content=\"index, follow, max-snippet:-1, max-image-preview:large, max-video-preview:-1\" \/>\n<link rel=\"canonical\" href=\"https:\/\/egytourpackages.com\/ro\/tours\/transferuri-private-de-la-aeroportul-hurghada-la-soma-bay\/\" \/>\n<meta property=\"og:locale\" content=\"ro_RO\" \/>\n<meta property=\"og:type\" content=\"article\" \/>\n<meta property=\"og:title\" content=\"Transferuri Private de la Aeroportul Hurghada la Soma Bay\" \/>\n<meta property=\"og:description\" content=\"Rezerv\u0103 Transferuri Private de la Aeroportul Hurghada la Soma Bay. Bucur\u0103-te de confort, siguran\u021b\u0103 \u0219i transport direct la hotelul t\u0103u. Rezerv\u0103 acum online!\" \/>\n<meta property=\"og:url\" content=\"https:\/\/egytourpackages.com\/ro\/tours\/transferuri-private-de-la-aeroportul-hurghada-la-soma-bay\/\" \/>\n<meta property=\"og:site_name\" content=\"Egypt Tour Packages\" \/>\n<meta property=\"article:publisher\" content=\"https:\/\/www.facebook.com\/egytourpackages\" \/>\n<meta property=\"article:modified_time\" content=\"2026-02-20T22:06:51+00:00\" \/>\n<meta property=\"og:image\" content=\"https:\/\/egytourpackages.com\/wp-content\/uploads\/2026\/02\/Private-Transfers-from-Hurghada-Airport-to-Soma-Bay.jpeg\" \/>\n\t<meta property=\"og:image:width\" content=\"1500\" \/>\n\t<meta property=\"og:image:height\" content=\"843\" \/>\n\t<meta property=\"og:image:type\" content=\"image\/jpeg\" \/>\n<meta name=\"twitter:card\" content=\"summary_large_image\" \/>\n<meta name=\"twitter:label1\" content=\"Pre\u021b\" \/>\n\t<meta name=\"twitter:data1\" content=\"&euro;0\" \/>\n\t<meta name=\"twitter:label2\" content=\"Disponibilitate\" \/>\n\t<meta name=\"twitter:data2\" content=\"\u00cen stoc\" \/>\n<script type=\"application\/ld+json\" class=\"yoast-schema-graph\">{\"@context\":\"https:\/\/schema.org\",\"@graph\":[{\"@type\":\"WebPage\",\"@id\":\"https:\/\/egytourpackages.com\/ro\/tours\/transferuri-private-de-la-aeroportul-hurghada-la-soma-bay\/\",\"url\":\"https:\/\/egytourpackages.com\/ro\/tours\/transferuri-private-de-la-aeroportul-hurghada-la-soma-bay\/\",\"name\":\"Transferuri Private de la Aeroportul Hurghada la Soma Bay\",\"isPartOf\":{\"@id\":\"https:\/\/egytourpackages.com\/ro\/#website\"},\"primaryImageOfPage\":{\"@id\":\"https:\/\/egytourpackages.com\/ro\/tours\/transferuri-private-de-la-aeroportul-hurghada-la-soma-bay\/#primaryimage\"},\"image\":{\"@id\":\"https:\/\/egytourpackages.com\/ro\/tours\/transferuri-private-de-la-aeroportul-hurghada-la-soma-bay\/#primaryimage\"},\"thumbnailUrl\":\"https:\/\/egytourpackages.com\/wp-content\/uploads\/2026\/02\/Private-Transfers-from-Hurghada-Airport-to-Soma-Bay.jpeg\",\"datePublished\":\"2026-02-12T11:32:31+00:00\",\"dateModified\":\"2026-02-20T22:06:51+00:00\",\"description\":\"Rezerv\u0103 Transferuri Private de la Aeroportul Hurghada la Soma Bay. Bucur\u0103-te de confort, siguran\u021b\u0103 \u0219i transport direct la hotelul t\u0103u. Rezerv\u0103 acum online!\",\"breadcrumb\":{\"@id\":\"https:\/\/egytourpackages.com\/ro\/tours\/transferuri-private-de-la-aeroportul-hurghada-la-soma-bay\/#breadcrumb\"},\"inLanguage\":\"ro-RO\",\"potentialAction\":[{\"@type\":\"ReadAction\",\"target\":[\"https:\/\/egytourpackages.com\/ro\/tours\/transferuri-private-de-la-aeroportul-hurghada-la-soma-bay\/\"]}]},{\"@type\":\"ImageObject\",\"inLanguage\":\"ro-RO\",\"@id\":\"https:\/\/egytourpackages.com\/ro\/tours\/transferuri-private-de-la-aeroportul-hurghada-la-soma-bay\/#primaryimage\",\"url\":\"https:\/\/egytourpackages.com\/wp-content\/uploads\/2026\/02\/Private-Transfers-from-Hurghada-Airport-to-Soma-Bay.jpeg\",\"contentUrl\":\"https:\/\/egytourpackages.com\/wp-content\/uploads\/2026\/02\/Private-Transfers-from-Hurghada-Airport-to-Soma-Bay.jpeg\",\"width\":1500,\"height\":843,\"caption\":\"Transferuri Private de la Aeroportul Hurghada la Soma Bay\"},{\"@type\":\"BreadcrumbList\",\"@id\":\"https:\/\/egytourpackages.com\/ro\/tours\/transferuri-private-de-la-aeroportul-hurghada-la-soma-bay\/#breadcrumb\",\"itemListElement\":[{\"@type\":\"ListItem\",\"position\":1,\"name\":\"Home\",\"item\":\"https:\/\/egytourpackages.com\/ro\/\"},{\"@type\":\"ListItem\",\"position\":2,\"name\":\"Shop\",\"item\":\"https:\/\/egytourpackages.com\/shop\/\"},{\"@type\":\"ListItem\",\"position\":3,\"name\":\"Transferuri Private de la Aeroportul Hurghada la Soma Bay\"}]},{\"@type\":\"WebSite\",\"@id\":\"https:\/\/egytourpackages.com\/ro\/#website\",\"url\":\"https:\/\/egytourpackages.com\/ro\/\",\"name\":\"Egy tour packages\",\"description\":\"\",\"publisher\":{\"@id\":\"https:\/\/egytourpackages.com\/ro\/#organization\"},\"potentialAction\":[{\"@type\":\"SearchAction\",\"target\":{\"@type\":\"EntryPoint\",\"urlTemplate\":\"https:\/\/egytourpackages.com\/ro\/?s={search_term_string}\"},\"query-input\":{\"@type\":\"PropertyValueSpecification\",\"valueRequired\":true,\"valueName\":\"search_term_string\"}}],\"inLanguage\":\"ro-RO\"},{\"@type\":[\"Organization\",\"Place\",\"TravelAgency\"],\"@id\":\"https:\/\/egytourpackages.com\/ro\/#organization\",\"name\":\"egypt tour packages\",\"alternateName\":\"egypt tour packages\",\"url\":\"https:\/\/egytourpackages.com\/ro\/\",\"logo\":{\"@id\":\"https:\/\/egytourpackages.com\/ro\/tours\/transferuri-private-de-la-aeroportul-hurghada-la-soma-bay\/#local-main-organization-logo\"},\"image\":{\"@id\":\"https:\/\/egytourpackages.com\/ro\/tours\/transferuri-private-de-la-aeroportul-hurghada-la-soma-bay\/#local-main-organization-logo\"},\"sameAs\":[\"https:\/\/www.facebook.com\/egytourpackages\"],\"legalName\":\"Egy tour packages\",\"address\":{\"@id\":\"https:\/\/egytourpackages.com\/ro\/tours\/transferuri-private-de-la-aeroportul-hurghada-la-soma-bay\/#local-main-place-address\"},\"telephone\":[\"00201000852186\",\"00201028685533\"],\"contactPoint\":{\"@type\":\"ContactPoint\",\"telephone\":\"00201000852186\"},\"openingHoursSpecification\":[{\"@type\":\"OpeningHoursSpecification\",\"dayOfWeek\":[\"Monday\",\"Tuesday\",\"Wednesday\",\"Thursday\",\"Friday\",\"Saturday\",\"Sunday\"],\"opens\":\"00:00\",\"closes\":\"23:59\"}],\"email\":\"info@egytourpackages.com\",\"areaServed\":\"Cairo, Hurghada, Luxor, Sharm El Sheikh, Marsa Alam, Aswan\",\"priceRange\":\"$\",\"currenciesAccepted\":\"euro\",\"paymentAccepted\":\"Payment links online\"},{\"@type\":\"PostalAddress\",\"@id\":\"https:\/\/egytourpackages.com\/ro\/tours\/transferuri-private-de-la-aeroportul-hurghada-la-soma-bay\/#local-main-place-address\",\"streetAddress\":\"Mubarak 8, Al Kawthar District, Hurghada\",\"addressLocality\":\"Hurghada\",\"postalCode\":\"84511\",\"addressRegion\":\"Red Sea\",\"addressCountry\":\"EG\"},{\"@type\":\"ImageObject\",\"inLanguage\":\"ro-RO\",\"@id\":\"https:\/\/egytourpackages.com\/ro\/tours\/transferuri-private-de-la-aeroportul-hurghada-la-soma-bay\/#local-main-organization-logo\",\"url\":\"https:\/\/egytourpackages.com\/wp-content\/uploads\/2025\/12\/Turquoise-Dahabiya-Nile-Cruise-1.jpeg\",\"contentUrl\":\"https:\/\/egytourpackages.com\/wp-content\/uploads\/2025\/12\/Turquoise-Dahabiya-Nile-Cruise-1.jpeg\",\"width\":1040,\"height\":694,\"caption\":\"egypt tour packages\"}]}<\/script>\n<meta property=\"product:brand\" content=\"Excursii de o zi \u00een Egipt\" \/>\n<meta property=\"product:price:amount\" content=\"0\" \/>\n<meta property=\"product:price:currency\" content=\"EUR\" \/>\n<meta property=\"og:availability\" content=\"instock\" \/>\n<meta property=\"product:availability\" content=\"instock\" \/>\n<meta property=\"product:retailer_item_id\" content=\"AT 05\" \/>\n<meta property=\"product:condition\" content=\"new\" \/>\n<meta name=\"geo.placename\" content=\"Hurghada\" \/>\n<meta name=\"geo.region\" content=\"Egipt\" \/>\n<!-- \/ Yoast SEO Premium plugin. -->","yoast_head_json":{"title":"Transferuri Private de la Aeroportul Hurghada la Soma Bay","description":"Rezerv\u0103 Transferuri Private de la Aeroportul Hurghada la Soma Bay. Bucur\u0103-te de confort, siguran\u021b\u0103 \u0219i transport direct la hotelul t\u0103u. Rezerv\u0103 acum online!","robots":{"index":"index","follow":"follow","max-snippet":"max-snippet:-1","max-image-preview":"max-image-preview:large","max-video-preview":"max-video-preview:-1"},"canonical":"https:\/\/egytourpackages.com\/ro\/tours\/transferuri-private-de-la-aeroportul-hurghada-la-soma-bay\/","og_locale":"ro_RO","og_type":"article","og_title":"Transferuri Private de la Aeroportul Hurghada la Soma Bay","og_description":"Rezerv\u0103 Transferuri Private de la Aeroportul Hurghada la Soma Bay. Bucur\u0103-te de confort, siguran\u021b\u0103 \u0219i transport direct la hotelul t\u0103u. Rezerv\u0103 acum online!","og_url":"https:\/\/egytourpackages.com\/ro\/tours\/transferuri-private-de-la-aeroportul-hurghada-la-soma-bay\/","og_site_name":"Egypt Tour Packages","article_publisher":"https:\/\/www.facebook.com\/egytourpackages","article_modified_time":"2026-02-20T22:06:51+00:00","og_image":[{"width":1500,"height":843,"url":"https:\/\/egytourpackages.com\/wp-content\/uploads\/2026\/02\/Private-Transfers-from-Hurghada-Airport-to-Soma-Bay.jpeg","type":"image\/jpeg"}],"twitter_card":"summary_large_image","twitter_misc":{"Pre\u021b":"&euro;0","Disponibilitate":"\u00cen stoc"},"schema":{"@context":"https:\/\/schema.org","@graph":[{"@type":"WebPage","@id":"https:\/\/egytourpackages.com\/ro\/tours\/transferuri-private-de-la-aeroportul-hurghada-la-soma-bay\/","url":"https:\/\/egytourpackages.com\/ro\/tours\/transferuri-private-de-la-aeroportul-hurghada-la-soma-bay\/","name":"Transferuri Private de la Aeroportul Hurghada la Soma Bay","isPartOf":{"@id":"https:\/\/egytourpackages.com\/ro\/#website"},"primaryImageOfPage":{"@id":"https:\/\/egytourpackages.com\/ro\/tours\/transferuri-private-de-la-aeroportul-hurghada-la-soma-bay\/#primaryimage"},"image":{"@id":"https:\/\/egytourpackages.com\/ro\/tours\/transferuri-private-de-la-aeroportul-hurghada-la-soma-bay\/#primaryimage"},"thumbnailUrl":"https:\/\/egytourpackages.com\/wp-content\/uploads\/2026\/02\/Private-Transfers-from-Hurghada-Airport-to-Soma-Bay.jpeg","datePublished":"2026-02-12T11:32:31+00:00","dateModified":"2026-02-20T22:06:51+00:00","description":"Rezerv\u0103 Transferuri Private de la Aeroportul Hurghada la Soma Bay. Bucur\u0103-te de confort, siguran\u021b\u0103 \u0219i transport direct la hotelul t\u0103u. Rezerv\u0103 acum online!","breadcrumb":{"@id":"https:\/\/egytourpackages.com\/ro\/tours\/transferuri-private-de-la-aeroportul-hurghada-la-soma-bay\/#breadcrumb"},"inLanguage":"ro-RO","potentialAction":[{"@type":"ReadAction","target":["https:\/\/egytourpackages.com\/ro\/tours\/transferuri-private-de-la-aeroportul-hurghada-la-soma-bay\/"]}]},{"@type":"ImageObject","inLanguage":"ro-RO","@id":"https:\/\/egytourpackages.com\/ro\/tours\/transferuri-private-de-la-aeroportul-hurghada-la-soma-bay\/#primaryimage","url":"https:\/\/egytourpackages.com\/wp-content\/uploads\/2026\/02\/Private-Transfers-from-Hurghada-Airport-to-Soma-Bay.jpeg","contentUrl":"https:\/\/egytourpackages.com\/wp-content\/uploads\/2026\/02\/Private-Transfers-from-Hurghada-Airport-to-Soma-Bay.jpeg","width":1500,"height":843,"caption":"Transferuri Private de la Aeroportul Hurghada la Soma Bay"},{"@type":"BreadcrumbList","@id":"https:\/\/egytourpackages.com\/ro\/tours\/transferuri-private-de-la-aeroportul-hurghada-la-soma-bay\/#breadcrumb","itemListElement":[{"@type":"ListItem","position":1,"name":"Home","item":"https:\/\/egytourpackages.com\/ro\/"},{"@type":"ListItem","position":2,"name":"Shop","item":"https:\/\/egytourpackages.com\/shop\/"},{"@type":"ListItem","position":3,"name":"Transferuri Private de la Aeroportul Hurghada la Soma Bay"}]},{"@type":"WebSite","@id":"https:\/\/egytourpackages.com\/ro\/#website","url":"https:\/\/egytourpackages.com\/ro\/","name":"Egy tour packages","description":"","publisher":{"@id":"https:\/\/egytourpackages.com\/ro\/#organization"},"potentialAction":[{"@type":"SearchAction","target":{"@type":"EntryPoint","urlTemplate":"https:\/\/egytourpackages.com\/ro\/?s={search_term_string}"},"query-input":{"@type":"PropertyValueSpecification","valueRequired":true,"valueName":"search_term_string"}}],"inLanguage":"ro-RO"},{"@type":["Organization","Place","TravelAgency"],"@id":"https:\/\/egytourpackages.com\/ro\/#organization","name":"egypt tour packages","alternateName":"egypt tour packages","url":"https:\/\/egytourpackages.com\/ro\/","logo":{"@id":"https:\/\/egytourpackages.com\/ro\/tours\/transferuri-private-de-la-aeroportul-hurghada-la-soma-bay\/#local-main-organization-logo"},"image":{"@id":"https:\/\/egytourpackages.com\/ro\/tours\/transferuri-private-de-la-aeroportul-hurghada-la-soma-bay\/#local-main-organization-logo"},"sameAs":["https:\/\/www.facebook.com\/egytourpackages"],"legalName":"Egy tour packages","address":{"@id":"https:\/\/egytourpackages.com\/ro\/tours\/transferuri-private-de-la-aeroportul-hurghada-la-soma-bay\/#local-main-place-address"},"telephone":["00201000852186","00201028685533"],"contactPoint":{"@type":"ContactPoint","telephone":"00201000852186"},"openingHoursSpecification":[{"@type":"OpeningHoursSpecification","dayOfWeek":["Monday","Tuesday","Wednesday","Thursday","Friday","Saturday","Sunday"],"opens":"00:00","closes":"23:59"}],"email":"info@egytourpackages.com","areaServed":"Cairo, Hurghada, Luxor, Sharm El Sheikh, Marsa Alam, Aswan","priceRange":"$","currenciesAccepted":"euro","paymentAccepted":"Payment links online"},{"@type":"PostalAddress","@id":"https:\/\/egytourpackages.com\/ro\/tours\/transferuri-private-de-la-aeroportul-hurghada-la-soma-bay\/#local-main-place-address","streetAddress":"Mubarak 8, Al Kawthar District, Hurghada","addressLocality":"Hurghada","postalCode":"84511","addressRegion":"Red Sea","addressCountry":"EG"},{"@type":"ImageObject","inLanguage":"ro-RO","@id":"https:\/\/egytourpackages.com\/ro\/tours\/transferuri-private-de-la-aeroportul-hurghada-la-soma-bay\/#local-main-organization-logo","url":"https:\/\/egytourpackages.com\/wp-content\/uploads\/2025\/12\/Turquoise-Dahabiya-Nile-Cruise-1.jpeg","contentUrl":"https:\/\/egytourpackages.com\/wp-content\/uploads\/2025\/12\/Turquoise-Dahabiya-Nile-Cruise-1.jpeg","width":1040,"height":694,"caption":"egypt tour packages"}]},"product_brand":"Excursii de o zi \u00een Egipt","product_price_currency":"EUR","og_availability":"instock","product_availability":"instock","product_retailer_item_id":"AT 05","product_condition":"new","geo.placename":"Hurghada","geo.region":"Egipt"},"_links":{"self":[{"href":"https:\/\/egytourpackages.com\/ro\/wp-json\/wp\/v2\/product\/15287","targetHints":{"allow":["GET"]}}],"collection":[{"href":"https:\/\/egytourpackages.com\/ro\/wp-json\/wp\/v2\/product"}],"about":[{"href":"https:\/\/egytourpackages.com\/ro\/wp-json\/wp\/v2\/types\/product"}],"replies":[{"embeddable":true,"href":"https:\/\/egytourpackages.com\/ro\/wp-json\/wp\/v2\/comments?post=15287"}],"wp:featuredmedia":[{"embeddable":true,"href":"https:\/\/egytourpackages.com\/ro\/wp-json\/wp\/v2\/media\/14835"}],"wp:attachment":[{"href":"https:\/\/egytourpackages.com\/ro\/wp-json\/wp\/v2\/media?parent=15287"}],"wp:term":[{"taxonomy":"product_brand","embeddable":true,"href":"https:\/\/egytourpackages.com\/ro\/wp-json\/wp\/v2\/product_brand?post=15287"},{"taxonomy":"product_cat","embeddable":true,"href":"https:\/\/egytourpackages.com\/ro\/wp-json\/wp\/v2\/product_cat?post=15287"},{"taxonomy":"product_tag","embeddable":true,"href":"https:\/\/egytourpackages.com\/ro\/wp-json\/wp\/v2\/product_tag?post=15287"}],"curies":[{"name":"wp","href":"https:\/\/api.w.org\/{rel}","templated":true}]}}