{"id":15380,"date":"2025-11-03T20:11:49","date_gmt":"2025-11-03T20:11:49","guid":{"rendered":"https:\/\/egytourpackages.com\/product\/inot-cu-delfinii-in-makadi-bay\/"},"modified":"2026-02-19T20:00:33","modified_gmt":"2026-02-19T20:00:33","slug":"inot-cu-delfinii-in-makadi-bay","status":"publish","type":"product","link":"https:\/\/egytourpackages.com\/ro\/tours\/inot-cu-delfinii-in-makadi-bay\/","title":{"rendered":"\u00cenot cu Delfinii \u00een Makadi Bay"},"content":{"rendered":"<p><span style=\"color: #ff6600;\"><strong>\u00cenot cu Delfinii \u00een Makadi Bay | 5 sau 10 Minute de Bucurie Pur\u0103<\/strong><\/span><\/p>\n<p>\u00cendepline\u0219te-\u021bi un vis de o via\u021b\u0103 rezerv\u00e2nd o <strong>sesiune de \u00eenot cu delfinii de neuitat<\/strong> la cel mai renumit centru acvatic de l\u00e2ng\u0103 Makadi Bay.<\/p>\n<p>Aceast\u0103 <strong>Excursie \u00een Makadi Bay<\/strong> este modalitatea suprem\u0103 de a experimenta o conexiune profund\u0103 \u0219i personal\u0103 cu aceste <strong>mamifere marine incredibil de inteligente<\/strong> \u00eentr-un mediu sigur \u0219i controlat.<\/p>\n<p>Alege durata perfect\u0103 a sesiunii tale \u2013 fie cele <strong>5 minute de Bucurie cu Delfinii<\/strong> (intensiv\u0103), fie cele <strong>10 minute de \u00cenot Interactiv<\/strong> (extins\u0103) \u2013 pentru a crea <strong>amintiri de familie memorabile<\/strong> \u00een timpul <strong>vacan\u021bei tale \u00een Egipt<\/strong>. Sub supravegherea atent\u0103 a unor <strong>antrenori profesioni\u0219ti de delfini<\/strong>, vei intra \u00een piscin\u0103 pentru o <strong>interac\u021biune direct\u0103 \u00een ap\u0103<\/strong>.<\/p>\n<p>Aceast\u0103 experien\u021b\u0103 include, de obicei, activit\u0103\u021bi palpitante, cum ar fi prinderea de \u00eenot\u0103toarea dorsal\u0103 a delfinului pentru o scurt\u0103 <strong>plimbare cu delfinul<\/strong> prin piscin\u0103, primirea unui <strong>s\u0103rut de la delfin<\/strong> sau participarea la jocuri acvatice interactive.<\/p>\n<p>Aceast\u0103 sesiune scurt\u0103 \u0219i intens\u0103 este renumit\u0103 pentru <strong>energia pozitiv\u0103<\/strong> \u0219i <strong>beneficiile terapeutice<\/strong>, fiind un punct de atrac\u021bie major printre <strong>atrac\u021biile din Makadi Bay<\/strong>.<\/p>\n<p>At\u00e2t sesiunile de <strong>5 minute<\/strong>, c\u00e2t \u0219i cele de <strong>10 minute<\/strong> ofer\u0103 suficient timp pentru a crea o leg\u0103tur\u0103 personal\u0103 \u0219i garanteaz\u0103 c\u0103 un fotograf profesionist va surprinde cele mai pre\u021bioase momente (fotografiile \u0219i videoclipurile sunt disponibile separat).<\/p>\n<p>Aceasta este o experien\u021b\u0103 de tip <strong>escapad\u0103 scurt\u0103<\/strong> concentrat\u0103 pur pe <strong>interac\u021biunea intim\u0103 cu delfinii<\/strong> \u2013 completarea perfect\u0103 pentru orice vacan\u021b\u0103 la Marea Ro\u0219ie.<\/p>\n<h3><span style=\"color: #ff6600;\">Detalii Tur<\/span><\/h3>\n<ul>\n<li>Durat\u0103: Aprox. 2 Ore (Timp total, inclusiv transferul \u0219i preg\u0103tirea)<\/li>\n<li>Op\u021biuni Sesiune: 5 Minute (Individual) sau 10 Minute (Duo\/Individual)<\/li>\n<li>Loca\u021bie: Dolphin World (L\u00e2ng\u0103 Makadi Bay \/ Hurghada)<\/li>\n<li>Disponibilitate: Zilnic (Programat \u00een func\u021bie de orele spectacolului principal)<\/li>\n<li>Preluare \u0219i Retur: De la hotelul t\u0103u din Hurghada<\/li>\n<li>Tip: Grup (Transfer partajat) \/ Sesiune Privat\u0103 (Intervalul orar este dedicat grupului t\u0103u)<\/li>\n<\/ul>\n<h3><span style=\"color: #ff6600;\">Puncte Forte ale Turului<\/span><\/h3>\n<ul>\n<li>Alegere \u00eentre 5 sau 10 minute de Interac\u021biune Direct\u0103 cu Delfinii<\/li>\n<li>Experimenteaz\u0103 o Plimbare cu Delfinul palpitant\u0103 (trac\u021biune de \u00eenot\u0103toarea dorsal\u0103)<\/li>\n<li>Oportunitate pentru un S\u0103rut de la Delfin \u0219i o str\u00e2ngere de m\u00e2n\u0103<\/li>\n<li>Mediu de Piscin\u0103 Supravegheat \u0219i Sigur cu antrenori exper\u021bi<\/li>\n<li>Sentimente de Neuitat \u0219i schimb de Energie Pozitiv\u0103<\/li>\n<\/ul>\n<h3><span style=\"color: #ff6600;\">Servicii Incluse<\/span><\/h3>\n<ul>\n<li>Transfer dus-\u00eentors de la hotelul t\u0103u din Makadi Bay cu un vehicul modern cu aer condi\u021bionat.<\/li>\n<li>Timpul sesiunii \u00een piscin\u0103 (5 sau 10 minute) cu delfinul.<\/li>\n<li>Utilizarea vestelor de salvare \u0219i a echipamentului de siguran\u021b\u0103.<\/li>\n<li>\u00cendrumare \u0219i supraveghere de siguran\u021b\u0103 din partea antrenorilor profesioni\u0219ti de delfini.<\/li>\n<\/ul>\n<h3><span style=\"color: #ff6600;\">Servicii Neincluse<\/span><\/h3>\n<ul>\n<li>Bilet de intrare la spectacolul principal cu delfini (trebuie achizi\u021bionat separat).<\/li>\n<li>Fotografii \u0219i videoclipuri realizate de fotograful profesionist (tax\u0103 suplimentar\u0103).<\/li>\n<li>Bac\u0219i\u0219uri (recomandate pentru antrenori \u0219i \u0219ofer).<\/li>\n<li>M\u00e2ncare sau b\u0103uturi la loca\u021bie.<\/li>\n<\/ul>\n<h3><span style=\"color: #ff6600;\">Ce s\u0103 iei cu tine<\/span><\/h3>\n<ul>\n<li>Costum de baie (Trebuie purtat pe sub haine)<\/li>\n<li>Prosop<\/li>\n<li>Crem\u0103 de protec\u021bie solar\u0103 (Aplicat\u0103 \u00eenainte de sesiune)<\/li>\n<li>Numerar pentru achizi\u021bionarea fotografiilor\/videoclipurilor \u0219i bac\u0219i\u0219uri op\u021bionale<\/li>\n<\/ul>\n<h2><span style=\"color: #800080;\"><em>Itinerariu<\/em><\/span><\/h2>\n<h3><span style=\"color: #ff6600;\">Preluarea \u00eenainte de sesiune:<\/span><\/h3>\n<p>Vehiculul t\u0103u cu aer condi\u021bionat te va prelua de la hotelul t\u0103u din Makadi Bay (ora este stabilit\u0103 \u00een func\u021bie de intervalul sesiunii, adesea \u00eenainte sau dup\u0103 spectacolul principal).<\/p>\n<h3><span style=\"color: #ff6600;\">Sosirea \u0219i Instructajul de Siguran\u021b\u0103:<\/span><\/h3>\n<p>Sosire la centrul <strong>Dolphin World<\/strong>. Te vei \u00eent\u00e2lni cu antrenorul t\u0103u, vei primi o vest\u0103 de salvare \u0219i vei beneficia de un <strong>instructaj de siguran\u021b\u0103<\/strong> strict despre cum s\u0103 interac\u021bionezi cu <strong>delfinii<\/strong>.<\/p>\n<h3><span style=\"color: #ff6600;\">Sesiunea de \u00cenot (5 sau 10 Minute):<\/span><\/h3>\n<p>Intrarea \u00een zona piscinei. Vei petrece timpul dedicat <strong>\u00eenot\u00e2nd \u0219i juc\u00e2ndu-te cu delfinii<\/strong> sub supravegherea direct\u0103 a antrenorului. Activit\u0103\u021bile includ adesea <strong>Plimbarea cu Delfinul<\/strong> \u0219i o \u00eembr\u0103\u021bi\u0219are\/s\u0103rut interactiv.<\/p>\n<h3><span style=\"color: #ff6600;\">Vizionarea Fotografiilor \u0219i Returul:<\/span><\/h3>\n<p>Imediat dup\u0103 <strong>interac\u021biunea direct\u0103<\/strong>, vei ie\u0219i din piscin\u0103. Vei avea \u0219ansa de a viziona \u0219i achizi\u021biona fotografiile\/videoclipurile profesionale realizate \u00een timpul sesiunii \u00eenainte ca transferul t\u0103u confortabil s\u0103 te returneze la hotelul din Makadi Bay.<\/p>\n<h3><span style=\"color: #ff6600;\">Pre\u021b \u00cenot cu Delfinii \u00een Makadi Bay<\/span><\/h3>\n<ul>\n<li>Pre\u021b Adult pentru 5 minute = 40 \u20ac<\/li>\n<li>Pre\u021b Adult pentru 10 minute = 55 \u20ac<\/li>\n<li>Copii 5-11 ani = acela\u0219i pre\u021b ca pentru adul\u021bi<\/li>\n<\/ul>\n<h3><span style=\"color: #ff6600;\">Rezervare<\/span><\/h3>\n<p>Po\u021bi rezerva sesiunea de \u00cenot cu Delfinii \u00een Makadi Bay prin WhatsApp sau trimite-ne un e-mail \u0219i vei primi confirmarea pe loc.<\/p>\n<p>Te rug\u0103m s\u0103 ne trimi\u021bi numele hotelului \u0219i num\u0103rul camerei,<\/p>\n<p>WhatsApp: +201000852186<\/p>\n<p>info@egytourpackages.com<\/p>\n<h3><span style=\"color: #ff6600;\">Rezerv\u0103 Acum \u0219i Pl\u0103te\u0219te la Fa\u021ba Locului<\/span><\/h3>\n<p>Rezerv\u0103 turul preferat \u0219i pl\u0103te\u0219te \u00een ziua excursiei.<\/p>\n<h3><span style=\"color: #ff6600;\">Plat\u0103<\/span><\/h3>\n<p>Po\u021bi pl\u0103ti \u00een lire egiptene, $, \u20ac sau \u00a3.<\/p>\n<h2><span style=\"color: #993366;\"><em>\u00centreb\u0103ri Frecvente \u0219i Note<\/em><\/span><\/h2>\n<h3><span style=\"color: #ff6600;\">Ce durat\u0103 a sesiunii este recomandat\u0103?<\/span><\/h3>\n<p>Sesiunea de 5 minute este perfect\u0103 pentru copii sau pentru cei care doresc o \u00eent\u00e2lnire magic\u0103 rapid\u0103. Sesiunea de 10 minute este recomandat\u0103 cuplurilor sau persoanelor care doresc o interac\u021biune mai extins\u0103 cu delfinul, permi\u021b\u00e2nd o varietate mai mare de jocuri \u0219i oportunit\u0103\u021bi foto.<\/p>\n<h3><span style=\"color: #ff6600;\">Poate participa o persoan\u0103 care nu \u0219tie s\u0103 \u00eenoate?<\/span><\/h3>\n<p>Da. Sesiunile au loc \u00eentr-o piscin\u0103 cu un antrenor, iar vesta de salvare este furnizat\u0103 \u0219i obligatorie pentru to\u021bi participan\u021bii, asigur\u00e2nd siguran\u021b\u0103 maxim\u0103 indiferent de abilit\u0103\u021bile de \u00eenot.<\/p>\n<h3><span style=\"color: #ff6600;\">Pot s\u0103 \u00eenot cu propriul copil \u00een sesiunea de 5 minute?<\/span><\/h3>\n<p>\u00cen general, sesiunea de 5 minute este individual\u0103. Dac\u0103 dore\u0219ti s\u0103 \u00eempar\u021bi timpul \u00een ap\u0103 cu o persoan\u0103 drag\u0103 (de exemplu, un copil sau partenerul), ar trebui s\u0103 rezervi op\u021biunea de \u00cenot \u00een Duo de 10 minute pentru a v\u0103 asigura c\u0103 am\u00e2ndoi ave\u021bi timp interactiv de calitate.<\/p>\n<h3><span style=\"color: #ff6600;\">De ce nu sunt permise aparatele foto personale \u00een piscin\u0103?<\/span><\/h3>\n<p>Pentru siguran\u021ba delfinilor, fotografierea personal\u0103 este strict interzis\u0103 \u00een interiorul zonei piscinei. Aceast\u0103 politic\u0103 asigur\u0103 c\u0103 animalele nu sunt distrase de dispozitive \u0219i permite antrenorilor s\u0103 se concentreze complet pe interac\u021biune.<\/p>\n<h3><span style=\"color: #ff6600;\">Am nevoie de un bilet separat pentru Spectacolul cu Delfini?<\/span><\/h3>\n<p>Da. Sesiunea de \u00eenot cu delfinii este o activitate premium, cu program specific, iar pre\u021bul s\u0103u nu include intrarea la spectacolul general cu delfini. Aceste bilete trebuie achizi\u021bionate separat.<\/p>\n","protected":false},"excerpt":{"rendered":"<p>Tr\u0103ie\u0219te experien\u021ba \u00cenot cu Delfinii \u00een Makadi Bay! Bucur\u0103-te de momente unice \u00een Egipt, asisten\u021b\u0103 profesional\u0103 \u0219i amintiri de neuitat. Rezerv\u0103 acum online!<\/p>\n","protected":false},"featured_media":0,"comment_status":"closed","ping_status":"closed","template":"","meta":[],"product_brand":[],"product_cat":[3120],"product_tag":[3203,3201],"class_list":{"0":"post-15380","1":"product","2":"type-product","3":"status-publish","5":"product_cat-tururi","6":"product_tag-excursii-de-o-zi-in-egipt","7":"product_tag-excursii-in-hurghada","8":"tour_category-cele-mai-bune-lucruri-de-facut-in-hurghada-cu-copiii","9":"tour_category-excursii-de-o-zi-in-egipt-ro","10":"tour_category-excursii-hurghada-ro","12":"first","13":"instock","14":"sale","15":"shipping-taxable","16":"purchasable","17":"product-type-tour","18":"has-default-attributes"},"yoast_head":"<!-- This site is optimized with the Yoast SEO Premium plugin v27.2 (Yoast SEO v27.2) - https:\/\/yoast.com\/product\/yoast-seo-premium-wordpress\/ -->\n<title>\u00cenot cu Delfinii \u00een Makadi Bay : Egy tour packages<\/title>\n<meta name=\"description\" content=\"Tr\u0103ie\u0219te experien\u021ba \u00cenot cu Delfinii \u00een Makadi Bay! Bucur\u0103-te de momente unice \u00een Egipt, asisten\u021b\u0103 profesional\u0103 \u0219i amintiri de neuitat. Rezerv\u0103 acum online!\" \/>\n<meta name=\"robots\" content=\"index, follow, max-snippet:-1, max-image-preview:large, max-video-preview:-1\" \/>\n<link rel=\"canonical\" href=\"https:\/\/egytourpackages.com\/ro\/tours\/inot-cu-delfinii-in-makadi-bay\/\" \/>\n<meta property=\"og:locale\" content=\"ro_RO\" \/>\n<meta property=\"og:type\" content=\"article\" \/>\n<meta property=\"og:title\" content=\"\u00cenot cu Delfinii \u00een Makadi Bay\" \/>\n<meta property=\"og:description\" content=\"Tr\u0103ie\u0219te experien\u021ba \u00cenot cu Delfinii \u00een Makadi Bay! Bucur\u0103-te de momente unice \u00een Egipt, asisten\u021b\u0103 profesional\u0103 \u0219i amintiri de neuitat. Rezerv\u0103 acum online!\" \/>\n<meta property=\"og:url\" content=\"https:\/\/egytourpackages.com\/ro\/tours\/inot-cu-delfinii-in-makadi-bay\/\" \/>\n<meta property=\"og:site_name\" content=\"Egypt Tour Packages\" \/>\n<meta property=\"article:publisher\" content=\"https:\/\/www.facebook.com\/egytourpackages\" \/>\n<meta property=\"article:modified_time\" content=\"2026-02-19T20:00:33+00:00\" \/>\n<meta property=\"og:image\" content=\"https:\/\/egytourpackages.com\/wp-content\/uploads\/2025\/12\/IMG_20241212_130656.jpg\" \/>\n\t<meta property=\"og:image:width\" content=\"900\" \/>\n\t<meta property=\"og:image:height\" content=\"675\" \/>\n\t<meta property=\"og:image:type\" content=\"image\/jpeg\" \/>\n<meta name=\"twitter:card\" content=\"summary_large_image\" \/>\n<meta name=\"twitter:title\" content=\"\u00cenot cu Delfinii \u00een Makadi Bay\" \/>\n<meta name=\"twitter:label1\" content=\"Pre\u021b\" \/>\n\t<meta name=\"twitter:data1\" content=\"&euro;40\" \/>\n\t<meta name=\"twitter:label2\" content=\"Disponibilitate\" \/>\n\t<meta name=\"twitter:data2\" content=\"\u00cen stoc\" \/>\n<script type=\"application\/ld+json\" class=\"yoast-schema-graph\">{\"@context\":\"https:\/\/schema.org\",\"@graph\":[{\"@type\":\"WebPage\",\"@id\":\"https:\/\/egytourpackages.com\/ro\/tours\/inot-cu-delfinii-in-makadi-bay\/\",\"url\":\"https:\/\/egytourpackages.com\/ro\/tours\/inot-cu-delfinii-in-makadi-bay\/\",\"name\":\"\u00cenot cu Delfinii \u00een Makadi Bay : Egy tour packages\",\"isPartOf\":{\"@id\":\"https:\/\/egytourpackages.com\/ro\/#website\"},\"datePublished\":\"2025-11-03T20:11:49+00:00\",\"dateModified\":\"2026-02-19T20:00:33+00:00\",\"description\":\"Tr\u0103ie\u0219te experien\u021ba \u00cenot cu Delfinii \u00een Makadi Bay! Bucur\u0103-te de momente unice \u00een Egipt, asisten\u021b\u0103 profesional\u0103 \u0219i amintiri de neuitat. Rezerv\u0103 acum online!\",\"breadcrumb\":{\"@id\":\"https:\/\/egytourpackages.com\/ro\/tours\/inot-cu-delfinii-in-makadi-bay\/#breadcrumb\"},\"inLanguage\":\"ro-RO\",\"potentialAction\":[{\"@type\":\"ReadAction\",\"target\":[\"https:\/\/egytourpackages.com\/ro\/tours\/inot-cu-delfinii-in-makadi-bay\/\"]}]},{\"@type\":\"BreadcrumbList\",\"@id\":\"https:\/\/egytourpackages.com\/ro\/tours\/inot-cu-delfinii-in-makadi-bay\/#breadcrumb\",\"itemListElement\":[{\"@type\":\"ListItem\",\"position\":1,\"name\":\"Home\",\"item\":\"https:\/\/egytourpackages.com\/ro\/\"},{\"@type\":\"ListItem\",\"position\":2,\"name\":\"Shop\",\"item\":\"https:\/\/egytourpackages.com\/shop\/\"},{\"@type\":\"ListItem\",\"position\":3,\"name\":\"\u00cenot cu Delfinii \u00een Makadi Bay\"}]},{\"@type\":\"WebSite\",\"@id\":\"https:\/\/egytourpackages.com\/ro\/#website\",\"url\":\"https:\/\/egytourpackages.com\/ro\/\",\"name\":\"Egy tour packages\",\"description\":\"\",\"publisher\":{\"@id\":\"https:\/\/egytourpackages.com\/ro\/#organization\"},\"potentialAction\":[{\"@type\":\"SearchAction\",\"target\":{\"@type\":\"EntryPoint\",\"urlTemplate\":\"https:\/\/egytourpackages.com\/ro\/?s={search_term_string}\"},\"query-input\":{\"@type\":\"PropertyValueSpecification\",\"valueRequired\":true,\"valueName\":\"search_term_string\"}}],\"inLanguage\":\"ro-RO\"},{\"@type\":[\"Organization\",\"Place\",\"TravelAgency\"],\"@id\":\"https:\/\/egytourpackages.com\/ro\/#organization\",\"name\":\"egypt tour packages\",\"alternateName\":\"egypt tour packages\",\"url\":\"https:\/\/egytourpackages.com\/ro\/\",\"logo\":{\"@id\":\"https:\/\/egytourpackages.com\/ro\/tours\/inot-cu-delfinii-in-makadi-bay\/#local-main-organization-logo\"},\"image\":{\"@id\":\"https:\/\/egytourpackages.com\/ro\/tours\/inot-cu-delfinii-in-makadi-bay\/#local-main-organization-logo\"},\"sameAs\":[\"https:\/\/www.facebook.com\/egytourpackages\"],\"legalName\":\"Egy tour packages\",\"address\":{\"@id\":\"https:\/\/egytourpackages.com\/ro\/tours\/inot-cu-delfinii-in-makadi-bay\/#local-main-place-address\"},\"telephone\":[\"00201000852186\",\"00201028685533\"],\"contactPoint\":{\"@type\":\"ContactPoint\",\"telephone\":\"00201000852186\"},\"openingHoursSpecification\":[{\"@type\":\"OpeningHoursSpecification\",\"dayOfWeek\":[\"Monday\",\"Tuesday\",\"Wednesday\",\"Thursday\",\"Friday\",\"Saturday\",\"Sunday\"],\"opens\":\"00:00\",\"closes\":\"23:59\"}],\"email\":\"info@egytourpackages.com\",\"areaServed\":\"Cairo, Hurghada, Luxor, Sharm El Sheikh, Marsa Alam, Aswan\",\"priceRange\":\"$\",\"currenciesAccepted\":\"euro\",\"paymentAccepted\":\"Payment links online\"},{\"@type\":\"PostalAddress\",\"@id\":\"https:\/\/egytourpackages.com\/ro\/tours\/inot-cu-delfinii-in-makadi-bay\/#local-main-place-address\",\"streetAddress\":\"Mubarak 8, Al Kawthar District, Hurghada\",\"addressLocality\":\"Hurghada\",\"postalCode\":\"84511\",\"addressRegion\":\"Red Sea\",\"addressCountry\":\"EG\"},{\"@type\":\"ImageObject\",\"inLanguage\":\"ro-RO\",\"@id\":\"https:\/\/egytourpackages.com\/ro\/tours\/inot-cu-delfinii-in-makadi-bay\/#local-main-organization-logo\",\"url\":\"https:\/\/egytourpackages.com\/wp-content\/uploads\/2025\/12\/Turquoise-Dahabiya-Nile-Cruise-1.jpeg\",\"contentUrl\":\"https:\/\/egytourpackages.com\/wp-content\/uploads\/2025\/12\/Turquoise-Dahabiya-Nile-Cruise-1.jpeg\",\"width\":1040,\"height\":694,\"caption\":\"egypt tour packages\"}]}<\/script>\n<meta property=\"product:brand\" content=\"Cele mai bune lucruri de f\u0103cut \u00een Hurghada cu copiii\" \/>\n<meta property=\"product:price:amount\" content=\"40\" \/>\n<meta property=\"product:price:currency\" content=\"EUR\" \/>\n<meta property=\"og:availability\" content=\"instock\" \/>\n<meta property=\"product:availability\" content=\"instock\" \/>\n<meta property=\"product:retailer_item_id\" content=\"HDT28\" \/>\n<meta property=\"product:condition\" content=\"new\" \/>\n<meta name=\"geo.placename\" content=\"Hurghada\" \/>\n<meta name=\"geo.region\" content=\"Egipt\" \/>\n<!-- \/ Yoast SEO Premium plugin. -->","yoast_head_json":{"title":"\u00cenot cu Delfinii \u00een Makadi Bay : Egy tour packages","description":"Tr\u0103ie\u0219te experien\u021ba \u00cenot cu Delfinii \u00een Makadi Bay! Bucur\u0103-te de momente unice \u00een Egipt, asisten\u021b\u0103 profesional\u0103 \u0219i amintiri de neuitat. Rezerv\u0103 acum online!","robots":{"index":"index","follow":"follow","max-snippet":"max-snippet:-1","max-image-preview":"max-image-preview:large","max-video-preview":"max-video-preview:-1"},"canonical":"https:\/\/egytourpackages.com\/ro\/tours\/inot-cu-delfinii-in-makadi-bay\/","og_locale":"ro_RO","og_type":"article","og_title":"\u00cenot cu Delfinii \u00een Makadi Bay","og_description":"Tr\u0103ie\u0219te experien\u021ba \u00cenot cu Delfinii \u00een Makadi Bay! Bucur\u0103-te de momente unice \u00een Egipt, asisten\u021b\u0103 profesional\u0103 \u0219i amintiri de neuitat. Rezerv\u0103 acum online!","og_url":"https:\/\/egytourpackages.com\/ro\/tours\/inot-cu-delfinii-in-makadi-bay\/","og_site_name":"Egypt Tour Packages","article_publisher":"https:\/\/www.facebook.com\/egytourpackages","article_modified_time":"2026-02-19T20:00:33+00:00","og_image":[{"width":900,"height":675,"url":"https:\/\/egytourpackages.com\/wp-content\/uploads\/2025\/12\/IMG_20241212_130656.jpg","type":"image\/jpeg"}],"twitter_card":"summary_large_image","twitter_title":"\u00cenot cu Delfinii \u00een Makadi Bay","twitter_misc":{"Pre\u021b":"&euro;40","Disponibilitate":"\u00cen stoc"},"schema":{"@context":"https:\/\/schema.org","@graph":[{"@type":"WebPage","@id":"https:\/\/egytourpackages.com\/ro\/tours\/inot-cu-delfinii-in-makadi-bay\/","url":"https:\/\/egytourpackages.com\/ro\/tours\/inot-cu-delfinii-in-makadi-bay\/","name":"\u00cenot cu Delfinii \u00een Makadi Bay : Egy tour packages","isPartOf":{"@id":"https:\/\/egytourpackages.com\/ro\/#website"},"datePublished":"2025-11-03T20:11:49+00:00","dateModified":"2026-02-19T20:00:33+00:00","description":"Tr\u0103ie\u0219te experien\u021ba \u00cenot cu Delfinii \u00een Makadi Bay! Bucur\u0103-te de momente unice \u00een Egipt, asisten\u021b\u0103 profesional\u0103 \u0219i amintiri de neuitat. Rezerv\u0103 acum online!","breadcrumb":{"@id":"https:\/\/egytourpackages.com\/ro\/tours\/inot-cu-delfinii-in-makadi-bay\/#breadcrumb"},"inLanguage":"ro-RO","potentialAction":[{"@type":"ReadAction","target":["https:\/\/egytourpackages.com\/ro\/tours\/inot-cu-delfinii-in-makadi-bay\/"]}]},{"@type":"BreadcrumbList","@id":"https:\/\/egytourpackages.com\/ro\/tours\/inot-cu-delfinii-in-makadi-bay\/#breadcrumb","itemListElement":[{"@type":"ListItem","position":1,"name":"Home","item":"https:\/\/egytourpackages.com\/ro\/"},{"@type":"ListItem","position":2,"name":"Shop","item":"https:\/\/egytourpackages.com\/shop\/"},{"@type":"ListItem","position":3,"name":"\u00cenot cu Delfinii \u00een Makadi Bay"}]},{"@type":"WebSite","@id":"https:\/\/egytourpackages.com\/ro\/#website","url":"https:\/\/egytourpackages.com\/ro\/","name":"Egy tour packages","description":"","publisher":{"@id":"https:\/\/egytourpackages.com\/ro\/#organization"},"potentialAction":[{"@type":"SearchAction","target":{"@type":"EntryPoint","urlTemplate":"https:\/\/egytourpackages.com\/ro\/?s={search_term_string}"},"query-input":{"@type":"PropertyValueSpecification","valueRequired":true,"valueName":"search_term_string"}}],"inLanguage":"ro-RO"},{"@type":["Organization","Place","TravelAgency"],"@id":"https:\/\/egytourpackages.com\/ro\/#organization","name":"egypt tour packages","alternateName":"egypt tour packages","url":"https:\/\/egytourpackages.com\/ro\/","logo":{"@id":"https:\/\/egytourpackages.com\/ro\/tours\/inot-cu-delfinii-in-makadi-bay\/#local-main-organization-logo"},"image":{"@id":"https:\/\/egytourpackages.com\/ro\/tours\/inot-cu-delfinii-in-makadi-bay\/#local-main-organization-logo"},"sameAs":["https:\/\/www.facebook.com\/egytourpackages"],"legalName":"Egy tour packages","address":{"@id":"https:\/\/egytourpackages.com\/ro\/tours\/inot-cu-delfinii-in-makadi-bay\/#local-main-place-address"},"telephone":["00201000852186","00201028685533"],"contactPoint":{"@type":"ContactPoint","telephone":"00201000852186"},"openingHoursSpecification":[{"@type":"OpeningHoursSpecification","dayOfWeek":["Monday","Tuesday","Wednesday","Thursday","Friday","Saturday","Sunday"],"opens":"00:00","closes":"23:59"}],"email":"info@egytourpackages.com","areaServed":"Cairo, Hurghada, Luxor, Sharm El Sheikh, Marsa Alam, Aswan","priceRange":"$","currenciesAccepted":"euro","paymentAccepted":"Payment links online"},{"@type":"PostalAddress","@id":"https:\/\/egytourpackages.com\/ro\/tours\/inot-cu-delfinii-in-makadi-bay\/#local-main-place-address","streetAddress":"Mubarak 8, Al Kawthar District, Hurghada","addressLocality":"Hurghada","postalCode":"84511","addressRegion":"Red Sea","addressCountry":"EG"},{"@type":"ImageObject","inLanguage":"ro-RO","@id":"https:\/\/egytourpackages.com\/ro\/tours\/inot-cu-delfinii-in-makadi-bay\/#local-main-organization-logo","url":"https:\/\/egytourpackages.com\/wp-content\/uploads\/2025\/12\/Turquoise-Dahabiya-Nile-Cruise-1.jpeg","contentUrl":"https:\/\/egytourpackages.com\/wp-content\/uploads\/2025\/12\/Turquoise-Dahabiya-Nile-Cruise-1.jpeg","width":1040,"height":694,"caption":"egypt tour packages"}]},"product_brand":"Cele mai bune lucruri de f\u0103cut \u00een Hurghada cu copiii","product_price_amount":"40","product_price_currency":"EUR","og_availability":"instock","product_availability":"instock","product_retailer_item_id":"HDT28","product_condition":"new","geo.placename":"Hurghada","geo.region":"Egipt"},"_links":{"self":[{"href":"https:\/\/egytourpackages.com\/ro\/wp-json\/wp\/v2\/product\/15380","targetHints":{"allow":["GET"]}}],"collection":[{"href":"https:\/\/egytourpackages.com\/ro\/wp-json\/wp\/v2\/product"}],"about":[{"href":"https:\/\/egytourpackages.com\/ro\/wp-json\/wp\/v2\/types\/product"}],"replies":[{"embeddable":true,"href":"https:\/\/egytourpackages.com\/ro\/wp-json\/wp\/v2\/comments?post=15380"}],"wp:attachment":[{"href":"https:\/\/egytourpackages.com\/ro\/wp-json\/wp\/v2\/media?parent=15380"}],"wp:term":[{"taxonomy":"product_brand","embeddable":true,"href":"https:\/\/egytourpackages.com\/ro\/wp-json\/wp\/v2\/product_brand?post=15380"},{"taxonomy":"product_cat","embeddable":true,"href":"https:\/\/egytourpackages.com\/ro\/wp-json\/wp\/v2\/product_cat?post=15380"},{"taxonomy":"product_tag","embeddable":true,"href":"https:\/\/egytourpackages.com\/ro\/wp-json\/wp\/v2\/product_tag?post=15380"}],"curies":[{"name":"wp","href":"https:\/\/api.w.org\/{rel}","templated":true}]}}