{"id":15404,"date":"2025-11-14T23:32:22","date_gmt":"2025-11-14T23:32:22","guid":{"rendered":"https:\/\/egytourpackages.com\/product\/transfer-privat-de-la-aeroportul-hurghada-la-hotelurile-din-makadi-bay\/"},"modified":"2026-02-19T19:57:38","modified_gmt":"2026-02-19T19:57:38","slug":"transfer-privat-de-la-aeroportul-hurghada-la-hotelurile-din-makadi-bay","status":"publish","type":"product","link":"https:\/\/egytourpackages.com\/ro\/tours\/transfer-privat-de-la-aeroportul-hurghada-la-hotelurile-din-makadi-bay\/","title":{"rendered":"Transfer Privat de la Aeroportul Hurghada la Hotelurile din Makadi Bay"},"content":{"rendered":"<p><span style=\"color: #ff6600;\"><strong>Transfer Privat de la Aeroportul Hurghada la Hotelurile din Makadi Bay | Pre\u021b per vehicul<\/strong><\/span><\/p>\n<p>\u00cencepe\u021bi-v\u0103 <strong>vacan\u021ba exclusivist\u0103 \u00een Makadi Bay<\/strong> cu cea mai relaxant\u0103 modalitate de <strong>c\u0103l\u0103torie f\u0103r\u0103 stres<\/strong>: un <strong>transfer privat rezervat \u00een avans<\/strong> de la <strong>Aeroportul Interna\u021bional Hurghada (HRG)<\/strong> direct c\u0103tre <strong>hotelul dumneavoastr\u0103 din Makadi Bay<\/strong>.<\/p>\n<p>Atunci c\u00e2nd c\u0103uta\u021bi un <strong>transport de \u00eencredere la Marea Ro\u0219ie<\/strong>, serviciul de ma\u0219in\u0103 privat\u0103 este clasat constant ca fiind <strong>cea mai bun\u0103 op\u021biune de transfer aeroportuar<\/strong> pentru vitez\u0103, siguran\u021b\u0103 \u0219i confort.<\/p>\n<h3><span style=\"color: #ff6600;\">De ce s\u0103 rezerva\u021bi un transfer privat de la Hurghada la Makadi Bay?<\/span><\/h3>\n<p><span style=\"color: #993366;\"><em><strong>\u00cent\u00e2mpinare Personalizat\u0103 &#8222;Meet &amp; Greet&#8221;<\/strong><\/em><\/span><\/p>\n<p>Uita\u021bi de stresul g\u0103sirii unui mijloc de transport. <strong>\u0218oferul dumneavoastr\u0103 dedicat<\/strong> v\u0103 va a\u0219tepta chiar \u00een fa\u021ba <strong>holului de sosiri<\/strong>, \u021bin\u00e2nd o pancart\u0103 pe care este afi\u0219at clar numele dumneavoastr\u0103.<\/p>\n<p>Acesta v\u0103 va asista personal cu <strong>bagajele<\/strong>, permi\u021b\u00e2ndu-v\u0103 pur \u0219i simplu s\u0103 v\u0103 relaxa\u021bi \u0219i s\u0103 v\u0103 <strong>bucura\u021bi de transferul privat<\/strong> de la <strong>aeroportul Hurghada c\u0103tre hotelul dumneavoastr\u0103 din Makadi Bay<\/strong>.<\/p>\n<p>C\u0103l\u0103toria c\u0103tre hotelurile din Makadi Bay dureaz\u0103 aproximativ 30-45 de minute, acoperind o distan\u021b\u0103 de aproximativ 30 de kilometri. Aceasta este cea mai rapid\u0103 \u0219i <strong>eficient\u0103 preluare de la aeroport<\/strong> disponibil\u0103.<\/p>\n<h3><span style=\"color: #ff6600;\">Confort \u0219i Siguran\u021b\u0103 Garantate<\/span><\/h3>\n<p>Transferul dumneavoastr\u0103 se desf\u0103\u0219oar\u0103 \u00eentr-un <strong>vehicul modern, cu aer condi\u021bionat<\/strong>, asigur\u00e2nd o c\u0103l\u0103torie confortabil\u0103 dup\u0103 zborul dumneavoastr\u0103. Toate vehiculele sunt \u00eentre\u021binute regulat \u0219i ofer\u0103, de obicei, spa\u021biu pentru <strong>bagaje, gen\u021bi de golf sau echipament de scufund\u0103ri<\/strong>.<\/p>\n<p>Pentru familii, multe servicii ofer\u0103 <strong>scaune pentru bebelu\u0219i<\/strong> sau scaune de tip booster la cerere, ad\u0103ug\u00e2nd un nivel suplimentar de siguran\u021b\u0103.<\/p>\n<h3><span style=\"color: #ff6600;\">Rezervare \u0219i Serviciu 24\/7 f\u0103r\u0103 efort<\/span><\/h3>\n<p>Rezervarea transferului c\u0103tre <strong>resorturile din Makadi Bay<\/strong> este conceput\u0103 pentru un confort maxim. Pute\u021bi rezerva cu u\u0219urin\u021b\u0103 <strong>transferul dumneavoastr\u0103 cu taxiul de la aeroportul Hurghada<\/strong> prin <strong>WhatsApp, e-mail sau apel telefonic<\/strong>.<\/p>\n<p>Pentru a v\u0103 asigura c\u0103l\u0103toria, furniza\u021bi pur \u0219i simplu <strong>num\u0103rul zborului<\/strong> \u0219i <strong>ora sosirii<\/strong>\u2014noi ne ocup\u0103m de toate detaliile logistice.<\/p>\n<p>De fapt, oper\u0103m un <strong>serviciu disponibil 24 de ore<\/strong> folosind o flot\u0103 de <strong>vehicule moderne \u0219i cu aer condi\u021bionat<\/strong>, gata s\u0103 v\u0103 preia la <strong>orice or\u0103 de la aeroportul Hurghada<\/strong>, zi sau noapte.<\/p>\n<h3><span style=\"color: #ff6600;\">Pre\u021b Fix, Accesibil<\/span><\/h3>\n<p>Asigura\u021bi-v\u0103 un <strong>pre\u021b fix, totul inclus<\/strong> atunci c\u00e2nd rezerva\u021bi online. Aceast\u0103 transparen\u021b\u0103 este un beneficiu major, deoarece \u00eenseamn\u0103 c\u0103 nu exist\u0103 costuri surpriz\u0103 \u0219i nu este nevoie s\u0103 <strong>negocia\u021bi tarifele de taxi<\/strong> la aeroport.<\/p>\n<p>Acesta este adesea <strong>cel mai avantajos transfer<\/strong> pentru grupuri sau familii \u00een compara\u021bie cu o curs\u0103 neplanificat\u0103 cu <strong>taxiul de la aeroport<\/strong>.<\/p>\n<h3><span style=\"color: #ff6600;\">Rezerva\u021bi Taxiul pentru Aeroportul Makadi Bay \u00een avans<\/span><\/h3>\n<p>Pentru o lini\u0219te sufleteasc\u0103 deplin\u0103, v\u0103 recomand\u0103m cu t\u0103rie s\u0103 v\u0103 rezerva\u021bi <strong>transferul c\u0103tre Makadi Bay<\/strong> cu mult \u00eenainte de data c\u0103l\u0103toriei.<\/p>\n<p>Acest lucru garanteaz\u0103 c\u0103 \u0219oferul dumneavoastr\u0103 v\u0103 va a\u0219tepta, chiar dac\u0103 zborul c\u0103tre <strong>Hurghada<\/strong> are \u00eent\u00e2rziere. Este <strong>cea mai u\u0219oar\u0103 cale<\/strong> de a trece de la terminalul aeroportului la <strong>confortul luxos<\/strong> al resortului dumneavoastr\u0103 de la Marea Ro\u0219ie.<\/p>\n<h2><span style=\"color: #993366;\"><em>Not\u0103<\/em><\/span><\/h2>\n<p>V\u0103 rug\u0103m s\u0103 re\u021bine\u021bi c\u0103 pre\u021bul nostru pentru transferurile de la aeroportul Hurghada c\u0103tre resorturile din Makadi Bay este per vehicul \u0219i nu exist\u0103 surprize ascunse.<\/p>\n<p>Pentru mai multe informa\u021bii despre transferurile cu taxiul de la aeroportul Hurghada, v\u0103 rug\u0103m s\u0103 consulta\u021bi sec\u021biunea noastr\u0103 de <strong>transferuri aeroportuare<\/strong>.<\/p>\n<h3><span style=\"color: #ff6600;\">Pre\u021b Transfer Privat de la Aeroportul Hurghada la Hotelurile din Makadi Bay<\/span><\/h3>\n<p>Per vehicul: 25 \u20ac<\/p>\n<h3><span style=\"color: #ff6600;\">Rezervare<\/span><\/h3>\n<p>V\u0103 pute\u021bi rezerva turul prin WhatsApp sau trimite\u021bi-ne un e-mail \u0219i ve\u021bi primi confirmarea pe loc.<\/p>\n<p>WhatsApp: +201000852186<\/p>\n<p>info@egytourpackages.com<\/p>\n<h3><span style=\"color: #ff6600;\">Rezerv\u0103 Acum \u0219i Pl\u0103te\u0219te la Fa\u021ba Locului<\/span><\/h3>\n<p>Rezerv\u0103 transferul preferat \u0219i pl\u0103te\u0219te pe loc.<\/p>\n<h3><span style=\"color: #ff6600;\">Plat\u0103<\/span><\/h3>\n<p>Pute\u021bi pl\u0103ti \u00een lire egiptene, $, \u20ac sau \u00a3.<\/p>\n<h3><span style=\"color: #ff6600;\">Politica de Anulare<\/span><\/h3>\n<p>Anularea este gratuit\u0103.<\/p>\n","protected":false},"excerpt":{"rendered":"<p>Rezerv\u0103 un Transfer Privat de la Aeroportul Hurghada la Hotelurile din Makadi Bay. Serviciu VIP, pre\u021b fix 25\u20ac \u0219i disponibilitate 24\/7. Rezerv\u0103 acum online!<\/p>\n","protected":false},"featured_media":9200,"comment_status":"closed","ping_status":"closed","template":"","meta":[],"product_brand":[],"product_cat":[3120],"product_tag":[3203,3351],"class_list":{"0":"post-15404","1":"product","2":"type-product","3":"status-publish","4":"has-post-thumbnail","6":"product_cat-tururi","7":"product_tag-excursii-de-o-zi-in-egipt","8":"product_tag-transfer-de-la-aeroport","9":"tour_category-excursii-de-o-zi-in-egipt-ro","10":"tour_category-transfer-aeroport-ro","12":"first","13":"instock","14":"sale","15":"shipping-taxable","16":"purchasable","17":"product-type-tour"},"yoast_head":"<!-- This site is optimized with the Yoast SEO Premium plugin v27.2 (Yoast SEO v27.2) - https:\/\/yoast.com\/product\/yoast-seo-premium-wordpress\/ -->\n<title>Transfer Privat de la Aeroportul Hurghada la Hotelurile din Makadi Bay<\/title>\n<meta name=\"description\" content=\"Rezerv\u0103 un Transfer Privat de la Aeroportul Hurghada la Hotelurile din Makadi Bay. Serviciu VIP, pre\u021b fix 25\u20ac \u0219i disponibilitate 24\/7. Rezerv\u0103 acum online!\" \/>\n<meta name=\"robots\" content=\"index, follow, max-snippet:-1, max-image-preview:large, max-video-preview:-1\" \/>\n<link rel=\"canonical\" href=\"https:\/\/egytourpackages.com\/ro\/tours\/transfer-privat-de-la-aeroportul-hurghada-la-hotelurile-din-makadi-bay\/\" \/>\n<meta property=\"og:locale\" content=\"ro_RO\" \/>\n<meta property=\"og:type\" content=\"article\" \/>\n<meta property=\"og:title\" content=\"Transfer Privat de la Aeroportul Hurghada la Hotelurile din Makadi Bay\" \/>\n<meta property=\"og:description\" content=\"Rezerv\u0103 un Transfer Privat de la Aeroportul Hurghada la Hotelurile din Makadi Bay. Serviciu VIP, pre\u021b fix 25\u20ac \u0219i disponibilitate 24\/7. Rezerv\u0103 acum online!\" \/>\n<meta property=\"og:url\" content=\"https:\/\/egytourpackages.com\/ro\/tours\/transfer-privat-de-la-aeroportul-hurghada-la-hotelurile-din-makadi-bay\/\" \/>\n<meta property=\"og:site_name\" content=\"Egypt Tour Packages\" \/>\n<meta property=\"article:publisher\" content=\"https:\/\/www.facebook.com\/egytourpackages\" \/>\n<meta property=\"article:modified_time\" content=\"2026-02-19T19:57:38+00:00\" \/>\n<meta property=\"og:image\" content=\"https:\/\/egytourpackages.com\/wp-content\/uploads\/2025\/11\/Private-Transfer-from-Hurghada-Airport-to-Makadi-Bay-Hotels-1024x768.jpeg\" \/>\n<meta name=\"twitter:card\" content=\"summary_large_image\" \/>\n<meta name=\"twitter:title\" content=\"Transfer Privat de la Aeroportul Hurghada la Hotelurile din Makadi Bay\" \/>\n<meta name=\"twitter:label1\" content=\"Pre\u021b\" \/>\n\t<meta name=\"twitter:data1\" content=\"&euro;25\" \/>\n\t<meta name=\"twitter:label2\" content=\"Disponibilitate\" \/>\n\t<meta name=\"twitter:data2\" content=\"\u00cen stoc\" \/>\n<script type=\"application\/ld+json\" class=\"yoast-schema-graph\">{\"@context\":\"https:\/\/schema.org\",\"@graph\":[{\"@type\":\"WebPage\",\"@id\":\"https:\/\/egytourpackages.com\/ro\/tours\/transfer-privat-de-la-aeroportul-hurghada-la-hotelurile-din-makadi-bay\/\",\"url\":\"https:\/\/egytourpackages.com\/ro\/tours\/transfer-privat-de-la-aeroportul-hurghada-la-hotelurile-din-makadi-bay\/\",\"name\":\"Transfer Privat de la Aeroportul Hurghada la Hotelurile din Makadi Bay\",\"isPartOf\":{\"@id\":\"https:\/\/egytourpackages.com\/ro\/#website\"},\"primaryImageOfPage\":{\"@id\":\"https:\/\/egytourpackages.com\/ro\/tours\/transfer-privat-de-la-aeroportul-hurghada-la-hotelurile-din-makadi-bay\/#primaryimage\"},\"image\":{\"@id\":\"https:\/\/egytourpackages.com\/ro\/tours\/transfer-privat-de-la-aeroportul-hurghada-la-hotelurile-din-makadi-bay\/#primaryimage\"},\"thumbnailUrl\":\"https:\/\/egytourpackages.com\/wp-content\/uploads\/2025\/11\/Private-Transfer-from-Hurghada-Airport-to-Makadi-Bay-Hotels.jpeg\",\"datePublished\":\"2025-11-14T23:32:22+00:00\",\"dateModified\":\"2026-02-19T19:57:38+00:00\",\"description\":\"Rezerv\u0103 un Transfer Privat de la Aeroportul Hurghada la Hotelurile din Makadi Bay. Serviciu VIP, pre\u021b fix 25\u20ac \u0219i disponibilitate 24\/7. Rezerv\u0103 acum online!\",\"breadcrumb\":{\"@id\":\"https:\/\/egytourpackages.com\/ro\/tours\/transfer-privat-de-la-aeroportul-hurghada-la-hotelurile-din-makadi-bay\/#breadcrumb\"},\"inLanguage\":\"ro-RO\",\"potentialAction\":[{\"@type\":\"ReadAction\",\"target\":[\"https:\/\/egytourpackages.com\/ro\/tours\/transfer-privat-de-la-aeroportul-hurghada-la-hotelurile-din-makadi-bay\/\"]}]},{\"@type\":\"ImageObject\",\"inLanguage\":\"ro-RO\",\"@id\":\"https:\/\/egytourpackages.com\/ro\/tours\/transfer-privat-de-la-aeroportul-hurghada-la-hotelurile-din-makadi-bay\/#primaryimage\",\"url\":\"https:\/\/egytourpackages.com\/wp-content\/uploads\/2025\/11\/Private-Transfer-from-Hurghada-Airport-to-Makadi-Bay-Hotels.jpeg\",\"contentUrl\":\"https:\/\/egytourpackages.com\/wp-content\/uploads\/2025\/11\/Private-Transfer-from-Hurghada-Airport-to-Makadi-Bay-Hotels.jpeg\",\"width\":1600,\"height\":1200,\"caption\":\"Transfer Privat de la Aeroportul Hurghada la Hotelurile din Makadi Bay\"},{\"@type\":\"BreadcrumbList\",\"@id\":\"https:\/\/egytourpackages.com\/ro\/tours\/transfer-privat-de-la-aeroportul-hurghada-la-hotelurile-din-makadi-bay\/#breadcrumb\",\"itemListElement\":[{\"@type\":\"ListItem\",\"position\":1,\"name\":\"Home\",\"item\":\"https:\/\/egytourpackages.com\/ro\/\"},{\"@type\":\"ListItem\",\"position\":2,\"name\":\"Shop\",\"item\":\"https:\/\/egytourpackages.com\/shop\/\"},{\"@type\":\"ListItem\",\"position\":3,\"name\":\"Transfer Privat de la Aeroportul Hurghada la Hotelurile din Makadi Bay\"}]},{\"@type\":\"WebSite\",\"@id\":\"https:\/\/egytourpackages.com\/ro\/#website\",\"url\":\"https:\/\/egytourpackages.com\/ro\/\",\"name\":\"Egy tour packages\",\"description\":\"\",\"publisher\":{\"@id\":\"https:\/\/egytourpackages.com\/ro\/#organization\"},\"potentialAction\":[{\"@type\":\"SearchAction\",\"target\":{\"@type\":\"EntryPoint\",\"urlTemplate\":\"https:\/\/egytourpackages.com\/ro\/?s={search_term_string}\"},\"query-input\":{\"@type\":\"PropertyValueSpecification\",\"valueRequired\":true,\"valueName\":\"search_term_string\"}}],\"inLanguage\":\"ro-RO\"},{\"@type\":[\"Organization\",\"Place\",\"TravelAgency\"],\"@id\":\"https:\/\/egytourpackages.com\/ro\/#organization\",\"name\":\"egypt tour packages\",\"alternateName\":\"egypt tour packages\",\"url\":\"https:\/\/egytourpackages.com\/ro\/\",\"logo\":{\"@id\":\"https:\/\/egytourpackages.com\/ro\/tours\/transfer-privat-de-la-aeroportul-hurghada-la-hotelurile-din-makadi-bay\/#local-main-organization-logo\"},\"image\":{\"@id\":\"https:\/\/egytourpackages.com\/ro\/tours\/transfer-privat-de-la-aeroportul-hurghada-la-hotelurile-din-makadi-bay\/#local-main-organization-logo\"},\"sameAs\":[\"https:\/\/www.facebook.com\/egytourpackages\"],\"legalName\":\"Egy tour packages\",\"address\":{\"@id\":\"https:\/\/egytourpackages.com\/ro\/tours\/transfer-privat-de-la-aeroportul-hurghada-la-hotelurile-din-makadi-bay\/#local-main-place-address\"},\"telephone\":[\"00201000852186\",\"00201028685533\"],\"contactPoint\":{\"@type\":\"ContactPoint\",\"telephone\":\"00201000852186\"},\"openingHoursSpecification\":[{\"@type\":\"OpeningHoursSpecification\",\"dayOfWeek\":[\"Monday\",\"Tuesday\",\"Wednesday\",\"Thursday\",\"Friday\",\"Saturday\",\"Sunday\"],\"opens\":\"00:00\",\"closes\":\"23:59\"}],\"email\":\"info@egytourpackages.com\",\"areaServed\":\"Cairo, Hurghada, Luxor, Sharm El Sheikh, Marsa Alam, Aswan\",\"priceRange\":\"$\",\"currenciesAccepted\":\"euro\",\"paymentAccepted\":\"Payment links online\"},{\"@type\":\"PostalAddress\",\"@id\":\"https:\/\/egytourpackages.com\/ro\/tours\/transfer-privat-de-la-aeroportul-hurghada-la-hotelurile-din-makadi-bay\/#local-main-place-address\",\"streetAddress\":\"Mubarak 8, Al Kawthar District, Hurghada\",\"addressLocality\":\"Hurghada\",\"postalCode\":\"84511\",\"addressRegion\":\"Red Sea\",\"addressCountry\":\"EG\"},{\"@type\":\"ImageObject\",\"inLanguage\":\"ro-RO\",\"@id\":\"https:\/\/egytourpackages.com\/ro\/tours\/transfer-privat-de-la-aeroportul-hurghada-la-hotelurile-din-makadi-bay\/#local-main-organization-logo\",\"url\":\"https:\/\/egytourpackages.com\/wp-content\/uploads\/2025\/12\/Turquoise-Dahabiya-Nile-Cruise-1.jpeg\",\"contentUrl\":\"https:\/\/egytourpackages.com\/wp-content\/uploads\/2025\/12\/Turquoise-Dahabiya-Nile-Cruise-1.jpeg\",\"width\":1040,\"height\":694,\"caption\":\"egypt tour packages\"}]}<\/script>\n<meta property=\"product:brand\" content=\"Excursii de o zi \u00een Egipt\" \/>\n<meta property=\"product:price:amount\" content=\"25\" \/>\n<meta property=\"product:price:currency\" content=\"EUR\" \/>\n<meta property=\"og:availability\" content=\"instock\" \/>\n<meta property=\"product:availability\" content=\"instock\" \/>\n<meta property=\"product:retailer_item_id\" content=\"AT 04\" \/>\n<meta property=\"product:condition\" content=\"new\" \/>\n<meta name=\"geo.placename\" content=\"Hurghada\" \/>\n<meta name=\"geo.region\" content=\"Egipt\" \/>\n<!-- \/ Yoast SEO Premium plugin. -->","yoast_head_json":{"title":"Transfer Privat de la Aeroportul Hurghada la Hotelurile din Makadi Bay","description":"Rezerv\u0103 un Transfer Privat de la Aeroportul Hurghada la Hotelurile din Makadi Bay. Serviciu VIP, pre\u021b fix 25\u20ac \u0219i disponibilitate 24\/7. Rezerv\u0103 acum online!","robots":{"index":"index","follow":"follow","max-snippet":"max-snippet:-1","max-image-preview":"max-image-preview:large","max-video-preview":"max-video-preview:-1"},"canonical":"https:\/\/egytourpackages.com\/ro\/tours\/transfer-privat-de-la-aeroportul-hurghada-la-hotelurile-din-makadi-bay\/","og_locale":"ro_RO","og_type":"article","og_title":"Transfer Privat de la Aeroportul Hurghada la Hotelurile din Makadi Bay","og_description":"Rezerv\u0103 un Transfer Privat de la Aeroportul Hurghada la Hotelurile din Makadi Bay. Serviciu VIP, pre\u021b fix 25\u20ac \u0219i disponibilitate 24\/7. Rezerv\u0103 acum online!","og_url":"https:\/\/egytourpackages.com\/ro\/tours\/transfer-privat-de-la-aeroportul-hurghada-la-hotelurile-din-makadi-bay\/","og_site_name":"Egypt Tour Packages","article_publisher":"https:\/\/www.facebook.com\/egytourpackages","article_modified_time":"2026-02-19T19:57:38+00:00","og_image":[{"url":"https:\/\/egytourpackages.com\/wp-content\/uploads\/2025\/11\/Private-Transfer-from-Hurghada-Airport-to-Makadi-Bay-Hotels-1024x768.jpeg","type":"","width":"","height":""}],"twitter_card":"summary_large_image","twitter_title":"Transfer Privat de la Aeroportul Hurghada la Hotelurile din Makadi Bay","twitter_misc":{"Pre\u021b":"&euro;25","Disponibilitate":"\u00cen stoc"},"schema":{"@context":"https:\/\/schema.org","@graph":[{"@type":"WebPage","@id":"https:\/\/egytourpackages.com\/ro\/tours\/transfer-privat-de-la-aeroportul-hurghada-la-hotelurile-din-makadi-bay\/","url":"https:\/\/egytourpackages.com\/ro\/tours\/transfer-privat-de-la-aeroportul-hurghada-la-hotelurile-din-makadi-bay\/","name":"Transfer Privat de la Aeroportul Hurghada la Hotelurile din Makadi Bay","isPartOf":{"@id":"https:\/\/egytourpackages.com\/ro\/#website"},"primaryImageOfPage":{"@id":"https:\/\/egytourpackages.com\/ro\/tours\/transfer-privat-de-la-aeroportul-hurghada-la-hotelurile-din-makadi-bay\/#primaryimage"},"image":{"@id":"https:\/\/egytourpackages.com\/ro\/tours\/transfer-privat-de-la-aeroportul-hurghada-la-hotelurile-din-makadi-bay\/#primaryimage"},"thumbnailUrl":"https:\/\/egytourpackages.com\/wp-content\/uploads\/2025\/11\/Private-Transfer-from-Hurghada-Airport-to-Makadi-Bay-Hotels.jpeg","datePublished":"2025-11-14T23:32:22+00:00","dateModified":"2026-02-19T19:57:38+00:00","description":"Rezerv\u0103 un Transfer Privat de la Aeroportul Hurghada la Hotelurile din Makadi Bay. Serviciu VIP, pre\u021b fix 25\u20ac \u0219i disponibilitate 24\/7. Rezerv\u0103 acum online!","breadcrumb":{"@id":"https:\/\/egytourpackages.com\/ro\/tours\/transfer-privat-de-la-aeroportul-hurghada-la-hotelurile-din-makadi-bay\/#breadcrumb"},"inLanguage":"ro-RO","potentialAction":[{"@type":"ReadAction","target":["https:\/\/egytourpackages.com\/ro\/tours\/transfer-privat-de-la-aeroportul-hurghada-la-hotelurile-din-makadi-bay\/"]}]},{"@type":"ImageObject","inLanguage":"ro-RO","@id":"https:\/\/egytourpackages.com\/ro\/tours\/transfer-privat-de-la-aeroportul-hurghada-la-hotelurile-din-makadi-bay\/#primaryimage","url":"https:\/\/egytourpackages.com\/wp-content\/uploads\/2025\/11\/Private-Transfer-from-Hurghada-Airport-to-Makadi-Bay-Hotels.jpeg","contentUrl":"https:\/\/egytourpackages.com\/wp-content\/uploads\/2025\/11\/Private-Transfer-from-Hurghada-Airport-to-Makadi-Bay-Hotels.jpeg","width":1600,"height":1200,"caption":"Transfer Privat de la Aeroportul Hurghada la Hotelurile din Makadi Bay"},{"@type":"BreadcrumbList","@id":"https:\/\/egytourpackages.com\/ro\/tours\/transfer-privat-de-la-aeroportul-hurghada-la-hotelurile-din-makadi-bay\/#breadcrumb","itemListElement":[{"@type":"ListItem","position":1,"name":"Home","item":"https:\/\/egytourpackages.com\/ro\/"},{"@type":"ListItem","position":2,"name":"Shop","item":"https:\/\/egytourpackages.com\/shop\/"},{"@type":"ListItem","position":3,"name":"Transfer Privat de la Aeroportul Hurghada la Hotelurile din Makadi Bay"}]},{"@type":"WebSite","@id":"https:\/\/egytourpackages.com\/ro\/#website","url":"https:\/\/egytourpackages.com\/ro\/","name":"Egy tour packages","description":"","publisher":{"@id":"https:\/\/egytourpackages.com\/ro\/#organization"},"potentialAction":[{"@type":"SearchAction","target":{"@type":"EntryPoint","urlTemplate":"https:\/\/egytourpackages.com\/ro\/?s={search_term_string}"},"query-input":{"@type":"PropertyValueSpecification","valueRequired":true,"valueName":"search_term_string"}}],"inLanguage":"ro-RO"},{"@type":["Organization","Place","TravelAgency"],"@id":"https:\/\/egytourpackages.com\/ro\/#organization","name":"egypt tour packages","alternateName":"egypt tour packages","url":"https:\/\/egytourpackages.com\/ro\/","logo":{"@id":"https:\/\/egytourpackages.com\/ro\/tours\/transfer-privat-de-la-aeroportul-hurghada-la-hotelurile-din-makadi-bay\/#local-main-organization-logo"},"image":{"@id":"https:\/\/egytourpackages.com\/ro\/tours\/transfer-privat-de-la-aeroportul-hurghada-la-hotelurile-din-makadi-bay\/#local-main-organization-logo"},"sameAs":["https:\/\/www.facebook.com\/egytourpackages"],"legalName":"Egy tour packages","address":{"@id":"https:\/\/egytourpackages.com\/ro\/tours\/transfer-privat-de-la-aeroportul-hurghada-la-hotelurile-din-makadi-bay\/#local-main-place-address"},"telephone":["00201000852186","00201028685533"],"contactPoint":{"@type":"ContactPoint","telephone":"00201000852186"},"openingHoursSpecification":[{"@type":"OpeningHoursSpecification","dayOfWeek":["Monday","Tuesday","Wednesday","Thursday","Friday","Saturday","Sunday"],"opens":"00:00","closes":"23:59"}],"email":"info@egytourpackages.com","areaServed":"Cairo, Hurghada, Luxor, Sharm El Sheikh, Marsa Alam, Aswan","priceRange":"$","currenciesAccepted":"euro","paymentAccepted":"Payment links online"},{"@type":"PostalAddress","@id":"https:\/\/egytourpackages.com\/ro\/tours\/transfer-privat-de-la-aeroportul-hurghada-la-hotelurile-din-makadi-bay\/#local-main-place-address","streetAddress":"Mubarak 8, Al Kawthar District, Hurghada","addressLocality":"Hurghada","postalCode":"84511","addressRegion":"Red Sea","addressCountry":"EG"},{"@type":"ImageObject","inLanguage":"ro-RO","@id":"https:\/\/egytourpackages.com\/ro\/tours\/transfer-privat-de-la-aeroportul-hurghada-la-hotelurile-din-makadi-bay\/#local-main-organization-logo","url":"https:\/\/egytourpackages.com\/wp-content\/uploads\/2025\/12\/Turquoise-Dahabiya-Nile-Cruise-1.jpeg","contentUrl":"https:\/\/egytourpackages.com\/wp-content\/uploads\/2025\/12\/Turquoise-Dahabiya-Nile-Cruise-1.jpeg","width":1040,"height":694,"caption":"egypt tour packages"}]},"product_brand":"Excursii de o zi \u00een Egipt","product_price_amount":"25","product_price_currency":"EUR","og_availability":"instock","product_availability":"instock","product_retailer_item_id":"AT 04","product_condition":"new","geo.placename":"Hurghada","geo.region":"Egipt"},"_links":{"self":[{"href":"https:\/\/egytourpackages.com\/ro\/wp-json\/wp\/v2\/product\/15404","targetHints":{"allow":["GET"]}}],"collection":[{"href":"https:\/\/egytourpackages.com\/ro\/wp-json\/wp\/v2\/product"}],"about":[{"href":"https:\/\/egytourpackages.com\/ro\/wp-json\/wp\/v2\/types\/product"}],"replies":[{"embeddable":true,"href":"https:\/\/egytourpackages.com\/ro\/wp-json\/wp\/v2\/comments?post=15404"}],"wp:featuredmedia":[{"embeddable":true,"href":"https:\/\/egytourpackages.com\/ro\/wp-json\/wp\/v2\/media\/9200"}],"wp:attachment":[{"href":"https:\/\/egytourpackages.com\/ro\/wp-json\/wp\/v2\/media?parent=15404"}],"wp:term":[{"taxonomy":"product_brand","embeddable":true,"href":"https:\/\/egytourpackages.com\/ro\/wp-json\/wp\/v2\/product_brand?post=15404"},{"taxonomy":"product_cat","embeddable":true,"href":"https:\/\/egytourpackages.com\/ro\/wp-json\/wp\/v2\/product_cat?post=15404"},{"taxonomy":"product_tag","embeddable":true,"href":"https:\/\/egytourpackages.com\/ro\/wp-json\/wp\/v2\/product_tag?post=15404"}],"curies":[{"name":"wp","href":"https:\/\/api.w.org\/{rel}","templated":true}]}}