{"id":15761,"date":"2026-02-20T20:22:41","date_gmt":"2026-02-20T20:22:41","guid":{"rendered":"https:\/\/egytourpackages.com\/product\/transfer-privat-de-la-aswan-la-hurghada\/"},"modified":"2026-02-27T21:43:53","modified_gmt":"2026-02-27T21:43:53","slug":"transfer-privat-de-la-aswan-la-hurghada","status":"publish","type":"product","link":"https:\/\/egytourpackages.com\/ro\/tours\/transfer-privat-de-la-aswan-la-hurghada\/","title":{"rendered":"Transfer Privat de la Aswan la Hurghada"},"content":{"rendered":"<p><span style=\"color: #ff6600;\"><strong>Transfer Privat de la Aswan la Hurghada | Ma\u0219in\u0103 Nou\u0103, WIFI \u0219i B\u0103uturi<\/strong><\/span><\/p>\n<p>C\u0103l\u0103toria de la sudul \u00eendep\u0103rtat din <strong>Aswan<\/strong> p\u00e2n\u0103 la coasta vibrant\u0103 a M\u0103rii Ro\u0219ii din <strong>Hurghada<\/strong> este un traseu semnificativ \u2014 aproximativ 500 de kilometri de peisaje de\u0219ertice, trec\u0103tori montane \u0219i imagini trec\u0103toare ale Nilului.<\/p>\n<p>De\u0219i drumul dureaz\u0103 aproximativ <strong>6 p\u00e2n\u0103 la 7 ore<\/strong>, serviciul nostru premium este conceput pentru a face timpul s\u0103 zboare. Fie c\u0103 \u00eencheia\u021bi o croazier\u0103 pe Nil sau \u00eencepe\u021bi o vacan\u021b\u0103 de scufund\u0103ri, iat\u0103 cum ne asigur\u0103m c\u0103 transferul dumneavoastr\u0103 este cea mai confortabil\u0103 parte a aventurii egiptene.<\/p>\n<h3><span style=\"color: #ff6600;\">De la Aswan la Hurghada: Itinerariul Dumneavoastr\u0103 de Transfer Premium<\/span><\/h3>\n<p><span style=\"color: #993366;\"><em><strong>Preluare de \u00cencredere \u00een Aswan<\/strong><\/em><\/span><\/p>\n<p>C\u0103l\u0103toria dumneavoastr\u0103 \u00eencepe cu o <strong>preluare privat\u0103<\/strong> direct de la loca\u021bia dumneavoastr\u0103 din Aswan.<\/p>\n<p><span style=\"color: #993366;\"><em><strong>Puncte de Plecare Flexibile:<\/strong><\/em><\/span><\/p>\n<p>Prelu\u0103m de la toate hotelurile din Aswan, de la Barajul \u00cenalt din Aswan sau direct de la <strong>nava de croazier\u0103 pe Nil<\/strong> de la doc.<\/p>\n<p><span style=\"color: #993366;\"><em><strong>Flot\u0103 Nou-Nou\u021b\u0103:<\/strong><\/em><\/span><\/p>\n<p>Ve\u021bi c\u0103l\u0103tori \u00eentr-un <strong>vehicul nou-nou\u021b<\/strong> \u2014 curat, modern \u0219i perfect \u00eentre\u021binut pentru a parcurge drumurile de\u0219ertului cu u\u0219urin\u021b\u0103.<\/p>\n<p><span style=\"color: #993366;\"><em><strong>Ajutor Personalizat:<\/strong><\/em><\/span><\/p>\n<p>\u0218oferul dumneavoastr\u0103 v\u0103 ajut\u0103 cu toate bagajele, asigur\u00e2ndu-se c\u0103 totul este \u00eenc\u0103rcat \u00een siguran\u021b\u0103 \u00een timp ce v\u0103 instala\u021bi \u00een cabina cu climatizare controlat\u0103.<\/p>\n<p><span style=\"color: #993366;\"><em><strong>Confort High-Tech pe Drum<\/strong><\/em><\/span><\/p>\n<p>Segmentul dintre Nil \u0219i Marea Ro\u0219ie este faimos pentru vederile sale vaste asupra de\u0219ertului. Ne asigur\u0103m c\u0103 r\u0103m\u00e2ne\u021bi conecta\u021bi la lumea modern\u0103 \u00een timp ce \u00eel traversa\u021bi.<\/p>\n<p><span style=\"color: #993366;\"><em><strong>WIFI la Bord:<\/strong><\/em><\/span><\/p>\n<p>Vehiculele noastre sunt echipate cu <strong>WIFI<\/strong>, permi\u021b\u00e2ndu-v\u0103 s\u0103 partaja\u021bi fotografiile din Aswan sau s\u0103 r\u0103m\u00e2ne\u021bi la curent cu munca \u00een timpul drumului lung.<\/p>\n<h3><span style=\"color: #ff6600;\">Sta\u021bie de R\u0103coritoare:<\/span><\/h3>\n<p>Pentru a v\u0103 men\u021bine hidrata\u021bi \u0219i revigora\u021bi, oferim o selec\u021bie de <strong>b\u0103uturi r\u0103coritoare reci<\/strong> \u0219i ap\u0103 \u00eembuteliat\u0103.<\/p>\n<p><span style=\"color: #993366;\"><em><strong>B\u0103uturi Calde:<\/strong><\/em><\/span><\/p>\n<p>Ave\u021bi nevoie de un impuls de diminea\u021b\u0103? Oferim <strong>b\u0103uturi calde<\/strong> pe parcurs, astfel \u00eenc\u00e2t s\u0103 v\u0103 pute\u021bi bucura de o cafea sau un ceai \u00een timp ce peisajul se schimb\u0103 de la verdea\u021ba r\u00e2ului la v\u00e2rfurile mun\u021bilor.<\/p>\n<h3><span style=\"color: #ff6600;\">Popasuri Panoramice \u0219i Siguran\u021b\u0103<\/span><\/h3>\n<p>Siguran\u021ba este prioritatea noastr\u0103, \u00een special pe autostr\u0103zile din de\u0219ert. \u0218oferii no\u0219tri sunt exper\u021bi \u00een navigarea rutei prin Luxor \u0219i Qena.<\/p>\n<p><span style=\"color: #993366;\"><em><strong>Pauze de Odihn\u0103:<\/strong><\/em><\/span><\/p>\n<p>Includem opriri planificate la punctele de odihn\u0103 cele mai bine \u00eentre\u021binute de-a lungul autostr\u0103zii. Ve\u021bi avea timp s\u0103 v\u0103 \u00eentinde\u021bi picioarele \u0219i s\u0103 folosi\u021bi facilit\u0103\u021bi curate.<\/p>\n<p><span style=\"color: #993366;\"><em><strong>Permise de Securitate:<\/strong><\/em><\/span><\/p>\n<p>Ne ocup\u0103m de toate <strong>permisele de poli\u021bie<\/strong> \u0219i actele de c\u0103l\u0103torie necesare pentru turi\u0219tii care c\u0103l\u0103toresc \u00eentre Egiptul de Sus \u0219i Marea Ro\u0219ie, asigur\u00e2nd o trecere f\u0103r\u0103 probleme prin punctele de control.<\/p>\n<h3><span style=\"color: #ff6600;\">L\u0103sare Direct\u0103 \u00een Hurghada<\/span><\/h3>\n<p>C\u00e2nd ajungem la coast\u0103, nu v\u0103 l\u0103s\u0103m doar la o sta\u021bie. Oferim <strong>serviciu poart\u0103-la-poart\u0103<\/strong> p\u00e2n\u0103 la destina\u021bia final\u0103.<\/p>\n<h3><span style=\"color: #ff6600;\">Toate Zonele Acoperite:<\/span><\/h3>\n<p>Fie c\u0103 hotelul dumneavoastr\u0103 este \u00een Marina, Village Road sau \u00een sta\u021biunile din nord, v\u0103 ducem direct la recep\u021bie.<\/p>\n<h3><span style=\"color: #ff6600;\">Pre\u021buri Transparente (Aswan la Hurghada)<\/span><\/h3>\n<p>Transferurile noastre private sunt limitate la un <strong>maximum de 3 persoane<\/strong> pentru a ne asigura c\u0103 fiecare pasager are spa\u021biu amplu \u0219i o experien\u021b\u0103 premium.<\/p>\n<table>\n<thead>\n<tr>\n<td><strong>Num\u0103r de Pasageri<\/strong><\/td>\n<td><strong>Pre\u021b de Persoan\u0103<\/strong><\/td>\n<td><strong>Pre\u021b Total (Dus)<\/strong><\/td>\n<\/tr>\n<\/thead>\n<tbody>\n<tr>\n<td><strong>1 Persoan\u0103<\/strong><\/td>\n<td><strong>\u20ac 250<\/strong><\/td>\n<td><strong>\u20ac 250<\/strong><\/td>\n<\/tr>\n<tr>\n<td><strong>2 Persoane<\/strong><\/td>\n<td><strong>\u20ac 125<\/strong><\/td>\n<td><strong>\u20ac 250<\/strong><\/td>\n<\/tr>\n<tr>\n<td><strong>3 Persoane<\/strong><\/td>\n<td><strong>\u20ac 90<\/strong><\/td>\n<td><strong>\u20ac 270<\/strong><\/td>\n<\/tr>\n<\/tbody>\n<\/table>\n","protected":false},"excerpt":{"rendered":"<p>Transfer Privat de la Aswan la Hurghada: c\u0103l\u0103tore\u0219te cu ma\u0219in\u0103 nou\u0103, WIFI \u0219i b\u0103uturi incluse. Serviciu premium door-to-door pentru un confort maxim \u00een Egipt<\/p>\n","protected":false},"featured_media":15794,"comment_status":"closed","ping_status":"closed","template":"","meta":[],"product_brand":[],"product_cat":[3120],"product_tag":[4214,4217,4216,4215],"class_list":{"0":"post-15761","1":"product","2":"type-product","3":"status-publish","4":"has-post-thumbnail","6":"product_cat-tururi","7":"product_tag-rezerva-transferul-privat-de-la-aeroportul-hurghada-la-hotelul-kempinski","8":"product_tag-rezerva-transferul-privat-de-la-aeroportul-hurghada-la-jaz-soma-bay","9":"product_tag-rezerva-transferul-privat-de-la-aeroportul-hurghada-la-kaktus-soma-bay","10":"product_tag-rezerva-transferul-privat-de-la-aeroportul-hurghada-la-sheraton-soma-bay","11":"tour_category-excursii-aswan-ro","12":"tour_category-excursii-de-o-zi-in-egipt-ro","13":"tour_category-transfer-aeroport-ro","15":"first","16":"instock","17":"sale","18":"shipping-taxable","19":"purchasable","20":"product-type-tour","21":"has-default-attributes"},"yoast_head":"<!-- This site is optimized with the Yoast SEO Premium plugin v27.4 (Yoast SEO v27.4) - https:\/\/yoast.com\/product\/yoast-seo-premium-wordpress\/ -->\n<title>Transfer Privat de la Aswan la Hurghada<\/title>\n<meta name=\"description\" content=\"Transfer Privat de la Aswan la Hurghada: c\u0103l\u0103tore\u0219te cu ma\u0219in\u0103 nou\u0103, WIFI \u0219i b\u0103uturi incluse. Serviciu premium door-to-door pentru un confort maxim \u00een Egipt\" \/>\n<meta name=\"robots\" content=\"index, follow, max-snippet:-1, max-image-preview:large, max-video-preview:-1\" \/>\n<link rel=\"canonical\" href=\"https:\/\/egytourpackages.com\/ro\/tours\/transfer-privat-de-la-aswan-la-hurghada\/\" \/>\n<meta property=\"og:locale\" content=\"ro_RO\" \/>\n<meta property=\"og:type\" content=\"article\" \/>\n<meta property=\"og:title\" content=\"Transfer Privat de la Aswan la Hurghada\" \/>\n<meta property=\"og:description\" content=\"Transfer Privat de la Aswan la Hurghada: c\u0103l\u0103tore\u0219te cu ma\u0219in\u0103 nou\u0103, WIFI \u0219i b\u0103uturi incluse. Serviciu premium door-to-door pentru un confort maxim \u00een Egipt\" \/>\n<meta property=\"og:url\" content=\"https:\/\/egytourpackages.com\/ro\/tours\/transfer-privat-de-la-aswan-la-hurghada\/\" \/>\n<meta property=\"og:site_name\" content=\"Egypt Tour Packages\" \/>\n<meta property=\"article:publisher\" content=\"https:\/\/www.facebook.com\/egytourpackages\" \/>\n<meta property=\"article:modified_time\" content=\"2026-02-27T21:43:53+00:00\" \/>\n<meta property=\"og:image\" content=\"https:\/\/egytourpackages.com\/wp-content\/uploads\/2025\/12\/IMG_20241212_130656.jpg\" \/>\n\t<meta property=\"og:image:width\" content=\"900\" \/>\n\t<meta property=\"og:image:height\" content=\"675\" \/>\n\t<meta property=\"og:image:type\" content=\"image\/jpeg\" \/>\n<meta name=\"twitter:card\" content=\"summary_large_image\" \/>\n<meta name=\"twitter:label1\" content=\"Pre\u021b\" \/>\n\t<meta name=\"twitter:data1\" content=\"&euro;90\" \/>\n\t<meta name=\"twitter:label2\" content=\"Disponibilitate\" \/>\n\t<meta name=\"twitter:data2\" content=\"\u00cen stoc\" \/>\n<script type=\"application\/ld+json\" class=\"yoast-schema-graph\">{\"@context\":\"https:\\\/\\\/schema.org\",\"@graph\":[{\"@type\":\"WebPage\",\"@id\":\"https:\\\/\\\/egytourpackages.com\\\/ro\\\/tours\\\/transfer-privat-de-la-aswan-la-hurghada\\\/\",\"url\":\"https:\\\/\\\/egytourpackages.com\\\/ro\\\/tours\\\/transfer-privat-de-la-aswan-la-hurghada\\\/\",\"name\":\"Transfer Privat de la Aswan la Hurghada\",\"isPartOf\":{\"@id\":\"https:\\\/\\\/egytourpackages.com\\\/ro\\\/#website\"},\"primaryImageOfPage\":{\"@id\":\"https:\\\/\\\/egytourpackages.com\\\/ro\\\/tours\\\/transfer-privat-de-la-aswan-la-hurghada\\\/#primaryimage\"},\"image\":{\"@id\":\"https:\\\/\\\/egytourpackages.com\\\/ro\\\/tours\\\/transfer-privat-de-la-aswan-la-hurghada\\\/#primaryimage\"},\"thumbnailUrl\":\"https:\\\/\\\/egytourpackages.com\\\/wp-content\\\/uploads\\\/2026\\\/02\\\/Private-Transfer-Aswan-to-Hurghada.jpeg\",\"datePublished\":\"2026-02-20T20:22:41+00:00\",\"dateModified\":\"2026-02-27T21:43:53+00:00\",\"description\":\"Transfer Privat de la Aswan la Hurghada: c\u0103l\u0103tore\u0219te cu ma\u0219in\u0103 nou\u0103, WIFI \u0219i b\u0103uturi incluse. Serviciu premium door-to-door pentru un confort maxim \u00een Egipt\",\"breadcrumb\":{\"@id\":\"https:\\\/\\\/egytourpackages.com\\\/ro\\\/tours\\\/transfer-privat-de-la-aswan-la-hurghada\\\/#breadcrumb\"},\"inLanguage\":\"ro-RO\",\"potentialAction\":[{\"@type\":\"ReadAction\",\"target\":[\"https:\\\/\\\/egytourpackages.com\\\/ro\\\/tours\\\/transfer-privat-de-la-aswan-la-hurghada\\\/\"]}]},{\"@type\":\"ImageObject\",\"inLanguage\":\"ro-RO\",\"@id\":\"https:\\\/\\\/egytourpackages.com\\\/ro\\\/tours\\\/transfer-privat-de-la-aswan-la-hurghada\\\/#primaryimage\",\"url\":\"https:\\\/\\\/egytourpackages.com\\\/wp-content\\\/uploads\\\/2026\\\/02\\\/Private-Transfer-Aswan-to-Hurghada.jpeg\",\"contentUrl\":\"https:\\\/\\\/egytourpackages.com\\\/wp-content\\\/uploads\\\/2026\\\/02\\\/Private-Transfer-Aswan-to-Hurghada.jpeg\",\"width\":1500,\"height\":843,\"caption\":\"Private Transfer Aswan to Hurghada\"},{\"@type\":\"BreadcrumbList\",\"@id\":\"https:\\\/\\\/egytourpackages.com\\\/ro\\\/tours\\\/transfer-privat-de-la-aswan-la-hurghada\\\/#breadcrumb\",\"itemListElement\":[{\"@type\":\"ListItem\",\"position\":1,\"name\":\"Home\",\"item\":\"https:\\\/\\\/egytourpackages.com\\\/ro\\\/\"},{\"@type\":\"ListItem\",\"position\":2,\"name\":\"Shop\",\"item\":\"https:\\\/\\\/egytourpackages.com\\\/shop\\\/\"},{\"@type\":\"ListItem\",\"position\":3,\"name\":\"Transfer Privat de la Aswan la Hurghada\"}]},{\"@type\":\"WebSite\",\"@id\":\"https:\\\/\\\/egytourpackages.com\\\/ro\\\/#website\",\"url\":\"https:\\\/\\\/egytourpackages.com\\\/ro\\\/\",\"name\":\"Egy tour packages\",\"description\":\"\",\"publisher\":{\"@id\":\"https:\\\/\\\/egytourpackages.com\\\/ro\\\/#organization\"},\"potentialAction\":[{\"@type\":\"SearchAction\",\"target\":{\"@type\":\"EntryPoint\",\"urlTemplate\":\"https:\\\/\\\/egytourpackages.com\\\/ro\\\/?s={search_term_string}\"},\"query-input\":{\"@type\":\"PropertyValueSpecification\",\"valueRequired\":true,\"valueName\":\"search_term_string\"}}],\"inLanguage\":\"ro-RO\"},{\"@type\":[\"Organization\",\"Place\",\"TravelAgency\"],\"@id\":\"https:\\\/\\\/egytourpackages.com\\\/ro\\\/#organization\",\"name\":\"egypt tour packages\",\"alternateName\":\"egypt tour packages\",\"url\":\"https:\\\/\\\/egytourpackages.com\\\/ro\\\/\",\"logo\":{\"@id\":\"https:\\\/\\\/egytourpackages.com\\\/ro\\\/tours\\\/transfer-privat-de-la-aswan-la-hurghada\\\/#local-main-organization-logo\"},\"image\":{\"@id\":\"https:\\\/\\\/egytourpackages.com\\\/ro\\\/tours\\\/transfer-privat-de-la-aswan-la-hurghada\\\/#local-main-organization-logo\"},\"sameAs\":[\"https:\\\/\\\/www.facebook.com\\\/egytourpackages\"],\"legalName\":\"Egy tour packages\",\"address\":{\"@id\":\"https:\\\/\\\/egytourpackages.com\\\/ro\\\/tours\\\/transfer-privat-de-la-aswan-la-hurghada\\\/#local-main-place-address\"},\"telephone\":[\"00201000852186\",\"00201028685533\"],\"contactPoint\":{\"@type\":\"ContactPoint\",\"telephone\":\"00201000852186\"},\"openingHoursSpecification\":[{\"@type\":\"OpeningHoursSpecification\",\"dayOfWeek\":[\"Monday\",\"Tuesday\",\"Wednesday\",\"Thursday\",\"Friday\",\"Saturday\",\"Sunday\"],\"opens\":\"00:00\",\"closes\":\"23:59\"}],\"email\":\"info@egytourpackages.com\",\"areaServed\":\"Cairo, Hurghada, Luxor, Sharm El Sheikh, Marsa Alam, Aswan\",\"priceRange\":\"$\",\"currenciesAccepted\":\"euro\",\"paymentAccepted\":\"Payment links online\"},{\"@type\":\"PostalAddress\",\"@id\":\"https:\\\/\\\/egytourpackages.com\\\/ro\\\/tours\\\/transfer-privat-de-la-aswan-la-hurghada\\\/#local-main-place-address\",\"streetAddress\":\"Mubarak 8, Al Kawthar District, Hurghada\",\"addressLocality\":\"Hurghada\",\"postalCode\":\"84511\",\"addressRegion\":\"Red Sea\",\"addressCountry\":\"EG\"},{\"@type\":\"ImageObject\",\"inLanguage\":\"ro-RO\",\"@id\":\"https:\\\/\\\/egytourpackages.com\\\/ro\\\/tours\\\/transfer-privat-de-la-aswan-la-hurghada\\\/#local-main-organization-logo\",\"url\":\"https:\\\/\\\/egytourpackages.com\\\/wp-content\\\/uploads\\\/2025\\\/12\\\/Turquoise-Dahabiya-Nile-Cruise-1.jpeg\",\"contentUrl\":\"https:\\\/\\\/egytourpackages.com\\\/wp-content\\\/uploads\\\/2025\\\/12\\\/Turquoise-Dahabiya-Nile-Cruise-1.jpeg\",\"width\":1040,\"height\":694,\"caption\":\"egypt tour packages\"}]}<\/script>\n<meta property=\"product:brand\" content=\"Excursii Aswan\" \/>\n<meta property=\"product:price:amount\" content=\"90\" \/>\n<meta property=\"product:price:currency\" content=\"EUR\" \/>\n<meta property=\"og:availability\" content=\"instock\" \/>\n<meta property=\"product:availability\" content=\"instock\" \/>\n<meta property=\"product:retailer_item_id\" content=\"AT 08\" \/>\n<meta property=\"product:condition\" content=\"new\" \/>\n<meta name=\"geo.placename\" content=\"Hurghada\" \/>\n<meta name=\"geo.region\" content=\"Egipt\" \/>\n<!-- \/ Yoast SEO Premium plugin. -->","yoast_head_json":{"title":"Transfer Privat de la Aswan la Hurghada","description":"Transfer Privat de la Aswan la Hurghada: c\u0103l\u0103tore\u0219te cu ma\u0219in\u0103 nou\u0103, WIFI \u0219i b\u0103uturi incluse. Serviciu premium door-to-door pentru un confort maxim \u00een Egipt","robots":{"index":"index","follow":"follow","max-snippet":"max-snippet:-1","max-image-preview":"max-image-preview:large","max-video-preview":"max-video-preview:-1"},"canonical":"https:\/\/egytourpackages.com\/ro\/tours\/transfer-privat-de-la-aswan-la-hurghada\/","og_locale":"ro_RO","og_type":"article","og_title":"Transfer Privat de la Aswan la Hurghada","og_description":"Transfer Privat de la Aswan la Hurghada: c\u0103l\u0103tore\u0219te cu ma\u0219in\u0103 nou\u0103, WIFI \u0219i b\u0103uturi incluse. Serviciu premium door-to-door pentru un confort maxim \u00een Egipt","og_url":"https:\/\/egytourpackages.com\/ro\/tours\/transfer-privat-de-la-aswan-la-hurghada\/","og_site_name":"Egypt Tour Packages","article_publisher":"https:\/\/www.facebook.com\/egytourpackages","article_modified_time":"2026-02-27T21:43:53+00:00","og_image":[{"width":900,"height":675,"url":"https:\/\/egytourpackages.com\/wp-content\/uploads\/2025\/12\/IMG_20241212_130656.jpg","type":"image\/jpeg"}],"twitter_card":"summary_large_image","twitter_misc":{"Pre\u021b":"&euro;90","Disponibilitate":"\u00cen stoc"},"schema":{"@context":"https:\/\/schema.org","@graph":[{"@type":"WebPage","@id":"https:\/\/egytourpackages.com\/ro\/tours\/transfer-privat-de-la-aswan-la-hurghada\/","url":"https:\/\/egytourpackages.com\/ro\/tours\/transfer-privat-de-la-aswan-la-hurghada\/","name":"Transfer Privat de la Aswan la Hurghada","isPartOf":{"@id":"https:\/\/egytourpackages.com\/ro\/#website"},"primaryImageOfPage":{"@id":"https:\/\/egytourpackages.com\/ro\/tours\/transfer-privat-de-la-aswan-la-hurghada\/#primaryimage"},"image":{"@id":"https:\/\/egytourpackages.com\/ro\/tours\/transfer-privat-de-la-aswan-la-hurghada\/#primaryimage"},"thumbnailUrl":"https:\/\/egytourpackages.com\/wp-content\/uploads\/2026\/02\/Private-Transfer-Aswan-to-Hurghada.jpeg","datePublished":"2026-02-20T20:22:41+00:00","dateModified":"2026-02-27T21:43:53+00:00","description":"Transfer Privat de la Aswan la Hurghada: c\u0103l\u0103tore\u0219te cu ma\u0219in\u0103 nou\u0103, WIFI \u0219i b\u0103uturi incluse. Serviciu premium door-to-door pentru un confort maxim \u00een Egipt","breadcrumb":{"@id":"https:\/\/egytourpackages.com\/ro\/tours\/transfer-privat-de-la-aswan-la-hurghada\/#breadcrumb"},"inLanguage":"ro-RO","potentialAction":[{"@type":"ReadAction","target":["https:\/\/egytourpackages.com\/ro\/tours\/transfer-privat-de-la-aswan-la-hurghada\/"]}]},{"@type":"ImageObject","inLanguage":"ro-RO","@id":"https:\/\/egytourpackages.com\/ro\/tours\/transfer-privat-de-la-aswan-la-hurghada\/#primaryimage","url":"https:\/\/egytourpackages.com\/wp-content\/uploads\/2026\/02\/Private-Transfer-Aswan-to-Hurghada.jpeg","contentUrl":"https:\/\/egytourpackages.com\/wp-content\/uploads\/2026\/02\/Private-Transfer-Aswan-to-Hurghada.jpeg","width":1500,"height":843,"caption":"Private Transfer Aswan to Hurghada"},{"@type":"BreadcrumbList","@id":"https:\/\/egytourpackages.com\/ro\/tours\/transfer-privat-de-la-aswan-la-hurghada\/#breadcrumb","itemListElement":[{"@type":"ListItem","position":1,"name":"Home","item":"https:\/\/egytourpackages.com\/ro\/"},{"@type":"ListItem","position":2,"name":"Shop","item":"https:\/\/egytourpackages.com\/shop\/"},{"@type":"ListItem","position":3,"name":"Transfer Privat de la Aswan la Hurghada"}]},{"@type":"WebSite","@id":"https:\/\/egytourpackages.com\/ro\/#website","url":"https:\/\/egytourpackages.com\/ro\/","name":"Egy tour packages","description":"","publisher":{"@id":"https:\/\/egytourpackages.com\/ro\/#organization"},"potentialAction":[{"@type":"SearchAction","target":{"@type":"EntryPoint","urlTemplate":"https:\/\/egytourpackages.com\/ro\/?s={search_term_string}"},"query-input":{"@type":"PropertyValueSpecification","valueRequired":true,"valueName":"search_term_string"}}],"inLanguage":"ro-RO"},{"@type":["Organization","Place","TravelAgency"],"@id":"https:\/\/egytourpackages.com\/ro\/#organization","name":"egypt tour packages","alternateName":"egypt tour packages","url":"https:\/\/egytourpackages.com\/ro\/","logo":{"@id":"https:\/\/egytourpackages.com\/ro\/tours\/transfer-privat-de-la-aswan-la-hurghada\/#local-main-organization-logo"},"image":{"@id":"https:\/\/egytourpackages.com\/ro\/tours\/transfer-privat-de-la-aswan-la-hurghada\/#local-main-organization-logo"},"sameAs":["https:\/\/www.facebook.com\/egytourpackages"],"legalName":"Egy tour packages","address":{"@id":"https:\/\/egytourpackages.com\/ro\/tours\/transfer-privat-de-la-aswan-la-hurghada\/#local-main-place-address"},"telephone":["00201000852186","00201028685533"],"contactPoint":{"@type":"ContactPoint","telephone":"00201000852186"},"openingHoursSpecification":[{"@type":"OpeningHoursSpecification","dayOfWeek":["Monday","Tuesday","Wednesday","Thursday","Friday","Saturday","Sunday"],"opens":"00:00","closes":"23:59"}],"email":"info@egytourpackages.com","areaServed":"Cairo, Hurghada, Luxor, Sharm El Sheikh, Marsa Alam, Aswan","priceRange":"$","currenciesAccepted":"euro","paymentAccepted":"Payment links online"},{"@type":"PostalAddress","@id":"https:\/\/egytourpackages.com\/ro\/tours\/transfer-privat-de-la-aswan-la-hurghada\/#local-main-place-address","streetAddress":"Mubarak 8, Al Kawthar District, Hurghada","addressLocality":"Hurghada","postalCode":"84511","addressRegion":"Red Sea","addressCountry":"EG"},{"@type":"ImageObject","inLanguage":"ro-RO","@id":"https:\/\/egytourpackages.com\/ro\/tours\/transfer-privat-de-la-aswan-la-hurghada\/#local-main-organization-logo","url":"https:\/\/egytourpackages.com\/wp-content\/uploads\/2025\/12\/Turquoise-Dahabiya-Nile-Cruise-1.jpeg","contentUrl":"https:\/\/egytourpackages.com\/wp-content\/uploads\/2025\/12\/Turquoise-Dahabiya-Nile-Cruise-1.jpeg","width":1040,"height":694,"caption":"egypt tour packages"}]},"product_brand":"Excursii Aswan","product_price_amount":"90","product_price_currency":"EUR","og_availability":"instock","product_availability":"instock","product_retailer_item_id":"AT 08","product_condition":"new","geo.placename":"Hurghada","geo.region":"Egipt"},"_links":{"self":[{"href":"https:\/\/egytourpackages.com\/ro\/wp-json\/wp\/v2\/product\/15761","targetHints":{"allow":["GET"]}}],"collection":[{"href":"https:\/\/egytourpackages.com\/ro\/wp-json\/wp\/v2\/product"}],"about":[{"href":"https:\/\/egytourpackages.com\/ro\/wp-json\/wp\/v2\/types\/product"}],"replies":[{"embeddable":true,"href":"https:\/\/egytourpackages.com\/ro\/wp-json\/wp\/v2\/comments?post=15761"}],"wp:featuredmedia":[{"embeddable":true,"href":"https:\/\/egytourpackages.com\/ro\/wp-json\/wp\/v2\/media\/15794"}],"wp:attachment":[{"href":"https:\/\/egytourpackages.com\/ro\/wp-json\/wp\/v2\/media?parent=15761"}],"wp:term":[{"taxonomy":"product_brand","embeddable":true,"href":"https:\/\/egytourpackages.com\/ro\/wp-json\/wp\/v2\/product_brand?post=15761"},{"taxonomy":"product_cat","embeddable":true,"href":"https:\/\/egytourpackages.com\/ro\/wp-json\/wp\/v2\/product_cat?post=15761"},{"taxonomy":"product_tag","embeddable":true,"href":"https:\/\/egytourpackages.com\/ro\/wp-json\/wp\/v2\/product_tag?post=15761"}],"curies":[{"name":"wp","href":"https:\/\/api.w.org\/{rel}","templated":true}]}}