{"id":16386,"date":"2026-04-10T21:28:09","date_gmt":"2026-04-10T21:28:09","guid":{"rendered":"https:\/\/egytourpackages.com\/product\/excursie-wadi-hammamat-din-marsa-alam\/"},"modified":"2026-04-26T23:30:00","modified_gmt":"2026-04-26T23:30:00","slug":"excursie-wadi-hammamat-din-marsa-alam","status":"publish","type":"product","link":"https:\/\/egytourpackages.com\/ro\/tours\/excursie-wadi-hammamat-din-marsa-alam\/","title":{"rendered":"Excursie Wadi Hammamat din Marsa Alam"},"content":{"rendered":"<p><span style=\"color: #ff6600;\"><strong>Excursie Wadi Hammamat din Marsa Alam: Mine de aur antice \u0219i hieroglife<\/strong><\/span><\/p>\n<p>Porni\u021bi \u00eentr-o captivant\u0103 <strong>excursie \u00een de\u0219ertul Marsa Alam<\/strong> c\u0103tre legendarul <strong>Wadi Hammamat<\/strong>. Situat \u00een inima De\u0219ertului de Est, acest sit istoric a servit drept poart\u0103 antic\u0103 \u00eentre <strong>Valea Nilului<\/strong> \u0219i <strong>Marea Ro\u0219ie<\/strong>.<\/p>\n<p>Renumit pentru <strong>minele sale de aur faraonice<\/strong> \u0219i piatra rar\u0103, de culoare verde \u00eenchis, <strong>Bekhen<\/strong>, aceast\u0103 vale este un muzeu viu al patrimoniului industrial \u0219i artistic al Egiptului.<\/p>\n<p><span style=\"color: #ff6600;\">Semnifica\u021bia istoric\u0103 a Wadi Hammamat<\/span><\/p>\n<p>Timp de milenii, <strong>Wadi Hammamat<\/strong> a fost principala rut\u0103 pentru expedi\u021biile comerciale. Este renumit pentru <strong>inscrip\u021biile egiptene antice<\/strong> \u0219i <strong>hieroglifele<\/strong> care dateaz\u0103 din <strong>perioada predinastic\u0103<\/strong>.<\/p>\n<p>Aceste sculpturi ac\u021bioneaz\u0103 ca o arhiv\u0103 istoric\u0103, document\u00e2nd misiunile regale trimise de diver\u0219i regi pentru a extrage <strong>pietre pre\u021bioase<\/strong> pentru statui, sarcofage \u0219i vase de templu.<\/p>\n<p>Importan\u021ba arheologic\u0103 a sitului a fost adus\u0103 la lumin\u0103 de exploratori europeni precum <strong>James Bruce<\/strong> \u00een 1769 \u0219i studiat\u0103 ulterior pe larg de egiptologii <strong>Vladimir Golenishchev<\/strong> \u0219i <strong>Arthur Weigall<\/strong>.<\/p>\n<p>Dovezile sugereaz\u0103 c\u0103 aceste <strong>cariere antice<\/strong> au r\u0103mas active pe tot parcursul <strong>perioadelor ptolemeice \u0219i romane<\/strong>, a\u0219a cum se vede \u00een diversele <strong>texte demotice \u0219i grece\u0219ti<\/strong> g\u0103site al\u0103turi de sculpturile mai vechi.<\/p>\n<h3><span style=\"color: #ff6600;\">Detalii<\/span><\/h3>\n<ul>\n<li>Durat\u0103: 6 ore<\/li>\n<li>Loca\u021bie tur: De\u0219ertul de Est, El Qusier, Marsa Alam<\/li>\n<li>Disponibilitate: Zilnic<\/li>\n<li>Preluare \u0219i Predare: Toate hotelurile \u00eentre El Qusier \u0219i Hamata<\/li>\n<li>Tip tur: Privat<\/li>\n<li>Limb\u0103: Englez\u0103<\/li>\n<li>Scaun cu rotile: Nu este accesibil<\/li>\n<\/ul>\n<h3><span style=\"color: #ff6600;\">Incluziuni<\/span><\/h3>\n<ul>\n<li>Ghid pentru de\u0219ertul egiptean.<\/li>\n<li>Transferuri dus-\u00eentors de la hotelul dvs. cu <strong>Jeep 4&#215;4<\/strong>.<\/li>\n<li>Ap\u0103 \u0219i gust\u0103ri \u00een timpul turului.<\/li>\n<li>Toate permisele guvernamentale \u0219i de site necesare incluse.<\/li>\n<li>Toate taxele de serviciu \u0219i impozitele sunt acoperite.<\/li>\n<\/ul>\n<h3><span style=\"color: #ff6600;\">Excluderi<\/span><\/h3>\n<ul>\n<li>Bac\u0219i\u0219uri pentru ghid \u0219i \u0219ofer.<\/li>\n<li>Orice obiecte sau servicii care nu sunt enumerate mai sus.<\/li>\n<\/ul>\n<h3><span style=\"color: #ff6600;\">Ce s\u0103 lua\u021bi cu dvs.?<\/span><\/h3>\n<ul>\n<li>Ochelari de soare, p\u0103l\u0103rie \u0219i crem\u0103 de protec\u021bie solar\u0103 cu SPF ridicat.<\/li>\n<li>O camer\u0103 foto sau video pentru vederile panoramice.<\/li>\n<li>\u00cenc\u0103l\u021b\u0103minte confortabil\u0103, haine u\u0219oare \u0219i o e\u0219arf\u0103 pentru v\u00e2nt.<\/li>\n<li>O copie a pa\u0219aportului dvs.<\/li>\n<\/ul>\n<h2><em><span style=\"color: #993366;\">Itinerariu: C\u0103l\u0103torie prin \u201eValea multor b\u0103i\u201d<\/span><\/em><\/h2>\n<h3><span style=\"color: #ff6600;\">Plecare din Marsa Alam:<\/span><\/h3>\n<p>Aventura dvs. \u00eencepe diminea\u021ba devreme. Un ghid profesionist v\u0103 va prelua de la <strong>hotelul dvs. din Marsa Alam<\/strong> \u00eentr-un <strong>Jeep 4&#215;4<\/strong> robust, conceput pentru a naviga pe terenul muntos pitoresc al <strong>De\u0219ertului de Est<\/strong>.<\/p>\n<h3><span style=\"color: #ff6600;\">Explorarea inscrip\u021biilor \u0219i cartu\u0219elor:<\/span><\/h3>\n<p>Plimba\u021bi-v\u0103 prin cea mai \u00eengust\u0103 parte a v\u0103ii pentru a vedea sute de <strong>cartu\u0219e faraonice<\/strong> \u0219i art\u0103 rupestr\u0103. Ve\u021bi vedea inscrip\u021bii remarcabile, inclusiv una din timpul domniei lui <strong>Sesostris I (1930 \u00ee.Hr.)<\/strong>, care detaliaz\u0103 o expedi\u021bie masiv\u0103 de 1.000 de oameni care transportau 80 de blocuri de piatr\u0103 c\u0103tre Nil.<\/p>\n<h3><span style=\"color: #ff6600;\">Bir Hammamat \u0219i Fortul Roman:<\/span><\/h3>\n<p>Vizita\u021bi impresionantul <strong>Bir Hammamat<\/strong>, o sta\u021bie de ap\u0103 roman\u0103 semnificativ\u0103. Explora\u021bi r\u0103m\u0103\u0219i\u021bele <strong>fortului roman<\/strong> \u0219i pu\u021bul ad\u00e2nc de 34 de metri, care \u00eenc\u0103 mai are scara \u00een spiral\u0103 original\u0103 folosit\u0103 de c\u0103l\u0103torii antici.<\/p>\n<h3><span style=\"color: #ff6600;\">Qasr El Banat \u0219i Satul Muncitorilor:<\/span><\/h3>\n<p>Dup\u0103 o pauz\u0103 de cafea revigorant\u0103, turul continu\u0103 spre <strong>Qasr El Banat<\/strong> (Palatul Fetelor) \u0219i satul de muncitori din apropiere. Aceste locuin\u021be antice r\u0103m\u00e2n \u00een stare excelent\u0103, permi\u021b\u00e2ndu-v\u0103 s\u0103 vede\u021bi tocurile u\u0219ilor, ferestrele \u0219i ni\u0219ele originale folosite de mineri cu mii de ani \u00een urm\u0103.<\/p>\n<h3><span style=\"color: #ff6600;\">\u00centoarcere la Marsa Alam:<\/span><\/h3>\n<p>Bucura\u021bi-v\u0103 de timp liber pentru a surprinde <strong>fotografii de neuitat<\/strong> ale peisajului de de\u0219ert \u00eenainte ca <strong>Jeep-ul 4&#215;4<\/strong> s\u0103 v\u0103 transfere \u00eenapoi la hotel.<\/p>\n<h2><span style=\"color: #993366;\"><em>Not\u0103 Important\u0103:<\/em><\/span><\/h2>\n<p>Regiunea <strong>Wadi Hammamat<\/strong> face obiectul <strong>Papirusului din Torino<\/strong>, cea mai veche hart\u0103 geologic\u0103 din lume. Creat\u0103 de scribul Amennakhte pentru <strong>Ramses al IV-lea<\/strong>, aceast\u0103 hart\u0103 inovatoare folose\u0219te culori \u0219i texturi pentru a marca distan\u021bele dintre <strong>minele de aur<\/strong> \u0219i <strong>carierele de piatr\u0103<\/strong>.<\/p>\n<h3><span style=\"color: #ff6600;\">Pre\u021b Tur Wadi Hammamat din Marsa Alam<\/span><\/h3>\n<table>\n<thead>\n<tr>\n<td><strong>Num\u0103r de participan\u021bi<\/strong><\/td>\n<td><strong>Pre\u021b de persoan\u0103<\/strong><\/td>\n<td><strong>Costul total al turului<\/strong><\/td>\n<\/tr>\n<\/thead>\n<tbody>\n<tr>\n<td>1 persoan\u0103 (Solo)<\/td>\n<td>300 euro<\/td>\n<td>300 euro<\/td>\n<\/tr>\n<tr>\n<td>2 persoane<\/td>\n<td>150 euro<\/td>\n<td>300 euro<\/td>\n<\/tr>\n<tr>\n<td>3 persoane<\/td>\n<td>105 euro<\/td>\n<td>315 euro<\/td>\n<\/tr>\n<tr>\n<td>4 persoane<\/td>\n<td>100 euro<\/td>\n<td>400 euro<\/td>\n<\/tr>\n<\/tbody>\n<\/table>\n<ul>\n<li>Copii 0-5 ani = gratuit<\/li>\n<li>Copii 5-11 ani = 50% din pre\u021bul pentru adul\u021bi<\/li>\n<\/ul>\n<h3><span style=\"color: #ff6600;\">Not\u0103: <\/span><\/h3>\n<p>Se aplic\u0103 un supliment de 30 euro de persoan\u0103 pentru plec\u0103rile de la orice hotel situat dup\u0103 Aeroportul Marsa Alam.<\/p>\n<h3><span style=\"color: #ff6600;\">Rezervare<\/span><\/h3>\n<p>Pute\u021bi rezerva turul dvs. Wadi Hammamat din Marsa Alam prin WhatsApp sau e-mail \u0219i ve\u021bi primi confirmarea pe loc.<\/p>\n<p>V\u0103 rug\u0103m s\u0103 ne trimite\u021bi numele hotelului, num\u0103rul camerei \u0219i copiile pa\u0219apoartelor.<\/p>\n<p>WhatsApp: +201000852186<\/p>\n<p>E-mail: info@egytourpackages.com<\/p>\n<h3><span style=\"color: #ff6600;\">Rezerva\u021bi acum \u0219i pl\u0103ti\u021bi la fa\u021ba locului<\/span><\/h3>\n<p>Rezerva\u021bi turul preferat \u0219i pl\u0103ti\u021bi \u00een ziua c\u0103l\u0103toriei.<\/p>\n<h3><span style=\"color: #ff6600;\">Plat\u0103<\/span><\/h3>\n<p>Pute\u021bi pl\u0103ti \u00een lire egiptene, $, \u20ac sau \u00a3.<\/p>\n<h3><span style=\"color: #ff6600;\">Politica de anulare<\/span><\/h3>\n<ul>\n<li>Anularea este gratuit\u0103 cu p\u00e2n\u0103 la 24 de ore \u00eenainte.<\/li>\n<li>Anularea de diminea\u021b\u0103 se taxeaz\u0103 cu 50% din pre\u021b.<\/li>\n<\/ul>\n","protected":false},"excerpt":{"rendered":"<p>Excursie <b data-path-to-node=\"0\" data-index-in-node=\"9\">Wadi Hammamat<\/b> din <b data-path-to-node=\"0\" data-index-in-node=\"27\">Marsa Alam<\/b>: descoper\u0103 inscrip\u021bii antice, cariere de \u0219ist \u0219i istoria <b data-path-to-node=\"0\" data-index-in-node=\"95\">Egiptului Antic<\/b> \u00een acest tur unic prin De\u0219ertul de Est.<\/p>\n","protected":false},"featured_media":15999,"comment_status":"closed","ping_status":"closed","template":"","meta":[],"product_brand":[],"product_cat":[3120],"product_tag":[4544,4408,3203],"class_list":{"0":"post-16386","1":"product","2":"type-product","3":"status-publish","4":"has-post-thumbnail","6":"product_cat-tururi","7":"product_tag-excursii-de-o-zi-din-el-quseir","8":"product_tag-excursii-de-o-zi-din-marsa-alam","9":"product_tag-excursii-de-o-zi-in-egipt","10":"tour_category-excursii-de-o-zi-din-el-quseir","11":"tour_category-excursii-de-o-zi-in-egipt-ro","12":"tour_category-excursii-marsa-alam-ro","14":"first","15":"instock","16":"sale","17":"shipping-taxable","18":"purchasable","19":"product-type-tour","20":"has-default-attributes"},"yoast_head":"<!-- This site is optimized with the Yoast SEO Premium plugin v27.5 (Yoast SEO v27.5) - https:\/\/yoast.com\/product\/yoast-seo-premium-wordpress\/ -->\n<title>Excursie Wadi Hammamat din Marsa Alam<\/title>\n<meta name=\"description\" content=\"Excursie Wadi Hammamat din Marsa Alam: descoper\u0103 inscrip\u021bii antice, cariere de \u0219ist \u0219i istoria Egiptului Antic \u00een acest tur unic prin De\u0219ertul de Est.\" \/>\n<meta name=\"robots\" content=\"index, follow, max-snippet:-1, max-image-preview:large, max-video-preview:-1\" \/>\n<link rel=\"canonical\" href=\"https:\/\/egytourpackages.com\/ro\/tours\/excursie-wadi-hammamat-din-marsa-alam\/\" \/>\n<meta property=\"og:locale\" content=\"ro_RO\" \/>\n<meta property=\"og:type\" content=\"article\" \/>\n<meta property=\"og:title\" content=\"Excursie Wadi Hammamat din Marsa Alam\" \/>\n<meta property=\"og:description\" content=\"Excursie Wadi Hammamat din Marsa Alam: descoper\u0103 inscrip\u021bii antice, cariere de \u0219ist \u0219i istoria Egiptului Antic \u00een acest tur unic prin De\u0219ertul de Est.\" \/>\n<meta property=\"og:url\" content=\"https:\/\/egytourpackages.com\/ro\/tours\/excursie-wadi-hammamat-din-marsa-alam\/\" \/>\n<meta property=\"og:site_name\" content=\"Egypt Tour Packages\" \/>\n<meta property=\"article:publisher\" content=\"https:\/\/www.facebook.com\/egytourpackages\" \/>\n<meta property=\"article:modified_time\" content=\"2026-04-26T23:30:00+00:00\" \/>\n<meta property=\"og:image\" content=\"https:\/\/egytourpackages.com\/wp-content\/uploads\/2026\/04\/Wadi-Hammamat-Tour-from-Marsa-Alam.jpg\" \/>\n\t<meta property=\"og:image:width\" content=\"1000\" \/>\n\t<meta property=\"og:image:height\" content=\"517\" \/>\n\t<meta property=\"og:image:type\" content=\"image\/jpeg\" \/>\n<meta name=\"twitter:card\" content=\"summary_large_image\" \/>\n<meta name=\"twitter:title\" content=\"Excursie Wadi Hammamat din Marsa Alam\" \/>\n<meta name=\"twitter:label1\" content=\"Pre\u021b\" \/>\n\t<meta name=\"twitter:data1\" content=\"&euro;0\" \/>\n\t<meta name=\"twitter:label2\" content=\"Disponibilitate\" \/>\n\t<meta name=\"twitter:data2\" content=\"\u00cen stoc\" \/>\n<script type=\"application\/ld+json\" class=\"yoast-schema-graph\">{\"@context\":\"https:\\\/\\\/schema.org\",\"@graph\":[{\"@type\":\"WebPage\",\"@id\":\"https:\\\/\\\/egytourpackages.com\\\/ro\\\/tours\\\/excursie-wadi-hammamat-din-marsa-alam\\\/\",\"url\":\"https:\\\/\\\/egytourpackages.com\\\/ro\\\/tours\\\/excursie-wadi-hammamat-din-marsa-alam\\\/\",\"name\":\"Excursie Wadi Hammamat din Marsa Alam\",\"isPartOf\":{\"@id\":\"https:\\\/\\\/egytourpackages.com\\\/ro\\\/#website\"},\"primaryImageOfPage\":{\"@id\":\"https:\\\/\\\/egytourpackages.com\\\/ro\\\/tours\\\/excursie-wadi-hammamat-din-marsa-alam\\\/#primaryimage\"},\"image\":{\"@id\":\"https:\\\/\\\/egytourpackages.com\\\/ro\\\/tours\\\/excursie-wadi-hammamat-din-marsa-alam\\\/#primaryimage\"},\"thumbnailUrl\":\"https:\\\/\\\/egytourpackages.com\\\/wp-content\\\/uploads\\\/2026\\\/04\\\/Wadi-Hammamat-Tour-from-Marsa-Alam.jpg\",\"datePublished\":\"2026-04-10T21:28:09+00:00\",\"dateModified\":\"2026-04-26T23:30:00+00:00\",\"description\":\"Excursie Wadi Hammamat din Marsa Alam: descoper\u0103 inscrip\u021bii antice, cariere de \u0219ist \u0219i istoria Egiptului Antic \u00een acest tur unic prin De\u0219ertul de Est.\",\"breadcrumb\":{\"@id\":\"https:\\\/\\\/egytourpackages.com\\\/ro\\\/tours\\\/excursie-wadi-hammamat-din-marsa-alam\\\/#breadcrumb\"},\"inLanguage\":\"ro-RO\",\"potentialAction\":[{\"@type\":\"ReadAction\",\"target\":[\"https:\\\/\\\/egytourpackages.com\\\/ro\\\/tours\\\/excursie-wadi-hammamat-din-marsa-alam\\\/\"]}]},{\"@type\":\"ImageObject\",\"inLanguage\":\"ro-RO\",\"@id\":\"https:\\\/\\\/egytourpackages.com\\\/ro\\\/tours\\\/excursie-wadi-hammamat-din-marsa-alam\\\/#primaryimage\",\"url\":\"https:\\\/\\\/egytourpackages.com\\\/wp-content\\\/uploads\\\/2026\\\/04\\\/Wadi-Hammamat-Tour-from-Marsa-Alam.jpg\",\"contentUrl\":\"https:\\\/\\\/egytourpackages.com\\\/wp-content\\\/uploads\\\/2026\\\/04\\\/Wadi-Hammamat-Tour-from-Marsa-Alam.jpg\",\"width\":1000,\"height\":517,\"caption\":\"Excursie Wadi Hammamat din Marsa Alam\"},{\"@type\":\"BreadcrumbList\",\"@id\":\"https:\\\/\\\/egytourpackages.com\\\/ro\\\/tours\\\/excursie-wadi-hammamat-din-marsa-alam\\\/#breadcrumb\",\"itemListElement\":[{\"@type\":\"ListItem\",\"position\":1,\"name\":\"Home\",\"item\":\"https:\\\/\\\/egytourpackages.com\\\/ro\\\/\"},{\"@type\":\"ListItem\",\"position\":2,\"name\":\"Shop\",\"item\":\"https:\\\/\\\/egytourpackages.com\\\/shop\\\/\"},{\"@type\":\"ListItem\",\"position\":3,\"name\":\"Excursie Wadi Hammamat din Marsa Alam\"}]},{\"@type\":\"WebSite\",\"@id\":\"https:\\\/\\\/egytourpackages.com\\\/ro\\\/#website\",\"url\":\"https:\\\/\\\/egytourpackages.com\\\/ro\\\/\",\"name\":\"Egy tour packages\",\"description\":\"\",\"publisher\":{\"@id\":\"https:\\\/\\\/egytourpackages.com\\\/ro\\\/#organization\"},\"potentialAction\":[{\"@type\":\"SearchAction\",\"target\":{\"@type\":\"EntryPoint\",\"urlTemplate\":\"https:\\\/\\\/egytourpackages.com\\\/ro\\\/?s={search_term_string}\"},\"query-input\":{\"@type\":\"PropertyValueSpecification\",\"valueRequired\":true,\"valueName\":\"search_term_string\"}}],\"inLanguage\":\"ro-RO\"},{\"@type\":[\"Organization\",\"Place\",\"TravelAgency\"],\"@id\":\"https:\\\/\\\/egytourpackages.com\\\/ro\\\/#organization\",\"name\":\"egypt tour packages\",\"alternateName\":\"egypt tour packages\",\"url\":\"https:\\\/\\\/egytourpackages.com\\\/ro\\\/\",\"logo\":{\"@id\":\"https:\\\/\\\/egytourpackages.com\\\/ro\\\/tours\\\/excursie-wadi-hammamat-din-marsa-alam\\\/#local-main-organization-logo\"},\"image\":{\"@id\":\"https:\\\/\\\/egytourpackages.com\\\/ro\\\/tours\\\/excursie-wadi-hammamat-din-marsa-alam\\\/#local-main-organization-logo\"},\"sameAs\":[\"https:\\\/\\\/www.facebook.com\\\/egytourpackages\"],\"legalName\":\"Egy tour packages\",\"address\":{\"@id\":\"https:\\\/\\\/egytourpackages.com\\\/ro\\\/tours\\\/excursie-wadi-hammamat-din-marsa-alam\\\/#local-main-place-address\"},\"telephone\":[\"00201000852186\",\"00201028685533\"],\"contactPoint\":{\"@type\":\"ContactPoint\",\"telephone\":\"00201000852186\"},\"openingHoursSpecification\":[{\"@type\":\"OpeningHoursSpecification\",\"dayOfWeek\":[\"Monday\",\"Tuesday\",\"Wednesday\",\"Thursday\",\"Friday\",\"Saturday\",\"Sunday\"],\"opens\":\"00:00\",\"closes\":\"23:59\"}],\"email\":\"info@egytourpackages.com\",\"areaServed\":\"Cairo, Hurghada, Luxor, Sharm El Sheikh, Marsa Alam, Aswan\",\"priceRange\":\"$\",\"currenciesAccepted\":\"euro\",\"paymentAccepted\":\"Payment links online\"},{\"@type\":\"PostalAddress\",\"@id\":\"https:\\\/\\\/egytourpackages.com\\\/ro\\\/tours\\\/excursie-wadi-hammamat-din-marsa-alam\\\/#local-main-place-address\",\"streetAddress\":\"Mubarak 8, Al Kawthar District, Hurghada\",\"addressLocality\":\"Hurghada\",\"postalCode\":\"84511\",\"addressRegion\":\"Red Sea\",\"addressCountry\":\"EG\"},{\"@type\":\"ImageObject\",\"inLanguage\":\"ro-RO\",\"@id\":\"https:\\\/\\\/egytourpackages.com\\\/ro\\\/tours\\\/excursie-wadi-hammamat-din-marsa-alam\\\/#local-main-organization-logo\",\"url\":\"https:\\\/\\\/egytourpackages.com\\\/wp-content\\\/uploads\\\/2025\\\/12\\\/Turquoise-Dahabiya-Nile-Cruise-1.jpeg\",\"contentUrl\":\"https:\\\/\\\/egytourpackages.com\\\/wp-content\\\/uploads\\\/2025\\\/12\\\/Turquoise-Dahabiya-Nile-Cruise-1.jpeg\",\"width\":1040,\"height\":694,\"caption\":\"egypt tour packages\"}]}<\/script>\n<meta property=\"product:brand\" content=\"Excursii de o zi din El Quseir\" \/>\n<meta property=\"product:price:amount\" content=\"0\" \/>\n<meta property=\"product:price:currency\" content=\"EUR\" \/>\n<meta property=\"og:availability\" content=\"instock\" \/>\n<meta property=\"product:availability\" content=\"instock\" \/>\n<meta property=\"product:retailer_item_id\" content=\"MAT 15\" \/>\n<meta property=\"product:condition\" content=\"new\" \/>\n<meta name=\"geo.placename\" content=\"Hurghada\" \/>\n<meta name=\"geo.region\" content=\"Egipt\" \/>\n<!-- \/ Yoast SEO Premium plugin. -->","yoast_head_json":{"title":"Excursie Wadi Hammamat din Marsa Alam","description":"Excursie Wadi Hammamat din Marsa Alam: descoper\u0103 inscrip\u021bii antice, cariere de \u0219ist \u0219i istoria Egiptului Antic \u00een acest tur unic prin De\u0219ertul de Est.","robots":{"index":"index","follow":"follow","max-snippet":"max-snippet:-1","max-image-preview":"max-image-preview:large","max-video-preview":"max-video-preview:-1"},"canonical":"https:\/\/egytourpackages.com\/ro\/tours\/excursie-wadi-hammamat-din-marsa-alam\/","og_locale":"ro_RO","og_type":"article","og_title":"Excursie Wadi Hammamat din Marsa Alam","og_description":"Excursie Wadi Hammamat din Marsa Alam: descoper\u0103 inscrip\u021bii antice, cariere de \u0219ist \u0219i istoria Egiptului Antic \u00een acest tur unic prin De\u0219ertul de Est.","og_url":"https:\/\/egytourpackages.com\/ro\/tours\/excursie-wadi-hammamat-din-marsa-alam\/","og_site_name":"Egypt Tour Packages","article_publisher":"https:\/\/www.facebook.com\/egytourpackages","article_modified_time":"2026-04-26T23:30:00+00:00","og_image":[{"width":1000,"height":517,"url":"https:\/\/egytourpackages.com\/wp-content\/uploads\/2026\/04\/Wadi-Hammamat-Tour-from-Marsa-Alam.jpg","type":"image\/jpeg"}],"twitter_card":"summary_large_image","twitter_title":"Excursie Wadi Hammamat din Marsa Alam","twitter_misc":{"Pre\u021b":"&euro;0","Disponibilitate":"\u00cen stoc"},"schema":{"@context":"https:\/\/schema.org","@graph":[{"@type":"WebPage","@id":"https:\/\/egytourpackages.com\/ro\/tours\/excursie-wadi-hammamat-din-marsa-alam\/","url":"https:\/\/egytourpackages.com\/ro\/tours\/excursie-wadi-hammamat-din-marsa-alam\/","name":"Excursie Wadi Hammamat din Marsa Alam","isPartOf":{"@id":"https:\/\/egytourpackages.com\/ro\/#website"},"primaryImageOfPage":{"@id":"https:\/\/egytourpackages.com\/ro\/tours\/excursie-wadi-hammamat-din-marsa-alam\/#primaryimage"},"image":{"@id":"https:\/\/egytourpackages.com\/ro\/tours\/excursie-wadi-hammamat-din-marsa-alam\/#primaryimage"},"thumbnailUrl":"https:\/\/egytourpackages.com\/wp-content\/uploads\/2026\/04\/Wadi-Hammamat-Tour-from-Marsa-Alam.jpg","datePublished":"2026-04-10T21:28:09+00:00","dateModified":"2026-04-26T23:30:00+00:00","description":"Excursie Wadi Hammamat din Marsa Alam: descoper\u0103 inscrip\u021bii antice, cariere de \u0219ist \u0219i istoria Egiptului Antic \u00een acest tur unic prin De\u0219ertul de Est.","breadcrumb":{"@id":"https:\/\/egytourpackages.com\/ro\/tours\/excursie-wadi-hammamat-din-marsa-alam\/#breadcrumb"},"inLanguage":"ro-RO","potentialAction":[{"@type":"ReadAction","target":["https:\/\/egytourpackages.com\/ro\/tours\/excursie-wadi-hammamat-din-marsa-alam\/"]}]},{"@type":"ImageObject","inLanguage":"ro-RO","@id":"https:\/\/egytourpackages.com\/ro\/tours\/excursie-wadi-hammamat-din-marsa-alam\/#primaryimage","url":"https:\/\/egytourpackages.com\/wp-content\/uploads\/2026\/04\/Wadi-Hammamat-Tour-from-Marsa-Alam.jpg","contentUrl":"https:\/\/egytourpackages.com\/wp-content\/uploads\/2026\/04\/Wadi-Hammamat-Tour-from-Marsa-Alam.jpg","width":1000,"height":517,"caption":"Excursie Wadi Hammamat din Marsa Alam"},{"@type":"BreadcrumbList","@id":"https:\/\/egytourpackages.com\/ro\/tours\/excursie-wadi-hammamat-din-marsa-alam\/#breadcrumb","itemListElement":[{"@type":"ListItem","position":1,"name":"Home","item":"https:\/\/egytourpackages.com\/ro\/"},{"@type":"ListItem","position":2,"name":"Shop","item":"https:\/\/egytourpackages.com\/shop\/"},{"@type":"ListItem","position":3,"name":"Excursie Wadi Hammamat din Marsa Alam"}]},{"@type":"WebSite","@id":"https:\/\/egytourpackages.com\/ro\/#website","url":"https:\/\/egytourpackages.com\/ro\/","name":"Egy tour packages","description":"","publisher":{"@id":"https:\/\/egytourpackages.com\/ro\/#organization"},"potentialAction":[{"@type":"SearchAction","target":{"@type":"EntryPoint","urlTemplate":"https:\/\/egytourpackages.com\/ro\/?s={search_term_string}"},"query-input":{"@type":"PropertyValueSpecification","valueRequired":true,"valueName":"search_term_string"}}],"inLanguage":"ro-RO"},{"@type":["Organization","Place","TravelAgency"],"@id":"https:\/\/egytourpackages.com\/ro\/#organization","name":"egypt tour packages","alternateName":"egypt tour packages","url":"https:\/\/egytourpackages.com\/ro\/","logo":{"@id":"https:\/\/egytourpackages.com\/ro\/tours\/excursie-wadi-hammamat-din-marsa-alam\/#local-main-organization-logo"},"image":{"@id":"https:\/\/egytourpackages.com\/ro\/tours\/excursie-wadi-hammamat-din-marsa-alam\/#local-main-organization-logo"},"sameAs":["https:\/\/www.facebook.com\/egytourpackages"],"legalName":"Egy tour packages","address":{"@id":"https:\/\/egytourpackages.com\/ro\/tours\/excursie-wadi-hammamat-din-marsa-alam\/#local-main-place-address"},"telephone":["00201000852186","00201028685533"],"contactPoint":{"@type":"ContactPoint","telephone":"00201000852186"},"openingHoursSpecification":[{"@type":"OpeningHoursSpecification","dayOfWeek":["Monday","Tuesday","Wednesday","Thursday","Friday","Saturday","Sunday"],"opens":"00:00","closes":"23:59"}],"email":"info@egytourpackages.com","areaServed":"Cairo, Hurghada, Luxor, Sharm El Sheikh, Marsa Alam, Aswan","priceRange":"$","currenciesAccepted":"euro","paymentAccepted":"Payment links online"},{"@type":"PostalAddress","@id":"https:\/\/egytourpackages.com\/ro\/tours\/excursie-wadi-hammamat-din-marsa-alam\/#local-main-place-address","streetAddress":"Mubarak 8, Al Kawthar District, Hurghada","addressLocality":"Hurghada","postalCode":"84511","addressRegion":"Red Sea","addressCountry":"EG"},{"@type":"ImageObject","inLanguage":"ro-RO","@id":"https:\/\/egytourpackages.com\/ro\/tours\/excursie-wadi-hammamat-din-marsa-alam\/#local-main-organization-logo","url":"https:\/\/egytourpackages.com\/wp-content\/uploads\/2025\/12\/Turquoise-Dahabiya-Nile-Cruise-1.jpeg","contentUrl":"https:\/\/egytourpackages.com\/wp-content\/uploads\/2025\/12\/Turquoise-Dahabiya-Nile-Cruise-1.jpeg","width":1040,"height":694,"caption":"egypt tour packages"}]},"product_brand":"Excursii de o zi din El Quseir","product_price_currency":"EUR","og_availability":"instock","product_availability":"instock","product_retailer_item_id":"MAT 15","product_condition":"new","geo.placename":"Hurghada","geo.region":"Egipt"},"_links":{"self":[{"href":"https:\/\/egytourpackages.com\/ro\/wp-json\/wp\/v2\/product\/16386","targetHints":{"allow":["GET"]}}],"collection":[{"href":"https:\/\/egytourpackages.com\/ro\/wp-json\/wp\/v2\/product"}],"about":[{"href":"https:\/\/egytourpackages.com\/ro\/wp-json\/wp\/v2\/types\/product"}],"replies":[{"embeddable":true,"href":"https:\/\/egytourpackages.com\/ro\/wp-json\/wp\/v2\/comments?post=16386"}],"wp:featuredmedia":[{"embeddable":true,"href":"https:\/\/egytourpackages.com\/ro\/wp-json\/wp\/v2\/media\/15999"}],"wp:attachment":[{"href":"https:\/\/egytourpackages.com\/ro\/wp-json\/wp\/v2\/media?parent=16386"}],"wp:term":[{"taxonomy":"product_brand","embeddable":true,"href":"https:\/\/egytourpackages.com\/ro\/wp-json\/wp\/v2\/product_brand?post=16386"},{"taxonomy":"product_cat","embeddable":true,"href":"https:\/\/egytourpackages.com\/ro\/wp-json\/wp\/v2\/product_cat?post=16386"},{"taxonomy":"product_tag","embeddable":true,"href":"https:\/\/egytourpackages.com\/ro\/wp-json\/wp\/v2\/product_tag?post=16386"}],"curies":[{"name":"wp","href":"https:\/\/api.w.org\/{rel}","templated":true}]}}