{"id":16398,"date":"2026-04-17T19:50:42","date_gmt":"2026-04-17T19:50:42","guid":{"rendered":"https:\/\/egytourpackages.com\/product\/royal-sea-scope-semi-submarine\/"},"modified":"2026-04-17T19:50:42","modified_gmt":"2026-04-17T19:50:42","slug":"royal-sea-scope-semi-submarine","status":"publish","type":"product","link":"https:\/\/egytourpackages.com\/ro\/tours\/royal-sea-scope-semi-submarine\/","title":{"rendered":"Royal Sea Scope Semi-Submarine"},"content":{"rendered":"<p><strong>Royal Sea Scope Semi-Submarine: Distrac\u021bie pentru Familie \u00een Marea Ro\u0219ie<\/strong><\/p>\n<p>Dac\u0103 e\u0219ti \u00een c\u0103utarea celor mai bune <strong>activit\u0103\u021bi pentru familie<\/strong> \u00een timpul vacan\u021bei tale la <strong>Marea Ro\u0219ie<\/strong>, <strong>Royal Sea Scope Semi-Submarine<\/strong> este o experien\u021b\u0103 esen\u021bial\u0103.<\/p>\n<p>Este solu\u021bia perfect\u0103 pentru cei care doresc s\u0103 exploreze via\u021ba marin\u0103 uimitoare din <strong>Marea Ro\u0219ie<\/strong> f\u0103r\u0103 a se uda sau f\u0103r\u0103 a <strong>petrece \u00eentreaga zi \u00een afara hotelului<\/strong>.<\/p>\n<p>Spre deosebire de excursiile lungi de snorkeling, aceast\u0103 c\u0103l\u0103torie scurt\u0103 este ideal\u0103 pentru <strong>copii mici, c\u0103l\u0103tori solo \u0219i familii<\/strong>, permi\u021b\u00e2nd tuturor s\u0103 admire recife de corali vibrante \u0219i pe\u0219ti multicolori prin ferestre panoramice mari, situate sub nivelul m\u0103rii.<\/p>\n<p>Este o oportunitate unic\u0103 de a <strong>crea amintiri \u00een familie<\/strong> care vor dura o via\u021b\u0103 \u00eentreag\u0103. Cei mici vor fi fascina\u021bi s\u0103 vad\u0103 lumea lui Nemo de aproape, \u00een timp ce adul\u021bii se bucur\u0103 de confortul unei cabine cu aer condi\u021bionat.<\/p>\n<p>Fiind o activitate de jum\u0103tate de zi, este una dintre cele mai <strong>distractive activit\u0103\u021bi de familie<\/strong> care \u00ee\u021bi permite s\u0103 te \u00eentorci la timp pentru a te bucura de piscina hotelului.<\/p>\n<p>Preg\u0103te\u0219te-te s\u0103 <strong>creezi amintiri cu copiii t\u0103i<\/strong> \u00een aceast\u0103 aventur\u0103 subacvatic\u0103 incredibil\u0103!<\/p>\n<p>Detalii Tur<\/p>\n<ul>\n<li>Durat\u0103: 3 ore<\/li>\n<li>Tip Tur: grup comun<\/li>\n<li>Disponibilitate: \u00cen fiecare zi<\/li>\n<li>Ore de start: 08:00 AM, 11:00 AM, 01:00 PM<\/li>\n<li>Limbi: Englez\u0103<\/li>\n<li>Preluare \u0219i Predare: Hotelurile din Hurghada<\/li>\n<li>Accesibil pentru scaun cu rotile.<\/li>\n<\/ul>\n<p>Include<\/p>\n<ul>\n<li>Preluare \u0219i predare la hotel<\/li>\n<li>B\u0103uturi r\u0103coritoare la bord<\/li>\n<li>Echipament de snorkeling<\/li>\n<li>Ghid de snorkeling<\/li>\n<\/ul>\n<p>Exclude<\/p>\n<ul>\n<li>Sesiune foto (op\u021bional)<\/li>\n<li>Transfer din El Gouna, Sahl Hasheesh sau Makadi (contra cost)<\/li>\n<\/ul>\n<p>Ce s\u0103 iei cu tine?<\/p>\n<ul>\n<li>Ochelari de soare\/P\u0103l\u0103rie\/Crem\u0103 de protec\u021bie solar\u0103.<\/li>\n<li>Ap\u0103.<\/li>\n<li>Aparat foto sau camer\u0103 video.<\/li>\n<li>Prosop.<\/li>\n<\/ul>\n<p>Itinerariul Experien\u021bei Royal Sea Scope<\/p>\n<p>\u00cent\u00e2lnirea cu Lumea Subacvatic\u0103<\/p>\n<p>Aventura \u00eencepe cu o <strong>preluare de la hotel<\/strong> la ora programat\u0103. Transportul nostru te va duce direct la marin\u0103, unde echipajul te va \u00eent\u00e2mpina cu un z\u00e2mbet \u0219i un scurt briefing despre siguran\u021b\u0103 \u0219i traseu.<\/p>\n<p>Nu este nevoie de echipament greu\u2014doar adu-\u021bi camera pentru a surprinde frumuse\u021bea <strong>M\u0103rii Ro\u0219ii<\/strong>.<\/p>\n<p>Odat\u0103 ajun\u0219i la bord, vom naviga timp de aproximativ cincisprezece minute c\u0103tre cele mai spectaculoase <strong>recife de corali<\/strong>.<\/p>\n<p>Pe m\u0103sur\u0103 ce cobori pe puntea de observa\u021bie subacvatic\u0103, vei fi imersat vizual la patru metri sub suprafa\u021b\u0103. \u00cen aceast\u0103 parte a c\u0103l\u0103toriei, vei asista la un <strong>spectacol cu scafandri<\/strong> spectaculos.<\/p>\n<p>Un <strong>scafandru profesionist<\/strong> va hr\u0103ni pe\u0219tii chiar \u00een fa\u021ba ferestrelor, reu\u0219ind s\u0103 <strong>adune pe\u0219tii<\/strong> l\u00e2ng\u0103 <strong>geamurile b\u0103rcii<\/strong>, astfel \u00eenc\u00e2t s\u0103 po\u021bi savura via\u021ba marin\u0103 \u00een toat\u0103 gloria sa vibrant\u0103.<\/p>\n<p>Dup\u0103 observarea subacvatic\u0103, barca se va opri la un <strong>loc frumos cu corali<\/strong> pentru <strong>30 de minute de snorkeling<\/strong>. Aceasta este \u0219ansa ta de a s\u0103ri \u00een apa de cristal \u0219i de a \u00eenota al\u0103turi de creaturile colorate pe care tocmai le-ai v\u0103zut prin sticl\u0103. Tot echipamentul de snorkeling este furnizat, facilit\u00e2nd distrac\u021bia pentru toat\u0103 lumea.<\/p>\n<p>\u00cen cele din urm\u0103, ne vom \u00eendrepta spre puntea superioar\u0103 pentru a ne bucura de briza m\u0103rii \u0219i de priveli\u0219tile de pe coast\u0103. Vei savura o <strong>b\u0103utur\u0103 r\u0103coritoare<\/strong> \u00een timp ce barca navigheaz\u0103 \u00eenapoi spre port.<\/p>\n<p>La final, te vom transfera \u00eenapoi la <strong>unitatea de cazare<\/strong>, astfel \u00eenc\u00e2t s\u0103 \u00ee\u021bi po\u021bi continua dup\u0103-amiaza relaxant\u0103, satisf\u0103cut de a fi \u00eemp\u0103rt\u0103\u0219it o experien\u021b\u0103 magic\u0103 \u00een familie.<\/p>\n<p><strong>Programul Plec\u0103rilor Zilnice<\/strong><\/p>\n<p>Pentru a-\u021bi u\u0219ura planificarea zilei, aceast\u0103 aventur\u0103 are loc de patru ori pe zi. Po\u021bi alege intervalul care se potrive\u0219te cel mai bine cu programul t\u0103u de vacan\u021b\u0103:<\/p>\n<table>\n<thead>\n<tr>\n<td><strong>Sesiune Excursie<\/strong><\/td>\n<td><strong>Ora Activit\u0103\u021bii<\/strong><\/td>\n<\/tr>\n<\/thead>\n<tbody>\n<tr>\n<td><strong>Prima Excursie<\/strong><\/td>\n<td>09:00 AM \u2013 11:00 AM<\/td>\n<\/tr>\n<tr>\n<td><strong>A doua Excursie<\/strong><\/td>\n<td>11:00 AM \u2013 13:00 PM<\/td>\n<\/tr>\n<tr>\n<td><strong>A treia Excursie<\/strong><\/td>\n<td>13:00 PM \u2013 15:00 PM<\/td>\n<\/tr>\n<tr>\n<td><strong>A patra Excursie<\/strong><\/td>\n<td>15:00 PM \u2013 17:00 PM<\/td>\n<\/tr>\n<\/tbody>\n<\/table>\n<p>&nbsp;<\/p>\n<p><strong>Pre\u021b Royal Sea Scope Semi-Submarine<\/strong><\/p>\n<ul>\n<li><strong>Pre\u021b Adult<\/strong> = 20 \u20ac<\/li>\n<li><strong>Copii 5-11 ani<\/strong> = 50% din pre\u021bul adultului<\/li>\n<li><strong>Sugari 0-5 ani<\/strong> = gratuit<\/li>\n<\/ul>\n<p><strong>Rezervare<\/strong><\/p>\n<p>Po\u021bi rezerva semi-submarinul Royal Sea Scope prin <strong>WhatsApp<\/strong> sau trimite-ne un e-mail \u0219i vei primi confirmarea pe loc.<\/p>\n<p>Te rug\u0103m s\u0103 ne trimi\u021bi numele hotelului, num\u0103rul camerei \u0219i copii ale pa\u0219aportului.<\/p>\n<ul>\n<li><strong>WhatsApp:<\/strong> +201000852186<\/li>\n<li><strong>Email:<\/strong> info@egytourpackages.com<\/li>\n<\/ul>\n<p><strong>Rezerv\u0103 Acum \u0219i Pl\u0103te\u0219te la Fa\u021ba Locului<\/strong><\/p>\n<p>Rezerv\u0103 turul preferat \u0219i pl\u0103te\u0219te \u00een ziua excursiei.<\/p>\n<p><strong>Plat\u0103<\/strong><\/p>\n<p>Po\u021bi pl\u0103ti \u00een lire egiptene, $, \u20ac\u200e sau \u00a3.<\/p>\n<p><strong>Politica de Anulare<\/strong><\/p>\n<ul>\n<li><strong>Anularea este gratuit\u0103<\/strong> cu p\u00e2n\u0103 la 24 de ore \u00eenainte.<\/li>\n<li>Anularea \u00een diminea\u021ba excursiei se taxeaz\u0103 cu <strong>50% din pre\u021b<\/strong>.<\/li>\n<\/ul>\n","protected":false},"excerpt":{"rendered":"<p>Descoper\u0103 Royal Seascope Semi Submarine! O aventur\u0103 \u00een Marea Ro\u015fie pentru \u00eentreaga familie, cu recife de corali \u015fi snorkeling. Rezerv\u0103 acum \u00een Hurghada!<\/p>\n","protected":false},"featured_media":16154,"comment_status":"closed","ping_status":"closed","template":"","meta":[],"product_brand":[],"product_cat":[3120],"product_tag":[],"class_list":{"0":"post-16398","1":"product","2":"type-product","3":"status-publish","4":"has-post-thumbnail","6":"product_cat-tururi","7":"tour_category-cele-mai-bune-lucruri-de-facut-in-hurghada-cu-copiii","8":"tour_category-excursii-de-o-zi-in-egipt-ro","9":"tour_category-excursii-hurghada-ro","11":"first","12":"instock","13":"sale","14":"shipping-taxable","15":"purchasable","16":"product-type-tour","17":"has-default-attributes"},"yoast_head":"<!-- This site is optimized with the Yoast SEO Premium plugin v27.4 (Yoast SEO v27.4) - https:\/\/yoast.com\/product\/yoast-seo-premium-wordpress\/ -->\n<title>Royal Sea Scope Semi-Submarine<\/title>\n<meta name=\"description\" content=\"Descoper\u0103 Royal Seascope Semi Submarine! O aventur\u0103 \u00een Marea Ro\u015fie pentru \u00eentreaga familie, cu recife de corali \u015fi snorkeling. Rezerv\u0103 acum \u00een Hurghada!\" \/>\n<meta name=\"robots\" content=\"index, follow, max-snippet:-1, max-image-preview:large, max-video-preview:-1\" \/>\n<link rel=\"canonical\" href=\"https:\/\/egytourpackages.com\/ro\/tours\/royal-sea-scope-semi-submarine\/\" \/>\n<meta property=\"og:locale\" content=\"ro_RO\" \/>\n<meta property=\"og:type\" content=\"article\" \/>\n<meta property=\"og:title\" content=\"Royal Sea Scope Semi-Submarine\" \/>\n<meta property=\"og:description\" content=\"Descoper\u0103 Royal Seascope Semi Submarine! O aventur\u0103 \u00een Marea Ro\u015fie pentru \u00eentreaga familie, cu recife de corali \u015fi snorkeling. Rezerv\u0103 acum \u00een Hurghada!\" \/>\n<meta property=\"og:url\" content=\"https:\/\/egytourpackages.com\/ro\/tours\/royal-sea-scope-semi-submarine\/\" \/>\n<meta property=\"og:site_name\" content=\"Egypt Tour Packages\" \/>\n<meta property=\"article:publisher\" content=\"https:\/\/www.facebook.com\/egytourpackages\" \/>\n<meta property=\"og:image\" content=\"https:\/\/egytourpackages.com\/wp-content\/uploads\/2026\/04\/Royal-Sea-Scope-Semi-Submarines.jpg\" \/>\n\t<meta property=\"og:image:width\" content=\"800\" \/>\n\t<meta property=\"og:image:height\" content=\"530\" \/>\n\t<meta property=\"og:image:type\" content=\"image\/jpeg\" \/>\n<meta name=\"twitter:card\" content=\"summary_large_image\" \/>\n<meta name=\"twitter:title\" content=\"Royal Sea Scope Semi-Submarine\" \/>\n<meta name=\"twitter:label1\" content=\"Pre\u021b\" \/>\n\t<meta name=\"twitter:data1\" content=\"&euro;0\" \/>\n\t<meta name=\"twitter:label2\" content=\"Disponibilitate\" \/>\n\t<meta name=\"twitter:data2\" content=\"\u00cen stoc\" \/>\n<script type=\"application\/ld+json\" class=\"yoast-schema-graph\">{\"@context\":\"https:\\\/\\\/schema.org\",\"@graph\":[{\"@type\":\"WebPage\",\"@id\":\"https:\\\/\\\/egytourpackages.com\\\/ro\\\/tours\\\/royal-sea-scope-semi-submarine\\\/\",\"url\":\"https:\\\/\\\/egytourpackages.com\\\/ro\\\/tours\\\/royal-sea-scope-semi-submarine\\\/\",\"name\":\"Royal Sea Scope Semi-Submarine\",\"isPartOf\":{\"@id\":\"https:\\\/\\\/egytourpackages.com\\\/ro\\\/#website\"},\"primaryImageOfPage\":{\"@id\":\"https:\\\/\\\/egytourpackages.com\\\/ro\\\/tours\\\/royal-sea-scope-semi-submarine\\\/#primaryimage\"},\"image\":{\"@id\":\"https:\\\/\\\/egytourpackages.com\\\/ro\\\/tours\\\/royal-sea-scope-semi-submarine\\\/#primaryimage\"},\"thumbnailUrl\":\"https:\\\/\\\/egytourpackages.com\\\/wp-content\\\/uploads\\\/2026\\\/04\\\/Royal-Sea-Scope-Semi-Submarines.jpg\",\"datePublished\":\"2026-04-17T19:50:42+00:00\",\"description\":\"Descoper\u0103 Royal Seascope Semi Submarine! O aventur\u0103 \u00een Marea Ro\u015fie pentru \u00eentreaga familie, cu recife de corali \u015fi snorkeling. Rezerv\u0103 acum \u00een Hurghada!\",\"breadcrumb\":{\"@id\":\"https:\\\/\\\/egytourpackages.com\\\/ro\\\/tours\\\/royal-sea-scope-semi-submarine\\\/#breadcrumb\"},\"inLanguage\":\"ro-RO\",\"potentialAction\":[{\"@type\":\"ReadAction\",\"target\":[\"https:\\\/\\\/egytourpackages.com\\\/ro\\\/tours\\\/royal-sea-scope-semi-submarine\\\/\"]}]},{\"@type\":\"ImageObject\",\"inLanguage\":\"ro-RO\",\"@id\":\"https:\\\/\\\/egytourpackages.com\\\/ro\\\/tours\\\/royal-sea-scope-semi-submarine\\\/#primaryimage\",\"url\":\"https:\\\/\\\/egytourpackages.com\\\/wp-content\\\/uploads\\\/2026\\\/04\\\/Royal-Sea-Scope-Semi-Submarines.jpg\",\"contentUrl\":\"https:\\\/\\\/egytourpackages.com\\\/wp-content\\\/uploads\\\/2026\\\/04\\\/Royal-Sea-Scope-Semi-Submarines.jpg\",\"width\":800,\"height\":530,\"caption\":\"Royal Sea Scope Semi-Submarine\"},{\"@type\":\"BreadcrumbList\",\"@id\":\"https:\\\/\\\/egytourpackages.com\\\/ro\\\/tours\\\/royal-sea-scope-semi-submarine\\\/#breadcrumb\",\"itemListElement\":[{\"@type\":\"ListItem\",\"position\":1,\"name\":\"Home\",\"item\":\"https:\\\/\\\/egytourpackages.com\\\/ro\\\/\"},{\"@type\":\"ListItem\",\"position\":2,\"name\":\"Shop\",\"item\":\"https:\\\/\\\/egytourpackages.com\\\/shop\\\/\"},{\"@type\":\"ListItem\",\"position\":3,\"name\":\"Royal Sea Scope Semi-Submarine\"}]},{\"@type\":\"WebSite\",\"@id\":\"https:\\\/\\\/egytourpackages.com\\\/ro\\\/#website\",\"url\":\"https:\\\/\\\/egytourpackages.com\\\/ro\\\/\",\"name\":\"Egy tour packages\",\"description\":\"\",\"publisher\":{\"@id\":\"https:\\\/\\\/egytourpackages.com\\\/ro\\\/#organization\"},\"potentialAction\":[{\"@type\":\"SearchAction\",\"target\":{\"@type\":\"EntryPoint\",\"urlTemplate\":\"https:\\\/\\\/egytourpackages.com\\\/ro\\\/?s={search_term_string}\"},\"query-input\":{\"@type\":\"PropertyValueSpecification\",\"valueRequired\":true,\"valueName\":\"search_term_string\"}}],\"inLanguage\":\"ro-RO\"},{\"@type\":[\"Organization\",\"Place\",\"TravelAgency\"],\"@id\":\"https:\\\/\\\/egytourpackages.com\\\/ro\\\/#organization\",\"name\":\"egypt tour packages\",\"alternateName\":\"egypt tour packages\",\"url\":\"https:\\\/\\\/egytourpackages.com\\\/ro\\\/\",\"logo\":{\"@id\":\"https:\\\/\\\/egytourpackages.com\\\/ro\\\/tours\\\/royal-sea-scope-semi-submarine\\\/#local-main-organization-logo\"},\"image\":{\"@id\":\"https:\\\/\\\/egytourpackages.com\\\/ro\\\/tours\\\/royal-sea-scope-semi-submarine\\\/#local-main-organization-logo\"},\"sameAs\":[\"https:\\\/\\\/www.facebook.com\\\/egytourpackages\"],\"legalName\":\"Egy tour packages\",\"address\":{\"@id\":\"https:\\\/\\\/egytourpackages.com\\\/ro\\\/tours\\\/royal-sea-scope-semi-submarine\\\/#local-main-place-address\"},\"telephone\":[\"00201000852186\",\"00201028685533\"],\"contactPoint\":{\"@type\":\"ContactPoint\",\"telephone\":\"00201000852186\"},\"openingHoursSpecification\":[{\"@type\":\"OpeningHoursSpecification\",\"dayOfWeek\":[\"Monday\",\"Tuesday\",\"Wednesday\",\"Thursday\",\"Friday\",\"Saturday\",\"Sunday\"],\"opens\":\"00:00\",\"closes\":\"23:59\"}],\"email\":\"info@egytourpackages.com\",\"areaServed\":\"Cairo, Hurghada, Luxor, Sharm El Sheikh, Marsa Alam, Aswan\",\"priceRange\":\"$\",\"currenciesAccepted\":\"euro\",\"paymentAccepted\":\"Payment links online\"},{\"@type\":\"PostalAddress\",\"@id\":\"https:\\\/\\\/egytourpackages.com\\\/ro\\\/tours\\\/royal-sea-scope-semi-submarine\\\/#local-main-place-address\",\"streetAddress\":\"Mubarak 8, Al Kawthar District, Hurghada\",\"addressLocality\":\"Hurghada\",\"postalCode\":\"84511\",\"addressRegion\":\"Red Sea\",\"addressCountry\":\"EG\"},{\"@type\":\"ImageObject\",\"inLanguage\":\"ro-RO\",\"@id\":\"https:\\\/\\\/egytourpackages.com\\\/ro\\\/tours\\\/royal-sea-scope-semi-submarine\\\/#local-main-organization-logo\",\"url\":\"https:\\\/\\\/egytourpackages.com\\\/wp-content\\\/uploads\\\/2025\\\/12\\\/Turquoise-Dahabiya-Nile-Cruise-1.jpeg\",\"contentUrl\":\"https:\\\/\\\/egytourpackages.com\\\/wp-content\\\/uploads\\\/2025\\\/12\\\/Turquoise-Dahabiya-Nile-Cruise-1.jpeg\",\"width\":1040,\"height\":694,\"caption\":\"egypt tour packages\"}]}<\/script>\n<meta property=\"product:brand\" content=\"Cele mai bune lucruri de f\u0103cut \u00een Hurghada cu copiii\" \/>\n<meta property=\"product:price:amount\" content=\"0\" \/>\n<meta property=\"product:price:currency\" content=\"EUR\" \/>\n<meta property=\"og:availability\" content=\"instock\" \/>\n<meta property=\"product:availability\" content=\"instock\" \/>\n<meta property=\"product:retailer_item_id\" content=\"DTFH 01\" \/>\n<meta property=\"product:condition\" content=\"new\" \/>\n<meta name=\"geo.placename\" content=\"Hurghada\" \/>\n<meta name=\"geo.region\" content=\"Egipt\" \/>\n<!-- \/ Yoast SEO Premium plugin. -->","yoast_head_json":{"title":"Royal Sea Scope Semi-Submarine","description":"Descoper\u0103 Royal Seascope Semi Submarine! O aventur\u0103 \u00een Marea Ro\u015fie pentru \u00eentreaga familie, cu recife de corali \u015fi snorkeling. Rezerv\u0103 acum \u00een Hurghada!","robots":{"index":"index","follow":"follow","max-snippet":"max-snippet:-1","max-image-preview":"max-image-preview:large","max-video-preview":"max-video-preview:-1"},"canonical":"https:\/\/egytourpackages.com\/ro\/tours\/royal-sea-scope-semi-submarine\/","og_locale":"ro_RO","og_type":"article","og_title":"Royal Sea Scope Semi-Submarine","og_description":"Descoper\u0103 Royal Seascope Semi Submarine! O aventur\u0103 \u00een Marea Ro\u015fie pentru \u00eentreaga familie, cu recife de corali \u015fi snorkeling. Rezerv\u0103 acum \u00een Hurghada!","og_url":"https:\/\/egytourpackages.com\/ro\/tours\/royal-sea-scope-semi-submarine\/","og_site_name":"Egypt Tour Packages","article_publisher":"https:\/\/www.facebook.com\/egytourpackages","og_image":[{"width":800,"height":530,"url":"https:\/\/egytourpackages.com\/wp-content\/uploads\/2026\/04\/Royal-Sea-Scope-Semi-Submarines.jpg","type":"image\/jpeg"}],"twitter_card":"summary_large_image","twitter_title":"Royal Sea Scope Semi-Submarine","twitter_misc":{"Pre\u021b":"&euro;0","Disponibilitate":"\u00cen stoc"},"schema":{"@context":"https:\/\/schema.org","@graph":[{"@type":"WebPage","@id":"https:\/\/egytourpackages.com\/ro\/tours\/royal-sea-scope-semi-submarine\/","url":"https:\/\/egytourpackages.com\/ro\/tours\/royal-sea-scope-semi-submarine\/","name":"Royal Sea Scope Semi-Submarine","isPartOf":{"@id":"https:\/\/egytourpackages.com\/ro\/#website"},"primaryImageOfPage":{"@id":"https:\/\/egytourpackages.com\/ro\/tours\/royal-sea-scope-semi-submarine\/#primaryimage"},"image":{"@id":"https:\/\/egytourpackages.com\/ro\/tours\/royal-sea-scope-semi-submarine\/#primaryimage"},"thumbnailUrl":"https:\/\/egytourpackages.com\/wp-content\/uploads\/2026\/04\/Royal-Sea-Scope-Semi-Submarines.jpg","datePublished":"2026-04-17T19:50:42+00:00","description":"Descoper\u0103 Royal Seascope Semi Submarine! O aventur\u0103 \u00een Marea Ro\u015fie pentru \u00eentreaga familie, cu recife de corali \u015fi snorkeling. Rezerv\u0103 acum \u00een Hurghada!","breadcrumb":{"@id":"https:\/\/egytourpackages.com\/ro\/tours\/royal-sea-scope-semi-submarine\/#breadcrumb"},"inLanguage":"ro-RO","potentialAction":[{"@type":"ReadAction","target":["https:\/\/egytourpackages.com\/ro\/tours\/royal-sea-scope-semi-submarine\/"]}]},{"@type":"ImageObject","inLanguage":"ro-RO","@id":"https:\/\/egytourpackages.com\/ro\/tours\/royal-sea-scope-semi-submarine\/#primaryimage","url":"https:\/\/egytourpackages.com\/wp-content\/uploads\/2026\/04\/Royal-Sea-Scope-Semi-Submarines.jpg","contentUrl":"https:\/\/egytourpackages.com\/wp-content\/uploads\/2026\/04\/Royal-Sea-Scope-Semi-Submarines.jpg","width":800,"height":530,"caption":"Royal Sea Scope Semi-Submarine"},{"@type":"BreadcrumbList","@id":"https:\/\/egytourpackages.com\/ro\/tours\/royal-sea-scope-semi-submarine\/#breadcrumb","itemListElement":[{"@type":"ListItem","position":1,"name":"Home","item":"https:\/\/egytourpackages.com\/ro\/"},{"@type":"ListItem","position":2,"name":"Shop","item":"https:\/\/egytourpackages.com\/shop\/"},{"@type":"ListItem","position":3,"name":"Royal Sea Scope Semi-Submarine"}]},{"@type":"WebSite","@id":"https:\/\/egytourpackages.com\/ro\/#website","url":"https:\/\/egytourpackages.com\/ro\/","name":"Egy tour packages","description":"","publisher":{"@id":"https:\/\/egytourpackages.com\/ro\/#organization"},"potentialAction":[{"@type":"SearchAction","target":{"@type":"EntryPoint","urlTemplate":"https:\/\/egytourpackages.com\/ro\/?s={search_term_string}"},"query-input":{"@type":"PropertyValueSpecification","valueRequired":true,"valueName":"search_term_string"}}],"inLanguage":"ro-RO"},{"@type":["Organization","Place","TravelAgency"],"@id":"https:\/\/egytourpackages.com\/ro\/#organization","name":"egypt tour packages","alternateName":"egypt tour packages","url":"https:\/\/egytourpackages.com\/ro\/","logo":{"@id":"https:\/\/egytourpackages.com\/ro\/tours\/royal-sea-scope-semi-submarine\/#local-main-organization-logo"},"image":{"@id":"https:\/\/egytourpackages.com\/ro\/tours\/royal-sea-scope-semi-submarine\/#local-main-organization-logo"},"sameAs":["https:\/\/www.facebook.com\/egytourpackages"],"legalName":"Egy tour packages","address":{"@id":"https:\/\/egytourpackages.com\/ro\/tours\/royal-sea-scope-semi-submarine\/#local-main-place-address"},"telephone":["00201000852186","00201028685533"],"contactPoint":{"@type":"ContactPoint","telephone":"00201000852186"},"openingHoursSpecification":[{"@type":"OpeningHoursSpecification","dayOfWeek":["Monday","Tuesday","Wednesday","Thursday","Friday","Saturday","Sunday"],"opens":"00:00","closes":"23:59"}],"email":"info@egytourpackages.com","areaServed":"Cairo, Hurghada, Luxor, Sharm El Sheikh, Marsa Alam, Aswan","priceRange":"$","currenciesAccepted":"euro","paymentAccepted":"Payment links online"},{"@type":"PostalAddress","@id":"https:\/\/egytourpackages.com\/ro\/tours\/royal-sea-scope-semi-submarine\/#local-main-place-address","streetAddress":"Mubarak 8, Al Kawthar District, Hurghada","addressLocality":"Hurghada","postalCode":"84511","addressRegion":"Red Sea","addressCountry":"EG"},{"@type":"ImageObject","inLanguage":"ro-RO","@id":"https:\/\/egytourpackages.com\/ro\/tours\/royal-sea-scope-semi-submarine\/#local-main-organization-logo","url":"https:\/\/egytourpackages.com\/wp-content\/uploads\/2025\/12\/Turquoise-Dahabiya-Nile-Cruise-1.jpeg","contentUrl":"https:\/\/egytourpackages.com\/wp-content\/uploads\/2025\/12\/Turquoise-Dahabiya-Nile-Cruise-1.jpeg","width":1040,"height":694,"caption":"egypt tour packages"}]},"product_brand":"Cele mai bune lucruri de f\u0103cut \u00een Hurghada cu copiii","product_price_currency":"EUR","og_availability":"instock","product_availability":"instock","product_retailer_item_id":"DTFH 01","product_condition":"new","geo.placename":"Hurghada","geo.region":"Egipt"},"_links":{"self":[{"href":"https:\/\/egytourpackages.com\/ro\/wp-json\/wp\/v2\/product\/16398","targetHints":{"allow":["GET"]}}],"collection":[{"href":"https:\/\/egytourpackages.com\/ro\/wp-json\/wp\/v2\/product"}],"about":[{"href":"https:\/\/egytourpackages.com\/ro\/wp-json\/wp\/v2\/types\/product"}],"replies":[{"embeddable":true,"href":"https:\/\/egytourpackages.com\/ro\/wp-json\/wp\/v2\/comments?post=16398"}],"wp:featuredmedia":[{"embeddable":true,"href":"https:\/\/egytourpackages.com\/ro\/wp-json\/wp\/v2\/media\/16154"}],"wp:attachment":[{"href":"https:\/\/egytourpackages.com\/ro\/wp-json\/wp\/v2\/media?parent=16398"}],"wp:term":[{"taxonomy":"product_brand","embeddable":true,"href":"https:\/\/egytourpackages.com\/ro\/wp-json\/wp\/v2\/product_brand?post=16398"},{"taxonomy":"product_cat","embeddable":true,"href":"https:\/\/egytourpackages.com\/ro\/wp-json\/wp\/v2\/product_cat?post=16398"},{"taxonomy":"product_tag","embeddable":true,"href":"https:\/\/egytourpackages.com\/ro\/wp-json\/wp\/v2\/product_tag?post=16398"}],"curies":[{"name":"wp","href":"https:\/\/api.w.org\/{rel}","templated":true}]}}