{"id":16438,"date":"2026-03-17T20:03:42","date_gmt":"2026-03-17T20:03:42","guid":{"rendered":"https:\/\/egytourpackages.com\/product\/excursie-mons-claudianus\/"},"modified":"2026-04-26T23:32:36","modified_gmt":"2026-04-26T23:32:36","slug":"excursie-mons-claudianus","status":"publish","type":"product","link":"https:\/\/egytourpackages.com\/ro\/tours\/excursie-mons-claudianus\/","title":{"rendered":"Excursie Mons Claudianus"},"content":{"rendered":"<p><span style=\"color: #ff6600;\"><strong>Excursie Mons Claudianus: Explorarea carierelor de piatr\u0103 din Roma Antic\u0103<\/strong><\/span><\/p>\n<p>C\u0103l\u0103toria c\u0103tre <strong>Mons Claudianus<\/strong> \u00eencepe cu preluarea de la hotel la ora 05:00 diminea\u021ba, \u00eentr-un vehicul 4\u00d74 robust.<\/p>\n<p>Situate ad\u00e2nc \u00een <strong>De\u0219ertul de Est<\/strong>, aceste cariere vaste de granit reprezint\u0103 unele dintre cele mai importante situri arheologice din regiune, fiind aduse pentru prima dat\u0103 \u00een aten\u021bia modern\u0103 de exploratorii <strong>Wilkinson<\/strong> \u0219i <strong>Burton<\/strong> \u00een 1823.<\/p>\n<h3><span style=\"color: #ff6600;\">R\u0103s\u0103ritul \u0219i c\u0103l\u0103toria \u00een de\u0219ertul profund<\/span><\/h3>\n<p>Aventura dumneavoastr\u0103 \u00eencepe cu o oprire spectaculoas\u0103 pe v\u00e2rful unui munte din de\u0219ert pentru a admira <strong>r\u0103s\u0103ritul<\/strong> peste orizont.<\/p>\n<p>Dup\u0103 aceasta, drumul continu\u0103 timp de aproximativ 40 de minute p\u00e2n\u0103 la un <strong>salc\u00e2m<\/strong> solitar, un reper natural \u00een vastul peisaj arid.<\/p>\n<p>Odat\u0103 ajun\u0219i la situl arheologic, ve\u021bi avea o pauz\u0103 desemnat\u0103 pentru a savura <strong>micul dejun<\/strong> \u00eenainte de a \u00eencepe explorarea istoric\u0103 a ruinelor.<\/p>\n<h3><span style=\"color: #ff6600;\">Mo\u0219tenirea Mons Claudianus<\/span><\/h3>\n<p>Activ\u0103 \u00een principal \u00eentre secolele I \u0219i III d.Hr., aceast\u0103 <strong>a\u0219ezare minier\u0103<\/strong> a servit ca un hub industrial vital pentru Imperiul Roman.<\/p>\n<p>Pozi\u021bionat \u00een mun\u021bii M\u0103rii Ro\u0219ii, situl se afl\u0103 la aproximativ 32 km de drumul principal care leag\u0103 <strong>Hurghada<\/strong> de Qena.<\/p>\n<p>A func\u021bionat ca un avanpost la distan\u021b\u0103, oferind imperiului piatr\u0103 de \u00eenalt\u0103 calitate, men\u021bin\u00e2nd \u00een acela\u0219i timp o structur\u0103 social\u0103 complex\u0103 departe de Nil.<\/p>\n<h3><span style=\"color: #ff6600;\">Minuni arhitecturale \u0219i puncte de atrac\u021bie ale sitului<\/span><\/h3>\n<p>Situl r\u0103m\u00e2ne remarcabil de bine conservat, prezent\u00e2nd o varietate de realiz\u0103ri ale <strong>ingineriei romane<\/strong>. Vizitatorii pot observa <strong>coloane<\/strong> masive de piatr\u0103, bazine \u0219i o baie termal\u0103 fragmentat\u0103, \u00eempr\u0103\u0219tiate pe teren.<\/p>\n<p>Multe structuri, inclusiv <strong>tab\u0103ra fortificat\u0103<\/strong>, locuin\u021bele, atelierele \u0219i grajdurile pentru animale, se afl\u0103 \u00eenc\u0103 \u00een picioare la \u00een\u0103l\u021bimile lor originale.<\/p>\n<p>Una dintre cele mai intrigante caracteristici o reprezint\u0103 r\u0103m\u0103\u0219i\u021bele unui <strong>templu<\/strong> neterminat comandat de <strong>\u00cemp\u0103ratul Hadrian<\/strong>.<\/p>\n<p>\u00centregul complex a fost proiectat ca o cetate, protejat\u0103 de ziduri groase \u0219i turnuri de veghe pentru a g\u0103zdui o popula\u021bie de aproximativ 1.000 de reziden\u021bi, inclusiv muncitori \u0219i g\u0103rzi militare.<\/p>\n<p>Ve\u021bi \u00eenv\u0103\u021ba cum muncitorii antici extr\u0103geau blocuri masive de la altitudini mari \u0219i le coborau \u00een vale pentru transport.<\/p>\n<h3><span style=\"color: #ff6600;\">Piatra Imperial\u0103 \u0219i infrastructura roman\u0103<\/span><\/h3>\n<p><strong>Drumul Roman<\/strong> folosit pentru transportul acestor pietre este \u00eenc\u0103 vizibil ast\u0103zi, pres\u0103rat cu vechi sta\u021bii de odihn\u0103 situate la o zi de mers distan\u021b\u0103 una de alta.<\/p>\n<p>Granitul gri \u00eenchis extras aici era extrem de pre\u021buit; a fost folosit pentru a construi porticul emblematic al <strong>Panteonului<\/strong> din <strong>Roma<\/strong> \u0219i <strong>Basilica Ulpia<\/strong> din Forumul lui Traian.<\/p>\n<p>Mai mult, aceste pietre au fost expediate pe mare pentru a decora <strong>Palatul Flavian<\/strong> \u0219i marile <strong>Terme ale lui Caracalla<\/strong>.<\/p>\n<h3><span style=\"color: #ff6600;\">Via\u021ba de zi cu zi \u00een avanpostul din de\u0219ert<\/span><\/h3>\n<p>Excava\u021biile efectuate la sf\u00e2r\u0219itul secolului al XX-lea au scos la iveal\u0103 peste 9.000 de <strong>ostraca<\/strong> (fragmente de ceramic\u0103 inscrip\u021bionate).<\/p>\n<p>Scrise \u00een greac\u0103 \u0219i latin\u0103, aceste fragmente ofer\u0103 o privire rar\u0103 asupra rutinelor zilnice ale b\u0103rba\u021bilor, femeilor \u0219i copiilor sta\u021biona\u021bi aici. \u00cenregistr\u0103rile clasific\u0103 locuitorii \u00een patru grupuri distincte:<\/p>\n<ul>\n<li>Personal militar \u0219i oficiali de rang \u00eenalt.<\/li>\n<li>Mae\u0219tri artizani \u0219i muncitori califica\u021bi.<\/li>\n<li>Muncitori necalifica\u021bi \u0219i personal auxiliar.<\/li>\n<li>Familii, inclusiv femei \u0219i copii.<\/li>\n<\/ul>\n<p>\u00cenregistr\u0103rile financiare dezv\u0103luie c\u0103 muncitorii de aici erau pl\u0103ti\u021bi excep\u021bional de bine, c\u00e2\u0219tig\u00e2nd aproape dublu fa\u021b\u0103 de salariile din Valea Nilului.<\/p>\n<p>Aceast\u0103 \u201eplat\u0103 pentru pericol\u201d compensa izolarea \u0219i condi\u021biile aspre ale de\u0219ertului.<\/p>\n<h3><span style=\"color: #ff6600;\">Gastronomie \u0219i supravie\u021buire<\/span><\/h3>\n<p>Dovezile istorice sugereaz\u0103 o diet\u0103 surprinz\u0103tor de divers\u0103 pentru o loca\u021bie at\u00e2t de \u00eendep\u0103rtat\u0103. Arheologii au g\u0103sit urme de <strong>55 de plante diferite<\/strong> \u0219i 20 de tipuri de proteine animale.<\/p>\n<p>Reziden\u021bii m\u00e2ncau pe\u0219te din Marea Ro\u0219ie, <strong>piper indian<\/strong> importat \u0219i chiar scoici. Descoperirea unor semin\u021be specifice indic\u0103 faptul c\u0103, de\u0219i mult se importa, romanii cultivau \u0219i <strong>salat\u0103, ment\u0103 \u0219i busuioc<\/strong> la fa\u021ba locului pentru a se asigura c\u0103 muncitorii primeau nutrien\u021bii \u0219i vitaminele esen\u021biale.<\/p>\n<p>Dup\u0103 documentarea ruinelor \u0219i realizarea unor <strong>fotografii de neuitat<\/strong>, ve\u021bi fi transportat \u00eenapoi la locul de cazare \u00een <strong>Hurghada<\/strong>.<\/p>\n<h3><span style=\"color: #ff6600;\">Detalii<\/span><\/h3>\n<ul>\n<li>Durat\u0103: 6 ore<\/li>\n<li>Loca\u021bia excursiei: De\u0219ertul de Est, Hurghada<\/li>\n<li>Disponibilitate: zilnic<\/li>\n<li>Preluare \u0219i Drop-off: Toate hotelurile din Hurghada, Makadi Bay, Soma Bay, Sahl Hasheesh<\/li>\n<li>Tipul excursiei: Grup \/ Privat<\/li>\n<li>Limba: Englez\u0103<\/li>\n<li>Scaun cu rotile: Accesibil<\/li>\n<\/ul>\n<h3><span style=\"color: #ff6600;\">Incluziuni \u00een excursie<\/span><\/h3>\n<ul>\n<li>Ghid expert egiptolog cu certificare profesional\u0103.<\/li>\n<li>Toate taxele de serviciu \u0219i taxele locale aplicabile.<\/li>\n<li>Permise oficiale de intrare \u0219i taxe de sit.<\/li>\n<li>Transport dus-\u00eentors cu Jeep 4\u00d74.<\/li>\n<li>Serviciu complet de mas\u0103 \u0219i b\u0103uturi.<\/li>\n<li>Ap\u0103 mineral\u0103 \u00eembuteliat\u0103 \u0219i b\u0103uturi r\u0103coritoare.<\/li>\n<\/ul>\n<h3><span style=\"color: #ff6600;\">Excluderi din excursie<\/span><\/h3>\n<ul>\n<li>Zboruri interna\u021bionale\/interne \u0219i vize de intrare.<\/li>\n<li>Bani pentru cheltuieli individuale la activit\u0103\u021bi extra.<\/li>\n<li>Bac\u0219i\u0219ul obi\u0219nuit pentru personal.<\/li>\n<li>Servicii care nu sunt men\u021bionate explicit \u00een itinerar.<\/li>\n<\/ul>\n<h3><span style=\"color: #ff6600;\">Articole recomandate de purtat<\/span><\/h3>\n<ul>\n<li>Protec\u021bie ocular\u0103 (ochelari de soare), o p\u0103l\u0103rie de soare \u0219i <strong>crem\u0103 solar\u0103<\/strong> cu SPF ridicat.<\/li>\n<li>Echipament foto sau video.<\/li>\n<li><strong>\u00cenc\u0103l\u021b\u0103minte rezistent\u0103<\/strong> pentru mers \u0219i \u00eembr\u0103c\u0103minte care las\u0103 pielea s\u0103 respire.<\/li>\n<\/ul>\n<h3><span style=\"color: #ff6600;\">Pre\u021b Excursie Mons Claudianus<\/span><\/h3>\n<table>\n<thead>\n<tr>\n<td><strong>Num\u0103r de participan\u021bi<\/strong><\/td>\n<td><strong>Pre\u021b de persoan\u0103<\/strong><\/td>\n<td><strong>Cost total excursie<\/strong><\/td>\n<\/tr>\n<\/thead>\n<tbody>\n<tr>\n<td>1 Persoan\u0103 (Solo)<\/td>\n<td>300 euro<\/td>\n<td>300 euro<\/td>\n<\/tr>\n<tr>\n<td>2 Persoane<\/td>\n<td>150 euro<\/td>\n<td>300 euro<\/td>\n<\/tr>\n<tr>\n<td>3 Persoane<\/td>\n<td>105 euro<\/td>\n<td>315 euro<\/td>\n<\/tr>\n<tr>\n<td>4 Persoane<\/td>\n<td>100 euro<\/td>\n<td>400 euro<\/td>\n<\/tr>\n<\/tbody>\n<\/table>\n<p>Copii 0-5 ani = gratuit<\/p>\n<p>Copii 5-11 ani = 50% din pre\u021bul pentru adul\u021bi<\/p>\n<h3><span style=\"color: #ff6600;\">Not\u0103:<\/span><\/h3>\n<p>Un supliment de <strong>20 euro<\/strong> de persoan\u0103 se aplic\u0103 pentru plec\u0103rile din urm\u0103toarele loca\u021bii:<\/p>\n<ul>\n<li>Makadi Bay<\/li>\n<li>Soma Bay<\/li>\n<li>Safaga<\/li>\n<li>El Gouna<\/li>\n<\/ul>\n<h3><span style=\"color: #ff6600;\">Rezervare<\/span><\/h3>\n<p>Pute\u021bi rezerva excursia la Mons Claudianus prin WhatsApp sau e-mail \u0219i ve\u021bi primi confirmarea pe loc.<\/p>\n<p>V\u0103 rug\u0103m s\u0103 ne trimite\u021bi numele hotelului, num\u0103rul camerei \u0219i copii dup\u0103 pa\u0219aport.<\/p>\n<p>WhatsApp: +201000852186<\/p>\n<p>info@egytourpackages.com<\/p>\n<h3><span style=\"color: #ff6600;\">Rezerva\u021bi acum \u0219i pl\u0103ti\u021bi la fa\u021ba locului<\/span><\/h3>\n<p>Rezerva\u021bi excursia preferat\u0103 \u0219i pl\u0103ti\u021bi \u00een ziua c\u0103l\u0103toriei.<\/p>\n<h3><span style=\"color: #ff6600;\">Plat\u0103<\/span><\/h3>\n<p>Pute\u021bi pl\u0103ti \u00een lire egiptene, $, \u20ac sau \u00a3.<\/p>\n<h3><span style=\"color: #ff6600;\">Politica de anulare<\/span><\/h3>\n<ul>\n<li>Anularea este gratuit\u0103 cu p\u00e2n\u0103 la 24 de ore \u00eenainte.<\/li>\n<li>Anularea \u00een diminea\u021ba excursiei se taxeaz\u0103 cu 50% din pre\u021b.<\/li>\n<\/ul>\n","protected":false},"excerpt":{"rendered":"<p>Exploreaz\u0103 carierele romane \u00eentr-o Excursie Mons Claudianus. Descoper\u0103 coloane de granit, ruine antice \u0219i istoria Egiptului \u00een de\u0219ert. Rezerv\u0103 turul t\u0103u!<\/p>\n","protected":false},"featured_media":15895,"comment_status":"closed","ping_status":"closed","template":"","meta":[],"product_brand":[],"product_cat":[3120],"product_tag":[4103,3203,4563,4562,4561],"class_list":{"0":"post-16438","1":"product","2":"type-product","3":"status-publish","4":"has-post-thumbnail","6":"product_cat-tururi","7":"product_tag-excursii-de-o-zi-din-hurghada","8":"product_tag-excursii-de-o-zi-in-egipt","9":"product_tag-mons-claudianus-tour","10":"product_tag-safari-in-desertul-de-est","11":"product_tag-tururi-istorice-in-egipt","12":"tour_category-excursii-de-o-zi-din-safaga","13":"tour_category-excursii-de-o-zi-in-egipt-ro","14":"tour_category-excursii-hurghada-ro","15":"tour_category-excursii-makadi-bay-ro","16":"tour_category-excursii-sahl-hasheesh-ro","17":"tour_category-excursii-soma-bay-ro","18":"tour_category-safari-in-desertul-hurghada","20":"first","21":"instock","22":"sale","23":"shipping-taxable","24":"purchasable","25":"product-type-tour","26":"has-default-attributes"},"yoast_head":"<!-- This site is optimized with the Yoast SEO Premium plugin v27.5 (Yoast SEO v27.5) - https:\/\/yoast.com\/product\/yoast-seo-premium-wordpress\/ -->\n<title>Excursie Mons Claudianus<\/title>\n<meta name=\"description\" content=\"Exploreaz\u0103 carierele romane \u00eentr-o Excursie Mons Claudianus. Descoper\u0103 coloane de granit, ruine antice \u0219i istoria Egiptului \u00een de\u0219ert. Rezerv\u0103 turul t\u0103u!\" \/>\n<meta name=\"robots\" content=\"index, follow, max-snippet:-1, max-image-preview:large, max-video-preview:-1\" \/>\n<link rel=\"canonical\" href=\"https:\/\/egytourpackages.com\/ro\/tours\/excursie-mons-claudianus\/\" \/>\n<meta property=\"og:locale\" content=\"ro_RO\" \/>\n<meta property=\"og:type\" content=\"article\" \/>\n<meta property=\"og:title\" content=\"Excursie Mons Claudianus\" \/>\n<meta property=\"og:description\" content=\"Exploreaz\u0103 carierele romane \u00eentr-o Excursie Mons Claudianus. Descoper\u0103 coloane de granit, ruine antice \u0219i istoria Egiptului \u00een de\u0219ert. Rezerv\u0103 turul t\u0103u!\" \/>\n<meta property=\"og:url\" content=\"https:\/\/egytourpackages.com\/ro\/tours\/excursie-mons-claudianus\/\" \/>\n<meta property=\"og:site_name\" content=\"Egypt Tour Packages\" \/>\n<meta property=\"article:publisher\" content=\"https:\/\/www.facebook.com\/egytourpackages\" \/>\n<meta property=\"article:modified_time\" content=\"2026-04-26T23:32:36+00:00\" \/>\n<meta property=\"og:image\" content=\"https:\/\/egytourpackages.com\/wp-content\/uploads\/2026\/03\/Mons-Claudianus-Tour-1024x768.jpg\" \/>\n<meta name=\"twitter:card\" content=\"summary_large_image\" \/>\n<meta name=\"twitter:title\" content=\"Excursie Mons Claudianus\" \/>\n<meta name=\"twitter:label1\" content=\"Pre\u021b\" \/>\n\t<meta name=\"twitter:data1\" content=\"&euro;150\" \/>\n\t<meta name=\"twitter:label2\" content=\"Disponibilitate\" \/>\n\t<meta name=\"twitter:data2\" content=\"\u00cen stoc\" \/>\n<script type=\"application\/ld+json\" class=\"yoast-schema-graph\">{\"@context\":\"https:\\\/\\\/schema.org\",\"@graph\":[{\"@type\":\"WebPage\",\"@id\":\"https:\\\/\\\/egytourpackages.com\\\/ro\\\/tours\\\/excursie-mons-claudianus\\\/\",\"url\":\"https:\\\/\\\/egytourpackages.com\\\/ro\\\/tours\\\/excursie-mons-claudianus\\\/\",\"name\":\"Excursie Mons Claudianus\",\"isPartOf\":{\"@id\":\"https:\\\/\\\/egytourpackages.com\\\/ro\\\/#website\"},\"primaryImageOfPage\":{\"@id\":\"https:\\\/\\\/egytourpackages.com\\\/ro\\\/tours\\\/excursie-mons-claudianus\\\/#primaryimage\"},\"image\":{\"@id\":\"https:\\\/\\\/egytourpackages.com\\\/ro\\\/tours\\\/excursie-mons-claudianus\\\/#primaryimage\"},\"thumbnailUrl\":\"https:\\\/\\\/egytourpackages.com\\\/wp-content\\\/uploads\\\/2026\\\/03\\\/Mons-Claudianus-Tour.jpg\",\"datePublished\":\"2026-03-17T20:03:42+00:00\",\"dateModified\":\"2026-04-26T23:32:36+00:00\",\"description\":\"Exploreaz\u0103 carierele romane \u00eentr-o Excursie Mons Claudianus. Descoper\u0103 coloane de granit, ruine antice \u0219i istoria Egiptului \u00een de\u0219ert. Rezerv\u0103 turul t\u0103u!\",\"breadcrumb\":{\"@id\":\"https:\\\/\\\/egytourpackages.com\\\/ro\\\/tours\\\/excursie-mons-claudianus\\\/#breadcrumb\"},\"inLanguage\":\"ro-RO\",\"potentialAction\":[{\"@type\":\"ReadAction\",\"target\":[\"https:\\\/\\\/egytourpackages.com\\\/ro\\\/tours\\\/excursie-mons-claudianus\\\/\"]}]},{\"@type\":\"ImageObject\",\"inLanguage\":\"ro-RO\",\"@id\":\"https:\\\/\\\/egytourpackages.com\\\/ro\\\/tours\\\/excursie-mons-claudianus\\\/#primaryimage\",\"url\":\"https:\\\/\\\/egytourpackages.com\\\/wp-content\\\/uploads\\\/2026\\\/03\\\/Mons-Claudianus-Tour.jpg\",\"contentUrl\":\"https:\\\/\\\/egytourpackages.com\\\/wp-content\\\/uploads\\\/2026\\\/03\\\/Mons-Claudianus-Tour.jpg\",\"width\":1500,\"height\":1125,\"caption\":\"Excursie Mons Claudianus\"},{\"@type\":\"BreadcrumbList\",\"@id\":\"https:\\\/\\\/egytourpackages.com\\\/ro\\\/tours\\\/excursie-mons-claudianus\\\/#breadcrumb\",\"itemListElement\":[{\"@type\":\"ListItem\",\"position\":1,\"name\":\"Home\",\"item\":\"https:\\\/\\\/egytourpackages.com\\\/ro\\\/\"},{\"@type\":\"ListItem\",\"position\":2,\"name\":\"Shop\",\"item\":\"https:\\\/\\\/egytourpackages.com\\\/shop\\\/\"},{\"@type\":\"ListItem\",\"position\":3,\"name\":\"Excursie Mons Claudianus\"}]},{\"@type\":\"WebSite\",\"@id\":\"https:\\\/\\\/egytourpackages.com\\\/ro\\\/#website\",\"url\":\"https:\\\/\\\/egytourpackages.com\\\/ro\\\/\",\"name\":\"Egy tour packages\",\"description\":\"\",\"publisher\":{\"@id\":\"https:\\\/\\\/egytourpackages.com\\\/ro\\\/#organization\"},\"potentialAction\":[{\"@type\":\"SearchAction\",\"target\":{\"@type\":\"EntryPoint\",\"urlTemplate\":\"https:\\\/\\\/egytourpackages.com\\\/ro\\\/?s={search_term_string}\"},\"query-input\":{\"@type\":\"PropertyValueSpecification\",\"valueRequired\":true,\"valueName\":\"search_term_string\"}}],\"inLanguage\":\"ro-RO\"},{\"@type\":[\"Organization\",\"Place\",\"TravelAgency\"],\"@id\":\"https:\\\/\\\/egytourpackages.com\\\/ro\\\/#organization\",\"name\":\"egypt tour packages\",\"alternateName\":\"egypt tour packages\",\"url\":\"https:\\\/\\\/egytourpackages.com\\\/ro\\\/\",\"logo\":{\"@id\":\"https:\\\/\\\/egytourpackages.com\\\/ro\\\/tours\\\/excursie-mons-claudianus\\\/#local-main-organization-logo\"},\"image\":{\"@id\":\"https:\\\/\\\/egytourpackages.com\\\/ro\\\/tours\\\/excursie-mons-claudianus\\\/#local-main-organization-logo\"},\"sameAs\":[\"https:\\\/\\\/www.facebook.com\\\/egytourpackages\"],\"legalName\":\"Egy tour packages\",\"address\":{\"@id\":\"https:\\\/\\\/egytourpackages.com\\\/ro\\\/tours\\\/excursie-mons-claudianus\\\/#local-main-place-address\"},\"telephone\":[\"00201000852186\",\"00201028685533\"],\"contactPoint\":{\"@type\":\"ContactPoint\",\"telephone\":\"00201000852186\"},\"openingHoursSpecification\":[{\"@type\":\"OpeningHoursSpecification\",\"dayOfWeek\":[\"Monday\",\"Tuesday\",\"Wednesday\",\"Thursday\",\"Friday\",\"Saturday\",\"Sunday\"],\"opens\":\"00:00\",\"closes\":\"23:59\"}],\"email\":\"info@egytourpackages.com\",\"areaServed\":\"Cairo, Hurghada, Luxor, Sharm El Sheikh, Marsa Alam, Aswan\",\"priceRange\":\"$\",\"currenciesAccepted\":\"euro\",\"paymentAccepted\":\"Payment links online\"},{\"@type\":\"PostalAddress\",\"@id\":\"https:\\\/\\\/egytourpackages.com\\\/ro\\\/tours\\\/excursie-mons-claudianus\\\/#local-main-place-address\",\"streetAddress\":\"Mubarak 8, Al Kawthar District, Hurghada\",\"addressLocality\":\"Hurghada\",\"postalCode\":\"84511\",\"addressRegion\":\"Red Sea\",\"addressCountry\":\"EG\"},{\"@type\":\"ImageObject\",\"inLanguage\":\"ro-RO\",\"@id\":\"https:\\\/\\\/egytourpackages.com\\\/ro\\\/tours\\\/excursie-mons-claudianus\\\/#local-main-organization-logo\",\"url\":\"https:\\\/\\\/egytourpackages.com\\\/wp-content\\\/uploads\\\/2025\\\/12\\\/Turquoise-Dahabiya-Nile-Cruise-1.jpeg\",\"contentUrl\":\"https:\\\/\\\/egytourpackages.com\\\/wp-content\\\/uploads\\\/2025\\\/12\\\/Turquoise-Dahabiya-Nile-Cruise-1.jpeg\",\"width\":1040,\"height\":694,\"caption\":\"egypt tour packages\"}]}<\/script>\n<meta property=\"product:brand\" content=\"Excursii de o zi din Safaga\" \/>\n<meta property=\"product:price:amount\" content=\"150\" \/>\n<meta property=\"product:price:currency\" content=\"EUR\" \/>\n<meta property=\"og:availability\" content=\"instock\" \/>\n<meta property=\"product:availability\" content=\"instock\" \/>\n<meta property=\"product:retailer_item_id\" content=\"HDT 16\" \/>\n<meta property=\"product:condition\" content=\"new\" \/>\n<meta name=\"geo.placename\" content=\"Hurghada\" \/>\n<meta name=\"geo.region\" content=\"Egipt\" \/>\n<!-- \/ Yoast SEO Premium plugin. -->","yoast_head_json":{"title":"Excursie Mons Claudianus","description":"Exploreaz\u0103 carierele romane \u00eentr-o Excursie Mons Claudianus. Descoper\u0103 coloane de granit, ruine antice \u0219i istoria Egiptului \u00een de\u0219ert. Rezerv\u0103 turul t\u0103u!","robots":{"index":"index","follow":"follow","max-snippet":"max-snippet:-1","max-image-preview":"max-image-preview:large","max-video-preview":"max-video-preview:-1"},"canonical":"https:\/\/egytourpackages.com\/ro\/tours\/excursie-mons-claudianus\/","og_locale":"ro_RO","og_type":"article","og_title":"Excursie Mons Claudianus","og_description":"Exploreaz\u0103 carierele romane \u00eentr-o Excursie Mons Claudianus. Descoper\u0103 coloane de granit, ruine antice \u0219i istoria Egiptului \u00een de\u0219ert. Rezerv\u0103 turul t\u0103u!","og_url":"https:\/\/egytourpackages.com\/ro\/tours\/excursie-mons-claudianus\/","og_site_name":"Egypt Tour Packages","article_publisher":"https:\/\/www.facebook.com\/egytourpackages","article_modified_time":"2026-04-26T23:32:36+00:00","og_image":[{"url":"https:\/\/egytourpackages.com\/wp-content\/uploads\/2026\/03\/Mons-Claudianus-Tour-1024x768.jpg","type":"","width":"","height":""}],"twitter_card":"summary_large_image","twitter_title":"Excursie Mons Claudianus","twitter_misc":{"Pre\u021b":"&euro;150","Disponibilitate":"\u00cen stoc"},"schema":{"@context":"https:\/\/schema.org","@graph":[{"@type":"WebPage","@id":"https:\/\/egytourpackages.com\/ro\/tours\/excursie-mons-claudianus\/","url":"https:\/\/egytourpackages.com\/ro\/tours\/excursie-mons-claudianus\/","name":"Excursie Mons Claudianus","isPartOf":{"@id":"https:\/\/egytourpackages.com\/ro\/#website"},"primaryImageOfPage":{"@id":"https:\/\/egytourpackages.com\/ro\/tours\/excursie-mons-claudianus\/#primaryimage"},"image":{"@id":"https:\/\/egytourpackages.com\/ro\/tours\/excursie-mons-claudianus\/#primaryimage"},"thumbnailUrl":"https:\/\/egytourpackages.com\/wp-content\/uploads\/2026\/03\/Mons-Claudianus-Tour.jpg","datePublished":"2026-03-17T20:03:42+00:00","dateModified":"2026-04-26T23:32:36+00:00","description":"Exploreaz\u0103 carierele romane \u00eentr-o Excursie Mons Claudianus. Descoper\u0103 coloane de granit, ruine antice \u0219i istoria Egiptului \u00een de\u0219ert. Rezerv\u0103 turul t\u0103u!","breadcrumb":{"@id":"https:\/\/egytourpackages.com\/ro\/tours\/excursie-mons-claudianus\/#breadcrumb"},"inLanguage":"ro-RO","potentialAction":[{"@type":"ReadAction","target":["https:\/\/egytourpackages.com\/ro\/tours\/excursie-mons-claudianus\/"]}]},{"@type":"ImageObject","inLanguage":"ro-RO","@id":"https:\/\/egytourpackages.com\/ro\/tours\/excursie-mons-claudianus\/#primaryimage","url":"https:\/\/egytourpackages.com\/wp-content\/uploads\/2026\/03\/Mons-Claudianus-Tour.jpg","contentUrl":"https:\/\/egytourpackages.com\/wp-content\/uploads\/2026\/03\/Mons-Claudianus-Tour.jpg","width":1500,"height":1125,"caption":"Excursie Mons Claudianus"},{"@type":"BreadcrumbList","@id":"https:\/\/egytourpackages.com\/ro\/tours\/excursie-mons-claudianus\/#breadcrumb","itemListElement":[{"@type":"ListItem","position":1,"name":"Home","item":"https:\/\/egytourpackages.com\/ro\/"},{"@type":"ListItem","position":2,"name":"Shop","item":"https:\/\/egytourpackages.com\/shop\/"},{"@type":"ListItem","position":3,"name":"Excursie Mons Claudianus"}]},{"@type":"WebSite","@id":"https:\/\/egytourpackages.com\/ro\/#website","url":"https:\/\/egytourpackages.com\/ro\/","name":"Egy tour packages","description":"","publisher":{"@id":"https:\/\/egytourpackages.com\/ro\/#organization"},"potentialAction":[{"@type":"SearchAction","target":{"@type":"EntryPoint","urlTemplate":"https:\/\/egytourpackages.com\/ro\/?s={search_term_string}"},"query-input":{"@type":"PropertyValueSpecification","valueRequired":true,"valueName":"search_term_string"}}],"inLanguage":"ro-RO"},{"@type":["Organization","Place","TravelAgency"],"@id":"https:\/\/egytourpackages.com\/ro\/#organization","name":"egypt tour packages","alternateName":"egypt tour packages","url":"https:\/\/egytourpackages.com\/ro\/","logo":{"@id":"https:\/\/egytourpackages.com\/ro\/tours\/excursie-mons-claudianus\/#local-main-organization-logo"},"image":{"@id":"https:\/\/egytourpackages.com\/ro\/tours\/excursie-mons-claudianus\/#local-main-organization-logo"},"sameAs":["https:\/\/www.facebook.com\/egytourpackages"],"legalName":"Egy tour packages","address":{"@id":"https:\/\/egytourpackages.com\/ro\/tours\/excursie-mons-claudianus\/#local-main-place-address"},"telephone":["00201000852186","00201028685533"],"contactPoint":{"@type":"ContactPoint","telephone":"00201000852186"},"openingHoursSpecification":[{"@type":"OpeningHoursSpecification","dayOfWeek":["Monday","Tuesday","Wednesday","Thursday","Friday","Saturday","Sunday"],"opens":"00:00","closes":"23:59"}],"email":"info@egytourpackages.com","areaServed":"Cairo, Hurghada, Luxor, Sharm El Sheikh, Marsa Alam, Aswan","priceRange":"$","currenciesAccepted":"euro","paymentAccepted":"Payment links online"},{"@type":"PostalAddress","@id":"https:\/\/egytourpackages.com\/ro\/tours\/excursie-mons-claudianus\/#local-main-place-address","streetAddress":"Mubarak 8, Al Kawthar District, Hurghada","addressLocality":"Hurghada","postalCode":"84511","addressRegion":"Red Sea","addressCountry":"EG"},{"@type":"ImageObject","inLanguage":"ro-RO","@id":"https:\/\/egytourpackages.com\/ro\/tours\/excursie-mons-claudianus\/#local-main-organization-logo","url":"https:\/\/egytourpackages.com\/wp-content\/uploads\/2025\/12\/Turquoise-Dahabiya-Nile-Cruise-1.jpeg","contentUrl":"https:\/\/egytourpackages.com\/wp-content\/uploads\/2025\/12\/Turquoise-Dahabiya-Nile-Cruise-1.jpeg","width":1040,"height":694,"caption":"egypt tour packages"}]},"product_brand":"Excursii de o zi din Safaga","product_price_amount":"150","product_price_currency":"EUR","og_availability":"instock","product_availability":"instock","product_retailer_item_id":"HDT 16","product_condition":"new","geo.placename":"Hurghada","geo.region":"Egipt"},"_links":{"self":[{"href":"https:\/\/egytourpackages.com\/ro\/wp-json\/wp\/v2\/product\/16438","targetHints":{"allow":["GET"]}}],"collection":[{"href":"https:\/\/egytourpackages.com\/ro\/wp-json\/wp\/v2\/product"}],"about":[{"href":"https:\/\/egytourpackages.com\/ro\/wp-json\/wp\/v2\/types\/product"}],"replies":[{"embeddable":true,"href":"https:\/\/egytourpackages.com\/ro\/wp-json\/wp\/v2\/comments?post=16438"}],"wp:featuredmedia":[{"embeddable":true,"href":"https:\/\/egytourpackages.com\/ro\/wp-json\/wp\/v2\/media\/15895"}],"wp:attachment":[{"href":"https:\/\/egytourpackages.com\/ro\/wp-json\/wp\/v2\/media?parent=16438"}],"wp:term":[{"taxonomy":"product_brand","embeddable":true,"href":"https:\/\/egytourpackages.com\/ro\/wp-json\/wp\/v2\/product_brand?post=16438"},{"taxonomy":"product_cat","embeddable":true,"href":"https:\/\/egytourpackages.com\/ro\/wp-json\/wp\/v2\/product_cat?post=16438"},{"taxonomy":"product_tag","embeddable":true,"href":"https:\/\/egytourpackages.com\/ro\/wp-json\/wp\/v2\/product_tag?post=16438"}],"curies":[{"name":"wp","href":"https:\/\/api.w.org\/{rel}","templated":true}]}}