{"id":16462,"date":"2026-04-13T21:19:24","date_gmt":"2026-04-13T21:19:24","guid":{"rendered":"https:\/\/egytourpackages.com\/product\/manastirea-sfantul-simeon-cu-plimbare-cu-feluca\/"},"modified":"2026-04-26T23:26:57","modified_gmt":"2026-04-26T23:26:57","slug":"manastirea-sfantul-simeon-cu-plimbare-cu-feluca","status":"publish","type":"product","link":"https:\/\/egytourpackages.com\/ro\/tours\/manastirea-sfantul-simeon-cu-plimbare-cu-feluca\/","title":{"rendered":"M\u0103n\u0103stirea Sf\u00e2ntul Simeon cu plimbare cu Feluca"},"content":{"rendered":"<p><span style=\"color: #ff6600;\"><strong>M\u0103n\u0103stirea Sf\u00e2ntul Simeon cu plimbare cu Feluca \u0219i \u00eenot \u00een Nil<\/strong><\/span><\/p>\n<p><strong>M\u0103n\u0103stirea Sf\u00e2ntul Simeon cu plimbare cu Feluca<\/strong> \u00eencepe cu <strong>preluarea de la hotelul dumneavoastr\u0103 din Assuan<\/strong> sau de la <strong>vasul de croazier\u0103 pe Nil<\/strong> p\u00e2n\u0103 la debarcader.<\/p>\n<p>Ve\u021bi naviga de pe malul de est al Nilului c\u0103tre <strong>malul de vest<\/strong>. \u00cen caz contrar, pute\u021bi merge la debarcader de unde pot fi organizate <strong>c\u0103mile<\/strong> c\u0103tre M\u0103n\u0103stirea Sf\u00e2ntul Simeon.<\/p>\n<p>Vom avea o <strong>plimbare cu Feluca<\/strong> de 15 minute p\u00e2n\u0103 la debarcader. Apoi vom \u00eencepe <strong>aventura pe c\u0103mil\u0103<\/strong> c\u0103tre <strong>M\u0103n\u0103stirea Sf\u00e2ntul Simeon<\/strong> \u00eentr-o lini\u0219te suprem\u0103 \u0219i \u00een mijlocul unui <strong>peisaj de\u0219ertic<\/strong> superb.<\/p>\n<p>Turul dureaz\u0103 aproximativ 30 de minute pentru a ajunge la m\u0103n\u0103stire. Dup\u0103 aceea, ghidul v\u0103 va ar\u0103ta cum M\u0103n\u0103stirea Sf\u00e2ntul Simeon este una dintre cele mai mari <strong>m\u0103n\u0103stiri copte<\/strong> din Egipt.<\/p>\n<p>Aceasta dateaz\u0103 din secolul al VI-lea sau al VII-lea \u0219i este situat\u0103 vizavi de v\u00e2rful sudic al <strong>Insulei Elephantine<\/strong>.<\/p>\n<p>Ve\u021bi vedea \u00eempreun\u0103 cu ghidul c\u0103 majoritatea cl\u0103dirilor principale sunt \u00eenc\u0103 \u00eentr-o <strong>stare bun\u0103 de conservare<\/strong>.<\/p>\n<p>Acestea includ turnurile, <strong>biserica cu cupol\u0103<\/strong> \u0219i c\u00e2teva scene copte, cum ar fi frescele de l\u00e2ng\u0103 principalele zone func\u021bionale de la al doilea nivel.<\/p>\n<p>De exemplu, ve\u021bi vedea locul de g\u0103tit, locul de luat masa, sp\u0103l\u0103toria \u0219i dormitorul.<\/p>\n<p>Dup\u0103 ce termina\u021bi vizita la M\u0103n\u0103stirea Sf\u00e2ntul Simeon, v\u0103 ve\u021bi bucura de o <strong>plimbare cu c\u0103mila<\/strong> \u00eenapoi la feluc\u0103, care va naviga c\u0103tre un loc minunat unde pute\u021bi <strong>\u00eenota \u00een Nil<\/strong>.<\/p>\n<p>Apoi, <strong>Feluca pe Nil<\/strong> va naviga \u00eenapoi spre cel mai apropiat loc de vasul de croazier\u0103, sau v\u0103 ve\u021bi \u00eentoarce la hotel dac\u0103 sta\u021bi la un hotel.<\/p>\n<h3><span style=\"color: #ff6600;\">Detaliile turului<\/span><\/h3>\n<ul>\n<li>Durat\u0103: 1\/2 zi<\/li>\n<li>Loca\u021bia turului: Malul de Vest, Assuan<\/li>\n<li>Disponibilitatea turului: \u00cen fiecare zi<\/li>\n<li>Preluare \u0219i Predare: Hotelul dumneavoastr\u0103 din Assuan \/ Croazier\u0103 pe Nil<\/li>\n<li>Tipul turului: Privat<\/li>\n<li>Limb\u0103: Rom\u00e2n\u0103<\/li>\n<li>Scaun cu rotile: Accesibil<\/li>\n<\/ul>\n<h3><span style=\"color: #ff6600;\">Puncte forte ale turului<\/span><\/h3>\n<ul>\n<li>M\u0103n\u0103stirea Sf\u00e2ntul Simeon<\/li>\n<li>Plimbare cu Feluca<\/li>\n<li>\u00cenot \u00een Nil<\/li>\n<\/ul>\n<h3><span style=\"color: #ff6600;\">Incluziuni<\/span><\/h3>\n<ul>\n<li>Toate transferurile cu un vehicul modern cu aer condi\u021bionat.<\/li>\n<li>Ghid expert.<\/li>\n<li>Taxa de intrare pentru toate obiectivele men\u021bionate mai sus.<\/li>\n<li>Toate serviciile \u0219i taxele incluse.<\/li>\n<li>Plimbare cu c\u0103mila.<\/li>\n<\/ul>\n<h3><span style=\"color: #ff6600;\">Excluderi<\/span><\/h3>\n<ul>\n<li>Orice cheltuieli personale \u0219i activit\u0103\u021bi op\u021bionale.<\/li>\n<li>Bac\u0219i\u0219uri.<\/li>\n<li>Orice articol care nu este men\u021bionat mai sus.<\/li>\n<\/ul>\n<h3><span style=\"color: #ff6600;\">Ce s\u0103 lua\u021bi cu dumneavoastr\u0103?<\/span><\/h3>\n<ul>\n<li>Ochelari de soare\/P\u0103l\u0103rie\/Crem\u0103 solar\u0103.<\/li>\n<li>Ap\u0103.<\/li>\n<li>Aparat foto sau camer\u0103 video.<\/li>\n<li>E\u0219arf\u0103.<\/li>\n<li>Pantofi \u0219i haine confortabile.<\/li>\n<\/ul>\n<h3><span style=\"color: #ff6600;\">Pre\u021b M\u0103n\u0103stirea Sf\u00e2ntul Simeon cu plimbare cu Feluca<\/span><\/h3>\n<ul>\n<li>Pre\u021b Adult = 60 \u20ac<\/li>\n<li>Copii 0-5 ani = gratuit<\/li>\n<li>Copii 5-11 ani = 50% din pre\u021bul pentru adul\u021bi<\/li>\n<\/ul>\n<h3><span style=\"color: #ff6600;\">Rezervare<\/span><\/h3>\n<p>Pute\u021bi rezerva turul prin WhatsApp sau ne pute\u021bi trimite un e-mail \u0219i ve\u021bi primi confirmarea pe loc.<\/p>\n<p>V\u0103 rug\u0103m s\u0103 ne trimite\u021bi numele hotelului, num\u0103rul camerei \u0219i copii dup\u0103 pa\u0219aport.<\/p>\n<p>WhatsApp: +20 1000852186<\/p>\n<p>info@egytourpackages.com<\/p>\n<h3><span style=\"color: #ff6600;\">Rezerv\u0103 acum \u0219i pl\u0103te\u0219te la fa\u021ba locului <\/span><\/h3>\n<p>Rezerv\u0103 turul preferat \u0219i pl\u0103te\u0219te \u00een ziua c\u0103l\u0103toriei.<\/p>\n<h3><span style=\"color: #ff6600;\">Plat\u0103 <\/span><\/h3>\n<p>Pute\u021bi pl\u0103ti \u00een lire egiptene, $, \u20ac sau \u00a3.<\/p>\n<h3><span style=\"color: #ff6600;\">Politica de anulare<\/span><\/h3>\n<ul>\n<li>Anularea este gratuit\u0103 cu p\u00e2n\u0103 la 24 de ore \u00eenainte.<\/li>\n<li>Anularea \u00een diminea\u021ba respectiv\u0103 este de 50% din pre\u021b.<\/li>\n<\/ul>\n","protected":false},"excerpt":{"rendered":"<p>Viziteaz\u0103 M\u0103n\u0103stirea Sf\u00e2ntul Simeon cu plimbare cu Feluca. Exploreaz\u0103 istoria din Assuan, navigheaz\u0103 pe Nil \u0219i bucur\u0103-te de o baie relaxant\u0103. Rezerv\u0103 acum!<\/p>\n","protected":false},"featured_media":16079,"comment_status":"closed","ping_status":"closed","template":"","meta":[],"product_brand":[],"product_cat":[3120],"product_tag":[4569,3203],"class_list":{"0":"post-16462","1":"product","2":"type-product","3":"status-publish","4":"has-post-thumbnail","6":"product_cat-tururi","7":"product_tag-excursii-de-o-zi-din-assuan","8":"product_tag-excursii-de-o-zi-in-egipt","9":"tour_category-excursii-aswan-ro","10":"tour_category-excursii-de-o-zi-in-egipt-ro","12":"first","13":"instock","14":"sale","15":"shipping-taxable","16":"purchasable","17":"product-type-tour","18":"has-default-attributes"},"yoast_head":"<!-- This site is optimized with the Yoast SEO Premium plugin v27.5 (Yoast SEO v27.5) - https:\/\/yoast.com\/product\/yoast-seo-premium-wordpress\/ -->\n<title>M\u0103n\u0103stirea Sf\u00e2ntul Simeon cu plimbare cu Feluca<\/title>\n<meta name=\"description\" content=\"Viziteaz\u0103 M\u0103n\u0103stirea Sf\u00e2ntul Simeon cu plimbare cu Feluca. Exploreaz\u0103 istoria din Assuan, navigheaz\u0103 pe Nil \u0219i bucur\u0103-te de o baie relaxant\u0103. Rezerv\u0103 acum!\" \/>\n<meta name=\"robots\" content=\"index, follow, max-snippet:-1, max-image-preview:large, max-video-preview:-1\" \/>\n<link rel=\"canonical\" href=\"https:\/\/egytourpackages.com\/ro\/tours\/manastirea-sfantul-simeon-cu-plimbare-cu-feluca\/\" \/>\n<meta property=\"og:locale\" content=\"ro_RO\" \/>\n<meta property=\"og:type\" content=\"article\" \/>\n<meta property=\"og:title\" content=\"M\u0103n\u0103stirea Sf\u00e2ntul Simeon cu plimbare cu Feluca\" \/>\n<meta property=\"og:description\" content=\"Viziteaz\u0103 M\u0103n\u0103stirea Sf\u00e2ntul Simeon cu plimbare cu Feluca. Exploreaz\u0103 istoria din Assuan, navigheaz\u0103 pe Nil \u0219i bucur\u0103-te de o baie relaxant\u0103. Rezerv\u0103 acum!\" \/>\n<meta property=\"og:url\" content=\"https:\/\/egytourpackages.com\/ro\/tours\/manastirea-sfantul-simeon-cu-plimbare-cu-feluca\/\" \/>\n<meta property=\"og:site_name\" content=\"Egypt Tour Packages\" \/>\n<meta property=\"article:publisher\" content=\"https:\/\/www.facebook.com\/egytourpackages\" \/>\n<meta property=\"article:modified_time\" content=\"2026-04-26T23:26:57+00:00\" \/>\n<meta property=\"og:image\" content=\"https:\/\/egytourpackages.com\/wp-content\/uploads\/2026\/04\/Monastery-of-St-Simeon.jpg\" \/>\n\t<meta property=\"og:image:width\" content=\"1150\" \/>\n\t<meta property=\"og:image:height\" content=\"603\" \/>\n\t<meta property=\"og:image:type\" content=\"image\/jpeg\" \/>\n<meta name=\"twitter:card\" content=\"summary_large_image\" \/>\n<meta name=\"twitter:title\" content=\"M\u0103n\u0103stirea Sf\u00e2ntul Simeon cu plimbare cu Feluca\" \/>\n<meta name=\"twitter:label1\" content=\"Pre\u021b\" \/>\n\t<meta name=\"twitter:data1\" content=\"&euro;0\" \/>\n\t<meta name=\"twitter:label2\" content=\"Disponibilitate\" \/>\n\t<meta name=\"twitter:data2\" content=\"\u00cen stoc\" \/>\n<script type=\"application\/ld+json\" class=\"yoast-schema-graph\">{\"@context\":\"https:\\\/\\\/schema.org\",\"@graph\":[{\"@type\":\"WebPage\",\"@id\":\"https:\\\/\\\/egytourpackages.com\\\/ro\\\/tours\\\/manastirea-sfantul-simeon-cu-plimbare-cu-feluca\\\/\",\"url\":\"https:\\\/\\\/egytourpackages.com\\\/ro\\\/tours\\\/manastirea-sfantul-simeon-cu-plimbare-cu-feluca\\\/\",\"name\":\"M\u0103n\u0103stirea Sf\u00e2ntul Simeon cu plimbare cu Feluca\",\"isPartOf\":{\"@id\":\"https:\\\/\\\/egytourpackages.com\\\/ro\\\/#website\"},\"primaryImageOfPage\":{\"@id\":\"https:\\\/\\\/egytourpackages.com\\\/ro\\\/tours\\\/manastirea-sfantul-simeon-cu-plimbare-cu-feluca\\\/#primaryimage\"},\"image\":{\"@id\":\"https:\\\/\\\/egytourpackages.com\\\/ro\\\/tours\\\/manastirea-sfantul-simeon-cu-plimbare-cu-feluca\\\/#primaryimage\"},\"thumbnailUrl\":\"https:\\\/\\\/egytourpackages.com\\\/wp-content\\\/uploads\\\/2026\\\/04\\\/Monastery-of-St-Simeon.jpg\",\"datePublished\":\"2026-04-13T21:19:24+00:00\",\"dateModified\":\"2026-04-26T23:26:57+00:00\",\"description\":\"Viziteaz\u0103 M\u0103n\u0103stirea Sf\u00e2ntul Simeon cu plimbare cu Feluca. Exploreaz\u0103 istoria din Assuan, navigheaz\u0103 pe Nil \u0219i bucur\u0103-te de o baie relaxant\u0103. Rezerv\u0103 acum!\",\"breadcrumb\":{\"@id\":\"https:\\\/\\\/egytourpackages.com\\\/ro\\\/tours\\\/manastirea-sfantul-simeon-cu-plimbare-cu-feluca\\\/#breadcrumb\"},\"inLanguage\":\"ro-RO\",\"potentialAction\":[{\"@type\":\"ReadAction\",\"target\":[\"https:\\\/\\\/egytourpackages.com\\\/ro\\\/tours\\\/manastirea-sfantul-simeon-cu-plimbare-cu-feluca\\\/\"]}]},{\"@type\":\"ImageObject\",\"inLanguage\":\"ro-RO\",\"@id\":\"https:\\\/\\\/egytourpackages.com\\\/ro\\\/tours\\\/manastirea-sfantul-simeon-cu-plimbare-cu-feluca\\\/#primaryimage\",\"url\":\"https:\\\/\\\/egytourpackages.com\\\/wp-content\\\/uploads\\\/2026\\\/04\\\/Monastery-of-St-Simeon.jpg\",\"contentUrl\":\"https:\\\/\\\/egytourpackages.com\\\/wp-content\\\/uploads\\\/2026\\\/04\\\/Monastery-of-St-Simeon.jpg\",\"width\":1150,\"height\":603,\"caption\":\"M\u0103n\u0103stirea Sf\u00e2ntul Simeon cu plimbare cu Feluca\"},{\"@type\":\"BreadcrumbList\",\"@id\":\"https:\\\/\\\/egytourpackages.com\\\/ro\\\/tours\\\/manastirea-sfantul-simeon-cu-plimbare-cu-feluca\\\/#breadcrumb\",\"itemListElement\":[{\"@type\":\"ListItem\",\"position\":1,\"name\":\"Home\",\"item\":\"https:\\\/\\\/egytourpackages.com\\\/ro\\\/\"},{\"@type\":\"ListItem\",\"position\":2,\"name\":\"Shop\",\"item\":\"https:\\\/\\\/egytourpackages.com\\\/shop\\\/\"},{\"@type\":\"ListItem\",\"position\":3,\"name\":\"M\u0103n\u0103stirea Sf\u00e2ntul Simeon cu plimbare cu Feluca\"}]},{\"@type\":\"WebSite\",\"@id\":\"https:\\\/\\\/egytourpackages.com\\\/ro\\\/#website\",\"url\":\"https:\\\/\\\/egytourpackages.com\\\/ro\\\/\",\"name\":\"Egy tour packages\",\"description\":\"\",\"publisher\":{\"@id\":\"https:\\\/\\\/egytourpackages.com\\\/ro\\\/#organization\"},\"potentialAction\":[{\"@type\":\"SearchAction\",\"target\":{\"@type\":\"EntryPoint\",\"urlTemplate\":\"https:\\\/\\\/egytourpackages.com\\\/ro\\\/?s={search_term_string}\"},\"query-input\":{\"@type\":\"PropertyValueSpecification\",\"valueRequired\":true,\"valueName\":\"search_term_string\"}}],\"inLanguage\":\"ro-RO\"},{\"@type\":[\"Organization\",\"Place\",\"TravelAgency\"],\"@id\":\"https:\\\/\\\/egytourpackages.com\\\/ro\\\/#organization\",\"name\":\"egypt tour packages\",\"alternateName\":\"egypt tour packages\",\"url\":\"https:\\\/\\\/egytourpackages.com\\\/ro\\\/\",\"logo\":{\"@id\":\"https:\\\/\\\/egytourpackages.com\\\/ro\\\/tours\\\/manastirea-sfantul-simeon-cu-plimbare-cu-feluca\\\/#local-main-organization-logo\"},\"image\":{\"@id\":\"https:\\\/\\\/egytourpackages.com\\\/ro\\\/tours\\\/manastirea-sfantul-simeon-cu-plimbare-cu-feluca\\\/#local-main-organization-logo\"},\"sameAs\":[\"https:\\\/\\\/www.facebook.com\\\/egytourpackages\"],\"legalName\":\"Egy tour packages\",\"address\":{\"@id\":\"https:\\\/\\\/egytourpackages.com\\\/ro\\\/tours\\\/manastirea-sfantul-simeon-cu-plimbare-cu-feluca\\\/#local-main-place-address\"},\"telephone\":[\"00201000852186\",\"00201028685533\"],\"contactPoint\":{\"@type\":\"ContactPoint\",\"telephone\":\"00201000852186\"},\"openingHoursSpecification\":[{\"@type\":\"OpeningHoursSpecification\",\"dayOfWeek\":[\"Monday\",\"Tuesday\",\"Wednesday\",\"Thursday\",\"Friday\",\"Saturday\",\"Sunday\"],\"opens\":\"00:00\",\"closes\":\"23:59\"}],\"email\":\"info@egytourpackages.com\",\"areaServed\":\"Cairo, Hurghada, Luxor, Sharm El Sheikh, Marsa Alam, Aswan\",\"priceRange\":\"$\",\"currenciesAccepted\":\"euro\",\"paymentAccepted\":\"Payment links online\"},{\"@type\":\"PostalAddress\",\"@id\":\"https:\\\/\\\/egytourpackages.com\\\/ro\\\/tours\\\/manastirea-sfantul-simeon-cu-plimbare-cu-feluca\\\/#local-main-place-address\",\"streetAddress\":\"Mubarak 8, Al Kawthar District, Hurghada\",\"addressLocality\":\"Hurghada\",\"postalCode\":\"84511\",\"addressRegion\":\"Red Sea\",\"addressCountry\":\"EG\"},{\"@type\":\"ImageObject\",\"inLanguage\":\"ro-RO\",\"@id\":\"https:\\\/\\\/egytourpackages.com\\\/ro\\\/tours\\\/manastirea-sfantul-simeon-cu-plimbare-cu-feluca\\\/#local-main-organization-logo\",\"url\":\"https:\\\/\\\/egytourpackages.com\\\/wp-content\\\/uploads\\\/2025\\\/12\\\/Turquoise-Dahabiya-Nile-Cruise-1.jpeg\",\"contentUrl\":\"https:\\\/\\\/egytourpackages.com\\\/wp-content\\\/uploads\\\/2025\\\/12\\\/Turquoise-Dahabiya-Nile-Cruise-1.jpeg\",\"width\":1040,\"height\":694,\"caption\":\"egypt tour packages\"}]}<\/script>\n<meta property=\"product:brand\" content=\"Excursii Aswan\" \/>\n<meta property=\"product:price:amount\" content=\"0\" \/>\n<meta property=\"product:price:currency\" content=\"EUR\" \/>\n<meta property=\"og:availability\" content=\"instock\" \/>\n<meta property=\"product:availability\" content=\"instock\" \/>\n<meta property=\"product:retailer_item_id\" content=\"DTFA 01\" \/>\n<meta property=\"product:condition\" content=\"new\" \/>\n<meta name=\"geo.placename\" content=\"Hurghada\" \/>\n<meta name=\"geo.region\" content=\"Egipt\" \/>\n<!-- \/ Yoast SEO Premium plugin. -->","yoast_head_json":{"title":"M\u0103n\u0103stirea Sf\u00e2ntul Simeon cu plimbare cu Feluca","description":"Viziteaz\u0103 M\u0103n\u0103stirea Sf\u00e2ntul Simeon cu plimbare cu Feluca. Exploreaz\u0103 istoria din Assuan, navigheaz\u0103 pe Nil \u0219i bucur\u0103-te de o baie relaxant\u0103. Rezerv\u0103 acum!","robots":{"index":"index","follow":"follow","max-snippet":"max-snippet:-1","max-image-preview":"max-image-preview:large","max-video-preview":"max-video-preview:-1"},"canonical":"https:\/\/egytourpackages.com\/ro\/tours\/manastirea-sfantul-simeon-cu-plimbare-cu-feluca\/","og_locale":"ro_RO","og_type":"article","og_title":"M\u0103n\u0103stirea Sf\u00e2ntul Simeon cu plimbare cu Feluca","og_description":"Viziteaz\u0103 M\u0103n\u0103stirea Sf\u00e2ntul Simeon cu plimbare cu Feluca. Exploreaz\u0103 istoria din Assuan, navigheaz\u0103 pe Nil \u0219i bucur\u0103-te de o baie relaxant\u0103. Rezerv\u0103 acum!","og_url":"https:\/\/egytourpackages.com\/ro\/tours\/manastirea-sfantul-simeon-cu-plimbare-cu-feluca\/","og_site_name":"Egypt Tour Packages","article_publisher":"https:\/\/www.facebook.com\/egytourpackages","article_modified_time":"2026-04-26T23:26:57+00:00","og_image":[{"width":1150,"height":603,"url":"https:\/\/egytourpackages.com\/wp-content\/uploads\/2026\/04\/Monastery-of-St-Simeon.jpg","type":"image\/jpeg"}],"twitter_card":"summary_large_image","twitter_title":"M\u0103n\u0103stirea Sf\u00e2ntul Simeon cu plimbare cu Feluca","twitter_misc":{"Pre\u021b":"&euro;0","Disponibilitate":"\u00cen stoc"},"schema":{"@context":"https:\/\/schema.org","@graph":[{"@type":"WebPage","@id":"https:\/\/egytourpackages.com\/ro\/tours\/manastirea-sfantul-simeon-cu-plimbare-cu-feluca\/","url":"https:\/\/egytourpackages.com\/ro\/tours\/manastirea-sfantul-simeon-cu-plimbare-cu-feluca\/","name":"M\u0103n\u0103stirea Sf\u00e2ntul Simeon cu plimbare cu Feluca","isPartOf":{"@id":"https:\/\/egytourpackages.com\/ro\/#website"},"primaryImageOfPage":{"@id":"https:\/\/egytourpackages.com\/ro\/tours\/manastirea-sfantul-simeon-cu-plimbare-cu-feluca\/#primaryimage"},"image":{"@id":"https:\/\/egytourpackages.com\/ro\/tours\/manastirea-sfantul-simeon-cu-plimbare-cu-feluca\/#primaryimage"},"thumbnailUrl":"https:\/\/egytourpackages.com\/wp-content\/uploads\/2026\/04\/Monastery-of-St-Simeon.jpg","datePublished":"2026-04-13T21:19:24+00:00","dateModified":"2026-04-26T23:26:57+00:00","description":"Viziteaz\u0103 M\u0103n\u0103stirea Sf\u00e2ntul Simeon cu plimbare cu Feluca. Exploreaz\u0103 istoria din Assuan, navigheaz\u0103 pe Nil \u0219i bucur\u0103-te de o baie relaxant\u0103. Rezerv\u0103 acum!","breadcrumb":{"@id":"https:\/\/egytourpackages.com\/ro\/tours\/manastirea-sfantul-simeon-cu-plimbare-cu-feluca\/#breadcrumb"},"inLanguage":"ro-RO","potentialAction":[{"@type":"ReadAction","target":["https:\/\/egytourpackages.com\/ro\/tours\/manastirea-sfantul-simeon-cu-plimbare-cu-feluca\/"]}]},{"@type":"ImageObject","inLanguage":"ro-RO","@id":"https:\/\/egytourpackages.com\/ro\/tours\/manastirea-sfantul-simeon-cu-plimbare-cu-feluca\/#primaryimage","url":"https:\/\/egytourpackages.com\/wp-content\/uploads\/2026\/04\/Monastery-of-St-Simeon.jpg","contentUrl":"https:\/\/egytourpackages.com\/wp-content\/uploads\/2026\/04\/Monastery-of-St-Simeon.jpg","width":1150,"height":603,"caption":"M\u0103n\u0103stirea Sf\u00e2ntul Simeon cu plimbare cu Feluca"},{"@type":"BreadcrumbList","@id":"https:\/\/egytourpackages.com\/ro\/tours\/manastirea-sfantul-simeon-cu-plimbare-cu-feluca\/#breadcrumb","itemListElement":[{"@type":"ListItem","position":1,"name":"Home","item":"https:\/\/egytourpackages.com\/ro\/"},{"@type":"ListItem","position":2,"name":"Shop","item":"https:\/\/egytourpackages.com\/shop\/"},{"@type":"ListItem","position":3,"name":"M\u0103n\u0103stirea Sf\u00e2ntul Simeon cu plimbare cu Feluca"}]},{"@type":"WebSite","@id":"https:\/\/egytourpackages.com\/ro\/#website","url":"https:\/\/egytourpackages.com\/ro\/","name":"Egy tour packages","description":"","publisher":{"@id":"https:\/\/egytourpackages.com\/ro\/#organization"},"potentialAction":[{"@type":"SearchAction","target":{"@type":"EntryPoint","urlTemplate":"https:\/\/egytourpackages.com\/ro\/?s={search_term_string}"},"query-input":{"@type":"PropertyValueSpecification","valueRequired":true,"valueName":"search_term_string"}}],"inLanguage":"ro-RO"},{"@type":["Organization","Place","TravelAgency"],"@id":"https:\/\/egytourpackages.com\/ro\/#organization","name":"egypt tour packages","alternateName":"egypt tour packages","url":"https:\/\/egytourpackages.com\/ro\/","logo":{"@id":"https:\/\/egytourpackages.com\/ro\/tours\/manastirea-sfantul-simeon-cu-plimbare-cu-feluca\/#local-main-organization-logo"},"image":{"@id":"https:\/\/egytourpackages.com\/ro\/tours\/manastirea-sfantul-simeon-cu-plimbare-cu-feluca\/#local-main-organization-logo"},"sameAs":["https:\/\/www.facebook.com\/egytourpackages"],"legalName":"Egy tour packages","address":{"@id":"https:\/\/egytourpackages.com\/ro\/tours\/manastirea-sfantul-simeon-cu-plimbare-cu-feluca\/#local-main-place-address"},"telephone":["00201000852186","00201028685533"],"contactPoint":{"@type":"ContactPoint","telephone":"00201000852186"},"openingHoursSpecification":[{"@type":"OpeningHoursSpecification","dayOfWeek":["Monday","Tuesday","Wednesday","Thursday","Friday","Saturday","Sunday"],"opens":"00:00","closes":"23:59"}],"email":"info@egytourpackages.com","areaServed":"Cairo, Hurghada, Luxor, Sharm El Sheikh, Marsa Alam, Aswan","priceRange":"$","currenciesAccepted":"euro","paymentAccepted":"Payment links online"},{"@type":"PostalAddress","@id":"https:\/\/egytourpackages.com\/ro\/tours\/manastirea-sfantul-simeon-cu-plimbare-cu-feluca\/#local-main-place-address","streetAddress":"Mubarak 8, Al Kawthar District, Hurghada","addressLocality":"Hurghada","postalCode":"84511","addressRegion":"Red Sea","addressCountry":"EG"},{"@type":"ImageObject","inLanguage":"ro-RO","@id":"https:\/\/egytourpackages.com\/ro\/tours\/manastirea-sfantul-simeon-cu-plimbare-cu-feluca\/#local-main-organization-logo","url":"https:\/\/egytourpackages.com\/wp-content\/uploads\/2025\/12\/Turquoise-Dahabiya-Nile-Cruise-1.jpeg","contentUrl":"https:\/\/egytourpackages.com\/wp-content\/uploads\/2025\/12\/Turquoise-Dahabiya-Nile-Cruise-1.jpeg","width":1040,"height":694,"caption":"egypt tour packages"}]},"product_brand":"Excursii Aswan","product_price_currency":"EUR","og_availability":"instock","product_availability":"instock","product_retailer_item_id":"DTFA 01","product_condition":"new","geo.placename":"Hurghada","geo.region":"Egipt"},"_links":{"self":[{"href":"https:\/\/egytourpackages.com\/ro\/wp-json\/wp\/v2\/product\/16462","targetHints":{"allow":["GET"]}}],"collection":[{"href":"https:\/\/egytourpackages.com\/ro\/wp-json\/wp\/v2\/product"}],"about":[{"href":"https:\/\/egytourpackages.com\/ro\/wp-json\/wp\/v2\/types\/product"}],"replies":[{"embeddable":true,"href":"https:\/\/egytourpackages.com\/ro\/wp-json\/wp\/v2\/comments?post=16462"}],"wp:featuredmedia":[{"embeddable":true,"href":"https:\/\/egytourpackages.com\/ro\/wp-json\/wp\/v2\/media\/16079"}],"wp:attachment":[{"href":"https:\/\/egytourpackages.com\/ro\/wp-json\/wp\/v2\/media?parent=16462"}],"wp:term":[{"taxonomy":"product_brand","embeddable":true,"href":"https:\/\/egytourpackages.com\/ro\/wp-json\/wp\/v2\/product_brand?post=16462"},{"taxonomy":"product_cat","embeddable":true,"href":"https:\/\/egytourpackages.com\/ro\/wp-json\/wp\/v2\/product_cat?post=16462"},{"taxonomy":"product_tag","embeddable":true,"href":"https:\/\/egytourpackages.com\/ro\/wp-json\/wp\/v2\/product_tag?post=16462"}],"curies":[{"name":"wp","href":"https:\/\/api.w.org\/{rel}","templated":true}]}}