{"id":6117,"date":"2025-08-11T21:12:56","date_gmt":"2025-08-11T21:12:56","guid":{"rendered":"https:\/\/egytourpackages.com\/product\/excursie-de-o-zi-la-manastirea-sfanta-ecaterina-din-sharm-el-sheikh\/"},"modified":"2026-01-03T22:12:36","modified_gmt":"2026-01-03T22:12:36","slug":"excursie-de-o-zi-la-manastirea-sfanta-ecaterina-din-sharm-el-sheikh","status":"publish","type":"product","link":"https:\/\/egytourpackages.com\/ro\/tours\/excursie-de-o-zi-la-manastirea-sfanta-ecaterina-din-sharm-el-sheikh\/","title":{"rendered":"Excursie de o zi la M\u0103n\u0103stirea Sf\u00e2nta Ecaterina din Sharm El Sheikh"},"content":{"rendered":"<p><span style=\"color: #ff6600;\"><strong>Excursie de o zi la M\u0103n\u0103stirea Sf\u00e2nta Ecaterina din Sharm El Sheikh<\/strong><\/span><\/p>\n<p>Pentru c\u0103l\u0103torii care caut\u0103 o experien\u021b\u0103 spiritual\u0103 \u0219i istoric\u0103 profund\u0103, <strong>excursia de o zi la M\u0103n\u0103stirea Sf\u00e2nta Ecaterina din Sharm El Sheikh<\/strong> este un tur extrem de profesional \u0219i specializat. C\u0103l\u0103toria ofer\u0103 o oportunitate unic\u0103 de a explora una dintre cele mai vechi m\u0103n\u0103stiri cre\u0219tine locuite continuu din lume, un <strong>sit al Patrimoniului Mondial UNESCO<\/strong> situat la poalele <strong>Muntelui Sinai<\/strong>. Ca <strong>m\u0103n\u0103stire greac\u0103 ortodox\u0103<\/strong>, este cea mai veche m\u0103n\u0103stire cre\u0219tin\u0103 din lume. Ghidul dumneavoastr\u0103 v\u0103 va oferi informa\u021bii despre istoria sa profund\u0103, semnifica\u021bia sa \u00een cre\u0219tinism \u0219i islam \u0219i colec\u021bia sa nepre\u021buit\u0103 de artefacte religioase.<\/p>\n<p>De fapt, acest <strong>tur de o zi din Sharm El Sheikh<\/strong> se desf\u0103\u0219oar\u0103 de obicei \u00een vehicule moderne, cu aer condi\u021bionat, asigur\u00e2nd un transfer confortabil \u0219i direct c\u0103tre \u0219i de la m\u0103n\u0103stire. Itinerariul este structurat cu aten\u021bie pentru a oferi o explorare cuprinz\u0103toare a acestui reper antic. Acesta include adesea o urcare op\u021bional\u0103, dar foarte recomandat\u0103, pe <strong>Muntele Sinai<\/strong> pe parcursul nop\u021bii pentru a fi martori la r\u0103s\u0103ritul soarelui uluitor de pe v\u00e2rf, o experien\u021b\u0103 cu adev\u0103rat memorabil\u0103 \u0219i biblic\u0103. Pentru cei care prefer\u0103 un ritm mai relaxat, excursia de o zi se concentreaz\u0103 pe m\u0103n\u0103stire \u00een sine, oferind timp suficient pentru a explora comorile sale istorice.<\/p>\n<p>Ghidat de un expert, <strong>ghid turistic vorbitor de limba rom\u00e2n\u0103<\/strong>, vizitatorii se ad\u00e2ncesc \u00een istoria bogat\u0103 a <strong>M\u0103n\u0103stirii Sf\u00e2nta Ecaterina<\/strong>. Punctele cheie de atrac\u021bie includ vizitarea <strong>Capelei Rugului Aprins<\/strong>, faimoasa <strong>Biseric\u0103 a Schimb\u0103rii la Fa\u021b\u0103<\/strong> \u0219i colec\u021bia inestimabil\u0103 de manuscrise antice \u0219i icoane religioase. Acest itinerar axat permite o conexiune mai profund\u0103 cu semnifica\u021bia religioas\u0103 \u0219i cultural\u0103 profund\u0103 a sitului.<\/p>\n<p><strong>Excursiile din Sharm El Sheikh<\/strong> sunt o alegere popular\u0103 pentru pelerini, pasiona\u021bii de istorie \u0219i oricine caut\u0103 o evadare lini\u0219tit\u0103 \u0219i \u00eembog\u0103\u021bitoare \u00een inima Peninsulei Sinai.<\/p>\n<h3><span style=\"color: #ff6600;\">Detalii Tur<\/span><\/h3>\n<ul>\n<li>Durat\u0103: 11 ore<\/li>\n<li>Loca\u021bia Turului: Sudul Sinai \/ Dahab \/ Sharm El Sheikh<\/li>\n<li>Disponibilitate Tur: \u00cen fiecare zi, cu excep\u021bia zilei de vineri<\/li>\n<li>Preluare &amp; L\u0103sare: Hotelurile din Sharm El Sheikh<\/li>\n<li>Tipul Turului: Privat<\/li>\n<li><strong>Limba: Rom\u00e2n\u0103<\/strong><\/li>\n<li>Adecvat pentru: Cupluri, Familie, Seniori<\/li>\n<li>Scaun cu rotile: Accesibil<\/li>\n<\/ul>\n<h3><span style=\"color: #ff6600;\">Puncte de atrac\u021bie ale turului<\/span><\/h3>\n<ul>\n<li>M\u0103n\u0103stirea Sf\u00e2nta Ecaterina<\/li>\n<li>Pr\u00e2nz la Dahab<\/li>\n<\/ul>\n<h3><span style=\"color: #ff6600;\">Incluse<\/span><\/h3>\n<ul>\n<li>Transfer dus-\u00eentors cu vehicul cu aer condi\u021bionat<\/li>\n<li>Taxe de intrare<\/li>\n<li>Ghid turistic egiptolog vorbitor de limba rom\u00e2n\u0103<\/li>\n<li>Ghid beduin<\/li>\n<li>Pr\u00e2nz<\/li>\n<\/ul>\n<h3><span style=\"color: #ff6600;\">Neincluse<\/span><\/h3>\n<ul>\n<li>Taxe de intrare \u00een Parcul Na\u021bional Sf\u00e2nta Ecaterina 10\u20ac EUR de persoan\u0103<\/li>\n<li>B\u0103uturi \u00een timpul pr\u00e2nzului<\/li>\n<li>Bac\u0219i\u0219<\/li>\n<\/ul>\n<h3><span style=\"color: #ff6600;\">Ce s\u0103 lua\u021bi cu dumneavoastr\u0103<\/span><\/h3>\n<ul>\n<li>\u00cenc\u0103l\u021b\u0103minte confortabil\u0103 \u0219i haine potrivite pentru drume\u021bii<\/li>\n<li>Haine groase iarna<\/li>\n<li>Ochelari de soare. P\u0103l\u0103rie sau e\u0219arf\u0103<\/li>\n<li>Crem\u0103 de soare vara<\/li>\n<\/ul>\n<h2><span style=\"color: #ff6600;\">Itinerariu<\/span><\/h2>\n<p>Ziua dumneavoastr\u0103 \u00eencepe cu o preluare convenabil\u0103 de la hotelul dumneavoastr\u0103 din Sharm El Sheikh. Ve\u021bi c\u0103l\u0103tori \u00eentr-un vehicul confortabil, cu aer condi\u021bionat, pentru o c\u0103l\u0103torie pitoreasc\u0103 prin de\u0219ertul Sinai. Drumul p\u00e2n\u0103 la Sf\u00e2nta Ecaterina dureaz\u0103 aproximativ 2-3 ore.<\/p>\n<p>La sosirea la m\u0103n\u0103stire, ve\u021bi \u00eencepe turul cu ghidul dumneavoastr\u0103 profesionist vorbitor de limba rom\u00e2n\u0103. Apoi, el v\u0103 va ghida prin zonele cheie ale acestui <strong>sit al Patrimoniului Mondial UNESCO<\/strong>. Ve\u021bi \u00eenv\u0103\u021ba despre istoria m\u0103n\u0103stirii, semnifica\u021bia sa \u00een cre\u0219tinism \u0219i islam \u0219i colec\u021bia sa inestimabil\u0103 de artefacte religioase.<\/p>\n<p>\u00cen acest timp, ve\u021bi vizita cele mai importante situri din interiorul zidurilor m\u0103n\u0103stirii. \u00cen interiorul zidurilor <strong>M\u0103n\u0103stirii Sf\u00e2nta Ecaterina<\/strong>, ve\u021bi descoperi o mul\u021bime de comori biblice \u0219i istorice. Printre punctele de atrac\u021bie ale turului se num\u0103r\u0103 venerata <strong>Capela Rugului Aprins<\/strong>, despre care se crede c\u0103 este locul exact unde Dumnezeu i-a vorbit lui <strong>Moise<\/strong>.<\/p>\n<p>De asemenea, ve\u021bi vizita <strong>F\u00e2nt\u00e2na lui Moise<\/strong>, f\u00e2nt\u00e2na \u00een care se spune c\u0103 a \u00eent\u00e2lnit-o pe viitoarea sa so\u021bie. <strong>Basilica principal\u0103<\/strong> a m\u0103n\u0103stirii este un exemplu magnific de arhitectur\u0103 antic\u0103, cu mozaicuri uimitoare care au supravie\u021buit de secole.<\/p>\n<p>\u00cen cele din urm\u0103, ve\u021bi afla despre biblioteca de renume mondial a m\u0103n\u0103stirii, care de\u021bine una dintre cele mai mari colec\u021bii de manuscrise antice, o colec\u021bie a doua doar dup\u0103 cea a Vaticanului.<\/p>\n<p>Dup\u0103 turul ghidat, ve\u021bi avea timp liber pentru a explora terenul pe cont propriu. \u00cen acest timp, pute\u021bi vizita muzeul m\u0103n\u0103stirii, care con\u021bine o colec\u021bie magnific\u0103 de icoane \u0219i manuscrise cre\u0219tine timpurii. Aceast\u0103 colec\u021bie este considerat\u0103 a doua cea mai mare de acest gen din lume, dup\u0103 cea a Vaticanului.<\/p>\n<p>Dup\u0103 pr\u00e2nzul la Dahab, ve\u021bi \u00eencepe c\u0103l\u0103toria de \u00eentoarcere la Sharm El Sheikh, ca parte a <strong>excursiilor dumneavoastr\u0103 de o zi \u00een Egipt<\/strong>.<\/p>\n<p>Mese: <strong>pr\u00e2nz<\/strong><\/p>\n<h3><span style=\"color: #ff6600;\">Pre\u021b Excursie de o zi la M\u0103n\u0103stirea Sf\u00e2nta Ecaterina din Sharm El Sheikh<\/span><\/h3>\n<p>Pre\u021b adult = 50 \u20ac<\/p>\n<p>Copii 0-5 ani = gratuit<\/p>\n<p>Copii 5-11 ani = 50% din pre\u021bul adultului<\/p>\n<h3><span style=\"color: #ff6600;\">Rezervare<\/span><\/h3>\n<p>Pute\u021bi rezerva turul dumneavoastr\u0103 prin WhatsApp sau ne pute\u021bi trimite un e-mail \u0219i ve\u021bi primi confirmarea pe loc.<\/p>\n<p>V\u0103 rug\u0103m s\u0103 ne trimite\u021bi numele hotelului, num\u0103rul camerei, copiile pa\u0219apoartelor.<\/p>\n<p>WhatsApp: <strong>+201000852186<\/strong><\/p>\n<p>info@egytourpackages.com<\/p>\n<h3><span style=\"color: #ff6600;\">Rezerva\u021bi acum \u0219i pl\u0103ti\u021bi la fa\u021ba locului<\/span><\/h3>\n<p>Rezerva\u021bi turul dumneavoastr\u0103 preferat \u0219i pl\u0103ti\u021bi \u00een ziua excursiei.<\/p>\n<h3><span style=\"color: #ff6600;\">Plat\u0103<\/span><\/h3>\n<p>Pute\u021bi pl\u0103ti \u00een lire egiptene, $, \u20ac sau \u00a3.<\/p>\n<h3><span style=\"color: #ff6600;\">Politica de Anulare<\/span><\/h3>\n<p>Anularea este gratuit\u0103 cu p\u00e2n\u0103 la 24 de ore \u00een avans Anularea diminea\u021ba este de 50% din pre\u021b<\/p>\n","protected":false},"excerpt":{"rendered":"<p>C\u0103l\u0103torie spiritual\u0103 la Excursie de o zi la M\u0103n\u0103stirea Sf\u00e2nta Ecaterina din Sharm El Sheikh. Descoper\u0103 Rugul Aprins \u0219i F\u00e2nt\u00e2na lui Moise.<\/p>\n","protected":false},"featured_media":6118,"comment_status":"closed","ping_status":"closed","template":"","meta":[],"product_brand":[],"product_cat":[3120],"product_tag":[3234,3203,3219],"class_list":{"0":"post-6117","1":"product","2":"type-product","3":"status-publish","4":"has-post-thumbnail","6":"product_cat-tururi","7":"product_tag-excursii-de-o-zi-din-sharm-el-sheikh","8":"product_tag-excursii-de-o-zi-in-egipt","9":"product_tag-excursii-de-vacanta-in-egipt","10":"tour_category-excursii-de-o-zi-in-egipt-ro","11":"tour_category-excursii-sharm-el-sheikh-ro","13":"first","14":"instock","15":"sale","16":"shipping-taxable","17":"purchasable","18":"product-type-tour","19":"has-default-attributes"},"yoast_head":"<!-- This site is optimized with the Yoast SEO Premium plugin v27.4 (Yoast SEO v27.4) - https:\/\/yoast.com\/product\/yoast-seo-premium-wordpress\/ -->\n<title>Excursie de o zi la M\u0103n\u0103stirea Sf\u00e2nta Ecaterina din Sharm El Sheikh<\/title>\n<meta name=\"description\" content=\"Descoperi\u021bi istoria \u0219i spiritualitatea \u00eentr-o Excursie de o zi la M\u0103n\u0103stirea Sf\u00e2nta Ecaterina din Sharm El Sheikh. Explora\u021bi situl antic \u0219i vede\u021bi Rugul Aprins\" \/>\n<meta name=\"robots\" content=\"index, follow, max-snippet:-1, max-image-preview:large, max-video-preview:-1\" \/>\n<link rel=\"canonical\" href=\"https:\/\/egytourpackages.com\/ro\/tours\/excursie-de-o-zi-la-manastirea-sfanta-ecaterina-din-sharm-el-sheikh\/\" \/>\n<meta property=\"og:locale\" content=\"ro_RO\" \/>\n<meta property=\"og:type\" content=\"article\" \/>\n<meta property=\"og:title\" content=\"Excursie de o zi la M\u0103n\u0103stirea Sf\u00e2nta Ecaterina din Sharm El Sheikh\" \/>\n<meta property=\"og:description\" content=\"Descoperi\u021bi istoria \u0219i spiritualitatea \u00eentr-o Excursie de o zi la M\u0103n\u0103stirea Sf\u00e2nta Ecaterina din Sharm El Sheikh. Explora\u021bi situl antic \u0219i vede\u021bi Rugul Aprins\" \/>\n<meta property=\"og:url\" content=\"https:\/\/egytourpackages.com\/ro\/tours\/excursie-de-o-zi-la-manastirea-sfanta-ecaterina-din-sharm-el-sheikh\/\" \/>\n<meta property=\"og:site_name\" content=\"Egypt Tour Packages\" \/>\n<meta property=\"article:publisher\" content=\"https:\/\/www.facebook.com\/egytourpackages\" \/>\n<meta property=\"article:modified_time\" content=\"2026-01-03T22:12:36+00:00\" \/>\n<meta property=\"og:image\" content=\"https:\/\/egytourpackages.com\/wp-content\/uploads\/2025\/08\/St.-Catherines-Monastery-South-Sinai.jpeg\" \/>\n\t<meta property=\"og:image:width\" content=\"1800\" \/>\n\t<meta property=\"og:image:height\" content=\"1196\" \/>\n\t<meta property=\"og:image:type\" content=\"image\/jpeg\" \/>\n<meta name=\"twitter:card\" content=\"summary_large_image\" \/>\n<meta name=\"twitter:title\" content=\"Excursie de o zi la M\u0103n\u0103stirea Sf\u00e2nta Ecaterina din Sharm El Sheikh\" \/>\n<meta name=\"twitter:label1\" content=\"Pre\u021b\" \/>\n\t<meta name=\"twitter:data1\" content=\"&euro;0\" \/>\n\t<meta name=\"twitter:label2\" content=\"Disponibilitate\" \/>\n\t<meta name=\"twitter:data2\" content=\"\u00cen stoc\" \/>\n<script type=\"application\/ld+json\" class=\"yoast-schema-graph\">{\"@context\":\"https:\\\/\\\/schema.org\",\"@graph\":[{\"@type\":\"WebPage\",\"@id\":\"https:\\\/\\\/egytourpackages.com\\\/ro\\\/tours\\\/excursie-de-o-zi-la-manastirea-sfanta-ecaterina-din-sharm-el-sheikh\\\/\",\"url\":\"https:\\\/\\\/egytourpackages.com\\\/ro\\\/tours\\\/excursie-de-o-zi-la-manastirea-sfanta-ecaterina-din-sharm-el-sheikh\\\/\",\"name\":\"Excursie de o zi la M\u0103n\u0103stirea Sf\u00e2nta Ecaterina din Sharm El Sheikh\",\"isPartOf\":{\"@id\":\"https:\\\/\\\/egytourpackages.com\\\/ro\\\/#website\"},\"primaryImageOfPage\":{\"@id\":\"https:\\\/\\\/egytourpackages.com\\\/ro\\\/tours\\\/excursie-de-o-zi-la-manastirea-sfanta-ecaterina-din-sharm-el-sheikh\\\/#primaryimage\"},\"image\":{\"@id\":\"https:\\\/\\\/egytourpackages.com\\\/ro\\\/tours\\\/excursie-de-o-zi-la-manastirea-sfanta-ecaterina-din-sharm-el-sheikh\\\/#primaryimage\"},\"thumbnailUrl\":\"https:\\\/\\\/egytourpackages.com\\\/wp-content\\\/uploads\\\/2025\\\/08\\\/St.-Catherines-Monastery-South-Sinai.jpeg\",\"datePublished\":\"2025-08-11T21:12:56+00:00\",\"dateModified\":\"2026-01-03T22:12:36+00:00\",\"description\":\"Descoperi\u021bi istoria \u0219i spiritualitatea \u00eentr-o Excursie de o zi la M\u0103n\u0103stirea Sf\u00e2nta Ecaterina din Sharm El Sheikh. Explora\u021bi situl antic \u0219i vede\u021bi Rugul Aprins\",\"breadcrumb\":{\"@id\":\"https:\\\/\\\/egytourpackages.com\\\/ro\\\/tours\\\/excursie-de-o-zi-la-manastirea-sfanta-ecaterina-din-sharm-el-sheikh\\\/#breadcrumb\"},\"inLanguage\":\"ro-RO\",\"potentialAction\":[{\"@type\":\"ReadAction\",\"target\":[\"https:\\\/\\\/egytourpackages.com\\\/ro\\\/tours\\\/excursie-de-o-zi-la-manastirea-sfanta-ecaterina-din-sharm-el-sheikh\\\/\"]}]},{\"@type\":\"ImageObject\",\"inLanguage\":\"ro-RO\",\"@id\":\"https:\\\/\\\/egytourpackages.com\\\/ro\\\/tours\\\/excursie-de-o-zi-la-manastirea-sfanta-ecaterina-din-sharm-el-sheikh\\\/#primaryimage\",\"url\":\"https:\\\/\\\/egytourpackages.com\\\/wp-content\\\/uploads\\\/2025\\\/08\\\/St.-Catherines-Monastery-South-Sinai.jpeg\",\"contentUrl\":\"https:\\\/\\\/egytourpackages.com\\\/wp-content\\\/uploads\\\/2025\\\/08\\\/St.-Catherines-Monastery-South-Sinai.jpeg\",\"width\":1800,\"height\":1196,\"caption\":\"M\u0103n\u0103stirea Sf\u00e2nta Ecaterina, Sudul Sinaiului\"},{\"@type\":\"BreadcrumbList\",\"@id\":\"https:\\\/\\\/egytourpackages.com\\\/ro\\\/tours\\\/excursie-de-o-zi-la-manastirea-sfanta-ecaterina-din-sharm-el-sheikh\\\/#breadcrumb\",\"itemListElement\":[{\"@type\":\"ListItem\",\"position\":1,\"name\":\"Home\",\"item\":\"https:\\\/\\\/egytourpackages.com\\\/ro\\\/\"},{\"@type\":\"ListItem\",\"position\":2,\"name\":\"Shop\",\"item\":\"https:\\\/\\\/egytourpackages.com\\\/shop\\\/\"},{\"@type\":\"ListItem\",\"position\":3,\"name\":\"Excursie de o zi la M\u0103n\u0103stirea Sf\u00e2nta Ecaterina din Sharm El Sheikh\"}]},{\"@type\":\"WebSite\",\"@id\":\"https:\\\/\\\/egytourpackages.com\\\/ro\\\/#website\",\"url\":\"https:\\\/\\\/egytourpackages.com\\\/ro\\\/\",\"name\":\"Egy tour packages\",\"description\":\"\",\"publisher\":{\"@id\":\"https:\\\/\\\/egytourpackages.com\\\/ro\\\/#organization\"},\"potentialAction\":[{\"@type\":\"SearchAction\",\"target\":{\"@type\":\"EntryPoint\",\"urlTemplate\":\"https:\\\/\\\/egytourpackages.com\\\/ro\\\/?s={search_term_string}\"},\"query-input\":{\"@type\":\"PropertyValueSpecification\",\"valueRequired\":true,\"valueName\":\"search_term_string\"}}],\"inLanguage\":\"ro-RO\"},{\"@type\":[\"Organization\",\"Place\",\"TravelAgency\"],\"@id\":\"https:\\\/\\\/egytourpackages.com\\\/ro\\\/#organization\",\"name\":\"egypt tour packages\",\"alternateName\":\"egypt tour packages\",\"url\":\"https:\\\/\\\/egytourpackages.com\\\/ro\\\/\",\"logo\":{\"@id\":\"https:\\\/\\\/egytourpackages.com\\\/ro\\\/tours\\\/excursie-de-o-zi-la-manastirea-sfanta-ecaterina-din-sharm-el-sheikh\\\/#local-main-organization-logo\"},\"image\":{\"@id\":\"https:\\\/\\\/egytourpackages.com\\\/ro\\\/tours\\\/excursie-de-o-zi-la-manastirea-sfanta-ecaterina-din-sharm-el-sheikh\\\/#local-main-organization-logo\"},\"sameAs\":[\"https:\\\/\\\/www.facebook.com\\\/egytourpackages\"],\"legalName\":\"Egy tour packages\",\"address\":{\"@id\":\"https:\\\/\\\/egytourpackages.com\\\/ro\\\/tours\\\/excursie-de-o-zi-la-manastirea-sfanta-ecaterina-din-sharm-el-sheikh\\\/#local-main-place-address\"},\"telephone\":[\"00201000852186\",\"00201028685533\"],\"contactPoint\":{\"@type\":\"ContactPoint\",\"telephone\":\"00201000852186\"},\"openingHoursSpecification\":[{\"@type\":\"OpeningHoursSpecification\",\"dayOfWeek\":[\"Monday\",\"Tuesday\",\"Wednesday\",\"Thursday\",\"Friday\",\"Saturday\",\"Sunday\"],\"opens\":\"00:00\",\"closes\":\"23:59\"}],\"email\":\"info@egytourpackages.com\",\"areaServed\":\"Cairo, Hurghada, Luxor, Sharm El Sheikh, Marsa Alam, Aswan\",\"priceRange\":\"$\",\"currenciesAccepted\":\"euro\",\"paymentAccepted\":\"Payment links online\"},{\"@type\":\"PostalAddress\",\"@id\":\"https:\\\/\\\/egytourpackages.com\\\/ro\\\/tours\\\/excursie-de-o-zi-la-manastirea-sfanta-ecaterina-din-sharm-el-sheikh\\\/#local-main-place-address\",\"streetAddress\":\"Mubarak 8, Al Kawthar District, Hurghada\",\"addressLocality\":\"Hurghada\",\"postalCode\":\"84511\",\"addressRegion\":\"Red Sea\",\"addressCountry\":\"EG\"},{\"@type\":\"ImageObject\",\"inLanguage\":\"ro-RO\",\"@id\":\"https:\\\/\\\/egytourpackages.com\\\/ro\\\/tours\\\/excursie-de-o-zi-la-manastirea-sfanta-ecaterina-din-sharm-el-sheikh\\\/#local-main-organization-logo\",\"url\":\"https:\\\/\\\/egytourpackages.com\\\/wp-content\\\/uploads\\\/2025\\\/12\\\/Turquoise-Dahabiya-Nile-Cruise-1.jpeg\",\"contentUrl\":\"https:\\\/\\\/egytourpackages.com\\\/wp-content\\\/uploads\\\/2025\\\/12\\\/Turquoise-Dahabiya-Nile-Cruise-1.jpeg\",\"width\":1040,\"height\":694,\"caption\":\"egypt tour packages\"}]}<\/script>\n<meta property=\"product:brand\" content=\"Excursii de o zi \u00een Egipt\" \/>\n<meta property=\"product:price:amount\" content=\"0\" \/>\n<meta property=\"product:price:currency\" content=\"EUR\" \/>\n<meta property=\"og:availability\" content=\"instock\" \/>\n<meta property=\"product:availability\" content=\"instock\" \/>\n<meta property=\"product:retailer_item_id\" content=\"SESDT03\" \/>\n<meta property=\"product:condition\" content=\"new\" \/>\n<meta name=\"geo.placename\" content=\"Hurghada\" \/>\n<meta name=\"geo.region\" content=\"Egipt\" \/>\n<!-- \/ Yoast SEO Premium plugin. -->","yoast_head_json":{"title":"Excursie de o zi la M\u0103n\u0103stirea Sf\u00e2nta Ecaterina din Sharm El Sheikh","description":"Descoperi\u021bi istoria \u0219i spiritualitatea \u00eentr-o Excursie de o zi la M\u0103n\u0103stirea Sf\u00e2nta Ecaterina din Sharm El Sheikh. Explora\u021bi situl antic \u0219i vede\u021bi Rugul Aprins","robots":{"index":"index","follow":"follow","max-snippet":"max-snippet:-1","max-image-preview":"max-image-preview:large","max-video-preview":"max-video-preview:-1"},"canonical":"https:\/\/egytourpackages.com\/ro\/tours\/excursie-de-o-zi-la-manastirea-sfanta-ecaterina-din-sharm-el-sheikh\/","og_locale":"ro_RO","og_type":"article","og_title":"Excursie de o zi la M\u0103n\u0103stirea Sf\u00e2nta Ecaterina din Sharm El Sheikh","og_description":"Descoperi\u021bi istoria \u0219i spiritualitatea \u00eentr-o Excursie de o zi la M\u0103n\u0103stirea Sf\u00e2nta Ecaterina din Sharm El Sheikh. Explora\u021bi situl antic \u0219i vede\u021bi Rugul Aprins","og_url":"https:\/\/egytourpackages.com\/ro\/tours\/excursie-de-o-zi-la-manastirea-sfanta-ecaterina-din-sharm-el-sheikh\/","og_site_name":"Egypt Tour Packages","article_publisher":"https:\/\/www.facebook.com\/egytourpackages","article_modified_time":"2026-01-03T22:12:36+00:00","og_image":[{"width":1800,"height":1196,"url":"https:\/\/egytourpackages.com\/wp-content\/uploads\/2025\/08\/St.-Catherines-Monastery-South-Sinai.jpeg","type":"image\/jpeg"}],"twitter_card":"summary_large_image","twitter_title":"Excursie de o zi la M\u0103n\u0103stirea Sf\u00e2nta Ecaterina din Sharm El Sheikh","twitter_misc":{"Pre\u021b":"&euro;0","Disponibilitate":"\u00cen stoc"},"schema":{"@context":"https:\/\/schema.org","@graph":[{"@type":"WebPage","@id":"https:\/\/egytourpackages.com\/ro\/tours\/excursie-de-o-zi-la-manastirea-sfanta-ecaterina-din-sharm-el-sheikh\/","url":"https:\/\/egytourpackages.com\/ro\/tours\/excursie-de-o-zi-la-manastirea-sfanta-ecaterina-din-sharm-el-sheikh\/","name":"Excursie de o zi la M\u0103n\u0103stirea Sf\u00e2nta Ecaterina din Sharm El Sheikh","isPartOf":{"@id":"https:\/\/egytourpackages.com\/ro\/#website"},"primaryImageOfPage":{"@id":"https:\/\/egytourpackages.com\/ro\/tours\/excursie-de-o-zi-la-manastirea-sfanta-ecaterina-din-sharm-el-sheikh\/#primaryimage"},"image":{"@id":"https:\/\/egytourpackages.com\/ro\/tours\/excursie-de-o-zi-la-manastirea-sfanta-ecaterina-din-sharm-el-sheikh\/#primaryimage"},"thumbnailUrl":"https:\/\/egytourpackages.com\/wp-content\/uploads\/2025\/08\/St.-Catherines-Monastery-South-Sinai.jpeg","datePublished":"2025-08-11T21:12:56+00:00","dateModified":"2026-01-03T22:12:36+00:00","description":"Descoperi\u021bi istoria \u0219i spiritualitatea \u00eentr-o Excursie de o zi la M\u0103n\u0103stirea Sf\u00e2nta Ecaterina din Sharm El Sheikh. Explora\u021bi situl antic \u0219i vede\u021bi Rugul Aprins","breadcrumb":{"@id":"https:\/\/egytourpackages.com\/ro\/tours\/excursie-de-o-zi-la-manastirea-sfanta-ecaterina-din-sharm-el-sheikh\/#breadcrumb"},"inLanguage":"ro-RO","potentialAction":[{"@type":"ReadAction","target":["https:\/\/egytourpackages.com\/ro\/tours\/excursie-de-o-zi-la-manastirea-sfanta-ecaterina-din-sharm-el-sheikh\/"]}]},{"@type":"ImageObject","inLanguage":"ro-RO","@id":"https:\/\/egytourpackages.com\/ro\/tours\/excursie-de-o-zi-la-manastirea-sfanta-ecaterina-din-sharm-el-sheikh\/#primaryimage","url":"https:\/\/egytourpackages.com\/wp-content\/uploads\/2025\/08\/St.-Catherines-Monastery-South-Sinai.jpeg","contentUrl":"https:\/\/egytourpackages.com\/wp-content\/uploads\/2025\/08\/St.-Catherines-Monastery-South-Sinai.jpeg","width":1800,"height":1196,"caption":"M\u0103n\u0103stirea Sf\u00e2nta Ecaterina, Sudul Sinaiului"},{"@type":"BreadcrumbList","@id":"https:\/\/egytourpackages.com\/ro\/tours\/excursie-de-o-zi-la-manastirea-sfanta-ecaterina-din-sharm-el-sheikh\/#breadcrumb","itemListElement":[{"@type":"ListItem","position":1,"name":"Home","item":"https:\/\/egytourpackages.com\/ro\/"},{"@type":"ListItem","position":2,"name":"Shop","item":"https:\/\/egytourpackages.com\/shop\/"},{"@type":"ListItem","position":3,"name":"Excursie de o zi la M\u0103n\u0103stirea Sf\u00e2nta Ecaterina din Sharm El Sheikh"}]},{"@type":"WebSite","@id":"https:\/\/egytourpackages.com\/ro\/#website","url":"https:\/\/egytourpackages.com\/ro\/","name":"Egy tour packages","description":"","publisher":{"@id":"https:\/\/egytourpackages.com\/ro\/#organization"},"potentialAction":[{"@type":"SearchAction","target":{"@type":"EntryPoint","urlTemplate":"https:\/\/egytourpackages.com\/ro\/?s={search_term_string}"},"query-input":{"@type":"PropertyValueSpecification","valueRequired":true,"valueName":"search_term_string"}}],"inLanguage":"ro-RO"},{"@type":["Organization","Place","TravelAgency"],"@id":"https:\/\/egytourpackages.com\/ro\/#organization","name":"egypt tour packages","alternateName":"egypt tour packages","url":"https:\/\/egytourpackages.com\/ro\/","logo":{"@id":"https:\/\/egytourpackages.com\/ro\/tours\/excursie-de-o-zi-la-manastirea-sfanta-ecaterina-din-sharm-el-sheikh\/#local-main-organization-logo"},"image":{"@id":"https:\/\/egytourpackages.com\/ro\/tours\/excursie-de-o-zi-la-manastirea-sfanta-ecaterina-din-sharm-el-sheikh\/#local-main-organization-logo"},"sameAs":["https:\/\/www.facebook.com\/egytourpackages"],"legalName":"Egy tour packages","address":{"@id":"https:\/\/egytourpackages.com\/ro\/tours\/excursie-de-o-zi-la-manastirea-sfanta-ecaterina-din-sharm-el-sheikh\/#local-main-place-address"},"telephone":["00201000852186","00201028685533"],"contactPoint":{"@type":"ContactPoint","telephone":"00201000852186"},"openingHoursSpecification":[{"@type":"OpeningHoursSpecification","dayOfWeek":["Monday","Tuesday","Wednesday","Thursday","Friday","Saturday","Sunday"],"opens":"00:00","closes":"23:59"}],"email":"info@egytourpackages.com","areaServed":"Cairo, Hurghada, Luxor, Sharm El Sheikh, Marsa Alam, Aswan","priceRange":"$","currenciesAccepted":"euro","paymentAccepted":"Payment links online"},{"@type":"PostalAddress","@id":"https:\/\/egytourpackages.com\/ro\/tours\/excursie-de-o-zi-la-manastirea-sfanta-ecaterina-din-sharm-el-sheikh\/#local-main-place-address","streetAddress":"Mubarak 8, Al Kawthar District, Hurghada","addressLocality":"Hurghada","postalCode":"84511","addressRegion":"Red Sea","addressCountry":"EG"},{"@type":"ImageObject","inLanguage":"ro-RO","@id":"https:\/\/egytourpackages.com\/ro\/tours\/excursie-de-o-zi-la-manastirea-sfanta-ecaterina-din-sharm-el-sheikh\/#local-main-organization-logo","url":"https:\/\/egytourpackages.com\/wp-content\/uploads\/2025\/12\/Turquoise-Dahabiya-Nile-Cruise-1.jpeg","contentUrl":"https:\/\/egytourpackages.com\/wp-content\/uploads\/2025\/12\/Turquoise-Dahabiya-Nile-Cruise-1.jpeg","width":1040,"height":694,"caption":"egypt tour packages"}]},"product_brand":"Excursii de o zi \u00een Egipt","product_price_currency":"EUR","og_availability":"instock","product_availability":"instock","product_retailer_item_id":"SESDT03","product_condition":"new","geo.placename":"Hurghada","geo.region":"Egipt"},"_links":{"self":[{"href":"https:\/\/egytourpackages.com\/ro\/wp-json\/wp\/v2\/product\/6117","targetHints":{"allow":["GET"]}}],"collection":[{"href":"https:\/\/egytourpackages.com\/ro\/wp-json\/wp\/v2\/product"}],"about":[{"href":"https:\/\/egytourpackages.com\/ro\/wp-json\/wp\/v2\/types\/product"}],"replies":[{"embeddable":true,"href":"https:\/\/egytourpackages.com\/ro\/wp-json\/wp\/v2\/comments?post=6117"}],"wp:featuredmedia":[{"embeddable":true,"href":"https:\/\/egytourpackages.com\/ro\/wp-json\/wp\/v2\/media\/6118"}],"wp:attachment":[{"href":"https:\/\/egytourpackages.com\/ro\/wp-json\/wp\/v2\/media?parent=6117"}],"wp:term":[{"taxonomy":"product_brand","embeddable":true,"href":"https:\/\/egytourpackages.com\/ro\/wp-json\/wp\/v2\/product_brand?post=6117"},{"taxonomy":"product_cat","embeddable":true,"href":"https:\/\/egytourpackages.com\/ro\/wp-json\/wp\/v2\/product_cat?post=6117"},{"taxonomy":"product_tag","embeddable":true,"href":"https:\/\/egytourpackages.com\/ro\/wp-json\/wp\/v2\/product_tag?post=6117"}],"curies":[{"name":"wp","href":"https:\/\/api.w.org\/{rel}","templated":true}]}}