{"id":6121,"date":"2025-05-25T16:32:39","date_gmt":"2025-05-25T16:32:39","guid":{"rendered":"https:\/\/egytourpackages.com\/product\/safari-wadi-el-gemal-din-marsa-alam\/"},"modified":"2026-01-04T11:10:19","modified_gmt":"2026-01-04T11:10:19","slug":"safari-wadi-el-gemal-din-marsa-alam","status":"publish","type":"product","link":"https:\/\/egytourpackages.com\/ro\/tours\/safari-wadi-el-gemal-din-marsa-alam\/","title":{"rendered":"Safari Wadi El Gemal din Marsa Alam"},"content":{"rendered":"<p><span style=\"color: #ff6600;\"><strong>Safari Wadi El Gemal din Marsa Alam<\/strong><\/span><\/p>\n<h2><span style=\"color: #ff6600;\">Prezentare general\u0103<\/span><\/h2>\n<h3><span style=\"color: #ff6600;\">Safari Wadi El Gemal din Marsa Alam: Expedi\u021bii de neuitat \u00een de\u0219ert &amp; Cultur\u0103 beduin\u0103<\/span><\/h3>\n<p>\u00cembarca\u021bi-v\u0103 \u00eentr-un extraordinar <strong>safari Wadi El Gemal din Marsa Alam<\/strong> \u0219i c\u0103l\u0103tori\u021bi ad\u00e2nc \u00een misticul <strong>De\u0219ert de Est al Egiptului<\/strong>. <strong>Pachetele turistice Egy Tour<\/strong> v\u0103 invit\u0103 s\u0103 experimenta\u021bi un amestec unic de <strong>aventuri palpitante \u00een de\u0219ert<\/strong>, istorie antic\u0103 \u0219i <strong>tradi\u021bii beduine<\/strong> autentice cu triburile ospitaliere <strong>Ababda<\/strong>.<\/p>\n<p><strong>Tururile noastre \u00een de\u0219ertul Marsa Alam<\/strong> ofer\u0103 mai mult dec\u00e2t o simpl\u0103 plimbare; ele sunt o explorare captivant\u0103 \u00eentr-un peisaj care \u0219opte\u0219te pove\u0219ti mai vechi dec\u00e2t piramidele. Traversa\u021bi terenul accidentat \u00een Jeep-urile noastre confortabile 4&#215;4, ghidat de exper\u021bi profesioni\u0219ti ai de\u0219ertului care dezv\u0103luie bijuteriile ascunse ale <strong>Parcului Na\u021bional Wadi El Gemal<\/strong>.<\/p>\n<h3><span style=\"color: #ff6600;\">Puncte de atrac\u021bie ale safari-ului dumneavoastr\u0103 \u00een Wadi El Gemal<\/span><\/h3>\n<p>Descoperi\u021bi siturile istorice ale celor mai vechi <strong>mine de smarald<\/strong> din lume, unde pietre pre\u021bioase au fost extrase \u00een timpul epocilor faraonic\u0103, ptolemeic\u0103 \u0219i roman\u0103. De asemenea, ve\u021bi explora r\u0103m\u0103\u0219i\u021bele unui <strong>templu al Cleopatrei<\/strong>. Mai mult, Safari-ul Wadi El Gemal este o bun\u0103 ocazie de a afla despre <strong>Flora &amp; Fauna De\u0219ertului<\/strong>, fiind martori la copacii de acacia \u0219i la tufi\u0219urile de plante medicinale. \u00centre timp, ve\u021bi afla despre triburile indigene <strong>Ababda<\/strong>, cunoscute pentru cuno\u0219tin\u021bele lor profunde despre de\u0219ert \u0219i bogatul lor patrimoniu cultural.<\/p>\n<p><strong>Egy tour packages<\/strong> se angajeaz\u0103 s\u0103 ofere <strong>cele mai bune excursii din Marsa Alam<\/strong>, combin\u00e2nd ghidare de expert, cel mai bun serviciu \u0219i o pasiune neclintit\u0103 pentru a prezenta minunile naturale \u0219i istorice ale Egiptului. Rezerva\u021bi-v\u0103 <strong>aventura Wadi El Gemal<\/strong> ast\u0103zi \u0219i crea\u021bi amintiri care vor dura o via\u021b\u0103 \u00eentreag\u0103!<\/p>\n<h3><span style=\"color: #ff6600;\">Detalii<\/span><\/h3>\n<ul>\n<li>Durat\u0103: 6 ore<\/li>\n<li>Loca\u021bia Turului: De\u0219ertul de Est Marsa Alam<\/li>\n<li>Disponibilitate Tur: La cerere<\/li>\n<li>Preluare &amp; L\u0103sare: Hotelurile din Marsa Alam<\/li>\n<li>Tipul Turului: Grup<\/li>\n<li><strong>Limba: Rom\u00e2n\u0103<\/strong><\/li>\n<li>Scaun cu rotile: Accesibil<\/li>\n<\/ul>\n<h3><span style=\"color: #ff6600;\">Puncte de atrac\u021bie<\/span><\/h3>\n<ul>\n<li>Explora\u021bi stilul de via\u021b\u0103 beduin<\/li>\n<li>Templul Cleopatrei<\/li>\n<li>Minele de smarald<\/li>\n<\/ul>\n<h3><span style=\"color: #ff6600;\">Incluse<\/span><\/h3>\n<ul>\n<li>Preluare \u0219i l\u0103sare de la hotelurile din Marsa Alam<\/li>\n<li>Ghid profesionist al de\u0219ertului vorbitor de limba rom\u00e2n\u0103<\/li>\n<li>Turul satului beduin cu ceai beduin<\/li>\n<li>Toate taxele de serviciu \u0219i impozitele sunt incluse \u00een pre\u021b<\/li>\n<\/ul>\n<h3><span style=\"color: #ff6600;\">Excluse<\/span><\/h3>\n<ul>\n<li>Taxa de parc na\u021bional 5 euro de persoan\u0103<\/li>\n<li>Bac\u0219i\u0219<\/li>\n<li>Orice nu este men\u021bionat \u00een program<\/li>\n<\/ul>\n<h3><span style=\"color: #ff6600;\">Ce s\u0103 lua\u021bi cu dumneavoastr\u0103<\/span><\/h3>\n<ul>\n<li>Copie a pa\u0219aportului<\/li>\n<li>P\u0103l\u0103rie, ochelari de soare \u0219i crem\u0103 de soare<\/li>\n<li>\u00cenc\u0103l\u021b\u0103minte \u0219i haine confortabile<\/li>\n<\/ul>\n<h2><span style=\"color: #ff6600;\">Itinerariu<\/span><\/h2>\n<p><strong>Super Safari Wadi El Gemal<\/strong> este un tur off-road cu un apus de soare incitant. Safari Wadi El Gemal combin\u0103 cultura cu distrac\u021bia \u0219i aventura. Bucura\u021bi-v\u0103 de o aventur\u0103 de neuitat \u00een inima De\u0219ertului de Est cu safari-ul nostru Wadi El Gemal din Marsa Alam. C\u0103l\u0103toria \u00eencepe \u00een jurul orei 12:00 dup\u0103-amiaza de la hoteluri \u0219i se termin\u0103 \u00een jurul orei 19:00. P\u0103r\u0103si\u021bi ora\u0219ul <strong>Marsa Alam<\/strong> \u0219i porni\u021bi \u00eentr-o adev\u0103rat\u0103 aventur\u0103 \u00een de\u0219ert. Pe drumul spre opriri, pute\u021bi vedea clar ceea ce se nume\u0219te un miraj. Bucura\u021bi-v\u0103 de vederi panoramice ale de\u0219ertului de pe v\u00e2rful muntelui \u00een timp ce conduce\u021bi spre tab\u0103r\u0103. V\u0103 recomand\u0103m cu t\u0103rie s\u0103 face\u021bi fotografii cu tot ce este \u00een jurul dumneavoastr\u0103 pentru a le \u00eemp\u0103rt\u0103\u0219i cu prietenii.<\/p>\n<p>Odat\u0103 ce Jeep-ul dumneavoastr\u0103 v\u0103 duce pe teren \u0219i traverseaz\u0103 cu experien\u021b\u0103 dunele, ghidul dumneavoastr\u0103 v\u0103 va opri l\u00e2ng\u0103 un <strong>copac de Acacia<\/strong>. Beduinii cred c\u0103 copacul reprezint\u0103 stabilitatea \u0219i fericirea.<\/p>\n<p>Merge\u021bi spre o zon\u0103 cunoscut\u0103 sub numele de <strong>tufi\u0219uri de plante medicinale<\/strong>, unde ve\u021bi vedea un copac de rac. Pe drum, asculta\u021bi ghidul \u00eemp\u0103rt\u0103\u0219ind informa\u021bii despre Wadi El Gemal \u0219i despre <strong>canionul c\u0103milelor<\/strong>. Canionul C\u0103milelor este un loc unde, din fericire, ve\u021bi vedea c\u0103mile \u0219i o f\u00e2nt\u00e2n\u0103 natural\u0103 100%.<\/p>\n<p>Preg\u0103ti\u021bi-v\u0103 aparatul foto pentru a face fotografii de neuitat cu canionul \u0219i c\u0103milele. Apoi opri\u021bi-v\u0103 la <strong>templele romane ale Cleopatrei<\/strong> \u00eentr-un sat roman. Nu departe de aici se afl\u0103 ruinele caselor de locuit ale muncitorilor de tot felul de blocuri de piatr\u0103 \u0219i minele de smarald.<\/p>\n<p>\u00cen cele din urm\u0103, \u00eencheia\u021bi-v\u0103 c\u0103l\u0103toria de safari cu o mas\u0103 beduin\u0103 delicioas\u0103, proasp\u0103t preparat\u0103, \u0219i savura\u021bi ceai de plante dulce, un moment de adev\u0103rat\u0103 ospitalitate a de\u0219ertului.<\/p>\n<h3><span style=\"color: #ff6600;\">Not\u0103:<\/span><\/h3>\n<p>V\u0103 rug\u0103m s\u0103 re\u021bine\u021bi c\u0103 c\u0103l\u0103toria nu este recomandat\u0103 pentru bebelu\u0219ii de p\u00e2n\u0103 la trei ani, deoarece de\u0219ertul este accidentat.<\/p>\n<h3><span style=\"color: #ff6600;\">Pre\u021b Safari Wadi El Gemal din Marsa Alam<\/span><\/h3>\n<p>Pre\u021b adult = 75 \u20ac<\/p>\n<p>Copii 0-5 ani = gratuit<\/p>\n<p>Copii 5-11 ani = 50% din pre\u021bul adultului<\/p>\n<h3><span style=\"color: #ff6600;\">Rezervare<\/span><\/h3>\n<ul>\n<li>Pute\u021bi rezerva turul dumneavoastr\u0103 prin WhatsApp sau ne pute\u021bi trimite un e-mail \u0219i ve\u021bi primi confirmarea pe loc.<\/li>\n<li>V\u0103 rug\u0103m s\u0103 ne trimite\u021bi numele hotelului, num\u0103rul camerei, copiile pa\u0219apoartelor.<\/li>\n<\/ul>\n<p>WhatsApp: <strong>+201000852186<\/strong><\/p>\n<p>info@egytourpackages.com<\/p>\n<h3><span style=\"color: #ff6600;\">Rezerva\u021bi acum \u0219i pl\u0103ti\u021bi la fa\u021ba locului<\/span><\/h3>\n<p>Rezerva\u021bi turul dumneavoastr\u0103 preferat \u0219i pl\u0103ti\u021bi \u00een ziua excursiei.<\/p>\n<h3><span style=\"color: #ff6600;\">Plat\u0103<\/span><\/h3>\n<p>Pute\u021bi pl\u0103ti \u00een lire egiptene, $, \u20ac sau \u00a3.<\/p>\n<h3><span style=\"color: #ff6600;\">Politica de Anulare<\/span><\/h3>\n<p>Anularea este gratuit\u0103 cu p\u00e2n\u0103 la 24 de ore \u00een avans Anularea diminea\u021ba este de 50% din pre\u021b<\/p>\n<h2><span style=\"color: #ff6600;\">FAQ<\/span><\/h2>\n<h3><span style=\"color: #ff6600;\">Care sunt atrac\u021biile pe care le pute\u021bi vizita \u00een cadrul tururilor de o zi \u00een Egipt? <\/span><\/h3>\n<p>Tururile de o zi \u00een Egipt acoper\u0103 majoritatea atrac\u021biilor Egiptului \u00een toate marile ora\u0219e precum Cairo, Alexandria, Luxor, Assuan \u0219i Hurghada. De exemplu, \u00een Luxor ve\u021bi vizita templul din Luxor, templul Karnak, Valea Regilor, templul lui Hatshepsut \u0219i Colosii din Memnon. \u00cen Assuan, v\u0103 ve\u021bi minuna de Marele Baraj de la Assuan, templul Philae, templele Abu Simbel, templul Kom Ombo \u0219i templul Edfu. \u00cen Cairo, ve\u021bi vizita Piramidele din Giza, Marele Sfinx, Piramida \u00een Trepte de la Saqqara, Piramidele din Dahshour, Marele Muzeu Egiptean \u0219i Muzeul Na\u021bional al Civiliza\u021biei.<\/p>\n<h3><span style=\"color: #ff6600;\">Pot s\u0103-mi personalizez tururile de o zi \u00een Egipt? <\/span><\/h3>\n<p>Absolut da, v\u0103 pute\u021bi personaliza tururile de o zi \u00een Egipt \u00een func\u021bie de zilele dumneavoastr\u0103 de vacan\u021b\u0103 \u0219i de locurile pe care sunte\u021bi mai interesat s\u0103 le vede\u021bi \u0219i de ora\u0219ele pe care dori\u021bi s\u0103 le vizita\u021bi.<\/p>\n","protected":false},"excerpt":{"rendered":"<p>Pleca\u021bi \u00een Wadi El Gemal Safari Wadi El Gemal din Marsa Alam! Explora\u021bi de\u0219ertul, vizita\u021bi minele de smarald \u0219i afla\u021bi despre cultura beduin\u0103.<\/p>\n","protected":false},"featured_media":6122,"comment_status":"open","ping_status":"closed","template":"","meta":[],"product_brand":[],"product_cat":[3120],"product_tag":[3203,3229],"class_list":{"0":"post-6121","1":"product","2":"type-product","3":"status-publish","4":"has-post-thumbnail","6":"product_cat-tururi","7":"product_tag-excursii-de-o-zi-in-egipt","8":"product_tag-tururi-marsa-alam","9":"tour_category-excursii-de-o-zi-in-egipt-ro","10":"tour_category-excursii-marsa-alam-ro","12":"first","13":"instock","14":"sale","15":"shipping-taxable","16":"purchasable","17":"product-type-tour"},"yoast_head":"<!-- This site is optimized with the Yoast SEO Premium plugin v27.4 (Yoast SEO v27.4) - https:\/\/yoast.com\/product\/yoast-seo-premium-wordpress\/ -->\n<title>Safari Wadi El Gemal din Marsa Alam<\/title>\n<meta name=\"description\" content=\"Pleca\u021bi \u00een Wadi El Gemal Safari Wadi El Gemal din Marsa Alam! Explora\u021bi de\u0219ertul, vizita\u021bi minele de smarald \u0219i afla\u021bi despre cultura beduin\u0103.\" \/>\n<meta name=\"robots\" content=\"index, follow, max-snippet:-1, max-image-preview:large, max-video-preview:-1\" \/>\n<link rel=\"canonical\" href=\"https:\/\/egytourpackages.com\/ro\/tours\/safari-wadi-el-gemal-din-marsa-alam\/\" \/>\n<meta property=\"og:locale\" content=\"ro_RO\" \/>\n<meta property=\"og:type\" content=\"article\" \/>\n<meta property=\"og:title\" content=\"Safari Wadi El Gemal din Marsa Alam\" \/>\n<meta property=\"og:description\" content=\"Pleca\u021bi \u00een Wadi El Gemal Safari Wadi El Gemal din Marsa Alam! Explora\u021bi de\u0219ertul, vizita\u021bi minele de smarald \u0219i afla\u021bi despre cultura beduin\u0103.\" \/>\n<meta property=\"og:url\" content=\"https:\/\/egytourpackages.com\/ro\/tours\/safari-wadi-el-gemal-din-marsa-alam\/\" \/>\n<meta property=\"og:site_name\" content=\"Egypt Tour Packages\" \/>\n<meta property=\"article:publisher\" content=\"https:\/\/www.facebook.com\/egytourpackages\" \/>\n<meta property=\"article:modified_time\" content=\"2026-01-04T11:10:19+00:00\" \/>\n<meta property=\"og:image\" content=\"https:\/\/egytourpackages.com\/wp-content\/uploads\/2025\/05\/Eastern-desert-Marsa-Alam.jpg\" \/>\n\t<meta property=\"og:image:width\" content=\"1800\" \/>\n\t<meta property=\"og:image:height\" content=\"1200\" \/>\n\t<meta property=\"og:image:type\" content=\"image\/jpeg\" \/>\n<meta name=\"twitter:card\" content=\"summary_large_image\" \/>\n<meta name=\"twitter:title\" content=\"Safari Wadi El Gemal din Marsa Alam\" \/>\n<meta name=\"twitter:label1\" content=\"Pre\u021b\" \/>\n\t<meta name=\"twitter:data1\" content=\"&euro;80\" \/>\n\t<meta name=\"twitter:label2\" content=\"Disponibilitate\" \/>\n\t<meta name=\"twitter:data2\" content=\"\u00cen stoc\" \/>\n<script type=\"application\/ld+json\" class=\"yoast-schema-graph\">{\"@context\":\"https:\\\/\\\/schema.org\",\"@graph\":[{\"@type\":\"WebPage\",\"@id\":\"https:\\\/\\\/egytourpackages.com\\\/ro\\\/tours\\\/safari-wadi-el-gemal-din-marsa-alam\\\/\",\"url\":\"https:\\\/\\\/egytourpackages.com\\\/ro\\\/tours\\\/safari-wadi-el-gemal-din-marsa-alam\\\/\",\"name\":\"Safari Wadi El Gemal din Marsa Alam\",\"isPartOf\":{\"@id\":\"https:\\\/\\\/egytourpackages.com\\\/ro\\\/#website\"},\"primaryImageOfPage\":{\"@id\":\"https:\\\/\\\/egytourpackages.com\\\/ro\\\/tours\\\/safari-wadi-el-gemal-din-marsa-alam\\\/#primaryimage\"},\"image\":{\"@id\":\"https:\\\/\\\/egytourpackages.com\\\/ro\\\/tours\\\/safari-wadi-el-gemal-din-marsa-alam\\\/#primaryimage\"},\"thumbnailUrl\":\"https:\\\/\\\/egytourpackages.com\\\/wp-content\\\/uploads\\\/2025\\\/05\\\/Eastern-desert-Marsa-Alam.jpg\",\"datePublished\":\"2025-05-25T16:32:39+00:00\",\"dateModified\":\"2026-01-04T11:10:19+00:00\",\"description\":\"Pleca\u021bi \u00een Wadi El Gemal Safari Wadi El Gemal din Marsa Alam! Explora\u021bi de\u0219ertul, vizita\u021bi minele de smarald \u0219i afla\u021bi despre cultura beduin\u0103.\",\"breadcrumb\":{\"@id\":\"https:\\\/\\\/egytourpackages.com\\\/ro\\\/tours\\\/safari-wadi-el-gemal-din-marsa-alam\\\/#breadcrumb\"},\"inLanguage\":\"ro-RO\",\"potentialAction\":[{\"@type\":\"ReadAction\",\"target\":[\"https:\\\/\\\/egytourpackages.com\\\/ro\\\/tours\\\/safari-wadi-el-gemal-din-marsa-alam\\\/\"]}]},{\"@type\":\"ImageObject\",\"inLanguage\":\"ro-RO\",\"@id\":\"https:\\\/\\\/egytourpackages.com\\\/ro\\\/tours\\\/safari-wadi-el-gemal-din-marsa-alam\\\/#primaryimage\",\"url\":\"https:\\\/\\\/egytourpackages.com\\\/wp-content\\\/uploads\\\/2025\\\/05\\\/Eastern-desert-Marsa-Alam.jpg\",\"contentUrl\":\"https:\\\/\\\/egytourpackages.com\\\/wp-content\\\/uploads\\\/2025\\\/05\\\/Eastern-desert-Marsa-Alam.jpg\",\"width\":1800,\"height\":1200,\"caption\":\"De\u0219ertul de Est, Marsa Alam\"},{\"@type\":\"BreadcrumbList\",\"@id\":\"https:\\\/\\\/egytourpackages.com\\\/ro\\\/tours\\\/safari-wadi-el-gemal-din-marsa-alam\\\/#breadcrumb\",\"itemListElement\":[{\"@type\":\"ListItem\",\"position\":1,\"name\":\"Home\",\"item\":\"https:\\\/\\\/egytourpackages.com\\\/ro\\\/\"},{\"@type\":\"ListItem\",\"position\":2,\"name\":\"Shop\",\"item\":\"https:\\\/\\\/egytourpackages.com\\\/shop\\\/\"},{\"@type\":\"ListItem\",\"position\":3,\"name\":\"Safari Wadi El Gemal din Marsa Alam\"}]},{\"@type\":\"WebSite\",\"@id\":\"https:\\\/\\\/egytourpackages.com\\\/ro\\\/#website\",\"url\":\"https:\\\/\\\/egytourpackages.com\\\/ro\\\/\",\"name\":\"Egy tour packages\",\"description\":\"\",\"publisher\":{\"@id\":\"https:\\\/\\\/egytourpackages.com\\\/ro\\\/#organization\"},\"potentialAction\":[{\"@type\":\"SearchAction\",\"target\":{\"@type\":\"EntryPoint\",\"urlTemplate\":\"https:\\\/\\\/egytourpackages.com\\\/ro\\\/?s={search_term_string}\"},\"query-input\":{\"@type\":\"PropertyValueSpecification\",\"valueRequired\":true,\"valueName\":\"search_term_string\"}}],\"inLanguage\":\"ro-RO\"},{\"@type\":[\"Organization\",\"Place\",\"TravelAgency\"],\"@id\":\"https:\\\/\\\/egytourpackages.com\\\/ro\\\/#organization\",\"name\":\"egypt tour packages\",\"alternateName\":\"egypt tour packages\",\"url\":\"https:\\\/\\\/egytourpackages.com\\\/ro\\\/\",\"logo\":{\"@id\":\"https:\\\/\\\/egytourpackages.com\\\/ro\\\/tours\\\/safari-wadi-el-gemal-din-marsa-alam\\\/#local-main-organization-logo\"},\"image\":{\"@id\":\"https:\\\/\\\/egytourpackages.com\\\/ro\\\/tours\\\/safari-wadi-el-gemal-din-marsa-alam\\\/#local-main-organization-logo\"},\"sameAs\":[\"https:\\\/\\\/www.facebook.com\\\/egytourpackages\"],\"legalName\":\"Egy tour packages\",\"address\":{\"@id\":\"https:\\\/\\\/egytourpackages.com\\\/ro\\\/tours\\\/safari-wadi-el-gemal-din-marsa-alam\\\/#local-main-place-address\"},\"telephone\":[\"00201000852186\",\"00201028685533\"],\"contactPoint\":{\"@type\":\"ContactPoint\",\"telephone\":\"00201000852186\"},\"openingHoursSpecification\":[{\"@type\":\"OpeningHoursSpecification\",\"dayOfWeek\":[\"Monday\",\"Tuesday\",\"Wednesday\",\"Thursday\",\"Friday\",\"Saturday\",\"Sunday\"],\"opens\":\"00:00\",\"closes\":\"23:59\"}],\"email\":\"info@egytourpackages.com\",\"areaServed\":\"Cairo, Hurghada, Luxor, Sharm El Sheikh, Marsa Alam, Aswan\",\"priceRange\":\"$\",\"currenciesAccepted\":\"euro\",\"paymentAccepted\":\"Payment links online\"},{\"@type\":\"PostalAddress\",\"@id\":\"https:\\\/\\\/egytourpackages.com\\\/ro\\\/tours\\\/safari-wadi-el-gemal-din-marsa-alam\\\/#local-main-place-address\",\"streetAddress\":\"Mubarak 8, Al Kawthar District, Hurghada\",\"addressLocality\":\"Hurghada\",\"postalCode\":\"84511\",\"addressRegion\":\"Red Sea\",\"addressCountry\":\"EG\"},{\"@type\":\"ImageObject\",\"inLanguage\":\"ro-RO\",\"@id\":\"https:\\\/\\\/egytourpackages.com\\\/ro\\\/tours\\\/safari-wadi-el-gemal-din-marsa-alam\\\/#local-main-organization-logo\",\"url\":\"https:\\\/\\\/egytourpackages.com\\\/wp-content\\\/uploads\\\/2025\\\/12\\\/Turquoise-Dahabiya-Nile-Cruise-1.jpeg\",\"contentUrl\":\"https:\\\/\\\/egytourpackages.com\\\/wp-content\\\/uploads\\\/2025\\\/12\\\/Turquoise-Dahabiya-Nile-Cruise-1.jpeg\",\"width\":1040,\"height\":694,\"caption\":\"egypt tour packages\"}]}<\/script>\n<meta property=\"product:brand\" content=\"Excursii de o zi \u00een Egipt\" \/>\n<meta property=\"product:price:amount\" content=\"80\" \/>\n<meta property=\"product:price:currency\" content=\"EUR\" \/>\n<meta property=\"og:availability\" content=\"instock\" \/>\n<meta property=\"product:availability\" content=\"instock\" \/>\n<meta property=\"product:retailer_item_id\" content=\"MAT09\" \/>\n<meta property=\"product:condition\" content=\"new\" \/>\n<meta name=\"geo.placename\" content=\"Hurghada\" \/>\n<meta name=\"geo.region\" content=\"Egipt\" \/>\n<!-- \/ Yoast SEO Premium plugin. -->","yoast_head_json":{"title":"Safari Wadi El Gemal din Marsa Alam","description":"Pleca\u021bi \u00een Wadi El Gemal Safari Wadi El Gemal din Marsa Alam! Explora\u021bi de\u0219ertul, vizita\u021bi minele de smarald \u0219i afla\u021bi despre cultura beduin\u0103.","robots":{"index":"index","follow":"follow","max-snippet":"max-snippet:-1","max-image-preview":"max-image-preview:large","max-video-preview":"max-video-preview:-1"},"canonical":"https:\/\/egytourpackages.com\/ro\/tours\/safari-wadi-el-gemal-din-marsa-alam\/","og_locale":"ro_RO","og_type":"article","og_title":"Safari Wadi El Gemal din Marsa Alam","og_description":"Pleca\u021bi \u00een Wadi El Gemal Safari Wadi El Gemal din Marsa Alam! Explora\u021bi de\u0219ertul, vizita\u021bi minele de smarald \u0219i afla\u021bi despre cultura beduin\u0103.","og_url":"https:\/\/egytourpackages.com\/ro\/tours\/safari-wadi-el-gemal-din-marsa-alam\/","og_site_name":"Egypt Tour Packages","article_publisher":"https:\/\/www.facebook.com\/egytourpackages","article_modified_time":"2026-01-04T11:10:19+00:00","og_image":[{"width":1800,"height":1200,"url":"https:\/\/egytourpackages.com\/wp-content\/uploads\/2025\/05\/Eastern-desert-Marsa-Alam.jpg","type":"image\/jpeg"}],"twitter_card":"summary_large_image","twitter_title":"Safari Wadi El Gemal din Marsa Alam","twitter_misc":{"Pre\u021b":"&euro;80","Disponibilitate":"\u00cen stoc"},"schema":{"@context":"https:\/\/schema.org","@graph":[{"@type":"WebPage","@id":"https:\/\/egytourpackages.com\/ro\/tours\/safari-wadi-el-gemal-din-marsa-alam\/","url":"https:\/\/egytourpackages.com\/ro\/tours\/safari-wadi-el-gemal-din-marsa-alam\/","name":"Safari Wadi El Gemal din Marsa Alam","isPartOf":{"@id":"https:\/\/egytourpackages.com\/ro\/#website"},"primaryImageOfPage":{"@id":"https:\/\/egytourpackages.com\/ro\/tours\/safari-wadi-el-gemal-din-marsa-alam\/#primaryimage"},"image":{"@id":"https:\/\/egytourpackages.com\/ro\/tours\/safari-wadi-el-gemal-din-marsa-alam\/#primaryimage"},"thumbnailUrl":"https:\/\/egytourpackages.com\/wp-content\/uploads\/2025\/05\/Eastern-desert-Marsa-Alam.jpg","datePublished":"2025-05-25T16:32:39+00:00","dateModified":"2026-01-04T11:10:19+00:00","description":"Pleca\u021bi \u00een Wadi El Gemal Safari Wadi El Gemal din Marsa Alam! Explora\u021bi de\u0219ertul, vizita\u021bi minele de smarald \u0219i afla\u021bi despre cultura beduin\u0103.","breadcrumb":{"@id":"https:\/\/egytourpackages.com\/ro\/tours\/safari-wadi-el-gemal-din-marsa-alam\/#breadcrumb"},"inLanguage":"ro-RO","potentialAction":[{"@type":"ReadAction","target":["https:\/\/egytourpackages.com\/ro\/tours\/safari-wadi-el-gemal-din-marsa-alam\/"]}]},{"@type":"ImageObject","inLanguage":"ro-RO","@id":"https:\/\/egytourpackages.com\/ro\/tours\/safari-wadi-el-gemal-din-marsa-alam\/#primaryimage","url":"https:\/\/egytourpackages.com\/wp-content\/uploads\/2025\/05\/Eastern-desert-Marsa-Alam.jpg","contentUrl":"https:\/\/egytourpackages.com\/wp-content\/uploads\/2025\/05\/Eastern-desert-Marsa-Alam.jpg","width":1800,"height":1200,"caption":"De\u0219ertul de Est, Marsa Alam"},{"@type":"BreadcrumbList","@id":"https:\/\/egytourpackages.com\/ro\/tours\/safari-wadi-el-gemal-din-marsa-alam\/#breadcrumb","itemListElement":[{"@type":"ListItem","position":1,"name":"Home","item":"https:\/\/egytourpackages.com\/ro\/"},{"@type":"ListItem","position":2,"name":"Shop","item":"https:\/\/egytourpackages.com\/shop\/"},{"@type":"ListItem","position":3,"name":"Safari Wadi El Gemal din Marsa Alam"}]},{"@type":"WebSite","@id":"https:\/\/egytourpackages.com\/ro\/#website","url":"https:\/\/egytourpackages.com\/ro\/","name":"Egy tour packages","description":"","publisher":{"@id":"https:\/\/egytourpackages.com\/ro\/#organization"},"potentialAction":[{"@type":"SearchAction","target":{"@type":"EntryPoint","urlTemplate":"https:\/\/egytourpackages.com\/ro\/?s={search_term_string}"},"query-input":{"@type":"PropertyValueSpecification","valueRequired":true,"valueName":"search_term_string"}}],"inLanguage":"ro-RO"},{"@type":["Organization","Place","TravelAgency"],"@id":"https:\/\/egytourpackages.com\/ro\/#organization","name":"egypt tour packages","alternateName":"egypt tour packages","url":"https:\/\/egytourpackages.com\/ro\/","logo":{"@id":"https:\/\/egytourpackages.com\/ro\/tours\/safari-wadi-el-gemal-din-marsa-alam\/#local-main-organization-logo"},"image":{"@id":"https:\/\/egytourpackages.com\/ro\/tours\/safari-wadi-el-gemal-din-marsa-alam\/#local-main-organization-logo"},"sameAs":["https:\/\/www.facebook.com\/egytourpackages"],"legalName":"Egy tour packages","address":{"@id":"https:\/\/egytourpackages.com\/ro\/tours\/safari-wadi-el-gemal-din-marsa-alam\/#local-main-place-address"},"telephone":["00201000852186","00201028685533"],"contactPoint":{"@type":"ContactPoint","telephone":"00201000852186"},"openingHoursSpecification":[{"@type":"OpeningHoursSpecification","dayOfWeek":["Monday","Tuesday","Wednesday","Thursday","Friday","Saturday","Sunday"],"opens":"00:00","closes":"23:59"}],"email":"info@egytourpackages.com","areaServed":"Cairo, Hurghada, Luxor, Sharm El Sheikh, Marsa Alam, Aswan","priceRange":"$","currenciesAccepted":"euro","paymentAccepted":"Payment links online"},{"@type":"PostalAddress","@id":"https:\/\/egytourpackages.com\/ro\/tours\/safari-wadi-el-gemal-din-marsa-alam\/#local-main-place-address","streetAddress":"Mubarak 8, Al Kawthar District, Hurghada","addressLocality":"Hurghada","postalCode":"84511","addressRegion":"Red Sea","addressCountry":"EG"},{"@type":"ImageObject","inLanguage":"ro-RO","@id":"https:\/\/egytourpackages.com\/ro\/tours\/safari-wadi-el-gemal-din-marsa-alam\/#local-main-organization-logo","url":"https:\/\/egytourpackages.com\/wp-content\/uploads\/2025\/12\/Turquoise-Dahabiya-Nile-Cruise-1.jpeg","contentUrl":"https:\/\/egytourpackages.com\/wp-content\/uploads\/2025\/12\/Turquoise-Dahabiya-Nile-Cruise-1.jpeg","width":1040,"height":694,"caption":"egypt tour packages"}]},"product_brand":"Excursii de o zi \u00een Egipt","product_price_amount":"80","product_price_currency":"EUR","og_availability":"instock","product_availability":"instock","product_retailer_item_id":"MAT09","product_condition":"new","geo.placename":"Hurghada","geo.region":"Egipt"},"_links":{"self":[{"href":"https:\/\/egytourpackages.com\/ro\/wp-json\/wp\/v2\/product\/6121","targetHints":{"allow":["GET"]}}],"collection":[{"href":"https:\/\/egytourpackages.com\/ro\/wp-json\/wp\/v2\/product"}],"about":[{"href":"https:\/\/egytourpackages.com\/ro\/wp-json\/wp\/v2\/types\/product"}],"replies":[{"embeddable":true,"href":"https:\/\/egytourpackages.com\/ro\/wp-json\/wp\/v2\/comments?post=6121"}],"wp:featuredmedia":[{"embeddable":true,"href":"https:\/\/egytourpackages.com\/ro\/wp-json\/wp\/v2\/media\/6122"}],"wp:attachment":[{"href":"https:\/\/egytourpackages.com\/ro\/wp-json\/wp\/v2\/media?parent=6121"}],"wp:term":[{"taxonomy":"product_brand","embeddable":true,"href":"https:\/\/egytourpackages.com\/ro\/wp-json\/wp\/v2\/product_brand?post=6121"},{"taxonomy":"product_cat","embeddable":true,"href":"https:\/\/egytourpackages.com\/ro\/wp-json\/wp\/v2\/product_cat?post=6121"},{"taxonomy":"product_tag","embeddable":true,"href":"https:\/\/egytourpackages.com\/ro\/wp-json\/wp\/v2\/product_tag?post=6121"}],"curies":[{"name":"wp","href":"https:\/\/api.w.org\/{rel}","templated":true}]}}