{"id":6123,"date":"2025-08-11T14:42:37","date_gmt":"2025-08-11T14:42:37","guid":{"rendered":"https:\/\/egytourpackages.com\/product\/tur-de-scufundari-de-o-noapte-la-sataya-din-marsa-alam\/"},"modified":"2026-01-25T02:38:00","modified_gmt":"2026-01-25T02:38:00","slug":"tur-de-scufundari-de-o-noapte-la-sataya-din-marsa-alam","status":"publish","type":"product","link":"https:\/\/egytourpackages.com\/ro\/tours\/tur-de-scufundari-de-o-noapte-la-sataya-din-marsa-alam\/","title":{"rendered":"Tur de scufund\u0103ri de o noapte la Sataya din Marsa Alam"},"content":{"rendered":"<p><span style=\"color: #ff6600;\"><strong>Tur de scufund\u0103ri de o noapte la Sataya din Marsa Alam<\/strong><\/span><\/p>\n<p><strong>Scufund\u0103ri cu delfini | \u00cennopta\u021bi pe mare | Descoperi\u021bi bijuteriile ascunse ale M\u0103rii Ro\u0219ii | Oportunit\u0103\u021bi de fotografiere subacvatic\u0103 | Serviciu all-inclusive | Tururi Marsa Alam<\/strong><\/p>\n<p><strong>Prezentare general\u0103<\/strong> Rezerva\u021bi-v\u0103 <strong>turul de scufund\u0103ri de o noapte la Sataya din Marsa Alam<\/strong> c\u0103tre una dintre cele mai uimitoare destina\u021bii de snorkeling \u0219i scufund\u0103ri din Marea Ro\u0219ie. <strong>Pachetele turistice Egy<\/strong> v\u0103 ofer\u0103 \u0219ansa de a experimenta magia <strong>Recifului Sataya<\/strong>, cunoscut \u0219i sub numele de <strong>Reciful Casa Delfinilor<\/strong>, pentru a v\u0103 scufunda \u00een cel mai mare recif din Marea Ro\u0219ie, cu o lungime de 45 km.<\/p>\n<p>Bucura\u021bi-v\u0103 de 4 scufund\u0103ri \u00een total \u00een jurul zonei <strong>Recifului de Delfini Shaab Sataya<\/strong> \u0219i <strong>Abu Ghalawa<\/strong> pentru a explora gr\u0103dinile de corali \u0219i bancurile de pe\u0219ti de recif, \u021bestoase \u0219i raze vultur.<\/p>\n<p>Acest tur de scufund\u0103ri de o noapte all-inclusive este perfect pentru scafandrii certifica\u021bi care doresc s\u0103 scape de mul\u021bime, s\u0103 exploreze situri de scufund\u0103ri neatinse. De asemenea, acest tur de scufund\u0103ri uimitor este perfect dac\u0103 sunte\u021bi \u00een c\u0103utarea de <strong>lucruri de f\u0103cut cu prietenii<\/strong>, <strong>escapade romantice de weekend<\/strong> sau <strong>pachete de vacan\u021b\u0103 de lux pentru familii<\/strong>. Contacta\u021bi-ne \u0219i bucura\u021bi-v\u0103 de unul dintre cele mai bune <strong>tururi \u00een Egipt<\/strong> \u00een timp ce v\u0103 afla\u021bi \u00een Marsa Alam.<\/p>\n<h3><span style=\"color: #ff6600;\">Detalii<\/span><\/h3>\n<ul>\n<li>Durat\u0103: 2 Zile | 1 Noapte<\/li>\n<li>Loca\u021bia Turului: Marsa Alam<\/li>\n<li>Disponibilitate Tur: S\u00e2mb\u0103t\u0103 \u2013 Luni \u2013 Miercuri<\/li>\n<li>Preluare &amp; L\u0103sare: Hotelul dumneavoastr\u0103 din Marsa Alam<\/li>\n<li>Tipul Turului: Tur recreativ<\/li>\n<li><strong>Limba: Rom\u00e2n\u0103<\/strong><\/li>\n<li>Scaun cu rotile: accesibil<\/li>\n<\/ul>\n<h3><span style=\"color: #ff6600;\">Incluse<\/span><\/h3>\n<ul>\n<li>Transfer dus-\u00eentors de la hotelul dumneavoastr\u0103 \u0219i \u00eenapoi<\/li>\n<li>1 noapte de cazare la bord, pe baza unei camere duble all-inclusive<\/li>\n<li>Mesele men\u021bionate \u00een program<\/li>\n<li><strong>Instructor de scufund\u0103ri vorbitor de limba rom\u00e2n\u0103<\/strong><\/li>\n<li>Procedur\u0103 medical\u0103 pentru orice caz de urgen\u021b\u0103.<\/li>\n<\/ul>\n<h3><span style=\"color: #ff6600;\">Excluse<\/span><\/h3>\n<ul>\n<li>\u00cenchirierea complet\u0103 a echipamentului de scufund\u0103ri (disponibil\u0103 la cerere)<\/li>\n<li>Taxa de mediu 10 euro de c\u0103l\u0103torie<\/li>\n<li>Dac\u0103 alege\u021bi scufund\u0103rile, echipamentul de scufund\u0103ri nu este inclus (cost\u0103 20-euro pe zi)<\/li>\n<li>DVD \u0219i fotografii realizate de cameraman<\/li>\n<\/ul>\n<h3><span style=\"color: #ff6600;\">Ce s\u0103 lua\u021bi cu dumneavoastr\u0103<\/span><\/h3>\n<ul>\n<li>Prosop de plaj\u0103 de la hotel<\/li>\n<li>Echipament personal de scufund\u0103ri (dac\u0103 prefera\u021bi)<\/li>\n<li>Costum de baie, crem\u0103 de soare, ochelari de soare<\/li>\n<li>Haine groase pentru sear\u0103<\/li>\n<li>Camer\u0103 foto subacvatic\u0103 (recomandat\u0103)<\/li>\n<\/ul>\n<h3><span style=\"color: #ff6600;\">Itinerariu<\/span><\/h3>\n<h3><span style=\"color: #ff6600;\">Ziua 1: Marsa Alam Reciful Sataya <\/span><\/h3>\n<p>Reprezentantul nostru v\u0103 va \u00eent\u00e2lni \u00een holul hotelului dumneavoastr\u0103 pentru a \u00eencepe turul de scufund\u0103ri de o noapte la Sataya din Marsa Alam. La sosirea \u00een Portul Hamata, unde barca v\u0103 a\u0219teapt\u0103, ve\u021bi fi \u00eent\u00e2mpinat de echipaj. Naviga\u021bia dureaz\u0103 dou\u0103 ore \u0219i jum\u0103tate pentru a ajunge la <strong>Reciful de Delfini Shaab Sataya<\/strong>. Preg\u0103ti\u021bi-v\u0103 pentru prima scufundare dup\u0103 briefing-ul instructorului dumneavoastr\u0103 de scufund\u0103ri \u00eentr-un loc de scufund\u0103ri foarte frumos, cu recife de corali uimitoare \u0219i pe\u0219ti colora\u021bi. De fapt, atunci c\u00e2nd nu este r\u00e2ndul dumneavoastr\u0103 s\u0103 v\u0103 scufunda\u021bi, pute\u021bi \u00eenota cu delfinii \u00een <strong>Reciful Casa Delfinilor<\/strong>. Mai t\u00e2rziu, v\u0103 ve\u021bi bucura de un pr\u00e2nz proasp\u0103t g\u0103tit la bord \u00eenainte de a doua scufundare \u00eentr-un alt loc de scufund\u0103ri. Acum este timpul s\u0103 v\u0103 relaxa\u021bi \u0219i s\u0103 asculta\u021bi muzic\u0103 u\u0219oar\u0103 \u00een timp ce cina este preg\u0103tit\u0103. Savura\u021bi cina, apoi sunte\u021bi liber s\u0103 sta\u021bi pe punte, s\u0103 dormi\u021bi \u00een camer\u0103 sau s\u0103 participa\u021bi la o scufundare de noapte contra cost.<\/p>\n<h3><span style=\"color: #ff6600;\">Ziua 2: Reciful Sataya hotelul Marsa Alam <\/span><\/h3>\n<p>Trezirea devreme \u0219i prima scufundare \u00eenainte de micul dejun \u0219i \u00eenainte ca barca de zi s\u0103 ajung\u0103 \u00een <strong>laguna Sataya<\/strong>. De asemenea, v\u0103 pute\u021bi bucura de o sesiune de snorkeling cu <strong>delfinii<\/strong> juc\u0103u\u0219i p\u00e2n\u0103 c\u00e2nd micul dejun va fi servit la bord. Acum este timpul s\u0103 naviga\u021bi la nord de reciful Sataya spre <strong>Abu Ghalawa<\/strong>, unde ve\u021bi avea ultima dumneavoastr\u0103 scufundare. Abu Ghalawa este faimos pentru recifele de corali unice \u0219i via\u021ba marin\u0103. \u00cen cele din urm\u0103, savura\u021bi pr\u00e2nzul la bord \u00een timp ce naviga\u021bi \u00eenapoi la debarcaderul Hamata, apoi ve\u021bi fi condus \u00eenapoi la hotelul dumneavoastr\u0103 din Marsa Alam.<\/p>\n<h2><span style=\"color: #ff6600;\">P.C.<\/span><\/h2>\n<p>Locurile sunt limitate \u0219i se ocup\u0103 rapid din cauza cererii mari. Rezerva\u021bi-v\u0103 locul acum \u0219i plonja\u021bi \u00eentr-una dintre cele mai spectaculoase experien\u021be de scufund\u0103ri de o noapte pe care le ofer\u0103 Marea Ro\u0219ie.<\/p>\n<h3><span style=\"color: #ff6600;\">Pre\u021b Tur de scufund\u0103ri de o noapte la Sataya din Marsa Alam<\/span><\/h3>\n<p>Pre\u021b total 200 euro de persoan\u0103<\/p>\n<p>Copii 0-5 ani = gratuit<\/p>\n<p>Copii 5-11 ani = 100 \u20ac<\/p>\n<h3><span style=\"color: #ff6600;\">Rezervare<\/span><\/h3>\n<p>Pute\u021bi rezerva turul dumneavoastr\u0103 prin WhatsApp sau ne pute\u021bi trimite un e-mail \u0219i ve\u021bi primi confirmarea pe loc. V\u0103 rug\u0103m s\u0103 ne trimite\u021bi numele hotelului, num\u0103rul camerei, copiile pa\u0219apoartelor.<\/p>\n<p>WhatsApp: <strong>+201000852186<\/strong><\/p>\n<p>info@egytourpackages.com<\/p>\n<h3><span style=\"color: #ff6600;\">Rezerva\u021bi acum \u0219i pl\u0103ti\u021bi la fa\u021ba locului<\/span><\/h3>\n<p>Rezerva\u021bi turul dumneavoastr\u0103 preferat \u0219i pl\u0103ti\u021bi \u00een ziua excursiei.<\/p>\n<h3><span style=\"color: #ff6600;\">Plat\u0103<\/span><\/h3>\n<p>Pute\u021bi pl\u0103ti \u00een lire egiptene, $, \u20ac sau \u00a3.<\/p>\n<h3><span style=\"color: #ff6600;\">Politica de Anulare<\/span><\/h3>\n<p>Anularea este gratuit\u0103 cu p\u00e2n\u0103 la 24 de ore \u00een avans Anularea diminea\u021ba este de 50% din pre\u021b<\/p>\n","protected":false},"excerpt":{"rendered":"<p>O experien\u021b\u0103 magic\u0103 te a\u0219teapt\u0103! Tur de scufund\u0103ri de o noapte la Sataya din Marsa Alam, petrece noaptea pe mare \u0219i exploreaz\u0103 recifuri unice.<\/p>\n","protected":false},"featured_media":6124,"comment_status":"closed","ping_status":"closed","template":"","meta":[],"product_brand":[],"product_cat":[3120],"product_tag":[3328,3203,3192,3229],"class_list":{"0":"post-6123","1":"product","2":"type-product","3":"status-publish","4":"has-post-thumbnail","6":"product_cat-tururi","7":"product_tag-cele-mai-bune-lucruri-de-facut-in-marsa-alam","8":"product_tag-excursii-de-o-zi-in-egipt","9":"product_tag-tururi-in-egipt","10":"product_tag-tururi-marsa-alam","11":"tour_category-excursii-de-o-zi-in-egipt-ro","12":"tour_category-excursii-marsa-alam-ro","14":"first","15":"instock","16":"sale","17":"shipping-taxable","18":"purchasable","19":"product-type-tour","20":"has-default-attributes"},"yoast_head":"<!-- This site is optimized with the Yoast SEO Premium plugin v27.4 (Yoast SEO v27.4) - https:\/\/yoast.com\/product\/yoast-seo-premium-wordpress\/ -->\n<title>Tur de scufund\u0103ri de o noapte la Sataya din Marsa Alam<\/title>\n<meta name=\"description\" content=\"O experien\u021b\u0103 magic\u0103 te a\u0219teapt\u0103! Tur de scufund\u0103ri de o noapte la Sataya din Marsa Alam, petrece noaptea pe mare \u0219i exploreaz\u0103 recifuri unice.\" \/>\n<meta name=\"robots\" content=\"index, follow, max-snippet:-1, max-image-preview:large, max-video-preview:-1\" \/>\n<link rel=\"canonical\" href=\"https:\/\/egytourpackages.com\/ro\/tours\/tur-de-scufundari-de-o-noapte-la-sataya-din-marsa-alam\/\" \/>\n<meta property=\"og:locale\" content=\"ro_RO\" \/>\n<meta property=\"og:type\" content=\"article\" \/>\n<meta property=\"og:title\" content=\"Tur de scufund\u0103ri de o noapte la Sataya din Marsa Alam\" \/>\n<meta property=\"og:description\" content=\"O experien\u021b\u0103 magic\u0103 te a\u0219teapt\u0103! Tur de scufund\u0103ri de o noapte la Sataya din Marsa Alam, petrece noaptea pe mare \u0219i exploreaz\u0103 recifuri unice.\" \/>\n<meta property=\"og:url\" content=\"https:\/\/egytourpackages.com\/ro\/tours\/tur-de-scufundari-de-o-noapte-la-sataya-din-marsa-alam\/\" \/>\n<meta property=\"og:site_name\" content=\"Egypt Tour Packages\" \/>\n<meta property=\"article:publisher\" content=\"https:\/\/www.facebook.com\/egytourpackages\" \/>\n<meta property=\"article:modified_time\" content=\"2026-01-25T02:38:00+00:00\" \/>\n<meta property=\"og:image\" content=\"https:\/\/egytourpackages.com\/wp-content\/uploads\/2025\/08\/Sataya-Dolphin-House.jpg\" \/>\n<meta name=\"twitter:card\" content=\"summary_large_image\" \/>\n<meta name=\"twitter:title\" content=\"Tur de scufund\u0103ri de o noapte la Sataya din Marsa Alam\" \/>\n<meta name=\"twitter:label1\" content=\"Pre\u021b\" \/>\n\t<meta name=\"twitter:data1\" content=\"&euro;170\" \/>\n\t<meta name=\"twitter:label2\" content=\"Disponibilitate\" \/>\n\t<meta name=\"twitter:data2\" content=\"\u00cen stoc\" \/>\n<script type=\"application\/ld+json\" class=\"yoast-schema-graph\">{\"@context\":\"https:\\\/\\\/schema.org\",\"@graph\":[{\"@type\":\"WebPage\",\"@id\":\"https:\\\/\\\/egytourpackages.com\\\/ro\\\/tours\\\/tur-de-scufundari-de-o-noapte-la-sataya-din-marsa-alam\\\/\",\"url\":\"https:\\\/\\\/egytourpackages.com\\\/ro\\\/tours\\\/tur-de-scufundari-de-o-noapte-la-sataya-din-marsa-alam\\\/\",\"name\":\"Tur de scufund\u0103ri de o noapte la Sataya din Marsa Alam\",\"isPartOf\":{\"@id\":\"https:\\\/\\\/egytourpackages.com\\\/ro\\\/#website\"},\"primaryImageOfPage\":{\"@id\":\"https:\\\/\\\/egytourpackages.com\\\/ro\\\/tours\\\/tur-de-scufundari-de-o-noapte-la-sataya-din-marsa-alam\\\/#primaryimage\"},\"image\":{\"@id\":\"https:\\\/\\\/egytourpackages.com\\\/ro\\\/tours\\\/tur-de-scufundari-de-o-noapte-la-sataya-din-marsa-alam\\\/#primaryimage\"},\"thumbnailUrl\":\"https:\\\/\\\/egytourpackages.com\\\/wp-content\\\/uploads\\\/2025\\\/08\\\/Sataya-Dolphin-House.jpg\",\"datePublished\":\"2025-08-11T14:42:37+00:00\",\"dateModified\":\"2026-01-25T02:38:00+00:00\",\"description\":\"O experien\u021b\u0103 magic\u0103 te a\u0219teapt\u0103! Tur de scufund\u0103ri de o noapte la Sataya din Marsa Alam, petrece noaptea pe mare \u0219i exploreaz\u0103 recifuri unice.\",\"breadcrumb\":{\"@id\":\"https:\\\/\\\/egytourpackages.com\\\/ro\\\/tours\\\/tur-de-scufundari-de-o-noapte-la-sataya-din-marsa-alam\\\/#breadcrumb\"},\"inLanguage\":\"ro-RO\",\"potentialAction\":[{\"@type\":\"ReadAction\",\"target\":[\"https:\\\/\\\/egytourpackages.com\\\/ro\\\/tours\\\/tur-de-scufundari-de-o-noapte-la-sataya-din-marsa-alam\\\/\"]}]},{\"@type\":\"ImageObject\",\"inLanguage\":\"ro-RO\",\"@id\":\"https:\\\/\\\/egytourpackages.com\\\/ro\\\/tours\\\/tur-de-scufundari-de-o-noapte-la-sataya-din-marsa-alam\\\/#primaryimage\",\"url\":\"https:\\\/\\\/egytourpackages.com\\\/wp-content\\\/uploads\\\/2025\\\/08\\\/Sataya-Dolphin-House.jpg\",\"contentUrl\":\"https:\\\/\\\/egytourpackages.com\\\/wp-content\\\/uploads\\\/2025\\\/08\\\/Sataya-Dolphin-House.jpg\",\"width\":1024,\"height\":712,\"caption\":\"Tur de scufund\u0103ri de o noapte la Sataya din Marsa Alam\"},{\"@type\":\"BreadcrumbList\",\"@id\":\"https:\\\/\\\/egytourpackages.com\\\/ro\\\/tours\\\/tur-de-scufundari-de-o-noapte-la-sataya-din-marsa-alam\\\/#breadcrumb\",\"itemListElement\":[{\"@type\":\"ListItem\",\"position\":1,\"name\":\"Home\",\"item\":\"https:\\\/\\\/egytourpackages.com\\\/ro\\\/\"},{\"@type\":\"ListItem\",\"position\":2,\"name\":\"Shop\",\"item\":\"https:\\\/\\\/egytourpackages.com\\\/shop\\\/\"},{\"@type\":\"ListItem\",\"position\":3,\"name\":\"Tur de scufund\u0103ri de o noapte la Sataya din Marsa Alam\"}]},{\"@type\":\"WebSite\",\"@id\":\"https:\\\/\\\/egytourpackages.com\\\/ro\\\/#website\",\"url\":\"https:\\\/\\\/egytourpackages.com\\\/ro\\\/\",\"name\":\"Egy tour packages\",\"description\":\"\",\"publisher\":{\"@id\":\"https:\\\/\\\/egytourpackages.com\\\/ro\\\/#organization\"},\"potentialAction\":[{\"@type\":\"SearchAction\",\"target\":{\"@type\":\"EntryPoint\",\"urlTemplate\":\"https:\\\/\\\/egytourpackages.com\\\/ro\\\/?s={search_term_string}\"},\"query-input\":{\"@type\":\"PropertyValueSpecification\",\"valueRequired\":true,\"valueName\":\"search_term_string\"}}],\"inLanguage\":\"ro-RO\"},{\"@type\":[\"Organization\",\"Place\",\"TravelAgency\"],\"@id\":\"https:\\\/\\\/egytourpackages.com\\\/ro\\\/#organization\",\"name\":\"egypt tour packages\",\"alternateName\":\"egypt tour packages\",\"url\":\"https:\\\/\\\/egytourpackages.com\\\/ro\\\/\",\"logo\":{\"@id\":\"https:\\\/\\\/egytourpackages.com\\\/ro\\\/tours\\\/tur-de-scufundari-de-o-noapte-la-sataya-din-marsa-alam\\\/#local-main-organization-logo\"},\"image\":{\"@id\":\"https:\\\/\\\/egytourpackages.com\\\/ro\\\/tours\\\/tur-de-scufundari-de-o-noapte-la-sataya-din-marsa-alam\\\/#local-main-organization-logo\"},\"sameAs\":[\"https:\\\/\\\/www.facebook.com\\\/egytourpackages\"],\"legalName\":\"Egy tour packages\",\"address\":{\"@id\":\"https:\\\/\\\/egytourpackages.com\\\/ro\\\/tours\\\/tur-de-scufundari-de-o-noapte-la-sataya-din-marsa-alam\\\/#local-main-place-address\"},\"telephone\":[\"00201000852186\",\"00201028685533\"],\"contactPoint\":{\"@type\":\"ContactPoint\",\"telephone\":\"00201000852186\"},\"openingHoursSpecification\":[{\"@type\":\"OpeningHoursSpecification\",\"dayOfWeek\":[\"Monday\",\"Tuesday\",\"Wednesday\",\"Thursday\",\"Friday\",\"Saturday\",\"Sunday\"],\"opens\":\"00:00\",\"closes\":\"23:59\"}],\"email\":\"info@egytourpackages.com\",\"areaServed\":\"Cairo, Hurghada, Luxor, Sharm El Sheikh, Marsa Alam, Aswan\",\"priceRange\":\"$\",\"currenciesAccepted\":\"euro\",\"paymentAccepted\":\"Payment links online\"},{\"@type\":\"PostalAddress\",\"@id\":\"https:\\\/\\\/egytourpackages.com\\\/ro\\\/tours\\\/tur-de-scufundari-de-o-noapte-la-sataya-din-marsa-alam\\\/#local-main-place-address\",\"streetAddress\":\"Mubarak 8, Al Kawthar District, Hurghada\",\"addressLocality\":\"Hurghada\",\"postalCode\":\"84511\",\"addressRegion\":\"Red Sea\",\"addressCountry\":\"EG\"},{\"@type\":\"ImageObject\",\"inLanguage\":\"ro-RO\",\"@id\":\"https:\\\/\\\/egytourpackages.com\\\/ro\\\/tours\\\/tur-de-scufundari-de-o-noapte-la-sataya-din-marsa-alam\\\/#local-main-organization-logo\",\"url\":\"https:\\\/\\\/egytourpackages.com\\\/wp-content\\\/uploads\\\/2025\\\/12\\\/Turquoise-Dahabiya-Nile-Cruise-1.jpeg\",\"contentUrl\":\"https:\\\/\\\/egytourpackages.com\\\/wp-content\\\/uploads\\\/2025\\\/12\\\/Turquoise-Dahabiya-Nile-Cruise-1.jpeg\",\"width\":1040,\"height\":694,\"caption\":\"egypt tour packages\"}]}<\/script>\n<meta property=\"product:brand\" content=\"Excursii de o zi \u00een Egipt\" \/>\n<meta property=\"product:price:amount\" content=\"170\" \/>\n<meta property=\"product:price:currency\" content=\"EUR\" \/>\n<meta property=\"og:availability\" content=\"instock\" \/>\n<meta property=\"product:availability\" content=\"instock\" \/>\n<meta property=\"product:retailer_item_id\" content=\"MAT16\" \/>\n<meta property=\"product:condition\" content=\"new\" \/>\n<meta name=\"geo.placename\" content=\"Hurghada\" \/>\n<meta name=\"geo.region\" content=\"Egipt\" \/>\n<!-- \/ Yoast SEO Premium plugin. -->","yoast_head_json":{"title":"Tur de scufund\u0103ri de o noapte la Sataya din Marsa Alam","description":"O experien\u021b\u0103 magic\u0103 te a\u0219teapt\u0103! Tur de scufund\u0103ri de o noapte la Sataya din Marsa Alam, petrece noaptea pe mare \u0219i exploreaz\u0103 recifuri unice.","robots":{"index":"index","follow":"follow","max-snippet":"max-snippet:-1","max-image-preview":"max-image-preview:large","max-video-preview":"max-video-preview:-1"},"canonical":"https:\/\/egytourpackages.com\/ro\/tours\/tur-de-scufundari-de-o-noapte-la-sataya-din-marsa-alam\/","og_locale":"ro_RO","og_type":"article","og_title":"Tur de scufund\u0103ri de o noapte la Sataya din Marsa Alam","og_description":"O experien\u021b\u0103 magic\u0103 te a\u0219teapt\u0103! Tur de scufund\u0103ri de o noapte la Sataya din Marsa Alam, petrece noaptea pe mare \u0219i exploreaz\u0103 recifuri unice.","og_url":"https:\/\/egytourpackages.com\/ro\/tours\/tur-de-scufundari-de-o-noapte-la-sataya-din-marsa-alam\/","og_site_name":"Egypt Tour Packages","article_publisher":"https:\/\/www.facebook.com\/egytourpackages","article_modified_time":"2026-01-25T02:38:00+00:00","og_image":[{"url":"https:\/\/egytourpackages.com\/wp-content\/uploads\/2025\/08\/Sataya-Dolphin-House.jpg","type":"","width":"","height":""}],"twitter_card":"summary_large_image","twitter_title":"Tur de scufund\u0103ri de o noapte la Sataya din Marsa Alam","twitter_misc":{"Pre\u021b":"&euro;170","Disponibilitate":"\u00cen stoc"},"schema":{"@context":"https:\/\/schema.org","@graph":[{"@type":"WebPage","@id":"https:\/\/egytourpackages.com\/ro\/tours\/tur-de-scufundari-de-o-noapte-la-sataya-din-marsa-alam\/","url":"https:\/\/egytourpackages.com\/ro\/tours\/tur-de-scufundari-de-o-noapte-la-sataya-din-marsa-alam\/","name":"Tur de scufund\u0103ri de o noapte la Sataya din Marsa Alam","isPartOf":{"@id":"https:\/\/egytourpackages.com\/ro\/#website"},"primaryImageOfPage":{"@id":"https:\/\/egytourpackages.com\/ro\/tours\/tur-de-scufundari-de-o-noapte-la-sataya-din-marsa-alam\/#primaryimage"},"image":{"@id":"https:\/\/egytourpackages.com\/ro\/tours\/tur-de-scufundari-de-o-noapte-la-sataya-din-marsa-alam\/#primaryimage"},"thumbnailUrl":"https:\/\/egytourpackages.com\/wp-content\/uploads\/2025\/08\/Sataya-Dolphin-House.jpg","datePublished":"2025-08-11T14:42:37+00:00","dateModified":"2026-01-25T02:38:00+00:00","description":"O experien\u021b\u0103 magic\u0103 te a\u0219teapt\u0103! Tur de scufund\u0103ri de o noapte la Sataya din Marsa Alam, petrece noaptea pe mare \u0219i exploreaz\u0103 recifuri unice.","breadcrumb":{"@id":"https:\/\/egytourpackages.com\/ro\/tours\/tur-de-scufundari-de-o-noapte-la-sataya-din-marsa-alam\/#breadcrumb"},"inLanguage":"ro-RO","potentialAction":[{"@type":"ReadAction","target":["https:\/\/egytourpackages.com\/ro\/tours\/tur-de-scufundari-de-o-noapte-la-sataya-din-marsa-alam\/"]}]},{"@type":"ImageObject","inLanguage":"ro-RO","@id":"https:\/\/egytourpackages.com\/ro\/tours\/tur-de-scufundari-de-o-noapte-la-sataya-din-marsa-alam\/#primaryimage","url":"https:\/\/egytourpackages.com\/wp-content\/uploads\/2025\/08\/Sataya-Dolphin-House.jpg","contentUrl":"https:\/\/egytourpackages.com\/wp-content\/uploads\/2025\/08\/Sataya-Dolphin-House.jpg","width":1024,"height":712,"caption":"Tur de scufund\u0103ri de o noapte la Sataya din Marsa Alam"},{"@type":"BreadcrumbList","@id":"https:\/\/egytourpackages.com\/ro\/tours\/tur-de-scufundari-de-o-noapte-la-sataya-din-marsa-alam\/#breadcrumb","itemListElement":[{"@type":"ListItem","position":1,"name":"Home","item":"https:\/\/egytourpackages.com\/ro\/"},{"@type":"ListItem","position":2,"name":"Shop","item":"https:\/\/egytourpackages.com\/shop\/"},{"@type":"ListItem","position":3,"name":"Tur de scufund\u0103ri de o noapte la Sataya din Marsa Alam"}]},{"@type":"WebSite","@id":"https:\/\/egytourpackages.com\/ro\/#website","url":"https:\/\/egytourpackages.com\/ro\/","name":"Egy tour packages","description":"","publisher":{"@id":"https:\/\/egytourpackages.com\/ro\/#organization"},"potentialAction":[{"@type":"SearchAction","target":{"@type":"EntryPoint","urlTemplate":"https:\/\/egytourpackages.com\/ro\/?s={search_term_string}"},"query-input":{"@type":"PropertyValueSpecification","valueRequired":true,"valueName":"search_term_string"}}],"inLanguage":"ro-RO"},{"@type":["Organization","Place","TravelAgency"],"@id":"https:\/\/egytourpackages.com\/ro\/#organization","name":"egypt tour packages","alternateName":"egypt tour packages","url":"https:\/\/egytourpackages.com\/ro\/","logo":{"@id":"https:\/\/egytourpackages.com\/ro\/tours\/tur-de-scufundari-de-o-noapte-la-sataya-din-marsa-alam\/#local-main-organization-logo"},"image":{"@id":"https:\/\/egytourpackages.com\/ro\/tours\/tur-de-scufundari-de-o-noapte-la-sataya-din-marsa-alam\/#local-main-organization-logo"},"sameAs":["https:\/\/www.facebook.com\/egytourpackages"],"legalName":"Egy tour packages","address":{"@id":"https:\/\/egytourpackages.com\/ro\/tours\/tur-de-scufundari-de-o-noapte-la-sataya-din-marsa-alam\/#local-main-place-address"},"telephone":["00201000852186","00201028685533"],"contactPoint":{"@type":"ContactPoint","telephone":"00201000852186"},"openingHoursSpecification":[{"@type":"OpeningHoursSpecification","dayOfWeek":["Monday","Tuesday","Wednesday","Thursday","Friday","Saturday","Sunday"],"opens":"00:00","closes":"23:59"}],"email":"info@egytourpackages.com","areaServed":"Cairo, Hurghada, Luxor, Sharm El Sheikh, Marsa Alam, Aswan","priceRange":"$","currenciesAccepted":"euro","paymentAccepted":"Payment links online"},{"@type":"PostalAddress","@id":"https:\/\/egytourpackages.com\/ro\/tours\/tur-de-scufundari-de-o-noapte-la-sataya-din-marsa-alam\/#local-main-place-address","streetAddress":"Mubarak 8, Al Kawthar District, Hurghada","addressLocality":"Hurghada","postalCode":"84511","addressRegion":"Red Sea","addressCountry":"EG"},{"@type":"ImageObject","inLanguage":"ro-RO","@id":"https:\/\/egytourpackages.com\/ro\/tours\/tur-de-scufundari-de-o-noapte-la-sataya-din-marsa-alam\/#local-main-organization-logo","url":"https:\/\/egytourpackages.com\/wp-content\/uploads\/2025\/12\/Turquoise-Dahabiya-Nile-Cruise-1.jpeg","contentUrl":"https:\/\/egytourpackages.com\/wp-content\/uploads\/2025\/12\/Turquoise-Dahabiya-Nile-Cruise-1.jpeg","width":1040,"height":694,"caption":"egypt tour packages"}]},"product_brand":"Excursii de o zi \u00een Egipt","product_price_amount":"170","product_price_currency":"EUR","og_availability":"instock","product_availability":"instock","product_retailer_item_id":"MAT16","product_condition":"new","geo.placename":"Hurghada","geo.region":"Egipt"},"_links":{"self":[{"href":"https:\/\/egytourpackages.com\/ro\/wp-json\/wp\/v2\/product\/6123","targetHints":{"allow":["GET"]}}],"collection":[{"href":"https:\/\/egytourpackages.com\/ro\/wp-json\/wp\/v2\/product"}],"about":[{"href":"https:\/\/egytourpackages.com\/ro\/wp-json\/wp\/v2\/types\/product"}],"replies":[{"embeddable":true,"href":"https:\/\/egytourpackages.com\/ro\/wp-json\/wp\/v2\/comments?post=6123"}],"wp:featuredmedia":[{"embeddable":true,"href":"https:\/\/egytourpackages.com\/ro\/wp-json\/wp\/v2\/media\/6124"}],"wp:attachment":[{"href":"https:\/\/egytourpackages.com\/ro\/wp-json\/wp\/v2\/media?parent=6123"}],"wp:term":[{"taxonomy":"product_brand","embeddable":true,"href":"https:\/\/egytourpackages.com\/ro\/wp-json\/wp\/v2\/product_brand?post=6123"},{"taxonomy":"product_cat","embeddable":true,"href":"https:\/\/egytourpackages.com\/ro\/wp-json\/wp\/v2\/product_cat?post=6123"},{"taxonomy":"product_tag","embeddable":true,"href":"https:\/\/egytourpackages.com\/ro\/wp-json\/wp\/v2\/product_tag?post=6123"}],"curies":[{"name":"wp","href":"https:\/\/api.w.org\/{rel}","templated":true}]}}