{"id":6155,"date":"2025-08-12T14:52:18","date_gmt":"2025-08-12T14:52:18","guid":{"rendered":"https:\/\/egytourpackages.com\/product\/excursie-la-alexandria-din-marsa-matruh\/"},"modified":"2026-01-03T22:37:26","modified_gmt":"2026-01-03T22:37:26","slug":"excursie-la-alexandria-din-marsa-matruh","status":"publish","type":"product","link":"https:\/\/egytourpackages.com\/ro\/tours\/excursie-la-alexandria-din-marsa-matruh\/","title":{"rendered":"Excursie la Alexandria din Marsa Matruh"},"content":{"rendered":"<p><span style=\"color: #ff6600;\"><strong>Excursie la Alexandria din Marsa Matruh<\/strong><\/span><\/p>\n<p>Evada\u021bi pentru o zi din lini\u0219tea de coast\u0103 a ora\u0219ului Marsa Matruh \u0219i c\u0103l\u0103tori\u021bi spre ora\u0219ul istoric Alexandria. <strong>Excursia noastr\u0103 la Alexandria din Marsa Matruh<\/strong> este modalitatea perfect\u0103 de a explora bogata mo\u0219tenire greco-roman\u0103 a Egiptului \u0219i farmecul s\u0103u mediteranean iconic. Acest <strong>tur complet din Marsa Matruh<\/strong> este conceput pentru a v\u0103 maximiza vizitarea obiectivelor turistice, duc\u00e2ndu-v\u0103 la cele mai semnificative repere ale ora\u0219ului \u00eentr-o singur\u0103 aventur\u0103 bine ritmat\u0103.<\/p>\n<p>La sosire, explorarea dumneavoastr\u0103 istoric\u0103 \u00eencepe cu o vizit\u0103 la magnifica <strong>Coloana lui Pompei<\/strong>, o coloan\u0103 triumfal\u0103 roman\u0103 impun\u0103toare care st\u0103 ca un testament al puterii antice a ora\u0219ului.<\/p>\n<p>Apoi, ve\u021bi cobor\u00ee \u00een fascinantele <strong>Catacombe din Kom el Shoqafa<\/strong>, un sit de \u00eenmorm\u00e2ntare roman remarcabil, s\u0103pat \u00een st\u00e2nc\u0103, care prezint\u0103 o combina\u021bie unic\u0103 de art\u0103 \u0219i arhitectur\u0103 egiptean\u0103 \u0219i greco-roman\u0103. De asemenea, turul v\u0103 duce la minunea arhitectural\u0103 modern\u0103 a <strong>Bibliotecii din Alexandria<\/strong> (Bibliotheca Alexandrina), unde ve\u021bi avea o oportunitate perfect\u0103 pentru fotografii ale acestui grandios omagiu adus celei mai faimoase biblioteci din lumea antic\u0103.<\/p>\n<p>Apoi, ve\u021bi avea o ultim\u0103 oprire foto la puternica <strong>Citadel\u0103 din Qaitbay<\/strong> din exterior, o magnific\u0103 fort\u0103rea\u021b\u0103 din secolul al XV-lea, construit\u0103 pe \u00eens\u0103\u0219i funda\u021bia antic\u0103 a <strong>Farului din Alexandria<\/strong>. Aceast\u0103 <strong>excursie de o zi la Alexandria<\/strong> este modalitatea suprem\u0103 de a experimenta trecutul legendar al ora\u0219ului \u00eentr-o singur\u0103, de neuitat, c\u0103l\u0103torie.<\/p>\n<h3><span style=\"color: #ff6600;\">Detalii Tur<\/span><\/h3>\n<ul>\n<li>Durat\u0103: 7 ore<\/li>\n<li>Loca\u021bia Turului: Alexandria<\/li>\n<li>Disponibilitate Tur: Zilnic<\/li>\n<li>Preluare &amp; L\u0103sare: Hotelurile din Marsa Matruh<\/li>\n<li><strong>Limba: Rom\u00e2n\u0103<\/strong><\/li>\n<li>Tipul Turului: Privat<\/li>\n<\/ul>\n<h3><span style=\"color: #ff6600;\">Puncte de atrac\u021bie ale turului<\/span><\/h3>\n<ul>\n<li>Coloana lui Pompei<\/li>\n<li>Serapeum din Alexandria<\/li>\n<li>Catacombele din Kom El Shoqafa<\/li>\n<li>Citadela Qaitbay &amp; Farul din Alexandria<\/li>\n<li>Biblioteca din Alexandria<\/li>\n<\/ul>\n<h3><span style=\"color: #ff6600;\">Incluse<\/span><\/h3>\n<ul>\n<li>Transfer dus-\u00eentors cu vehicul modern cu aer condi\u021bionat<\/li>\n<li><strong>Ghid arheolog expert vorbitor de limba rom\u00e2n\u0103<\/strong><\/li>\n<li>Pr\u00e2nz<\/li>\n<li>Ap\u0103 \u00een timpul turului<\/li>\n<\/ul>\n<h3><span style=\"color: #ff6600;\">Excluse<\/span><\/h3>\n<ul>\n<li>Bac\u0219i\u0219<\/li>\n<li>Orice cheltuieli personale<\/li>\n<li>Taxa de intrare la Citadela Qaitbay<\/li>\n<\/ul>\n<h3><span style=\"color: #ff6600;\">Ce s\u0103 lua\u021bi cu dumneavoastr\u0103<\/span><\/h3>\n<ul>\n<li>Crem\u0103 de soare \u0219i ochelari de soare<\/li>\n<li>P\u0103l\u0103rie sau e\u0219arf\u0103<\/li>\n<\/ul>\n<h3><span style=\"color: #ff6600;\">Itinerariu<\/span><\/h3>\n<p>Aventura dumneavoastr\u0103 \u00eencepe cu o preluare diminea\u021ba devreme de la hotelul dumneavoastr\u0103 din <strong>Marsa Matruh<\/strong>, urmat\u0103 de un transfer confortabil, cu aer condi\u021bionat, c\u0103tre ora\u0219ul istoric Alexandria, o c\u0103l\u0103torie de aproximativ 3 p\u00e2n\u0103 la 3,5 ore.<\/p>\n<p>La sosire, turul dumneavoastr\u0103 \u00eencepe imediat cu o vizit\u0103 ghidat\u0103 la <strong>Coloana lui Pompei<\/strong>, o uimitoare coloan\u0103 triumfal\u0103 roman\u0103 care st\u0103 ca un testament al trecutului bogat al ora\u0219ului.<\/p>\n<p>Apoi, ve\u021bi explora lumea subteran\u0103 captivant\u0103 a <strong>Catacombelor din Kom el Shoqafa<\/strong>, cel mai mare sit de \u00eenmorm\u00e2ntare roman cunoscut \u00een Egipt, care prezint\u0103 o fuziune unic\u0103 de art\u0103 \u0219i arhitectur\u0103 roman\u0103, greac\u0103 \u0219i egiptean\u0103.<\/p>\n<p>Ulterior, ve\u021bi merge la moderna <strong>Bibliotec\u0103 din Alexandria<\/strong> (Bibliotheca Alexandrina), unde v\u0103 ve\u021bi bucura de un tur ghidat al acestei capodopere arhitecturale care st\u0103 ca un far al cunoa\u0219terii \u0219i culturii.<\/p>\n<p>Dup\u0103 o diminea\u021b\u0103 de explorare istoric\u0103, vi se va oferi un <strong>pr\u00e2nz delicios la un restaurant cu pe\u0219te<\/strong> pentru a savura aromele proaspete mediteraneene.<\/p>\n<p>\u00cencheia\u021bi-v\u0103 ziua cu o vizit\u0103 la magnifica <strong>Citadel\u0103 din Qaitbay<\/strong>. Ve\u021bi avea o oprire foto \u00een fa\u021ba fort\u0103re\u021bei, care a fost construit\u0103 \u00een secolul al XV-lea pe locul exact al vechiului <strong>Far din Alexandria<\/strong>, una dintre cele \u0218apte Minuni ale Lumii Antice. Din acest punct de observa\u021bie, v\u0103 pute\u021bi bucura de vederi uimitoare ale M\u0103rii Mediterane.<\/p>\n<p>Pe m\u0103sur\u0103 ce ziua se \u00eencheie, ve\u021bi \u00eencepe transferul dumneavoastr\u0103 privat confortabil \u00eenapoi la hotelul dumneavoastr\u0103 din <strong>Marsa Matruh<\/strong>, plini de amintiri incredibile din <strong>turul dumneavoastr\u0103 de o zi la Alexandria<\/strong>.<\/p>\n<h3><span style=\"color: #ff6600;\">Pre\u021b Tur privat la Alexandria din Marsa Matruh<\/span><\/h3>\n<ul>\n<li>Pre\u021b Adult = 100 \u20ac<\/li>\n<li>Copii 0-5 ani = gratuit<\/li>\n<li>Copii 5-11 ani = 50% din pre\u021bul adultului<\/li>\n<\/ul>\n<h3><span style=\"color: #ff6600;\">Rezervare<\/span><\/h3>\n<p>Pute\u021bi rezerva turul dumneavoastr\u0103 prin WhatsApp sau ne pute\u021bi trimite un e-mail \u0219i ve\u021bi primi confirmarea pe loc.<\/p>\n<p>V\u0103 rug\u0103m s\u0103 ne trimite\u021bi numele hotelului, num\u0103rul camerei, copiile pa\u0219apoartelor.<\/p>\n<p>WhatsApp: <strong>+201000852186<\/strong><\/p>\n<p>info@egytourpackages.com<\/p>\n<h3><span style=\"color: #ff6600;\">Rezerva\u021bi acum \u0219i pl\u0103ti\u021bi la fa\u021ba locului<\/span><\/h3>\n<p>Rezerva\u021bi turul dumneavoastr\u0103 preferat \u0219i pl\u0103ti\u021bi \u00een ziua excursiei.<\/p>\n<h3><span style=\"color: #ff6600;\">Plat\u0103<\/span><\/h3>\n<p>Pute\u021bi pl\u0103ti \u00een lire egiptene, $, \u20ac sau \u00a3.<\/p>\n<h3><span style=\"color: #ff6600;\">Politica de Anulare<\/span><\/h3>\n<p>Anularea este gratuit\u0103 cu p\u00e2n\u0103 la 24 de ore \u00een avans Anularea diminea\u021ba este de 50% din pre\u021b<\/p>\n","protected":false},"excerpt":{"rendered":"<p>Excursie la Alexandria din Marsa Matruh. Descoperi\u0163i istoria greco-romana, Catacombele \u015fi Citadela Qaitbay. O c\u0103l\u0103torie de neuitat.<\/p>\n","protected":false},"featured_media":6156,"comment_status":"closed","ping_status":"closed","template":"","meta":[],"product_brand":[],"product_cat":[3120],"product_tag":[3203,3287,3286],"class_list":{"0":"post-6155","1":"product","2":"type-product","3":"status-publish","4":"has-post-thumbnail","6":"product_cat-tururi","7":"product_tag-excursii-de-o-zi-in-egipt","8":"product_tag-lucruri-de-facut-in-marsa-matruh","9":"product_tag-tururi-in-marsa-matruh","10":"tour_category-ce-poti-face-in-marsa-matruh-ro","11":"tour_category-excursii-de-o-zi-in-egipt-ro","12":"tour_category-tururi-si-excursii-marsa-matruh-ro","14":"first","15":"instock","16":"sale","17":"shipping-taxable","18":"purchasable","19":"product-type-tour","20":"has-default-attributes"},"yoast_head":"<!-- This site is optimized with the Yoast SEO Premium plugin v27.4 (Yoast SEO v27.4) - https:\/\/yoast.com\/product\/yoast-seo-premium-wordpress\/ -->\n<title>Excursie la Alexandria din Marsa Matruh: Egy tour packages<\/title>\n<meta name=\"description\" content=\"Excursie la Alexandria din Marsa Matruh. Descoperi\u0163i istoria greco-romana, Catacombele \u015fi Citadela Qaitbay. O c\u0103l\u0103torie de neuitat.\" \/>\n<meta name=\"robots\" content=\"index, follow, max-snippet:-1, max-image-preview:large, max-video-preview:-1\" \/>\n<link rel=\"canonical\" href=\"https:\/\/egytourpackages.com\/ro\/tours\/excursie-la-alexandria-din-marsa-matruh\/\" \/>\n<meta property=\"og:locale\" content=\"ro_RO\" \/>\n<meta property=\"og:type\" content=\"article\" \/>\n<meta property=\"og:title\" content=\"Excursie la Alexandria din Marsa Matruh\" \/>\n<meta property=\"og:description\" content=\"Excursie la Alexandria din Marsa Matruh. Descoperi\u0163i istoria greco-romana, Catacombele \u015fi Citadela Qaitbay. O c\u0103l\u0103torie de neuitat.\" \/>\n<meta property=\"og:url\" content=\"https:\/\/egytourpackages.com\/ro\/tours\/excursie-la-alexandria-din-marsa-matruh\/\" \/>\n<meta property=\"og:site_name\" content=\"Egypt Tour Packages\" \/>\n<meta property=\"article:publisher\" content=\"https:\/\/www.facebook.com\/egytourpackages\" \/>\n<meta property=\"article:modified_time\" content=\"2026-01-03T22:37:26+00:00\" \/>\n<meta property=\"og:image\" content=\"https:\/\/egytourpackages.com\/wp-content\/uploads\/2025\/08\/Burial-chamber-of-the-Catacomb.jpg\" \/>\n\t<meta property=\"og:image:width\" content=\"1900\" \/>\n\t<meta property=\"og:image:height\" content=\"1266\" \/>\n\t<meta property=\"og:image:type\" content=\"image\/jpeg\" \/>\n<meta name=\"twitter:card\" content=\"summary_large_image\" \/>\n<meta name=\"twitter:title\" content=\"Excursie la Alexandria din Marsa Matruh\" \/>\n<meta name=\"twitter:label1\" content=\"Pre\u021b\" \/>\n\t<meta name=\"twitter:data1\" content=\"&euro;100\" \/>\n\t<meta name=\"twitter:label2\" content=\"Disponibilitate\" \/>\n\t<meta name=\"twitter:data2\" content=\"\u00cen stoc\" \/>\n<script type=\"application\/ld+json\" class=\"yoast-schema-graph\">{\"@context\":\"https:\\\/\\\/schema.org\",\"@graph\":[{\"@type\":\"WebPage\",\"@id\":\"https:\\\/\\\/egytourpackages.com\\\/ro\\\/tours\\\/excursie-la-alexandria-din-marsa-matruh\\\/\",\"url\":\"https:\\\/\\\/egytourpackages.com\\\/ro\\\/tours\\\/excursie-la-alexandria-din-marsa-matruh\\\/\",\"name\":\"Excursie la Alexandria din Marsa Matruh: Egy tour packages\",\"isPartOf\":{\"@id\":\"https:\\\/\\\/egytourpackages.com\\\/ro\\\/#website\"},\"primaryImageOfPage\":{\"@id\":\"https:\\\/\\\/egytourpackages.com\\\/ro\\\/tours\\\/excursie-la-alexandria-din-marsa-matruh\\\/#primaryimage\"},\"image\":{\"@id\":\"https:\\\/\\\/egytourpackages.com\\\/ro\\\/tours\\\/excursie-la-alexandria-din-marsa-matruh\\\/#primaryimage\"},\"thumbnailUrl\":\"https:\\\/\\\/egytourpackages.com\\\/wp-content\\\/uploads\\\/2025\\\/08\\\/Burial-chamber-of-the-Catacomb.jpg\",\"datePublished\":\"2025-08-12T14:52:18+00:00\",\"dateModified\":\"2026-01-03T22:37:26+00:00\",\"description\":\"Excursie la Alexandria din Marsa Matruh. Descoperi\u0163i istoria greco-romana, Catacombele \u015fi Citadela Qaitbay. O c\u0103l\u0103torie de neuitat.\",\"breadcrumb\":{\"@id\":\"https:\\\/\\\/egytourpackages.com\\\/ro\\\/tours\\\/excursie-la-alexandria-din-marsa-matruh\\\/#breadcrumb\"},\"inLanguage\":\"ro-RO\",\"potentialAction\":[{\"@type\":\"ReadAction\",\"target\":[\"https:\\\/\\\/egytourpackages.com\\\/ro\\\/tours\\\/excursie-la-alexandria-din-marsa-matruh\\\/\"]}]},{\"@type\":\"ImageObject\",\"inLanguage\":\"ro-RO\",\"@id\":\"https:\\\/\\\/egytourpackages.com\\\/ro\\\/tours\\\/excursie-la-alexandria-din-marsa-matruh\\\/#primaryimage\",\"url\":\"https:\\\/\\\/egytourpackages.com\\\/wp-content\\\/uploads\\\/2025\\\/08\\\/Burial-chamber-of-the-Catacomb.jpg\",\"contentUrl\":\"https:\\\/\\\/egytourpackages.com\\\/wp-content\\\/uploads\\\/2025\\\/08\\\/Burial-chamber-of-the-Catacomb.jpg\",\"width\":1900,\"height\":1266,\"caption\":\"Camera funerar\u0103 a Catacombei\"},{\"@type\":\"BreadcrumbList\",\"@id\":\"https:\\\/\\\/egytourpackages.com\\\/ro\\\/tours\\\/excursie-la-alexandria-din-marsa-matruh\\\/#breadcrumb\",\"itemListElement\":[{\"@type\":\"ListItem\",\"position\":1,\"name\":\"Home\",\"item\":\"https:\\\/\\\/egytourpackages.com\\\/ro\\\/\"},{\"@type\":\"ListItem\",\"position\":2,\"name\":\"Shop\",\"item\":\"https:\\\/\\\/egytourpackages.com\\\/shop\\\/\"},{\"@type\":\"ListItem\",\"position\":3,\"name\":\"Excursie la Alexandria din Marsa Matruh\"}]},{\"@type\":\"WebSite\",\"@id\":\"https:\\\/\\\/egytourpackages.com\\\/ro\\\/#website\",\"url\":\"https:\\\/\\\/egytourpackages.com\\\/ro\\\/\",\"name\":\"Egy tour packages\",\"description\":\"\",\"publisher\":{\"@id\":\"https:\\\/\\\/egytourpackages.com\\\/ro\\\/#organization\"},\"potentialAction\":[{\"@type\":\"SearchAction\",\"target\":{\"@type\":\"EntryPoint\",\"urlTemplate\":\"https:\\\/\\\/egytourpackages.com\\\/ro\\\/?s={search_term_string}\"},\"query-input\":{\"@type\":\"PropertyValueSpecification\",\"valueRequired\":true,\"valueName\":\"search_term_string\"}}],\"inLanguage\":\"ro-RO\"},{\"@type\":[\"Organization\",\"Place\",\"TravelAgency\"],\"@id\":\"https:\\\/\\\/egytourpackages.com\\\/ro\\\/#organization\",\"name\":\"egypt tour packages\",\"alternateName\":\"egypt tour packages\",\"url\":\"https:\\\/\\\/egytourpackages.com\\\/ro\\\/\",\"logo\":{\"@id\":\"https:\\\/\\\/egytourpackages.com\\\/ro\\\/tours\\\/excursie-la-alexandria-din-marsa-matruh\\\/#local-main-organization-logo\"},\"image\":{\"@id\":\"https:\\\/\\\/egytourpackages.com\\\/ro\\\/tours\\\/excursie-la-alexandria-din-marsa-matruh\\\/#local-main-organization-logo\"},\"sameAs\":[\"https:\\\/\\\/www.facebook.com\\\/egytourpackages\"],\"legalName\":\"Egy tour packages\",\"address\":{\"@id\":\"https:\\\/\\\/egytourpackages.com\\\/ro\\\/tours\\\/excursie-la-alexandria-din-marsa-matruh\\\/#local-main-place-address\"},\"telephone\":[\"00201000852186\",\"00201028685533\"],\"contactPoint\":{\"@type\":\"ContactPoint\",\"telephone\":\"00201000852186\"},\"openingHoursSpecification\":[{\"@type\":\"OpeningHoursSpecification\",\"dayOfWeek\":[\"Monday\",\"Tuesday\",\"Wednesday\",\"Thursday\",\"Friday\",\"Saturday\",\"Sunday\"],\"opens\":\"00:00\",\"closes\":\"23:59\"}],\"email\":\"info@egytourpackages.com\",\"areaServed\":\"Cairo, Hurghada, Luxor, Sharm El Sheikh, Marsa Alam, Aswan\",\"priceRange\":\"$\",\"currenciesAccepted\":\"euro\",\"paymentAccepted\":\"Payment links online\"},{\"@type\":\"PostalAddress\",\"@id\":\"https:\\\/\\\/egytourpackages.com\\\/ro\\\/tours\\\/excursie-la-alexandria-din-marsa-matruh\\\/#local-main-place-address\",\"streetAddress\":\"Mubarak 8, Al Kawthar District, Hurghada\",\"addressLocality\":\"Hurghada\",\"postalCode\":\"84511\",\"addressRegion\":\"Red Sea\",\"addressCountry\":\"EG\"},{\"@type\":\"ImageObject\",\"inLanguage\":\"ro-RO\",\"@id\":\"https:\\\/\\\/egytourpackages.com\\\/ro\\\/tours\\\/excursie-la-alexandria-din-marsa-matruh\\\/#local-main-organization-logo\",\"url\":\"https:\\\/\\\/egytourpackages.com\\\/wp-content\\\/uploads\\\/2025\\\/12\\\/Turquoise-Dahabiya-Nile-Cruise-1.jpeg\",\"contentUrl\":\"https:\\\/\\\/egytourpackages.com\\\/wp-content\\\/uploads\\\/2025\\\/12\\\/Turquoise-Dahabiya-Nile-Cruise-1.jpeg\",\"width\":1040,\"height\":694,\"caption\":\"egypt tour packages\"}]}<\/script>\n<meta property=\"product:brand\" content=\"Ce po\u021bi face \u00een Marsa Matruh\" \/>\n<meta property=\"product:price:amount\" content=\"100\" \/>\n<meta property=\"product:price:currency\" content=\"EUR\" \/>\n<meta property=\"og:availability\" content=\"instock\" \/>\n<meta property=\"product:availability\" content=\"instock\" \/>\n<meta property=\"product:retailer_item_id\" content=\"MMT03\" \/>\n<meta property=\"product:condition\" content=\"new\" \/>\n<meta name=\"geo.placename\" content=\"Hurghada\" \/>\n<meta name=\"geo.region\" content=\"Egipt\" \/>\n<!-- \/ Yoast SEO Premium plugin. -->","yoast_head_json":{"title":"Excursie la Alexandria din Marsa Matruh: Egy tour packages","description":"Excursie la Alexandria din Marsa Matruh. Descoperi\u0163i istoria greco-romana, Catacombele \u015fi Citadela Qaitbay. O c\u0103l\u0103torie de neuitat.","robots":{"index":"index","follow":"follow","max-snippet":"max-snippet:-1","max-image-preview":"max-image-preview:large","max-video-preview":"max-video-preview:-1"},"canonical":"https:\/\/egytourpackages.com\/ro\/tours\/excursie-la-alexandria-din-marsa-matruh\/","og_locale":"ro_RO","og_type":"article","og_title":"Excursie la Alexandria din Marsa Matruh","og_description":"Excursie la Alexandria din Marsa Matruh. Descoperi\u0163i istoria greco-romana, Catacombele \u015fi Citadela Qaitbay. O c\u0103l\u0103torie de neuitat.","og_url":"https:\/\/egytourpackages.com\/ro\/tours\/excursie-la-alexandria-din-marsa-matruh\/","og_site_name":"Egypt Tour Packages","article_publisher":"https:\/\/www.facebook.com\/egytourpackages","article_modified_time":"2026-01-03T22:37:26+00:00","og_image":[{"width":1900,"height":1266,"url":"https:\/\/egytourpackages.com\/wp-content\/uploads\/2025\/08\/Burial-chamber-of-the-Catacomb.jpg","type":"image\/jpeg"}],"twitter_card":"summary_large_image","twitter_title":"Excursie la Alexandria din Marsa Matruh","twitter_misc":{"Pre\u021b":"&euro;100","Disponibilitate":"\u00cen stoc"},"schema":{"@context":"https:\/\/schema.org","@graph":[{"@type":"WebPage","@id":"https:\/\/egytourpackages.com\/ro\/tours\/excursie-la-alexandria-din-marsa-matruh\/","url":"https:\/\/egytourpackages.com\/ro\/tours\/excursie-la-alexandria-din-marsa-matruh\/","name":"Excursie la Alexandria din Marsa Matruh: Egy tour packages","isPartOf":{"@id":"https:\/\/egytourpackages.com\/ro\/#website"},"primaryImageOfPage":{"@id":"https:\/\/egytourpackages.com\/ro\/tours\/excursie-la-alexandria-din-marsa-matruh\/#primaryimage"},"image":{"@id":"https:\/\/egytourpackages.com\/ro\/tours\/excursie-la-alexandria-din-marsa-matruh\/#primaryimage"},"thumbnailUrl":"https:\/\/egytourpackages.com\/wp-content\/uploads\/2025\/08\/Burial-chamber-of-the-Catacomb.jpg","datePublished":"2025-08-12T14:52:18+00:00","dateModified":"2026-01-03T22:37:26+00:00","description":"Excursie la Alexandria din Marsa Matruh. Descoperi\u0163i istoria greco-romana, Catacombele \u015fi Citadela Qaitbay. O c\u0103l\u0103torie de neuitat.","breadcrumb":{"@id":"https:\/\/egytourpackages.com\/ro\/tours\/excursie-la-alexandria-din-marsa-matruh\/#breadcrumb"},"inLanguage":"ro-RO","potentialAction":[{"@type":"ReadAction","target":["https:\/\/egytourpackages.com\/ro\/tours\/excursie-la-alexandria-din-marsa-matruh\/"]}]},{"@type":"ImageObject","inLanguage":"ro-RO","@id":"https:\/\/egytourpackages.com\/ro\/tours\/excursie-la-alexandria-din-marsa-matruh\/#primaryimage","url":"https:\/\/egytourpackages.com\/wp-content\/uploads\/2025\/08\/Burial-chamber-of-the-Catacomb.jpg","contentUrl":"https:\/\/egytourpackages.com\/wp-content\/uploads\/2025\/08\/Burial-chamber-of-the-Catacomb.jpg","width":1900,"height":1266,"caption":"Camera funerar\u0103 a Catacombei"},{"@type":"BreadcrumbList","@id":"https:\/\/egytourpackages.com\/ro\/tours\/excursie-la-alexandria-din-marsa-matruh\/#breadcrumb","itemListElement":[{"@type":"ListItem","position":1,"name":"Home","item":"https:\/\/egytourpackages.com\/ro\/"},{"@type":"ListItem","position":2,"name":"Shop","item":"https:\/\/egytourpackages.com\/shop\/"},{"@type":"ListItem","position":3,"name":"Excursie la Alexandria din Marsa Matruh"}]},{"@type":"WebSite","@id":"https:\/\/egytourpackages.com\/ro\/#website","url":"https:\/\/egytourpackages.com\/ro\/","name":"Egy tour packages","description":"","publisher":{"@id":"https:\/\/egytourpackages.com\/ro\/#organization"},"potentialAction":[{"@type":"SearchAction","target":{"@type":"EntryPoint","urlTemplate":"https:\/\/egytourpackages.com\/ro\/?s={search_term_string}"},"query-input":{"@type":"PropertyValueSpecification","valueRequired":true,"valueName":"search_term_string"}}],"inLanguage":"ro-RO"},{"@type":["Organization","Place","TravelAgency"],"@id":"https:\/\/egytourpackages.com\/ro\/#organization","name":"egypt tour packages","alternateName":"egypt tour packages","url":"https:\/\/egytourpackages.com\/ro\/","logo":{"@id":"https:\/\/egytourpackages.com\/ro\/tours\/excursie-la-alexandria-din-marsa-matruh\/#local-main-organization-logo"},"image":{"@id":"https:\/\/egytourpackages.com\/ro\/tours\/excursie-la-alexandria-din-marsa-matruh\/#local-main-organization-logo"},"sameAs":["https:\/\/www.facebook.com\/egytourpackages"],"legalName":"Egy tour packages","address":{"@id":"https:\/\/egytourpackages.com\/ro\/tours\/excursie-la-alexandria-din-marsa-matruh\/#local-main-place-address"},"telephone":["00201000852186","00201028685533"],"contactPoint":{"@type":"ContactPoint","telephone":"00201000852186"},"openingHoursSpecification":[{"@type":"OpeningHoursSpecification","dayOfWeek":["Monday","Tuesday","Wednesday","Thursday","Friday","Saturday","Sunday"],"opens":"00:00","closes":"23:59"}],"email":"info@egytourpackages.com","areaServed":"Cairo, Hurghada, Luxor, Sharm El Sheikh, Marsa Alam, Aswan","priceRange":"$","currenciesAccepted":"euro","paymentAccepted":"Payment links online"},{"@type":"PostalAddress","@id":"https:\/\/egytourpackages.com\/ro\/tours\/excursie-la-alexandria-din-marsa-matruh\/#local-main-place-address","streetAddress":"Mubarak 8, Al Kawthar District, Hurghada","addressLocality":"Hurghada","postalCode":"84511","addressRegion":"Red Sea","addressCountry":"EG"},{"@type":"ImageObject","inLanguage":"ro-RO","@id":"https:\/\/egytourpackages.com\/ro\/tours\/excursie-la-alexandria-din-marsa-matruh\/#local-main-organization-logo","url":"https:\/\/egytourpackages.com\/wp-content\/uploads\/2025\/12\/Turquoise-Dahabiya-Nile-Cruise-1.jpeg","contentUrl":"https:\/\/egytourpackages.com\/wp-content\/uploads\/2025\/12\/Turquoise-Dahabiya-Nile-Cruise-1.jpeg","width":1040,"height":694,"caption":"egypt tour packages"}]},"product_brand":"Ce po\u021bi face \u00een Marsa Matruh","product_price_amount":"100","product_price_currency":"EUR","og_availability":"instock","product_availability":"instock","product_retailer_item_id":"MMT03","product_condition":"new","geo.placename":"Hurghada","geo.region":"Egipt"},"_links":{"self":[{"href":"https:\/\/egytourpackages.com\/ro\/wp-json\/wp\/v2\/product\/6155","targetHints":{"allow":["GET"]}}],"collection":[{"href":"https:\/\/egytourpackages.com\/ro\/wp-json\/wp\/v2\/product"}],"about":[{"href":"https:\/\/egytourpackages.com\/ro\/wp-json\/wp\/v2\/types\/product"}],"replies":[{"embeddable":true,"href":"https:\/\/egytourpackages.com\/ro\/wp-json\/wp\/v2\/comments?post=6155"}],"wp:featuredmedia":[{"embeddable":true,"href":"https:\/\/egytourpackages.com\/ro\/wp-json\/wp\/v2\/media\/6156"}],"wp:attachment":[{"href":"https:\/\/egytourpackages.com\/ro\/wp-json\/wp\/v2\/media?parent=6155"}],"wp:term":[{"taxonomy":"product_brand","embeddable":true,"href":"https:\/\/egytourpackages.com\/ro\/wp-json\/wp\/v2\/product_brand?post=6155"},{"taxonomy":"product_cat","embeddable":true,"href":"https:\/\/egytourpackages.com\/ro\/wp-json\/wp\/v2\/product_cat?post=6155"},{"taxonomy":"product_tag","embeddable":true,"href":"https:\/\/egytourpackages.com\/ro\/wp-json\/wp\/v2\/product_tag?post=6155"}],"curies":[{"name":"wp","href":"https:\/\/api.w.org\/{rel}","templated":true}]}}