{"id":6160,"date":"2025-08-12T13:04:19","date_gmt":"2025-08-12T13:04:19","guid":{"rendered":"https:\/\/egytourpackages.com\/product\/tur-de-2-zile-la-oaza-siwa-din-marsa-matruh\/"},"modified":"2026-04-07T16:42:04","modified_gmt":"2026-04-07T16:42:04","slug":"tur-de-2-zile-la-oaza-siwa-din-marsa-matruh","status":"publish","type":"product","link":"https:\/\/egytourpackages.com\/ro\/tours\/tur-de-2-zile-la-oaza-siwa-din-marsa-matruh\/","title":{"rendered":"Tur de 2 zile la Oaza Siwa din Marsa Matruh"},"content":{"rendered":"<p><span style=\"color: #ff6600;\"><strong>Tur de 2 zile la Oaza Siwa din Marsa Matruh<\/strong><\/span><\/p>\n<p>Evada\u021bi din obi\u0219nuit \u0219i \u00eencepe\u021bi-v\u0103 impresionantul <strong>tur de 2 zile la Oaza Siwa din Marsa Matruh<\/strong>, conceput pentru a fi cea mai bun\u0103 dintre <strong>excursiile din Marsa Matruh<\/strong> pentru a experimenta cea mai bun\u0103 bijuterie ascuns\u0103 a de\u0219ertului egiptean. Acest <strong>pachet turistic la Siwa<\/strong> este ideal pentru aventurieri \u0219i pasiona\u021bi de cultur\u0103 deopotriv\u0103, promi\u021b\u00e2nd o experien\u021b\u0103 care dep\u0103\u0219e\u0219te ghidul de c\u0103l\u0103torie tipic egiptean. Aventura dumneavoastr\u0103 \u00eencepe cu un transfer privat confortabil de la hotelul dumneavoastr\u0103 din <strong>Marsa Matruh<\/strong> la <strong>Oaza Siwa<\/strong>.<\/p>\n<p>V\u0103 ve\u021bi opri la <strong>Lacul S\u0103rat din Siwa<\/strong>, unde ve\u021bi pluti f\u0103r\u0103 efort \u00een apele turcoaz suprarealiste, cu salinitate ridicat\u0103, o experien\u021b\u0103 cu adev\u0103rat terapeutic\u0103, adesea asem\u0103nat\u0103 cu Marea Moart\u0103. V\u0103 ve\u021bi relaxa \u00een apele legendare ale <strong>B\u0103ii Cleopatrei<\/strong>, un izvor antic care a fermecat vizitatorii de secole. Pe m\u0103sur\u0103 ce se apropie seara, ve\u021bi fi martori la un uimitor <strong>apus de soare din Siwa<\/strong> de pe lini\u0219tita <strong>Insul\u0103 Fatnas<\/strong>, unde culorile vibrante se reflect\u0103 pe lacul \u00een repaus.<\/p>\n<p>Aventura continu\u0103 cu o experien\u021b\u0103 palpitant\u0103 de <strong>safari \u00een de\u0219ert \u0219i sandboarding<\/strong> \u00een vasta <strong>Mare de Nisip<\/strong>, navig\u00e2nd prin dune impun\u0103toare \u00eentr-un puternic <strong>Jeep 4&#215;4<\/strong>. Ve\u021bi descoperi comorile ascunse ale oazei, de la un lac de ap\u0103 dulce r\u0103coritor la revigorantul <strong>izvor termal Bir Wahed<\/strong>.<\/p>\n<p>Scufunda\u021bi-v\u0103 \u00een istorie cu vizite la antica <strong>Fort\u0103rea\u021b\u0103 Shali<\/strong>, la sacrul <strong>Munte al Mor\u021bilor<\/strong> (<strong>Gebel al-Mawta<\/strong>) \u0219i la <strong>Templul Oracolului<\/strong> (Templul lui Amun), unde <strong>Alexandru cel Mare<\/strong> \u0219i-a c\u0103utat odat\u0103 destinul.<\/p>\n<p>Nop\u021bile dumneavoastr\u0103 sunt pline de un farmec local autentic, cu o <strong>cin\u0103 beduin\u0103<\/strong> tradi\u021bional\u0103 \u0219i experien\u021ba de neuitat a <strong>campingului de noapte \u00een de\u0219ert<\/strong> sub un cer acoperit de stele sau \u00eentoarcerea la hotel pentru o noapte de cazare.<\/p>\n<h3><span style=\"color: #ff6600;\">Detalii tur<\/span><\/h3>\n<ul>\n<li>Durat\u0103: 2 zile \/ 1 noapte<\/li>\n<li>Tipul turului: Privat<\/li>\n<li>Disponibilitate: Zilnic<\/li>\n<li>Dimensiunea grupului: de la 1 la 10<\/li>\n<li><strong>Limba: Rom\u00e2n\u0103<\/strong><\/li>\n<li>Orar: Rezervare online<\/li>\n<li>Preluare &amp; l\u0103sare: Hotelurile din Marsa Matruh<\/li>\n<\/ul>\n<h3><span style=\"color: #ff6600;\">Puncte de atrac\u021bie<\/span><\/h3>\n<ul>\n<li>Lac s\u0103rat<\/li>\n<li>Baia Cleopatrei<\/li>\n<li>Insula Fatnas<\/li>\n<li>Muntele Mor\u021bilor<\/li>\n<li>Muntele Dakror<\/li>\n<li>Templul Oracolului<\/li>\n<li>Fort\u0103rea\u021ba Shali<\/li>\n<\/ul>\n<h3><span style=\"color: #ff6600;\">Incluse<\/span><\/h3>\n<ul>\n<li>Preluare \u0219i l\u0103sare de la hotel cu vehicul cu aer condi\u021bionat nou<\/li>\n<li>Taxa de intrare pentru toate obiectivele turistice din program<\/li>\n<li><strong>Ghid turistic expert vorbitor de limba rom\u00e2n\u0103<\/strong><\/li>\n<li>1 noapte de cazare la hotel \u00een Siwa cu mic dejun inclus<\/li>\n<li>Toate serviciile \u0219i taxele<\/li>\n<\/ul>\n<h3><span style=\"color: #ff6600;\">Excluse<\/span><\/h3>\n<ul>\n<li>Bac\u0219i\u0219<\/li>\n<li>B\u0103uturi \u00een timpul meselor<\/li>\n<li>Orice nu este men\u021bionat \u00een program<\/li>\n<\/ul>\n<h3><span style=\"color: #ff6600;\">Ce s\u0103 lua\u021bi cu dumneavoastr\u0103<\/span><\/h3>\n<ul>\n<li>Pa\u0219apoarte<\/li>\n<li>P\u0103l\u0103rie, e\u0219arf\u0103<\/li>\n<li>Ochelari de soare &amp; crem\u0103 de soare<\/li>\n<li>Costume de baie<\/li>\n<li>Haine groase iarna<\/li>\n<\/ul>\n<h2><span style=\"color: #ff6600;\">Itinerariu<\/span><\/h2>\n<h3><span style=\"color: #ff6600;\">Ziua 1: Lacurile S\u0103rate, Izvoarele \u0219i Apusul de Soare din Siwa<\/span><\/h3>\n<p>Aventura dumneavoastr\u0103 \u00eencepe cu un transfer privat confortabil c\u0103tre fermec\u0103toarea <strong>Oaz\u0103 Siwa<\/strong>. La sosire, ve\u021bi fi servi\u021bi cu un <strong>pr\u00e2nz<\/strong> delicios <strong>la un restaurant local<\/strong> pentru a gusta din buc\u0103t\u0103ria autentic\u0103 din Siwa \u00eenainte de a v\u0103 caza la hotel. Dup\u0103-amiaza, programul dumneavoastr\u0103 \u00eencepe cu o vizit\u0103 la Lacurile S\u0103rate din Siwa, suprarealiste \u0219i uluitoare. Ve\u021bi avea ocazia de neuitat de a pluti f\u0103r\u0103 efort \u00een apa s\u0103rat\u0103 foarte terapeutic\u0103 \u0219i cristalin\u0103, o experien\u021b\u0103 adesea comparat\u0103 cu Marea Moart\u0103.<\/p>\n<p>Apoi, ve\u021bi vizita legendarul <strong>Izvor al Cleopatrei<\/strong> (cunoscut \u0219i sub numele de Ain Guba), un izvor termal natural plin de istorie, perfect pentru o baie r\u0103coritoare \u0219i relaxant\u0103. Pe m\u0103sur\u0103 ce ziua avanseaz\u0103, ne vom \u00eendrepta spre <strong>Insula Fatnas<\/strong> pentru o experien\u021b\u0103 cu adev\u0103rat magic\u0103. Aceast\u0103 mic\u0103 insul\u0103, faimoas\u0103 local pentru frumuse\u021bea sa, este locul perfect pentru a fi martori la un uimitor <strong>apus de soare din Siwa<\/strong> pe m\u0103sur\u0103 ce soarele se scufund\u0103 sub orizont. \u00cencheia\u021bi-v\u0103 ziua cu o cin\u0103 delicioas\u0103 \u0219i cu o noapte de cazare la hotel.<\/p>\n<p><strong>Mese: <\/strong>pr\u00e2nz, cin\u0103<\/p>\n<h3><span style=\"color: #ff6600;\">Ziua 2: Comori istorice \u0219i c\u0103l\u0103toria de \u00eentoarcere<\/span><\/h3>\n<p>Dup\u0103 un mic dejun delicios la hotel, ne vom ad\u00e2nci \u00een bogatul trecut al ora\u0219ului Siwa. Prima noastr\u0103 oprire este iconica <strong>Fort\u0103rea\u021b\u0103 Shali<\/strong>, epicentrul istoric al oazei. Apoi, vizit\u0103m sacrul <strong>Gebel al-Mawta<\/strong> (<strong>Muntele Mor\u021bilor<\/strong>), o necropol\u0103 antic\u0103 cu morminte uimitoare s\u0103pate \u00een st\u00e2nc\u0103. Ne vom \u00eendrepta apoi c\u0103tre unicul <strong>Gebel al-Dakror<\/strong>, un munte despre care se crede c\u0103 are propriet\u0103\u021bi vindec\u0103toare. Punctul culminant al zilei este o vizit\u0103 la faimosul \u00een \u00eentreaga lume <strong>Templu al Oracolului<\/strong>, cunoscut \u0219i sub numele de <strong>Templul lui Amun<\/strong>, unde <strong>Alexandru cel Mare<\/strong> \u0219i-a c\u0103utat odat\u0103 destinul. Dup\u0103 un ultim <strong>pr\u00e2nz<\/strong> inclus \u00een turul dumneavoastr\u0103, ve\u021bi \u00eencepe c\u0103l\u0103toria pitoreasc\u0103 de \u00eentoarcere la hotelul din Marsa Matrouh, plini de amintiri incredibile din <strong>aventura dumneavoastr\u0103 \u00een de\u0219ertul Siwa<\/strong>.<\/p>\n<p><strong>Mese:<\/strong> mic dejun, pr\u00e2nz<\/p>\n<h3><span style=\"color: #ff6600;\">Pre\u021b Tur de 2 zile la Oaza Siwa din Marsa Matruh<\/span><\/h3>\n<p>Pre\u021b adult = 150 \u20ac<\/p>\n<p>Copii 0-5 ani = gratuit<\/p>\n<p>Copii 5-11 ani = 50% din pre\u021bul adultului<\/p>\n<h3><span style=\"color: #ff6600;\">Rezervare<\/span><\/h3>\n<p>Pute\u021bi rezerva turul dumneavoastr\u0103 prin WhatsApp sau ne pute\u021bi trimite un e-mail \u0219i ve\u021bi primi confirmarea pe loc.<\/p>\n<p>V\u0103 rug\u0103m s\u0103 ne trimite\u021bi numele hotelului, num\u0103rul camerei, copiile pa\u0219apoartelor.<\/p>\n<p>WhatsApp: <strong>+201000852186<\/strong><\/p>\n<p>info@egytourpackages.com<\/p>\n<h3><span style=\"color: #ff6600;\">Rezerva\u021bi acum \u0219i pl\u0103ti\u021bi la fa\u021ba locului<\/span><\/h3>\n<p>Rezerva\u021bi turul dumneavoastr\u0103 preferat \u0219i pl\u0103ti\u021bi \u00een ziua excursiei.<\/p>\n<h3><span style=\"color: #ff6600;\">Plat\u0103<\/span><\/h3>\n<p>Pute\u021bi pl\u0103ti \u00een lire egiptene, $, \u20ac sau \u00a3.<\/p>\n<h3><span style=\"color: #ff6600;\">Politica de Anulare<\/span><\/h3>\n<p>Anularea este gratuit\u0103 cu p\u00e2n\u0103 la 24 de ore \u00een avans Anularea diminea\u021ba este de 50% din pre\u021b<\/p>\n","protected":false},"excerpt":{"rendered":"<p>Evadeaz\u0103 la Siwa! Un Tur de 2 zile la Oaza Siwa din Marsa Matruh. Safari, lacuri s\u0103rate \u0219i istorie. O aventur\u0103 \u00een de\u0219ert care \u00ee\u021bi va r\u0103m\u00e2ne \u00een suflet.<\/p>\n","protected":false},"featured_media":6163,"comment_status":"closed","ping_status":"closed","template":"","meta":[],"product_brand":[],"product_cat":[3120],"product_tag":[3203,3296,3286],"class_list":{"0":"post-6160","1":"product","2":"type-product","3":"status-publish","4":"has-post-thumbnail","6":"product_cat-tururi","7":"product_tag-excursii-de-o-zi-in-egipt","8":"product_tag-excursii-la-siwa-oasis-din-marsa-matruh","9":"product_tag-tururi-in-marsa-matruh","10":"tour_category-excursii-de-o-zi-in-egipt-ro","11":"tour_category-excursii-la-oaza-siwa-din-marsa-matruh-ro","12":"tour_category-tururi-si-excursii-marsa-matruh-ro","14":"first","15":"instock","16":"sale","17":"shipping-taxable","18":"purchasable","19":"product-type-tour","20":"has-default-attributes"},"yoast_head":"<!-- This site is optimized with the Yoast SEO Premium plugin v27.4 (Yoast SEO v27.4) - https:\/\/yoast.com\/product\/yoast-seo-premium-wordpress\/ -->\n<title>Tur de 2 zile la Oaza Siwa din Marsa Matruh: Egy tour packages<\/title>\n<meta name=\"description\" content=\"Evadeaz\u0103 la Siwa! Un Tur de 2 zile la Oaza Siwa din Marsa Matruh. Safari, lacuri s\u0103rate \u0219i istorie. O aventur\u0103 \u00een de\u0219ert care \u00ee\u021bi va r\u0103m\u00e2ne \u00een suflet.\" \/>\n<meta name=\"robots\" content=\"index, follow, max-snippet:-1, max-image-preview:large, max-video-preview:-1\" \/>\n<link rel=\"canonical\" href=\"https:\/\/egytourpackages.com\/ro\/tours\/tur-de-2-zile-la-oaza-siwa-din-marsa-matruh\/\" \/>\n<meta property=\"og:locale\" content=\"ro_RO\" \/>\n<meta property=\"og:type\" content=\"article\" \/>\n<meta property=\"og:title\" content=\"Tur de 2 zile la Oaza Siwa din Marsa Matruh\" \/>\n<meta property=\"og:description\" content=\"Evadeaz\u0103 la Siwa! Un Tur de 2 zile la Oaza Siwa din Marsa Matruh. Safari, lacuri s\u0103rate \u0219i istorie. O aventur\u0103 \u00een de\u0219ert care \u00ee\u021bi va r\u0103m\u00e2ne \u00een suflet.\" \/>\n<meta property=\"og:url\" content=\"https:\/\/egytourpackages.com\/ro\/tours\/tur-de-2-zile-la-oaza-siwa-din-marsa-matruh\/\" \/>\n<meta property=\"og:site_name\" content=\"Egypt Tour Packages\" \/>\n<meta property=\"article:publisher\" content=\"https:\/\/www.facebook.com\/egytourpackages\" \/>\n<meta property=\"article:modified_time\" content=\"2026-04-07T16:42:04+00:00\" \/>\n<meta property=\"og:image\" content=\"https:\/\/egytourpackages.com\/wp-content\/uploads\/2025\/08\/Siwa-Oasis.jpeg\" \/>\n\t<meta property=\"og:image:width\" content=\"1600\" \/>\n\t<meta property=\"og:image:height\" content=\"1200\" \/>\n\t<meta property=\"og:image:type\" content=\"image\/jpeg\" \/>\n<meta name=\"twitter:card\" content=\"summary_large_image\" \/>\n<meta name=\"twitter:title\" content=\"Tur de 2 zile la Oaza Siwa din Marsa Matruh\" \/>\n<meta name=\"twitter:label1\" content=\"Pre\u021b\" \/>\n\t<meta name=\"twitter:data1\" content=\"&euro;0\" \/>\n\t<meta name=\"twitter:label2\" content=\"Disponibilitate\" \/>\n\t<meta name=\"twitter:data2\" content=\"\u00cen stoc\" \/>\n<script type=\"application\/ld+json\" class=\"yoast-schema-graph\">{\"@context\":\"https:\\\/\\\/schema.org\",\"@graph\":[{\"@type\":\"WebPage\",\"@id\":\"https:\\\/\\\/egytourpackages.com\\\/ro\\\/tours\\\/tur-de-2-zile-la-oaza-siwa-din-marsa-matruh\\\/\",\"url\":\"https:\\\/\\\/egytourpackages.com\\\/ro\\\/tours\\\/tur-de-2-zile-la-oaza-siwa-din-marsa-matruh\\\/\",\"name\":\"Tur de 2 zile la Oaza Siwa din Marsa Matruh: Egy tour packages\",\"isPartOf\":{\"@id\":\"https:\\\/\\\/egytourpackages.com\\\/ro\\\/#website\"},\"primaryImageOfPage\":{\"@id\":\"https:\\\/\\\/egytourpackages.com\\\/ro\\\/tours\\\/tur-de-2-zile-la-oaza-siwa-din-marsa-matruh\\\/#primaryimage\"},\"image\":{\"@id\":\"https:\\\/\\\/egytourpackages.com\\\/ro\\\/tours\\\/tur-de-2-zile-la-oaza-siwa-din-marsa-matruh\\\/#primaryimage\"},\"thumbnailUrl\":\"https:\\\/\\\/egytourpackages.com\\\/wp-content\\\/uploads\\\/2025\\\/08\\\/Siwa-Oasis.jpeg\",\"datePublished\":\"2025-08-12T13:04:19+00:00\",\"dateModified\":\"2026-04-07T16:42:04+00:00\",\"description\":\"Evadeaz\u0103 la Siwa! Un Tur de 2 zile la Oaza Siwa din Marsa Matruh. Safari, lacuri s\u0103rate \u0219i istorie. O aventur\u0103 \u00een de\u0219ert care \u00ee\u021bi va r\u0103m\u00e2ne \u00een suflet.\",\"breadcrumb\":{\"@id\":\"https:\\\/\\\/egytourpackages.com\\\/ro\\\/tours\\\/tur-de-2-zile-la-oaza-siwa-din-marsa-matruh\\\/#breadcrumb\"},\"inLanguage\":\"ro-RO\",\"potentialAction\":[{\"@type\":\"ReadAction\",\"target\":[\"https:\\\/\\\/egytourpackages.com\\\/ro\\\/tours\\\/tur-de-2-zile-la-oaza-siwa-din-marsa-matruh\\\/\"]}]},{\"@type\":\"ImageObject\",\"inLanguage\":\"ro-RO\",\"@id\":\"https:\\\/\\\/egytourpackages.com\\\/ro\\\/tours\\\/tur-de-2-zile-la-oaza-siwa-din-marsa-matruh\\\/#primaryimage\",\"url\":\"https:\\\/\\\/egytourpackages.com\\\/wp-content\\\/uploads\\\/2025\\\/08\\\/Siwa-Oasis.jpeg\",\"contentUrl\":\"https:\\\/\\\/egytourpackages.com\\\/wp-content\\\/uploads\\\/2025\\\/08\\\/Siwa-Oasis.jpeg\",\"width\":1600,\"height\":1200,\"caption\":\"Oaza Siwa\"},{\"@type\":\"BreadcrumbList\",\"@id\":\"https:\\\/\\\/egytourpackages.com\\\/ro\\\/tours\\\/tur-de-2-zile-la-oaza-siwa-din-marsa-matruh\\\/#breadcrumb\",\"itemListElement\":[{\"@type\":\"ListItem\",\"position\":1,\"name\":\"Home\",\"item\":\"https:\\\/\\\/egytourpackages.com\\\/ro\\\/\"},{\"@type\":\"ListItem\",\"position\":2,\"name\":\"Shop\",\"item\":\"https:\\\/\\\/egytourpackages.com\\\/shop\\\/\"},{\"@type\":\"ListItem\",\"position\":3,\"name\":\"Tur de 2 zile la Oaza Siwa din Marsa Matruh\"}]},{\"@type\":\"WebSite\",\"@id\":\"https:\\\/\\\/egytourpackages.com\\\/ro\\\/#website\",\"url\":\"https:\\\/\\\/egytourpackages.com\\\/ro\\\/\",\"name\":\"Egy tour packages\",\"description\":\"\",\"publisher\":{\"@id\":\"https:\\\/\\\/egytourpackages.com\\\/ro\\\/#organization\"},\"potentialAction\":[{\"@type\":\"SearchAction\",\"target\":{\"@type\":\"EntryPoint\",\"urlTemplate\":\"https:\\\/\\\/egytourpackages.com\\\/ro\\\/?s={search_term_string}\"},\"query-input\":{\"@type\":\"PropertyValueSpecification\",\"valueRequired\":true,\"valueName\":\"search_term_string\"}}],\"inLanguage\":\"ro-RO\"},{\"@type\":[\"Organization\",\"Place\",\"TravelAgency\"],\"@id\":\"https:\\\/\\\/egytourpackages.com\\\/ro\\\/#organization\",\"name\":\"egypt tour packages\",\"alternateName\":\"egypt tour packages\",\"url\":\"https:\\\/\\\/egytourpackages.com\\\/ro\\\/\",\"logo\":{\"@id\":\"https:\\\/\\\/egytourpackages.com\\\/ro\\\/tours\\\/tur-de-2-zile-la-oaza-siwa-din-marsa-matruh\\\/#local-main-organization-logo\"},\"image\":{\"@id\":\"https:\\\/\\\/egytourpackages.com\\\/ro\\\/tours\\\/tur-de-2-zile-la-oaza-siwa-din-marsa-matruh\\\/#local-main-organization-logo\"},\"sameAs\":[\"https:\\\/\\\/www.facebook.com\\\/egytourpackages\"],\"legalName\":\"Egy tour packages\",\"address\":{\"@id\":\"https:\\\/\\\/egytourpackages.com\\\/ro\\\/tours\\\/tur-de-2-zile-la-oaza-siwa-din-marsa-matruh\\\/#local-main-place-address\"},\"telephone\":[\"00201000852186\",\"00201028685533\"],\"contactPoint\":{\"@type\":\"ContactPoint\",\"telephone\":\"00201000852186\"},\"openingHoursSpecification\":[{\"@type\":\"OpeningHoursSpecification\",\"dayOfWeek\":[\"Monday\",\"Tuesday\",\"Wednesday\",\"Thursday\",\"Friday\",\"Saturday\",\"Sunday\"],\"opens\":\"00:00\",\"closes\":\"23:59\"}],\"email\":\"info@egytourpackages.com\",\"areaServed\":\"Cairo, Hurghada, Luxor, Sharm El Sheikh, Marsa Alam, Aswan\",\"priceRange\":\"$\",\"currenciesAccepted\":\"euro\",\"paymentAccepted\":\"Payment links online\"},{\"@type\":\"PostalAddress\",\"@id\":\"https:\\\/\\\/egytourpackages.com\\\/ro\\\/tours\\\/tur-de-2-zile-la-oaza-siwa-din-marsa-matruh\\\/#local-main-place-address\",\"streetAddress\":\"Mubarak 8, Al Kawthar District, Hurghada\",\"addressLocality\":\"Hurghada\",\"postalCode\":\"84511\",\"addressRegion\":\"Red Sea\",\"addressCountry\":\"EG\"},{\"@type\":\"ImageObject\",\"inLanguage\":\"ro-RO\",\"@id\":\"https:\\\/\\\/egytourpackages.com\\\/ro\\\/tours\\\/tur-de-2-zile-la-oaza-siwa-din-marsa-matruh\\\/#local-main-organization-logo\",\"url\":\"https:\\\/\\\/egytourpackages.com\\\/wp-content\\\/uploads\\\/2025\\\/12\\\/Turquoise-Dahabiya-Nile-Cruise-1.jpeg\",\"contentUrl\":\"https:\\\/\\\/egytourpackages.com\\\/wp-content\\\/uploads\\\/2025\\\/12\\\/Turquoise-Dahabiya-Nile-Cruise-1.jpeg\",\"width\":1040,\"height\":694,\"caption\":\"egypt tour packages\"}]}<\/script>\n<meta property=\"product:brand\" content=\"Excursii de o zi \u00een Egipt\" \/>\n<meta property=\"product:price:amount\" content=\"0\" \/>\n<meta property=\"product:price:currency\" content=\"EUR\" \/>\n<meta property=\"og:availability\" content=\"instock\" \/>\n<meta property=\"product:availability\" content=\"instock\" \/>\n<meta property=\"product:retailer_item_id\" content=\"MMT01\" \/>\n<meta property=\"product:condition\" content=\"new\" \/>\n<meta name=\"geo.placename\" content=\"Hurghada\" \/>\n<meta name=\"geo.region\" content=\"Egipt\" \/>\n<!-- \/ Yoast SEO Premium plugin. -->","yoast_head_json":{"title":"Tur de 2 zile la Oaza Siwa din Marsa Matruh: Egy tour packages","description":"Evadeaz\u0103 la Siwa! Un Tur de 2 zile la Oaza Siwa din Marsa Matruh. Safari, lacuri s\u0103rate \u0219i istorie. O aventur\u0103 \u00een de\u0219ert care \u00ee\u021bi va r\u0103m\u00e2ne \u00een suflet.","robots":{"index":"index","follow":"follow","max-snippet":"max-snippet:-1","max-image-preview":"max-image-preview:large","max-video-preview":"max-video-preview:-1"},"canonical":"https:\/\/egytourpackages.com\/ro\/tours\/tur-de-2-zile-la-oaza-siwa-din-marsa-matruh\/","og_locale":"ro_RO","og_type":"article","og_title":"Tur de 2 zile la Oaza Siwa din Marsa Matruh","og_description":"Evadeaz\u0103 la Siwa! Un Tur de 2 zile la Oaza Siwa din Marsa Matruh. Safari, lacuri s\u0103rate \u0219i istorie. O aventur\u0103 \u00een de\u0219ert care \u00ee\u021bi va r\u0103m\u00e2ne \u00een suflet.","og_url":"https:\/\/egytourpackages.com\/ro\/tours\/tur-de-2-zile-la-oaza-siwa-din-marsa-matruh\/","og_site_name":"Egypt Tour Packages","article_publisher":"https:\/\/www.facebook.com\/egytourpackages","article_modified_time":"2026-04-07T16:42:04+00:00","og_image":[{"width":1600,"height":1200,"url":"https:\/\/egytourpackages.com\/wp-content\/uploads\/2025\/08\/Siwa-Oasis.jpeg","type":"image\/jpeg"}],"twitter_card":"summary_large_image","twitter_title":"Tur de 2 zile la Oaza Siwa din Marsa Matruh","twitter_misc":{"Pre\u021b":"&euro;0","Disponibilitate":"\u00cen stoc"},"schema":{"@context":"https:\/\/schema.org","@graph":[{"@type":"WebPage","@id":"https:\/\/egytourpackages.com\/ro\/tours\/tur-de-2-zile-la-oaza-siwa-din-marsa-matruh\/","url":"https:\/\/egytourpackages.com\/ro\/tours\/tur-de-2-zile-la-oaza-siwa-din-marsa-matruh\/","name":"Tur de 2 zile la Oaza Siwa din Marsa Matruh: Egy tour packages","isPartOf":{"@id":"https:\/\/egytourpackages.com\/ro\/#website"},"primaryImageOfPage":{"@id":"https:\/\/egytourpackages.com\/ro\/tours\/tur-de-2-zile-la-oaza-siwa-din-marsa-matruh\/#primaryimage"},"image":{"@id":"https:\/\/egytourpackages.com\/ro\/tours\/tur-de-2-zile-la-oaza-siwa-din-marsa-matruh\/#primaryimage"},"thumbnailUrl":"https:\/\/egytourpackages.com\/wp-content\/uploads\/2025\/08\/Siwa-Oasis.jpeg","datePublished":"2025-08-12T13:04:19+00:00","dateModified":"2026-04-07T16:42:04+00:00","description":"Evadeaz\u0103 la Siwa! Un Tur de 2 zile la Oaza Siwa din Marsa Matruh. Safari, lacuri s\u0103rate \u0219i istorie. O aventur\u0103 \u00een de\u0219ert care \u00ee\u021bi va r\u0103m\u00e2ne \u00een suflet.","breadcrumb":{"@id":"https:\/\/egytourpackages.com\/ro\/tours\/tur-de-2-zile-la-oaza-siwa-din-marsa-matruh\/#breadcrumb"},"inLanguage":"ro-RO","potentialAction":[{"@type":"ReadAction","target":["https:\/\/egytourpackages.com\/ro\/tours\/tur-de-2-zile-la-oaza-siwa-din-marsa-matruh\/"]}]},{"@type":"ImageObject","inLanguage":"ro-RO","@id":"https:\/\/egytourpackages.com\/ro\/tours\/tur-de-2-zile-la-oaza-siwa-din-marsa-matruh\/#primaryimage","url":"https:\/\/egytourpackages.com\/wp-content\/uploads\/2025\/08\/Siwa-Oasis.jpeg","contentUrl":"https:\/\/egytourpackages.com\/wp-content\/uploads\/2025\/08\/Siwa-Oasis.jpeg","width":1600,"height":1200,"caption":"Oaza Siwa"},{"@type":"BreadcrumbList","@id":"https:\/\/egytourpackages.com\/ro\/tours\/tur-de-2-zile-la-oaza-siwa-din-marsa-matruh\/#breadcrumb","itemListElement":[{"@type":"ListItem","position":1,"name":"Home","item":"https:\/\/egytourpackages.com\/ro\/"},{"@type":"ListItem","position":2,"name":"Shop","item":"https:\/\/egytourpackages.com\/shop\/"},{"@type":"ListItem","position":3,"name":"Tur de 2 zile la Oaza Siwa din Marsa Matruh"}]},{"@type":"WebSite","@id":"https:\/\/egytourpackages.com\/ro\/#website","url":"https:\/\/egytourpackages.com\/ro\/","name":"Egy tour packages","description":"","publisher":{"@id":"https:\/\/egytourpackages.com\/ro\/#organization"},"potentialAction":[{"@type":"SearchAction","target":{"@type":"EntryPoint","urlTemplate":"https:\/\/egytourpackages.com\/ro\/?s={search_term_string}"},"query-input":{"@type":"PropertyValueSpecification","valueRequired":true,"valueName":"search_term_string"}}],"inLanguage":"ro-RO"},{"@type":["Organization","Place","TravelAgency"],"@id":"https:\/\/egytourpackages.com\/ro\/#organization","name":"egypt tour packages","alternateName":"egypt tour packages","url":"https:\/\/egytourpackages.com\/ro\/","logo":{"@id":"https:\/\/egytourpackages.com\/ro\/tours\/tur-de-2-zile-la-oaza-siwa-din-marsa-matruh\/#local-main-organization-logo"},"image":{"@id":"https:\/\/egytourpackages.com\/ro\/tours\/tur-de-2-zile-la-oaza-siwa-din-marsa-matruh\/#local-main-organization-logo"},"sameAs":["https:\/\/www.facebook.com\/egytourpackages"],"legalName":"Egy tour packages","address":{"@id":"https:\/\/egytourpackages.com\/ro\/tours\/tur-de-2-zile-la-oaza-siwa-din-marsa-matruh\/#local-main-place-address"},"telephone":["00201000852186","00201028685533"],"contactPoint":{"@type":"ContactPoint","telephone":"00201000852186"},"openingHoursSpecification":[{"@type":"OpeningHoursSpecification","dayOfWeek":["Monday","Tuesday","Wednesday","Thursday","Friday","Saturday","Sunday"],"opens":"00:00","closes":"23:59"}],"email":"info@egytourpackages.com","areaServed":"Cairo, Hurghada, Luxor, Sharm El Sheikh, Marsa Alam, Aswan","priceRange":"$","currenciesAccepted":"euro","paymentAccepted":"Payment links online"},{"@type":"PostalAddress","@id":"https:\/\/egytourpackages.com\/ro\/tours\/tur-de-2-zile-la-oaza-siwa-din-marsa-matruh\/#local-main-place-address","streetAddress":"Mubarak 8, Al Kawthar District, Hurghada","addressLocality":"Hurghada","postalCode":"84511","addressRegion":"Red Sea","addressCountry":"EG"},{"@type":"ImageObject","inLanguage":"ro-RO","@id":"https:\/\/egytourpackages.com\/ro\/tours\/tur-de-2-zile-la-oaza-siwa-din-marsa-matruh\/#local-main-organization-logo","url":"https:\/\/egytourpackages.com\/wp-content\/uploads\/2025\/12\/Turquoise-Dahabiya-Nile-Cruise-1.jpeg","contentUrl":"https:\/\/egytourpackages.com\/wp-content\/uploads\/2025\/12\/Turquoise-Dahabiya-Nile-Cruise-1.jpeg","width":1040,"height":694,"caption":"egypt tour packages"}]},"product_brand":"Excursii de o zi \u00een Egipt","product_price_currency":"EUR","og_availability":"instock","product_availability":"instock","product_retailer_item_id":"MMT01","product_condition":"new","geo.placename":"Hurghada","geo.region":"Egipt"},"_links":{"self":[{"href":"https:\/\/egytourpackages.com\/ro\/wp-json\/wp\/v2\/product\/6160","targetHints":{"allow":["GET"]}}],"collection":[{"href":"https:\/\/egytourpackages.com\/ro\/wp-json\/wp\/v2\/product"}],"about":[{"href":"https:\/\/egytourpackages.com\/ro\/wp-json\/wp\/v2\/types\/product"}],"replies":[{"embeddable":true,"href":"https:\/\/egytourpackages.com\/ro\/wp-json\/wp\/v2\/comments?post=6160"}],"wp:featuredmedia":[{"embeddable":true,"href":"https:\/\/egytourpackages.com\/ro\/wp-json\/wp\/v2\/media\/6163"}],"wp:attachment":[{"href":"https:\/\/egytourpackages.com\/ro\/wp-json\/wp\/v2\/media?parent=6160"}],"wp:term":[{"taxonomy":"product_brand","embeddable":true,"href":"https:\/\/egytourpackages.com\/ro\/wp-json\/wp\/v2\/product_brand?post=6160"},{"taxonomy":"product_cat","embeddable":true,"href":"https:\/\/egytourpackages.com\/ro\/wp-json\/wp\/v2\/product_cat?post=6160"},{"taxonomy":"product_tag","embeddable":true,"href":"https:\/\/egytourpackages.com\/ro\/wp-json\/wp\/v2\/product_tag?post=6160"}],"curies":[{"name":"wp","href":"https:\/\/api.w.org\/{rel}","templated":true}]}}