{"id":6179,"date":"2025-06-16T11:42:16","date_gmt":"2025-06-16T11:42:16","guid":{"rendered":"https:\/\/egytourpackages.com\/product\/tur-cu-quad-de-dimineata-din-soma-bay\/"},"modified":"2026-01-28T23:56:17","modified_gmt":"2026-01-28T23:56:17","slug":"tur-cu-quad-de-dimineata-din-soma-bay","status":"publish","type":"product","link":"https:\/\/egytourpackages.com\/ro\/tours\/tur-cu-quad-de-dimineata-din-soma-bay\/","title":{"rendered":"Tur cu quad de diminea\u021b\u0103 din Soma Bay"},"content":{"rendered":"<p><span style=\"color: #ff6600;\"><strong>Tur cu quad de diminea\u021b\u0103 din Soma Bay<\/strong><\/span><\/p>\n<p><strong>Aventur\u0103 \u00een de\u0219ert Soma Bay \/ Tururi ATV de diminea\u021b\u0103 \/ Tururi ATV la r\u0103s\u0103rit \/ Sat Beduin \/ Rezerv\u0103 online \/ F\u0103r\u0103 taxe de anulare \/ Pl\u0103te\u0219te pe loc \/ F\u0103r\u0103 taxe suplimentare<\/strong><\/p>\n<p>\u00cembarca\u021bi-v\u0103 \u00eentr-un palpitant <strong>tur cu quad de diminea\u021b\u0103 din Soma Bay<\/strong> pentru o aventur\u0103 suprem\u0103 de <strong>safari \u00een de\u0219ert<\/strong>! Aceast\u0103 popular\u0103 <strong>excursie din Soma Bay<\/strong> ofer\u0103 o experien\u021b\u0103 de neuitat, combin\u00e2nd fiorul <strong>plimb\u0103rii cu quad-ul<\/strong> (sau <strong>ATV-ul<\/strong>) prin vastul de\u0219ert egiptean cu o imersiune cultural\u0103 captivant\u0103. Ve\u021bi naviga prin c\u00e2mpiile nisipoase, bucur\u00e2ndu-v\u0103 de aerul proasp\u0103t al dimine\u021bii \u0219i de peisajele de\u0219ertice uluitoare. Punctul culminant pentru mul\u021bi este o vizit\u0103 la un <strong>sat beduin<\/strong> tradi\u021bional, unde pute\u021bi experimenta o <strong>plimbare autentic\u0103 cu c\u0103mila<\/strong> \u0219i pute\u021bi \u00eenv\u0103\u021ba despre stilul lor de via\u021b\u0103 unic, savur\u00e2nd un ceai tradi\u021bional. Perfect pentru cei care caut\u0103 <strong>aventur\u0103 \u00een de\u0219ert<\/strong>, acest <strong>tur cu quad din Soma Bay<\/strong> ofer\u0103 o modalitate dinamic\u0103 \u0219i memorabil\u0103 de a explora frumuse\u021bea natural\u0103 uimitoare \u0219i cultura local\u0103 a Egiptului. Rezerva\u021bi-v\u0103 <strong>safari-ul de diminea\u021b\u0103 \u00een de\u0219ert<\/strong> ast\u0103zi pentru un \u00eenceput de zi plin de ac\u021biune!<\/p>\n<h3><span style=\"color: #ff6600;\">Detalii<\/span><\/h3>\n<ul>\n<li>Durat\u0103: 4 ore, inclusiv transferurile.<\/li>\n<li>Ora de preluare: Diminea\u021ba la 07:00<\/li>\n<li>Tipul excursiei: De grup.<\/li>\n<li>Disponibilitate: Zilnic.<\/li>\n<li>Durat\u0103: 3 ore f\u0103r\u0103 transfer.<\/li>\n<li>Dimensiunea grupului: 6-15 persoane.<\/li>\n<li><strong>Limba: Rom\u00e2n\u0103<\/strong><\/li>\n<li>Orar: Rezerva\u021bi online.<\/li>\n<li>Preluare \u0219i l\u0103sare: Hoteluri din Soma Bay<\/li>\n<\/ul>\n<h3><span style=\"color: #ff6600;\">Puncte de atrac\u021bie<\/span><\/h3>\n<ul>\n<li>Plimbare cu ATV-ul pe o distan\u021b\u0103 de 25 km<\/li>\n<li>Sat beduin<\/li>\n<li>Plimbare cu c\u0103mila<\/li>\n<\/ul>\n<h3><span style=\"color: #ff6600;\">Incluse<\/span><\/h3>\n<ul>\n<li>Preluare \u0219i l\u0103sare de la hotel<\/li>\n<li>Taxe de taxi<\/li>\n<li>Ghid al de\u0219ertului vorbitor de limba rom\u00e2n\u0103<\/li>\n<li>Ap\u0103<\/li>\n<li>Casc\u0103<\/li>\n<\/ul>\n<h3><span style=\"color: #ff6600;\">Excluse<\/span><\/h3>\n<ul>\n<li>Bac\u0219i\u0219uri<\/li>\n<li>E\u0219arf\u0103 beduin\u0103<\/li>\n<li>Ochelari de protec\u021bie<\/li>\n<li>DVD sau fotografii realizate de cameraman<\/li>\n<li>Toate extra-urile neincluse<\/li>\n<\/ul>\n<h3><span style=\"color: #ff6600;\">Itinerariu<\/span><\/h3>\n<h3><span style=\"color: #ff6600;\">7:00 AM: Preluare \u0219i transfer de la hotel<\/span><\/h3>\n<p>\u00cencepe\u021bi-v\u0103 ziua plin\u0103 de emo\u021bie cu un transfer confortabil, cu aer condi\u021bionat, direct de la hotelul dumneavoastr\u0103 din Soma Bay.<\/p>\n<h3><span style=\"color: #ff6600;\">08.00 AM: Sosire \u0219i briefing de siguran\u021b\u0103<\/span><\/h3>\n<p>Ajunge\u021bi la centrul de quad-uri, unde ve\u021bi fi \u00eent\u00e2mpinat de ghizi locali prieteno\u0219i. Apoi, ve\u021bi primi un briefing de siguran\u021b\u0103 cuprinz\u0103tor despre cum s\u0103 opera\u021bi <strong>quad-urile (ATV-urile)<\/strong> \u00een siguran\u021b\u0103 \u0219i eficient. C\u0103\u0219tile sunt furnizate \u0219i sunt obligatorii. Ave\u021bi ocazia s\u0103 exersa\u021bi mersul pe quad \u00eentr-o zon\u0103 desemnat\u0103 pentru a v\u0103 asigura c\u0103 sunte\u021bi confortabil \u00eenainte de a porni \u00een de\u0219ert.<\/p>\n<h3><span style=\"color: #ff6600;\">9:30 AM: Safari palpitant cu quad-ul \u00een de\u0219ert<\/span><\/h3>\n<p>\u00cencepe\u021bi-v\u0103 <strong>safari-ul cu quad-ul \u00een de\u0219ert<\/strong>! Conduce\u021bi prin uimitorul \u0219i vastul <strong>de\u0219ert egiptean<\/strong>, navig\u00e2nd pe c\u0103r\u0103ri nisipoase \u0219i bucur\u00e2ndu-v\u0103 de \u00eentinderea deschis\u0103. Ghidul dumneavoastr\u0103 v\u0103 va duce, de asemenea, la puncte de vedere incredibile, oferind oportunit\u0103\u021bi de a captura fotografii uluitoare ale peisajului de\u0219ertic, mai ales pe m\u0103sur\u0103 ce soarele se ridic\u0103. Sim\u021bi\u021bi v\u00e2ntul \u00een p\u0103r \u0219i fiorul de a accelera peste dune.<\/p>\n<h3><span style=\"color: #ff6600;\">10:00 AM: Experien\u021b\u0103 cultural\u0103 la satul beduin<\/span><\/h3>\n<p>Conduce\u021bi quad-ul mai ad\u00e2nc \u00een de\u0219ert pentru a ajunge la un <strong>sat beduin<\/strong> autentic. Aici, ve\u021bi \u00eent\u00e2lni oamenii beduini ospitalieri \u0219i ve\u021bi ob\u021bine informa\u021bii despre stilul lor de via\u021b\u0103 tradi\u021bional. Apoi, experimenta\u021bi o <strong>plimbare pa\u0219nic\u0103 cu c\u0103mila<\/strong> prin de\u0219ert, o experien\u021b\u0103 egiptean\u0103 cu adev\u0103rat emblematic\u0103. Relaxa\u021bi-v\u0103 \u0219i bucura\u021bi-v\u0103 de ap\u0103 mineral\u0103, b\u0103uturi r\u0103coritoare \u0219i ceai beduin tradi\u021bional, toate oferite gratuit.<\/p>\n<h3><span style=\"color: #ff6600;\">11:00 AM: C\u0103l\u0103toria de \u00eentoarcere cu quad-ul<\/span><\/h3>\n<p>Urca\u021bi-v\u0103 \u00eenapoi pe quad pentru o alt\u0103 plimbare palpitant\u0103, \u00eendrept\u00e2ndu-v\u0103 \u00eenapoi la sta\u021bia de quad-uri. Aceasta v\u0103 ofer\u0103 mai multe \u0219anse de a v\u0103 bucura de peisajele vaste ale de\u0219ertului.<\/p>\n<h3><span style=\"color: #ff6600;\">12:00 PM: Transfer \u00eenapoi la hotel<\/span><\/h3>\n<p>Urca\u021bi-v\u0103 \u00eenapoi \u00een vehiculul cu aer condi\u021bionat pentru a v\u0103 \u00eentoarce la hotelul dumneavoastr\u0103 din Soma Bay, reflect\u00e2nd asupra incredibilei dumneavoastr\u0103 aventuri \u00een de\u0219ert.<\/p>\n<h3><span style=\"color: #ff6600;\">Ce s\u0103 lua\u021bi cu dumneavoastr\u0103 pentru turul cu quad de diminea\u021b\u0103<\/span><\/h3>\n<ul>\n<li>\u00cembr\u0103c\u0103minte confortabil\u0103<\/li>\n<li>Pantofi \u00eenchi\u0219i<\/li>\n<li>Ochelari de soare<\/li>\n<li>Crem\u0103 de soare<\/li>\n<li>E\u0219arf\u0103<\/li>\n<li>Rucsac mic<\/li>\n<\/ul>\n<h3><span style=\"color: #ff6600;\">De ce s\u0103 alege\u021bi un tur cu quad de diminea\u021b\u0103?<\/span><\/h3>\n<ul>\n<li>Evita\u021bi c\u0103ldura de la pr\u00e2nz<\/li>\n<li>Oportunit\u0103\u021bi uimitoare de a vedea r\u0103s\u0103ritul<\/li>\n<li>Potrivit pentru familii<\/li>\n<li>Experien\u021b\u0103 memorabil\u0103<\/li>\n<\/ul>\n<h3><span style=\"color: #ff6600;\">Not\u0103:<\/span><\/h3>\n<p>Copiii sub 14 ani nu au voie s\u0103 conduc\u0103 quad-ul.<\/p>\n<h3><span style=\"color: #ff6600;\">Pre\u021b Tur cu quad de diminea\u021b\u0103 din Soma Bay<\/span><\/h3>\n<p>Pre\u021b adult: 35 \u20ac<\/p>\n<p>Copii 0-5 ani:<\/p>\n<p>Gratuit Copii 5-11 ani: 50% din pre\u021bul adultului<\/p>\n<h3><span style=\"color: #ff6600;\">Rezervare<\/span><\/h3>\n<p>Pute\u021bi rezerva turul dumneavoastr\u0103 prin WhatsApp sau ne pute\u021bi trimite un e-mail. Ve\u021bi primi o confirmare imediat.<\/p>\n<p>V\u0103 rug\u0103m s\u0103 ne trimite\u021bi numele hotelului, num\u0103rul camerei \u0219i copiile pa\u0219apoartelor.<\/p>\n<p>WhatsApp: <strong>+201000852186<\/strong><\/p>\n<p>info@egytourpackages.com<\/p>\n<h3><span style=\"color: #ff6600;\">Rezerva\u021bi acum \u0219i pl\u0103ti\u021bi pe loc<\/span><\/h3>\n<p>Rezerva\u021bi turul dumneavoastr\u0103 preferat \u0219i pl\u0103ti\u021bi \u00een ziua excursiei.<\/p>\n<h3><span style=\"color: #ff6600;\">Plat\u0103<\/span><\/h3>\n<p>Pute\u021bi pl\u0103ti \u00een lire egiptene, $, \u20ac sau \u00a3.<\/p>\n<h3><span style=\"color: #ff6600;\">Politica de anulare<\/span><\/h3>\n<ul>\n<li>Anulare gratuit\u0103 cu p\u00e2n\u0103 la 24 de ore \u00een avans<\/li>\n<li>Anularea diminea\u021ba este de 50% din pre\u021b<\/li>\n<\/ul>\n","protected":false},"excerpt":{"rendered":"<p>Acum! Un Tur cu quad de diminea\u021b\u0103 din Soma Bay. Exploreaz\u0103 de\u0219ertul, plimb\u0103-te cu c\u0103mila \u0219i viziteaz\u0103 un sat beduin. O aventur\u0103 plin\u0103 de adrenalin\u0103.<\/p>\n","protected":false},"featured_media":6180,"comment_status":"closed","ping_status":"closed","template":"","meta":[],"product_brand":[],"product_cat":[3120],"product_tag":[3203,3230,3353],"class_list":{"0":"post-6179","1":"product","2":"type-product","3":"status-publish","4":"has-post-thumbnail","6":"product_cat-tururi","7":"product_tag-excursii-de-o-zi-in-egipt","8":"product_tag-excursii-soma-bay","9":"product_tag-tururi-de-safari-in-desert","10":"tour_category-excursii-de-o-zi-in-egipt-ro","11":"tour_category-excursii-soma-bay-ro","12":"tour_category-safari-in-desertul-hurghada","14":"first","15":"instock","16":"sale","17":"shipping-taxable","18":"purchasable","19":"product-type-tour","20":"has-default-attributes"},"yoast_head":"<!-- This site is optimized with the Yoast SEO Premium plugin v27.4 (Yoast SEO v27.4) - https:\/\/yoast.com\/product\/yoast-seo-premium-wordpress\/ -->\n<title>Tur cu quad de diminea\u021b\u0103 din Soma Bay<\/title>\n<meta name=\"description\" content=\"Acum! Un Tur cu quad de diminea\u021b\u0103 din Soma Bay. Exploreaz\u0103 de\u0219ertul, plimb\u0103-te cu c\u0103mila \u0219i viziteaz\u0103 un sat beduin. O aventur\u0103 plin\u0103 de adrenalin\u0103.\" \/>\n<meta name=\"robots\" content=\"index, follow, max-snippet:-1, max-image-preview:large, max-video-preview:-1\" \/>\n<link rel=\"canonical\" href=\"https:\/\/egytourpackages.com\/ro\/tours\/tur-cu-quad-de-dimineata-din-soma-bay\/\" \/>\n<meta property=\"og:locale\" content=\"ro_RO\" \/>\n<meta property=\"og:type\" content=\"article\" \/>\n<meta property=\"og:title\" content=\"Tur cu quad de diminea\u021b\u0103 din Soma Bay\" \/>\n<meta property=\"og:description\" content=\"Acum! Un Tur cu quad de diminea\u021b\u0103 din Soma Bay. Exploreaz\u0103 de\u0219ertul, plimb\u0103-te cu c\u0103mila \u0219i viziteaz\u0103 un sat beduin. O aventur\u0103 plin\u0103 de adrenalin\u0103.\" \/>\n<meta property=\"og:url\" content=\"https:\/\/egytourpackages.com\/ro\/tours\/tur-cu-quad-de-dimineata-din-soma-bay\/\" \/>\n<meta property=\"og:site_name\" content=\"Egypt Tour Packages\" \/>\n<meta property=\"article:publisher\" content=\"https:\/\/www.facebook.com\/egytourpackages\" \/>\n<meta property=\"article:modified_time\" content=\"2026-01-28T23:56:17+00:00\" \/>\n<meta property=\"og:image\" content=\"https:\/\/egytourpackages.com\/wp-content\/uploads\/2025\/06\/Morning-Quad-Bike-Tour-from-Soma-Bay-2.jpeg\" \/>\n\t<meta property=\"og:image:width\" content=\"1500\" \/>\n\t<meta property=\"og:image:height\" content=\"1000\" \/>\n\t<meta property=\"og:image:type\" content=\"image\/jpeg\" \/>\n<meta name=\"twitter:card\" content=\"summary_large_image\" \/>\n<meta name=\"twitter:title\" content=\"Tur cu quad de diminea\u021b\u0103 din Soma Bay\" \/>\n<meta name=\"twitter:label1\" content=\"Pre\u021b\" \/>\n\t<meta name=\"twitter:data1\" content=\"&euro;35\" \/>\n\t<meta name=\"twitter:label2\" content=\"Disponibilitate\" \/>\n\t<meta name=\"twitter:data2\" content=\"\u00cen stoc\" \/>\n<script type=\"application\/ld+json\" class=\"yoast-schema-graph\">{\"@context\":\"https:\\\/\\\/schema.org\",\"@graph\":[{\"@type\":\"WebPage\",\"@id\":\"https:\\\/\\\/egytourpackages.com\\\/ro\\\/tours\\\/tur-cu-quad-de-dimineata-din-soma-bay\\\/\",\"url\":\"https:\\\/\\\/egytourpackages.com\\\/ro\\\/tours\\\/tur-cu-quad-de-dimineata-din-soma-bay\\\/\",\"name\":\"Tur cu quad de diminea\u021b\u0103 din Soma Bay\",\"isPartOf\":{\"@id\":\"https:\\\/\\\/egytourpackages.com\\\/ro\\\/#website\"},\"primaryImageOfPage\":{\"@id\":\"https:\\\/\\\/egytourpackages.com\\\/ro\\\/tours\\\/tur-cu-quad-de-dimineata-din-soma-bay\\\/#primaryimage\"},\"image\":{\"@id\":\"https:\\\/\\\/egytourpackages.com\\\/ro\\\/tours\\\/tur-cu-quad-de-dimineata-din-soma-bay\\\/#primaryimage\"},\"thumbnailUrl\":\"https:\\\/\\\/egytourpackages.com\\\/wp-content\\\/uploads\\\/2025\\\/06\\\/Morning-Quad-Bike-Tour-from-Soma-Bay-2.jpeg\",\"datePublished\":\"2025-06-16T11:42:16+00:00\",\"dateModified\":\"2026-01-28T23:56:17+00:00\",\"description\":\"Acum! Un Tur cu quad de diminea\u021b\u0103 din Soma Bay. Exploreaz\u0103 de\u0219ertul, plimb\u0103-te cu c\u0103mila \u0219i viziteaz\u0103 un sat beduin. O aventur\u0103 plin\u0103 de adrenalin\u0103.\",\"breadcrumb\":{\"@id\":\"https:\\\/\\\/egytourpackages.com\\\/ro\\\/tours\\\/tur-cu-quad-de-dimineata-din-soma-bay\\\/#breadcrumb\"},\"inLanguage\":\"ro-RO\",\"potentialAction\":[{\"@type\":\"ReadAction\",\"target\":[\"https:\\\/\\\/egytourpackages.com\\\/ro\\\/tours\\\/tur-cu-quad-de-dimineata-din-soma-bay\\\/\"]}]},{\"@type\":\"ImageObject\",\"inLanguage\":\"ro-RO\",\"@id\":\"https:\\\/\\\/egytourpackages.com\\\/ro\\\/tours\\\/tur-cu-quad-de-dimineata-din-soma-bay\\\/#primaryimage\",\"url\":\"https:\\\/\\\/egytourpackages.com\\\/wp-content\\\/uploads\\\/2025\\\/06\\\/Morning-Quad-Bike-Tour-from-Soma-Bay-2.jpeg\",\"contentUrl\":\"https:\\\/\\\/egytourpackages.com\\\/wp-content\\\/uploads\\\/2025\\\/06\\\/Morning-Quad-Bike-Tour-from-Soma-Bay-2.jpeg\",\"width\":1500,\"height\":1000,\"caption\":\"Tur cu quad de diminea\u021b\u0103 din Soma Bay\"},{\"@type\":\"BreadcrumbList\",\"@id\":\"https:\\\/\\\/egytourpackages.com\\\/ro\\\/tours\\\/tur-cu-quad-de-dimineata-din-soma-bay\\\/#breadcrumb\",\"itemListElement\":[{\"@type\":\"ListItem\",\"position\":1,\"name\":\"Home\",\"item\":\"https:\\\/\\\/egytourpackages.com\\\/ro\\\/\"},{\"@type\":\"ListItem\",\"position\":2,\"name\":\"Shop\",\"item\":\"https:\\\/\\\/egytourpackages.com\\\/shop\\\/\"},{\"@type\":\"ListItem\",\"position\":3,\"name\":\"Tur cu quad de diminea\u021b\u0103 din Soma Bay\"}]},{\"@type\":\"WebSite\",\"@id\":\"https:\\\/\\\/egytourpackages.com\\\/ro\\\/#website\",\"url\":\"https:\\\/\\\/egytourpackages.com\\\/ro\\\/\",\"name\":\"Egy tour packages\",\"description\":\"\",\"publisher\":{\"@id\":\"https:\\\/\\\/egytourpackages.com\\\/ro\\\/#organization\"},\"potentialAction\":[{\"@type\":\"SearchAction\",\"target\":{\"@type\":\"EntryPoint\",\"urlTemplate\":\"https:\\\/\\\/egytourpackages.com\\\/ro\\\/?s={search_term_string}\"},\"query-input\":{\"@type\":\"PropertyValueSpecification\",\"valueRequired\":true,\"valueName\":\"search_term_string\"}}],\"inLanguage\":\"ro-RO\"},{\"@type\":[\"Organization\",\"Place\",\"TravelAgency\"],\"@id\":\"https:\\\/\\\/egytourpackages.com\\\/ro\\\/#organization\",\"name\":\"egypt tour packages\",\"alternateName\":\"egypt tour packages\",\"url\":\"https:\\\/\\\/egytourpackages.com\\\/ro\\\/\",\"logo\":{\"@id\":\"https:\\\/\\\/egytourpackages.com\\\/ro\\\/tours\\\/tur-cu-quad-de-dimineata-din-soma-bay\\\/#local-main-organization-logo\"},\"image\":{\"@id\":\"https:\\\/\\\/egytourpackages.com\\\/ro\\\/tours\\\/tur-cu-quad-de-dimineata-din-soma-bay\\\/#local-main-organization-logo\"},\"sameAs\":[\"https:\\\/\\\/www.facebook.com\\\/egytourpackages\"],\"legalName\":\"Egy tour packages\",\"address\":{\"@id\":\"https:\\\/\\\/egytourpackages.com\\\/ro\\\/tours\\\/tur-cu-quad-de-dimineata-din-soma-bay\\\/#local-main-place-address\"},\"telephone\":[\"00201000852186\",\"00201028685533\"],\"contactPoint\":{\"@type\":\"ContactPoint\",\"telephone\":\"00201000852186\"},\"openingHoursSpecification\":[{\"@type\":\"OpeningHoursSpecification\",\"dayOfWeek\":[\"Monday\",\"Tuesday\",\"Wednesday\",\"Thursday\",\"Friday\",\"Saturday\",\"Sunday\"],\"opens\":\"00:00\",\"closes\":\"23:59\"}],\"email\":\"info@egytourpackages.com\",\"areaServed\":\"Cairo, Hurghada, Luxor, Sharm El Sheikh, Marsa Alam, Aswan\",\"priceRange\":\"$\",\"currenciesAccepted\":\"euro\",\"paymentAccepted\":\"Payment links online\"},{\"@type\":\"PostalAddress\",\"@id\":\"https:\\\/\\\/egytourpackages.com\\\/ro\\\/tours\\\/tur-cu-quad-de-dimineata-din-soma-bay\\\/#local-main-place-address\",\"streetAddress\":\"Mubarak 8, Al Kawthar District, Hurghada\",\"addressLocality\":\"Hurghada\",\"postalCode\":\"84511\",\"addressRegion\":\"Red Sea\",\"addressCountry\":\"EG\"},{\"@type\":\"ImageObject\",\"inLanguage\":\"ro-RO\",\"@id\":\"https:\\\/\\\/egytourpackages.com\\\/ro\\\/tours\\\/tur-cu-quad-de-dimineata-din-soma-bay\\\/#local-main-organization-logo\",\"url\":\"https:\\\/\\\/egytourpackages.com\\\/wp-content\\\/uploads\\\/2025\\\/12\\\/Turquoise-Dahabiya-Nile-Cruise-1.jpeg\",\"contentUrl\":\"https:\\\/\\\/egytourpackages.com\\\/wp-content\\\/uploads\\\/2025\\\/12\\\/Turquoise-Dahabiya-Nile-Cruise-1.jpeg\",\"width\":1040,\"height\":694,\"caption\":\"egypt tour packages\"}]}<\/script>\n<meta property=\"product:brand\" content=\"Excursii de o zi \u00een Egipt\" \/>\n<meta property=\"product:price:amount\" content=\"35\" \/>\n<meta property=\"product:price:currency\" content=\"EUR\" \/>\n<meta property=\"og:availability\" content=\"instock\" \/>\n<meta property=\"product:availability\" content=\"instock\" \/>\n<meta property=\"product:retailer_item_id\" content=\"SBE09\" \/>\n<meta property=\"product:condition\" content=\"new\" \/>\n<meta name=\"geo.placename\" content=\"Hurghada\" \/>\n<meta name=\"geo.region\" content=\"Egipt\" \/>\n<!-- \/ Yoast SEO Premium plugin. -->","yoast_head_json":{"title":"Tur cu quad de diminea\u021b\u0103 din Soma Bay","description":"Acum! Un Tur cu quad de diminea\u021b\u0103 din Soma Bay. Exploreaz\u0103 de\u0219ertul, plimb\u0103-te cu c\u0103mila \u0219i viziteaz\u0103 un sat beduin. O aventur\u0103 plin\u0103 de adrenalin\u0103.","robots":{"index":"index","follow":"follow","max-snippet":"max-snippet:-1","max-image-preview":"max-image-preview:large","max-video-preview":"max-video-preview:-1"},"canonical":"https:\/\/egytourpackages.com\/ro\/tours\/tur-cu-quad-de-dimineata-din-soma-bay\/","og_locale":"ro_RO","og_type":"article","og_title":"Tur cu quad de diminea\u021b\u0103 din Soma Bay","og_description":"Acum! Un Tur cu quad de diminea\u021b\u0103 din Soma Bay. Exploreaz\u0103 de\u0219ertul, plimb\u0103-te cu c\u0103mila \u0219i viziteaz\u0103 un sat beduin. O aventur\u0103 plin\u0103 de adrenalin\u0103.","og_url":"https:\/\/egytourpackages.com\/ro\/tours\/tur-cu-quad-de-dimineata-din-soma-bay\/","og_site_name":"Egypt Tour Packages","article_publisher":"https:\/\/www.facebook.com\/egytourpackages","article_modified_time":"2026-01-28T23:56:17+00:00","og_image":[{"width":1500,"height":1000,"url":"https:\/\/egytourpackages.com\/wp-content\/uploads\/2025\/06\/Morning-Quad-Bike-Tour-from-Soma-Bay-2.jpeg","type":"image\/jpeg"}],"twitter_card":"summary_large_image","twitter_title":"Tur cu quad de diminea\u021b\u0103 din Soma Bay","twitter_misc":{"Pre\u021b":"&euro;35","Disponibilitate":"\u00cen stoc"},"schema":{"@context":"https:\/\/schema.org","@graph":[{"@type":"WebPage","@id":"https:\/\/egytourpackages.com\/ro\/tours\/tur-cu-quad-de-dimineata-din-soma-bay\/","url":"https:\/\/egytourpackages.com\/ro\/tours\/tur-cu-quad-de-dimineata-din-soma-bay\/","name":"Tur cu quad de diminea\u021b\u0103 din Soma Bay","isPartOf":{"@id":"https:\/\/egytourpackages.com\/ro\/#website"},"primaryImageOfPage":{"@id":"https:\/\/egytourpackages.com\/ro\/tours\/tur-cu-quad-de-dimineata-din-soma-bay\/#primaryimage"},"image":{"@id":"https:\/\/egytourpackages.com\/ro\/tours\/tur-cu-quad-de-dimineata-din-soma-bay\/#primaryimage"},"thumbnailUrl":"https:\/\/egytourpackages.com\/wp-content\/uploads\/2025\/06\/Morning-Quad-Bike-Tour-from-Soma-Bay-2.jpeg","datePublished":"2025-06-16T11:42:16+00:00","dateModified":"2026-01-28T23:56:17+00:00","description":"Acum! Un Tur cu quad de diminea\u021b\u0103 din Soma Bay. Exploreaz\u0103 de\u0219ertul, plimb\u0103-te cu c\u0103mila \u0219i viziteaz\u0103 un sat beduin. O aventur\u0103 plin\u0103 de adrenalin\u0103.","breadcrumb":{"@id":"https:\/\/egytourpackages.com\/ro\/tours\/tur-cu-quad-de-dimineata-din-soma-bay\/#breadcrumb"},"inLanguage":"ro-RO","potentialAction":[{"@type":"ReadAction","target":["https:\/\/egytourpackages.com\/ro\/tours\/tur-cu-quad-de-dimineata-din-soma-bay\/"]}]},{"@type":"ImageObject","inLanguage":"ro-RO","@id":"https:\/\/egytourpackages.com\/ro\/tours\/tur-cu-quad-de-dimineata-din-soma-bay\/#primaryimage","url":"https:\/\/egytourpackages.com\/wp-content\/uploads\/2025\/06\/Morning-Quad-Bike-Tour-from-Soma-Bay-2.jpeg","contentUrl":"https:\/\/egytourpackages.com\/wp-content\/uploads\/2025\/06\/Morning-Quad-Bike-Tour-from-Soma-Bay-2.jpeg","width":1500,"height":1000,"caption":"Tur cu quad de diminea\u021b\u0103 din Soma Bay"},{"@type":"BreadcrumbList","@id":"https:\/\/egytourpackages.com\/ro\/tours\/tur-cu-quad-de-dimineata-din-soma-bay\/#breadcrumb","itemListElement":[{"@type":"ListItem","position":1,"name":"Home","item":"https:\/\/egytourpackages.com\/ro\/"},{"@type":"ListItem","position":2,"name":"Shop","item":"https:\/\/egytourpackages.com\/shop\/"},{"@type":"ListItem","position":3,"name":"Tur cu quad de diminea\u021b\u0103 din Soma Bay"}]},{"@type":"WebSite","@id":"https:\/\/egytourpackages.com\/ro\/#website","url":"https:\/\/egytourpackages.com\/ro\/","name":"Egy tour packages","description":"","publisher":{"@id":"https:\/\/egytourpackages.com\/ro\/#organization"},"potentialAction":[{"@type":"SearchAction","target":{"@type":"EntryPoint","urlTemplate":"https:\/\/egytourpackages.com\/ro\/?s={search_term_string}"},"query-input":{"@type":"PropertyValueSpecification","valueRequired":true,"valueName":"search_term_string"}}],"inLanguage":"ro-RO"},{"@type":["Organization","Place","TravelAgency"],"@id":"https:\/\/egytourpackages.com\/ro\/#organization","name":"egypt tour packages","alternateName":"egypt tour packages","url":"https:\/\/egytourpackages.com\/ro\/","logo":{"@id":"https:\/\/egytourpackages.com\/ro\/tours\/tur-cu-quad-de-dimineata-din-soma-bay\/#local-main-organization-logo"},"image":{"@id":"https:\/\/egytourpackages.com\/ro\/tours\/tur-cu-quad-de-dimineata-din-soma-bay\/#local-main-organization-logo"},"sameAs":["https:\/\/www.facebook.com\/egytourpackages"],"legalName":"Egy tour packages","address":{"@id":"https:\/\/egytourpackages.com\/ro\/tours\/tur-cu-quad-de-dimineata-din-soma-bay\/#local-main-place-address"},"telephone":["00201000852186","00201028685533"],"contactPoint":{"@type":"ContactPoint","telephone":"00201000852186"},"openingHoursSpecification":[{"@type":"OpeningHoursSpecification","dayOfWeek":["Monday","Tuesday","Wednesday","Thursday","Friday","Saturday","Sunday"],"opens":"00:00","closes":"23:59"}],"email":"info@egytourpackages.com","areaServed":"Cairo, Hurghada, Luxor, Sharm El Sheikh, Marsa Alam, Aswan","priceRange":"$","currenciesAccepted":"euro","paymentAccepted":"Payment links online"},{"@type":"PostalAddress","@id":"https:\/\/egytourpackages.com\/ro\/tours\/tur-cu-quad-de-dimineata-din-soma-bay\/#local-main-place-address","streetAddress":"Mubarak 8, Al Kawthar District, Hurghada","addressLocality":"Hurghada","postalCode":"84511","addressRegion":"Red Sea","addressCountry":"EG"},{"@type":"ImageObject","inLanguage":"ro-RO","@id":"https:\/\/egytourpackages.com\/ro\/tours\/tur-cu-quad-de-dimineata-din-soma-bay\/#local-main-organization-logo","url":"https:\/\/egytourpackages.com\/wp-content\/uploads\/2025\/12\/Turquoise-Dahabiya-Nile-Cruise-1.jpeg","contentUrl":"https:\/\/egytourpackages.com\/wp-content\/uploads\/2025\/12\/Turquoise-Dahabiya-Nile-Cruise-1.jpeg","width":1040,"height":694,"caption":"egypt tour packages"}]},"product_brand":"Excursii de o zi \u00een Egipt","product_price_amount":"35","product_price_currency":"EUR","og_availability":"instock","product_availability":"instock","product_retailer_item_id":"SBE09","product_condition":"new","geo.placename":"Hurghada","geo.region":"Egipt"},"_links":{"self":[{"href":"https:\/\/egytourpackages.com\/ro\/wp-json\/wp\/v2\/product\/6179","targetHints":{"allow":["GET"]}}],"collection":[{"href":"https:\/\/egytourpackages.com\/ro\/wp-json\/wp\/v2\/product"}],"about":[{"href":"https:\/\/egytourpackages.com\/ro\/wp-json\/wp\/v2\/types\/product"}],"replies":[{"embeddable":true,"href":"https:\/\/egytourpackages.com\/ro\/wp-json\/wp\/v2\/comments?post=6179"}],"wp:featuredmedia":[{"embeddable":true,"href":"https:\/\/egytourpackages.com\/ro\/wp-json\/wp\/v2\/media\/6180"}],"wp:attachment":[{"href":"https:\/\/egytourpackages.com\/ro\/wp-json\/wp\/v2\/media?parent=6179"}],"wp:term":[{"taxonomy":"product_brand","embeddable":true,"href":"https:\/\/egytourpackages.com\/ro\/wp-json\/wp\/v2\/product_brand?post=6179"},{"taxonomy":"product_cat","embeddable":true,"href":"https:\/\/egytourpackages.com\/ro\/wp-json\/wp\/v2\/product_cat?post=6179"},{"taxonomy":"product_tag","embeddable":true,"href":"https:\/\/egytourpackages.com\/ro\/wp-json\/wp\/v2\/product_tag?post=6179"}],"curies":[{"name":"wp","href":"https:\/\/api.w.org\/{rel}","templated":true}]}}