{"id":6191,"date":"2025-07-06T05:29:09","date_gmt":"2025-07-06T05:29:09","guid":{"rendered":"https:\/\/egytourpackages.com\/product\/excursie-snorkeling-orange-bay-hurghada\/"},"modified":"2026-01-28T23:53:50","modified_gmt":"2026-01-28T23:53:50","slug":"excursie-snorkeling-orange-bay-hurghada","status":"publish","type":"product","link":"https:\/\/egytourpackages.com\/ro\/tours\/excursie-snorkeling-orange-bay-hurghada\/","title":{"rendered":"Excursie Snorkeling Orange Bay Hurghada"},"content":{"rendered":"<p><span style=\"color: #ff6600;\"><strong>Excursie Snorkeling Orange Bay Hurghada<\/strong><\/span><\/p>\n<p><span style=\"color: #ff6600;\">Prezentare General\u0103<\/span><\/p>\n<p>Preg\u0103te\u0219te-te pentru o <strong>excursie Orange Bay Hurghada<\/strong>, o experien\u021b\u0103 cu adev\u0103rat unic\u0103 \u0219i diferit\u0103, care merit\u0103 \u00eencercat\u0103 \u00een Hurghada! Aceast\u0103 <strong>excursie cu barca din Hurghada<\/strong> c\u0103tre <strong>Parcul Na\u021bional al Insulelor Giftun<\/strong> este una dintre cele mai ideale <strong>excursii din Hurghada<\/strong> pentru toat\u0103 lumea. De la <strong>familii cu copii<\/strong> \u0219i <strong>cupluri romantice<\/strong> \u00een c\u0103utarea unei <strong>aventuri romantice<\/strong>, p\u00e2n\u0103 la <strong>c\u0103l\u0103tori singuri<\/strong> \u0219i <strong>seniori cu mobilitate limitat\u0103<\/strong> care caut\u0103 <strong>vacan\u021be solo dup\u0103 50 de ani<\/strong>.<\/p>\n<p>Dac\u0103 sunte\u021bi \u00een c\u0103utarea celor mai <strong>bune vacan\u021be de plaj\u0103 pentru familii, cu buget redus<\/strong>, sau a unui loc uimitor, similar cu cele din Caraibe, nu c\u0103uta\u021bi mai departe de aceste <strong>\u201eMaldive ale Egiptului\u201d<\/strong> sau <strong>paradis al M\u0103rii Ro\u0219ii<\/strong>.<\/p>\n<p>Orange Bay Hurghada, ca parte a <strong>Parcului Na\u021bional al Insulelor Giftun<\/strong>, se m\u00e2ndre\u0219te cu nisipuri albe \u0219i fine \u0219i cu <strong>ape turcoaz<\/strong> fascinante. De fapt, o <strong>excursie cu barca din Hurghada<\/strong> c\u0103tre Orange Bay ofer\u0103 o experien\u021b\u0103 de <strong>snorkeling \u00een Hurghada<\/strong> de neegalat, dezv\u0103luind <strong>recife de corali<\/strong> abundente \u0219i o <strong>via\u021b\u0103 marin\u0103<\/strong> divers\u0103.<\/p>\n<p>Este perfect pentru o <strong>excursie de o zi \u00een familie<\/strong>, combin\u00e2nd relaxarea pe frumoasa <strong>plaj\u0103 Orange Bay<\/strong> cu sporturi acvatice palpitante \u0219i pr\u00e2nzuri delicioase servite la bordul ambarca\u021biunii.<\/p>\n<h3><span style=\"color: #ff6600;\">Detalii<\/span><\/h3>\n<ul>\n<li>Durat\u0103: 7 ore<\/li>\n<li>Loca\u021bia turului: Hurghada \u2013 Marea Ro\u0219ie<\/li>\n<li>Disponibilitate: Zilnic<\/li>\n<li>Tipul turului: De grup<\/li>\n<li><strong>Limb\u0103: Rom\u00e2na<\/strong><\/li>\n<li>Preluare \u0219i l\u0103sare: La hotelul dumneavoastr\u0103 din Hurghada<\/li>\n<li>Scaun cu rotile: Accesibil<\/li>\n<\/ul>\n<h3><span style=\"color: #ff6600;\">Inclus<\/span><\/h3>\n<ul>\n<li>Transferuri dus-\u00eentors<\/li>\n<li>Echipament de snorkeling<\/li>\n<li><strong>Ghid profesionist de snorkeling vorbitor de limba rom\u00e2na<\/strong><\/li>\n<li>Timp petrecut pe Insula Orange Bay<\/li>\n<li>Dou\u0103 opriri pentru snorkeling<\/li>\n<li>Pr\u00e2nz tip bufet<\/li>\n<li>B\u0103uturi r\u0103coritoare \u0219i ap\u0103 mineral\u0103<\/li>\n<li>Sporturi acvatice<\/li>\n<li>Taxa de intrare \u00een Parcul Na\u021bional<\/li>\n<\/ul>\n<h3><span style=\"color: #ff6600;\">Exclus<\/span><\/h3>\n<ul>\n<li>Transferuri de la hotelurile din afara centrului ora\u0219ului Hurghada: Se aplic\u0103 un cost suplimentar pentru prelu\u0103ri din zone precum Makadi Bay, Soma Bay, Sahl Hasheesh \u0219i El Gouna ($10 de persoan\u0103).<\/li>\n<li>B\u0103uturi pe Insula Orange Bay<\/li>\n<li>Bac\u0219i\u0219uri\/Gratuit\u0103\u021bi<\/li>\n<li>Cheltuieli personale<\/li>\n<li>Servicii de fotografie\/videografie subacvatic\u0103<\/li>\n<\/ul>\n<h3><span style=\"color: #ff6600;\">Ce s\u0103 lua\u021bi cu dumneavoastr\u0103<\/span><\/h3>\n<p>Pentru a v\u0103 asigura o zi confortabil\u0103 \u0219i pl\u0103cut\u0103, \u00eempacheta\u021bi urm\u0103toarele:<\/p>\n<ul>\n<li>Costum de baie<\/li>\n<li>Prosop<\/li>\n<li>Crem\u0103 de soare<\/li>\n<li>P\u0103l\u0103rie<\/li>\n<li>Ochelari de soare<\/li>\n<li>\u00cenc\u0103l\u021b\u0103minte pentru ap\u0103\/recif<\/li>\n<li>Aparat foto (impermeabil\/subacvatic)<\/li>\n<li>Rucsac mic sau geant\u0103 de zi<\/li>\n<li>Bani cash<\/li>\n<li>Pa\u0219aport sau carte de identitate (o copie este de obicei suficient\u0103)<\/li>\n<li>Medicamente pentru r\u0103u de mi\u0219care<\/li>\n<\/ul>\n<h2><span style=\"color: #ff6600;\">Itinerariu Excursie Snorkeling Orange Bay Hurghada<\/span><\/h2>\n<h3><span style=\"color: #ff6600;\">Preluare de la hotel, diminea\u021ba<\/span><\/h3>\n<p>Aventura dumneavoastr\u0103 de <strong>snorkeling \u00een Orange Bay<\/strong> \u00eencepe cu un transfer confortabil, cu aer condi\u021bionat, direct de la hotelul dumneavoastr\u0103 din Hurghada. Pentru hotelurile din afara centrului ora\u0219ului (cum ar fi Makadi Bay, Soma Bay, Sahl Hasheesh, El Gouna), se poate aplica un cost suplimentar.<\/p>\n<h3><span style=\"color: #ff6600;\">Sosire la Marina<\/span><\/h3>\n<p>La sosirea la marin\u0103, ve\u021bi fi \u00eent\u00e2mpina\u021bi c\u0103lduros de echipajul ambarca\u021biunii \u0219i v\u0103 ve\u021bi \u00eembarca pe iahtul spa\u021bios. Acum, pute\u021bi sta pe puntea de soare, la recep\u021bie sau vi se va oferi <strong>echipament de snorkeling de \u00eenalt\u0103 calitate<\/strong> (masc\u0103, aripioare, vest\u0103 de salvare).<\/p>\n<h3><span style=\"color: #ff6600;\">Navigarea c\u0103tre Orange Bay<\/span><\/h3>\n<p>Odat\u0103 ajun\u0219i pe Insula Orange Bay, \u00eencepe\u021bi s\u0103 descoperi\u021bi <strong>nisipul alb \u0219i fin<\/strong> \u0219i <strong>apele incredibil de limpezi<\/strong>. Ve\u021bi avea mult timp liber pentru relaxare \u0219i distrac\u021bie. V\u0103 pute\u021bi relaxa pe un bean bag, pute\u021bi face o baie r\u0103coritoare \u00een lagunele pu\u021bin ad\u00e2nci sau pur \u0219i simplu v\u0103 pute\u021bi bucura de soare. Orange Bay ofer\u0103 <strong>activit\u0103\u021bi minunate pentru copii<\/strong>, <strong>familii<\/strong> \u0219i <strong>cupluri romantice<\/strong>.<\/p>\n<p>Este una dintre cele mai <strong>bune insule din Hurghada pentru cuplurile aflate \u00een luna de miere<\/strong>, care caut\u0103 o schimbare \u0219i vor s\u0103 ias\u0103 din rutin\u0103. De asemenea, este una dintre cele mai frumoase \u0219i <strong>haioase lucruri de f\u0103cut \u00een exterior cu prietenii<\/strong> caza\u021bi \u00een hotelurile din Hurghada.<\/p>\n<p>Aici ave\u021bi multe op\u021biuni, de la simpla relaxare pe plaja cu nisip alb \u0219i fin, \u00eenotul \u00een lagunele pu\u021bin ad\u00e2nci \u0219i cristaline sau plimbatul de-a lungul \u021b\u0103rmului pitoresc.<\/p>\n<h3><span style=\"color: #ff6600;\">Prima oprire pentru snorkeling<\/span><\/h3>\n<p>Dup\u0103 aproximativ 90 de minute petrecute pe Orange Bay, ambarca\u021biunea va naviga c\u0103tre una dintre cele mai vibrante loca\u021bii cu recife de corali din Marea Ro\u0219ie. Condu\u0219i de un <strong>ghid de snorkeling experimentat<\/strong>, ve\u021bi plonja \u00een lumea subacvatic\u0103, descoperind pe\u0219ti colora\u021bi, forma\u021biuni complexe de corali \u0219i o <strong>via\u021b\u0103 marin\u0103<\/strong> fascinant\u0103.<\/p>\n<h3><span style=\"color: #ff6600;\">Pr\u00e2nz tip bufet delicios la bord<\/span><\/h3>\n<p>Dup\u0103 prima sesiune de snorkeling, reveni\u021bi pe ambarca\u021biune pentru un pr\u00e2nz proasp\u0103t preg\u0103tit, \u00een stil bufet. V\u0103 pute\u021bi a\u0219tepta la o varietate de feluri de m\u00e2ncare, incluz\u00e2nd adesea pui la gr\u0103tar sau kofta, orez, paste, salate \u0219i fructe proaspete. B\u0103uturile r\u0103coritoare \u0219i apa mineral\u0103 sunt servite pe tot parcursul croazierei.<\/p>\n<h3><span style=\"color: #ff6600;\">A doua oprire pentru snorkeling<\/span><\/h3>\n<p>Ambarca\u021biunea se va deplasa c\u0103tre un alt loc fantastic pentru snorkeling, oferind \u0219ansa de a explora o sec\u021biune diferit\u0103 a recifului \u0219i de a \u00eent\u00e2lni \u0219i mai multe minuni marine.<\/p>\n<h3><span style=\"color: #ff6600;\">Distrac\u021bie cu sporturi acvatice (Banana Boat\/Sofa Boat)<\/span><\/h3>\n<p>\u00cencheia\u021bi-v\u0103 ziua cu activit\u0103\u021bi acvatice incitante, cum ar fi o plimbare cu <strong>banana boat<\/strong> sau <strong>sofa boat<\/strong>, trase de o barc\u0103 cu motor, ad\u0103ug\u00e2nd un plus de adrenalin\u0103 zilei dumneavoastr\u0103.<\/p>\n<h3><span style=\"color: #ff6600;\">\u00centoarcerea la Marina \u0219i la Hotel<\/span><\/h3>\n<p>\u00cen final, ambarca\u021biunea se va \u00eentoarce la marina din Hurghada. De acolo, ve\u021bi fi transfera\u021bi \u00eenapoi la hotelul dumneavoastr\u0103, \u00eencheind turul memorabil de <strong>snorkeling \u00een Orange Bay<\/strong>.<\/p>\n<p>O <strong>excursie de snorkeling Orange Bay Hurghada<\/strong> ofer\u0103 o oportunitate de neegalat de a experimenta frumuse\u021bea natural\u0103 a <strong>M\u0103rii Ro\u0219ii<\/strong>.<\/p>\n<h3><span style=\"color: #ff6600;\">Pre\u021bul Excursiei Orange Bay Hurghada<\/span><\/h3>\n<ul>\n<li>Pre\u021b adult: 25 \u20ac<\/li>\n<li>Bebelu\u0219i (0-5 ani): Gratuit<\/li>\n<li>Copii (5-11 ani): 50% din pre\u021bul pentru adul\u021bi<\/li>\n<\/ul>\n<h3><span style=\"color: #ff6600;\">Rezervare<\/span><\/h3>\n<ul>\n<li>Pute\u021bi rezerva turul prin WhatsApp sau ne pute\u021bi trimite un e-mail \u0219i ve\u021bi primi confirmarea pe loc.<\/li>\n<li>V\u0103 rug\u0103m s\u0103 ne trimite\u021bi numele hotelului, num\u0103rul camerei \u0219i copiile pa\u0219apoartelor.<\/li>\n<\/ul>\n<p><strong>WhatsApp:<\/strong> +201000852186<\/p>\n<p><strong>E-mail:<\/strong> info@egytourpackages.com<\/p>\n<h3><span style=\"color: #ff6600;\">Rezerva\u021bi acum \u0219i pl\u0103ti\u021bi pe loc!<\/span><\/h3>\n<p>Rezerva\u021bi turul preferat \u0219i pl\u0103ti\u021bi \u00een ziua excursiei.<\/p>\n<h3><span style=\"color: #ff6600;\">Plat\u0103<\/span><\/h3>\n<p>Pute\u021bi pl\u0103ti \u00een lire egiptene, $, \u20ac sau \u00a3.<\/p>\n<h3><span style=\"color: #ff6600;\">Politica de anulare<\/span><\/h3>\n<ul>\n<li>Anularea este gratuit\u0103 cu p\u00e2n\u0103 la 24 de ore \u00een avans.<\/li>\n<li>Anularea \u00een diminea\u021ba zilei excursiei: 50% din pre\u021b.<\/li>\n<\/ul>\n","protected":false},"excerpt":{"rendered":"<p>E\u0219ti gata de aventur\u0103? OExcursie Snorkeling Orange Bay Hurghada te a\u0219teapt\u0103 cu ape cristaline \u0219i recife de corali. Rezerv\u0103 acum!<\/p>\n","protected":false},"featured_media":6192,"comment_status":"closed","ping_status":"closed","template":"","meta":[],"product_brand":[],"product_cat":[3120],"product_tag":[3311,3203,3201,3312],"class_list":{"0":"post-6191","1":"product","2":"type-product","3":"status-publish","4":"has-post-thumbnail","6":"product_cat-tururi","7":"product_tag-activitati-in-hurghada","8":"product_tag-excursii-de-o-zi-in-egipt","9":"product_tag-excursii-in-hurghada","10":"product_tag-pachete-de-vacanta-in-hurghada","11":"tour_category-excursie-de-snorkeling-in-hurghada","12":"tour_category-excursii-de-o-zi-in-egipt-ro","13":"tour_category-excursii-hurghada-ro","15":"first","16":"instock","17":"sale","18":"shipping-taxable","19":"purchasable","20":"product-type-tour","21":"has-default-attributes"},"yoast_head":"<!-- This site is optimized with the Yoast SEO Premium plugin v27.4 (Yoast SEO v27.4) - https:\/\/yoast.com\/product\/yoast-seo-premium-wordpress\/ -->\n<title>Excursie Snorkeling Orange Bay Hurghada: Egy tour packages<\/title>\n<meta name=\"description\" content=\"E\u0219ti gata de aventur\u0103? OExcursie Snorkeling Orange Bay Hurghada te a\u0219teapt\u0103 cu ape cristaline \u0219i recife de corali. Rezerv\u0103 acum!\" \/>\n<meta name=\"robots\" content=\"index, follow, max-snippet:-1, max-image-preview:large, max-video-preview:-1\" \/>\n<link rel=\"canonical\" href=\"https:\/\/egytourpackages.com\/ro\/tours\/excursie-snorkeling-orange-bay-hurghada\/\" \/>\n<meta property=\"og:locale\" content=\"ro_RO\" \/>\n<meta property=\"og:type\" content=\"article\" \/>\n<meta property=\"og:title\" content=\"Orange Bay Hurghada\" \/>\n<meta property=\"og:description\" content=\"E\u0219ti gata de aventur\u0103? OExcursie Snorkeling Orange Bay Hurghada te a\u0219teapt\u0103 cu ape cristaline \u0219i recife de corali. Rezerv\u0103 acum!\" \/>\n<meta property=\"og:url\" content=\"https:\/\/egytourpackages.com\/ro\/tours\/excursie-snorkeling-orange-bay-hurghada\/\" \/>\n<meta property=\"og:site_name\" content=\"Egypt Tour Packages\" \/>\n<meta property=\"article:publisher\" content=\"https:\/\/www.facebook.com\/egytourpackages\" \/>\n<meta property=\"article:modified_time\" content=\"2026-01-28T23:53:50+00:00\" \/>\n<meta property=\"og:image\" content=\"https:\/\/egytourpackages.com\/wp-content\/uploads\/2025\/07\/Orange-Bay-Hurghada-1024x768.jpg\" \/>\n<meta name=\"twitter:card\" content=\"summary_large_image\" \/>\n<meta name=\"twitter:title\" content=\"Excursie Snorkeling Orange Bay Hurghada\" \/>\n<meta name=\"twitter:label1\" content=\"Pre\u021b\" \/>\n\t<meta name=\"twitter:data1\" content=\"&euro;25\" \/>\n\t<meta name=\"twitter:label2\" content=\"Disponibilitate\" \/>\n\t<meta name=\"twitter:data2\" content=\"\u00cen stoc\" \/>\n<script type=\"application\/ld+json\" class=\"yoast-schema-graph\">{\"@context\":\"https:\\\/\\\/schema.org\",\"@graph\":[{\"@type\":\"WebPage\",\"@id\":\"https:\\\/\\\/egytourpackages.com\\\/ro\\\/tours\\\/excursie-snorkeling-orange-bay-hurghada\\\/\",\"url\":\"https:\\\/\\\/egytourpackages.com\\\/ro\\\/tours\\\/excursie-snorkeling-orange-bay-hurghada\\\/\",\"name\":\"Excursie Snorkeling Orange Bay Hurghada: Egy tour packages\",\"isPartOf\":{\"@id\":\"https:\\\/\\\/egytourpackages.com\\\/ro\\\/#website\"},\"primaryImageOfPage\":{\"@id\":\"https:\\\/\\\/egytourpackages.com\\\/ro\\\/tours\\\/excursie-snorkeling-orange-bay-hurghada\\\/#primaryimage\"},\"image\":{\"@id\":\"https:\\\/\\\/egytourpackages.com\\\/ro\\\/tours\\\/excursie-snorkeling-orange-bay-hurghada\\\/#primaryimage\"},\"thumbnailUrl\":\"https:\\\/\\\/egytourpackages.com\\\/wp-content\\\/uploads\\\/2025\\\/07\\\/Orange-Bay-Hurghada.jpg\",\"datePublished\":\"2025-07-06T05:29:09+00:00\",\"dateModified\":\"2026-01-28T23:53:50+00:00\",\"description\":\"E\u0219ti gata de aventur\u0103? OExcursie Snorkeling Orange Bay Hurghada te a\u0219teapt\u0103 cu ape cristaline \u0219i recife de corali. Rezerv\u0103 acum!\",\"breadcrumb\":{\"@id\":\"https:\\\/\\\/egytourpackages.com\\\/ro\\\/tours\\\/excursie-snorkeling-orange-bay-hurghada\\\/#breadcrumb\"},\"inLanguage\":\"ro-RO\",\"potentialAction\":[{\"@type\":\"ReadAction\",\"target\":[\"https:\\\/\\\/egytourpackages.com\\\/ro\\\/tours\\\/excursie-snorkeling-orange-bay-hurghada\\\/\"]}]},{\"@type\":\"ImageObject\",\"inLanguage\":\"ro-RO\",\"@id\":\"https:\\\/\\\/egytourpackages.com\\\/ro\\\/tours\\\/excursie-snorkeling-orange-bay-hurghada\\\/#primaryimage\",\"url\":\"https:\\\/\\\/egytourpackages.com\\\/wp-content\\\/uploads\\\/2025\\\/07\\\/Orange-Bay-Hurghada.jpg\",\"contentUrl\":\"https:\\\/\\\/egytourpackages.com\\\/wp-content\\\/uploads\\\/2025\\\/07\\\/Orange-Bay-Hurghada.jpg\",\"width\":1800,\"height\":1350,\"caption\":\"Orange Bay Hurghada\"},{\"@type\":\"BreadcrumbList\",\"@id\":\"https:\\\/\\\/egytourpackages.com\\\/ro\\\/tours\\\/excursie-snorkeling-orange-bay-hurghada\\\/#breadcrumb\",\"itemListElement\":[{\"@type\":\"ListItem\",\"position\":1,\"name\":\"Home\",\"item\":\"https:\\\/\\\/egytourpackages.com\\\/ro\\\/\"},{\"@type\":\"ListItem\",\"position\":2,\"name\":\"Shop\",\"item\":\"https:\\\/\\\/egytourpackages.com\\\/shop\\\/\"},{\"@type\":\"ListItem\",\"position\":3,\"name\":\"Excursie Snorkeling Orange Bay Hurghada\"}]},{\"@type\":\"WebSite\",\"@id\":\"https:\\\/\\\/egytourpackages.com\\\/ro\\\/#website\",\"url\":\"https:\\\/\\\/egytourpackages.com\\\/ro\\\/\",\"name\":\"Egy tour packages\",\"description\":\"\",\"publisher\":{\"@id\":\"https:\\\/\\\/egytourpackages.com\\\/ro\\\/#organization\"},\"potentialAction\":[{\"@type\":\"SearchAction\",\"target\":{\"@type\":\"EntryPoint\",\"urlTemplate\":\"https:\\\/\\\/egytourpackages.com\\\/ro\\\/?s={search_term_string}\"},\"query-input\":{\"@type\":\"PropertyValueSpecification\",\"valueRequired\":true,\"valueName\":\"search_term_string\"}}],\"inLanguage\":\"ro-RO\"},{\"@type\":[\"Organization\",\"Place\",\"TravelAgency\"],\"@id\":\"https:\\\/\\\/egytourpackages.com\\\/ro\\\/#organization\",\"name\":\"egypt tour packages\",\"alternateName\":\"egypt tour packages\",\"url\":\"https:\\\/\\\/egytourpackages.com\\\/ro\\\/\",\"logo\":{\"@id\":\"https:\\\/\\\/egytourpackages.com\\\/ro\\\/tours\\\/excursie-snorkeling-orange-bay-hurghada\\\/#local-main-organization-logo\"},\"image\":{\"@id\":\"https:\\\/\\\/egytourpackages.com\\\/ro\\\/tours\\\/excursie-snorkeling-orange-bay-hurghada\\\/#local-main-organization-logo\"},\"sameAs\":[\"https:\\\/\\\/www.facebook.com\\\/egytourpackages\"],\"legalName\":\"Egy tour packages\",\"address\":{\"@id\":\"https:\\\/\\\/egytourpackages.com\\\/ro\\\/tours\\\/excursie-snorkeling-orange-bay-hurghada\\\/#local-main-place-address\"},\"telephone\":[\"00201000852186\",\"00201028685533\"],\"contactPoint\":{\"@type\":\"ContactPoint\",\"telephone\":\"00201000852186\"},\"openingHoursSpecification\":[{\"@type\":\"OpeningHoursSpecification\",\"dayOfWeek\":[\"Monday\",\"Tuesday\",\"Wednesday\",\"Thursday\",\"Friday\",\"Saturday\",\"Sunday\"],\"opens\":\"00:00\",\"closes\":\"23:59\"}],\"email\":\"info@egytourpackages.com\",\"areaServed\":\"Cairo, Hurghada, Luxor, Sharm El Sheikh, Marsa Alam, Aswan\",\"priceRange\":\"$\",\"currenciesAccepted\":\"euro\",\"paymentAccepted\":\"Payment links online\"},{\"@type\":\"PostalAddress\",\"@id\":\"https:\\\/\\\/egytourpackages.com\\\/ro\\\/tours\\\/excursie-snorkeling-orange-bay-hurghada\\\/#local-main-place-address\",\"streetAddress\":\"Mubarak 8, Al Kawthar District, Hurghada\",\"addressLocality\":\"Hurghada\",\"postalCode\":\"84511\",\"addressRegion\":\"Red Sea\",\"addressCountry\":\"EG\"},{\"@type\":\"ImageObject\",\"inLanguage\":\"ro-RO\",\"@id\":\"https:\\\/\\\/egytourpackages.com\\\/ro\\\/tours\\\/excursie-snorkeling-orange-bay-hurghada\\\/#local-main-organization-logo\",\"url\":\"https:\\\/\\\/egytourpackages.com\\\/wp-content\\\/uploads\\\/2025\\\/12\\\/Turquoise-Dahabiya-Nile-Cruise-1.jpeg\",\"contentUrl\":\"https:\\\/\\\/egytourpackages.com\\\/wp-content\\\/uploads\\\/2025\\\/12\\\/Turquoise-Dahabiya-Nile-Cruise-1.jpeg\",\"width\":1040,\"height\":694,\"caption\":\"egypt tour packages\"}]}<\/script>\n<meta property=\"product:brand\" content=\"Excursie de snorkeling \u00een Hurghada\" \/>\n<meta property=\"product:price:amount\" content=\"25\" \/>\n<meta property=\"product:price:currency\" content=\"EUR\" \/>\n<meta property=\"og:availability\" content=\"instock\" \/>\n<meta property=\"product:availability\" content=\"instock\" \/>\n<meta property=\"product:retailer_item_id\" content=\"HDT21\" \/>\n<meta property=\"product:condition\" content=\"new\" \/>\n<meta name=\"geo.placename\" content=\"Hurghada\" \/>\n<meta name=\"geo.region\" content=\"Egipt\" \/>\n<!-- \/ Yoast SEO Premium plugin. -->","yoast_head_json":{"title":"Excursie Snorkeling Orange Bay Hurghada: Egy tour packages","description":"E\u0219ti gata de aventur\u0103? OExcursie Snorkeling Orange Bay Hurghada te a\u0219teapt\u0103 cu ape cristaline \u0219i recife de corali. Rezerv\u0103 acum!","robots":{"index":"index","follow":"follow","max-snippet":"max-snippet:-1","max-image-preview":"max-image-preview:large","max-video-preview":"max-video-preview:-1"},"canonical":"https:\/\/egytourpackages.com\/ro\/tours\/excursie-snorkeling-orange-bay-hurghada\/","og_locale":"ro_RO","og_type":"article","og_title":"Orange Bay Hurghada","og_description":"E\u0219ti gata de aventur\u0103? OExcursie Snorkeling Orange Bay Hurghada te a\u0219teapt\u0103 cu ape cristaline \u0219i recife de corali. Rezerv\u0103 acum!","og_url":"https:\/\/egytourpackages.com\/ro\/tours\/excursie-snorkeling-orange-bay-hurghada\/","og_site_name":"Egypt Tour Packages","article_publisher":"https:\/\/www.facebook.com\/egytourpackages","article_modified_time":"2026-01-28T23:53:50+00:00","og_image":[{"url":"https:\/\/egytourpackages.com\/wp-content\/uploads\/2025\/07\/Orange-Bay-Hurghada-1024x768.jpg","type":"","width":"","height":""}],"twitter_card":"summary_large_image","twitter_title":"Excursie Snorkeling Orange Bay Hurghada","twitter_misc":{"Pre\u021b":"&euro;25","Disponibilitate":"\u00cen stoc"},"schema":{"@context":"https:\/\/schema.org","@graph":[{"@type":"WebPage","@id":"https:\/\/egytourpackages.com\/ro\/tours\/excursie-snorkeling-orange-bay-hurghada\/","url":"https:\/\/egytourpackages.com\/ro\/tours\/excursie-snorkeling-orange-bay-hurghada\/","name":"Excursie Snorkeling Orange Bay Hurghada: Egy tour packages","isPartOf":{"@id":"https:\/\/egytourpackages.com\/ro\/#website"},"primaryImageOfPage":{"@id":"https:\/\/egytourpackages.com\/ro\/tours\/excursie-snorkeling-orange-bay-hurghada\/#primaryimage"},"image":{"@id":"https:\/\/egytourpackages.com\/ro\/tours\/excursie-snorkeling-orange-bay-hurghada\/#primaryimage"},"thumbnailUrl":"https:\/\/egytourpackages.com\/wp-content\/uploads\/2025\/07\/Orange-Bay-Hurghada.jpg","datePublished":"2025-07-06T05:29:09+00:00","dateModified":"2026-01-28T23:53:50+00:00","description":"E\u0219ti gata de aventur\u0103? OExcursie Snorkeling Orange Bay Hurghada te a\u0219teapt\u0103 cu ape cristaline \u0219i recife de corali. Rezerv\u0103 acum!","breadcrumb":{"@id":"https:\/\/egytourpackages.com\/ro\/tours\/excursie-snorkeling-orange-bay-hurghada\/#breadcrumb"},"inLanguage":"ro-RO","potentialAction":[{"@type":"ReadAction","target":["https:\/\/egytourpackages.com\/ro\/tours\/excursie-snorkeling-orange-bay-hurghada\/"]}]},{"@type":"ImageObject","inLanguage":"ro-RO","@id":"https:\/\/egytourpackages.com\/ro\/tours\/excursie-snorkeling-orange-bay-hurghada\/#primaryimage","url":"https:\/\/egytourpackages.com\/wp-content\/uploads\/2025\/07\/Orange-Bay-Hurghada.jpg","contentUrl":"https:\/\/egytourpackages.com\/wp-content\/uploads\/2025\/07\/Orange-Bay-Hurghada.jpg","width":1800,"height":1350,"caption":"Orange Bay Hurghada"},{"@type":"BreadcrumbList","@id":"https:\/\/egytourpackages.com\/ro\/tours\/excursie-snorkeling-orange-bay-hurghada\/#breadcrumb","itemListElement":[{"@type":"ListItem","position":1,"name":"Home","item":"https:\/\/egytourpackages.com\/ro\/"},{"@type":"ListItem","position":2,"name":"Shop","item":"https:\/\/egytourpackages.com\/shop\/"},{"@type":"ListItem","position":3,"name":"Excursie Snorkeling Orange Bay Hurghada"}]},{"@type":"WebSite","@id":"https:\/\/egytourpackages.com\/ro\/#website","url":"https:\/\/egytourpackages.com\/ro\/","name":"Egy tour packages","description":"","publisher":{"@id":"https:\/\/egytourpackages.com\/ro\/#organization"},"potentialAction":[{"@type":"SearchAction","target":{"@type":"EntryPoint","urlTemplate":"https:\/\/egytourpackages.com\/ro\/?s={search_term_string}"},"query-input":{"@type":"PropertyValueSpecification","valueRequired":true,"valueName":"search_term_string"}}],"inLanguage":"ro-RO"},{"@type":["Organization","Place","TravelAgency"],"@id":"https:\/\/egytourpackages.com\/ro\/#organization","name":"egypt tour packages","alternateName":"egypt tour packages","url":"https:\/\/egytourpackages.com\/ro\/","logo":{"@id":"https:\/\/egytourpackages.com\/ro\/tours\/excursie-snorkeling-orange-bay-hurghada\/#local-main-organization-logo"},"image":{"@id":"https:\/\/egytourpackages.com\/ro\/tours\/excursie-snorkeling-orange-bay-hurghada\/#local-main-organization-logo"},"sameAs":["https:\/\/www.facebook.com\/egytourpackages"],"legalName":"Egy tour packages","address":{"@id":"https:\/\/egytourpackages.com\/ro\/tours\/excursie-snorkeling-orange-bay-hurghada\/#local-main-place-address"},"telephone":["00201000852186","00201028685533"],"contactPoint":{"@type":"ContactPoint","telephone":"00201000852186"},"openingHoursSpecification":[{"@type":"OpeningHoursSpecification","dayOfWeek":["Monday","Tuesday","Wednesday","Thursday","Friday","Saturday","Sunday"],"opens":"00:00","closes":"23:59"}],"email":"info@egytourpackages.com","areaServed":"Cairo, Hurghada, Luxor, Sharm El Sheikh, Marsa Alam, Aswan","priceRange":"$","currenciesAccepted":"euro","paymentAccepted":"Payment links online"},{"@type":"PostalAddress","@id":"https:\/\/egytourpackages.com\/ro\/tours\/excursie-snorkeling-orange-bay-hurghada\/#local-main-place-address","streetAddress":"Mubarak 8, Al Kawthar District, Hurghada","addressLocality":"Hurghada","postalCode":"84511","addressRegion":"Red Sea","addressCountry":"EG"},{"@type":"ImageObject","inLanguage":"ro-RO","@id":"https:\/\/egytourpackages.com\/ro\/tours\/excursie-snorkeling-orange-bay-hurghada\/#local-main-organization-logo","url":"https:\/\/egytourpackages.com\/wp-content\/uploads\/2025\/12\/Turquoise-Dahabiya-Nile-Cruise-1.jpeg","contentUrl":"https:\/\/egytourpackages.com\/wp-content\/uploads\/2025\/12\/Turquoise-Dahabiya-Nile-Cruise-1.jpeg","width":1040,"height":694,"caption":"egypt tour packages"}]},"product_brand":"Excursie de snorkeling \u00een Hurghada","product_price_amount":"25","product_price_currency":"EUR","og_availability":"instock","product_availability":"instock","product_retailer_item_id":"HDT21","product_condition":"new","geo.placename":"Hurghada","geo.region":"Egipt"},"_links":{"self":[{"href":"https:\/\/egytourpackages.com\/ro\/wp-json\/wp\/v2\/product\/6191","targetHints":{"allow":["GET"]}}],"collection":[{"href":"https:\/\/egytourpackages.com\/ro\/wp-json\/wp\/v2\/product"}],"about":[{"href":"https:\/\/egytourpackages.com\/ro\/wp-json\/wp\/v2\/types\/product"}],"replies":[{"embeddable":true,"href":"https:\/\/egytourpackages.com\/ro\/wp-json\/wp\/v2\/comments?post=6191"}],"wp:featuredmedia":[{"embeddable":true,"href":"https:\/\/egytourpackages.com\/ro\/wp-json\/wp\/v2\/media\/6192"}],"wp:attachment":[{"href":"https:\/\/egytourpackages.com\/ro\/wp-json\/wp\/v2\/media?parent=6191"}],"wp:term":[{"taxonomy":"product_brand","embeddable":true,"href":"https:\/\/egytourpackages.com\/ro\/wp-json\/wp\/v2\/product_brand?post=6191"},{"taxonomy":"product_cat","embeddable":true,"href":"https:\/\/egytourpackages.com\/ro\/wp-json\/wp\/v2\/product_cat?post=6191"},{"taxonomy":"product_tag","embeddable":true,"href":"https:\/\/egytourpackages.com\/ro\/wp-json\/wp\/v2\/product_tag?post=6191"}],"curies":[{"name":"wp","href":"https:\/\/api.w.org\/{rel}","templated":true}]}}