{"id":6577,"date":"2025-05-23T17:49:26","date_gmt":"2025-05-23T17:49:26","guid":{"rendered":"https:\/\/egytourpackages.com\/product\/excursie-cu-barca-pirat-din-hurghada-la-orange-bay\/"},"modified":"2026-01-28T23:46:54","modified_gmt":"2026-01-28T23:46:54","slug":"excursie-cu-barca-pirat-din-hurghada-la-orange-bay","status":"publish","type":"product","link":"https:\/\/egytourpackages.com\/ro\/tours\/excursie-cu-barca-pirat-din-hurghada-la-orange-bay\/","title":{"rendered":"Excursie cu barca pirat din Hurghada la Orange Bay"},"content":{"rendered":"<p><span style=\"color: #ff6600;\"><strong>Excursie cu barca pirat din Hurghada la Orange Bay<\/strong><\/span><\/p>\n<p><strong>Yacht de lux | Bufet cu fructe de mare &amp; suc proasp\u0103t | Plaja Orange Bay | Rezerv\u0103ri prin WhatsApp | Echipament de snorkeling | Show de anima\u021bie<\/strong><\/p>\n<p>Excursia cu <strong>barca pirat din Hurghada la Orange Bay<\/strong> este o oportunitate de a descoperi frumuse\u021bea natural\u0103 a M\u0103rii Ro\u0219ii, men\u021bin\u00e2nd \u00een acela\u0219i timp energia vibrant\u0103 a <strong>excursiilor \u00een Egipt<\/strong>. De fapt, este una dintre <strong>cele mai bune vacan\u021be de lux pentru familii<\/strong> la bordul unui iaht de lux. \u00cen plus, excursia cu barca pirat este <strong>cea mai bun\u0103 vacan\u021b\u0103 de aventur\u0103 pentru familii<\/strong>, o activitate ideal\u0103 pentru a s\u0103rb\u0103tori o <strong>zi de na\u0219tere cu prietenii<\/strong>, pentru <strong>planuri de var\u0103 cu prietenii<\/strong> \u0219i una dintre cele mai bune op\u021biuni de <strong>excursii pentru seniori<\/strong>.<\/p>\n<p>De asemenea, excursia cu barca pirat din Hurghada este o excursie ideal\u0103 pentru <strong>seniori cu mobilitate redus\u0103<\/strong>, pentru iubitorii de adrenalin\u0103, pentru <strong>c\u0103l\u0103torii singuri<\/strong> \u0219i o <strong>experien\u021b\u0103 minunat\u0103<\/strong> care va dura pentru totdeauna. Dac\u0103 sunte\u021bi \u00een c\u0103utarea unei <strong>aventuri unice<\/strong> al\u0103turi de copiii dumneavoastr\u0103 \u0219i a unor <strong>vacan\u021be de var\u0103 la plaj\u0103 cu familia<\/strong>, aceast\u0103 excursie este pentru dumneavoastr\u0103. Bucura\u021bi-v\u0103 de una dintre cele <strong>mai bune excursii de snorkeling pe recif de corali<\/strong> la <strong>Orange Bay Hurghada<\/strong> pentru a face snorkeling printre <strong>recifurile de corali din Marea Ro\u0219ie<\/strong> \u0219i <strong>pe\u0219tii colora\u021bi<\/strong> rari, \u00een timp ce naviga\u021bi cu barca pirat.<\/p>\n<h3><span style=\"color: #ff6600;\">Puncte forte<\/span><\/h3>\n<ul>\n<li>O oprire lung\u0103 pentru snorkeling<\/li>\n<li>Pr\u00e2nz proasp\u0103t g\u0103tit la bord<\/li>\n<li>Show de anima\u021bie<\/li>\n<\/ul>\n<h3><span style=\"color: #ff6600;\">Detalii excursie<\/span><\/h3>\n<ul>\n<li>Durata: 7 ore<\/li>\n<li>Loca\u021bia excursiei: Hurghada \u2013 Marea Ro\u0219ie<\/li>\n<li>Disponibilitate: Zilnic<\/li>\n<li>Tipul excursiei: De grup<\/li>\n<li><strong>Limba: rom\u00e2na<\/strong><\/li>\n<li>Preluare \u0219i transfer: La hotelul dumneavoastr\u0103 din Hurghada<\/li>\n<li>Scaun cu rotile: Accesibil<\/li>\n<\/ul>\n<h3><span style=\"color: #ff6600;\">Inclus<\/span><\/h3>\n<ul>\n<li>Transfer dus-\u00eentors de la hotelul dumneavoastr\u0103 din Hurghada<\/li>\n<li>Echipament de snorkeling (vest\u0103 de salvare, masc\u0103, labe de \u00eenot)<\/li>\n<li><strong>ghid de snorkeling vorbe\u0219te limba rom\u00e2n\u0103<\/strong><\/li>\n<li>Pr\u00e2nz proasp\u0103t g\u0103tit la bord<\/li>\n<li>Ap\u0103 mineral\u0103, b\u0103uturi calde \u0219i reci pe tot parcursul zilei<\/li>\n<\/ul>\n<h3><span style=\"color: #ff6600;\">Exclus<\/span><\/h3>\n<ul>\n<li>DVD \u0219i fotografii realizate de un cameraman<\/li>\n<li>Bac\u0219i\u0219uri<\/li>\n<li>Taxe de intrare \u00een Parcul Na\u021bional<\/li>\n<li>Se vor aplica taxe suplimentare pentru transferurile din zonele \u00een afara Hurghada (Makadi Bay, Sahl Hasheesh, El Gouna)<\/li>\n<\/ul>\n<h3><span style=\"color: #ff6600;\">Ce s\u0103 lua\u021bi cu dumneavoastr\u0103<\/span><\/h3>\n<ul>\n<li>Prosop propriu de la hotel<\/li>\n<li>P\u0103l\u0103rie sau e\u0219arf\u0103<\/li>\n<li>Crem\u0103 de soare, un prosop, ochelari de soare<\/li>\n<li>\u00cenc\u0103l\u021b\u0103minte confortabil\u0103<\/li>\n<li>Costum de baie<\/li>\n<li>Ni\u0219te numerar pentru cheltuieli personale<\/li>\n<\/ul>\n<h3><span style=\"color: #ff6600;\">Itinerariu<\/span><\/h3>\n<h3><span style=\"color: #ff6600;\">Ora de preluare de la hotel<\/span><\/h3>\n<p>\u00cen func\u021bie de loca\u021bia hotelului dumneavoastr\u0103 \u0219i de ora de preluare pe care o ve\u021bi primi la rezervare, v\u0103 vom prelua de la recep\u021bia hotelului \u0219i v\u0103 vom duce la noua marin\u0103.<\/p>\n<h3><span style=\"color: #ff6600;\">09:00 \u00eembarcarea pe barca pirat \u0219i \u00eenceperea naviga\u021biei<\/span><\/h3>\n<p>La sosirea la barca pirat, ve\u021bi fi \u00eent\u00e2mpina\u021bi de echipaj \u0219i v\u0103 pute\u021bi bucura de puntea spa\u021bioas\u0103 de soare sau de saloanele cu aer condi\u021bionat.<\/p>\n<h3><span style=\"color: #ff6600;\">10:00 Oprire pentru snorkeling<\/span><\/h3>\n<p>La sosirea la primul loc de snorkeling, bucura\u021bi-v\u0103 de o sesiune ghidat\u0103 de snorkeling de o or\u0103 sau mai mult \u00een apa cristalin\u0103 \u0219i \u00een mijlocul vie\u021bii marine din Marea Ro\u0219ie. Petrece\u021bi c\u00e2t dori\u021bi \u00eenainte de a v\u0103 deplasa la urm\u0103toarea oprire.<\/p>\n<h3><span style=\"color: #ff6600;\">11:15 Plaja Orange Bay<\/span><\/h3>\n<p>Odat\u0103 ce barca va andoca la Orange Bay, ve\u021bi avea liber aproximativ dou\u0103 ore pentru a v\u0103 bucura de plajele cu nisip \u0219i de apele turcoaz. De asemenea, pute\u021bi folosi canapeaua \u0219i umbrela pentru a v\u0103 relaxa \u0219i a face plaj\u0103 sau pute\u021bi s\u0103ri \u00een ap\u0103 \u0219i s\u0103 \u00eenota\u021bi.<\/p>\n<h3><span style=\"color: #ff6600;\">13:00 Pr\u00e2nz<\/span><\/h3>\n<p>\u00centoarcerea la barca pirat pentru un pr\u00e2nz proasp\u0103t g\u0103tit, care const\u0103 \u00een sup\u0103 de fructe de mare, o varietate de salate, orez, paste, cartofi, fructe de mare la gr\u0103tar (creve\u021bi, calamari, pe\u0219te), pui, kofta \u0219i fructe proaspete de sezon.<\/p>\n<h3><span style=\"color: #ff6600;\">15:00 \u00centoarcerea la marin\u0103<\/span><\/h3>\n<p>Dup\u0103 ce v-a\u021bi bucurat de pr\u00e2nz, v\u0103 pute\u021bi relaxa pe puntea de soare, v\u0103 pute\u021bi bucura de briza m\u0103rii sau de o b\u0103utur\u0103 r\u0103coritoare \u00een timp ce barca se \u00eentoarce la marin\u0103.<\/p>\n<h3><span style=\"color: #ff6600;\">15:30<\/span><\/h3>\n<p>Odat\u0103 ajun\u0219i la noua marin\u0103, ve\u021bi fi transfera\u021bi \u00eenapoi la hotelul dumneavoastr\u0103.<\/p>\n<h3><span style=\"color: #ff6600;\">Program zilnic<\/span><\/h3>\n<ul>\n<li>Duminic\u0103, mar\u021bi, joi \u0219i vineri de la 09:00 la 15:30<\/li>\n<li>S\u00e2mb\u0103t\u0103, luni \u0219i miercuri de la 12:30 la 18:00<\/li>\n<\/ul>\n<h3><span style=\"color: #ff6600;\">Pre\u021bul excursiei cu barca pirat din Hurghada la Orange Bay<\/span><\/h3>\n<ul>\n<li>Pre\u021b adult = 70 \u20ac\u200e<\/li>\n<li>Copii 5-11 ani = 50% din pre\u021bul adultului<\/li>\n<li>Sugari 0-5 ani = gratuit<\/li>\n<\/ul>\n<h3><span style=\"color: #ff6600;\">Rezervare<\/span><\/h3>\n<p>Pute\u021bi rezerva excursia prin WhatsApp sau ne pute\u021bi trimite un e-mail \u0219i ve\u021bi primi confirmarea imediat. V\u0103 rug\u0103m s\u0103 ne trimite\u021bi numele hotelului, num\u0103rul camerei \u0219i copiile pa\u0219apoartelor.<\/p>\n<ul>\n<li>WhatsApp: +201000852186<\/li>\n<li>info@egytourpackages.com<\/li>\n<\/ul>\n<h3><span style=\"color: #ff6600;\">Rezerv\u0103 acum \u0219i pl\u0103te\u0219te la fa\u021ba locului<\/span><\/h3>\n<p>Rezerv\u0103 excursia ta preferat\u0103 \u0219i pl\u0103te\u0219te \u00een ziua excursiei.<\/p>\n<h3><span style=\"color: #ff6600;\">Plat\u0103<\/span><\/h3>\n<p>Pute\u021bi pl\u0103ti \u00een lire egiptene, $, \u20ac\u200e sau \u00a3.<\/p>\n<h3><span style=\"color: #ff6600;\">Politica de anulare<\/span><\/h3>\n<ul>\n<li>Anularea este gratuit\u0103 cu p\u00e2n\u0103 la 24 de ore \u00een avans<\/li>\n<li>Anularea \u00een diminea\u021ba zilei respective este taxat\u0103 cu 50% din pre\u021b<\/li>\n<\/ul>\n","protected":false},"excerpt":{"rendered":"<p>Navigheaz\u0103 cu Excursie cu barca pirat din Hurghada la Orange Bay! Bucur\u0103-te de snorkeling, un pr\u00e2nz delicios \u0219i relaxare pe plaj\u0103. Rezerv\u0103 aventura ta acum!<\/p>\n","protected":false},"featured_media":6578,"comment_status":"open","ping_status":"closed","template":"","meta":[],"product_brand":[],"product_cat":[3120],"product_tag":[3203,3201],"class_list":{"0":"post-6577","1":"product","2":"type-product","3":"status-publish","4":"has-post-thumbnail","6":"product_cat-tururi","7":"product_tag-excursii-de-o-zi-in-egipt","8":"product_tag-excursii-in-hurghada","9":"tour_category-excursie-de-snorkeling-in-hurghada","10":"tour_category-excursii-de-o-zi-in-egipt-ro","11":"tour_category-excursii-hurghada-ro","13":"first","14":"instock","15":"sale","16":"shipping-taxable","17":"purchasable","18":"product-type-tour","19":"has-default-attributes"},"yoast_head":"<!-- This site is optimized with the Yoast SEO Premium plugin v27.4 (Yoast SEO v27.4) - https:\/\/yoast.com\/product\/yoast-seo-premium-wordpress\/ -->\n<title>Excursie cu barca pirat din Hurghada la Orange Bay<\/title>\n<meta name=\"description\" content=\"Navigheaz\u0103 cu Excursie cu barca pirat din Hurghada la Orange Bay! Bucur\u0103-te de snorkeling, un pr\u00e2nz delicios \u0219i relaxare pe plaj\u0103. Rezerv\u0103 aventura ta acum!\" \/>\n<meta name=\"robots\" content=\"index, follow, max-snippet:-1, max-image-preview:large, max-video-preview:-1\" \/>\n<link rel=\"canonical\" href=\"https:\/\/egytourpackages.com\/ro\/tours\/excursie-cu-barca-pirat-din-hurghada-la-orange-bay\/\" \/>\n<meta property=\"og:locale\" content=\"ro_RO\" \/>\n<meta property=\"og:type\" content=\"article\" \/>\n<meta property=\"og:title\" content=\"Excursie cu barca pirat din Hurghada la Orange Bay\" \/>\n<meta property=\"og:description\" content=\"Navigheaz\u0103 cu Excursie cu barca pirat din Hurghada la Orange Bay! Bucur\u0103-te de snorkeling, un pr\u00e2nz delicios \u0219i relaxare pe plaj\u0103. Rezerv\u0103 aventura ta acum!\" \/>\n<meta property=\"og:url\" content=\"https:\/\/egytourpackages.com\/ro\/tours\/excursie-cu-barca-pirat-din-hurghada-la-orange-bay\/\" \/>\n<meta property=\"og:site_name\" content=\"Egypt Tour Packages\" \/>\n<meta property=\"article:publisher\" content=\"https:\/\/www.facebook.com\/egytourpackages\" \/>\n<meta property=\"article:modified_time\" content=\"2026-01-28T23:46:54+00:00\" \/>\n<meta property=\"og:image\" content=\"https:\/\/egytourpackages.com\/wp-content\/uploads\/2025\/05\/Orange-Bay-beach-Giftun-Island-1024x768.jpeg\" \/>\n<meta name=\"twitter:card\" content=\"summary_large_image\" \/>\n<meta name=\"twitter:title\" content=\"Excursie cu barca pirat din Hurghada la Orange Bay\" \/>\n<meta name=\"twitter:label1\" content=\"Pre\u021b\" \/>\n\t<meta name=\"twitter:data1\" content=\"&euro;70\" \/>\n\t<meta name=\"twitter:label2\" content=\"Disponibilitate\" \/>\n\t<meta name=\"twitter:data2\" content=\"\u00cen stoc\" \/>\n<script type=\"application\/ld+json\" class=\"yoast-schema-graph\">{\"@context\":\"https:\\\/\\\/schema.org\",\"@graph\":[{\"@type\":\"WebPage\",\"@id\":\"https:\\\/\\\/egytourpackages.com\\\/ro\\\/tours\\\/excursie-cu-barca-pirat-din-hurghada-la-orange-bay\\\/\",\"url\":\"https:\\\/\\\/egytourpackages.com\\\/ro\\\/tours\\\/excursie-cu-barca-pirat-din-hurghada-la-orange-bay\\\/\",\"name\":\"Excursie cu barca pirat din Hurghada la Orange Bay\",\"isPartOf\":{\"@id\":\"https:\\\/\\\/egytourpackages.com\\\/ro\\\/#website\"},\"primaryImageOfPage\":{\"@id\":\"https:\\\/\\\/egytourpackages.com\\\/ro\\\/tours\\\/excursie-cu-barca-pirat-din-hurghada-la-orange-bay\\\/#primaryimage\"},\"image\":{\"@id\":\"https:\\\/\\\/egytourpackages.com\\\/ro\\\/tours\\\/excursie-cu-barca-pirat-din-hurghada-la-orange-bay\\\/#primaryimage\"},\"thumbnailUrl\":\"https:\\\/\\\/egytourpackages.com\\\/wp-content\\\/uploads\\\/2025\\\/05\\\/Pirate-boat-Hurghada.jpeg\",\"datePublished\":\"2025-05-23T17:49:26+00:00\",\"dateModified\":\"2026-01-28T23:46:54+00:00\",\"description\":\"Navigheaz\u0103 cu Excursie cu barca pirat din Hurghada la Orange Bay! Bucur\u0103-te de snorkeling, un pr\u00e2nz delicios \u0219i relaxare pe plaj\u0103. Rezerv\u0103 aventura ta acum!\",\"breadcrumb\":{\"@id\":\"https:\\\/\\\/egytourpackages.com\\\/ro\\\/tours\\\/excursie-cu-barca-pirat-din-hurghada-la-orange-bay\\\/#breadcrumb\"},\"inLanguage\":\"ro-RO\",\"potentialAction\":[{\"@type\":\"ReadAction\",\"target\":[\"https:\\\/\\\/egytourpackages.com\\\/ro\\\/tours\\\/excursie-cu-barca-pirat-din-hurghada-la-orange-bay\\\/\"]}]},{\"@type\":\"ImageObject\",\"inLanguage\":\"ro-RO\",\"@id\":\"https:\\\/\\\/egytourpackages.com\\\/ro\\\/tours\\\/excursie-cu-barca-pirat-din-hurghada-la-orange-bay\\\/#primaryimage\",\"url\":\"https:\\\/\\\/egytourpackages.com\\\/wp-content\\\/uploads\\\/2025\\\/05\\\/Pirate-boat-Hurghada.jpeg\",\"contentUrl\":\"https:\\\/\\\/egytourpackages.com\\\/wp-content\\\/uploads\\\/2025\\\/05\\\/Pirate-boat-Hurghada.jpeg\",\"width\":1100,\"height\":849,\"caption\":\"Excursie cu barca pirat din Hurghada la Orange Bay\"},{\"@type\":\"BreadcrumbList\",\"@id\":\"https:\\\/\\\/egytourpackages.com\\\/ro\\\/tours\\\/excursie-cu-barca-pirat-din-hurghada-la-orange-bay\\\/#breadcrumb\",\"itemListElement\":[{\"@type\":\"ListItem\",\"position\":1,\"name\":\"Home\",\"item\":\"https:\\\/\\\/egytourpackages.com\\\/ro\\\/\"},{\"@type\":\"ListItem\",\"position\":2,\"name\":\"Shop\",\"item\":\"https:\\\/\\\/egytourpackages.com\\\/shop\\\/\"},{\"@type\":\"ListItem\",\"position\":3,\"name\":\"Excursie cu barca pirat din Hurghada la Orange Bay\"}]},{\"@type\":\"WebSite\",\"@id\":\"https:\\\/\\\/egytourpackages.com\\\/ro\\\/#website\",\"url\":\"https:\\\/\\\/egytourpackages.com\\\/ro\\\/\",\"name\":\"Egy tour packages\",\"description\":\"\",\"publisher\":{\"@id\":\"https:\\\/\\\/egytourpackages.com\\\/ro\\\/#organization\"},\"potentialAction\":[{\"@type\":\"SearchAction\",\"target\":{\"@type\":\"EntryPoint\",\"urlTemplate\":\"https:\\\/\\\/egytourpackages.com\\\/ro\\\/?s={search_term_string}\"},\"query-input\":{\"@type\":\"PropertyValueSpecification\",\"valueRequired\":true,\"valueName\":\"search_term_string\"}}],\"inLanguage\":\"ro-RO\"},{\"@type\":[\"Organization\",\"Place\",\"TravelAgency\"],\"@id\":\"https:\\\/\\\/egytourpackages.com\\\/ro\\\/#organization\",\"name\":\"egypt tour packages\",\"alternateName\":\"egypt tour packages\",\"url\":\"https:\\\/\\\/egytourpackages.com\\\/ro\\\/\",\"logo\":{\"@id\":\"https:\\\/\\\/egytourpackages.com\\\/ro\\\/tours\\\/excursie-cu-barca-pirat-din-hurghada-la-orange-bay\\\/#local-main-organization-logo\"},\"image\":{\"@id\":\"https:\\\/\\\/egytourpackages.com\\\/ro\\\/tours\\\/excursie-cu-barca-pirat-din-hurghada-la-orange-bay\\\/#local-main-organization-logo\"},\"sameAs\":[\"https:\\\/\\\/www.facebook.com\\\/egytourpackages\"],\"legalName\":\"Egy tour packages\",\"address\":{\"@id\":\"https:\\\/\\\/egytourpackages.com\\\/ro\\\/tours\\\/excursie-cu-barca-pirat-din-hurghada-la-orange-bay\\\/#local-main-place-address\"},\"telephone\":[\"00201000852186\",\"00201028685533\"],\"contactPoint\":{\"@type\":\"ContactPoint\",\"telephone\":\"00201000852186\"},\"openingHoursSpecification\":[{\"@type\":\"OpeningHoursSpecification\",\"dayOfWeek\":[\"Monday\",\"Tuesday\",\"Wednesday\",\"Thursday\",\"Friday\",\"Saturday\",\"Sunday\"],\"opens\":\"00:00\",\"closes\":\"23:59\"}],\"email\":\"info@egytourpackages.com\",\"areaServed\":\"Cairo, Hurghada, Luxor, Sharm El Sheikh, Marsa Alam, Aswan\",\"priceRange\":\"$\",\"currenciesAccepted\":\"euro\",\"paymentAccepted\":\"Payment links online\"},{\"@type\":\"PostalAddress\",\"@id\":\"https:\\\/\\\/egytourpackages.com\\\/ro\\\/tours\\\/excursie-cu-barca-pirat-din-hurghada-la-orange-bay\\\/#local-main-place-address\",\"streetAddress\":\"Mubarak 8, Al Kawthar District, Hurghada\",\"addressLocality\":\"Hurghada\",\"postalCode\":\"84511\",\"addressRegion\":\"Red Sea\",\"addressCountry\":\"EG\"},{\"@type\":\"ImageObject\",\"inLanguage\":\"ro-RO\",\"@id\":\"https:\\\/\\\/egytourpackages.com\\\/ro\\\/tours\\\/excursie-cu-barca-pirat-din-hurghada-la-orange-bay\\\/#local-main-organization-logo\",\"url\":\"https:\\\/\\\/egytourpackages.com\\\/wp-content\\\/uploads\\\/2025\\\/12\\\/Turquoise-Dahabiya-Nile-Cruise-1.jpeg\",\"contentUrl\":\"https:\\\/\\\/egytourpackages.com\\\/wp-content\\\/uploads\\\/2025\\\/12\\\/Turquoise-Dahabiya-Nile-Cruise-1.jpeg\",\"width\":1040,\"height\":694,\"caption\":\"egypt tour packages\"}]}<\/script>\n<meta property=\"product:brand\" content=\"Excursie de snorkeling \u00een Hurghada\" \/>\n<meta property=\"product:price:amount\" content=\"70\" \/>\n<meta property=\"product:price:currency\" content=\"EUR\" \/>\n<meta property=\"og:availability\" content=\"instock\" \/>\n<meta property=\"product:availability\" content=\"instock\" \/>\n<meta property=\"product:retailer_item_id\" content=\"HDT13\" \/>\n<meta property=\"product:condition\" content=\"new\" \/>\n<meta name=\"geo.placename\" content=\"Hurghada\" \/>\n<meta name=\"geo.region\" content=\"Egipt\" \/>\n<!-- \/ Yoast SEO Premium plugin. -->","yoast_head_json":{"title":"Excursie cu barca pirat din Hurghada la Orange Bay","description":"Navigheaz\u0103 cu Excursie cu barca pirat din Hurghada la Orange Bay! Bucur\u0103-te de snorkeling, un pr\u00e2nz delicios \u0219i relaxare pe plaj\u0103. Rezerv\u0103 aventura ta acum!","robots":{"index":"index","follow":"follow","max-snippet":"max-snippet:-1","max-image-preview":"max-image-preview:large","max-video-preview":"max-video-preview:-1"},"canonical":"https:\/\/egytourpackages.com\/ro\/tours\/excursie-cu-barca-pirat-din-hurghada-la-orange-bay\/","og_locale":"ro_RO","og_type":"article","og_title":"Excursie cu barca pirat din Hurghada la Orange Bay","og_description":"Navigheaz\u0103 cu Excursie cu barca pirat din Hurghada la Orange Bay! Bucur\u0103-te de snorkeling, un pr\u00e2nz delicios \u0219i relaxare pe plaj\u0103. Rezerv\u0103 aventura ta acum!","og_url":"https:\/\/egytourpackages.com\/ro\/tours\/excursie-cu-barca-pirat-din-hurghada-la-orange-bay\/","og_site_name":"Egypt Tour Packages","article_publisher":"https:\/\/www.facebook.com\/egytourpackages","article_modified_time":"2026-01-28T23:46:54+00:00","og_image":[{"url":"https:\/\/egytourpackages.com\/wp-content\/uploads\/2025\/05\/Orange-Bay-beach-Giftun-Island-1024x768.jpeg","type":"","width":"","height":""}],"twitter_card":"summary_large_image","twitter_title":"Excursie cu barca pirat din Hurghada la Orange Bay","twitter_misc":{"Pre\u021b":"&euro;70","Disponibilitate":"\u00cen stoc"},"schema":{"@context":"https:\/\/schema.org","@graph":[{"@type":"WebPage","@id":"https:\/\/egytourpackages.com\/ro\/tours\/excursie-cu-barca-pirat-din-hurghada-la-orange-bay\/","url":"https:\/\/egytourpackages.com\/ro\/tours\/excursie-cu-barca-pirat-din-hurghada-la-orange-bay\/","name":"Excursie cu barca pirat din Hurghada la Orange Bay","isPartOf":{"@id":"https:\/\/egytourpackages.com\/ro\/#website"},"primaryImageOfPage":{"@id":"https:\/\/egytourpackages.com\/ro\/tours\/excursie-cu-barca-pirat-din-hurghada-la-orange-bay\/#primaryimage"},"image":{"@id":"https:\/\/egytourpackages.com\/ro\/tours\/excursie-cu-barca-pirat-din-hurghada-la-orange-bay\/#primaryimage"},"thumbnailUrl":"https:\/\/egytourpackages.com\/wp-content\/uploads\/2025\/05\/Pirate-boat-Hurghada.jpeg","datePublished":"2025-05-23T17:49:26+00:00","dateModified":"2026-01-28T23:46:54+00:00","description":"Navigheaz\u0103 cu Excursie cu barca pirat din Hurghada la Orange Bay! Bucur\u0103-te de snorkeling, un pr\u00e2nz delicios \u0219i relaxare pe plaj\u0103. Rezerv\u0103 aventura ta acum!","breadcrumb":{"@id":"https:\/\/egytourpackages.com\/ro\/tours\/excursie-cu-barca-pirat-din-hurghada-la-orange-bay\/#breadcrumb"},"inLanguage":"ro-RO","potentialAction":[{"@type":"ReadAction","target":["https:\/\/egytourpackages.com\/ro\/tours\/excursie-cu-barca-pirat-din-hurghada-la-orange-bay\/"]}]},{"@type":"ImageObject","inLanguage":"ro-RO","@id":"https:\/\/egytourpackages.com\/ro\/tours\/excursie-cu-barca-pirat-din-hurghada-la-orange-bay\/#primaryimage","url":"https:\/\/egytourpackages.com\/wp-content\/uploads\/2025\/05\/Pirate-boat-Hurghada.jpeg","contentUrl":"https:\/\/egytourpackages.com\/wp-content\/uploads\/2025\/05\/Pirate-boat-Hurghada.jpeg","width":1100,"height":849,"caption":"Excursie cu barca pirat din Hurghada la Orange Bay"},{"@type":"BreadcrumbList","@id":"https:\/\/egytourpackages.com\/ro\/tours\/excursie-cu-barca-pirat-din-hurghada-la-orange-bay\/#breadcrumb","itemListElement":[{"@type":"ListItem","position":1,"name":"Home","item":"https:\/\/egytourpackages.com\/ro\/"},{"@type":"ListItem","position":2,"name":"Shop","item":"https:\/\/egytourpackages.com\/shop\/"},{"@type":"ListItem","position":3,"name":"Excursie cu barca pirat din Hurghada la Orange Bay"}]},{"@type":"WebSite","@id":"https:\/\/egytourpackages.com\/ro\/#website","url":"https:\/\/egytourpackages.com\/ro\/","name":"Egy tour packages","description":"","publisher":{"@id":"https:\/\/egytourpackages.com\/ro\/#organization"},"potentialAction":[{"@type":"SearchAction","target":{"@type":"EntryPoint","urlTemplate":"https:\/\/egytourpackages.com\/ro\/?s={search_term_string}"},"query-input":{"@type":"PropertyValueSpecification","valueRequired":true,"valueName":"search_term_string"}}],"inLanguage":"ro-RO"},{"@type":["Organization","Place","TravelAgency"],"@id":"https:\/\/egytourpackages.com\/ro\/#organization","name":"egypt tour packages","alternateName":"egypt tour packages","url":"https:\/\/egytourpackages.com\/ro\/","logo":{"@id":"https:\/\/egytourpackages.com\/ro\/tours\/excursie-cu-barca-pirat-din-hurghada-la-orange-bay\/#local-main-organization-logo"},"image":{"@id":"https:\/\/egytourpackages.com\/ro\/tours\/excursie-cu-barca-pirat-din-hurghada-la-orange-bay\/#local-main-organization-logo"},"sameAs":["https:\/\/www.facebook.com\/egytourpackages"],"legalName":"Egy tour packages","address":{"@id":"https:\/\/egytourpackages.com\/ro\/tours\/excursie-cu-barca-pirat-din-hurghada-la-orange-bay\/#local-main-place-address"},"telephone":["00201000852186","00201028685533"],"contactPoint":{"@type":"ContactPoint","telephone":"00201000852186"},"openingHoursSpecification":[{"@type":"OpeningHoursSpecification","dayOfWeek":["Monday","Tuesday","Wednesday","Thursday","Friday","Saturday","Sunday"],"opens":"00:00","closes":"23:59"}],"email":"info@egytourpackages.com","areaServed":"Cairo, Hurghada, Luxor, Sharm El Sheikh, Marsa Alam, Aswan","priceRange":"$","currenciesAccepted":"euro","paymentAccepted":"Payment links online"},{"@type":"PostalAddress","@id":"https:\/\/egytourpackages.com\/ro\/tours\/excursie-cu-barca-pirat-din-hurghada-la-orange-bay\/#local-main-place-address","streetAddress":"Mubarak 8, Al Kawthar District, Hurghada","addressLocality":"Hurghada","postalCode":"84511","addressRegion":"Red Sea","addressCountry":"EG"},{"@type":"ImageObject","inLanguage":"ro-RO","@id":"https:\/\/egytourpackages.com\/ro\/tours\/excursie-cu-barca-pirat-din-hurghada-la-orange-bay\/#local-main-organization-logo","url":"https:\/\/egytourpackages.com\/wp-content\/uploads\/2025\/12\/Turquoise-Dahabiya-Nile-Cruise-1.jpeg","contentUrl":"https:\/\/egytourpackages.com\/wp-content\/uploads\/2025\/12\/Turquoise-Dahabiya-Nile-Cruise-1.jpeg","width":1040,"height":694,"caption":"egypt tour packages"}]},"product_brand":"Excursie de snorkeling \u00een Hurghada","product_price_amount":"70","product_price_currency":"EUR","og_availability":"instock","product_availability":"instock","product_retailer_item_id":"HDT13","product_condition":"new","geo.placename":"Hurghada","geo.region":"Egipt"},"_links":{"self":[{"href":"https:\/\/egytourpackages.com\/ro\/wp-json\/wp\/v2\/product\/6577","targetHints":{"allow":["GET"]}}],"collection":[{"href":"https:\/\/egytourpackages.com\/ro\/wp-json\/wp\/v2\/product"}],"about":[{"href":"https:\/\/egytourpackages.com\/ro\/wp-json\/wp\/v2\/types\/product"}],"replies":[{"embeddable":true,"href":"https:\/\/egytourpackages.com\/ro\/wp-json\/wp\/v2\/comments?post=6577"}],"wp:featuredmedia":[{"embeddable":true,"href":"https:\/\/egytourpackages.com\/ro\/wp-json\/wp\/v2\/media\/6578"}],"wp:attachment":[{"href":"https:\/\/egytourpackages.com\/ro\/wp-json\/wp\/v2\/media?parent=6577"}],"wp:term":[{"taxonomy":"product_brand","embeddable":true,"href":"https:\/\/egytourpackages.com\/ro\/wp-json\/wp\/v2\/product_brand?post=6577"},{"taxonomy":"product_cat","embeddable":true,"href":"https:\/\/egytourpackages.com\/ro\/wp-json\/wp\/v2\/product_cat?post=6577"},{"taxonomy":"product_tag","embeddable":true,"href":"https:\/\/egytourpackages.com\/ro\/wp-json\/wp\/v2\/product_tag?post=6577"}],"curies":[{"name":"wp","href":"https:\/\/api.w.org\/{rel}","templated":true}]}}