{"id":6608,"date":"2025-05-26T19:57:11","date_gmt":"2025-05-26T19:57:11","guid":{"rendered":"https:\/\/egytourpackages.com\/product\/excursie-all-inclusive-snorkeling-la-insula-bianca\/"},"modified":"2026-01-28T02:33:04","modified_gmt":"2026-01-28T02:33:04","slug":"excursie-all-inclusive-snorkeling-la-insula-bianca","status":"publish","type":"product","link":"https:\/\/egytourpackages.com\/ro\/tours\/excursie-all-inclusive-snorkeling-la-insula-bianca\/","title":{"rendered":"Excursie All-Inclusive Snorkeling la Insula Bianca"},"content":{"rendered":"<p><span style=\"color: #ff6600;\"><strong>Excursie All-Inclusive Snorkeling la Insula Bianca\u00a0<\/strong><\/span><\/p>\n<p><strong>Echipament Snorkeling | Plat\u0103 \u00een ziua excursiei | Anulare gratuit\u0103 | Rezervare prin WhatsApp | F\u0103r\u0103 taxe ascunse | Ghid privat | Pr\u00e2nz cu fructe de mare | Excursii Hurghada<\/strong><\/p>\n<p>Rezerv\u0103-\u021bi <strong>excursia all-inclusive de snorkeling la Insula Bianca<\/strong> \u0219i experimenteaz\u0103 plaja cu nisip alb \u0219i apa turcoaz cristalin\u0103. De fapt, aceast\u0103 insul\u0103 uimitoare de 1,5 km\u00b2 este un loc ideal pentru relaxare \u0219i explorare subacvatic\u0103. O <strong>excursie de o zi \u00eentreag\u0103 de snorkeling la Insula Bianca<\/strong> sau la <strong>Insula Utopia<\/strong> din Safaga este o adev\u0103rat\u0103 pl\u0103cere.<\/p>\n<p>A\u0219adar, dac\u0103 sunte\u021bi \u00een c\u0103utarea unor <strong>activit\u0103\u021bi distractive de f\u0103cut pe plaj\u0103 cu familia<\/strong> \u0219i a unor <strong>activit\u0103\u021bi pentru familii<\/strong>, aceast\u0103 excursie este pentru dumneavoastr\u0103. Bucura\u021bi-v\u0103 de observarea creaturilor marine, cum ar fi pe\u0219ti, stele de mare, \u021bestoase \u0219i melci, o <strong>experien\u021b\u0103 de familie unic\u0103 \u0219i de neuitat<\/strong>.<\/p>\n<p>\u00cen general, excursia all-inclusive la Insula Bianca nu este doar pentru familii, ci \u0219i pentru <strong>activit\u0103\u021bi de f\u0103cut cu prietenii<\/strong> \u0219i <strong>cele mai bune vacan\u021be pe plaj\u0103 pentru cupluri<\/strong>. Egy tour packages ofer\u0103 aceast\u0103 <strong>excursie de snorkeling<\/strong> pentru <strong>seniori<\/strong> \u0219i pentru <strong>seniori cu handicap<\/strong> sau pentru seniori cu dizabilit\u0103\u021bi \u00een <strong>scaune cu rotile<\/strong>.<\/p>\n<p>\u00cen ansamblu, dac\u0103 sunte\u021bi \u00een c\u0103utarea unor <strong>lucruri de f\u0103cut de ziua dumneavoastr\u0103 cu prietenii<\/strong>, nu mai sta\u021bi pe g\u00e2nduri \u0219i alege\u021bi aceast\u0103 <strong>excursie<\/strong>. \u00centre timp, dac\u0103 dori\u021bi s\u0103 v\u0103 bucura\u021bi de o <strong>sesiune de masaj complet<\/strong> direct pe plaj\u0103, o pute\u021bi rezerva \u00een avans cu noi.<\/p>\n<p>De asemenea, sunte\u021bi liber s\u0103 petrece\u021bi 4 ore pe Insula Bianca sau s\u0103 face\u021bi snorkeling cu un ghid, sau s\u0103 v\u0103 bucura\u021bi de semi-submarin pentru a observa coralii f\u0103r\u0103 a v\u0103 uda.<\/p>\n<h3><span style=\"color: #ff6600;\">Detalii excursie<\/span><\/h3>\n<ul>\n<li>Durata: 8 ore<\/li>\n<li>Tipul excursiei: grup<\/li>\n<li>Disponibilitate: Zilnic<\/li>\n<li><strong>Limbi: Rom\u00e2na<\/strong><\/li>\n<li>Program: Rezervare online<\/li>\n<li>Preluare \u0219i transfer: Hoteluri din Hurghada<\/li>\n<li>Accesibil pentru scaune cu rotile.<\/li>\n<\/ul>\n<p><span style=\"color: #ff6600;\"><strong>Puncte forte<\/strong><\/span><\/p>\n<ul>\n<li>Loc de snorkeling<\/li>\n<li>Plaja Insulei Bianca<\/li>\n<\/ul>\n<h3><span style=\"color: #ff6600;\">Inclus<\/span><\/h3>\n<ul>\n<li>Preluare \u0219i transfer de la hotel<\/li>\n<li>Toate taxele \u0219i serviciile<\/li>\n<li>Echipament de snorkeling<\/li>\n<li>4 ore pe plaja Insulei Bianca<\/li>\n<li><strong>ghid de snorkeling vorbe\u0219te limba rom\u00e2n\u0103<\/strong><\/li>\n<li>B\u0103uturi tari \u0219i r\u0103coritoare<\/li>\n<\/ul>\n<h3><span style=\"color: #ff6600;\">Exclus<\/span><\/h3>\n<ul>\n<li>Bac\u0219i\u0219<\/li>\n<\/ul>\n<h3><span style=\"color: #ff6600;\">Pre\u021bul excursiei all-inclusive de snorkeling la Insula Bianca<\/span><\/h3>\n<ul>\n<li>Pre\u021b adult = 60 \u20ac<\/li>\n<li>Copii 5-11 ani = 50% din pre\u021bul adultului<\/li>\n<li>Sugari 0-5 ani = gratuit<\/li>\n<\/ul>\n<h3><span style=\"color: #ff6600;\">Rezervare<\/span><\/h3>\n<p>Pute\u021bi rezerva excursia prin WhatsApp sau ne pute\u021bi trimite un e-mail \u0219i ve\u021bi primi confirmarea pe loc. V\u0103 rug\u0103m s\u0103 ne trimite\u021bi numele hotelului, num\u0103rul camerei \u0219i copiile pa\u0219apoartelor.<\/p>\n<p>WhatsApp: +201000852186<\/p>\n<p>info@egytourpackages.com<\/p>\n<h3><span style=\"color: #ff6600;\">Rezerv\u0103 acum &amp; Pl\u0103te\u0219te la fa\u021ba locului<\/span><\/h3>\n<p>Rezerv\u0103 excursia ta preferat\u0103 \u0219i pl\u0103te\u0219te \u00een ziua excursiei.<\/p>\n<h3><span style=\"color: #ff6600;\">Plat\u0103<\/span><\/h3>\n<p>Pute\u021bi pl\u0103ti \u00een lire egiptene, $, \u20ac sau \u00a3.<\/p>\n<h3><span style=\"color: #ff6600;\">Politica de anulare<\/span><\/h3>\n<ul>\n<li>Anularea este gratuit\u0103 cu p\u00e2n\u0103 la 24 de ore \u00een avans<\/li>\n<li>Anularea \u00een diminea\u021ba zilei respective este taxat\u0103 cu 50% din pre\u021b<\/li>\n<\/ul>\n","protected":false},"excerpt":{"rendered":"<p>Exploreaz\u0103 Marea Ro\u0219ie! Excursie All-Inclusive Snorkeling la Insula Bianca te a\u0219teapt\u0103 cu plaje, pr\u00e2nz, snorkeling \u0219i mult soare.<\/p>\n","protected":false},"featured_media":6609,"comment_status":"open","ping_status":"closed","template":"","meta":[],"product_brand":[],"product_cat":[3120],"product_tag":[3203,3201],"class_list":{"0":"post-6608","1":"product","2":"type-product","3":"status-publish","4":"has-post-thumbnail","6":"product_cat-tururi","7":"product_tag-excursii-de-o-zi-in-egipt","8":"product_tag-excursii-in-hurghada","9":"tour_category-excursie-de-snorkeling-in-hurghada","10":"tour_category-excursii-de-o-zi-in-egipt-ro","11":"tour_category-excursii-hurghada-ro","13":"first","14":"instock","15":"sale","16":"shipping-taxable","17":"purchasable","18":"product-type-tour","19":"has-default-attributes"},"yoast_head":"<!-- This site is optimized with the Yoast SEO Premium plugin v27.4 (Yoast SEO v27.4) - https:\/\/yoast.com\/product\/yoast-seo-premium-wordpress\/ -->\n<title>Excursie All-Inclusive Snorkeling la Insula Bianca<\/title>\n<meta name=\"description\" content=\"Exploreaz\u0103 Marea Ro\u0219ie! Excursie All-Inclusive Snorkeling la Insula Bianca te a\u0219teapt\u0103 cu plaje, pr\u00e2nz, snorkeling \u0219i mult soare.\" \/>\n<meta name=\"robots\" content=\"index, follow, max-snippet:-1, max-image-preview:large, max-video-preview:-1\" \/>\n<link rel=\"canonical\" href=\"https:\/\/egytourpackages.com\/ro\/tours\/excursie-all-inclusive-snorkeling-la-insula-bianca\/\" \/>\n<meta property=\"og:locale\" content=\"ro_RO\" \/>\n<meta property=\"og:type\" content=\"article\" \/>\n<meta property=\"og:title\" content=\"Excursie All-Inclusive Snorkeling la Insula Bianca\" \/>\n<meta property=\"og:description\" content=\"Exploreaz\u0103 Marea Ro\u0219ie! Excursie All-Inclusive Snorkeling la Insula Bianca te a\u0219teapt\u0103 cu plaje, pr\u00e2nz, snorkeling \u0219i mult soare.\" \/>\n<meta property=\"og:url\" content=\"https:\/\/egytourpackages.com\/ro\/tours\/excursie-all-inclusive-snorkeling-la-insula-bianca\/\" \/>\n<meta property=\"og:site_name\" content=\"Egypt Tour Packages\" \/>\n<meta property=\"article:publisher\" content=\"https:\/\/www.facebook.com\/egytourpackages\" \/>\n<meta property=\"article:modified_time\" content=\"2026-01-28T02:33:04+00:00\" \/>\n<meta property=\"og:image\" content=\"https:\/\/egytourpackages.com\/wp-content\/uploads\/2025\/05\/Bianca-Island-Utopia-1024x619.jpg\" \/>\n<meta name=\"twitter:card\" content=\"summary_large_image\" \/>\n<meta name=\"twitter:title\" content=\"Excursie All-Inclusive Snorkeling la Insula Bianca\" \/>\n<meta name=\"twitter:label1\" content=\"Pre\u021b\" \/>\n\t<meta name=\"twitter:data1\" content=\"&euro;0\" \/>\n\t<meta name=\"twitter:label2\" content=\"Disponibilitate\" \/>\n\t<meta name=\"twitter:data2\" content=\"\u00cen stoc\" \/>\n<script type=\"application\/ld+json\" class=\"yoast-schema-graph\">{\"@context\":\"https:\\\/\\\/schema.org\",\"@graph\":[{\"@type\":\"WebPage\",\"@id\":\"https:\\\/\\\/egytourpackages.com\\\/ro\\\/tours\\\/excursie-all-inclusive-snorkeling-la-insula-bianca\\\/\",\"url\":\"https:\\\/\\\/egytourpackages.com\\\/ro\\\/tours\\\/excursie-all-inclusive-snorkeling-la-insula-bianca\\\/\",\"name\":\"Excursie All-Inclusive Snorkeling la Insula Bianca\",\"isPartOf\":{\"@id\":\"https:\\\/\\\/egytourpackages.com\\\/ro\\\/#website\"},\"primaryImageOfPage\":{\"@id\":\"https:\\\/\\\/egytourpackages.com\\\/ro\\\/tours\\\/excursie-all-inclusive-snorkeling-la-insula-bianca\\\/#primaryimage\"},\"image\":{\"@id\":\"https:\\\/\\\/egytourpackages.com\\\/ro\\\/tours\\\/excursie-all-inclusive-snorkeling-la-insula-bianca\\\/#primaryimage\"},\"thumbnailUrl\":\"https:\\\/\\\/egytourpackages.com\\\/wp-content\\\/uploads\\\/2025\\\/05\\\/Biance-Island.jpg\",\"datePublished\":\"2025-05-26T19:57:11+00:00\",\"dateModified\":\"2026-01-28T02:33:04+00:00\",\"description\":\"Exploreaz\u0103 Marea Ro\u0219ie! Excursie All-Inclusive Snorkeling la Insula Bianca te a\u0219teapt\u0103 cu plaje, pr\u00e2nz, snorkeling \u0219i mult soare.\",\"breadcrumb\":{\"@id\":\"https:\\\/\\\/egytourpackages.com\\\/ro\\\/tours\\\/excursie-all-inclusive-snorkeling-la-insula-bianca\\\/#breadcrumb\"},\"inLanguage\":\"ro-RO\",\"potentialAction\":[{\"@type\":\"ReadAction\",\"target\":[\"https:\\\/\\\/egytourpackages.com\\\/ro\\\/tours\\\/excursie-all-inclusive-snorkeling-la-insula-bianca\\\/\"]}]},{\"@type\":\"ImageObject\",\"inLanguage\":\"ro-RO\",\"@id\":\"https:\\\/\\\/egytourpackages.com\\\/ro\\\/tours\\\/excursie-all-inclusive-snorkeling-la-insula-bianca\\\/#primaryimage\",\"url\":\"https:\\\/\\\/egytourpackages.com\\\/wp-content\\\/uploads\\\/2025\\\/05\\\/Biance-Island.jpg\",\"contentUrl\":\"https:\\\/\\\/egytourpackages.com\\\/wp-content\\\/uploads\\\/2025\\\/05\\\/Biance-Island.jpg\",\"width\":1500,\"height\":898,\"caption\":\"Excursie All-Inclusive Snorkeling la Insula Bianca\"},{\"@type\":\"BreadcrumbList\",\"@id\":\"https:\\\/\\\/egytourpackages.com\\\/ro\\\/tours\\\/excursie-all-inclusive-snorkeling-la-insula-bianca\\\/#breadcrumb\",\"itemListElement\":[{\"@type\":\"ListItem\",\"position\":1,\"name\":\"Home\",\"item\":\"https:\\\/\\\/egytourpackages.com\\\/ro\\\/\"},{\"@type\":\"ListItem\",\"position\":2,\"name\":\"Shop\",\"item\":\"https:\\\/\\\/egytourpackages.com\\\/shop\\\/\"},{\"@type\":\"ListItem\",\"position\":3,\"name\":\"Excursie All-Inclusive Snorkeling la Insula Bianca\"}]},{\"@type\":\"WebSite\",\"@id\":\"https:\\\/\\\/egytourpackages.com\\\/ro\\\/#website\",\"url\":\"https:\\\/\\\/egytourpackages.com\\\/ro\\\/\",\"name\":\"Egy tour packages\",\"description\":\"\",\"publisher\":{\"@id\":\"https:\\\/\\\/egytourpackages.com\\\/ro\\\/#organization\"},\"potentialAction\":[{\"@type\":\"SearchAction\",\"target\":{\"@type\":\"EntryPoint\",\"urlTemplate\":\"https:\\\/\\\/egytourpackages.com\\\/ro\\\/?s={search_term_string}\"},\"query-input\":{\"@type\":\"PropertyValueSpecification\",\"valueRequired\":true,\"valueName\":\"search_term_string\"}}],\"inLanguage\":\"ro-RO\"},{\"@type\":[\"Organization\",\"Place\",\"TravelAgency\"],\"@id\":\"https:\\\/\\\/egytourpackages.com\\\/ro\\\/#organization\",\"name\":\"egypt tour packages\",\"alternateName\":\"egypt tour packages\",\"url\":\"https:\\\/\\\/egytourpackages.com\\\/ro\\\/\",\"logo\":{\"@id\":\"https:\\\/\\\/egytourpackages.com\\\/ro\\\/tours\\\/excursie-all-inclusive-snorkeling-la-insula-bianca\\\/#local-main-organization-logo\"},\"image\":{\"@id\":\"https:\\\/\\\/egytourpackages.com\\\/ro\\\/tours\\\/excursie-all-inclusive-snorkeling-la-insula-bianca\\\/#local-main-organization-logo\"},\"sameAs\":[\"https:\\\/\\\/www.facebook.com\\\/egytourpackages\"],\"legalName\":\"Egy tour packages\",\"address\":{\"@id\":\"https:\\\/\\\/egytourpackages.com\\\/ro\\\/tours\\\/excursie-all-inclusive-snorkeling-la-insula-bianca\\\/#local-main-place-address\"},\"telephone\":[\"00201000852186\",\"00201028685533\"],\"contactPoint\":{\"@type\":\"ContactPoint\",\"telephone\":\"00201000852186\"},\"openingHoursSpecification\":[{\"@type\":\"OpeningHoursSpecification\",\"dayOfWeek\":[\"Monday\",\"Tuesday\",\"Wednesday\",\"Thursday\",\"Friday\",\"Saturday\",\"Sunday\"],\"opens\":\"00:00\",\"closes\":\"23:59\"}],\"email\":\"info@egytourpackages.com\",\"areaServed\":\"Cairo, Hurghada, Luxor, Sharm El Sheikh, Marsa Alam, Aswan\",\"priceRange\":\"$\",\"currenciesAccepted\":\"euro\",\"paymentAccepted\":\"Payment links online\"},{\"@type\":\"PostalAddress\",\"@id\":\"https:\\\/\\\/egytourpackages.com\\\/ro\\\/tours\\\/excursie-all-inclusive-snorkeling-la-insula-bianca\\\/#local-main-place-address\",\"streetAddress\":\"Mubarak 8, Al Kawthar District, Hurghada\",\"addressLocality\":\"Hurghada\",\"postalCode\":\"84511\",\"addressRegion\":\"Red Sea\",\"addressCountry\":\"EG\"},{\"@type\":\"ImageObject\",\"inLanguage\":\"ro-RO\",\"@id\":\"https:\\\/\\\/egytourpackages.com\\\/ro\\\/tours\\\/excursie-all-inclusive-snorkeling-la-insula-bianca\\\/#local-main-organization-logo\",\"url\":\"https:\\\/\\\/egytourpackages.com\\\/wp-content\\\/uploads\\\/2025\\\/12\\\/Turquoise-Dahabiya-Nile-Cruise-1.jpeg\",\"contentUrl\":\"https:\\\/\\\/egytourpackages.com\\\/wp-content\\\/uploads\\\/2025\\\/12\\\/Turquoise-Dahabiya-Nile-Cruise-1.jpeg\",\"width\":1040,\"height\":694,\"caption\":\"egypt tour packages\"}]}<\/script>\n<meta property=\"product:brand\" content=\"Excursie de snorkeling \u00een Hurghada\" \/>\n<meta property=\"product:price:amount\" content=\"0\" \/>\n<meta property=\"product:price:currency\" content=\"EUR\" \/>\n<meta property=\"og:availability\" content=\"instock\" \/>\n<meta property=\"product:availability\" content=\"instock\" \/>\n<meta property=\"product:retailer_item_id\" content=\"HDT15\" \/>\n<meta property=\"product:condition\" content=\"new\" \/>\n<meta name=\"geo.placename\" content=\"Hurghada\" \/>\n<meta name=\"geo.region\" content=\"Egipt\" \/>\n<!-- \/ Yoast SEO Premium plugin. -->","yoast_head_json":{"title":"Excursie All-Inclusive Snorkeling la Insula Bianca","description":"Exploreaz\u0103 Marea Ro\u0219ie! Excursie All-Inclusive Snorkeling la Insula Bianca te a\u0219teapt\u0103 cu plaje, pr\u00e2nz, snorkeling \u0219i mult soare.","robots":{"index":"index","follow":"follow","max-snippet":"max-snippet:-1","max-image-preview":"max-image-preview:large","max-video-preview":"max-video-preview:-1"},"canonical":"https:\/\/egytourpackages.com\/ro\/tours\/excursie-all-inclusive-snorkeling-la-insula-bianca\/","og_locale":"ro_RO","og_type":"article","og_title":"Excursie All-Inclusive Snorkeling la Insula Bianca","og_description":"Exploreaz\u0103 Marea Ro\u0219ie! Excursie All-Inclusive Snorkeling la Insula Bianca te a\u0219teapt\u0103 cu plaje, pr\u00e2nz, snorkeling \u0219i mult soare.","og_url":"https:\/\/egytourpackages.com\/ro\/tours\/excursie-all-inclusive-snorkeling-la-insula-bianca\/","og_site_name":"Egypt Tour Packages","article_publisher":"https:\/\/www.facebook.com\/egytourpackages","article_modified_time":"2026-01-28T02:33:04+00:00","og_image":[{"url":"https:\/\/egytourpackages.com\/wp-content\/uploads\/2025\/05\/Bianca-Island-Utopia-1024x619.jpg","type":"","width":"","height":""}],"twitter_card":"summary_large_image","twitter_title":"Excursie All-Inclusive Snorkeling la Insula Bianca","twitter_misc":{"Pre\u021b":"&euro;0","Disponibilitate":"\u00cen stoc"},"schema":{"@context":"https:\/\/schema.org","@graph":[{"@type":"WebPage","@id":"https:\/\/egytourpackages.com\/ro\/tours\/excursie-all-inclusive-snorkeling-la-insula-bianca\/","url":"https:\/\/egytourpackages.com\/ro\/tours\/excursie-all-inclusive-snorkeling-la-insula-bianca\/","name":"Excursie All-Inclusive Snorkeling la Insula Bianca","isPartOf":{"@id":"https:\/\/egytourpackages.com\/ro\/#website"},"primaryImageOfPage":{"@id":"https:\/\/egytourpackages.com\/ro\/tours\/excursie-all-inclusive-snorkeling-la-insula-bianca\/#primaryimage"},"image":{"@id":"https:\/\/egytourpackages.com\/ro\/tours\/excursie-all-inclusive-snorkeling-la-insula-bianca\/#primaryimage"},"thumbnailUrl":"https:\/\/egytourpackages.com\/wp-content\/uploads\/2025\/05\/Biance-Island.jpg","datePublished":"2025-05-26T19:57:11+00:00","dateModified":"2026-01-28T02:33:04+00:00","description":"Exploreaz\u0103 Marea Ro\u0219ie! Excursie All-Inclusive Snorkeling la Insula Bianca te a\u0219teapt\u0103 cu plaje, pr\u00e2nz, snorkeling \u0219i mult soare.","breadcrumb":{"@id":"https:\/\/egytourpackages.com\/ro\/tours\/excursie-all-inclusive-snorkeling-la-insula-bianca\/#breadcrumb"},"inLanguage":"ro-RO","potentialAction":[{"@type":"ReadAction","target":["https:\/\/egytourpackages.com\/ro\/tours\/excursie-all-inclusive-snorkeling-la-insula-bianca\/"]}]},{"@type":"ImageObject","inLanguage":"ro-RO","@id":"https:\/\/egytourpackages.com\/ro\/tours\/excursie-all-inclusive-snorkeling-la-insula-bianca\/#primaryimage","url":"https:\/\/egytourpackages.com\/wp-content\/uploads\/2025\/05\/Biance-Island.jpg","contentUrl":"https:\/\/egytourpackages.com\/wp-content\/uploads\/2025\/05\/Biance-Island.jpg","width":1500,"height":898,"caption":"Excursie All-Inclusive Snorkeling la Insula Bianca"},{"@type":"BreadcrumbList","@id":"https:\/\/egytourpackages.com\/ro\/tours\/excursie-all-inclusive-snorkeling-la-insula-bianca\/#breadcrumb","itemListElement":[{"@type":"ListItem","position":1,"name":"Home","item":"https:\/\/egytourpackages.com\/ro\/"},{"@type":"ListItem","position":2,"name":"Shop","item":"https:\/\/egytourpackages.com\/shop\/"},{"@type":"ListItem","position":3,"name":"Excursie All-Inclusive Snorkeling la Insula Bianca"}]},{"@type":"WebSite","@id":"https:\/\/egytourpackages.com\/ro\/#website","url":"https:\/\/egytourpackages.com\/ro\/","name":"Egy tour packages","description":"","publisher":{"@id":"https:\/\/egytourpackages.com\/ro\/#organization"},"potentialAction":[{"@type":"SearchAction","target":{"@type":"EntryPoint","urlTemplate":"https:\/\/egytourpackages.com\/ro\/?s={search_term_string}"},"query-input":{"@type":"PropertyValueSpecification","valueRequired":true,"valueName":"search_term_string"}}],"inLanguage":"ro-RO"},{"@type":["Organization","Place","TravelAgency"],"@id":"https:\/\/egytourpackages.com\/ro\/#organization","name":"egypt tour packages","alternateName":"egypt tour packages","url":"https:\/\/egytourpackages.com\/ro\/","logo":{"@id":"https:\/\/egytourpackages.com\/ro\/tours\/excursie-all-inclusive-snorkeling-la-insula-bianca\/#local-main-organization-logo"},"image":{"@id":"https:\/\/egytourpackages.com\/ro\/tours\/excursie-all-inclusive-snorkeling-la-insula-bianca\/#local-main-organization-logo"},"sameAs":["https:\/\/www.facebook.com\/egytourpackages"],"legalName":"Egy tour packages","address":{"@id":"https:\/\/egytourpackages.com\/ro\/tours\/excursie-all-inclusive-snorkeling-la-insula-bianca\/#local-main-place-address"},"telephone":["00201000852186","00201028685533"],"contactPoint":{"@type":"ContactPoint","telephone":"00201000852186"},"openingHoursSpecification":[{"@type":"OpeningHoursSpecification","dayOfWeek":["Monday","Tuesday","Wednesday","Thursday","Friday","Saturday","Sunday"],"opens":"00:00","closes":"23:59"}],"email":"info@egytourpackages.com","areaServed":"Cairo, Hurghada, Luxor, Sharm El Sheikh, Marsa Alam, Aswan","priceRange":"$","currenciesAccepted":"euro","paymentAccepted":"Payment links online"},{"@type":"PostalAddress","@id":"https:\/\/egytourpackages.com\/ro\/tours\/excursie-all-inclusive-snorkeling-la-insula-bianca\/#local-main-place-address","streetAddress":"Mubarak 8, Al Kawthar District, Hurghada","addressLocality":"Hurghada","postalCode":"84511","addressRegion":"Red Sea","addressCountry":"EG"},{"@type":"ImageObject","inLanguage":"ro-RO","@id":"https:\/\/egytourpackages.com\/ro\/tours\/excursie-all-inclusive-snorkeling-la-insula-bianca\/#local-main-organization-logo","url":"https:\/\/egytourpackages.com\/wp-content\/uploads\/2025\/12\/Turquoise-Dahabiya-Nile-Cruise-1.jpeg","contentUrl":"https:\/\/egytourpackages.com\/wp-content\/uploads\/2025\/12\/Turquoise-Dahabiya-Nile-Cruise-1.jpeg","width":1040,"height":694,"caption":"egypt tour packages"}]},"product_brand":"Excursie de snorkeling \u00een Hurghada","product_price_currency":"EUR","og_availability":"instock","product_availability":"instock","product_retailer_item_id":"HDT15","product_condition":"new","geo.placename":"Hurghada","geo.region":"Egipt"},"_links":{"self":[{"href":"https:\/\/egytourpackages.com\/ro\/wp-json\/wp\/v2\/product\/6608","targetHints":{"allow":["GET"]}}],"collection":[{"href":"https:\/\/egytourpackages.com\/ro\/wp-json\/wp\/v2\/product"}],"about":[{"href":"https:\/\/egytourpackages.com\/ro\/wp-json\/wp\/v2\/types\/product"}],"replies":[{"embeddable":true,"href":"https:\/\/egytourpackages.com\/ro\/wp-json\/wp\/v2\/comments?post=6608"}],"wp:featuredmedia":[{"embeddable":true,"href":"https:\/\/egytourpackages.com\/ro\/wp-json\/wp\/v2\/media\/6609"}],"wp:attachment":[{"href":"https:\/\/egytourpackages.com\/ro\/wp-json\/wp\/v2\/media?parent=6608"}],"wp:term":[{"taxonomy":"product_brand","embeddable":true,"href":"https:\/\/egytourpackages.com\/ro\/wp-json\/wp\/v2\/product_brand?post=6608"},{"taxonomy":"product_cat","embeddable":true,"href":"https:\/\/egytourpackages.com\/ro\/wp-json\/wp\/v2\/product_cat?post=6608"},{"taxonomy":"product_tag","embeddable":true,"href":"https:\/\/egytourpackages.com\/ro\/wp-json\/wp\/v2\/product_tag?post=6608"}],"curies":[{"name":"wp","href":"https:\/\/api.w.org\/{rel}","templated":true}]}}