{"id":6621,"date":"2025-05-25T13:58:33","date_gmt":"2025-05-25T13:58:33","guid":{"rendered":"https:\/\/egytourpackages.com\/product\/transfer-privat-de-lux-de-la-aeroportul-din-hurghada-la-oberoi-sahl-hasheesh\/"},"modified":"2026-01-04T11:13:00","modified_gmt":"2026-01-04T11:13:00","slug":"transfer-privat-de-lux-de-la-aeroportul-din-hurghada-la-oberoi-sahl-hasheesh","status":"publish","type":"product","link":"https:\/\/egytourpackages.com\/ro\/tours\/transfer-privat-de-lux-de-la-aeroportul-din-hurghada-la-oberoi-sahl-hasheesh\/","title":{"rendered":"Transfer privat de lux de la aeroportul din Hurghada la Oberoi Sahl Hasheesh"},"content":{"rendered":"<p><strong><span style=\"color: #ff6600;\">Transfer privat de lux de la aeroportul din Hurghada la Oberoi Sahl Hasheesh<\/span> <\/strong><\/p>\n<p><strong>| Rezervare transfer privat cu ma\u0219in\u0103 de lux | Servicii Mercedes<\/strong><\/p>\n<p><strong>Transferul privat de la aeroportul din Hurghada la Hotelul Oberoi Sahl Hasheesh<\/strong> este cel mai rapid mod de a ajunge de la <strong>aeroportul Hurghada<\/strong> la hotelurile din Sahl Hasheesh. <strong>Egy tour packages<\/strong> ofer\u0103 <strong>transferuri private cu taxiul \u00een Hurghada<\/strong> cu un <strong>vehicul premium Mercedes-Benz<\/strong> pentru un transfer de lux \u0219i lipsit de stres de la aeroport.<\/p>\n<p>Rezerva\u021bi-v\u0103 transferul la <strong>resortul Oberoi Sahl Hasheesh<\/strong> prin WhatsApp, e-mail sau apel telefonic. La rezervarea <strong>transferului cu taxiul de la aeroportul din Hurghada<\/strong>, trebuie doar s\u0103 furniza\u021bi num\u0103rul zborului \u0219i ora sosirii, iar noi ne vom ocupa de restul. De fapt, oper\u0103m 24 de ore din 24 cu un grup de vehicule moderne \u0219i cu aer condi\u021bionat \u0219i v\u0103 prelu\u0103m oric\u00e2nd de la <strong>aeroportul Hurghada<\/strong>. De fapt, acest transfer de la aeroport este perfect pentru cupluri, familii sau c\u0103l\u0103tori singuri care caut\u0103 confort \u0219i comoditate, acest serviciu exclusiv garanteaz\u0103.<\/p>\n<p>\u0218oferul dumneavoastr\u0103 v\u0103 va a\u0219tepta \u00een fa\u021ba s\u0103lii de sosiri cu numele dumneavoastr\u0103 pe o pancart\u0103 pentru a v\u0103 ajuta cu bagajele. \u00cen consecin\u021b\u0103, uita\u021bi de stres \u0219i bucura\u021bi-v\u0103 de transferul pe drum de la aeroportul din Hurghada la hotelul dumneavoastr\u0103 din <strong>Sahl Hasheesh<\/strong>.<\/p>\n<ul>\n<li>Transfer privat de la u\u0219\u0103 la u\u0219\u0103<\/li>\n<li>Vehicul de lux Mercedes<\/li>\n<li>Preluare la timp cu urm\u0103rirea zborului<\/li>\n<li>F\u0103r\u0103 taxe ascunse sau \u00eent\u00e2rzieri<\/li>\n<\/ul>\n<h3><span style=\"color: #ff6600;\">Not\u0103<\/span><\/h3>\n<p>V\u0103 rug\u0103m s\u0103 re\u021bine\u021bi c\u0103 pre\u021bul pentru <strong>transferurile noastre de la aeroportul din Hurghada<\/strong> la Oberoi Sahl Hasheesh este per vehicul \u0219i nu exist\u0103 surprize ascunse. Pentru mai multe informa\u021bii despre transferurile cu taxiul de la aeroportul din Hurghada, v\u0103 rug\u0103m s\u0103 verifica\u021bi sec\u021biunea noastr\u0103 de <strong>transferuri de la aeroport<\/strong>.<\/p>\n<h3><span style=\"color: #ff6600;\">Pre\u021bul transferului de lux de la aeroportul din Hurghada la hotelurile din Soma Bay<\/span><\/h3>\n<ul>\n<li>Per vehicul: 110 \u20ac<\/li>\n<\/ul>\n<h3><span style=\"color: #ff6600;\">Rezervare<\/span><\/h3>\n<p>Pute\u021bi rezerva excursia prin WhatsApp sau ne pute\u021bi trimite un e-mail \u0219i ve\u021bi primi confirmarea pe loc. V\u0103 rug\u0103m s\u0103 ne trimite\u021bi numele hotelului, num\u0103rul camerei \u0219i copiile pa\u0219apoartelor.<\/p>\n<ul>\n<li>WhatsApp: +201000852186<\/li>\n<li>info@egytourpackages.com<\/li>\n<\/ul>\n<h3><span style=\"color: #ff6600;\">Rezerv\u0103 acum &amp; Pl\u0103te\u0219te la fa\u021ba locului<\/span><\/h3>\n<p>Rezerv\u0103-\u021bi transferul preferat \u0219i pl\u0103te\u0219te \u00een ziua c\u0103l\u0103toriei.<\/p>\n<h3><span style=\"color: #ff6600;\">Plat\u0103<\/span><\/h3>\n<p>Pute\u021bi pl\u0103ti \u00een lire egiptene, $, \u20ac sau \u00a3.<\/p>\n<h3><span style=\"color: #ff6600;\">Politica de anulare<\/span><\/h3>\n<ul>\n<li>Anularea este gratuit\u0103 cu p\u00e2n\u0103 la 24 de ore \u00een avans<\/li>\n<li>Anularea \u00een diminea\u021ba zilei respective este taxat\u0103 cu 50% din pre\u021b<\/li>\n<\/ul>\n","protected":false},"excerpt":{"rendered":"<p>O experien\u021b\u0103 de neuitat \u00eencepe cu un Transfer privat de lux de la aeroportul din Hurghada la Oberoi Sahl Hasheesh. C\u0103l\u0103torie elegant\u0103 \u0219i rapid\u0103.<\/p>\n","protected":false},"featured_media":6622,"comment_status":"open","ping_status":"closed","template":"","meta":[],"product_brand":[],"product_cat":[3120],"product_tag":[3203,3351],"class_list":{"0":"post-6621","1":"product","2":"type-product","3":"status-publish","4":"has-post-thumbnail","6":"product_cat-tururi","7":"product_tag-excursii-de-o-zi-in-egipt","8":"product_tag-transfer-de-la-aeroport","9":"tour_category-excursii-de-o-zi-in-egipt-ro","10":"tour_category-transfer-aeroport-ro","12":"first","13":"instock","14":"sale","15":"shipping-taxable","16":"purchasable","17":"product-type-tour","18":"has-default-attributes"},"yoast_head":"<!-- This site is optimized with the Yoast SEO Premium plugin v27.4 (Yoast SEO v27.4) - https:\/\/yoast.com\/product\/yoast-seo-premium-wordpress\/ -->\n<title>Transfer privat de lux de la aeroportul din Hurghada la Oberoi Sahl Hasheesh<\/title>\n<meta name=\"description\" content=\"O experien\u021b\u0103 de neuitat \u00eencepe cu un Transfer privat de lux de la aeroportul din Hurghada la Oberoi Sahl Hasheesh. C\u0103l\u0103torie elegant\u0103 \u0219i rapid\u0103.\" \/>\n<meta name=\"robots\" content=\"index, follow, max-snippet:-1, max-image-preview:large, max-video-preview:-1\" \/>\n<link rel=\"canonical\" href=\"https:\/\/egytourpackages.com\/ro\/tours\/transfer-privat-de-lux-de-la-aeroportul-din-hurghada-la-oberoi-sahl-hasheesh\/\" \/>\n<meta property=\"og:locale\" content=\"ro_RO\" \/>\n<meta property=\"og:type\" content=\"article\" \/>\n<meta property=\"og:title\" content=\"Transfer privat de lux de la aeroportul din Hurghada la Oberoi Sahl Hasheesh\" \/>\n<meta property=\"og:description\" content=\"O experien\u021b\u0103 de neuitat \u00eencepe cu un Transfer privat de lux de la aeroportul din Hurghada la Oberoi Sahl Hasheesh. C\u0103l\u0103torie elegant\u0103 \u0219i rapid\u0103.\" \/>\n<meta property=\"og:url\" content=\"https:\/\/egytourpackages.com\/ro\/tours\/transfer-privat-de-lux-de-la-aeroportul-din-hurghada-la-oberoi-sahl-hasheesh\/\" \/>\n<meta property=\"og:site_name\" content=\"Egypt Tour Packages\" \/>\n<meta property=\"article:publisher\" content=\"https:\/\/www.facebook.com\/egytourpackages\" \/>\n<meta property=\"article:modified_time\" content=\"2026-01-04T11:13:00+00:00\" \/>\n<meta property=\"og:image\" content=\"https:\/\/egytourpackages.com\/wp-content\/uploads\/2025\/05\/AIRPORT-TRANSFERS-1024x768.jpg\" \/>\n<meta name=\"twitter:card\" content=\"summary_large_image\" \/>\n<meta name=\"twitter:title\" content=\"Transfer privat de lux de la aeroportul din Hurghada la Oberoi Sahl Hasheesh\" \/>\n<meta name=\"twitter:label1\" content=\"Pre\u021b\" \/>\n\t<meta name=\"twitter:data1\" content=\"&euro;0\" \/>\n\t<meta name=\"twitter:label2\" content=\"Disponibilitate\" \/>\n\t<meta name=\"twitter:data2\" content=\"\u00cen stoc\" \/>\n<script type=\"application\/ld+json\" class=\"yoast-schema-graph\">{\"@context\":\"https:\\\/\\\/schema.org\",\"@graph\":[{\"@type\":\"WebPage\",\"@id\":\"https:\\\/\\\/egytourpackages.com\\\/ro\\\/tours\\\/transfer-privat-de-lux-de-la-aeroportul-din-hurghada-la-oberoi-sahl-hasheesh\\\/\",\"url\":\"https:\\\/\\\/egytourpackages.com\\\/ro\\\/tours\\\/transfer-privat-de-lux-de-la-aeroportul-din-hurghada-la-oberoi-sahl-hasheesh\\\/\",\"name\":\"Transfer privat de lux de la aeroportul din Hurghada la Oberoi Sahl Hasheesh\",\"isPartOf\":{\"@id\":\"https:\\\/\\\/egytourpackages.com\\\/ro\\\/#website\"},\"primaryImageOfPage\":{\"@id\":\"https:\\\/\\\/egytourpackages.com\\\/ro\\\/tours\\\/transfer-privat-de-lux-de-la-aeroportul-din-hurghada-la-oberoi-sahl-hasheesh\\\/#primaryimage\"},\"image\":{\"@id\":\"https:\\\/\\\/egytourpackages.com\\\/ro\\\/tours\\\/transfer-privat-de-lux-de-la-aeroportul-din-hurghada-la-oberoi-sahl-hasheesh\\\/#primaryimage\"},\"thumbnailUrl\":\"https:\\\/\\\/egytourpackages.com\\\/wp-content\\\/uploads\\\/2025\\\/05\\\/AIRPORT-TRANSFERS.jpg\",\"datePublished\":\"2025-05-25T13:58:33+00:00\",\"dateModified\":\"2026-01-04T11:13:00+00:00\",\"description\":\"O experien\u021b\u0103 de neuitat \u00eencepe cu un Transfer privat de lux de la aeroportul din Hurghada la Oberoi Sahl Hasheesh. C\u0103l\u0103torie elegant\u0103 \u0219i rapid\u0103.\",\"breadcrumb\":{\"@id\":\"https:\\\/\\\/egytourpackages.com\\\/ro\\\/tours\\\/transfer-privat-de-lux-de-la-aeroportul-din-hurghada-la-oberoi-sahl-hasheesh\\\/#breadcrumb\"},\"inLanguage\":\"ro-RO\",\"potentialAction\":[{\"@type\":\"ReadAction\",\"target\":[\"https:\\\/\\\/egytourpackages.com\\\/ro\\\/tours\\\/transfer-privat-de-lux-de-la-aeroportul-din-hurghada-la-oberoi-sahl-hasheesh\\\/\"]}]},{\"@type\":\"ImageObject\",\"inLanguage\":\"ro-RO\",\"@id\":\"https:\\\/\\\/egytourpackages.com\\\/ro\\\/tours\\\/transfer-privat-de-lux-de-la-aeroportul-din-hurghada-la-oberoi-sahl-hasheesh\\\/#primaryimage\",\"url\":\"https:\\\/\\\/egytourpackages.com\\\/wp-content\\\/uploads\\\/2025\\\/05\\\/AIRPORT-TRANSFERS.jpg\",\"contentUrl\":\"https:\\\/\\\/egytourpackages.com\\\/wp-content\\\/uploads\\\/2025\\\/05\\\/AIRPORT-TRANSFERS.jpg\",\"width\":2000,\"height\":1500,\"caption\":\"Transfer privat de lux de la aeroportul din Hurghada la Oberoi Sahl Hasheesh\"},{\"@type\":\"BreadcrumbList\",\"@id\":\"https:\\\/\\\/egytourpackages.com\\\/ro\\\/tours\\\/transfer-privat-de-lux-de-la-aeroportul-din-hurghada-la-oberoi-sahl-hasheesh\\\/#breadcrumb\",\"itemListElement\":[{\"@type\":\"ListItem\",\"position\":1,\"name\":\"Home\",\"item\":\"https:\\\/\\\/egytourpackages.com\\\/ro\\\/\"},{\"@type\":\"ListItem\",\"position\":2,\"name\":\"Shop\",\"item\":\"https:\\\/\\\/egytourpackages.com\\\/shop\\\/\"},{\"@type\":\"ListItem\",\"position\":3,\"name\":\"Transfer privat de lux de la aeroportul din Hurghada la Oberoi Sahl Hasheesh\"}]},{\"@type\":\"WebSite\",\"@id\":\"https:\\\/\\\/egytourpackages.com\\\/ro\\\/#website\",\"url\":\"https:\\\/\\\/egytourpackages.com\\\/ro\\\/\",\"name\":\"Egy tour packages\",\"description\":\"\",\"publisher\":{\"@id\":\"https:\\\/\\\/egytourpackages.com\\\/ro\\\/#organization\"},\"potentialAction\":[{\"@type\":\"SearchAction\",\"target\":{\"@type\":\"EntryPoint\",\"urlTemplate\":\"https:\\\/\\\/egytourpackages.com\\\/ro\\\/?s={search_term_string}\"},\"query-input\":{\"@type\":\"PropertyValueSpecification\",\"valueRequired\":true,\"valueName\":\"search_term_string\"}}],\"inLanguage\":\"ro-RO\"},{\"@type\":[\"Organization\",\"Place\",\"TravelAgency\"],\"@id\":\"https:\\\/\\\/egytourpackages.com\\\/ro\\\/#organization\",\"name\":\"egypt tour packages\",\"alternateName\":\"egypt tour packages\",\"url\":\"https:\\\/\\\/egytourpackages.com\\\/ro\\\/\",\"logo\":{\"@id\":\"https:\\\/\\\/egytourpackages.com\\\/ro\\\/tours\\\/transfer-privat-de-lux-de-la-aeroportul-din-hurghada-la-oberoi-sahl-hasheesh\\\/#local-main-organization-logo\"},\"image\":{\"@id\":\"https:\\\/\\\/egytourpackages.com\\\/ro\\\/tours\\\/transfer-privat-de-lux-de-la-aeroportul-din-hurghada-la-oberoi-sahl-hasheesh\\\/#local-main-organization-logo\"},\"sameAs\":[\"https:\\\/\\\/www.facebook.com\\\/egytourpackages\"],\"legalName\":\"Egy tour packages\",\"address\":{\"@id\":\"https:\\\/\\\/egytourpackages.com\\\/ro\\\/tours\\\/transfer-privat-de-lux-de-la-aeroportul-din-hurghada-la-oberoi-sahl-hasheesh\\\/#local-main-place-address\"},\"telephone\":[\"00201000852186\",\"00201028685533\"],\"contactPoint\":{\"@type\":\"ContactPoint\",\"telephone\":\"00201000852186\"},\"openingHoursSpecification\":[{\"@type\":\"OpeningHoursSpecification\",\"dayOfWeek\":[\"Monday\",\"Tuesday\",\"Wednesday\",\"Thursday\",\"Friday\",\"Saturday\",\"Sunday\"],\"opens\":\"00:00\",\"closes\":\"23:59\"}],\"email\":\"info@egytourpackages.com\",\"areaServed\":\"Cairo, Hurghada, Luxor, Sharm El Sheikh, Marsa Alam, Aswan\",\"priceRange\":\"$\",\"currenciesAccepted\":\"euro\",\"paymentAccepted\":\"Payment links online\"},{\"@type\":\"PostalAddress\",\"@id\":\"https:\\\/\\\/egytourpackages.com\\\/ro\\\/tours\\\/transfer-privat-de-lux-de-la-aeroportul-din-hurghada-la-oberoi-sahl-hasheesh\\\/#local-main-place-address\",\"streetAddress\":\"Mubarak 8, Al Kawthar District, Hurghada\",\"addressLocality\":\"Hurghada\",\"postalCode\":\"84511\",\"addressRegion\":\"Red Sea\",\"addressCountry\":\"EG\"},{\"@type\":\"ImageObject\",\"inLanguage\":\"ro-RO\",\"@id\":\"https:\\\/\\\/egytourpackages.com\\\/ro\\\/tours\\\/transfer-privat-de-lux-de-la-aeroportul-din-hurghada-la-oberoi-sahl-hasheesh\\\/#local-main-organization-logo\",\"url\":\"https:\\\/\\\/egytourpackages.com\\\/wp-content\\\/uploads\\\/2025\\\/12\\\/Turquoise-Dahabiya-Nile-Cruise-1.jpeg\",\"contentUrl\":\"https:\\\/\\\/egytourpackages.com\\\/wp-content\\\/uploads\\\/2025\\\/12\\\/Turquoise-Dahabiya-Nile-Cruise-1.jpeg\",\"width\":1040,\"height\":694,\"caption\":\"egypt tour packages\"}]}<\/script>\n<meta property=\"product:brand\" content=\"Excursii de o zi \u00een Egipt\" \/>\n<meta property=\"product:price:amount\" content=\"0\" \/>\n<meta property=\"product:price:currency\" content=\"EUR\" \/>\n<meta property=\"og:availability\" content=\"instock\" \/>\n<meta property=\"product:availability\" content=\"instock\" \/>\n<meta property=\"product:retailer_item_id\" content=\"AT 03\" \/>\n<meta property=\"product:condition\" content=\"new\" \/>\n<meta name=\"geo.placename\" content=\"Hurghada\" \/>\n<meta name=\"geo.region\" content=\"Egipt\" \/>\n<!-- \/ Yoast SEO Premium plugin. -->","yoast_head_json":{"title":"Transfer privat de lux de la aeroportul din Hurghada la Oberoi Sahl Hasheesh","description":"O experien\u021b\u0103 de neuitat \u00eencepe cu un Transfer privat de lux de la aeroportul din Hurghada la Oberoi Sahl Hasheesh. C\u0103l\u0103torie elegant\u0103 \u0219i rapid\u0103.","robots":{"index":"index","follow":"follow","max-snippet":"max-snippet:-1","max-image-preview":"max-image-preview:large","max-video-preview":"max-video-preview:-1"},"canonical":"https:\/\/egytourpackages.com\/ro\/tours\/transfer-privat-de-lux-de-la-aeroportul-din-hurghada-la-oberoi-sahl-hasheesh\/","og_locale":"ro_RO","og_type":"article","og_title":"Transfer privat de lux de la aeroportul din Hurghada la Oberoi Sahl Hasheesh","og_description":"O experien\u021b\u0103 de neuitat \u00eencepe cu un Transfer privat de lux de la aeroportul din Hurghada la Oberoi Sahl Hasheesh. C\u0103l\u0103torie elegant\u0103 \u0219i rapid\u0103.","og_url":"https:\/\/egytourpackages.com\/ro\/tours\/transfer-privat-de-lux-de-la-aeroportul-din-hurghada-la-oberoi-sahl-hasheesh\/","og_site_name":"Egypt Tour Packages","article_publisher":"https:\/\/www.facebook.com\/egytourpackages","article_modified_time":"2026-01-04T11:13:00+00:00","og_image":[{"url":"https:\/\/egytourpackages.com\/wp-content\/uploads\/2025\/05\/AIRPORT-TRANSFERS-1024x768.jpg","type":"","width":"","height":""}],"twitter_card":"summary_large_image","twitter_title":"Transfer privat de lux de la aeroportul din Hurghada la Oberoi Sahl Hasheesh","twitter_misc":{"Pre\u021b":"&euro;0","Disponibilitate":"\u00cen stoc"},"schema":{"@context":"https:\/\/schema.org","@graph":[{"@type":"WebPage","@id":"https:\/\/egytourpackages.com\/ro\/tours\/transfer-privat-de-lux-de-la-aeroportul-din-hurghada-la-oberoi-sahl-hasheesh\/","url":"https:\/\/egytourpackages.com\/ro\/tours\/transfer-privat-de-lux-de-la-aeroportul-din-hurghada-la-oberoi-sahl-hasheesh\/","name":"Transfer privat de lux de la aeroportul din Hurghada la Oberoi Sahl Hasheesh","isPartOf":{"@id":"https:\/\/egytourpackages.com\/ro\/#website"},"primaryImageOfPage":{"@id":"https:\/\/egytourpackages.com\/ro\/tours\/transfer-privat-de-lux-de-la-aeroportul-din-hurghada-la-oberoi-sahl-hasheesh\/#primaryimage"},"image":{"@id":"https:\/\/egytourpackages.com\/ro\/tours\/transfer-privat-de-lux-de-la-aeroportul-din-hurghada-la-oberoi-sahl-hasheesh\/#primaryimage"},"thumbnailUrl":"https:\/\/egytourpackages.com\/wp-content\/uploads\/2025\/05\/AIRPORT-TRANSFERS.jpg","datePublished":"2025-05-25T13:58:33+00:00","dateModified":"2026-01-04T11:13:00+00:00","description":"O experien\u021b\u0103 de neuitat \u00eencepe cu un Transfer privat de lux de la aeroportul din Hurghada la Oberoi Sahl Hasheesh. C\u0103l\u0103torie elegant\u0103 \u0219i rapid\u0103.","breadcrumb":{"@id":"https:\/\/egytourpackages.com\/ro\/tours\/transfer-privat-de-lux-de-la-aeroportul-din-hurghada-la-oberoi-sahl-hasheesh\/#breadcrumb"},"inLanguage":"ro-RO","potentialAction":[{"@type":"ReadAction","target":["https:\/\/egytourpackages.com\/ro\/tours\/transfer-privat-de-lux-de-la-aeroportul-din-hurghada-la-oberoi-sahl-hasheesh\/"]}]},{"@type":"ImageObject","inLanguage":"ro-RO","@id":"https:\/\/egytourpackages.com\/ro\/tours\/transfer-privat-de-lux-de-la-aeroportul-din-hurghada-la-oberoi-sahl-hasheesh\/#primaryimage","url":"https:\/\/egytourpackages.com\/wp-content\/uploads\/2025\/05\/AIRPORT-TRANSFERS.jpg","contentUrl":"https:\/\/egytourpackages.com\/wp-content\/uploads\/2025\/05\/AIRPORT-TRANSFERS.jpg","width":2000,"height":1500,"caption":"Transfer privat de lux de la aeroportul din Hurghada la Oberoi Sahl Hasheesh"},{"@type":"BreadcrumbList","@id":"https:\/\/egytourpackages.com\/ro\/tours\/transfer-privat-de-lux-de-la-aeroportul-din-hurghada-la-oberoi-sahl-hasheesh\/#breadcrumb","itemListElement":[{"@type":"ListItem","position":1,"name":"Home","item":"https:\/\/egytourpackages.com\/ro\/"},{"@type":"ListItem","position":2,"name":"Shop","item":"https:\/\/egytourpackages.com\/shop\/"},{"@type":"ListItem","position":3,"name":"Transfer privat de lux de la aeroportul din Hurghada la Oberoi Sahl Hasheesh"}]},{"@type":"WebSite","@id":"https:\/\/egytourpackages.com\/ro\/#website","url":"https:\/\/egytourpackages.com\/ro\/","name":"Egy tour packages","description":"","publisher":{"@id":"https:\/\/egytourpackages.com\/ro\/#organization"},"potentialAction":[{"@type":"SearchAction","target":{"@type":"EntryPoint","urlTemplate":"https:\/\/egytourpackages.com\/ro\/?s={search_term_string}"},"query-input":{"@type":"PropertyValueSpecification","valueRequired":true,"valueName":"search_term_string"}}],"inLanguage":"ro-RO"},{"@type":["Organization","Place","TravelAgency"],"@id":"https:\/\/egytourpackages.com\/ro\/#organization","name":"egypt tour packages","alternateName":"egypt tour packages","url":"https:\/\/egytourpackages.com\/ro\/","logo":{"@id":"https:\/\/egytourpackages.com\/ro\/tours\/transfer-privat-de-lux-de-la-aeroportul-din-hurghada-la-oberoi-sahl-hasheesh\/#local-main-organization-logo"},"image":{"@id":"https:\/\/egytourpackages.com\/ro\/tours\/transfer-privat-de-lux-de-la-aeroportul-din-hurghada-la-oberoi-sahl-hasheesh\/#local-main-organization-logo"},"sameAs":["https:\/\/www.facebook.com\/egytourpackages"],"legalName":"Egy tour packages","address":{"@id":"https:\/\/egytourpackages.com\/ro\/tours\/transfer-privat-de-lux-de-la-aeroportul-din-hurghada-la-oberoi-sahl-hasheesh\/#local-main-place-address"},"telephone":["00201000852186","00201028685533"],"contactPoint":{"@type":"ContactPoint","telephone":"00201000852186"},"openingHoursSpecification":[{"@type":"OpeningHoursSpecification","dayOfWeek":["Monday","Tuesday","Wednesday","Thursday","Friday","Saturday","Sunday"],"opens":"00:00","closes":"23:59"}],"email":"info@egytourpackages.com","areaServed":"Cairo, Hurghada, Luxor, Sharm El Sheikh, Marsa Alam, Aswan","priceRange":"$","currenciesAccepted":"euro","paymentAccepted":"Payment links online"},{"@type":"PostalAddress","@id":"https:\/\/egytourpackages.com\/ro\/tours\/transfer-privat-de-lux-de-la-aeroportul-din-hurghada-la-oberoi-sahl-hasheesh\/#local-main-place-address","streetAddress":"Mubarak 8, Al Kawthar District, Hurghada","addressLocality":"Hurghada","postalCode":"84511","addressRegion":"Red Sea","addressCountry":"EG"},{"@type":"ImageObject","inLanguage":"ro-RO","@id":"https:\/\/egytourpackages.com\/ro\/tours\/transfer-privat-de-lux-de-la-aeroportul-din-hurghada-la-oberoi-sahl-hasheesh\/#local-main-organization-logo","url":"https:\/\/egytourpackages.com\/wp-content\/uploads\/2025\/12\/Turquoise-Dahabiya-Nile-Cruise-1.jpeg","contentUrl":"https:\/\/egytourpackages.com\/wp-content\/uploads\/2025\/12\/Turquoise-Dahabiya-Nile-Cruise-1.jpeg","width":1040,"height":694,"caption":"egypt tour packages"}]},"product_brand":"Excursii de o zi \u00een Egipt","product_price_currency":"EUR","og_availability":"instock","product_availability":"instock","product_retailer_item_id":"AT 03","product_condition":"new","geo.placename":"Hurghada","geo.region":"Egipt"},"_links":{"self":[{"href":"https:\/\/egytourpackages.com\/ro\/wp-json\/wp\/v2\/product\/6621","targetHints":{"allow":["GET"]}}],"collection":[{"href":"https:\/\/egytourpackages.com\/ro\/wp-json\/wp\/v2\/product"}],"about":[{"href":"https:\/\/egytourpackages.com\/ro\/wp-json\/wp\/v2\/types\/product"}],"replies":[{"embeddable":true,"href":"https:\/\/egytourpackages.com\/ro\/wp-json\/wp\/v2\/comments?post=6621"}],"wp:featuredmedia":[{"embeddable":true,"href":"https:\/\/egytourpackages.com\/ro\/wp-json\/wp\/v2\/media\/6622"}],"wp:attachment":[{"href":"https:\/\/egytourpackages.com\/ro\/wp-json\/wp\/v2\/media?parent=6621"}],"wp:term":[{"taxonomy":"product_brand","embeddable":true,"href":"https:\/\/egytourpackages.com\/ro\/wp-json\/wp\/v2\/product_brand?post=6621"},{"taxonomy":"product_cat","embeddable":true,"href":"https:\/\/egytourpackages.com\/ro\/wp-json\/wp\/v2\/product_cat?post=6621"},{"taxonomy":"product_tag","embeddable":true,"href":"https:\/\/egytourpackages.com\/ro\/wp-json\/wp\/v2\/product_tag?post=6621"}],"curies":[{"name":"wp","href":"https:\/\/api.w.org\/{rel}","templated":true}]}}