{"id":6625,"date":"2025-05-24T22:03:54","date_gmt":"2025-05-24T22:03:54","guid":{"rendered":"https:\/\/egytourpackages.com\/product\/excursie-safari-de-dimineata-in-desert-makadi-bay\/"},"modified":"2026-01-28T21:10:09","modified_gmt":"2026-01-28T21:10:09","slug":"excursie-safari-de-dimineata-in-desert-makadi-bay","status":"publish","type":"product","link":"https:\/\/egytourpackages.com\/ro\/tours\/excursie-safari-de-dimineata-in-desert-makadi-bay\/","title":{"rendered":"Excursie Safari de Diminea\u021b\u0103 \u00een De\u0219ert Makadi Bay"},"content":{"rendered":"<p><span style=\"color: #ff6600;\"><strong>Excursie Safari de Diminea\u021b\u0103 \u00een De\u0219ert Makadi Bay | Safari De\u0219ert Ieftin Hurghada<\/strong><\/span><\/p>\n<p><strong>Excursie Safari de Diminea\u021b\u0103 \u00een De\u0219ert Makadi Bay | Rezerv\u0103ri Excursii Safari Ieftine De\u0219ert Egipt cu Excursii Hurghada, Plimbare cu C\u0103mila, Satul Bedouin<\/strong><\/p>\n<p>Safari-ul de diminea\u021b\u0103 cu ATV-uri \u00een de\u0219ert din Hurghada este mai mult dec\u00e2t o simpl\u0103 plimbare. Este o experien\u021b\u0103 care combin\u0103 aventura la volan, natura \u0219i cultura \u00eentr-un singur pachet plin de adrenalin\u0103.<\/p>\n<p>Rezerv\u0103ri la pre\u021buri mici pentru <strong>excursii Makadi Bay<\/strong> de 3 ore, safari de diminea\u021b\u0103 \u00een de\u0219ert din toate hotelurile din Makadi Bay.<\/p>\n<p>Descoperi\u021bi cele mai bune <strong>lucruri de f\u0103cut \u00een Hurghada<\/strong> cu aventura off-road cu ATV-ul din Makadi Bay. F\u0103r\u0103 \u00eendoial\u0103, <strong>safari-ul cu ATV-ul Makadi Bay de diminea\u021b\u0103<\/strong> ofer\u0103 activit\u0103\u021bi \u00een aer liber pentru toat\u0103 lumea. Aceast\u0103 experien\u021b\u0103 off-road ghidat\u0103 v\u0103 duce ad\u00e2nc \u00een inima De\u0219ertului de Est, unde v\u0103 a\u0219teapt\u0103 dune aurii \u0219i cultura beduin\u0103 antic\u0103. Urca\u021bi-v\u0103 pe puternicul dumneavoastr\u0103 <strong>ATV Makadi Bay<\/strong> \u0219i naviga\u021bi prin dunele aurii, sim\u021bind euforia plimb\u0103rii \u00een timp ce soarele de diminea\u021b\u0103 arunc\u0103 o str\u0103lucire magic\u0103 peste vasta \u00eentindere.<\/p>\n<p>Asigura\u021bi-v\u0103 locul pentru cea mai bun\u0103 experien\u021b\u0103 de <strong>safari cu quad Makadi Bay de diminea\u021b\u0103<\/strong> \u0219i crea\u021bi amintiri de neuitat, mai ales atunci c\u00e2nd vizita\u021bi un sat beduin, savura\u021bi ceai tradi\u021bional, merge\u021bi cu c\u0103mila \u0219i ad\u0103uga\u021bi o not\u0103 cultural\u0103 excursiei dumneavoastr\u0103 palpitante.<\/p>\n<h3><span style=\"color: #ff6600;\">Detalii<\/span><\/h3>\n<ul>\n<li>Durata: 4 ore<\/li>\n<li>Loca\u021bia turului: De\u0219ertul de Est Hurghada<\/li>\n<li>Disponibilitate: zilnic<\/li>\n<li>Preluare \u0219i Predare: Toate hotelurile din Makadi Bay<\/li>\n<li>Tipul turului: Grup \/ Privat<\/li>\n<li><strong>Limba: Rom\u00e2n\u0103<\/strong><\/li>\n<li>Scaun cu rotile: Accesibil<\/li>\n<\/ul>\n<h3><span style=\"color: #ff6600;\">Repere<\/span><\/h3>\n<ul>\n<li>Plimbare cu ATV-ul pe o distan\u021b\u0103 de aproximativ 35 km<\/li>\n<li>Plimbare cu c\u0103mila<\/li>\n<li>Explorarea stilului de via\u021b\u0103 beduin<\/li>\n<\/ul>\n<h3><span style=\"color: #ff6600;\">Inclus<\/span><\/h3>\n<ul>\n<li>Preluare \u0219i predare de la hotelurile din Hurghada<\/li>\n<li><strong>Ghid profesionist \u00een de\u0219ert vorbitor de limba rom\u00e2n\u0103<\/strong><\/li>\n<li>Plimbare cu c\u0103mila \u00een de\u0219ert<\/li>\n<li>Turul Satului Bedouin cu ceai beduin<\/li>\n<li>Test drive \u00eenainte de \u00eenceperea turului<\/li>\n<li>ATV single (Beach Buggy)<\/li>\n<li>Toate taxele de servicii \u0219i impozitele sunt incluse \u00een pre\u021b<\/li>\n<\/ul>\n<h3><span style=\"color: #ff6600;\">Exclus<\/span><\/h3>\n<ul>\n<li>DVD \u0219i fotografii realizate de cameraman<\/li>\n<li>Bac\u0219i\u0219<\/li>\n<li>Preluare \u0219i predare de la Makadi Bay, Sahl Hasheesh, El Gouna, Soma Bay, Safaga<\/li>\n<\/ul>\n<h3><span style=\"color: #ff6600;\">Ce s\u0103 lua\u021bi cu dumneavoastr\u0103<\/span><\/h3>\n<ul>\n<li>Copie a pa\u0219aportului<\/li>\n<li>P\u0103l\u0103rie, ochelari de soare \u0219i crem\u0103 de protec\u021bie solar\u0103<\/li>\n<li>\u00cenc\u0103l\u021b\u0103minte \u0219i haine confortabile<\/li>\n<\/ul>\n<h3><span style=\"color: #ff6600;\">V\u0103 rug\u0103m s\u0103 re\u021bine\u021bi<\/span><\/h3>\n<ul>\n<li>Este permis s\u0103 conduce\u021bi ATV-uri de la v\u00e2rsta de 16 ani<\/li>\n<li>Toate excursiile noastre sunt complet asigurate<\/li>\n<li>E\u0219arfe (5 euro)<\/li>\n<li>Ochelari de protec\u021bie de \u00eenchiriat (2-euro pe bucat\u0103)<\/li>\n<\/ul>\n<h3><span style=\"color: #ff6600;\">Itinerariu<\/span><\/h3>\n<p>Dup\u0103 preluarea de la hotel, ve\u021bi ajunge la sta\u021biile de ATV-uri, unde un ghid experimentat v\u0103 va oferi un briefing de siguran\u021b\u0103 \u0219i v\u0103 va \u00eenv\u0103\u021ba cum s\u0103 manevra\u021bi ATV-urile. De fapt, unul dintre punctele culminante ale turului este o vizit\u0103 la o tab\u0103r\u0103 tradi\u021bional\u0103 <strong>beduin\u0103<\/strong>, unde pute\u021bi lua o pauz\u0103, v\u0103 pute\u021bi bucura de o plimbare cu c\u0103mila, de ceai local \u0219i pute\u021bi \u00eenv\u0103\u021ba despre tradi\u021biile beduine. <strong>Egy tour packages<\/strong> ofer\u0103 acest safari de diminea\u021b\u0103 \u00een de\u0219ert Makadi Bay zilnic pentru rideri singuri sau dubli, diminea\u021ba.<\/p>\n<p>Dac\u0103 sunte\u021bi \u00een c\u0103utarea celor mai bune <strong>excursii Safari pentru C\u0103l\u0103tori Singuri, cupluri, familii<\/strong> cu un <strong>grup<\/strong> la un <strong>pre\u021b ieftin<\/strong> pentru a avea o <strong>aventur\u0103 unic\u0103<\/strong> \u00een de\u0219ertul M\u0103rii Ro\u0219ii, rezerva\u021bi acum cu noi \u0219i ob\u021bine\u021bi <strong>Momente de Neuitat<\/strong>.<\/p>\n<h3><span style=\"color: #ff6600;\">Pre\u021b Safari de Diminea\u021b\u0103 \u00een De\u0219ert Makadi Bay<\/span><\/h3>\n<p>Pre\u021b Adult = 30 \u20ac<\/p>\n<p>Copii 0-5 ani = gratuit<\/p>\n<p>Copii 5-11 ani = 50% din pre\u021bul adultului<\/p>\n<h3><span style=\"color: #ff6600;\">Rezervare<\/span><\/h3>\n<p>Pute\u021bi rezerva turul dumneavoastr\u0103 prin WhatsApp sau ne pute\u021bi trimite un e-mail \u0219i ve\u021bi primi confirmarea pe loc. V\u0103 rug\u0103m, trimite\u021bi-ne numele hotelului, num\u0103rul camerei, copiile pa\u0219apoartelor<\/p>\n<p>WhatsApp: +201000852186<\/p>\n<p>info@egytourpackages.com<\/p>\n<h3><span style=\"color: #ff6600;\">Rezerva\u021bi Acum \u0219i Pl\u0103ti\u021bi la fa\u021ba locului<\/span><\/h3>\n<p>Rezerva\u021bi turul dumneavoastr\u0103 preferat \u0219i pl\u0103ti\u021bi \u00een ziua excursiei<\/p>\n<h3><span style=\"color: #ff6600;\">Plat\u0103<\/span><\/h3>\n<p>Pute\u021bi pl\u0103ti \u00een lire egiptene, $, \u20ac sau \u00a3.<\/p>\n<h3><span style=\"color: #ff6600;\">Politica de Anulare<\/span><\/h3>\n<p>Anularea este gratuit\u0103 cu p\u00e2n\u0103 la 24 de ore \u00een avans Anularea \u00een diminea\u021ba zilei respective este 50% din pre\u021b<\/p>\n","protected":false},"excerpt":{"rendered":"<p>O zi plin\u0103 de adrenalin\u0103 te a\u0219teapt\u0103! Excursie Safari de Diminea\u021b\u0103 \u00een De\u0219ert Makadi Bay. Aventureaz\u0103-te cu ATV-ul, exploreaz\u0103 satul beduin.<\/p>\n","protected":false},"featured_media":6630,"comment_status":"open","ping_status":"closed","template":"","meta":[],"product_brand":[],"product_cat":[3120],"product_tag":[3203,3201,3343],"class_list":{"0":"post-6625","1":"product","2":"type-product","3":"status-publish","4":"has-post-thumbnail","6":"product_cat-tururi","7":"product_tag-excursii-de-o-zi-in-egipt","8":"product_tag-excursii-in-hurghada","9":"product_tag-excursii-in-makadi-bay","10":"tour_category-excursii-de-o-zi-in-egipt-ro","11":"tour_category-excursii-makadi-bay-ro","12":"tour_category-safari-in-desertul-hurghada","14":"first","15":"instock","16":"sale","17":"shipping-taxable","18":"purchasable","19":"product-type-tour","20":"has-default-attributes"},"yoast_head":"<!-- This site is optimized with the Yoast SEO Premium plugin v27.4 (Yoast SEO v27.4) - https:\/\/yoast.com\/product\/yoast-seo-premium-wordpress\/ -->\n<title>Excursie Safari de Diminea\u021b\u0103 \u00een De\u0219ert Makadi Bay<\/title>\n<meta name=\"description\" content=\"O zi plin\u0103 de adrenalin\u0103 te a\u0219teapt\u0103! Excursie Safari de Diminea\u021b\u0103 \u00een De\u0219ert Makadi Bay. Aventureaz\u0103-te cu ATV-ul, exploreaz\u0103 satul beduin.\" \/>\n<meta name=\"robots\" content=\"index, follow, max-snippet:-1, max-image-preview:large, max-video-preview:-1\" \/>\n<link rel=\"canonical\" href=\"https:\/\/egytourpackages.com\/ro\/tours\/excursie-safari-de-dimineata-in-desert-makadi-bay\/\" \/>\n<meta property=\"og:locale\" content=\"ro_RO\" \/>\n<meta property=\"og:type\" content=\"article\" \/>\n<meta property=\"og:title\" content=\"Excursie Safari de Diminea\u021b\u0103 \u00een De\u0219ert Makadi Bay\" \/>\n<meta property=\"og:description\" content=\"O zi plin\u0103 de adrenalin\u0103 te a\u0219teapt\u0103! Excursie Safari de Diminea\u021b\u0103 \u00een De\u0219ert Makadi Bay. Aventureaz\u0103-te cu ATV-ul, exploreaz\u0103 satul beduin.\" \/>\n<meta property=\"og:url\" content=\"https:\/\/egytourpackages.com\/ro\/tours\/excursie-safari-de-dimineata-in-desert-makadi-bay\/\" \/>\n<meta property=\"og:site_name\" content=\"Egypt Tour Packages\" \/>\n<meta property=\"article:publisher\" content=\"https:\/\/www.facebook.com\/egytourpackages\" \/>\n<meta property=\"article:modified_time\" content=\"2026-01-28T21:10:09+00:00\" \/>\n<meta property=\"og:image\" content=\"https:\/\/egytourpackages.com\/wp-content\/uploads\/2025\/03\/Camel-ride-Hurghada-safari-1024x682.jpeg\" \/>\n<meta name=\"twitter:card\" content=\"summary_large_image\" \/>\n<meta name=\"twitter:title\" content=\"Excursie Safari de Diminea\u021b\u0103 \u00een De\u0219ert Makadi Bay\" \/>\n<meta name=\"twitter:label1\" content=\"Pre\u021b\" \/>\n\t<meta name=\"twitter:data1\" content=\"&euro;20\" \/>\n\t<meta name=\"twitter:label2\" content=\"Disponibilitate\" \/>\n\t<meta name=\"twitter:data2\" content=\"\u00cen stoc\" \/>\n<script type=\"application\/ld+json\" class=\"yoast-schema-graph\">{\"@context\":\"https:\\\/\\\/schema.org\",\"@graph\":[{\"@type\":\"WebPage\",\"@id\":\"https:\\\/\\\/egytourpackages.com\\\/ro\\\/tours\\\/excursie-safari-de-dimineata-in-desert-makadi-bay\\\/\",\"url\":\"https:\\\/\\\/egytourpackages.com\\\/ro\\\/tours\\\/excursie-safari-de-dimineata-in-desert-makadi-bay\\\/\",\"name\":\"Excursie Safari de Diminea\u021b\u0103 \u00een De\u0219ert Makadi Bay\",\"isPartOf\":{\"@id\":\"https:\\\/\\\/egytourpackages.com\\\/ro\\\/#website\"},\"primaryImageOfPage\":{\"@id\":\"https:\\\/\\\/egytourpackages.com\\\/ro\\\/tours\\\/excursie-safari-de-dimineata-in-desert-makadi-bay\\\/#primaryimage\"},\"image\":{\"@id\":\"https:\\\/\\\/egytourpackages.com\\\/ro\\\/tours\\\/excursie-safari-de-dimineata-in-desert-makadi-bay\\\/#primaryimage\"},\"thumbnailUrl\":\"https:\\\/\\\/egytourpackages.com\\\/wp-content\\\/uploads\\\/2025\\\/03\\\/Camel-ride-Hurghada-safari.jpeg\",\"datePublished\":\"2025-05-24T22:03:54+00:00\",\"dateModified\":\"2026-01-28T21:10:09+00:00\",\"description\":\"O zi plin\u0103 de adrenalin\u0103 te a\u0219teapt\u0103! Excursie Safari de Diminea\u021b\u0103 \u00een De\u0219ert Makadi Bay. Aventureaz\u0103-te cu ATV-ul, exploreaz\u0103 satul beduin.\",\"breadcrumb\":{\"@id\":\"https:\\\/\\\/egytourpackages.com\\\/ro\\\/tours\\\/excursie-safari-de-dimineata-in-desert-makadi-bay\\\/#breadcrumb\"},\"inLanguage\":\"ro-RO\",\"potentialAction\":[{\"@type\":\"ReadAction\",\"target\":[\"https:\\\/\\\/egytourpackages.com\\\/ro\\\/tours\\\/excursie-safari-de-dimineata-in-desert-makadi-bay\\\/\"]}]},{\"@type\":\"ImageObject\",\"inLanguage\":\"ro-RO\",\"@id\":\"https:\\\/\\\/egytourpackages.com\\\/ro\\\/tours\\\/excursie-safari-de-dimineata-in-desert-makadi-bay\\\/#primaryimage\",\"url\":\"https:\\\/\\\/egytourpackages.com\\\/wp-content\\\/uploads\\\/2025\\\/03\\\/Camel-ride-Hurghada-safari.jpeg\",\"contentUrl\":\"https:\\\/\\\/egytourpackages.com\\\/wp-content\\\/uploads\\\/2025\\\/03\\\/Camel-ride-Hurghada-safari.jpeg\",\"width\":1280,\"height\":853,\"caption\":\"Safari cu c\u0103mil\u0103 \u00een Hurghada\"},{\"@type\":\"BreadcrumbList\",\"@id\":\"https:\\\/\\\/egytourpackages.com\\\/ro\\\/tours\\\/excursie-safari-de-dimineata-in-desert-makadi-bay\\\/#breadcrumb\",\"itemListElement\":[{\"@type\":\"ListItem\",\"position\":1,\"name\":\"Home\",\"item\":\"https:\\\/\\\/egytourpackages.com\\\/ro\\\/\"},{\"@type\":\"ListItem\",\"position\":2,\"name\":\"Shop\",\"item\":\"https:\\\/\\\/egytourpackages.com\\\/shop\\\/\"},{\"@type\":\"ListItem\",\"position\":3,\"name\":\"Excursie Safari de Diminea\u021b\u0103 \u00een De\u0219ert Makadi Bay\"}]},{\"@type\":\"WebSite\",\"@id\":\"https:\\\/\\\/egytourpackages.com\\\/ro\\\/#website\",\"url\":\"https:\\\/\\\/egytourpackages.com\\\/ro\\\/\",\"name\":\"Egy tour packages\",\"description\":\"\",\"publisher\":{\"@id\":\"https:\\\/\\\/egytourpackages.com\\\/ro\\\/#organization\"},\"potentialAction\":[{\"@type\":\"SearchAction\",\"target\":{\"@type\":\"EntryPoint\",\"urlTemplate\":\"https:\\\/\\\/egytourpackages.com\\\/ro\\\/?s={search_term_string}\"},\"query-input\":{\"@type\":\"PropertyValueSpecification\",\"valueRequired\":true,\"valueName\":\"search_term_string\"}}],\"inLanguage\":\"ro-RO\"},{\"@type\":[\"Organization\",\"Place\",\"TravelAgency\"],\"@id\":\"https:\\\/\\\/egytourpackages.com\\\/ro\\\/#organization\",\"name\":\"egypt tour packages\",\"alternateName\":\"egypt tour packages\",\"url\":\"https:\\\/\\\/egytourpackages.com\\\/ro\\\/\",\"logo\":{\"@id\":\"https:\\\/\\\/egytourpackages.com\\\/ro\\\/tours\\\/excursie-safari-de-dimineata-in-desert-makadi-bay\\\/#local-main-organization-logo\"},\"image\":{\"@id\":\"https:\\\/\\\/egytourpackages.com\\\/ro\\\/tours\\\/excursie-safari-de-dimineata-in-desert-makadi-bay\\\/#local-main-organization-logo\"},\"sameAs\":[\"https:\\\/\\\/www.facebook.com\\\/egytourpackages\"],\"legalName\":\"Egy tour packages\",\"address\":{\"@id\":\"https:\\\/\\\/egytourpackages.com\\\/ro\\\/tours\\\/excursie-safari-de-dimineata-in-desert-makadi-bay\\\/#local-main-place-address\"},\"telephone\":[\"00201000852186\",\"00201028685533\"],\"contactPoint\":{\"@type\":\"ContactPoint\",\"telephone\":\"00201000852186\"},\"openingHoursSpecification\":[{\"@type\":\"OpeningHoursSpecification\",\"dayOfWeek\":[\"Monday\",\"Tuesday\",\"Wednesday\",\"Thursday\",\"Friday\",\"Saturday\",\"Sunday\"],\"opens\":\"00:00\",\"closes\":\"23:59\"}],\"email\":\"info@egytourpackages.com\",\"areaServed\":\"Cairo, Hurghada, Luxor, Sharm El Sheikh, Marsa Alam, Aswan\",\"priceRange\":\"$\",\"currenciesAccepted\":\"euro\",\"paymentAccepted\":\"Payment links online\"},{\"@type\":\"PostalAddress\",\"@id\":\"https:\\\/\\\/egytourpackages.com\\\/ro\\\/tours\\\/excursie-safari-de-dimineata-in-desert-makadi-bay\\\/#local-main-place-address\",\"streetAddress\":\"Mubarak 8, Al Kawthar District, Hurghada\",\"addressLocality\":\"Hurghada\",\"postalCode\":\"84511\",\"addressRegion\":\"Red Sea\",\"addressCountry\":\"EG\"},{\"@type\":\"ImageObject\",\"inLanguage\":\"ro-RO\",\"@id\":\"https:\\\/\\\/egytourpackages.com\\\/ro\\\/tours\\\/excursie-safari-de-dimineata-in-desert-makadi-bay\\\/#local-main-organization-logo\",\"url\":\"https:\\\/\\\/egytourpackages.com\\\/wp-content\\\/uploads\\\/2025\\\/12\\\/Turquoise-Dahabiya-Nile-Cruise-1.jpeg\",\"contentUrl\":\"https:\\\/\\\/egytourpackages.com\\\/wp-content\\\/uploads\\\/2025\\\/12\\\/Turquoise-Dahabiya-Nile-Cruise-1.jpeg\",\"width\":1040,\"height\":694,\"caption\":\"egypt tour packages\"}]}<\/script>\n<meta property=\"product:brand\" content=\"Excursii de o zi \u00een Egipt\" \/>\n<meta property=\"product:price:amount\" content=\"20\" \/>\n<meta property=\"product:price:currency\" content=\"EUR\" \/>\n<meta property=\"og:availability\" content=\"instock\" \/>\n<meta property=\"product:availability\" content=\"instock\" \/>\n<meta property=\"product:retailer_item_id\" content=\"MBE07\" \/>\n<meta property=\"product:condition\" content=\"new\" \/>\n<meta name=\"geo.placename\" content=\"Hurghada\" \/>\n<meta name=\"geo.region\" content=\"Egipt\" \/>\n<!-- \/ Yoast SEO Premium plugin. -->","yoast_head_json":{"title":"Excursie Safari de Diminea\u021b\u0103 \u00een De\u0219ert Makadi Bay","description":"O zi plin\u0103 de adrenalin\u0103 te a\u0219teapt\u0103! Excursie Safari de Diminea\u021b\u0103 \u00een De\u0219ert Makadi Bay. Aventureaz\u0103-te cu ATV-ul, exploreaz\u0103 satul beduin.","robots":{"index":"index","follow":"follow","max-snippet":"max-snippet:-1","max-image-preview":"max-image-preview:large","max-video-preview":"max-video-preview:-1"},"canonical":"https:\/\/egytourpackages.com\/ro\/tours\/excursie-safari-de-dimineata-in-desert-makadi-bay\/","og_locale":"ro_RO","og_type":"article","og_title":"Excursie Safari de Diminea\u021b\u0103 \u00een De\u0219ert Makadi Bay","og_description":"O zi plin\u0103 de adrenalin\u0103 te a\u0219teapt\u0103! Excursie Safari de Diminea\u021b\u0103 \u00een De\u0219ert Makadi Bay. Aventureaz\u0103-te cu ATV-ul, exploreaz\u0103 satul beduin.","og_url":"https:\/\/egytourpackages.com\/ro\/tours\/excursie-safari-de-dimineata-in-desert-makadi-bay\/","og_site_name":"Egypt Tour Packages","article_publisher":"https:\/\/www.facebook.com\/egytourpackages","article_modified_time":"2026-01-28T21:10:09+00:00","og_image":[{"url":"https:\/\/egytourpackages.com\/wp-content\/uploads\/2025\/03\/Camel-ride-Hurghada-safari-1024x682.jpeg","type":"","width":"","height":""}],"twitter_card":"summary_large_image","twitter_title":"Excursie Safari de Diminea\u021b\u0103 \u00een De\u0219ert Makadi Bay","twitter_misc":{"Pre\u021b":"&euro;20","Disponibilitate":"\u00cen stoc"},"schema":{"@context":"https:\/\/schema.org","@graph":[{"@type":"WebPage","@id":"https:\/\/egytourpackages.com\/ro\/tours\/excursie-safari-de-dimineata-in-desert-makadi-bay\/","url":"https:\/\/egytourpackages.com\/ro\/tours\/excursie-safari-de-dimineata-in-desert-makadi-bay\/","name":"Excursie Safari de Diminea\u021b\u0103 \u00een De\u0219ert Makadi Bay","isPartOf":{"@id":"https:\/\/egytourpackages.com\/ro\/#website"},"primaryImageOfPage":{"@id":"https:\/\/egytourpackages.com\/ro\/tours\/excursie-safari-de-dimineata-in-desert-makadi-bay\/#primaryimage"},"image":{"@id":"https:\/\/egytourpackages.com\/ro\/tours\/excursie-safari-de-dimineata-in-desert-makadi-bay\/#primaryimage"},"thumbnailUrl":"https:\/\/egytourpackages.com\/wp-content\/uploads\/2025\/03\/Camel-ride-Hurghada-safari.jpeg","datePublished":"2025-05-24T22:03:54+00:00","dateModified":"2026-01-28T21:10:09+00:00","description":"O zi plin\u0103 de adrenalin\u0103 te a\u0219teapt\u0103! Excursie Safari de Diminea\u021b\u0103 \u00een De\u0219ert Makadi Bay. Aventureaz\u0103-te cu ATV-ul, exploreaz\u0103 satul beduin.","breadcrumb":{"@id":"https:\/\/egytourpackages.com\/ro\/tours\/excursie-safari-de-dimineata-in-desert-makadi-bay\/#breadcrumb"},"inLanguage":"ro-RO","potentialAction":[{"@type":"ReadAction","target":["https:\/\/egytourpackages.com\/ro\/tours\/excursie-safari-de-dimineata-in-desert-makadi-bay\/"]}]},{"@type":"ImageObject","inLanguage":"ro-RO","@id":"https:\/\/egytourpackages.com\/ro\/tours\/excursie-safari-de-dimineata-in-desert-makadi-bay\/#primaryimage","url":"https:\/\/egytourpackages.com\/wp-content\/uploads\/2025\/03\/Camel-ride-Hurghada-safari.jpeg","contentUrl":"https:\/\/egytourpackages.com\/wp-content\/uploads\/2025\/03\/Camel-ride-Hurghada-safari.jpeg","width":1280,"height":853,"caption":"Safari cu c\u0103mil\u0103 \u00een Hurghada"},{"@type":"BreadcrumbList","@id":"https:\/\/egytourpackages.com\/ro\/tours\/excursie-safari-de-dimineata-in-desert-makadi-bay\/#breadcrumb","itemListElement":[{"@type":"ListItem","position":1,"name":"Home","item":"https:\/\/egytourpackages.com\/ro\/"},{"@type":"ListItem","position":2,"name":"Shop","item":"https:\/\/egytourpackages.com\/shop\/"},{"@type":"ListItem","position":3,"name":"Excursie Safari de Diminea\u021b\u0103 \u00een De\u0219ert Makadi Bay"}]},{"@type":"WebSite","@id":"https:\/\/egytourpackages.com\/ro\/#website","url":"https:\/\/egytourpackages.com\/ro\/","name":"Egy tour packages","description":"","publisher":{"@id":"https:\/\/egytourpackages.com\/ro\/#organization"},"potentialAction":[{"@type":"SearchAction","target":{"@type":"EntryPoint","urlTemplate":"https:\/\/egytourpackages.com\/ro\/?s={search_term_string}"},"query-input":{"@type":"PropertyValueSpecification","valueRequired":true,"valueName":"search_term_string"}}],"inLanguage":"ro-RO"},{"@type":["Organization","Place","TravelAgency"],"@id":"https:\/\/egytourpackages.com\/ro\/#organization","name":"egypt tour packages","alternateName":"egypt tour packages","url":"https:\/\/egytourpackages.com\/ro\/","logo":{"@id":"https:\/\/egytourpackages.com\/ro\/tours\/excursie-safari-de-dimineata-in-desert-makadi-bay\/#local-main-organization-logo"},"image":{"@id":"https:\/\/egytourpackages.com\/ro\/tours\/excursie-safari-de-dimineata-in-desert-makadi-bay\/#local-main-organization-logo"},"sameAs":["https:\/\/www.facebook.com\/egytourpackages"],"legalName":"Egy tour packages","address":{"@id":"https:\/\/egytourpackages.com\/ro\/tours\/excursie-safari-de-dimineata-in-desert-makadi-bay\/#local-main-place-address"},"telephone":["00201000852186","00201028685533"],"contactPoint":{"@type":"ContactPoint","telephone":"00201000852186"},"openingHoursSpecification":[{"@type":"OpeningHoursSpecification","dayOfWeek":["Monday","Tuesday","Wednesday","Thursday","Friday","Saturday","Sunday"],"opens":"00:00","closes":"23:59"}],"email":"info@egytourpackages.com","areaServed":"Cairo, Hurghada, Luxor, Sharm El Sheikh, Marsa Alam, Aswan","priceRange":"$","currenciesAccepted":"euro","paymentAccepted":"Payment links online"},{"@type":"PostalAddress","@id":"https:\/\/egytourpackages.com\/ro\/tours\/excursie-safari-de-dimineata-in-desert-makadi-bay\/#local-main-place-address","streetAddress":"Mubarak 8, Al Kawthar District, Hurghada","addressLocality":"Hurghada","postalCode":"84511","addressRegion":"Red Sea","addressCountry":"EG"},{"@type":"ImageObject","inLanguage":"ro-RO","@id":"https:\/\/egytourpackages.com\/ro\/tours\/excursie-safari-de-dimineata-in-desert-makadi-bay\/#local-main-organization-logo","url":"https:\/\/egytourpackages.com\/wp-content\/uploads\/2025\/12\/Turquoise-Dahabiya-Nile-Cruise-1.jpeg","contentUrl":"https:\/\/egytourpackages.com\/wp-content\/uploads\/2025\/12\/Turquoise-Dahabiya-Nile-Cruise-1.jpeg","width":1040,"height":694,"caption":"egypt tour packages"}]},"product_brand":"Excursii de o zi \u00een Egipt","product_price_amount":"20","product_price_currency":"EUR","og_availability":"instock","product_availability":"instock","product_retailer_item_id":"MBE07","product_condition":"new","geo.placename":"Hurghada","geo.region":"Egipt"},"_links":{"self":[{"href":"https:\/\/egytourpackages.com\/ro\/wp-json\/wp\/v2\/product\/6625","targetHints":{"allow":["GET"]}}],"collection":[{"href":"https:\/\/egytourpackages.com\/ro\/wp-json\/wp\/v2\/product"}],"about":[{"href":"https:\/\/egytourpackages.com\/ro\/wp-json\/wp\/v2\/types\/product"}],"replies":[{"embeddable":true,"href":"https:\/\/egytourpackages.com\/ro\/wp-json\/wp\/v2\/comments?post=6625"}],"wp:featuredmedia":[{"embeddable":true,"href":"https:\/\/egytourpackages.com\/ro\/wp-json\/wp\/v2\/media\/6630"}],"wp:attachment":[{"href":"https:\/\/egytourpackages.com\/ro\/wp-json\/wp\/v2\/media?parent=6625"}],"wp:term":[{"taxonomy":"product_brand","embeddable":true,"href":"https:\/\/egytourpackages.com\/ro\/wp-json\/wp\/v2\/product_brand?post=6625"},{"taxonomy":"product_cat","embeddable":true,"href":"https:\/\/egytourpackages.com\/ro\/wp-json\/wp\/v2\/product_cat?post=6625"},{"taxonomy":"product_tag","embeddable":true,"href":"https:\/\/egytourpackages.com\/ro\/wp-json\/wp\/v2\/product_tag?post=6625"}],"curies":[{"name":"wp","href":"https:\/\/api.w.org\/{rel}","templated":true}]}}