{"id":6637,"date":"2025-05-23T18:46:29","date_gmt":"2025-05-23T18:46:29","guid":{"rendered":"https:\/\/egytourpackages.com\/product\/excursie-muzeul-egiptean-piramidele-giza-din-el-gouna\/"},"modified":"2026-01-04T19:52:21","modified_gmt":"2026-01-04T19:52:21","slug":"excursie-muzeul-egiptean-piramidele-giza-din-el-gouna","status":"publish","type":"product","link":"https:\/\/egytourpackages.com\/ro\/tours\/excursie-muzeul-egiptean-piramidele-giza-din-el-gouna\/","title":{"rendered":"Excursie Muzeul Egiptean &#038; Piramidele Giza din El Gouna"},"content":{"rendered":"<p><span style=\"color: #ff6600;\"><strong>Excursie Muzeul Egiptean &amp; Piramidele Giza din El Gouna<\/strong><\/span><\/p>\n<h2><span style=\"color: #ff6600;\">Prezentare General\u0103<\/span><\/h2>\n<p><strong>Excursie privat\u0103 de o zi la Cairo din El Gouna<\/strong> | Cel mai bun <strong>Muzeu Egiptean<\/strong> din El Gouna | <strong>Excursii El Gouna<\/strong> | <strong>Atrac\u021bii turistice Cairo<\/strong>, precum Piramidele Giza, <strong>Marele Sfinx<\/strong>, comorile lui Tutankhamun, <strong>Obeliscul Suspendat<\/strong> | <strong>Rezerv\u0103ri online WhatsApp<\/strong><\/p>\n<p><strong>Excursia dumneavoastr\u0103 la Marele Muzeu Egiptean &amp; Piramidele Giza din El Gouna<\/strong> este o aventur\u0103 unic\u0103 \u0219i o experien\u021b\u0103 de neuitat pentru a descoperi civiliza\u021bia egiptean\u0103 antic\u0103. De fapt, aceste tururi egiptene la <strong>Marele Muzeu Egiptean<\/strong> sunt un tip de <strong>Tur Cultural \u0219i de Patrimoniu<\/strong> cu un <strong>ghid expert arheolog<\/strong>. Ve\u021bi afla o mul\u021bime de secrete despre Piramidele Giza, Sfinx, blestemul faraonului \u0219i multe altele.<\/p>\n<p>Acestea sunt cele mai bune <strong>Excursii de Explorare pentru Copii<\/strong> \u0219i adul\u021bi \u0219i <strong>Tururi Educa\u021bionale pentru Seniori<\/strong> din El Gouna. De asemenea, este considerat\u0103 una dintre cele mai bune <strong>activit\u0103\u021bi de f\u0103cut pentru Familii<\/strong> \u0219i cele mai frumoase <strong>lucruri de f\u0103cut cu prietenii<\/strong>. Rezervarea acestei excursii private de o zi \u00eentreag\u0103 la <strong>Marele Muzeu Egiptean<\/strong> v\u0103 va permite s\u0103 explora\u021bi artefacte egiptene de la epoca preistoric\u0103 p\u00e2n\u0103 la epoca greco-roman\u0103. \u00cen plus, ve\u021bi vedea comorile lui <strong>Tutankhamun<\/strong> g\u0103site \u00een morm\u00e2ntul s\u0103u KV 62 din <strong>Valea Regilor<\/strong> \u00een Luxor \u00een 1922. \u00cen cele din urm\u0103, ve\u021bi avea informa\u021bii detaliate despre <strong>Piramidele Giza<\/strong>, Piramidele Reginei, Mormintele constructorilor de piramide \u0219i <strong>Marele Sfinx<\/strong>. <strong>Egy tour packages<\/strong> ofer\u0103 aceste excursii El Gouna cu ghid expert, vehicule noi, cele mai bune servicii \u0219i un pre\u021b foarte corect.<\/p>\n<h3><span style=\"color: #ff6600;\">Detalii Tur<\/span><\/h3>\n<ul>\n<li>Durata: 18 ore<\/li>\n<li>Loca\u021bia turului: Giza<\/li>\n<li>Disponibilitate tur: Zilnic<\/li>\n<li>Preluare \u0219i Predare: Hotelul dumneavoastr\u0103 din El Gouna<\/li>\n<li>Tipul turului: Privat<\/li>\n<li><strong>Limba: Rom\u00e2n\u0103<\/strong><\/li>\n<li>Potrivit pentru: Cupluri, Familii, Seniori<\/li>\n<li>Scaun cu rotile: Accesibil<\/li>\n<\/ul>\n<h3><span style=\"color: #ff6600;\">Puncte de atrac\u021bie ale turului<\/span><\/h3>\n<ul>\n<li>Marele Muzeu Egiptean<\/li>\n<li>Piramidele Giza<\/li>\n<li>Marele Sfinx<\/li>\n<li>Templul V\u0103ii<\/li>\n<\/ul>\n<h3><span style=\"color: #ff6600;\">Inclus<\/span><\/h3>\n<ul>\n<li>Transfer dus-\u00eentors cu vehicul cu aer condi\u021bionat<\/li>\n<li>Taxe de intrare pentru toate obiectivele turistice din programul de la Cairo<\/li>\n<li><strong>Ghid turistic egiptolog vorbitor de limba rom\u00e2n\u0103<\/strong><\/li>\n<li>Pr\u00e2nz<\/li>\n<li>Ap\u0103 \u00een timpul turului<\/li>\n<\/ul>\n<h3><span style=\"color: #ff6600;\">Exclus<\/span><\/h3>\n<ul>\n<li>B\u0103uturi \u00een timpul pr\u00e2nzului<\/li>\n<li>Taxa de intrare pentru Piramida lui Keops 40<\/li>\n<li>Taxa de intrare pentru Piramidalui Khafre7,5<\/li>\n<li>Bac\u015fi\u015f<\/li>\n<\/ul>\n<h3><span style=\"color: #ff6600;\">Ce s\u0103 \u00eempacheta\u021bi<\/span><\/h3>\n<ul>\n<li>\u00cenc\u0103l\u021b\u0103minte \u0219i haine confortabile, mai ales vara<\/li>\n<li>Haine groase iarna<\/li>\n<li>Ochelari de soare, P\u0103l\u0103rie sau E\u0219arf\u0103<\/li>\n<li>Crem\u0103 de protec\u021bie solar\u0103 vara<\/li>\n<\/ul>\n<h3><span style=\"color: #ff6600;\">Itinerariu<\/span><\/h3>\n<p>\u00cencepe\u021bi-v\u0103 ziua cu cutiile de mic dejun pe care le-a\u021bi comandat cu o zi \u00eenainte de a v\u0103 \u00eendrepta spre Cairo cu vehiculul dumneavoastr\u0103 nou. \u00cen plus, aduce\u021bi o pern\u0103 dac\u0103 hotelul dumneavoastr\u0103 v\u0103 permite \u0219i o carte de citit pe drumul lung. Ve\u021bi avea o pauz\u0103 de cafea pe drum pentru a lua micul dejun, a folosi toaleta sau pur \u0219i simplu pentru a v\u0103 dezmor\u021bi picioarele. La sosirea \u00een Cairo, ve\u021bi \u00eencepe atrac\u021biile dumneavoastr\u0103 din Cairo.<\/p>\n<h3><span style=\"color: #ff6600;\">Marele Muzeu Egiptean<\/span><\/h3>\n<p>Explora\u021bi cu ghidul dumneavoastr\u0103 cel mai mare Muzeu din lume pentru artefacte egiptene antice, de la epoca preistoric\u0103 p\u00e2n\u0103 la <strong>epoca greco-roman\u0103<\/strong>. Minuna\u021bi-v\u0103 la <strong>Obeliscul Suspendat<\/strong>, Colosul Uria\u0219 al lui <strong>Ramses<\/strong> cel Mare \u0219i coloana victoriei lui <strong>Merenptah<\/strong>.<\/p>\n<p>Dup\u0103 aceea, ve\u021bi lua liftul p\u00e2n\u0103 la fereastra panoramic\u0103 pentru a vedea Piramidele \u00een fa\u021ba dumneavoastr\u0103 \u00eenainte de a \u00eencepe galeriile Muzeului. P\u00e2n\u0103 acum, galeriile deschise sunt 12 \u0219i ele explic\u0103 <strong>civiliza\u021bia egiptean\u0103 antic\u0103<\/strong> \u00eentr-un mod foarte frumos. Ele vorbesc despre regalitate, societate \u0219i religie, \u00eencep\u00e2nd de la \u00eenceputul istoriei p\u00e2n\u0103 la sf\u00e2r\u0219it.<\/p>\n<p>Ve\u021bi vedea statui pentru faraoni celebri precum Hatshepsut, Ramses, Senusert, Ay, Tutankhamun, Thutmosis, Djoser, Khafre, Menkaure \u0219i Merenptah. De asemenea, figuri de zei \u0219i zei\u021be precum Sekhmet, Isis, Hathor, Seshat, Amun, Khnum \u0219i Ptah. \u00cen plus, b\u0103rci zilnice, peruci de p\u0103r, accesorii, uleiuri, mumii \u0219i sarcofage din lemn colorat.<\/p>\n<p>La sf\u00e2r\u0219itul turului, ve\u021bi avea ceva timp liber pentru a descoperi scara mare pe cont propriu \u00eenainte de a merge la pr\u00e2nz.<\/p>\n<h3><span style=\"color: #ff6600;\">Pr\u00e2nz<\/span><\/h3>\n<p>Bucura\u021bi-v\u0103 de un pr\u00e2nz proasp\u0103t g\u0103tit cu posibilit\u0103\u021bi de mese vegetariene.<\/p>\n<h3><span style=\"color: #ff6600;\">Complexul Piramidelor Giza<\/span><\/h3>\n<p>Continua\u021bi cu ghidul dumneavoastr\u0103 pentru a vizita Piramidele Giza \u0219i bucura\u021bi-v\u0103 de a fi at\u00e2t de aproape de visul dumneavoastr\u0103 de o via\u021b\u0103. Ve\u021bi explora Piramidele lui Keops, Piramidele Reginei, fosele pentru b\u0103rci \u0219i mormintele constructorilor de piramide. De asemenea, ve\u021bi descoperi celebrul Sfinx, templul de mumificare, Piramida lui Menkaure \u0219i Piramida lui Khafre.<\/p>\n<p>Ghidul dumneavoastr\u0103 v\u0103 va explica unele dintre secretele istoriei egiptene \u0219i ale civiliza\u021biei egiptene antice.<\/p>\n<p><strong>Mese: <\/strong>Mic dejun, pr\u00e2nz<\/p>\n<h2><span style=\"color: #ff6600;\">P.S.<\/span><\/h2>\n<p>Marele Muzeu Egiptean este deschis de la 09:00 la 21:00 s\u00e2mb\u0103ta \u0219i miercurea \u0219i de la 08:30 la 18:00 \u00een restul s\u0103pt\u0103m\u00e2nii.<\/p>\n<h3><span style=\"color: #ff6600;\">Pre\u021b Excursie Marele Muzeu Egiptean &amp; Piramidele Giza din El Gouna<\/span><\/h3>\n<ul>\n<li>Pre\u021b adult = 150 \u20ac<\/li>\n<li>Copii 5-11 ani = 50% din pre\u021bul adultului<\/li>\n<li>Sugari 0-5 ani = gratuit<\/li>\n<\/ul>\n<h3><span style=\"color: #ff6600;\">Rezervare<\/span><\/h3>\n<p>Pute\u021bi rezerva turul dumneavoastr\u0103 prin WhatsApp sau ne pute\u021bi trimite un e-mail \u0219i ve\u021bi primi confirmarea pe loc. V\u0103 rug\u0103m, trimite\u021bi-ne numele hotelului, num\u0103rul camerei \u0219i copiile pa\u0219apoartelor.<\/p>\n<p>WhatsApp: +201000852186<\/p>\n<p>info@egytourpackages.com<\/p>\n<h3><span style=\"color: #ff6600;\">Rezerva\u021bi Acum &amp; Pl\u0103ti\u021bi la fa\u021ba locului<\/span><\/h3>\n<p>Rezerva\u021bi turul dumneavoastr\u0103 preferat \u0219i pl\u0103ti\u021bi \u00een ziua excursiei<\/p>\n<h3><span style=\"color: #ff6600;\">Plat\u0103<\/span><\/h3>\n<p>Pute\u021bi pl\u0103ti \u00een lire egiptene, $, \u20ac sau \u00a3.<\/p>\n<h3><span style=\"color: #ff6600;\">Politica de Anulare<\/span><\/h3>\n<p>Anularea este gratuit\u0103 cu p\u00e2n\u0103 la 24 de ore \u00een avans Anularea \u00een diminea\u021ba zilei respective este 50% din pre\u021b<\/p>\n","protected":false},"excerpt":{"rendered":"<p>Descoper\u0103 misterele faraonilor! Excursie Muzeul Egiptean &amp; Piramidele Giza din El Gouna. O aventur\u0103 cultural\u0103 unic\u0103 te a\u0219teapt\u0103.<\/p>\n","protected":false},"featured_media":6638,"comment_status":"open","ping_status":"closed","template":"","meta":[],"product_brand":[],"product_cat":[3120],"product_tag":[3203,3331],"class_list":{"0":"post-6637","1":"product","2":"type-product","3":"status-publish","4":"has-post-thumbnail","6":"product_cat-tururi","7":"product_tag-excursii-de-o-zi-in-egipt","8":"product_tag-excursii-la-el-gouna","9":"tour_category-excursii-de-o-zi-in-egipt-ro","10":"tour_category-excursii-el-gouna-ro","12":"first","13":"instock","14":"sale","15":"shipping-taxable","16":"purchasable","17":"product-type-tour","18":"has-default-attributes"},"yoast_head":"<!-- This site is optimized with the Yoast SEO Premium plugin v27.4 (Yoast SEO v27.4) - https:\/\/yoast.com\/product\/yoast-seo-premium-wordpress\/ -->\n<title>Excursie Muzeul Egiptean &amp; Piramidele Giza din El Gouna<\/title>\n<meta name=\"description\" content=\"Descoper\u0103 misterele faraonilor! Excursie Muzeul Egiptean &amp; Piramidele Giza din El Gouna. O aventur\u0103 cultural\u0103 unic\u0103 te a\u0219teapt\u0103.\" \/>\n<meta name=\"robots\" content=\"index, follow, max-snippet:-1, max-image-preview:large, max-video-preview:-1\" \/>\n<link rel=\"canonical\" href=\"https:\/\/egytourpackages.com\/ro\/tours\/excursie-muzeul-egiptean-piramidele-giza-din-el-gouna\/\" \/>\n<meta property=\"og:locale\" content=\"ro_RO\" \/>\n<meta property=\"og:type\" content=\"article\" \/>\n<meta property=\"og:title\" content=\"Excursie Muzeul Egiptean &amp; Piramidele Giza din El Gouna\" \/>\n<meta property=\"og:description\" content=\"Descoper\u0103 misterele faraonilor! Excursie Muzeul Egiptean &amp; Piramidele Giza din El Gouna. O aventur\u0103 cultural\u0103 unic\u0103 te a\u0219teapt\u0103.\" \/>\n<meta property=\"og:url\" content=\"https:\/\/egytourpackages.com\/ro\/tours\/excursie-muzeul-egiptean-piramidele-giza-din-el-gouna\/\" \/>\n<meta property=\"og:site_name\" content=\"Egypt Tour Packages\" \/>\n<meta property=\"article:publisher\" content=\"https:\/\/www.facebook.com\/egytourpackages\" \/>\n<meta property=\"article:modified_time\" content=\"2026-01-04T19:52:21+00:00\" \/>\n<meta property=\"og:image\" content=\"https:\/\/egytourpackages.com\/wp-content\/uploads\/2025\/05\/Soldiers-from-GEM-1024x473.jpeg\" \/>\n<meta name=\"twitter:card\" content=\"summary_large_image\" \/>\n<meta name=\"twitter:title\" content=\"Excursie Muzeul Egiptean &amp; Piramidele Giza din El Gouna\" \/>\n<meta name=\"twitter:label1\" content=\"Pre\u021b\" \/>\n\t<meta name=\"twitter:data1\" content=\"&euro;150\" \/>\n\t<meta name=\"twitter:label2\" content=\"Disponibilitate\" \/>\n\t<meta name=\"twitter:data2\" content=\"\u00cen stoc\" \/>\n<script type=\"application\/ld+json\" class=\"yoast-schema-graph\">{\"@context\":\"https:\\\/\\\/schema.org\",\"@graph\":[{\"@type\":\"WebPage\",\"@id\":\"https:\\\/\\\/egytourpackages.com\\\/ro\\\/tours\\\/excursie-muzeul-egiptean-piramidele-giza-din-el-gouna\\\/\",\"url\":\"https:\\\/\\\/egytourpackages.com\\\/ro\\\/tours\\\/excursie-muzeul-egiptean-piramidele-giza-din-el-gouna\\\/\",\"name\":\"Excursie Muzeul Egiptean & Piramidele Giza din El Gouna\",\"isPartOf\":{\"@id\":\"https:\\\/\\\/egytourpackages.com\\\/ro\\\/#website\"},\"primaryImageOfPage\":{\"@id\":\"https:\\\/\\\/egytourpackages.com\\\/ro\\\/tours\\\/excursie-muzeul-egiptean-piramidele-giza-din-el-gouna\\\/#primaryimage\"},\"image\":{\"@id\":\"https:\\\/\\\/egytourpackages.com\\\/ro\\\/tours\\\/excursie-muzeul-egiptean-piramidele-giza-din-el-gouna\\\/#primaryimage\"},\"thumbnailUrl\":\"https:\\\/\\\/egytourpackages.com\\\/wp-content\\\/uploads\\\/2025\\\/05\\\/Soldiers-from-GEM.jpeg\",\"datePublished\":\"2025-05-23T18:46:29+00:00\",\"dateModified\":\"2026-01-04T19:52:21+00:00\",\"description\":\"Descoper\u0103 misterele faraonilor! Excursie Muzeul Egiptean & Piramidele Giza din El Gouna. O aventur\u0103 cultural\u0103 unic\u0103 te a\u0219teapt\u0103.\",\"breadcrumb\":{\"@id\":\"https:\\\/\\\/egytourpackages.com\\\/ro\\\/tours\\\/excursie-muzeul-egiptean-piramidele-giza-din-el-gouna\\\/#breadcrumb\"},\"inLanguage\":\"ro-RO\",\"potentialAction\":[{\"@type\":\"ReadAction\",\"target\":[\"https:\\\/\\\/egytourpackages.com\\\/ro\\\/tours\\\/excursie-muzeul-egiptean-piramidele-giza-din-el-gouna\\\/\"]}]},{\"@type\":\"ImageObject\",\"inLanguage\":\"ro-RO\",\"@id\":\"https:\\\/\\\/egytourpackages.com\\\/ro\\\/tours\\\/excursie-muzeul-egiptean-piramidele-giza-din-el-gouna\\\/#primaryimage\",\"url\":\"https:\\\/\\\/egytourpackages.com\\\/wp-content\\\/uploads\\\/2025\\\/05\\\/Soldiers-from-GEM.jpeg\",\"contentUrl\":\"https:\\\/\\\/egytourpackages.com\\\/wp-content\\\/uploads\\\/2025\\\/05\\\/Soldiers-from-GEM.jpeg\",\"width\":1800,\"height\":831,\"caption\":\"Excursie Muzeul Egiptean & Piramidele Giza din El Gouna\"},{\"@type\":\"BreadcrumbList\",\"@id\":\"https:\\\/\\\/egytourpackages.com\\\/ro\\\/tours\\\/excursie-muzeul-egiptean-piramidele-giza-din-el-gouna\\\/#breadcrumb\",\"itemListElement\":[{\"@type\":\"ListItem\",\"position\":1,\"name\":\"Home\",\"item\":\"https:\\\/\\\/egytourpackages.com\\\/ro\\\/\"},{\"@type\":\"ListItem\",\"position\":2,\"name\":\"Shop\",\"item\":\"https:\\\/\\\/egytourpackages.com\\\/shop\\\/\"},{\"@type\":\"ListItem\",\"position\":3,\"name\":\"Excursie Muzeul Egiptean &#038; Piramidele Giza din El Gouna\"}]},{\"@type\":\"WebSite\",\"@id\":\"https:\\\/\\\/egytourpackages.com\\\/ro\\\/#website\",\"url\":\"https:\\\/\\\/egytourpackages.com\\\/ro\\\/\",\"name\":\"Egy tour packages\",\"description\":\"\",\"publisher\":{\"@id\":\"https:\\\/\\\/egytourpackages.com\\\/ro\\\/#organization\"},\"potentialAction\":[{\"@type\":\"SearchAction\",\"target\":{\"@type\":\"EntryPoint\",\"urlTemplate\":\"https:\\\/\\\/egytourpackages.com\\\/ro\\\/?s={search_term_string}\"},\"query-input\":{\"@type\":\"PropertyValueSpecification\",\"valueRequired\":true,\"valueName\":\"search_term_string\"}}],\"inLanguage\":\"ro-RO\"},{\"@type\":[\"Organization\",\"Place\",\"TravelAgency\"],\"@id\":\"https:\\\/\\\/egytourpackages.com\\\/ro\\\/#organization\",\"name\":\"egypt tour packages\",\"alternateName\":\"egypt tour packages\",\"url\":\"https:\\\/\\\/egytourpackages.com\\\/ro\\\/\",\"logo\":{\"@id\":\"https:\\\/\\\/egytourpackages.com\\\/ro\\\/tours\\\/excursie-muzeul-egiptean-piramidele-giza-din-el-gouna\\\/#local-main-organization-logo\"},\"image\":{\"@id\":\"https:\\\/\\\/egytourpackages.com\\\/ro\\\/tours\\\/excursie-muzeul-egiptean-piramidele-giza-din-el-gouna\\\/#local-main-organization-logo\"},\"sameAs\":[\"https:\\\/\\\/www.facebook.com\\\/egytourpackages\"],\"legalName\":\"Egy tour packages\",\"address\":{\"@id\":\"https:\\\/\\\/egytourpackages.com\\\/ro\\\/tours\\\/excursie-muzeul-egiptean-piramidele-giza-din-el-gouna\\\/#local-main-place-address\"},\"telephone\":[\"00201000852186\",\"00201028685533\"],\"contactPoint\":{\"@type\":\"ContactPoint\",\"telephone\":\"00201000852186\"},\"openingHoursSpecification\":[{\"@type\":\"OpeningHoursSpecification\",\"dayOfWeek\":[\"Monday\",\"Tuesday\",\"Wednesday\",\"Thursday\",\"Friday\",\"Saturday\",\"Sunday\"],\"opens\":\"00:00\",\"closes\":\"23:59\"}],\"email\":\"info@egytourpackages.com\",\"areaServed\":\"Cairo, Hurghada, Luxor, Sharm El Sheikh, Marsa Alam, Aswan\",\"priceRange\":\"$\",\"currenciesAccepted\":\"euro\",\"paymentAccepted\":\"Payment links online\"},{\"@type\":\"PostalAddress\",\"@id\":\"https:\\\/\\\/egytourpackages.com\\\/ro\\\/tours\\\/excursie-muzeul-egiptean-piramidele-giza-din-el-gouna\\\/#local-main-place-address\",\"streetAddress\":\"Mubarak 8, Al Kawthar District, Hurghada\",\"addressLocality\":\"Hurghada\",\"postalCode\":\"84511\",\"addressRegion\":\"Red Sea\",\"addressCountry\":\"EG\"},{\"@type\":\"ImageObject\",\"inLanguage\":\"ro-RO\",\"@id\":\"https:\\\/\\\/egytourpackages.com\\\/ro\\\/tours\\\/excursie-muzeul-egiptean-piramidele-giza-din-el-gouna\\\/#local-main-organization-logo\",\"url\":\"https:\\\/\\\/egytourpackages.com\\\/wp-content\\\/uploads\\\/2025\\\/12\\\/Turquoise-Dahabiya-Nile-Cruise-1.jpeg\",\"contentUrl\":\"https:\\\/\\\/egytourpackages.com\\\/wp-content\\\/uploads\\\/2025\\\/12\\\/Turquoise-Dahabiya-Nile-Cruise-1.jpeg\",\"width\":1040,\"height\":694,\"caption\":\"egypt tour packages\"}]}<\/script>\n<meta property=\"product:brand\" content=\"Excursii de o zi \u00een Egipt\" \/>\n<meta property=\"product:price:amount\" content=\"150\" \/>\n<meta property=\"product:price:currency\" content=\"EUR\" \/>\n<meta property=\"og:availability\" content=\"instock\" \/>\n<meta property=\"product:availability\" content=\"instock\" \/>\n<meta property=\"product:retailer_item_id\" content=\"GDT07\" \/>\n<meta property=\"product:condition\" content=\"new\" \/>\n<meta name=\"geo.placename\" content=\"Hurghada\" \/>\n<meta name=\"geo.region\" content=\"Egipt\" \/>\n<!-- \/ Yoast SEO Premium plugin. -->","yoast_head_json":{"title":"Excursie Muzeul Egiptean & Piramidele Giza din El Gouna","description":"Descoper\u0103 misterele faraonilor! Excursie Muzeul Egiptean & Piramidele Giza din El Gouna. O aventur\u0103 cultural\u0103 unic\u0103 te a\u0219teapt\u0103.","robots":{"index":"index","follow":"follow","max-snippet":"max-snippet:-1","max-image-preview":"max-image-preview:large","max-video-preview":"max-video-preview:-1"},"canonical":"https:\/\/egytourpackages.com\/ro\/tours\/excursie-muzeul-egiptean-piramidele-giza-din-el-gouna\/","og_locale":"ro_RO","og_type":"article","og_title":"Excursie Muzeul Egiptean & Piramidele Giza din El Gouna","og_description":"Descoper\u0103 misterele faraonilor! Excursie Muzeul Egiptean & Piramidele Giza din El Gouna. O aventur\u0103 cultural\u0103 unic\u0103 te a\u0219teapt\u0103.","og_url":"https:\/\/egytourpackages.com\/ro\/tours\/excursie-muzeul-egiptean-piramidele-giza-din-el-gouna\/","og_site_name":"Egypt Tour Packages","article_publisher":"https:\/\/www.facebook.com\/egytourpackages","article_modified_time":"2026-01-04T19:52:21+00:00","og_image":[{"url":"https:\/\/egytourpackages.com\/wp-content\/uploads\/2025\/05\/Soldiers-from-GEM-1024x473.jpeg","type":"","width":"","height":""}],"twitter_card":"summary_large_image","twitter_title":"Excursie Muzeul Egiptean & Piramidele Giza din El Gouna","twitter_misc":{"Pre\u021b":"&euro;150","Disponibilitate":"\u00cen stoc"},"schema":{"@context":"https:\/\/schema.org","@graph":[{"@type":"WebPage","@id":"https:\/\/egytourpackages.com\/ro\/tours\/excursie-muzeul-egiptean-piramidele-giza-din-el-gouna\/","url":"https:\/\/egytourpackages.com\/ro\/tours\/excursie-muzeul-egiptean-piramidele-giza-din-el-gouna\/","name":"Excursie Muzeul Egiptean & Piramidele Giza din El Gouna","isPartOf":{"@id":"https:\/\/egytourpackages.com\/ro\/#website"},"primaryImageOfPage":{"@id":"https:\/\/egytourpackages.com\/ro\/tours\/excursie-muzeul-egiptean-piramidele-giza-din-el-gouna\/#primaryimage"},"image":{"@id":"https:\/\/egytourpackages.com\/ro\/tours\/excursie-muzeul-egiptean-piramidele-giza-din-el-gouna\/#primaryimage"},"thumbnailUrl":"https:\/\/egytourpackages.com\/wp-content\/uploads\/2025\/05\/Soldiers-from-GEM.jpeg","datePublished":"2025-05-23T18:46:29+00:00","dateModified":"2026-01-04T19:52:21+00:00","description":"Descoper\u0103 misterele faraonilor! Excursie Muzeul Egiptean & Piramidele Giza din El Gouna. O aventur\u0103 cultural\u0103 unic\u0103 te a\u0219teapt\u0103.","breadcrumb":{"@id":"https:\/\/egytourpackages.com\/ro\/tours\/excursie-muzeul-egiptean-piramidele-giza-din-el-gouna\/#breadcrumb"},"inLanguage":"ro-RO","potentialAction":[{"@type":"ReadAction","target":["https:\/\/egytourpackages.com\/ro\/tours\/excursie-muzeul-egiptean-piramidele-giza-din-el-gouna\/"]}]},{"@type":"ImageObject","inLanguage":"ro-RO","@id":"https:\/\/egytourpackages.com\/ro\/tours\/excursie-muzeul-egiptean-piramidele-giza-din-el-gouna\/#primaryimage","url":"https:\/\/egytourpackages.com\/wp-content\/uploads\/2025\/05\/Soldiers-from-GEM.jpeg","contentUrl":"https:\/\/egytourpackages.com\/wp-content\/uploads\/2025\/05\/Soldiers-from-GEM.jpeg","width":1800,"height":831,"caption":"Excursie Muzeul Egiptean & Piramidele Giza din El Gouna"},{"@type":"BreadcrumbList","@id":"https:\/\/egytourpackages.com\/ro\/tours\/excursie-muzeul-egiptean-piramidele-giza-din-el-gouna\/#breadcrumb","itemListElement":[{"@type":"ListItem","position":1,"name":"Home","item":"https:\/\/egytourpackages.com\/ro\/"},{"@type":"ListItem","position":2,"name":"Shop","item":"https:\/\/egytourpackages.com\/shop\/"},{"@type":"ListItem","position":3,"name":"Excursie Muzeul Egiptean &#038; Piramidele Giza din El Gouna"}]},{"@type":"WebSite","@id":"https:\/\/egytourpackages.com\/ro\/#website","url":"https:\/\/egytourpackages.com\/ro\/","name":"Egy tour packages","description":"","publisher":{"@id":"https:\/\/egytourpackages.com\/ro\/#organization"},"potentialAction":[{"@type":"SearchAction","target":{"@type":"EntryPoint","urlTemplate":"https:\/\/egytourpackages.com\/ro\/?s={search_term_string}"},"query-input":{"@type":"PropertyValueSpecification","valueRequired":true,"valueName":"search_term_string"}}],"inLanguage":"ro-RO"},{"@type":["Organization","Place","TravelAgency"],"@id":"https:\/\/egytourpackages.com\/ro\/#organization","name":"egypt tour packages","alternateName":"egypt tour packages","url":"https:\/\/egytourpackages.com\/ro\/","logo":{"@id":"https:\/\/egytourpackages.com\/ro\/tours\/excursie-muzeul-egiptean-piramidele-giza-din-el-gouna\/#local-main-organization-logo"},"image":{"@id":"https:\/\/egytourpackages.com\/ro\/tours\/excursie-muzeul-egiptean-piramidele-giza-din-el-gouna\/#local-main-organization-logo"},"sameAs":["https:\/\/www.facebook.com\/egytourpackages"],"legalName":"Egy tour packages","address":{"@id":"https:\/\/egytourpackages.com\/ro\/tours\/excursie-muzeul-egiptean-piramidele-giza-din-el-gouna\/#local-main-place-address"},"telephone":["00201000852186","00201028685533"],"contactPoint":{"@type":"ContactPoint","telephone":"00201000852186"},"openingHoursSpecification":[{"@type":"OpeningHoursSpecification","dayOfWeek":["Monday","Tuesday","Wednesday","Thursday","Friday","Saturday","Sunday"],"opens":"00:00","closes":"23:59"}],"email":"info@egytourpackages.com","areaServed":"Cairo, Hurghada, Luxor, Sharm El Sheikh, Marsa Alam, Aswan","priceRange":"$","currenciesAccepted":"euro","paymentAccepted":"Payment links online"},{"@type":"PostalAddress","@id":"https:\/\/egytourpackages.com\/ro\/tours\/excursie-muzeul-egiptean-piramidele-giza-din-el-gouna\/#local-main-place-address","streetAddress":"Mubarak 8, Al Kawthar District, Hurghada","addressLocality":"Hurghada","postalCode":"84511","addressRegion":"Red Sea","addressCountry":"EG"},{"@type":"ImageObject","inLanguage":"ro-RO","@id":"https:\/\/egytourpackages.com\/ro\/tours\/excursie-muzeul-egiptean-piramidele-giza-din-el-gouna\/#local-main-organization-logo","url":"https:\/\/egytourpackages.com\/wp-content\/uploads\/2025\/12\/Turquoise-Dahabiya-Nile-Cruise-1.jpeg","contentUrl":"https:\/\/egytourpackages.com\/wp-content\/uploads\/2025\/12\/Turquoise-Dahabiya-Nile-Cruise-1.jpeg","width":1040,"height":694,"caption":"egypt tour packages"}]},"product_brand":"Excursii de o zi \u00een Egipt","product_price_amount":"150","product_price_currency":"EUR","og_availability":"instock","product_availability":"instock","product_retailer_item_id":"GDT07","product_condition":"new","geo.placename":"Hurghada","geo.region":"Egipt"},"_links":{"self":[{"href":"https:\/\/egytourpackages.com\/ro\/wp-json\/wp\/v2\/product\/6637","targetHints":{"allow":["GET"]}}],"collection":[{"href":"https:\/\/egytourpackages.com\/ro\/wp-json\/wp\/v2\/product"}],"about":[{"href":"https:\/\/egytourpackages.com\/ro\/wp-json\/wp\/v2\/types\/product"}],"replies":[{"embeddable":true,"href":"https:\/\/egytourpackages.com\/ro\/wp-json\/wp\/v2\/comments?post=6637"}],"wp:featuredmedia":[{"embeddable":true,"href":"https:\/\/egytourpackages.com\/ro\/wp-json\/wp\/v2\/media\/6638"}],"wp:attachment":[{"href":"https:\/\/egytourpackages.com\/ro\/wp-json\/wp\/v2\/media?parent=6637"}],"wp:term":[{"taxonomy":"product_brand","embeddable":true,"href":"https:\/\/egytourpackages.com\/ro\/wp-json\/wp\/v2\/product_brand?post=6637"},{"taxonomy":"product_cat","embeddable":true,"href":"https:\/\/egytourpackages.com\/ro\/wp-json\/wp\/v2\/product_cat?post=6637"},{"taxonomy":"product_tag","embeddable":true,"href":"https:\/\/egytourpackages.com\/ro\/wp-json\/wp\/v2\/product_tag?post=6637"}],"curies":[{"name":"wp","href":"https:\/\/api.w.org\/{rel}","templated":true}]}}