{"id":6746,"date":"2025-05-22T12:48:18","date_gmt":"2025-05-22T12:48:18","guid":{"rendered":"https:\/\/egytourpackages.com\/product\/excursie-privata-la-marele-muzeu-egiptean-din-soma-bay-cu-avionul\/"},"modified":"2026-01-04T19:58:23","modified_gmt":"2026-01-04T19:58:23","slug":"excursie-privata-la-marele-muzeu-egiptean-din-soma-bay-cu-avionul","status":"publish","type":"product","link":"https:\/\/egytourpackages.com\/ro\/tours\/excursie-privata-la-marele-muzeu-egiptean-din-soma-bay-cu-avionul\/","title":{"rendered":"Excursie privat\u0103 la Marele Muzeu Egiptean din Soma Bay cu avionul"},"content":{"rendered":"<p><span style=\"color: #ff6600;\"><strong>Excursie privat\u0103 la Marele Muzeu Egiptean din Soma Bay cu avionul<\/strong><\/span><\/p>\n<p><em><strong>Excursie de o zi la Cairo, privat\u0103, din Soma Bay | Cel mai bun Mare Muzeu Egiptean din Soma Bay | Excursii \u00een Soma Bay | Atractii turistice din Cairo, precum Piramidele din Giza, Marele Sfinx, comorile lui Tutankhamon, Obeliscul Suspendat, Khan El Khalili<\/strong><\/em><\/p>\n<h2><span style=\"color: #ff6600;\">Prezentare General\u0103<\/span><\/h2>\n<p>Turul de o zi la <strong>Marele Muzeu Egiptean din Soma Bay cu avionul<\/strong> ofer\u0103 o experien\u021b\u0103 uimitoare prin istoria antic\u0103 a Egiptului, monumentele sale emblematice \u0219i cultura vibrant\u0103. Pachetul nostru de <strong>tururi \u00een Egipt<\/strong> include trei dintre cele mai importante atrac\u021bii ale \u021b\u0103rii: <strong>Marele Muzeu Egiptean (GEM)<\/strong>, <strong>Piramidele din Giza<\/strong> \u0219i <strong>bazarul Khan El Khalili<\/strong>, \u00een cadrul <strong>tururilor \u00een Egipt<\/strong>. De asemenea, ve\u021bi avea ocazia s\u0103 admira\u021bi \u00een premier\u0103 <strong>comorile lui Tutankhamon<\/strong> \u00eentr-un singur loc \u0219i <strong>Barca Solar\u0103<\/strong> din <strong>Marele Muzeu Egiptean<\/strong>.<\/p>\n<h3><span style=\"color: #ff6600;\">Detalii Excursie<\/span><\/h3>\n<ul>\n<li>Durat\u0103: 18 ore<\/li>\n<li>Loca\u021bia Turului: Giza \u2013 Cairo<\/li>\n<li>Disponibilitate: \u00cen fiecare zi<\/li>\n<li>Preluare \u0219i Predare: Hotelul dumneavoastr\u0103 din Soma Bay<\/li>\n<li>Tipul Turului: Privat<\/li>\n<li><strong>Limba: Rom\u00e2n\u0103<\/strong><\/li>\n<li>Recomandat pentru: Cupluri, Familii, Seniori<\/li>\n<li>Scaun cu rotile: Accesibil<\/li>\n<\/ul>\n<h3><span style=\"color: #ff6600;\">Punctele de atrac\u021bie ale turului<\/span><\/h3>\n<ul>\n<li>Marele Muzeu Egiptean<\/li>\n<li>Piramidele din Giza<\/li>\n<li>Marele Sfinx<\/li>\n<li>Templul V\u0103ii<\/li>\n<li>Bazarul Khan El Khalili<\/li>\n<\/ul>\n<h3><span style=\"color: #ff6600;\">Inclus<\/span><\/h3>\n<ul>\n<li>Bilete de avion de la Hurghada la Cairo<\/li>\n<li>Bilete de avion de la Cairo la Hurghada<\/li>\n<li>Transfer dus-\u00eentors cu vehicul cu aer condi\u021bionat<\/li>\n<li>Taxe de intrare pentru toate obiectivele din programul de la Cairo<\/li>\n<li><strong>Ghid turistic egiptolog vorbitor de limb\u0103 rom\u00e2n\u0103<\/strong><\/li>\n<li>Pr\u00e2nz<\/li>\n<li>Ap\u0103 pe durata turului<\/li>\n<\/ul>\n<h3><span style=\"color: #ff6600;\">Exclus<\/span><\/h3>\n<ul>\n<li>B\u0103uturi \u00een timpul pr\u00e2nzului<\/li>\n<li>Taxa de intrare pentru Piramida lui Keops (40 $)<\/li>\n<li>Taxa de intrare pentru Piramida lui Khafre (7,5 $)<\/li>\n<li>Bac\u0219i\u0219uri<\/li>\n<\/ul>\n<h3><span style=\"color: #ff6600;\">Ce s\u0103 \u00eempacheta\u021bi<\/span><\/h3>\n<ul>\n<li>\u00cenc\u0103l\u021b\u0103minte \u0219i haine confortabile, mai ales vara<\/li>\n<li>Haine groase iarna<\/li>\n<li>Ochelari de soare, p\u0103l\u0103rie sau e\u0219arf\u0103<\/li>\n<li>Crem\u0103 de soare vara<\/li>\n<\/ul>\n<h2><span style=\"color: #ff6600;\">Itinerariu<\/span><\/h2>\n<p>Pornire devreme spre aeroportul din Hurghada pentru zborul spre Cairo. La sosire, ghidul dumneavoastr\u0103 v\u0103 va a\u0219tepta \u00een fa\u021ba holului de sosiri din aeroportul din Cairo pentru a \u00eencepe vizita atrac\u021biilor din Egipt.<\/p>\n<h3><span style=\"color: #ff6600;\">Marele Muzeu Egiptean<\/span><\/h3>\n<p>Acest tur este conceput \u00een principal pentru a petrece c\u00e2t mai mult timp la <strong>Marele Muzeu Egiptean<\/strong>. Astfel, turul la piramide va dura aproximativ dou\u0103 ore, iar restul timpului va fi petrecut la <strong>Marele Muzeu Egiptean<\/strong>, inclusiv pr\u00e2nzul.<\/p>\n<p>Turul \u00eencepe chiar \u00eenainte de a intra \u00een <strong>GEM<\/strong>, deoarece v\u0103 ve\u021bi afla fa\u021b\u0103 \u00een fa\u021b\u0103 cu primul \u0219i singurul <strong>Obelisc Suspendat<\/strong> din lume. Mai mult, <strong>cartu\u0219ul<\/strong> cu numele regelui <strong>Ramses al II-lea<\/strong> poate fi v\u0103zut pe baza <strong>Obeliscului<\/strong>.<\/p>\n<p>Continu\u00e2nd spre fa\u021bada <strong>Muzeului GEM<\/strong>, ve\u021bi vedea <strong>cartu\u0219ele<\/strong> constructorilor Piramidelor, precum <strong>Keops<\/strong>, <strong>Khafre<\/strong> \u0219i <strong>Menkaure<\/strong>. De asemenea, Snefru \u0219i faraoni din <strong>Noul Regat<\/strong>.<\/p>\n<p>Odat\u0103 ce ve\u021bi intra \u00een Muzeu, Marele Ramses v\u0103 va \u00eent\u00e2mpina, iar apoi ve\u021bi \u00eencepe pe <strong>Marea Scar\u0103<\/strong>, unde ve\u021bi descoperi semnifica\u021bia designului s\u0103u. \u00cencepe\u021bi cu tema Regalit\u0103\u021bii, cu statui uria\u0219e ale unor regi celebri din Regatul Vechi, Mijlociu \u0219i Nou. Apoi, ve\u021bi descoperi misiunea regelui \u00een via\u021b\u0103, de la construirea de temple pentru zei, la \u00eenchinarea la zeii care-l ajutau s\u0103 men\u021bin\u0103 armonia \u0219i s\u0103 protejeze \u021bara. Dup\u0103 moartea sa, el va fi mumificat \u0219i apoi \u00eengropat \u00een sarcofag, \u00eenainte de a fi a\u0219ezat \u00een interiorul <strong>Piramidului<\/strong>. De acolo, sufletul s\u0103u \u00ee\u0219i va continua c\u0103l\u0103toria spre cer pentru a fi al\u0103turi de sufletele bune din partea de Nord.<\/p>\n<h3><span style=\"color: #ff6600;\">Pr\u00e2nz la GEM<\/span><\/h3>\n<p>Bucura\u021bi-v\u0103 de un pr\u00e2nz de calitate la restaurantul Zooba, \u00een interiorul <strong>Marelui Muzeu Egiptean<\/strong>.<\/p>\n<h3><span style=\"color: #ff6600;\">Galeriile GEM<\/span><\/h3>\n<p>Dup\u0103 pr\u00e2nz, v\u0103 ve\u021bi completa turul cu ghidul dumneavoastr\u0103 pentru a admira restul Muzeului. De fapt, galeriile vorbesc despre trei subiecte diferite, de la era preistoric\u0103 p\u00e2n\u0103 la era greco-roman\u0103. Ve\u021bi \u00eenv\u0103\u021ba \u0219i explora despre Regalitatea antic\u0103, societate \u0219i religie \u00eentr-o ordine foarte bine structurat\u0103.<\/p>\n<p>La sf\u00e2r\u0219itul turului, ve\u021bi continua spre urm\u0103toarea oprire.<\/p>\n<h3><span style=\"color: #ff6600;\">Complexul Piramidelor din Giza<\/span><\/h3>\n<p>Acum este timpul s\u0103 admira\u021bi singurele minuni care mai exist\u0103 pe <strong>platoul din Giza<\/strong>. Conform noului sistem, ve\u021bi lua un autobuz de transfer de la noua intrare pentru a face vizita dup\u0103 cum urmeaz\u0103:<\/p>\n<h3><span style=\"color: #ff6600;\">Piramida lui Keops<\/span><\/h3>\n<p>Marea <strong>Piramid\u0103 a lui Keops<\/strong> este cea mai veche \u0219i cea mai mare din zon\u0103 \u0219i are aproximativ 2,3 milioane de blocuri de piatr\u0103, cu o greutate \u00eentre trei \u0219i cincisprezece tone. Pe l\u00e2ng\u0103 partea istoric\u0103, vom \u00eencerca s\u0103 v\u0103 explic\u0103m ultimele descoperiri din zon\u0103. De asemenea, v\u0103 vom da o idee despre puterea de vindecare a Piramidelor \u0219i cum au fost concepute pentru a v\u0103 pune \u00een <strong>unda cerebral\u0103 Theta<\/strong>, care apare la o frecven\u021b\u0103 de 4-8 Hz \u0219i este asociat\u0103 cu <strong>relaxarea profund\u0103<\/strong>, <strong>creativitatea<\/strong> \u0219i <strong>intui\u021bia<\/strong>.<\/p>\n<p>Mai t\u00e2rziu, pute\u021bi intra gratuit \u00eentr-o mic\u0103 piramid\u0103 \u00eenainte de a trece printre mormintele constructorilor de <strong>Piramide<\/strong>.<\/p>\n<h3><span style=\"color: #ff6600;\">Marele Sfinx<\/span><\/h3>\n<p>Dup\u0103 aceea, ve\u021bi vizita <strong>Templul Mumific\u0103rii<\/strong> de l\u00e2ng\u0103 Sfinx \u0219i <strong>Marele Sfinx<\/strong>. Ve\u021bi afla de ce are cap de om \u0219i corp de leu \u0219i care este leg\u0103tura cu Atlantida pierdut\u0103.<\/p>\n<p>Reveni\u021bi la punctul de plecare pentru a lua ma\u0219ina \u0219i a continua spre <strong>Bazarul Khan El-Khalili<\/strong>.<\/p>\n<p>Este un bazar foarte renumit \u00een inima ora\u0219ului Cairo, l\u00e2ng\u0103 <strong>strada El Moez<\/strong>, cea mai veche strad\u0103 din lume, neschimbat\u0103 din anul 1080 d.Hr. Este una dintre <strong>cele mai bune lucruri de f\u0103cut \u00een Cairo<\/strong> \u0219i o atrac\u021bie turistic\u0103 uimitoare \u00eenainte de a v\u0103 \u00eentoarce la aeroportul din Cairo pentru a zbura la Hurghada. \u00cen cele din urm\u0103, v\u0103 vom transfera de la aeroportul din Hurghada la hotelul dumneavoastr\u0103 din Soma Bay.<\/p>\n<p><strong>Mese: <\/strong>Mic dejun, pr\u00e2nz<\/p>\n<h3><span style=\"color: #ff6600;\">Pre\u021b Excursie Marele Muzeu Egiptean din Soma Bay cu avionul<\/span><\/h3>\n<p><strong>Pre\u021b total 300 $ de persoan\u0103<\/strong><\/p>\n<h3><span style=\"color: #ff6600;\">Rezervare<\/span><\/h3>\n<p>Pute\u021bi rezerva turul dumneavoastr\u0103 prin WhatsApp sau ne pute\u021bi trimite un e-mail \u0219i ve\u021bi primi confirmarea pe loc. V\u0103 rug\u0103m s\u0103 ne trimite\u021bi numele hotelului, num\u0103rul camerei \u0219i copiile pa\u0219apoartelor.<\/p>\n<ul>\n<li><strong>WhatsApp:<\/strong> +201000852186<\/li>\n<li><strong>E-mail:<\/strong> info@egytourpackages.com<\/li>\n<\/ul>\n<h3><span style=\"color: #ff6600;\">Rezerv\u0103 acum \u0219i pl\u0103te\u0219te la fa\u021ba locului<\/span><\/h3>\n<p>Rezerva\u021bi turul dumneavoastr\u0103 preferat \u0219i pl\u0103ti\u021bi \u00een ziua excursiei.<\/p>\n<h3><span style=\"color: #ff6600;\">Plat\u0103<\/span><\/h3>\n<p>Pute\u021bi pl\u0103ti \u00een lire egiptene, $, \u20ac sau \u00a3.<\/p>\n<h3><span style=\"color: #ff6600;\">Politica de Anulare<\/span><\/h3>\n<ul>\n<li>Anularea este gratuit\u0103 cu p\u00e2n\u0103 la 24 de ore \u00eenainte.<\/li>\n<li>Anularea \u00een diminea\u021ba zilei excursiei este de 50% din pre\u021b.<\/li>\n<\/ul>\n","protected":false},"excerpt":{"rendered":"<p>Excursie privat\u0103 la Marele Muzeu Egiptean din Soma Bay cu avionul. Descoperi\u021bi comorile lui Tutankhamon \u0219i piramidele din Giza. Rezerva\u021bi acum!<\/p>\n","protected":false},"featured_media":6751,"comment_status":"open","ping_status":"closed","template":"","meta":[],"product_brand":[],"product_cat":[3120],"product_tag":[3203,3230],"class_list":{"0":"post-6746","1":"product","2":"type-product","3":"status-publish","4":"has-post-thumbnail","6":"product_cat-tururi","7":"product_tag-excursii-de-o-zi-in-egipt","8":"product_tag-excursii-soma-bay","9":"tour_category-excursii-de-o-zi-in-egipt-ro","10":"tour_category-excursii-soma-bay-ro","12":"first","13":"instock","14":"sale","15":"shipping-taxable","16":"purchasable","17":"product-type-tour","18":"has-default-attributes"},"yoast_head":"<!-- This site is optimized with the Yoast SEO Premium plugin v27.2 (Yoast SEO v27.2) - https:\/\/yoast.com\/product\/yoast-seo-premium-wordpress\/ -->\n<title>Excursie privat\u0103 la Marele Muzeu Egiptean din Soma Bay cu avionul<\/title>\n<meta name=\"description\" content=\"Excursie privat\u0103 la Marele Muzeu Egiptean din Soma Bay cu avionul. Descoperi\u021bi comorile lui Tutankhamon \u0219i piramidele din Giza. Rezerva\u021bi acum!\" \/>\n<meta name=\"robots\" content=\"index, follow, max-snippet:-1, max-image-preview:large, max-video-preview:-1\" \/>\n<link rel=\"canonical\" href=\"https:\/\/egytourpackages.com\/ro\/tours\/excursie-privata-la-marele-muzeu-egiptean-din-soma-bay-cu-avionul\/\" \/>\n<meta property=\"og:locale\" content=\"ro_RO\" \/>\n<meta property=\"og:type\" content=\"article\" \/>\n<meta property=\"og:title\" content=\"Excursie privat\u0103 la Marele Muzeu Egiptean din Soma Bay cu avionul\" \/>\n<meta property=\"og:description\" content=\"Excursie privat\u0103 la Marele Muzeu Egiptean din Soma Bay cu avionul. Descoperi\u021bi comorile lui Tutankhamon \u0219i piramidele din Giza. Rezerva\u021bi acum!\" \/>\n<meta property=\"og:url\" content=\"https:\/\/egytourpackages.com\/ro\/tours\/excursie-privata-la-marele-muzeu-egiptean-din-soma-bay-cu-avionul\/\" \/>\n<meta property=\"og:site_name\" content=\"Egypt Tour Packages\" \/>\n<meta property=\"article:publisher\" content=\"https:\/\/www.facebook.com\/egytourpackages\" \/>\n<meta property=\"article:modified_time\" content=\"2026-01-04T19:58:23+00:00\" \/>\n<meta property=\"og:image\" content=\"https:\/\/egytourpackages.com\/wp-content\/uploads\/2025\/05\/Wooden-colored-sarcophagi-from-GEM.jpeg\" \/>\n\t<meta property=\"og:image:width\" content=\"2000\" \/>\n\t<meta property=\"og:image:height\" content=\"924\" \/>\n\t<meta property=\"og:image:type\" content=\"image\/jpeg\" \/>\n<meta name=\"twitter:card\" content=\"summary_large_image\" \/>\n<meta name=\"twitter:title\" content=\"Excursie privat\u0103 la Marele Muzeu Egiptean din Soma Bay cu avionul\" \/>\n<meta name=\"twitter:label1\" content=\"Pre\u021b\" \/>\n\t<meta name=\"twitter:data1\" content=\"&euro;290\" \/>\n\t<meta name=\"twitter:label2\" content=\"Disponibilitate\" \/>\n\t<meta name=\"twitter:data2\" content=\"\u00cen stoc\" \/>\n<script type=\"application\/ld+json\" class=\"yoast-schema-graph\">{\"@context\":\"https:\/\/schema.org\",\"@graph\":[{\"@type\":\"WebPage\",\"@id\":\"https:\/\/egytourpackages.com\/ro\/tours\/excursie-privata-la-marele-muzeu-egiptean-din-soma-bay-cu-avionul\/\",\"url\":\"https:\/\/egytourpackages.com\/ro\/tours\/excursie-privata-la-marele-muzeu-egiptean-din-soma-bay-cu-avionul\/\",\"name\":\"Excursie privat\u0103 la Marele Muzeu Egiptean din Soma Bay cu avionul\",\"isPartOf\":{\"@id\":\"https:\/\/egytourpackages.com\/ro\/#website\"},\"primaryImageOfPage\":{\"@id\":\"https:\/\/egytourpackages.com\/ro\/tours\/excursie-privata-la-marele-muzeu-egiptean-din-soma-bay-cu-avionul\/#primaryimage\"},\"image\":{\"@id\":\"https:\/\/egytourpackages.com\/ro\/tours\/excursie-privata-la-marele-muzeu-egiptean-din-soma-bay-cu-avionul\/#primaryimage\"},\"thumbnailUrl\":\"https:\/\/egytourpackages.com\/wp-content\/uploads\/2025\/05\/Wooden-colored-sarcophagi-from-GEM.jpeg\",\"datePublished\":\"2025-05-22T12:48:18+00:00\",\"dateModified\":\"2026-01-04T19:58:23+00:00\",\"description\":\"Excursie privat\u0103 la Marele Muzeu Egiptean din Soma Bay cu avionul. Descoperi\u021bi comorile lui Tutankhamon \u0219i piramidele din Giza. Rezerva\u021bi acum!\",\"breadcrumb\":{\"@id\":\"https:\/\/egytourpackages.com\/ro\/tours\/excursie-privata-la-marele-muzeu-egiptean-din-soma-bay-cu-avionul\/#breadcrumb\"},\"inLanguage\":\"ro-RO\",\"potentialAction\":[{\"@type\":\"ReadAction\",\"target\":[\"https:\/\/egytourpackages.com\/ro\/tours\/excursie-privata-la-marele-muzeu-egiptean-din-soma-bay-cu-avionul\/\"]}]},{\"@type\":\"ImageObject\",\"inLanguage\":\"ro-RO\",\"@id\":\"https:\/\/egytourpackages.com\/ro\/tours\/excursie-privata-la-marele-muzeu-egiptean-din-soma-bay-cu-avionul\/#primaryimage\",\"url\":\"https:\/\/egytourpackages.com\/wp-content\/uploads\/2025\/05\/Wooden-colored-sarcophagi-from-GEM.jpeg\",\"contentUrl\":\"https:\/\/egytourpackages.com\/wp-content\/uploads\/2025\/05\/Wooden-colored-sarcophagi-from-GEM.jpeg\",\"width\":2000,\"height\":924,\"caption\":\"Excursie privat\u0103 la Marele Muzeu Egiptean din Soma Bay cu avionul\"},{\"@type\":\"BreadcrumbList\",\"@id\":\"https:\/\/egytourpackages.com\/ro\/tours\/excursie-privata-la-marele-muzeu-egiptean-din-soma-bay-cu-avionul\/#breadcrumb\",\"itemListElement\":[{\"@type\":\"ListItem\",\"position\":1,\"name\":\"Home\",\"item\":\"https:\/\/egytourpackages.com\/ro\/\"},{\"@type\":\"ListItem\",\"position\":2,\"name\":\"Shop\",\"item\":\"https:\/\/egytourpackages.com\/shop\/\"},{\"@type\":\"ListItem\",\"position\":3,\"name\":\"Excursie privat\u0103 la Marele Muzeu Egiptean din Soma Bay cu avionul\"}]},{\"@type\":\"WebSite\",\"@id\":\"https:\/\/egytourpackages.com\/ro\/#website\",\"url\":\"https:\/\/egytourpackages.com\/ro\/\",\"name\":\"Egy tour packages\",\"description\":\"\",\"publisher\":{\"@id\":\"https:\/\/egytourpackages.com\/ro\/#organization\"},\"potentialAction\":[{\"@type\":\"SearchAction\",\"target\":{\"@type\":\"EntryPoint\",\"urlTemplate\":\"https:\/\/egytourpackages.com\/ro\/?s={search_term_string}\"},\"query-input\":{\"@type\":\"PropertyValueSpecification\",\"valueRequired\":true,\"valueName\":\"search_term_string\"}}],\"inLanguage\":\"ro-RO\"},{\"@type\":[\"Organization\",\"Place\",\"TravelAgency\"],\"@id\":\"https:\/\/egytourpackages.com\/ro\/#organization\",\"name\":\"egypt tour packages\",\"alternateName\":\"egypt tour packages\",\"url\":\"https:\/\/egytourpackages.com\/ro\/\",\"logo\":{\"@id\":\"https:\/\/egytourpackages.com\/ro\/tours\/excursie-privata-la-marele-muzeu-egiptean-din-soma-bay-cu-avionul\/#local-main-organization-logo\"},\"image\":{\"@id\":\"https:\/\/egytourpackages.com\/ro\/tours\/excursie-privata-la-marele-muzeu-egiptean-din-soma-bay-cu-avionul\/#local-main-organization-logo\"},\"sameAs\":[\"https:\/\/www.facebook.com\/egytourpackages\"],\"legalName\":\"Egy tour packages\",\"address\":{\"@id\":\"https:\/\/egytourpackages.com\/ro\/tours\/excursie-privata-la-marele-muzeu-egiptean-din-soma-bay-cu-avionul\/#local-main-place-address\"},\"telephone\":[\"00201000852186\",\"00201028685533\"],\"contactPoint\":{\"@type\":\"ContactPoint\",\"telephone\":\"00201000852186\"},\"openingHoursSpecification\":[{\"@type\":\"OpeningHoursSpecification\",\"dayOfWeek\":[\"Monday\",\"Tuesday\",\"Wednesday\",\"Thursday\",\"Friday\",\"Saturday\",\"Sunday\"],\"opens\":\"00:00\",\"closes\":\"23:59\"}],\"email\":\"info@egytourpackages.com\",\"areaServed\":\"Cairo, Hurghada, Luxor, Sharm El Sheikh, Marsa Alam, Aswan\",\"priceRange\":\"$\",\"currenciesAccepted\":\"euro\",\"paymentAccepted\":\"Payment links online\"},{\"@type\":\"PostalAddress\",\"@id\":\"https:\/\/egytourpackages.com\/ro\/tours\/excursie-privata-la-marele-muzeu-egiptean-din-soma-bay-cu-avionul\/#local-main-place-address\",\"streetAddress\":\"Mubarak 8, Al Kawthar District, Hurghada\",\"addressLocality\":\"Hurghada\",\"postalCode\":\"84511\",\"addressRegion\":\"Red Sea\",\"addressCountry\":\"EG\"},{\"@type\":\"ImageObject\",\"inLanguage\":\"ro-RO\",\"@id\":\"https:\/\/egytourpackages.com\/ro\/tours\/excursie-privata-la-marele-muzeu-egiptean-din-soma-bay-cu-avionul\/#local-main-organization-logo\",\"url\":\"https:\/\/egytourpackages.com\/wp-content\/uploads\/2025\/12\/Turquoise-Dahabiya-Nile-Cruise-1.jpeg\",\"contentUrl\":\"https:\/\/egytourpackages.com\/wp-content\/uploads\/2025\/12\/Turquoise-Dahabiya-Nile-Cruise-1.jpeg\",\"width\":1040,\"height\":694,\"caption\":\"egypt tour packages\"}]}<\/script>\n<meta property=\"product:brand\" content=\"Excursii de o zi \u00een Egipt\" \/>\n<meta property=\"product:price:amount\" content=\"290\" \/>\n<meta property=\"product:price:currency\" content=\"EUR\" \/>\n<meta property=\"og:availability\" content=\"instock\" \/>\n<meta property=\"product:availability\" content=\"instock\" \/>\n<meta property=\"product:retailer_item_id\" content=\"SBE07\" \/>\n<meta property=\"product:condition\" content=\"new\" \/>\n<meta name=\"geo.placename\" content=\"Hurghada\" \/>\n<meta name=\"geo.region\" content=\"Egipt\" \/>\n<!-- \/ Yoast SEO Premium plugin. -->","yoast_head_json":{"title":"Excursie privat\u0103 la Marele Muzeu Egiptean din Soma Bay cu avionul","description":"Excursie privat\u0103 la Marele Muzeu Egiptean din Soma Bay cu avionul. Descoperi\u021bi comorile lui Tutankhamon \u0219i piramidele din Giza. Rezerva\u021bi acum!","robots":{"index":"index","follow":"follow","max-snippet":"max-snippet:-1","max-image-preview":"max-image-preview:large","max-video-preview":"max-video-preview:-1"},"canonical":"https:\/\/egytourpackages.com\/ro\/tours\/excursie-privata-la-marele-muzeu-egiptean-din-soma-bay-cu-avionul\/","og_locale":"ro_RO","og_type":"article","og_title":"Excursie privat\u0103 la Marele Muzeu Egiptean din Soma Bay cu avionul","og_description":"Excursie privat\u0103 la Marele Muzeu Egiptean din Soma Bay cu avionul. Descoperi\u021bi comorile lui Tutankhamon \u0219i piramidele din Giza. Rezerva\u021bi acum!","og_url":"https:\/\/egytourpackages.com\/ro\/tours\/excursie-privata-la-marele-muzeu-egiptean-din-soma-bay-cu-avionul\/","og_site_name":"Egypt Tour Packages","article_publisher":"https:\/\/www.facebook.com\/egytourpackages","article_modified_time":"2026-01-04T19:58:23+00:00","og_image":[{"width":2000,"height":924,"url":"https:\/\/egytourpackages.com\/wp-content\/uploads\/2025\/05\/Wooden-colored-sarcophagi-from-GEM.jpeg","type":"image\/jpeg"}],"twitter_card":"summary_large_image","twitter_title":"Excursie privat\u0103 la Marele Muzeu Egiptean din Soma Bay cu avionul","twitter_misc":{"Pre\u021b":"&euro;290","Disponibilitate":"\u00cen stoc"},"schema":{"@context":"https:\/\/schema.org","@graph":[{"@type":"WebPage","@id":"https:\/\/egytourpackages.com\/ro\/tours\/excursie-privata-la-marele-muzeu-egiptean-din-soma-bay-cu-avionul\/","url":"https:\/\/egytourpackages.com\/ro\/tours\/excursie-privata-la-marele-muzeu-egiptean-din-soma-bay-cu-avionul\/","name":"Excursie privat\u0103 la Marele Muzeu Egiptean din Soma Bay cu avionul","isPartOf":{"@id":"https:\/\/egytourpackages.com\/ro\/#website"},"primaryImageOfPage":{"@id":"https:\/\/egytourpackages.com\/ro\/tours\/excursie-privata-la-marele-muzeu-egiptean-din-soma-bay-cu-avionul\/#primaryimage"},"image":{"@id":"https:\/\/egytourpackages.com\/ro\/tours\/excursie-privata-la-marele-muzeu-egiptean-din-soma-bay-cu-avionul\/#primaryimage"},"thumbnailUrl":"https:\/\/egytourpackages.com\/wp-content\/uploads\/2025\/05\/Wooden-colored-sarcophagi-from-GEM.jpeg","datePublished":"2025-05-22T12:48:18+00:00","dateModified":"2026-01-04T19:58:23+00:00","description":"Excursie privat\u0103 la Marele Muzeu Egiptean din Soma Bay cu avionul. Descoperi\u021bi comorile lui Tutankhamon \u0219i piramidele din Giza. Rezerva\u021bi acum!","breadcrumb":{"@id":"https:\/\/egytourpackages.com\/ro\/tours\/excursie-privata-la-marele-muzeu-egiptean-din-soma-bay-cu-avionul\/#breadcrumb"},"inLanguage":"ro-RO","potentialAction":[{"@type":"ReadAction","target":["https:\/\/egytourpackages.com\/ro\/tours\/excursie-privata-la-marele-muzeu-egiptean-din-soma-bay-cu-avionul\/"]}]},{"@type":"ImageObject","inLanguage":"ro-RO","@id":"https:\/\/egytourpackages.com\/ro\/tours\/excursie-privata-la-marele-muzeu-egiptean-din-soma-bay-cu-avionul\/#primaryimage","url":"https:\/\/egytourpackages.com\/wp-content\/uploads\/2025\/05\/Wooden-colored-sarcophagi-from-GEM.jpeg","contentUrl":"https:\/\/egytourpackages.com\/wp-content\/uploads\/2025\/05\/Wooden-colored-sarcophagi-from-GEM.jpeg","width":2000,"height":924,"caption":"Excursie privat\u0103 la Marele Muzeu Egiptean din Soma Bay cu avionul"},{"@type":"BreadcrumbList","@id":"https:\/\/egytourpackages.com\/ro\/tours\/excursie-privata-la-marele-muzeu-egiptean-din-soma-bay-cu-avionul\/#breadcrumb","itemListElement":[{"@type":"ListItem","position":1,"name":"Home","item":"https:\/\/egytourpackages.com\/ro\/"},{"@type":"ListItem","position":2,"name":"Shop","item":"https:\/\/egytourpackages.com\/shop\/"},{"@type":"ListItem","position":3,"name":"Excursie privat\u0103 la Marele Muzeu Egiptean din Soma Bay cu avionul"}]},{"@type":"WebSite","@id":"https:\/\/egytourpackages.com\/ro\/#website","url":"https:\/\/egytourpackages.com\/ro\/","name":"Egy tour packages","description":"","publisher":{"@id":"https:\/\/egytourpackages.com\/ro\/#organization"},"potentialAction":[{"@type":"SearchAction","target":{"@type":"EntryPoint","urlTemplate":"https:\/\/egytourpackages.com\/ro\/?s={search_term_string}"},"query-input":{"@type":"PropertyValueSpecification","valueRequired":true,"valueName":"search_term_string"}}],"inLanguage":"ro-RO"},{"@type":["Organization","Place","TravelAgency"],"@id":"https:\/\/egytourpackages.com\/ro\/#organization","name":"egypt tour packages","alternateName":"egypt tour packages","url":"https:\/\/egytourpackages.com\/ro\/","logo":{"@id":"https:\/\/egytourpackages.com\/ro\/tours\/excursie-privata-la-marele-muzeu-egiptean-din-soma-bay-cu-avionul\/#local-main-organization-logo"},"image":{"@id":"https:\/\/egytourpackages.com\/ro\/tours\/excursie-privata-la-marele-muzeu-egiptean-din-soma-bay-cu-avionul\/#local-main-organization-logo"},"sameAs":["https:\/\/www.facebook.com\/egytourpackages"],"legalName":"Egy tour packages","address":{"@id":"https:\/\/egytourpackages.com\/ro\/tours\/excursie-privata-la-marele-muzeu-egiptean-din-soma-bay-cu-avionul\/#local-main-place-address"},"telephone":["00201000852186","00201028685533"],"contactPoint":{"@type":"ContactPoint","telephone":"00201000852186"},"openingHoursSpecification":[{"@type":"OpeningHoursSpecification","dayOfWeek":["Monday","Tuesday","Wednesday","Thursday","Friday","Saturday","Sunday"],"opens":"00:00","closes":"23:59"}],"email":"info@egytourpackages.com","areaServed":"Cairo, Hurghada, Luxor, Sharm El Sheikh, Marsa Alam, Aswan","priceRange":"$","currenciesAccepted":"euro","paymentAccepted":"Payment links online"},{"@type":"PostalAddress","@id":"https:\/\/egytourpackages.com\/ro\/tours\/excursie-privata-la-marele-muzeu-egiptean-din-soma-bay-cu-avionul\/#local-main-place-address","streetAddress":"Mubarak 8, Al Kawthar District, Hurghada","addressLocality":"Hurghada","postalCode":"84511","addressRegion":"Red Sea","addressCountry":"EG"},{"@type":"ImageObject","inLanguage":"ro-RO","@id":"https:\/\/egytourpackages.com\/ro\/tours\/excursie-privata-la-marele-muzeu-egiptean-din-soma-bay-cu-avionul\/#local-main-organization-logo","url":"https:\/\/egytourpackages.com\/wp-content\/uploads\/2025\/12\/Turquoise-Dahabiya-Nile-Cruise-1.jpeg","contentUrl":"https:\/\/egytourpackages.com\/wp-content\/uploads\/2025\/12\/Turquoise-Dahabiya-Nile-Cruise-1.jpeg","width":1040,"height":694,"caption":"egypt tour packages"}]},"product_brand":"Excursii de o zi \u00een Egipt","product_price_amount":"290","product_price_currency":"EUR","og_availability":"instock","product_availability":"instock","product_retailer_item_id":"SBE07","product_condition":"new","geo.placename":"Hurghada","geo.region":"Egipt"},"_links":{"self":[{"href":"https:\/\/egytourpackages.com\/ro\/wp-json\/wp\/v2\/product\/6746","targetHints":{"allow":["GET"]}}],"collection":[{"href":"https:\/\/egytourpackages.com\/ro\/wp-json\/wp\/v2\/product"}],"about":[{"href":"https:\/\/egytourpackages.com\/ro\/wp-json\/wp\/v2\/types\/product"}],"replies":[{"embeddable":true,"href":"https:\/\/egytourpackages.com\/ro\/wp-json\/wp\/v2\/comments?post=6746"}],"wp:featuredmedia":[{"embeddable":true,"href":"https:\/\/egytourpackages.com\/ro\/wp-json\/wp\/v2\/media\/6751"}],"wp:attachment":[{"href":"https:\/\/egytourpackages.com\/ro\/wp-json\/wp\/v2\/media?parent=6746"}],"wp:term":[{"taxonomy":"product_brand","embeddable":true,"href":"https:\/\/egytourpackages.com\/ro\/wp-json\/wp\/v2\/product_brand?post=6746"},{"taxonomy":"product_cat","embeddable":true,"href":"https:\/\/egytourpackages.com\/ro\/wp-json\/wp\/v2\/product_cat?post=6746"},{"taxonomy":"product_tag","embeddable":true,"href":"https:\/\/egytourpackages.com\/ro\/wp-json\/wp\/v2\/product_tag?post=6746"}],"curies":[{"name":"wp","href":"https:\/\/api.w.org\/{rel}","templated":true}]}}