{"id":7025,"date":"2025-05-18T22:06:10","date_gmt":"2025-05-18T22:06:10","guid":{"rendered":"https:\/\/egytourpackages.com\/product\/excursie-de-2-zile-la-luxor-si-cairo-din-marsa-alam\/"},"modified":"2026-01-04T19:41:26","modified_gmt":"2026-01-04T19:41:26","slug":"excursie-de-2-zile-la-luxor-si-cairo-din-marsa-alam","status":"publish","type":"product","link":"https:\/\/egytourpackages.com\/ro\/tours\/excursie-de-2-zile-la-luxor-si-cairo-din-marsa-alam\/","title":{"rendered":"Excursie de 2 Zile la Luxor \u0219i Cairo din Marsa Alam"},"content":{"rendered":"<p><span style=\"color: #ff6600;\"><strong>Excursie de 2 Zile la Luxor \u0219i Cairo din Marsa Alam: Pachet Turistic Privat<\/strong><\/span><\/p>\n<h2><span style=\"color: #ff6600;\">Prezentare General\u0103<\/span><\/h2>\n<p><strong>Excursia de dou\u0103 zile la Luxor \u0219i Cairo din Marsa Alam<\/strong> v\u0103 va ajuta s\u0103 \u00een\u021belege\u021bi \u0219i s\u0103 descoperi\u021bi civiliza\u021bia egiptean\u0103 antic\u0103, care dateaz\u0103 de 7000 de ani. <strong>Egy tour packages<\/strong> v\u0103 ofer\u0103 un ghid turistic expert, vehicule noi \u0219i m\u00e2ncare de calitate la restaurante foarte bune. De fapt, aventura dumneavoastr\u0103 la <strong>Luxor<\/strong> \u0219i <strong>Cairo<\/strong> va include atrac\u021biile din Luxor \u0219i principalele <strong>atrac\u021bii turistice<\/strong> din Cairo.<\/p>\n<p>\u00cen Luxor, ve\u021bi explora <strong>Valea Regilor<\/strong> cu posibilitatea de a vizita <strong>morm\u00e2ntul lui Tutankhamon<\/strong>, <strong>templul lui Hatshepsut<\/strong> \u0219i <strong>complexul de temple de la Karnak<\/strong>.<\/p>\n<p>\u00cen timp ce <strong>tururile \u00een Cairo<\/strong> includ celebra minune antic\u0103, <strong>Piramidele din Giza<\/strong>, <strong>Marele Sfinx<\/strong> \u0219i <strong>Marele Muzeu Egiptean<\/strong>. \u00cen final, ve\u021bi zbura \u00eenapoi la Hurghada, apoi ve\u021bi fi transferat la hotelul dumneavoastr\u0103 din <strong>Marsa Alam<\/strong>.<\/p>\n<h3><span style=\"color: #ff6600;\">Detalii Tur<\/span><\/h3>\n<ul>\n<li>Durata: 2 Zile \/ 1 Noapte<\/li>\n<li>Loca\u021bia Turului: Luxor \u2013 Cairo<\/li>\n<li>Disponibilitatea Turului: \u00cen fiecare zi<\/li>\n<li>Preluare \u0219i Predare: Hoteluri din Marsa Alam<\/li>\n<li>Tip Tur: Privat<\/li>\n<li><strong>Limba: Rom\u00e2n\u0103<\/strong><\/li>\n<li>Scaun cu rotile: Accesibil<\/li>\n<\/ul>\n<h3><span style=\"color: #ff6600;\">Inclus<\/span><\/h3>\n<ul>\n<li><strong>Ghid turistic egiptolog care vorbe\u0219te fluent limba rom\u00e2n\u0103<\/strong><\/li>\n<li>Toate transferurile cu vehicul nou<\/li>\n<li>Taxa de intrare pentru toate obiectivele din program<\/li>\n<li>Mesele men\u021bionate \u00een program<\/li>\n<li>Bilete de avion de la Cairo la Hurghada<\/li>\n<li>1 noapte de cazare la un hotel de 4**** \u00een Luxor, \u00een regim de A\/D<\/li>\n<\/ul>\n<h3><span style=\"color: #ff6600;\">Exclus<\/span><\/h3>\n<ul>\n<li>Bac\u0219i\u0219uri<\/li>\n<li>B\u0103uturi \u00een timpul meselor<\/li>\n<li>Orice cheltuieli personale<\/li>\n<\/ul>\n<h3><span style=\"color: #ff6600;\">Ce s\u0103 lua\u021bi cu dumneavoastr\u0103<\/span><\/h3>\n<ul>\n<li>P\u0103l\u0103rie, ochelari de soare \u0219i crem\u0103 de protec\u021bie solar\u0103<\/li>\n<li>Haine \u0219i \u00eenc\u0103l\u021b\u0103minte confortabile<\/li>\n<li>Haine groase \u00een timpul iernii<\/li>\n<\/ul>\n<h3><span style=\"color: #ff6600;\">Ziua 1, Marsa Alam &#8211; Luxor<\/span><\/h3>\n<p>V\u0103 ve\u021bi \u00eent\u00e2lni cu ghidul dumneavoastr\u0103 la recep\u021bia hotelului pentru a \u00eencepe <strong>excursia de dou\u0103 zile la Luxor \u0219i Cairo din Marsa Alam<\/strong>. V\u0103 ve\u021bi bucura de o pauz\u0103 de cafea pe drumul spre Luxor, unde pute\u021bi lua micul dejun sau bea cafeaua de diminea\u021b\u0103. La sosire, ve\u021bi \u00eencepe turul atrac\u021biilor din Luxor, pe malul vestic.<\/p>\n<h3><span style=\"color: #ff6600;\">Valea Regilor<\/span><\/h3>\n<p>Explora\u021bi \u00eempreun\u0103 cu ghidul dumneavoastr\u0103 istoria egiptean\u0103 antic\u0103 \u00een timpul dinastiilor a 18-a, a 19-a \u0219i a 20-a \u0219i motivele pentru care faraonii au ales acea loca\u021bie pentru odihna lor final\u0103. De fapt, ve\u021bi avea ocazia s\u0103 vizita\u021bi trei morminte incluse \u00een biletul dumneavoastr\u0103, cum ar fi <strong>morm\u00e2ntul lui Ramses I<\/strong>, <strong>morm\u00e2ntul lui Ramses III<\/strong>, <strong>morm\u00e2ntul lui Ramses IX<\/strong> \u0219i <strong>Morm\u00e2ntul KV 8 al lui Merenptah<\/strong>. \u00cen plus, pute\u021bi ad\u0103uga, contra cost, morm\u00e2ntul regelui copil <strong>Tutankhamon<\/strong>, <strong>morm\u00e2ntul lui Seti I<\/strong> \u0219i <strong>Morm\u00e2ntul lui Ramses IV<\/strong>. La sf\u00e2r\u0219itul vizitei, ve\u021bi continua la urm\u0103toarea oprire.<\/p>\n<h3><span style=\"color: #ff6600;\">Templul lui Hatshepsut<\/span><\/h3>\n<p><strong>Templul lui Hatshepsut din Al Deir El Bahari<\/strong> este un templu foarte unic pe malul vestic al Luxorului. Explora\u021bi misiunea templului lui Hatshepsut \u0219i turul spiritual din interiorul templului. De asemenea, ve\u021bi admira frumoasele scene de <strong>agricultur\u0103<\/strong>, scene de recoltare \u0219i de comer\u021b cu \u021bara Punt. Pe l\u00e2ng\u0103 acestea, ve\u021bi vedea uimitoarele capele ale lui Anubis, Hathor \u0219i sculpturi frumoase ale zeilor egipteni precum <strong>Amun<\/strong>, <strong>Anubis<\/strong>, <strong>Seshat<\/strong> \u0219i <strong>Isis<\/strong>.<\/p>\n<h3><span style=\"color: #ff6600;\">Colo\u0219ii lui Memnon<\/span><\/h3>\n<p>Statuiile C\u00e2nt\u0103toare sau <strong>Memnonul Vocal<\/strong> al lui <strong>Amenhotep al III-lea<\/strong>, unul dintre regii Dinastiei a 18-a care a domnit \u00een Egipt timp de 38 de ani. Aceste dou\u0103 statui gigantice decorau intrarea templului mortuar al Regelui. Ghidul dumneavoastr\u0103 v\u0103 va explica despre statui \u0219i despre ritualurile de deschidere a gurii din templu.<\/p>\n<h3><span style=\"color: #ff6600;\">Pr\u00e2nz<\/span><\/h3>\n<p>Bucura\u021bi-v\u0103 de un pr\u00e2nz proasp\u0103t g\u0103tit la un restaurant local.<\/p>\n<h3><span style=\"color: #ff6600;\">Complexul de temple de la Karnak<\/span><\/h3>\n<p>\u00cencheia\u021bi-v\u0103 ziua la Luxor cu o vizit\u0103 la cel mai mare complex de temple din \u00eentreaga lume. De fapt, <strong>templul de la Karnak<\/strong> este o carte deschis\u0103 despre religia egiptean\u0103 antic\u0103, sculptura \u00een Egiptul antic \u0219i arhitectura. Aici pute\u021bi vedea o mul\u021bime de cl\u0103diri, cum ar fi <strong>templul lui Ptah<\/strong>, <strong>capela lui Sekhmet<\/strong>, <strong>obeliscurile lui Hatshepsut<\/strong> \u0219i <strong>Marea Sal\u0103 Hipostil\u0103<\/strong>. Mai mult, ve\u021bi vedea \u0219i <strong>Lacul Sacru<\/strong>, <strong>Gr\u0103dina Botanic\u0103<\/strong>, Muzeul \u00een aer liber \u0219i multe altele. Mai t\u00e2rziu, ghidul dumneavoastr\u0103 v\u0103 va \u00eenso\u021bi pentru a v\u0103 caza f\u0103r\u0103 probleme la hotelul dumneavoastr\u0103 din Luxor, unde ve\u021bi petrece noaptea.<\/p>\n<p><strong>Mese:<\/strong> Mic dejun, pr\u00e2nz, cin\u0103<\/p>\n<h3><span style=\"color: #ff6600;\">Ziua 2, Cairo &#8211; Hurghada &#8211; Marsa Alam<\/span><\/h3>\n<p>Bucura\u021bi-v\u0103 de micul dejun la hotel, apoi transferul c\u0103tre aeroportul din Luxor pentru a zbura la Cairo. La sosirea pe aeroportul din Cairo, ghidul dumneavoastr\u0103 vi se va al\u0103tura pentru a \u00eencepe vizitarea atrac\u021biilor din Cairo.<\/p>\n<h3><span style=\"color: #ff6600;\">Piramidele din Giza<\/span><\/h3>\n<p>Bucura\u021bi-v\u0103 de vizita dumneavoastr\u0103 pe Platoul Giza, unde ve\u021bi vedea faimoasele <strong>Piramide ale lui Keops<\/strong>, <strong>Khafre<\/strong> \u0219i <strong>Menkaure<\/strong>. Experimenta\u021bi zona dintr-o nou\u0103 perspectiv\u0103 \u0219i asculta\u021bi despre actualiz\u0103rile noilor descoperiri. Vizita\u021bi <strong>Marea Piramid\u0103<\/strong>, <strong>Piramidele Reginei<\/strong>, <strong>gropile cu Barc\u0103 Solar\u0103<\/strong> \u0219i templul sufletului. Descoperi\u021bi energia piramidelor \u0219i conexiunea lor cu <strong>Centura lui Orion<\/strong> \u0219i cu termenul modern <strong>Mer Ka Ba<\/strong>.<\/p>\n<h3><span style=\"color: #ff6600;\">Marele Sfinx<\/span><\/h3>\n<p>\u00cencheia\u021bi turul la Marele Sfinx \u0219i la Stela Viselor \u0219i afla\u021bi despre <strong>mumificare<\/strong> la templul de l\u00e2ng\u0103 Sfinx.<\/p>\n<h3><span style=\"color: #ff6600;\">Pr\u00e2nz<\/span><\/h3>\n<p>Bucura\u021bi-v\u0103 de un pr\u00e2nz proasp\u0103t g\u0103tit la un restaurant din apropierea Piramidelor \u0219i a GEM.<\/p>\n<h3><span style=\"color: #ff6600;\">Marele Muzeu Egiptean<\/span><\/h3>\n<p>\u00cencheia\u021bi-v\u0103 <strong>tururile \u00een Cairo<\/strong> cu <strong>GEM sau Marele Muzeu Egiptean<\/strong>, unde ve\u021bi fi uimi\u021bi de artefactele extraordinare din Regatele Vechi, Mijlociu \u0219i Nou. Petrece\u021bi c\u00e2t timp dori\u021bi, admir\u00e2nd coridorul grandios, s\u0103lile Regilor, s\u0103lile societ\u0103\u021bii \u0219i s\u0103lile credin\u021belor egiptene antice. Mai t\u00e2rziu, ve\u021bi fi transferat la aeroportul din Cairo pentru a zbura la Hurghada. \u00cencheia\u021bi <strong>excursia de dou\u0103 zile la Luxor \u0219i Cairo din Marsa Alam<\/strong> cu un transfer \u00eenapoi la hotelul dumneavoastr\u0103.<\/p>\n<h3><span style=\"color: #ff6600;\">Pre\u021bul Excursiei de dou\u0103 zile la Luxor \u0219i Cairo din Marsa Alam<\/span><\/h3>\n<ul>\n<li>Pre\u021b adult = 500 \u20ac<\/li>\n<li>Copii 0-5 ani = gratuit<\/li>\n<li>Copii 5-11 ani = 50% din pre\u021bul adultului<\/li>\n<\/ul>\n<h3><span style=\"color: #ff6600;\">Rezervare<\/span><\/h3>\n<p>Pute\u021bi rezerva turul dumneavoastr\u0103 prin WhatsApp sau ne pute\u021bi trimite un e-mail \u0219i ve\u021bi primi confirmarea pe loc.<\/p>\n<p>V\u0103 rug\u0103m s\u0103 ne trimite\u021bi numele hotelului dumneavoastr\u0103, num\u0103rul camerei \u0219i copii ale pa\u0219aportului.<\/p>\n<p>WhatsApp: +201000852186<\/p>\n<p>info@egytourpackages.com<\/p>\n<h3><span style=\"color: #ff6600;\">Rezerva\u021bi acum \u0219i pl\u0103ti\u021bi la fa\u021ba locului:<\/span><\/h3>\n<p>Rezerva\u021bi turul dumneavoastr\u0103 preferat \u0219i pl\u0103ti\u021bi \u00een ziua excursiei.<\/p>\n<h3><span style=\"color: #ff6600;\">Plat\u0103<\/span><\/h3>\n<ul>\n<li>Pute\u021bi pl\u0103ti \u00een lire egiptene, $, \u20ac sau \u00a3.<\/li>\n<\/ul>\n<h3><span style=\"color: #ff6600;\">Politica de Anulare<\/span><\/h3>\n<ul>\n<li>Anularea este gratuit\u0103 cu p\u00e2n\u0103 la 24 de ore \u00een avans.<\/li>\n<li>Anularea \u00een diminea\u021ba zilei de tur reprezint\u0103 50% din pre\u021b.<\/li>\n<\/ul>\n","protected":false},"excerpt":{"rendered":"<p>Excursie de 2 Zile la Luxor \u0219i Cairo din Marsa Alam. Descoperi\u021bi Piramidele, Sfinxul, Valea Regilor \u0219i multe altele. Ghid expert \u0219i zboruri.<\/p>\n","protected":false},"featured_media":7026,"comment_status":"open","ping_status":"closed","template":"","meta":[],"product_brand":[],"product_cat":[3120],"product_tag":[3203,3467,3229],"class_list":{"0":"post-7025","1":"product","2":"type-product","3":"status-publish","4":"has-post-thumbnail","6":"product_cat-tururi","7":"product_tag-excursii-de-o-zi-in-egipt","8":"product_tag-pachete-turistice-in-egipt-din-marsa-alam","9":"product_tag-tururi-marsa-alam","10":"tour_category-excursii-de-o-zi-in-egipt-ro","11":"tour_category-excursii-marsa-alam-ro","13":"first","14":"instock","15":"sale","16":"shipping-taxable","17":"purchasable","18":"product-type-tour","19":"has-default-attributes"},"yoast_head":"<!-- This site is optimized with the Yoast SEO Premium plugin v27.4 (Yoast SEO v27.4) - https:\/\/yoast.com\/product\/yoast-seo-premium-wordpress\/ -->\n<title>Excursie de 2 Zile la Luxor \u0219i Cairo din Marsa Alam<\/title>\n<meta name=\"description\" content=\"Excursie de 2 Zile la Luxor \u0219i Cairo din Marsa Alam. Descoperi\u021bi Piramidele, Sfinxul, Valea Regilor \u0219i multe altele. Ghid expert \u0219i zboruri.\" \/>\n<meta name=\"robots\" content=\"index, follow, max-snippet:-1, max-image-preview:large, max-video-preview:-1\" \/>\n<link rel=\"canonical\" href=\"https:\/\/egytourpackages.com\/ro\/tours\/excursie-de-2-zile-la-luxor-si-cairo-din-marsa-alam\/\" \/>\n<meta property=\"og:locale\" content=\"ro_RO\" \/>\n<meta property=\"og:type\" content=\"article\" \/>\n<meta property=\"og:title\" content=\"Excursie de 2 Zile la Luxor \u0219i Cairo din Marsa Alam\" \/>\n<meta property=\"og:description\" content=\"Excursie de 2 Zile la Luxor \u0219i Cairo din Marsa Alam. Descoperi\u021bi Piramidele, Sfinxul, Valea Regilor \u0219i multe altele. Ghid expert \u0219i zboruri.\" \/>\n<meta property=\"og:url\" content=\"https:\/\/egytourpackages.com\/ro\/tours\/excursie-de-2-zile-la-luxor-si-cairo-din-marsa-alam\/\" \/>\n<meta property=\"og:site_name\" content=\"Egypt Tour Packages\" \/>\n<meta property=\"article:publisher\" content=\"https:\/\/www.facebook.com\/egytourpackages\" \/>\n<meta property=\"article:modified_time\" content=\"2026-01-04T19:41:26+00:00\" \/>\n<meta property=\"og:image\" content=\"https:\/\/egytourpackages.com\/wp-content\/uploads\/2025\/05\/Giza-Pyramids-at-night-1024x473.jpg\" \/>\n<meta name=\"twitter:card\" content=\"summary_large_image\" \/>\n<meta name=\"twitter:title\" content=\"Excursie de 2 Zile la Luxor \u0219i Cairo din Marsa Alam\" \/>\n<meta name=\"twitter:label1\" content=\"Pre\u021b\" \/>\n\t<meta name=\"twitter:data1\" content=\"&euro;510\" \/>\n\t<meta name=\"twitter:label2\" content=\"Disponibilitate\" \/>\n\t<meta name=\"twitter:data2\" content=\"\u00cen stoc\" \/>\n<script type=\"application\/ld+json\" class=\"yoast-schema-graph\">{\"@context\":\"https:\\\/\\\/schema.org\",\"@graph\":[{\"@type\":\"WebPage\",\"@id\":\"https:\\\/\\\/egytourpackages.com\\\/ro\\\/tours\\\/excursie-de-2-zile-la-luxor-si-cairo-din-marsa-alam\\\/\",\"url\":\"https:\\\/\\\/egytourpackages.com\\\/ro\\\/tours\\\/excursie-de-2-zile-la-luxor-si-cairo-din-marsa-alam\\\/\",\"name\":\"Excursie de 2 Zile la Luxor \u0219i Cairo din Marsa Alam\",\"isPartOf\":{\"@id\":\"https:\\\/\\\/egytourpackages.com\\\/ro\\\/#website\"},\"primaryImageOfPage\":{\"@id\":\"https:\\\/\\\/egytourpackages.com\\\/ro\\\/tours\\\/excursie-de-2-zile-la-luxor-si-cairo-din-marsa-alam\\\/#primaryimage\"},\"image\":{\"@id\":\"https:\\\/\\\/egytourpackages.com\\\/ro\\\/tours\\\/excursie-de-2-zile-la-luxor-si-cairo-din-marsa-alam\\\/#primaryimage\"},\"thumbnailUrl\":\"https:\\\/\\\/egytourpackages.com\\\/wp-content\\\/uploads\\\/2025\\\/05\\\/Giza-Pyramids-at-night.jpg\",\"datePublished\":\"2025-05-18T22:06:10+00:00\",\"dateModified\":\"2026-01-04T19:41:26+00:00\",\"description\":\"Excursie de 2 Zile la Luxor \u0219i Cairo din Marsa Alam. Descoperi\u021bi Piramidele, Sfinxul, Valea Regilor \u0219i multe altele. Ghid expert \u0219i zboruri.\",\"breadcrumb\":{\"@id\":\"https:\\\/\\\/egytourpackages.com\\\/ro\\\/tours\\\/excursie-de-2-zile-la-luxor-si-cairo-din-marsa-alam\\\/#breadcrumb\"},\"inLanguage\":\"ro-RO\",\"potentialAction\":[{\"@type\":\"ReadAction\",\"target\":[\"https:\\\/\\\/egytourpackages.com\\\/ro\\\/tours\\\/excursie-de-2-zile-la-luxor-si-cairo-din-marsa-alam\\\/\"]}]},{\"@type\":\"ImageObject\",\"inLanguage\":\"ro-RO\",\"@id\":\"https:\\\/\\\/egytourpackages.com\\\/ro\\\/tours\\\/excursie-de-2-zile-la-luxor-si-cairo-din-marsa-alam\\\/#primaryimage\",\"url\":\"https:\\\/\\\/egytourpackages.com\\\/wp-content\\\/uploads\\\/2025\\\/05\\\/Giza-Pyramids-at-night.jpg\",\"contentUrl\":\"https:\\\/\\\/egytourpackages.com\\\/wp-content\\\/uploads\\\/2025\\\/05\\\/Giza-Pyramids-at-night.jpg\",\"width\":1200,\"height\":554,\"caption\":\"Excursie de 2 Zile la Luxor \u0219i Cairo din Marsa Alam\"},{\"@type\":\"BreadcrumbList\",\"@id\":\"https:\\\/\\\/egytourpackages.com\\\/ro\\\/tours\\\/excursie-de-2-zile-la-luxor-si-cairo-din-marsa-alam\\\/#breadcrumb\",\"itemListElement\":[{\"@type\":\"ListItem\",\"position\":1,\"name\":\"Home\",\"item\":\"https:\\\/\\\/egytourpackages.com\\\/ro\\\/\"},{\"@type\":\"ListItem\",\"position\":2,\"name\":\"Shop\",\"item\":\"https:\\\/\\\/egytourpackages.com\\\/shop\\\/\"},{\"@type\":\"ListItem\",\"position\":3,\"name\":\"Excursie de 2 Zile la Luxor \u0219i Cairo din Marsa Alam\"}]},{\"@type\":\"WebSite\",\"@id\":\"https:\\\/\\\/egytourpackages.com\\\/ro\\\/#website\",\"url\":\"https:\\\/\\\/egytourpackages.com\\\/ro\\\/\",\"name\":\"Egy tour packages\",\"description\":\"\",\"publisher\":{\"@id\":\"https:\\\/\\\/egytourpackages.com\\\/ro\\\/#organization\"},\"potentialAction\":[{\"@type\":\"SearchAction\",\"target\":{\"@type\":\"EntryPoint\",\"urlTemplate\":\"https:\\\/\\\/egytourpackages.com\\\/ro\\\/?s={search_term_string}\"},\"query-input\":{\"@type\":\"PropertyValueSpecification\",\"valueRequired\":true,\"valueName\":\"search_term_string\"}}],\"inLanguage\":\"ro-RO\"},{\"@type\":[\"Organization\",\"Place\",\"TravelAgency\"],\"@id\":\"https:\\\/\\\/egytourpackages.com\\\/ro\\\/#organization\",\"name\":\"egypt tour packages\",\"alternateName\":\"egypt tour packages\",\"url\":\"https:\\\/\\\/egytourpackages.com\\\/ro\\\/\",\"logo\":{\"@id\":\"https:\\\/\\\/egytourpackages.com\\\/ro\\\/tours\\\/excursie-de-2-zile-la-luxor-si-cairo-din-marsa-alam\\\/#local-main-organization-logo\"},\"image\":{\"@id\":\"https:\\\/\\\/egytourpackages.com\\\/ro\\\/tours\\\/excursie-de-2-zile-la-luxor-si-cairo-din-marsa-alam\\\/#local-main-organization-logo\"},\"sameAs\":[\"https:\\\/\\\/www.facebook.com\\\/egytourpackages\"],\"legalName\":\"Egy tour packages\",\"address\":{\"@id\":\"https:\\\/\\\/egytourpackages.com\\\/ro\\\/tours\\\/excursie-de-2-zile-la-luxor-si-cairo-din-marsa-alam\\\/#local-main-place-address\"},\"telephone\":[\"00201000852186\",\"00201028685533\"],\"contactPoint\":{\"@type\":\"ContactPoint\",\"telephone\":\"00201000852186\"},\"openingHoursSpecification\":[{\"@type\":\"OpeningHoursSpecification\",\"dayOfWeek\":[\"Monday\",\"Tuesday\",\"Wednesday\",\"Thursday\",\"Friday\",\"Saturday\",\"Sunday\"],\"opens\":\"00:00\",\"closes\":\"23:59\"}],\"email\":\"info@egytourpackages.com\",\"areaServed\":\"Cairo, Hurghada, Luxor, Sharm El Sheikh, Marsa Alam, Aswan\",\"priceRange\":\"$\",\"currenciesAccepted\":\"euro\",\"paymentAccepted\":\"Payment links online\"},{\"@type\":\"PostalAddress\",\"@id\":\"https:\\\/\\\/egytourpackages.com\\\/ro\\\/tours\\\/excursie-de-2-zile-la-luxor-si-cairo-din-marsa-alam\\\/#local-main-place-address\",\"streetAddress\":\"Mubarak 8, Al Kawthar District, Hurghada\",\"addressLocality\":\"Hurghada\",\"postalCode\":\"84511\",\"addressRegion\":\"Red Sea\",\"addressCountry\":\"EG\"},{\"@type\":\"ImageObject\",\"inLanguage\":\"ro-RO\",\"@id\":\"https:\\\/\\\/egytourpackages.com\\\/ro\\\/tours\\\/excursie-de-2-zile-la-luxor-si-cairo-din-marsa-alam\\\/#local-main-organization-logo\",\"url\":\"https:\\\/\\\/egytourpackages.com\\\/wp-content\\\/uploads\\\/2025\\\/12\\\/Turquoise-Dahabiya-Nile-Cruise-1.jpeg\",\"contentUrl\":\"https:\\\/\\\/egytourpackages.com\\\/wp-content\\\/uploads\\\/2025\\\/12\\\/Turquoise-Dahabiya-Nile-Cruise-1.jpeg\",\"width\":1040,\"height\":694,\"caption\":\"egypt tour packages\"}]}<\/script>\n<meta property=\"product:brand\" content=\"Excursii de o zi \u00een Egipt\" \/>\n<meta property=\"product:price:amount\" content=\"510\" \/>\n<meta property=\"product:price:currency\" content=\"EUR\" \/>\n<meta property=\"og:availability\" content=\"instock\" \/>\n<meta property=\"product:availability\" content=\"instock\" \/>\n<meta property=\"product:retailer_item_id\" content=\"MAT07\" \/>\n<meta property=\"product:condition\" content=\"new\" \/>\n<meta name=\"geo.placename\" content=\"Hurghada\" \/>\n<meta name=\"geo.region\" content=\"Egipt\" \/>\n<!-- \/ Yoast SEO Premium plugin. -->","yoast_head_json":{"title":"Excursie de 2 Zile la Luxor \u0219i Cairo din Marsa Alam","description":"Excursie de 2 Zile la Luxor \u0219i Cairo din Marsa Alam. Descoperi\u021bi Piramidele, Sfinxul, Valea Regilor \u0219i multe altele. Ghid expert \u0219i zboruri.","robots":{"index":"index","follow":"follow","max-snippet":"max-snippet:-1","max-image-preview":"max-image-preview:large","max-video-preview":"max-video-preview:-1"},"canonical":"https:\/\/egytourpackages.com\/ro\/tours\/excursie-de-2-zile-la-luxor-si-cairo-din-marsa-alam\/","og_locale":"ro_RO","og_type":"article","og_title":"Excursie de 2 Zile la Luxor \u0219i Cairo din Marsa Alam","og_description":"Excursie de 2 Zile la Luxor \u0219i Cairo din Marsa Alam. Descoperi\u021bi Piramidele, Sfinxul, Valea Regilor \u0219i multe altele. Ghid expert \u0219i zboruri.","og_url":"https:\/\/egytourpackages.com\/ro\/tours\/excursie-de-2-zile-la-luxor-si-cairo-din-marsa-alam\/","og_site_name":"Egypt Tour Packages","article_publisher":"https:\/\/www.facebook.com\/egytourpackages","article_modified_time":"2026-01-04T19:41:26+00:00","og_image":[{"url":"https:\/\/egytourpackages.com\/wp-content\/uploads\/2025\/05\/Giza-Pyramids-at-night-1024x473.jpg","type":"","width":"","height":""}],"twitter_card":"summary_large_image","twitter_title":"Excursie de 2 Zile la Luxor \u0219i Cairo din Marsa Alam","twitter_misc":{"Pre\u021b":"&euro;510","Disponibilitate":"\u00cen stoc"},"schema":{"@context":"https:\/\/schema.org","@graph":[{"@type":"WebPage","@id":"https:\/\/egytourpackages.com\/ro\/tours\/excursie-de-2-zile-la-luxor-si-cairo-din-marsa-alam\/","url":"https:\/\/egytourpackages.com\/ro\/tours\/excursie-de-2-zile-la-luxor-si-cairo-din-marsa-alam\/","name":"Excursie de 2 Zile la Luxor \u0219i Cairo din Marsa Alam","isPartOf":{"@id":"https:\/\/egytourpackages.com\/ro\/#website"},"primaryImageOfPage":{"@id":"https:\/\/egytourpackages.com\/ro\/tours\/excursie-de-2-zile-la-luxor-si-cairo-din-marsa-alam\/#primaryimage"},"image":{"@id":"https:\/\/egytourpackages.com\/ro\/tours\/excursie-de-2-zile-la-luxor-si-cairo-din-marsa-alam\/#primaryimage"},"thumbnailUrl":"https:\/\/egytourpackages.com\/wp-content\/uploads\/2025\/05\/Giza-Pyramids-at-night.jpg","datePublished":"2025-05-18T22:06:10+00:00","dateModified":"2026-01-04T19:41:26+00:00","description":"Excursie de 2 Zile la Luxor \u0219i Cairo din Marsa Alam. Descoperi\u021bi Piramidele, Sfinxul, Valea Regilor \u0219i multe altele. Ghid expert \u0219i zboruri.","breadcrumb":{"@id":"https:\/\/egytourpackages.com\/ro\/tours\/excursie-de-2-zile-la-luxor-si-cairo-din-marsa-alam\/#breadcrumb"},"inLanguage":"ro-RO","potentialAction":[{"@type":"ReadAction","target":["https:\/\/egytourpackages.com\/ro\/tours\/excursie-de-2-zile-la-luxor-si-cairo-din-marsa-alam\/"]}]},{"@type":"ImageObject","inLanguage":"ro-RO","@id":"https:\/\/egytourpackages.com\/ro\/tours\/excursie-de-2-zile-la-luxor-si-cairo-din-marsa-alam\/#primaryimage","url":"https:\/\/egytourpackages.com\/wp-content\/uploads\/2025\/05\/Giza-Pyramids-at-night.jpg","contentUrl":"https:\/\/egytourpackages.com\/wp-content\/uploads\/2025\/05\/Giza-Pyramids-at-night.jpg","width":1200,"height":554,"caption":"Excursie de 2 Zile la Luxor \u0219i Cairo din Marsa Alam"},{"@type":"BreadcrumbList","@id":"https:\/\/egytourpackages.com\/ro\/tours\/excursie-de-2-zile-la-luxor-si-cairo-din-marsa-alam\/#breadcrumb","itemListElement":[{"@type":"ListItem","position":1,"name":"Home","item":"https:\/\/egytourpackages.com\/ro\/"},{"@type":"ListItem","position":2,"name":"Shop","item":"https:\/\/egytourpackages.com\/shop\/"},{"@type":"ListItem","position":3,"name":"Excursie de 2 Zile la Luxor \u0219i Cairo din Marsa Alam"}]},{"@type":"WebSite","@id":"https:\/\/egytourpackages.com\/ro\/#website","url":"https:\/\/egytourpackages.com\/ro\/","name":"Egy tour packages","description":"","publisher":{"@id":"https:\/\/egytourpackages.com\/ro\/#organization"},"potentialAction":[{"@type":"SearchAction","target":{"@type":"EntryPoint","urlTemplate":"https:\/\/egytourpackages.com\/ro\/?s={search_term_string}"},"query-input":{"@type":"PropertyValueSpecification","valueRequired":true,"valueName":"search_term_string"}}],"inLanguage":"ro-RO"},{"@type":["Organization","Place","TravelAgency"],"@id":"https:\/\/egytourpackages.com\/ro\/#organization","name":"egypt tour packages","alternateName":"egypt tour packages","url":"https:\/\/egytourpackages.com\/ro\/","logo":{"@id":"https:\/\/egytourpackages.com\/ro\/tours\/excursie-de-2-zile-la-luxor-si-cairo-din-marsa-alam\/#local-main-organization-logo"},"image":{"@id":"https:\/\/egytourpackages.com\/ro\/tours\/excursie-de-2-zile-la-luxor-si-cairo-din-marsa-alam\/#local-main-organization-logo"},"sameAs":["https:\/\/www.facebook.com\/egytourpackages"],"legalName":"Egy tour packages","address":{"@id":"https:\/\/egytourpackages.com\/ro\/tours\/excursie-de-2-zile-la-luxor-si-cairo-din-marsa-alam\/#local-main-place-address"},"telephone":["00201000852186","00201028685533"],"contactPoint":{"@type":"ContactPoint","telephone":"00201000852186"},"openingHoursSpecification":[{"@type":"OpeningHoursSpecification","dayOfWeek":["Monday","Tuesday","Wednesday","Thursday","Friday","Saturday","Sunday"],"opens":"00:00","closes":"23:59"}],"email":"info@egytourpackages.com","areaServed":"Cairo, Hurghada, Luxor, Sharm El Sheikh, Marsa Alam, Aswan","priceRange":"$","currenciesAccepted":"euro","paymentAccepted":"Payment links online"},{"@type":"PostalAddress","@id":"https:\/\/egytourpackages.com\/ro\/tours\/excursie-de-2-zile-la-luxor-si-cairo-din-marsa-alam\/#local-main-place-address","streetAddress":"Mubarak 8, Al Kawthar District, Hurghada","addressLocality":"Hurghada","postalCode":"84511","addressRegion":"Red Sea","addressCountry":"EG"},{"@type":"ImageObject","inLanguage":"ro-RO","@id":"https:\/\/egytourpackages.com\/ro\/tours\/excursie-de-2-zile-la-luxor-si-cairo-din-marsa-alam\/#local-main-organization-logo","url":"https:\/\/egytourpackages.com\/wp-content\/uploads\/2025\/12\/Turquoise-Dahabiya-Nile-Cruise-1.jpeg","contentUrl":"https:\/\/egytourpackages.com\/wp-content\/uploads\/2025\/12\/Turquoise-Dahabiya-Nile-Cruise-1.jpeg","width":1040,"height":694,"caption":"egypt tour packages"}]},"product_brand":"Excursii de o zi \u00een Egipt","product_price_amount":"510","product_price_currency":"EUR","og_availability":"instock","product_availability":"instock","product_retailer_item_id":"MAT07","product_condition":"new","geo.placename":"Hurghada","geo.region":"Egipt"},"_links":{"self":[{"href":"https:\/\/egytourpackages.com\/ro\/wp-json\/wp\/v2\/product\/7025","targetHints":{"allow":["GET"]}}],"collection":[{"href":"https:\/\/egytourpackages.com\/ro\/wp-json\/wp\/v2\/product"}],"about":[{"href":"https:\/\/egytourpackages.com\/ro\/wp-json\/wp\/v2\/types\/product"}],"replies":[{"embeddable":true,"href":"https:\/\/egytourpackages.com\/ro\/wp-json\/wp\/v2\/comments?post=7025"}],"wp:featuredmedia":[{"embeddable":true,"href":"https:\/\/egytourpackages.com\/ro\/wp-json\/wp\/v2\/media\/7026"}],"wp:attachment":[{"href":"https:\/\/egytourpackages.com\/ro\/wp-json\/wp\/v2\/media?parent=7025"}],"wp:term":[{"taxonomy":"product_brand","embeddable":true,"href":"https:\/\/egytourpackages.com\/ro\/wp-json\/wp\/v2\/product_brand?post=7025"},{"taxonomy":"product_cat","embeddable":true,"href":"https:\/\/egytourpackages.com\/ro\/wp-json\/wp\/v2\/product_cat?post=7025"},{"taxonomy":"product_tag","embeddable":true,"href":"https:\/\/egytourpackages.com\/ro\/wp-json\/wp\/v2\/product_tag?post=7025"}],"curies":[{"name":"wp","href":"https:\/\/api.w.org\/{rel}","templated":true}]}}