{"id":7193,"date":"2025-03-30T22:31:30","date_gmt":"2025-03-30T22:31:30","guid":{"rendered":"https:\/\/egytourpackages.com\/product\/safari-cu-atv-uri-dimineata-din-hurghada\/"},"modified":"2026-01-28T23:39:15","modified_gmt":"2026-01-28T23:39:15","slug":"safari-cu-atv-uri-dimineata-din-hurghada","status":"publish","type":"product","link":"https:\/\/egytourpackages.com\/ro\/tours\/safari-cu-atv-uri-dimineata-din-hurghada\/","title":{"rendered":"Safari cu ATV-uri diminea\u021ba din Hurghada"},"content":{"rendered":"<p><span style=\"color: #ff6600;\"><strong>Aventura \u00een De\u0219ert: Safari cu ATV-uri diminea\u021ba din Hurghada<\/strong><\/span><\/p>\n<h2><span style=\"color: #ff6600;\">Prezentare general\u0103<\/span><\/h2>\n<p><strong>Safari cu ATV-uri diminea\u021ba din Hurghada<\/strong> este o experien\u021b\u0103 unic\u0103 \u00een de\u0219ertul M\u0103rii Ro\u0219ii pe care nu o vei uita niciodat\u0103. Rezerv\u0103 un <strong>tur cu ATV-uri diminea\u021ba \u00een de\u0219ertul de l\u00e2ng\u0103 Hurghada<\/strong>, o aventur\u0103 minunat\u0103 departe de aglomera\u021bia hotelurilor, al\u0103turi de cei dragi.<\/p>\n<p>Condu <strong>ATV-uri<\/strong> \u00een <strong>de\u0219ertul M\u0103rii Ro\u0219ii<\/strong> \u00eentr-un <strong>safari de lux<\/strong> cu un <strong>ghid experimentat<\/strong> c\u0103tre Mun\u021bii M\u0103rii Ro\u0219ii. Bucur\u0103-te de condusul <strong>ATV-urilor<\/strong> \u0219i de viteza <strong>off-road<\/strong>, una dintre cele mai frumoase idei pentru tururile tinerilor, pentru a sim\u021bi emo\u021bie \u0219i adrenalin\u0103 pe tot parcursul c\u0103l\u0103toriei. Pe l\u00e2ng\u0103 experien\u021ba unic\u0103, oferim transfer privat de la orice loca\u021bie din Hurghada la tab\u0103ra din de\u0219ert \u0219i \u00eenapoi. De asemenea, oferim <strong>tururi private de safari \u00een de\u0219ert pentru familii, cupluri \u0219i grupuri de prieteni<\/strong>.<\/p>\n<p>Rezerv\u0103 aceste <strong>vacan\u021be safari ieftine<\/strong> \u0219i ob\u021bine cel mai bun pre\u021b pentru un tur \u00een De\u0219ertul Sahara pentru a experimenta via\u021ba beduin\u0103 \u0219i a te bucura de priveli\u0219tile pitore\u0219ti ale de\u0219ertului. Bucur\u0103-te de un scurt test de condus, apoi porne\u0219te spre <strong>Satul Beduin<\/strong> pentru a savura ceaiul beduin, a face o <strong>plimbare cu c\u0103mila<\/strong> \u0219i a descoperi via\u021ba de zi cu zi a beduinilor.<\/p>\n<p>Fie c\u0103 e\u0219ti un rider cu experien\u021b\u0103 sau un \u00eencep\u0103tor, acest <strong>safari cu ATV-uri diminea\u021ba din Hurghada<\/strong> ofer\u0103 o aventur\u0103 de neuitat. Rezerv\u0103-\u021bi <strong>turul cu ATV-uri din Hurghada<\/strong> pentru un \u00eenceput de zi plin de emo\u021bie \u00een Egipt!<\/p>\n<h3><span style=\"color: #ff6600;\">Detalii tur<\/span><\/h3>\n<ul>\n<li>Durat\u0103: 4 ore (inclusiv transferul)<\/li>\n<li>Ora de preluare: Diminea\u021ba, la 08:00<\/li>\n<li>Ora de predare: Diminea\u021ba, la 12:30<\/li>\n<li>Tipul turului: De grup<\/li>\n<li>Disponibilitate: Zilnic<\/li>\n<li>Durat\u0103: 3 ore<\/li>\n<li>Dimensiunea grupului: 6-15 persoane<\/li>\n<li><strong>Limbi vorbite: Rom\u00e2n\u0103<\/strong><\/li>\n<li>Programare: Rezervare online<\/li>\n<li>Preluare \u0219i predare: Hoteluri \u00een Hurghada<\/li>\n<\/ul>\n<h3><span style=\"color: #ff6600;\">Puncte de atrac\u021bie<\/span><\/h3>\n<ul>\n<li>Plimbare cu ATV-ul pe o distan\u021b\u0103 de 25 km<\/li>\n<li>Satul Beduin<\/li>\n<li>Plimbare cu c\u0103mila<\/li>\n<\/ul>\n<h3><span style=\"color: #ff6600;\">Inclus<\/span><\/h3>\n<ul>\n<li>Preluare \u0219i predare de la hotel<\/li>\n<li>Taxe<\/li>\n<li><strong>Ghid turistic \u00een de\u0219ert, vorbitor de limb\u0103 rom\u00e2n\u0103<\/strong><\/li>\n<li>Ap\u0103<\/li>\n<li>Casc\u0103 de protec\u021bie<\/li>\n<\/ul>\n<h3><span style=\"color: #ff6600;\">Exclus<\/span><\/h3>\n<ul>\n<li>Bac\u0219i\u0219uri<\/li>\n<li>E\u0219arf\u0103<\/li>\n<li>Ochelari de protec\u021bie<\/li>\n<li>DVD sau fotografii realizate de cameraman<\/li>\n<li>Orice extra neincluse \u00een program<\/li>\n<\/ul>\n<h3><span style=\"color: #ff6600;\">Itinerar<\/span><\/h3>\n<p>\u00cencepe <strong>turul de diminea\u021b\u0103 cu ATV-ul \u00een Hurghada<\/strong> cu un transfer de la hotel la sta\u021bia de safari \u00een de\u0219ert. Vei primi echipamentul de siguran\u021b\u0103 \u0219i vei \u00eencepe cu instruc\u021biuni detaliate de la ghidul t\u0103u pentru a te familiariza cu vehiculele.<\/p>\n<p>P\u0103r\u0103se\u0219te sta\u021bia de ATV-uri la bordul <strong>ATV-ului t\u0103u privat<\/strong> spre unele dintre cele mai spectaculoase locuri din de\u0219ert. Simte gustul <strong>aventurii safari \u00een de\u0219ert<\/strong> pe dunele de nisip.<\/p>\n<p>Te vei bucura de dou\u0103 opriri pentru a face fotografii \u00een timpul plimb\u0103rii spre satul beduin.<\/p>\n<p><strong>Tab\u0103ra Beduin\u0103<\/strong><\/p>\n<p>Relaxeaz\u0103-te \u00een cortul \u00een stil beduin din Satul Beduin \u0219i savureaz\u0103 un ceai egiptean. Bucur\u0103-te de o <strong>plimbare cu c\u0103mila<\/strong> \u00eenainte ca turul t\u0103u s\u0103 se \u00eencheie. Apoi, dup\u0103 plimbarea cu c\u0103mila, te vei \u00eentoarce la sta\u021bia de ATV-uri, \u00eenainte de a fi transferat \u00eenapoi la hotelul t\u0103u la sf\u00e2r\u0219itul <strong>excursiilor tale din Hurghada<\/strong>.<\/p>\n<p><strong>Not\u0103:<\/strong><\/p>\n<p>Copiii sub 14 ani nu au voie s\u0103 conduc\u0103 ATV-ul.<\/p>\n<p><strong>Pre\u021bul Safariului cu ATV-uri de diminea\u021b\u0103 din Hurghada<\/strong><\/p>\n<ul>\n<li>Pre\u021b adult = 20 \u20ac<\/li>\n<li>Copii 0-5 ani = gratuit<\/li>\n<li>Copii 5-11 ani = 50% din pre\u021bul pentru adult<\/li>\n<\/ul>\n<p><strong>Rezervare<\/strong><\/p>\n<ul>\n<li>Po\u021bi rezerva turul t\u0103u prin WhatsApp sau ne po\u021bi trimite un e-mail \u0219i vei primi confirmarea pe loc.<\/li>\n<li>Te rug\u0103m s\u0103 ne trimi\u021bi numele hotelului, num\u0103rul camerei \u0219i copii ale pa\u0219apoartelor.<\/li>\n<li><strong>WhatsApp:<\/strong> +201000852186<\/li>\n<li><strong>info@egytourpackages.com<\/strong><\/li>\n<\/ul>\n<p><strong>Rezerv\u0103 acum \u0219i pl\u0103te\u0219te la fa\u021ba locului<\/strong><\/p>\n<p>Rezerv\u0103 turul t\u0103u preferat \u0219i pl\u0103te\u0219te \u00een ziua excursiei.<\/p>\n<p><strong>Plat\u0103<\/strong><\/p>\n<p>Po\u021bi pl\u0103ti \u00een lire egiptene, $, \u20ac sau \u00a3.<\/p>\n<p><strong>Politica de anulare<\/strong><\/p>\n<ul>\n<li>Anularea este gratuit\u0103 cu p\u00e2n\u0103 la 24 de ore \u00een avans.<\/li>\n<li>Anularea diminea\u021ba cost\u0103 50% din pre\u021b.<\/li>\n<\/ul>\n","protected":false},"excerpt":{"rendered":"<p>Safari cu ATV-uri diminea\u021ba din Hurghada! Fii gata de adrenalin\u0103 cu un tur safari pe ATV, unde explorezi dunele de nisip \u0219i un sat beduin.<\/p>\n","protected":false},"featured_media":7194,"comment_status":"open","ping_status":"closed","template":"","meta":[],"product_brand":[],"product_cat":[3120],"product_tag":[3203,3201],"class_list":{"0":"post-7193","1":"product","2":"type-product","3":"status-publish","4":"has-post-thumbnail","6":"product_cat-tururi","7":"product_tag-excursii-de-o-zi-in-egipt","8":"product_tag-excursii-in-hurghada","9":"tour_category-excursii-de-o-zi-in-egipt-ro","10":"tour_category-excursii-hurghada-ro","11":"tour_category-safari-in-desertul-hurghada","13":"first","14":"instock","15":"sale","16":"shipping-taxable","17":"purchasable","18":"product-type-tour","19":"has-default-attributes"},"yoast_head":"<!-- This site is optimized with the Yoast SEO Premium plugin v27.4 (Yoast SEO v27.4) - https:\/\/yoast.com\/product\/yoast-seo-premium-wordpress\/ -->\n<title>Safari cu ATV-uri diminea\u021ba din Hurghada: Egy tour packages<\/title>\n<meta name=\"description\" content=\"Safari cu ATV-uri diminea\u021ba din Hurghada! Fii gata de adrenalin\u0103 cu un tur safari pe ATV, unde explorezi dunele de nisip \u0219i un sat beduin.\" \/>\n<meta name=\"robots\" content=\"index, follow, max-snippet:-1, max-image-preview:large, max-video-preview:-1\" \/>\n<link rel=\"canonical\" href=\"https:\/\/egytourpackages.com\/ro\/tours\/safari-cu-atv-uri-dimineata-din-hurghada\/\" \/>\n<meta property=\"og:locale\" content=\"ro_RO\" \/>\n<meta property=\"og:type\" content=\"article\" \/>\n<meta property=\"og:title\" content=\"Safari cu ATV-uri diminea\u021ba din Hurghada\" \/>\n<meta property=\"og:description\" content=\"Safari cu ATV-uri diminea\u021ba din Hurghada! Fii gata de adrenalin\u0103 cu un tur safari pe ATV, unde explorezi dunele de nisip \u0219i un sat beduin.\" \/>\n<meta property=\"og:url\" content=\"https:\/\/egytourpackages.com\/ro\/tours\/safari-cu-atv-uri-dimineata-din-hurghada\/\" \/>\n<meta property=\"og:site_name\" content=\"Egypt Tour Packages\" \/>\n<meta property=\"article:publisher\" content=\"https:\/\/www.facebook.com\/egytourpackages\" \/>\n<meta property=\"article:modified_time\" content=\"2026-01-28T23:39:15+00:00\" \/>\n<meta property=\"og:image\" content=\"https:\/\/egytourpackages.com\/wp-content\/uploads\/2025\/03\/Morning-Quad-Biking-Safari-from-Hurghada.jpeg\" \/>\n\t<meta property=\"og:image:width\" content=\"1200\" \/>\n\t<meta property=\"og:image:height\" content=\"799\" \/>\n\t<meta property=\"og:image:type\" content=\"image\/jpeg\" \/>\n<meta name=\"twitter:card\" content=\"summary_large_image\" \/>\n<meta name=\"twitter:title\" content=\"Safari cu ATV-uri diminea\u021ba din Hurghada\" \/>\n<meta name=\"twitter:label1\" content=\"Pre\u021b\" \/>\n\t<meta name=\"twitter:data1\" content=\"&euro;20\" \/>\n\t<meta name=\"twitter:label2\" content=\"Disponibilitate\" \/>\n\t<meta name=\"twitter:data2\" content=\"\u00cen stoc\" \/>\n<script type=\"application\/ld+json\" class=\"yoast-schema-graph\">{\"@context\":\"https:\\\/\\\/schema.org\",\"@graph\":[{\"@type\":\"WebPage\",\"@id\":\"https:\\\/\\\/egytourpackages.com\\\/ro\\\/tours\\\/safari-cu-atv-uri-dimineata-din-hurghada\\\/\",\"url\":\"https:\\\/\\\/egytourpackages.com\\\/ro\\\/tours\\\/safari-cu-atv-uri-dimineata-din-hurghada\\\/\",\"name\":\"Safari cu ATV-uri diminea\u021ba din Hurghada: Egy tour packages\",\"isPartOf\":{\"@id\":\"https:\\\/\\\/egytourpackages.com\\\/ro\\\/#website\"},\"primaryImageOfPage\":{\"@id\":\"https:\\\/\\\/egytourpackages.com\\\/ro\\\/tours\\\/safari-cu-atv-uri-dimineata-din-hurghada\\\/#primaryimage\"},\"image\":{\"@id\":\"https:\\\/\\\/egytourpackages.com\\\/ro\\\/tours\\\/safari-cu-atv-uri-dimineata-din-hurghada\\\/#primaryimage\"},\"thumbnailUrl\":\"https:\\\/\\\/egytourpackages.com\\\/wp-content\\\/uploads\\\/2025\\\/03\\\/Morning-Quad-Biking-Safari-from-Hurghada.jpeg\",\"datePublished\":\"2025-03-30T22:31:30+00:00\",\"dateModified\":\"2026-01-28T23:39:15+00:00\",\"description\":\"Safari cu ATV-uri diminea\u021ba din Hurghada! Fii gata de adrenalin\u0103 cu un tur safari pe ATV, unde explorezi dunele de nisip \u0219i un sat beduin.\",\"breadcrumb\":{\"@id\":\"https:\\\/\\\/egytourpackages.com\\\/ro\\\/tours\\\/safari-cu-atv-uri-dimineata-din-hurghada\\\/#breadcrumb\"},\"inLanguage\":\"ro-RO\",\"potentialAction\":[{\"@type\":\"ReadAction\",\"target\":[\"https:\\\/\\\/egytourpackages.com\\\/ro\\\/tours\\\/safari-cu-atv-uri-dimineata-din-hurghada\\\/\"]}]},{\"@type\":\"ImageObject\",\"inLanguage\":\"ro-RO\",\"@id\":\"https:\\\/\\\/egytourpackages.com\\\/ro\\\/tours\\\/safari-cu-atv-uri-dimineata-din-hurghada\\\/#primaryimage\",\"url\":\"https:\\\/\\\/egytourpackages.com\\\/wp-content\\\/uploads\\\/2025\\\/03\\\/Morning-Quad-Biking-Safari-from-Hurghada.jpeg\",\"contentUrl\":\"https:\\\/\\\/egytourpackages.com\\\/wp-content\\\/uploads\\\/2025\\\/03\\\/Morning-Quad-Biking-Safari-from-Hurghada.jpeg\",\"width\":1200,\"height\":799,\"caption\":\"Safari cu ATV-uri diminea\u021ba din Hurghada\"},{\"@type\":\"BreadcrumbList\",\"@id\":\"https:\\\/\\\/egytourpackages.com\\\/ro\\\/tours\\\/safari-cu-atv-uri-dimineata-din-hurghada\\\/#breadcrumb\",\"itemListElement\":[{\"@type\":\"ListItem\",\"position\":1,\"name\":\"Home\",\"item\":\"https:\\\/\\\/egytourpackages.com\\\/ro\\\/\"},{\"@type\":\"ListItem\",\"position\":2,\"name\":\"Shop\",\"item\":\"https:\\\/\\\/egytourpackages.com\\\/shop\\\/\"},{\"@type\":\"ListItem\",\"position\":3,\"name\":\"Safari cu ATV-uri diminea\u021ba din Hurghada\"}]},{\"@type\":\"WebSite\",\"@id\":\"https:\\\/\\\/egytourpackages.com\\\/ro\\\/#website\",\"url\":\"https:\\\/\\\/egytourpackages.com\\\/ro\\\/\",\"name\":\"Egy tour packages\",\"description\":\"\",\"publisher\":{\"@id\":\"https:\\\/\\\/egytourpackages.com\\\/ro\\\/#organization\"},\"potentialAction\":[{\"@type\":\"SearchAction\",\"target\":{\"@type\":\"EntryPoint\",\"urlTemplate\":\"https:\\\/\\\/egytourpackages.com\\\/ro\\\/?s={search_term_string}\"},\"query-input\":{\"@type\":\"PropertyValueSpecification\",\"valueRequired\":true,\"valueName\":\"search_term_string\"}}],\"inLanguage\":\"ro-RO\"},{\"@type\":[\"Organization\",\"Place\",\"TravelAgency\"],\"@id\":\"https:\\\/\\\/egytourpackages.com\\\/ro\\\/#organization\",\"name\":\"egypt tour packages\",\"alternateName\":\"egypt tour packages\",\"url\":\"https:\\\/\\\/egytourpackages.com\\\/ro\\\/\",\"logo\":{\"@id\":\"https:\\\/\\\/egytourpackages.com\\\/ro\\\/tours\\\/safari-cu-atv-uri-dimineata-din-hurghada\\\/#local-main-organization-logo\"},\"image\":{\"@id\":\"https:\\\/\\\/egytourpackages.com\\\/ro\\\/tours\\\/safari-cu-atv-uri-dimineata-din-hurghada\\\/#local-main-organization-logo\"},\"sameAs\":[\"https:\\\/\\\/www.facebook.com\\\/egytourpackages\"],\"legalName\":\"Egy tour packages\",\"address\":{\"@id\":\"https:\\\/\\\/egytourpackages.com\\\/ro\\\/tours\\\/safari-cu-atv-uri-dimineata-din-hurghada\\\/#local-main-place-address\"},\"telephone\":[\"00201000852186\",\"00201028685533\"],\"contactPoint\":{\"@type\":\"ContactPoint\",\"telephone\":\"00201000852186\"},\"openingHoursSpecification\":[{\"@type\":\"OpeningHoursSpecification\",\"dayOfWeek\":[\"Monday\",\"Tuesday\",\"Wednesday\",\"Thursday\",\"Friday\",\"Saturday\",\"Sunday\"],\"opens\":\"00:00\",\"closes\":\"23:59\"}],\"email\":\"info@egytourpackages.com\",\"areaServed\":\"Cairo, Hurghada, Luxor, Sharm El Sheikh, Marsa Alam, Aswan\",\"priceRange\":\"$\",\"currenciesAccepted\":\"euro\",\"paymentAccepted\":\"Payment links online\"},{\"@type\":\"PostalAddress\",\"@id\":\"https:\\\/\\\/egytourpackages.com\\\/ro\\\/tours\\\/safari-cu-atv-uri-dimineata-din-hurghada\\\/#local-main-place-address\",\"streetAddress\":\"Mubarak 8, Al Kawthar District, Hurghada\",\"addressLocality\":\"Hurghada\",\"postalCode\":\"84511\",\"addressRegion\":\"Red Sea\",\"addressCountry\":\"EG\"},{\"@type\":\"ImageObject\",\"inLanguage\":\"ro-RO\",\"@id\":\"https:\\\/\\\/egytourpackages.com\\\/ro\\\/tours\\\/safari-cu-atv-uri-dimineata-din-hurghada\\\/#local-main-organization-logo\",\"url\":\"https:\\\/\\\/egytourpackages.com\\\/wp-content\\\/uploads\\\/2025\\\/12\\\/Turquoise-Dahabiya-Nile-Cruise-1.jpeg\",\"contentUrl\":\"https:\\\/\\\/egytourpackages.com\\\/wp-content\\\/uploads\\\/2025\\\/12\\\/Turquoise-Dahabiya-Nile-Cruise-1.jpeg\",\"width\":1040,\"height\":694,\"caption\":\"egypt tour packages\"}]}<\/script>\n<meta property=\"product:brand\" content=\"Excursii de o zi \u00een Egipt\" \/>\n<meta property=\"product:price:amount\" content=\"20\" \/>\n<meta property=\"product:price:currency\" content=\"EUR\" \/>\n<meta property=\"og:availability\" content=\"instock\" \/>\n<meta property=\"product:availability\" content=\"instock\" \/>\n<meta property=\"product:retailer_item_id\" content=\"HDT12\" \/>\n<meta property=\"product:condition\" content=\"new\" \/>\n<meta name=\"geo.placename\" content=\"Hurghada\" \/>\n<meta name=\"geo.region\" content=\"Egipt\" \/>\n<!-- \/ Yoast SEO Premium plugin. -->","yoast_head_json":{"title":"Safari cu ATV-uri diminea\u021ba din Hurghada: Egy tour packages","description":"Safari cu ATV-uri diminea\u021ba din Hurghada! Fii gata de adrenalin\u0103 cu un tur safari pe ATV, unde explorezi dunele de nisip \u0219i un sat beduin.","robots":{"index":"index","follow":"follow","max-snippet":"max-snippet:-1","max-image-preview":"max-image-preview:large","max-video-preview":"max-video-preview:-1"},"canonical":"https:\/\/egytourpackages.com\/ro\/tours\/safari-cu-atv-uri-dimineata-din-hurghada\/","og_locale":"ro_RO","og_type":"article","og_title":"Safari cu ATV-uri diminea\u021ba din Hurghada","og_description":"Safari cu ATV-uri diminea\u021ba din Hurghada! Fii gata de adrenalin\u0103 cu un tur safari pe ATV, unde explorezi dunele de nisip \u0219i un sat beduin.","og_url":"https:\/\/egytourpackages.com\/ro\/tours\/safari-cu-atv-uri-dimineata-din-hurghada\/","og_site_name":"Egypt Tour Packages","article_publisher":"https:\/\/www.facebook.com\/egytourpackages","article_modified_time":"2026-01-28T23:39:15+00:00","og_image":[{"width":1200,"height":799,"url":"https:\/\/egytourpackages.com\/wp-content\/uploads\/2025\/03\/Morning-Quad-Biking-Safari-from-Hurghada.jpeg","type":"image\/jpeg"}],"twitter_card":"summary_large_image","twitter_title":"Safari cu ATV-uri diminea\u021ba din Hurghada","twitter_misc":{"Pre\u021b":"&euro;20","Disponibilitate":"\u00cen stoc"},"schema":{"@context":"https:\/\/schema.org","@graph":[{"@type":"WebPage","@id":"https:\/\/egytourpackages.com\/ro\/tours\/safari-cu-atv-uri-dimineata-din-hurghada\/","url":"https:\/\/egytourpackages.com\/ro\/tours\/safari-cu-atv-uri-dimineata-din-hurghada\/","name":"Safari cu ATV-uri diminea\u021ba din Hurghada: Egy tour packages","isPartOf":{"@id":"https:\/\/egytourpackages.com\/ro\/#website"},"primaryImageOfPage":{"@id":"https:\/\/egytourpackages.com\/ro\/tours\/safari-cu-atv-uri-dimineata-din-hurghada\/#primaryimage"},"image":{"@id":"https:\/\/egytourpackages.com\/ro\/tours\/safari-cu-atv-uri-dimineata-din-hurghada\/#primaryimage"},"thumbnailUrl":"https:\/\/egytourpackages.com\/wp-content\/uploads\/2025\/03\/Morning-Quad-Biking-Safari-from-Hurghada.jpeg","datePublished":"2025-03-30T22:31:30+00:00","dateModified":"2026-01-28T23:39:15+00:00","description":"Safari cu ATV-uri diminea\u021ba din Hurghada! Fii gata de adrenalin\u0103 cu un tur safari pe ATV, unde explorezi dunele de nisip \u0219i un sat beduin.","breadcrumb":{"@id":"https:\/\/egytourpackages.com\/ro\/tours\/safari-cu-atv-uri-dimineata-din-hurghada\/#breadcrumb"},"inLanguage":"ro-RO","potentialAction":[{"@type":"ReadAction","target":["https:\/\/egytourpackages.com\/ro\/tours\/safari-cu-atv-uri-dimineata-din-hurghada\/"]}]},{"@type":"ImageObject","inLanguage":"ro-RO","@id":"https:\/\/egytourpackages.com\/ro\/tours\/safari-cu-atv-uri-dimineata-din-hurghada\/#primaryimage","url":"https:\/\/egytourpackages.com\/wp-content\/uploads\/2025\/03\/Morning-Quad-Biking-Safari-from-Hurghada.jpeg","contentUrl":"https:\/\/egytourpackages.com\/wp-content\/uploads\/2025\/03\/Morning-Quad-Biking-Safari-from-Hurghada.jpeg","width":1200,"height":799,"caption":"Safari cu ATV-uri diminea\u021ba din Hurghada"},{"@type":"BreadcrumbList","@id":"https:\/\/egytourpackages.com\/ro\/tours\/safari-cu-atv-uri-dimineata-din-hurghada\/#breadcrumb","itemListElement":[{"@type":"ListItem","position":1,"name":"Home","item":"https:\/\/egytourpackages.com\/ro\/"},{"@type":"ListItem","position":2,"name":"Shop","item":"https:\/\/egytourpackages.com\/shop\/"},{"@type":"ListItem","position":3,"name":"Safari cu ATV-uri diminea\u021ba din Hurghada"}]},{"@type":"WebSite","@id":"https:\/\/egytourpackages.com\/ro\/#website","url":"https:\/\/egytourpackages.com\/ro\/","name":"Egy tour packages","description":"","publisher":{"@id":"https:\/\/egytourpackages.com\/ro\/#organization"},"potentialAction":[{"@type":"SearchAction","target":{"@type":"EntryPoint","urlTemplate":"https:\/\/egytourpackages.com\/ro\/?s={search_term_string}"},"query-input":{"@type":"PropertyValueSpecification","valueRequired":true,"valueName":"search_term_string"}}],"inLanguage":"ro-RO"},{"@type":["Organization","Place","TravelAgency"],"@id":"https:\/\/egytourpackages.com\/ro\/#organization","name":"egypt tour packages","alternateName":"egypt tour packages","url":"https:\/\/egytourpackages.com\/ro\/","logo":{"@id":"https:\/\/egytourpackages.com\/ro\/tours\/safari-cu-atv-uri-dimineata-din-hurghada\/#local-main-organization-logo"},"image":{"@id":"https:\/\/egytourpackages.com\/ro\/tours\/safari-cu-atv-uri-dimineata-din-hurghada\/#local-main-organization-logo"},"sameAs":["https:\/\/www.facebook.com\/egytourpackages"],"legalName":"Egy tour packages","address":{"@id":"https:\/\/egytourpackages.com\/ro\/tours\/safari-cu-atv-uri-dimineata-din-hurghada\/#local-main-place-address"},"telephone":["00201000852186","00201028685533"],"contactPoint":{"@type":"ContactPoint","telephone":"00201000852186"},"openingHoursSpecification":[{"@type":"OpeningHoursSpecification","dayOfWeek":["Monday","Tuesday","Wednesday","Thursday","Friday","Saturday","Sunday"],"opens":"00:00","closes":"23:59"}],"email":"info@egytourpackages.com","areaServed":"Cairo, Hurghada, Luxor, Sharm El Sheikh, Marsa Alam, Aswan","priceRange":"$","currenciesAccepted":"euro","paymentAccepted":"Payment links online"},{"@type":"PostalAddress","@id":"https:\/\/egytourpackages.com\/ro\/tours\/safari-cu-atv-uri-dimineata-din-hurghada\/#local-main-place-address","streetAddress":"Mubarak 8, Al Kawthar District, Hurghada","addressLocality":"Hurghada","postalCode":"84511","addressRegion":"Red Sea","addressCountry":"EG"},{"@type":"ImageObject","inLanguage":"ro-RO","@id":"https:\/\/egytourpackages.com\/ro\/tours\/safari-cu-atv-uri-dimineata-din-hurghada\/#local-main-organization-logo","url":"https:\/\/egytourpackages.com\/wp-content\/uploads\/2025\/12\/Turquoise-Dahabiya-Nile-Cruise-1.jpeg","contentUrl":"https:\/\/egytourpackages.com\/wp-content\/uploads\/2025\/12\/Turquoise-Dahabiya-Nile-Cruise-1.jpeg","width":1040,"height":694,"caption":"egypt tour packages"}]},"product_brand":"Excursii de o zi \u00een Egipt","product_price_amount":"20","product_price_currency":"EUR","og_availability":"instock","product_availability":"instock","product_retailer_item_id":"HDT12","product_condition":"new","geo.placename":"Hurghada","geo.region":"Egipt"},"_links":{"self":[{"href":"https:\/\/egytourpackages.com\/ro\/wp-json\/wp\/v2\/product\/7193","targetHints":{"allow":["GET"]}}],"collection":[{"href":"https:\/\/egytourpackages.com\/ro\/wp-json\/wp\/v2\/product"}],"about":[{"href":"https:\/\/egytourpackages.com\/ro\/wp-json\/wp\/v2\/types\/product"}],"replies":[{"embeddable":true,"href":"https:\/\/egytourpackages.com\/ro\/wp-json\/wp\/v2\/comments?post=7193"}],"wp:featuredmedia":[{"embeddable":true,"href":"https:\/\/egytourpackages.com\/ro\/wp-json\/wp\/v2\/media\/7194"}],"wp:attachment":[{"href":"https:\/\/egytourpackages.com\/ro\/wp-json\/wp\/v2\/media?parent=7193"}],"wp:term":[{"taxonomy":"product_brand","embeddable":true,"href":"https:\/\/egytourpackages.com\/ro\/wp-json\/wp\/v2\/product_brand?post=7193"},{"taxonomy":"product_cat","embeddable":true,"href":"https:\/\/egytourpackages.com\/ro\/wp-json\/wp\/v2\/product_cat?post=7193"},{"taxonomy":"product_tag","embeddable":true,"href":"https:\/\/egytourpackages.com\/ro\/wp-json\/wp\/v2\/product_tag?post=7193"}],"curies":[{"name":"wp","href":"https:\/\/api.w.org\/{rel}","templated":true}]}}