{"id":7199,"date":"2025-03-05T22:10:44","date_gmt":"2025-03-05T22:10:44","guid":{"rendered":"https:\/\/egytourpackages.com\/product\/3-zile-cairo-aswan-luxor-din-hurghada-all-inclusive\/"},"modified":"2026-01-05T17:02:32","modified_gmt":"2026-01-05T17:02:32","slug":"3-zile-cairo-aswan-luxor-din-hurghada-all-inclusive","status":"publish","type":"product","link":"https:\/\/egytourpackages.com\/ro\/tours\/3-zile-cairo-aswan-luxor-din-hurghada-all-inclusive\/","title":{"rendered":"3 Zile Cairo, Aswan, Luxor din Hurghada All Inclusive"},"content":{"rendered":"<p><span style=\"color: #ff6600;\"><strong>3 Zile Cairo, Aswan, Luxor din Hurghada All Inclusive<\/strong><\/span><\/p>\n<h3><span style=\"color: #ff6600;\">Prezentare General\u0103<\/span><\/h3>\n<p><strong>Turul de 3 zile Cairo, Aswan, Luxor din Hurghada All Inclusive<\/strong> este o adev\u0103rat\u0103 aventur\u0103 c\u0103tre cele mai bune atrac\u021bii din Cairo, Aswan \u0219i Luxor. \u00cen Cairo, vei explora <strong>Marele Muzeu Egiptean<\/strong> \u0219i <strong>Piramidele de la Giza<\/strong> cu Marea Sfinx. De asemenea, vei vizita <strong>templul Abu Simbel<\/strong> din Nubia \u0219i <strong>templul Philae<\/strong>, ca parte a <strong>pachetelor tale de tururi \u00een Egipt<\/strong>. Mai mult, te vei cufunda \u00een inima maiestuoas\u0103 a Egiptului antic, \u00een Luxor. Po\u021bi vizita morm\u00e2ntul lui <strong>Tutankhamon<\/strong> \u00een Valea Regilor \u0219i \u00eenc\u0103 trei morminte. Pe l\u00e2ng\u0103 acestea, vei vedea cel mai mare templu din lume, <strong>templul Karnak<\/strong>, ca parte a <strong>excursiilor de o zi \u00een Luxor<\/strong>. Per ansamblu, vei descoperi \u0219i templul Reginei <strong>Hatshepsut<\/strong> din Deir El Bahari. Pachetele de tururi de la Egy Tour Packages \u00ee\u0219i propun s\u0103-\u021bi ofere o experien\u021b\u0103 unic\u0103 pentru a-\u021bi crea amintiri de neuitat \u00een inima Egiptului.<\/p>\n<h3><span style=\"color: #ff6600;\">Detalii Tur<\/span><\/h3>\n<ul>\n<li>Durat\u0103: 3 zile \/ 2 nop\u021bi din Hurghada<\/li>\n<li>Tip tur: Privat<\/li>\n<li>Disponibilitate: Zilnic<\/li>\n<li>Dimensiune grup: de la 1 la 8<\/li>\n<li><strong>Limbi vorbite: Rom\u00e2n\u0103<\/strong><\/li>\n<li>Programare: Rezervare online<\/li>\n<li>Preluare \u0219i Predare: Hoteluri \u00een Hurghada<\/li>\n<\/ul>\n<h3><span style=\"color: #ff6600;\">Puncte de atrac\u021bie<\/span><\/h3>\n<ul>\n<li>GEM | Marele Muzeu Egiptean<\/li>\n<li>Piramidele de la Giza<\/li>\n<li>Templele Abu Simbel<\/li>\n<li>Marele Baraj<\/li>\n<li>Templul Philae<\/li>\n<li>Templul Karnak<\/li>\n<li>Colo\u0219ii lui Memnon<\/li>\n<li>Templul Mortuar al lui Hatshepsut<\/li>\n<li>Valea Regilor<\/li>\n<\/ul>\n<h3><span style=\"color: #ff6600;\">Incluziuni<\/span><\/h3>\n<ul>\n<li>Preluare \u0219i predare de la hotel cu un vehicul nou, cu aer condi\u021bionat<\/li>\n<li>Taxe de intrare pentru toate obiectivele din program<\/li>\n<li><strong>Ghid turistic expert vorbitor de limb\u0103 rom\u00e2n\u0103<\/strong><\/li>\n<li>1 noapte cazare la hotel \u00een Aswan cu mic dejun<\/li>\n<li>1 noapte cazare la hotel \u00een Luxor cu mic dejun<\/li>\n<li>Bilete de avion Cairo &#8211; Aswan<\/li>\n<li>Tren VIP de la Aswan la Luxor<\/li>\n<\/ul>\n<h3><span style=\"color: #ff6600;\">Excluziuni<\/span><\/h3>\n<ul>\n<li>Bac\u0219i\u0219uri<\/li>\n<li>B\u0103uturi \u00een timpul meselor<\/li>\n<li>Taxa de intrare pentru Morm\u00e2ntul lui Tutankhamon | KV62 = 700 L.E.<\/li>\n<li>Bilet suplimentar pentru Morm\u00e2ntul Regelui Sethi I | KV17 = 2000 L.E.<\/li>\n<li>Morm\u00e2ntul lui Ramses V &amp; VI | KV9 = 220 L.E.<\/li>\n<li>Orice nu este men\u021bionat \u00een program<\/li>\n<\/ul>\n<h3><span style=\"color: #ff6600;\">Ziua 1: Hurghada &#8211; Cairo \/ Cairo &#8211; Aswan<\/span><\/h3>\n<p>\u00cencepe\u021bi <strong>Turul de 3 zile Cairo, Aswan, Luxor din Hurghada All Inclusive<\/strong> \u00eent\u00e2lnindu-v\u0103 cu ghidul dumneavoastr\u0103 \u00een lobby-ul hotelului pentru a \u00eencepe <strong>pachetul turistic \u00een Egipt din Hurghada<\/strong>. Drumul p\u00e2n\u0103 la prima destina\u021bie, <strong>Marele Muzeu Egiptean<\/strong>, dureaz\u0103 aproximativ 5 ore cu ma\u0219ina.<\/p>\n<h3><span style=\"color: #ff6600;\">Marele Muzeu Egiptean<\/span><\/h3>\n<p>Explora\u021bi artefacte egiptene antice la cel mai mare \u0219i mai nou muzeu egiptean din lume. Descoperi\u021bi comorile lui <strong>Tutankhamon<\/strong>, <strong>Obeliscul Suspendat<\/strong>, Marele Coridor, sarcofage, papirusuri \u0219i multe altele. Admira\u021bi statuia Sfinxului lui <strong>Hatshepsut<\/strong>, galeria lui <strong>Akhenaten<\/strong>, statuia de diorit a lui Kefren, Menkaure \u0219i multe altele. Dup\u0103 aceea, ve\u021bi merge la pr\u00e2nz.<\/p>\n<h3><span style=\"color: #ff6600;\">Pr\u00e2nz<\/span><\/h3>\n<p>Bucura\u021bi-v\u0103 de un pr\u00e2nz proasp\u0103t g\u0103tit la un restaurant local, \u00een apropierea zonei Piramidelor.<\/p>\n<h3><span style=\"color: #ff6600;\">Piramidele de la Giza<\/span><\/h3>\n<p>Dup\u0103 pr\u00e2nz, continua\u021bi c\u0103tre urm\u0103toarea oprire la <strong>Platoul Giza<\/strong>, cu faimoasele Piramide ale lui <strong>Keops<\/strong>, <strong>Kefren<\/strong> \u0219i <strong>Micerinos<\/strong>. Asculta\u021bi ghidul dumneavoastr\u0103 \u00een timp ce dezv\u0103luie secretele construirii Piramidelor \u0219i motivul pentru care au fost construite. Face\u021bi un tur \u00een zon\u0103 \u0219i privi\u021bi <strong>Piramidele Reginelor<\/strong>, <strong>mormintele constructorilor de Piramide<\/strong> \u0219i face\u021bi fotografii frumoase peste tot, \u00eenainte de a merge la ultima oprire.<\/p>\n<h3><span style=\"color: #ff6600;\">Marea Sfinx<\/span><\/h3>\n<p>Ve\u021bi vizita <strong>templul de mumificare<\/strong> \u00een drum spre <strong>Marea Sfinx<\/strong> pentru a vedea unde \u0219i cum erau mumifica\u021bi regii \u00een Egiptul antic.<\/p>\n<p>Mai t\u00e2rziu, ve\u021bi merge la aeroportul din Cairo pentru a lua zborul intern c\u0103tre Aswan. La sosire, reprezentantul nostru v\u0103 va ajuta s\u0103 v\u0103 caza\u021bi la hotelul din Aswan, unde ve\u021bi petrece noaptea.<\/p>\n<p><strong>Mese:<\/strong> Mic dejun, pr\u00e2nz.<\/p>\n<h3><span style=\"color: #ff6600;\">Ziua 2: Aswan &#8211; Abu Simbel \/ Aswan \/ Luxor<\/span><\/h3>\n<p>Plecarea devreme c\u0103tre Abu Simbel, \u00een jurul orei 04:00 diminea\u021ba, cu transferul \u0219i ghidul privat. Drumul dureaz\u0103 aproximativ trei ore \u0219i jum\u0103tate, cu o pauz\u0103 de cafea pe drum.<\/p>\n<p>Bucura\u021bi-v\u0103 de explorarea Marelui Templu al lui <strong>Ramses al doilea<\/strong> \u0219i a statuilor colosale, a b\u0103t\u0103liei de la Qadesh, a scenelor de ofrande \u0219i a statuilor lui Amun Ra, Rahor Akhty, Ramses ca zeu \u0219i Ptah. Apoi, admira\u021bi elegantul templu al lui <strong>Nefertari<\/strong> \u0219i <strong>Hathor<\/strong>.<\/p>\n<p>La sf\u00e2r\u0219itul turului, ve\u021bi savura un pr\u00e2nz la pachet \u00een ma\u0219in\u0103 p\u00e2n\u0103 ve\u021bi ajunge \u00een ora\u0219ul Aswan, pentru a descoperi atrac\u021biile acestuia.<\/p>\n<p>Explora\u021bi <strong>Marele Baraj din Aswan<\/strong>, apoi <strong>templul Philae<\/strong>, cu o scurt\u0103 plimbare cu barca cu motor pe insula Agilkia, \u00eenainte de a v\u0103 \u00eendrepta spre gar\u0103 pentru a lua trenul spre Luxor.<\/p>\n<p>Dup\u0103 aceea, ghidul dumneavoastr\u0103 v\u0103 va ajuta s\u0103 v\u0103 caza\u021bi la hotelul din Luxor, unde ve\u021bi petrece noaptea.<\/p>\n<p><strong>Mese:<\/strong> Mic dejun, pr\u00e2nz.<\/p>\n<h3><span style=\"color: #ff6600;\">Ziua 3: Luxor &#8211; Hurghada<\/span><\/h3>\n<p>Bucura\u021bi-v\u0103 de un mic dejun delicios la hotel \u00eenainte de a \u00eencepe turul atrac\u021biilor din Luxor.<\/p>\n<p>\u00cencepe\u021bi turul pe malul vestic al Luxorului, unde ve\u021bi vizita <strong>Valea Regilor<\/strong> cu \u0219ansa de a explora trei morminte incluse \u00een bilet, plus morm\u00e2ntul lui <strong>Tutankhamon<\/strong> contra cost. \u00cen plus, ve\u021bi vedea <strong>Templul Mortuar al lui Hatshepsut<\/strong> \u0219i <strong>Colo\u0219ii lui Memnon<\/strong>.<\/p>\n<p>Dup\u0103 ce ve\u021bi lua pr\u00e2nzul la un restaurant tipic egiptean, ve\u021bi \u00eencheia ziua cu <strong>templul Karnak<\/strong> \u00eenainte de a v\u0103 \u00eentoarce la Hurghada.<\/p>\n<p><strong>Mese:<\/strong> Mic dejun, pr\u00e2nz.<\/p>\n<h3><span style=\"color: #ff6600;\">Pre\u021bul pachetului turistic 3 Zile Cairo, Aswan, Luxor din Hurghada All Inclusive<\/span><\/h3>\n<ul>\n<li>Pre\u021b adult = 500 \u20ac<\/li>\n<li>Copii 0-5 ani = gratuit<\/li>\n<li>Copii 5-11 ani = 50% din pre\u021bul pentru adult<\/li>\n<\/ul>\n<h3><span style=\"color: #ff6600;\">Rezervare<\/span><\/h3>\n<p>Pute\u021bi rezerva turul dumneavoastr\u0103 prin WhatsApp sau ne pute\u021bi trimite un e-mail \u0219i ve\u021bi primi confirmarea pe loc.<\/p>\n<p>V\u0103 rug\u0103m s\u0103 ne trimite\u021bi numele hotelului, num\u0103rul camerei \u0219i copiile pa\u0219apoartelor.<\/p>\n<ul>\n<li>WhatsApp: +201000852186<\/li>\n<li>info@egytourpackages.com<\/li>\n<\/ul>\n<h3><span style=\"color: #ff6600;\">Rezerva\u021bi acum \u0219i pl\u0103ti\u021bi la fa\u021ba locului<\/span><\/h3>\n<p>Rezerva\u021bi turul dumneavoastr\u0103 preferat \u0219i pl\u0103ti\u021bi \u00een ziua excursiei.<\/p>\n<h3><span style=\"color: #ff6600;\">Plat\u0103<\/span><\/h3>\n<p>Pute\u021bi pl\u0103ti \u00een lire egiptene, $, \u20ac sau \u00a3.<\/p>\n<h3><span style=\"color: #ff6600;\">Politica de anulare<\/span><\/h3>\n<ul>\n<li>Anularea este gratuit\u0103 cu p\u00e2n\u0103 la 24 de ore \u00een avans.<\/li>\n<li>Anularea \u00een diminea\u021ba zilei de tur cost\u0103 50% din pre\u021b.<\/li>\n<\/ul>\n","protected":false},"excerpt":{"rendered":"<p>3 Zile Cairo, Aswan, Luxor din Hurghada All Inclusive! Descoper\u0103 Cairo, Aswan \u0219i Luxor. Exploreaz\u0103 piramidele, templele \u0219i istoria fascinant\u0103.<\/p>\n","protected":false},"featured_media":7200,"comment_status":"open","ping_status":"closed","template":"","meta":[],"product_brand":[],"product_cat":[3120],"product_tag":[3203,3201],"class_list":{"0":"post-7199","1":"product","2":"type-product","3":"status-publish","4":"has-post-thumbnail","6":"product_cat-tururi","7":"product_tag-excursii-de-o-zi-in-egipt","8":"product_tag-excursii-in-hurghada","9":"tour_category-excursii-de-o-zi-in-egipt-ro","10":"tour_category-excursii-hurghada-ro","11":"tour_category-pachete-sejur-egipt-3-zile","13":"first","14":"instock","15":"sale","16":"shipping-taxable","17":"purchasable","18":"product-type-tour","19":"has-default-attributes"},"yoast_head":"<!-- This site is optimized with the Yoast SEO Premium plugin v27.2 (Yoast SEO v27.2) - https:\/\/yoast.com\/product\/yoast-seo-premium-wordpress\/ -->\n<title>3 Zile Cairo Aswan Luxor din Hurghada All Inclusive<\/title>\n<meta name=\"description\" content=\"3 Zile Cairo, Aswan, Luxor din Hurghada All Inclusive! Descoper\u0103 Cairo, Aswan \u0219i Luxor. Exploreaz\u0103 piramidele, templele \u0219i istoria fascinant\u0103.\" \/>\n<meta name=\"robots\" content=\"index, follow, max-snippet:-1, max-image-preview:large, max-video-preview:-1\" \/>\n<link rel=\"canonical\" href=\"https:\/\/egytourpackages.com\/ro\/tours\/3-zile-cairo-aswan-luxor-din-hurghada-all-inclusive\/\" \/>\n<meta property=\"og:locale\" content=\"ro_RO\" \/>\n<meta property=\"og:type\" content=\"article\" \/>\n<meta property=\"og:title\" content=\"3 Zile Cairo, Aswan, Luxor din Hurghada All Inclusive\" \/>\n<meta property=\"og:description\" content=\"3 Zile Cairo, Aswan, Luxor din Hurghada All Inclusive! Descoper\u0103 Cairo, Aswan \u0219i Luxor. Exploreaz\u0103 piramidele, templele \u0219i istoria fascinant\u0103.\" \/>\n<meta property=\"og:url\" content=\"https:\/\/egytourpackages.com\/ro\/tours\/3-zile-cairo-aswan-luxor-din-hurghada-all-inclusive\/\" \/>\n<meta property=\"og:site_name\" content=\"Egypt Tour Packages\" \/>\n<meta property=\"article:publisher\" content=\"https:\/\/www.facebook.com\/egytourpackages\" \/>\n<meta property=\"article:modified_time\" content=\"2026-01-05T17:02:32+00:00\" \/>\n<meta property=\"og:image\" content=\"https:\/\/egytourpackages.com\/wp-content\/uploads\/2025\/03\/Aswan-Philae-temple.jpg\" \/>\n\t<meta property=\"og:image:width\" content=\"2000\" \/>\n\t<meta property=\"og:image:height\" content=\"1500\" \/>\n\t<meta property=\"og:image:type\" content=\"image\/jpeg\" \/>\n<meta name=\"twitter:card\" content=\"summary_large_image\" \/>\n<meta name=\"twitter:title\" content=\"3 Zile Cairo, Aswan, Luxor din Hurghada All Inclusive\" \/>\n<meta name=\"twitter:label1\" content=\"Pre\u021b\" \/>\n\t<meta name=\"twitter:data1\" content=\"&euro;500\" \/>\n\t<meta name=\"twitter:label2\" content=\"Disponibilitate\" \/>\n\t<meta name=\"twitter:data2\" content=\"\u00cen stoc\" \/>\n<script type=\"application\/ld+json\" class=\"yoast-schema-graph\">{\"@context\":\"https:\/\/schema.org\",\"@graph\":[{\"@type\":\"WebPage\",\"@id\":\"https:\/\/egytourpackages.com\/ro\/tours\/3-zile-cairo-aswan-luxor-din-hurghada-all-inclusive\/\",\"url\":\"https:\/\/egytourpackages.com\/ro\/tours\/3-zile-cairo-aswan-luxor-din-hurghada-all-inclusive\/\",\"name\":\"3 Zile Cairo Aswan Luxor din Hurghada All Inclusive\",\"isPartOf\":{\"@id\":\"https:\/\/egytourpackages.com\/ro\/#website\"},\"primaryImageOfPage\":{\"@id\":\"https:\/\/egytourpackages.com\/ro\/tours\/3-zile-cairo-aswan-luxor-din-hurghada-all-inclusive\/#primaryimage\"},\"image\":{\"@id\":\"https:\/\/egytourpackages.com\/ro\/tours\/3-zile-cairo-aswan-luxor-din-hurghada-all-inclusive\/#primaryimage\"},\"thumbnailUrl\":\"https:\/\/egytourpackages.com\/wp-content\/uploads\/2025\/03\/Aswan-Philae-temple.jpg\",\"datePublished\":\"2025-03-05T22:10:44+00:00\",\"dateModified\":\"2026-01-05T17:02:32+00:00\",\"description\":\"3 Zile Cairo, Aswan, Luxor din Hurghada All Inclusive! Descoper\u0103 Cairo, Aswan \u0219i Luxor. Exploreaz\u0103 piramidele, templele \u0219i istoria fascinant\u0103.\",\"breadcrumb\":{\"@id\":\"https:\/\/egytourpackages.com\/ro\/tours\/3-zile-cairo-aswan-luxor-din-hurghada-all-inclusive\/#breadcrumb\"},\"inLanguage\":\"ro-RO\",\"potentialAction\":[{\"@type\":\"ReadAction\",\"target\":[\"https:\/\/egytourpackages.com\/ro\/tours\/3-zile-cairo-aswan-luxor-din-hurghada-all-inclusive\/\"]}]},{\"@type\":\"ImageObject\",\"inLanguage\":\"ro-RO\",\"@id\":\"https:\/\/egytourpackages.com\/ro\/tours\/3-zile-cairo-aswan-luxor-din-hurghada-all-inclusive\/#primaryimage\",\"url\":\"https:\/\/egytourpackages.com\/wp-content\/uploads\/2025\/03\/Aswan-Philae-temple.jpg\",\"contentUrl\":\"https:\/\/egytourpackages.com\/wp-content\/uploads\/2025\/03\/Aswan-Philae-temple.jpg\",\"width\":2000,\"height\":1500,\"caption\":\"3 Zile Cairo, Aswan, Luxor din Hurghada All Inclusive\"},{\"@type\":\"BreadcrumbList\",\"@id\":\"https:\/\/egytourpackages.com\/ro\/tours\/3-zile-cairo-aswan-luxor-din-hurghada-all-inclusive\/#breadcrumb\",\"itemListElement\":[{\"@type\":\"ListItem\",\"position\":1,\"name\":\"Home\",\"item\":\"https:\/\/egytourpackages.com\/ro\/\"},{\"@type\":\"ListItem\",\"position\":2,\"name\":\"Shop\",\"item\":\"https:\/\/egytourpackages.com\/shop\/\"},{\"@type\":\"ListItem\",\"position\":3,\"name\":\"3 Zile Cairo, Aswan, Luxor din Hurghada All Inclusive\"}]},{\"@type\":\"WebSite\",\"@id\":\"https:\/\/egytourpackages.com\/ro\/#website\",\"url\":\"https:\/\/egytourpackages.com\/ro\/\",\"name\":\"Egy tour packages\",\"description\":\"\",\"publisher\":{\"@id\":\"https:\/\/egytourpackages.com\/ro\/#organization\"},\"potentialAction\":[{\"@type\":\"SearchAction\",\"target\":{\"@type\":\"EntryPoint\",\"urlTemplate\":\"https:\/\/egytourpackages.com\/ro\/?s={search_term_string}\"},\"query-input\":{\"@type\":\"PropertyValueSpecification\",\"valueRequired\":true,\"valueName\":\"search_term_string\"}}],\"inLanguage\":\"ro-RO\"},{\"@type\":[\"Organization\",\"Place\",\"TravelAgency\"],\"@id\":\"https:\/\/egytourpackages.com\/ro\/#organization\",\"name\":\"egypt tour packages\",\"alternateName\":\"egypt tour packages\",\"url\":\"https:\/\/egytourpackages.com\/ro\/\",\"logo\":{\"@id\":\"https:\/\/egytourpackages.com\/ro\/tours\/3-zile-cairo-aswan-luxor-din-hurghada-all-inclusive\/#local-main-organization-logo\"},\"image\":{\"@id\":\"https:\/\/egytourpackages.com\/ro\/tours\/3-zile-cairo-aswan-luxor-din-hurghada-all-inclusive\/#local-main-organization-logo\"},\"sameAs\":[\"https:\/\/www.facebook.com\/egytourpackages\"],\"legalName\":\"Egy tour packages\",\"address\":{\"@id\":\"https:\/\/egytourpackages.com\/ro\/tours\/3-zile-cairo-aswan-luxor-din-hurghada-all-inclusive\/#local-main-place-address\"},\"telephone\":[\"00201000852186\",\"00201028685533\"],\"contactPoint\":{\"@type\":\"ContactPoint\",\"telephone\":\"00201000852186\"},\"openingHoursSpecification\":[{\"@type\":\"OpeningHoursSpecification\",\"dayOfWeek\":[\"Monday\",\"Tuesday\",\"Wednesday\",\"Thursday\",\"Friday\",\"Saturday\",\"Sunday\"],\"opens\":\"00:00\",\"closes\":\"23:59\"}],\"email\":\"info@egytourpackages.com\",\"areaServed\":\"Cairo, Hurghada, Luxor, Sharm El Sheikh, Marsa Alam, Aswan\",\"priceRange\":\"$\",\"currenciesAccepted\":\"euro\",\"paymentAccepted\":\"Payment links online\"},{\"@type\":\"PostalAddress\",\"@id\":\"https:\/\/egytourpackages.com\/ro\/tours\/3-zile-cairo-aswan-luxor-din-hurghada-all-inclusive\/#local-main-place-address\",\"streetAddress\":\"Mubarak 8, Al Kawthar District, Hurghada\",\"addressLocality\":\"Hurghada\",\"postalCode\":\"84511\",\"addressRegion\":\"Red Sea\",\"addressCountry\":\"EG\"},{\"@type\":\"ImageObject\",\"inLanguage\":\"ro-RO\",\"@id\":\"https:\/\/egytourpackages.com\/ro\/tours\/3-zile-cairo-aswan-luxor-din-hurghada-all-inclusive\/#local-main-organization-logo\",\"url\":\"https:\/\/egytourpackages.com\/wp-content\/uploads\/2025\/12\/Turquoise-Dahabiya-Nile-Cruise-1.jpeg\",\"contentUrl\":\"https:\/\/egytourpackages.com\/wp-content\/uploads\/2025\/12\/Turquoise-Dahabiya-Nile-Cruise-1.jpeg\",\"width\":1040,\"height\":694,\"caption\":\"egypt tour packages\"}]}<\/script>\n<meta property=\"product:brand\" content=\"Excursii de o zi \u00een Egipt\" \/>\n<meta property=\"product:price:amount\" content=\"500\" \/>\n<meta property=\"product:price:currency\" content=\"EUR\" \/>\n<meta property=\"og:availability\" content=\"instock\" \/>\n<meta property=\"product:availability\" content=\"instock\" \/>\n<meta property=\"product:retailer_item_id\" content=\"HDT11\" \/>\n<meta property=\"product:condition\" content=\"new\" \/>\n<meta name=\"geo.placename\" content=\"Hurghada\" \/>\n<meta name=\"geo.region\" content=\"Egipt\" \/>\n<!-- \/ Yoast SEO Premium plugin. -->","yoast_head_json":{"title":"3 Zile Cairo Aswan Luxor din Hurghada All Inclusive","description":"3 Zile Cairo, Aswan, Luxor din Hurghada All Inclusive! Descoper\u0103 Cairo, Aswan \u0219i Luxor. Exploreaz\u0103 piramidele, templele \u0219i istoria fascinant\u0103.","robots":{"index":"index","follow":"follow","max-snippet":"max-snippet:-1","max-image-preview":"max-image-preview:large","max-video-preview":"max-video-preview:-1"},"canonical":"https:\/\/egytourpackages.com\/ro\/tours\/3-zile-cairo-aswan-luxor-din-hurghada-all-inclusive\/","og_locale":"ro_RO","og_type":"article","og_title":"3 Zile Cairo, Aswan, Luxor din Hurghada All Inclusive","og_description":"3 Zile Cairo, Aswan, Luxor din Hurghada All Inclusive! Descoper\u0103 Cairo, Aswan \u0219i Luxor. Exploreaz\u0103 piramidele, templele \u0219i istoria fascinant\u0103.","og_url":"https:\/\/egytourpackages.com\/ro\/tours\/3-zile-cairo-aswan-luxor-din-hurghada-all-inclusive\/","og_site_name":"Egypt Tour Packages","article_publisher":"https:\/\/www.facebook.com\/egytourpackages","article_modified_time":"2026-01-05T17:02:32+00:00","og_image":[{"width":2000,"height":1500,"url":"https:\/\/egytourpackages.com\/wp-content\/uploads\/2025\/03\/Aswan-Philae-temple.jpg","type":"image\/jpeg"}],"twitter_card":"summary_large_image","twitter_title":"3 Zile Cairo, Aswan, Luxor din Hurghada All Inclusive","twitter_misc":{"Pre\u021b":"&euro;500","Disponibilitate":"\u00cen stoc"},"schema":{"@context":"https:\/\/schema.org","@graph":[{"@type":"WebPage","@id":"https:\/\/egytourpackages.com\/ro\/tours\/3-zile-cairo-aswan-luxor-din-hurghada-all-inclusive\/","url":"https:\/\/egytourpackages.com\/ro\/tours\/3-zile-cairo-aswan-luxor-din-hurghada-all-inclusive\/","name":"3 Zile Cairo Aswan Luxor din Hurghada All Inclusive","isPartOf":{"@id":"https:\/\/egytourpackages.com\/ro\/#website"},"primaryImageOfPage":{"@id":"https:\/\/egytourpackages.com\/ro\/tours\/3-zile-cairo-aswan-luxor-din-hurghada-all-inclusive\/#primaryimage"},"image":{"@id":"https:\/\/egytourpackages.com\/ro\/tours\/3-zile-cairo-aswan-luxor-din-hurghada-all-inclusive\/#primaryimage"},"thumbnailUrl":"https:\/\/egytourpackages.com\/wp-content\/uploads\/2025\/03\/Aswan-Philae-temple.jpg","datePublished":"2025-03-05T22:10:44+00:00","dateModified":"2026-01-05T17:02:32+00:00","description":"3 Zile Cairo, Aswan, Luxor din Hurghada All Inclusive! Descoper\u0103 Cairo, Aswan \u0219i Luxor. Exploreaz\u0103 piramidele, templele \u0219i istoria fascinant\u0103.","breadcrumb":{"@id":"https:\/\/egytourpackages.com\/ro\/tours\/3-zile-cairo-aswan-luxor-din-hurghada-all-inclusive\/#breadcrumb"},"inLanguage":"ro-RO","potentialAction":[{"@type":"ReadAction","target":["https:\/\/egytourpackages.com\/ro\/tours\/3-zile-cairo-aswan-luxor-din-hurghada-all-inclusive\/"]}]},{"@type":"ImageObject","inLanguage":"ro-RO","@id":"https:\/\/egytourpackages.com\/ro\/tours\/3-zile-cairo-aswan-luxor-din-hurghada-all-inclusive\/#primaryimage","url":"https:\/\/egytourpackages.com\/wp-content\/uploads\/2025\/03\/Aswan-Philae-temple.jpg","contentUrl":"https:\/\/egytourpackages.com\/wp-content\/uploads\/2025\/03\/Aswan-Philae-temple.jpg","width":2000,"height":1500,"caption":"3 Zile Cairo, Aswan, Luxor din Hurghada All Inclusive"},{"@type":"BreadcrumbList","@id":"https:\/\/egytourpackages.com\/ro\/tours\/3-zile-cairo-aswan-luxor-din-hurghada-all-inclusive\/#breadcrumb","itemListElement":[{"@type":"ListItem","position":1,"name":"Home","item":"https:\/\/egytourpackages.com\/ro\/"},{"@type":"ListItem","position":2,"name":"Shop","item":"https:\/\/egytourpackages.com\/shop\/"},{"@type":"ListItem","position":3,"name":"3 Zile Cairo, Aswan, Luxor din Hurghada All Inclusive"}]},{"@type":"WebSite","@id":"https:\/\/egytourpackages.com\/ro\/#website","url":"https:\/\/egytourpackages.com\/ro\/","name":"Egy tour packages","description":"","publisher":{"@id":"https:\/\/egytourpackages.com\/ro\/#organization"},"potentialAction":[{"@type":"SearchAction","target":{"@type":"EntryPoint","urlTemplate":"https:\/\/egytourpackages.com\/ro\/?s={search_term_string}"},"query-input":{"@type":"PropertyValueSpecification","valueRequired":true,"valueName":"search_term_string"}}],"inLanguage":"ro-RO"},{"@type":["Organization","Place","TravelAgency"],"@id":"https:\/\/egytourpackages.com\/ro\/#organization","name":"egypt tour packages","alternateName":"egypt tour packages","url":"https:\/\/egytourpackages.com\/ro\/","logo":{"@id":"https:\/\/egytourpackages.com\/ro\/tours\/3-zile-cairo-aswan-luxor-din-hurghada-all-inclusive\/#local-main-organization-logo"},"image":{"@id":"https:\/\/egytourpackages.com\/ro\/tours\/3-zile-cairo-aswan-luxor-din-hurghada-all-inclusive\/#local-main-organization-logo"},"sameAs":["https:\/\/www.facebook.com\/egytourpackages"],"legalName":"Egy tour packages","address":{"@id":"https:\/\/egytourpackages.com\/ro\/tours\/3-zile-cairo-aswan-luxor-din-hurghada-all-inclusive\/#local-main-place-address"},"telephone":["00201000852186","00201028685533"],"contactPoint":{"@type":"ContactPoint","telephone":"00201000852186"},"openingHoursSpecification":[{"@type":"OpeningHoursSpecification","dayOfWeek":["Monday","Tuesday","Wednesday","Thursday","Friday","Saturday","Sunday"],"opens":"00:00","closes":"23:59"}],"email":"info@egytourpackages.com","areaServed":"Cairo, Hurghada, Luxor, Sharm El Sheikh, Marsa Alam, Aswan","priceRange":"$","currenciesAccepted":"euro","paymentAccepted":"Payment links online"},{"@type":"PostalAddress","@id":"https:\/\/egytourpackages.com\/ro\/tours\/3-zile-cairo-aswan-luxor-din-hurghada-all-inclusive\/#local-main-place-address","streetAddress":"Mubarak 8, Al Kawthar District, Hurghada","addressLocality":"Hurghada","postalCode":"84511","addressRegion":"Red Sea","addressCountry":"EG"},{"@type":"ImageObject","inLanguage":"ro-RO","@id":"https:\/\/egytourpackages.com\/ro\/tours\/3-zile-cairo-aswan-luxor-din-hurghada-all-inclusive\/#local-main-organization-logo","url":"https:\/\/egytourpackages.com\/wp-content\/uploads\/2025\/12\/Turquoise-Dahabiya-Nile-Cruise-1.jpeg","contentUrl":"https:\/\/egytourpackages.com\/wp-content\/uploads\/2025\/12\/Turquoise-Dahabiya-Nile-Cruise-1.jpeg","width":1040,"height":694,"caption":"egypt tour packages"}]},"product_brand":"Excursii de o zi \u00een Egipt","product_price_amount":"500","product_price_currency":"EUR","og_availability":"instock","product_availability":"instock","product_retailer_item_id":"HDT11","product_condition":"new","geo.placename":"Hurghada","geo.region":"Egipt"},"_links":{"self":[{"href":"https:\/\/egytourpackages.com\/ro\/wp-json\/wp\/v2\/product\/7199","targetHints":{"allow":["GET"]}}],"collection":[{"href":"https:\/\/egytourpackages.com\/ro\/wp-json\/wp\/v2\/product"}],"about":[{"href":"https:\/\/egytourpackages.com\/ro\/wp-json\/wp\/v2\/types\/product"}],"replies":[{"embeddable":true,"href":"https:\/\/egytourpackages.com\/ro\/wp-json\/wp\/v2\/comments?post=7199"}],"wp:featuredmedia":[{"embeddable":true,"href":"https:\/\/egytourpackages.com\/ro\/wp-json\/wp\/v2\/media\/7200"}],"wp:attachment":[{"href":"https:\/\/egytourpackages.com\/ro\/wp-json\/wp\/v2\/media?parent=7199"}],"wp:term":[{"taxonomy":"product_brand","embeddable":true,"href":"https:\/\/egytourpackages.com\/ro\/wp-json\/wp\/v2\/product_brand?post=7199"},{"taxonomy":"product_cat","embeddable":true,"href":"https:\/\/egytourpackages.com\/ro\/wp-json\/wp\/v2\/product_cat?post=7199"},{"taxonomy":"product_tag","embeddable":true,"href":"https:\/\/egytourpackages.com\/ro\/wp-json\/wp\/v2\/product_tag?post=7199"}],"curies":[{"name":"wp","href":"https:\/\/api.w.org\/{rel}","templated":true}]}}