{"id":7210,"date":"2024-07-19T17:14:10","date_gmt":"2024-07-19T17:14:10","guid":{"rendered":"https:\/\/egytourpackages.com\/product\/plimbare-cu-balonul-cu-aer-cald-in-luxor-din-hurghada\/"},"modified":"2026-01-06T09:49:46","modified_gmt":"2026-01-06T09:49:46","slug":"plimbare-cu-balonul-cu-aer-cald-in-luxor-din-hurghada","status":"publish","type":"product","link":"https:\/\/egytourpackages.com\/ro\/tours\/plimbare-cu-balonul-cu-aer-cald-in-luxor-din-hurghada\/","title":{"rendered":"Plimbare cu Balonul cu Aer Cald \u00een Luxor din Hurghada"},"content":{"rendered":"<p><span style=\"color: #ff6600;\"><strong>Plimbare cu Balonul cu Aer Cald \u00een Luxor din Hurghada<\/strong><\/span><\/p>\n<h3><span style=\"color: #ff6600;\">Prezentare General\u0103<\/span><\/h3>\n<p><strong>Plimbarea cu balonul cu aer cald \u00een Luxor din Hurghada<\/strong> este o experien\u021b\u0103 conceput\u0103 pentru cei care doresc s\u0103 se bucure de un zbor cu balonul peste Luxor, dar \u00een acela\u0219i timp s\u0103 nu rateze activit\u0103\u021bile de pe <strong>Marea Ro\u0219ie<\/strong>. <strong>Egy Tour Packages<\/strong> ofer\u0103 aceast\u0103 <strong>excursie popular\u0103 de o zi la Luxor din Hurghada<\/strong>, care combin\u0103 confortul cu vederi aeriene uluitoare ale comorilor istorice ale Egiptului.<\/p>\n<p>Fi\u021bi martori la un r\u0103s\u0103rit spectaculos de soare peste <strong>Valea Regilor<\/strong>, <strong>Templul Reginei Hatshepsut<\/strong>, <strong>Colo\u0219ii lui Memnon<\/strong> \u0219i <strong>Ramesseum<\/strong> dintr-o perspectiv\u0103 unic\u0103. Aceast\u0103 <strong>excursie din Hurghada<\/strong> \u00eencepe la sf\u00e2r\u0219itul zilei din Hurghada \u0219i se \u00eencheie a doua zi, \u00een jurul orei 14:00 cel t\u00e2rziu. De fapt, acest <strong>pachet turistic \u00een Egipt<\/strong> include transfer privat, ghid privat \u00een Luxor, dar o plimbare cu balonul \u00eemp\u0103r\u021bit\u0103 cu al\u021bi turi\u0219ti diminea\u021ba devreme. A\u0219adar, nu rata\u021bi aceast\u0103 oportunitate de a ad\u0103uga o <strong>plimbare cu balonul<\/strong> cu adev\u0103rat magic\u0103 <strong>\u00een Luxor din Hurghada<\/strong> la aventura dumneavoastr\u0103 egiptean\u0103, captur\u00e2nd fotografii incredibile \u0219i cre\u00e2nd amintiri care vor dura o via\u021b\u0103.<\/p>\n<h3><span style=\"color: #ff6600;\">Detalii Tur<\/span><\/h3>\n<ul>\n<li>Durat\u0103: 1 Noapte<\/li>\n<li>Loca\u021bia turului: Luxor<\/li>\n<li>Disponibilitatea turului: Zilnic<\/li>\n<li>Preluare \u0219i predare: Hoteluri din Hurghada \/ El Gouna \/ Makadi Bay \/ Soma Bay \/ Sahl Hasheesh<\/li>\n<li>Tipul turului: Tur privat<\/li>\n<li>Potrivit pentru: Cupluri, Familii, Seniori, C\u0103l\u0103tori singuri<\/li>\n<li>Scaun cu rotile: Accesibil<\/li>\n<li><strong>Limb\u0103: Rom\u00e2n\u0103<\/strong><\/li>\n<\/ul>\n<h3><span style=\"color: #ff6600;\">Puncte de atrac\u021bie<\/span><\/h3>\n<ul>\n<li>Balon cu Aer Cald<\/li>\n<li>Valea Regilor<\/li>\n<\/ul>\n<h3><span style=\"color: #ff6600;\">Inclus<\/span><\/h3>\n<ul>\n<li>Transfer cu vehicul cu aer condi\u021bionat<\/li>\n<li>1 noapte cazare la hotel \u00een Luxor cu cin\u0103<\/li>\n<li><strong>Ghid arheolog privat, vorbitor de limb\u0103 rom\u00e2n\u0103<\/strong><\/li>\n<li>Taxa de intrare pentru toate obiectivele turistice<\/li>\n<li>Zborul cu balonul cu aer cald<\/li>\n<\/ul>\n<h3><span style=\"color: #ff6600;\">Exclus<\/span><\/h3>\n<ul>\n<li>B\u0103uturi \u00een timpul pr\u00e2nzului<\/li>\n<li>Orice morm\u00e2nt suplimentar \u00een Valea Regilor, cum ar fi KV9, KV17 \u0219i KV62 &#8211; Morm\u00e2ntul lui Tutankhamon<\/li>\n<li>Plimbare cu Felucca<\/li>\n<li>Bac\u0219i\u0219uri<\/li>\n<\/ul>\n<h3><span style=\"color: #ff6600;\">Ce s\u0103 lua\u021bi cu voi<\/span><\/h3>\n<ul>\n<li>Pa\u0219apoartele<\/li>\n<li>P\u0103l\u0103rie, ochelari de soare \u0219i crem\u0103 de soare<\/li>\n<li>Haine \u0219i \u00eenc\u0103l\u021b\u0103minte confortabile<\/li>\n<li>Haine groase pentru iarn\u0103<\/li>\n<\/ul>\n<h3><span style=\"color: #ff6600;\">Itinerar<\/span><\/h3>\n<p>\u00cent\u00e2lni\u021bi-v\u0103 cu \u0219oferul \u00een lobby-ul hotelului, \u00een jurul orei 16:00, pentru a \u00eencepe drumul spre Luxor. Distan\u021ba dintre Hurghada \u0219i Luxor este de aproximativ 300 km \u0219i dureaz\u0103 aproximativ 4 ore cu ma\u0219ina, cu o pauz\u0103 de cafea pe drum. Programul va fi urm\u0103torul:<\/p>\n<ul>\n<li><strong>16:00:<\/strong> Preluare de la hotel<\/li>\n<li><strong>17:00:<\/strong> Trecerea prin punctul de control Safaga pentru a \u00eencepe drumul spre Luxor<\/li>\n<li><strong>18:00:<\/strong> Pauz\u0103 de cafea<\/li>\n<li><strong>20:00:<\/strong> Sosire la hotelul din Luxor \u0219i check-in<\/li>\n<li><strong>21:00:<\/strong> Cin\u0103 la hotel \u0219i cazare peste noapte<\/li>\n<\/ul>\n<p><strong>Mese:<\/strong> Cin\u0103<\/p>\n<h3><span style=\"color: #ff6600;\">Ziua 2: Luxor &#8211; Hurghada<\/span><\/h3>\n<p><strong>04:00:<\/strong> Preluare pentru zborul cu balonul cu aer cald<\/p>\n<p>Ve\u021bi fi preluat de la hotel \u0219i transferat la portul de agrement de pe Nil pentru a traversa Nilul cu o barc\u0103 cu motor spre malul de vest al Luxorului. Apoi, ve\u021bi fi transferat la locul de decolare pentru a zbura cu balonul cu aer cald peste malul de vest al Luxorului. De sus, ve\u021bi putea vedea cu u\u0219urin\u021b\u0103 <strong>Valea Regilor<\/strong>, <strong>Templul lui Hatshepsut<\/strong>, <strong>Ramesseum<\/strong>, <strong>Colo\u0219ii lui Memnon<\/strong> \u0219i <strong>Medinet Habu<\/strong>. De asemenea, ve\u021bi vedea <strong>mormintele nobililor<\/strong>, <strong>Valea Reginelor<\/strong> \u0219i <strong>Deir El Medina<\/strong> de sus.<\/p>\n<p>La sf\u00e2r\u0219itul aventurii dumneavoastr\u0103, ve\u021bi fi transferat direct la hotel pentru micul dejun.<\/p>\n<ul>\n<li><strong>05:00:<\/strong> \u00cenceputul decol\u0103rii deasupra malului de vest al Luxorului<\/li>\n<li><strong>06:00:<\/strong> Aterizare pe malul de vest al Luxorului<\/li>\n<li><strong>07:00:<\/strong> Micul dejun la hotel<\/li>\n<li><strong>08:00:<\/strong> Check-out \u0219i \u00eenceputul vizitei<\/li>\n<li><strong>08:30:<\/strong> Valea Regilor<\/li>\n<li><strong>10:00:<\/strong> \u00cenceputul drumului de \u00eentoarcere la hotelul dumneavoastr\u0103 din Hurghada<\/li>\n<\/ul>\n<h3><span style=\"color: #ff6600;\">Pre\u021bul Zborului cu Balonul cu Aer Cald din Luxor, din Hurghada<\/span><\/h3>\n<ul>\n<li>Pre\u021b adult = 350 \u20ac<\/li>\n<li>2persoane=230 de persoan\u0103<\/li>\n<li>3 persoane = 200 \u20ac de persoan\u0103<\/li>\n<li>Copii 0-5 ani = gratuit<\/li>\n<\/ul>\n<h3><span style=\"color: #ff6600;\">Rezervare<\/span><\/h3>\n<ul>\n<li>Pute\u021bi rezerva turul dumneavoastr\u0103 prin WhatsApp sau ne pute\u021bi trimite un e-mail \u0219i ve\u021bi primi confirmarea pe loc.<\/li>\n<li>V\u0103 rug\u0103m s\u0103 ne trimite\u021bi numele hotelului, num\u0103rul camerei \u0219i copii ale pa\u0219apoartelor.<\/li>\n<\/ul>\n<p><strong>WhatsApp:<\/strong> +201000852186<\/p>\n<p><strong>E-mail:<\/strong> info@egytourpackages.com<\/p>\n<h3><span style=\"color: #ff6600;\">Rezerva\u021bi acum \u0219i pl\u0103ti\u021bi la fa\u021ba locului<\/span><\/h3>\n<p>Rezerva\u021bi turul dumneavoastr\u0103 preferat \u0219i pl\u0103ti\u021bi \u00een ziua excursiei.<\/p>\n<h3><span style=\"color: #ff6600;\">Plat\u0103<\/span><\/h3>\n<p>Pute\u021bi pl\u0103ti \u00een lire egiptene, $, \u20ac sau \u00a3.<\/p>\n<h3><span style=\"color: #ff6600;\">Politica de anulare<\/span><\/h3>\n<ul>\n<li>Anularea este gratuit\u0103 cu p\u00e2n\u0103 la 24 de ore \u00een avans.<\/li>\n<li>Anularea \u00een diminea\u021ba zilei de tur cost\u0103 50% din pre\u021b.<\/li>\n<\/ul>\n","protected":false},"excerpt":{"rendered":"<p>Orizonturi noi! Plimbare cu Balonul cu Aer Cald \u00een Luxor din Hurghada, la r\u0103s\u0103rit. Vezi de sus Valea Regilor \u0219i templele. O experien\u021b\u0103 de neuitat.<\/p>\n","protected":false},"featured_media":7211,"comment_status":"open","ping_status":"closed","template":"","meta":[],"product_brand":[],"product_cat":[3120],"product_tag":[3203,3201,3786,3649],"class_list":{"0":"post-7210","1":"product","2":"type-product","3":"status-publish","4":"has-post-thumbnail","6":"product_cat-tururi","7":"product_tag-excursii-de-o-zi-in-egipt","8":"product_tag-excursii-in-hurghada","9":"product_tag-excursii-in-luxor-din-hurghada","10":"product_tag-rezerva-cele-mai-bune-preturi-pentru-zbor-cu-balonul-cu-aer-cald-in-luxor-din-hurghada","11":"tour_category-excursii-de-o-zi-in-egipt-ro","12":"tour_category-excursii-hurghada-ro","14":"first","15":"instock","16":"sale","17":"shipping-taxable","18":"purchasable","19":"product-type-tour","20":"has-default-attributes"},"yoast_head":"<!-- This site is optimized with the Yoast SEO Premium plugin v27.4 (Yoast SEO v27.4) - https:\/\/yoast.com\/product\/yoast-seo-premium-wordpress\/ -->\n<title>Plimbare cu Balonul cu Aer Cald \u00een Luxor din Hurghada<\/title>\n<meta name=\"description\" content=\"Orizonturi noi! Plimbare cu Balonul cu Aer Cald \u00een Luxor din Hurghada, la r\u0103s\u0103rit. Vezi de sus Valea Regilor \u0219i templele. O experien\u021b\u0103 de neuitat.\" \/>\n<meta name=\"robots\" content=\"index, follow, max-snippet:-1, max-image-preview:large, max-video-preview:-1\" \/>\n<link rel=\"canonical\" href=\"https:\/\/egytourpackages.com\/ro\/tours\/plimbare-cu-balonul-cu-aer-cald-in-luxor-din-hurghada\/\" \/>\n<meta property=\"og:locale\" content=\"ro_RO\" \/>\n<meta property=\"og:type\" content=\"article\" \/>\n<meta property=\"og:title\" content=\"Plimbare cu Balonul cu Aer Cald \u00een Luxor din Hurghada\" \/>\n<meta property=\"og:description\" content=\"Orizonturi noi! Plimbare cu Balonul cu Aer Cald \u00een Luxor din Hurghada, la r\u0103s\u0103rit. Vezi de sus Valea Regilor \u0219i templele. O experien\u021b\u0103 de neuitat.\" \/>\n<meta property=\"og:url\" content=\"https:\/\/egytourpackages.com\/ro\/tours\/plimbare-cu-balonul-cu-aer-cald-in-luxor-din-hurghada\/\" \/>\n<meta property=\"og:site_name\" content=\"Egypt Tour Packages\" \/>\n<meta property=\"article:publisher\" content=\"https:\/\/www.facebook.com\/egytourpackages\" \/>\n<meta property=\"article:modified_time\" content=\"2026-01-06T09:49:46+00:00\" \/>\n<meta property=\"og:image\" content=\"https:\/\/egytourpackages.com\/wp-content\/uploads\/2024\/06\/Hot-Air-Balloon-Luxor-1024x768.jpg\" \/>\n<meta name=\"twitter:card\" content=\"summary_large_image\" \/>\n<meta name=\"twitter:title\" content=\"Plimbare cu Balonul cu Aer Cald \u00een Luxor din Hurghada\" \/>\n<meta name=\"twitter:label1\" content=\"Pre\u021b\" \/>\n\t<meta name=\"twitter:data1\" content=\"&euro;220\" \/>\n\t<meta name=\"twitter:label2\" content=\"Disponibilitate\" \/>\n\t<meta name=\"twitter:data2\" content=\"\u00cen stoc\" \/>\n<script type=\"application\/ld+json\" class=\"yoast-schema-graph\">{\"@context\":\"https:\\\/\\\/schema.org\",\"@graph\":[{\"@type\":\"WebPage\",\"@id\":\"https:\\\/\\\/egytourpackages.com\\\/ro\\\/tours\\\/plimbare-cu-balonul-cu-aer-cald-in-luxor-din-hurghada\\\/\",\"url\":\"https:\\\/\\\/egytourpackages.com\\\/ro\\\/tours\\\/plimbare-cu-balonul-cu-aer-cald-in-luxor-din-hurghada\\\/\",\"name\":\"Plimbare cu Balonul cu Aer Cald \u00een Luxor din Hurghada\",\"isPartOf\":{\"@id\":\"https:\\\/\\\/egytourpackages.com\\\/ro\\\/#website\"},\"primaryImageOfPage\":{\"@id\":\"https:\\\/\\\/egytourpackages.com\\\/ro\\\/tours\\\/plimbare-cu-balonul-cu-aer-cald-in-luxor-din-hurghada\\\/#primaryimage\"},\"image\":{\"@id\":\"https:\\\/\\\/egytourpackages.com\\\/ro\\\/tours\\\/plimbare-cu-balonul-cu-aer-cald-in-luxor-din-hurghada\\\/#primaryimage\"},\"thumbnailUrl\":\"https:\\\/\\\/egytourpackages.com\\\/wp-content\\\/uploads\\\/2024\\\/06\\\/Hot-Air-Balloon-Luxor.jpg\",\"datePublished\":\"2024-07-19T17:14:10+00:00\",\"dateModified\":\"2026-01-06T09:49:46+00:00\",\"description\":\"Orizonturi noi! Plimbare cu Balonul cu Aer Cald \u00een Luxor din Hurghada, la r\u0103s\u0103rit. Vezi de sus Valea Regilor \u0219i templele. O experien\u021b\u0103 de neuitat.\",\"breadcrumb\":{\"@id\":\"https:\\\/\\\/egytourpackages.com\\\/ro\\\/tours\\\/plimbare-cu-balonul-cu-aer-cald-in-luxor-din-hurghada\\\/#breadcrumb\"},\"inLanguage\":\"ro-RO\",\"potentialAction\":[{\"@type\":\"ReadAction\",\"target\":[\"https:\\\/\\\/egytourpackages.com\\\/ro\\\/tours\\\/plimbare-cu-balonul-cu-aer-cald-in-luxor-din-hurghada\\\/\"]}]},{\"@type\":\"ImageObject\",\"inLanguage\":\"ro-RO\",\"@id\":\"https:\\\/\\\/egytourpackages.com\\\/ro\\\/tours\\\/plimbare-cu-balonul-cu-aer-cald-in-luxor-din-hurghada\\\/#primaryimage\",\"url\":\"https:\\\/\\\/egytourpackages.com\\\/wp-content\\\/uploads\\\/2024\\\/06\\\/Hot-Air-Balloon-Luxor.jpg\",\"contentUrl\":\"https:\\\/\\\/egytourpackages.com\\\/wp-content\\\/uploads\\\/2024\\\/06\\\/Hot-Air-Balloon-Luxor.jpg\",\"width\":1900,\"height\":1425,\"caption\":\"Plimbare cu Balonul cu Aer Cald \u00een Luxor din Hurghada\"},{\"@type\":\"BreadcrumbList\",\"@id\":\"https:\\\/\\\/egytourpackages.com\\\/ro\\\/tours\\\/plimbare-cu-balonul-cu-aer-cald-in-luxor-din-hurghada\\\/#breadcrumb\",\"itemListElement\":[{\"@type\":\"ListItem\",\"position\":1,\"name\":\"Home\",\"item\":\"https:\\\/\\\/egytourpackages.com\\\/ro\\\/\"},{\"@type\":\"ListItem\",\"position\":2,\"name\":\"Shop\",\"item\":\"https:\\\/\\\/egytourpackages.com\\\/shop\\\/\"},{\"@type\":\"ListItem\",\"position\":3,\"name\":\"Plimbare cu Balonul cu Aer Cald \u00een Luxor din Hurghada\"}]},{\"@type\":\"WebSite\",\"@id\":\"https:\\\/\\\/egytourpackages.com\\\/ro\\\/#website\",\"url\":\"https:\\\/\\\/egytourpackages.com\\\/ro\\\/\",\"name\":\"Egy tour packages\",\"description\":\"\",\"publisher\":{\"@id\":\"https:\\\/\\\/egytourpackages.com\\\/ro\\\/#organization\"},\"potentialAction\":[{\"@type\":\"SearchAction\",\"target\":{\"@type\":\"EntryPoint\",\"urlTemplate\":\"https:\\\/\\\/egytourpackages.com\\\/ro\\\/?s={search_term_string}\"},\"query-input\":{\"@type\":\"PropertyValueSpecification\",\"valueRequired\":true,\"valueName\":\"search_term_string\"}}],\"inLanguage\":\"ro-RO\"},{\"@type\":[\"Organization\",\"Place\",\"TravelAgency\"],\"@id\":\"https:\\\/\\\/egytourpackages.com\\\/ro\\\/#organization\",\"name\":\"egypt tour packages\",\"alternateName\":\"egypt tour packages\",\"url\":\"https:\\\/\\\/egytourpackages.com\\\/ro\\\/\",\"logo\":{\"@id\":\"https:\\\/\\\/egytourpackages.com\\\/ro\\\/tours\\\/plimbare-cu-balonul-cu-aer-cald-in-luxor-din-hurghada\\\/#local-main-organization-logo\"},\"image\":{\"@id\":\"https:\\\/\\\/egytourpackages.com\\\/ro\\\/tours\\\/plimbare-cu-balonul-cu-aer-cald-in-luxor-din-hurghada\\\/#local-main-organization-logo\"},\"sameAs\":[\"https:\\\/\\\/www.facebook.com\\\/egytourpackages\"],\"legalName\":\"Egy tour packages\",\"address\":{\"@id\":\"https:\\\/\\\/egytourpackages.com\\\/ro\\\/tours\\\/plimbare-cu-balonul-cu-aer-cald-in-luxor-din-hurghada\\\/#local-main-place-address\"},\"telephone\":[\"00201000852186\",\"00201028685533\"],\"contactPoint\":{\"@type\":\"ContactPoint\",\"telephone\":\"00201000852186\"},\"openingHoursSpecification\":[{\"@type\":\"OpeningHoursSpecification\",\"dayOfWeek\":[\"Monday\",\"Tuesday\",\"Wednesday\",\"Thursday\",\"Friday\",\"Saturday\",\"Sunday\"],\"opens\":\"00:00\",\"closes\":\"23:59\"}],\"email\":\"info@egytourpackages.com\",\"areaServed\":\"Cairo, Hurghada, Luxor, Sharm El Sheikh, Marsa Alam, Aswan\",\"priceRange\":\"$\",\"currenciesAccepted\":\"euro\",\"paymentAccepted\":\"Payment links online\"},{\"@type\":\"PostalAddress\",\"@id\":\"https:\\\/\\\/egytourpackages.com\\\/ro\\\/tours\\\/plimbare-cu-balonul-cu-aer-cald-in-luxor-din-hurghada\\\/#local-main-place-address\",\"streetAddress\":\"Mubarak 8, Al Kawthar District, Hurghada\",\"addressLocality\":\"Hurghada\",\"postalCode\":\"84511\",\"addressRegion\":\"Red Sea\",\"addressCountry\":\"EG\"},{\"@type\":\"ImageObject\",\"inLanguage\":\"ro-RO\",\"@id\":\"https:\\\/\\\/egytourpackages.com\\\/ro\\\/tours\\\/plimbare-cu-balonul-cu-aer-cald-in-luxor-din-hurghada\\\/#local-main-organization-logo\",\"url\":\"https:\\\/\\\/egytourpackages.com\\\/wp-content\\\/uploads\\\/2025\\\/12\\\/Turquoise-Dahabiya-Nile-Cruise-1.jpeg\",\"contentUrl\":\"https:\\\/\\\/egytourpackages.com\\\/wp-content\\\/uploads\\\/2025\\\/12\\\/Turquoise-Dahabiya-Nile-Cruise-1.jpeg\",\"width\":1040,\"height\":694,\"caption\":\"egypt tour packages\"}]}<\/script>\n<meta property=\"product:brand\" content=\"Excursii de o zi \u00een Egipt\" \/>\n<meta property=\"product:price:amount\" content=\"220\" \/>\n<meta property=\"product:price:currency\" content=\"EUR\" \/>\n<meta property=\"og:availability\" content=\"instock\" \/>\n<meta property=\"product:availability\" content=\"instock\" \/>\n<meta property=\"product:retailer_item_id\" content=\"HDT18\" \/>\n<meta property=\"product:condition\" content=\"new\" \/>\n<meta name=\"geo.placename\" content=\"Hurghada\" \/>\n<meta name=\"geo.region\" content=\"Egipt\" \/>\n<!-- \/ Yoast SEO Premium plugin. -->","yoast_head_json":{"title":"Plimbare cu Balonul cu Aer Cald \u00een Luxor din Hurghada","description":"Orizonturi noi! Plimbare cu Balonul cu Aer Cald \u00een Luxor din Hurghada, la r\u0103s\u0103rit. Vezi de sus Valea Regilor \u0219i templele. O experien\u021b\u0103 de neuitat.","robots":{"index":"index","follow":"follow","max-snippet":"max-snippet:-1","max-image-preview":"max-image-preview:large","max-video-preview":"max-video-preview:-1"},"canonical":"https:\/\/egytourpackages.com\/ro\/tours\/plimbare-cu-balonul-cu-aer-cald-in-luxor-din-hurghada\/","og_locale":"ro_RO","og_type":"article","og_title":"Plimbare cu Balonul cu Aer Cald \u00een Luxor din Hurghada","og_description":"Orizonturi noi! Plimbare cu Balonul cu Aer Cald \u00een Luxor din Hurghada, la r\u0103s\u0103rit. Vezi de sus Valea Regilor \u0219i templele. O experien\u021b\u0103 de neuitat.","og_url":"https:\/\/egytourpackages.com\/ro\/tours\/plimbare-cu-balonul-cu-aer-cald-in-luxor-din-hurghada\/","og_site_name":"Egypt Tour Packages","article_publisher":"https:\/\/www.facebook.com\/egytourpackages","article_modified_time":"2026-01-06T09:49:46+00:00","og_image":[{"url":"https:\/\/egytourpackages.com\/wp-content\/uploads\/2024\/06\/Hot-Air-Balloon-Luxor-1024x768.jpg","type":"","width":"","height":""}],"twitter_card":"summary_large_image","twitter_title":"Plimbare cu Balonul cu Aer Cald \u00een Luxor din Hurghada","twitter_misc":{"Pre\u021b":"&euro;220","Disponibilitate":"\u00cen stoc"},"schema":{"@context":"https:\/\/schema.org","@graph":[{"@type":"WebPage","@id":"https:\/\/egytourpackages.com\/ro\/tours\/plimbare-cu-balonul-cu-aer-cald-in-luxor-din-hurghada\/","url":"https:\/\/egytourpackages.com\/ro\/tours\/plimbare-cu-balonul-cu-aer-cald-in-luxor-din-hurghada\/","name":"Plimbare cu Balonul cu Aer Cald \u00een Luxor din Hurghada","isPartOf":{"@id":"https:\/\/egytourpackages.com\/ro\/#website"},"primaryImageOfPage":{"@id":"https:\/\/egytourpackages.com\/ro\/tours\/plimbare-cu-balonul-cu-aer-cald-in-luxor-din-hurghada\/#primaryimage"},"image":{"@id":"https:\/\/egytourpackages.com\/ro\/tours\/plimbare-cu-balonul-cu-aer-cald-in-luxor-din-hurghada\/#primaryimage"},"thumbnailUrl":"https:\/\/egytourpackages.com\/wp-content\/uploads\/2024\/06\/Hot-Air-Balloon-Luxor.jpg","datePublished":"2024-07-19T17:14:10+00:00","dateModified":"2026-01-06T09:49:46+00:00","description":"Orizonturi noi! Plimbare cu Balonul cu Aer Cald \u00een Luxor din Hurghada, la r\u0103s\u0103rit. Vezi de sus Valea Regilor \u0219i templele. O experien\u021b\u0103 de neuitat.","breadcrumb":{"@id":"https:\/\/egytourpackages.com\/ro\/tours\/plimbare-cu-balonul-cu-aer-cald-in-luxor-din-hurghada\/#breadcrumb"},"inLanguage":"ro-RO","potentialAction":[{"@type":"ReadAction","target":["https:\/\/egytourpackages.com\/ro\/tours\/plimbare-cu-balonul-cu-aer-cald-in-luxor-din-hurghada\/"]}]},{"@type":"ImageObject","inLanguage":"ro-RO","@id":"https:\/\/egytourpackages.com\/ro\/tours\/plimbare-cu-balonul-cu-aer-cald-in-luxor-din-hurghada\/#primaryimage","url":"https:\/\/egytourpackages.com\/wp-content\/uploads\/2024\/06\/Hot-Air-Balloon-Luxor.jpg","contentUrl":"https:\/\/egytourpackages.com\/wp-content\/uploads\/2024\/06\/Hot-Air-Balloon-Luxor.jpg","width":1900,"height":1425,"caption":"Plimbare cu Balonul cu Aer Cald \u00een Luxor din Hurghada"},{"@type":"BreadcrumbList","@id":"https:\/\/egytourpackages.com\/ro\/tours\/plimbare-cu-balonul-cu-aer-cald-in-luxor-din-hurghada\/#breadcrumb","itemListElement":[{"@type":"ListItem","position":1,"name":"Home","item":"https:\/\/egytourpackages.com\/ro\/"},{"@type":"ListItem","position":2,"name":"Shop","item":"https:\/\/egytourpackages.com\/shop\/"},{"@type":"ListItem","position":3,"name":"Plimbare cu Balonul cu Aer Cald \u00een Luxor din Hurghada"}]},{"@type":"WebSite","@id":"https:\/\/egytourpackages.com\/ro\/#website","url":"https:\/\/egytourpackages.com\/ro\/","name":"Egy tour packages","description":"","publisher":{"@id":"https:\/\/egytourpackages.com\/ro\/#organization"},"potentialAction":[{"@type":"SearchAction","target":{"@type":"EntryPoint","urlTemplate":"https:\/\/egytourpackages.com\/ro\/?s={search_term_string}"},"query-input":{"@type":"PropertyValueSpecification","valueRequired":true,"valueName":"search_term_string"}}],"inLanguage":"ro-RO"},{"@type":["Organization","Place","TravelAgency"],"@id":"https:\/\/egytourpackages.com\/ro\/#organization","name":"egypt tour packages","alternateName":"egypt tour packages","url":"https:\/\/egytourpackages.com\/ro\/","logo":{"@id":"https:\/\/egytourpackages.com\/ro\/tours\/plimbare-cu-balonul-cu-aer-cald-in-luxor-din-hurghada\/#local-main-organization-logo"},"image":{"@id":"https:\/\/egytourpackages.com\/ro\/tours\/plimbare-cu-balonul-cu-aer-cald-in-luxor-din-hurghada\/#local-main-organization-logo"},"sameAs":["https:\/\/www.facebook.com\/egytourpackages"],"legalName":"Egy tour packages","address":{"@id":"https:\/\/egytourpackages.com\/ro\/tours\/plimbare-cu-balonul-cu-aer-cald-in-luxor-din-hurghada\/#local-main-place-address"},"telephone":["00201000852186","00201028685533"],"contactPoint":{"@type":"ContactPoint","telephone":"00201000852186"},"openingHoursSpecification":[{"@type":"OpeningHoursSpecification","dayOfWeek":["Monday","Tuesday","Wednesday","Thursday","Friday","Saturday","Sunday"],"opens":"00:00","closes":"23:59"}],"email":"info@egytourpackages.com","areaServed":"Cairo, Hurghada, Luxor, Sharm El Sheikh, Marsa Alam, Aswan","priceRange":"$","currenciesAccepted":"euro","paymentAccepted":"Payment links online"},{"@type":"PostalAddress","@id":"https:\/\/egytourpackages.com\/ro\/tours\/plimbare-cu-balonul-cu-aer-cald-in-luxor-din-hurghada\/#local-main-place-address","streetAddress":"Mubarak 8, Al Kawthar District, Hurghada","addressLocality":"Hurghada","postalCode":"84511","addressRegion":"Red Sea","addressCountry":"EG"},{"@type":"ImageObject","inLanguage":"ro-RO","@id":"https:\/\/egytourpackages.com\/ro\/tours\/plimbare-cu-balonul-cu-aer-cald-in-luxor-din-hurghada\/#local-main-organization-logo","url":"https:\/\/egytourpackages.com\/wp-content\/uploads\/2025\/12\/Turquoise-Dahabiya-Nile-Cruise-1.jpeg","contentUrl":"https:\/\/egytourpackages.com\/wp-content\/uploads\/2025\/12\/Turquoise-Dahabiya-Nile-Cruise-1.jpeg","width":1040,"height":694,"caption":"egypt tour packages"}]},"product_brand":"Excursii de o zi \u00een Egipt","product_price_amount":"220","product_price_currency":"EUR","og_availability":"instock","product_availability":"instock","product_retailer_item_id":"HDT18","product_condition":"new","geo.placename":"Hurghada","geo.region":"Egipt"},"_links":{"self":[{"href":"https:\/\/egytourpackages.com\/ro\/wp-json\/wp\/v2\/product\/7210","targetHints":{"allow":["GET"]}}],"collection":[{"href":"https:\/\/egytourpackages.com\/ro\/wp-json\/wp\/v2\/product"}],"about":[{"href":"https:\/\/egytourpackages.com\/ro\/wp-json\/wp\/v2\/types\/product"}],"replies":[{"embeddable":true,"href":"https:\/\/egytourpackages.com\/ro\/wp-json\/wp\/v2\/comments?post=7210"}],"wp:featuredmedia":[{"embeddable":true,"href":"https:\/\/egytourpackages.com\/ro\/wp-json\/wp\/v2\/media\/7211"}],"wp:attachment":[{"href":"https:\/\/egytourpackages.com\/ro\/wp-json\/wp\/v2\/media?parent=7210"}],"wp:term":[{"taxonomy":"product_brand","embeddable":true,"href":"https:\/\/egytourpackages.com\/ro\/wp-json\/wp\/v2\/product_brand?post=7210"},{"taxonomy":"product_cat","embeddable":true,"href":"https:\/\/egytourpackages.com\/ro\/wp-json\/wp\/v2\/product_cat?post=7210"},{"taxonomy":"product_tag","embeddable":true,"href":"https:\/\/egytourpackages.com\/ro\/wp-json\/wp\/v2\/product_tag?post=7210"}],"curies":[{"name":"wp","href":"https:\/\/api.w.org\/{rel}","templated":true}]}}