{"id":7403,"date":"2024-07-23T17:28:16","date_gmt":"2024-07-23T17:28:16","guid":{"rendered":"https:\/\/egytourpackages.com\/product\/safari-de-dimineata-cu-quad-in-desert-din-marsa-alam\/"},"modified":"2026-01-05T16:04:32","modified_gmt":"2026-01-05T16:04:32","slug":"safari-de-dimineata-cu-quad-in-desert-din-marsa-alam","status":"publish","type":"product","link":"https:\/\/egytourpackages.com\/ro\/tours\/safari-de-dimineata-cu-quad-in-desert-din-marsa-alam\/","title":{"rendered":"Safari de diminea\u021b\u0103 cu Quad \u00een De\u0219ert din Marsa Alam"},"content":{"rendered":"<p><span style=\"color: #ff6600;\"><strong>Safari de diminea\u021b\u0103 cu Quad \u00een De\u0219ert din Marsa Alam<\/strong><\/span><\/p>\n<p>Preg\u0103te\u0219te-te pentru un safari de diminea\u021b\u0103 cu quad \u00een de\u0219ert, din <strong>Marsa Alam<\/strong>, \u0219i \u00eenva\u021b\u0103 despre tradi\u021biile beduine cu <strong>tururile noastre \u00een Egipt<\/strong>. Elibereaz\u0103-\u021bi spiritul de aventur\u0103 cu un palpitant <strong>Safari de diminea\u021b\u0103 cu Quad din Marsa Alam<\/strong>! De fapt, <strong>excursiile din Marsa Alam<\/strong> ofer\u0103 combina\u021bia perfect\u0103 de adrenalin\u0103, frumuse\u021be natural\u0103 uimitoare \u0219i o mic\u0103 parte din <strong>aventura egiptean\u0103 \u00een de\u0219ert<\/strong>. Fugi de la resort \u0219i p\u0103trunde ad\u00e2nc \u00een nisipurile aurii pentru o experien\u021b\u0103 de neuitat. \u00centr-adev\u0103r, \u00een timpul acestor <strong>tururi de o zi \u00een Egipt<\/strong>, te vei bucura de plimb\u0103ri cu ATV-ul peste dunele de nisip din de\u0219ertul estic. \u00cen cele din urm\u0103, <strong>tururile din Marsa Alam<\/strong> ofer\u0103 aceste excursii de safari \u00een de\u0219ert ca fiind una dintre cele <strong>mai bune activit\u0103\u021bi \u00een Marsa Alam<\/strong>. Contacteaz\u0103-ne \u0219i fii preg\u0103tit pentru o aventur\u0103 de neuitat de diminea\u021b\u0103.<\/p>\n<h3><span style=\"color: #ff6600;\">Detalii<\/span><\/h3>\n<ul>\n<li>Durat\u0103: 6 ore<\/li>\n<li>Loca\u021bie Tur: De\u0219ertul Estic, Marsa Alam<\/li>\n<li>Disponibilitate Tur: La cerere<\/li>\n<li>Preluare \u0219i Predare: Hoteluri \u00een Marsa Alam<\/li>\n<li>Tipul Turului: Grup \/ Privat<\/li>\n<li><strong>Limba: Rom\u00e2n\u0103<\/strong><\/li>\n<li>Scaun cu Rotile: Accesibil<\/li>\n<\/ul>\n<h3><span style=\"color: #ff6600;\">Repere<\/span><\/h3>\n<ul>\n<li>Plimbare cu ATV-ul pentru aproximativ 35 km<\/li>\n<li>Plimbare cu c\u0103mila<\/li>\n<li>Explorarea stilului de via\u021b\u0103 beduin<\/li>\n<\/ul>\n<h3><span style=\"color: #ff6600;\">Incluse<\/span><\/h3>\n<ul>\n<li>Servicii de preluare \u0219i predare de la hotelurile din Marsa Alam<\/li>\n<li><strong>Ghid profesionist \u00een de\u0219ert, vorbitor de limba rom\u00e2n\u0103<\/strong><\/li>\n<li>Plimbare cu c\u0103mila \u00een de\u0219ertul din Marsa Alam<\/li>\n<li>Turul Satului Beduin cu Ceai Beduin<\/li>\n<li>Tur de testare \u00eenainte de \u00eenceperea turului<\/li>\n<li>ATV single sau dublu (Beach Buggy)<\/li>\n<li>Toate costurile de serviciu \u0219i taxele sunt incluse \u00een pre\u021b<\/li>\n<\/ul>\n<h3><span style=\"color: #ff6600;\">Neincluse<\/span><\/h3>\n<ul>\n<li>DVD-ul \u0219i fotografiile realizate de cameraman<\/li>\n<li>Bac\u0219i\u0219uri<\/li>\n<li>Orice altceva care nu este men\u021bionat \u00een program<\/li>\n<\/ul>\n<h3><span style=\"color: #ff6600;\">Ce S\u0103 Iei cu Tine<\/span><\/h3>\n<ul>\n<li>Copie a pa\u0219aportului<\/li>\n<li>P\u0103l\u0103rie, Ochelari de Soare &amp; Crem\u0103 solar\u0103<\/li>\n<li>\u00cenc\u0103l\u021b\u0103minte \u0219i haine confortabile<\/li>\n<\/ul>\n<h3><span style=\"color: #ff6600;\">V\u0103 Rug\u0103m s\u0103 Re\u021bine\u021bi<\/span><\/h3>\n<ul>\n<li>Este permis\u0103 conducerea ma\u0219inilor ATV de la v\u00e2rsta de 16 ani.<\/li>\n<li>Toate excursiile noastre sunt complet asigurate.<\/li>\n<li>C\u0103\u0219tile sunt recomandate.<\/li>\n<li><strong>Costuri suplimentare<\/strong><\/li>\n<li>E\u0219arfe (5 euro)<\/li>\n<li>Ochelari de protec\u021bie (2 euro \/ bucat\u0103)<\/li>\n<\/ul>\n<h2><span style=\"color: #ff6600;\">Itinerar<\/span><\/h2>\n<h3><span style=\"color: #ff6600;\">Itinerar Safari de Diminea\u021b\u0103 cu Quad \u00een De\u0219ert din Marsa Alam<\/span><\/h3>\n<p>Porni\u021bi \u00eentr-un palpitant <strong>Safari de diminea\u021b\u0103 cu Quad din Marsa Alam<\/strong>, o aventur\u0103 captivant\u0103 de 3-4 ore. <strong>Turul t\u0103u cu quad \u00een Marsa Alam<\/strong> \u00eencepe cu preluarea convenabil\u0103 de la hotel, transfer\u00e2ndu-te la sta\u021bia de quad-uri, ad\u00e2nc \u00een <strong>de\u0219ertul din Marsa Alam<\/strong>.<\/p>\n<p>Dup\u0103 un briefing detaliat de siguran\u021b\u0103 \u0219i primirea echipamentului, elibereaz\u0103-\u021bi spiritul de aventur\u0103 \u00eentr-o <strong>plimbare cu quad-ul<\/strong> de 1 p\u00e2n\u0103 la 1.5 ore, navig\u00e2nd prin <strong>dunele de nisip<\/strong> \u0219i peisajele vaste ale de\u0219ertului. Aceast\u0103 plimbare plin\u0103 de adrenalin\u0103 ofer\u0103 <strong>viziuni incredibile asupra de\u0219ertului<\/strong>.<\/p>\n<p>Safari-ul include o oprire cultural\u0103 \u00eentr-un autentic <strong>sat beduin<\/strong>, unde te vei bucura de ceai tradi\u021bional \u0219i vei \u00eenv\u0103\u021ba despre via\u021ba local\u0103, cu o <strong>plimbare op\u021bional\u0103 cu c\u0103mila<\/strong>. Pe tot parcursul <strong>excursiei \u00een de\u0219ert<\/strong>, vei face fotografii uimitoare ale peisajului unic.<\/p>\n<p>Turul se \u00eencheie cu un transfer confortabil \u00eenapoi la hotelul t\u0103u din <strong>Marsa Alam<\/strong>, f\u0103c\u00e2ndu-l una dintre cele <strong>mai bune activit\u0103\u021bi \u00een Marsa Alam<\/strong> pentru iubitorii de aventur\u0103.<\/p>\n<p>Rezerv\u0103-\u021bi <strong>safari-ul cu quad \u00een de\u0219ert din Marsa Alam<\/strong> ast\u0103zi \u0219i creeaz\u0103 amintiri de neuitat \u00een inima de\u0219ertului egiptean! Aceasta este, f\u0103r\u0103 \u00eendoial\u0103, una dintre cele <strong>mai bune activit\u0103\u021bi \u00een Marsa Alam<\/strong> pentru entuzia\u0219tii aventurii.<\/p>\n<h3><span style=\"color: #ff6600;\">Pre\u021b Safari de Diminea\u021b\u0103 cu Quad \u00een De\u0219ert din Marsa Alam<\/span><\/h3>\n<ul>\n<li>Pre\u021b adult = 35 \u20ac<\/li>\n<li>Copii 0-5 ani = gratuit<\/li>\n<li>Copii 5-11 ani = 50% din pre\u021bul adultului<\/li>\n<\/ul>\n<h3><span style=\"color: #ff6600;\">Rezervare<\/span><\/h3>\n<p>Po\u021bi rezerva turul t\u0103u prin WhatsApp sau trimi\u021b\u00e2ndu-ne un e-mail \u0219i vei primi confirmarea pe loc. Te rug\u0103m s\u0103 ne trimi\u021bi numele hotelului, num\u0103rul camerei \u0219i copii ale pa\u0219aportului.<\/p>\n<p>WhatsApp: +201000852186<\/p>\n<p>info@egytourpackages.com<\/p>\n<h3><span style=\"color: #ff6600;\">Rezerv\u0103 Acum &amp; Pl\u0103te\u0219te pe Loc<\/span><\/h3>\n<p>Rezerv\u0103 turul t\u0103u preferat \u0219i pl\u0103te\u0219te \u00een ziua c\u0103l\u0103toriei.<\/p>\n<h3><span style=\"color: #ff6600;\">Plat\u0103<\/span><\/h3>\n<p>Po\u021bi pl\u0103ti \u00een lire egiptene, $, \u20ac sau \u00a3.<\/p>\n<h3><span style=\"color: #ff6600;\">Politica de Anulare<\/span><\/h3>\n<ul>\n<li>Anularea este gratuit\u0103 cu p\u00e2n\u0103 la 24 de ore \u00een avans.<\/li>\n<li>Anularea \u00een diminea\u021ba zilei respective \u00eenseamn\u0103 50% din pre\u021b.<\/li>\n<\/ul>\n","protected":false},"excerpt":{"rendered":"<p>Vei face un Safari de diminea\u021b\u0103 cu Quad \u00een De\u0219ert din Marsa Alam. Exploreaz\u0103 dunele, \u00eenva\u021b\u0103 despre beduini \u0219i bucur\u0103-te de o plimbare cu c\u0103mila.<\/p>\n","protected":false},"featured_media":7404,"comment_status":"open","ping_status":"closed","template":"","meta":[],"product_brand":[],"product_cat":[3120],"product_tag":[3203,3705,3229],"class_list":{"0":"post-7403","1":"product","2":"type-product","3":"status-publish","4":"has-post-thumbnail","6":"product_cat-tururi","7":"product_tag-excursii-de-o-zi-in-egipt","8":"product_tag-rezerva-online-plimbare-cu-atv-ul","9":"product_tag-tururi-marsa-alam","10":"tour_category-excursii-de-o-zi-in-egipt-ro","11":"tour_category-excursii-marsa-alam-ro","13":"first","14":"instock","15":"sale","16":"shipping-taxable","17":"purchasable","18":"product-type-tour","19":"has-default-attributes"},"yoast_head":"<!-- This site is optimized with the Yoast SEO Premium plugin v27.2 (Yoast SEO v27.2) - https:\/\/yoast.com\/product\/yoast-seo-premium-wordpress\/ -->\n<title>Safari de diminea\u021b\u0103 cu Quad \u00een De\u0219ert din Marsa Alam<\/title>\n<meta name=\"description\" content=\"Vei face un Safari de diminea\u021b\u0103 cu Quad \u00een De\u0219ert din Marsa Alam. Exploreaz\u0103 dunele, \u00eenva\u021b\u0103 despre beduini \u0219i bucur\u0103-te de o plimbare cu c\u0103mila.\" \/>\n<meta name=\"robots\" content=\"index, follow, max-snippet:-1, max-image-preview:large, max-video-preview:-1\" \/>\n<link rel=\"canonical\" href=\"https:\/\/egytourpackages.com\/ro\/tours\/safari-de-dimineata-cu-quad-in-desert-din-marsa-alam\/\" \/>\n<meta property=\"og:locale\" content=\"ro_RO\" \/>\n<meta property=\"og:type\" content=\"article\" \/>\n<meta property=\"og:title\" content=\"Safari de diminea\u021b\u0103 cu Quad \u00een De\u0219ert din Marsa Alam\" \/>\n<meta property=\"og:description\" content=\"Vei face un Safari de diminea\u021b\u0103 cu Quad \u00een De\u0219ert din Marsa Alam. Exploreaz\u0103 dunele, \u00eenva\u021b\u0103 despre beduini \u0219i bucur\u0103-te de o plimbare cu c\u0103mila.\" \/>\n<meta property=\"og:url\" content=\"https:\/\/egytourpackages.com\/ro\/tours\/safari-de-dimineata-cu-quad-in-desert-din-marsa-alam\/\" \/>\n<meta property=\"og:site_name\" content=\"Egypt Tour Packages\" \/>\n<meta property=\"article:publisher\" content=\"https:\/\/www.facebook.com\/egytourpackages\" \/>\n<meta property=\"article:modified_time\" content=\"2026-01-05T16:04:32+00:00\" \/>\n<meta property=\"og:image\" content=\"https:\/\/egytourpackages.com\/wp-content\/uploads\/2024\/07\/Quad-Bike-desert-Safari-1024x682.jpeg\" \/>\n<meta name=\"twitter:card\" content=\"summary_large_image\" \/>\n<meta name=\"twitter:title\" content=\"Safari de diminea\u021b\u0103 cu Quad \u00een De\u0219ert din Marsa Alam\" \/>\n<meta name=\"twitter:label1\" content=\"Pre\u021b\" \/>\n\t<meta name=\"twitter:data1\" content=\"&euro;35\" \/>\n\t<meta name=\"twitter:label2\" content=\"Disponibilitate\" \/>\n\t<meta name=\"twitter:data2\" content=\"\u00cen stoc\" \/>\n<script type=\"application\/ld+json\" class=\"yoast-schema-graph\">{\"@context\":\"https:\/\/schema.org\",\"@graph\":[{\"@type\":\"WebPage\",\"@id\":\"https:\/\/egytourpackages.com\/ro\/tours\/safari-de-dimineata-cu-quad-in-desert-din-marsa-alam\/\",\"url\":\"https:\/\/egytourpackages.com\/ro\/tours\/safari-de-dimineata-cu-quad-in-desert-din-marsa-alam\/\",\"name\":\"Safari de diminea\u021b\u0103 cu Quad \u00een De\u0219ert din Marsa Alam\",\"isPartOf\":{\"@id\":\"https:\/\/egytourpackages.com\/ro\/#website\"},\"primaryImageOfPage\":{\"@id\":\"https:\/\/egytourpackages.com\/ro\/tours\/safari-de-dimineata-cu-quad-in-desert-din-marsa-alam\/#primaryimage\"},\"image\":{\"@id\":\"https:\/\/egytourpackages.com\/ro\/tours\/safari-de-dimineata-cu-quad-in-desert-din-marsa-alam\/#primaryimage\"},\"thumbnailUrl\":\"https:\/\/egytourpackages.com\/wp-content\/uploads\/2024\/07\/Quad-Bike-desert-Safari.jpeg\",\"datePublished\":\"2024-07-23T17:28:16+00:00\",\"dateModified\":\"2026-01-05T16:04:32+00:00\",\"description\":\"Vei face un Safari de diminea\u021b\u0103 cu Quad \u00een De\u0219ert din Marsa Alam. Exploreaz\u0103 dunele, \u00eenva\u021b\u0103 despre beduini \u0219i bucur\u0103-te de o plimbare cu c\u0103mila.\",\"breadcrumb\":{\"@id\":\"https:\/\/egytourpackages.com\/ro\/tours\/safari-de-dimineata-cu-quad-in-desert-din-marsa-alam\/#breadcrumb\"},\"inLanguage\":\"ro-RO\",\"potentialAction\":[{\"@type\":\"ReadAction\",\"target\":[\"https:\/\/egytourpackages.com\/ro\/tours\/safari-de-dimineata-cu-quad-in-desert-din-marsa-alam\/\"]}]},{\"@type\":\"ImageObject\",\"inLanguage\":\"ro-RO\",\"@id\":\"https:\/\/egytourpackages.com\/ro\/tours\/safari-de-dimineata-cu-quad-in-desert-din-marsa-alam\/#primaryimage\",\"url\":\"https:\/\/egytourpackages.com\/wp-content\/uploads\/2024\/07\/Quad-Bike-desert-Safari.jpeg\",\"contentUrl\":\"https:\/\/egytourpackages.com\/wp-content\/uploads\/2024\/07\/Quad-Bike-desert-Safari.jpeg\",\"width\":1280,\"height\":853,\"caption\":\"Safari de diminea\u021b\u0103 cu Quad \u00een De\u0219ert din Marsa Alam\"},{\"@type\":\"BreadcrumbList\",\"@id\":\"https:\/\/egytourpackages.com\/ro\/tours\/safari-de-dimineata-cu-quad-in-desert-din-marsa-alam\/#breadcrumb\",\"itemListElement\":[{\"@type\":\"ListItem\",\"position\":1,\"name\":\"Home\",\"item\":\"https:\/\/egytourpackages.com\/ro\/\"},{\"@type\":\"ListItem\",\"position\":2,\"name\":\"Shop\",\"item\":\"https:\/\/egytourpackages.com\/shop\/\"},{\"@type\":\"ListItem\",\"position\":3,\"name\":\"Safari de diminea\u021b\u0103 cu Quad \u00een De\u0219ert din Marsa Alam\"}]},{\"@type\":\"WebSite\",\"@id\":\"https:\/\/egytourpackages.com\/ro\/#website\",\"url\":\"https:\/\/egytourpackages.com\/ro\/\",\"name\":\"Egy tour packages\",\"description\":\"\",\"publisher\":{\"@id\":\"https:\/\/egytourpackages.com\/ro\/#organization\"},\"potentialAction\":[{\"@type\":\"SearchAction\",\"target\":{\"@type\":\"EntryPoint\",\"urlTemplate\":\"https:\/\/egytourpackages.com\/ro\/?s={search_term_string}\"},\"query-input\":{\"@type\":\"PropertyValueSpecification\",\"valueRequired\":true,\"valueName\":\"search_term_string\"}}],\"inLanguage\":\"ro-RO\"},{\"@type\":[\"Organization\",\"Place\",\"TravelAgency\"],\"@id\":\"https:\/\/egytourpackages.com\/ro\/#organization\",\"name\":\"egypt tour packages\",\"alternateName\":\"egypt tour packages\",\"url\":\"https:\/\/egytourpackages.com\/ro\/\",\"logo\":{\"@id\":\"https:\/\/egytourpackages.com\/ro\/tours\/safari-de-dimineata-cu-quad-in-desert-din-marsa-alam\/#local-main-organization-logo\"},\"image\":{\"@id\":\"https:\/\/egytourpackages.com\/ro\/tours\/safari-de-dimineata-cu-quad-in-desert-din-marsa-alam\/#local-main-organization-logo\"},\"sameAs\":[\"https:\/\/www.facebook.com\/egytourpackages\"],\"legalName\":\"Egy tour packages\",\"address\":{\"@id\":\"https:\/\/egytourpackages.com\/ro\/tours\/safari-de-dimineata-cu-quad-in-desert-din-marsa-alam\/#local-main-place-address\"},\"telephone\":[\"00201000852186\",\"00201028685533\"],\"contactPoint\":{\"@type\":\"ContactPoint\",\"telephone\":\"00201000852186\"},\"openingHoursSpecification\":[{\"@type\":\"OpeningHoursSpecification\",\"dayOfWeek\":[\"Monday\",\"Tuesday\",\"Wednesday\",\"Thursday\",\"Friday\",\"Saturday\",\"Sunday\"],\"opens\":\"00:00\",\"closes\":\"23:59\"}],\"email\":\"info@egytourpackages.com\",\"areaServed\":\"Cairo, Hurghada, Luxor, Sharm El Sheikh, Marsa Alam, Aswan\",\"priceRange\":\"$\",\"currenciesAccepted\":\"euro\",\"paymentAccepted\":\"Payment links online\"},{\"@type\":\"PostalAddress\",\"@id\":\"https:\/\/egytourpackages.com\/ro\/tours\/safari-de-dimineata-cu-quad-in-desert-din-marsa-alam\/#local-main-place-address\",\"streetAddress\":\"Mubarak 8, Al Kawthar District, Hurghada\",\"addressLocality\":\"Hurghada\",\"postalCode\":\"84511\",\"addressRegion\":\"Red Sea\",\"addressCountry\":\"EG\"},{\"@type\":\"ImageObject\",\"inLanguage\":\"ro-RO\",\"@id\":\"https:\/\/egytourpackages.com\/ro\/tours\/safari-de-dimineata-cu-quad-in-desert-din-marsa-alam\/#local-main-organization-logo\",\"url\":\"https:\/\/egytourpackages.com\/wp-content\/uploads\/2025\/12\/Turquoise-Dahabiya-Nile-Cruise-1.jpeg\",\"contentUrl\":\"https:\/\/egytourpackages.com\/wp-content\/uploads\/2025\/12\/Turquoise-Dahabiya-Nile-Cruise-1.jpeg\",\"width\":1040,\"height\":694,\"caption\":\"egypt tour packages\"}]}<\/script>\n<meta property=\"product:brand\" content=\"Excursii de o zi \u00een Egipt\" \/>\n<meta property=\"product:price:amount\" content=\"35\" \/>\n<meta property=\"product:price:currency\" content=\"EUR\" \/>\n<meta property=\"og:availability\" content=\"instock\" \/>\n<meta property=\"product:availability\" content=\"instock\" \/>\n<meta property=\"product:retailer_item_id\" content=\"MAT06\" \/>\n<meta property=\"product:condition\" content=\"new\" \/>\n<meta name=\"geo.placename\" content=\"Hurghada\" \/>\n<meta name=\"geo.region\" content=\"Egipt\" \/>\n<!-- \/ Yoast SEO Premium plugin. -->","yoast_head_json":{"title":"Safari de diminea\u021b\u0103 cu Quad \u00een De\u0219ert din Marsa Alam","description":"Vei face un Safari de diminea\u021b\u0103 cu Quad \u00een De\u0219ert din Marsa Alam. Exploreaz\u0103 dunele, \u00eenva\u021b\u0103 despre beduini \u0219i bucur\u0103-te de o plimbare cu c\u0103mila.","robots":{"index":"index","follow":"follow","max-snippet":"max-snippet:-1","max-image-preview":"max-image-preview:large","max-video-preview":"max-video-preview:-1"},"canonical":"https:\/\/egytourpackages.com\/ro\/tours\/safari-de-dimineata-cu-quad-in-desert-din-marsa-alam\/","og_locale":"ro_RO","og_type":"article","og_title":"Safari de diminea\u021b\u0103 cu Quad \u00een De\u0219ert din Marsa Alam","og_description":"Vei face un Safari de diminea\u021b\u0103 cu Quad \u00een De\u0219ert din Marsa Alam. Exploreaz\u0103 dunele, \u00eenva\u021b\u0103 despre beduini \u0219i bucur\u0103-te de o plimbare cu c\u0103mila.","og_url":"https:\/\/egytourpackages.com\/ro\/tours\/safari-de-dimineata-cu-quad-in-desert-din-marsa-alam\/","og_site_name":"Egypt Tour Packages","article_publisher":"https:\/\/www.facebook.com\/egytourpackages","article_modified_time":"2026-01-05T16:04:32+00:00","og_image":[{"url":"https:\/\/egytourpackages.com\/wp-content\/uploads\/2024\/07\/Quad-Bike-desert-Safari-1024x682.jpeg","type":"","width":"","height":""}],"twitter_card":"summary_large_image","twitter_title":"Safari de diminea\u021b\u0103 cu Quad \u00een De\u0219ert din Marsa Alam","twitter_misc":{"Pre\u021b":"&euro;35","Disponibilitate":"\u00cen stoc"},"schema":{"@context":"https:\/\/schema.org","@graph":[{"@type":"WebPage","@id":"https:\/\/egytourpackages.com\/ro\/tours\/safari-de-dimineata-cu-quad-in-desert-din-marsa-alam\/","url":"https:\/\/egytourpackages.com\/ro\/tours\/safari-de-dimineata-cu-quad-in-desert-din-marsa-alam\/","name":"Safari de diminea\u021b\u0103 cu Quad \u00een De\u0219ert din Marsa Alam","isPartOf":{"@id":"https:\/\/egytourpackages.com\/ro\/#website"},"primaryImageOfPage":{"@id":"https:\/\/egytourpackages.com\/ro\/tours\/safari-de-dimineata-cu-quad-in-desert-din-marsa-alam\/#primaryimage"},"image":{"@id":"https:\/\/egytourpackages.com\/ro\/tours\/safari-de-dimineata-cu-quad-in-desert-din-marsa-alam\/#primaryimage"},"thumbnailUrl":"https:\/\/egytourpackages.com\/wp-content\/uploads\/2024\/07\/Quad-Bike-desert-Safari.jpeg","datePublished":"2024-07-23T17:28:16+00:00","dateModified":"2026-01-05T16:04:32+00:00","description":"Vei face un Safari de diminea\u021b\u0103 cu Quad \u00een De\u0219ert din Marsa Alam. Exploreaz\u0103 dunele, \u00eenva\u021b\u0103 despre beduini \u0219i bucur\u0103-te de o plimbare cu c\u0103mila.","breadcrumb":{"@id":"https:\/\/egytourpackages.com\/ro\/tours\/safari-de-dimineata-cu-quad-in-desert-din-marsa-alam\/#breadcrumb"},"inLanguage":"ro-RO","potentialAction":[{"@type":"ReadAction","target":["https:\/\/egytourpackages.com\/ro\/tours\/safari-de-dimineata-cu-quad-in-desert-din-marsa-alam\/"]}]},{"@type":"ImageObject","inLanguage":"ro-RO","@id":"https:\/\/egytourpackages.com\/ro\/tours\/safari-de-dimineata-cu-quad-in-desert-din-marsa-alam\/#primaryimage","url":"https:\/\/egytourpackages.com\/wp-content\/uploads\/2024\/07\/Quad-Bike-desert-Safari.jpeg","contentUrl":"https:\/\/egytourpackages.com\/wp-content\/uploads\/2024\/07\/Quad-Bike-desert-Safari.jpeg","width":1280,"height":853,"caption":"Safari de diminea\u021b\u0103 cu Quad \u00een De\u0219ert din Marsa Alam"},{"@type":"BreadcrumbList","@id":"https:\/\/egytourpackages.com\/ro\/tours\/safari-de-dimineata-cu-quad-in-desert-din-marsa-alam\/#breadcrumb","itemListElement":[{"@type":"ListItem","position":1,"name":"Home","item":"https:\/\/egytourpackages.com\/ro\/"},{"@type":"ListItem","position":2,"name":"Shop","item":"https:\/\/egytourpackages.com\/shop\/"},{"@type":"ListItem","position":3,"name":"Safari de diminea\u021b\u0103 cu Quad \u00een De\u0219ert din Marsa Alam"}]},{"@type":"WebSite","@id":"https:\/\/egytourpackages.com\/ro\/#website","url":"https:\/\/egytourpackages.com\/ro\/","name":"Egy tour packages","description":"","publisher":{"@id":"https:\/\/egytourpackages.com\/ro\/#organization"},"potentialAction":[{"@type":"SearchAction","target":{"@type":"EntryPoint","urlTemplate":"https:\/\/egytourpackages.com\/ro\/?s={search_term_string}"},"query-input":{"@type":"PropertyValueSpecification","valueRequired":true,"valueName":"search_term_string"}}],"inLanguage":"ro-RO"},{"@type":["Organization","Place","TravelAgency"],"@id":"https:\/\/egytourpackages.com\/ro\/#organization","name":"egypt tour packages","alternateName":"egypt tour packages","url":"https:\/\/egytourpackages.com\/ro\/","logo":{"@id":"https:\/\/egytourpackages.com\/ro\/tours\/safari-de-dimineata-cu-quad-in-desert-din-marsa-alam\/#local-main-organization-logo"},"image":{"@id":"https:\/\/egytourpackages.com\/ro\/tours\/safari-de-dimineata-cu-quad-in-desert-din-marsa-alam\/#local-main-organization-logo"},"sameAs":["https:\/\/www.facebook.com\/egytourpackages"],"legalName":"Egy tour packages","address":{"@id":"https:\/\/egytourpackages.com\/ro\/tours\/safari-de-dimineata-cu-quad-in-desert-din-marsa-alam\/#local-main-place-address"},"telephone":["00201000852186","00201028685533"],"contactPoint":{"@type":"ContactPoint","telephone":"00201000852186"},"openingHoursSpecification":[{"@type":"OpeningHoursSpecification","dayOfWeek":["Monday","Tuesday","Wednesday","Thursday","Friday","Saturday","Sunday"],"opens":"00:00","closes":"23:59"}],"email":"info@egytourpackages.com","areaServed":"Cairo, Hurghada, Luxor, Sharm El Sheikh, Marsa Alam, Aswan","priceRange":"$","currenciesAccepted":"euro","paymentAccepted":"Payment links online"},{"@type":"PostalAddress","@id":"https:\/\/egytourpackages.com\/ro\/tours\/safari-de-dimineata-cu-quad-in-desert-din-marsa-alam\/#local-main-place-address","streetAddress":"Mubarak 8, Al Kawthar District, Hurghada","addressLocality":"Hurghada","postalCode":"84511","addressRegion":"Red Sea","addressCountry":"EG"},{"@type":"ImageObject","inLanguage":"ro-RO","@id":"https:\/\/egytourpackages.com\/ro\/tours\/safari-de-dimineata-cu-quad-in-desert-din-marsa-alam\/#local-main-organization-logo","url":"https:\/\/egytourpackages.com\/wp-content\/uploads\/2025\/12\/Turquoise-Dahabiya-Nile-Cruise-1.jpeg","contentUrl":"https:\/\/egytourpackages.com\/wp-content\/uploads\/2025\/12\/Turquoise-Dahabiya-Nile-Cruise-1.jpeg","width":1040,"height":694,"caption":"egypt tour packages"}]},"product_brand":"Excursii de o zi \u00een Egipt","product_price_amount":"35","product_price_currency":"EUR","og_availability":"instock","product_availability":"instock","product_retailer_item_id":"MAT06","product_condition":"new","geo.placename":"Hurghada","geo.region":"Egipt"},"_links":{"self":[{"href":"https:\/\/egytourpackages.com\/ro\/wp-json\/wp\/v2\/product\/7403","targetHints":{"allow":["GET"]}}],"collection":[{"href":"https:\/\/egytourpackages.com\/ro\/wp-json\/wp\/v2\/product"}],"about":[{"href":"https:\/\/egytourpackages.com\/ro\/wp-json\/wp\/v2\/types\/product"}],"replies":[{"embeddable":true,"href":"https:\/\/egytourpackages.com\/ro\/wp-json\/wp\/v2\/comments?post=7403"}],"wp:featuredmedia":[{"embeddable":true,"href":"https:\/\/egytourpackages.com\/ro\/wp-json\/wp\/v2\/media\/7404"}],"wp:attachment":[{"href":"https:\/\/egytourpackages.com\/ro\/wp-json\/wp\/v2\/media?parent=7403"}],"wp:term":[{"taxonomy":"product_brand","embeddable":true,"href":"https:\/\/egytourpackages.com\/ro\/wp-json\/wp\/v2\/product_brand?post=7403"},{"taxonomy":"product_cat","embeddable":true,"href":"https:\/\/egytourpackages.com\/ro\/wp-json\/wp\/v2\/product_cat?post=7403"},{"taxonomy":"product_tag","embeddable":true,"href":"https:\/\/egytourpackages.com\/ro\/wp-json\/wp\/v2\/product_tag?post=7403"}],"curies":[{"name":"wp","href":"https:\/\/api.w.org\/{rel}","templated":true}]}}