{"id":7405,"date":"2024-07-24T11:10:06","date_gmt":"2024-07-24T11:10:06","guid":{"rendered":"https:\/\/egytourpackages.com\/product\/excursie-de-o-zi-la-cairo-din-hurghada-in-van-max-8-persoane\/"},"modified":"2026-01-05T16:58:01","modified_gmt":"2026-01-05T16:58:01","slug":"excursie-de-o-zi-la-cairo-din-hurghada-in-van-max-8-persoane","status":"publish","type":"product","link":"https:\/\/egytourpackages.com\/ro\/tours\/excursie-de-o-zi-la-cairo-din-hurghada-in-van-max-8-persoane\/","title":{"rendered":"Excursie de o Zi la Cairo din Hurghada \u00een Van (max. 8 persoane)"},"content":{"rendered":"<p><span style=\"color: #ff6600;\"><strong>Excursie de o Zi la Cairo din Hurghada \u00een Van (max. 8 persoane)<\/strong><\/span><\/p>\n<p>Rezerv\u0103 o Excursie de o Zi la Cairo din Hurghada \u00een Van (max. 8 persoane), cu un grup de maximum 8 persoane, \u0219i exploreaz\u0103 misterioasele <strong>Piramide din Giza<\/strong> al\u0103turi de pu\u021bini oameni, cu ajutorul <strong>tururilor \u00een Egipt<\/strong>. De fapt, aceste <strong>excursii din Hurghada<\/strong> sunt oferite pentru cei c\u0103rora nu le plac grupurile mari \u0219i prefer\u0103 s\u0103 petreac\u0103 mai mult timp admir\u00e2nd atrac\u021biile turistice. <strong>Tururile tale de o zi \u00een Egipt<\/strong> la Cairo includ <strong>Muzeul Egiptean<\/strong>, cu comorile egiptene din <strong>Regatul Vechi<\/strong>, <strong>Regatul Mijlociu<\/strong> \u0219i <strong>Noul Regat<\/strong>. De asemenea, vei vedea comorile lui <strong>Tutankhamon<\/strong> g\u0103site \u00een morm\u00e2ntul s\u0103u din <strong>Valea Regilor<\/strong> din Louxor. \u00cen plus, vei admira faimoasele Piramide ale lui <strong>Kheops<\/strong>, <strong>Khafre<\/strong>, <strong>Menkaure<\/strong>, al\u0103turi de <strong>Templul V\u0103ii<\/strong> \u0219i <strong>Marele Sfinx<\/strong>.<\/p>\n<p>Contacteaz\u0103-ne pentru a-\u021bi garanta cele mai bune servicii, o ma\u0219in\u0103 nou\u0103 \u0219i un ghid egiptolog profesionist.<\/p>\n<h3><span style=\"color: #ff6600;\">Detalii Tur<\/span><\/h3>\n<ul>\n<li>Durat\u0103: 19 ore<\/li>\n<li>Loca\u021bia Turului: Cairo<\/li>\n<li>Disponibilitate Tur: Zilnic, la cerere<\/li>\n<li>Preluare \u0219i Predare: Hoteluri \u00een Hurghada<\/li>\n<li>Tipul Turului: Privat<\/li>\n<li><strong>Limba: Rom\u00e2n\u0103<\/strong><\/li>\n<li>Scaun cu Rotile: Accesibil<\/li>\n<\/ul>\n<h3><span style=\"color: #ff6600;\">Repere Tur<\/span><\/h3>\n<ul>\n<li>Muzeul Egiptean<\/li>\n<li>Piramidele din Giza<\/li>\n<li>Marele Sfinx<\/li>\n<li>Templul Mumific\u0103rii<\/li>\n<li>Pr\u00e2nz<\/li>\n<\/ul>\n<h3><span style=\"color: #ff6600;\">Incluziuni<\/span><\/h3>\n<ul>\n<li>Transfer cu un vehicul nou<\/li>\n<li>Taxa de intrare pentru toate obiectivele din program<\/li>\n<li>Pr\u00e2nz de calitate la un restaurant local<\/li>\n<li><strong>Ghid vorbitor de limba rom\u00e2n\u0103<\/strong><\/li>\n<li>Ap\u0103 pe parcursul zilei<\/li>\n<\/ul>\n<h3><span style=\"color: #ff6600;\">Excluderi<\/span><\/h3>\n<ul>\n<li>Taxa de intrare pentru Piramida lui Kheops<\/li>\n<li>Taxa de intrare pentru Piramida lui Menkaure<\/li>\n<li>B\u0103uturi \u00een timpul pr\u00e2nzului<\/li>\n<li>Bac\u0219i\u0219 pentru ghid \u0219i \u0219ofer<\/li>\n<\/ul>\n<h3><span style=\"color: #ff6600;\">Ce S\u0103 \u00cempachetezi<\/span><\/h3>\n<ul>\n<li>\u00cenc\u0103l\u021b\u0103minte \u0219i haine confortabile<\/li>\n<li>P\u0103l\u0103rie<\/li>\n<li>Ochelari de soare<\/li>\n<li>Crem\u0103 solar\u0103<\/li>\n<li>Jachet\u0103 groas\u0103 iarna<\/li>\n<\/ul>\n<h2><span style=\"color: #ff6600;\">Itinerar Tur<\/span><\/h2>\n<h3><span style=\"color: #ff6600;\">Ora de preluare \u00cen jurul orei 02:00 AM, <\/span><\/h3>\n<p>\u00een func\u021bie de hotelul t\u0103u din Hurghada, vei fi preluat pentru a \u00eencepe <strong>turul t\u0103u de o zi \u00een Egipt<\/strong> la Cairo, dup\u0103 ce ai primit cutiile de mic dejun de la recep\u021bie.<\/p>\n<h3><span style=\"color: #ff6600;\">Punct de control 03:00 AM: <\/span><\/h3>\n<p>Trecerea punctului de control de la El Gouna \u0219i \u00eenceperea <strong>excursiei tale din Hurghada<\/strong>.<\/p>\n<h3><span style=\"color: #ff6600;\">Pauz\u0103 de cafea 06:00 AM: <\/span><\/h3>\n<p>Bucur\u0103-te de o scurt\u0103 pauz\u0103 la casa de odihn\u0103 Zaafarana pentru a folosi toaleta (20 LE de persoan\u0103), a savura cafeaua de diminea\u021b\u0103 \u0219i a-\u021bi lua micul dejun. 06:30 AM: Continu\u0103 restul drumului spre Cairo.<\/p>\n<h3><span style=\"color: #ff6600;\">Muzeul Egiptean din Cairo 09:00 AM: <\/span><\/h3>\n<p>\u00cencepe-\u021bi ziua cu ghidul t\u0103u egiptolog profesionist la <strong>Muzeul Egiptean<\/strong>, cel mai mare din lume. Aici te vei minuna de artefactele egiptene din diferite epoci ale Egiptului antic. Vei vedea sarcofage, stele, mumii, mumii de animale, statui \u0219i multe altele.<\/p>\n<h3><span style=\"color: #ff6600;\">11:00 AM: Pr\u00e2nz <\/span><\/h3>\n<p>Bucur\u0103-te de pr\u00e2nzul t\u0103u la un restaurant local, \u00een apropiere de <strong>Piramidele din Giza<\/strong>.<\/p>\n<h3><span style=\"color: #ff6600;\">12:00 PM: Complexul Piramidelor din Giza <\/span><\/h3>\n<p>Dup\u0103 pr\u00e2nz, vei continua cu ghidul t\u0103u spre <strong>Piramidele din Giza<\/strong>, unde po\u021bi vedea cele trei faimoase Piramide ale lui Kheops, Khafre \u0219i Menkaure. De asemenea, te po\u021bi plimba \u00een jurul marilor Piramide pentru a vedea Piramidele Reginelor, Pitsurile pentru B\u0103rci \u0219i ruinele templului de purificare. Po\u021bi intra \u00een Marea Piramid\u0103 a lui <strong>Kheops<\/strong> dac\u0103 dore\u0219ti (contra cost) sau \u00een <strong>Piramida lui Menkaure<\/strong> (contra cost).<\/p>\n<p>Petrece c\u00e2t timp vrei la <strong>Piramidele din Giza<\/strong> \u0219i f\u0103 fotografii de neuitat din zona panoramic\u0103. \u00cen final, \u00eencheie-\u021bi turul Piramidelor cu <strong>Templul V\u0103ii<\/strong> (<strong>Templul Mumific\u0103rii<\/strong>) \u00eenainte de a merge la <strong>Marele Sfinx<\/strong>. Prive\u0219te <strong>Stela Visului<\/strong> dintre labele Sfinxului \u0219i ascult\u0103 de la ghidul t\u0103u cine i-a rupt nasul \u0219i de ce.<\/p>\n<p>La sf\u00e2r\u0219itul <strong>excursiei tale private de o zi la Cairo din Hurghada<\/strong>, vei \u00eencepe drumul de \u00eentoarcere spre hotelul t\u0103u din Hurghada, cu o scurt\u0103 pauz\u0103 pentru toalet\u0103.<\/p>\n<h3><span style=\"color: #ff6600;\">Pre\u021b Excursie de o Zi la Cairo din Hurghada \u00een Van (max. 8 persoane)<\/span><\/h3>\n<ul>\n<li>Pre\u021b adult = 65 \u20ac<\/li>\n<li>Copii 0-5 ani = gratuit<\/li>\n<li>Copii 5-11 ani = 50% din pre\u021bul adultului<\/li>\n<\/ul>\n<h3><span style=\"color: #ff6600;\">Rezervare<\/span><\/h3>\n<p>Po\u021bi rezerva Excursie de o Zi la Cairo din Hurghada \u00een Van (max. 8 persoane)\u00a0prin WhatsApp sau trimi\u021b\u00e2ndu-ne un e-mail \u0219i vei primi confirmarea pe loc. Te rug\u0103m s\u0103 ne trimi\u021bi numele hotelului t\u0103u, num\u0103rul camerei \u0219i copii ale pa\u0219aportului.<\/p>\n<p>WhatsApp: +201000852186<\/p>\n<p>info@egytourpackages.com<\/p>\n<h3><span style=\"color: #ff6600;\">Rezerv\u0103 Acum &amp; Pl\u0103te\u0219te pe Loc<\/span><\/h3>\n<p>Rezerv\u0103 turul t\u0103u preferat \u0219i pl\u0103te\u0219te \u00een ziua excursiei.<\/p>\n<h3><span style=\"color: #ff6600;\">Plat\u0103<\/span><\/h3>\n<p>Po\u021bi pl\u0103ti \u00een lire egiptene, $, \u20ac sau \u00a3.<\/p>\n<h3><span style=\"color: #ff6600;\">Politica de Anulare<\/span><\/h3>\n<p>Anularea este gratuit\u0103 cu p\u00e2n\u0103 la 24 de ore \u00een avans.<\/p>\n","protected":false},"excerpt":{"rendered":"<p>Preg\u0103te\u0219te-te s\u0103 te bucuri de un Excursie de o Zi la Cairo din Hurghada \u00een Van (max. 8 persoane) pentru a vedea Piramidele din Giza \u0219i Muzeul Egiptean.<\/p>\n","protected":false},"featured_media":7407,"comment_status":"open","ping_status":"closed","template":"","meta":[],"product_brand":[],"product_cat":[3120],"product_tag":[3203,3824,3201,3638],"class_list":{"0":"post-7405","1":"product","2":"type-product","3":"status-publish","4":"has-post-thumbnail","6":"product_cat-tururi","7":"product_tag-excursii-de-o-zi-in-egipt","8":"product_tag-excursii-de-o-zi-in-hurghada","9":"product_tag-excursii-in-hurghada","10":"product_tag-tururi-in-cairo-din-hurghada","11":"tour_category-excursii-de-o-zi-in-egipt-ro","12":"tour_category-excursii-hurghada-ro","14":"first","15":"instock","16":"sale","17":"shipping-taxable","18":"purchasable","19":"product-type-tour","20":"has-default-attributes"},"yoast_head":"<!-- This site is optimized with the Yoast SEO Premium plugin v27.2 (Yoast SEO v27.2) - https:\/\/yoast.com\/product\/yoast-seo-premium-wordpress\/ -->\n<title>Excursie de o Zi la Cairo din Hurghada \u00een Van (max. 8 persoane)<\/title>\n<meta name=\"description\" content=\"Preg\u0103te\u0219te-te s\u0103 te bucuri de un Excursie de o Zi la Cairo din Hurghada \u00een Van (max. 8 persoane) pentru a vedea Piramidele din Giza \u0219i Muzeul Egiptean.\" \/>\n<meta name=\"robots\" content=\"index, follow, max-snippet:-1, max-image-preview:large, max-video-preview:-1\" \/>\n<link rel=\"canonical\" href=\"https:\/\/egytourpackages.com\/ro\/tours\/excursie-de-o-zi-la-cairo-din-hurghada-in-van-max-8-persoane\/\" \/>\n<meta property=\"og:locale\" content=\"ro_RO\" \/>\n<meta property=\"og:type\" content=\"article\" \/>\n<meta property=\"og:title\" content=\"Excursie de o Zi la Cairo din Hurghada \u00een Van (max. 8 persoane)\" \/>\n<meta property=\"og:description\" content=\"Preg\u0103te\u0219te-te s\u0103 te bucuri de un Excursie de o Zi la Cairo din Hurghada \u00een Van (max. 8 persoane) pentru a vedea Piramidele din Giza \u0219i Muzeul Egiptean.\" \/>\n<meta property=\"og:url\" content=\"https:\/\/egytourpackages.com\/ro\/tours\/excursie-de-o-zi-la-cairo-din-hurghada-in-van-max-8-persoane\/\" \/>\n<meta property=\"og:site_name\" content=\"Egypt Tour Packages\" \/>\n<meta property=\"article:publisher\" content=\"https:\/\/www.facebook.com\/egytourpackages\" \/>\n<meta property=\"article:modified_time\" content=\"2026-01-05T16:58:01+00:00\" \/>\n<meta property=\"og:image\" content=\"https:\/\/egytourpackages.com\/wp-content\/uploads\/2024\/07\/Akhenaten-Egyptian-Museum-1024x765.jpeg\" \/>\n<meta name=\"twitter:card\" content=\"summary_large_image\" \/>\n<meta name=\"twitter:title\" content=\"Excursie de o Zi la Cairo din Hurghada \u00een Van (max. 8 persoane)\" \/>\n<meta name=\"twitter:label1\" content=\"Pre\u021b\" \/>\n\t<meta name=\"twitter:data1\" content=\"&euro;65\" \/>\n\t<meta name=\"twitter:label2\" content=\"Disponibilitate\" \/>\n\t<meta name=\"twitter:data2\" content=\"\u00cen stoc\" \/>\n<script type=\"application\/ld+json\" class=\"yoast-schema-graph\">{\"@context\":\"https:\/\/schema.org\",\"@graph\":[{\"@type\":\"WebPage\",\"@id\":\"https:\/\/egytourpackages.com\/ro\/tours\/excursie-de-o-zi-la-cairo-din-hurghada-in-van-max-8-persoane\/\",\"url\":\"https:\/\/egytourpackages.com\/ro\/tours\/excursie-de-o-zi-la-cairo-din-hurghada-in-van-max-8-persoane\/\",\"name\":\"Excursie de o Zi la Cairo din Hurghada \u00een Van (max. 8 persoane)\",\"isPartOf\":{\"@id\":\"https:\/\/egytourpackages.com\/ro\/#website\"},\"primaryImageOfPage\":{\"@id\":\"https:\/\/egytourpackages.com\/ro\/tours\/excursie-de-o-zi-la-cairo-din-hurghada-in-van-max-8-persoane\/#primaryimage\"},\"image\":{\"@id\":\"https:\/\/egytourpackages.com\/ro\/tours\/excursie-de-o-zi-la-cairo-din-hurghada-in-van-max-8-persoane\/#primaryimage\"},\"thumbnailUrl\":\"https:\/\/egytourpackages.com\/wp-content\/uploads\/2024\/07\/Akhenaten-Egyptian-Museum.jpeg\",\"datePublished\":\"2024-07-24T11:10:06+00:00\",\"dateModified\":\"2026-01-05T16:58:01+00:00\",\"description\":\"Preg\u0103te\u0219te-te s\u0103 te bucuri de un Excursie de o Zi la Cairo din Hurghada \u00een Van (max. 8 persoane) pentru a vedea Piramidele din Giza \u0219i Muzeul Egiptean.\",\"breadcrumb\":{\"@id\":\"https:\/\/egytourpackages.com\/ro\/tours\/excursie-de-o-zi-la-cairo-din-hurghada-in-van-max-8-persoane\/#breadcrumb\"},\"inLanguage\":\"ro-RO\",\"potentialAction\":[{\"@type\":\"ReadAction\",\"target\":[\"https:\/\/egytourpackages.com\/ro\/tours\/excursie-de-o-zi-la-cairo-din-hurghada-in-van-max-8-persoane\/\"]}]},{\"@type\":\"ImageObject\",\"inLanguage\":\"ro-RO\",\"@id\":\"https:\/\/egytourpackages.com\/ro\/tours\/excursie-de-o-zi-la-cairo-din-hurghada-in-van-max-8-persoane\/#primaryimage\",\"url\":\"https:\/\/egytourpackages.com\/wp-content\/uploads\/2024\/07\/Akhenaten-Egyptian-Museum.jpeg\",\"contentUrl\":\"https:\/\/egytourpackages.com\/wp-content\/uploads\/2024\/07\/Akhenaten-Egyptian-Museum.jpeg\",\"width\":1600,\"height\":1196,\"caption\":\"Excursie de o Zi la Cairo din Hurghada \u00een Van (max. 8 persoane)\"},{\"@type\":\"BreadcrumbList\",\"@id\":\"https:\/\/egytourpackages.com\/ro\/tours\/excursie-de-o-zi-la-cairo-din-hurghada-in-van-max-8-persoane\/#breadcrumb\",\"itemListElement\":[{\"@type\":\"ListItem\",\"position\":1,\"name\":\"Home\",\"item\":\"https:\/\/egytourpackages.com\/ro\/\"},{\"@type\":\"ListItem\",\"position\":2,\"name\":\"Shop\",\"item\":\"https:\/\/egytourpackages.com\/shop\/\"},{\"@type\":\"ListItem\",\"position\":3,\"name\":\"Excursie de o Zi la Cairo din Hurghada \u00een Van (max. 8 persoane)\"}]},{\"@type\":\"WebSite\",\"@id\":\"https:\/\/egytourpackages.com\/ro\/#website\",\"url\":\"https:\/\/egytourpackages.com\/ro\/\",\"name\":\"Egy tour packages\",\"description\":\"\",\"publisher\":{\"@id\":\"https:\/\/egytourpackages.com\/ro\/#organization\"},\"potentialAction\":[{\"@type\":\"SearchAction\",\"target\":{\"@type\":\"EntryPoint\",\"urlTemplate\":\"https:\/\/egytourpackages.com\/ro\/?s={search_term_string}\"},\"query-input\":{\"@type\":\"PropertyValueSpecification\",\"valueRequired\":true,\"valueName\":\"search_term_string\"}}],\"inLanguage\":\"ro-RO\"},{\"@type\":[\"Organization\",\"Place\",\"TravelAgency\"],\"@id\":\"https:\/\/egytourpackages.com\/ro\/#organization\",\"name\":\"egypt tour packages\",\"alternateName\":\"egypt tour packages\",\"url\":\"https:\/\/egytourpackages.com\/ro\/\",\"logo\":{\"@id\":\"https:\/\/egytourpackages.com\/ro\/tours\/excursie-de-o-zi-la-cairo-din-hurghada-in-van-max-8-persoane\/#local-main-organization-logo\"},\"image\":{\"@id\":\"https:\/\/egytourpackages.com\/ro\/tours\/excursie-de-o-zi-la-cairo-din-hurghada-in-van-max-8-persoane\/#local-main-organization-logo\"},\"sameAs\":[\"https:\/\/www.facebook.com\/egytourpackages\"],\"legalName\":\"Egy tour packages\",\"address\":{\"@id\":\"https:\/\/egytourpackages.com\/ro\/tours\/excursie-de-o-zi-la-cairo-din-hurghada-in-van-max-8-persoane\/#local-main-place-address\"},\"telephone\":[\"00201000852186\",\"00201028685533\"],\"contactPoint\":{\"@type\":\"ContactPoint\",\"telephone\":\"00201000852186\"},\"openingHoursSpecification\":[{\"@type\":\"OpeningHoursSpecification\",\"dayOfWeek\":[\"Monday\",\"Tuesday\",\"Wednesday\",\"Thursday\",\"Friday\",\"Saturday\",\"Sunday\"],\"opens\":\"00:00\",\"closes\":\"23:59\"}],\"email\":\"info@egytourpackages.com\",\"areaServed\":\"Cairo, Hurghada, Luxor, Sharm El Sheikh, Marsa Alam, Aswan\",\"priceRange\":\"$\",\"currenciesAccepted\":\"euro\",\"paymentAccepted\":\"Payment links online\"},{\"@type\":\"PostalAddress\",\"@id\":\"https:\/\/egytourpackages.com\/ro\/tours\/excursie-de-o-zi-la-cairo-din-hurghada-in-van-max-8-persoane\/#local-main-place-address\",\"streetAddress\":\"Mubarak 8, Al Kawthar District, Hurghada\",\"addressLocality\":\"Hurghada\",\"postalCode\":\"84511\",\"addressRegion\":\"Red Sea\",\"addressCountry\":\"EG\"},{\"@type\":\"ImageObject\",\"inLanguage\":\"ro-RO\",\"@id\":\"https:\/\/egytourpackages.com\/ro\/tours\/excursie-de-o-zi-la-cairo-din-hurghada-in-van-max-8-persoane\/#local-main-organization-logo\",\"url\":\"https:\/\/egytourpackages.com\/wp-content\/uploads\/2025\/12\/Turquoise-Dahabiya-Nile-Cruise-1.jpeg\",\"contentUrl\":\"https:\/\/egytourpackages.com\/wp-content\/uploads\/2025\/12\/Turquoise-Dahabiya-Nile-Cruise-1.jpeg\",\"width\":1040,\"height\":694,\"caption\":\"egypt tour packages\"}]}<\/script>\n<meta property=\"product:brand\" content=\"Excursii de o zi \u00een Egipt\" \/>\n<meta property=\"product:price:amount\" content=\"65\" \/>\n<meta property=\"product:price:currency\" content=\"EUR\" \/>\n<meta property=\"og:availability\" content=\"instock\" \/>\n<meta property=\"product:availability\" content=\"instock\" \/>\n<meta property=\"product:retailer_item_id\" content=\"HDT10\" \/>\n<meta property=\"product:condition\" content=\"new\" \/>\n<meta name=\"geo.placename\" content=\"Hurghada\" \/>\n<meta name=\"geo.region\" content=\"Egipt\" \/>\n<!-- \/ Yoast SEO Premium plugin. -->","yoast_head_json":{"title":"Excursie de o Zi la Cairo din Hurghada \u00een Van (max. 8 persoane)","description":"Preg\u0103te\u0219te-te s\u0103 te bucuri de un Excursie de o Zi la Cairo din Hurghada \u00een Van (max. 8 persoane) pentru a vedea Piramidele din Giza \u0219i Muzeul Egiptean.","robots":{"index":"index","follow":"follow","max-snippet":"max-snippet:-1","max-image-preview":"max-image-preview:large","max-video-preview":"max-video-preview:-1"},"canonical":"https:\/\/egytourpackages.com\/ro\/tours\/excursie-de-o-zi-la-cairo-din-hurghada-in-van-max-8-persoane\/","og_locale":"ro_RO","og_type":"article","og_title":"Excursie de o Zi la Cairo din Hurghada \u00een Van (max. 8 persoane)","og_description":"Preg\u0103te\u0219te-te s\u0103 te bucuri de un Excursie de o Zi la Cairo din Hurghada \u00een Van (max. 8 persoane) pentru a vedea Piramidele din Giza \u0219i Muzeul Egiptean.","og_url":"https:\/\/egytourpackages.com\/ro\/tours\/excursie-de-o-zi-la-cairo-din-hurghada-in-van-max-8-persoane\/","og_site_name":"Egypt Tour Packages","article_publisher":"https:\/\/www.facebook.com\/egytourpackages","article_modified_time":"2026-01-05T16:58:01+00:00","og_image":[{"url":"https:\/\/egytourpackages.com\/wp-content\/uploads\/2024\/07\/Akhenaten-Egyptian-Museum-1024x765.jpeg","type":"","width":"","height":""}],"twitter_card":"summary_large_image","twitter_title":"Excursie de o Zi la Cairo din Hurghada \u00een Van (max. 8 persoane)","twitter_misc":{"Pre\u021b":"&euro;65","Disponibilitate":"\u00cen stoc"},"schema":{"@context":"https:\/\/schema.org","@graph":[{"@type":"WebPage","@id":"https:\/\/egytourpackages.com\/ro\/tours\/excursie-de-o-zi-la-cairo-din-hurghada-in-van-max-8-persoane\/","url":"https:\/\/egytourpackages.com\/ro\/tours\/excursie-de-o-zi-la-cairo-din-hurghada-in-van-max-8-persoane\/","name":"Excursie de o Zi la Cairo din Hurghada \u00een Van (max. 8 persoane)","isPartOf":{"@id":"https:\/\/egytourpackages.com\/ro\/#website"},"primaryImageOfPage":{"@id":"https:\/\/egytourpackages.com\/ro\/tours\/excursie-de-o-zi-la-cairo-din-hurghada-in-van-max-8-persoane\/#primaryimage"},"image":{"@id":"https:\/\/egytourpackages.com\/ro\/tours\/excursie-de-o-zi-la-cairo-din-hurghada-in-van-max-8-persoane\/#primaryimage"},"thumbnailUrl":"https:\/\/egytourpackages.com\/wp-content\/uploads\/2024\/07\/Akhenaten-Egyptian-Museum.jpeg","datePublished":"2024-07-24T11:10:06+00:00","dateModified":"2026-01-05T16:58:01+00:00","description":"Preg\u0103te\u0219te-te s\u0103 te bucuri de un Excursie de o Zi la Cairo din Hurghada \u00een Van (max. 8 persoane) pentru a vedea Piramidele din Giza \u0219i Muzeul Egiptean.","breadcrumb":{"@id":"https:\/\/egytourpackages.com\/ro\/tours\/excursie-de-o-zi-la-cairo-din-hurghada-in-van-max-8-persoane\/#breadcrumb"},"inLanguage":"ro-RO","potentialAction":[{"@type":"ReadAction","target":["https:\/\/egytourpackages.com\/ro\/tours\/excursie-de-o-zi-la-cairo-din-hurghada-in-van-max-8-persoane\/"]}]},{"@type":"ImageObject","inLanguage":"ro-RO","@id":"https:\/\/egytourpackages.com\/ro\/tours\/excursie-de-o-zi-la-cairo-din-hurghada-in-van-max-8-persoane\/#primaryimage","url":"https:\/\/egytourpackages.com\/wp-content\/uploads\/2024\/07\/Akhenaten-Egyptian-Museum.jpeg","contentUrl":"https:\/\/egytourpackages.com\/wp-content\/uploads\/2024\/07\/Akhenaten-Egyptian-Museum.jpeg","width":1600,"height":1196,"caption":"Excursie de o Zi la Cairo din Hurghada \u00een Van (max. 8 persoane)"},{"@type":"BreadcrumbList","@id":"https:\/\/egytourpackages.com\/ro\/tours\/excursie-de-o-zi-la-cairo-din-hurghada-in-van-max-8-persoane\/#breadcrumb","itemListElement":[{"@type":"ListItem","position":1,"name":"Home","item":"https:\/\/egytourpackages.com\/ro\/"},{"@type":"ListItem","position":2,"name":"Shop","item":"https:\/\/egytourpackages.com\/shop\/"},{"@type":"ListItem","position":3,"name":"Excursie de o Zi la Cairo din Hurghada \u00een Van (max. 8 persoane)"}]},{"@type":"WebSite","@id":"https:\/\/egytourpackages.com\/ro\/#website","url":"https:\/\/egytourpackages.com\/ro\/","name":"Egy tour packages","description":"","publisher":{"@id":"https:\/\/egytourpackages.com\/ro\/#organization"},"potentialAction":[{"@type":"SearchAction","target":{"@type":"EntryPoint","urlTemplate":"https:\/\/egytourpackages.com\/ro\/?s={search_term_string}"},"query-input":{"@type":"PropertyValueSpecification","valueRequired":true,"valueName":"search_term_string"}}],"inLanguage":"ro-RO"},{"@type":["Organization","Place","TravelAgency"],"@id":"https:\/\/egytourpackages.com\/ro\/#organization","name":"egypt tour packages","alternateName":"egypt tour packages","url":"https:\/\/egytourpackages.com\/ro\/","logo":{"@id":"https:\/\/egytourpackages.com\/ro\/tours\/excursie-de-o-zi-la-cairo-din-hurghada-in-van-max-8-persoane\/#local-main-organization-logo"},"image":{"@id":"https:\/\/egytourpackages.com\/ro\/tours\/excursie-de-o-zi-la-cairo-din-hurghada-in-van-max-8-persoane\/#local-main-organization-logo"},"sameAs":["https:\/\/www.facebook.com\/egytourpackages"],"legalName":"Egy tour packages","address":{"@id":"https:\/\/egytourpackages.com\/ro\/tours\/excursie-de-o-zi-la-cairo-din-hurghada-in-van-max-8-persoane\/#local-main-place-address"},"telephone":["00201000852186","00201028685533"],"contactPoint":{"@type":"ContactPoint","telephone":"00201000852186"},"openingHoursSpecification":[{"@type":"OpeningHoursSpecification","dayOfWeek":["Monday","Tuesday","Wednesday","Thursday","Friday","Saturday","Sunday"],"opens":"00:00","closes":"23:59"}],"email":"info@egytourpackages.com","areaServed":"Cairo, Hurghada, Luxor, Sharm El Sheikh, Marsa Alam, Aswan","priceRange":"$","currenciesAccepted":"euro","paymentAccepted":"Payment links online"},{"@type":"PostalAddress","@id":"https:\/\/egytourpackages.com\/ro\/tours\/excursie-de-o-zi-la-cairo-din-hurghada-in-van-max-8-persoane\/#local-main-place-address","streetAddress":"Mubarak 8, Al Kawthar District, Hurghada","addressLocality":"Hurghada","postalCode":"84511","addressRegion":"Red Sea","addressCountry":"EG"},{"@type":"ImageObject","inLanguage":"ro-RO","@id":"https:\/\/egytourpackages.com\/ro\/tours\/excursie-de-o-zi-la-cairo-din-hurghada-in-van-max-8-persoane\/#local-main-organization-logo","url":"https:\/\/egytourpackages.com\/wp-content\/uploads\/2025\/12\/Turquoise-Dahabiya-Nile-Cruise-1.jpeg","contentUrl":"https:\/\/egytourpackages.com\/wp-content\/uploads\/2025\/12\/Turquoise-Dahabiya-Nile-Cruise-1.jpeg","width":1040,"height":694,"caption":"egypt tour packages"}]},"product_brand":"Excursii de o zi \u00een Egipt","product_price_amount":"65","product_price_currency":"EUR","og_availability":"instock","product_availability":"instock","product_retailer_item_id":"HDT10","product_condition":"new","geo.placename":"Hurghada","geo.region":"Egipt"},"_links":{"self":[{"href":"https:\/\/egytourpackages.com\/ro\/wp-json\/wp\/v2\/product\/7405","targetHints":{"allow":["GET"]}}],"collection":[{"href":"https:\/\/egytourpackages.com\/ro\/wp-json\/wp\/v2\/product"}],"about":[{"href":"https:\/\/egytourpackages.com\/ro\/wp-json\/wp\/v2\/types\/product"}],"replies":[{"embeddable":true,"href":"https:\/\/egytourpackages.com\/ro\/wp-json\/wp\/v2\/comments?post=7405"}],"wp:featuredmedia":[{"embeddable":true,"href":"https:\/\/egytourpackages.com\/ro\/wp-json\/wp\/v2\/media\/7407"}],"wp:attachment":[{"href":"https:\/\/egytourpackages.com\/ro\/wp-json\/wp\/v2\/media?parent=7405"}],"wp:term":[{"taxonomy":"product_brand","embeddable":true,"href":"https:\/\/egytourpackages.com\/ro\/wp-json\/wp\/v2\/product_brand?post=7405"},{"taxonomy":"product_cat","embeddable":true,"href":"https:\/\/egytourpackages.com\/ro\/wp-json\/wp\/v2\/product_cat?post=7405"},{"taxonomy":"product_tag","embeddable":true,"href":"https:\/\/egytourpackages.com\/ro\/wp-json\/wp\/v2\/product_tag?post=7405"}],"curies":[{"name":"wp","href":"https:\/\/api.w.org\/{rel}","templated":true}]}}