{"id":7901,"date":"2024-07-03T06:57:12","date_gmt":"2024-07-03T06:57:12","guid":{"rendered":"https:\/\/egytourpackages.com\/product\/excursie-de-o-zi-la-fayoum-din-cairo\/"},"modified":"2026-02-19T22:04:40","modified_gmt":"2026-02-19T22:04:40","slug":"excursie-de-o-zi-la-fayoum-din-cairo","status":"publish","type":"product","link":"https:\/\/egytourpackages.com\/ro\/tours\/excursie-de-o-zi-la-fayoum-din-cairo\/","title":{"rendered":"Excursie de o zi la Fayoum din Cairo"},"content":{"rendered":"<p><strong><span style=\"color: #ff6600;\">Excursie de o zi la Fayoum din Cairo<\/span><\/strong><\/p>\n<p>Rezerva\u021bi o <strong>excursie de o zi captivant\u0103 la Fayoum din Cairo<\/strong>, o regiune unic\u0103, renumit\u0103 pentru istoria sa bogat\u0103 \u0219i peisajele naturale uimitoare. Acest <strong>tur privat<\/strong> ofer\u0103 o evadare perfect\u0103 din agita\u021bia ora\u0219ului, cufund\u00e2ndu-v\u0103 \u00eentr-un amestec de situri arheologice antice \u0219i o frumuse\u021be de\u0219ertic\u0103 uluitoare.<\/p>\n<p><strong>Aventura<\/strong> voastr\u0103 <strong>\u00een Fayoum<\/strong> \u00eencepe cu o vizit\u0103 la <strong>Muzeul Kom Aushim<\/strong>, care prezint\u0103 artefacte din ora\u0219ul <strong>greco-roman Karanis<\/strong>, oferind perspective de nepre\u021buit asupra vie\u021bii de zi cu zi \u00een vechiul Fayoum. Apoi, explora\u021bi situl arheologic <strong>Kiman Fares<\/strong>, odinioar\u0103 capitala antic\u0103 a Fayoum-ului \u0219i un centru important pentru cultul zeului crocodil, <strong>Sobek<\/strong>. Plimba\u021bi-v\u0103 printre r\u0103m\u0103\u0219i\u021bele <strong>ora\u0219ului Karanis<\/strong>, un ora\u0219 bine conservat din epoca roman\u0103, cu ruinele sale fascinante de case, temple \u0219i b\u0103i publice.<\/p>\n<p>P\u0103trunde\u021bi \u00een minunile inginere\u0219ti ale <strong>Regatului Mijlociu<\/strong> cu o oprire la <strong>Piramidele Hawara<\/strong>, o piramid\u0103 unic\u0103 din c\u0103r\u0103mizi de noroi, construit\u0103 de <strong>Faraonul Amenemhat al III-lea<\/strong>, faimoas\u0103 pentru asocierea cu legendarul Labirint. C\u0103l\u0103toria culmineaz\u0103 \u00een pitorescul <strong>Wadi El Rayan<\/strong>, o zon\u0103 protejat\u0103, celebrat\u0103 pentru lacurile sale senine \u0219i singurele <strong>cascade naturale<\/strong> din Egipt. Bucura\u021bi-v\u0103 de lini\u0219tea acestei oaze de\u0219ertice, minuna\u021bi-v\u0103 de fauna sa divers\u0103 \u0219i surprinde\u021bi momente de neuitat ale peisajelor sale captivante. Acest <strong>tur al Fayoum<\/strong>-ului ofer\u0103 o experien\u021b\u0103 \u00eembog\u0103\u021bitoare \u0219i memorabil\u0103 a bijuteriilor ascunse ale Egiptului, ideal\u0103 pentru pasiona\u021bii de istorie \u0219i iubitorii de natur\u0103 deopotriv\u0103.<\/p>\n<p>Descoperi\u021bi cele 6 oaze ale Egiptului, pe l\u00e2ng\u0103 <strong>Siwa<\/strong>, <strong>Bahariya<\/strong>, <strong>Farafra<\/strong>, <strong>Dakhla<\/strong> \u0219i <strong>Oaza Kharga<\/strong>. Ve\u021bi vizita dou\u0103 locuri uimitoare care au fost declarate zone protejate din 1998: Lacul Qarun \u0219i Wadi El Rayyan. Contacta\u021bi-ne \u0219i haide\u021bi s\u0103 planific\u0103m pentru voi unul dintre <strong>cele mai bune lucruri de f\u0103cut \u00een Cairo<\/strong> \u0219i o aventur\u0103 \u00een de\u0219ert.<\/p>\n<h3><span style=\"color: #ff6600;\">Detalii tur<\/span><\/h3>\n<ul>\n<li>Durata: 10 ore<\/li>\n<li>Loca\u021bia turului: Oaza Fayoum<\/li>\n<li>Disponibilitatea turului: Zilnic<\/li>\n<li><strong>Limba: Rom\u00e2n\u0103<\/strong><\/li>\n<li>Preluare \u0219i l\u0103sare: Hoteluri din Cairo \u0219i Giza<\/li>\n<li>Tipul turului: Privat<\/li>\n<\/ul>\n<h3><span style=\"color: #ff6600;\">Punctele forte ale turului<\/span><\/h3>\n<ul>\n<li>Wadi El-Hitan<\/li>\n<li>Cascadele Wadi El Rayan<\/li>\n<li>Lacul Qarun<\/li>\n<li>Lacul Magic<\/li>\n<li>Gebel Al Mudawara<\/li>\n<\/ul>\n<h3><span style=\"color: #ff6600;\">Inclus<\/span><\/h3>\n<ul>\n<li>Transfer dus-\u00eentors cu vehicul modern cu aer condi\u021bionat<\/li>\n<li><strong>Ghid arheolog expert vorbitor de limba rom\u00e2n\u0103<\/strong><\/li>\n<li>Pr\u00e2nz<\/li>\n<li>Ap\u0103 \u00een timpul turului<\/li>\n<li>Taxa de intrare pentru toate obiectivele din program<\/li>\n<\/ul>\n<h3><span style=\"color: #ff6600;\">Exclus<\/span><\/h3>\n<ul>\n<li>Bac\u0219i\u0219uri<\/li>\n<li>Orice cheltuieli personale<\/li>\n<\/ul>\n<h3><span style=\"color: #ff6600;\">Ce s\u0103 pui \u00een bagaj<\/span><\/h3>\n<ul>\n<li>Crem\u0103 de soare \u0219i ochelari de soare<\/li>\n<li>P\u0103l\u0103rie sau e\u0219arf\u0103<\/li>\n<\/ul>\n<h3><span style=\"color: #ff6600;\">Itinerar<\/span><\/h3>\n<p>Bucura\u021bi-v\u0103 de micul dejun la hotelul vostru din Cairo sau Giza, apoi \u00eent\u00e2lni\u021bi-v\u0103 cu ghidul la lobby-ul hotelului pentru a \u00eencepe <strong>turul<\/strong> vostru de o zi <strong>din Cairo<\/strong> c\u0103tre una dintre cele mai faimoase oaze ale Egiptului, <strong>Oaza Fayoum<\/strong>. Drumul dureaz\u0103 aproximativ o or\u0103 \u0219i jum\u0103tate, iar oaza acoper\u0103 o suprafa\u021b\u0103 de aproximativ 1800 km\u00b2. Fayoum este foarte faimos pentru <strong>Wadi Al-Hitan<\/strong>, un sit al <strong>Patrimoniului UNESCO<\/strong>, <strong>Lacul Magic<\/strong> \u0219i <strong>Gebel Al Mudawara<\/strong>. La sosire, ve\u021bi \u00eencepe turul vostru la atrac\u021biile din Fayoum.<\/p>\n<p>C\u0103l\u0103torie spre m\u0103ri antice \u0219i oaze de\u0219ertice<\/p>\n<h3><span style=\"color: #ff6600;\">08.00 AM, Preluare de la hotel din Cairo<\/span><\/h3>\n<p>Bucura\u021bi-v\u0103 de micul dejun \u00eenainte de a v\u0103 prelua de la hotelul vostru din Cairo sau Giza. Instala\u021bi-v\u0103 \u00een vehiculul cu aer condi\u021bionat pentru drumul confortabil spre sud-vest, c\u0103tre <strong>Oaza Fayoum<\/strong>, care dureaz\u0103 aproximativ 2-2,5 ore.<\/p>\n<h3><span style=\"color: #ff6600;\">10:00 AM \u2013 12:30 PM, Explorarea Wadi El-Hitan (Valea Balenelor)<\/span><\/h3>\n<p>Prima voastr\u0103 oprire important\u0103 este situl <strong>Patrimoniului Mondial UNESCO Wadi El-Hitan<\/strong>, cunoscut sub numele de <strong>&#8222;Valea Balenelor&#8221;<\/strong>. Acest muzeu incredibil \u00een aer liber din <strong>De\u0219ertul de Vest<\/strong> prezint\u0103 sute de fosile de arheocete, o subordine disp\u0103rut\u0103 de balene, care reprezint\u0103 o etap\u0103 crucial\u0103 \u00een evolu\u021bia lor de la animale terestre la animale marine. Plimba\u021bi-v\u0103 printre r\u0103m\u0103\u0219i\u021bele scheletice ale balenelor antice, afla\u021bi despre semnifica\u021bia geologic\u0103 a zonei ca un <strong>ocean preistoric<\/strong>.<\/p>\n<p>Vederi de\u0219ertice \u0219i cascade de ap\u0103 dulce<\/p>\n<h3><span style=\"color: #ff6600;\">12:45 PM \u2013 1:45 PM: Cascadele Wadi El Rayan<\/span><\/h3>\n<p>Continua\u021bi spre <strong>Zona Protejat\u0103 Wadi El Rayan<\/strong>, o rezerv\u0103 natural\u0103 uimitoare, renumit\u0103 pentru singurele cascade permanente din Egipt. De fapt, pute\u021bi fi martorii acestor cascade unice, formate de dou\u0103 lacuri artificiale conectate prin apa de scurgere din terenurile agricole ale Fayoum-ului. Contrastul apei care se pr\u0103v\u0103le\u0219te cu fundalul de\u0219ertic arid este cu adev\u0103rat hipnotizant. Acesta este un loc perfect pentru fotografie \u0219i pentru a v\u0103 bucura de mediul natural lini\u0219tit.<\/p>\n<h3><span style=\"color: #ff6600;\">2:00 PM \u2013 2:45 PM: Pauz\u0103 de pr\u00e2nz<\/span><\/h3>\n<p>Bucura\u021bi-v\u0103 de un <strong>pr\u00e2nz<\/strong> bine meritat la un restaurant local, care ofer\u0103 adesea m\u00e2ncare tradi\u021bional\u0103 egiptean\u0103, \u00een interiorul sau \u00een apropierea <strong>Lacului Qarun<\/strong>, \u00eenainte de a continua explorarea.<\/p>\n<p>Vederi panoramice \u0219i lacuri senine<\/p>\n<h3><span style=\"color: #ff6600;\">3:00 PM \u2013 4:00 PM: Lacul Magic \u0219i sandboarding<\/span><\/h3>\n<p>Experimenta\u021bi fermec\u0103torul <strong>Lac Magic<\/strong>, numit astfel pentru culorile sale mereu schimb\u0103toare pe parcursul zilei, influen\u021bate de lumina soarelui \u0219i minerale. \u00cenconjurat de dune de nisip aurii, acest loc pitoresc ofer\u0103 oportunit\u0103\u021bi de relaxare \u0219i fotografii uimitoare. Pentru cei aventuro\u0219i, \u00eencerca\u021bi <strong>sandboarding<\/strong>-ul pe dunele moi, ad\u0103ug\u00e2nd o not\u0103 plin\u0103 de emo\u021bie experien\u021bei voastre \u00een de\u0219ert.<\/p>\n<h3><span style=\"color: #ff6600;\">4:15 PM \u2013 5:00 PM: Gebel Al Mudawara<\/span><\/h3>\n<p>Urca\u021bi pe <strong>Gebel Al Mudawara<\/strong>, un munte conic distinctiv care ofer\u0103 vederi panoramice uluitoare asupra \u00eentregii <strong>depresiuni Fayoum<\/strong>, inclusiv a vastului <strong>Lac Qarun (Birket Qarun)<\/strong> \u0219i a peisajului de\u0219ertic \u00eenconjur\u0103tor. Acest punct de vedere ofer\u0103 o perspectiv\u0103 incredibil\u0103 asupra oazei.<\/p>\n<p>\u00centoarcere la Cairo<\/p>\n<h3><span style=\"color: #ff6600;\">5:15 PM: Plecare din Fayoum spre Cairo<\/span><\/h3>\n<p>\u00cencepe\u021bi <strong>transferul<\/strong> vostru <strong>privat<\/strong> confortabil \u00eenapoi la <strong>Cairo<\/strong>, reflect\u00e2nd asupra frumuse\u021bii naturale incredibile \u0219i a istoriei antice la care a\u021bi fost martori pe parcursul \u00eentregii voastre zile.<\/p>\n<h3><span style=\"color: #ff6600;\">7:30 PM \u2013 8:00 PM: L\u0103sare la hotel \u00een Cairo<\/span><\/h3>\n<p>Ajunge\u021bi \u00eenapoi la hotelul vostru, \u00eencheind memorabilul vostru <strong>tur de o zi la Fayoum din Cairo<\/strong>.<\/p>\n<h3><span style=\"color: #ff6600;\">Pre\u021b pentru turul de o zi la Oaza Fayoum din Cairo<\/span><\/h3>\n<ul>\n<li>1 persoan\u0103 165 \u20ac<\/li>\n<li>2 persoane 85 \u20ac fiecare<\/li>\n<li>3 persoane 60 \u20ac fiecare<\/li>\n<li>Maxim 3 persoane<\/li>\n<\/ul>\n<h3><span style=\"color: #ff6600;\">Rezervare<\/span><\/h3>\n<p>V\u0103 pute\u021bi rezerva turul prin WhatsApp sau ne pute\u021bi trimite un e-mail \u0219i ve\u021bi primi confirmarea pe loc.<\/p>\n<p>V\u0103 rug\u0103m s\u0103 ne trimite\u021bi numele hotelului, num\u0103rul camerei, copiile pa\u0219apoartelor.<\/p>\n<p>WhatsApp: +201000852186<\/p>\n<p>info@egytourpackages.com<\/p>\n<h3><span style=\"color: #ff6600;\">Rezerv\u0103 acum \u0219i pl\u0103te\u0219te la fa\u021ba locului<\/span><\/h3>\n<p>Rezerva\u021bi-v\u0103 turul preferat \u0219i pl\u0103ti\u021bi \u00een ziua excursiei.<\/p>\n<h3><span style=\"color: #ff6600;\">Plat\u0103<\/span><\/h3>\n<p>Pute\u021bi pl\u0103ti \u00een lire egiptene, $, \u20ac sau \u00a3.<\/p>\n<h3><span style=\"color: #ff6600;\">Politica de anulare<\/span><\/h3>\n<ul>\n<li>Anularea este gratuit\u0103 cu p\u00e2n\u0103 la 24 de ore \u00een avans.<\/li>\n<li>Anularea de diminea\u021b\u0103 este 50% din pre\u021b.<\/li>\n<\/ul>\n","protected":false},"excerpt":{"rendered":"<p>Evadare din Cairo \u00eentr-o Excursie de o zi la Fayoum din Cairo. Descoper\u0103 Valea Balenelor, Lacul Magic \u0219i istorie antic\u0103. \u0219i singurele cascade din Egipt.<\/p>\n","protected":false},"featured_media":7902,"comment_status":"open","ping_status":"closed","template":"","meta":[],"product_brand":[],"product_cat":[3120],"product_tag":[3203,3253,3783],"class_list":{"0":"post-7901","1":"product","2":"type-product","3":"status-publish","4":"has-post-thumbnail","6":"product_cat-tururi","7":"product_tag-excursii-de-o-zi-in-egipt","8":"product_tag-excursii-de-o-zi-la-cairo","9":"product_tag-excursii-in-fayoum-din-cairo","10":"tour_category-excursii-cairo-ro","11":"tour_category-excursii-de-o-zi-in-egipt-ro","12":"tour_category-excursii-fayoum-din-cairo-ro","14":"first","15":"instock","16":"sale","17":"shipping-taxable","18":"purchasable","19":"product-type-tour","20":"has-default-attributes"},"yoast_head":"<!-- This site is optimized with the Yoast SEO Premium plugin v27.4 (Yoast SEO v27.4) - https:\/\/yoast.com\/product\/yoast-seo-premium-wordpress\/ -->\n<title>Excursie de o zi la Fayoum din Cairo: Egy tour packages<\/title>\n<meta name=\"description\" content=\"Evadare din Cairo \u00eentr-o Excursie de o zi la Fayoum din Cairo. Descoper\u0103 Valea Balenelor, Lacul Magic \u0219i istorie antic\u0103. \u0219i singurele cascade din Egipt.\" \/>\n<meta name=\"robots\" content=\"index, follow, max-snippet:-1, max-image-preview:large, max-video-preview:-1\" \/>\n<link rel=\"canonical\" href=\"https:\/\/egytourpackages.com\/ro\/tours\/excursie-de-o-zi-la-fayoum-din-cairo\/\" \/>\n<meta property=\"og:locale\" content=\"ro_RO\" \/>\n<meta property=\"og:type\" content=\"article\" \/>\n<meta property=\"og:title\" content=\"Excursie de o zi la Fayoum din Cairo\" \/>\n<meta property=\"og:description\" content=\"Evadare din Cairo \u00eentr-o Excursie de o zi la Fayoum din Cairo. Descoper\u0103 Valea Balenelor, Lacul Magic \u0219i istorie antic\u0103. \u0219i singurele cascade din Egipt.\" \/>\n<meta property=\"og:url\" content=\"https:\/\/egytourpackages.com\/ro\/tours\/excursie-de-o-zi-la-fayoum-din-cairo\/\" \/>\n<meta property=\"og:site_name\" content=\"Egypt Tour Packages\" \/>\n<meta property=\"article:publisher\" content=\"https:\/\/www.facebook.com\/egytourpackages\" \/>\n<meta property=\"article:modified_time\" content=\"2026-02-19T22:04:40+00:00\" \/>\n<meta property=\"og:image\" content=\"https:\/\/egytourpackages.com\/wp-content\/uploads\/2024\/07\/Karanis-Fayoum-Oasis.jpg\" \/>\n<meta name=\"twitter:card\" content=\"summary_large_image\" \/>\n<meta name=\"twitter:title\" content=\"Excursie de o zi la Fayoum din Cairo\" \/>\n<meta name=\"twitter:label1\" content=\"Pre\u021b\" \/>\n\t<meta name=\"twitter:data1\" content=\"&euro;100\" \/>\n\t<meta name=\"twitter:label2\" content=\"Disponibilitate\" \/>\n\t<meta name=\"twitter:data2\" content=\"\u00cen stoc\" \/>\n<script type=\"application\/ld+json\" class=\"yoast-schema-graph\">{\"@context\":\"https:\\\/\\\/schema.org\",\"@graph\":[{\"@type\":\"WebPage\",\"@id\":\"https:\\\/\\\/egytourpackages.com\\\/ro\\\/tours\\\/excursie-de-o-zi-la-fayoum-din-cairo\\\/\",\"url\":\"https:\\\/\\\/egytourpackages.com\\\/ro\\\/tours\\\/excursie-de-o-zi-la-fayoum-din-cairo\\\/\",\"name\":\"Excursie de o zi la Fayoum din Cairo: Egy tour packages\",\"isPartOf\":{\"@id\":\"https:\\\/\\\/egytourpackages.com\\\/ro\\\/#website\"},\"primaryImageOfPage\":{\"@id\":\"https:\\\/\\\/egytourpackages.com\\\/ro\\\/tours\\\/excursie-de-o-zi-la-fayoum-din-cairo\\\/#primaryimage\"},\"image\":{\"@id\":\"https:\\\/\\\/egytourpackages.com\\\/ro\\\/tours\\\/excursie-de-o-zi-la-fayoum-din-cairo\\\/#primaryimage\"},\"thumbnailUrl\":\"https:\\\/\\\/egytourpackages.com\\\/wp-content\\\/uploads\\\/2024\\\/07\\\/Karanis-Fayoum-Oasis.jpg\",\"datePublished\":\"2024-07-03T06:57:12+00:00\",\"dateModified\":\"2026-02-19T22:04:40+00:00\",\"description\":\"Evadare din Cairo \u00eentr-o Excursie de o zi la Fayoum din Cairo. Descoper\u0103 Valea Balenelor, Lacul Magic \u0219i istorie antic\u0103. \u0219i singurele cascade din Egipt.\",\"breadcrumb\":{\"@id\":\"https:\\\/\\\/egytourpackages.com\\\/ro\\\/tours\\\/excursie-de-o-zi-la-fayoum-din-cairo\\\/#breadcrumb\"},\"inLanguage\":\"ro-RO\",\"potentialAction\":[{\"@type\":\"ReadAction\",\"target\":[\"https:\\\/\\\/egytourpackages.com\\\/ro\\\/tours\\\/excursie-de-o-zi-la-fayoum-din-cairo\\\/\"]}]},{\"@type\":\"ImageObject\",\"inLanguage\":\"ro-RO\",\"@id\":\"https:\\\/\\\/egytourpackages.com\\\/ro\\\/tours\\\/excursie-de-o-zi-la-fayoum-din-cairo\\\/#primaryimage\",\"url\":\"https:\\\/\\\/egytourpackages.com\\\/wp-content\\\/uploads\\\/2024\\\/07\\\/Karanis-Fayoum-Oasis.jpg\",\"contentUrl\":\"https:\\\/\\\/egytourpackages.com\\\/wp-content\\\/uploads\\\/2024\\\/07\\\/Karanis-Fayoum-Oasis.jpg\",\"width\":800,\"height\":425,\"caption\":\"Excursie de o zi la Fayoum din Cairo\"},{\"@type\":\"BreadcrumbList\",\"@id\":\"https:\\\/\\\/egytourpackages.com\\\/ro\\\/tours\\\/excursie-de-o-zi-la-fayoum-din-cairo\\\/#breadcrumb\",\"itemListElement\":[{\"@type\":\"ListItem\",\"position\":1,\"name\":\"Home\",\"item\":\"https:\\\/\\\/egytourpackages.com\\\/ro\\\/\"},{\"@type\":\"ListItem\",\"position\":2,\"name\":\"Shop\",\"item\":\"https:\\\/\\\/egytourpackages.com\\\/shop\\\/\"},{\"@type\":\"ListItem\",\"position\":3,\"name\":\"Excursie de o zi la Fayoum din Cairo\"}]},{\"@type\":\"WebSite\",\"@id\":\"https:\\\/\\\/egytourpackages.com\\\/ro\\\/#website\",\"url\":\"https:\\\/\\\/egytourpackages.com\\\/ro\\\/\",\"name\":\"Egy tour packages\",\"description\":\"\",\"publisher\":{\"@id\":\"https:\\\/\\\/egytourpackages.com\\\/ro\\\/#organization\"},\"potentialAction\":[{\"@type\":\"SearchAction\",\"target\":{\"@type\":\"EntryPoint\",\"urlTemplate\":\"https:\\\/\\\/egytourpackages.com\\\/ro\\\/?s={search_term_string}\"},\"query-input\":{\"@type\":\"PropertyValueSpecification\",\"valueRequired\":true,\"valueName\":\"search_term_string\"}}],\"inLanguage\":\"ro-RO\"},{\"@type\":[\"Organization\",\"Place\",\"TravelAgency\"],\"@id\":\"https:\\\/\\\/egytourpackages.com\\\/ro\\\/#organization\",\"name\":\"egypt tour packages\",\"alternateName\":\"egypt tour packages\",\"url\":\"https:\\\/\\\/egytourpackages.com\\\/ro\\\/\",\"logo\":{\"@id\":\"https:\\\/\\\/egytourpackages.com\\\/ro\\\/tours\\\/excursie-de-o-zi-la-fayoum-din-cairo\\\/#local-main-organization-logo\"},\"image\":{\"@id\":\"https:\\\/\\\/egytourpackages.com\\\/ro\\\/tours\\\/excursie-de-o-zi-la-fayoum-din-cairo\\\/#local-main-organization-logo\"},\"sameAs\":[\"https:\\\/\\\/www.facebook.com\\\/egytourpackages\"],\"legalName\":\"Egy tour packages\",\"address\":{\"@id\":\"https:\\\/\\\/egytourpackages.com\\\/ro\\\/tours\\\/excursie-de-o-zi-la-fayoum-din-cairo\\\/#local-main-place-address\"},\"telephone\":[\"00201000852186\",\"00201028685533\"],\"contactPoint\":{\"@type\":\"ContactPoint\",\"telephone\":\"00201000852186\"},\"openingHoursSpecification\":[{\"@type\":\"OpeningHoursSpecification\",\"dayOfWeek\":[\"Monday\",\"Tuesday\",\"Wednesday\",\"Thursday\",\"Friday\",\"Saturday\",\"Sunday\"],\"opens\":\"00:00\",\"closes\":\"23:59\"}],\"email\":\"info@egytourpackages.com\",\"areaServed\":\"Cairo, Hurghada, Luxor, Sharm El Sheikh, Marsa Alam, Aswan\",\"priceRange\":\"$\",\"currenciesAccepted\":\"euro\",\"paymentAccepted\":\"Payment links online\"},{\"@type\":\"PostalAddress\",\"@id\":\"https:\\\/\\\/egytourpackages.com\\\/ro\\\/tours\\\/excursie-de-o-zi-la-fayoum-din-cairo\\\/#local-main-place-address\",\"streetAddress\":\"Mubarak 8, Al Kawthar District, Hurghada\",\"addressLocality\":\"Hurghada\",\"postalCode\":\"84511\",\"addressRegion\":\"Red Sea\",\"addressCountry\":\"EG\"},{\"@type\":\"ImageObject\",\"inLanguage\":\"ro-RO\",\"@id\":\"https:\\\/\\\/egytourpackages.com\\\/ro\\\/tours\\\/excursie-de-o-zi-la-fayoum-din-cairo\\\/#local-main-organization-logo\",\"url\":\"https:\\\/\\\/egytourpackages.com\\\/wp-content\\\/uploads\\\/2025\\\/12\\\/Turquoise-Dahabiya-Nile-Cruise-1.jpeg\",\"contentUrl\":\"https:\\\/\\\/egytourpackages.com\\\/wp-content\\\/uploads\\\/2025\\\/12\\\/Turquoise-Dahabiya-Nile-Cruise-1.jpeg\",\"width\":1040,\"height\":694,\"caption\":\"egypt tour packages\"}]}<\/script>\n<meta property=\"product:brand\" content=\"Excursii Cairo\" \/>\n<meta property=\"product:price:amount\" content=\"100\" \/>\n<meta property=\"product:price:currency\" content=\"EUR\" \/>\n<meta property=\"og:availability\" content=\"instock\" \/>\n<meta property=\"product:availability\" content=\"instock\" \/>\n<meta property=\"product:retailer_item_id\" content=\"CDT05\" \/>\n<meta property=\"product:condition\" content=\"new\" \/>\n<meta name=\"geo.placename\" content=\"Hurghada\" \/>\n<meta name=\"geo.region\" content=\"Egipt\" \/>\n<!-- \/ Yoast SEO Premium plugin. -->","yoast_head_json":{"title":"Excursie de o zi la Fayoum din Cairo: Egy tour packages","description":"Evadare din Cairo \u00eentr-o Excursie de o zi la Fayoum din Cairo. Descoper\u0103 Valea Balenelor, Lacul Magic \u0219i istorie antic\u0103. \u0219i singurele cascade din Egipt.","robots":{"index":"index","follow":"follow","max-snippet":"max-snippet:-1","max-image-preview":"max-image-preview:large","max-video-preview":"max-video-preview:-1"},"canonical":"https:\/\/egytourpackages.com\/ro\/tours\/excursie-de-o-zi-la-fayoum-din-cairo\/","og_locale":"ro_RO","og_type":"article","og_title":"Excursie de o zi la Fayoum din Cairo","og_description":"Evadare din Cairo \u00eentr-o Excursie de o zi la Fayoum din Cairo. Descoper\u0103 Valea Balenelor, Lacul Magic \u0219i istorie antic\u0103. \u0219i singurele cascade din Egipt.","og_url":"https:\/\/egytourpackages.com\/ro\/tours\/excursie-de-o-zi-la-fayoum-din-cairo\/","og_site_name":"Egypt Tour Packages","article_publisher":"https:\/\/www.facebook.com\/egytourpackages","article_modified_time":"2026-02-19T22:04:40+00:00","og_image":[{"url":"https:\/\/egytourpackages.com\/wp-content\/uploads\/2024\/07\/Karanis-Fayoum-Oasis.jpg","type":"","width":"","height":""}],"twitter_card":"summary_large_image","twitter_title":"Excursie de o zi la Fayoum din Cairo","twitter_misc":{"Pre\u021b":"&euro;100","Disponibilitate":"\u00cen stoc"},"schema":{"@context":"https:\/\/schema.org","@graph":[{"@type":"WebPage","@id":"https:\/\/egytourpackages.com\/ro\/tours\/excursie-de-o-zi-la-fayoum-din-cairo\/","url":"https:\/\/egytourpackages.com\/ro\/tours\/excursie-de-o-zi-la-fayoum-din-cairo\/","name":"Excursie de o zi la Fayoum din Cairo: Egy tour packages","isPartOf":{"@id":"https:\/\/egytourpackages.com\/ro\/#website"},"primaryImageOfPage":{"@id":"https:\/\/egytourpackages.com\/ro\/tours\/excursie-de-o-zi-la-fayoum-din-cairo\/#primaryimage"},"image":{"@id":"https:\/\/egytourpackages.com\/ro\/tours\/excursie-de-o-zi-la-fayoum-din-cairo\/#primaryimage"},"thumbnailUrl":"https:\/\/egytourpackages.com\/wp-content\/uploads\/2024\/07\/Karanis-Fayoum-Oasis.jpg","datePublished":"2024-07-03T06:57:12+00:00","dateModified":"2026-02-19T22:04:40+00:00","description":"Evadare din Cairo \u00eentr-o Excursie de o zi la Fayoum din Cairo. Descoper\u0103 Valea Balenelor, Lacul Magic \u0219i istorie antic\u0103. \u0219i singurele cascade din Egipt.","breadcrumb":{"@id":"https:\/\/egytourpackages.com\/ro\/tours\/excursie-de-o-zi-la-fayoum-din-cairo\/#breadcrumb"},"inLanguage":"ro-RO","potentialAction":[{"@type":"ReadAction","target":["https:\/\/egytourpackages.com\/ro\/tours\/excursie-de-o-zi-la-fayoum-din-cairo\/"]}]},{"@type":"ImageObject","inLanguage":"ro-RO","@id":"https:\/\/egytourpackages.com\/ro\/tours\/excursie-de-o-zi-la-fayoum-din-cairo\/#primaryimage","url":"https:\/\/egytourpackages.com\/wp-content\/uploads\/2024\/07\/Karanis-Fayoum-Oasis.jpg","contentUrl":"https:\/\/egytourpackages.com\/wp-content\/uploads\/2024\/07\/Karanis-Fayoum-Oasis.jpg","width":800,"height":425,"caption":"Excursie de o zi la Fayoum din Cairo"},{"@type":"BreadcrumbList","@id":"https:\/\/egytourpackages.com\/ro\/tours\/excursie-de-o-zi-la-fayoum-din-cairo\/#breadcrumb","itemListElement":[{"@type":"ListItem","position":1,"name":"Home","item":"https:\/\/egytourpackages.com\/ro\/"},{"@type":"ListItem","position":2,"name":"Shop","item":"https:\/\/egytourpackages.com\/shop\/"},{"@type":"ListItem","position":3,"name":"Excursie de o zi la Fayoum din Cairo"}]},{"@type":"WebSite","@id":"https:\/\/egytourpackages.com\/ro\/#website","url":"https:\/\/egytourpackages.com\/ro\/","name":"Egy tour packages","description":"","publisher":{"@id":"https:\/\/egytourpackages.com\/ro\/#organization"},"potentialAction":[{"@type":"SearchAction","target":{"@type":"EntryPoint","urlTemplate":"https:\/\/egytourpackages.com\/ro\/?s={search_term_string}"},"query-input":{"@type":"PropertyValueSpecification","valueRequired":true,"valueName":"search_term_string"}}],"inLanguage":"ro-RO"},{"@type":["Organization","Place","TravelAgency"],"@id":"https:\/\/egytourpackages.com\/ro\/#organization","name":"egypt tour packages","alternateName":"egypt tour packages","url":"https:\/\/egytourpackages.com\/ro\/","logo":{"@id":"https:\/\/egytourpackages.com\/ro\/tours\/excursie-de-o-zi-la-fayoum-din-cairo\/#local-main-organization-logo"},"image":{"@id":"https:\/\/egytourpackages.com\/ro\/tours\/excursie-de-o-zi-la-fayoum-din-cairo\/#local-main-organization-logo"},"sameAs":["https:\/\/www.facebook.com\/egytourpackages"],"legalName":"Egy tour packages","address":{"@id":"https:\/\/egytourpackages.com\/ro\/tours\/excursie-de-o-zi-la-fayoum-din-cairo\/#local-main-place-address"},"telephone":["00201000852186","00201028685533"],"contactPoint":{"@type":"ContactPoint","telephone":"00201000852186"},"openingHoursSpecification":[{"@type":"OpeningHoursSpecification","dayOfWeek":["Monday","Tuesday","Wednesday","Thursday","Friday","Saturday","Sunday"],"opens":"00:00","closes":"23:59"}],"email":"info@egytourpackages.com","areaServed":"Cairo, Hurghada, Luxor, Sharm El Sheikh, Marsa Alam, Aswan","priceRange":"$","currenciesAccepted":"euro","paymentAccepted":"Payment links online"},{"@type":"PostalAddress","@id":"https:\/\/egytourpackages.com\/ro\/tours\/excursie-de-o-zi-la-fayoum-din-cairo\/#local-main-place-address","streetAddress":"Mubarak 8, Al Kawthar District, Hurghada","addressLocality":"Hurghada","postalCode":"84511","addressRegion":"Red Sea","addressCountry":"EG"},{"@type":"ImageObject","inLanguage":"ro-RO","@id":"https:\/\/egytourpackages.com\/ro\/tours\/excursie-de-o-zi-la-fayoum-din-cairo\/#local-main-organization-logo","url":"https:\/\/egytourpackages.com\/wp-content\/uploads\/2025\/12\/Turquoise-Dahabiya-Nile-Cruise-1.jpeg","contentUrl":"https:\/\/egytourpackages.com\/wp-content\/uploads\/2025\/12\/Turquoise-Dahabiya-Nile-Cruise-1.jpeg","width":1040,"height":694,"caption":"egypt tour packages"}]},"product_brand":"Excursii Cairo","product_price_amount":"100","product_price_currency":"EUR","og_availability":"instock","product_availability":"instock","product_retailer_item_id":"CDT05","product_condition":"new","geo.placename":"Hurghada","geo.region":"Egipt"},"_links":{"self":[{"href":"https:\/\/egytourpackages.com\/ro\/wp-json\/wp\/v2\/product\/7901","targetHints":{"allow":["GET"]}}],"collection":[{"href":"https:\/\/egytourpackages.com\/ro\/wp-json\/wp\/v2\/product"}],"about":[{"href":"https:\/\/egytourpackages.com\/ro\/wp-json\/wp\/v2\/types\/product"}],"replies":[{"embeddable":true,"href":"https:\/\/egytourpackages.com\/ro\/wp-json\/wp\/v2\/comments?post=7901"}],"wp:featuredmedia":[{"embeddable":true,"href":"https:\/\/egytourpackages.com\/ro\/wp-json\/wp\/v2\/media\/7902"}],"wp:attachment":[{"href":"https:\/\/egytourpackages.com\/ro\/wp-json\/wp\/v2\/media?parent=7901"}],"wp:term":[{"taxonomy":"product_brand","embeddable":true,"href":"https:\/\/egytourpackages.com\/ro\/wp-json\/wp\/v2\/product_brand?post=7901"},{"taxonomy":"product_cat","embeddable":true,"href":"https:\/\/egytourpackages.com\/ro\/wp-json\/wp\/v2\/product_cat?post=7901"},{"taxonomy":"product_tag","embeddable":true,"href":"https:\/\/egytourpackages.com\/ro\/wp-json\/wp\/v2\/product_tag?post=7901"}],"curies":[{"name":"wp","href":"https:\/\/api.w.org\/{rel}","templated":true}]}}