{"id":8222,"date":"2024-06-19T17:32:40","date_gmt":"2024-06-19T17:32:40","guid":{"rendered":"https:\/\/egytourpackages.com\/product\/croaziera-de-4-zile-pe-lacul-nasser-abu-simbel-si-aswan\/"},"modified":"2026-01-12T23:38:25","modified_gmt":"2026-01-12T23:38:25","slug":"croaziera-de-4-zile-pe-lacul-nasser-abu-simbel-si-aswan","status":"publish","type":"product","link":"https:\/\/egytourpackages.com\/ro\/tours\/croaziera-de-4-zile-pe-lacul-nasser-abu-simbel-si-aswan\/","title":{"rendered":"Croazier\u0103 de 4 Zile pe Lacul Nasser: Abu Simbel \u0219i Aswan"},"content":{"rendered":"<p><span style=\"color: #ff6600;\"><strong>Croazier\u0103 de 4 Zile pe Lacul Nasser: Abu Simbel \u0219i Aswan<\/strong><\/span><\/p>\n<p>Rezervarea unei <strong>croaziere de 4 zile pe Lacul Nasser, \u00eentre Abu Simbel \u0219i Aswan<\/strong>, este cea mai bun\u0103 op\u021biune pentru a v\u0103 relaxa \u0219i a v\u0103 bucura de o vizit\u0103 complet\u0103 la toate <strong>templele nubiene<\/strong> \u0219i <strong>siturile istorice egiptene<\/strong> cu ajutorul <strong>excursiilor \u00een Egipt<\/strong>.<\/p>\n<p>Descoperi\u021bi leag\u0103nul <strong>civiliza\u021biei egiptene antice<\/strong> navig\u00e2nd pe apele lini\u0219tite ale <strong>Lacului Nasser<\/strong>, o alternativ\u0103 unic\u0103 la <strong>croazierele tradi\u021bionale pe Nil<\/strong>. De fapt, <strong>ofertele noastre de croazier\u0103 pe Lacul Nasser<\/strong> v\u0103 ofer\u0103 o oportunitate inegalabil\u0103 de a admira repere iconice, inclusiv magnificele <strong>Temple de la Abu Simbel<\/strong>, captivantul <strong>Templu Wadi El Seboua<\/strong>, fascinantul <strong>Beit El Wali<\/strong> \u0219i renumitul <strong>Templu Kalabsha<\/strong>.<\/p>\n<p>Fiind un furnizor de top de <strong>tururi \u00een Egipt<\/strong> \u0219i <strong>vacan\u021be cu croazier\u0103 pe Nil<\/strong>, ne angaj\u0103m s\u0103 oferim servicii excep\u021bionale. <strong>Aventura dumneavoastr\u0103 pe Lacul Nasser<\/strong> include un <strong>ghid egiptolog<\/strong> expert, asigur\u00e2nd o experien\u021b\u0103 \u00eembog\u0103\u021bitoare \u0219i educativ\u0103, care va crea <strong>amintiri de neuitat<\/strong>.<\/p>\n<p>Asigura\u021bi-v\u0103 <strong>rezervarea croazierei pe Lacul Nasser<\/strong> ast\u0103zi \u0219i beneficia\u021bi de <strong>suport clien\u021bi 24\/7<\/strong>, <strong>confirmare instantanee<\/strong> \u0219i op\u021biuni de <strong>rezervare gratuit\u0103<\/strong>. Explora\u021bi <strong>ce e mai bun din Egipt<\/strong> cu pachetele noastre de <strong>croazier\u0103 de la Abu Simbel la Aswan<\/strong>, foarte bine cotate, \u0219i p\u0103trunde\u021bi ad\u00e2nc \u00een inima <strong>Egiptului Antic<\/strong>.<\/p>\n<h3><span style=\"color: #ff6600;\">Detalii Tur<\/span><\/h3>\n<ul>\n<li>Durat\u0103: 4 Zile \/ 3 Nop\u021bi<\/li>\n<li>Loca\u021bia Turului: Abu Simbel Aswan \u00een fiecare vineri<\/li>\n<li>Disponibilitate Tur: La cerere<\/li>\n<li>Preluare \u0219i Predare: Aswan \/ Aswan<\/li>\n<li>Tipul Turului: Privat<\/li>\n<li><strong>Limb\u0103: Rom\u00e2n\u0103<\/strong><\/li>\n<li>Potrivit pentru: Cupluri, Familii, Seniori<\/li>\n<li>Scaun cu rotile: Accesibil<\/li>\n<\/ul>\n<h3><span style=\"color: #ff6600;\">Repere ale Turului<\/span><\/h3>\n<ul>\n<li>Templele Abu Simbel<\/li>\n<li>Kasr Ibrim<\/li>\n<li>Templul Amada<\/li>\n<li>Templul Wadi El Seboua<\/li>\n<li>Templul Dakka<\/li>\n<li>Templul Muharraq<\/li>\n<li>Templul Kalabsha<\/li>\n<li>Beit El Wali<\/li>\n<li>Chio\u0219cul Kertassi<\/li>\n<\/ul>\n<h3><span style=\"color: #ff6600;\">Incluse \u00een acest tur<\/span><\/h3>\n<ul>\n<li>Servicii de \u00eent\u00e2mpinare \u0219i asisten\u021b\u0103 la sosire \u0219i plecare<\/li>\n<li>Transferuri dus-\u00eentors cu vehicul modern cu A\/C<\/li>\n<li>3 nop\u021bi la bordul unei croaziere de 5***** pe Nil cu pensiune complet\u0103<\/li>\n<li>Taxe de intrare pentru toate obiectivele turistice<\/li>\n<li><strong>Ghid turistic egiptolog vorbitor de limba rom\u00e2n\u0103<\/strong><\/li>\n<\/ul>\n<h3><span style=\"color: #ff6600;\">Neincluse \u00een acest tur<\/span><\/h3>\n<ul>\n<li>B\u0103uturile la bord<\/li>\n<li>Taxa de intrare pentru spectacolul de sunet \u0219i lumin\u0103 de la Abu Simbel<\/li>\n<li>Bac\u0219i\u0219uri conform tradi\u021biilor locale<\/li>\n<\/ul>\n<h3><span style=\"color: #ff6600;\">Ce s\u0103 \u00eempacheta\u021bi<\/span><\/h3>\n<ul>\n<li>Pantofi \u0219i haine confortabile<\/li>\n<li>Haine groase pentru iarn\u0103<\/li>\n<li>Ochelari de soare<\/li>\n<li>P\u0103l\u0103rie sau e\u0219arf\u0103<\/li>\n<li>Crem\u0103 de soare<\/li>\n<\/ul>\n<h2><span style=\"color: #ff6600;\">Itinerariu<\/span><\/h2>\n<h3><span style=\"color: #ff6600;\">Ziua 1, Aswan Abu Simbel<\/span><\/h3>\n<p>Ghidul dumneavoastr\u0103 de la Egy tour packages v\u0103 va \u00eent\u00e2lni \u00een Aswan pentru a v\u0103 \u00eenso\u021bi \u00een satul Abu Simbel, unde ve\u021bi \u00eencepe <strong>Croaziera de 4 Zile pe Lacul Nasser, de la Abu Simbel la Aswan<\/strong>. La sosire, v\u0103 ve\u021bi caza \u0219i v\u0103 ve\u021bi bucura de pr\u00e2nz la bordul croazierei pe Nil. Ulterior, ve\u021bi \u00eencepe turul la Abu Simbel al\u0103turi de ghidul dumneavoastr\u0103 arheolog, care v\u0103 va oferi o mul\u021bime de informa\u021bii pentru a v\u0103 explica totul despre temple. Templele nu se mai afl\u0103 \u00een locul lor original, ci au fost t\u0103iate, mutate \u0219i reconstruite la 220 de metri \u00een spatele locului ini\u021bial \u0219i la o altitudine de 65 de metri mai mare.<\/p>\n<p>De fapt, cele dou\u0103 temple au fost construite de Faraonul Ramses cel Mare, unul pentru el, ca zeu al\u0103turi de Amun, Rahorakhty \u0219i Ptah, iar cel de-al doilea pentru so\u021bia sa Nefertari, ca Hathor. Ve\u021bi avea timp s\u0103 v\u0103 bucura\u021bi de vizita la cele dou\u0103 temple \u00eenainte de a v\u0103 \u00eentoarce la croaziera pe Nil pentru cin\u0103 \u0219i cazare peste noapte. De asemenea, exist\u0103 posibilitatea de a participa la spectacolul de sunet \u0219i lumin\u0103 de la Abu Simbel, contra cost.<\/p>\n<p><strong>Mese: <\/strong>pr\u00e2nz, cin\u0103<\/p>\n<h3><span style=\"color: #ff6600;\">Ziua 2, Kasr Ibrim \u2013 Amada \u2013 Wadi El Seboua<\/span><\/h3>\n<p>Bucura\u021bi-v\u0103 de micul dejun la bordul croazierei pe Nil \u00eenainte ca vasul s\u0103 navigheze aproximativ 230 km spre Kasr Ibrim. Din p\u0103cate, situl nu este deschis, dar croaziera se va opri \u00een apropierea templului pentru a v\u0103 permite s\u0103 face\u021bi fotografii de pe punte. Urm\u0103toarea oprire va fi <strong>Templul Amada<\/strong>, cel mai vechi templu nubian de pe malul de vest al r\u00e2ului Nil, dat\u00e2nd din timpul domniei lui Thutmosis al III-lea \u0219i Amenophis al II-lea (Dinastia a 18-a). Templul a fost dedicat zeului Amon Ra \u0219i zeului Ra Hor Akhty.<\/p>\n<p>Apoi, ve\u021bi continua spre <strong>Templul El Derr<\/strong>, care este grav deteriorat. Turul va continua la morm\u00e2ntul lui Penout, un puternic vicerege nubian care a fost responsabil cu aprovizionarea cu piatr\u0103 pentru statuile lui Ramses al VI-lea \u00een secolul al XI-lea \u00ee.Hr. Morm\u00e2ntul are picturi foarte frumoase \u0219i vii despre via\u021ba nubian\u0103 \u0219i o mul\u021bime de scene din via\u021ba de dup\u0103 moarte. Bucura\u021bi-v\u0103 de pr\u00e2nz la bord \u0219i naviga\u021bi spre Wadi El Seboua pentru \u00eennoptare.<\/p>\n<p><strong>Mese: <\/strong>mic dejun, pr\u00e2nz, cin\u0103<\/p>\n<h3><span style=\"color: #ff6600;\">Ziua 3, Wadi El Seboua<\/span><\/h3>\n<p>Bucura\u021bi-v\u0103 de micul dejun la bord, apoi al\u0103tura\u021bi-v\u0103 ghidului dumneavoastr\u0103 pentru vizita la unul dintre templele mutate dup\u0103 construirea Marelui Baraj de la Aswan, <strong>Wadi El Seboua<\/strong>. De fapt, templul este al doilea cel mai mare dintre templele nubiene, dup\u0103 marele templu de la Abu Simbel. A fost dedicat zeului Amon Ra \u0219i zeului Ra Hor Akhty. Dup\u0103 aceea, ve\u021bi vizita <strong>Templul Dakka<\/strong> \u0219i <strong>Templul Muharraq<\/strong>, nu departe de Wadi El Seboua. Bucura\u021bi-v\u0103 de pr\u00e2nz la bordul croazierei, apoi naviga\u021bi spre Aswan pentru \u00eennoptare.<\/p>\n<p><strong>Mese: <\/strong>mic dejun, pr\u00e2nz, cin\u0103<\/p>\n<h3><span style=\"color: #ff6600;\">Ziua 4, Debarcare<\/span><\/h3>\n<p>Bucura\u021bi-v\u0103 de ultimul mic dejun la bord, apoi \u00eencepe\u021bi turul c\u0103tre cel mai mare templu independent din Nubia, <strong>Templul Kalabsha<\/strong>. Dup\u0103 aceea, \u00een acela\u0219i loc \u0219i \u00een spatele Templului Kalabsha, se afl\u0103 un alt templu frumos, dat\u00e2nd din secolul al XIII-lea, numit <strong>Beit El Wali<\/strong>. Templul Beit El Wali a fost dedicat \u00eenchin\u0103rii zeilor Amun, Regele Zeilor, \u0219i zeului Khnum. Apoi ve\u021bi \u00eencheia turul cu <strong>Chio\u0219cul Kertassi<\/strong> \u00eenainte de a v\u0103 transfera la loca\u021bia dorit\u0103 \u00een Aswan.<\/p>\n<p><strong>Mese: mic dejun<\/strong><\/p>\n<h3><span style=\"color: #ff6600;\">Pre\u021bul Croazierei de 4 Zile pe Lacul Nasser, Abu Simbel Aswan<\/span><\/h3>\n<ul>\n<li>Pre\u021b pentru adult: = 950 \u20ac\u200e<\/li>\n<li>Pre\u021b pentru copii 5 -11 ani: = 50% din pre\u021bul pentru adult<\/li>\n<li>Pre\u021b pentru bebelu\u0219i 0-5 ani: = gratuit<\/li>\n<\/ul>\n<h3><span style=\"color: #ff6600;\">Rezervare<\/span><\/h3>\n<p>Pute\u021bi rezerva turul prin WhatsApp sau trimi\u021b\u00e2ndu-ne un e-mail \u0219i ve\u021bi primi confirmarea pe loc. V\u0103 rug\u0103m s\u0103 ne trimite\u021bi numele hotelului dumneavoastr\u0103, num\u0103rul camerei \u0219i copiile pa\u0219apoartelor.<\/p>\n<p><strong>WhatsApp:<\/strong> +201000852186<\/p>\n<p>info@egytourpackages.com<\/p>\n<h3><span style=\"color: #ff6600;\">Rezerva\u021bi Acum &amp; Pl\u0103ti\u021bi pe Loc<\/span><\/h3>\n<p>Rezerva\u021bi turul preferat \u0219i pl\u0103ti\u021bi \u00een ziua excursiei.<\/p>\n<h3><span style=\"color: #ff6600;\">Plat\u0103<\/span><\/h3>\n<p>Pute\u021bi pl\u0103ti \u00een lire egiptene, $, \u20ac\u200e sau \u00a3.<\/p>\n<h3><span style=\"color: #ff6600;\">Politica de Anulare<\/span><\/h3>\n<ul>\n<li>Anularea este gratuit\u0103 cu p\u00e2n\u0103 la dou\u0103 s\u0103pt\u0103m\u00e2ni \u00eenainte<\/li>\n<li>Anularea \u00een diminea\u021ba zilei respective atrage o penalizare de 100% din pre\u021b<\/li>\n<\/ul>\n","protected":false},"excerpt":{"rendered":"<p>Croazier\u0103 de 4 Zile pe Lacul Nasser: Abu Simbel \u0219i Aswan, cu explorarea templelor antice. Descoperi\u021bi Abu Simbel \u0219i Aswan \u00eentr-o c\u0103l\u0103torie unic\u0103.<\/p>\n","protected":false},"featured_media":8223,"comment_status":"open","ping_status":"closed","template":"","meta":[],"product_brand":[],"product_cat":[3120],"product_tag":[3232,3204,3196,3122],"class_list":{"0":"post-8222","1":"product","2":"type-product","3":"status-publish","4":"has-post-thumbnail","6":"product_cat-tururi","7":"product_tag-pachet-vacanta-egipt","8":"product_tag-pachete-de-vacanta-in-egipt","9":"product_tag-turul-templului-abu-simbel","10":"product_tag-tururi-croaziere-pe-nil-in-egipt","11":"tour_category-croaziere-pe-nil-in-egipt-ro","12":"tour_category-croaziere-pe-nil-in-luxor-si-aswan","13":"tour_category-pachete-sejur-egipt-4-zile","14":"tour_category-pachete-tururi-egipt-ro","16":"first","17":"instock","18":"sale","19":"shipping-taxable","20":"purchasable","21":"product-type-tour","22":"has-default-attributes"},"yoast_head":"<!-- This site is optimized with the Yoast SEO Premium plugin v27.4 (Yoast SEO v27.4) - https:\/\/yoast.com\/product\/yoast-seo-premium-wordpress\/ -->\n<title>Croazier\u0103 de 4 Zile pe Lacul Nasser: Abu Simbel \u0219i Aswan<\/title>\n<meta name=\"description\" content=\"Croazier\u0103 de 4 Zile pe Lacul Nasser: Abu Simbel \u0219i Aswan, cu explorarea templelor antice. Descoperi\u021bi Abu Simbel \u0219i Aswan \u00eentr-o c\u0103l\u0103torie unic\u0103.\" \/>\n<meta name=\"robots\" content=\"index, follow, max-snippet:-1, max-image-preview:large, max-video-preview:-1\" \/>\n<link rel=\"canonical\" href=\"https:\/\/egytourpackages.com\/ro\/tours\/croaziera-de-4-zile-pe-lacul-nasser-abu-simbel-si-aswan\/\" \/>\n<meta property=\"og:locale\" content=\"ro_RO\" \/>\n<meta property=\"og:type\" content=\"article\" \/>\n<meta property=\"og:title\" content=\"Croazier\u0103 de 4 Zile pe Lacul Nasser: Abu Simbel \u0219i Aswan\" \/>\n<meta property=\"og:description\" content=\"Croazier\u0103 de 4 Zile pe Lacul Nasser: Abu Simbel \u0219i Aswan, cu explorarea templelor antice. Descoperi\u021bi Abu Simbel \u0219i Aswan \u00eentr-o c\u0103l\u0103torie unic\u0103.\" \/>\n<meta property=\"og:url\" content=\"https:\/\/egytourpackages.com\/ro\/tours\/croaziera-de-4-zile-pe-lacul-nasser-abu-simbel-si-aswan\/\" \/>\n<meta property=\"og:site_name\" content=\"Egypt Tour Packages\" \/>\n<meta property=\"article:publisher\" content=\"https:\/\/www.facebook.com\/egytourpackages\" \/>\n<meta property=\"article:modified_time\" content=\"2026-01-12T23:38:25+00:00\" \/>\n<meta property=\"og:image\" content=\"https:\/\/egytourpackages.com\/wp-content\/uploads\/2024\/06\/Abu-Simbel-temple-1024x683.jpg\" \/>\n<meta name=\"twitter:card\" content=\"summary_large_image\" \/>\n<meta name=\"twitter:title\" content=\"Croazier\u0103 de 4 Zile pe Lacul Nasser: Abu Simbel \u0219i Aswan\" \/>\n<meta name=\"twitter:label1\" content=\"Pre\u021b\" \/>\n\t<meta name=\"twitter:data1\" content=\"&euro;950\" \/>\n\t<meta name=\"twitter:label2\" content=\"Disponibilitate\" \/>\n\t<meta name=\"twitter:data2\" content=\"\u00cen stoc\" \/>\n<script type=\"application\/ld+json\" class=\"yoast-schema-graph\">{\"@context\":\"https:\\\/\\\/schema.org\",\"@graph\":[{\"@type\":\"WebPage\",\"@id\":\"https:\\\/\\\/egytourpackages.com\\\/ro\\\/tours\\\/croaziera-de-4-zile-pe-lacul-nasser-abu-simbel-si-aswan\\\/\",\"url\":\"https:\\\/\\\/egytourpackages.com\\\/ro\\\/tours\\\/croaziera-de-4-zile-pe-lacul-nasser-abu-simbel-si-aswan\\\/\",\"name\":\"Croazier\u0103 de 4 Zile pe Lacul Nasser: Abu Simbel \u0219i Aswan\",\"isPartOf\":{\"@id\":\"https:\\\/\\\/egytourpackages.com\\\/ro\\\/#website\"},\"primaryImageOfPage\":{\"@id\":\"https:\\\/\\\/egytourpackages.com\\\/ro\\\/tours\\\/croaziera-de-4-zile-pe-lacul-nasser-abu-simbel-si-aswan\\\/#primaryimage\"},\"image\":{\"@id\":\"https:\\\/\\\/egytourpackages.com\\\/ro\\\/tours\\\/croaziera-de-4-zile-pe-lacul-nasser-abu-simbel-si-aswan\\\/#primaryimage\"},\"thumbnailUrl\":\"https:\\\/\\\/egytourpackages.com\\\/wp-content\\\/uploads\\\/2024\\\/06\\\/Abu-Simbel-temple.jpg\",\"datePublished\":\"2024-06-19T17:32:40+00:00\",\"dateModified\":\"2026-01-12T23:38:25+00:00\",\"description\":\"Croazier\u0103 de 4 Zile pe Lacul Nasser: Abu Simbel \u0219i Aswan, cu explorarea templelor antice. Descoperi\u021bi Abu Simbel \u0219i Aswan \u00eentr-o c\u0103l\u0103torie unic\u0103.\",\"breadcrumb\":{\"@id\":\"https:\\\/\\\/egytourpackages.com\\\/ro\\\/tours\\\/croaziera-de-4-zile-pe-lacul-nasser-abu-simbel-si-aswan\\\/#breadcrumb\"},\"inLanguage\":\"ro-RO\",\"potentialAction\":[{\"@type\":\"ReadAction\",\"target\":[\"https:\\\/\\\/egytourpackages.com\\\/ro\\\/tours\\\/croaziera-de-4-zile-pe-lacul-nasser-abu-simbel-si-aswan\\\/\"]}]},{\"@type\":\"ImageObject\",\"inLanguage\":\"ro-RO\",\"@id\":\"https:\\\/\\\/egytourpackages.com\\\/ro\\\/tours\\\/croaziera-de-4-zile-pe-lacul-nasser-abu-simbel-si-aswan\\\/#primaryimage\",\"url\":\"https:\\\/\\\/egytourpackages.com\\\/wp-content\\\/uploads\\\/2024\\\/06\\\/Abu-Simbel-temple.jpg\",\"contentUrl\":\"https:\\\/\\\/egytourpackages.com\\\/wp-content\\\/uploads\\\/2024\\\/06\\\/Abu-Simbel-temple.jpg\",\"width\":1950,\"height\":1300,\"caption\":\"Croazier\u0103 de 4 Zile pe Lacul Nasser: Abu Simbel \u0219i Aswan\"},{\"@type\":\"BreadcrumbList\",\"@id\":\"https:\\\/\\\/egytourpackages.com\\\/ro\\\/tours\\\/croaziera-de-4-zile-pe-lacul-nasser-abu-simbel-si-aswan\\\/#breadcrumb\",\"itemListElement\":[{\"@type\":\"ListItem\",\"position\":1,\"name\":\"Home\",\"item\":\"https:\\\/\\\/egytourpackages.com\\\/ro\\\/\"},{\"@type\":\"ListItem\",\"position\":2,\"name\":\"Shop\",\"item\":\"https:\\\/\\\/egytourpackages.com\\\/shop\\\/\"},{\"@type\":\"ListItem\",\"position\":3,\"name\":\"Croazier\u0103 de 4 Zile pe Lacul Nasser: Abu Simbel \u0219i Aswan\"}]},{\"@type\":\"WebSite\",\"@id\":\"https:\\\/\\\/egytourpackages.com\\\/ro\\\/#website\",\"url\":\"https:\\\/\\\/egytourpackages.com\\\/ro\\\/\",\"name\":\"Egy tour packages\",\"description\":\"\",\"publisher\":{\"@id\":\"https:\\\/\\\/egytourpackages.com\\\/ro\\\/#organization\"},\"potentialAction\":[{\"@type\":\"SearchAction\",\"target\":{\"@type\":\"EntryPoint\",\"urlTemplate\":\"https:\\\/\\\/egytourpackages.com\\\/ro\\\/?s={search_term_string}\"},\"query-input\":{\"@type\":\"PropertyValueSpecification\",\"valueRequired\":true,\"valueName\":\"search_term_string\"}}],\"inLanguage\":\"ro-RO\"},{\"@type\":[\"Organization\",\"Place\",\"TravelAgency\"],\"@id\":\"https:\\\/\\\/egytourpackages.com\\\/ro\\\/#organization\",\"name\":\"egypt tour packages\",\"alternateName\":\"egypt tour packages\",\"url\":\"https:\\\/\\\/egytourpackages.com\\\/ro\\\/\",\"logo\":{\"@id\":\"https:\\\/\\\/egytourpackages.com\\\/ro\\\/tours\\\/croaziera-de-4-zile-pe-lacul-nasser-abu-simbel-si-aswan\\\/#local-main-organization-logo\"},\"image\":{\"@id\":\"https:\\\/\\\/egytourpackages.com\\\/ro\\\/tours\\\/croaziera-de-4-zile-pe-lacul-nasser-abu-simbel-si-aswan\\\/#local-main-organization-logo\"},\"sameAs\":[\"https:\\\/\\\/www.facebook.com\\\/egytourpackages\"],\"legalName\":\"Egy tour packages\",\"address\":{\"@id\":\"https:\\\/\\\/egytourpackages.com\\\/ro\\\/tours\\\/croaziera-de-4-zile-pe-lacul-nasser-abu-simbel-si-aswan\\\/#local-main-place-address\"},\"telephone\":[\"00201000852186\",\"00201028685533\"],\"contactPoint\":{\"@type\":\"ContactPoint\",\"telephone\":\"00201000852186\"},\"openingHoursSpecification\":[{\"@type\":\"OpeningHoursSpecification\",\"dayOfWeek\":[\"Monday\",\"Tuesday\",\"Wednesday\",\"Thursday\",\"Friday\",\"Saturday\",\"Sunday\"],\"opens\":\"00:00\",\"closes\":\"23:59\"}],\"email\":\"info@egytourpackages.com\",\"areaServed\":\"Cairo, Hurghada, Luxor, Sharm El Sheikh, Marsa Alam, Aswan\",\"priceRange\":\"$\",\"currenciesAccepted\":\"euro\",\"paymentAccepted\":\"Payment links online\"},{\"@type\":\"PostalAddress\",\"@id\":\"https:\\\/\\\/egytourpackages.com\\\/ro\\\/tours\\\/croaziera-de-4-zile-pe-lacul-nasser-abu-simbel-si-aswan\\\/#local-main-place-address\",\"streetAddress\":\"Mubarak 8, Al Kawthar District, Hurghada\",\"addressLocality\":\"Hurghada\",\"postalCode\":\"84511\",\"addressRegion\":\"Red Sea\",\"addressCountry\":\"EG\"},{\"@type\":\"ImageObject\",\"inLanguage\":\"ro-RO\",\"@id\":\"https:\\\/\\\/egytourpackages.com\\\/ro\\\/tours\\\/croaziera-de-4-zile-pe-lacul-nasser-abu-simbel-si-aswan\\\/#local-main-organization-logo\",\"url\":\"https:\\\/\\\/egytourpackages.com\\\/wp-content\\\/uploads\\\/2025\\\/12\\\/Turquoise-Dahabiya-Nile-Cruise-1.jpeg\",\"contentUrl\":\"https:\\\/\\\/egytourpackages.com\\\/wp-content\\\/uploads\\\/2025\\\/12\\\/Turquoise-Dahabiya-Nile-Cruise-1.jpeg\",\"width\":1040,\"height\":694,\"caption\":\"egypt tour packages\"}]}<\/script>\n<meta property=\"product:brand\" content=\"Croaziere pe Nil \u00een Egipt\" \/>\n<meta property=\"product:price:amount\" content=\"950\" \/>\n<meta property=\"product:price:currency\" content=\"EUR\" \/>\n<meta property=\"og:availability\" content=\"instock\" \/>\n<meta property=\"product:availability\" content=\"instock\" \/>\n<meta property=\"product:retailer_item_id\" content=\"ENCT14\" \/>\n<meta property=\"product:condition\" content=\"new\" \/>\n<meta name=\"geo.placename\" content=\"Hurghada\" \/>\n<meta name=\"geo.region\" content=\"Egipt\" \/>\n<!-- \/ Yoast SEO Premium plugin. -->","yoast_head_json":{"title":"Croazier\u0103 de 4 Zile pe Lacul Nasser: Abu Simbel \u0219i Aswan","description":"Croazier\u0103 de 4 Zile pe Lacul Nasser: Abu Simbel \u0219i Aswan, cu explorarea templelor antice. Descoperi\u021bi Abu Simbel \u0219i Aswan \u00eentr-o c\u0103l\u0103torie unic\u0103.","robots":{"index":"index","follow":"follow","max-snippet":"max-snippet:-1","max-image-preview":"max-image-preview:large","max-video-preview":"max-video-preview:-1"},"canonical":"https:\/\/egytourpackages.com\/ro\/tours\/croaziera-de-4-zile-pe-lacul-nasser-abu-simbel-si-aswan\/","og_locale":"ro_RO","og_type":"article","og_title":"Croazier\u0103 de 4 Zile pe Lacul Nasser: Abu Simbel \u0219i Aswan","og_description":"Croazier\u0103 de 4 Zile pe Lacul Nasser: Abu Simbel \u0219i Aswan, cu explorarea templelor antice. Descoperi\u021bi Abu Simbel \u0219i Aswan \u00eentr-o c\u0103l\u0103torie unic\u0103.","og_url":"https:\/\/egytourpackages.com\/ro\/tours\/croaziera-de-4-zile-pe-lacul-nasser-abu-simbel-si-aswan\/","og_site_name":"Egypt Tour Packages","article_publisher":"https:\/\/www.facebook.com\/egytourpackages","article_modified_time":"2026-01-12T23:38:25+00:00","og_image":[{"url":"https:\/\/egytourpackages.com\/wp-content\/uploads\/2024\/06\/Abu-Simbel-temple-1024x683.jpg","type":"","width":"","height":""}],"twitter_card":"summary_large_image","twitter_title":"Croazier\u0103 de 4 Zile pe Lacul Nasser: Abu Simbel \u0219i Aswan","twitter_misc":{"Pre\u021b":"&euro;950","Disponibilitate":"\u00cen stoc"},"schema":{"@context":"https:\/\/schema.org","@graph":[{"@type":"WebPage","@id":"https:\/\/egytourpackages.com\/ro\/tours\/croaziera-de-4-zile-pe-lacul-nasser-abu-simbel-si-aswan\/","url":"https:\/\/egytourpackages.com\/ro\/tours\/croaziera-de-4-zile-pe-lacul-nasser-abu-simbel-si-aswan\/","name":"Croazier\u0103 de 4 Zile pe Lacul Nasser: Abu Simbel \u0219i Aswan","isPartOf":{"@id":"https:\/\/egytourpackages.com\/ro\/#website"},"primaryImageOfPage":{"@id":"https:\/\/egytourpackages.com\/ro\/tours\/croaziera-de-4-zile-pe-lacul-nasser-abu-simbel-si-aswan\/#primaryimage"},"image":{"@id":"https:\/\/egytourpackages.com\/ro\/tours\/croaziera-de-4-zile-pe-lacul-nasser-abu-simbel-si-aswan\/#primaryimage"},"thumbnailUrl":"https:\/\/egytourpackages.com\/wp-content\/uploads\/2024\/06\/Abu-Simbel-temple.jpg","datePublished":"2024-06-19T17:32:40+00:00","dateModified":"2026-01-12T23:38:25+00:00","description":"Croazier\u0103 de 4 Zile pe Lacul Nasser: Abu Simbel \u0219i Aswan, cu explorarea templelor antice. Descoperi\u021bi Abu Simbel \u0219i Aswan \u00eentr-o c\u0103l\u0103torie unic\u0103.","breadcrumb":{"@id":"https:\/\/egytourpackages.com\/ro\/tours\/croaziera-de-4-zile-pe-lacul-nasser-abu-simbel-si-aswan\/#breadcrumb"},"inLanguage":"ro-RO","potentialAction":[{"@type":"ReadAction","target":["https:\/\/egytourpackages.com\/ro\/tours\/croaziera-de-4-zile-pe-lacul-nasser-abu-simbel-si-aswan\/"]}]},{"@type":"ImageObject","inLanguage":"ro-RO","@id":"https:\/\/egytourpackages.com\/ro\/tours\/croaziera-de-4-zile-pe-lacul-nasser-abu-simbel-si-aswan\/#primaryimage","url":"https:\/\/egytourpackages.com\/wp-content\/uploads\/2024\/06\/Abu-Simbel-temple.jpg","contentUrl":"https:\/\/egytourpackages.com\/wp-content\/uploads\/2024\/06\/Abu-Simbel-temple.jpg","width":1950,"height":1300,"caption":"Croazier\u0103 de 4 Zile pe Lacul Nasser: Abu Simbel \u0219i Aswan"},{"@type":"BreadcrumbList","@id":"https:\/\/egytourpackages.com\/ro\/tours\/croaziera-de-4-zile-pe-lacul-nasser-abu-simbel-si-aswan\/#breadcrumb","itemListElement":[{"@type":"ListItem","position":1,"name":"Home","item":"https:\/\/egytourpackages.com\/ro\/"},{"@type":"ListItem","position":2,"name":"Shop","item":"https:\/\/egytourpackages.com\/shop\/"},{"@type":"ListItem","position":3,"name":"Croazier\u0103 de 4 Zile pe Lacul Nasser: Abu Simbel \u0219i Aswan"}]},{"@type":"WebSite","@id":"https:\/\/egytourpackages.com\/ro\/#website","url":"https:\/\/egytourpackages.com\/ro\/","name":"Egy tour packages","description":"","publisher":{"@id":"https:\/\/egytourpackages.com\/ro\/#organization"},"potentialAction":[{"@type":"SearchAction","target":{"@type":"EntryPoint","urlTemplate":"https:\/\/egytourpackages.com\/ro\/?s={search_term_string}"},"query-input":{"@type":"PropertyValueSpecification","valueRequired":true,"valueName":"search_term_string"}}],"inLanguage":"ro-RO"},{"@type":["Organization","Place","TravelAgency"],"@id":"https:\/\/egytourpackages.com\/ro\/#organization","name":"egypt tour packages","alternateName":"egypt tour packages","url":"https:\/\/egytourpackages.com\/ro\/","logo":{"@id":"https:\/\/egytourpackages.com\/ro\/tours\/croaziera-de-4-zile-pe-lacul-nasser-abu-simbel-si-aswan\/#local-main-organization-logo"},"image":{"@id":"https:\/\/egytourpackages.com\/ro\/tours\/croaziera-de-4-zile-pe-lacul-nasser-abu-simbel-si-aswan\/#local-main-organization-logo"},"sameAs":["https:\/\/www.facebook.com\/egytourpackages"],"legalName":"Egy tour packages","address":{"@id":"https:\/\/egytourpackages.com\/ro\/tours\/croaziera-de-4-zile-pe-lacul-nasser-abu-simbel-si-aswan\/#local-main-place-address"},"telephone":["00201000852186","00201028685533"],"contactPoint":{"@type":"ContactPoint","telephone":"00201000852186"},"openingHoursSpecification":[{"@type":"OpeningHoursSpecification","dayOfWeek":["Monday","Tuesday","Wednesday","Thursday","Friday","Saturday","Sunday"],"opens":"00:00","closes":"23:59"}],"email":"info@egytourpackages.com","areaServed":"Cairo, Hurghada, Luxor, Sharm El Sheikh, Marsa Alam, Aswan","priceRange":"$","currenciesAccepted":"euro","paymentAccepted":"Payment links online"},{"@type":"PostalAddress","@id":"https:\/\/egytourpackages.com\/ro\/tours\/croaziera-de-4-zile-pe-lacul-nasser-abu-simbel-si-aswan\/#local-main-place-address","streetAddress":"Mubarak 8, Al Kawthar District, Hurghada","addressLocality":"Hurghada","postalCode":"84511","addressRegion":"Red Sea","addressCountry":"EG"},{"@type":"ImageObject","inLanguage":"ro-RO","@id":"https:\/\/egytourpackages.com\/ro\/tours\/croaziera-de-4-zile-pe-lacul-nasser-abu-simbel-si-aswan\/#local-main-organization-logo","url":"https:\/\/egytourpackages.com\/wp-content\/uploads\/2025\/12\/Turquoise-Dahabiya-Nile-Cruise-1.jpeg","contentUrl":"https:\/\/egytourpackages.com\/wp-content\/uploads\/2025\/12\/Turquoise-Dahabiya-Nile-Cruise-1.jpeg","width":1040,"height":694,"caption":"egypt tour packages"}]},"product_brand":"Croaziere pe Nil \u00een Egipt","product_price_amount":"950","product_price_currency":"EUR","og_availability":"instock","product_availability":"instock","product_retailer_item_id":"ENCT14","product_condition":"new","geo.placename":"Hurghada","geo.region":"Egipt"},"_links":{"self":[{"href":"https:\/\/egytourpackages.com\/ro\/wp-json\/wp\/v2\/product\/8222","targetHints":{"allow":["GET"]}}],"collection":[{"href":"https:\/\/egytourpackages.com\/ro\/wp-json\/wp\/v2\/product"}],"about":[{"href":"https:\/\/egytourpackages.com\/ro\/wp-json\/wp\/v2\/types\/product"}],"replies":[{"embeddable":true,"href":"https:\/\/egytourpackages.com\/ro\/wp-json\/wp\/v2\/comments?post=8222"}],"wp:featuredmedia":[{"embeddable":true,"href":"https:\/\/egytourpackages.com\/ro\/wp-json\/wp\/v2\/media\/8223"}],"wp:attachment":[{"href":"https:\/\/egytourpackages.com\/ro\/wp-json\/wp\/v2\/media?parent=8222"}],"wp:term":[{"taxonomy":"product_brand","embeddable":true,"href":"https:\/\/egytourpackages.com\/ro\/wp-json\/wp\/v2\/product_brand?post=8222"},{"taxonomy":"product_cat","embeddable":true,"href":"https:\/\/egytourpackages.com\/ro\/wp-json\/wp\/v2\/product_cat?post=8222"},{"taxonomy":"product_tag","embeddable":true,"href":"https:\/\/egytourpackages.com\/ro\/wp-json\/wp\/v2\/product_tag?post=8222"}],"curies":[{"name":"wp","href":"https:\/\/api.w.org\/{rel}","templated":true}]}}