{"id":8232,"date":"2024-06-19T02:23:03","date_gmt":"2024-06-19T02:23:03","guid":{"rendered":"https:\/\/egytourpackages.com\/product\/tur-de-jumatate-de-zi-la-piramidele-din-egipt-in-cairo\/"},"modified":"2026-01-12T23:45:07","modified_gmt":"2026-01-12T23:45:07","slug":"tur-de-jumatate-de-zi-la-piramidele-din-egipt-in-cairo","status":"publish","type":"product","link":"https:\/\/egytourpackages.com\/ro\/tours\/tur-de-jumatate-de-zi-la-piramidele-din-egipt-in-cairo\/","title":{"rendered":"Tur de jum\u0103tate de zi la Piramidele din Egipt \u00een Cairo"},"content":{"rendered":"<p><span style=\"color: #ff6600;\"><strong>Tur de jum\u0103tate de zi la Piramidele din Egipt \u00een Cairo<\/strong><\/span><\/p>\n<p>\u00cencepe\u021bi un <strong>tur de neuitat de jum\u0103tate de zi la Piramidele din Egipt \u00een Cairo<\/strong>, conceput pentru c\u0103l\u0103torii care doresc s\u0103 experimenteze cele mai emblematice minuni ale <strong>Egiptului antic<\/strong>. Acest <strong>tur privat<\/strong> ofer\u0103 o oportunitate de neegalat de a explora legendarul <strong>Complex al Piramidelor din Giza<\/strong>, inclusiv magnificile <strong>Marea Piramid\u0103 a lui Khufu (Keops)<\/strong>, <strong>Piramida lui Khafre (Kefr\u00e9n)<\/strong> \u0219i <strong>Piramida lui Menkaure<\/strong>.<\/p>\n<p>De fapt, acest <strong>tur de jum\u0103tate de zi la Piramidele din Egipt \u00een Cairo<\/strong> este ideal pentru cei cu timp limitat sau care caut\u0103 o explorare concentrat\u0103. Minuna\u021bi-v\u0103 de enigmaticul <strong>Marele Sfinx<\/strong>, gardian al <strong>Necropolei din Giza<\/strong>, \u0219i ad\u00e2nci\u021bi-v\u0103 \u00een pove\u0219tile fascinante din spatele acestor <strong>minuni antice ale lumii<\/strong> cu <strong>ghidul nostru egiptolog expert<\/strong>.<\/p>\n<p>Aventura dumneavoastr\u0103 cu <strong>turul din Cairo<\/strong> include transport confortabil, <strong>cu aer condi\u021bionat<\/strong>, direct de la <strong>hotelul dumneavoastr\u0103 din Cairo<\/strong>. Descoperi\u021bi misterele <strong>Templului V\u0103ii<\/strong>, fi\u021bi martori la geniul arhitectural \u0219i captura\u021bi <strong>fotografii<\/strong> uimitoare ale piramidelor.<\/p>\n<p>Rezervarea de <strong>excursii \u00een Cairo<\/strong> la Piramidele din Giza \u00eenseamn\u0103 c\u0103 ve\u021bi afla despre secretele Piramidelor, textele piramidelor \u00een timpul <strong>dinastiei a 4-a<\/strong>, <strong>Regatul Vechi<\/strong>. \u00centre timp, pute\u021bi explora mormintele constructorilor de piramide, <strong>Piramida Reginei<\/strong>, gropile pentru barca solar\u0103 \u0219i multe altele. Contacta\u021bi-ne \u0219i haide\u021bi s\u0103 cre\u0103m amintiri pe via\u021b\u0103 pentru dumneavoastr\u0103.<\/p>\n<h3><span style=\"color: #ff6600;\">Detalii tur<\/span><\/h3>\n<ul>\n<li>Durat\u0103: Jum\u0103tate de zi<\/li>\n<li>Loca\u021bia turului: Cairo \/ Giza<\/li>\n<li>Disponibilitate tur: Zilnic<\/li>\n<li>Preluare &amp; L\u0103sare: Hotelul dumneavoastr\u0103 din Cairo \/ Giza<\/li>\n<li>Tipul turului: Privat<\/li>\n<li><strong>Limba: Rom\u00e2n\u0103<\/strong><\/li>\n<li>Scaun cu rotile: Accesibil<\/li>\n<\/ul>\n<h3><span style=\"color: #ff6600;\">Puncte de atrac\u021bie ale turului<\/span><\/h3>\n<ul>\n<li>Piramida lui Keops<\/li>\n<li>Piramida lui Khafre<\/li>\n<li>Piramida lui Menkaure<\/li>\n<li>Piramida Reginei<\/li>\n<li>Templul V\u0103ii<\/li>\n<li>Marele Sfinx<\/li>\n<\/ul>\n<h3><span style=\"color: #ff6600;\">Incluse<\/span><\/h3>\n<ul>\n<li>Transfer dus-\u00eentors cu vehicul modern cu aer condi\u021bionat<\/li>\n<li>Taxa de intrare pentru toate obiectivele turistice<\/li>\n<li>Ghid egiptolog expert vorbitor de limba rom\u00e2n\u0103<\/li>\n<li>Pr\u00e2nz la un restaurant local<\/li>\n<\/ul>\n<h3><span style=\"color: #ff6600;\">Excluse<\/span><\/h3>\n<ul>\n<li>B\u0103uturi \u00een timpul pr\u00e2nzului<\/li>\n<li>Taxa de intrare pentru Piramida lui Keops<\/li>\n<li>Taxa de intrare pentru Piramida lui Khafre<\/li>\n<li>Bac\u0219i\u0219<\/li>\n<\/ul>\n<h3><span style=\"color: #ff6600;\">Ce s\u0103 lua\u021bi cu dumneavoastr\u0103<\/span><\/h3>\n<ul>\n<li>P\u0103l\u0103rie, ochelari de soare \u0219i crem\u0103 de soare<\/li>\n<li>\u00cenc\u0103l\u021b\u0103minte \u0219i haine confortabile<\/li>\n<\/ul>\n<h3><span style=\"color: #ff6600;\">Itinerariu<\/span><\/h3>\n<p>Turul dumneavoastr\u0103 la Piramidele din Egipt \u00eencepe c\u00e2nd v\u0103 \u00eent\u00e2lni\u021bi cu ghidul dumneavoastr\u0103 egiptolog \u00een holul hotelului. \u00cencepe\u021bi atrac\u021biile din Giza cu Complexul Piramidelor din Giza.<\/p>\n<h3><span style=\"color: #ff6600;\">Complexul Piramidelor din Giza<\/span><\/h3>\n<p><strong>Piramidele din Giza<\/strong> ale lui <strong>Keops<\/strong>, <strong>Khafre<\/strong> \u0219i <strong>Menkaure<\/strong> se afl\u0103 \u00een topul <strong>atrac\u021biilor turistice din Egipt<\/strong> cu <strong>tururile \u00een Egipt<\/strong>. \u00cen timpul turului, ve\u021bi afla despre credin\u021bele funerare \u00een Egiptul antic, istoria egiptean\u0103 antic\u0103 \u0219i religia egiptean\u0103 antic\u0103.<\/p>\n<p>De asemenea, exist\u0103 posibilitatea de a intra \u00een Piramida lui Keops, Piramida lui Menkaure sau una dintre Piramidele Reginelor.<\/p>\n<h3><span style=\"color: #ff6600;\">Piramida lui Keops<\/span><\/h3>\n<p>\u00cencepe\u021bi turul dumneavoastr\u0103 la Piramidele din Egipt cu singura minune din cele \u0219apte minuni vechi, Marea Piramid\u0103 a lui Keops. Afla\u021bi despre talentul arhitectural, capacit\u0103\u021bile de inginerie ale egiptenilor antici. Mai mult, v\u0103 pute\u021bi plimba \u00een jurul Piramidei lui Keops pentru a vedea ruinele Templului de Purificare, Piramidele Reginelor \u0219i mormintele constructorilor de piramide.<\/p>\n<h3><span style=\"color: #ff6600;\">Piramida lui Menkaure<\/span><\/h3>\n<p>Cea mai mic\u0103 dintre Piramidele din Giza \u0219i singura cu \u00eenveli\u0219 de granit \u0219i trei piramide subsidiare al\u0103turi de ea. Pute\u021bi intra \u00een Piramid\u0103 contra cost sau v\u0103 pute\u021bi bucura de o plimbare cu c\u0103mila \u00een zona panoramic\u0103.<\/p>\n<h3><span style=\"color: #ff6600;\">Templul V\u0103ii<\/span><\/h3>\n<p>Templul V\u0103ii este o parte a complexului piramidal, deoarece era locul unde se efectua Deschiderii Gurii asupra mumiei regelui. De asemenea, unii istorici cred c\u0103 aici se practica mumificarea \u00een Egiptul antic.<\/p>\n<h3><span style=\"color: #ff6600;\">Marele Sfinx<\/span><\/h3>\n<p>O statuie masiv\u0103 de 73 de metri lungime \u0219i 20 de metri \u00een\u0103l\u021bime, cu cap de om \u0219i corp de leu. De fapt, se crede c\u0103 Marele Sfinx a fost sculptat \u00een timpul Regatului Vechi de c\u0103tre faraonul Khafre. Exist\u0103 un templu solar construit \u00een fa\u021ba Sfinxului de c\u0103tre regii celei de-a 5-a dinastii. Barba pierdut\u0103 a Sfinxului se afl\u0103 acum \u00eentre British Museum \u0219i Muzeul din Cairo.<\/p>\n<p>\u00cen cele din urm\u0103, <strong>Stela Visului<\/strong> dintre labele Sfinxului, care dateaz\u0103 de pe vremea prin\u021bului <strong>Thutmose al IV-lea<\/strong>, este un punct culminant al statuii.<\/p>\n<h3><span style=\"color: #ff6600;\">Pr\u00e2nz<\/span><\/h3>\n<p>Bucura\u021bi-v\u0103 de pr\u00e2nz la un restaurant local \u00eenainte de a v\u0103 \u00eentoarce la hotelul dumneavoastr\u0103.<\/p>\n<h3><span style=\"color: #ff6600;\">Pre\u021b Tur de jum\u0103tate de zi la Piramidele din Egipt \u00een Cairo<\/span><\/h3>\n<p>Pre\u021b adult = 90 \u20ac<\/p>\n<p>Copii 0-5 ani = gratuit<\/p>\n<p>Copii 5-11 ani = 50% din pre\u021bul adultului<\/p>\n<h3><span style=\"color: #ff6600;\">Rezervare<\/span><\/h3>\n<p>Pute\u021bi rezerva <strong>tururile dumneavoastr\u0103 de o zi la Cairo<\/strong> prin WhatsApp sau ne pute\u021bi trimite un e-mail \u0219i ve\u021bi primi confirmarea pe loc. V\u0103 rug\u0103m s\u0103 ne trimite\u021bi numele hotelului, num\u0103rul camerei, copiile pa\u0219apoartelor.<\/p>\n<p>WhatsApp: +201000852186<\/p>\n<p>info@egytourpackages.com<\/p>\n<h3><span style=\"color: #ff6600;\">Rezerva\u021bi acum \u0219i pl\u0103ti\u021bi la fa\u021ba locului<\/span><\/h3>\n<p>Rezerva\u021bi turul dumneavoastr\u0103 preferat \u0219i pl\u0103ti\u021bi \u00een ziua excursiei.<\/p>\n<h3><span style=\"color: #ff6600;\">Plat\u0103 <\/span><\/h3>\n<p>Pute\u021bi pl\u0103ti \u00een lire egiptene, $, \u20ac sau \u00a3.<\/p>\n<h3><span style=\"color: #ff6600;\">Politica de anulare <\/span><\/h3>\n<ul>\n<li>Anularea este gratuit\u0103 cu p\u00e2n\u0103 la 24 de ore \u00een avans<\/li>\n<li>Anularea diminea\u021ba este de 50% din pre\u021b<\/li>\n<\/ul>\n","protected":false},"excerpt":{"rendered":"<p>Tur de jum\u0103tate de zi la Piramidele din Egipt \u00een Cairo \u0219i Sfinx \u00een Cairo. O c\u0103l\u0103torie rapid\u0103 \u0219i captivant\u0103 pentru a explora minunile antice.<\/p>\n","protected":false},"featured_media":8233,"comment_status":"open","ping_status":"closed","template":"","meta":[],"product_brand":[],"product_cat":[3120],"product_tag":[3203,3253],"class_list":{"0":"post-8232","1":"product","2":"type-product","3":"status-publish","4":"has-post-thumbnail","6":"product_cat-tururi","7":"product_tag-excursii-de-o-zi-in-egipt","8":"product_tag-excursii-de-o-zi-la-cairo","9":"tour_category-excursii-cairo-ro","10":"tour_category-excursii-de-o-zi-in-egipt-ro","12":"first","13":"instock","14":"sale","15":"shipping-taxable","16":"purchasable","17":"product-type-tour","18":"has-default-attributes"},"yoast_head":"<!-- This site is optimized with the Yoast SEO Premium plugin v27.4 (Yoast SEO v27.4) - https:\/\/yoast.com\/product\/yoast-seo-premium-wordpress\/ -->\n<title>Tur de jum\u0103tate de zi la Piramidele din Egipt \u00een Cairo<\/title>\n<meta name=\"description\" content=\"Tur de jum\u0103tate de zi la Piramidele din Egipt \u00een Cairo \u0219i Sfinx \u00een Cairo. O c\u0103l\u0103torie rapid\u0103 \u0219i captivant\u0103 pentru a explora minunile antice.\" \/>\n<meta name=\"robots\" content=\"index, follow, max-snippet:-1, max-image-preview:large, max-video-preview:-1\" \/>\n<link rel=\"canonical\" href=\"https:\/\/egytourpackages.com\/ro\/tours\/tur-de-jumatate-de-zi-la-piramidele-din-egipt-in-cairo\/\" \/>\n<meta property=\"og:locale\" content=\"ro_RO\" \/>\n<meta property=\"og:type\" content=\"article\" \/>\n<meta property=\"og:title\" content=\"Tur de jum\u0103tate de zi la Piramidele din Egipt \u00een Cairo\" \/>\n<meta property=\"og:description\" content=\"Tur de jum\u0103tate de zi la Piramidele din Egipt \u00een Cairo \u0219i Sfinx \u00een Cairo. O c\u0103l\u0103torie rapid\u0103 \u0219i captivant\u0103 pentru a explora minunile antice.\" \/>\n<meta property=\"og:url\" content=\"https:\/\/egytourpackages.com\/ro\/tours\/tur-de-jumatate-de-zi-la-piramidele-din-egipt-in-cairo\/\" \/>\n<meta property=\"og:site_name\" content=\"Egypt Tour Packages\" \/>\n<meta property=\"article:publisher\" content=\"https:\/\/www.facebook.com\/egytourpackages\" \/>\n<meta property=\"article:modified_time\" content=\"2026-01-12T23:45:07+00:00\" \/>\n<meta property=\"og:image\" content=\"https:\/\/egytourpackages.com\/wp-content\/uploads\/2024\/06\/Egypt-Pyramids-tour-1024x768.jpg\" \/>\n<meta name=\"twitter:card\" content=\"summary_large_image\" \/>\n<meta name=\"twitter:title\" content=\"Tur de jum\u0103tate de zi la Piramidele din Egipt \u00een Cairo\" \/>\n<meta name=\"twitter:label1\" content=\"Pre\u021b\" \/>\n\t<meta name=\"twitter:data1\" content=\"&euro;90\" \/>\n\t<meta name=\"twitter:label2\" content=\"Disponibilitate\" \/>\n\t<meta name=\"twitter:data2\" content=\"\u00cen stoc\" \/>\n<script type=\"application\/ld+json\" class=\"yoast-schema-graph\">{\"@context\":\"https:\\\/\\\/schema.org\",\"@graph\":[{\"@type\":\"WebPage\",\"@id\":\"https:\\\/\\\/egytourpackages.com\\\/ro\\\/tours\\\/tur-de-jumatate-de-zi-la-piramidele-din-egipt-in-cairo\\\/\",\"url\":\"https:\\\/\\\/egytourpackages.com\\\/ro\\\/tours\\\/tur-de-jumatate-de-zi-la-piramidele-din-egipt-in-cairo\\\/\",\"name\":\"Tur de jum\u0103tate de zi la Piramidele din Egipt \u00een Cairo\",\"isPartOf\":{\"@id\":\"https:\\\/\\\/egytourpackages.com\\\/ro\\\/#website\"},\"primaryImageOfPage\":{\"@id\":\"https:\\\/\\\/egytourpackages.com\\\/ro\\\/tours\\\/tur-de-jumatate-de-zi-la-piramidele-din-egipt-in-cairo\\\/#primaryimage\"},\"image\":{\"@id\":\"https:\\\/\\\/egytourpackages.com\\\/ro\\\/tours\\\/tur-de-jumatate-de-zi-la-piramidele-din-egipt-in-cairo\\\/#primaryimage\"},\"thumbnailUrl\":\"https:\\\/\\\/egytourpackages.com\\\/wp-content\\\/uploads\\\/2024\\\/06\\\/Egypt-Pyramids-tour.jpg\",\"datePublished\":\"2024-06-19T02:23:03+00:00\",\"dateModified\":\"2026-01-12T23:45:07+00:00\",\"description\":\"Tur de jum\u0103tate de zi la Piramidele din Egipt \u00een Cairo \u0219i Sfinx \u00een Cairo. O c\u0103l\u0103torie rapid\u0103 \u0219i captivant\u0103 pentru a explora minunile antice.\",\"breadcrumb\":{\"@id\":\"https:\\\/\\\/egytourpackages.com\\\/ro\\\/tours\\\/tur-de-jumatate-de-zi-la-piramidele-din-egipt-in-cairo\\\/#breadcrumb\"},\"inLanguage\":\"ro-RO\",\"potentialAction\":[{\"@type\":\"ReadAction\",\"target\":[\"https:\\\/\\\/egytourpackages.com\\\/ro\\\/tours\\\/tur-de-jumatate-de-zi-la-piramidele-din-egipt-in-cairo\\\/\"]}]},{\"@type\":\"ImageObject\",\"inLanguage\":\"ro-RO\",\"@id\":\"https:\\\/\\\/egytourpackages.com\\\/ro\\\/tours\\\/tur-de-jumatate-de-zi-la-piramidele-din-egipt-in-cairo\\\/#primaryimage\",\"url\":\"https:\\\/\\\/egytourpackages.com\\\/wp-content\\\/uploads\\\/2024\\\/06\\\/Egypt-Pyramids-tour.jpg\",\"contentUrl\":\"https:\\\/\\\/egytourpackages.com\\\/wp-content\\\/uploads\\\/2024\\\/06\\\/Egypt-Pyramids-tour.jpg\",\"width\":2000,\"height\":1500,\"caption\":\"Tur de jum\u0103tate de zi la Piramidele din Egipt \u00een Cairo\"},{\"@type\":\"BreadcrumbList\",\"@id\":\"https:\\\/\\\/egytourpackages.com\\\/ro\\\/tours\\\/tur-de-jumatate-de-zi-la-piramidele-din-egipt-in-cairo\\\/#breadcrumb\",\"itemListElement\":[{\"@type\":\"ListItem\",\"position\":1,\"name\":\"Home\",\"item\":\"https:\\\/\\\/egytourpackages.com\\\/ro\\\/\"},{\"@type\":\"ListItem\",\"position\":2,\"name\":\"Shop\",\"item\":\"https:\\\/\\\/egytourpackages.com\\\/shop\\\/\"},{\"@type\":\"ListItem\",\"position\":3,\"name\":\"Tur de jum\u0103tate de zi la Piramidele din Egipt \u00een Cairo\"}]},{\"@type\":\"WebSite\",\"@id\":\"https:\\\/\\\/egytourpackages.com\\\/ro\\\/#website\",\"url\":\"https:\\\/\\\/egytourpackages.com\\\/ro\\\/\",\"name\":\"Egy tour packages\",\"description\":\"\",\"publisher\":{\"@id\":\"https:\\\/\\\/egytourpackages.com\\\/ro\\\/#organization\"},\"potentialAction\":[{\"@type\":\"SearchAction\",\"target\":{\"@type\":\"EntryPoint\",\"urlTemplate\":\"https:\\\/\\\/egytourpackages.com\\\/ro\\\/?s={search_term_string}\"},\"query-input\":{\"@type\":\"PropertyValueSpecification\",\"valueRequired\":true,\"valueName\":\"search_term_string\"}}],\"inLanguage\":\"ro-RO\"},{\"@type\":[\"Organization\",\"Place\",\"TravelAgency\"],\"@id\":\"https:\\\/\\\/egytourpackages.com\\\/ro\\\/#organization\",\"name\":\"egypt tour packages\",\"alternateName\":\"egypt tour packages\",\"url\":\"https:\\\/\\\/egytourpackages.com\\\/ro\\\/\",\"logo\":{\"@id\":\"https:\\\/\\\/egytourpackages.com\\\/ro\\\/tours\\\/tur-de-jumatate-de-zi-la-piramidele-din-egipt-in-cairo\\\/#local-main-organization-logo\"},\"image\":{\"@id\":\"https:\\\/\\\/egytourpackages.com\\\/ro\\\/tours\\\/tur-de-jumatate-de-zi-la-piramidele-din-egipt-in-cairo\\\/#local-main-organization-logo\"},\"sameAs\":[\"https:\\\/\\\/www.facebook.com\\\/egytourpackages\"],\"legalName\":\"Egy tour packages\",\"address\":{\"@id\":\"https:\\\/\\\/egytourpackages.com\\\/ro\\\/tours\\\/tur-de-jumatate-de-zi-la-piramidele-din-egipt-in-cairo\\\/#local-main-place-address\"},\"telephone\":[\"00201000852186\",\"00201028685533\"],\"contactPoint\":{\"@type\":\"ContactPoint\",\"telephone\":\"00201000852186\"},\"openingHoursSpecification\":[{\"@type\":\"OpeningHoursSpecification\",\"dayOfWeek\":[\"Monday\",\"Tuesday\",\"Wednesday\",\"Thursday\",\"Friday\",\"Saturday\",\"Sunday\"],\"opens\":\"00:00\",\"closes\":\"23:59\"}],\"email\":\"info@egytourpackages.com\",\"areaServed\":\"Cairo, Hurghada, Luxor, Sharm El Sheikh, Marsa Alam, Aswan\",\"priceRange\":\"$\",\"currenciesAccepted\":\"euro\",\"paymentAccepted\":\"Payment links online\"},{\"@type\":\"PostalAddress\",\"@id\":\"https:\\\/\\\/egytourpackages.com\\\/ro\\\/tours\\\/tur-de-jumatate-de-zi-la-piramidele-din-egipt-in-cairo\\\/#local-main-place-address\",\"streetAddress\":\"Mubarak 8, Al Kawthar District, Hurghada\",\"addressLocality\":\"Hurghada\",\"postalCode\":\"84511\",\"addressRegion\":\"Red Sea\",\"addressCountry\":\"EG\"},{\"@type\":\"ImageObject\",\"inLanguage\":\"ro-RO\",\"@id\":\"https:\\\/\\\/egytourpackages.com\\\/ro\\\/tours\\\/tur-de-jumatate-de-zi-la-piramidele-din-egipt-in-cairo\\\/#local-main-organization-logo\",\"url\":\"https:\\\/\\\/egytourpackages.com\\\/wp-content\\\/uploads\\\/2025\\\/12\\\/Turquoise-Dahabiya-Nile-Cruise-1.jpeg\",\"contentUrl\":\"https:\\\/\\\/egytourpackages.com\\\/wp-content\\\/uploads\\\/2025\\\/12\\\/Turquoise-Dahabiya-Nile-Cruise-1.jpeg\",\"width\":1040,\"height\":694,\"caption\":\"egypt tour packages\"}]}<\/script>\n<meta property=\"product:brand\" content=\"Excursii Cairo\" \/>\n<meta property=\"product:price:amount\" content=\"90\" \/>\n<meta property=\"product:price:currency\" content=\"EUR\" \/>\n<meta property=\"og:availability\" content=\"instock\" \/>\n<meta property=\"product:availability\" content=\"instock\" \/>\n<meta property=\"product:retailer_item_id\" content=\"CDT08\" \/>\n<meta property=\"product:condition\" content=\"new\" \/>\n<meta name=\"geo.placename\" content=\"Hurghada\" \/>\n<meta name=\"geo.region\" content=\"Egipt\" \/>\n<!-- \/ Yoast SEO Premium plugin. -->","yoast_head_json":{"title":"Tur de jum\u0103tate de zi la Piramidele din Egipt \u00een Cairo","description":"Tur de jum\u0103tate de zi la Piramidele din Egipt \u00een Cairo \u0219i Sfinx \u00een Cairo. O c\u0103l\u0103torie rapid\u0103 \u0219i captivant\u0103 pentru a explora minunile antice.","robots":{"index":"index","follow":"follow","max-snippet":"max-snippet:-1","max-image-preview":"max-image-preview:large","max-video-preview":"max-video-preview:-1"},"canonical":"https:\/\/egytourpackages.com\/ro\/tours\/tur-de-jumatate-de-zi-la-piramidele-din-egipt-in-cairo\/","og_locale":"ro_RO","og_type":"article","og_title":"Tur de jum\u0103tate de zi la Piramidele din Egipt \u00een Cairo","og_description":"Tur de jum\u0103tate de zi la Piramidele din Egipt \u00een Cairo \u0219i Sfinx \u00een Cairo. O c\u0103l\u0103torie rapid\u0103 \u0219i captivant\u0103 pentru a explora minunile antice.","og_url":"https:\/\/egytourpackages.com\/ro\/tours\/tur-de-jumatate-de-zi-la-piramidele-din-egipt-in-cairo\/","og_site_name":"Egypt Tour Packages","article_publisher":"https:\/\/www.facebook.com\/egytourpackages","article_modified_time":"2026-01-12T23:45:07+00:00","og_image":[{"url":"https:\/\/egytourpackages.com\/wp-content\/uploads\/2024\/06\/Egypt-Pyramids-tour-1024x768.jpg","type":"","width":"","height":""}],"twitter_card":"summary_large_image","twitter_title":"Tur de jum\u0103tate de zi la Piramidele din Egipt \u00een Cairo","twitter_misc":{"Pre\u021b":"&euro;90","Disponibilitate":"\u00cen stoc"},"schema":{"@context":"https:\/\/schema.org","@graph":[{"@type":"WebPage","@id":"https:\/\/egytourpackages.com\/ro\/tours\/tur-de-jumatate-de-zi-la-piramidele-din-egipt-in-cairo\/","url":"https:\/\/egytourpackages.com\/ro\/tours\/tur-de-jumatate-de-zi-la-piramidele-din-egipt-in-cairo\/","name":"Tur de jum\u0103tate de zi la Piramidele din Egipt \u00een Cairo","isPartOf":{"@id":"https:\/\/egytourpackages.com\/ro\/#website"},"primaryImageOfPage":{"@id":"https:\/\/egytourpackages.com\/ro\/tours\/tur-de-jumatate-de-zi-la-piramidele-din-egipt-in-cairo\/#primaryimage"},"image":{"@id":"https:\/\/egytourpackages.com\/ro\/tours\/tur-de-jumatate-de-zi-la-piramidele-din-egipt-in-cairo\/#primaryimage"},"thumbnailUrl":"https:\/\/egytourpackages.com\/wp-content\/uploads\/2024\/06\/Egypt-Pyramids-tour.jpg","datePublished":"2024-06-19T02:23:03+00:00","dateModified":"2026-01-12T23:45:07+00:00","description":"Tur de jum\u0103tate de zi la Piramidele din Egipt \u00een Cairo \u0219i Sfinx \u00een Cairo. O c\u0103l\u0103torie rapid\u0103 \u0219i captivant\u0103 pentru a explora minunile antice.","breadcrumb":{"@id":"https:\/\/egytourpackages.com\/ro\/tours\/tur-de-jumatate-de-zi-la-piramidele-din-egipt-in-cairo\/#breadcrumb"},"inLanguage":"ro-RO","potentialAction":[{"@type":"ReadAction","target":["https:\/\/egytourpackages.com\/ro\/tours\/tur-de-jumatate-de-zi-la-piramidele-din-egipt-in-cairo\/"]}]},{"@type":"ImageObject","inLanguage":"ro-RO","@id":"https:\/\/egytourpackages.com\/ro\/tours\/tur-de-jumatate-de-zi-la-piramidele-din-egipt-in-cairo\/#primaryimage","url":"https:\/\/egytourpackages.com\/wp-content\/uploads\/2024\/06\/Egypt-Pyramids-tour.jpg","contentUrl":"https:\/\/egytourpackages.com\/wp-content\/uploads\/2024\/06\/Egypt-Pyramids-tour.jpg","width":2000,"height":1500,"caption":"Tur de jum\u0103tate de zi la Piramidele din Egipt \u00een Cairo"},{"@type":"BreadcrumbList","@id":"https:\/\/egytourpackages.com\/ro\/tours\/tur-de-jumatate-de-zi-la-piramidele-din-egipt-in-cairo\/#breadcrumb","itemListElement":[{"@type":"ListItem","position":1,"name":"Home","item":"https:\/\/egytourpackages.com\/ro\/"},{"@type":"ListItem","position":2,"name":"Shop","item":"https:\/\/egytourpackages.com\/shop\/"},{"@type":"ListItem","position":3,"name":"Tur de jum\u0103tate de zi la Piramidele din Egipt \u00een Cairo"}]},{"@type":"WebSite","@id":"https:\/\/egytourpackages.com\/ro\/#website","url":"https:\/\/egytourpackages.com\/ro\/","name":"Egy tour packages","description":"","publisher":{"@id":"https:\/\/egytourpackages.com\/ro\/#organization"},"potentialAction":[{"@type":"SearchAction","target":{"@type":"EntryPoint","urlTemplate":"https:\/\/egytourpackages.com\/ro\/?s={search_term_string}"},"query-input":{"@type":"PropertyValueSpecification","valueRequired":true,"valueName":"search_term_string"}}],"inLanguage":"ro-RO"},{"@type":["Organization","Place","TravelAgency"],"@id":"https:\/\/egytourpackages.com\/ro\/#organization","name":"egypt tour packages","alternateName":"egypt tour packages","url":"https:\/\/egytourpackages.com\/ro\/","logo":{"@id":"https:\/\/egytourpackages.com\/ro\/tours\/tur-de-jumatate-de-zi-la-piramidele-din-egipt-in-cairo\/#local-main-organization-logo"},"image":{"@id":"https:\/\/egytourpackages.com\/ro\/tours\/tur-de-jumatate-de-zi-la-piramidele-din-egipt-in-cairo\/#local-main-organization-logo"},"sameAs":["https:\/\/www.facebook.com\/egytourpackages"],"legalName":"Egy tour packages","address":{"@id":"https:\/\/egytourpackages.com\/ro\/tours\/tur-de-jumatate-de-zi-la-piramidele-din-egipt-in-cairo\/#local-main-place-address"},"telephone":["00201000852186","00201028685533"],"contactPoint":{"@type":"ContactPoint","telephone":"00201000852186"},"openingHoursSpecification":[{"@type":"OpeningHoursSpecification","dayOfWeek":["Monday","Tuesday","Wednesday","Thursday","Friday","Saturday","Sunday"],"opens":"00:00","closes":"23:59"}],"email":"info@egytourpackages.com","areaServed":"Cairo, Hurghada, Luxor, Sharm El Sheikh, Marsa Alam, Aswan","priceRange":"$","currenciesAccepted":"euro","paymentAccepted":"Payment links online"},{"@type":"PostalAddress","@id":"https:\/\/egytourpackages.com\/ro\/tours\/tur-de-jumatate-de-zi-la-piramidele-din-egipt-in-cairo\/#local-main-place-address","streetAddress":"Mubarak 8, Al Kawthar District, Hurghada","addressLocality":"Hurghada","postalCode":"84511","addressRegion":"Red Sea","addressCountry":"EG"},{"@type":"ImageObject","inLanguage":"ro-RO","@id":"https:\/\/egytourpackages.com\/ro\/tours\/tur-de-jumatate-de-zi-la-piramidele-din-egipt-in-cairo\/#local-main-organization-logo","url":"https:\/\/egytourpackages.com\/wp-content\/uploads\/2025\/12\/Turquoise-Dahabiya-Nile-Cruise-1.jpeg","contentUrl":"https:\/\/egytourpackages.com\/wp-content\/uploads\/2025\/12\/Turquoise-Dahabiya-Nile-Cruise-1.jpeg","width":1040,"height":694,"caption":"egypt tour packages"}]},"product_brand":"Excursii Cairo","product_price_amount":"90","product_price_currency":"EUR","og_availability":"instock","product_availability":"instock","product_retailer_item_id":"CDT08","product_condition":"new","geo.placename":"Hurghada","geo.region":"Egipt"},"_links":{"self":[{"href":"https:\/\/egytourpackages.com\/ro\/wp-json\/wp\/v2\/product\/8232","targetHints":{"allow":["GET"]}}],"collection":[{"href":"https:\/\/egytourpackages.com\/ro\/wp-json\/wp\/v2\/product"}],"about":[{"href":"https:\/\/egytourpackages.com\/ro\/wp-json\/wp\/v2\/types\/product"}],"replies":[{"embeddable":true,"href":"https:\/\/egytourpackages.com\/ro\/wp-json\/wp\/v2\/comments?post=8232"}],"wp:featuredmedia":[{"embeddable":true,"href":"https:\/\/egytourpackages.com\/ro\/wp-json\/wp\/v2\/media\/8233"}],"wp:attachment":[{"href":"https:\/\/egytourpackages.com\/ro\/wp-json\/wp\/v2\/media?parent=8232"}],"wp:term":[{"taxonomy":"product_brand","embeddable":true,"href":"https:\/\/egytourpackages.com\/ro\/wp-json\/wp\/v2\/product_brand?post=8232"},{"taxonomy":"product_cat","embeddable":true,"href":"https:\/\/egytourpackages.com\/ro\/wp-json\/wp\/v2\/product_cat?post=8232"},{"taxonomy":"product_tag","embeddable":true,"href":"https:\/\/egytourpackages.com\/ro\/wp-json\/wp\/v2\/product_tag?post=8232"}],"curies":[{"name":"wp","href":"https:\/\/api.w.org\/{rel}","templated":true}]}}