{"id":8267,"date":"2024-06-24T06:27:47","date_gmt":"2024-06-24T06:27:47","guid":{"rendered":"https:\/\/egytourpackages.com\/product\/excursie-de-o-zi-de-la-safaga-la-luxor\/"},"modified":"2026-01-28T11:08:48","modified_gmt":"2026-01-28T11:08:48","slug":"excursie-de-o-zi-de-la-safaga-la-luxor","status":"publish","type":"product","link":"https:\/\/egytourpackages.com\/ro\/tours\/excursie-de-o-zi-de-la-safaga-la-luxor\/","title":{"rendered":"Excursie de o zi de la Safaga la Luxor"},"content":{"rendered":"<p><span style=\"color: #ff6600;\"><strong>Excursie de o zi de la Safaga la Luxor<\/strong><\/span><\/p>\n<p><strong>Excursia de o zi de la Safaga la Luxor<\/strong> este cea mai bun\u0103 modalitate de a explora <strong>principalele atrac\u021bii turistice din Luxor<\/strong> sau Teba cu <strong>tururile \u00een Egipt<\/strong>. \u00cen timpul <strong>excursiilor de o zi \u00een Egipt<\/strong>, ve\u021bi explora situri iconice precum <strong>Valea Regilor<\/strong> cu \u0219ansa de a intra \u00een faimosul <strong>morm\u00e2nt al lui Tutankhamon<\/strong>. Pe l\u00e2ng\u0103 aceasta, <strong>Templul mortuar al lui Hatshepsut<\/strong> construit de inginerul ei Senmut, l\u00e2ng\u0103 templul lui <strong>Mentohotep<\/strong> \u0219i templul lui <strong>Thutmose al III-lea<\/strong> la <strong>Deir El Bahri<\/strong> pentru <strong>zeul Amon<\/strong>.<\/p>\n<p>De asemenea, ve\u021bi vizita faimoasele statui ale lui <strong>Amenhotep al III-lea<\/strong> cunoscute sub numele de <strong>Colo\u0219ii din Memnon<\/strong>. Ghidul dumneavoastr\u0103 arheolog expert v\u0103 va introduce \u00een <strong>istoria egiptean\u0103 antic\u0103<\/strong> \u0219i <strong>religia egiptean\u0103 antic\u0103<\/strong> pentru a v\u0103 face c\u0103l\u0103toria educativ\u0103 \u0219i memorabil\u0103.<\/p>\n<p>Afla\u021bi mai multe despre faimo\u0219ii <strong>faraoni egipteni<\/strong> din timpul <strong>Noului Regat<\/strong> precum <strong>Ramses cel Mare<\/strong>, <strong>Hatshepsut<\/strong>, <strong>Merenptah<\/strong> \u0219i <strong>Amenhotep<\/strong>. \u00centre timp, pute\u021bi face fotografii toat\u0103 ziua oriunde merge\u021bi, \u00een special cu reliefurile hieroglifice de pe pere\u021bii <strong>mormintelor faraonice<\/strong> din Valea Regilor.<\/p>\n<h3><span style=\"color: #ff6600;\">Detalii tur<\/span><\/h3>\n<ul>\n<li>Durat\u0103: 1 zi<\/li>\n<li>Loca\u021bia turului: Luxor<\/li>\n<li>Disponibilitate tur: la cerere<\/li>\n<li>Preluare &amp; L\u0103sare: hotelurile din Safaga<\/li>\n<li>Tipul turului: Privat<\/li>\n<li><strong>Limba: Rom\u00e2n\u0103<\/strong><\/li>\n<\/ul>\n<h3><span style=\"color: #ff6600;\">Puncte de atrac\u021bie ale turului<\/span><\/h3>\n<ul>\n<li>Valea Regilor<\/li>\n<li>Templul mortuar al lui Hatshepsut<\/li>\n<li>Colo\u0219ii din Memnon<\/li>\n<li>Templul Karnak<\/li>\n<li>Scurt\u0103 plimbare cu barca cu motor<\/li>\n<li>Pr\u00e2nz<\/li>\n<\/ul>\n<h3><span style=\"color: #ff6600;\">Incluse<\/span><\/h3>\n<ul>\n<li>Transfer dus-\u00eentors cu vehicul modern nou, cu aer condi\u021bionat<\/li>\n<li>Taxa de intrare pentru toate obiectivele turistice men\u021bionate \u00een program<\/li>\n<li>Pr\u00e2nz la un restaurant local<\/li>\n<li><strong>Ghid expert vorbitor de limba rom\u00e2n\u0103<\/strong><\/li>\n<li>Ap\u0103 \u00een timpul turului<\/li>\n<\/ul>\n<h3><span style=\"color: #ff6600;\">Excluse<\/span><\/h3>\n<ul>\n<li>B\u0103uturi \u00een timpul pr\u00e2nzului<\/li>\n<li>Mormintele suplimentare din Valea Regilor<\/li>\n<li>Bac\u0219i\u0219 pentru ghid \u0219i \u0219ofer<\/li>\n<\/ul>\n<h3><span style=\"color: #ff6600;\">Ce s\u0103 lua\u021bi cu dumneavoastr\u0103<\/span><\/h3>\n<ul>\n<li>\u00cenc\u0103l\u021b\u0103minte confortabil\u0103, deoarece majoritatea locurilor sunt cu nisip sau piatr\u0103<\/li>\n<li>Ochelari de soare<\/li>\n<li>Crem\u0103 de soare<\/li>\n<li>P\u0103l\u0103rie<\/li>\n<\/ul>\n<h2><span style=\"color: #ff6600;\">Itinerariu<\/span><\/h2>\n<p>V\u0103 vom prelua din holul hotelului dumneavoastr\u0103 din Safaga pentru a \u00eencepe turul dumneavoastr\u0103 de o zi de la Safaga la Luxor. Distan\u021ba dintre Safaga \u0219i Luxor este de aproximativ 220 km \u0219i dureaz\u0103 aproximativ 3 ore cu ma\u0219ina. La sosire, ve\u021bi \u00eencepe turul dumneavoastr\u0103 de o zi \u00eentreag\u0103 cu ghidul dumneavoastr\u0103 expert la atrac\u021biile din Luxor, precum:<\/p>\n<h2><span style=\"color: #ff6600;\">Valea Regilor: C\u0103l\u0103torie spre Via\u021ba de Apoi a Faraonilor<\/span><\/h2>\n<p><strong>Valea Regilor<\/strong> a fost locul de \u00eenmorm\u00e2ntare pentru faraonii din dinastiile a 18-a, a 19-a \u0219i a 20-a. Explora\u021bi ritualurile funerare egiptene antice \u00een timp ce v\u0103 ad\u00e2nci\u021bi \u00een aceste morminte remarcabile s\u0103pate \u00een st\u00e2nc\u0103. Minuna\u021bi-v\u0103 de hieroglifele complicate \u0219i de picturile vibrante care \u00eempodobesc pere\u021bii, care ilustreaz\u0103 texte religioase sacre precum <strong>Cartea Mor\u021bilor<\/strong>, <strong>Cartea Zilei \u0219i Nop\u021bii<\/strong> \u0219i scene ale <strong>Judec\u0103\u021bii de Apoi<\/strong>. Ob\u021bine\u021bi perspective profunde asupra credin\u021belor \u0219i c\u0103l\u0103toriei faraonilor \u00een c\u0103utarea vie\u021bii ve\u0219nice.<\/p>\n<h3><span style=\"color: #ff6600;\">Vizite op\u021bionale la morminte (cost suplimentar):<\/span><\/h3>\n<p>Pentru cei care doresc s\u0103 exploreze mai mult, intrarea la anumite morminte, cum ar fi <strong>Morm\u00e2ntul lui Tutankhamon<\/strong>, <strong>Morm\u00e2ntul lui Seti I<\/strong> \u0219i <strong>Morm\u00e2ntul lui Ramses al V-lea<\/strong>, este disponibil\u0103 contra cost.<\/p>\n<h3><span style=\"color: #ff6600;\">Templul lui Hatshepsut: Un tribut adus unei faraone<\/span><\/h3>\n<p>Continua\u021bi la magnificul <strong>Templu al lui Hatshepsut<\/strong>, o capodoper\u0103 arhitectural\u0103 uimitoare, amplasat\u0103 \u00een st\u00e2ncile de la <strong>Deir el-Bahri<\/strong>. Acest templu mortuar, ales de formidabila faraon\u0103 <strong>Hatshepsut<\/strong> \u00eens\u0103\u0219i, st\u0103 ca un testament al domniei sale \u0219i al dreptului s\u0103u divin.<\/p>\n<p>Explora\u021bi terasele \u0219i colonadele diverse, minun\u00e2ndu-v\u0103 de statuile de sfinx care au supravie\u021buit \u0219i care odinioar\u0103 c\u0103ptu\u0219eau drumul procesional. Descoperi\u021bi <strong>Capela lui Hathor<\/strong> \u0219i <strong>Capela lui Anubis<\/strong>, frumos conservate, fiecare \u00eempodobit\u0103 cu reliefuri complicate care descriu zeit\u0103\u021bi \u0219i ritualuri antice. \u00cencheia\u021bi-v\u0103 vizita la <strong>Sf\u00e2ntul Sfintelor<\/strong>, cel mai interior sanctuar al templului, \u0219i imagina\u021bi-v\u0103 ceremoniile sacre care odinioar\u0103 aveau loc \u00een aceste ziduri sfin\u021bite.<\/p>\n<p>Observa\u021bi peisajul \u00eenconjur\u0103tor unde regalitatea a ales s\u0103 fie \u00eengropat\u0103 l\u00e2ng\u0103 regina lor venerat\u0103, ad\u0103ug\u00e2nd la semnifica\u021bia istoric\u0103 a acestui sit extraordinar.<\/p>\n<h3><span style=\"color: #ff6600;\">Colo\u0219ii din Memnon<\/span><\/h3>\n<p>M\u0103re\u021bii <strong>Colo\u0219i din Memnon<\/strong> sunt dou\u0103 statui colosale care au stat de paz\u0103 la intrarea \u00een grandiosul templu mortuar al <strong>faraonului Amenhotep al III-lea<\/strong>, un templu care, din p\u0103cate, a disp\u0103rut aproape \u00een totalitate de-a lungul timpului.<\/p>\n<p>\u00cen ciuda dispari\u021biei templului \u00eensu\u0219i, aceste efigii impun\u0103toare, reprezent\u00e2ndu-l pe Amenhotep al III-lea a\u0219ezat, r\u0103m\u00e2n un testament puternic al scalei \u0219i ambi\u021biei arhitecturii egiptene antice. \u00cen timp ce le privi\u021bi, imagina\u021bi-v\u0103 imensul complex care odinioar\u0103 le \u00eenconjura. De\u0219i au r\u0103mas doar fragmente \u2013 c\u00e2teva stele, busturi \u00eempr\u0103\u0219tiate \u0219i baza unor coloane \u2013 dimensiunea pur\u0103 a Colosilor ofer\u0103 o privire vie asupra gloriei de odinioar\u0103 a acestui sit sacru de pe malul de vest al Luxorului.<\/p>\n<h3><span style=\"color: #ff6600;\">Scurt\u0103 plimbare cu barca cu motor: Luxor de pe Nil<\/span><\/h3>\n<p>Experimenta\u021bi magia Luxorului dintr-o perspectiv\u0103 unic\u0103 cu o <strong>plimbare op\u021bional\u0103 de 30 de minute cu barca cu motor<\/strong> pe maiestuosul Nil. Aluneca\u021bi de-a lungul apelor lini\u0219tite \u0219i fi\u021bi martori la reperele iconice ale Luxorului care prind via\u021b\u0103 de pe r\u00e2u. Punctele de atrac\u021bie ale acestei croaziere pitore\u0219ti includ vederi uimitoare ale <strong>Templului din Luxor<\/strong> iluminat \u0219i ale grandiosului <strong>Palat de Iarn\u0103<\/strong>, printre alte obiective turistice captivante de-a lungul malurilor.<\/p>\n<h3><span style=\"color: #ff6600;\">Pr\u00e2nz<\/span><\/h3>\n<p>Bucura\u021bi-v\u0103 de un pr\u00e2nz proasp\u0103t g\u0103tit la un restaurant local de pe malul r\u00e2ului Nil.<\/p>\n<h3><span style=\"color: #ff6600;\">Complexul Templului Karnak<\/span><\/h3>\n<p>\u00cencheia\u021bi-v\u0103 explorarea de neuitat a Luxorului cu o vizit\u0103 la inegalabilul <strong>Complex al Templului Karnak<\/strong>, cel mai mare sit religios antic din lume. \u00censo\u021bit de ghidul dumneavoastr\u0103 expert, preg\u0103ti\u021bi-v\u0103 s\u0103 fi\u021bi uimi\u021bi de scara uria\u0219\u0103 \u0219i detaliile complicate ale acestui testament monumental al puterii \u0219i devotamentului faraonic.<\/p>\n<p>Plimba\u021bi-v\u0103 prin <strong>pilonii<\/strong> impun\u0103tori, explora\u021bi nenum\u0103ratele <strong>sanctuare<\/strong> \u0219i minuna\u021bi-v\u0103 de uimitoarea <strong>Mare Sal\u0103 Hipostil\u0103<\/strong>, cu p\u0103durea sa de coloane colosale. Descoperi\u021bi <strong>Lacul Sacru<\/strong>, odinioar\u0103 folosit pentru purificare ritual\u0103.<\/p>\n<p>Nu uita\u021bi de tradi\u021bia de a v\u0103 plimba \u00een jurul <strong>statuii g\u00e2ndacului scarabeu<\/strong> de \u0219apte ori pentru ca dorin\u021bele dumneavoastr\u0103 s\u0103 se \u00eendeplineasc\u0103! Asigura\u021bi-v\u0103, de asemenea, c\u0103 explora\u021bi frumoasele <strong>Capela Ro\u0219ie<\/strong> \u0219i <strong>Capela Alb\u0103<\/strong>, bijuterii ascunse \u00een cadrul acestui complex vast care ofer\u0103 perspective unice asupra m\u0103iestriei artistice \u0219i istoriei egiptene antice.<\/p>\n<h3><span style=\"color: #ff6600;\">Pre\u021b excursie de o zi de la Safaga la Luxor<\/span><\/h3>\n<p>Pre\u021b total <strong>145 \u20ac<\/strong> de persoan\u0103<\/p>\n<h3><span style=\"color: #ff6600;\">Rezervare<\/span><\/h3>\n<p>Pute\u021bi rezerva turul dumneavoastr\u0103 prin WhatsApp sau ne pute\u021bi trimite un e-mail \u0219i ve\u021bi primi confirmarea pe loc. V\u0103 rug\u0103m s\u0103 ne trimite\u021bi numele hotelului, num\u0103rul camerei, copiile pa\u0219apoartelor.<\/p>\n<p>WhatsApp: <strong>+201000852186<\/strong><\/p>\n<p>info@egytourpackages.com<\/p>\n<h3><span style=\"color: #ff6600;\">Politica de anulare<\/span><\/h3>\n<p>Pute\u021bi anula oric\u00e2nd cu p\u00e2n\u0103 la 24 de ore \u00eenainte de excursie.<\/p>\n<h3><span style=\"color: #ff6600;\">P.C.<\/span><\/h3>\n<p>V\u0103 rug\u0103m s\u0103 re\u021bine\u021bi c\u0103 trebuie s\u0103 facem permisul de c\u0103l\u0103torie cu o zi \u00eenainte, conform legii egiptene, a\u0219a c\u0103 v\u0103 rug\u0103m s\u0103 ne trimite\u021bi copiile pa\u0219apoartelor, num\u0103rul camerei \u0219i numele croazierei cu cel pu\u021bin dou\u0103 zile \u00eenainte.<\/p>\n","protected":false},"excerpt":{"rendered":"<p>Excursie de o zi de la Safaga la Luxor. Explora\u021bi minunile antice ale V\u0103ii Regilor \u0219i templele legendare \u00eentr-o aventur\u0103 memorabil\u0103.<\/p>\n","protected":false},"featured_media":8268,"comment_status":"open","ping_status":"closed","template":"","meta":[],"product_brand":[],"product_cat":[3120],"product_tag":[3203,3230,3204,3192],"class_list":{"0":"post-8267","1":"product","2":"type-product","3":"status-publish","4":"has-post-thumbnail","6":"product_cat-tururi","7":"product_tag-excursii-de-o-zi-in-egipt","8":"product_tag-excursii-soma-bay","9":"product_tag-pachete-de-vacanta-in-egipt","10":"product_tag-tururi-in-egipt","11":"tour_category-excursii-de-o-zi-din-safaga","12":"tour_category-excursii-de-o-zi-in-egipt-ro","13":"tour_category-excursii-la-luxor-din-hurghada","14":"tour_category-excursii-soma-bay-ro","16":"first","17":"instock","18":"sale","19":"shipping-taxable","20":"purchasable","21":"product-type-tour","22":"has-default-attributes"},"yoast_head":"<!-- This site is optimized with the Yoast SEO Premium plugin v27.4 (Yoast SEO v27.4) - https:\/\/yoast.com\/product\/yoast-seo-premium-wordpress\/ -->\n<title>Excursie de o zi de la Safaga la Luxor: Egy tour packages<\/title>\n<meta name=\"description\" content=\"Excursie de o zi de la Safaga la Luxor. Explora\u021bi minunile antice ale V\u0103ii Regilor \u0219i templele legendare \u00eentr-o aventur\u0103 memorabil\u0103.\" \/>\n<meta name=\"robots\" content=\"index, follow, max-snippet:-1, max-image-preview:large, max-video-preview:-1\" \/>\n<link rel=\"canonical\" href=\"https:\/\/egytourpackages.com\/ro\/tours\/excursie-de-o-zi-de-la-safaga-la-luxor\/\" \/>\n<meta property=\"og:locale\" content=\"ro_RO\" \/>\n<meta property=\"og:type\" content=\"article\" \/>\n<meta property=\"og:title\" content=\"Excursie de o zi de la Safaga la Luxor\" \/>\n<meta property=\"og:description\" content=\"Excursie de o zi de la Safaga la Luxor. Explora\u021bi minunile antice ale V\u0103ii Regilor \u0219i templele legendare \u00eentr-o aventur\u0103 memorabil\u0103.\" \/>\n<meta property=\"og:url\" content=\"https:\/\/egytourpackages.com\/ro\/tours\/excursie-de-o-zi-de-la-safaga-la-luxor\/\" \/>\n<meta property=\"og:site_name\" content=\"Egypt Tour Packages\" \/>\n<meta property=\"article:publisher\" content=\"https:\/\/www.facebook.com\/egytourpackages\" \/>\n<meta property=\"article:modified_time\" content=\"2026-01-28T11:08:48+00:00\" \/>\n<meta property=\"og:image\" content=\"https:\/\/egytourpackages.com\/wp-content\/uploads\/2024\/06\/Valley-of-the-Kings-Luxor-1-1024x682.jpg\" \/>\n<meta name=\"twitter:card\" content=\"summary_large_image\" \/>\n<meta name=\"twitter:title\" content=\"Excursie de o zi de la Safaga la Luxor\" \/>\n<meta name=\"twitter:label1\" content=\"Pre\u021b\" \/>\n\t<meta name=\"twitter:data1\" content=\"&euro;145\" \/>\n\t<meta name=\"twitter:label2\" content=\"Disponibilitate\" \/>\n\t<meta name=\"twitter:data2\" content=\"\u00cen stoc\" \/>\n<script type=\"application\/ld+json\" class=\"yoast-schema-graph\">{\"@context\":\"https:\\\/\\\/schema.org\",\"@graph\":[{\"@type\":\"WebPage\",\"@id\":\"https:\\\/\\\/egytourpackages.com\\\/ro\\\/tours\\\/excursie-de-o-zi-de-la-safaga-la-luxor\\\/\",\"url\":\"https:\\\/\\\/egytourpackages.com\\\/ro\\\/tours\\\/excursie-de-o-zi-de-la-safaga-la-luxor\\\/\",\"name\":\"Excursie de o zi de la Safaga la Luxor: Egy tour packages\",\"isPartOf\":{\"@id\":\"https:\\\/\\\/egytourpackages.com\\\/ro\\\/#website\"},\"primaryImageOfPage\":{\"@id\":\"https:\\\/\\\/egytourpackages.com\\\/ro\\\/tours\\\/excursie-de-o-zi-de-la-safaga-la-luxor\\\/#primaryimage\"},\"image\":{\"@id\":\"https:\\\/\\\/egytourpackages.com\\\/ro\\\/tours\\\/excursie-de-o-zi-de-la-safaga-la-luxor\\\/#primaryimage\"},\"thumbnailUrl\":\"https:\\\/\\\/egytourpackages.com\\\/wp-content\\\/uploads\\\/2024\\\/06\\\/Valley-of-the-Kings-Luxor-1.jpg\",\"datePublished\":\"2024-06-24T06:27:47+00:00\",\"dateModified\":\"2026-01-28T11:08:48+00:00\",\"description\":\"Excursie de o zi de la Safaga la Luxor. Explora\u021bi minunile antice ale V\u0103ii Regilor \u0219i templele legendare \u00eentr-o aventur\u0103 memorabil\u0103.\",\"breadcrumb\":{\"@id\":\"https:\\\/\\\/egytourpackages.com\\\/ro\\\/tours\\\/excursie-de-o-zi-de-la-safaga-la-luxor\\\/#breadcrumb\"},\"inLanguage\":\"ro-RO\",\"potentialAction\":[{\"@type\":\"ReadAction\",\"target\":[\"https:\\\/\\\/egytourpackages.com\\\/ro\\\/tours\\\/excursie-de-o-zi-de-la-safaga-la-luxor\\\/\"]}]},{\"@type\":\"ImageObject\",\"inLanguage\":\"ro-RO\",\"@id\":\"https:\\\/\\\/egytourpackages.com\\\/ro\\\/tours\\\/excursie-de-o-zi-de-la-safaga-la-luxor\\\/#primaryimage\",\"url\":\"https:\\\/\\\/egytourpackages.com\\\/wp-content\\\/uploads\\\/2024\\\/06\\\/Valley-of-the-Kings-Luxor-1.jpg\",\"contentUrl\":\"https:\\\/\\\/egytourpackages.com\\\/wp-content\\\/uploads\\\/2024\\\/06\\\/Valley-of-the-Kings-Luxor-1.jpg\",\"width\":2000,\"height\":1333,\"caption\":\"Excursie de o zi de la Safaga la Luxor\"},{\"@type\":\"BreadcrumbList\",\"@id\":\"https:\\\/\\\/egytourpackages.com\\\/ro\\\/tours\\\/excursie-de-o-zi-de-la-safaga-la-luxor\\\/#breadcrumb\",\"itemListElement\":[{\"@type\":\"ListItem\",\"position\":1,\"name\":\"Home\",\"item\":\"https:\\\/\\\/egytourpackages.com\\\/ro\\\/\"},{\"@type\":\"ListItem\",\"position\":2,\"name\":\"Shop\",\"item\":\"https:\\\/\\\/egytourpackages.com\\\/shop\\\/\"},{\"@type\":\"ListItem\",\"position\":3,\"name\":\"Excursie de o zi de la Safaga la Luxor\"}]},{\"@type\":\"WebSite\",\"@id\":\"https:\\\/\\\/egytourpackages.com\\\/ro\\\/#website\",\"url\":\"https:\\\/\\\/egytourpackages.com\\\/ro\\\/\",\"name\":\"Egy tour packages\",\"description\":\"\",\"publisher\":{\"@id\":\"https:\\\/\\\/egytourpackages.com\\\/ro\\\/#organization\"},\"potentialAction\":[{\"@type\":\"SearchAction\",\"target\":{\"@type\":\"EntryPoint\",\"urlTemplate\":\"https:\\\/\\\/egytourpackages.com\\\/ro\\\/?s={search_term_string}\"},\"query-input\":{\"@type\":\"PropertyValueSpecification\",\"valueRequired\":true,\"valueName\":\"search_term_string\"}}],\"inLanguage\":\"ro-RO\"},{\"@type\":[\"Organization\",\"Place\",\"TravelAgency\"],\"@id\":\"https:\\\/\\\/egytourpackages.com\\\/ro\\\/#organization\",\"name\":\"egypt tour packages\",\"alternateName\":\"egypt tour packages\",\"url\":\"https:\\\/\\\/egytourpackages.com\\\/ro\\\/\",\"logo\":{\"@id\":\"https:\\\/\\\/egytourpackages.com\\\/ro\\\/tours\\\/excursie-de-o-zi-de-la-safaga-la-luxor\\\/#local-main-organization-logo\"},\"image\":{\"@id\":\"https:\\\/\\\/egytourpackages.com\\\/ro\\\/tours\\\/excursie-de-o-zi-de-la-safaga-la-luxor\\\/#local-main-organization-logo\"},\"sameAs\":[\"https:\\\/\\\/www.facebook.com\\\/egytourpackages\"],\"legalName\":\"Egy tour packages\",\"address\":{\"@id\":\"https:\\\/\\\/egytourpackages.com\\\/ro\\\/tours\\\/excursie-de-o-zi-de-la-safaga-la-luxor\\\/#local-main-place-address\"},\"telephone\":[\"00201000852186\",\"00201028685533\"],\"contactPoint\":{\"@type\":\"ContactPoint\",\"telephone\":\"00201000852186\"},\"openingHoursSpecification\":[{\"@type\":\"OpeningHoursSpecification\",\"dayOfWeek\":[\"Monday\",\"Tuesday\",\"Wednesday\",\"Thursday\",\"Friday\",\"Saturday\",\"Sunday\"],\"opens\":\"00:00\",\"closes\":\"23:59\"}],\"email\":\"info@egytourpackages.com\",\"areaServed\":\"Cairo, Hurghada, Luxor, Sharm El Sheikh, Marsa Alam, Aswan\",\"priceRange\":\"$\",\"currenciesAccepted\":\"euro\",\"paymentAccepted\":\"Payment links online\"},{\"@type\":\"PostalAddress\",\"@id\":\"https:\\\/\\\/egytourpackages.com\\\/ro\\\/tours\\\/excursie-de-o-zi-de-la-safaga-la-luxor\\\/#local-main-place-address\",\"streetAddress\":\"Mubarak 8, Al Kawthar District, Hurghada\",\"addressLocality\":\"Hurghada\",\"postalCode\":\"84511\",\"addressRegion\":\"Red Sea\",\"addressCountry\":\"EG\"},{\"@type\":\"ImageObject\",\"inLanguage\":\"ro-RO\",\"@id\":\"https:\\\/\\\/egytourpackages.com\\\/ro\\\/tours\\\/excursie-de-o-zi-de-la-safaga-la-luxor\\\/#local-main-organization-logo\",\"url\":\"https:\\\/\\\/egytourpackages.com\\\/wp-content\\\/uploads\\\/2025\\\/12\\\/Turquoise-Dahabiya-Nile-Cruise-1.jpeg\",\"contentUrl\":\"https:\\\/\\\/egytourpackages.com\\\/wp-content\\\/uploads\\\/2025\\\/12\\\/Turquoise-Dahabiya-Nile-Cruise-1.jpeg\",\"width\":1040,\"height\":694,\"caption\":\"egypt tour packages\"}]}<\/script>\n<meta property=\"product:brand\" content=\"Excursii de o zi din Safaga\" \/>\n<meta property=\"product:price:amount\" content=\"145\" \/>\n<meta property=\"product:price:currency\" content=\"EUR\" \/>\n<meta property=\"og:availability\" content=\"instock\" \/>\n<meta property=\"product:availability\" content=\"instock\" \/>\n<meta property=\"product:retailer_item_id\" content=\"SDT02\" \/>\n<meta property=\"product:condition\" content=\"new\" \/>\n<meta name=\"geo.placename\" content=\"Hurghada\" \/>\n<meta name=\"geo.region\" content=\"Egipt\" \/>\n<!-- \/ Yoast SEO Premium plugin. -->","yoast_head_json":{"title":"Excursie de o zi de la Safaga la Luxor: Egy tour packages","description":"Excursie de o zi de la Safaga la Luxor. Explora\u021bi minunile antice ale V\u0103ii Regilor \u0219i templele legendare \u00eentr-o aventur\u0103 memorabil\u0103.","robots":{"index":"index","follow":"follow","max-snippet":"max-snippet:-1","max-image-preview":"max-image-preview:large","max-video-preview":"max-video-preview:-1"},"canonical":"https:\/\/egytourpackages.com\/ro\/tours\/excursie-de-o-zi-de-la-safaga-la-luxor\/","og_locale":"ro_RO","og_type":"article","og_title":"Excursie de o zi de la Safaga la Luxor","og_description":"Excursie de o zi de la Safaga la Luxor. Explora\u021bi minunile antice ale V\u0103ii Regilor \u0219i templele legendare \u00eentr-o aventur\u0103 memorabil\u0103.","og_url":"https:\/\/egytourpackages.com\/ro\/tours\/excursie-de-o-zi-de-la-safaga-la-luxor\/","og_site_name":"Egypt Tour Packages","article_publisher":"https:\/\/www.facebook.com\/egytourpackages","article_modified_time":"2026-01-28T11:08:48+00:00","og_image":[{"url":"https:\/\/egytourpackages.com\/wp-content\/uploads\/2024\/06\/Valley-of-the-Kings-Luxor-1-1024x682.jpg","type":"","width":"","height":""}],"twitter_card":"summary_large_image","twitter_title":"Excursie de o zi de la Safaga la Luxor","twitter_misc":{"Pre\u021b":"&euro;145","Disponibilitate":"\u00cen stoc"},"schema":{"@context":"https:\/\/schema.org","@graph":[{"@type":"WebPage","@id":"https:\/\/egytourpackages.com\/ro\/tours\/excursie-de-o-zi-de-la-safaga-la-luxor\/","url":"https:\/\/egytourpackages.com\/ro\/tours\/excursie-de-o-zi-de-la-safaga-la-luxor\/","name":"Excursie de o zi de la Safaga la Luxor: Egy tour packages","isPartOf":{"@id":"https:\/\/egytourpackages.com\/ro\/#website"},"primaryImageOfPage":{"@id":"https:\/\/egytourpackages.com\/ro\/tours\/excursie-de-o-zi-de-la-safaga-la-luxor\/#primaryimage"},"image":{"@id":"https:\/\/egytourpackages.com\/ro\/tours\/excursie-de-o-zi-de-la-safaga-la-luxor\/#primaryimage"},"thumbnailUrl":"https:\/\/egytourpackages.com\/wp-content\/uploads\/2024\/06\/Valley-of-the-Kings-Luxor-1.jpg","datePublished":"2024-06-24T06:27:47+00:00","dateModified":"2026-01-28T11:08:48+00:00","description":"Excursie de o zi de la Safaga la Luxor. Explora\u021bi minunile antice ale V\u0103ii Regilor \u0219i templele legendare \u00eentr-o aventur\u0103 memorabil\u0103.","breadcrumb":{"@id":"https:\/\/egytourpackages.com\/ro\/tours\/excursie-de-o-zi-de-la-safaga-la-luxor\/#breadcrumb"},"inLanguage":"ro-RO","potentialAction":[{"@type":"ReadAction","target":["https:\/\/egytourpackages.com\/ro\/tours\/excursie-de-o-zi-de-la-safaga-la-luxor\/"]}]},{"@type":"ImageObject","inLanguage":"ro-RO","@id":"https:\/\/egytourpackages.com\/ro\/tours\/excursie-de-o-zi-de-la-safaga-la-luxor\/#primaryimage","url":"https:\/\/egytourpackages.com\/wp-content\/uploads\/2024\/06\/Valley-of-the-Kings-Luxor-1.jpg","contentUrl":"https:\/\/egytourpackages.com\/wp-content\/uploads\/2024\/06\/Valley-of-the-Kings-Luxor-1.jpg","width":2000,"height":1333,"caption":"Excursie de o zi de la Safaga la Luxor"},{"@type":"BreadcrumbList","@id":"https:\/\/egytourpackages.com\/ro\/tours\/excursie-de-o-zi-de-la-safaga-la-luxor\/#breadcrumb","itemListElement":[{"@type":"ListItem","position":1,"name":"Home","item":"https:\/\/egytourpackages.com\/ro\/"},{"@type":"ListItem","position":2,"name":"Shop","item":"https:\/\/egytourpackages.com\/shop\/"},{"@type":"ListItem","position":3,"name":"Excursie de o zi de la Safaga la Luxor"}]},{"@type":"WebSite","@id":"https:\/\/egytourpackages.com\/ro\/#website","url":"https:\/\/egytourpackages.com\/ro\/","name":"Egy tour packages","description":"","publisher":{"@id":"https:\/\/egytourpackages.com\/ro\/#organization"},"potentialAction":[{"@type":"SearchAction","target":{"@type":"EntryPoint","urlTemplate":"https:\/\/egytourpackages.com\/ro\/?s={search_term_string}"},"query-input":{"@type":"PropertyValueSpecification","valueRequired":true,"valueName":"search_term_string"}}],"inLanguage":"ro-RO"},{"@type":["Organization","Place","TravelAgency"],"@id":"https:\/\/egytourpackages.com\/ro\/#organization","name":"egypt tour packages","alternateName":"egypt tour packages","url":"https:\/\/egytourpackages.com\/ro\/","logo":{"@id":"https:\/\/egytourpackages.com\/ro\/tours\/excursie-de-o-zi-de-la-safaga-la-luxor\/#local-main-organization-logo"},"image":{"@id":"https:\/\/egytourpackages.com\/ro\/tours\/excursie-de-o-zi-de-la-safaga-la-luxor\/#local-main-organization-logo"},"sameAs":["https:\/\/www.facebook.com\/egytourpackages"],"legalName":"Egy tour packages","address":{"@id":"https:\/\/egytourpackages.com\/ro\/tours\/excursie-de-o-zi-de-la-safaga-la-luxor\/#local-main-place-address"},"telephone":["00201000852186","00201028685533"],"contactPoint":{"@type":"ContactPoint","telephone":"00201000852186"},"openingHoursSpecification":[{"@type":"OpeningHoursSpecification","dayOfWeek":["Monday","Tuesday","Wednesday","Thursday","Friday","Saturday","Sunday"],"opens":"00:00","closes":"23:59"}],"email":"info@egytourpackages.com","areaServed":"Cairo, Hurghada, Luxor, Sharm El Sheikh, Marsa Alam, Aswan","priceRange":"$","currenciesAccepted":"euro","paymentAccepted":"Payment links online"},{"@type":"PostalAddress","@id":"https:\/\/egytourpackages.com\/ro\/tours\/excursie-de-o-zi-de-la-safaga-la-luxor\/#local-main-place-address","streetAddress":"Mubarak 8, Al Kawthar District, Hurghada","addressLocality":"Hurghada","postalCode":"84511","addressRegion":"Red Sea","addressCountry":"EG"},{"@type":"ImageObject","inLanguage":"ro-RO","@id":"https:\/\/egytourpackages.com\/ro\/tours\/excursie-de-o-zi-de-la-safaga-la-luxor\/#local-main-organization-logo","url":"https:\/\/egytourpackages.com\/wp-content\/uploads\/2025\/12\/Turquoise-Dahabiya-Nile-Cruise-1.jpeg","contentUrl":"https:\/\/egytourpackages.com\/wp-content\/uploads\/2025\/12\/Turquoise-Dahabiya-Nile-Cruise-1.jpeg","width":1040,"height":694,"caption":"egypt tour packages"}]},"product_brand":"Excursii de o zi din Safaga","product_price_amount":"145","product_price_currency":"EUR","og_availability":"instock","product_availability":"instock","product_retailer_item_id":"SDT02","product_condition":"new","geo.placename":"Hurghada","geo.region":"Egipt"},"_links":{"self":[{"href":"https:\/\/egytourpackages.com\/ro\/wp-json\/wp\/v2\/product\/8267","targetHints":{"allow":["GET"]}}],"collection":[{"href":"https:\/\/egytourpackages.com\/ro\/wp-json\/wp\/v2\/product"}],"about":[{"href":"https:\/\/egytourpackages.com\/ro\/wp-json\/wp\/v2\/types\/product"}],"replies":[{"embeddable":true,"href":"https:\/\/egytourpackages.com\/ro\/wp-json\/wp\/v2\/comments?post=8267"}],"wp:featuredmedia":[{"embeddable":true,"href":"https:\/\/egytourpackages.com\/ro\/wp-json\/wp\/v2\/media\/8268"}],"wp:attachment":[{"href":"https:\/\/egytourpackages.com\/ro\/wp-json\/wp\/v2\/media?parent=8267"}],"wp:term":[{"taxonomy":"product_brand","embeddable":true,"href":"https:\/\/egytourpackages.com\/ro\/wp-json\/wp\/v2\/product_brand?post=8267"},{"taxonomy":"product_cat","embeddable":true,"href":"https:\/\/egytourpackages.com\/ro\/wp-json\/wp\/v2\/product_cat?post=8267"},{"taxonomy":"product_tag","embeddable":true,"href":"https:\/\/egytourpackages.com\/ro\/wp-json\/wp\/v2\/product_tag?post=8267"}],"curies":[{"name":"wp","href":"https:\/\/api.w.org\/{rel}","templated":true}]}}