{"id":8269,"date":"2024-06-23T23:59:46","date_gmt":"2024-06-23T23:59:46","guid":{"rendered":"https:\/\/egytourpackages.com\/product\/excursii-la-luxor-din-soma-bay\/"},"modified":"2026-01-28T10:49:08","modified_gmt":"2026-01-28T10:49:08","slug":"excursii-la-luxor-din-soma-bay","status":"publish","type":"product","link":"https:\/\/egytourpackages.com\/ro\/tours\/excursii-la-luxor-din-soma-bay\/","title":{"rendered":"Excursii la Luxor din Soma Bay"},"content":{"rendered":"<p><strong><span style=\"color: #ff6600;\">Excursii la Luxor din Soma Bay | Excursie privat\u0103 la Luxor<\/span><\/strong><\/p>\n<p>Experimenta\u021bi Luxor-ul \u00een termenii dumneavoastr\u0103 cu excursia noastr\u0103 privat\u0103 exclusiv\u0103 de o zi din Soma Bay! Acest tur flexibil v\u0103 d\u0103 puterea de a alege <strong>patru destina\u021bii turistice preferate<\/strong> \u00een Luxor, permi\u021b\u00e2ndu-v\u0103 s\u0103 v\u0103 personaliza\u021bi aventura istoric\u0103 exact dup\u0103 interesele dumneavoastr\u0103.<\/p>\n<h3><span style=\"color: #ff6600;\">Vehicul privat &amp; permis de c\u0103l\u0103torie <\/span><\/h3>\n<p>Bucura\u021bi-v\u0103 de transport confortabil \u0219i direct din Soma Bay la Luxor \u00eentr-un vehicul privat, inclusiv toate permisele de c\u0103l\u0103torie necesare. Acest serviciu are un pre\u021b de <strong>130 $ per vehicul pentru p\u00e2n\u0103 la 3 persoane<\/strong>, oferind o valoare excelent\u0103 pentru grupuri mici.<\/p>\n<h3><span style=\"color: #ff6600;\">Flexibilitate complet\u0103 <\/span><\/h3>\n<p>Dumneavoastr\u0103 decide\u021bi ce patru situri dori\u021bi s\u0103 vizita\u021bi \u0219i c\u00e2t timp dori\u021bi s\u0103 petrece\u021bi la fiecare. Pl\u0103ti\u021bi doar taxele de intrare pentru atrac\u021biile pe care le alege\u021bi.<\/p>\n<h3><span style=\"color: #ff6600;\">\u00cembun\u0103t\u0103\u021bi\u021bi-v\u0103 experien\u021ba (op\u021bional, cost suplimentar) <\/span><\/h3>\n<p><strong>Ghid egiptolog expert<\/strong> Pentru o \u00een\u021belegere mai profund\u0103 a istoriei bogate a Luxorului \u0219i a monumentelor sale incredibile, putem aranja ca un ghid egiptolog calificat s\u0103 v\u0103 \u00eenso\u021beasc\u0103 pe parcursul \u00eentregului dumneavoastr\u0103 itinerariu ales.<\/p>\n<p>Proiecta\u021bi-v\u0103 turul perfect de o zi la Luxor, concentr\u00e2ndu-v\u0103 pe minunile care v\u0103 captiveaz\u0103 cel mai mult!<\/p>\n<h3><span style=\"color: #ff6600;\">Detalii tur<\/span><\/h3>\n<ul>\n<li>Durat\u0103: 14 ore<\/li>\n<li>Loca\u021bia turului: Luxor<\/li>\n<li>Disponibilitate tur: Zilnic<\/li>\n<li>Preluare &amp; L\u0103sare: Hotelul dumneavoastr\u0103 din Soma Bay<\/li>\n<li>Tipul turului: Privat<\/li>\n<li><strong>Limba: Rom\u00e2n\u0103<\/strong><\/li>\n<li>Scaun cu rotile: Accesibil<\/li>\n<\/ul>\n<h3><span style=\"color: #ff6600;\">Incluse<\/span><\/h3>\n<ul>\n<li>Transfer privat dus-\u00eentors cu un vehicul nou<\/li>\n<li>Pr\u00e2nz la un restaurant local<\/li>\n<li>Taxa de intrare pentru toate obiectivele turistice din program<\/li>\n<li><strong>Ghid turistic arheolog expert vorbitor de limba Rom\u00e2n\u0103<\/strong><\/li>\n<\/ul>\n<h3><span style=\"color: #ff6600;\">Excluse<\/span><\/h3>\n<ul>\n<li>B\u0103uturi \u00een timpul pr\u00e2nzului<\/li>\n<li>Taxe de intrare la siturile vizitate<\/li>\n<li>Tur op\u021bional de 30 de minute cu barca cu motor (10 \u20ac pl\u0103ti\u021bi \u00een numerar la fa\u021ba locului)<\/li>\n<li>Ghid egiptolog vorbitor de spaniol\u0103, dac\u0103 este necesar<\/li>\n<li>Bac\u0219i\u0219<\/li>\n<\/ul>\n<h3><span style=\"color: #ff6600;\">Ce s\u0103 lua\u021bi cu dumneavoastr\u0103<\/span><\/h3>\n<ul>\n<li>P\u0103l\u0103rie, ochelari de soare \u0219i crem\u0103 de soare<\/li>\n<li>\u00cenc\u0103l\u021b\u0103minte \u0219i haine confortabile<\/li>\n<li>M\u0103run\u021bi\u0219 pentru toalet\u0103<\/li>\n<\/ul>\n<h2><span style=\"color: #ff6600;\">Itinerariu<\/span><\/h2>\n<h3><span style=\"color: #ff6600;\">05:00 Preluare de la hotel<\/span><\/h3>\n<p>V\u0103 vom prelua din holul hotelului dumneavoastr\u0103 pentru a \u00eencepe turul dumneavoastr\u0103 al atrac\u021biilor turistice din Luxor din Soma Bay.<\/p>\n<h3><span style=\"color: #ff6600;\">Pauz\u0103 scurt\u0103 <\/span><\/h3>\n<p>\u00cen jurul orei 07:00, v\u0103 ve\u021bi bucura de o pauz\u0103 de cafea de 20 de minute la un lounge confortabil pentru a folosi toaleta (20 l.e. de persoan\u0103), a lua micul dejun \u0219i a savura o b\u0103utur\u0103.<\/p>\n<h3><span style=\"color: #ff6600;\">Atrac\u021bii Luxor pe malul de est <\/span><\/h3>\n<p>Turul dumneavoastr\u0103 include 4 vizite turistice pe malul de est \u0219i de vest al r\u00e2ului Nil \u00een Luxor. Pute\u021bi alege orice dori\u021bi dintre urm\u0103toarele atrac\u021bii:<\/p>\n<ul>\n<li><strong>Complexul templelor Karnak<\/strong> de pe malul de est al Luxorului<\/li>\n<li><strong>Templul din Luxor<\/strong> de pe malul de est al Luxorului<\/li>\n<\/ul>\n<h3><span style=\"color: #ff6600;\">Atrac\u021bii Luxor pe malul de vest<\/span><\/h3>\n<ul>\n<li>Colo\u0219ii din Memnon<\/li>\n<li>Templul Hatshepsut<\/li>\n<li>Medinet Habu<\/li>\n<li>Valea Nobililor<\/li>\n<li>Valea Reginelor<\/li>\n<li>Ramesseum<\/li>\n<li>Deir El Medina<\/li>\n<li>Valea Regilor<\/li>\n<\/ul>\n<p>De fapt, una dintre <strong>cele mai bune lucruri de f\u0103cut \u00een Egipt<\/strong> este s\u0103 vizita\u021bi Valea Regilor cu cele 62 de morminte s\u0103pate \u00een interiorul muntelui. Cu biletul dumneavoastr\u0103 de intrare, pute\u021bi vizita 3 morminte \u0219i pute\u021bi face fotografii \u00een interior gratuit. Aceste trei morminte pot fi 3 dintre urm\u0103toarele morminte:<\/p>\n<ul>\n<li>(KV 02) Ramses IV<\/li>\n<li>Morm\u00e2ntul lui Ramses III (KV 11)<\/li>\n<li>Morm\u00e2ntul lui Ramses IX (KV 6)<\/li>\n<li>Morm\u00e2ntul lui Merenptah (KV 8)<\/li>\n<li>Morm\u00e2ntul lui Tausert \u0219i Setnakht (KV 14)<\/li>\n<li>Morm\u00e2ntul lui Ramses I este KV16<\/li>\n<\/ul>\n<p>Odat\u0103 ce vizita\u021bi cele patru locuri ale dumneavoastr\u0103 pe malul de est, malul de vest sau ambele, \u0219oferul dumneavoastr\u0103 v\u0103 va conduce \u00eenapoi la hotelul dumneavoastr\u0103 din Soma Bay.<\/p>\n<h3><span style=\"color: #ff6600;\">Pre\u021b tururi Luxor din Soma Bay<\/span><\/h3>\n<p>Pre\u021b total <strong>150 \u20ac<\/strong> per vehicul Maximum 3 persoane<\/p>\n<h3><span style=\"color: #ff6600;\">Rezervare<\/span><\/h3>\n<ul>\n<li>Pute\u021bi rezerva turul dumneavoastr\u0103 prin WhatsApp sau ne pute\u021bi trimite un e-mail \u0219i ve\u021bi primi confirmarea pe loc.<\/li>\n<li>V\u0103 rug\u0103m s\u0103 ne trimite\u021bi numele hotelului, num\u0103rul camerei, copiile pa\u0219apoartelor.<\/li>\n<li>WhatsApp: <strong>+201000852186<\/strong><\/li>\n<li>info@egytourpackages.com<\/li>\n<\/ul>\n<h3><span style=\"color: #ff6600;\">Rezerva\u021bi acum \u0219i pl\u0103ti\u021bi la fa\u021ba locului<\/span><\/h3>\n<p>Rezerva\u021bi turul dumneavoastr\u0103 preferat \u0219i pl\u0103ti\u021bi \u00een ziua excursiei.<\/p>\n<h3><span style=\"color: #ff6600;\">Plat\u0103 <\/span><\/h3>\n<p>Pute\u021bi pl\u0103ti \u00een lire egiptene, $, \u20ac sau \u00a3.<\/p>\n<h3><span style=\"color: #ff6600;\">Politica de anulare<\/span><\/h3>\n<ul>\n<li>Anularea este gratuit\u0103 cu p\u00e2n\u0103 la 24 de ore \u00een avans<\/li>\n<li>Anularea diminea\u021ba este de 50% din pre\u021b<\/li>\n<\/ul>\n","protected":false},"excerpt":{"rendered":"<p>Excursii la Luxor din Soma Bay. Descoperi\u021bi Valea Regilor, Templul Karnak \u0219i alte monumente istorice \u00eentr-o c\u0103l\u0103torie de neuitat.<\/p>\n","protected":false},"featured_media":8270,"comment_status":"open","ping_status":"closed","template":"","meta":[],"product_brand":[],"product_cat":[3120],"product_tag":[3230,3195],"class_list":{"0":"post-8269","1":"product","2":"type-product","3":"status-publish","4":"has-post-thumbnail","6":"product_cat-tururi","7":"product_tag-excursii-soma-bay","8":"product_tag-templul-karnak","9":"tour_category-excursii-de-o-zi-in-egipt-ro","10":"tour_category-excursii-la-luxor-din-hurghada","11":"tour_category-excursii-soma-bay-ro","13":"first","14":"instock","15":"sale","16":"shipping-taxable","17":"purchasable","18":"product-type-tour","19":"has-default-attributes"},"yoast_head":"<!-- This site is optimized with the Yoast SEO Premium plugin v27.4 (Yoast SEO v27.4) - https:\/\/yoast.com\/product\/yoast-seo-premium-wordpress\/ -->\n<title>Excursii la Luxor din Soma Bay | Excursie privat\u0103 la Luxor<\/title>\n<meta name=\"description\" content=\"Excursii la Luxor din Soma Bay. Descoperi\u021bi Valea Regilor, Templul Karnak \u0219i alte monumente istorice \u00eentr-o c\u0103l\u0103torie de neuitat.\" \/>\n<meta name=\"robots\" content=\"index, follow, max-snippet:-1, max-image-preview:large, max-video-preview:-1\" \/>\n<link rel=\"canonical\" href=\"https:\/\/egytourpackages.com\/ro\/tours\/excursii-la-luxor-din-soma-bay\/\" \/>\n<meta property=\"og:locale\" content=\"ro_RO\" \/>\n<meta property=\"og:type\" content=\"article\" \/>\n<meta property=\"og:title\" content=\"Excursii la Luxor din Soma Bay | Excursie privat\u0103 la Luxor\" \/>\n<meta property=\"og:description\" content=\"Excursii la Luxor din Soma Bay. Descoperi\u021bi Valea Regilor, Templul Karnak \u0219i alte monumente istorice \u00eentr-o c\u0103l\u0103torie de neuitat.\" \/>\n<meta property=\"og:url\" content=\"https:\/\/egytourpackages.com\/ro\/tours\/excursii-la-luxor-din-soma-bay\/\" \/>\n<meta property=\"og:site_name\" content=\"Egypt Tour Packages\" \/>\n<meta property=\"article:publisher\" content=\"https:\/\/www.facebook.com\/egytourpackages\" \/>\n<meta property=\"article:modified_time\" content=\"2026-01-28T10:49:08+00:00\" \/>\n<meta property=\"og:image\" content=\"https:\/\/egytourpackages.com\/wp-content\/uploads\/2024\/06\/Karnak-temple-Luxor-1024x682.jpg\" \/>\n<meta name=\"twitter:card\" content=\"summary_large_image\" \/>\n<meta name=\"twitter:title\" content=\"Excursii la Luxor din Soma Bay\" \/>\n<meta name=\"twitter:label1\" content=\"Pre\u021b\" \/>\n\t<meta name=\"twitter:data1\" content=\"&euro;150\" \/>\n\t<meta name=\"twitter:label2\" content=\"Disponibilitate\" \/>\n\t<meta name=\"twitter:data2\" content=\"\u00cen stoc\" \/>\n<script type=\"application\/ld+json\" class=\"yoast-schema-graph\">{\"@context\":\"https:\\\/\\\/schema.org\",\"@graph\":[{\"@type\":\"WebPage\",\"@id\":\"https:\\\/\\\/egytourpackages.com\\\/ro\\\/tours\\\/excursii-la-luxor-din-soma-bay\\\/\",\"url\":\"https:\\\/\\\/egytourpackages.com\\\/ro\\\/tours\\\/excursii-la-luxor-din-soma-bay\\\/\",\"name\":\"Excursii la Luxor din Soma Bay | Excursie privat\u0103 la Luxor\",\"isPartOf\":{\"@id\":\"https:\\\/\\\/egytourpackages.com\\\/ro\\\/#website\"},\"primaryImageOfPage\":{\"@id\":\"https:\\\/\\\/egytourpackages.com\\\/ro\\\/tours\\\/excursii-la-luxor-din-soma-bay\\\/#primaryimage\"},\"image\":{\"@id\":\"https:\\\/\\\/egytourpackages.com\\\/ro\\\/tours\\\/excursii-la-luxor-din-soma-bay\\\/#primaryimage\"},\"thumbnailUrl\":\"https:\\\/\\\/egytourpackages.com\\\/wp-content\\\/uploads\\\/2024\\\/06\\\/Karnak-temple-Luxor.jpg\",\"datePublished\":\"2024-06-23T23:59:46+00:00\",\"dateModified\":\"2026-01-28T10:49:08+00:00\",\"description\":\"Excursii la Luxor din Soma Bay. Descoperi\u021bi Valea Regilor, Templul Karnak \u0219i alte monumente istorice \u00eentr-o c\u0103l\u0103torie de neuitat.\",\"breadcrumb\":{\"@id\":\"https:\\\/\\\/egytourpackages.com\\\/ro\\\/tours\\\/excursii-la-luxor-din-soma-bay\\\/#breadcrumb\"},\"inLanguage\":\"ro-RO\",\"potentialAction\":[{\"@type\":\"ReadAction\",\"target\":[\"https:\\\/\\\/egytourpackages.com\\\/ro\\\/tours\\\/excursii-la-luxor-din-soma-bay\\\/\"]}]},{\"@type\":\"ImageObject\",\"inLanguage\":\"ro-RO\",\"@id\":\"https:\\\/\\\/egytourpackages.com\\\/ro\\\/tours\\\/excursii-la-luxor-din-soma-bay\\\/#primaryimage\",\"url\":\"https:\\\/\\\/egytourpackages.com\\\/wp-content\\\/uploads\\\/2024\\\/06\\\/Karnak-temple-Luxor.jpg\",\"contentUrl\":\"https:\\\/\\\/egytourpackages.com\\\/wp-content\\\/uploads\\\/2024\\\/06\\\/Karnak-temple-Luxor.jpg\",\"width\":2000,\"height\":1333,\"caption\":\"Excursii la Luxor din Soma Bay\"},{\"@type\":\"BreadcrumbList\",\"@id\":\"https:\\\/\\\/egytourpackages.com\\\/ro\\\/tours\\\/excursii-la-luxor-din-soma-bay\\\/#breadcrumb\",\"itemListElement\":[{\"@type\":\"ListItem\",\"position\":1,\"name\":\"Home\",\"item\":\"https:\\\/\\\/egytourpackages.com\\\/ro\\\/\"},{\"@type\":\"ListItem\",\"position\":2,\"name\":\"Shop\",\"item\":\"https:\\\/\\\/egytourpackages.com\\\/shop\\\/\"},{\"@type\":\"ListItem\",\"position\":3,\"name\":\"Excursii la Luxor din Soma Bay\"}]},{\"@type\":\"WebSite\",\"@id\":\"https:\\\/\\\/egytourpackages.com\\\/ro\\\/#website\",\"url\":\"https:\\\/\\\/egytourpackages.com\\\/ro\\\/\",\"name\":\"Egy tour packages\",\"description\":\"\",\"publisher\":{\"@id\":\"https:\\\/\\\/egytourpackages.com\\\/ro\\\/#organization\"},\"potentialAction\":[{\"@type\":\"SearchAction\",\"target\":{\"@type\":\"EntryPoint\",\"urlTemplate\":\"https:\\\/\\\/egytourpackages.com\\\/ro\\\/?s={search_term_string}\"},\"query-input\":{\"@type\":\"PropertyValueSpecification\",\"valueRequired\":true,\"valueName\":\"search_term_string\"}}],\"inLanguage\":\"ro-RO\"},{\"@type\":[\"Organization\",\"Place\",\"TravelAgency\"],\"@id\":\"https:\\\/\\\/egytourpackages.com\\\/ro\\\/#organization\",\"name\":\"egypt tour packages\",\"alternateName\":\"egypt tour packages\",\"url\":\"https:\\\/\\\/egytourpackages.com\\\/ro\\\/\",\"logo\":{\"@id\":\"https:\\\/\\\/egytourpackages.com\\\/ro\\\/tours\\\/excursii-la-luxor-din-soma-bay\\\/#local-main-organization-logo\"},\"image\":{\"@id\":\"https:\\\/\\\/egytourpackages.com\\\/ro\\\/tours\\\/excursii-la-luxor-din-soma-bay\\\/#local-main-organization-logo\"},\"sameAs\":[\"https:\\\/\\\/www.facebook.com\\\/egytourpackages\"],\"legalName\":\"Egy tour packages\",\"address\":{\"@id\":\"https:\\\/\\\/egytourpackages.com\\\/ro\\\/tours\\\/excursii-la-luxor-din-soma-bay\\\/#local-main-place-address\"},\"telephone\":[\"00201000852186\",\"00201028685533\"],\"contactPoint\":{\"@type\":\"ContactPoint\",\"telephone\":\"00201000852186\"},\"openingHoursSpecification\":[{\"@type\":\"OpeningHoursSpecification\",\"dayOfWeek\":[\"Monday\",\"Tuesday\",\"Wednesday\",\"Thursday\",\"Friday\",\"Saturday\",\"Sunday\"],\"opens\":\"00:00\",\"closes\":\"23:59\"}],\"email\":\"info@egytourpackages.com\",\"areaServed\":\"Cairo, Hurghada, Luxor, Sharm El Sheikh, Marsa Alam, Aswan\",\"priceRange\":\"$\",\"currenciesAccepted\":\"euro\",\"paymentAccepted\":\"Payment links online\"},{\"@type\":\"PostalAddress\",\"@id\":\"https:\\\/\\\/egytourpackages.com\\\/ro\\\/tours\\\/excursii-la-luxor-din-soma-bay\\\/#local-main-place-address\",\"streetAddress\":\"Mubarak 8, Al Kawthar District, Hurghada\",\"addressLocality\":\"Hurghada\",\"postalCode\":\"84511\",\"addressRegion\":\"Red Sea\",\"addressCountry\":\"EG\"},{\"@type\":\"ImageObject\",\"inLanguage\":\"ro-RO\",\"@id\":\"https:\\\/\\\/egytourpackages.com\\\/ro\\\/tours\\\/excursii-la-luxor-din-soma-bay\\\/#local-main-organization-logo\",\"url\":\"https:\\\/\\\/egytourpackages.com\\\/wp-content\\\/uploads\\\/2025\\\/12\\\/Turquoise-Dahabiya-Nile-Cruise-1.jpeg\",\"contentUrl\":\"https:\\\/\\\/egytourpackages.com\\\/wp-content\\\/uploads\\\/2025\\\/12\\\/Turquoise-Dahabiya-Nile-Cruise-1.jpeg\",\"width\":1040,\"height\":694,\"caption\":\"egypt tour packages\"}]}<\/script>\n<meta property=\"product:brand\" content=\"Excursii de o zi \u00een Egipt\" \/>\n<meta property=\"product:price:amount\" content=\"150\" \/>\n<meta property=\"product:price:currency\" content=\"EUR\" \/>\n<meta property=\"og:availability\" content=\"instock\" \/>\n<meta property=\"product:availability\" content=\"instock\" \/>\n<meta property=\"product:retailer_item_id\" content=\"SBE05\" \/>\n<meta property=\"product:condition\" content=\"new\" \/>\n<meta name=\"geo.placename\" content=\"Hurghada\" \/>\n<meta name=\"geo.region\" content=\"Egipt\" \/>\n<!-- \/ Yoast SEO Premium plugin. -->","yoast_head_json":{"title":"Excursii la Luxor din Soma Bay | Excursie privat\u0103 la Luxor","description":"Excursii la Luxor din Soma Bay. Descoperi\u021bi Valea Regilor, Templul Karnak \u0219i alte monumente istorice \u00eentr-o c\u0103l\u0103torie de neuitat.","robots":{"index":"index","follow":"follow","max-snippet":"max-snippet:-1","max-image-preview":"max-image-preview:large","max-video-preview":"max-video-preview:-1"},"canonical":"https:\/\/egytourpackages.com\/ro\/tours\/excursii-la-luxor-din-soma-bay\/","og_locale":"ro_RO","og_type":"article","og_title":"Excursii la Luxor din Soma Bay | Excursie privat\u0103 la Luxor","og_description":"Excursii la Luxor din Soma Bay. Descoperi\u021bi Valea Regilor, Templul Karnak \u0219i alte monumente istorice \u00eentr-o c\u0103l\u0103torie de neuitat.","og_url":"https:\/\/egytourpackages.com\/ro\/tours\/excursii-la-luxor-din-soma-bay\/","og_site_name":"Egypt Tour Packages","article_publisher":"https:\/\/www.facebook.com\/egytourpackages","article_modified_time":"2026-01-28T10:49:08+00:00","og_image":[{"url":"https:\/\/egytourpackages.com\/wp-content\/uploads\/2024\/06\/Karnak-temple-Luxor-1024x682.jpg","type":"","width":"","height":""}],"twitter_card":"summary_large_image","twitter_title":"Excursii la Luxor din Soma Bay","twitter_misc":{"Pre\u021b":"&euro;150","Disponibilitate":"\u00cen stoc"},"schema":{"@context":"https:\/\/schema.org","@graph":[{"@type":"WebPage","@id":"https:\/\/egytourpackages.com\/ro\/tours\/excursii-la-luxor-din-soma-bay\/","url":"https:\/\/egytourpackages.com\/ro\/tours\/excursii-la-luxor-din-soma-bay\/","name":"Excursii la Luxor din Soma Bay | Excursie privat\u0103 la Luxor","isPartOf":{"@id":"https:\/\/egytourpackages.com\/ro\/#website"},"primaryImageOfPage":{"@id":"https:\/\/egytourpackages.com\/ro\/tours\/excursii-la-luxor-din-soma-bay\/#primaryimage"},"image":{"@id":"https:\/\/egytourpackages.com\/ro\/tours\/excursii-la-luxor-din-soma-bay\/#primaryimage"},"thumbnailUrl":"https:\/\/egytourpackages.com\/wp-content\/uploads\/2024\/06\/Karnak-temple-Luxor.jpg","datePublished":"2024-06-23T23:59:46+00:00","dateModified":"2026-01-28T10:49:08+00:00","description":"Excursii la Luxor din Soma Bay. Descoperi\u021bi Valea Regilor, Templul Karnak \u0219i alte monumente istorice \u00eentr-o c\u0103l\u0103torie de neuitat.","breadcrumb":{"@id":"https:\/\/egytourpackages.com\/ro\/tours\/excursii-la-luxor-din-soma-bay\/#breadcrumb"},"inLanguage":"ro-RO","potentialAction":[{"@type":"ReadAction","target":["https:\/\/egytourpackages.com\/ro\/tours\/excursii-la-luxor-din-soma-bay\/"]}]},{"@type":"ImageObject","inLanguage":"ro-RO","@id":"https:\/\/egytourpackages.com\/ro\/tours\/excursii-la-luxor-din-soma-bay\/#primaryimage","url":"https:\/\/egytourpackages.com\/wp-content\/uploads\/2024\/06\/Karnak-temple-Luxor.jpg","contentUrl":"https:\/\/egytourpackages.com\/wp-content\/uploads\/2024\/06\/Karnak-temple-Luxor.jpg","width":2000,"height":1333,"caption":"Excursii la Luxor din Soma Bay"},{"@type":"BreadcrumbList","@id":"https:\/\/egytourpackages.com\/ro\/tours\/excursii-la-luxor-din-soma-bay\/#breadcrumb","itemListElement":[{"@type":"ListItem","position":1,"name":"Home","item":"https:\/\/egytourpackages.com\/ro\/"},{"@type":"ListItem","position":2,"name":"Shop","item":"https:\/\/egytourpackages.com\/shop\/"},{"@type":"ListItem","position":3,"name":"Excursii la Luxor din Soma Bay"}]},{"@type":"WebSite","@id":"https:\/\/egytourpackages.com\/ro\/#website","url":"https:\/\/egytourpackages.com\/ro\/","name":"Egy tour packages","description":"","publisher":{"@id":"https:\/\/egytourpackages.com\/ro\/#organization"},"potentialAction":[{"@type":"SearchAction","target":{"@type":"EntryPoint","urlTemplate":"https:\/\/egytourpackages.com\/ro\/?s={search_term_string}"},"query-input":{"@type":"PropertyValueSpecification","valueRequired":true,"valueName":"search_term_string"}}],"inLanguage":"ro-RO"},{"@type":["Organization","Place","TravelAgency"],"@id":"https:\/\/egytourpackages.com\/ro\/#organization","name":"egypt tour packages","alternateName":"egypt tour packages","url":"https:\/\/egytourpackages.com\/ro\/","logo":{"@id":"https:\/\/egytourpackages.com\/ro\/tours\/excursii-la-luxor-din-soma-bay\/#local-main-organization-logo"},"image":{"@id":"https:\/\/egytourpackages.com\/ro\/tours\/excursii-la-luxor-din-soma-bay\/#local-main-organization-logo"},"sameAs":["https:\/\/www.facebook.com\/egytourpackages"],"legalName":"Egy tour packages","address":{"@id":"https:\/\/egytourpackages.com\/ro\/tours\/excursii-la-luxor-din-soma-bay\/#local-main-place-address"},"telephone":["00201000852186","00201028685533"],"contactPoint":{"@type":"ContactPoint","telephone":"00201000852186"},"openingHoursSpecification":[{"@type":"OpeningHoursSpecification","dayOfWeek":["Monday","Tuesday","Wednesday","Thursday","Friday","Saturday","Sunday"],"opens":"00:00","closes":"23:59"}],"email":"info@egytourpackages.com","areaServed":"Cairo, Hurghada, Luxor, Sharm El Sheikh, Marsa Alam, Aswan","priceRange":"$","currenciesAccepted":"euro","paymentAccepted":"Payment links online"},{"@type":"PostalAddress","@id":"https:\/\/egytourpackages.com\/ro\/tours\/excursii-la-luxor-din-soma-bay\/#local-main-place-address","streetAddress":"Mubarak 8, Al Kawthar District, Hurghada","addressLocality":"Hurghada","postalCode":"84511","addressRegion":"Red Sea","addressCountry":"EG"},{"@type":"ImageObject","inLanguage":"ro-RO","@id":"https:\/\/egytourpackages.com\/ro\/tours\/excursii-la-luxor-din-soma-bay\/#local-main-organization-logo","url":"https:\/\/egytourpackages.com\/wp-content\/uploads\/2025\/12\/Turquoise-Dahabiya-Nile-Cruise-1.jpeg","contentUrl":"https:\/\/egytourpackages.com\/wp-content\/uploads\/2025\/12\/Turquoise-Dahabiya-Nile-Cruise-1.jpeg","width":1040,"height":694,"caption":"egypt tour packages"}]},"product_brand":"Excursii de o zi \u00een Egipt","product_price_amount":"150","product_price_currency":"EUR","og_availability":"instock","product_availability":"instock","product_retailer_item_id":"SBE05","product_condition":"new","geo.placename":"Hurghada","geo.region":"Egipt"},"_links":{"self":[{"href":"https:\/\/egytourpackages.com\/ro\/wp-json\/wp\/v2\/product\/8269","targetHints":{"allow":["GET"]}}],"collection":[{"href":"https:\/\/egytourpackages.com\/ro\/wp-json\/wp\/v2\/product"}],"about":[{"href":"https:\/\/egytourpackages.com\/ro\/wp-json\/wp\/v2\/types\/product"}],"replies":[{"embeddable":true,"href":"https:\/\/egytourpackages.com\/ro\/wp-json\/wp\/v2\/comments?post=8269"}],"wp:featuredmedia":[{"embeddable":true,"href":"https:\/\/egytourpackages.com\/ro\/wp-json\/wp\/v2\/media\/8270"}],"wp:attachment":[{"href":"https:\/\/egytourpackages.com\/ro\/wp-json\/wp\/v2\/media?parent=8269"}],"wp:term":[{"taxonomy":"product_brand","embeddable":true,"href":"https:\/\/egytourpackages.com\/ro\/wp-json\/wp\/v2\/product_brand?post=8269"},{"taxonomy":"product_cat","embeddable":true,"href":"https:\/\/egytourpackages.com\/ro\/wp-json\/wp\/v2\/product_cat?post=8269"},{"taxonomy":"product_tag","embeddable":true,"href":"https:\/\/egytourpackages.com\/ro\/wp-json\/wp\/v2\/product_tag?post=8269"}],"curies":[{"name":"wp","href":"https:\/\/api.w.org\/{rel}","templated":true}]}}