{"id":9505,"date":"2024-01-21T13:50:49","date_gmt":"2024-01-21T13:50:49","guid":{"rendered":"https:\/\/egytourpackages.com\/product\/pachet-pelerinaj-crestin-in-egipt-9-zile\/"},"modified":"2026-01-08T14:21:41","modified_gmt":"2026-01-08T14:21:41","slug":"pachet-pelerinaj-crestin-in-egipt-9-zile","status":"publish","type":"product","link":"https:\/\/egytourpackages.com\/ro\/tours\/pachet-pelerinaj-crestin-in-egipt-9-zile\/","title":{"rendered":"Pachet Pelerinaj Cre\u0219tin \u00een Egipt 9 Zile"},"content":{"rendered":"<p><span style=\"color: #ff6600;\"><strong>Pachet Pelerinaj Cre\u0219tin \u00een Egipt 9 Zile | Rezervare Gratuit\u0103 | Confirmare Instant\u0103<\/strong><\/span><\/p>\n<p>Rezerva\u021bi-v\u0103 <strong>Pachetul de Pelerinaj Cre\u0219tin \u00een Egipt de 9 Zile<\/strong>, modalitatea dumneavoastr\u0103 magic\u0103 de a \u00eencepe turul de pelerinaj c\u0103tre atrac\u021biile din <strong>Egiptul Spiritual<\/strong>. De fapt, \u00een timpul celor 9 zile de <strong>tururi \u00een Egipt<\/strong>, ve\u021bi explora <strong>Civiliza\u021bia Egiptean\u0103 Antic\u0103<\/strong>, <strong>istoria egiptean\u0103 antic\u0103<\/strong> \u0219i <strong>locurile sfinte cre\u0219tine<\/strong>.<\/p>\n<p>Ve\u021bi vizita unele dintre cele mai importante atrac\u021bii din Egipt, cum ar fi <strong>M\u0103n\u0103stirea Sf. Ecaterina<\/strong>, <strong>Barajul \u00cenalt Aswan<\/strong>, <strong>Templul Philae<\/strong>, <strong>Templul Kom Ombo<\/strong> \u0219i <strong>Templul Edfu<\/strong> \u00een Aswan. De asemenea, <strong>Valea Regilor<\/strong>, <strong>Templul Karnak<\/strong>, <strong>Templul Hatshepsut<\/strong> \u0219i Colosul lui Memnon \u00een Luxor.<\/p>\n<p>\u00cen plus, ve\u021bi vizita <strong>locuri sfinte<\/strong> precum <strong>M\u0103n\u0103stirea Sf. Antonie<\/strong>, <strong>M\u0103n\u0103stirea Sf. Pavel<\/strong>, <strong>Biserica Sfintei Fecioare Maria<\/strong> \u0219i <strong>Biserica Ortodox\u0103 Copt\u0103 Abanoub din Samanoud<\/strong>.<\/p>\n<p>Rezerva\u021bi acest <strong>Pachet de Pelerinaj Cre\u0219tin \u00een Egipt<\/strong> unic \u0219i bucura\u021bi-v\u0103 de suport 24\/7, anulare gratuit\u0103 \u0219i rezervare instant\u0103 \u0219i gratuit\u0103. <strong>Contacta\u021bi-ne<\/strong> acum pentru a v\u0103 bucura de <strong>Excursiile noastre de Lux \u00een Egipt<\/strong> \u0219i pentru a v\u0103 crea propriul <strong>tur personalizat \u00een Egipt<\/strong> care s\u0103 v\u0103 \u00eendeplineasc\u0103 dorin\u021bele.<\/p>\n<h3><span style=\"color: #ff6600;\">Detalii Tur\u00a0<\/span><\/h3>\n<ul>\n<li>Durat\u0103: 9 Zile \/ 8 Nop\u021bi<\/li>\n<li>Loca\u021bie Tur: Egipt<\/li>\n<li>Disponibilitate Tur: La cerere<\/li>\n<li>Preluare \u0219i Predare: Aeroportul Cairo<\/li>\n<li>Limb\u0103: Englez\u0103<\/li>\n<li>Tip Tur: Privat sau de Grup<\/li>\n<\/ul>\n<h3><span style=\"color: #ff6600;\">Puncte de Atrac\u021bie\u00a0<\/span><\/h3>\n<ul>\n<li>M\u0103n\u0103stirea Sf. Ecaterina<\/li>\n<li>Barajul \u00cenalt Aswan<\/li>\n<li>Templul Philae<\/li>\n<li>Abu Simbel (Op\u021bional)<\/li>\n<li>Templul Kom Ombo<\/li>\n<li>Templul Edfu<\/li>\n<li>Valea Regilor<\/li>\n<li>Templul Hatshepsut<\/li>\n<li>Templul Karnak<\/li>\n<li>M\u0103n\u0103stirea Sf. Antonie<\/li>\n<li>M\u0103n\u0103stirea Sf. Pavel<\/li>\n<li>Biserica Sfintei Fecioare Maria<\/li>\n<li>Biserica Ortodox\u0103 Copt\u0103 Abanoub din Samanoud<\/li>\n<\/ul>\n<h3><span style=\"color: #ff6600;\">Ce S\u0103 \u00cempacheta\u021bi<\/span><\/h3>\n<ul>\n<li>P\u0103l\u0103rie, E\u0219arf\u0103<\/li>\n<li>Crem\u0103 de soare \/ ochelari de soare<\/li>\n<li>Pantofi \u0219i haine <strong>confortabile<\/strong><\/li>\n<li>Saltea de yoga (op\u021bional, dar recomandat\u0103)<\/li>\n<\/ul>\n<h3><span style=\"color: #ff6600;\">Ziua 1: Cairo \u2013 M\u0103n\u0103stirea Sf. Ecaterina (St. Catharine)<\/span><\/h3>\n<p>Ghidul dumneavoastr\u0103 v\u0103 va a\u0219tepta cu numele dumneavoastr\u0103 pe un panou \u00een fa\u021ba holului de sosiri al <strong>Aeroportului din Cairo<\/strong> pentru a \u00eencepe drumul spre <strong>Sf. Ecaterina<\/strong>.<\/p>\n<p><strong>Pr\u00e2nzul<\/strong> va fi servit pe drum, iar la sosire, ve\u021bi face <strong>check-in la M\u0103n\u0103stire<\/strong> \u0219i v\u0103 ve\u021bi caza peste noapte.<\/p>\n<p><strong>Mese:<\/strong> Pr\u00e2nz, Cin\u0103<\/p>\n<h3><span style=\"color: #ff6600;\">Ziua 2: Sf. Ecaterina \u2013 Giza \u2013 Aswan<\/span><\/h3>\n<p>Diminea\u021ba devreme, ve\u021bi urca pe <strong>Muntele Sf. Ecaterina<\/strong> (Muntele Sinai), apoi v\u0103 ve\u021bi \u00eentoarce pentru a vizita <strong>M\u0103n\u0103stirea Sf. Ecaterina<\/strong>.<\/p>\n<p><strong>Micul dejun<\/strong> va fi servit, dup\u0103 care ve\u021bi porni spre <strong>Gara Giza din Cairo<\/strong>.<\/p>\n<p>V\u0103 ve\u021bi \u00eembarca pe trenul de noapte cu cu\u0219et\u0103 spre Aswan.<\/p>\n<p><strong>Mese:<\/strong> Mic dejun, Pr\u00e2nz, Cin\u0103<\/p>\n<h3><span style=\"color: #ff6600;\">Ziua 3: Aswan \u2013 Croazier\u0103 pe Nil<\/span><\/h3>\n<p><strong>Micul dejun<\/strong> va fi servit la bordul trenului cu cu\u0219et\u0103, iar la sosirea \u00een Aswan, ve\u021bi \u00eencepe vizitele la atrac\u021biile din Aswan:<\/p>\n<ul>\n<li><strong>Barajul \u00cenalt Aswan<\/strong><\/li>\n<li><strong>Templul Philae<\/strong><\/li>\n<\/ul>\n<p>Apoi ve\u021bi fi transferat pentru a face <strong>check-in la Croaziera pe Nil<\/strong> pentru urm\u0103toarele 3 nop\u021bi. Bucura\u021bi-v\u0103 de <strong>pr\u00e2nzul la bordul Croazierei pe Nil<\/strong> \u0219i timp liber p\u00e2n\u0103 la cin\u0103.<\/p>\n<p><strong>Mese:<\/strong> Mic dejun, Pr\u00e2nz, Cin\u0103<\/p>\n<h3><span style=\"color: #ff6600;\">Ziua 4: Croazier\u0103 pe Nil \u2013 Kom Ombo \u2013 Edfu<\/span><\/h3>\n<p>Diminea\u021b\u0103 liber\u0103 la dispozi\u021bia dumneavoastr\u0103 sau <strong>tur op\u021bional<\/strong> la:<\/p>\n<ul>\n<li><strong>Templele Abu Simbel<\/strong><\/li>\n<\/ul>\n<p><strong>Pr\u00e2nzul<\/strong> va fi servit la bordul croazierei pe Nil, apoi ve\u021bi naviga spre Templul Kom Ombo. Vizita\u021bi:<\/p>\n<ul>\n<li><strong>Templul Kom Ombo<\/strong><\/li>\n<\/ul>\n<p>Apoi ve\u021bi naviga spre Edfu. <strong>Cina<\/strong> la bord \u0219i cazare de noapte la Edfu.<\/p>\n<p><strong>Mese:<\/strong> Mic dejun, Pr\u00e2nz, Cin\u0103<\/p>\n<h3><span style=\"color: #ff6600;\">Ziua 5: Croazier\u0103 pe Nil \u2013 Edfu \u2013 Luxor<\/span><\/h3>\n<p>Vizit\u0103 matinal\u0103 la:<\/p>\n<ul>\n<li><strong>Templul lui Horus la Edfu \/ Templul Edfu<\/strong><\/li>\n<\/ul>\n<p>V\u0103 ve\u021bi \u00eentoarce la croazier\u0103 pentru <strong>micul dejun<\/strong>, apoi ve\u021bi naviga spre Luxor pentru restul zilei, trec\u00e2nd prin Ecluza Esna.<\/p>\n<p><strong>Mese:<\/strong> Mic dejun, Pr\u00e2nz, Cin\u0103<\/p>\n<h3><span style=\"color: #ff6600;\">Ziua 6: Debarcare \u2013 Luxor \u2013 Hurghada<\/span><\/h3>\n<p><strong>Micul dejun<\/strong> la bord, apoi <strong>check-out<\/strong>. Ve\u021bi \u00eencepe vizita de o zi \u00eentreag\u0103 la:<\/p>\n<ul>\n<li>Valea Regilor<\/li>\n<li>Templul Hatshepsut<\/li>\n<li>Colo\u0219ii lui Memnon<\/li>\n<li>Pr\u00e2nz<\/li>\n<li>Templul Karnak<\/li>\n<\/ul>\n<p>Apoi ve\u021bi fi transferat cu ma\u0219ina la <strong>Hurghada<\/strong> pentru a face check-in la hotel \u0219i timp liber.<\/p>\n<p><strong>Mese:<\/strong> Mic dejun, Pr\u00e2nz, Cin\u0103<\/p>\n<h3><span style=\"color: #ff6600;\">Ziua 7: Hurghada<\/span><\/h3>\n<p>Timp liber la dispozi\u021bia dumneavoastr\u0103.<\/p>\n<p><strong>Mese:<\/strong> Mic dejun, Pr\u00e2nz, Cin\u0103<\/p>\n<h3><span style=\"color: #ff6600;\">Ziua 8: Hurghada \u2013 M\u0103n\u0103stirile El Zaafarana \u2013 Cairo<\/span><\/h3>\n<p>Bucura\u021bi-v\u0103 de <strong>micul dejun<\/strong>, apoi ve\u021bi porni spre <strong>M\u0103n\u0103stirile El Zaafarana<\/strong>, unde ve\u021bi vizita:<\/p>\n<ul>\n<li>M\u0103n\u0103stirea Sf. Antonie (Antony\u2019s Monastery)<\/li>\n<li>M\u0103n\u0103stirea Sf. Pavel (Paul\u2019s Monastery)<\/li>\n<\/ul>\n<p>Dup\u0103 vizit\u0103, ve\u021bi continua drumul spre hotelul din Cairo pentru <strong>check-in \u0219i cazare de noapte<\/strong>.<\/p>\n<p><strong>Mese:<\/strong> Mic dejun, Pr\u00e2nz, Cin\u0103<\/p>\n<h3><span style=\"color: #ff6600;\">Ziua 9: Mansoura \u2013 Plecare Final\u0103<\/span><\/h3>\n<p><strong>Micul dejun<\/strong> la hotel, apoi ve\u021bi pleca spre <strong>Mansoura<\/strong> pentru a vizita:<\/p>\n<ul>\n<li>Biserica Sfintei Fecioare Maria (Church of the Blessed Virgin Mary)<\/li>\n<li>Biserica Ortodox\u0103 Copt\u0103 Abanoub din Samanoud (Abanoub Coptic Orthodox Church in Samanoud)<\/li>\n<\/ul>\n<p>Dup\u0103 vizit\u0103, bucura\u021bi-v\u0103 de <strong>pr\u00e2nz<\/strong> la un restaurant local, apoi ve\u021bi fi transferat la <strong>Aeroportul din Cairo<\/strong> pentru plecarea final\u0103.<\/p>\n<p><strong>Mese:<\/strong> Mic dejun, Pr\u00e2nz, Cin\u0103<\/p>\n<h3><span style=\"color: #ff6600;\">Pachet Pelerinaj Cre\u0219tin \u00een Egipt de 9 Zile &#8211; Pre\u021b<\/span><\/h3>\n<ul>\n<li>Pre\u021b Adult = 1500 <strong>\u20ac<\/strong><\/li>\n<li>Copii 0-5 ani = gratuit<\/li>\n<li>Copii 5 -11 ani = 50% din pre\u021bul adultului<\/li>\n<\/ul>\n<h3><span style=\"color: #ff6600;\">Rezervare<\/span><\/h3>\n<p>V\u0103 pute\u021bi rezerva turul prin WhatsApp sau ne pute\u021bi trimite un e-mail \u0219i ve\u021bi primi confirmarea pe loc.<\/p>\n<p>V\u0103 rug\u0103m s\u0103 ne trimite\u021bi numele hotelului dumneavoastr\u0103, num\u0103rul camerei \u0219i copiile pa\u0219apoartelor.<\/p>\n<p><strong>WhatsApp:<\/strong> +201000852186 <strong>Email:<\/strong> info@egytourpackages.com<\/p>\n<h3><span style=\"color: #ff6600;\">Rezerva\u021bi Acum \u0219i Pl\u0103ti\u021bi la Fa\u021ba Locului<\/span><\/h3>\n<p>Rezerva\u021bi turul dumneavoastr\u0103 preferat \u0219i pl\u0103ti\u021bi \u00een ziua excursiei.<\/p>\n<h3><span style=\"color: #ff6600;\">Plat\u0103<\/span><\/h3>\n<p>Pute\u021bi pl\u0103ti \u00een <strong>Lire Egiptene, $, \u20ac<\/strong><strong>\u200e sau \u00a3.<\/strong><\/p>\n<h3><span style=\"color: #ff6600;\">Politica de Anulare<\/span><\/h3>\n<p>Anularea este gratuit\u0103 cu p\u00e2n\u0103 la dou\u0103 s\u0103pt\u0103m\u00e2ni \u00een avans.<\/p>\n","protected":false},"excerpt":{"rendered":"<p>Pachet Pelerinaj Cre\u0219tin \u00een Egipt 9 Zile: Rezerva\u021bi turul dumneavoastr\u0103 de pelerinaj \u00een Egipt \u0219i explora\u021bi locurile sfinte din Sinai, Cairo \u0219i Hurghada.<\/p>\n","protected":false},"featured_media":9506,"comment_status":"open","ping_status":"closed","template":"","meta":[],"product_brand":[],"product_cat":[3120],"product_tag":[3204,3239,3238],"class_list":{"0":"post-9505","1":"product","2":"type-product","3":"status-publish","4":"has-post-thumbnail","6":"product_cat-tururi","7":"product_tag-pachete-de-vacanta-in-egipt","8":"product_tag-pelerinaj-crestin-egipt","9":"product_tag-tururi-spirituale-in-egipt-2","10":"tour_category-pachete-tururi-egipt-ro","11":"tour_category-tururi-in-egipt-de-9-zile","12":"tour_category-tururi-spirituale-in-egipt-ro","14":"first","15":"instock","16":"sale","17":"shipping-taxable","18":"purchasable","19":"product-type-tour","20":"has-default-attributes"},"yoast_head":"<!-- This site is optimized with the Yoast SEO Premium plugin v27.2 (Yoast SEO v27.2) - https:\/\/yoast.com\/product\/yoast-seo-premium-wordpress\/ -->\n<title>Pachet Pelerinaj Cre\u0219tin \u00een Egipt 9 Zile: Egy tour packages<\/title>\n<meta name=\"description\" content=\"Pachet Pelerinaj Cre\u0219tin \u00een Egipt 9 Zile: Rezerva\u021bi turul dumneavoastr\u0103 de pelerinaj \u00een Egipt \u0219i explora\u021bi locurile sfinte din Sinai, Cairo \u0219i Hurghada.\" \/>\n<meta name=\"robots\" content=\"index, follow, max-snippet:-1, max-image-preview:large, max-video-preview:-1\" \/>\n<link rel=\"canonical\" href=\"https:\/\/egytourpackages.com\/ro\/tours\/pachet-pelerinaj-crestin-in-egipt-9-zile\/\" \/>\n<meta property=\"og:locale\" content=\"ro_RO\" \/>\n<meta property=\"og:type\" content=\"article\" \/>\n<meta property=\"og:title\" content=\"Pachet Pelerinaj Cre\u0219tin \u00een Egipt 9 Zile\" \/>\n<meta property=\"og:description\" content=\"Pachet Pelerinaj Cre\u0219tin \u00een Egipt 9 Zile: Rezerva\u021bi turul dumneavoastr\u0103 de pelerinaj \u00een Egipt \u0219i explora\u021bi locurile sfinte din Sinai, Cairo \u0219i Hurghada.\" \/>\n<meta property=\"og:url\" content=\"https:\/\/egytourpackages.com\/ro\/tours\/pachet-pelerinaj-crestin-in-egipt-9-zile\/\" \/>\n<meta property=\"og:site_name\" content=\"Egypt Tour Packages\" \/>\n<meta property=\"article:publisher\" content=\"https:\/\/www.facebook.com\/egytourpackages\" \/>\n<meta property=\"article:modified_time\" content=\"2026-01-08T14:21:41+00:00\" \/>\n<meta property=\"og:image\" content=\"https:\/\/egytourpackages.com\/wp-content\/uploads\/2024\/01\/Monastery-of-St-Anthony-1024x682.jpg\" \/>\n<meta name=\"twitter:card\" content=\"summary_large_image\" \/>\n<meta name=\"twitter:title\" content=\"Pachet Pelerinaj Cre\u0219tin \u00een Egipt 9 Zile\" \/>\n<meta name=\"twitter:description\" content=\"Pachet Pelerinaj Cre\u0219tin \u00een Egipt 9 Zile: Rezerva\u021bi turul dumneavoastr\u0103 de pelerinaj \u00een Egipt \u0219i explora\u021bi locurile sfinte din Sinai, Cairo \u0219i Hurghada.\" \/>\n<meta name=\"twitter:image\" content=\"https:\/\/egytourpackages.com\/wp-content\/uploads\/2024\/01\/Monastery-of-St-Anthony-1024x682.jpg\" \/>\n<meta name=\"twitter:label1\" content=\"Pre\u021b\" \/>\n\t<meta name=\"twitter:data1\" content=\"&euro;1,250\" \/>\n\t<meta name=\"twitter:label2\" content=\"Disponibilitate\" \/>\n\t<meta name=\"twitter:data2\" content=\"\u00cen stoc\" \/>\n<script type=\"application\/ld+json\" class=\"yoast-schema-graph\">{\"@context\":\"https:\/\/schema.org\",\"@graph\":[{\"@type\":\"WebPage\",\"@id\":\"https:\/\/egytourpackages.com\/ro\/tours\/pachet-pelerinaj-crestin-in-egipt-9-zile\/\",\"url\":\"https:\/\/egytourpackages.com\/ro\/tours\/pachet-pelerinaj-crestin-in-egipt-9-zile\/\",\"name\":\"Pachet Pelerinaj Cre\u0219tin \u00een Egipt 9 Zile: Egy tour packages\",\"isPartOf\":{\"@id\":\"https:\/\/egytourpackages.com\/ro\/#website\"},\"primaryImageOfPage\":{\"@id\":\"https:\/\/egytourpackages.com\/ro\/tours\/pachet-pelerinaj-crestin-in-egipt-9-zile\/#primaryimage\"},\"image\":{\"@id\":\"https:\/\/egytourpackages.com\/ro\/tours\/pachet-pelerinaj-crestin-in-egipt-9-zile\/#primaryimage\"},\"thumbnailUrl\":\"https:\/\/egytourpackages.com\/wp-content\/uploads\/2024\/01\/Monastery-of-St-Anthony.jpg\",\"datePublished\":\"2024-01-21T13:50:49+00:00\",\"dateModified\":\"2026-01-08T14:21:41+00:00\",\"description\":\"Pachet Pelerinaj Cre\u0219tin \u00een Egipt 9 Zile: Rezerva\u021bi turul dumneavoastr\u0103 de pelerinaj \u00een Egipt \u0219i explora\u021bi locurile sfinte din Sinai, Cairo \u0219i Hurghada.\",\"breadcrumb\":{\"@id\":\"https:\/\/egytourpackages.com\/ro\/tours\/pachet-pelerinaj-crestin-in-egipt-9-zile\/#breadcrumb\"},\"inLanguage\":\"ro-RO\",\"potentialAction\":[{\"@type\":\"ReadAction\",\"target\":[\"https:\/\/egytourpackages.com\/ro\/tours\/pachet-pelerinaj-crestin-in-egipt-9-zile\/\"]}]},{\"@type\":\"ImageObject\",\"inLanguage\":\"ro-RO\",\"@id\":\"https:\/\/egytourpackages.com\/ro\/tours\/pachet-pelerinaj-crestin-in-egipt-9-zile\/#primaryimage\",\"url\":\"https:\/\/egytourpackages.com\/wp-content\/uploads\/2024\/01\/Monastery-of-St-Anthony.jpg\",\"contentUrl\":\"https:\/\/egytourpackages.com\/wp-content\/uploads\/2024\/01\/Monastery-of-St-Anthony.jpg\",\"width\":2000,\"height\":1333,\"caption\":\"M\u0103n\u0103stirea Sf. Antonie\"},{\"@type\":\"BreadcrumbList\",\"@id\":\"https:\/\/egytourpackages.com\/ro\/tours\/pachet-pelerinaj-crestin-in-egipt-9-zile\/#breadcrumb\",\"itemListElement\":[{\"@type\":\"ListItem\",\"position\":1,\"name\":\"Home\",\"item\":\"https:\/\/egytourpackages.com\/ro\/\"},{\"@type\":\"ListItem\",\"position\":2,\"name\":\"Shop\",\"item\":\"https:\/\/egytourpackages.com\/shop\/\"},{\"@type\":\"ListItem\",\"position\":3,\"name\":\"Pachet Pelerinaj Cre\u0219tin \u00een Egipt 9 Zile\"}]},{\"@type\":\"WebSite\",\"@id\":\"https:\/\/egytourpackages.com\/ro\/#website\",\"url\":\"https:\/\/egytourpackages.com\/ro\/\",\"name\":\"Egy tour packages\",\"description\":\"\",\"publisher\":{\"@id\":\"https:\/\/egytourpackages.com\/ro\/#organization\"},\"potentialAction\":[{\"@type\":\"SearchAction\",\"target\":{\"@type\":\"EntryPoint\",\"urlTemplate\":\"https:\/\/egytourpackages.com\/ro\/?s={search_term_string}\"},\"query-input\":{\"@type\":\"PropertyValueSpecification\",\"valueRequired\":true,\"valueName\":\"search_term_string\"}}],\"inLanguage\":\"ro-RO\"},{\"@type\":[\"Organization\",\"Place\",\"TravelAgency\"],\"@id\":\"https:\/\/egytourpackages.com\/ro\/#organization\",\"name\":\"egypt tour packages\",\"alternateName\":\"egypt tour packages\",\"url\":\"https:\/\/egytourpackages.com\/ro\/\",\"logo\":{\"@id\":\"https:\/\/egytourpackages.com\/ro\/tours\/pachet-pelerinaj-crestin-in-egipt-9-zile\/#local-main-organization-logo\"},\"image\":{\"@id\":\"https:\/\/egytourpackages.com\/ro\/tours\/pachet-pelerinaj-crestin-in-egipt-9-zile\/#local-main-organization-logo\"},\"sameAs\":[\"https:\/\/www.facebook.com\/egytourpackages\"],\"legalName\":\"Egy tour packages\",\"address\":{\"@id\":\"https:\/\/egytourpackages.com\/ro\/tours\/pachet-pelerinaj-crestin-in-egipt-9-zile\/#local-main-place-address\"},\"telephone\":[\"00201000852186\",\"00201028685533\"],\"contactPoint\":{\"@type\":\"ContactPoint\",\"telephone\":\"00201000852186\"},\"openingHoursSpecification\":[{\"@type\":\"OpeningHoursSpecification\",\"dayOfWeek\":[\"Monday\",\"Tuesday\",\"Wednesday\",\"Thursday\",\"Friday\",\"Saturday\",\"Sunday\"],\"opens\":\"00:00\",\"closes\":\"23:59\"}],\"email\":\"info@egytourpackages.com\",\"areaServed\":\"Cairo, Hurghada, Luxor, Sharm El Sheikh, Marsa Alam, Aswan\",\"priceRange\":\"$\",\"currenciesAccepted\":\"euro\",\"paymentAccepted\":\"Payment links online\"},{\"@type\":\"PostalAddress\",\"@id\":\"https:\/\/egytourpackages.com\/ro\/tours\/pachet-pelerinaj-crestin-in-egipt-9-zile\/#local-main-place-address\",\"streetAddress\":\"Mubarak 8, Al Kawthar District, Hurghada\",\"addressLocality\":\"Hurghada\",\"postalCode\":\"84511\",\"addressRegion\":\"Red Sea\",\"addressCountry\":\"EG\"},{\"@type\":\"ImageObject\",\"inLanguage\":\"ro-RO\",\"@id\":\"https:\/\/egytourpackages.com\/ro\/tours\/pachet-pelerinaj-crestin-in-egipt-9-zile\/#local-main-organization-logo\",\"url\":\"https:\/\/egytourpackages.com\/wp-content\/uploads\/2025\/12\/Turquoise-Dahabiya-Nile-Cruise-1.jpeg\",\"contentUrl\":\"https:\/\/egytourpackages.com\/wp-content\/uploads\/2025\/12\/Turquoise-Dahabiya-Nile-Cruise-1.jpeg\",\"width\":1040,\"height\":694,\"caption\":\"egypt tour packages\"}]}<\/script>\n<meta property=\"product:brand\" content=\"Pachete Tururi Egipt\" \/>\n<meta property=\"product:price:amount\" content=\"1250\" \/>\n<meta property=\"product:price:currency\" content=\"EUR\" \/>\n<meta property=\"og:availability\" content=\"instock\" \/>\n<meta property=\"product:availability\" content=\"instock\" \/>\n<meta property=\"product:retailer_item_id\" content=\"EST03\" \/>\n<meta property=\"product:condition\" content=\"new\" \/>\n<meta name=\"geo.placename\" content=\"Hurghada\" \/>\n<meta name=\"geo.region\" content=\"Egipt\" \/>\n<!-- \/ Yoast SEO Premium plugin. -->","yoast_head_json":{"title":"Pachet Pelerinaj Cre\u0219tin \u00een Egipt 9 Zile: Egy tour packages","description":"Pachet Pelerinaj Cre\u0219tin \u00een Egipt 9 Zile: Rezerva\u021bi turul dumneavoastr\u0103 de pelerinaj \u00een Egipt \u0219i explora\u021bi locurile sfinte din Sinai, Cairo \u0219i Hurghada.","robots":{"index":"index","follow":"follow","max-snippet":"max-snippet:-1","max-image-preview":"max-image-preview:large","max-video-preview":"max-video-preview:-1"},"canonical":"https:\/\/egytourpackages.com\/ro\/tours\/pachet-pelerinaj-crestin-in-egipt-9-zile\/","og_locale":"ro_RO","og_type":"article","og_title":"Pachet Pelerinaj Cre\u0219tin \u00een Egipt 9 Zile","og_description":"Pachet Pelerinaj Cre\u0219tin \u00een Egipt 9 Zile: Rezerva\u021bi turul dumneavoastr\u0103 de pelerinaj \u00een Egipt \u0219i explora\u021bi locurile sfinte din Sinai, Cairo \u0219i Hurghada.","og_url":"https:\/\/egytourpackages.com\/ro\/tours\/pachet-pelerinaj-crestin-in-egipt-9-zile\/","og_site_name":"Egypt Tour Packages","article_publisher":"https:\/\/www.facebook.com\/egytourpackages","article_modified_time":"2026-01-08T14:21:41+00:00","og_image":[{"url":"https:\/\/egytourpackages.com\/wp-content\/uploads\/2024\/01\/Monastery-of-St-Anthony-1024x682.jpg","type":"","width":"","height":""}],"twitter_card":"summary_large_image","twitter_title":"Pachet Pelerinaj Cre\u0219tin \u00een Egipt 9 Zile","twitter_description":"Pachet Pelerinaj Cre\u0219tin \u00een Egipt 9 Zile: Rezerva\u021bi turul dumneavoastr\u0103 de pelerinaj \u00een Egipt \u0219i explora\u021bi locurile sfinte din Sinai, Cairo \u0219i Hurghada.","twitter_image":"https:\/\/egytourpackages.com\/wp-content\/uploads\/2024\/01\/Monastery-of-St-Anthony-1024x682.jpg","twitter_misc":{"Pre\u021b":"&euro;1,250","Disponibilitate":"\u00cen stoc"},"schema":{"@context":"https:\/\/schema.org","@graph":[{"@type":"WebPage","@id":"https:\/\/egytourpackages.com\/ro\/tours\/pachet-pelerinaj-crestin-in-egipt-9-zile\/","url":"https:\/\/egytourpackages.com\/ro\/tours\/pachet-pelerinaj-crestin-in-egipt-9-zile\/","name":"Pachet Pelerinaj Cre\u0219tin \u00een Egipt 9 Zile: Egy tour packages","isPartOf":{"@id":"https:\/\/egytourpackages.com\/ro\/#website"},"primaryImageOfPage":{"@id":"https:\/\/egytourpackages.com\/ro\/tours\/pachet-pelerinaj-crestin-in-egipt-9-zile\/#primaryimage"},"image":{"@id":"https:\/\/egytourpackages.com\/ro\/tours\/pachet-pelerinaj-crestin-in-egipt-9-zile\/#primaryimage"},"thumbnailUrl":"https:\/\/egytourpackages.com\/wp-content\/uploads\/2024\/01\/Monastery-of-St-Anthony.jpg","datePublished":"2024-01-21T13:50:49+00:00","dateModified":"2026-01-08T14:21:41+00:00","description":"Pachet Pelerinaj Cre\u0219tin \u00een Egipt 9 Zile: Rezerva\u021bi turul dumneavoastr\u0103 de pelerinaj \u00een Egipt \u0219i explora\u021bi locurile sfinte din Sinai, Cairo \u0219i Hurghada.","breadcrumb":{"@id":"https:\/\/egytourpackages.com\/ro\/tours\/pachet-pelerinaj-crestin-in-egipt-9-zile\/#breadcrumb"},"inLanguage":"ro-RO","potentialAction":[{"@type":"ReadAction","target":["https:\/\/egytourpackages.com\/ro\/tours\/pachet-pelerinaj-crestin-in-egipt-9-zile\/"]}]},{"@type":"ImageObject","inLanguage":"ro-RO","@id":"https:\/\/egytourpackages.com\/ro\/tours\/pachet-pelerinaj-crestin-in-egipt-9-zile\/#primaryimage","url":"https:\/\/egytourpackages.com\/wp-content\/uploads\/2024\/01\/Monastery-of-St-Anthony.jpg","contentUrl":"https:\/\/egytourpackages.com\/wp-content\/uploads\/2024\/01\/Monastery-of-St-Anthony.jpg","width":2000,"height":1333,"caption":"M\u0103n\u0103stirea Sf. Antonie"},{"@type":"BreadcrumbList","@id":"https:\/\/egytourpackages.com\/ro\/tours\/pachet-pelerinaj-crestin-in-egipt-9-zile\/#breadcrumb","itemListElement":[{"@type":"ListItem","position":1,"name":"Home","item":"https:\/\/egytourpackages.com\/ro\/"},{"@type":"ListItem","position":2,"name":"Shop","item":"https:\/\/egytourpackages.com\/shop\/"},{"@type":"ListItem","position":3,"name":"Pachet Pelerinaj Cre\u0219tin \u00een Egipt 9 Zile"}]},{"@type":"WebSite","@id":"https:\/\/egytourpackages.com\/ro\/#website","url":"https:\/\/egytourpackages.com\/ro\/","name":"Egy tour packages","description":"","publisher":{"@id":"https:\/\/egytourpackages.com\/ro\/#organization"},"potentialAction":[{"@type":"SearchAction","target":{"@type":"EntryPoint","urlTemplate":"https:\/\/egytourpackages.com\/ro\/?s={search_term_string}"},"query-input":{"@type":"PropertyValueSpecification","valueRequired":true,"valueName":"search_term_string"}}],"inLanguage":"ro-RO"},{"@type":["Organization","Place","TravelAgency"],"@id":"https:\/\/egytourpackages.com\/ro\/#organization","name":"egypt tour packages","alternateName":"egypt tour packages","url":"https:\/\/egytourpackages.com\/ro\/","logo":{"@id":"https:\/\/egytourpackages.com\/ro\/tours\/pachet-pelerinaj-crestin-in-egipt-9-zile\/#local-main-organization-logo"},"image":{"@id":"https:\/\/egytourpackages.com\/ro\/tours\/pachet-pelerinaj-crestin-in-egipt-9-zile\/#local-main-organization-logo"},"sameAs":["https:\/\/www.facebook.com\/egytourpackages"],"legalName":"Egy tour packages","address":{"@id":"https:\/\/egytourpackages.com\/ro\/tours\/pachet-pelerinaj-crestin-in-egipt-9-zile\/#local-main-place-address"},"telephone":["00201000852186","00201028685533"],"contactPoint":{"@type":"ContactPoint","telephone":"00201000852186"},"openingHoursSpecification":[{"@type":"OpeningHoursSpecification","dayOfWeek":["Monday","Tuesday","Wednesday","Thursday","Friday","Saturday","Sunday"],"opens":"00:00","closes":"23:59"}],"email":"info@egytourpackages.com","areaServed":"Cairo, Hurghada, Luxor, Sharm El Sheikh, Marsa Alam, Aswan","priceRange":"$","currenciesAccepted":"euro","paymentAccepted":"Payment links online"},{"@type":"PostalAddress","@id":"https:\/\/egytourpackages.com\/ro\/tours\/pachet-pelerinaj-crestin-in-egipt-9-zile\/#local-main-place-address","streetAddress":"Mubarak 8, Al Kawthar District, Hurghada","addressLocality":"Hurghada","postalCode":"84511","addressRegion":"Red Sea","addressCountry":"EG"},{"@type":"ImageObject","inLanguage":"ro-RO","@id":"https:\/\/egytourpackages.com\/ro\/tours\/pachet-pelerinaj-crestin-in-egipt-9-zile\/#local-main-organization-logo","url":"https:\/\/egytourpackages.com\/wp-content\/uploads\/2025\/12\/Turquoise-Dahabiya-Nile-Cruise-1.jpeg","contentUrl":"https:\/\/egytourpackages.com\/wp-content\/uploads\/2025\/12\/Turquoise-Dahabiya-Nile-Cruise-1.jpeg","width":1040,"height":694,"caption":"egypt tour packages"}]},"product_brand":"Pachete Tururi Egipt","product_price_amount":"1250","product_price_currency":"EUR","og_availability":"instock","product_availability":"instock","product_retailer_item_id":"EST03","product_condition":"new","geo.placename":"Hurghada","geo.region":"Egipt"},"_links":{"self":[{"href":"https:\/\/egytourpackages.com\/ro\/wp-json\/wp\/v2\/product\/9505","targetHints":{"allow":["GET"]}}],"collection":[{"href":"https:\/\/egytourpackages.com\/ro\/wp-json\/wp\/v2\/product"}],"about":[{"href":"https:\/\/egytourpackages.com\/ro\/wp-json\/wp\/v2\/types\/product"}],"replies":[{"embeddable":true,"href":"https:\/\/egytourpackages.com\/ro\/wp-json\/wp\/v2\/comments?post=9505"}],"wp:featuredmedia":[{"embeddable":true,"href":"https:\/\/egytourpackages.com\/ro\/wp-json\/wp\/v2\/media\/9506"}],"wp:attachment":[{"href":"https:\/\/egytourpackages.com\/ro\/wp-json\/wp\/v2\/media?parent=9505"}],"wp:term":[{"taxonomy":"product_brand","embeddable":true,"href":"https:\/\/egytourpackages.com\/ro\/wp-json\/wp\/v2\/product_brand?post=9505"},{"taxonomy":"product_cat","embeddable":true,"href":"https:\/\/egytourpackages.com\/ro\/wp-json\/wp\/v2\/product_cat?post=9505"},{"taxonomy":"product_tag","embeddable":true,"href":"https:\/\/egytourpackages.com\/ro\/wp-json\/wp\/v2\/product_tag?post=9505"}],"curies":[{"name":"wp","href":"https:\/\/api.w.org\/{rel}","templated":true}]}}