{"id":9543,"date":"2023-09-30T17:58:24","date_gmt":"2023-09-30T17:58:24","guid":{"rendered":"https:\/\/egytourpackages.com\/product\/tur-3-zile-cairo-si-oaza-bahariya-din-hurghada\/"},"modified":"2026-01-27T00:57:32","modified_gmt":"2026-01-27T00:57:32","slug":"tur-3-zile-cairo-si-oaza-bahariya-din-hurghada","status":"publish","type":"product","link":"https:\/\/egytourpackages.com\/ro\/tours\/tur-3-zile-cairo-si-oaza-bahariya-din-hurghada\/","title":{"rendered":"Tur 3 Zile Cairo \u0219i Oaza Bahariya din Hurghada"},"content":{"rendered":"<p><span style=\"color: #ff6600;\"><strong>Tur 3 Zile Cairo \u0219i Oaza Bahariya din Hurghada (De\u0219ertul Alb)<\/strong><\/span><\/p>\n<p><strong>Turul de 3 Zile Cairo \u0219i Oaza Bahariya din Hurghada<\/strong> este una dintre cele mai bune <strong>excursii de o zi din Hurghada<\/strong> pentru cei care doresc s\u0103 afle mai multe despre <strong>istoria egiptean\u0103 antic\u0103<\/strong> \u0219i <strong>civiliza\u021bia egiptean\u0103 antic\u0103<\/strong>. Bucura\u021bi-v\u0103 de ma\u0219in\u0103 privat\u0103 \u0219i ghid privat pentru a explora <strong>atrac\u021biile turistice din Cairo<\/strong> \u00een cadrul <strong>tururilor dumneavoastr\u0103 de o zi \u00een Cairo<\/strong>. Pe l\u00e2ng\u0103 atrac\u021biile din Cairo, cum ar fi <strong>Marele Muzeu Egiptean<\/strong>, <strong>Piramidele lui Keops<\/strong>, Marele <strong>Sfinx<\/strong> \u0219i <strong>Piramidele din Giza<\/strong>, v\u0103 ve\u021bi bucura de <strong>Oazele Egiptului<\/strong>. De exemplu, ve\u021bi descoperi <strong>De\u0219ertul Negru<\/strong>, <strong>De\u0219ertul Alb<\/strong>, <strong>Muntele de Cristal<\/strong> \u0219i Satul El Heiz ca parte a <strong>pachetelor dumneavoastr\u0103 turistice \u00een Egipt<\/strong>. Egy Tour Packages ofer\u0103 <strong>pachete pentru familii<\/strong>, <strong>pachete Tururi Clasice<\/strong>, <strong>pachete Safari \u00een De\u0219ert<\/strong> \u0219i <strong>pachete de lux<\/strong> pentru a v\u0103 permite s\u0103 ob\u021bine\u021bi <strong>ce este mai bun din tururile \u00een Egipt<\/strong>.<\/p>\n<h3><span style=\"color: #ff6600;\">Detalii Tur<\/span><\/h3>\n<ul>\n<li>Durat\u0103: 3 Zile \/ 2 nop\u021bi<\/li>\n<li>Loca\u021bia Turului: Cairo \/ Bahariya \/ Farafra<\/li>\n<li>Disponibilitatea Turului: Zilnic la cerere<\/li>\n<li>Preluare \u0219i Predare: Hoteluri \u00een Hurghada, Makadi Bay, Soma Bay, El Gouna, Sahl Hasheesh<\/li>\n<li>Limb\u0103: Englez\u0103<\/li>\n<li>Tipul Turului: Privat<\/li>\n<\/ul>\n<h3><span style=\"color: #ff6600;\">Repere Tur<\/span><\/h3>\n<ul>\n<li>Atrac\u021bii Cairo<\/li>\n<li>Atrac\u021bii Oazele Bahariya \u0219i Farafra<\/li>\n<\/ul>\n<h2><span style=\"color: #ff6600;\">Itinerariu<\/span><\/h2>\n<h3><span style=\"color: #ff6600;\">Ziua 1: Hurghada &#8211; Cairo<\/span><\/h3>\n<p>Ghidul dumneavoastr\u0103 egiptolog v\u0103 va \u00eent\u00e2lni \u00een lobby-ul hotelului pentru a \u00eencepe aventura <strong>pachetelor dumneavoastr\u0103 turistice \u00een Egipt<\/strong>. Lua\u021bi cutiile de mic dejun pe care le-a\u021bi comandat cu o zi \u00eenainte de la recep\u021bia hotelului, apoi urca\u021bi-v\u0103 \u00een ma\u0219ina cu A\/C pentru a \u00eencepe drumul spre <strong>Cairo<\/strong>.<\/p>\n<p>Ve\u021bi trece de punctul de control \u00eencep\u00e2nd cu ora 03:00 diminea\u021ba \u0219i ve\u021bi avea o pauz\u0103 de cafea pe drum \u00een jurul orei 06:00 diminea\u021ba. La sosirea \u00een Cairo, ve\u021bi \u00eencepe atrac\u021biile din Cairo cu una dintre atrac\u021biile de top.<\/p>\n<h3><span style=\"color: #ff6600;\">Marele Muzeu Egiptean (GEM)<\/span><\/h3>\n<p>Bucura\u021bi-v\u0103 de aproximativ dou\u0103 ore minun\u00e2ndu-v\u0103 la <strong>artefactele egiptene<\/strong> din diferitele epoci, cum ar fi epoca preistoric\u0103, <strong>Regatul Vechi<\/strong>, <strong>Regatul Mijlociu<\/strong>, <strong>Regatul Nou<\/strong> \u0219i Perioada t\u00e2rzie. Vede\u021bi o parte din <strong>comorile lui Tutankhamon<\/strong>, <strong>mumiile de Animale<\/strong>, <strong>statuile lui Hatshepsut<\/strong> \u0219i c\u00e2teva stele.<\/p>\n<p>Deplasa\u021bi-v\u0103 cu ghidul dumneavoastr\u0103 pentru a vedea sarcofage, b\u0103rci de pescuit, bijuterii, papirusuri \u0219i <strong>galeria lui Akhenaten<\/strong>. La sf\u00e2r\u0219itul turului, ve\u021bi merge la pr\u00e2nz la un restaurant local \u00eenainte de a continua la urm\u0103toarea oprire.<\/p>\n<h3><span style=\"color: #ff6600;\">Piramidele din Giza<\/span><\/h3>\n<p>Deschide\u021bi-v\u0103 inima \u0219i mintea \u0219i asculta\u021bi de la ghidul dumneavoastr\u0103 cele mai importante patru \u00eentreb\u0103ri care v-ar putea trece prin minte c\u00e2nd vizita\u021bi Piramidele: Cum au fost construite Piramidele? Cine a construit Piramidele? De ce le-au construit? \u0219i cine le-a construit?<\/p>\n<p>\u00cencepe\u021bi turul la <strong>Piramidele din Giza<\/strong> cu <strong>Piramida lui Keops<\/strong>, apoi vizita\u021bi <strong>Piramidele Reginei<\/strong>, <strong>Piramida lui Khafre<\/strong> \u0219i \u00eencheia\u021bi cu <strong>Piramida lui Menkaure<\/strong>. Mai t\u00e2rziu, ve\u021bi merge la templul de mumificare \u0219i la <strong>Marele Sfinx<\/strong>.<\/p>\n<p>La sf\u00e2r\u0219itul turului, merge\u021bi cu ghidul dumneavoastr\u0103 la hotelul din Cairo pentru a v\u0103 caza \u0219i \u00eennopta la hotel.<\/p>\n<p><strong>Mese:<\/strong> Pr\u00e2nz<\/p>\n<h3><span style=\"color: #ff6600;\">Ziua 2: Cairo &#8211; Bahariya<\/span><\/h3>\n<p>Lua\u021bi micul dejun gustos la hotel, apoi ve\u021bi \u00eencepe drumul spre <strong>Oaza Bahariya<\/strong> pentru aproximativ patru ore de condus, cu o scurt\u0103 pauz\u0103 pentru cafea \u0219i WC. La sosirea \u00een Bahariya, ghidul de <strong>safari \u00een de\u0219ert<\/strong> al Egy Tour Packages v\u0103 va \u00eent\u00e2mpina \u00een casa lui pentru a \u00eencepe turul cu un pr\u00e2nz g\u0103tit acas\u0103, foarte delicios, cu b\u0103uturi calde \u0219i r\u0103coritoare. Apoi v\u0103 ve\u021bi urca \u00een Jeep-ul 4&#215;4 pentru a \u00eencepe aventura \u00een de\u0219ert.<\/p>\n<p>Ve\u021bi \u00eencepe turul Bahariya cu <strong>De\u0219ertul Negru<\/strong>, unde pute\u021bi vedea <strong>Muntele El Marsos<\/strong> \u0219i alte v\u00e2rfuri acoperite cu straturi de pudr\u0103 neagr\u0103 \u0219i pietre. Dup\u0103 ce v\u0103 plimba\u021bi, urca\u021bi sau face\u021bi c\u00e2teva fotografii frumoase, ne vom \u00eendrepta spre urm\u0103toarea noastr\u0103 oprire, <strong>Izvorul Rece El Heiz<\/strong>. Pune\u021bi-v\u0103 costumul de baie \u0219i bucura\u021bi-v\u0103 de un du\u0219 proasp\u0103t cu ceai tipic cu ment\u0103 \u00eenainte de a ne deplasa la <strong>Muntele de Cristal<\/strong>. Este un loc uimitor, f\u0103cut din cristal de cuar\u021b \u0219i, \u00eentr-un fel, un loc foarte energic.<\/p>\n<p>O alt\u0103 oprire pe drumul spre De\u0219ertul Alb se nume\u0219te zona Aqabat sau <strong>Valea Aqabat<\/strong>, cu forma\u021biuni uimitoare de piatr\u0103 care duc la <strong>dunele de nisip<\/strong>, unde v\u0103 pute\u021bi bucura de <strong>sand boarding<\/strong>. Dup\u0103 ce ne-am distrat mult f\u0103c\u00e2nd sand boarding, vom trece prin <strong>Vechiul De\u0219ert Alb<\/strong> \u00een drum spre <strong>Noul De\u0219ert Alb<\/strong>. V\u0103 ve\u021bi petrece noaptea <strong>camp\u00e2nd \u00een Noul De\u0219ert Alb<\/strong>, bucur\u00e2ndu-v\u0103 de o <strong>cin\u0103 BBQ sub stele<\/strong> \u0219i dormind \u00eentr-un cort simplu sau dublu.<\/p>\n<p><strong>Mese:<\/strong> Mic dejun, Pr\u00e2nz, Cin\u0103<\/p>\n<h3><span style=\"color: #ff6600;\">Ziua 3: Oaza Bahariya &#8211; Cairo &#8211; Hurghada<\/span><\/h3>\n<p>Bucura\u021bi-v\u0103 de micul dejun la locul de campare \u00eenainte de a ne plimba pentru a explora <strong>Noul De\u0219ert Alb<\/strong>, <strong>Arborele Vie\u021bii<\/strong>, <strong>Valea Meselor<\/strong> \u0219i uimitoarea <strong>piatr\u0103 Iepure<\/strong>, <strong>piatra Pui<\/strong>, <strong>piatra Con<\/strong> \u00eenainte de a ne \u00eencepe drumul \u00eenapoi spre Bahariya. V\u0103 bucura\u021bi de pr\u00e2nzul g\u0103tit acas\u0103 \u00eenainte de a \u00eencepe drumul \u00eenapoi spre Cairo \u0219i de a conduce spre <strong>Hurghada<\/strong>.<\/p>\n<p><strong>Mese:<\/strong> Mic dejun, Pr\u00e2nz<\/p>\n<h3><span style=\"color: #ff6600;\">Pre\u021b Tur 3 Zile Cairo \u0219i Oaza Bahariya din Hurghada<\/span><\/h3>\n<ul>\n<li>Pre\u021b Adult = 500 \u20ac<\/li>\n<li>Copii 0-5 ani = gratuit<\/li>\n<li>Copii 5-11 ani = 50% din pre\u021bul adultului<\/li>\n<\/ul>\n<h3><span style=\"color: #ff6600;\">Rezervare<\/span><\/h3>\n<p>Pute\u021bi <strong>rezerva turul<\/strong> dumneavoastr\u0103 prin WhatsApp sau ne pute\u021bi trimite un e-mail \u0219i ve\u021bi primi confirmarea pe loc.<\/p>\n<p>V\u0103 rug\u0103m s\u0103 ne trimite\u021bi numele hotelului, num\u0103rul camerei, copiile pa\u0219apoartelor.<\/p>\n<p>WhatsApp: +201000852186<\/p>\n<p>info@egytourpackages.com<\/p>\n<h3><span style=\"color: #ff6600;\">Rezerva\u021bi Acum \u0219i Pl\u0103ti\u021bi la Fa\u021ba Locului<\/span><\/h3>\n<p>Rezerva\u021bi turul dumneavoastr\u0103 preferat \u0219i pl\u0103ti\u021bi \u00een ziua excursiei.<\/p>\n<h3><span style=\"color: #ff6600;\">Plat\u0103<\/span><\/h3>\n<p>Pute\u021bi pl\u0103ti \u00een lire egiptene, $, \u20ac\u200e sau \u00a3.<\/p>\n<h3><span style=\"color: #ff6600;\">Politica de Anulare<\/span><\/h3>\n<p>Anularea este gratuit\u0103 cu p\u00e2n\u0103 la 24 de ore \u00een avans. Anularea \u00een diminea\u021ba zilei respective este 50% din pre\u021b.<\/p>\n","protected":false},"excerpt":{"rendered":"<p>Tur 3 Zile Cairo \u0219i Oaza Bahariya din Hurghada | Explora\u021bi atrac\u021biile Cairo (Muzeul Egiptean, Piramidele Giza) \u0219i Oaza Bahariya \u00een 3 zile.<\/p>\n","protected":false},"featured_media":9544,"comment_status":"open","ping_status":"closed","template":"","meta":[],"product_brand":[],"product_cat":[3120],"product_tag":[3198,3251,3205,3194],"class_list":{"0":"post-9543","1":"product","2":"type-product","3":"status-publish","4":"has-post-thumbnail","6":"product_cat-tururi","7":"product_tag-hurghada-ro","8":"product_tag-marele-muzeu-egiptean","9":"product_tag-oaza-bahariya-ro","10":"product_tag-piramidele-din-giza","11":"tour_category-excursii-de-o-zi-in-egipt-ro","12":"tour_category-excursii-hurghada-ro","13":"tour_category-pachete-sejur-egipt-3-zile","15":"first","16":"instock","17":"sale","18":"shipping-taxable","19":"purchasable","20":"product-type-tour","21":"has-default-attributes"},"yoast_head":"<!-- This site is optimized with the Yoast SEO Premium plugin v27.4 (Yoast SEO v27.4) - https:\/\/yoast.com\/product\/yoast-seo-premium-wordpress\/ -->\n<title>Tur 3 Zile Cairo \u0219i Oaza Bahariya din Hurghada<\/title>\n<meta name=\"description\" content=\"Alege Tur 3 Zile Cairo \u0219i Oaza Bahariya din Hurghada. Vezi Piramidele Giza \u0219i De\u0219ertul Alb! Safari privat. Rezerv\u0103 acum!\" \/>\n<meta name=\"robots\" content=\"index, follow, max-snippet:-1, max-image-preview:large, max-video-preview:-1\" \/>\n<link rel=\"canonical\" href=\"https:\/\/egytourpackages.com\/ro\/tours\/tur-3-zile-cairo-si-oaza-bahariya-din-hurghada\/\" \/>\n<meta property=\"og:locale\" content=\"ro_RO\" \/>\n<meta property=\"og:type\" content=\"article\" \/>\n<meta property=\"og:title\" content=\"Tur 3 Zile Cairo \u0219i Oaza Bahariya din Hurghada\" \/>\n<meta property=\"og:description\" content=\"Alege Tur 3 Zile Cairo \u0219i Oaza Bahariya din Hurghada. Vezi Piramidele Giza \u0219i De\u0219ertul Alb! Safari privat. Rezerv\u0103 acum!\" \/>\n<meta property=\"og:url\" content=\"https:\/\/egytourpackages.com\/ro\/tours\/tur-3-zile-cairo-si-oaza-bahariya-din-hurghada\/\" \/>\n<meta property=\"og:site_name\" content=\"Egypt Tour Packages\" \/>\n<meta property=\"article:publisher\" content=\"https:\/\/www.facebook.com\/egytourpackages\" \/>\n<meta property=\"article:modified_time\" content=\"2026-01-27T00:57:32+00:00\" \/>\n<meta property=\"og:image\" content=\"https:\/\/egytourpackages.com\/wp-content\/uploads\/2023\/09\/Camping-site-white-desert.jpg\" \/>\n\t<meta property=\"og:image:width\" content=\"2000\" \/>\n\t<meta property=\"og:image:height\" content=\"1500\" \/>\n\t<meta property=\"og:image:type\" content=\"image\/jpeg\" \/>\n<meta name=\"twitter:card\" content=\"summary_large_image\" \/>\n<meta name=\"twitter:title\" content=\"Tur 3 Zile Cairo \u0219i Oaza Bahariya din Hurghada\" \/>\n<meta name=\"twitter:description\" content=\"Alege Tur 3 Zile Cairo \u0219i Oaza Bahariya din Hurghada. Vezi Piramidele Giza \u0219i De\u0219ertul Alb! Safari privat. Rezerv\u0103 acum!\" \/>\n<meta name=\"twitter:label1\" content=\"Pre\u021b\" \/>\n\t<meta name=\"twitter:data1\" content=\"&euro;490\" \/>\n\t<meta name=\"twitter:label2\" content=\"Disponibilitate\" \/>\n\t<meta name=\"twitter:data2\" content=\"\u00cen stoc\" \/>\n<script type=\"application\/ld+json\" class=\"yoast-schema-graph\">{\"@context\":\"https:\\\/\\\/schema.org\",\"@graph\":[{\"@type\":\"WebPage\",\"@id\":\"https:\\\/\\\/egytourpackages.com\\\/ro\\\/tours\\\/tur-3-zile-cairo-si-oaza-bahariya-din-hurghada\\\/\",\"url\":\"https:\\\/\\\/egytourpackages.com\\\/ro\\\/tours\\\/tur-3-zile-cairo-si-oaza-bahariya-din-hurghada\\\/\",\"name\":\"Tur 3 Zile Cairo \u0219i Oaza Bahariya din Hurghada\",\"isPartOf\":{\"@id\":\"https:\\\/\\\/egytourpackages.com\\\/ro\\\/#website\"},\"primaryImageOfPage\":{\"@id\":\"https:\\\/\\\/egytourpackages.com\\\/ro\\\/tours\\\/tur-3-zile-cairo-si-oaza-bahariya-din-hurghada\\\/#primaryimage\"},\"image\":{\"@id\":\"https:\\\/\\\/egytourpackages.com\\\/ro\\\/tours\\\/tur-3-zile-cairo-si-oaza-bahariya-din-hurghada\\\/#primaryimage\"},\"thumbnailUrl\":\"https:\\\/\\\/egytourpackages.com\\\/wp-content\\\/uploads\\\/2023\\\/09\\\/Camping-site-white-desert.jpg\",\"datePublished\":\"2023-09-30T17:58:24+00:00\",\"dateModified\":\"2026-01-27T00:57:32+00:00\",\"description\":\"Alege Tur 3 Zile Cairo \u0219i Oaza Bahariya din Hurghada. Vezi Piramidele Giza \u0219i De\u0219ertul Alb! Safari privat. Rezerv\u0103 acum!\",\"breadcrumb\":{\"@id\":\"https:\\\/\\\/egytourpackages.com\\\/ro\\\/tours\\\/tur-3-zile-cairo-si-oaza-bahariya-din-hurghada\\\/#breadcrumb\"},\"inLanguage\":\"ro-RO\",\"potentialAction\":[{\"@type\":\"ReadAction\",\"target\":[\"https:\\\/\\\/egytourpackages.com\\\/ro\\\/tours\\\/tur-3-zile-cairo-si-oaza-bahariya-din-hurghada\\\/\"]}]},{\"@type\":\"ImageObject\",\"inLanguage\":\"ro-RO\",\"@id\":\"https:\\\/\\\/egytourpackages.com\\\/ro\\\/tours\\\/tur-3-zile-cairo-si-oaza-bahariya-din-hurghada\\\/#primaryimage\",\"url\":\"https:\\\/\\\/egytourpackages.com\\\/wp-content\\\/uploads\\\/2023\\\/09\\\/Camping-site-white-desert.jpg\",\"contentUrl\":\"https:\\\/\\\/egytourpackages.com\\\/wp-content\\\/uploads\\\/2023\\\/09\\\/Camping-site-white-desert.jpg\",\"width\":2000,\"height\":1500,\"caption\":\"Tur 3 Zile Cairo \u0219i Oaza Bahariya din Hurghada\"},{\"@type\":\"BreadcrumbList\",\"@id\":\"https:\\\/\\\/egytourpackages.com\\\/ro\\\/tours\\\/tur-3-zile-cairo-si-oaza-bahariya-din-hurghada\\\/#breadcrumb\",\"itemListElement\":[{\"@type\":\"ListItem\",\"position\":1,\"name\":\"Home\",\"item\":\"https:\\\/\\\/egytourpackages.com\\\/ro\\\/\"},{\"@type\":\"ListItem\",\"position\":2,\"name\":\"Shop\",\"item\":\"https:\\\/\\\/egytourpackages.com\\\/shop\\\/\"},{\"@type\":\"ListItem\",\"position\":3,\"name\":\"Tur 3 Zile Cairo \u0219i Oaza Bahariya din Hurghada\"}]},{\"@type\":\"WebSite\",\"@id\":\"https:\\\/\\\/egytourpackages.com\\\/ro\\\/#website\",\"url\":\"https:\\\/\\\/egytourpackages.com\\\/ro\\\/\",\"name\":\"Egy tour packages\",\"description\":\"\",\"publisher\":{\"@id\":\"https:\\\/\\\/egytourpackages.com\\\/ro\\\/#organization\"},\"potentialAction\":[{\"@type\":\"SearchAction\",\"target\":{\"@type\":\"EntryPoint\",\"urlTemplate\":\"https:\\\/\\\/egytourpackages.com\\\/ro\\\/?s={search_term_string}\"},\"query-input\":{\"@type\":\"PropertyValueSpecification\",\"valueRequired\":true,\"valueName\":\"search_term_string\"}}],\"inLanguage\":\"ro-RO\"},{\"@type\":[\"Organization\",\"Place\",\"TravelAgency\"],\"@id\":\"https:\\\/\\\/egytourpackages.com\\\/ro\\\/#organization\",\"name\":\"egypt tour packages\",\"alternateName\":\"egypt tour packages\",\"url\":\"https:\\\/\\\/egytourpackages.com\\\/ro\\\/\",\"logo\":{\"@id\":\"https:\\\/\\\/egytourpackages.com\\\/ro\\\/tours\\\/tur-3-zile-cairo-si-oaza-bahariya-din-hurghada\\\/#local-main-organization-logo\"},\"image\":{\"@id\":\"https:\\\/\\\/egytourpackages.com\\\/ro\\\/tours\\\/tur-3-zile-cairo-si-oaza-bahariya-din-hurghada\\\/#local-main-organization-logo\"},\"sameAs\":[\"https:\\\/\\\/www.facebook.com\\\/egytourpackages\"],\"legalName\":\"Egy tour packages\",\"address\":{\"@id\":\"https:\\\/\\\/egytourpackages.com\\\/ro\\\/tours\\\/tur-3-zile-cairo-si-oaza-bahariya-din-hurghada\\\/#local-main-place-address\"},\"telephone\":[\"00201000852186\",\"00201028685533\"],\"contactPoint\":{\"@type\":\"ContactPoint\",\"telephone\":\"00201000852186\"},\"openingHoursSpecification\":[{\"@type\":\"OpeningHoursSpecification\",\"dayOfWeek\":[\"Monday\",\"Tuesday\",\"Wednesday\",\"Thursday\",\"Friday\",\"Saturday\",\"Sunday\"],\"opens\":\"00:00\",\"closes\":\"23:59\"}],\"email\":\"info@egytourpackages.com\",\"areaServed\":\"Cairo, Hurghada, Luxor, Sharm El Sheikh, Marsa Alam, Aswan\",\"priceRange\":\"$\",\"currenciesAccepted\":\"euro\",\"paymentAccepted\":\"Payment links online\"},{\"@type\":\"PostalAddress\",\"@id\":\"https:\\\/\\\/egytourpackages.com\\\/ro\\\/tours\\\/tur-3-zile-cairo-si-oaza-bahariya-din-hurghada\\\/#local-main-place-address\",\"streetAddress\":\"Mubarak 8, Al Kawthar District, Hurghada\",\"addressLocality\":\"Hurghada\",\"postalCode\":\"84511\",\"addressRegion\":\"Red Sea\",\"addressCountry\":\"EG\"},{\"@type\":\"ImageObject\",\"inLanguage\":\"ro-RO\",\"@id\":\"https:\\\/\\\/egytourpackages.com\\\/ro\\\/tours\\\/tur-3-zile-cairo-si-oaza-bahariya-din-hurghada\\\/#local-main-organization-logo\",\"url\":\"https:\\\/\\\/egytourpackages.com\\\/wp-content\\\/uploads\\\/2025\\\/12\\\/Turquoise-Dahabiya-Nile-Cruise-1.jpeg\",\"contentUrl\":\"https:\\\/\\\/egytourpackages.com\\\/wp-content\\\/uploads\\\/2025\\\/12\\\/Turquoise-Dahabiya-Nile-Cruise-1.jpeg\",\"width\":1040,\"height\":694,\"caption\":\"egypt tour packages\"}]}<\/script>\n<meta property=\"product:brand\" content=\"Excursii de o zi \u00een Egipt\" \/>\n<meta property=\"product:price:amount\" content=\"490\" \/>\n<meta property=\"product:price:currency\" content=\"EUR\" \/>\n<meta property=\"og:availability\" content=\"instock\" \/>\n<meta property=\"product:availability\" content=\"instock\" \/>\n<meta property=\"product:retailer_item_id\" content=\"HDT05\" \/>\n<meta property=\"product:condition\" content=\"new\" \/>\n<meta name=\"geo.placename\" content=\"Hurghada\" \/>\n<meta name=\"geo.region\" content=\"Egipt\" \/>\n<!-- \/ Yoast SEO Premium plugin. -->","yoast_head_json":{"title":"Tur 3 Zile Cairo \u0219i Oaza Bahariya din Hurghada","description":"Alege Tur 3 Zile Cairo \u0219i Oaza Bahariya din Hurghada. Vezi Piramidele Giza \u0219i De\u0219ertul Alb! Safari privat. Rezerv\u0103 acum!","robots":{"index":"index","follow":"follow","max-snippet":"max-snippet:-1","max-image-preview":"max-image-preview:large","max-video-preview":"max-video-preview:-1"},"canonical":"https:\/\/egytourpackages.com\/ro\/tours\/tur-3-zile-cairo-si-oaza-bahariya-din-hurghada\/","og_locale":"ro_RO","og_type":"article","og_title":"Tur 3 Zile Cairo \u0219i Oaza Bahariya din Hurghada","og_description":"Alege Tur 3 Zile Cairo \u0219i Oaza Bahariya din Hurghada. Vezi Piramidele Giza \u0219i De\u0219ertul Alb! Safari privat. Rezerv\u0103 acum!","og_url":"https:\/\/egytourpackages.com\/ro\/tours\/tur-3-zile-cairo-si-oaza-bahariya-din-hurghada\/","og_site_name":"Egypt Tour Packages","article_publisher":"https:\/\/www.facebook.com\/egytourpackages","article_modified_time":"2026-01-27T00:57:32+00:00","og_image":[{"width":2000,"height":1500,"url":"https:\/\/egytourpackages.com\/wp-content\/uploads\/2023\/09\/Camping-site-white-desert.jpg","type":"image\/jpeg"}],"twitter_card":"summary_large_image","twitter_title":"Tur 3 Zile Cairo \u0219i Oaza Bahariya din Hurghada","twitter_description":"Alege Tur 3 Zile Cairo \u0219i Oaza Bahariya din Hurghada. Vezi Piramidele Giza \u0219i De\u0219ertul Alb! Safari privat. Rezerv\u0103 acum!","twitter_misc":{"Pre\u021b":"&euro;490","Disponibilitate":"\u00cen stoc"},"schema":{"@context":"https:\/\/schema.org","@graph":[{"@type":"WebPage","@id":"https:\/\/egytourpackages.com\/ro\/tours\/tur-3-zile-cairo-si-oaza-bahariya-din-hurghada\/","url":"https:\/\/egytourpackages.com\/ro\/tours\/tur-3-zile-cairo-si-oaza-bahariya-din-hurghada\/","name":"Tur 3 Zile Cairo \u0219i Oaza Bahariya din Hurghada","isPartOf":{"@id":"https:\/\/egytourpackages.com\/ro\/#website"},"primaryImageOfPage":{"@id":"https:\/\/egytourpackages.com\/ro\/tours\/tur-3-zile-cairo-si-oaza-bahariya-din-hurghada\/#primaryimage"},"image":{"@id":"https:\/\/egytourpackages.com\/ro\/tours\/tur-3-zile-cairo-si-oaza-bahariya-din-hurghada\/#primaryimage"},"thumbnailUrl":"https:\/\/egytourpackages.com\/wp-content\/uploads\/2023\/09\/Camping-site-white-desert.jpg","datePublished":"2023-09-30T17:58:24+00:00","dateModified":"2026-01-27T00:57:32+00:00","description":"Alege Tur 3 Zile Cairo \u0219i Oaza Bahariya din Hurghada. Vezi Piramidele Giza \u0219i De\u0219ertul Alb! Safari privat. Rezerv\u0103 acum!","breadcrumb":{"@id":"https:\/\/egytourpackages.com\/ro\/tours\/tur-3-zile-cairo-si-oaza-bahariya-din-hurghada\/#breadcrumb"},"inLanguage":"ro-RO","potentialAction":[{"@type":"ReadAction","target":["https:\/\/egytourpackages.com\/ro\/tours\/tur-3-zile-cairo-si-oaza-bahariya-din-hurghada\/"]}]},{"@type":"ImageObject","inLanguage":"ro-RO","@id":"https:\/\/egytourpackages.com\/ro\/tours\/tur-3-zile-cairo-si-oaza-bahariya-din-hurghada\/#primaryimage","url":"https:\/\/egytourpackages.com\/wp-content\/uploads\/2023\/09\/Camping-site-white-desert.jpg","contentUrl":"https:\/\/egytourpackages.com\/wp-content\/uploads\/2023\/09\/Camping-site-white-desert.jpg","width":2000,"height":1500,"caption":"Tur 3 Zile Cairo \u0219i Oaza Bahariya din Hurghada"},{"@type":"BreadcrumbList","@id":"https:\/\/egytourpackages.com\/ro\/tours\/tur-3-zile-cairo-si-oaza-bahariya-din-hurghada\/#breadcrumb","itemListElement":[{"@type":"ListItem","position":1,"name":"Home","item":"https:\/\/egytourpackages.com\/ro\/"},{"@type":"ListItem","position":2,"name":"Shop","item":"https:\/\/egytourpackages.com\/shop\/"},{"@type":"ListItem","position":3,"name":"Tur 3 Zile Cairo \u0219i Oaza Bahariya din Hurghada"}]},{"@type":"WebSite","@id":"https:\/\/egytourpackages.com\/ro\/#website","url":"https:\/\/egytourpackages.com\/ro\/","name":"Egy tour packages","description":"","publisher":{"@id":"https:\/\/egytourpackages.com\/ro\/#organization"},"potentialAction":[{"@type":"SearchAction","target":{"@type":"EntryPoint","urlTemplate":"https:\/\/egytourpackages.com\/ro\/?s={search_term_string}"},"query-input":{"@type":"PropertyValueSpecification","valueRequired":true,"valueName":"search_term_string"}}],"inLanguage":"ro-RO"},{"@type":["Organization","Place","TravelAgency"],"@id":"https:\/\/egytourpackages.com\/ro\/#organization","name":"egypt tour packages","alternateName":"egypt tour packages","url":"https:\/\/egytourpackages.com\/ro\/","logo":{"@id":"https:\/\/egytourpackages.com\/ro\/tours\/tur-3-zile-cairo-si-oaza-bahariya-din-hurghada\/#local-main-organization-logo"},"image":{"@id":"https:\/\/egytourpackages.com\/ro\/tours\/tur-3-zile-cairo-si-oaza-bahariya-din-hurghada\/#local-main-organization-logo"},"sameAs":["https:\/\/www.facebook.com\/egytourpackages"],"legalName":"Egy tour packages","address":{"@id":"https:\/\/egytourpackages.com\/ro\/tours\/tur-3-zile-cairo-si-oaza-bahariya-din-hurghada\/#local-main-place-address"},"telephone":["00201000852186","00201028685533"],"contactPoint":{"@type":"ContactPoint","telephone":"00201000852186"},"openingHoursSpecification":[{"@type":"OpeningHoursSpecification","dayOfWeek":["Monday","Tuesday","Wednesday","Thursday","Friday","Saturday","Sunday"],"opens":"00:00","closes":"23:59"}],"email":"info@egytourpackages.com","areaServed":"Cairo, Hurghada, Luxor, Sharm El Sheikh, Marsa Alam, Aswan","priceRange":"$","currenciesAccepted":"euro","paymentAccepted":"Payment links online"},{"@type":"PostalAddress","@id":"https:\/\/egytourpackages.com\/ro\/tours\/tur-3-zile-cairo-si-oaza-bahariya-din-hurghada\/#local-main-place-address","streetAddress":"Mubarak 8, Al Kawthar District, Hurghada","addressLocality":"Hurghada","postalCode":"84511","addressRegion":"Red Sea","addressCountry":"EG"},{"@type":"ImageObject","inLanguage":"ro-RO","@id":"https:\/\/egytourpackages.com\/ro\/tours\/tur-3-zile-cairo-si-oaza-bahariya-din-hurghada\/#local-main-organization-logo","url":"https:\/\/egytourpackages.com\/wp-content\/uploads\/2025\/12\/Turquoise-Dahabiya-Nile-Cruise-1.jpeg","contentUrl":"https:\/\/egytourpackages.com\/wp-content\/uploads\/2025\/12\/Turquoise-Dahabiya-Nile-Cruise-1.jpeg","width":1040,"height":694,"caption":"egypt tour packages"}]},"product_brand":"Excursii de o zi \u00een Egipt","product_price_amount":"490","product_price_currency":"EUR","og_availability":"instock","product_availability":"instock","product_retailer_item_id":"HDT05","product_condition":"new","geo.placename":"Hurghada","geo.region":"Egipt"},"_links":{"self":[{"href":"https:\/\/egytourpackages.com\/ro\/wp-json\/wp\/v2\/product\/9543","targetHints":{"allow":["GET"]}}],"collection":[{"href":"https:\/\/egytourpackages.com\/ro\/wp-json\/wp\/v2\/product"}],"about":[{"href":"https:\/\/egytourpackages.com\/ro\/wp-json\/wp\/v2\/types\/product"}],"replies":[{"embeddable":true,"href":"https:\/\/egytourpackages.com\/ro\/wp-json\/wp\/v2\/comments?post=9543"}],"wp:featuredmedia":[{"embeddable":true,"href":"https:\/\/egytourpackages.com\/ro\/wp-json\/wp\/v2\/media\/9544"}],"wp:attachment":[{"href":"https:\/\/egytourpackages.com\/ro\/wp-json\/wp\/v2\/media?parent=9543"}],"wp:term":[{"taxonomy":"product_brand","embeddable":true,"href":"https:\/\/egytourpackages.com\/ro\/wp-json\/wp\/v2\/product_brand?post=9543"},{"taxonomy":"product_cat","embeddable":true,"href":"https:\/\/egytourpackages.com\/ro\/wp-json\/wp\/v2\/product_cat?post=9543"},{"taxonomy":"product_tag","embeddable":true,"href":"https:\/\/egytourpackages.com\/ro\/wp-json\/wp\/v2\/product_tag?post=9543"}],"curies":[{"name":"wp","href":"https:\/\/api.w.org\/{rel}","templated":true}]}}